{"id":25595,"date":"2020-10-11T06:25:25","date_gmt":"2020-10-30T15:40:33","guid":{"rendered":"https:\/\/landioustravel.com\/?post_type=product&#038;p=25595"},"modified":"2024-05-30T09:29:45","modified_gmt":"2024-05-30T06:29:45","slug":"safari-buggy-sharm-sheikh","status":"publish","type":"product","link":"https:\/\/landioustravel.com\/fr\/shop\/safari-buggy-sharm-sheikh\/","title":{"rendered":"Safari en buggy \u00e0 Sharm El Sheikh"},"content":{"rendered":"<p>C&#8217;est un voyage tr\u00e8s actif pour la conduite en buggy \u00e0 <a href=\"https:\/\/landioustravel.com\/fr\/ville-sharm-el-sheikh\/\">Sharm El Sheikh<\/a>, en Egypte! Ce sera vraiment une fa\u00e7on fantastique de vivre cette aventure passionnante. Nous recommandons l&#8217;excursion \u00abDune Buggy Safari \u00e0 Sharm El Sheikh\u00bb pour plusieurs raisons. Il est vrai que ce voyage permet aux touristes de passer un bon moment en buggy sur une longue distance dans le d\u00e9sert, d\u00e9couvrir le charme de la nature et conna\u00eetre la culture des B\u00e9douins. Vraiment, c&#8217;est l&#8217;un des meilleurs safaris \u00e0 Charm el-Cheikh!<\/p>\n<h2>Principaux points du programme d&#8217;excursions pour la conduite en buggy<\/h2>\n<ul>\n<li>Balade en buggy sur une distance de 50 km dans le d\u00e9sert<\/li>\n<li>Balade \u00e0 dos de chameau<\/li>\n<li>Aussi, boire du th\u00e9 dans la tente b\u00e9douine<\/li>\n<\/ul>\n<h3>Programme Dune Buggy Safari \u00e0 Sharm El Sheikh<\/h3>\n<ul>\n<li>Le repr\u00e9sentant de Landious Travel vient vous chercher \u00e0 l&#8217;h\u00f4tel, \u00e0 Sharm El Sheikh, vers 8h00 du matin<\/li>\n<li>Apr\u00e8s avoir r\u00e9cup\u00e9r\u00e9 tous les arrivants, notre minibus \/ Jeep se dirige vers le d\u00e9sert, o\u00f9 se trouve une base de buggy. Heureusement, le trajet vers la base prend environ 30 minutes<\/li>\n<li>Au d\u00e9but, vous devrez vous pr\u00e9parer \u00e0 plier un foulard sur votre t\u00eate, \u00e0 mettre un casque et \u00e0 porter des lunettes de soleil<\/li>\n<li>Ensuite, nos instructeurs professionnels vous donneront des instructions et une courte formation sur la fa\u00e7on de conduire en toute s\u00e9curit\u00e9<\/li>\n<li>Ensuite, vous commencez votre aventure juste \u00e0 travers le d\u00e9sert en conduisant, \u00e0 environ 25 km du village b\u00e9douin<\/li>\n<li>D\u00e8s votre arriv\u00e9e dans le village b\u00e9douin, vous partirez \u00e0 dos de chameau et prendrez des photos avec les b\u00e9douins<\/li>\n<li>Apr\u00e8s la balade \u00e0 dos de chameau, le guide vous accompagne jusqu&#8217;\u00e0 la tente b\u00e9douine. L\u00e0, vous buvez du th\u00e9 et posez \u00e0 votre guide les questions auxquelles vous devez r\u00e9pondre<\/li>\n<li>Une fois de plus, vous vous appr\u00eatez \u00e0 parcourir 25 km jusqu&#8217;\u00e0 la base. Normalement, ce voyage, en safari en buggy, prend trois heures<\/li>\n<li>\u00c0 la fin de cette activit\u00e9 int\u00e9ressante, vous aurez un briefing sur CD d&#8217;images. Bien s\u00fbr, ce sera quelque chose de facultatif d&#8217;acheter un souvenir pour cette belle aventure<\/li>\n<li>Enfin, nous vous raccompagnons \u00e0 vos h\u00f4tels<\/li>\n<li>Ce \u00absafari en buggy dans les dunes \u00e0 Sharm El Sheikh\u00bb se termine vers midi<\/li>\n<\/ul>\n<h4>Ce qui est inclus dans le prix du voyage<\/h4>\n<ul>\n<li>Transfert dans le d\u00e9sert et retour \u00e0 l&#8217;h\u00f4tel<\/li>\n<\/ul>\n<h5>Ce qui n&#8217;est pas inclus dans le prix du voyage<\/h5>\n<ul>\n<li>DVD vid\u00e9o<\/li>\n<li>Aussi, CD photo<\/li>\n<\/ul>\n<h6>Quoi emporter pour le safari en buggy<\/h6>\n<ul>\n<li>\u00c9charpe<\/li>\n<li>Aussi, lunettes de soleil<\/li>\n<\/ul>\n<h6>Organisation de jours d&#8217;excursion<\/h6>\n<ul>\n<li>Tous les jours de 8h00 \u00e0 midi<\/li>\n<\/ul>\n","protected":false},"excerpt":{"rendered":"<p>Pr\u00e9parez-vous pour une aventure inoubliable avec notre &#8220;Buggy Safari \u00e0 Sharm El Sheikh&#8221; ! Bouclez votre ceinture et acc\u00e9l\u00e9rez \u00e0 travers les majestueuses dunes de sable du d\u00e9sert \u00e9gyptien tout en vous immergeant dans ses merveilles naturelles enchanteresses et en rencontrant l&#8217;incroyable peuple b\u00e9douin. Ce voyage passionnant est \u00e0 ne pas manquer, et la meilleure partie ? Votre transfert est inclus dans le prix !<\/p>\n<p>Nos buggys des dunes de sable sont le v\u00e9hicule id\u00e9al pour d\u00e9couvrir les joyaux cach\u00e9s du d\u00e9sert. Plus rapides et plus s\u00fbrs qu&#8217;un quad, nos buggys sont livr\u00e9s avec 2 places pour vous et votre personne pr\u00e9f\u00e9r\u00e9e, ou choisissez notre Family Buggy avec 4 places ! Pendant 2 heures, vous explorerez la vaste beaut\u00e9 du d\u00e9sert et vous vous arr\u00eaterez dans un village b\u00e9douin pour une tasse de th\u00e9 rafra\u00eechissante.<\/p>\n<p>Votre voyage commence par une prise en charge \u00e0 votre h\u00f4tel de Sharm El Sheikh et, en 20 minutes, vous arriverez \u00e0 notre station Buggy. Nos guides exp\u00e9riment\u00e9s vous donneront des instructions sur la fa\u00e7on d&#8217;utiliser le Buggy, puis c&#8217;est parti\u00a0! Vous traverserez le d\u00e9sert \u00e0 une vitesse s\u00fbre, en suivant l&#8217;exemple de notre accompagnateur. N&#8217;oubliez pas de porter un foulard pour vous prot\u00e9ger de la poussi\u00e8re et du sable &#8211; notre guide vous montrera comment le nouer correctement.<\/p>\n<p>Au fur et \u00e0 mesure que nous conduisons, vous ressentirez l&#8217;excitation de l&#8217;aventure et vous ferez un arr\u00eat aux tentes b\u00e9douines. Ici, on vous offrira gratuitement du th\u00e9 b\u00e9douin fait avec &#8220;Habak&#8221; &#8211; un incontournable !<\/p>\n<p>\u00c0 la fin de la visite, vous serez ramen\u00e9 \u00e0 votre h\u00f4tel. Et si vous voulez en savoir plus, nous vous offrons la possibilit\u00e9 de monter \u00e0 dos de chameau ou de profiter d&#8217;un d\u00eener b\u00e9douin avec un spectacle moyennant un suppl\u00e9ment. Ne manquez pas cette incroyable aventure ! Contactez-nous pour plus d&#8217;informations.<\/p>\n","protected":false},"featured_media":45716,"comment_status":"open","ping_status":"closed","template":"","meta":{"_coblocks_attr":"","_coblocks_dimensions":"","_coblocks_responsive_height":"","_coblocks_accordion_ie_support":"","_uag_custom_page_level_css":"","jetpack_post_was_ever_published":false,"jetpack_publicize_message":"","jetpack_publicize_feature_enabled":true,"jetpack_social_post_already_shared":true,"jetpack_social_options":{"image_generator_settings":{"template":"highway","default_image_id":0,"font":"","enabled":false},"version":2},"_wpas_customize_per_network":false},"product_brand":[],"product_cat":[1558,19124],"product_tag":[1651,1578,1583,1574],"class_list":{"0":"post-25595","1":"product","2":"type-product","3":"status-publish","4":"has-post-thumbnail","6":"product_cat-excursions-charm-el-cheikh","7":"product_cat-safari-tours-charm-el-cheikh","8":"product_tag-charm-el-cheikh","9":"product_tag-excursion-fr","10":"product_tag-safari-fr","11":"product_tag-safari-dans-desert","13":"first","14":"instock","15":"sale","16":"taxable","17":"shipping-taxable","18":"purchasable","19":"product-type-variable"},"yoast_head":"<!-- This site is optimized with the Yoast SEO Premium plugin v26.9 (Yoast SEO v27.3) - https:\/\/yoast.com\/product\/yoast-seo-premium-wordpress\/ -->\n<title>Safari en buggy \u00e0 Sharm El Sheikh<\/title>\n<meta name=\"description\" content=\"Safari en buggy \u00e0 Sharm El Sheikh vous pourrez profiter du d\u00e9sert en conduisant sur les dunes de sable! Le voyage vous permet de vous familiariser avec la\" \/>\n<meta name=\"robots\" content=\"index, follow, max-snippet:-1, max-image-preview:large, max-video-preview:-1\" \/>\n<link rel=\"canonical\" href=\"https:\/\/landioustravel.com\/fr\/shop\/safari-buggy-sharm-sheikh\/\" \/>\n<meta property=\"og:locale\" content=\"fr_FR\" \/>\n<meta property=\"og:type\" content=\"article\" \/>\n<meta property=\"og:title\" content=\"Safari en buggy \u00e0 Sharm El Sheikh\" \/>\n<meta property=\"og:description\" content=\"Landious Travel\" \/>\n<meta property=\"og:url\" content=\"https:\/\/landioustravel.com\/fr\/shop\/safari-buggy-sharm-sheikh\/\" \/>\n<meta property=\"og:site_name\" content=\"Landious Travel\" \/>\n<meta property=\"article:publisher\" content=\"https:\/\/web.facebook.com\/landiousEgypt\" \/>\n<meta property=\"article:modified_time\" content=\"2024-05-30T06:29:45+00:00\" \/>\n<meta property=\"og:image\" content=\"https:\/\/i0.wp.com\/landioustravel.com\/wp-content\/uploads\/2020\/10\/Dune-Buggy-Safari-Sharm-El-Sheikh-e1617558120166.jpg?fit=1200%2C675&ssl=1\" \/>\n\t<meta property=\"og:image:width\" content=\"1200\" \/>\n\t<meta property=\"og:image:height\" content=\"675\" \/>\n\t<meta property=\"og:image:type\" content=\"image\/jpeg\" \/>\n<meta name=\"twitter:card\" content=\"summary_large_image\" \/>\n<meta name=\"twitter:site\" content=\"@LandiousTours\" \/>\n<meta name=\"twitter:label1\" content=\"Dur\u00e9e de lecture estim\u00e9e\" \/>\n\t<meta name=\"twitter:data1\" content=\"2 minutes\" \/>\n<script type=\"application\/ld+json\" class=\"yoast-schema-graph\">{\"@context\":\"https:\\\/\\\/schema.org\",\"@graph\":[{\"@type\":\"WebPage\",\"@id\":\"https:\\\/\\\/landioustravel.com\\\/fr\\\/shop\\\/safari-buggy-sharm-sheikh\\\/\",\"url\":\"https:\\\/\\\/landioustravel.com\\\/fr\\\/shop\\\/safari-buggy-sharm-sheikh\\\/\",\"name\":\"Safari en buggy \u00e0 Sharm El Sheikh\",\"isPartOf\":{\"@id\":\"https:\\\/\\\/landioustravel.com\\\/fr\\\/#website\"},\"primaryImageOfPage\":{\"@id\":\"https:\\\/\\\/landioustravel.com\\\/fr\\\/shop\\\/safari-buggy-sharm-sheikh\\\/#primaryimage\"},\"image\":{\"@id\":\"https:\\\/\\\/landioustravel.com\\\/fr\\\/shop\\\/safari-buggy-sharm-sheikh\\\/#primaryimage\"},\"thumbnailUrl\":\"https:\\\/\\\/i0.wp.com\\\/landioustravel.com\\\/wp-content\\\/uploads\\\/2020\\\/10\\\/Dune-Buggy-Safari-Sharm-El-Sheikh-e1617558120166.jpg?fit=1200%2C675&ssl=1\",\"datePublished\":\"2020-10-30T15:40:33+00:00\",\"dateModified\":\"2024-05-30T06:29:45+00:00\",\"description\":\"Safari en buggy \u00e0 Sharm El Sheikh vous pourrez profiter du d\u00e9sert en conduisant sur les dunes de sable! Le voyage vous permet de vous familiariser avec la\",\"breadcrumb\":{\"@id\":\"https:\\\/\\\/landioustravel.com\\\/fr\\\/shop\\\/safari-buggy-sharm-sheikh\\\/#breadcrumb\"},\"inLanguage\":\"fr-FR\",\"potentialAction\":[{\"@type\":\"ReadAction\",\"target\":[\"https:\\\/\\\/landioustravel.com\\\/fr\\\/shop\\\/safari-buggy-sharm-sheikh\\\/\"]}]},{\"@type\":\"ImageObject\",\"inLanguage\":\"fr-FR\",\"@id\":\"https:\\\/\\\/landioustravel.com\\\/fr\\\/shop\\\/safari-buggy-sharm-sheikh\\\/#primaryimage\",\"url\":\"https:\\\/\\\/i0.wp.com\\\/landioustravel.com\\\/wp-content\\\/uploads\\\/2020\\\/10\\\/Dune-Buggy-Safari-Sharm-El-Sheikh-e1617558120166.jpg?fit=1200%2C675&ssl=1\",\"contentUrl\":\"https:\\\/\\\/i0.wp.com\\\/landioustravel.com\\\/wp-content\\\/uploads\\\/2020\\\/10\\\/Dune-Buggy-Safari-Sharm-El-Sheikh-e1617558120166.jpg?fit=1200%2C675&ssl=1\",\"width\":1200,\"height\":675,\"caption\":\"Dune Buggy Safari Sharm El Sheikh\"},{\"@type\":\"BreadcrumbList\",\"@id\":\"https:\\\/\\\/landioustravel.com\\\/fr\\\/shop\\\/safari-buggy-sharm-sheikh\\\/#breadcrumb\",\"itemListElement\":[{\"@type\":\"ListItem\",\"position\":1,\"name\":\"Home\",\"item\":\"https:\\\/\\\/landioustravel.com\\\/fr\\\/\"},{\"@type\":\"ListItem\",\"position\":2,\"name\":\"Prestations &amp; Visites\",\"item\":\"https:\\\/\\\/landioustravel.com\\\/fr\\\/\"},{\"@type\":\"ListItem\",\"position\":3,\"name\":\"Safari en buggy \u00e0 Sharm El Sheikh\"}]},{\"@type\":\"WebSite\",\"@id\":\"https:\\\/\\\/landioustravel.com\\\/fr\\\/#website\",\"url\":\"https:\\\/\\\/landioustravel.com\\\/fr\\\/\",\"name\":\"Landious Travel\",\"description\":\"Excursions, trips and cruises in Egypt\",\"publisher\":{\"@id\":\"https:\\\/\\\/landioustravel.com\\\/fr\\\/#organization\"},\"potentialAction\":[{\"@type\":\"SearchAction\",\"target\":{\"@type\":\"EntryPoint\",\"urlTemplate\":\"https:\\\/\\\/landioustravel.com\\\/fr\\\/?s={search_term_string}\"},\"query-input\":{\"@type\":\"PropertyValueSpecification\",\"valueRequired\":true,\"valueName\":\"search_term_string\"}}],\"inLanguage\":\"fr-FR\"},{\"@type\":[\"Organization\",\"Place\"],\"@id\":\"https:\\\/\\\/landioustravel.com\\\/fr\\\/#organization\",\"name\":\"Landious Travel\",\"alternateName\":\"Landious Travel\",\"url\":\"https:\\\/\\\/landioustravel.com\\\/fr\\\/\",\"logo\":{\"@id\":\"https:\\\/\\\/landioustravel.com\\\/fr\\\/shop\\\/safari-buggy-sharm-sheikh\\\/#local-main-organization-logo\"},\"image\":{\"@id\":\"https:\\\/\\\/landioustravel.com\\\/fr\\\/shop\\\/safari-buggy-sharm-sheikh\\\/#local-main-organization-logo\"},\"sameAs\":[\"https:\\\/\\\/web.facebook.com\\\/landiousEgypt\",\"https:\\\/\\\/x.com\\\/LandiousTours\",\"https:\\\/\\\/mastodon.social\\\/@landious\"],\"legalName\":\"Landious Travel\",\"telephone\":[],\"openingHoursSpecification\":[{\"@type\":\"OpeningHoursSpecification\",\"dayOfWeek\":[\"Monday\",\"Tuesday\",\"Wednesday\",\"Thursday\",\"Friday\",\"Saturday\",\"Sunday\"],\"opens\":\"09:00\",\"closes\":\"17:00\"}]},{\"@type\":\"ImageObject\",\"inLanguage\":\"fr-FR\",\"@id\":\"https:\\\/\\\/landioustravel.com\\\/fr\\\/shop\\\/safari-buggy-sharm-sheikh\\\/#local-main-organization-logo\",\"url\":\"https:\\\/\\\/i0.wp.com\\\/landioustravel.com\\\/wp-content\\\/uploads\\\/2021\\\/06\\\/Landious-T.png?fit=500%2C500&ssl=1\",\"contentUrl\":\"https:\\\/\\\/i0.wp.com\\\/landioustravel.com\\\/wp-content\\\/uploads\\\/2021\\\/06\\\/Landious-T.png?fit=500%2C500&ssl=1\",\"width\":500,\"height\":500,\"caption\":\"Landious Travel\"}]}<\/script>\n<!-- \/ Yoast SEO Premium plugin. -->","yoast_head_json":{"title":"Safari en buggy \u00e0 Sharm El Sheikh","description":"Safari en buggy \u00e0 Sharm El Sheikh vous pourrez profiter du d\u00e9sert en conduisant sur les dunes de sable! Le voyage vous permet de vous familiariser avec la","robots":{"index":"index","follow":"follow","max-snippet":"max-snippet:-1","max-image-preview":"max-image-preview:large","max-video-preview":"max-video-preview:-1"},"canonical":"https:\/\/landioustravel.com\/fr\/shop\/safari-buggy-sharm-sheikh\/","og_locale":"fr_FR","og_type":"article","og_title":"Safari en buggy \u00e0 Sharm El Sheikh","og_description":"Landious Travel","og_url":"https:\/\/landioustravel.com\/fr\/shop\/safari-buggy-sharm-sheikh\/","og_site_name":"Landious Travel","article_publisher":"https:\/\/web.facebook.com\/landiousEgypt","article_modified_time":"2024-05-30T06:29:45+00:00","og_image":[{"width":1200,"height":675,"url":"https:\/\/i0.wp.com\/landioustravel.com\/wp-content\/uploads\/2020\/10\/Dune-Buggy-Safari-Sharm-El-Sheikh-e1617558120166.jpg?fit=1200%2C675&ssl=1","type":"image\/jpeg"}],"twitter_card":"summary_large_image","twitter_site":"@LandiousTours","twitter_misc":{"Dur\u00e9e de lecture estim\u00e9e":"2 minutes"},"schema":{"@context":"https:\/\/schema.org","@graph":[{"@type":"WebPage","@id":"https:\/\/landioustravel.com\/fr\/shop\/safari-buggy-sharm-sheikh\/","url":"https:\/\/landioustravel.com\/fr\/shop\/safari-buggy-sharm-sheikh\/","name":"Safari en buggy \u00e0 Sharm El Sheikh","isPartOf":{"@id":"https:\/\/landioustravel.com\/fr\/#website"},"primaryImageOfPage":{"@id":"https:\/\/landioustravel.com\/fr\/shop\/safari-buggy-sharm-sheikh\/#primaryimage"},"image":{"@id":"https:\/\/landioustravel.com\/fr\/shop\/safari-buggy-sharm-sheikh\/#primaryimage"},"thumbnailUrl":"https:\/\/i0.wp.com\/landioustravel.com\/wp-content\/uploads\/2020\/10\/Dune-Buggy-Safari-Sharm-El-Sheikh-e1617558120166.jpg?fit=1200%2C675&ssl=1","datePublished":"2020-10-30T15:40:33+00:00","dateModified":"2024-05-30T06:29:45+00:00","description":"Safari en buggy \u00e0 Sharm El Sheikh vous pourrez profiter du d\u00e9sert en conduisant sur les dunes de sable! Le voyage vous permet de vous familiariser avec la","breadcrumb":{"@id":"https:\/\/landioustravel.com\/fr\/shop\/safari-buggy-sharm-sheikh\/#breadcrumb"},"inLanguage":"fr-FR","potentialAction":[{"@type":"ReadAction","target":["https:\/\/landioustravel.com\/fr\/shop\/safari-buggy-sharm-sheikh\/"]}]},{"@type":"ImageObject","inLanguage":"fr-FR","@id":"https:\/\/landioustravel.com\/fr\/shop\/safari-buggy-sharm-sheikh\/#primaryimage","url":"https:\/\/i0.wp.com\/landioustravel.com\/wp-content\/uploads\/2020\/10\/Dune-Buggy-Safari-Sharm-El-Sheikh-e1617558120166.jpg?fit=1200%2C675&ssl=1","contentUrl":"https:\/\/i0.wp.com\/landioustravel.com\/wp-content\/uploads\/2020\/10\/Dune-Buggy-Safari-Sharm-El-Sheikh-e1617558120166.jpg?fit=1200%2C675&ssl=1","width":1200,"height":675,"caption":"Dune Buggy Safari Sharm El Sheikh"},{"@type":"BreadcrumbList","@id":"https:\/\/landioustravel.com\/fr\/shop\/safari-buggy-sharm-sheikh\/#breadcrumb","itemListElement":[{"@type":"ListItem","position":1,"name":"Home","item":"https:\/\/landioustravel.com\/fr\/"},{"@type":"ListItem","position":2,"name":"Prestations &amp; Visites","item":"https:\/\/landioustravel.com\/fr\/"},{"@type":"ListItem","position":3,"name":"Safari en buggy \u00e0 Sharm El Sheikh"}]},{"@type":"WebSite","@id":"https:\/\/landioustravel.com\/fr\/#website","url":"https:\/\/landioustravel.com\/fr\/","name":"Landious Travel","description":"Excursions, trips and cruises in Egypt","publisher":{"@id":"https:\/\/landioustravel.com\/fr\/#organization"},"potentialAction":[{"@type":"SearchAction","target":{"@type":"EntryPoint","urlTemplate":"https:\/\/landioustravel.com\/fr\/?s={search_term_string}"},"query-input":{"@type":"PropertyValueSpecification","valueRequired":true,"valueName":"search_term_string"}}],"inLanguage":"fr-FR"},{"@type":["Organization","Place"],"@id":"https:\/\/landioustravel.com\/fr\/#organization","name":"Landious Travel","alternateName":"Landious Travel","url":"https:\/\/landioustravel.com\/fr\/","logo":{"@id":"https:\/\/landioustravel.com\/fr\/shop\/safari-buggy-sharm-sheikh\/#local-main-organization-logo"},"image":{"@id":"https:\/\/landioustravel.com\/fr\/shop\/safari-buggy-sharm-sheikh\/#local-main-organization-logo"},"sameAs":["https:\/\/web.facebook.com\/landiousEgypt","https:\/\/x.com\/LandiousTours","https:\/\/mastodon.social\/@landious"],"legalName":"Landious Travel","telephone":[],"openingHoursSpecification":[{"@type":"OpeningHoursSpecification","dayOfWeek":["Monday","Tuesday","Wednesday","Thursday","Friday","Saturday","Sunday"],"opens":"09:00","closes":"17:00"}]},{"@type":"ImageObject","inLanguage":"fr-FR","@id":"https:\/\/landioustravel.com\/fr\/shop\/safari-buggy-sharm-sheikh\/#local-main-organization-logo","url":"https:\/\/i0.wp.com\/landioustravel.com\/wp-content\/uploads\/2021\/06\/Landious-T.png?fit=500%2C500&ssl=1","contentUrl":"https:\/\/i0.wp.com\/landioustravel.com\/wp-content\/uploads\/2021\/06\/Landious-T.png?fit=500%2C500&ssl=1","width":500,"height":500,"caption":"Landious Travel"}]}},"jetpack_publicize_connections":[],"uagb_featured_image_src":{"full":["https:\/\/i0.wp.com\/landioustravel.com\/wp-content\/uploads\/2020\/10\/Dune-Buggy-Safari-Sharm-El-Sheikh-e1617558120166.jpg?fit=1200%2C675&ssl=1",1200,675,false],"thumbnail":["https:\/\/i0.wp.com\/landioustravel.com\/wp-content\/uploads\/2020\/10\/Dune-Buggy-Safari-Sharm-El-Sheikh-e1617558120166.jpg?resize=150%2C150&ssl=1",150,150,true],"medium":["https:\/\/i0.wp.com\/landioustravel.com\/wp-content\/uploads\/2020\/10\/Dune-Buggy-Safari-Sharm-El-Sheikh-e1617558120166.jpg?fit=300%2C169&ssl=1",300,169,true],"medium_large":["https:\/\/i0.wp.com\/landioustravel.com\/wp-content\/uploads\/2020\/10\/Dune-Buggy-Safari-Sharm-El-Sheikh-e1617558120166.jpg?fit=768%2C432&ssl=1",768,432,true],"large":["https:\/\/i0.wp.com\/landioustravel.com\/wp-content\/uploads\/2020\/10\/Dune-Buggy-Safari-Sharm-El-Sheikh-e1617558120166.jpg?fit=980%2C551&ssl=1",980,551,true],"1536x1536":["https:\/\/i0.wp.com\/landioustravel.com\/wp-content\/uploads\/2020\/10\/Dune-Buggy-Safari-Sharm-El-Sheikh-e1617558120166.jpg?fit=1200%2C675&ssl=1",1200,675,true],"2048x2048":["https:\/\/i0.wp.com\/landioustravel.com\/wp-content\/uploads\/2020\/10\/Dune-Buggy-Safari-Sharm-El-Sheikh-e1617558120166.jpg?fit=1200%2C675&ssl=1",1200,675,true],"newspack-article-block-landscape-large":["https:\/\/i0.wp.com\/landioustravel.com\/wp-content\/uploads\/2020\/10\/Dune-Buggy-Safari-Sharm-El-Sheikh-e1617558120166.jpg?resize=1200%2C675&ssl=1",1200,801,true],"newspack-article-block-portrait-large":["https:\/\/i0.wp.com\/landioustravel.com\/wp-content\/uploads\/2020\/10\/Dune-Buggy-Safari-Sharm-El-Sheikh-e1617558120166.jpg?resize=900%2C675&ssl=1",900,801,true],"newspack-article-block-square-large":["https:\/\/i0.wp.com\/landioustravel.com\/wp-content\/uploads\/2020\/10\/Dune-Buggy-Safari-Sharm-El-Sheikh-e1617558120166.jpg?resize=1200%2C675&ssl=1",1200,801,true],"newspack-article-block-landscape-medium":["https:\/\/i0.wp.com\/landioustravel.com\/wp-content\/uploads\/2020\/10\/Dune-Buggy-Safari-Sharm-El-Sheikh-e1617558120166.jpg?resize=800%2C600&ssl=1",800,600,true],"newspack-article-block-portrait-medium":["https:\/\/i0.wp.com\/landioustravel.com\/wp-content\/uploads\/2020\/10\/Dune-Buggy-Safari-Sharm-El-Sheikh-e1617558120166.jpg?resize=600%2C675&ssl=1",600,800,true],"newspack-article-block-square-medium":["https:\/\/i0.wp.com\/landioustravel.com\/wp-content\/uploads\/2020\/10\/Dune-Buggy-Safari-Sharm-El-Sheikh-e1617558120166.jpg?resize=800%2C675&ssl=1",800,800,true],"newspack-article-block-landscape-intermediate":["https:\/\/i0.wp.com\/landioustravel.com\/wp-content\/uploads\/2020\/10\/Dune-Buggy-Safari-Sharm-El-Sheikh-e1617558120166.jpg?resize=600%2C450&ssl=1",600,450,true],"newspack-article-block-portrait-intermediate":["https:\/\/i0.wp.com\/landioustravel.com\/wp-content\/uploads\/2020\/10\/Dune-Buggy-Safari-Sharm-El-Sheikh-e1617558120166.jpg?resize=450%2C600&ssl=1",450,600,true],"newspack-article-block-square-intermediate":["https:\/\/i0.wp.com\/landioustravel.com\/wp-content\/uploads\/2020\/10\/Dune-Buggy-Safari-Sharm-El-Sheikh-e1617558120166.jpg?resize=600%2C600&ssl=1",600,600,true],"newspack-article-block-landscape-small":["https:\/\/i0.wp.com\/landioustravel.com\/wp-content\/uploads\/2020\/10\/Dune-Buggy-Safari-Sharm-El-Sheikh-e1617558120166.jpg?resize=400%2C300&ssl=1",400,300,true],"newspack-article-block-portrait-small":["https:\/\/i0.wp.com\/landioustravel.com\/wp-content\/uploads\/2020\/10\/Dune-Buggy-Safari-Sharm-El-Sheikh-e1617558120166.jpg?resize=300%2C400&ssl=1",300,400,true],"newspack-article-block-square-small":["https:\/\/i0.wp.com\/landioustravel.com\/wp-content\/uploads\/2020\/10\/Dune-Buggy-Safari-Sharm-El-Sheikh-e1617558120166.jpg?resize=400%2C400&ssl=1",400,400,true],"newspack-article-block-landscape-tiny":["https:\/\/i0.wp.com\/landioustravel.com\/wp-content\/uploads\/2020\/10\/Dune-Buggy-Safari-Sharm-El-Sheikh-e1617558120166.jpg?resize=200%2C150&ssl=1",200,150,true],"newspack-article-block-portrait-tiny":["https:\/\/i0.wp.com\/landioustravel.com\/wp-content\/uploads\/2020\/10\/Dune-Buggy-Safari-Sharm-El-Sheikh-e1617558120166.jpg?resize=150%2C200&ssl=1",150,200,true],"newspack-article-block-square-tiny":["https:\/\/i0.wp.com\/landioustravel.com\/wp-content\/uploads\/2020\/10\/Dune-Buggy-Safari-Sharm-El-Sheikh-e1617558120166.jpg?resize=200%2C200&ssl=1",200,200,true],"newspack-article-block-uncropped":["https:\/\/i0.wp.com\/landioustravel.com\/wp-content\/uploads\/2020\/10\/Dune-Buggy-Safari-Sharm-El-Sheikh-e1617558120166.jpg?fit=1200%2C675&ssl=1",1200,675,true],"woocommerce_thumbnail":["https:\/\/i0.wp.com\/landioustravel.com\/wp-content\/uploads\/2020\/10\/Dune-Buggy-Safari-Sharm-El-Sheikh-e1617558120166.jpg?resize=324%2C324&ssl=1",324,324,true],"woocommerce_single":["https:\/\/i0.wp.com\/landioustravel.com\/wp-content\/uploads\/2020\/10\/Dune-Buggy-Safari-Sharm-El-Sheikh-e1617558120166.jpg?fit=416%2C234&ssl=1",416,234,true],"woocommerce_gallery_thumbnail":["https:\/\/i0.wp.com\/landioustravel.com\/wp-content\/uploads\/2020\/10\/Dune-Buggy-Safari-Sharm-El-Sheikh-e1617558120166.jpg?resize=100%2C100&ssl=1",100,100,true]},"uagb_author_info":{"display_name":"Mofreh Landious","author_link":"https:\/\/landioustravel.com\/fr\/author\/"},"uagb_comment_info":3,"uagb_excerpt":"Pr\u00e9parez-vous pour une aventure inoubliable avec notre \"Buggy Safari \u00e0 Sharm El Sheikh\" ! Bouclez votre ceinture et acc\u00e9l\u00e9rez \u00e0 travers les majestueuses dunes de sable du d\u00e9sert \u00e9gyptien tout en vous immergeant dans ses merveilles naturelles enchanteresses et en rencontrant l'incroyable peuple b\u00e9douin. Ce voyage passionnant est \u00e0 ne pas manquer, et la meilleure&hellip;","jetpack_sharing_enabled":true,"jetpack_likes_enabled":true,"amp_enabled":true,"_links":{"self":[{"href":"https:\/\/landioustravel.com\/fr\/wp-json\/wp\/v2\/product\/25595","targetHints":{"allow":["GET"]}}],"collection":[{"href":"https:\/\/landioustravel.com\/fr\/wp-json\/wp\/v2\/product"}],"about":[{"href":"https:\/\/landioustravel.com\/fr\/wp-json\/wp\/v2\/types\/product"}],"replies":[{"embeddable":true,"href":"https:\/\/landioustravel.com\/fr\/wp-json\/wp\/v2\/comments?post=25595"}],"wp:featuredmedia":[{"embeddable":true,"href":"https:\/\/landioustravel.com\/fr\/wp-json\/wp\/v2\/media\/45716"}],"wp:attachment":[{"href":"https:\/\/landioustravel.com\/fr\/wp-json\/wp\/v2\/media?parent=25595"}],"wp:term":[{"taxonomy":"product_brand","embeddable":true,"href":"https:\/\/landioustravel.com\/fr\/wp-json\/wp\/v2\/product_brand?post=25595"},{"taxonomy":"product_cat","embeddable":true,"href":"https:\/\/landioustravel.com\/fr\/wp-json\/wp\/v2\/product_cat?post=25595"},{"taxonomy":"product_tag","embeddable":true,"href":"https:\/\/landioustravel.com\/fr\/wp-json\/wp\/v2\/product_tag?post=25595"}],"curies":[{"name":"wp","href":"https:\/\/api.w.org\/{rel}","templated":true}]}}