{"id":25808,"date":"2020-11-08T05:27:27","date_gmt":"2020-11-13T02:11:57","guid":{"rendered":"https:\/\/landioustravel.com\/?post_type=product&#038;p=25808"},"modified":"2024-09-30T20:13:31","modified_gmt":"2024-09-30T17:13:31","slug":"voyage-assouan-abou-simbel-safaga","status":"publish","type":"product","link":"https:\/\/landioustravel.com\/fr\/shop\/voyage-assouan-abou-simbel-safaga\/","title":{"rendered":"Voyage \u00e0 Assouan et Abou Simbel depuis Safaga"},"content":{"rendered":"<p>Une merveilleuse excursion \u00e0 <a href=\"https:\/\/landioustravel.com\/fr\/egypte\/villes-egyptiennes\/gouvernorat-assouan\/\">Assouan<\/a> et \u00e0 Abou Simbel depuis Safaga, en \u00c9gypte! Nous recommandons un voyage car cela permet aux touristes de voir un grand nombre d&#8217;attractions \u00e9gyptiennes anciennes et d&#8217;en savoir plus sur l&#8217;histoire du pays. Nous le recommandons \u00e0 tous ceux qui aiment les activit\u00e9s touristiques en Egypte.<\/p>\n<h2>Principaux points du programme d&#8217;excursions \u00e0 Assouan<\/h2>\n<ul>\n<li>Barrage haut<\/li>\n<li><a href=\"https:\/\/landioustravel.com\/fr\/egypte\/temples-egyptiens\/temples-de-philae\/\">Temple de Philae<\/a><\/li>\n<li>Ob\u00e9lisque inachev\u00e9<\/li>\n<li>Pique-nique sur le Nil avec felouque \u00e9gyptienne<\/li>\n<li><a href=\"https:\/\/landioustravel.com\/fr\/egypte\/temples-egyptiens\/temples-abou-simbel\/\">Temples d&#8217;Abou Simbel<\/a><\/li>\n<\/ul>\n<h3>Programme d&#8217;excursion \u00e0 Assouan &#8211; Abou Simbel de Safaga<\/h3>\n<ul>\n<li>Un repr\u00e9sentant de Landious Travel vient vous chercher \u00e0 l&#8217;h\u00f4tel, \u00e0 Safaga, vers 00h30 du matin<\/li>\n<li>Apr\u00e8s avoir r\u00e9cup\u00e9r\u00e9 tous les arrivants, le bus part en direction d&#8217;Assouan en passant par les villes c\u00f4ti\u00e8res de Safaga, Al-Quseir et Marsa Alam; et se diriger vers ces villes de la vall\u00e9e d&#8217;Edfou et de Kom Ombo. La ville d&#8217;Edfou se situe \u00e0 120 kilom\u00e8tres au sud de Marsa Alam, sur le Nil. La ville de Kom Ombo est \u00e0 220 km, dans la vall\u00e9e du Nil. Le trajet, du centre d&#8217;Hurghada \u00e0 Assouan, prend environ 9 heures<\/li>\n<\/ul>\n<h4>Programme du premier jour \u00e0 Assouan<\/h4>\n<ul>\n<li>D\u00e8s votre arriv\u00e9e \u00e0 Assouan, nous vous montrons le temple de la d\u00e9esse Isis sur l&#8217;\u00eele de Philae<\/li>\n<li>Ensuite, nous nous dirigeons vers le haut barrage apr\u00e8s avoir visit\u00e9 les temples complexes de Philae<\/li>\n<li>Apr\u00e8s cela, vous pouvez visiter l&#8217;ob\u00e9lisque inachev\u00e9 de la reine Hatsheput<\/li>\n<li>Enfin, vous pouvez profiter de votre d\u00e9jeuner avant de vous reconduire \u00e0 votre h\u00f4tel \u00e0 Assouan<\/li>\n<\/ul>\n<h4>Programme du deuxi\u00e8me jour \u00e0 Abou Simbel<\/h4>\n<ul>\n<li>Le matin de votre deuxi\u00e8me s\u00e9jour \u00e0 Assouan, nous venons vous chercher \u00e0 votre h\u00f4tel \u00e0 04h00 pour nous rendre \u00e0 Abou Simbel. \u00c0 noter, il faut 3 heures de route pour les temples d&#8217;Abou Simbel<\/li>\n<li>Une fois arriv\u00e9 \u00e0 Abou Simbel, nous commen\u00e7ons \u00e0 vous montrer les incroyables temples de Rams\u00e8s II<\/li>\n<li>Avec la fin de cette visite, nous commen\u00e7ons \u00e0 rentrer \u00e0 Assouan<\/li>\n<li>\u00c0 Assouan, vous appr\u00e9cierez votre d\u00e9jeuner<\/li>\n<li>Notre bus repart pour Safaga, apr\u00e8s un tel programme dans la merveilleuse ville d&#8217;Assouan<\/li>\n<li>Ce \u00abvoyage \u00e0 Assouan et Abou Simbel depuis Safaga\u00bb se termine vers minuit<\/li>\n<\/ul>\n<h4>Ce qui est inclus dans le prix du voyage<\/h4>\n<ul>\n<li>Billets pour visiter les temples<\/li>\n<li>Le d\u00e9jeuner<\/li>\n<li>Guider<\/li>\n<li>En outre, transfert \u00e0 Assouan &#8211; Abou Simbel, et retour \u00e0 l&#8217;h\u00f4tel<\/li>\n<\/ul>\n<h5>Ce qui n&#8217;est pas inclus dans le prix de la visite<\/h5>\n<ul>\n<li>Programmes d&#8217;excursions suppl\u00e9mentaires<\/li>\n<li>Aussi, boissons<\/li>\n<\/ul>\n<h6>Quoi emporter avec vous pour le voyage<\/h6>\n<ul>\n<li>Bo\u00eete petit-d\u00e9jeuner<\/li>\n<li>Passeport<\/li>\n<li>Aussi, des v\u00eatements pour la saison<\/li>\n<\/ul>\n<h6>Organisation de jours d&#8217;excursion<\/h6>\n<ul>\n<li>Tous les jours de 00h30 \u00e0 24h00 le lendemain<\/li>\n<\/ul>\n","protected":false},"excerpt":{"rendered":"<p>Pendant le voyage, vous aurez l&#8217;occasion d&#8217;explorer divers sites et de participer \u00e0 des activit\u00e9s touristiques. Vous pouvez visiter les attractions d&#8217;Assouan et m\u00eame voyager plus loin en Nubie pour voir les temples d&#8217;Abou Simbel. La visite comprend des visites de plusieurs sites tels que le haut barrage, le temple de la d\u00e9esse Isis situ\u00e9 sur l&#8217;\u00eele de Philae, l&#8217;ob\u00e9lisque inachev\u00e9 d&#8217;Hatchepsout et les temples de Rams\u00e8s II. Vous pouvez \u00e9galement profiter d&#8217;un agr\u00e9able pique-nique sur le Nil sur la felouque. Le prix du voyage comprend \u00e0 la fois la nourriture et l&#8217;h\u00e9bergement.<\/p>\n<p>Si vous souhaitez explorer en profondeur l&#8217;ancien complexe de temples d&#8217;Abou Simbel, vous pouvez opter pour une visite priv\u00e9e d&#8217;une journ\u00e9e. Vous serez \u00e0 l&#8217;aise pendant le voyage, car vous voyagerez en voiture climatis\u00e9e, et vous serez pris en charge et d\u00e9pos\u00e9 \u00e0 votre h\u00f4tel. Pendant la visite, un guide form\u00e9 en \u00e9gyptologie vous accompagnera, vous fournissant des histoires fascinantes et des informations sur les structures mill\u00e9naires que vous rencontrerez, telles que le temple de Rams\u00e8s II. \u00c0 la fin de la visite, vous serez d\u00e9pos\u00e9 juste devant votre h\u00f4tel \u00e0 Assouan. Cette exp\u00e9rience personnalis\u00e9e est une excellente alternative aux visites de groupe, car elle vous permet de vous immerger pleinement dans l&#8217;exp\u00e9rience sans aucune pr\u00e9cipitation.<\/p>\n","protected":false},"featured_media":45427,"comment_status":"open","ping_status":"closed","template":"","meta":{"_coblocks_attr":"","_coblocks_dimensions":"","_coblocks_responsive_height":"","_coblocks_accordion_ie_support":"","_uag_custom_page_level_css":"","jetpack_publicize_message":"","jetpack_publicize_feature_enabled":true,"jetpack_social_post_already_shared":true,"jetpack_social_options":{"image_generator_settings":{"template":"highway","default_image_id":0,"font":"","enabled":false},"version":2},"_wpas_customize_per_network":false},"product_brand":[],"product_cat":[19597],"product_tag":[1578,9905],"class_list":{"0":"post-25808","1":"product","2":"type-product","3":"status-publish","4":"has-post-thumbnail","6":"product_cat-non-classe","7":"product_tag-excursion-fr","8":"product_tag-tourisme","10":"first","11":"instock","12":"sale","13":"taxable","14":"shipping-taxable","15":"purchasable","16":"product-type-variable"},"yoast_head":"<!-- This site is optimized with the Yoast SEO Premium plugin v26.9 (Yoast SEO v27.5) - https:\/\/yoast.com\/product\/yoast-seo-premium-wordpress\/ -->\n<title>Voyage \u00e0 Assouan et Abou Simbel depuis Safaga<\/title>\n<meta name=\"description\" content=\"Voyage \u00e0 Assouan et Abou Simbel depuis Safaga Le voyage vous donne la possibilit\u00e9 de faire des activit\u00e9s touristiques. Vous pouvez s\u00fbrement visiter les\" \/>\n<meta name=\"robots\" content=\"index, follow, max-snippet:-1, max-image-preview:large, max-video-preview:-1\" \/>\n<link rel=\"canonical\" href=\"https:\/\/landioustravel.com\/fr\/shop\/voyage-assouan-abou-simbel-safaga\/\" \/>\n<meta property=\"og:locale\" content=\"fr_FR\" \/>\n<meta property=\"og:type\" content=\"article\" \/>\n<meta property=\"og:title\" content=\"Voyage \u00e0 Assouan et Abou Simbel depuis Safaga\" \/>\n<meta property=\"og:description\" content=\"Landious Travel\" \/>\n<meta property=\"og:url\" content=\"https:\/\/landioustravel.com\/fr\/shop\/voyage-assouan-abou-simbel-safaga\/\" \/>\n<meta property=\"og:site_name\" content=\"Landious Travel\" \/>\n<meta property=\"article:publisher\" content=\"https:\/\/web.facebook.com\/landiousEgypt\" \/>\n<meta property=\"article:modified_time\" content=\"2024-09-30T17:13:31+00:00\" \/>\n<meta property=\"og:image\" content=\"https:\/\/i0.wp.com\/landioustravel.com\/wp-content\/uploads\/2020\/11\/Aswan-Abu-Simbel-Trip-Safaga-e1617504519411.jpg?fit=1200%2C675&ssl=1\" \/>\n\t<meta property=\"og:image:width\" content=\"1200\" \/>\n\t<meta property=\"og:image:height\" content=\"675\" \/>\n\t<meta property=\"og:image:type\" content=\"image\/jpeg\" \/>\n<meta name=\"twitter:card\" content=\"summary_large_image\" \/>\n<meta name=\"twitter:site\" content=\"@LandiousTours\" \/>\n<meta name=\"twitter:label1\" content=\"Dur\u00e9e de lecture estim\u00e9e\" \/>\n\t<meta name=\"twitter:data1\" content=\"2 minutes\" \/>\n<script type=\"application\/ld+json\" class=\"yoast-schema-graph\">{\"@context\":\"https:\\\/\\\/schema.org\",\"@graph\":[{\"@type\":\"WebPage\",\"@id\":\"https:\\\/\\\/landioustravel.com\\\/fr\\\/shop\\\/voyage-assouan-abou-simbel-safaga\\\/\",\"url\":\"https:\\\/\\\/landioustravel.com\\\/fr\\\/shop\\\/voyage-assouan-abou-simbel-safaga\\\/\",\"name\":\"Voyage \u00e0 Assouan et Abou Simbel depuis Safaga\",\"isPartOf\":{\"@id\":\"https:\\\/\\\/landioustravel.com\\\/fr\\\/#website\"},\"primaryImageOfPage\":{\"@id\":\"https:\\\/\\\/landioustravel.com\\\/fr\\\/shop\\\/voyage-assouan-abou-simbel-safaga\\\/#primaryimage\"},\"image\":{\"@id\":\"https:\\\/\\\/landioustravel.com\\\/fr\\\/shop\\\/voyage-assouan-abou-simbel-safaga\\\/#primaryimage\"},\"thumbnailUrl\":\"https:\\\/\\\/i0.wp.com\\\/landioustravel.com\\\/wp-content\\\/uploads\\\/2020\\\/11\\\/Aswan-Abu-Simbel-Trip-Safaga-e1617504519411.jpg?fit=1200%2C675&ssl=1\",\"datePublished\":\"2020-11-13T02:11:57+00:00\",\"dateModified\":\"2024-09-30T17:13:31+00:00\",\"description\":\"Voyage \u00e0 Assouan et Abou Simbel depuis Safaga Le voyage vous donne la possibilit\u00e9 de faire des activit\u00e9s touristiques. Vous pouvez s\u00fbrement visiter les\",\"breadcrumb\":{\"@id\":\"https:\\\/\\\/landioustravel.com\\\/fr\\\/shop\\\/voyage-assouan-abou-simbel-safaga\\\/#breadcrumb\"},\"inLanguage\":\"fr-FR\",\"potentialAction\":[{\"@type\":\"ReadAction\",\"target\":[\"https:\\\/\\\/landioustravel.com\\\/fr\\\/shop\\\/voyage-assouan-abou-simbel-safaga\\\/\"]}]},{\"@type\":\"ImageObject\",\"inLanguage\":\"fr-FR\",\"@id\":\"https:\\\/\\\/landioustravel.com\\\/fr\\\/shop\\\/voyage-assouan-abou-simbel-safaga\\\/#primaryimage\",\"url\":\"https:\\\/\\\/i0.wp.com\\\/landioustravel.com\\\/wp-content\\\/uploads\\\/2020\\\/11\\\/Aswan-Abu-Simbel-Trip-Safaga-e1617504519411.jpg?fit=1200%2C675&ssl=1\",\"contentUrl\":\"https:\\\/\\\/i0.wp.com\\\/landioustravel.com\\\/wp-content\\\/uploads\\\/2020\\\/11\\\/Aswan-Abu-Simbel-Trip-Safaga-e1617504519411.jpg?fit=1200%2C675&ssl=1\",\"width\":1200,\"height\":675,\"caption\":\"Aswan Abu Simbel Trip Safaga\"},{\"@type\":\"BreadcrumbList\",\"@id\":\"https:\\\/\\\/landioustravel.com\\\/fr\\\/shop\\\/voyage-assouan-abou-simbel-safaga\\\/#breadcrumb\",\"itemListElement\":[{\"@type\":\"ListItem\",\"position\":1,\"name\":\"Home\",\"item\":\"https:\\\/\\\/landioustravel.com\\\/fr\\\/\"},{\"@type\":\"ListItem\",\"position\":2,\"name\":\"Prestations &amp; Visites\",\"item\":\"https:\\\/\\\/landioustravel.com\\\/fr\\\/\"},{\"@type\":\"ListItem\",\"position\":3,\"name\":\"Voyage \u00e0 Assouan et Abou Simbel depuis Safaga\"}]},{\"@type\":\"WebSite\",\"@id\":\"https:\\\/\\\/landioustravel.com\\\/fr\\\/#website\",\"url\":\"https:\\\/\\\/landioustravel.com\\\/fr\\\/\",\"name\":\"Landious Travel\",\"description\":\"Excursions, trips and cruises in Egypt\",\"publisher\":{\"@id\":\"https:\\\/\\\/landioustravel.com\\\/fr\\\/#organization\"},\"potentialAction\":[{\"@type\":\"SearchAction\",\"target\":{\"@type\":\"EntryPoint\",\"urlTemplate\":\"https:\\\/\\\/landioustravel.com\\\/fr\\\/?s={search_term_string}\"},\"query-input\":{\"@type\":\"PropertyValueSpecification\",\"valueRequired\":true,\"valueName\":\"search_term_string\"}}],\"inLanguage\":\"fr-FR\"},{\"@type\":[\"Organization\",\"Place\"],\"@id\":\"https:\\\/\\\/landioustravel.com\\\/fr\\\/#organization\",\"name\":\"Landious Travel\",\"alternateName\":\"Landious Travel\",\"url\":\"https:\\\/\\\/landioustravel.com\\\/fr\\\/\",\"logo\":{\"@id\":\"https:\\\/\\\/landioustravel.com\\\/fr\\\/shop\\\/voyage-assouan-abou-simbel-safaga\\\/#local-main-organization-logo\"},\"image\":{\"@id\":\"https:\\\/\\\/landioustravel.com\\\/fr\\\/shop\\\/voyage-assouan-abou-simbel-safaga\\\/#local-main-organization-logo\"},\"sameAs\":[\"https:\\\/\\\/web.facebook.com\\\/landiousEgypt\",\"https:\\\/\\\/x.com\\\/LandiousTours\",\"https:\\\/\\\/mastodon.social\\\/@landious\"],\"legalName\":\"Landious Travel\",\"telephone\":[],\"openingHoursSpecification\":[{\"@type\":\"OpeningHoursSpecification\",\"dayOfWeek\":[\"Monday\",\"Tuesday\",\"Wednesday\",\"Thursday\",\"Friday\",\"Saturday\",\"Sunday\"],\"opens\":\"09:00\",\"closes\":\"17:00\"}]},{\"@type\":\"ImageObject\",\"inLanguage\":\"fr-FR\",\"@id\":\"https:\\\/\\\/landioustravel.com\\\/fr\\\/shop\\\/voyage-assouan-abou-simbel-safaga\\\/#local-main-organization-logo\",\"url\":\"https:\\\/\\\/i0.wp.com\\\/landioustravel.com\\\/wp-content\\\/uploads\\\/2021\\\/06\\\/Landious-T.png?fit=500%2C500&ssl=1\",\"contentUrl\":\"https:\\\/\\\/i0.wp.com\\\/landioustravel.com\\\/wp-content\\\/uploads\\\/2021\\\/06\\\/Landious-T.png?fit=500%2C500&ssl=1\",\"width\":500,\"height\":500,\"caption\":\"Landious Travel\"}]}<\/script>\n<!-- \/ Yoast SEO Premium plugin. -->","yoast_head_json":{"title":"Voyage \u00e0 Assouan et Abou Simbel depuis Safaga","description":"Voyage \u00e0 Assouan et Abou Simbel depuis Safaga Le voyage vous donne la possibilit\u00e9 de faire des activit\u00e9s touristiques. Vous pouvez s\u00fbrement visiter les","robots":{"index":"index","follow":"follow","max-snippet":"max-snippet:-1","max-image-preview":"max-image-preview:large","max-video-preview":"max-video-preview:-1"},"canonical":"https:\/\/landioustravel.com\/fr\/shop\/voyage-assouan-abou-simbel-safaga\/","og_locale":"fr_FR","og_type":"article","og_title":"Voyage \u00e0 Assouan et Abou Simbel depuis Safaga","og_description":"Landious Travel","og_url":"https:\/\/landioustravel.com\/fr\/shop\/voyage-assouan-abou-simbel-safaga\/","og_site_name":"Landious Travel","article_publisher":"https:\/\/web.facebook.com\/landiousEgypt","article_modified_time":"2024-09-30T17:13:31+00:00","og_image":[{"width":1200,"height":675,"url":"https:\/\/i0.wp.com\/landioustravel.com\/wp-content\/uploads\/2020\/11\/Aswan-Abu-Simbel-Trip-Safaga-e1617504519411.jpg?fit=1200%2C675&ssl=1","type":"image\/jpeg"}],"twitter_card":"summary_large_image","twitter_site":"@LandiousTours","twitter_misc":{"Dur\u00e9e de lecture estim\u00e9e":"2 minutes"},"schema":{"@context":"https:\/\/schema.org","@graph":[{"@type":"WebPage","@id":"https:\/\/landioustravel.com\/fr\/shop\/voyage-assouan-abou-simbel-safaga\/","url":"https:\/\/landioustravel.com\/fr\/shop\/voyage-assouan-abou-simbel-safaga\/","name":"Voyage \u00e0 Assouan et Abou Simbel depuis Safaga","isPartOf":{"@id":"https:\/\/landioustravel.com\/fr\/#website"},"primaryImageOfPage":{"@id":"https:\/\/landioustravel.com\/fr\/shop\/voyage-assouan-abou-simbel-safaga\/#primaryimage"},"image":{"@id":"https:\/\/landioustravel.com\/fr\/shop\/voyage-assouan-abou-simbel-safaga\/#primaryimage"},"thumbnailUrl":"https:\/\/i0.wp.com\/landioustravel.com\/wp-content\/uploads\/2020\/11\/Aswan-Abu-Simbel-Trip-Safaga-e1617504519411.jpg?fit=1200%2C675&ssl=1","datePublished":"2020-11-13T02:11:57+00:00","dateModified":"2024-09-30T17:13:31+00:00","description":"Voyage \u00e0 Assouan et Abou Simbel depuis Safaga Le voyage vous donne la possibilit\u00e9 de faire des activit\u00e9s touristiques. Vous pouvez s\u00fbrement visiter les","breadcrumb":{"@id":"https:\/\/landioustravel.com\/fr\/shop\/voyage-assouan-abou-simbel-safaga\/#breadcrumb"},"inLanguage":"fr-FR","potentialAction":[{"@type":"ReadAction","target":["https:\/\/landioustravel.com\/fr\/shop\/voyage-assouan-abou-simbel-safaga\/"]}]},{"@type":"ImageObject","inLanguage":"fr-FR","@id":"https:\/\/landioustravel.com\/fr\/shop\/voyage-assouan-abou-simbel-safaga\/#primaryimage","url":"https:\/\/i0.wp.com\/landioustravel.com\/wp-content\/uploads\/2020\/11\/Aswan-Abu-Simbel-Trip-Safaga-e1617504519411.jpg?fit=1200%2C675&ssl=1","contentUrl":"https:\/\/i0.wp.com\/landioustravel.com\/wp-content\/uploads\/2020\/11\/Aswan-Abu-Simbel-Trip-Safaga-e1617504519411.jpg?fit=1200%2C675&ssl=1","width":1200,"height":675,"caption":"Aswan Abu Simbel Trip Safaga"},{"@type":"BreadcrumbList","@id":"https:\/\/landioustravel.com\/fr\/shop\/voyage-assouan-abou-simbel-safaga\/#breadcrumb","itemListElement":[{"@type":"ListItem","position":1,"name":"Home","item":"https:\/\/landioustravel.com\/fr\/"},{"@type":"ListItem","position":2,"name":"Prestations &amp; Visites","item":"https:\/\/landioustravel.com\/fr\/"},{"@type":"ListItem","position":3,"name":"Voyage \u00e0 Assouan et Abou Simbel depuis Safaga"}]},{"@type":"WebSite","@id":"https:\/\/landioustravel.com\/fr\/#website","url":"https:\/\/landioustravel.com\/fr\/","name":"Landious Travel","description":"Excursions, trips and cruises in Egypt","publisher":{"@id":"https:\/\/landioustravel.com\/fr\/#organization"},"potentialAction":[{"@type":"SearchAction","target":{"@type":"EntryPoint","urlTemplate":"https:\/\/landioustravel.com\/fr\/?s={search_term_string}"},"query-input":{"@type":"PropertyValueSpecification","valueRequired":true,"valueName":"search_term_string"}}],"inLanguage":"fr-FR"},{"@type":["Organization","Place"],"@id":"https:\/\/landioustravel.com\/fr\/#organization","name":"Landious Travel","alternateName":"Landious Travel","url":"https:\/\/landioustravel.com\/fr\/","logo":{"@id":"https:\/\/landioustravel.com\/fr\/shop\/voyage-assouan-abou-simbel-safaga\/#local-main-organization-logo"},"image":{"@id":"https:\/\/landioustravel.com\/fr\/shop\/voyage-assouan-abou-simbel-safaga\/#local-main-organization-logo"},"sameAs":["https:\/\/web.facebook.com\/landiousEgypt","https:\/\/x.com\/LandiousTours","https:\/\/mastodon.social\/@landious"],"legalName":"Landious Travel","telephone":[],"openingHoursSpecification":[{"@type":"OpeningHoursSpecification","dayOfWeek":["Monday","Tuesday","Wednesday","Thursday","Friday","Saturday","Sunday"],"opens":"09:00","closes":"17:00"}]},{"@type":"ImageObject","inLanguage":"fr-FR","@id":"https:\/\/landioustravel.com\/fr\/shop\/voyage-assouan-abou-simbel-safaga\/#local-main-organization-logo","url":"https:\/\/i0.wp.com\/landioustravel.com\/wp-content\/uploads\/2021\/06\/Landious-T.png?fit=500%2C500&ssl=1","contentUrl":"https:\/\/i0.wp.com\/landioustravel.com\/wp-content\/uploads\/2021\/06\/Landious-T.png?fit=500%2C500&ssl=1","width":500,"height":500,"caption":"Landious Travel"}]}},"jetpack_publicize_connections":[],"uagb_featured_image_src":{"full":["https:\/\/i0.wp.com\/landioustravel.com\/wp-content\/uploads\/2020\/11\/Aswan-Abu-Simbel-Trip-Safaga-e1617504519411.jpg?fit=1200%2C675&ssl=1",1200,675,false],"thumbnail":["https:\/\/i0.wp.com\/landioustravel.com\/wp-content\/uploads\/2020\/11\/Aswan-Abu-Simbel-Trip-Safaga-e1617504519411.jpg?resize=150%2C150&ssl=1",150,150,true],"medium":["https:\/\/i0.wp.com\/landioustravel.com\/wp-content\/uploads\/2020\/11\/Aswan-Abu-Simbel-Trip-Safaga-e1617504519411.jpg?fit=300%2C169&ssl=1",300,169,true],"medium_large":["https:\/\/i0.wp.com\/landioustravel.com\/wp-content\/uploads\/2020\/11\/Aswan-Abu-Simbel-Trip-Safaga-e1617504519411.jpg?fit=768%2C432&ssl=1",768,432,true],"large":["https:\/\/i0.wp.com\/landioustravel.com\/wp-content\/uploads\/2020\/11\/Aswan-Abu-Simbel-Trip-Safaga-e1617504519411.jpg?fit=980%2C551&ssl=1",980,551,true],"1536x1536":["https:\/\/i0.wp.com\/landioustravel.com\/wp-content\/uploads\/2020\/11\/Aswan-Abu-Simbel-Trip-Safaga-e1617504519411.jpg?fit=1536%2C864&ssl=1",1536,864,true],"2048x2048":["https:\/\/i0.wp.com\/landioustravel.com\/wp-content\/uploads\/2020\/11\/Aswan-Abu-Simbel-Trip-Safaga-e1617504519411.jpg?fit=1200%2C675&ssl=1",1200,675,true],"newspack-article-block-landscape-large":["https:\/\/i0.wp.com\/landioustravel.com\/wp-content\/uploads\/2020\/11\/Aswan-Abu-Simbel-Trip-Safaga-e1617504519411.jpg?resize=1200%2C675&ssl=1",1200,900,true],"newspack-article-block-portrait-large":["https:\/\/i0.wp.com\/landioustravel.com\/wp-content\/uploads\/2020\/11\/Aswan-Abu-Simbel-Trip-Safaga-e1617504519411.jpg?resize=900%2C675&ssl=1",900,900,true],"newspack-article-block-square-large":["https:\/\/i0.wp.com\/landioustravel.com\/wp-content\/uploads\/2020\/11\/Aswan-Abu-Simbel-Trip-Safaga-e1617504519411.jpg?resize=1200%2C675&ssl=1",1200,900,true],"newspack-article-block-landscape-medium":["https:\/\/i0.wp.com\/landioustravel.com\/wp-content\/uploads\/2020\/11\/Aswan-Abu-Simbel-Trip-Safaga-e1617504519411.jpg?resize=800%2C600&ssl=1",800,600,true],"newspack-article-block-portrait-medium":["https:\/\/i0.wp.com\/landioustravel.com\/wp-content\/uploads\/2020\/11\/Aswan-Abu-Simbel-Trip-Safaga-e1617504519411.jpg?resize=600%2C675&ssl=1",600,800,true],"newspack-article-block-square-medium":["https:\/\/i0.wp.com\/landioustravel.com\/wp-content\/uploads\/2020\/11\/Aswan-Abu-Simbel-Trip-Safaga-e1617504519411.jpg?resize=800%2C675&ssl=1",800,800,true],"newspack-article-block-landscape-intermediate":["https:\/\/i0.wp.com\/landioustravel.com\/wp-content\/uploads\/2020\/11\/Aswan-Abu-Simbel-Trip-Safaga-e1617504519411.jpg?resize=600%2C450&ssl=1",600,450,true],"newspack-article-block-portrait-intermediate":["https:\/\/i0.wp.com\/landioustravel.com\/wp-content\/uploads\/2020\/11\/Aswan-Abu-Simbel-Trip-Safaga-e1617504519411.jpg?resize=450%2C600&ssl=1",450,600,true],"newspack-article-block-square-intermediate":["https:\/\/i0.wp.com\/landioustravel.com\/wp-content\/uploads\/2020\/11\/Aswan-Abu-Simbel-Trip-Safaga-e1617504519411.jpg?resize=600%2C600&ssl=1",600,600,true],"newspack-article-block-landscape-small":["https:\/\/i0.wp.com\/landioustravel.com\/wp-content\/uploads\/2020\/11\/Aswan-Abu-Simbel-Trip-Safaga-e1617504519411.jpg?resize=400%2C300&ssl=1",400,300,true],"newspack-article-block-portrait-small":["https:\/\/i0.wp.com\/landioustravel.com\/wp-content\/uploads\/2020\/11\/Aswan-Abu-Simbel-Trip-Safaga-e1617504519411.jpg?resize=300%2C400&ssl=1",300,400,true],"newspack-article-block-square-small":["https:\/\/i0.wp.com\/landioustravel.com\/wp-content\/uploads\/2020\/11\/Aswan-Abu-Simbel-Trip-Safaga-e1617504519411.jpg?resize=400%2C400&ssl=1",400,400,true],"newspack-article-block-landscape-tiny":["https:\/\/i0.wp.com\/landioustravel.com\/wp-content\/uploads\/2020\/11\/Aswan-Abu-Simbel-Trip-Safaga-e1617504519411.jpg?resize=200%2C150&ssl=1",200,150,true],"newspack-article-block-portrait-tiny":["https:\/\/i0.wp.com\/landioustravel.com\/wp-content\/uploads\/2020\/11\/Aswan-Abu-Simbel-Trip-Safaga-e1617504519411.jpg?resize=150%2C200&ssl=1",150,200,true],"newspack-article-block-square-tiny":["https:\/\/i0.wp.com\/landioustravel.com\/wp-content\/uploads\/2020\/11\/Aswan-Abu-Simbel-Trip-Safaga-e1617504519411.jpg?resize=200%2C200&ssl=1",200,200,true],"newspack-article-block-uncropped":["https:\/\/i0.wp.com\/landioustravel.com\/wp-content\/uploads\/2020\/11\/Aswan-Abu-Simbel-Trip-Safaga-e1617504519411.jpg?fit=1200%2C675&ssl=1",1200,675,true],"woocommerce_thumbnail":["https:\/\/i0.wp.com\/landioustravel.com\/wp-content\/uploads\/2020\/11\/Aswan-Abu-Simbel-Trip-Safaga-e1617504519411.jpg?resize=324%2C324&ssl=1",324,324,true],"woocommerce_single":["https:\/\/i0.wp.com\/landioustravel.com\/wp-content\/uploads\/2020\/11\/Aswan-Abu-Simbel-Trip-Safaga-e1617504519411.jpg?fit=416%2C234&ssl=1",416,234,true],"woocommerce_gallery_thumbnail":["https:\/\/i0.wp.com\/landioustravel.com\/wp-content\/uploads\/2020\/11\/Aswan-Abu-Simbel-Trip-Safaga-e1617504519411.jpg?resize=100%2C100&ssl=1",100,100,true]},"uagb_author_info":{"display_name":"Mofreh Landious","author_link":"https:\/\/landioustravel.com\/fr\/author\/"},"uagb_comment_info":2,"uagb_excerpt":"Pendant le voyage, vous aurez l'occasion d'explorer divers sites et de participer \u00e0 des activit\u00e9s touristiques. Vous pouvez visiter les attractions d'Assouan et m\u00eame voyager plus loin en Nubie pour voir les temples d'Abou Simbel. La visite comprend des visites de plusieurs sites tels que le haut barrage, le temple de la d\u00e9esse Isis situ\u00e9&hellip;","jetpack_sharing_enabled":true,"jetpack_likes_enabled":true,"amp_enabled":true,"_links":{"self":[{"href":"https:\/\/landioustravel.com\/fr\/wp-json\/wp\/v2\/product\/25808","targetHints":{"allow":["GET"]}}],"collection":[{"href":"https:\/\/landioustravel.com\/fr\/wp-json\/wp\/v2\/product"}],"about":[{"href":"https:\/\/landioustravel.com\/fr\/wp-json\/wp\/v2\/types\/product"}],"replies":[{"embeddable":true,"href":"https:\/\/landioustravel.com\/fr\/wp-json\/wp\/v2\/comments?post=25808"}],"wp:featuredmedia":[{"embeddable":true,"href":"https:\/\/landioustravel.com\/fr\/wp-json\/wp\/v2\/media\/45427"}],"wp:attachment":[{"href":"https:\/\/landioustravel.com\/fr\/wp-json\/wp\/v2\/media?parent=25808"}],"wp:term":[{"taxonomy":"product_brand","embeddable":true,"href":"https:\/\/landioustravel.com\/fr\/wp-json\/wp\/v2\/product_brand?post=25808"},{"taxonomy":"product_cat","embeddable":true,"href":"https:\/\/landioustravel.com\/fr\/wp-json\/wp\/v2\/product_cat?post=25808"},{"taxonomy":"product_tag","embeddable":true,"href":"https:\/\/landioustravel.com\/fr\/wp-json\/wp\/v2\/product_tag?post=25808"}],"curies":[{"name":"wp","href":"https:\/\/api.w.org\/{rel}","templated":true}]}}