{"id":26086,"date":"2020-10-08T12:43:34","date_gmt":"2020-12-03T20:13:31","guid":{"rendered":"https:\/\/landioustravel.com\/?post_type=product&#038;p=26086"},"modified":"2024-09-27T20:17:02","modified_gmt":"2024-09-27T17:17:02","slug":"visite-ville-sharm-el-sheikh","status":"publish","type":"product","link":"https:\/\/landioustravel.com\/fr\/shop\/visite-ville-sharm-el-sheikh\/","title":{"rendered":"Visite de la ville par Sharm El Sheikh"},"content":{"rendered":"<p>Profitez de l&#8217;une des belles visites \u00e0 <a href=\"https:\/\/landioustravel.com\/fr\/ville-sharm-el-sheikh\/\">Charm el-Cheikh<\/a> pour explorer les sites fantastiques de la ville! C&#8217;est une visite de la ville tr\u00e8s excitante par Sharm El Sheikh, en \u00c9gypte. Nous recommandons le voyage car il permet aux touristes de d\u00e9couvrir les diff\u00e9rentes attractions de Charm el-Cheikh. En outre, cette visite vous fournit des informations compl\u00e8tes sur les diff\u00e9rents domaines et la culture du lieu.<\/p>\n<h2>Principaux points du programme de visite de la ville \u00e0 Sharm<\/h2>\n<ul>\n<li>Visite de la mosqu\u00e9e Mostafa et de l&#8217;\u00e9glise copte orthodoxe<\/li>\n<li>Puis, explorer la vieille ville et faire du shopping<\/li>\n<li>Visiter la baie de Naama et se promener<\/li>\n<li>En outre, regarder le spectacle de fontaines dansantes sur Soho Square<\/li>\n<\/ul>\n<h3>Programme de visite de la ville par Sharm El Sheikh<\/h3>\n<ul>\n<li>Le repr\u00e9sentant de Landious Travel vient vous chercher \u00e0 votre h\u00f4tel, \u00e0 Charm el-Cheikh, vers 15h00<\/li>\n<li>Apr\u00e8s avoir r\u00e9cup\u00e9r\u00e9 tous les arrivants, le bus se dirige vers la vieille ville de Sharm. Il faut environ 30 minutes pour l&#8217;obtenir<\/li>\n<li>Au d\u00e9but du voyage, vous ferez un aper\u00e7u panoramique du lieu. L\u00e0, votre guide vous renseigne sur les diff\u00e9rents quartiers de la ville<\/li>\n<li>Apr\u00e8s cette vue panoramique, vous longez la plus grande et la plus belle mosqu\u00e9e de tout le Sina\u00ef _ Mosqu\u00e9e Mostafa<\/li>\n<li>De plus, vous visiterez l&#8217;\u00c9glise copte orthodoxe. C&#8217;est l&#8217;une des \u00e9glises les plus modernes et les plus belles du monde<\/li>\n<li>Dans le vieux march\u00e9, vous pouvez faire plus d&#8217;activit\u00e9s _ faire du shopping et vous promener<\/li>\n<li>\u00c0 la fin de votre visite dans la vieille ville, vous vous dirigez vers un endroit actif et charmant _ Naama Bay<\/li>\n<li>\u00c0 Naama Bay, vous pouvez profiter d&#8217;une promenade des lieux \u00e0 la d\u00e9couverte des discoth\u00e8ques, restaurants et caf\u00e9s<\/li>\n<li>Ensuite, vous vous dirigez vers Soho Square o\u00f9 vous pourrez profiter du spectacle de la fontaine dansante et du lieu de patinage sur glace<\/li>\n<li>\u00c0 la fin de cette incroyable visite de la ville de Charm el-Cheikh, nous vous raccompagnons \u00e0 vos h\u00f4tels<\/li>\n<li>Cette \u00abvisite de la ville de Sharm El Sheikh\u00bb se termine vers 20h00<\/li>\n<\/ul>\n<h4>Ce qui est inclus dans le prix du voyage<\/h4>\n<ul>\n<li>Transfert en ville et retour \u00e0 l&#8217;h\u00f4tel<\/li>\n<\/ul>\n<h5>Ce qui n&#8217;est pas inclus dans le prix du voyage<\/h5>\n<ul>\n<li>Programmes suppl\u00e9mentaires s&#8217;ils ne sont pas inclus dans le programme ci-dessus<\/li>\n<\/ul>\n<h6>Quoi prendre pour la visite de la ville<\/h6>\n<ul>\n<li>Des lunettes de soleil<\/li>\n<li>L&#8217;argent suppl\u00e9mentaire<\/li>\n<\/ul>\n<h6>Organisation de jours d&#8217;excursion<\/h6>\n<ul>\n<li>Tous les jours de 15h00 \u00e0 20h00<\/li>\n<\/ul>\n","protected":false},"excerpt":{"rendered":"<p>Le Sharm El Sheikh Sightseeing Tour est un itin\u00e9raire ambitieux qui vous emm\u00e8ne dans les endroits les plus fascinants de la ville. Vous pourrez explorer et d\u00e9couvrir tellement de choses sur cet endroit incroyable. Le programme comprend une visite de la vieille ville, du vieux march\u00e9 et de la baie de Naama, de la plus grande mosqu\u00e9e de Charm el-Cheikh, de l&#8217;\u00e9glise copte et de la place Soho. Et, si vous \u00eates int\u00e9ress\u00e9, il y aura aussi des opportunit\u00e9s de shopping.<\/p>\n<p>Alors que Sharm El Sheikh est connue pour ses h\u00f4tels de luxe, ses plong\u00e9es de classe mondiale et sa vie nocturne anim\u00e9e, elle est \u00e9galement une destination depuis des milliers d&#8217;ann\u00e9es en raison de son emplacement sur la route commerciale entre l&#8217;Afrique et l&#8217;Asie. La baie des Cheikhs, comme on l&#8217;appelle, est \u00e9galement appel\u00e9e la ville de la paix en raison des nombreuses conf\u00e9rences de paix qui s&#8217;y tiennent. Cette visite vous donne l&#8217;occasion de d\u00e9couvrir la tol\u00e9rance religieuse de la ville, son architecture moderne et ancienne et le mode de vie \u00e9gyptien local, quelque chose que la plupart des touristes ne voient pas.<\/p>\n<p>Votre guide touristique de la ville viendra vous chercher dans un mini-bus climatis\u00e9 vers 15h00, et notre premier arr\u00eat sera le quartier d&#8217;al-Noor. Ici, nous visiterons la cath\u00e9drale c\u00e9leste, une magnifique cath\u00e9drale catholique avec de belles peintures murales. Votre guide vous donnera \u00e9galement des informations sur l&#8217;histoire du christianisme en \u00c9gypte. Ensuite, nous visiterons la mosqu\u00e9e Al-Mostafa, o\u00f9 votre guide vous parlera du style et de l&#8217;architecture de la mosqu\u00e9e et de l&#8217;islam lui-m\u00eame.<\/p>\n<p>Nous nous dirigerons ensuite vers le phare d&#8217;Al-Fanar, qui offre une vue imprenable sur la c\u00f4te de Sharm et le golfe d&#8217;Aqaba. Ici, nous pouvons nous d\u00e9tendre et admirer les panoramas. Il y a aussi un magnifique m\u00e9morial de la paix ici, parfait pour une s\u00e9ance photo.<\/p>\n<p>La mosqu\u00e9e Sahaba dans le vieux march\u00e9 est notre prochain arr\u00eat. C&#8217;est une belle mosqu\u00e9e qui m\u00e9lange des \u00e9l\u00e9ments fatimides, mamelouks et ottomans dans son architecture et son design int\u00e9rieur. Elle est consid\u00e9r\u00e9e comme la mosqu\u00e9e la plus importante construite au cours de la d\u00e9cennie. Enfin, si vous souhaitez d\u00e9couvrir la vie \u00e9gyptienne locale, nous visiterons le quartier commer\u00e7ant du Vieux March\u00e9, o\u00f9 vous pourrez vous m\u00ealer aux habitants et faire du shopping si vous le souhaitez.<\/p>\n<p>La visite se terminera vers 18 heures et votre guide vous raccompagnera \u00e0 votre h\u00f4tel dans la ville de Sharm El Sheikh. Cette visite est une opportunit\u00e9 incroyable d&#8217;explorer et de d\u00e9couvrir la ville, et nous sommes convaincus que vous vivrez une exp\u00e9rience inoubliable.<\/p>\n","protected":false},"featured_media":45812,"comment_status":"open","ping_status":"closed","template":"","meta":{"_coblocks_attr":"","_coblocks_dimensions":"","_coblocks_responsive_height":"","_coblocks_accordion_ie_support":"","_uag_custom_page_level_css":"","jetpack_post_was_ever_published":false,"jetpack_publicize_message":"","jetpack_publicize_feature_enabled":true,"jetpack_social_post_already_shared":true,"jetpack_social_options":{"image_generator_settings":{"template":"highway","default_image_id":0,"font":"","enabled":false},"version":2},"_wpas_customize_per_network":false},"product_brand":[],"product_cat":[1558],"product_tag":[1651,1578,9905,2109],"class_list":{"0":"post-26086","1":"product","2":"type-product","3":"status-publish","4":"has-post-thumbnail","6":"product_cat-excursions-charm-el-cheikh","7":"product_tag-charm-el-cheikh","8":"product_tag-excursion-fr","9":"product_tag-tourisme","10":"product_tag-visite-guidee","11":"pa_age-adulte","12":"pa_age-enfant","14":"first","15":"instock","16":"sale","17":"taxable","18":"shipping-taxable","19":"purchasable","20":"product-type-variable"},"yoast_head":"<!-- This site is optimized with the Yoast SEO Premium plugin v26.9 (Yoast SEO v27.3) - https:\/\/yoast.com\/product\/yoast-seo-premium-wordpress\/ -->\n<title>Visite de la ville par Sharm El Sheikh<\/title>\n<meta name=\"description\" content=\"Visite de la ville par Sharm El Sheikh comprend divers points et arr\u00eats dans les principaux lieux int\u00e9ressants de la ville. L&#039;excursion est intense et vous\" \/>\n<meta name=\"robots\" content=\"index, follow, max-snippet:-1, max-image-preview:large, max-video-preview:-1\" \/>\n<link rel=\"canonical\" href=\"https:\/\/landioustravel.com\/fr\/shop\/visite-ville-sharm-el-sheikh\/\" \/>\n<meta property=\"og:locale\" content=\"fr_FR\" \/>\n<meta property=\"og:type\" content=\"article\" \/>\n<meta property=\"og:title\" content=\"Visite de la ville par Sharm El Sheikh\" \/>\n<meta property=\"og:description\" content=\"Landious Travel\" \/>\n<meta property=\"og:url\" content=\"https:\/\/landioustravel.com\/fr\/shop\/visite-ville-sharm-el-sheikh\/\" \/>\n<meta property=\"og:site_name\" content=\"Landious Travel\" \/>\n<meta property=\"article:publisher\" content=\"https:\/\/web.facebook.com\/landiousEgypt\" \/>\n<meta property=\"article:modified_time\" content=\"2024-09-27T17:17:02+00:00\" \/>\n<meta property=\"og:image\" content=\"https:\/\/i0.wp.com\/landioustravel.com\/wp-content\/uploads\/2020\/10\/City-Tour-Sharm-El-Sheikh-e1617565959779.jpg?fit=1200%2C675&ssl=1\" \/>\n\t<meta property=\"og:image:width\" content=\"1200\" \/>\n\t<meta property=\"og:image:height\" content=\"675\" \/>\n\t<meta property=\"og:image:type\" content=\"image\/jpeg\" \/>\n<meta name=\"twitter:card\" content=\"summary_large_image\" \/>\n<meta name=\"twitter:site\" content=\"@LandiousTours\" \/>\n<meta name=\"twitter:label1\" content=\"Dur\u00e9e de lecture estim\u00e9e\" \/>\n\t<meta name=\"twitter:data1\" content=\"2 minutes\" \/>\n<script type=\"application\/ld+json\" class=\"yoast-schema-graph\">{\"@context\":\"https:\\\/\\\/schema.org\",\"@graph\":[{\"@type\":\"WebPage\",\"@id\":\"https:\\\/\\\/landioustravel.com\\\/fr\\\/shop\\\/visite-ville-sharm-el-sheikh\\\/\",\"url\":\"https:\\\/\\\/landioustravel.com\\\/fr\\\/shop\\\/visite-ville-sharm-el-sheikh\\\/\",\"name\":\"Visite de la ville par Sharm El Sheikh\",\"isPartOf\":{\"@id\":\"https:\\\/\\\/landioustravel.com\\\/fr\\\/#website\"},\"primaryImageOfPage\":{\"@id\":\"https:\\\/\\\/landioustravel.com\\\/fr\\\/shop\\\/visite-ville-sharm-el-sheikh\\\/#primaryimage\"},\"image\":{\"@id\":\"https:\\\/\\\/landioustravel.com\\\/fr\\\/shop\\\/visite-ville-sharm-el-sheikh\\\/#primaryimage\"},\"thumbnailUrl\":\"https:\\\/\\\/i0.wp.com\\\/landioustravel.com\\\/wp-content\\\/uploads\\\/2020\\\/10\\\/City-Tour-Sharm-El-Sheikh-e1617565959779.jpg?fit=1200%2C675&ssl=1\",\"datePublished\":\"2020-12-03T20:13:31+00:00\",\"dateModified\":\"2024-09-27T17:17:02+00:00\",\"description\":\"Visite de la ville par Sharm El Sheikh comprend divers points et arr\u00eats dans les principaux lieux int\u00e9ressants de la ville. L'excursion est intense et vous\",\"breadcrumb\":{\"@id\":\"https:\\\/\\\/landioustravel.com\\\/fr\\\/shop\\\/visite-ville-sharm-el-sheikh\\\/#breadcrumb\"},\"inLanguage\":\"fr-FR\",\"potentialAction\":[{\"@type\":\"ReadAction\",\"target\":[\"https:\\\/\\\/landioustravel.com\\\/fr\\\/shop\\\/visite-ville-sharm-el-sheikh\\\/\"]}]},{\"@type\":\"ImageObject\",\"inLanguage\":\"fr-FR\",\"@id\":\"https:\\\/\\\/landioustravel.com\\\/fr\\\/shop\\\/visite-ville-sharm-el-sheikh\\\/#primaryimage\",\"url\":\"https:\\\/\\\/i0.wp.com\\\/landioustravel.com\\\/wp-content\\\/uploads\\\/2020\\\/10\\\/City-Tour-Sharm-El-Sheikh-e1617565959779.jpg?fit=1200%2C675&ssl=1\",\"contentUrl\":\"https:\\\/\\\/i0.wp.com\\\/landioustravel.com\\\/wp-content\\\/uploads\\\/2020\\\/10\\\/City-Tour-Sharm-El-Sheikh-e1617565959779.jpg?fit=1200%2C675&ssl=1\",\"width\":1200,\"height\":675,\"caption\":\"City Tour Sharm El Sheikh\"},{\"@type\":\"BreadcrumbList\",\"@id\":\"https:\\\/\\\/landioustravel.com\\\/fr\\\/shop\\\/visite-ville-sharm-el-sheikh\\\/#breadcrumb\",\"itemListElement\":[{\"@type\":\"ListItem\",\"position\":1,\"name\":\"Home\",\"item\":\"https:\\\/\\\/landioustravel.com\\\/fr\\\/\"},{\"@type\":\"ListItem\",\"position\":2,\"name\":\"Prestations &amp; Visites\",\"item\":\"https:\\\/\\\/landioustravel.com\\\/fr\\\/\"},{\"@type\":\"ListItem\",\"position\":3,\"name\":\"Visite de la ville par Sharm El Sheikh\"}]},{\"@type\":\"WebSite\",\"@id\":\"https:\\\/\\\/landioustravel.com\\\/fr\\\/#website\",\"url\":\"https:\\\/\\\/landioustravel.com\\\/fr\\\/\",\"name\":\"Landious Travel\",\"description\":\"Excursions, trips and cruises in Egypt\",\"publisher\":{\"@id\":\"https:\\\/\\\/landioustravel.com\\\/fr\\\/#organization\"},\"potentialAction\":[{\"@type\":\"SearchAction\",\"target\":{\"@type\":\"EntryPoint\",\"urlTemplate\":\"https:\\\/\\\/landioustravel.com\\\/fr\\\/?s={search_term_string}\"},\"query-input\":{\"@type\":\"PropertyValueSpecification\",\"valueRequired\":true,\"valueName\":\"search_term_string\"}}],\"inLanguage\":\"fr-FR\"},{\"@type\":[\"Organization\",\"Place\"],\"@id\":\"https:\\\/\\\/landioustravel.com\\\/fr\\\/#organization\",\"name\":\"Landious Travel\",\"alternateName\":\"Landious Travel\",\"url\":\"https:\\\/\\\/landioustravel.com\\\/fr\\\/\",\"logo\":{\"@id\":\"https:\\\/\\\/landioustravel.com\\\/fr\\\/shop\\\/visite-ville-sharm-el-sheikh\\\/#local-main-organization-logo\"},\"image\":{\"@id\":\"https:\\\/\\\/landioustravel.com\\\/fr\\\/shop\\\/visite-ville-sharm-el-sheikh\\\/#local-main-organization-logo\"},\"sameAs\":[\"https:\\\/\\\/web.facebook.com\\\/landiousEgypt\",\"https:\\\/\\\/x.com\\\/LandiousTours\",\"https:\\\/\\\/mastodon.social\\\/@landious\"],\"legalName\":\"Landious Travel\",\"telephone\":[],\"openingHoursSpecification\":[{\"@type\":\"OpeningHoursSpecification\",\"dayOfWeek\":[\"Monday\",\"Tuesday\",\"Wednesday\",\"Thursday\",\"Friday\",\"Saturday\",\"Sunday\"],\"opens\":\"09:00\",\"closes\":\"17:00\"}]},{\"@type\":\"ImageObject\",\"inLanguage\":\"fr-FR\",\"@id\":\"https:\\\/\\\/landioustravel.com\\\/fr\\\/shop\\\/visite-ville-sharm-el-sheikh\\\/#local-main-organization-logo\",\"url\":\"https:\\\/\\\/i0.wp.com\\\/landioustravel.com\\\/wp-content\\\/uploads\\\/2021\\\/06\\\/Landious-T.png?fit=500%2C500&ssl=1\",\"contentUrl\":\"https:\\\/\\\/i0.wp.com\\\/landioustravel.com\\\/wp-content\\\/uploads\\\/2021\\\/06\\\/Landious-T.png?fit=500%2C500&ssl=1\",\"width\":500,\"height\":500,\"caption\":\"Landious Travel\"}]}<\/script>\n<!-- \/ Yoast SEO Premium plugin. -->","yoast_head_json":{"title":"Visite de la ville par Sharm El Sheikh","description":"Visite de la ville par Sharm El Sheikh comprend divers points et arr\u00eats dans les principaux lieux int\u00e9ressants de la ville. L'excursion est intense et vous","robots":{"index":"index","follow":"follow","max-snippet":"max-snippet:-1","max-image-preview":"max-image-preview:large","max-video-preview":"max-video-preview:-1"},"canonical":"https:\/\/landioustravel.com\/fr\/shop\/visite-ville-sharm-el-sheikh\/","og_locale":"fr_FR","og_type":"article","og_title":"Visite de la ville par Sharm El Sheikh","og_description":"Landious Travel","og_url":"https:\/\/landioustravel.com\/fr\/shop\/visite-ville-sharm-el-sheikh\/","og_site_name":"Landious Travel","article_publisher":"https:\/\/web.facebook.com\/landiousEgypt","article_modified_time":"2024-09-27T17:17:02+00:00","og_image":[{"width":1200,"height":675,"url":"https:\/\/i0.wp.com\/landioustravel.com\/wp-content\/uploads\/2020\/10\/City-Tour-Sharm-El-Sheikh-e1617565959779.jpg?fit=1200%2C675&ssl=1","type":"image\/jpeg"}],"twitter_card":"summary_large_image","twitter_site":"@LandiousTours","twitter_misc":{"Dur\u00e9e de lecture estim\u00e9e":"2 minutes"},"schema":{"@context":"https:\/\/schema.org","@graph":[{"@type":"WebPage","@id":"https:\/\/landioustravel.com\/fr\/shop\/visite-ville-sharm-el-sheikh\/","url":"https:\/\/landioustravel.com\/fr\/shop\/visite-ville-sharm-el-sheikh\/","name":"Visite de la ville par Sharm El Sheikh","isPartOf":{"@id":"https:\/\/landioustravel.com\/fr\/#website"},"primaryImageOfPage":{"@id":"https:\/\/landioustravel.com\/fr\/shop\/visite-ville-sharm-el-sheikh\/#primaryimage"},"image":{"@id":"https:\/\/landioustravel.com\/fr\/shop\/visite-ville-sharm-el-sheikh\/#primaryimage"},"thumbnailUrl":"https:\/\/i0.wp.com\/landioustravel.com\/wp-content\/uploads\/2020\/10\/City-Tour-Sharm-El-Sheikh-e1617565959779.jpg?fit=1200%2C675&ssl=1","datePublished":"2020-12-03T20:13:31+00:00","dateModified":"2024-09-27T17:17:02+00:00","description":"Visite de la ville par Sharm El Sheikh comprend divers points et arr\u00eats dans les principaux lieux int\u00e9ressants de la ville. L'excursion est intense et vous","breadcrumb":{"@id":"https:\/\/landioustravel.com\/fr\/shop\/visite-ville-sharm-el-sheikh\/#breadcrumb"},"inLanguage":"fr-FR","potentialAction":[{"@type":"ReadAction","target":["https:\/\/landioustravel.com\/fr\/shop\/visite-ville-sharm-el-sheikh\/"]}]},{"@type":"ImageObject","inLanguage":"fr-FR","@id":"https:\/\/landioustravel.com\/fr\/shop\/visite-ville-sharm-el-sheikh\/#primaryimage","url":"https:\/\/i0.wp.com\/landioustravel.com\/wp-content\/uploads\/2020\/10\/City-Tour-Sharm-El-Sheikh-e1617565959779.jpg?fit=1200%2C675&ssl=1","contentUrl":"https:\/\/i0.wp.com\/landioustravel.com\/wp-content\/uploads\/2020\/10\/City-Tour-Sharm-El-Sheikh-e1617565959779.jpg?fit=1200%2C675&ssl=1","width":1200,"height":675,"caption":"City Tour Sharm El Sheikh"},{"@type":"BreadcrumbList","@id":"https:\/\/landioustravel.com\/fr\/shop\/visite-ville-sharm-el-sheikh\/#breadcrumb","itemListElement":[{"@type":"ListItem","position":1,"name":"Home","item":"https:\/\/landioustravel.com\/fr\/"},{"@type":"ListItem","position":2,"name":"Prestations &amp; Visites","item":"https:\/\/landioustravel.com\/fr\/"},{"@type":"ListItem","position":3,"name":"Visite de la ville par Sharm El Sheikh"}]},{"@type":"WebSite","@id":"https:\/\/landioustravel.com\/fr\/#website","url":"https:\/\/landioustravel.com\/fr\/","name":"Landious Travel","description":"Excursions, trips and cruises in Egypt","publisher":{"@id":"https:\/\/landioustravel.com\/fr\/#organization"},"potentialAction":[{"@type":"SearchAction","target":{"@type":"EntryPoint","urlTemplate":"https:\/\/landioustravel.com\/fr\/?s={search_term_string}"},"query-input":{"@type":"PropertyValueSpecification","valueRequired":true,"valueName":"search_term_string"}}],"inLanguage":"fr-FR"},{"@type":["Organization","Place"],"@id":"https:\/\/landioustravel.com\/fr\/#organization","name":"Landious Travel","alternateName":"Landious Travel","url":"https:\/\/landioustravel.com\/fr\/","logo":{"@id":"https:\/\/landioustravel.com\/fr\/shop\/visite-ville-sharm-el-sheikh\/#local-main-organization-logo"},"image":{"@id":"https:\/\/landioustravel.com\/fr\/shop\/visite-ville-sharm-el-sheikh\/#local-main-organization-logo"},"sameAs":["https:\/\/web.facebook.com\/landiousEgypt","https:\/\/x.com\/LandiousTours","https:\/\/mastodon.social\/@landious"],"legalName":"Landious Travel","telephone":[],"openingHoursSpecification":[{"@type":"OpeningHoursSpecification","dayOfWeek":["Monday","Tuesday","Wednesday","Thursday","Friday","Saturday","Sunday"],"opens":"09:00","closes":"17:00"}]},{"@type":"ImageObject","inLanguage":"fr-FR","@id":"https:\/\/landioustravel.com\/fr\/shop\/visite-ville-sharm-el-sheikh\/#local-main-organization-logo","url":"https:\/\/i0.wp.com\/landioustravel.com\/wp-content\/uploads\/2021\/06\/Landious-T.png?fit=500%2C500&ssl=1","contentUrl":"https:\/\/i0.wp.com\/landioustravel.com\/wp-content\/uploads\/2021\/06\/Landious-T.png?fit=500%2C500&ssl=1","width":500,"height":500,"caption":"Landious Travel"}]}},"jetpack_publicize_connections":[],"uagb_featured_image_src":{"full":["https:\/\/i0.wp.com\/landioustravel.com\/wp-content\/uploads\/2020\/10\/City-Tour-Sharm-El-Sheikh-e1617565959779.jpg?fit=1200%2C675&ssl=1",1200,675,false],"thumbnail":["https:\/\/i0.wp.com\/landioustravel.com\/wp-content\/uploads\/2020\/10\/City-Tour-Sharm-El-Sheikh-e1617565959779.jpg?resize=150%2C150&ssl=1",150,150,true],"medium":["https:\/\/i0.wp.com\/landioustravel.com\/wp-content\/uploads\/2020\/10\/City-Tour-Sharm-El-Sheikh-e1617565959779.jpg?fit=300%2C169&ssl=1",300,169,true],"medium_large":["https:\/\/i0.wp.com\/landioustravel.com\/wp-content\/uploads\/2020\/10\/City-Tour-Sharm-El-Sheikh-e1617565959779.jpg?fit=768%2C432&ssl=1",768,432,true],"large":["https:\/\/i0.wp.com\/landioustravel.com\/wp-content\/uploads\/2020\/10\/City-Tour-Sharm-El-Sheikh-e1617565959779.jpg?fit=980%2C551&ssl=1",980,551,true],"1536x1536":["https:\/\/i0.wp.com\/landioustravel.com\/wp-content\/uploads\/2020\/10\/City-Tour-Sharm-El-Sheikh-e1617565959779.jpg?fit=1200%2C675&ssl=1",1200,675,true],"2048x2048":["https:\/\/i0.wp.com\/landioustravel.com\/wp-content\/uploads\/2020\/10\/City-Tour-Sharm-El-Sheikh-e1617565959779.jpg?fit=1200%2C675&ssl=1",1200,675,true],"newspack-article-block-landscape-large":["https:\/\/i0.wp.com\/landioustravel.com\/wp-content\/uploads\/2020\/10\/City-Tour-Sharm-El-Sheikh-e1617565959779.jpg?resize=1200%2C675&ssl=1",1200,720,true],"newspack-article-block-portrait-large":["https:\/\/i0.wp.com\/landioustravel.com\/wp-content\/uploads\/2020\/10\/City-Tour-Sharm-El-Sheikh-e1617565959779.jpg?resize=900%2C675&ssl=1",900,720,true],"newspack-article-block-square-large":["https:\/\/i0.wp.com\/landioustravel.com\/wp-content\/uploads\/2020\/10\/City-Tour-Sharm-El-Sheikh-e1617565959779.jpg?resize=1200%2C675&ssl=1",1200,720,true],"newspack-article-block-landscape-medium":["https:\/\/i0.wp.com\/landioustravel.com\/wp-content\/uploads\/2020\/10\/City-Tour-Sharm-El-Sheikh-e1617565959779.jpg?resize=800%2C600&ssl=1",800,600,true],"newspack-article-block-portrait-medium":["https:\/\/i0.wp.com\/landioustravel.com\/wp-content\/uploads\/2020\/10\/City-Tour-Sharm-El-Sheikh-e1617565959779.jpg?resize=600%2C675&ssl=1",600,720,true],"newspack-article-block-square-medium":["https:\/\/i0.wp.com\/landioustravel.com\/wp-content\/uploads\/2020\/10\/City-Tour-Sharm-El-Sheikh-e1617565959779.jpg?resize=800%2C675&ssl=1",800,720,true],"newspack-article-block-landscape-intermediate":["https:\/\/i0.wp.com\/landioustravel.com\/wp-content\/uploads\/2020\/10\/City-Tour-Sharm-El-Sheikh-e1617565959779.jpg?resize=600%2C450&ssl=1",600,450,true],"newspack-article-block-portrait-intermediate":["https:\/\/i0.wp.com\/landioustravel.com\/wp-content\/uploads\/2020\/10\/City-Tour-Sharm-El-Sheikh-e1617565959779.jpg?resize=450%2C600&ssl=1",450,600,true],"newspack-article-block-square-intermediate":["https:\/\/i0.wp.com\/landioustravel.com\/wp-content\/uploads\/2020\/10\/City-Tour-Sharm-El-Sheikh-e1617565959779.jpg?resize=600%2C600&ssl=1",600,600,true],"newspack-article-block-landscape-small":["https:\/\/i0.wp.com\/landioustravel.com\/wp-content\/uploads\/2020\/10\/City-Tour-Sharm-El-Sheikh-e1617565959779.jpg?resize=400%2C300&ssl=1",400,300,true],"newspack-article-block-portrait-small":["https:\/\/i0.wp.com\/landioustravel.com\/wp-content\/uploads\/2020\/10\/City-Tour-Sharm-El-Sheikh-e1617565959779.jpg?resize=300%2C400&ssl=1",300,400,true],"newspack-article-block-square-small":["https:\/\/i0.wp.com\/landioustravel.com\/wp-content\/uploads\/2020\/10\/City-Tour-Sharm-El-Sheikh-e1617565959779.jpg?resize=400%2C400&ssl=1",400,400,true],"newspack-article-block-landscape-tiny":["https:\/\/i0.wp.com\/landioustravel.com\/wp-content\/uploads\/2020\/10\/City-Tour-Sharm-El-Sheikh-e1617565959779.jpg?resize=200%2C150&ssl=1",200,150,true],"newspack-article-block-portrait-tiny":["https:\/\/i0.wp.com\/landioustravel.com\/wp-content\/uploads\/2020\/10\/City-Tour-Sharm-El-Sheikh-e1617565959779.jpg?resize=150%2C200&ssl=1",150,200,true],"newspack-article-block-square-tiny":["https:\/\/i0.wp.com\/landioustravel.com\/wp-content\/uploads\/2020\/10\/City-Tour-Sharm-El-Sheikh-e1617565959779.jpg?resize=200%2C200&ssl=1",200,200,true],"newspack-article-block-uncropped":["https:\/\/i0.wp.com\/landioustravel.com\/wp-content\/uploads\/2020\/10\/City-Tour-Sharm-El-Sheikh-e1617565959779.jpg?fit=1200%2C675&ssl=1",1200,675,true],"woocommerce_thumbnail":["https:\/\/i0.wp.com\/landioustravel.com\/wp-content\/uploads\/2020\/10\/City-Tour-Sharm-El-Sheikh-e1617565959779.jpg?resize=324%2C324&ssl=1",324,324,true],"woocommerce_single":["https:\/\/i0.wp.com\/landioustravel.com\/wp-content\/uploads\/2020\/10\/City-Tour-Sharm-El-Sheikh-e1617565959779.jpg?fit=416%2C234&ssl=1",416,234,true],"woocommerce_gallery_thumbnail":["https:\/\/i0.wp.com\/landioustravel.com\/wp-content\/uploads\/2020\/10\/City-Tour-Sharm-El-Sheikh-e1617565959779.jpg?resize=100%2C100&ssl=1",100,100,true]},"uagb_author_info":{"display_name":"Mofreh Landious","author_link":"https:\/\/landioustravel.com\/fr\/author\/"},"uagb_comment_info":1,"uagb_excerpt":"Le Sharm El Sheikh Sightseeing Tour est un itin\u00e9raire ambitieux qui vous emm\u00e8ne dans les endroits les plus fascinants de la ville. Vous pourrez explorer et d\u00e9couvrir tellement de choses sur cet endroit incroyable. Le programme comprend une visite de la vieille ville, du vieux march\u00e9 et de la baie de Naama, de la plus&hellip;","jetpack_sharing_enabled":true,"jetpack_likes_enabled":true,"amp_enabled":true,"_links":{"self":[{"href":"https:\/\/landioustravel.com\/fr\/wp-json\/wp\/v2\/product\/26086","targetHints":{"allow":["GET"]}}],"collection":[{"href":"https:\/\/landioustravel.com\/fr\/wp-json\/wp\/v2\/product"}],"about":[{"href":"https:\/\/landioustravel.com\/fr\/wp-json\/wp\/v2\/types\/product"}],"replies":[{"embeddable":true,"href":"https:\/\/landioustravel.com\/fr\/wp-json\/wp\/v2\/comments?post=26086"}],"wp:featuredmedia":[{"embeddable":true,"href":"https:\/\/landioustravel.com\/fr\/wp-json\/wp\/v2\/media\/45812"}],"wp:attachment":[{"href":"https:\/\/landioustravel.com\/fr\/wp-json\/wp\/v2\/media?parent=26086"}],"wp:term":[{"taxonomy":"product_brand","embeddable":true,"href":"https:\/\/landioustravel.com\/fr\/wp-json\/wp\/v2\/product_brand?post=26086"},{"taxonomy":"product_cat","embeddable":true,"href":"https:\/\/landioustravel.com\/fr\/wp-json\/wp\/v2\/product_cat?post=26086"},{"taxonomy":"product_tag","embeddable":true,"href":"https:\/\/landioustravel.com\/fr\/wp-json\/wp\/v2\/product_tag?post=26086"}],"curies":[{"name":"wp","href":"https:\/\/api.w.org\/{rel}","templated":true}]}}