{"id":2942,"date":"2019-03-06T12:29:02","date_gmt":"2019-03-06T10:29:02","guid":{"rendered":"https:\/\/landioustravel.com\/product\/safari-moto-trois-heures-charm\/"},"modified":"2024-03-27T04:37:10","modified_gmt":"2024-03-27T02:37:10","slug":"safari-moto-trois-heures-charm","status":"publish","type":"product","link":"https:\/\/landioustravel.com\/fr\/shop\/safari-moto-trois-heures-charm\/","title":{"rendered":"Safari en moto de trois heures \u00e0 Charm el-Cheikh"},"content":{"rendered":"<p>Une excursion tr\u00e8s active pour le quad \u00e0 Sharm El Sheikh! Nous recommandons le voyage car il permet aux touristes de faire du quad sur une longue distance, 50 km! Cela permet \u00e9galement de d\u00e9couvrir le d\u00e9sert du Sina\u00ef et de conna\u00eetre la culture b\u00e9douine.<\/p>\n<h2>Les points forts du programme d&#8217;excursion sur trois heures de quad<\/h2>\n<ul>\n<li>Faire du quad dans le d\u00e9sert \u00e0 50 km<\/li>\n<li>Boire du th\u00e9 b\u00e9douin<\/li>\n<\/ul>\n<h3>Le programme de l&#8217;excursion Moto-Safari de trois heures \u00e0 partir de Charm el-Cheikh<\/h3>\n<ul>\n<li>Nous venons vous chercher \u00e0 l&#8217;h\u00f4tel vers 8h00 du matin.<\/li>\n<li>Apr\u00e8s avoir pris tous les passagers, le minibus \/ jeep se rend dans le d\u00e9sert, o\u00f9 se trouve une base de quad. Il faut environ 20 minutes pour y arriver.<\/li>\n<li>Tout d\u2019abord, vous devez vous pr\u00e9parer \u00e0 mettre vos lunettes de soleil et \u00e0 vous mettre un foulard sur la t\u00eate.<\/li>\n<li>Ensuite, il y a un briefing et une formation pour un peu de temps.<\/li>\n<li>Apr\u00e8s cela, vous conduirez 25 km dans le d\u00e9sert jusqu&#8217;au village b\u00e9douin<\/li>\n<li>D\u00e8s que vous arrivez au village b\u00e9douin, vous pouvez prendre des photos avec les b\u00e9douins.<\/li>\n<li>Le guide accompagne la tente b\u00e9douine. L\u00e0, vous buvez du th\u00e9 et posez vos questions au guide.<\/li>\n<li>Enfin, vous vous appr\u00eatez \u00e0 parcourir 25 km pour rejoindre la base. Ce voyage en quad \u00e0 Sharm El Sheikh dure environ trois heures.<\/li>\n<\/ul>\n<h4>Ce qui est inclus dans le co\u00fbt de la visite<\/h4>\n<ul>\n<li>Transfert dans le d\u00e9sert et retour \u00e0 l&#8217;h\u00f4tel<\/li>\n<\/ul>\n<h5>Ce qui n&#8217;est pas inclus dans le co\u00fbt de la visite<\/h5>\n<ul>\n<li>DVD vid\u00e9o<\/li>\n<li>CD photo<\/li>\n<\/ul>\n<h6>CE QU&#8217;IL FAUT PRENDRE PAR VOUS-M\u00caME<\/h6>\n<ul>\n<li>\u00c9charpe<\/li>\n<li>Des lunettes de soleil<\/li>\n<\/ul>\n<h6>JOURS D&#8217;EXCURSIONS D&#8217;ORGANISATION<\/h6>\n<ul>\n<li>Tous les jours de 08h00 \u00e0 midi<\/li>\n<\/ul>\n","protected":false},"excerpt":{"rendered":"<p>Embarquez pour une exp\u00e9rience vraiment inoubliable avec une excursion safari en buggy de plage de trois heures \u00e0 Charm el-Cheikh ! Cette aventure vous garantit la possibilit\u00e9 de parcourir 50 km en quad dans le d\u00e9sert, tout en vous familiarisant avec la nature \u00e9poustouflante de la p\u00e9ninsule du Sina\u00ef. Vous aurez m\u00eame l&#8217;occasion de partager une tasse de th\u00e9 avec les habitants hospitaliers du d\u00e9sert &#8211; les B\u00e9douins ! C&#8217;est une fa\u00e7on exaltante d&#8217;avoir un aper\u00e7u de plus pr\u00e8s de l&#8217;extraordinaire paysage d\u00e9sertique sans avoir besoin d&#8217;aucune exp\u00e9rience de conduite pr\u00e9alable. Choisissez entre un voyage au lever ou au coucher du soleil et soyez pris en charge pour une courte s\u00e9ance d&#8217;entra\u00eenement avant de vous lancer dans une aventure guid\u00e9e \u00e0 travers le d\u00e9sert en direction des montagnes du Sina\u00ef pendant une heure et vingt minutes, comprenant deux arr\u00eats. Profitez de nombreuses plaines ouvertes o\u00f9 vous pouvez ouvrir les gaz, culminant avec la chance de voir le soleil se coucher sur ce paysage magnifique. Vous aurez \u00e9galement un arr\u00eat pour visiter la vall\u00e9e d&#8217;Echo et un autre arr\u00eat dans une tente b\u00e9douine o\u00f9 du th\u00e9 b\u00e9douin vous sera offert. \u00c0 la fin de la visite, vous retournerez \u00e0 votre h\u00f4tel. R\u00e9servez cette excursion populaire en quad dans le d\u00e9sert en ligne et \u00e0 l&#8217;avance, et d\u00e9couvrez l&#8217;hospitalit\u00e9 b\u00e9douine lors d&#8217;une pause th\u00e9 dans une tente du d\u00e9sert. Cette exp\u00e9rience en quad convient \u00e0 tous les niveaux de cavaliers de votre groupe.<\/p>\n","protected":false},"featured_media":99577,"comment_status":"open","ping_status":"closed","template":"","meta":{"_coblocks_attr":"","_coblocks_dimensions":"","_coblocks_responsive_height":"","_coblocks_accordion_ie_support":"","_uag_custom_page_level_css":"","jetpack_post_was_ever_published":false,"jetpack_publicize_message":"","jetpack_publicize_feature_enabled":true,"jetpack_social_post_already_shared":false,"jetpack_social_options":{"image_generator_settings":{"template":"highway","default_image_id":0,"font":"","enabled":false},"version":2},"_wpas_customize_per_network":false},"product_brand":[],"product_cat":[1558,19124],"product_tag":[1651,1578,2179,1583,1574],"class_list":{"0":"post-2942","1":"product","2":"type-product","3":"status-publish","4":"has-post-thumbnail","6":"product_cat-excursions-charm-el-cheikh","7":"product_cat-safari-tours-charm-el-cheikh","8":"product_tag-charm-el-cheikh","9":"product_tag-excursion-fr","10":"product_tag-quad-conduite","11":"product_tag-safari-fr","12":"product_tag-safari-dans-desert","14":"first","15":"instock","16":"sale","17":"purchasable","18":"product-type-variable"},"yoast_head":"<!-- This site is optimized with the Yoast SEO Premium plugin v26.9 (Yoast SEO v27.3) - https:\/\/yoast.com\/product\/yoast-seo-premium-wordpress\/ -->\n<title>Safari en moto de trois heures \u00e0 Charm el-Cheikh<\/title>\n<meta name=\"description\" content=\"Safari en moto de trois heures \u00e0 Charm el-Cheikh Embarquez pour une exp\u00e9rience vraiment inoubliable avec une excursion safari en buggy de plage de trois\" \/>\n<meta name=\"robots\" content=\"index, follow, max-snippet:-1, max-image-preview:large, max-video-preview:-1\" \/>\n<link rel=\"canonical\" href=\"https:\/\/landioustravel.com\/fr\/shop\/safari-moto-trois-heures-charm\/\" \/>\n<meta property=\"og:locale\" content=\"fr_FR\" \/>\n<meta property=\"og:type\" content=\"article\" \/>\n<meta property=\"og:title\" content=\"Safari en moto de trois heures \u00e0 Charm el-Cheikh\" \/>\n<meta property=\"og:description\" content=\"Landious Travel\" \/>\n<meta property=\"og:url\" content=\"https:\/\/landioustravel.com\/fr\/shop\/safari-moto-trois-heures-charm\/\" \/>\n<meta property=\"og:site_name\" content=\"Landious Travel\" \/>\n<meta property=\"article:publisher\" content=\"https:\/\/web.facebook.com\/landiousEgypt\" \/>\n<meta property=\"article:modified_time\" content=\"2024-03-27T02:37:10+00:00\" \/>\n<meta property=\"og:image\" content=\"https:\/\/i0.wp.com\/landioustravel.com\/wp-content\/uploads\/2019\/03\/Three-Hours-Moto-Safari-Sharm-El-Sheikh-e1669333340567.jpg?fit=1200%2C673&ssl=1\" \/>\n\t<meta property=\"og:image:width\" content=\"1200\" \/>\n\t<meta property=\"og:image:height\" content=\"673\" \/>\n\t<meta property=\"og:image:type\" content=\"image\/jpeg\" \/>\n<meta name=\"twitter:card\" content=\"summary_large_image\" \/>\n<meta name=\"twitter:site\" content=\"@LandiousTours\" \/>\n<meta name=\"twitter:label1\" content=\"Dur\u00e9e de lecture estim\u00e9e\" \/>\n\t<meta name=\"twitter:data1\" content=\"2 minutes\" \/>\n<script type=\"application\/ld+json\" class=\"yoast-schema-graph\">{\"@context\":\"https:\\\/\\\/schema.org\",\"@graph\":[{\"@type\":\"WebPage\",\"@id\":\"https:\\\/\\\/landioustravel.com\\\/fr\\\/shop\\\/safari-moto-trois-heures-charm\\\/\",\"url\":\"https:\\\/\\\/landioustravel.com\\\/fr\\\/shop\\\/safari-moto-trois-heures-charm\\\/\",\"name\":\"Safari en moto de trois heures \u00e0 Charm el-Cheikh\",\"isPartOf\":{\"@id\":\"https:\\\/\\\/landioustravel.com\\\/fr\\\/#website\"},\"primaryImageOfPage\":{\"@id\":\"https:\\\/\\\/landioustravel.com\\\/fr\\\/shop\\\/safari-moto-trois-heures-charm\\\/#primaryimage\"},\"image\":{\"@id\":\"https:\\\/\\\/landioustravel.com\\\/fr\\\/shop\\\/safari-moto-trois-heures-charm\\\/#primaryimage\"},\"thumbnailUrl\":\"https:\\\/\\\/i0.wp.com\\\/landioustravel.com\\\/wp-content\\\/uploads\\\/2019\\\/03\\\/Three-Hours-Moto-Safari-Sharm-El-Sheikh-e1669333340567.jpg?fit=1200%2C673&ssl=1\",\"datePublished\":\"2019-03-06T10:29:02+00:00\",\"dateModified\":\"2024-03-27T02:37:10+00:00\",\"description\":\"Safari en moto de trois heures \u00e0 Charm el-Cheikh Embarquez pour une exp\u00e9rience vraiment inoubliable avec une excursion safari en buggy de plage de trois\",\"breadcrumb\":{\"@id\":\"https:\\\/\\\/landioustravel.com\\\/fr\\\/shop\\\/safari-moto-trois-heures-charm\\\/#breadcrumb\"},\"inLanguage\":\"fr-FR\",\"potentialAction\":[{\"@type\":\"ReadAction\",\"target\":[\"https:\\\/\\\/landioustravel.com\\\/fr\\\/shop\\\/safari-moto-trois-heures-charm\\\/\"]}]},{\"@type\":\"ImageObject\",\"inLanguage\":\"fr-FR\",\"@id\":\"https:\\\/\\\/landioustravel.com\\\/fr\\\/shop\\\/safari-moto-trois-heures-charm\\\/#primaryimage\",\"url\":\"https:\\\/\\\/i0.wp.com\\\/landioustravel.com\\\/wp-content\\\/uploads\\\/2019\\\/03\\\/Three-Hours-Moto-Safari-Sharm-El-Sheikh-e1669333340567.jpg?fit=1200%2C673&ssl=1\",\"contentUrl\":\"https:\\\/\\\/i0.wp.com\\\/landioustravel.com\\\/wp-content\\\/uploads\\\/2019\\\/03\\\/Three-Hours-Moto-Safari-Sharm-El-Sheikh-e1669333340567.jpg?fit=1200%2C673&ssl=1\",\"width\":1200,\"height\":673,\"caption\":\"Three Hours Moto Safari Sharm El Sheikh\"},{\"@type\":\"BreadcrumbList\",\"@id\":\"https:\\\/\\\/landioustravel.com\\\/fr\\\/shop\\\/safari-moto-trois-heures-charm\\\/#breadcrumb\",\"itemListElement\":[{\"@type\":\"ListItem\",\"position\":1,\"name\":\"Home\",\"item\":\"https:\\\/\\\/landioustravel.com\\\/fr\\\/\"},{\"@type\":\"ListItem\",\"position\":2,\"name\":\"Prestations &amp; Visites\",\"item\":\"https:\\\/\\\/landioustravel.com\\\/fr\\\/\"},{\"@type\":\"ListItem\",\"position\":3,\"name\":\"Safari en moto de trois heures \u00e0 Charm el-Cheikh\"}]},{\"@type\":\"WebSite\",\"@id\":\"https:\\\/\\\/landioustravel.com\\\/fr\\\/#website\",\"url\":\"https:\\\/\\\/landioustravel.com\\\/fr\\\/\",\"name\":\"Landious Travel\",\"description\":\"Excursions, trips and cruises in Egypt\",\"publisher\":{\"@id\":\"https:\\\/\\\/landioustravel.com\\\/fr\\\/#organization\"},\"potentialAction\":[{\"@type\":\"SearchAction\",\"target\":{\"@type\":\"EntryPoint\",\"urlTemplate\":\"https:\\\/\\\/landioustravel.com\\\/fr\\\/?s={search_term_string}\"},\"query-input\":{\"@type\":\"PropertyValueSpecification\",\"valueRequired\":true,\"valueName\":\"search_term_string\"}}],\"inLanguage\":\"fr-FR\"},{\"@type\":[\"Organization\",\"Place\"],\"@id\":\"https:\\\/\\\/landioustravel.com\\\/fr\\\/#organization\",\"name\":\"Landious Travel\",\"alternateName\":\"Landious Travel\",\"url\":\"https:\\\/\\\/landioustravel.com\\\/fr\\\/\",\"logo\":{\"@id\":\"https:\\\/\\\/landioustravel.com\\\/fr\\\/shop\\\/safari-moto-trois-heures-charm\\\/#local-main-organization-logo\"},\"image\":{\"@id\":\"https:\\\/\\\/landioustravel.com\\\/fr\\\/shop\\\/safari-moto-trois-heures-charm\\\/#local-main-organization-logo\"},\"sameAs\":[\"https:\\\/\\\/web.facebook.com\\\/landiousEgypt\",\"https:\\\/\\\/x.com\\\/LandiousTours\",\"https:\\\/\\\/mastodon.social\\\/@landious\"],\"legalName\":\"Landious Travel\",\"telephone\":[],\"openingHoursSpecification\":[{\"@type\":\"OpeningHoursSpecification\",\"dayOfWeek\":[\"Monday\",\"Tuesday\",\"Wednesday\",\"Thursday\",\"Friday\",\"Saturday\",\"Sunday\"],\"opens\":\"09:00\",\"closes\":\"17:00\"}]},{\"@type\":\"ImageObject\",\"inLanguage\":\"fr-FR\",\"@id\":\"https:\\\/\\\/landioustravel.com\\\/fr\\\/shop\\\/safari-moto-trois-heures-charm\\\/#local-main-organization-logo\",\"url\":\"https:\\\/\\\/i0.wp.com\\\/landioustravel.com\\\/wp-content\\\/uploads\\\/2021\\\/06\\\/Landious-T.png?fit=500%2C500&ssl=1\",\"contentUrl\":\"https:\\\/\\\/i0.wp.com\\\/landioustravel.com\\\/wp-content\\\/uploads\\\/2021\\\/06\\\/Landious-T.png?fit=500%2C500&ssl=1\",\"width\":500,\"height\":500,\"caption\":\"Landious Travel\"}]}<\/script>\n<!-- \/ Yoast SEO Premium plugin. -->","yoast_head_json":{"title":"Safari en moto de trois heures \u00e0 Charm el-Cheikh","description":"Safari en moto de trois heures \u00e0 Charm el-Cheikh Embarquez pour une exp\u00e9rience vraiment inoubliable avec une excursion safari en buggy de plage de trois","robots":{"index":"index","follow":"follow","max-snippet":"max-snippet:-1","max-image-preview":"max-image-preview:large","max-video-preview":"max-video-preview:-1"},"canonical":"https:\/\/landioustravel.com\/fr\/shop\/safari-moto-trois-heures-charm\/","og_locale":"fr_FR","og_type":"article","og_title":"Safari en moto de trois heures \u00e0 Charm el-Cheikh","og_description":"Landious Travel","og_url":"https:\/\/landioustravel.com\/fr\/shop\/safari-moto-trois-heures-charm\/","og_site_name":"Landious Travel","article_publisher":"https:\/\/web.facebook.com\/landiousEgypt","article_modified_time":"2024-03-27T02:37:10+00:00","og_image":[{"width":1200,"height":673,"url":"https:\/\/i0.wp.com\/landioustravel.com\/wp-content\/uploads\/2019\/03\/Three-Hours-Moto-Safari-Sharm-El-Sheikh-e1669333340567.jpg?fit=1200%2C673&ssl=1","type":"image\/jpeg"}],"twitter_card":"summary_large_image","twitter_site":"@LandiousTours","twitter_misc":{"Dur\u00e9e de lecture estim\u00e9e":"2 minutes"},"schema":{"@context":"https:\/\/schema.org","@graph":[{"@type":"WebPage","@id":"https:\/\/landioustravel.com\/fr\/shop\/safari-moto-trois-heures-charm\/","url":"https:\/\/landioustravel.com\/fr\/shop\/safari-moto-trois-heures-charm\/","name":"Safari en moto de trois heures \u00e0 Charm el-Cheikh","isPartOf":{"@id":"https:\/\/landioustravel.com\/fr\/#website"},"primaryImageOfPage":{"@id":"https:\/\/landioustravel.com\/fr\/shop\/safari-moto-trois-heures-charm\/#primaryimage"},"image":{"@id":"https:\/\/landioustravel.com\/fr\/shop\/safari-moto-trois-heures-charm\/#primaryimage"},"thumbnailUrl":"https:\/\/i0.wp.com\/landioustravel.com\/wp-content\/uploads\/2019\/03\/Three-Hours-Moto-Safari-Sharm-El-Sheikh-e1669333340567.jpg?fit=1200%2C673&ssl=1","datePublished":"2019-03-06T10:29:02+00:00","dateModified":"2024-03-27T02:37:10+00:00","description":"Safari en moto de trois heures \u00e0 Charm el-Cheikh Embarquez pour une exp\u00e9rience vraiment inoubliable avec une excursion safari en buggy de plage de trois","breadcrumb":{"@id":"https:\/\/landioustravel.com\/fr\/shop\/safari-moto-trois-heures-charm\/#breadcrumb"},"inLanguage":"fr-FR","potentialAction":[{"@type":"ReadAction","target":["https:\/\/landioustravel.com\/fr\/shop\/safari-moto-trois-heures-charm\/"]}]},{"@type":"ImageObject","inLanguage":"fr-FR","@id":"https:\/\/landioustravel.com\/fr\/shop\/safari-moto-trois-heures-charm\/#primaryimage","url":"https:\/\/i0.wp.com\/landioustravel.com\/wp-content\/uploads\/2019\/03\/Three-Hours-Moto-Safari-Sharm-El-Sheikh-e1669333340567.jpg?fit=1200%2C673&ssl=1","contentUrl":"https:\/\/i0.wp.com\/landioustravel.com\/wp-content\/uploads\/2019\/03\/Three-Hours-Moto-Safari-Sharm-El-Sheikh-e1669333340567.jpg?fit=1200%2C673&ssl=1","width":1200,"height":673,"caption":"Three Hours Moto Safari Sharm El Sheikh"},{"@type":"BreadcrumbList","@id":"https:\/\/landioustravel.com\/fr\/shop\/safari-moto-trois-heures-charm\/#breadcrumb","itemListElement":[{"@type":"ListItem","position":1,"name":"Home","item":"https:\/\/landioustravel.com\/fr\/"},{"@type":"ListItem","position":2,"name":"Prestations &amp; Visites","item":"https:\/\/landioustravel.com\/fr\/"},{"@type":"ListItem","position":3,"name":"Safari en moto de trois heures \u00e0 Charm el-Cheikh"}]},{"@type":"WebSite","@id":"https:\/\/landioustravel.com\/fr\/#website","url":"https:\/\/landioustravel.com\/fr\/","name":"Landious Travel","description":"Excursions, trips and cruises in Egypt","publisher":{"@id":"https:\/\/landioustravel.com\/fr\/#organization"},"potentialAction":[{"@type":"SearchAction","target":{"@type":"EntryPoint","urlTemplate":"https:\/\/landioustravel.com\/fr\/?s={search_term_string}"},"query-input":{"@type":"PropertyValueSpecification","valueRequired":true,"valueName":"search_term_string"}}],"inLanguage":"fr-FR"},{"@type":["Organization","Place"],"@id":"https:\/\/landioustravel.com\/fr\/#organization","name":"Landious Travel","alternateName":"Landious Travel","url":"https:\/\/landioustravel.com\/fr\/","logo":{"@id":"https:\/\/landioustravel.com\/fr\/shop\/safari-moto-trois-heures-charm\/#local-main-organization-logo"},"image":{"@id":"https:\/\/landioustravel.com\/fr\/shop\/safari-moto-trois-heures-charm\/#local-main-organization-logo"},"sameAs":["https:\/\/web.facebook.com\/landiousEgypt","https:\/\/x.com\/LandiousTours","https:\/\/mastodon.social\/@landious"],"legalName":"Landious Travel","telephone":[],"openingHoursSpecification":[{"@type":"OpeningHoursSpecification","dayOfWeek":["Monday","Tuesday","Wednesday","Thursday","Friday","Saturday","Sunday"],"opens":"09:00","closes":"17:00"}]},{"@type":"ImageObject","inLanguage":"fr-FR","@id":"https:\/\/landioustravel.com\/fr\/shop\/safari-moto-trois-heures-charm\/#local-main-organization-logo","url":"https:\/\/i0.wp.com\/landioustravel.com\/wp-content\/uploads\/2021\/06\/Landious-T.png?fit=500%2C500&ssl=1","contentUrl":"https:\/\/i0.wp.com\/landioustravel.com\/wp-content\/uploads\/2021\/06\/Landious-T.png?fit=500%2C500&ssl=1","width":500,"height":500,"caption":"Landious Travel"}]}},"jetpack_publicize_connections":[],"uagb_featured_image_src":{"full":["https:\/\/i0.wp.com\/landioustravel.com\/wp-content\/uploads\/2019\/03\/Three-Hours-Moto-Safari-Sharm-El-Sheikh-e1669333340567.jpg?fit=1200%2C673&ssl=1",1200,673,false],"thumbnail":["https:\/\/i0.wp.com\/landioustravel.com\/wp-content\/uploads\/2019\/03\/Three-Hours-Moto-Safari-Sharm-El-Sheikh-e1669333340567.jpg?resize=150%2C150&ssl=1",150,150,true],"medium":["https:\/\/i0.wp.com\/landioustravel.com\/wp-content\/uploads\/2019\/03\/Three-Hours-Moto-Safari-Sharm-El-Sheikh-e1669333340567.jpg?fit=300%2C168&ssl=1",300,168,true],"medium_large":["https:\/\/i0.wp.com\/landioustravel.com\/wp-content\/uploads\/2019\/03\/Three-Hours-Moto-Safari-Sharm-El-Sheikh-e1669333340567.jpg?fit=768%2C431&ssl=1",768,431,true],"large":["https:\/\/i0.wp.com\/landioustravel.com\/wp-content\/uploads\/2019\/03\/Three-Hours-Moto-Safari-Sharm-El-Sheikh-e1669333340567.jpg?fit=980%2C549&ssl=1",980,549,true],"1536x1536":["https:\/\/i0.wp.com\/landioustravel.com\/wp-content\/uploads\/2019\/03\/Three-Hours-Moto-Safari-Sharm-El-Sheikh-e1669333340567.jpg?fit=1200%2C673&ssl=1",1200,673,true],"2048x2048":["https:\/\/i0.wp.com\/landioustravel.com\/wp-content\/uploads\/2019\/03\/Three-Hours-Moto-Safari-Sharm-El-Sheikh-e1669333340567.jpg?fit=1200%2C673&ssl=1",1200,673,true],"newspack-article-block-landscape-large":["https:\/\/i0.wp.com\/landioustravel.com\/wp-content\/uploads\/2019\/03\/Three-Hours-Moto-Safari-Sharm-El-Sheikh-e1669333340567.jpg?resize=1200%2C673&ssl=1",1200,673,true],"newspack-article-block-portrait-large":["https:\/\/i0.wp.com\/landioustravel.com\/wp-content\/uploads\/2019\/03\/Three-Hours-Moto-Safari-Sharm-El-Sheikh-e1669333340567.jpg?resize=900%2C673&ssl=1",900,673,true],"newspack-article-block-square-large":["https:\/\/i0.wp.com\/landioustravel.com\/wp-content\/uploads\/2019\/03\/Three-Hours-Moto-Safari-Sharm-El-Sheikh-e1669333340567.jpg?resize=1200%2C673&ssl=1",1200,673,true],"newspack-article-block-landscape-medium":["https:\/\/i0.wp.com\/landioustravel.com\/wp-content\/uploads\/2019\/03\/Three-Hours-Moto-Safari-Sharm-El-Sheikh-e1669333340567.jpg?resize=800%2C600&ssl=1",800,600,true],"newspack-article-block-portrait-medium":["https:\/\/i0.wp.com\/landioustravel.com\/wp-content\/uploads\/2019\/03\/Three-Hours-Moto-Safari-Sharm-El-Sheikh-e1669333340567.jpg?resize=600%2C673&ssl=1",600,673,true],"newspack-article-block-square-medium":["https:\/\/i0.wp.com\/landioustravel.com\/wp-content\/uploads\/2019\/03\/Three-Hours-Moto-Safari-Sharm-El-Sheikh-e1669333340567.jpg?resize=800%2C673&ssl=1",800,673,true],"newspack-article-block-landscape-intermediate":["https:\/\/i0.wp.com\/landioustravel.com\/wp-content\/uploads\/2019\/03\/Three-Hours-Moto-Safari-Sharm-El-Sheikh-e1669333340567.jpg?resize=600%2C450&ssl=1",600,450,true],"newspack-article-block-portrait-intermediate":["https:\/\/i0.wp.com\/landioustravel.com\/wp-content\/uploads\/2019\/03\/Three-Hours-Moto-Safari-Sharm-El-Sheikh-e1669333340567.jpg?resize=450%2C600&ssl=1",450,600,true],"newspack-article-block-square-intermediate":["https:\/\/i0.wp.com\/landioustravel.com\/wp-content\/uploads\/2019\/03\/Three-Hours-Moto-Safari-Sharm-El-Sheikh-e1669333340567.jpg?resize=600%2C600&ssl=1",600,600,true],"newspack-article-block-landscape-small":["https:\/\/i0.wp.com\/landioustravel.com\/wp-content\/uploads\/2019\/03\/Three-Hours-Moto-Safari-Sharm-El-Sheikh-e1669333340567.jpg?resize=400%2C300&ssl=1",400,300,true],"newspack-article-block-portrait-small":["https:\/\/i0.wp.com\/landioustravel.com\/wp-content\/uploads\/2019\/03\/Three-Hours-Moto-Safari-Sharm-El-Sheikh-e1669333340567.jpg?resize=300%2C400&ssl=1",300,400,true],"newspack-article-block-square-small":["https:\/\/i0.wp.com\/landioustravel.com\/wp-content\/uploads\/2019\/03\/Three-Hours-Moto-Safari-Sharm-El-Sheikh-e1669333340567.jpg?resize=400%2C400&ssl=1",400,400,true],"newspack-article-block-landscape-tiny":["https:\/\/i0.wp.com\/landioustravel.com\/wp-content\/uploads\/2019\/03\/Three-Hours-Moto-Safari-Sharm-El-Sheikh-e1669333340567.jpg?resize=200%2C150&ssl=1",200,150,true],"newspack-article-block-portrait-tiny":["https:\/\/i0.wp.com\/landioustravel.com\/wp-content\/uploads\/2019\/03\/Three-Hours-Moto-Safari-Sharm-El-Sheikh-e1669333340567.jpg?resize=150%2C200&ssl=1",150,200,true],"newspack-article-block-square-tiny":["https:\/\/i0.wp.com\/landioustravel.com\/wp-content\/uploads\/2019\/03\/Three-Hours-Moto-Safari-Sharm-El-Sheikh-e1669333340567.jpg?resize=200%2C200&ssl=1",200,200,true],"newspack-article-block-uncropped":["https:\/\/i0.wp.com\/landioustravel.com\/wp-content\/uploads\/2019\/03\/Three-Hours-Moto-Safari-Sharm-El-Sheikh-e1669333340567.jpg?fit=1200%2C673&ssl=1",1200,673,true],"woocommerce_thumbnail":["https:\/\/i0.wp.com\/landioustravel.com\/wp-content\/uploads\/2019\/03\/Three-Hours-Moto-Safari-Sharm-El-Sheikh-e1669333340567.jpg?resize=324%2C324&ssl=1",324,324,true],"woocommerce_single":["https:\/\/i0.wp.com\/landioustravel.com\/wp-content\/uploads\/2019\/03\/Three-Hours-Moto-Safari-Sharm-El-Sheikh-e1669333340567.jpg?fit=416%2C233&ssl=1",416,233,true],"woocommerce_gallery_thumbnail":["https:\/\/i0.wp.com\/landioustravel.com\/wp-content\/uploads\/2019\/03\/Three-Hours-Moto-Safari-Sharm-El-Sheikh-e1669333340567.jpg?resize=100%2C100&ssl=1",100,100,true]},"uagb_author_info":{"display_name":"Mofreh Landious","author_link":"https:\/\/landioustravel.com\/fr\/author\/"},"uagb_comment_info":7,"uagb_excerpt":"Embarquez pour une exp\u00e9rience vraiment inoubliable avec une excursion safari en buggy de plage de trois heures \u00e0 Charm el-Cheikh ! Cette aventure vous garantit la possibilit\u00e9 de parcourir 50 km en quad dans le d\u00e9sert, tout en vous familiarisant avec la nature \u00e9poustouflante de la p\u00e9ninsule du Sina\u00ef. Vous aurez m\u00eame l'occasion de partager&hellip;","jetpack_sharing_enabled":true,"jetpack_likes_enabled":true,"amp_enabled":true,"_links":{"self":[{"href":"https:\/\/landioustravel.com\/fr\/wp-json\/wp\/v2\/product\/2942","targetHints":{"allow":["GET"]}}],"collection":[{"href":"https:\/\/landioustravel.com\/fr\/wp-json\/wp\/v2\/product"}],"about":[{"href":"https:\/\/landioustravel.com\/fr\/wp-json\/wp\/v2\/types\/product"}],"replies":[{"embeddable":true,"href":"https:\/\/landioustravel.com\/fr\/wp-json\/wp\/v2\/comments?post=2942"}],"wp:featuredmedia":[{"embeddable":true,"href":"https:\/\/landioustravel.com\/fr\/wp-json\/wp\/v2\/media\/99577"}],"wp:attachment":[{"href":"https:\/\/landioustravel.com\/fr\/wp-json\/wp\/v2\/media?parent=2942"}],"wp:term":[{"taxonomy":"product_brand","embeddable":true,"href":"https:\/\/landioustravel.com\/fr\/wp-json\/wp\/v2\/product_brand?post=2942"},{"taxonomy":"product_cat","embeddable":true,"href":"https:\/\/landioustravel.com\/fr\/wp-json\/wp\/v2\/product_cat?post=2942"},{"taxonomy":"product_tag","embeddable":true,"href":"https:\/\/landioustravel.com\/fr\/wp-json\/wp\/v2\/product_tag?post=2942"}],"curies":[{"name":"wp","href":"https:\/\/api.w.org\/{rel}","templated":true}]}}