{"id":3866,"date":"2019-04-06T21:29:39","date_gmt":"2019-04-06T19:29:41","guid":{"rendered":"https:\/\/landioustravel.com\/?post_type=product&#038;p=3866"},"modified":"2024-09-25T20:15:10","modified_gmt":"2024-09-25T17:15:10","slug":"voyage-nuit-vieux-caire-hurghada","status":"publish","type":"product","link":"https:\/\/landioustravel.com\/fr\/shop\/voyage-nuit-vieux-caire-hurghada\/","title":{"rendered":"Voyage de nuit au Caire depuis Hurghada &#8211; Vieux Caire"},"content":{"rendered":"<p>Un merveilleux voyage de deux jours au <a href=\"https:\/\/landioustravel.com\/fr\/egypte\/villes-egyptiennes\/gouvernorat-caire\/\">Caire<\/a> depuis la station baln\u00e9aire d&#8217;<a href=\"https:\/\/landioustravel.com\/fr\/ville-hurghada\/\">Hurghada<\/a>! Nous recommandons cette excursion car elle permet aux touristes de voir les sites les plus impressionnants construits au cours de <a href=\"https:\/\/landioustravel.com\/fr\/egypte\/histoire-egypte\/histoire-ancienne\/\">l\u2019\u00c9gypte ancienne<\/a> et de la vieille ville du Caire. Cela vous permet d\u2019en apprendre beaucoup sur <a href=\"https:\/\/landioustravel.com\/fr\/egypte\/histoire-egypte\/\">l\u2019histoire du pays<\/a>!<\/p>\n<h2>Points principaux du programme d&#8217;excursion au Caire<\/h2>\n<ul>\n<li>Visite au mus\u00e9e \u00e9gyptien au Caire<\/li>\n<li>Le d\u00e9jeuner<\/li>\n<li>Visiter les trois pyramides de Gizeh<\/li>\n<li>Et le grand sphinx dans le complexe pyramidal<\/li>\n<li>Une nuit dans un h\u00f4tel<\/li>\n<li>Visiter le vieux quartier du Caire avec un arr\u00eat \u00e0 Khan El-Khalili<\/li>\n<li>Et enfin, la citadelle de Saladin<\/li>\n<\/ul>\n<h3>Programme de l&#8217;excursion au Caire-Gizeh depuis Hurghada<\/h3>\n<ul>\n<li>Vous venez chercher \u00e0 l&#8217;h\u00f4tel vers 02h00 du matin<\/li>\n<li>Apr\u00e8s vous \u00eatre pris en charge, votre v\u00e9hicule priv\u00e9 (limousine ou minibus) partira pour le Caire en passant par les villes de Ras Ghareb, Zaafarana, Ain Sokhna et Suez. Toutes ces villes sont au nord de Hurghada, sur la c\u00f4te de la mer Rouge. La route, du centre d&#8217;Hurghada au Caire, prend environ 6 heures<\/li>\n<\/ul>\n<h4>Programme au Caire<\/h4>\n<ul>\n<li>D\u00e8s votre arriv\u00e9e au Caire, nous montrons le mus\u00e9e \u00e9gyptien. Le mus\u00e9e compte environ 100 salles d\u2019exposition, o\u00f9 se trouve une collection unique d\u2019environ 150 000 objets. Votre guide aura pour t\u00e2che de montrer les merveilleuses expositions de ce mus\u00e9e et de vous laisser du temps libre pour prendre des photos.<\/li>\n<li>Apr\u00e8s avoir visit\u00e9 le mus\u00e9e \u00e9gyptien au Caire, vous pouvez choisir de faire une excursion en bateau sur le Nil. Ceci est un programme suppl\u00e9mentaire moyennant des frais suppl\u00e9mentaires! D\u00e8s que la promenade en bateau sur le Nil se termine, vous vous dirigez vers une autre ville _ Giza<\/li>\n<\/ul>\n<h4>Programme de Gizeh<\/h4>\n<ul>\n<li>Le voyage continue \u00e0 Gizeh. Le premier arr\u00eat, l\u00e0-bas, sera au restaurant. Il propose un buffet<\/li>\n<li>Apr\u00e8s le d\u00e9jeuner, vous vous dirigerez vers le complexe pyramidal, o\u00f9 se trouvent trois grandes pyramides et le Sphinx. Votre guide les montre et donne du temps libre pour prendre une photo<br \/>\nLe prochain arr\u00eat sera \u00e0 votre h\u00f4tel au Caire. L\u00e0, vous pouvez vous enregistrer et passer la nuit<\/li>\n<\/ul>\n<h4>Programme dans le vieux Caire<\/h4>\n<ul>\n<li>La premi\u00e8re \u00e9tape du deuxi\u00e8me jour aura lieu \u00e0 la citadelle de Saladin. Dans cette grande citadelle, vous pourrez visiter sa c\u00e9l\u00e8bre mosqu\u00e9e &#8220;Mosqu\u00e9e Mohamed Ali&#8221; et voir les fortifications de cet endroit. Dans le m\u00eame temps, vous situer dans cette citadelle vous permettra d\u2019avoir une vue panoramique sur toute la vieille ville.<\/li>\n<li>La deuxi\u00e8me \u00e9tape sera dans le district de Khan El-Khalili<\/li>\n<li>Vous partez pour Hurghada apr\u00e8s un tel programme dans les merveilleuses villes du Caire et de Gizeh.<\/li>\n<\/ul>\n<h4>Ce qui est inclus dans le prix du voyage<\/h4>\n<ul>\n<li>Billets pour visiter les temples<\/li>\n<li>Le d\u00e9jeuner<\/li>\n<li>Boissons<\/li>\n<li>Guider<\/li>\n<li>S\u00e9jour \u00e0 l&#8217;h\u00f4tel au Caire<\/li>\n<li>Transfert au Caire et retour \u00e0 Hurghada<\/li>\n<\/ul>\n<h5>Ce qui n&#8217;est pas inclus dans le prix du tour<\/h5>\n<ul>\n<li>Programmes suppl\u00e9mentaires si non inclus dans le programme ci-dessus<\/li>\n<li>Boissons<\/li>\n<\/ul>\n<h6>QUE FAIRE AVEC VOUS POUR LE VOYAGE<\/h6>\n<ul>\n<li>Passeport<\/li>\n<li>Petit d\u00e9jeuner<\/li>\n<li>V\u00eatements pour la saison<\/li>\n<\/ul>\n<h6>ORGANISATION DES JOURS D&#8217;EXCURSION<\/h6>\n<ul>\n<li>Lundi de 02h00 \u00e0 22h00 le lendemain<\/li>\n<li>Mardi de 02h00 \u00e0 22h00 le lendemain<\/li>\n<li>Mercredi de 02h00 \u00e0 22h00 le lendemain<\/li>\n<li>Samedi de 02h00 \u00e0 22h00 le lendemain<\/li>\n<li>Dimanche de 02h00 \u00e0 22h00 le lendemain<\/li>\n<\/ul>\n","protected":false},"excerpt":{"rendered":"<p>Vous recherchez un voyage m\u00e9morable depuis Hurghada pour explorer les merveilles du Caire ? Nous comprenons que voyager peut \u00eatre accablant, mais nous sommes l\u00e0 pour vous aider \u00e0 rendre votre voyage fluide et agr\u00e9able. Notre voyage de deux jours vous m\u00e8nera aux c\u00e9l\u00e8bres pyramides de Gizeh et au Grand Sphinx, o\u00f9 vous pourrez d\u00e9couvrir la riche histoire de l&#8217;\u00c9gypte. Apr\u00e8s un d\u00e9licieux d\u00e9jeuner, vous aurez l&#8217;occasion de visiter le mus\u00e9e \u00e9gyptien et de vous \u00e9merveiller devant son impressionnante collection de plus de 250 000 objets authentiques.<\/p>\n<p>Le deuxi\u00e8me jour, votre guide priv\u00e9 vous emm\u00e8nera explorer le charmant vieux Caire. Vous pourrez voir la citadelle de Saladin et le bazar de Khan El-Khalili, o\u00f9 vous pourrez acheter des souvenirs et vous immerger dans la culture locale. Le prix du voyage comprend les transferts, l&#8217;h\u00e9bergement et les billets d&#8217;entr\u00e9e, vous n&#8217;avez donc \u00e0 vous soucier de rien.<\/p>\n<p>Nous comprenons que voyager peut \u00eatre fatigant, et c&#8217;est pourquoi nous avons organis\u00e9 un v\u00e9hicule priv\u00e9 confortable avec air conditionn\u00e9 pour vous emmener de votre h\u00f4tel \u00e0 Hurghada au Caire et retour. Notre \u00e9quipe compatissante et sympathique sera l\u00e0 pour vous aider tout au long du voyage, en veillant \u00e0 ce que vous ayez une exp\u00e9rience s\u00fbre et agr\u00e9able. R\u00e9servez votre voyage avec nous aujourd&#8217;hui et cr\u00e9ez des souvenirs inoubliables en \u00c9gypte !<\/p>\n","protected":false},"featured_media":46324,"comment_status":"open","ping_status":"closed","template":"","meta":{"_coblocks_attr":"","_coblocks_dimensions":"","_coblocks_responsive_height":"","_coblocks_accordion_ie_support":"","_uag_custom_page_level_css":"","jetpack_post_was_ever_published":false,"jetpack_publicize_message":"","jetpack_publicize_feature_enabled":true,"jetpack_social_post_already_shared":true,"jetpack_social_options":{"image_generator_settings":{"template":"highway","default_image_id":0,"font":"","enabled":false},"version":2},"_wpas_customize_per_network":false},"product_brand":[],"product_cat":[1557,1563],"product_tag":[1578,2142,1572,1649,1650,9905],"class_list":{"0":"post-3866","1":"product","2":"type-product","3":"status-publish","4":"has-post-thumbnail","6":"product_cat-excursions-a-hurghada","7":"product_cat-excursions-historiques-hurghada","8":"product_tag-excursion-fr","9":"product_tag-excursions-depuis-hurghada","10":"product_tag-caire","11":"product_tag-pyramides","12":"product_tag-sphinx-fr","13":"product_tag-tourisme","14":"pa_age-adulte","15":"pa_age-enfant-1-4-ans","16":"pa_age-enfant-5-11-ans","18":"first","19":"instock","20":"sale","21":"purchasable","22":"product-type-variable"},"yoast_head":"<!-- This site is optimized with the Yoast SEO Premium plugin v26.9 (Yoast SEO v27.3) - https:\/\/yoast.com\/product\/yoast-seo-premium-wordpress\/ -->\n<title>Voyage de nuit au Caire depuis Hurghada - Vieux Caire<\/title>\n<meta name=\"description\" content=\"Voyage de nuit au Caire depuis Hurghada - Vieux Caire: Un merveilleux voyage de deux jours au Caire depuis la station baln\u00e9aire d&#039;Hurghada! Nous\" \/>\n<meta name=\"robots\" content=\"index, follow, max-snippet:-1, max-image-preview:large, max-video-preview:-1\" \/>\n<link rel=\"canonical\" href=\"https:\/\/landioustravel.com\/fr\/shop\/voyage-nuit-vieux-caire-hurghada\/\" \/>\n<meta property=\"og:locale\" content=\"fr_FR\" \/>\n<meta property=\"og:type\" content=\"article\" \/>\n<meta property=\"og:title\" content=\"Voyage de nuit au Caire depuis Hurghada - Vieux Caire\" \/>\n<meta property=\"og:description\" content=\"Landious Travel\" \/>\n<meta property=\"og:url\" content=\"https:\/\/landioustravel.com\/fr\/shop\/voyage-nuit-vieux-caire-hurghada\/\" \/>\n<meta property=\"og:site_name\" content=\"Landious Travel\" \/>\n<meta property=\"article:publisher\" content=\"https:\/\/web.facebook.com\/landiousEgypt\" \/>\n<meta property=\"article:modified_time\" content=\"2024-09-25T17:15:10+00:00\" \/>\n<meta property=\"og:image\" content=\"https:\/\/i0.wp.com\/landioustravel.com\/wp-content\/uploads\/2019\/04\/Cairo-Overnight-Trip-Hurghada-e1617672888586.jpg?fit=1200%2C675&ssl=1\" \/>\n\t<meta property=\"og:image:width\" content=\"1200\" \/>\n\t<meta property=\"og:image:height\" content=\"675\" \/>\n\t<meta property=\"og:image:type\" content=\"image\/jpeg\" \/>\n<meta name=\"twitter:card\" content=\"summary_large_image\" \/>\n<meta name=\"twitter:site\" content=\"@LandiousTours\" \/>\n<meta name=\"twitter:label1\" content=\"Dur\u00e9e de lecture estim\u00e9e\" \/>\n\t<meta name=\"twitter:data1\" content=\"3 minutes\" \/>\n<script type=\"application\/ld+json\" class=\"yoast-schema-graph\">{\"@context\":\"https:\\\/\\\/schema.org\",\"@graph\":[{\"@type\":\"WebPage\",\"@id\":\"https:\\\/\\\/landioustravel.com\\\/fr\\\/shop\\\/voyage-nuit-vieux-caire-hurghada\\\/\",\"url\":\"https:\\\/\\\/landioustravel.com\\\/fr\\\/shop\\\/voyage-nuit-vieux-caire-hurghada\\\/\",\"name\":\"Voyage de nuit au Caire depuis Hurghada - Vieux Caire\",\"isPartOf\":{\"@id\":\"https:\\\/\\\/landioustravel.com\\\/fr\\\/#website\"},\"primaryImageOfPage\":{\"@id\":\"https:\\\/\\\/landioustravel.com\\\/fr\\\/shop\\\/voyage-nuit-vieux-caire-hurghada\\\/#primaryimage\"},\"image\":{\"@id\":\"https:\\\/\\\/landioustravel.com\\\/fr\\\/shop\\\/voyage-nuit-vieux-caire-hurghada\\\/#primaryimage\"},\"thumbnailUrl\":\"https:\\\/\\\/i0.wp.com\\\/landioustravel.com\\\/wp-content\\\/uploads\\\/2019\\\/04\\\/Cairo-Overnight-Trip-Hurghada-e1617672888586.jpg?fit=1200%2C675&ssl=1\",\"datePublished\":\"2019-04-06T19:29:41+00:00\",\"dateModified\":\"2024-09-25T17:15:10+00:00\",\"description\":\"Voyage de nuit au Caire depuis Hurghada - Vieux Caire: Un merveilleux voyage de deux jours au Caire depuis la station baln\u00e9aire d'Hurghada! Nous\",\"breadcrumb\":{\"@id\":\"https:\\\/\\\/landioustravel.com\\\/fr\\\/shop\\\/voyage-nuit-vieux-caire-hurghada\\\/#breadcrumb\"},\"inLanguage\":\"fr-FR\",\"potentialAction\":[{\"@type\":\"ReadAction\",\"target\":[\"https:\\\/\\\/landioustravel.com\\\/fr\\\/shop\\\/voyage-nuit-vieux-caire-hurghada\\\/\"]}]},{\"@type\":\"ImageObject\",\"inLanguage\":\"fr-FR\",\"@id\":\"https:\\\/\\\/landioustravel.com\\\/fr\\\/shop\\\/voyage-nuit-vieux-caire-hurghada\\\/#primaryimage\",\"url\":\"https:\\\/\\\/i0.wp.com\\\/landioustravel.com\\\/wp-content\\\/uploads\\\/2019\\\/04\\\/Cairo-Overnight-Trip-Hurghada-e1617672888586.jpg?fit=1200%2C675&ssl=1\",\"contentUrl\":\"https:\\\/\\\/i0.wp.com\\\/landioustravel.com\\\/wp-content\\\/uploads\\\/2019\\\/04\\\/Cairo-Overnight-Trip-Hurghada-e1617672888586.jpg?fit=1200%2C675&ssl=1\",\"width\":1200,\"height\":675,\"caption\":\"Cairo Overnight Trip Hurghada\"},{\"@type\":\"BreadcrumbList\",\"@id\":\"https:\\\/\\\/landioustravel.com\\\/fr\\\/shop\\\/voyage-nuit-vieux-caire-hurghada\\\/#breadcrumb\",\"itemListElement\":[{\"@type\":\"ListItem\",\"position\":1,\"name\":\"Home\",\"item\":\"https:\\\/\\\/landioustravel.com\\\/fr\\\/\"},{\"@type\":\"ListItem\",\"position\":2,\"name\":\"Prestations &amp; Visites\",\"item\":\"https:\\\/\\\/landioustravel.com\\\/fr\\\/\"},{\"@type\":\"ListItem\",\"position\":3,\"name\":\"Voyage de nuit au Caire depuis Hurghada &#8211; Vieux Caire\"}]},{\"@type\":\"WebSite\",\"@id\":\"https:\\\/\\\/landioustravel.com\\\/fr\\\/#website\",\"url\":\"https:\\\/\\\/landioustravel.com\\\/fr\\\/\",\"name\":\"Landious Travel\",\"description\":\"Excursions, trips and cruises in Egypt\",\"publisher\":{\"@id\":\"https:\\\/\\\/landioustravel.com\\\/fr\\\/#organization\"},\"potentialAction\":[{\"@type\":\"SearchAction\",\"target\":{\"@type\":\"EntryPoint\",\"urlTemplate\":\"https:\\\/\\\/landioustravel.com\\\/fr\\\/?s={search_term_string}\"},\"query-input\":{\"@type\":\"PropertyValueSpecification\",\"valueRequired\":true,\"valueName\":\"search_term_string\"}}],\"inLanguage\":\"fr-FR\"},{\"@type\":[\"Organization\",\"Place\"],\"@id\":\"https:\\\/\\\/landioustravel.com\\\/fr\\\/#organization\",\"name\":\"Landious Travel\",\"alternateName\":\"Landious Travel\",\"url\":\"https:\\\/\\\/landioustravel.com\\\/fr\\\/\",\"logo\":{\"@id\":\"https:\\\/\\\/landioustravel.com\\\/fr\\\/shop\\\/voyage-nuit-vieux-caire-hurghada\\\/#local-main-organization-logo\"},\"image\":{\"@id\":\"https:\\\/\\\/landioustravel.com\\\/fr\\\/shop\\\/voyage-nuit-vieux-caire-hurghada\\\/#local-main-organization-logo\"},\"sameAs\":[\"https:\\\/\\\/web.facebook.com\\\/landiousEgypt\",\"https:\\\/\\\/x.com\\\/LandiousTours\",\"https:\\\/\\\/mastodon.social\\\/@landious\"],\"legalName\":\"Landious Travel\",\"telephone\":[],\"openingHoursSpecification\":[{\"@type\":\"OpeningHoursSpecification\",\"dayOfWeek\":[\"Monday\",\"Tuesday\",\"Wednesday\",\"Thursday\",\"Friday\",\"Saturday\",\"Sunday\"],\"opens\":\"09:00\",\"closes\":\"17:00\"}]},{\"@type\":\"ImageObject\",\"inLanguage\":\"fr-FR\",\"@id\":\"https:\\\/\\\/landioustravel.com\\\/fr\\\/shop\\\/voyage-nuit-vieux-caire-hurghada\\\/#local-main-organization-logo\",\"url\":\"https:\\\/\\\/i0.wp.com\\\/landioustravel.com\\\/wp-content\\\/uploads\\\/2021\\\/06\\\/Landious-T.png?fit=500%2C500&ssl=1\",\"contentUrl\":\"https:\\\/\\\/i0.wp.com\\\/landioustravel.com\\\/wp-content\\\/uploads\\\/2021\\\/06\\\/Landious-T.png?fit=500%2C500&ssl=1\",\"width\":500,\"height\":500,\"caption\":\"Landious Travel\"}]}<\/script>\n<!-- \/ Yoast SEO Premium plugin. -->","yoast_head_json":{"title":"Voyage de nuit au Caire depuis Hurghada - Vieux Caire","description":"Voyage de nuit au Caire depuis Hurghada - Vieux Caire: Un merveilleux voyage de deux jours au Caire depuis la station baln\u00e9aire d'Hurghada! Nous","robots":{"index":"index","follow":"follow","max-snippet":"max-snippet:-1","max-image-preview":"max-image-preview:large","max-video-preview":"max-video-preview:-1"},"canonical":"https:\/\/landioustravel.com\/fr\/shop\/voyage-nuit-vieux-caire-hurghada\/","og_locale":"fr_FR","og_type":"article","og_title":"Voyage de nuit au Caire depuis Hurghada - Vieux Caire","og_description":"Landious Travel","og_url":"https:\/\/landioustravel.com\/fr\/shop\/voyage-nuit-vieux-caire-hurghada\/","og_site_name":"Landious Travel","article_publisher":"https:\/\/web.facebook.com\/landiousEgypt","article_modified_time":"2024-09-25T17:15:10+00:00","og_image":[{"width":1200,"height":675,"url":"https:\/\/i0.wp.com\/landioustravel.com\/wp-content\/uploads\/2019\/04\/Cairo-Overnight-Trip-Hurghada-e1617672888586.jpg?fit=1200%2C675&ssl=1","type":"image\/jpeg"}],"twitter_card":"summary_large_image","twitter_site":"@LandiousTours","twitter_misc":{"Dur\u00e9e de lecture estim\u00e9e":"3 minutes"},"schema":{"@context":"https:\/\/schema.org","@graph":[{"@type":"WebPage","@id":"https:\/\/landioustravel.com\/fr\/shop\/voyage-nuit-vieux-caire-hurghada\/","url":"https:\/\/landioustravel.com\/fr\/shop\/voyage-nuit-vieux-caire-hurghada\/","name":"Voyage de nuit au Caire depuis Hurghada - Vieux Caire","isPartOf":{"@id":"https:\/\/landioustravel.com\/fr\/#website"},"primaryImageOfPage":{"@id":"https:\/\/landioustravel.com\/fr\/shop\/voyage-nuit-vieux-caire-hurghada\/#primaryimage"},"image":{"@id":"https:\/\/landioustravel.com\/fr\/shop\/voyage-nuit-vieux-caire-hurghada\/#primaryimage"},"thumbnailUrl":"https:\/\/i0.wp.com\/landioustravel.com\/wp-content\/uploads\/2019\/04\/Cairo-Overnight-Trip-Hurghada-e1617672888586.jpg?fit=1200%2C675&ssl=1","datePublished":"2019-04-06T19:29:41+00:00","dateModified":"2024-09-25T17:15:10+00:00","description":"Voyage de nuit au Caire depuis Hurghada - Vieux Caire: Un merveilleux voyage de deux jours au Caire depuis la station baln\u00e9aire d'Hurghada! Nous","breadcrumb":{"@id":"https:\/\/landioustravel.com\/fr\/shop\/voyage-nuit-vieux-caire-hurghada\/#breadcrumb"},"inLanguage":"fr-FR","potentialAction":[{"@type":"ReadAction","target":["https:\/\/landioustravel.com\/fr\/shop\/voyage-nuit-vieux-caire-hurghada\/"]}]},{"@type":"ImageObject","inLanguage":"fr-FR","@id":"https:\/\/landioustravel.com\/fr\/shop\/voyage-nuit-vieux-caire-hurghada\/#primaryimage","url":"https:\/\/i0.wp.com\/landioustravel.com\/wp-content\/uploads\/2019\/04\/Cairo-Overnight-Trip-Hurghada-e1617672888586.jpg?fit=1200%2C675&ssl=1","contentUrl":"https:\/\/i0.wp.com\/landioustravel.com\/wp-content\/uploads\/2019\/04\/Cairo-Overnight-Trip-Hurghada-e1617672888586.jpg?fit=1200%2C675&ssl=1","width":1200,"height":675,"caption":"Cairo Overnight Trip Hurghada"},{"@type":"BreadcrumbList","@id":"https:\/\/landioustravel.com\/fr\/shop\/voyage-nuit-vieux-caire-hurghada\/#breadcrumb","itemListElement":[{"@type":"ListItem","position":1,"name":"Home","item":"https:\/\/landioustravel.com\/fr\/"},{"@type":"ListItem","position":2,"name":"Prestations &amp; Visites","item":"https:\/\/landioustravel.com\/fr\/"},{"@type":"ListItem","position":3,"name":"Voyage de nuit au Caire depuis Hurghada &#8211; Vieux Caire"}]},{"@type":"WebSite","@id":"https:\/\/landioustravel.com\/fr\/#website","url":"https:\/\/landioustravel.com\/fr\/","name":"Landious Travel","description":"Excursions, trips and cruises in Egypt","publisher":{"@id":"https:\/\/landioustravel.com\/fr\/#organization"},"potentialAction":[{"@type":"SearchAction","target":{"@type":"EntryPoint","urlTemplate":"https:\/\/landioustravel.com\/fr\/?s={search_term_string}"},"query-input":{"@type":"PropertyValueSpecification","valueRequired":true,"valueName":"search_term_string"}}],"inLanguage":"fr-FR"},{"@type":["Organization","Place"],"@id":"https:\/\/landioustravel.com\/fr\/#organization","name":"Landious Travel","alternateName":"Landious Travel","url":"https:\/\/landioustravel.com\/fr\/","logo":{"@id":"https:\/\/landioustravel.com\/fr\/shop\/voyage-nuit-vieux-caire-hurghada\/#local-main-organization-logo"},"image":{"@id":"https:\/\/landioustravel.com\/fr\/shop\/voyage-nuit-vieux-caire-hurghada\/#local-main-organization-logo"},"sameAs":["https:\/\/web.facebook.com\/landiousEgypt","https:\/\/x.com\/LandiousTours","https:\/\/mastodon.social\/@landious"],"legalName":"Landious Travel","telephone":[],"openingHoursSpecification":[{"@type":"OpeningHoursSpecification","dayOfWeek":["Monday","Tuesday","Wednesday","Thursday","Friday","Saturday","Sunday"],"opens":"09:00","closes":"17:00"}]},{"@type":"ImageObject","inLanguage":"fr-FR","@id":"https:\/\/landioustravel.com\/fr\/shop\/voyage-nuit-vieux-caire-hurghada\/#local-main-organization-logo","url":"https:\/\/i0.wp.com\/landioustravel.com\/wp-content\/uploads\/2021\/06\/Landious-T.png?fit=500%2C500&ssl=1","contentUrl":"https:\/\/i0.wp.com\/landioustravel.com\/wp-content\/uploads\/2021\/06\/Landious-T.png?fit=500%2C500&ssl=1","width":500,"height":500,"caption":"Landious Travel"}]}},"jetpack_publicize_connections":[],"uagb_featured_image_src":{"full":["https:\/\/i0.wp.com\/landioustravel.com\/wp-content\/uploads\/2019\/04\/Cairo-Overnight-Trip-Hurghada-e1617672888586.jpg?fit=1200%2C675&ssl=1",1200,675,false],"thumbnail":["https:\/\/i0.wp.com\/landioustravel.com\/wp-content\/uploads\/2019\/04\/Cairo-Overnight-Trip-Hurghada-e1617672888586.jpg?resize=150%2C150&ssl=1",150,150,true],"medium":["https:\/\/i0.wp.com\/landioustravel.com\/wp-content\/uploads\/2019\/04\/Cairo-Overnight-Trip-Hurghada-e1617672888586.jpg?fit=300%2C169&ssl=1",300,169,true],"medium_large":["https:\/\/i0.wp.com\/landioustravel.com\/wp-content\/uploads\/2019\/04\/Cairo-Overnight-Trip-Hurghada-e1617672888586.jpg?fit=768%2C432&ssl=1",768,432,true],"large":["https:\/\/i0.wp.com\/landioustravel.com\/wp-content\/uploads\/2019\/04\/Cairo-Overnight-Trip-Hurghada-e1617672888586.jpg?fit=980%2C551&ssl=1",980,551,true],"1536x1536":["https:\/\/i0.wp.com\/landioustravel.com\/wp-content\/uploads\/2019\/04\/Cairo-Overnight-Trip-Hurghada-e1617672888586.jpg?fit=1536%2C864&ssl=1",1536,864,true],"2048x2048":["https:\/\/i0.wp.com\/landioustravel.com\/wp-content\/uploads\/2019\/04\/Cairo-Overnight-Trip-Hurghada-e1617672888586.jpg?fit=2048%2C1152&ssl=1",2048,1152,true],"newspack-article-block-landscape-large":["https:\/\/i0.wp.com\/landioustravel.com\/wp-content\/uploads\/2019\/04\/Cairo-Overnight-Trip-Hurghada-e1617672888586.jpg?resize=1200%2C675&ssl=1",1200,900,true],"newspack-article-block-portrait-large":["https:\/\/i0.wp.com\/landioustravel.com\/wp-content\/uploads\/2019\/04\/Cairo-Overnight-Trip-Hurghada-e1617672888586.jpg?resize=900%2C675&ssl=1",900,1200,true],"newspack-article-block-square-large":["https:\/\/i0.wp.com\/landioustravel.com\/wp-content\/uploads\/2019\/04\/Cairo-Overnight-Trip-Hurghada-e1617672888586.jpg?resize=1200%2C675&ssl=1",1200,1200,true],"newspack-article-block-landscape-medium":["https:\/\/i0.wp.com\/landioustravel.com\/wp-content\/uploads\/2019\/04\/Cairo-Overnight-Trip-Hurghada-e1617672888586.jpg?resize=800%2C600&ssl=1",800,600,true],"newspack-article-block-portrait-medium":["https:\/\/i0.wp.com\/landioustravel.com\/wp-content\/uploads\/2019\/04\/Cairo-Overnight-Trip-Hurghada-e1617672888586.jpg?resize=600%2C675&ssl=1",600,800,true],"newspack-article-block-square-medium":["https:\/\/i0.wp.com\/landioustravel.com\/wp-content\/uploads\/2019\/04\/Cairo-Overnight-Trip-Hurghada-e1617672888586.jpg?resize=800%2C675&ssl=1",800,800,true],"newspack-article-block-landscape-intermediate":["https:\/\/i0.wp.com\/landioustravel.com\/wp-content\/uploads\/2019\/04\/Cairo-Overnight-Trip-Hurghada-e1617672888586.jpg?resize=600%2C450&ssl=1",600,450,true],"newspack-article-block-portrait-intermediate":["https:\/\/i0.wp.com\/landioustravel.com\/wp-content\/uploads\/2019\/04\/Cairo-Overnight-Trip-Hurghada-e1617672888586.jpg?resize=450%2C600&ssl=1",450,600,true],"newspack-article-block-square-intermediate":["https:\/\/i0.wp.com\/landioustravel.com\/wp-content\/uploads\/2019\/04\/Cairo-Overnight-Trip-Hurghada-e1617672888586.jpg?resize=600%2C600&ssl=1",600,600,true],"newspack-article-block-landscape-small":["https:\/\/i0.wp.com\/landioustravel.com\/wp-content\/uploads\/2019\/04\/Cairo-Overnight-Trip-Hurghada-e1617672888586.jpg?resize=400%2C300&ssl=1",400,300,true],"newspack-article-block-portrait-small":["https:\/\/i0.wp.com\/landioustravel.com\/wp-content\/uploads\/2019\/04\/Cairo-Overnight-Trip-Hurghada-e1617672888586.jpg?resize=300%2C400&ssl=1",300,400,true],"newspack-article-block-square-small":["https:\/\/i0.wp.com\/landioustravel.com\/wp-content\/uploads\/2019\/04\/Cairo-Overnight-Trip-Hurghada-e1617672888586.jpg?resize=400%2C400&ssl=1",400,400,true],"newspack-article-block-landscape-tiny":["https:\/\/i0.wp.com\/landioustravel.com\/wp-content\/uploads\/2019\/04\/Cairo-Overnight-Trip-Hurghada-e1617672888586.jpg?resize=200%2C150&ssl=1",200,150,true],"newspack-article-block-portrait-tiny":["https:\/\/i0.wp.com\/landioustravel.com\/wp-content\/uploads\/2019\/04\/Cairo-Overnight-Trip-Hurghada-e1617672888586.jpg?resize=150%2C200&ssl=1",150,200,true],"newspack-article-block-square-tiny":["https:\/\/i0.wp.com\/landioustravel.com\/wp-content\/uploads\/2019\/04\/Cairo-Overnight-Trip-Hurghada-e1617672888586.jpg?resize=200%2C200&ssl=1",200,200,true],"newspack-article-block-uncropped":["https:\/\/i0.wp.com\/landioustravel.com\/wp-content\/uploads\/2019\/04\/Cairo-Overnight-Trip-Hurghada-e1617672888586.jpg?fit=1200%2C675&ssl=1",1200,675,true],"woocommerce_thumbnail":["https:\/\/i0.wp.com\/landioustravel.com\/wp-content\/uploads\/2019\/04\/Cairo-Overnight-Trip-Hurghada-e1617672888586.jpg?resize=324%2C324&ssl=1",324,324,true],"woocommerce_single":["https:\/\/i0.wp.com\/landioustravel.com\/wp-content\/uploads\/2019\/04\/Cairo-Overnight-Trip-Hurghada-e1617672888586.jpg?fit=416%2C234&ssl=1",416,234,true],"woocommerce_gallery_thumbnail":["https:\/\/i0.wp.com\/landioustravel.com\/wp-content\/uploads\/2019\/04\/Cairo-Overnight-Trip-Hurghada-e1617672888586.jpg?resize=100%2C100&ssl=1",100,100,true]},"uagb_author_info":{"display_name":"Mofreh Landious","author_link":"https:\/\/landioustravel.com\/fr\/author\/"},"uagb_comment_info":3,"uagb_excerpt":"Vous recherchez un voyage m\u00e9morable depuis Hurghada pour explorer les merveilles du Caire ? Nous comprenons que voyager peut \u00eatre accablant, mais nous sommes l\u00e0 pour vous aider \u00e0 rendre votre voyage fluide et agr\u00e9able. Notre voyage de deux jours vous m\u00e8nera aux c\u00e9l\u00e8bres pyramides de Gizeh et au Grand Sphinx, o\u00f9 vous pourrez d\u00e9couvrir&hellip;","jetpack_sharing_enabled":true,"jetpack_likes_enabled":true,"amp_enabled":true,"_links":{"self":[{"href":"https:\/\/landioustravel.com\/fr\/wp-json\/wp\/v2\/product\/3866","targetHints":{"allow":["GET"]}}],"collection":[{"href":"https:\/\/landioustravel.com\/fr\/wp-json\/wp\/v2\/product"}],"about":[{"href":"https:\/\/landioustravel.com\/fr\/wp-json\/wp\/v2\/types\/product"}],"replies":[{"embeddable":true,"href":"https:\/\/landioustravel.com\/fr\/wp-json\/wp\/v2\/comments?post=3866"}],"wp:featuredmedia":[{"embeddable":true,"href":"https:\/\/landioustravel.com\/fr\/wp-json\/wp\/v2\/media\/46324"}],"wp:attachment":[{"href":"https:\/\/landioustravel.com\/fr\/wp-json\/wp\/v2\/media?parent=3866"}],"wp:term":[{"taxonomy":"product_brand","embeddable":true,"href":"https:\/\/landioustravel.com\/fr\/wp-json\/wp\/v2\/product_brand?post=3866"},{"taxonomy":"product_cat","embeddable":true,"href":"https:\/\/landioustravel.com\/fr\/wp-json\/wp\/v2\/product_cat?post=3866"},{"taxonomy":"product_tag","embeddable":true,"href":"https:\/\/landioustravel.com\/fr\/wp-json\/wp\/v2\/product_tag?post=3866"}],"curies":[{"name":"wp","href":"https:\/\/api.w.org\/{rel}","templated":true}]}}