{"id":39877,"date":"2021-01-06T18:12:44","date_gmt":"2021-01-06T16:12:44","guid":{"rendered":"https:\/\/landioustravel.com\/?post_type=product&#038;p=39877"},"modified":"2026-01-28T19:14:50","modified_gmt":"2026-01-28T17:14:50","slug":"voyage-petra-depart-dahab","status":"publish","type":"product","link":"https:\/\/landioustravel.com\/fr\/shop\/voyage-petra-depart-dahab\/","title":{"rendered":"Voyage P\u00e9tra au d\u00e9part de Dahab"},"content":{"rendered":"<p>R\u00c9SERVATION EN LIGNE VOYAGE PETRA DE DAHAB ET MEILLEUR PRIX! C&#8217;est une belle visite touristique \u00e0 Petra depuis <a href=\"https:\/\/landioustravel.com\/fr\/egypte\/villes-egyptiennes\/gouvernorat-sinai-sud\/\">Dahab<\/a>, en Egypte! Nous recommandons cette excursion car elle permet aux touristes de voir les sites les plus impressionnants de Petra, en Jordanie ! Et, bien s\u00fbr, il fournit une partie de l&#8217;histoire de cet endroit. En effet, c&#8217;est l&#8217;un des meilleurs voyages histoire et culture que vous puissiez faire \u00e0 Dahab ! Ne manquez pas de d\u00e9couvrir la cit\u00e9 perdue de Petra ! Nous donnons notre recommandation pour faire une exp\u00e9rience aussi fantastique.<\/p>\n<h2>Points forts du voyage \u00e0 Petra depuis Dahab<\/h2>\n<ul>\n<li>Balade dans le canyon du Siq.<\/li>\n<li>Visitez Al Khazneh ou le Grand Tr\u00e9sor du Pharaon.<\/li>\n<li>Ensuite, visitez le th\u00e9\u00e2tre romain et les tombeaux royaux.<\/li>\n<li>D\u00e9jeuner.<\/li>\n<li>De plus, visitez le fort d&#8217;Al Habs.<\/li>\n<\/ul>\n<h2>Programme du Tour \u00e0 Petra en Jordanie<\/h2>\n<ul>\n<li>Heure de d\u00e9but et prise en charge. Le repr\u00e9sentant de Landious Travel viendra vous chercher \u00e0 votre h\u00f4tel \u00e0 Dahab vers 02h00.<\/li>\n<li>Destination. Et puis, le minibus part pour Nuweiba marine apr\u00e8s avoir r\u00e9cup\u00e9r\u00e9 tous les arrivants. Bien entendu, votre bus passe par la ville de Dahab en direction du port de Nuweiba. Il faut environ 3 heures pour arriver au port de Nuweiba. Soit dit en passant, les villes de Dahab et Nuweiba s&#8217;\u00e9tendent le long de la c\u00f4te de la mer Rouge au nord de Charm el-Cheikh.<\/li>\n<li>Voyage en ferry. Ensuite, vous naviguez \u00e0 bord d&#8217;un ferry vers la Jordanie.<\/li>\n<\/ul>\n<h3>Programme en Jordanie<\/h3>\n<ul>\n<li>Visite de P\u00e9tra. D\u00e8s que vous \u00eates en Jordanie, vous vous dirigez vers la c\u00e9l\u00e8bre ville de Petra pour commencer votre voyage \u00e0 cet endroit.<\/li>\n<li>Promenade des canyons. Une fois arriv\u00e9 \u00e0 Petra, vous commencerez votre voyage par une promenade dans le canyon du Siq. Ce canyon mesure un kilom\u00e8tre de long et pr\u00e9sente de belles formations de gr\u00e8s. Aussi, c&#8217;est un merveilleux chef-d&#8217;\u0153uvre qui fa\u00e7onne la fa\u00e7ade d&#8217;une montagne de gr\u00e8s !<\/li>\n<li>Tr\u00e9sor de Pharaon. \u00c9tonnamment, le canyon du Siq vous m\u00e8ne au Tr\u00e9sor du Pharaon \u2013 Al Khazneh ! Le Tr\u00e9sor se dresse au c\u0153ur du d\u00e9sert dans une vue si impressionnante ! Apr\u00e8s cela, vous visitez Al Khazneh.<\/li>\n<li>Visite du th\u00e9\u00e2tre romain. \u00c0 la fin de la visite d&#8217;Al Khazneh, vous explorerez le th\u00e9\u00e2tre romain et les tombeaux royaux. Ces tombes datent de l&#8217;\u00e9poque byzantine.<\/li>\n<li>D\u00e9jeuner. Plus tard, vous vous dirigez vers le restaurant. Bien s\u00fbr, le d\u00e9jeuner vient apr\u00e8s la visite de ces monuments historiques int\u00e9ressants. Ce d\u00e9jeuner sera dans l&#8217;un des meilleurs restaurants de Petra.<\/li>\n<li>Fort d&#8217;Al-Habis. Bien s\u00fbr, vous continuez votre voyage \u00e0 Petra, en visitant le fort d&#8217;Al Habis. Ce fort se dresse au sommet d&#8217;une colline. En effet, la vue panoramique \u00e0 couper le souffle sur les ravins profonds et les formations rocheuses color\u00e9es laisse de si belles impressions sur votre \u00e2me ! De plus, il date du XIIe si\u00e8cle.<\/li>\n<li>D\u00e9part. Enfin, notre bus repart apr\u00e8s un tel programme dans la belle ville de Petra jusqu&#8217;au port d&#8217;Aqaba.<\/li>\n<li>Heure de fin. Ce \u00abvoyage \u00e0 Petra depuis Dahab\u00bb se termine vers 23h00 le lendemain.<\/li>\n<\/ul>\n<h2>Que comprend le prix de l&#8217;excursion Petra au d\u00e9part de Dahab ?<\/h2>\n<ul>\n<li>Billets pour visiter les temples.<\/li>\n<li>D\u00e9jeuner.<\/li>\n<li>Guider.<\/li>\n<li>De plus, le prix comprend tous les transferts vers Petra en Jordanie et retour \u00e0 l&#8217;h\u00f4tel.<\/li>\n<\/ul>\n<h2>Que ne comprend pas le programme du voyage de Petra au d\u00e9part de Dahab ?<\/h2>\n<ul>\n<li>Programmes d&#8217;excursions suppl\u00e9mentaires s&#8217;ils ne sont pas inclus dans le programme mentionn\u00e9 pr\u00e9c\u00e9demment.<\/li>\n<li>De plus, les boissons au restaurant sont payantes.<\/li>\n<\/ul>\n<h2>Que prendre avec vous pour le voyage \u00e0 Petra?<\/h2>\n<ul>\n<li>Coffret petit d\u00e9jeuner.<\/li>\n<li>Passeport.<\/li>\n<li>Aussi, apportez avec vous des v\u00eatements pour la saison.<\/li>\n<\/ul>\n<h2>Voyage \u00e0 P\u00e9tra au d\u00e9part de Dahab Jours de r\u00e9servation<\/h2>\n<ul>\n<li>Les mardis de 02h00 \u00e0 22h00 le lendemain.<\/li>\n<li>Aussi, les vendredis de 02h00 \u00e0 22h00 le lendemain.<\/li>\n<\/ul>\n","protected":false},"excerpt":{"rendered":"<p>D\u00e9couvrez l&#8217;attraction embl\u00e9matique de l&#8217;ancienne ville de Petra, en Jordanie, m\u00eame avec un temps limit\u00e9 dans la r\u00e9gion. Notre excursion d&#8217;une journ\u00e9e compl\u00e8te au d\u00e9part de Dahab, en \u00c9gypte, est sans tracas et comprend tous les transferts, la prise en charge et le retour \u00e0 l&#8217;h\u00f4tel et la navigation de Taba \u00e0 Aqaba. Avec tous les frais d&#8217;entr\u00e9e et le d\u00e9jeuner inclus, il n&#8217;y a pas de frais suppl\u00e9mentaires. Notre guide exp\u00e9riment\u00e9 vous donnera un aper\u00e7u de la ville antique et de son histoire fascinante. Au cours de la visite, vous visiterez la ville historique et arch\u00e9ologique de Petra en Jordanie, l&#8217;ancien mus\u00e9e nabat\u00e9en, le th\u00e9\u00e2tre romain, les tombes arc-en-ciel et le canyon. Rapprochez-vous de la culture nabat\u00e9enne et observez comment ils ont creus\u00e9 leurs maisons, leurs temples et leurs tombes dans les rochers. Nous viendrons vous chercher \u00e0 votre h\u00f4tel de Dahab via un bus moderne et climatis\u00e9 jusqu&#8217;au port de Taba, o\u00f9 vous prendrez un ferry pour le port d&#8217;Aqaba. De l\u00e0, vous serez transf\u00e9r\u00e9 en v\u00e9hicule climatis\u00e9 pendant environ 1h30 jusqu&#8217;\u00e0 la ville rose-rouge de Petra. \u00c0 votre arriv\u00e9e au centre des visiteurs, commencez \u00e0 cheval ou \u00e0 pied jusqu&#8217;au Siq, une gorge \u00e9troite, et continuez jusqu&#8217;au magnifique Tr\u00e9sor. De l\u00e0, vous marcherez le long de la rue des fa\u00e7ades, des tombeaux royaux et de Qasr Al Bent. Apr\u00e8s votre excursion d&#8217;une journ\u00e9e, vous reviendrez du port d&#8217;Aqaba au port de Taba, puis serez transf\u00e9r\u00e9 \u00e0 votre h\u00f4tel \u00e0 Dahab. Profitez d&#8217;un voyage incroyable et \u00e9poustouflant et cr\u00e9ez des souvenirs inoubliables en vous promenant parmi les tombes et les fa\u00e7ades taill\u00e9es dans la roche de Petra, la ville rose-rouge. Nous proposons \u00e9galement une incroyable excursion d&#8217;une journ\u00e9e \u00e0 Petra et Wadi Rum depuis le port d&#8217;Aqaba, o\u00f9 vous visiterez les lieux les plus c\u00e9l\u00e8bres de Jordanie. Nous viendrons vous chercher \u00e0 votre h\u00f4tel \u00e0 Dahab via un bus moderne et climatis\u00e9 jusqu&#8217;au port d&#8217;Aqaba, prendre un ferry jusqu&#8217;au port d&#8217;Aqaba, puis venir vous chercher au port d&#8217;Aqaba par la porte de sortie de la croisi\u00e8re. Apr\u00e8s cela, vous serez transf\u00e9r\u00e9 par un v\u00e9hicule climatis\u00e9 pendant environ 1,5 heure jusqu&#8217;\u00e0 la ville rose-rouge de Petra. \u00c0 votre arriv\u00e9e au centre des visiteurs, commencez \u00e0 cheval ou \u00e0 pied jusqu&#8217;au Siq, une gorge \u00e9troite, et continuez jusqu&#8217;au magnifique Tr\u00e9sor. De l\u00e0, vous marcherez le long de la rue des fa\u00e7ades, des tombeaux royaux et de Qasr Al Bent. Apr\u00e8s votre excursion d&#8217;une journ\u00e9e, vous reviendrez du port d&#8217;Aqaba au port d&#8217;Aqaba, puis serez transf\u00e9r\u00e9 \u00e0 votre h\u00f4tel \u00e0 Dahab. Ne manquez pas cette destination incontournable du Moyen-Orient. R\u00e9servez votre visite aujourd&#8217;hui!<\/p>\n","protected":false},"featured_media":24692,"comment_status":"open","ping_status":"closed","template":"","meta":{"_coblocks_attr":"","_coblocks_dimensions":"","_coblocks_responsive_height":"","_coblocks_accordion_ie_support":"","_uag_custom_page_level_css":"","jetpack_post_was_ever_published":false,"jetpack_publicize_message":"","jetpack_publicize_feature_enabled":true,"jetpack_social_post_already_shared":true,"jetpack_social_options":{"image_generator_settings":{"template":"highway","default_image_id":0,"font":"","enabled":false},"version":2},"_wpas_customize_per_network":false},"product_brand":[],"product_cat":[19584],"product_tag":[1578,9905],"class_list":{"0":"post-39877","1":"product","2":"type-product","3":"status-publish","4":"has-post-thumbnail","6":"product_cat-excursions-a-dahab","7":"product_tag-excursion-fr","8":"product_tag-tourisme","9":"pa_age-adulte","10":"pa_age-enfant-1-4-ans","11":"pa_age-enfant-5-11-ans","13":"first","14":"instock","15":"sale","16":"taxable","17":"shipping-taxable","18":"purchasable","19":"product-type-variable"},"yoast_head":"<!-- This site is optimized with the Yoast SEO Premium plugin v26.9 (Yoast SEO v27.3) - https:\/\/yoast.com\/product\/yoast-seo-premium-wordpress\/ -->\n<title>Voyage P\u00e9tra au d\u00e9part de Dahab<\/title>\n<meta name=\"description\" content=\"Voyage P\u00e9tra au d\u00e9part de Dahab visitez la ville historique et arch\u00e9ologique de P\u00e9tra en Jordanie, l&#039;ancien mus\u00e9e nabat\u00e9en, le th\u00e9\u00e2tre romain\" \/>\n<meta name=\"robots\" content=\"index, follow, max-snippet:-1, max-image-preview:large, max-video-preview:-1\" \/>\n<link rel=\"canonical\" href=\"https:\/\/landioustravel.com\/fr\/shop\/voyage-petra-depart-dahab\/\" \/>\n<meta property=\"og:locale\" content=\"fr_FR\" \/>\n<meta property=\"og:type\" content=\"article\" \/>\n<meta property=\"og:title\" content=\"Voyage P\u00e9tra au d\u00e9part de Dahab\" \/>\n<meta property=\"og:description\" content=\"Landious Travel\" \/>\n<meta property=\"og:url\" content=\"https:\/\/landioustravel.com\/fr\/shop\/voyage-petra-depart-dahab\/\" \/>\n<meta property=\"og:site_name\" content=\"Landious Travel\" \/>\n<meta property=\"article:publisher\" content=\"https:\/\/web.facebook.com\/landiousEgypt\" \/>\n<meta property=\"article:modified_time\" content=\"2026-01-28T17:14:50+00:00\" \/>\n<meta property=\"og:image\" content=\"https:\/\/i0.wp.com\/landioustravel.com\/wp-content\/uploads\/2020\/10\/petra_trip_sharm-e1617489481347.jpg?fit=1200%2C675&ssl=1\" \/>\n\t<meta property=\"og:image:width\" content=\"1200\" \/>\n\t<meta property=\"og:image:height\" content=\"675\" \/>\n\t<meta property=\"og:image:type\" content=\"image\/jpeg\" \/>\n<meta name=\"twitter:card\" content=\"summary_large_image\" \/>\n<meta name=\"twitter:site\" content=\"@LandiousTours\" \/>\n<meta name=\"twitter:label1\" content=\"Dur\u00e9e de lecture estim\u00e9e\" \/>\n\t<meta name=\"twitter:data1\" content=\"3 minutes\" \/>\n<script type=\"application\/ld+json\" class=\"yoast-schema-graph\">{\"@context\":\"https:\\\/\\\/schema.org\",\"@graph\":[{\"@type\":\"WebPage\",\"@id\":\"https:\\\/\\\/landioustravel.com\\\/fr\\\/shop\\\/voyage-petra-depart-dahab\\\/\",\"url\":\"https:\\\/\\\/landioustravel.com\\\/fr\\\/shop\\\/voyage-petra-depart-dahab\\\/\",\"name\":\"Voyage P\u00e9tra au d\u00e9part de Dahab\",\"isPartOf\":{\"@id\":\"https:\\\/\\\/landioustravel.com\\\/fr\\\/#website\"},\"primaryImageOfPage\":{\"@id\":\"https:\\\/\\\/landioustravel.com\\\/fr\\\/shop\\\/voyage-petra-depart-dahab\\\/#primaryimage\"},\"image\":{\"@id\":\"https:\\\/\\\/landioustravel.com\\\/fr\\\/shop\\\/voyage-petra-depart-dahab\\\/#primaryimage\"},\"thumbnailUrl\":\"https:\\\/\\\/i0.wp.com\\\/landioustravel.com\\\/wp-content\\\/uploads\\\/2020\\\/10\\\/petra_trip_sharm-e1617489481347.jpg?fit=1200%2C675&ssl=1\",\"datePublished\":\"2021-01-06T16:12:44+00:00\",\"dateModified\":\"2026-01-28T17:14:50+00:00\",\"description\":\"Voyage P\u00e9tra au d\u00e9part de Dahab visitez la ville historique et arch\u00e9ologique de P\u00e9tra en Jordanie, l'ancien mus\u00e9e nabat\u00e9en, le th\u00e9\u00e2tre romain\",\"breadcrumb\":{\"@id\":\"https:\\\/\\\/landioustravel.com\\\/fr\\\/shop\\\/voyage-petra-depart-dahab\\\/#breadcrumb\"},\"inLanguage\":\"fr-FR\",\"potentialAction\":[{\"@type\":\"ReadAction\",\"target\":[\"https:\\\/\\\/landioustravel.com\\\/fr\\\/shop\\\/voyage-petra-depart-dahab\\\/\"]}]},{\"@type\":\"ImageObject\",\"inLanguage\":\"fr-FR\",\"@id\":\"https:\\\/\\\/landioustravel.com\\\/fr\\\/shop\\\/voyage-petra-depart-dahab\\\/#primaryimage\",\"url\":\"https:\\\/\\\/i0.wp.com\\\/landioustravel.com\\\/wp-content\\\/uploads\\\/2020\\\/10\\\/petra_trip_sharm-e1617489481347.jpg?fit=1200%2C675&ssl=1\",\"contentUrl\":\"https:\\\/\\\/i0.wp.com\\\/landioustravel.com\\\/wp-content\\\/uploads\\\/2020\\\/10\\\/petra_trip_sharm-e1617489481347.jpg?fit=1200%2C675&ssl=1\",\"width\":1200,\"height\":675,\"caption\":\"Services & Tours Excursion to Petra from Sharm El Sheikh\"},{\"@type\":\"BreadcrumbList\",\"@id\":\"https:\\\/\\\/landioustravel.com\\\/fr\\\/shop\\\/voyage-petra-depart-dahab\\\/#breadcrumb\",\"itemListElement\":[{\"@type\":\"ListItem\",\"position\":1,\"name\":\"Home\",\"item\":\"https:\\\/\\\/landioustravel.com\\\/fr\\\/\"},{\"@type\":\"ListItem\",\"position\":2,\"name\":\"Prestations &amp; Visites\",\"item\":\"https:\\\/\\\/landioustravel.com\\\/fr\\\/\"},{\"@type\":\"ListItem\",\"position\":3,\"name\":\"Voyage P\u00e9tra au d\u00e9part de Dahab\"}]},{\"@type\":\"WebSite\",\"@id\":\"https:\\\/\\\/landioustravel.com\\\/fr\\\/#website\",\"url\":\"https:\\\/\\\/landioustravel.com\\\/fr\\\/\",\"name\":\"Landious Travel\",\"description\":\"Excursions, trips and cruises in Egypt\",\"publisher\":{\"@id\":\"https:\\\/\\\/landioustravel.com\\\/fr\\\/#organization\"},\"potentialAction\":[{\"@type\":\"SearchAction\",\"target\":{\"@type\":\"EntryPoint\",\"urlTemplate\":\"https:\\\/\\\/landioustravel.com\\\/fr\\\/?s={search_term_string}\"},\"query-input\":{\"@type\":\"PropertyValueSpecification\",\"valueRequired\":true,\"valueName\":\"search_term_string\"}}],\"inLanguage\":\"fr-FR\"},{\"@type\":[\"Organization\",\"Place\"],\"@id\":\"https:\\\/\\\/landioustravel.com\\\/fr\\\/#organization\",\"name\":\"Landious Travel\",\"alternateName\":\"Landious Travel\",\"url\":\"https:\\\/\\\/landioustravel.com\\\/fr\\\/\",\"logo\":{\"@id\":\"https:\\\/\\\/landioustravel.com\\\/fr\\\/shop\\\/voyage-petra-depart-dahab\\\/#local-main-organization-logo\"},\"image\":{\"@id\":\"https:\\\/\\\/landioustravel.com\\\/fr\\\/shop\\\/voyage-petra-depart-dahab\\\/#local-main-organization-logo\"},\"sameAs\":[\"https:\\\/\\\/web.facebook.com\\\/landiousEgypt\",\"https:\\\/\\\/x.com\\\/LandiousTours\",\"https:\\\/\\\/mastodon.social\\\/@landious\"],\"legalName\":\"Landious Travel\",\"telephone\":[],\"openingHoursSpecification\":[{\"@type\":\"OpeningHoursSpecification\",\"dayOfWeek\":[\"Monday\",\"Tuesday\",\"Wednesday\",\"Thursday\",\"Friday\",\"Saturday\",\"Sunday\"],\"opens\":\"09:00\",\"closes\":\"17:00\"}]},{\"@type\":\"ImageObject\",\"inLanguage\":\"fr-FR\",\"@id\":\"https:\\\/\\\/landioustravel.com\\\/fr\\\/shop\\\/voyage-petra-depart-dahab\\\/#local-main-organization-logo\",\"url\":\"https:\\\/\\\/i0.wp.com\\\/landioustravel.com\\\/wp-content\\\/uploads\\\/2021\\\/06\\\/Landious-T.png?fit=500%2C500&ssl=1\",\"contentUrl\":\"https:\\\/\\\/i0.wp.com\\\/landioustravel.com\\\/wp-content\\\/uploads\\\/2021\\\/06\\\/Landious-T.png?fit=500%2C500&ssl=1\",\"width\":500,\"height\":500,\"caption\":\"Landious Travel\"}]}<\/script>\n<!-- \/ Yoast SEO Premium plugin. -->","yoast_head_json":{"title":"Voyage P\u00e9tra au d\u00e9part de Dahab","description":"Voyage P\u00e9tra au d\u00e9part de Dahab visitez la ville historique et arch\u00e9ologique de P\u00e9tra en Jordanie, l'ancien mus\u00e9e nabat\u00e9en, le th\u00e9\u00e2tre romain","robots":{"index":"index","follow":"follow","max-snippet":"max-snippet:-1","max-image-preview":"max-image-preview:large","max-video-preview":"max-video-preview:-1"},"canonical":"https:\/\/landioustravel.com\/fr\/shop\/voyage-petra-depart-dahab\/","og_locale":"fr_FR","og_type":"article","og_title":"Voyage P\u00e9tra au d\u00e9part de Dahab","og_description":"Landious Travel","og_url":"https:\/\/landioustravel.com\/fr\/shop\/voyage-petra-depart-dahab\/","og_site_name":"Landious Travel","article_publisher":"https:\/\/web.facebook.com\/landiousEgypt","article_modified_time":"2026-01-28T17:14:50+00:00","og_image":[{"width":1200,"height":675,"url":"https:\/\/i0.wp.com\/landioustravel.com\/wp-content\/uploads\/2020\/10\/petra_trip_sharm-e1617489481347.jpg?fit=1200%2C675&ssl=1","type":"image\/jpeg"}],"twitter_card":"summary_large_image","twitter_site":"@LandiousTours","twitter_misc":{"Dur\u00e9e de lecture estim\u00e9e":"3 minutes"},"schema":{"@context":"https:\/\/schema.org","@graph":[{"@type":"WebPage","@id":"https:\/\/landioustravel.com\/fr\/shop\/voyage-petra-depart-dahab\/","url":"https:\/\/landioustravel.com\/fr\/shop\/voyage-petra-depart-dahab\/","name":"Voyage P\u00e9tra au d\u00e9part de Dahab","isPartOf":{"@id":"https:\/\/landioustravel.com\/fr\/#website"},"primaryImageOfPage":{"@id":"https:\/\/landioustravel.com\/fr\/shop\/voyage-petra-depart-dahab\/#primaryimage"},"image":{"@id":"https:\/\/landioustravel.com\/fr\/shop\/voyage-petra-depart-dahab\/#primaryimage"},"thumbnailUrl":"https:\/\/i0.wp.com\/landioustravel.com\/wp-content\/uploads\/2020\/10\/petra_trip_sharm-e1617489481347.jpg?fit=1200%2C675&ssl=1","datePublished":"2021-01-06T16:12:44+00:00","dateModified":"2026-01-28T17:14:50+00:00","description":"Voyage P\u00e9tra au d\u00e9part de Dahab visitez la ville historique et arch\u00e9ologique de P\u00e9tra en Jordanie, l'ancien mus\u00e9e nabat\u00e9en, le th\u00e9\u00e2tre romain","breadcrumb":{"@id":"https:\/\/landioustravel.com\/fr\/shop\/voyage-petra-depart-dahab\/#breadcrumb"},"inLanguage":"fr-FR","potentialAction":[{"@type":"ReadAction","target":["https:\/\/landioustravel.com\/fr\/shop\/voyage-petra-depart-dahab\/"]}]},{"@type":"ImageObject","inLanguage":"fr-FR","@id":"https:\/\/landioustravel.com\/fr\/shop\/voyage-petra-depart-dahab\/#primaryimage","url":"https:\/\/i0.wp.com\/landioustravel.com\/wp-content\/uploads\/2020\/10\/petra_trip_sharm-e1617489481347.jpg?fit=1200%2C675&ssl=1","contentUrl":"https:\/\/i0.wp.com\/landioustravel.com\/wp-content\/uploads\/2020\/10\/petra_trip_sharm-e1617489481347.jpg?fit=1200%2C675&ssl=1","width":1200,"height":675,"caption":"Services & Tours Excursion to Petra from Sharm El Sheikh"},{"@type":"BreadcrumbList","@id":"https:\/\/landioustravel.com\/fr\/shop\/voyage-petra-depart-dahab\/#breadcrumb","itemListElement":[{"@type":"ListItem","position":1,"name":"Home","item":"https:\/\/landioustravel.com\/fr\/"},{"@type":"ListItem","position":2,"name":"Prestations &amp; Visites","item":"https:\/\/landioustravel.com\/fr\/"},{"@type":"ListItem","position":3,"name":"Voyage P\u00e9tra au d\u00e9part de Dahab"}]},{"@type":"WebSite","@id":"https:\/\/landioustravel.com\/fr\/#website","url":"https:\/\/landioustravel.com\/fr\/","name":"Landious Travel","description":"Excursions, trips and cruises in Egypt","publisher":{"@id":"https:\/\/landioustravel.com\/fr\/#organization"},"potentialAction":[{"@type":"SearchAction","target":{"@type":"EntryPoint","urlTemplate":"https:\/\/landioustravel.com\/fr\/?s={search_term_string}"},"query-input":{"@type":"PropertyValueSpecification","valueRequired":true,"valueName":"search_term_string"}}],"inLanguage":"fr-FR"},{"@type":["Organization","Place"],"@id":"https:\/\/landioustravel.com\/fr\/#organization","name":"Landious Travel","alternateName":"Landious Travel","url":"https:\/\/landioustravel.com\/fr\/","logo":{"@id":"https:\/\/landioustravel.com\/fr\/shop\/voyage-petra-depart-dahab\/#local-main-organization-logo"},"image":{"@id":"https:\/\/landioustravel.com\/fr\/shop\/voyage-petra-depart-dahab\/#local-main-organization-logo"},"sameAs":["https:\/\/web.facebook.com\/landiousEgypt","https:\/\/x.com\/LandiousTours","https:\/\/mastodon.social\/@landious"],"legalName":"Landious Travel","telephone":[],"openingHoursSpecification":[{"@type":"OpeningHoursSpecification","dayOfWeek":["Monday","Tuesday","Wednesday","Thursday","Friday","Saturday","Sunday"],"opens":"09:00","closes":"17:00"}]},{"@type":"ImageObject","inLanguage":"fr-FR","@id":"https:\/\/landioustravel.com\/fr\/shop\/voyage-petra-depart-dahab\/#local-main-organization-logo","url":"https:\/\/i0.wp.com\/landioustravel.com\/wp-content\/uploads\/2021\/06\/Landious-T.png?fit=500%2C500&ssl=1","contentUrl":"https:\/\/i0.wp.com\/landioustravel.com\/wp-content\/uploads\/2021\/06\/Landious-T.png?fit=500%2C500&ssl=1","width":500,"height":500,"caption":"Landious Travel"}]}},"jetpack_publicize_connections":[],"uagb_featured_image_src":{"full":["https:\/\/i0.wp.com\/landioustravel.com\/wp-content\/uploads\/2020\/10\/petra_trip_sharm-e1617489481347.jpg?fit=1200%2C675&ssl=1",1200,675,false],"thumbnail":["https:\/\/i0.wp.com\/landioustravel.com\/wp-content\/uploads\/2020\/10\/petra_trip_sharm-e1617489481347.jpg?resize=150%2C150&ssl=1",150,150,true],"medium":["https:\/\/i0.wp.com\/landioustravel.com\/wp-content\/uploads\/2020\/10\/petra_trip_sharm-e1617489481347.jpg?fit=300%2C200&ssl=1",300,200,true],"medium_large":["https:\/\/i0.wp.com\/landioustravel.com\/wp-content\/uploads\/2020\/10\/petra_trip_sharm-e1617489481347.jpg?fit=768%2C512&ssl=1",768,512,true],"large":["https:\/\/i0.wp.com\/landioustravel.com\/wp-content\/uploads\/2020\/10\/petra_trip_sharm-e1617489481347.jpg?fit=980%2C654&ssl=1",980,654,true],"1536x1536":["https:\/\/i0.wp.com\/landioustravel.com\/wp-content\/uploads\/2020\/10\/petra_trip_sharm-e1617489481347.jpg?fit=1536%2C1024&ssl=1",1536,1024,true],"2048x2048":["https:\/\/i0.wp.com\/landioustravel.com\/wp-content\/uploads\/2020\/10\/petra_trip_sharm-e1617489481347.jpg?fit=1200%2C675&ssl=1",1200,675,true],"newspack-article-block-landscape-large":["https:\/\/i0.wp.com\/landioustravel.com\/wp-content\/uploads\/2020\/10\/petra_trip_sharm-e1617489481347.jpg?resize=1200%2C675&ssl=1",1200,900,true],"newspack-article-block-portrait-large":["https:\/\/i0.wp.com\/landioustravel.com\/wp-content\/uploads\/2020\/10\/petra_trip_sharm-e1617489481347.jpg?resize=900%2C675&ssl=1",900,800,true],"newspack-article-block-square-large":["https:\/\/i0.wp.com\/landioustravel.com\/wp-content\/uploads\/2020\/10\/petra_trip_sharm-e1617489481347.jpg?resize=1200%2C675&ssl=1",1200,1200,true],"newspack-article-block-landscape-medium":["https:\/\/i0.wp.com\/landioustravel.com\/wp-content\/uploads\/2020\/10\/petra_trip_sharm-e1617489481347.jpg?resize=800%2C600&ssl=1",800,600,true],"newspack-article-block-portrait-medium":["https:\/\/i0.wp.com\/landioustravel.com\/wp-content\/uploads\/2020\/10\/petra_trip_sharm-e1617489481347.jpg?resize=600%2C675&ssl=1",600,800,true],"newspack-article-block-square-medium":["https:\/\/i0.wp.com\/landioustravel.com\/wp-content\/uploads\/2020\/10\/petra_trip_sharm-e1617489481347.jpg?resize=800%2C675&ssl=1",800,800,true],"newspack-article-block-landscape-intermediate":["https:\/\/i0.wp.com\/landioustravel.com\/wp-content\/uploads\/2020\/10\/petra_trip_sharm-e1617489481347.jpg?resize=600%2C450&ssl=1",600,450,true],"newspack-article-block-portrait-intermediate":["https:\/\/i0.wp.com\/landioustravel.com\/wp-content\/uploads\/2020\/10\/petra_trip_sharm-e1617489481347.jpg?resize=450%2C600&ssl=1",450,600,true],"newspack-article-block-square-intermediate":["https:\/\/i0.wp.com\/landioustravel.com\/wp-content\/uploads\/2020\/10\/petra_trip_sharm-e1617489481347.jpg?resize=600%2C600&ssl=1",600,600,true],"newspack-article-block-landscape-small":["https:\/\/i0.wp.com\/landioustravel.com\/wp-content\/uploads\/2020\/10\/petra_trip_sharm-e1617489481347.jpg?resize=400%2C300&ssl=1",400,300,true],"newspack-article-block-portrait-small":["https:\/\/i0.wp.com\/landioustravel.com\/wp-content\/uploads\/2020\/10\/petra_trip_sharm-e1617489481347.jpg?resize=300%2C400&ssl=1",300,400,true],"newspack-article-block-square-small":["https:\/\/i0.wp.com\/landioustravel.com\/wp-content\/uploads\/2020\/10\/petra_trip_sharm-e1617489481347.jpg?resize=400%2C400&ssl=1",400,400,true],"newspack-article-block-landscape-tiny":["https:\/\/i0.wp.com\/landioustravel.com\/wp-content\/uploads\/2020\/10\/petra_trip_sharm-e1617489481347.jpg?resize=200%2C150&ssl=1",200,150,true],"newspack-article-block-portrait-tiny":["https:\/\/i0.wp.com\/landioustravel.com\/wp-content\/uploads\/2020\/10\/petra_trip_sharm-e1617489481347.jpg?resize=150%2C200&ssl=1",150,200,true],"newspack-article-block-square-tiny":["https:\/\/i0.wp.com\/landioustravel.com\/wp-content\/uploads\/2020\/10\/petra_trip_sharm-e1617489481347.jpg?resize=200%2C200&ssl=1",200,200,true],"newspack-article-block-uncropped":["https:\/\/i0.wp.com\/landioustravel.com\/wp-content\/uploads\/2020\/10\/petra_trip_sharm-e1617489481347.jpg?fit=1200%2C800&ssl=1",1200,800,true],"woocommerce_thumbnail":["https:\/\/i0.wp.com\/landioustravel.com\/wp-content\/uploads\/2020\/10\/petra_trip_sharm-e1617489481347.jpg?resize=324%2C324&ssl=1",324,324,true],"woocommerce_single":["https:\/\/i0.wp.com\/landioustravel.com\/wp-content\/uploads\/2020\/10\/petra_trip_sharm-e1617489481347.jpg?fit=416%2C234&ssl=1",416,234,true],"woocommerce_gallery_thumbnail":["https:\/\/i0.wp.com\/landioustravel.com\/wp-content\/uploads\/2020\/10\/petra_trip_sharm-e1617489481347.jpg?resize=100%2C100&ssl=1",100,100,true]},"uagb_author_info":{"display_name":"Mofreh Landious","author_link":"https:\/\/landioustravel.com\/fr\/author\/"},"uagb_comment_info":3,"uagb_excerpt":"D\u00e9couvrez l'attraction embl\u00e9matique de l'ancienne ville de Petra, en Jordanie, m\u00eame avec un temps limit\u00e9 dans la r\u00e9gion. Notre excursion d'une journ\u00e9e compl\u00e8te au d\u00e9part de Dahab, en \u00c9gypte, est sans tracas et comprend tous les transferts, la prise en charge et le retour \u00e0 l'h\u00f4tel et la navigation de Taba \u00e0 Aqaba. Avec tous&hellip;","jetpack_sharing_enabled":true,"jetpack_likes_enabled":true,"amp_enabled":true,"_links":{"self":[{"href":"https:\/\/landioustravel.com\/fr\/wp-json\/wp\/v2\/product\/39877","targetHints":{"allow":["GET"]}}],"collection":[{"href":"https:\/\/landioustravel.com\/fr\/wp-json\/wp\/v2\/product"}],"about":[{"href":"https:\/\/landioustravel.com\/fr\/wp-json\/wp\/v2\/types\/product"}],"replies":[{"embeddable":true,"href":"https:\/\/landioustravel.com\/fr\/wp-json\/wp\/v2\/comments?post=39877"}],"wp:featuredmedia":[{"embeddable":true,"href":"https:\/\/landioustravel.com\/fr\/wp-json\/wp\/v2\/media\/24692"}],"wp:attachment":[{"href":"https:\/\/landioustravel.com\/fr\/wp-json\/wp\/v2\/media?parent=39877"}],"wp:term":[{"taxonomy":"product_brand","embeddable":true,"href":"https:\/\/landioustravel.com\/fr\/wp-json\/wp\/v2\/product_brand?post=39877"},{"taxonomy":"product_cat","embeddable":true,"href":"https:\/\/landioustravel.com\/fr\/wp-json\/wp\/v2\/product_cat?post=39877"},{"taxonomy":"product_tag","embeddable":true,"href":"https:\/\/landioustravel.com\/fr\/wp-json\/wp\/v2\/product_tag?post=39877"}],"curies":[{"name":"wp","href":"https:\/\/api.w.org\/{rel}","templated":true}]}}