{"id":4500,"date":"2019-05-12T04:59:40","date_gmt":"2019-05-12T06:15:30","guid":{"rendered":"https:\/\/landioustravel.com\/?post_type=product&#038;p=4500"},"modified":"2024-04-13T19:14:26","modified_gmt":"2024-04-13T17:14:26","slug":"voyage-avion-prive-caire-hurghada","status":"publish","type":"product","link":"https:\/\/landioustravel.com\/fr\/shop\/voyage-avion-prive-caire-hurghada\/","title":{"rendered":"Voyage en avion priv\u00e9 au Caire depuis Hurghada"},"content":{"rendered":"<p>C&#8217;est un voyage a\u00e9rien tr\u00e8s attendu au Caire depuis la station baln\u00e9aire d&#8217;<a href=\"https:\/\/landioustravel.com\/fr\/ville-hurghada\/\">Hurghada<\/a>! Nous recommandons le voyage car il permet aux touristes de voir les sites les plus impressionnants et d&#8217;en apprendre davantage sur l&#8217;histoire du pays. Le voyage se dirige vers les grandes pyramides et le Sphinx \u00e0 Gizeh. Et, cela va aussi au mus\u00e9e \u00e9gyptien au Caire. Les passagers du voyage effectueront ce voyage en avion tr\u00e8s attendu sans perdre beaucoup de temps.<\/p>\n<h2>Points principaux du programme d&#8217;excursion au Caire en avion<\/h2>\n<ul>\n<li>Visite au mus\u00e9e \u00e9gyptien au Caire<\/li>\n<li>Le d\u00e9jeuner<\/li>\n<li>Visitez les trois pyramides de Gizeh<\/li>\n<li>Et le grand sphinx dans le complexe pyramidal<\/li>\n<\/ul>\n<h3>Le programme d&#8217;excursions au Caire &#8211; Giza d&#8217;Hurghada<\/h3>\n<ul>\n<li>Nous venons vous chercher \u00e0 votre h\u00f4tel \u00e0 bord d&#8217;un v\u00e9hicule priv\u00e9 vers 5 heures du matin.<\/li>\n<li>Apr\u00e8s avoir pris tous les passagers, le bus se rend \u00e0 l&#8217;a\u00e9roport international d&#8217;Hurghada. Il faut environ 30 minutes pour se rendre \u00e0 l&#8217;a\u00e9roport.<\/li>\n<\/ul>\n<h4>Programme au Caire<\/h4>\n<ul>\n<li>D\u00e8s votre arriv\u00e9e au Caire, nous vous montrerons le mus\u00e9e \u00e9gyptien. Il y a environ 100 salles d&#8217;exposition dans ce mus\u00e9e, o\u00f9 il y a une collection unique compos\u00e9e d&#8217;environ 150 mille articles. Votre guide aura pour t\u00e2che de montrer toutes les principales expositions de ce vaste mus\u00e9e et de vous donner du temps libre pour prendre des photos.<\/li>\n<li>Apr\u00e8s avoir visit\u00e9 le mus\u00e9e \u00e9gyptien au Caire, vous commencerez le pique-nique en bateau sur le Nil en option payante. Il s\u2019agit d\u2019un programme suppl\u00e9mentaire qui doit \u00eatre command\u00e9 \u00e0 l\u2019avance par notre interm\u00e9diaire! D\u00e8s la fin du pique-nique en bateau sur le Nil, vous vous dirigerez vers une autre ville _ Giza<\/li>\n<\/ul>\n<h4>Programme de Gizeh<\/h4>\n<ul>\n<li>Le voyage continue \u00e0 Gizeh. Le premier arr\u00eat, l\u00e0-bas, sera au restaurant. Il propose un buffet ouvert<\/li>\n<li>Ensuite, le groupe se rend au complexe pyramidal, o\u00f9 se trouvent de grandes pyramides et le Sphinx. Votre guide les montre et donne du temps libre pour prendre une photo<\/li>\n<li>Apr\u00e8s un tel programme dans les merveilleuses villes du Caire et de Gizeh, vous rentrez \u00e0 l&#8217;a\u00e9roport du Caire.<\/li>\n<\/ul>\n<h4>Ce qui est inclus dans le prix du voyage<\/h4>\n<ul>\n<li>Billets pour visiter les temples<\/li>\n<li>Le d\u00e9jeuner<\/li>\n<li>Guide priv\u00e9<\/li>\n<li>Transfert individuel \u00e0 l&#8217;a\u00e9roport d&#8217;Hurghada<\/li>\n<li>V\u00e9hicule priv\u00e9 au Caire<\/li>\n<li>Transfert individuel de l&#8217;a\u00e9roport d&#8217;Hurghada \u00e0 votre h\u00f4tel<\/li>\n<\/ul>\n<h5>Ce qui n&#8217;est pas inclus dans le prix du voyage<\/h5>\n<ul>\n<li>Programmes d&#8217;excursions suppl\u00e9mentaires s&#8217;ils ne sont pas inclus dans le programme ci-dessus<\/li>\n<li>Boissons<\/li>\n<\/ul>\n<h6>QUE FAIRE AVEC VOUS POUR LE VOYAGE<\/h6>\n<ul>\n<li>Petit d\u00e9jeuner<\/li>\n<li>Passeport<\/li>\n<\/ul>\n<h6>Organisation de journ\u00e9es d&#8217;excursion<\/h6>\n<ul>\n<li>Les jeudis de 05h00 \u00e0 24h00<\/li>\n<li>Les vendredis de 05h00 \u00e0 24h00<\/li>\n<\/ul>\n","protected":false},"excerpt":{"rendered":"<p>Vous pr\u00e9voyez un voyage au Caire depuis Hurghada ? Laissez-nous le rendre facile et m\u00e9morable pour vous. Notre forfait comprend les billets d&#8217;avion, les billets d&#8217;entr\u00e9e et les transferts, vous \u00e9vitant ainsi de vous inqui\u00e9ter. Nous viendrons vous chercher \u00e0 votre h\u00f4tel \u00e0 Hurghada \u00e0 04h30 et vous emm\u00e8nerons \u00e0 l&#8217;a\u00e9roport. Apr\u00e8s un court vol vers Le Caire, notre repr\u00e9sentant vous rencontrera et vous assistera tout au long de la journ\u00e9e. Vous profiterez d&#8217;une visite priv\u00e9e avec notre guide \u00e9gyptologue, qui vous fournira un aper\u00e7u d\u00e9taill\u00e9 des magnifiques pyramides de Gizeh, du grand sphinx et du temple de la vall\u00e9e de la pyramide de Chephren. Apr\u00e8s cela, nous vous emm\u00e8nerons dans un restaurant local pour d\u00e9jeuner.<\/p>\n<p>Le prochain arr\u00eat est le mus\u00e9e \u00e9gyptien, qui pr\u00e9sente des objets de la p\u00e9riode pharaonique. Le mus\u00e9e poss\u00e8de une collection rare de 5000 ans d&#8217;art, y compris une exposition consacr\u00e9e \u00e0 la collection de tr\u00e9sors, d&#8217;or et de bijoux de Toutankhamon. Vous aurez amplement le temps d&#8217;explorer Khan El Khalili, le vieux bazar du Caire, avant d&#8217;\u00eatre conduit \u00e0 l&#8217;a\u00e9roport du Caire pour votre vol de retour \u00e0 Hurghada. Nous veillerons \u00e0 ce que vous arriviez en toute s\u00e9curit\u00e9 \u00e0 votre h\u00f4tel et que vous ayez pass\u00e9 un voyage agr\u00e9able et sans encombre. Laissez-nous nous occuper de tout pour que vous puissiez vous concentrer sur la cr\u00e9ation de souvenirs inoubliables dans la capitale \u00e9gyptienne.<\/p>\n","protected":false},"featured_media":99192,"comment_status":"open","ping_status":"closed","template":"","meta":{"_coblocks_attr":"","_coblocks_dimensions":"","_coblocks_responsive_height":"","_coblocks_accordion_ie_support":"","_uag_custom_page_level_css":"","jetpack_post_was_ever_published":false,"jetpack_publicize_message":"","jetpack_publicize_feature_enabled":true,"jetpack_social_post_already_shared":true,"jetpack_social_options":{"image_generator_settings":{"template":"highway","default_image_id":0,"font":"","enabled":false},"version":2},"_wpas_customize_per_network":false},"product_brand":[],"product_cat":[1563,8562],"product_tag":[1578,2142,1580,1572,1649,1650,9905],"class_list":{"0":"post-4500","1":"product","2":"type-product","3":"status-publish","4":"has-post-thumbnail","6":"product_cat-excursions-historiques-hurghada","7":"product_cat-excursions-individuelles-hurghada","8":"product_tag-excursion-fr","9":"product_tag-excursions-depuis-hurghada","10":"product_tag-hurghada-fr","11":"product_tag-caire","12":"product_tag-pyramides","13":"product_tag-sphinx-fr","14":"product_tag-tourisme","16":"first","17":"instock","18":"sale","19":"taxable","20":"shipping-taxable","21":"purchasable","22":"product-type-variable"},"yoast_head":"<!-- This site is optimized with the Yoast SEO Premium plugin v26.9 (Yoast SEO v27.3) - https:\/\/yoast.com\/product\/yoast-seo-premium-wordpress\/ -->\n<title>Voyage en avion priv\u00e9 au Caire depuis Hurghada<\/title>\n<meta name=\"description\" content=\"Voyage en avion priv\u00e9 au Caire depuis Hurghada: C&#039;est un voyage a\u00e9rien tr\u00e8s attendu au Caire depuis la station baln\u00e9aire d&#039;Hurghada! Nous recommandons le\" \/>\n<meta name=\"robots\" content=\"index, follow, max-snippet:-1, max-image-preview:large, max-video-preview:-1\" \/>\n<link rel=\"canonical\" href=\"https:\/\/landioustravel.com\/fr\/shop\/voyage-avion-prive-caire-hurghada\/\" \/>\n<meta property=\"og:locale\" content=\"fr_FR\" \/>\n<meta property=\"og:type\" content=\"article\" \/>\n<meta property=\"og:title\" content=\"Voyage en avion priv\u00e9 au Caire depuis Hurghada\" \/>\n<meta property=\"og:description\" content=\"Landious Travel\" \/>\n<meta property=\"og:url\" content=\"https:\/\/landioustravel.com\/fr\/shop\/voyage-avion-prive-caire-hurghada\/\" \/>\n<meta property=\"og:site_name\" content=\"Landious Travel\" \/>\n<meta property=\"article:publisher\" content=\"https:\/\/web.facebook.com\/landiousEgypt\" \/>\n<meta property=\"article:modified_time\" content=\"2024-04-13T17:14:26+00:00\" \/>\n<meta property=\"og:image\" content=\"https:\/\/i0.wp.com\/landioustravel.com\/wp-content\/uploads\/2019\/05\/Cairo-Private-Trip-by-Plane-Hurghada-e1669160935397.jpg?fit=1200%2C675&ssl=1\" \/>\n\t<meta property=\"og:image:width\" content=\"1200\" \/>\n\t<meta property=\"og:image:height\" content=\"675\" \/>\n\t<meta property=\"og:image:type\" content=\"image\/jpeg\" \/>\n<meta name=\"twitter:card\" content=\"summary_large_image\" \/>\n<meta name=\"twitter:site\" content=\"@LandiousTours\" \/>\n<meta name=\"twitter:label1\" content=\"Dur\u00e9e de lecture estim\u00e9e\" \/>\n\t<meta name=\"twitter:data1\" content=\"2 minutes\" \/>\n<script type=\"application\/ld+json\" class=\"yoast-schema-graph\">{\"@context\":\"https:\\\/\\\/schema.org\",\"@graph\":[{\"@type\":\"WebPage\",\"@id\":\"https:\\\/\\\/landioustravel.com\\\/fr\\\/shop\\\/voyage-avion-prive-caire-hurghada\\\/\",\"url\":\"https:\\\/\\\/landioustravel.com\\\/fr\\\/shop\\\/voyage-avion-prive-caire-hurghada\\\/\",\"name\":\"Voyage en avion priv\u00e9 au Caire depuis Hurghada\",\"isPartOf\":{\"@id\":\"https:\\\/\\\/landioustravel.com\\\/fr\\\/#website\"},\"primaryImageOfPage\":{\"@id\":\"https:\\\/\\\/landioustravel.com\\\/fr\\\/shop\\\/voyage-avion-prive-caire-hurghada\\\/#primaryimage\"},\"image\":{\"@id\":\"https:\\\/\\\/landioustravel.com\\\/fr\\\/shop\\\/voyage-avion-prive-caire-hurghada\\\/#primaryimage\"},\"thumbnailUrl\":\"https:\\\/\\\/i0.wp.com\\\/landioustravel.com\\\/wp-content\\\/uploads\\\/2019\\\/05\\\/Cairo-Private-Trip-by-Plane-Hurghada-e1669160935397.jpg?fit=1200%2C675&ssl=1\",\"datePublished\":\"2019-05-12T06:15:30+00:00\",\"dateModified\":\"2024-04-13T17:14:26+00:00\",\"description\":\"Voyage en avion priv\u00e9 au Caire depuis Hurghada: C'est un voyage a\u00e9rien tr\u00e8s attendu au Caire depuis la station baln\u00e9aire d'Hurghada! Nous recommandons le\",\"breadcrumb\":{\"@id\":\"https:\\\/\\\/landioustravel.com\\\/fr\\\/shop\\\/voyage-avion-prive-caire-hurghada\\\/#breadcrumb\"},\"inLanguage\":\"fr-FR\",\"potentialAction\":[{\"@type\":\"ReadAction\",\"target\":[\"https:\\\/\\\/landioustravel.com\\\/fr\\\/shop\\\/voyage-avion-prive-caire-hurghada\\\/\"]}]},{\"@type\":\"ImageObject\",\"inLanguage\":\"fr-FR\",\"@id\":\"https:\\\/\\\/landioustravel.com\\\/fr\\\/shop\\\/voyage-avion-prive-caire-hurghada\\\/#primaryimage\",\"url\":\"https:\\\/\\\/i0.wp.com\\\/landioustravel.com\\\/wp-content\\\/uploads\\\/2019\\\/05\\\/Cairo-Private-Trip-by-Plane-Hurghada-e1669160935397.jpg?fit=1200%2C675&ssl=1\",\"contentUrl\":\"https:\\\/\\\/i0.wp.com\\\/landioustravel.com\\\/wp-content\\\/uploads\\\/2019\\\/05\\\/Cairo-Private-Trip-by-Plane-Hurghada-e1669160935397.jpg?fit=1200%2C675&ssl=1\",\"width\":1200,\"height\":675,\"caption\":\"Cairo Private Trip by Plane Hurghada\"},{\"@type\":\"BreadcrumbList\",\"@id\":\"https:\\\/\\\/landioustravel.com\\\/fr\\\/shop\\\/voyage-avion-prive-caire-hurghada\\\/#breadcrumb\",\"itemListElement\":[{\"@type\":\"ListItem\",\"position\":1,\"name\":\"Home\",\"item\":\"https:\\\/\\\/landioustravel.com\\\/fr\\\/\"},{\"@type\":\"ListItem\",\"position\":2,\"name\":\"Prestations &amp; Visites\",\"item\":\"https:\\\/\\\/landioustravel.com\\\/fr\\\/\"},{\"@type\":\"ListItem\",\"position\":3,\"name\":\"Voyage en avion priv\u00e9 au Caire depuis Hurghada\"}]},{\"@type\":\"WebSite\",\"@id\":\"https:\\\/\\\/landioustravel.com\\\/fr\\\/#website\",\"url\":\"https:\\\/\\\/landioustravel.com\\\/fr\\\/\",\"name\":\"Landious Travel\",\"description\":\"Excursions, trips and cruises in Egypt\",\"publisher\":{\"@id\":\"https:\\\/\\\/landioustravel.com\\\/fr\\\/#organization\"},\"potentialAction\":[{\"@type\":\"SearchAction\",\"target\":{\"@type\":\"EntryPoint\",\"urlTemplate\":\"https:\\\/\\\/landioustravel.com\\\/fr\\\/?s={search_term_string}\"},\"query-input\":{\"@type\":\"PropertyValueSpecification\",\"valueRequired\":true,\"valueName\":\"search_term_string\"}}],\"inLanguage\":\"fr-FR\"},{\"@type\":[\"Organization\",\"Place\"],\"@id\":\"https:\\\/\\\/landioustravel.com\\\/fr\\\/#organization\",\"name\":\"Landious Travel\",\"alternateName\":\"Landious Travel\",\"url\":\"https:\\\/\\\/landioustravel.com\\\/fr\\\/\",\"logo\":{\"@id\":\"https:\\\/\\\/landioustravel.com\\\/fr\\\/shop\\\/voyage-avion-prive-caire-hurghada\\\/#local-main-organization-logo\"},\"image\":{\"@id\":\"https:\\\/\\\/landioustravel.com\\\/fr\\\/shop\\\/voyage-avion-prive-caire-hurghada\\\/#local-main-organization-logo\"},\"sameAs\":[\"https:\\\/\\\/web.facebook.com\\\/landiousEgypt\",\"https:\\\/\\\/x.com\\\/LandiousTours\",\"https:\\\/\\\/mastodon.social\\\/@landious\"],\"legalName\":\"Landious Travel\",\"telephone\":[],\"openingHoursSpecification\":[{\"@type\":\"OpeningHoursSpecification\",\"dayOfWeek\":[\"Monday\",\"Tuesday\",\"Wednesday\",\"Thursday\",\"Friday\",\"Saturday\",\"Sunday\"],\"opens\":\"09:00\",\"closes\":\"17:00\"}]},{\"@type\":\"ImageObject\",\"inLanguage\":\"fr-FR\",\"@id\":\"https:\\\/\\\/landioustravel.com\\\/fr\\\/shop\\\/voyage-avion-prive-caire-hurghada\\\/#local-main-organization-logo\",\"url\":\"https:\\\/\\\/i0.wp.com\\\/landioustravel.com\\\/wp-content\\\/uploads\\\/2021\\\/06\\\/Landious-T.png?fit=500%2C500&ssl=1\",\"contentUrl\":\"https:\\\/\\\/i0.wp.com\\\/landioustravel.com\\\/wp-content\\\/uploads\\\/2021\\\/06\\\/Landious-T.png?fit=500%2C500&ssl=1\",\"width\":500,\"height\":500,\"caption\":\"Landious Travel\"}]}<\/script>\n<!-- \/ Yoast SEO Premium plugin. -->","yoast_head_json":{"title":"Voyage en avion priv\u00e9 au Caire depuis Hurghada","description":"Voyage en avion priv\u00e9 au Caire depuis Hurghada: C'est un voyage a\u00e9rien tr\u00e8s attendu au Caire depuis la station baln\u00e9aire d'Hurghada! Nous recommandons le","robots":{"index":"index","follow":"follow","max-snippet":"max-snippet:-1","max-image-preview":"max-image-preview:large","max-video-preview":"max-video-preview:-1"},"canonical":"https:\/\/landioustravel.com\/fr\/shop\/voyage-avion-prive-caire-hurghada\/","og_locale":"fr_FR","og_type":"article","og_title":"Voyage en avion priv\u00e9 au Caire depuis Hurghada","og_description":"Landious Travel","og_url":"https:\/\/landioustravel.com\/fr\/shop\/voyage-avion-prive-caire-hurghada\/","og_site_name":"Landious Travel","article_publisher":"https:\/\/web.facebook.com\/landiousEgypt","article_modified_time":"2024-04-13T17:14:26+00:00","og_image":[{"width":1200,"height":675,"url":"https:\/\/i0.wp.com\/landioustravel.com\/wp-content\/uploads\/2019\/05\/Cairo-Private-Trip-by-Plane-Hurghada-e1669160935397.jpg?fit=1200%2C675&ssl=1","type":"image\/jpeg"}],"twitter_card":"summary_large_image","twitter_site":"@LandiousTours","twitter_misc":{"Dur\u00e9e de lecture estim\u00e9e":"2 minutes"},"schema":{"@context":"https:\/\/schema.org","@graph":[{"@type":"WebPage","@id":"https:\/\/landioustravel.com\/fr\/shop\/voyage-avion-prive-caire-hurghada\/","url":"https:\/\/landioustravel.com\/fr\/shop\/voyage-avion-prive-caire-hurghada\/","name":"Voyage en avion priv\u00e9 au Caire depuis Hurghada","isPartOf":{"@id":"https:\/\/landioustravel.com\/fr\/#website"},"primaryImageOfPage":{"@id":"https:\/\/landioustravel.com\/fr\/shop\/voyage-avion-prive-caire-hurghada\/#primaryimage"},"image":{"@id":"https:\/\/landioustravel.com\/fr\/shop\/voyage-avion-prive-caire-hurghada\/#primaryimage"},"thumbnailUrl":"https:\/\/i0.wp.com\/landioustravel.com\/wp-content\/uploads\/2019\/05\/Cairo-Private-Trip-by-Plane-Hurghada-e1669160935397.jpg?fit=1200%2C675&ssl=1","datePublished":"2019-05-12T06:15:30+00:00","dateModified":"2024-04-13T17:14:26+00:00","description":"Voyage en avion priv\u00e9 au Caire depuis Hurghada: C'est un voyage a\u00e9rien tr\u00e8s attendu au Caire depuis la station baln\u00e9aire d'Hurghada! Nous recommandons le","breadcrumb":{"@id":"https:\/\/landioustravel.com\/fr\/shop\/voyage-avion-prive-caire-hurghada\/#breadcrumb"},"inLanguage":"fr-FR","potentialAction":[{"@type":"ReadAction","target":["https:\/\/landioustravel.com\/fr\/shop\/voyage-avion-prive-caire-hurghada\/"]}]},{"@type":"ImageObject","inLanguage":"fr-FR","@id":"https:\/\/landioustravel.com\/fr\/shop\/voyage-avion-prive-caire-hurghada\/#primaryimage","url":"https:\/\/i0.wp.com\/landioustravel.com\/wp-content\/uploads\/2019\/05\/Cairo-Private-Trip-by-Plane-Hurghada-e1669160935397.jpg?fit=1200%2C675&ssl=1","contentUrl":"https:\/\/i0.wp.com\/landioustravel.com\/wp-content\/uploads\/2019\/05\/Cairo-Private-Trip-by-Plane-Hurghada-e1669160935397.jpg?fit=1200%2C675&ssl=1","width":1200,"height":675,"caption":"Cairo Private Trip by Plane Hurghada"},{"@type":"BreadcrumbList","@id":"https:\/\/landioustravel.com\/fr\/shop\/voyage-avion-prive-caire-hurghada\/#breadcrumb","itemListElement":[{"@type":"ListItem","position":1,"name":"Home","item":"https:\/\/landioustravel.com\/fr\/"},{"@type":"ListItem","position":2,"name":"Prestations &amp; Visites","item":"https:\/\/landioustravel.com\/fr\/"},{"@type":"ListItem","position":3,"name":"Voyage en avion priv\u00e9 au Caire depuis Hurghada"}]},{"@type":"WebSite","@id":"https:\/\/landioustravel.com\/fr\/#website","url":"https:\/\/landioustravel.com\/fr\/","name":"Landious Travel","description":"Excursions, trips and cruises in Egypt","publisher":{"@id":"https:\/\/landioustravel.com\/fr\/#organization"},"potentialAction":[{"@type":"SearchAction","target":{"@type":"EntryPoint","urlTemplate":"https:\/\/landioustravel.com\/fr\/?s={search_term_string}"},"query-input":{"@type":"PropertyValueSpecification","valueRequired":true,"valueName":"search_term_string"}}],"inLanguage":"fr-FR"},{"@type":["Organization","Place"],"@id":"https:\/\/landioustravel.com\/fr\/#organization","name":"Landious Travel","alternateName":"Landious Travel","url":"https:\/\/landioustravel.com\/fr\/","logo":{"@id":"https:\/\/landioustravel.com\/fr\/shop\/voyage-avion-prive-caire-hurghada\/#local-main-organization-logo"},"image":{"@id":"https:\/\/landioustravel.com\/fr\/shop\/voyage-avion-prive-caire-hurghada\/#local-main-organization-logo"},"sameAs":["https:\/\/web.facebook.com\/landiousEgypt","https:\/\/x.com\/LandiousTours","https:\/\/mastodon.social\/@landious"],"legalName":"Landious Travel","telephone":[],"openingHoursSpecification":[{"@type":"OpeningHoursSpecification","dayOfWeek":["Monday","Tuesday","Wednesday","Thursday","Friday","Saturday","Sunday"],"opens":"09:00","closes":"17:00"}]},{"@type":"ImageObject","inLanguage":"fr-FR","@id":"https:\/\/landioustravel.com\/fr\/shop\/voyage-avion-prive-caire-hurghada\/#local-main-organization-logo","url":"https:\/\/i0.wp.com\/landioustravel.com\/wp-content\/uploads\/2021\/06\/Landious-T.png?fit=500%2C500&ssl=1","contentUrl":"https:\/\/i0.wp.com\/landioustravel.com\/wp-content\/uploads\/2021\/06\/Landious-T.png?fit=500%2C500&ssl=1","width":500,"height":500,"caption":"Landious Travel"}]}},"jetpack_publicize_connections":[],"uagb_featured_image_src":{"full":["https:\/\/i0.wp.com\/landioustravel.com\/wp-content\/uploads\/2019\/05\/Cairo-Private-Trip-by-Plane-Hurghada-e1669160935397.jpg?fit=1200%2C675&ssl=1",1200,675,false],"thumbnail":["https:\/\/i0.wp.com\/landioustravel.com\/wp-content\/uploads\/2019\/05\/Cairo-Private-Trip-by-Plane-Hurghada-e1669160935397.jpg?resize=150%2C150&ssl=1",150,150,true],"medium":["https:\/\/i0.wp.com\/landioustravel.com\/wp-content\/uploads\/2019\/05\/Cairo-Private-Trip-by-Plane-Hurghada-e1669160935397.jpg?fit=300%2C169&ssl=1",300,169,true],"medium_large":["https:\/\/i0.wp.com\/landioustravel.com\/wp-content\/uploads\/2019\/05\/Cairo-Private-Trip-by-Plane-Hurghada-e1669160935397.jpg?fit=768%2C432&ssl=1",768,432,true],"large":["https:\/\/i0.wp.com\/landioustravel.com\/wp-content\/uploads\/2019\/05\/Cairo-Private-Trip-by-Plane-Hurghada-e1669160935397.jpg?fit=980%2C551&ssl=1",980,551,true],"1536x1536":["https:\/\/i0.wp.com\/landioustravel.com\/wp-content\/uploads\/2019\/05\/Cairo-Private-Trip-by-Plane-Hurghada-e1669160935397.jpg?fit=1536%2C864&ssl=1",1536,864,true],"2048x2048":["https:\/\/i0.wp.com\/landioustravel.com\/wp-content\/uploads\/2019\/05\/Cairo-Private-Trip-by-Plane-Hurghada-e1669160935397.jpg?fit=2048%2C1152&ssl=1",2048,1152,true],"newspack-article-block-landscape-large":["https:\/\/i0.wp.com\/landioustravel.com\/wp-content\/uploads\/2019\/05\/Cairo-Private-Trip-by-Plane-Hurghada-e1669160935397.jpg?resize=1200%2C675&ssl=1",1200,675,true],"newspack-article-block-portrait-large":["https:\/\/i0.wp.com\/landioustravel.com\/wp-content\/uploads\/2019\/05\/Cairo-Private-Trip-by-Plane-Hurghada-e1669160935397.jpg?resize=900%2C675&ssl=1",900,675,true],"newspack-article-block-square-large":["https:\/\/i0.wp.com\/landioustravel.com\/wp-content\/uploads\/2019\/05\/Cairo-Private-Trip-by-Plane-Hurghada-e1669160935397.jpg?resize=1200%2C675&ssl=1",1200,675,true],"newspack-article-block-landscape-medium":["https:\/\/i0.wp.com\/landioustravel.com\/wp-content\/uploads\/2019\/05\/Cairo-Private-Trip-by-Plane-Hurghada-e1669160935397.jpg?resize=800%2C600&ssl=1",800,600,true],"newspack-article-block-portrait-medium":["https:\/\/i0.wp.com\/landioustravel.com\/wp-content\/uploads\/2019\/05\/Cairo-Private-Trip-by-Plane-Hurghada-e1669160935397.jpg?resize=600%2C675&ssl=1",600,675,true],"newspack-article-block-square-medium":["https:\/\/i0.wp.com\/landioustravel.com\/wp-content\/uploads\/2019\/05\/Cairo-Private-Trip-by-Plane-Hurghada-e1669160935397.jpg?resize=800%2C675&ssl=1",800,675,true],"newspack-article-block-landscape-intermediate":["https:\/\/i0.wp.com\/landioustravel.com\/wp-content\/uploads\/2019\/05\/Cairo-Private-Trip-by-Plane-Hurghada-e1669160935397.jpg?resize=600%2C450&ssl=1",600,450,true],"newspack-article-block-portrait-intermediate":["https:\/\/i0.wp.com\/landioustravel.com\/wp-content\/uploads\/2019\/05\/Cairo-Private-Trip-by-Plane-Hurghada-e1669160935397.jpg?resize=450%2C600&ssl=1",450,600,true],"newspack-article-block-square-intermediate":["https:\/\/i0.wp.com\/landioustravel.com\/wp-content\/uploads\/2019\/05\/Cairo-Private-Trip-by-Plane-Hurghada-e1669160935397.jpg?resize=600%2C600&ssl=1",600,600,true],"newspack-article-block-landscape-small":["https:\/\/i0.wp.com\/landioustravel.com\/wp-content\/uploads\/2019\/05\/Cairo-Private-Trip-by-Plane-Hurghada-e1669160935397.jpg?resize=400%2C300&ssl=1",400,300,true],"newspack-article-block-portrait-small":["https:\/\/i0.wp.com\/landioustravel.com\/wp-content\/uploads\/2019\/05\/Cairo-Private-Trip-by-Plane-Hurghada-e1669160935397.jpg?resize=300%2C400&ssl=1",300,400,true],"newspack-article-block-square-small":["https:\/\/i0.wp.com\/landioustravel.com\/wp-content\/uploads\/2019\/05\/Cairo-Private-Trip-by-Plane-Hurghada-e1669160935397.jpg?resize=400%2C400&ssl=1",400,400,true],"newspack-article-block-landscape-tiny":["https:\/\/i0.wp.com\/landioustravel.com\/wp-content\/uploads\/2019\/05\/Cairo-Private-Trip-by-Plane-Hurghada-e1669160935397.jpg?resize=200%2C150&ssl=1",200,150,true],"newspack-article-block-portrait-tiny":["https:\/\/i0.wp.com\/landioustravel.com\/wp-content\/uploads\/2019\/05\/Cairo-Private-Trip-by-Plane-Hurghada-e1669160935397.jpg?resize=150%2C200&ssl=1",150,200,true],"newspack-article-block-square-tiny":["https:\/\/i0.wp.com\/landioustravel.com\/wp-content\/uploads\/2019\/05\/Cairo-Private-Trip-by-Plane-Hurghada-e1669160935397.jpg?resize=200%2C200&ssl=1",200,200,true],"newspack-article-block-uncropped":["https:\/\/i0.wp.com\/landioustravel.com\/wp-content\/uploads\/2019\/05\/Cairo-Private-Trip-by-Plane-Hurghada-e1669160935397.jpg?fit=1200%2C675&ssl=1",1200,675,true],"woocommerce_thumbnail":["https:\/\/i0.wp.com\/landioustravel.com\/wp-content\/uploads\/2019\/05\/Cairo-Private-Trip-by-Plane-Hurghada-e1669160935397.jpg?resize=324%2C324&ssl=1",324,324,true],"woocommerce_single":["https:\/\/i0.wp.com\/landioustravel.com\/wp-content\/uploads\/2019\/05\/Cairo-Private-Trip-by-Plane-Hurghada-e1669160935397.jpg?fit=416%2C234&ssl=1",416,234,true],"woocommerce_gallery_thumbnail":["https:\/\/i0.wp.com\/landioustravel.com\/wp-content\/uploads\/2019\/05\/Cairo-Private-Trip-by-Plane-Hurghada-e1669160935397.jpg?resize=100%2C100&ssl=1",100,100,true]},"uagb_author_info":{"display_name":"Mofreh Landious","author_link":"https:\/\/landioustravel.com\/fr\/author\/"},"uagb_comment_info":3,"uagb_excerpt":"Vous pr\u00e9voyez un voyage au Caire depuis Hurghada ? Laissez-nous le rendre facile et m\u00e9morable pour vous. Notre forfait comprend les billets d'avion, les billets d'entr\u00e9e et les transferts, vous \u00e9vitant ainsi de vous inqui\u00e9ter. Nous viendrons vous chercher \u00e0 votre h\u00f4tel \u00e0 Hurghada \u00e0 04h30 et vous emm\u00e8nerons \u00e0 l'a\u00e9roport. Apr\u00e8s un court vol&hellip;","jetpack_sharing_enabled":true,"jetpack_likes_enabled":true,"amp_enabled":true,"_links":{"self":[{"href":"https:\/\/landioustravel.com\/fr\/wp-json\/wp\/v2\/product\/4500","targetHints":{"allow":["GET"]}}],"collection":[{"href":"https:\/\/landioustravel.com\/fr\/wp-json\/wp\/v2\/product"}],"about":[{"href":"https:\/\/landioustravel.com\/fr\/wp-json\/wp\/v2\/types\/product"}],"replies":[{"embeddable":true,"href":"https:\/\/landioustravel.com\/fr\/wp-json\/wp\/v2\/comments?post=4500"}],"wp:featuredmedia":[{"embeddable":true,"href":"https:\/\/landioustravel.com\/fr\/wp-json\/wp\/v2\/media\/99192"}],"wp:attachment":[{"href":"https:\/\/landioustravel.com\/fr\/wp-json\/wp\/v2\/media?parent=4500"}],"wp:term":[{"taxonomy":"product_brand","embeddable":true,"href":"https:\/\/landioustravel.com\/fr\/wp-json\/wp\/v2\/product_brand?post=4500"},{"taxonomy":"product_cat","embeddable":true,"href":"https:\/\/landioustravel.com\/fr\/wp-json\/wp\/v2\/product_cat?post=4500"},{"taxonomy":"product_tag","embeddable":true,"href":"https:\/\/landioustravel.com\/fr\/wp-json\/wp\/v2\/product_tag?post=4500"}],"curies":[{"name":"wp","href":"https:\/\/api.w.org\/{rel}","templated":true}]}}