{"id":4501,"date":"2019-04-28T05:55:16","date_gmt":"2019-05-12T06:47:57","guid":{"rendered":"https:\/\/landioustravel.com\/?post_type=product&#038;p=4501"},"modified":"2025-12-29T19:14:01","modified_gmt":"2025-12-29T17:14:01","slug":"excursion-bateau-moubarak-marsa-alam","status":"publish","type":"product","link":"https:\/\/landioustravel.com\/fr\/shop\/excursion-bateau-moubarak-marsa-alam\/","title":{"rendered":"Excursion en bateau vers Marsa Moubarak depuis Marsa Alam"},"content":{"rendered":"<p>Une merveilleuse excursion en bateau \u00e0 Marsa Mubarak de <a href=\"https:\/\/landioustravel.com\/fr\/ville-marsa-alam\/\">Marsa Alam<\/a>! Nous recommandons le voyage car cela permet aux touristes de passer du bon temps \u00e0 la mer! Le voyage vous donne l&#8217;occasion de voir de magnifiques coraux et une vari\u00e9t\u00e9 de poissons \u00e0 Marsa Mubarak, r\u00e9put\u00e9e pour sa faune et sa flore. Cet endroit est bien connu pour ses visites fr\u00e9quentes par les tortues de mer vertes, les dauphins et un dugong. Vous pouvez toujours profiter du pique-nique en mer le long de la c\u00f4te de la mer Rouge dans l\u2019un des plus beaux endroits de Marsa Alam.<\/p>\n<h2>Les points forts du programme d&#8217;excursion \u00e0 Marsa Mubarak<\/h2>\n<ul>\n<li>Nager deux fois en pleine mer depuis le yacht<\/li>\n<li>Plong\u00e9e en apn\u00e9e avec des masques et des palmes en pleine mer<\/li>\n<li>Le d\u00e9jeuner<\/li>\n<\/ul>\n<h3>Le programme d&#8217;excursion \u00e0 Marsa Mubarak de Marsa Alam<\/h3>\n<ul>\n<li>Prise en charge \u00e0 8h00 de l&#8217;h\u00f4tel<\/li>\n<li>Apr\u00e8s avoir ramass\u00e9 tous les arrivants, le bus se rend au port. Le trajet jusqu&#8217;au port prend environ 45 minutes<br \/>\nVous trouverez votre yacht dans le port. C\u2019est grand et chic! Ce yacht est compos\u00e9 de deux \u00e9tages. D\u00e8s que vous montez sur le yacht, il est n\u00e9cessaire d\u2019enlever vos chaussures et de monter au deuxi\u00e8me \u00e9tage pour bronzer sur la terrasse sup\u00e9rieure.<\/li>\n<li>Le yacht navigue \u00e0 travers la mer Rouge, d\u00e8s que le groupe se r\u00e9unit. Et, sur un magnifique spot de mer de coraux, vous ferez une halte en haute mer. Le bateau naviguera pendant environ 30 minutes jusqu&#8217;\u00e0 ce que vous obteniez la petite baie sp\u00e9ciale de Marsa El Shouna. Il est c\u00e9l\u00e8bre pour ses r\u00e9cifs abritant des pieuvres, des poissons scorpions et une foule d&#8217;autres cr\u00e9atures camoufl\u00e9es. L\u00e0, vous pouvez nager et plonger avec des masques et des palmes<\/li>\n<li>Apr\u00e8s cette incroyable escale, vous regagnez le yacht pour le d\u00e9jeuner. Pendant le d\u00e9jeuner, le buffet sera ouvert<\/li>\n<li>Ensuite, le bateau navigue vers Marsa Mubarak. L\u00e0, vous aurez un deuxi\u00e8me arr\u00eat pour aller nager et plonger en apn\u00e9e avec des masques et des palmes dans ce bel endroit marin<\/li>\n<li>Cette excursion de plong\u00e9e en apn\u00e9e \u00e0 Marsa Alam prend fin vers 16h30.<\/li>\n<\/ul>\n<h4>Ce qui est inclus dans le prix du voyage<\/h4>\n<ul>\n<li>Nourriture et boissons<\/li>\n<li>Transfert au port et retour \u00e0 l&#8217;h\u00f4tel<\/li>\n<\/ul>\n<h5>Ce qui n&#8217;est pas inclus dans le prix du voyage<\/h5>\n<ul>\n<li>\u00c9quipement de plong\u00e9e<\/li>\n<li>DVD vid\u00e9o<\/li>\n<li>CD photo<\/li>\n<\/ul>\n<h6>QUE FAIRE AVEC VOUS POUR LE VOYAGE<\/h6>\n<ul>\n<li>\u00c9quipement de plong\u00e9e<\/li>\n<li>Serviette<\/li>\n<li>Cr\u00e8me solaire<\/li>\n<\/ul>\n<h6>ORGANISATION DES JOURS D&#8217;EXCURSION<\/h6>\n<ul>\n<li>Tous les jours de 08h00 \u00e0 17h00<\/li>\n<\/ul>\n","protected":false},"excerpt":{"rendered":"<p>Vous cherchez un pique-nique relaxant et agr\u00e9able \u00e0 travers la mer Rouge ? Rejoignez-nous lors de notre voyage en mer \u00e0 Marsa Mubarak depuis Marsa Alam, o\u00f9 vous pourrez faire deux arr\u00eats en pleine mer pour nager et faire de la plong\u00e9e avec masque et palmes. Au cours de ces arr\u00eats, nous vous offrirons un d\u00e9licieux d\u00e9jeuner sur le bateau. De plus, le prix du voyage comprend les transferts, l&#8217;\u00e9quipement de plong\u00e9e avec tuba et le d\u00e9jeuner, vous n&#8217;aurez donc \u00e0 vous soucier de rien.<\/p>\n<p>Si vous souhaitez explorer d&#8217;autres sites de plong\u00e9e avec tuba, nous proposons \u00e9galement une excursion \u00e0 la marina de Port Ghalib depuis Marsa Alam. Notre sympathique repr\u00e9sentant de Marsaalamtours viendra vous chercher \u00e0 votre h\u00f4tel \u00e0 Marsa Alam et vous accompagnera jusqu&#8217;\u00e0 la marina de Port Ghalib, o\u00f9 vous commencerez votre incroyable voyage \u00e0 travers les eaux scintillantes de la mer Rouge. Vous aurez la chance de voir l&#8217;incroyable vache Dugong la mer avec diff\u00e9rentes sortes de poissons color\u00e9s \u00e0 Marsa Mubarak et Marsa el Shouna.<\/p>\n<p>Lors de notre premier arr\u00eat de plong\u00e9e en apn\u00e9e, Marsa el Shouna, vous aurez l&#8217;occasion de rencontrer une vie marine incroyable sur des sites tels que Ras Shouna, Aquarium, Shouna Seagrass, Sha&#8217;ab Sireer et Sha&#8217;ab Abu Khaled. Apr\u00e8s avoir savour\u00e9 un d\u00e9licieux d\u00e9jeuner \u00e0 bord du bateau, nous nous dirigerons vers notre deuxi\u00e8me arr\u00eat de plong\u00e9e en apn\u00e9e, Marsa Mubarak. Cette baie prot\u00e9g\u00e9e est l&#8217;un des plus beaux sites de plong\u00e9e et de plong\u00e9e de la r\u00e9gion de Marsa Alam, avec une eau chaude et cristalline qui abrite une grande vari\u00e9t\u00e9 de flore et de faune. Avec un peu de chance, vous apercevrez peut-\u00eatre m\u00eame la &#8220;vache de mer&#8221; Dugong, une esp\u00e8ce en voie de disparition, broutant les herbiers.<\/p>\n<p>Rejoignez-nous pour une aventure inoubliable de plong\u00e9e en apn\u00e9e dans la mer Rouge ! Nous comprenons \u00e0 quel point il est important de vivre une exp\u00e9rience agr\u00e9able et sans stress, nous vous fournirons donc tout l&#8217;\u00e9quipement n\u00e9cessaire, y compris des palmes, des masques et des gilets de sauvetage. De plus, notre assistance de guide \u00e0 bord du bateau vous assurera un voyage s\u00fbr et confortable. \u00c0 la fin de la journ\u00e9e, nous retournerons \u00e0 la marina de Port Ghalib, o\u00f9 nous vous assisterons avant de vous transf\u00e9rer \u00e0 votre h\u00f4tel \u00e0 Marsa Alam. Avec les services de prise en charge \u00e0 votre h\u00f4tel et les boissons telles que le th\u00e9, le caf\u00e9 et le cola inclus, il n&#8217;y a pas de frais cach\u00e9s.<\/p>\n","protected":false},"featured_media":99240,"comment_status":"open","ping_status":"closed","template":"","meta":{"_coblocks_attr":"","_coblocks_dimensions":"","_coblocks_responsive_height":"","_coblocks_accordion_ie_support":"","_uag_custom_page_level_css":"","jetpack_post_was_ever_published":false,"jetpack_publicize_message":"","jetpack_publicize_feature_enabled":true,"jetpack_social_post_already_shared":true,"jetpack_social_options":{"image_generator_settings":{"template":"highway","default_image_id":0,"font":"","enabled":false},"version":2},"_wpas_customize_per_network":false},"product_brand":[],"product_cat":[6616,12163],"product_tag":[1578,1779,1780,1571],"class_list":{"0":"post-4501","1":"product","2":"type-product","3":"status-publish","4":"has-post-thumbnail","6":"product_cat-excursions-a-marsa-alam","7":"product_cat-excursions-en-mer-marsa-alam","8":"product_tag-excursion-fr","9":"product_tag-mer","10":"product_tag-plongee-en-apnee","11":"product_tag-voyages-en-mer","12":"pa_age-adulte","13":"pa_age-enfant-1-4-ans","14":"pa_age-enfant-5-11-ans","16":"first","17":"instock","18":"sale","19":"taxable","20":"shipping-taxable","21":"purchasable","22":"product-type-variable"},"yoast_head":"<!-- This site is optimized with the Yoast SEO Premium plugin v26.9 (Yoast SEO v27.3) - https:\/\/yoast.com\/product\/yoast-seo-premium-wordpress\/ -->\n<title>Excursion en bateau vers Marsa Moubarak depuis Marsa Alam<\/title>\n<meta name=\"description\" content=\"Excursion en bateau vers Marsa Moubarak depuis Marsa Alam: Une merveilleuse excursion en bateau \u00e0 Marsa Mubarak de Marsa Alam! Nous recommandons le voyage\" \/>\n<meta name=\"robots\" content=\"index, follow, max-snippet:-1, max-image-preview:large, max-video-preview:-1\" \/>\n<link rel=\"canonical\" href=\"https:\/\/landioustravel.com\/fr\/shop\/excursion-bateau-moubarak-marsa-alam\/\" \/>\n<meta property=\"og:locale\" content=\"fr_FR\" \/>\n<meta property=\"og:type\" content=\"article\" \/>\n<meta property=\"og:title\" content=\"Excursion en bateau vers Marsa Moubarak depuis Marsa Alam\" \/>\n<meta property=\"og:description\" content=\"Landious Travel\" \/>\n<meta property=\"og:url\" content=\"https:\/\/landioustravel.com\/fr\/shop\/excursion-bateau-moubarak-marsa-alam\/\" \/>\n<meta property=\"og:site_name\" content=\"Landious Travel\" \/>\n<meta property=\"article:publisher\" content=\"https:\/\/web.facebook.com\/landiousEgypt\" \/>\n<meta property=\"article:modified_time\" content=\"2025-12-29T17:14:01+00:00\" \/>\n<meta property=\"og:image\" content=\"https:\/\/i0.wp.com\/landioustravel.com\/wp-content\/uploads\/2019\/04\/Marsa-Mubarak-Boat-Trip-from-Marsa-Alam-e1669163771942.jpg?fit=1024%2C675&ssl=1\" \/>\n\t<meta property=\"og:image:width\" content=\"1024\" \/>\n\t<meta property=\"og:image:height\" content=\"675\" \/>\n\t<meta property=\"og:image:type\" content=\"image\/jpeg\" \/>\n<meta name=\"twitter:card\" content=\"summary_large_image\" \/>\n<meta name=\"twitter:site\" content=\"@LandiousTours\" \/>\n<meta name=\"twitter:label1\" content=\"Dur\u00e9e de lecture estim\u00e9e\" \/>\n\t<meta name=\"twitter:data1\" content=\"2 minutes\" \/>\n<script type=\"application\/ld+json\" class=\"yoast-schema-graph\">{\"@context\":\"https:\\\/\\\/schema.org\",\"@graph\":[{\"@type\":\"WebPage\",\"@id\":\"https:\\\/\\\/landioustravel.com\\\/fr\\\/shop\\\/excursion-bateau-moubarak-marsa-alam\\\/\",\"url\":\"https:\\\/\\\/landioustravel.com\\\/fr\\\/shop\\\/excursion-bateau-moubarak-marsa-alam\\\/\",\"name\":\"Excursion en bateau vers Marsa Moubarak depuis Marsa Alam\",\"isPartOf\":{\"@id\":\"https:\\\/\\\/landioustravel.com\\\/fr\\\/#website\"},\"primaryImageOfPage\":{\"@id\":\"https:\\\/\\\/landioustravel.com\\\/fr\\\/shop\\\/excursion-bateau-moubarak-marsa-alam\\\/#primaryimage\"},\"image\":{\"@id\":\"https:\\\/\\\/landioustravel.com\\\/fr\\\/shop\\\/excursion-bateau-moubarak-marsa-alam\\\/#primaryimage\"},\"thumbnailUrl\":\"https:\\\/\\\/i0.wp.com\\\/landioustravel.com\\\/wp-content\\\/uploads\\\/2019\\\/04\\\/Marsa-Mubarak-Boat-Trip-from-Marsa-Alam-e1669163771942.jpg?fit=1024%2C675&ssl=1\",\"datePublished\":\"2019-05-12T06:47:57+00:00\",\"dateModified\":\"2025-12-29T17:14:01+00:00\",\"description\":\"Excursion en bateau vers Marsa Moubarak depuis Marsa Alam: Une merveilleuse excursion en bateau \u00e0 Marsa Mubarak de Marsa Alam! Nous recommandons le voyage\",\"breadcrumb\":{\"@id\":\"https:\\\/\\\/landioustravel.com\\\/fr\\\/shop\\\/excursion-bateau-moubarak-marsa-alam\\\/#breadcrumb\"},\"inLanguage\":\"fr-FR\",\"potentialAction\":[{\"@type\":\"ReadAction\",\"target\":[\"https:\\\/\\\/landioustravel.com\\\/fr\\\/shop\\\/excursion-bateau-moubarak-marsa-alam\\\/\"]}]},{\"@type\":\"ImageObject\",\"inLanguage\":\"fr-FR\",\"@id\":\"https:\\\/\\\/landioustravel.com\\\/fr\\\/shop\\\/excursion-bateau-moubarak-marsa-alam\\\/#primaryimage\",\"url\":\"https:\\\/\\\/i0.wp.com\\\/landioustravel.com\\\/wp-content\\\/uploads\\\/2019\\\/04\\\/Marsa-Mubarak-Boat-Trip-from-Marsa-Alam-e1669163771942.jpg?fit=1024%2C675&ssl=1\",\"contentUrl\":\"https:\\\/\\\/i0.wp.com\\\/landioustravel.com\\\/wp-content\\\/uploads\\\/2019\\\/04\\\/Marsa-Mubarak-Boat-Trip-from-Marsa-Alam-e1669163771942.jpg?fit=1024%2C675&ssl=1\",\"width\":1024,\"height\":675,\"caption\":\"Marsa Mubarak Boat Trip from Marsa Alam\"},{\"@type\":\"BreadcrumbList\",\"@id\":\"https:\\\/\\\/landioustravel.com\\\/fr\\\/shop\\\/excursion-bateau-moubarak-marsa-alam\\\/#breadcrumb\",\"itemListElement\":[{\"@type\":\"ListItem\",\"position\":1,\"name\":\"Home\",\"item\":\"https:\\\/\\\/landioustravel.com\\\/fr\\\/\"},{\"@type\":\"ListItem\",\"position\":2,\"name\":\"Prestations &amp; Visites\",\"item\":\"https:\\\/\\\/landioustravel.com\\\/fr\\\/\"},{\"@type\":\"ListItem\",\"position\":3,\"name\":\"Excursion en bateau vers Marsa Moubarak depuis Marsa Alam\"}]},{\"@type\":\"WebSite\",\"@id\":\"https:\\\/\\\/landioustravel.com\\\/fr\\\/#website\",\"url\":\"https:\\\/\\\/landioustravel.com\\\/fr\\\/\",\"name\":\"Landious Travel\",\"description\":\"Excursions, trips and cruises in Egypt\",\"publisher\":{\"@id\":\"https:\\\/\\\/landioustravel.com\\\/fr\\\/#organization\"},\"potentialAction\":[{\"@type\":\"SearchAction\",\"target\":{\"@type\":\"EntryPoint\",\"urlTemplate\":\"https:\\\/\\\/landioustravel.com\\\/fr\\\/?s={search_term_string}\"},\"query-input\":{\"@type\":\"PropertyValueSpecification\",\"valueRequired\":true,\"valueName\":\"search_term_string\"}}],\"inLanguage\":\"fr-FR\"},{\"@type\":[\"Organization\",\"Place\"],\"@id\":\"https:\\\/\\\/landioustravel.com\\\/fr\\\/#organization\",\"name\":\"Landious Travel\",\"alternateName\":\"Landious Travel\",\"url\":\"https:\\\/\\\/landioustravel.com\\\/fr\\\/\",\"logo\":{\"@id\":\"https:\\\/\\\/landioustravel.com\\\/fr\\\/shop\\\/excursion-bateau-moubarak-marsa-alam\\\/#local-main-organization-logo\"},\"image\":{\"@id\":\"https:\\\/\\\/landioustravel.com\\\/fr\\\/shop\\\/excursion-bateau-moubarak-marsa-alam\\\/#local-main-organization-logo\"},\"sameAs\":[\"https:\\\/\\\/web.facebook.com\\\/landiousEgypt\",\"https:\\\/\\\/x.com\\\/LandiousTours\",\"https:\\\/\\\/mastodon.social\\\/@landious\"],\"legalName\":\"Landious Travel\",\"telephone\":[],\"openingHoursSpecification\":[{\"@type\":\"OpeningHoursSpecification\",\"dayOfWeek\":[\"Monday\",\"Tuesday\",\"Wednesday\",\"Thursday\",\"Friday\",\"Saturday\",\"Sunday\"],\"opens\":\"09:00\",\"closes\":\"17:00\"}]},{\"@type\":\"ImageObject\",\"inLanguage\":\"fr-FR\",\"@id\":\"https:\\\/\\\/landioustravel.com\\\/fr\\\/shop\\\/excursion-bateau-moubarak-marsa-alam\\\/#local-main-organization-logo\",\"url\":\"https:\\\/\\\/i0.wp.com\\\/landioustravel.com\\\/wp-content\\\/uploads\\\/2021\\\/06\\\/Landious-T.png?fit=500%2C500&ssl=1\",\"contentUrl\":\"https:\\\/\\\/i0.wp.com\\\/landioustravel.com\\\/wp-content\\\/uploads\\\/2021\\\/06\\\/Landious-T.png?fit=500%2C500&ssl=1\",\"width\":500,\"height\":500,\"caption\":\"Landious Travel\"}]}<\/script>\n<!-- \/ Yoast SEO Premium plugin. -->","yoast_head_json":{"title":"Excursion en bateau vers Marsa Moubarak depuis Marsa Alam","description":"Excursion en bateau vers Marsa Moubarak depuis Marsa Alam: Une merveilleuse excursion en bateau \u00e0 Marsa Mubarak de Marsa Alam! Nous recommandons le voyage","robots":{"index":"index","follow":"follow","max-snippet":"max-snippet:-1","max-image-preview":"max-image-preview:large","max-video-preview":"max-video-preview:-1"},"canonical":"https:\/\/landioustravel.com\/fr\/shop\/excursion-bateau-moubarak-marsa-alam\/","og_locale":"fr_FR","og_type":"article","og_title":"Excursion en bateau vers Marsa Moubarak depuis Marsa Alam","og_description":"Landious Travel","og_url":"https:\/\/landioustravel.com\/fr\/shop\/excursion-bateau-moubarak-marsa-alam\/","og_site_name":"Landious Travel","article_publisher":"https:\/\/web.facebook.com\/landiousEgypt","article_modified_time":"2025-12-29T17:14:01+00:00","og_image":[{"width":1024,"height":675,"url":"https:\/\/i0.wp.com\/landioustravel.com\/wp-content\/uploads\/2019\/04\/Marsa-Mubarak-Boat-Trip-from-Marsa-Alam-e1669163771942.jpg?fit=1024%2C675&ssl=1","type":"image\/jpeg"}],"twitter_card":"summary_large_image","twitter_site":"@LandiousTours","twitter_misc":{"Dur\u00e9e de lecture estim\u00e9e":"2 minutes"},"schema":{"@context":"https:\/\/schema.org","@graph":[{"@type":"WebPage","@id":"https:\/\/landioustravel.com\/fr\/shop\/excursion-bateau-moubarak-marsa-alam\/","url":"https:\/\/landioustravel.com\/fr\/shop\/excursion-bateau-moubarak-marsa-alam\/","name":"Excursion en bateau vers Marsa Moubarak depuis Marsa Alam","isPartOf":{"@id":"https:\/\/landioustravel.com\/fr\/#website"},"primaryImageOfPage":{"@id":"https:\/\/landioustravel.com\/fr\/shop\/excursion-bateau-moubarak-marsa-alam\/#primaryimage"},"image":{"@id":"https:\/\/landioustravel.com\/fr\/shop\/excursion-bateau-moubarak-marsa-alam\/#primaryimage"},"thumbnailUrl":"https:\/\/i0.wp.com\/landioustravel.com\/wp-content\/uploads\/2019\/04\/Marsa-Mubarak-Boat-Trip-from-Marsa-Alam-e1669163771942.jpg?fit=1024%2C675&ssl=1","datePublished":"2019-05-12T06:47:57+00:00","dateModified":"2025-12-29T17:14:01+00:00","description":"Excursion en bateau vers Marsa Moubarak depuis Marsa Alam: Une merveilleuse excursion en bateau \u00e0 Marsa Mubarak de Marsa Alam! Nous recommandons le voyage","breadcrumb":{"@id":"https:\/\/landioustravel.com\/fr\/shop\/excursion-bateau-moubarak-marsa-alam\/#breadcrumb"},"inLanguage":"fr-FR","potentialAction":[{"@type":"ReadAction","target":["https:\/\/landioustravel.com\/fr\/shop\/excursion-bateau-moubarak-marsa-alam\/"]}]},{"@type":"ImageObject","inLanguage":"fr-FR","@id":"https:\/\/landioustravel.com\/fr\/shop\/excursion-bateau-moubarak-marsa-alam\/#primaryimage","url":"https:\/\/i0.wp.com\/landioustravel.com\/wp-content\/uploads\/2019\/04\/Marsa-Mubarak-Boat-Trip-from-Marsa-Alam-e1669163771942.jpg?fit=1024%2C675&ssl=1","contentUrl":"https:\/\/i0.wp.com\/landioustravel.com\/wp-content\/uploads\/2019\/04\/Marsa-Mubarak-Boat-Trip-from-Marsa-Alam-e1669163771942.jpg?fit=1024%2C675&ssl=1","width":1024,"height":675,"caption":"Marsa Mubarak Boat Trip from Marsa Alam"},{"@type":"BreadcrumbList","@id":"https:\/\/landioustravel.com\/fr\/shop\/excursion-bateau-moubarak-marsa-alam\/#breadcrumb","itemListElement":[{"@type":"ListItem","position":1,"name":"Home","item":"https:\/\/landioustravel.com\/fr\/"},{"@type":"ListItem","position":2,"name":"Prestations &amp; Visites","item":"https:\/\/landioustravel.com\/fr\/"},{"@type":"ListItem","position":3,"name":"Excursion en bateau vers Marsa Moubarak depuis Marsa Alam"}]},{"@type":"WebSite","@id":"https:\/\/landioustravel.com\/fr\/#website","url":"https:\/\/landioustravel.com\/fr\/","name":"Landious Travel","description":"Excursions, trips and cruises in Egypt","publisher":{"@id":"https:\/\/landioustravel.com\/fr\/#organization"},"potentialAction":[{"@type":"SearchAction","target":{"@type":"EntryPoint","urlTemplate":"https:\/\/landioustravel.com\/fr\/?s={search_term_string}"},"query-input":{"@type":"PropertyValueSpecification","valueRequired":true,"valueName":"search_term_string"}}],"inLanguage":"fr-FR"},{"@type":["Organization","Place"],"@id":"https:\/\/landioustravel.com\/fr\/#organization","name":"Landious Travel","alternateName":"Landious Travel","url":"https:\/\/landioustravel.com\/fr\/","logo":{"@id":"https:\/\/landioustravel.com\/fr\/shop\/excursion-bateau-moubarak-marsa-alam\/#local-main-organization-logo"},"image":{"@id":"https:\/\/landioustravel.com\/fr\/shop\/excursion-bateau-moubarak-marsa-alam\/#local-main-organization-logo"},"sameAs":["https:\/\/web.facebook.com\/landiousEgypt","https:\/\/x.com\/LandiousTours","https:\/\/mastodon.social\/@landious"],"legalName":"Landious Travel","telephone":[],"openingHoursSpecification":[{"@type":"OpeningHoursSpecification","dayOfWeek":["Monday","Tuesday","Wednesday","Thursday","Friday","Saturday","Sunday"],"opens":"09:00","closes":"17:00"}]},{"@type":"ImageObject","inLanguage":"fr-FR","@id":"https:\/\/landioustravel.com\/fr\/shop\/excursion-bateau-moubarak-marsa-alam\/#local-main-organization-logo","url":"https:\/\/i0.wp.com\/landioustravel.com\/wp-content\/uploads\/2021\/06\/Landious-T.png?fit=500%2C500&ssl=1","contentUrl":"https:\/\/i0.wp.com\/landioustravel.com\/wp-content\/uploads\/2021\/06\/Landious-T.png?fit=500%2C500&ssl=1","width":500,"height":500,"caption":"Landious Travel"}]}},"jetpack_publicize_connections":[],"uagb_featured_image_src":{"full":["https:\/\/i0.wp.com\/landioustravel.com\/wp-content\/uploads\/2019\/04\/Marsa-Mubarak-Boat-Trip-from-Marsa-Alam-e1669163771942.jpg?fit=1024%2C675&ssl=1",1024,675,false],"thumbnail":["https:\/\/i0.wp.com\/landioustravel.com\/wp-content\/uploads\/2019\/04\/Marsa-Mubarak-Boat-Trip-from-Marsa-Alam-e1669163771942.jpg?resize=150%2C150&ssl=1",150,150,true],"medium":["https:\/\/i0.wp.com\/landioustravel.com\/wp-content\/uploads\/2019\/04\/Marsa-Mubarak-Boat-Trip-from-Marsa-Alam-e1669163771942.jpg?fit=300%2C198&ssl=1",300,198,true],"medium_large":["https:\/\/i0.wp.com\/landioustravel.com\/wp-content\/uploads\/2019\/04\/Marsa-Mubarak-Boat-Trip-from-Marsa-Alam-e1669163771942.jpg?fit=768%2C506&ssl=1",768,506,true],"large":["https:\/\/i0.wp.com\/landioustravel.com\/wp-content\/uploads\/2019\/04\/Marsa-Mubarak-Boat-Trip-from-Marsa-Alam-e1669163771942.jpg?fit=980%2C646&ssl=1",980,646,true],"1536x1536":["https:\/\/i0.wp.com\/landioustravel.com\/wp-content\/uploads\/2019\/04\/Marsa-Mubarak-Boat-Trip-from-Marsa-Alam-e1669163771942.jpg?fit=1024%2C675&ssl=1",1024,675,true],"2048x2048":["https:\/\/i0.wp.com\/landioustravel.com\/wp-content\/uploads\/2019\/04\/Marsa-Mubarak-Boat-Trip-from-Marsa-Alam-e1669163771942.jpg?fit=1024%2C675&ssl=1",1024,675,true],"newspack-article-block-landscape-large":["https:\/\/i0.wp.com\/landioustravel.com\/wp-content\/uploads\/2019\/04\/Marsa-Mubarak-Boat-Trip-from-Marsa-Alam-e1669163771942.jpg?resize=1024%2C675&ssl=1",1024,675,true],"newspack-article-block-portrait-large":["https:\/\/i0.wp.com\/landioustravel.com\/wp-content\/uploads\/2019\/04\/Marsa-Mubarak-Boat-Trip-from-Marsa-Alam-e1669163771942.jpg?resize=900%2C675&ssl=1",900,675,true],"newspack-article-block-square-large":["https:\/\/i0.wp.com\/landioustravel.com\/wp-content\/uploads\/2019\/04\/Marsa-Mubarak-Boat-Trip-from-Marsa-Alam-e1669163771942.jpg?resize=1024%2C675&ssl=1",1024,675,true],"newspack-article-block-landscape-medium":["https:\/\/i0.wp.com\/landioustravel.com\/wp-content\/uploads\/2019\/04\/Marsa-Mubarak-Boat-Trip-from-Marsa-Alam-e1669163771942.jpg?resize=800%2C600&ssl=1",800,600,true],"newspack-article-block-portrait-medium":["https:\/\/i0.wp.com\/landioustravel.com\/wp-content\/uploads\/2019\/04\/Marsa-Mubarak-Boat-Trip-from-Marsa-Alam-e1669163771942.jpg?resize=600%2C675&ssl=1",600,675,true],"newspack-article-block-square-medium":["https:\/\/i0.wp.com\/landioustravel.com\/wp-content\/uploads\/2019\/04\/Marsa-Mubarak-Boat-Trip-from-Marsa-Alam-e1669163771942.jpg?resize=800%2C675&ssl=1",800,675,true],"newspack-article-block-landscape-intermediate":["https:\/\/i0.wp.com\/landioustravel.com\/wp-content\/uploads\/2019\/04\/Marsa-Mubarak-Boat-Trip-from-Marsa-Alam-e1669163771942.jpg?resize=600%2C450&ssl=1",600,450,true],"newspack-article-block-portrait-intermediate":["https:\/\/i0.wp.com\/landioustravel.com\/wp-content\/uploads\/2019\/04\/Marsa-Mubarak-Boat-Trip-from-Marsa-Alam-e1669163771942.jpg?resize=450%2C600&ssl=1",450,600,true],"newspack-article-block-square-intermediate":["https:\/\/i0.wp.com\/landioustravel.com\/wp-content\/uploads\/2019\/04\/Marsa-Mubarak-Boat-Trip-from-Marsa-Alam-e1669163771942.jpg?resize=600%2C600&ssl=1",600,600,true],"newspack-article-block-landscape-small":["https:\/\/i0.wp.com\/landioustravel.com\/wp-content\/uploads\/2019\/04\/Marsa-Mubarak-Boat-Trip-from-Marsa-Alam-e1669163771942.jpg?resize=400%2C300&ssl=1",400,300,true],"newspack-article-block-portrait-small":["https:\/\/i0.wp.com\/landioustravel.com\/wp-content\/uploads\/2019\/04\/Marsa-Mubarak-Boat-Trip-from-Marsa-Alam-e1669163771942.jpg?resize=300%2C400&ssl=1",300,400,true],"newspack-article-block-square-small":["https:\/\/i0.wp.com\/landioustravel.com\/wp-content\/uploads\/2019\/04\/Marsa-Mubarak-Boat-Trip-from-Marsa-Alam-e1669163771942.jpg?resize=400%2C400&ssl=1",400,400,true],"newspack-article-block-landscape-tiny":["https:\/\/i0.wp.com\/landioustravel.com\/wp-content\/uploads\/2019\/04\/Marsa-Mubarak-Boat-Trip-from-Marsa-Alam-e1669163771942.jpg?resize=200%2C150&ssl=1",200,150,true],"newspack-article-block-portrait-tiny":["https:\/\/i0.wp.com\/landioustravel.com\/wp-content\/uploads\/2019\/04\/Marsa-Mubarak-Boat-Trip-from-Marsa-Alam-e1669163771942.jpg?resize=150%2C200&ssl=1",150,200,true],"newspack-article-block-square-tiny":["https:\/\/i0.wp.com\/landioustravel.com\/wp-content\/uploads\/2019\/04\/Marsa-Mubarak-Boat-Trip-from-Marsa-Alam-e1669163771942.jpg?resize=200%2C200&ssl=1",200,200,true],"newspack-article-block-uncropped":["https:\/\/i0.wp.com\/landioustravel.com\/wp-content\/uploads\/2019\/04\/Marsa-Mubarak-Boat-Trip-from-Marsa-Alam-e1669163771942.jpg?fit=1024%2C675&ssl=1",1024,675,true],"woocommerce_thumbnail":["https:\/\/i0.wp.com\/landioustravel.com\/wp-content\/uploads\/2019\/04\/Marsa-Mubarak-Boat-Trip-from-Marsa-Alam-e1669163771942.jpg?resize=324%2C324&ssl=1",324,324,true],"woocommerce_single":["https:\/\/i0.wp.com\/landioustravel.com\/wp-content\/uploads\/2019\/04\/Marsa-Mubarak-Boat-Trip-from-Marsa-Alam-e1669163771942.jpg?fit=416%2C274&ssl=1",416,274,true],"woocommerce_gallery_thumbnail":["https:\/\/i0.wp.com\/landioustravel.com\/wp-content\/uploads\/2019\/04\/Marsa-Mubarak-Boat-Trip-from-Marsa-Alam-e1669163771942.jpg?resize=100%2C100&ssl=1",100,100,true]},"uagb_author_info":{"display_name":"Mofreh Landious","author_link":"https:\/\/landioustravel.com\/fr\/author\/"},"uagb_comment_info":4,"uagb_excerpt":"Vous cherchez un pique-nique relaxant et agr\u00e9able \u00e0 travers la mer Rouge ? Rejoignez-nous lors de notre voyage en mer \u00e0 Marsa Mubarak depuis Marsa Alam, o\u00f9 vous pourrez faire deux arr\u00eats en pleine mer pour nager et faire de la plong\u00e9e avec masque et palmes. Au cours de ces arr\u00eats, nous vous offrirons un&hellip;","jetpack_sharing_enabled":true,"jetpack_likes_enabled":true,"amp_enabled":true,"_links":{"self":[{"href":"https:\/\/landioustravel.com\/fr\/wp-json\/wp\/v2\/product\/4501","targetHints":{"allow":["GET"]}}],"collection":[{"href":"https:\/\/landioustravel.com\/fr\/wp-json\/wp\/v2\/product"}],"about":[{"href":"https:\/\/landioustravel.com\/fr\/wp-json\/wp\/v2\/types\/product"}],"replies":[{"embeddable":true,"href":"https:\/\/landioustravel.com\/fr\/wp-json\/wp\/v2\/comments?post=4501"}],"wp:featuredmedia":[{"embeddable":true,"href":"https:\/\/landioustravel.com\/fr\/wp-json\/wp\/v2\/media\/99240"}],"wp:attachment":[{"href":"https:\/\/landioustravel.com\/fr\/wp-json\/wp\/v2\/media?parent=4501"}],"wp:term":[{"taxonomy":"product_brand","embeddable":true,"href":"https:\/\/landioustravel.com\/fr\/wp-json\/wp\/v2\/product_brand?post=4501"},{"taxonomy":"product_cat","embeddable":true,"href":"https:\/\/landioustravel.com\/fr\/wp-json\/wp\/v2\/product_cat?post=4501"},{"taxonomy":"product_tag","embeddable":true,"href":"https:\/\/landioustravel.com\/fr\/wp-json\/wp\/v2\/product_tag?post=4501"}],"curies":[{"name":"wp","href":"https:\/\/api.w.org\/{rel}","templated":true}]}}