{"id":4508,"date":"2019-04-13T04:48:18","date_gmt":"2019-05-13T02:56:31","guid":{"rendered":"https:\/\/landioustravel.com\/?post_type=product&#038;p=4508"},"modified":"2026-04-06T19:13:34","modified_gmt":"2026-04-06T17:13:34","slug":"voyage-individuel-sohag-hurghada","status":"publish","type":"product","link":"https:\/\/landioustravel.com\/fr\/shop\/voyage-individuel-sohag-hurghada\/","title":{"rendered":"Voyage individuel \u00e0 Abydos-Sohag depuis Hurghada"},"content":{"rendered":"<p>Une excursion individuelle int\u00e9ressante \u00e0 <a href=\"https:\/\/landioustravel.com\/fr\/village-abydos\/\">Abydos<\/a> &#8211; <a href=\"https:\/\/landioustravel.com\/fr\/egypte\/villes-egyptiennes\/gouvernorat-sohag\/\">Sohag<\/a> depuis la station d\u2019<a href=\"https:\/\/landioustravel.com\/fr\/ville-hurghada\/\">Hurghada<\/a>! Nous recommandons le voyage car il permet aux touristes de voir un grand nombre d&#8217;attractions dans deux <a href=\"https:\/\/landioustravel.com\/fr\/egypte\/villes-egyptiennes\/\">villes<\/a>, Abydos et Sohag. Ces monuments ont \u00e9t\u00e9 construits au cours de deux \u00e9poques diff\u00e9rentes de <a href=\"https:\/\/landioustravel.com\/fr\/egypte\/histoire-egypte\/\">l&#8217;histoire \u00e9gyptienne<\/a>: l&#8217;Egypte ancienne et l&#8217;Empire romain. Cela permet de gagner une grande part de joie et d&#8217;en apprendre plus sur l&#8217;histoire du pays.<\/p>\n<h2>Points principaux du programme d&#8217;excursion \u00e0 Abydos-Sohag<\/h2>\n<ul>\n<li>Visiter <a href=\"https:\/\/landioustravel.com\/fr\/egypte\/temples-egyptiens\/complexe-temple-abydos\/\">les temples d&#8217;Abydos<\/a><\/li>\n<li>Le d\u00e9jeuner<\/li>\n<li>Enfin, le monast\u00e8re rouge et le monast\u00e8re blanc \u00e0 Sohag<\/li>\n<\/ul>\n<h3>Programme de l&#8217;excursion \u00e0 Abydos &#8211; Sohag d&#8217;Hurghada<\/h3>\n<ul>\n<li>Nous venons vous chercher \u00e0 l&#8217;h\u00f4tel vers 04h00 du matin.<\/li>\n<li>Apr\u00e8s vous \u00eatre pris en charge, le bus (limousine ou minibus) se dirige vers la ville de <a href=\"https:\/\/landioustravel.com\/fr\/egypte\/villes-egyptiennes\/gouvernorat-qena\/\">Qena<\/a> en passant par la ville de <a href=\"https:\/\/landioustravel.com\/fr\/ville-safaga\/\">Safaga<\/a>. La station baln\u00e9aire de Safaga est situ\u00e9e \u00e0 45 km au sud d\u2019Hurghada, sur la c\u00f4te de la mer Rouge; La ville de Qena est situ\u00e9e \u00e0 220 km dans la vall\u00e9e du Nil. Le trajet du centre d\u2019Hurghada \u00e0 Qena prend environ 3 heures. De Qena, vous vous dirigez plus au nord en direction du gouvernorat de Sohag pour prendre le village d&#8217;Abydos. Abydos prend environ une heure.<\/li>\n<\/ul>\n<h4>Le programme \u00e0 Abydos<\/h4>\n<ul>\n<li>D\u00e8s que vous arrivez au gouvernorat de Sohag, plus pr\u00e9cis\u00e9ment \u00e0 Abydos, vous commencez votre programme d&#8217;excursions dans le temple d&#8217;Osiris. C&#8217;est un complexe de temples et de b\u00e2timents. Dans le temple, commence l&#8217;explication de ton guide, puis il montre les endroits fr\u00e9quemment visit\u00e9s de ce grand complexe. Le complexe lui-m\u00eame contient diff\u00e9rents temples et b\u00e2timents. Votre guide aura pour t\u00e2che de montrer tous ces temples et de donner du temps libre pour prendre des photos<\/li>\n<\/ul>\n<h4>Le programme \u00e0 Sohag<\/h4>\n<ul>\n<li>Ensuite, vous vous dirigez vers le nord jusqu&#8217;\u00e0 Sohag. Le premier arr\u00eat, l\u00e0-bas, sera au restaurant.<\/li>\n<li>Apr\u00e8s le d\u00e9jeuner, vous vous rendrez aux monast\u00e8res chr\u00e9tiens \u00e0 proximit\u00e9: le monast\u00e8re rouge et le monast\u00e8re blanc.<\/li>\n<li>Encore une fois, votre guide commence son explication et montre les endroits fr\u00e9quemment visit\u00e9s de ce grand complexe. Le complexe lui-m\u00eame contient diff\u00e9rents temples et b\u00e2timents. Votre guide aura pour t\u00e2che de montrer tous ces temples et de donner du temps libre pour prendre des photos<\/li>\n<\/ul>\n<h4>Ce qui est inclus dans le prix du voyage<\/h4>\n<ul>\n<li>Billets pour visiter les temples<\/li>\n<li>Le d\u00e9jeuner<\/li>\n<li>Boissons<\/li>\n<li>Guide priv\u00e9<\/li>\n<li>V\u00e9hicule priv\u00e9 \u00e0 destination de Sohag et retour \u00e0 l&#8217;h\u00f4tel<\/li>\n<\/ul>\n<h5>Ce qui n&#8217;est pas inclus dans le prix du tour<\/h5>\n<ul>\n<li>Programmes d\u2019excursions suppl\u00e9mentaires non inclus dans le programme ci-dessus<\/li>\n<\/ul>\n<h6>QUE FAIRE AVEC VOUS POUR LE VOYAGE<\/h6>\n<ul>\n<li>Petit d\u00e9jeuner<\/li>\n<li>V\u00eatements pour la saison<\/li>\n<\/ul>\n<h6>ORGANISATION DES JOURS D&#8217;EXCURSION<\/h6>\n<ul>\n<li>Tous les jours de 04h00 \u00e0 22h00<\/li>\n<\/ul>\n","protected":false},"excerpt":{"rendered":"<p>D\u00e9couvrez les merveilles d&#8217;Abydos et de Sohag lors d&#8217;un voyage inoubliable au d\u00e9part d&#8217;Hurghada. Au cours de cette aventure, vous visiterez les fascinants temples d&#8217;Abydos et profiterez d&#8217;un d\u00e9licieux d\u00e9jeuner. Ensuite, vous vous rendrez \u00e0 Sohag pour explorer le monast\u00e8re rouge et le monast\u00e8re blanc. Tous ces sites incroyables sont inclus dans le prix, ainsi que les transferts, les billets d&#8217;entr\u00e9e et le d\u00e9jeuner. Ne manquez pas l&#8217;occasion d&#8217;embarquer pour une excursion priv\u00e9e et extraordinaire d&#8217;une journ\u00e9e \u00e0 Abydos depuis Hurghada, avec un v\u00e9hicule priv\u00e9 climatis\u00e9 et un guide \u00e9gyptologue comp\u00e9tent.<\/p>\n<p>Faites une pause sur la plage et faites l&#8217;exp\u00e9rience d&#8217;un voyage luxueux vers les temples Dendera et Abydos lors d&#8217;une excursion priv\u00e9e d&#8217;une journ\u00e9e. Avec votre guide \u00e9gyptologue personnel \u00e0 vos c\u00f4t\u00e9s, vous commencerez votre voyage vers Qena, parcourant 60 km le long de la c\u00f4te de la mer Rouge jusqu&#8217;\u00e0 Safaga, la prochaine ville apr\u00e8s Hurghada. Ensuite, vous conduirez 160 km \u00e0 travers le d\u00e9sert oriental de l&#8217;\u00c9gypte jusqu&#8217;\u00e0 la vall\u00e9e du Nil. Une heure et demie apr\u00e8s l&#8217;heure de prise en charge, vous vous arr\u00eaterez dans un caf\u00e9 pour le petit-d\u00e9jeuner et le caf\u00e9 et pour utiliser les toilettes.<\/p>\n<p>D\u00e9couvrez l&#8217;importance du temple d&#8217;Abydos, l&#8217;un des centres religieux les plus importants d&#8217;\u00c9gypte. Situ\u00e9e \u00e0 environ 15 km au sud de la ville moderne de Balyana, cette n\u00e9cropole \u00e9tait un lieu de culte pour Osiris, le dieu de la mort et de la v\u00e9g\u00e9tation, datant de l&#8217;Ancien Empire. Le temple de Sety I, avec son architecture unique et ses reliefs de grande qualit\u00e9, occupe une place pr\u00e9pond\u00e9rante dans les \u00e9difices religieux du Nouvel Empire. Pr\u00e9parez-vous \u00e0 embarquer pour une aventure inoubliable et vivez la magie d&#8217;Abydos et de Sohag.<\/p>\n","protected":false},"featured_media":99413,"comment_status":"open","ping_status":"closed","template":"","meta":{"_coblocks_attr":"","_coblocks_dimensions":"","_coblocks_responsive_height":"","_coblocks_accordion_ie_support":"","_uag_custom_page_level_css":"","jetpack_post_was_ever_published":false,"jetpack_publicize_message":"","jetpack_publicize_feature_enabled":true,"jetpack_social_post_already_shared":true,"jetpack_social_options":{"image_generator_settings":{"template":"highway","default_image_id":0,"font":"","enabled":false},"version":2},"_wpas_customize_per_network":false},"product_brand":[],"product_cat":[1563,8562],"product_tag":[1578,2142,1580,9905],"class_list":{"0":"post-4508","1":"product","2":"type-product","3":"status-publish","4":"has-post-thumbnail","6":"product_cat-excursions-historiques-hurghada","7":"product_cat-excursions-individuelles-hurghada","8":"product_tag-excursion-fr","9":"product_tag-excursions-depuis-hurghada","10":"product_tag-hurghada-fr","11":"product_tag-tourisme","13":"first","14":"instock","15":"sale","16":"taxable","17":"shipping-taxable","18":"purchasable","19":"product-type-variable"},"yoast_head":"<!-- This site is optimized with the Yoast SEO Premium plugin v26.9 (Yoast SEO v27.3) - https:\/\/yoast.com\/product\/yoast-seo-premium-wordpress\/ -->\n<title>Voyage individuel \u00e0 Abydos-Sohag depuis Hurghada<\/title>\n<meta name=\"description\" content=\"Voyage individuel \u00e0 Abydos-Sohag depuis Hurghada: Une excursion individuelle int\u00e9ressante \u00e0 Abydos - Sohag depuis la station d\u2019Hurghada! Nous recommandons\" \/>\n<meta name=\"robots\" content=\"index, follow, max-snippet:-1, max-image-preview:large, max-video-preview:-1\" \/>\n<link rel=\"canonical\" href=\"https:\/\/landioustravel.com\/fr\/shop\/voyage-individuel-sohag-hurghada\/\" \/>\n<meta property=\"og:locale\" content=\"fr_FR\" \/>\n<meta property=\"og:type\" content=\"article\" \/>\n<meta property=\"og:title\" content=\"Voyage individuel \u00e0 Abydos-Sohag depuis Hurghada\" \/>\n<meta property=\"og:description\" content=\"Landious Travel\" \/>\n<meta property=\"og:url\" content=\"https:\/\/landioustravel.com\/fr\/shop\/voyage-individuel-sohag-hurghada\/\" \/>\n<meta property=\"og:site_name\" content=\"Landious Travel\" \/>\n<meta property=\"article:publisher\" content=\"https:\/\/web.facebook.com\/landiousEgypt\" \/>\n<meta property=\"article:modified_time\" content=\"2026-04-06T17:13:34+00:00\" \/>\n<meta property=\"og:image\" content=\"https:\/\/i0.wp.com\/landioustravel.com\/wp-content\/uploads\/2022\/05\/Temple-of-Seti-I-Abydos-e1651811713381.jpg?fit=1200%2C675&ssl=1\" \/>\n\t<meta property=\"og:image:width\" content=\"1200\" \/>\n\t<meta property=\"og:image:height\" content=\"675\" \/>\n\t<meta property=\"og:image:type\" content=\"image\/jpeg\" \/>\n<meta name=\"twitter:card\" content=\"summary_large_image\" \/>\n<meta name=\"twitter:site\" content=\"@LandiousTours\" \/>\n<meta name=\"twitter:label1\" content=\"Dur\u00e9e de lecture estim\u00e9e\" \/>\n\t<meta name=\"twitter:data1\" content=\"2 minutes\" \/>\n<script type=\"application\/ld+json\" class=\"yoast-schema-graph\">{\"@context\":\"https:\\\/\\\/schema.org\",\"@graph\":[{\"@type\":\"WebPage\",\"@id\":\"https:\\\/\\\/landioustravel.com\\\/fr\\\/shop\\\/voyage-individuel-sohag-hurghada\\\/\",\"url\":\"https:\\\/\\\/landioustravel.com\\\/fr\\\/shop\\\/voyage-individuel-sohag-hurghada\\\/\",\"name\":\"Voyage individuel \u00e0 Abydos-Sohag depuis Hurghada\",\"isPartOf\":{\"@id\":\"https:\\\/\\\/landioustravel.com\\\/fr\\\/#website\"},\"primaryImageOfPage\":{\"@id\":\"https:\\\/\\\/landioustravel.com\\\/fr\\\/shop\\\/voyage-individuel-sohag-hurghada\\\/#primaryimage\"},\"image\":{\"@id\":\"https:\\\/\\\/landioustravel.com\\\/fr\\\/shop\\\/voyage-individuel-sohag-hurghada\\\/#primaryimage\"},\"thumbnailUrl\":\"https:\\\/\\\/i0.wp.com\\\/landioustravel.com\\\/wp-content\\\/uploads\\\/2022\\\/05\\\/Temple-of-Seti-I-Abydos-e1651811713381.jpg?fit=1200%2C675&ssl=1\",\"datePublished\":\"2019-05-13T02:56:31+00:00\",\"dateModified\":\"2026-04-06T17:13:34+00:00\",\"description\":\"Voyage individuel \u00e0 Abydos-Sohag depuis Hurghada: Une excursion individuelle int\u00e9ressante \u00e0 Abydos - Sohag depuis la station d\u2019Hurghada! Nous recommandons\",\"breadcrumb\":{\"@id\":\"https:\\\/\\\/landioustravel.com\\\/fr\\\/shop\\\/voyage-individuel-sohag-hurghada\\\/#breadcrumb\"},\"inLanguage\":\"fr-FR\",\"potentialAction\":[{\"@type\":\"ReadAction\",\"target\":[\"https:\\\/\\\/landioustravel.com\\\/fr\\\/shop\\\/voyage-individuel-sohag-hurghada\\\/\"]}]},{\"@type\":\"ImageObject\",\"inLanguage\":\"fr-FR\",\"@id\":\"https:\\\/\\\/landioustravel.com\\\/fr\\\/shop\\\/voyage-individuel-sohag-hurghada\\\/#primaryimage\",\"url\":\"https:\\\/\\\/i0.wp.com\\\/landioustravel.com\\\/wp-content\\\/uploads\\\/2022\\\/05\\\/Temple-of-Seti-I-Abydos-e1651811713381.jpg?fit=1200%2C675&ssl=1\",\"contentUrl\":\"https:\\\/\\\/i0.wp.com\\\/landioustravel.com\\\/wp-content\\\/uploads\\\/2022\\\/05\\\/Temple-of-Seti-I-Abydos-e1651811713381.jpg?fit=1200%2C675&ssl=1\",\"width\":1200,\"height\":675,\"caption\":\"Temple of Seti I at Abydos\"},{\"@type\":\"BreadcrumbList\",\"@id\":\"https:\\\/\\\/landioustravel.com\\\/fr\\\/shop\\\/voyage-individuel-sohag-hurghada\\\/#breadcrumb\",\"itemListElement\":[{\"@type\":\"ListItem\",\"position\":1,\"name\":\"Home\",\"item\":\"https:\\\/\\\/landioustravel.com\\\/fr\\\/\"},{\"@type\":\"ListItem\",\"position\":2,\"name\":\"Prestations &amp; Visites\",\"item\":\"https:\\\/\\\/landioustravel.com\\\/fr\\\/\"},{\"@type\":\"ListItem\",\"position\":3,\"name\":\"Voyage individuel \u00e0 Abydos-Sohag depuis Hurghada\"}]},{\"@type\":\"WebSite\",\"@id\":\"https:\\\/\\\/landioustravel.com\\\/fr\\\/#website\",\"url\":\"https:\\\/\\\/landioustravel.com\\\/fr\\\/\",\"name\":\"Landious Travel\",\"description\":\"Excursions, trips and cruises in Egypt\",\"publisher\":{\"@id\":\"https:\\\/\\\/landioustravel.com\\\/fr\\\/#organization\"},\"potentialAction\":[{\"@type\":\"SearchAction\",\"target\":{\"@type\":\"EntryPoint\",\"urlTemplate\":\"https:\\\/\\\/landioustravel.com\\\/fr\\\/?s={search_term_string}\"},\"query-input\":{\"@type\":\"PropertyValueSpecification\",\"valueRequired\":true,\"valueName\":\"search_term_string\"}}],\"inLanguage\":\"fr-FR\"},{\"@type\":[\"Organization\",\"Place\"],\"@id\":\"https:\\\/\\\/landioustravel.com\\\/fr\\\/#organization\",\"name\":\"Landious Travel\",\"alternateName\":\"Landious Travel\",\"url\":\"https:\\\/\\\/landioustravel.com\\\/fr\\\/\",\"logo\":{\"@id\":\"https:\\\/\\\/landioustravel.com\\\/fr\\\/shop\\\/voyage-individuel-sohag-hurghada\\\/#local-main-organization-logo\"},\"image\":{\"@id\":\"https:\\\/\\\/landioustravel.com\\\/fr\\\/shop\\\/voyage-individuel-sohag-hurghada\\\/#local-main-organization-logo\"},\"sameAs\":[\"https:\\\/\\\/web.facebook.com\\\/landiousEgypt\",\"https:\\\/\\\/x.com\\\/LandiousTours\",\"https:\\\/\\\/mastodon.social\\\/@landious\"],\"legalName\":\"Landious Travel\",\"telephone\":[],\"openingHoursSpecification\":[{\"@type\":\"OpeningHoursSpecification\",\"dayOfWeek\":[\"Monday\",\"Tuesday\",\"Wednesday\",\"Thursday\",\"Friday\",\"Saturday\",\"Sunday\"],\"opens\":\"09:00\",\"closes\":\"17:00\"}]},{\"@type\":\"ImageObject\",\"inLanguage\":\"fr-FR\",\"@id\":\"https:\\\/\\\/landioustravel.com\\\/fr\\\/shop\\\/voyage-individuel-sohag-hurghada\\\/#local-main-organization-logo\",\"url\":\"https:\\\/\\\/i0.wp.com\\\/landioustravel.com\\\/wp-content\\\/uploads\\\/2021\\\/06\\\/Landious-T.png?fit=500%2C500&ssl=1\",\"contentUrl\":\"https:\\\/\\\/i0.wp.com\\\/landioustravel.com\\\/wp-content\\\/uploads\\\/2021\\\/06\\\/Landious-T.png?fit=500%2C500&ssl=1\",\"width\":500,\"height\":500,\"caption\":\"Landious Travel\"}]}<\/script>\n<!-- \/ Yoast SEO Premium plugin. -->","yoast_head_json":{"title":"Voyage individuel \u00e0 Abydos-Sohag depuis Hurghada","description":"Voyage individuel \u00e0 Abydos-Sohag depuis Hurghada: Une excursion individuelle int\u00e9ressante \u00e0 Abydos - Sohag depuis la station d\u2019Hurghada! Nous recommandons","robots":{"index":"index","follow":"follow","max-snippet":"max-snippet:-1","max-image-preview":"max-image-preview:large","max-video-preview":"max-video-preview:-1"},"canonical":"https:\/\/landioustravel.com\/fr\/shop\/voyage-individuel-sohag-hurghada\/","og_locale":"fr_FR","og_type":"article","og_title":"Voyage individuel \u00e0 Abydos-Sohag depuis Hurghada","og_description":"Landious Travel","og_url":"https:\/\/landioustravel.com\/fr\/shop\/voyage-individuel-sohag-hurghada\/","og_site_name":"Landious Travel","article_publisher":"https:\/\/web.facebook.com\/landiousEgypt","article_modified_time":"2026-04-06T17:13:34+00:00","og_image":[{"width":1200,"height":675,"url":"https:\/\/i0.wp.com\/landioustravel.com\/wp-content\/uploads\/2022\/05\/Temple-of-Seti-I-Abydos-e1651811713381.jpg?fit=1200%2C675&ssl=1","type":"image\/jpeg"}],"twitter_card":"summary_large_image","twitter_site":"@LandiousTours","twitter_misc":{"Dur\u00e9e de lecture estim\u00e9e":"2 minutes"},"schema":{"@context":"https:\/\/schema.org","@graph":[{"@type":"WebPage","@id":"https:\/\/landioustravel.com\/fr\/shop\/voyage-individuel-sohag-hurghada\/","url":"https:\/\/landioustravel.com\/fr\/shop\/voyage-individuel-sohag-hurghada\/","name":"Voyage individuel \u00e0 Abydos-Sohag depuis Hurghada","isPartOf":{"@id":"https:\/\/landioustravel.com\/fr\/#website"},"primaryImageOfPage":{"@id":"https:\/\/landioustravel.com\/fr\/shop\/voyage-individuel-sohag-hurghada\/#primaryimage"},"image":{"@id":"https:\/\/landioustravel.com\/fr\/shop\/voyage-individuel-sohag-hurghada\/#primaryimage"},"thumbnailUrl":"https:\/\/i0.wp.com\/landioustravel.com\/wp-content\/uploads\/2022\/05\/Temple-of-Seti-I-Abydos-e1651811713381.jpg?fit=1200%2C675&ssl=1","datePublished":"2019-05-13T02:56:31+00:00","dateModified":"2026-04-06T17:13:34+00:00","description":"Voyage individuel \u00e0 Abydos-Sohag depuis Hurghada: Une excursion individuelle int\u00e9ressante \u00e0 Abydos - Sohag depuis la station d\u2019Hurghada! Nous recommandons","breadcrumb":{"@id":"https:\/\/landioustravel.com\/fr\/shop\/voyage-individuel-sohag-hurghada\/#breadcrumb"},"inLanguage":"fr-FR","potentialAction":[{"@type":"ReadAction","target":["https:\/\/landioustravel.com\/fr\/shop\/voyage-individuel-sohag-hurghada\/"]}]},{"@type":"ImageObject","inLanguage":"fr-FR","@id":"https:\/\/landioustravel.com\/fr\/shop\/voyage-individuel-sohag-hurghada\/#primaryimage","url":"https:\/\/i0.wp.com\/landioustravel.com\/wp-content\/uploads\/2022\/05\/Temple-of-Seti-I-Abydos-e1651811713381.jpg?fit=1200%2C675&ssl=1","contentUrl":"https:\/\/i0.wp.com\/landioustravel.com\/wp-content\/uploads\/2022\/05\/Temple-of-Seti-I-Abydos-e1651811713381.jpg?fit=1200%2C675&ssl=1","width":1200,"height":675,"caption":"Temple of Seti I at Abydos"},{"@type":"BreadcrumbList","@id":"https:\/\/landioustravel.com\/fr\/shop\/voyage-individuel-sohag-hurghada\/#breadcrumb","itemListElement":[{"@type":"ListItem","position":1,"name":"Home","item":"https:\/\/landioustravel.com\/fr\/"},{"@type":"ListItem","position":2,"name":"Prestations &amp; Visites","item":"https:\/\/landioustravel.com\/fr\/"},{"@type":"ListItem","position":3,"name":"Voyage individuel \u00e0 Abydos-Sohag depuis Hurghada"}]},{"@type":"WebSite","@id":"https:\/\/landioustravel.com\/fr\/#website","url":"https:\/\/landioustravel.com\/fr\/","name":"Landious Travel","description":"Excursions, trips and cruises in Egypt","publisher":{"@id":"https:\/\/landioustravel.com\/fr\/#organization"},"potentialAction":[{"@type":"SearchAction","target":{"@type":"EntryPoint","urlTemplate":"https:\/\/landioustravel.com\/fr\/?s={search_term_string}"},"query-input":{"@type":"PropertyValueSpecification","valueRequired":true,"valueName":"search_term_string"}}],"inLanguage":"fr-FR"},{"@type":["Organization","Place"],"@id":"https:\/\/landioustravel.com\/fr\/#organization","name":"Landious Travel","alternateName":"Landious Travel","url":"https:\/\/landioustravel.com\/fr\/","logo":{"@id":"https:\/\/landioustravel.com\/fr\/shop\/voyage-individuel-sohag-hurghada\/#local-main-organization-logo"},"image":{"@id":"https:\/\/landioustravel.com\/fr\/shop\/voyage-individuel-sohag-hurghada\/#local-main-organization-logo"},"sameAs":["https:\/\/web.facebook.com\/landiousEgypt","https:\/\/x.com\/LandiousTours","https:\/\/mastodon.social\/@landious"],"legalName":"Landious Travel","telephone":[],"openingHoursSpecification":[{"@type":"OpeningHoursSpecification","dayOfWeek":["Monday","Tuesday","Wednesday","Thursday","Friday","Saturday","Sunday"],"opens":"09:00","closes":"17:00"}]},{"@type":"ImageObject","inLanguage":"fr-FR","@id":"https:\/\/landioustravel.com\/fr\/shop\/voyage-individuel-sohag-hurghada\/#local-main-organization-logo","url":"https:\/\/i0.wp.com\/landioustravel.com\/wp-content\/uploads\/2021\/06\/Landious-T.png?fit=500%2C500&ssl=1","contentUrl":"https:\/\/i0.wp.com\/landioustravel.com\/wp-content\/uploads\/2021\/06\/Landious-T.png?fit=500%2C500&ssl=1","width":500,"height":500,"caption":"Landious Travel"}]}},"jetpack_publicize_connections":[],"uagb_featured_image_src":{"full":["https:\/\/i0.wp.com\/landioustravel.com\/wp-content\/uploads\/2022\/05\/Temple-of-Seti-I-Abydos-e1651811713381.jpg?fit=1200%2C675&ssl=1",1200,675,false],"thumbnail":["https:\/\/i0.wp.com\/landioustravel.com\/wp-content\/uploads\/2022\/05\/Temple-of-Seti-I-Abydos-e1651811713381.jpg?resize=150%2C150&ssl=1",150,150,true],"medium":["https:\/\/i0.wp.com\/landioustravel.com\/wp-content\/uploads\/2022\/05\/Temple-of-Seti-I-Abydos-e1651811713381.jpg?fit=300%2C169&ssl=1",300,169,true],"medium_large":["https:\/\/i0.wp.com\/landioustravel.com\/wp-content\/uploads\/2022\/05\/Temple-of-Seti-I-Abydos-e1651811713381.jpg?fit=768%2C432&ssl=1",768,432,true],"large":["https:\/\/i0.wp.com\/landioustravel.com\/wp-content\/uploads\/2022\/05\/Temple-of-Seti-I-Abydos-e1651811713381.jpg?fit=980%2C551&ssl=1",980,551,true],"1536x1536":["https:\/\/i0.wp.com\/landioustravel.com\/wp-content\/uploads\/2022\/05\/Temple-of-Seti-I-Abydos-e1651811713381.jpg?fit=1200%2C675&ssl=1",1200,675,true],"2048x2048":["https:\/\/i0.wp.com\/landioustravel.com\/wp-content\/uploads\/2022\/05\/Temple-of-Seti-I-Abydos-e1651811713381.jpg?fit=1200%2C675&ssl=1",1200,675,true],"newspack-article-block-landscape-large":["https:\/\/i0.wp.com\/landioustravel.com\/wp-content\/uploads\/2022\/05\/Temple-of-Seti-I-Abydos-e1651811713381.jpg?resize=1200%2C675&ssl=1",1200,675,true],"newspack-article-block-portrait-large":["https:\/\/i0.wp.com\/landioustravel.com\/wp-content\/uploads\/2022\/05\/Temple-of-Seti-I-Abydos-e1651811713381.jpg?resize=900%2C675&ssl=1",900,675,true],"newspack-article-block-square-large":["https:\/\/i0.wp.com\/landioustravel.com\/wp-content\/uploads\/2022\/05\/Temple-of-Seti-I-Abydos-e1651811713381.jpg?resize=1200%2C675&ssl=1",1200,675,true],"newspack-article-block-landscape-medium":["https:\/\/i0.wp.com\/landioustravel.com\/wp-content\/uploads\/2022\/05\/Temple-of-Seti-I-Abydos-e1651811713381.jpg?resize=800%2C600&ssl=1",800,600,true],"newspack-article-block-portrait-medium":["https:\/\/i0.wp.com\/landioustravel.com\/wp-content\/uploads\/2022\/05\/Temple-of-Seti-I-Abydos-e1651811713381.jpg?resize=600%2C675&ssl=1",600,675,true],"newspack-article-block-square-medium":["https:\/\/i0.wp.com\/landioustravel.com\/wp-content\/uploads\/2022\/05\/Temple-of-Seti-I-Abydos-e1651811713381.jpg?resize=800%2C675&ssl=1",800,675,true],"newspack-article-block-landscape-intermediate":["https:\/\/i0.wp.com\/landioustravel.com\/wp-content\/uploads\/2022\/05\/Temple-of-Seti-I-Abydos-e1651811713381.jpg?resize=600%2C450&ssl=1",600,450,true],"newspack-article-block-portrait-intermediate":["https:\/\/i0.wp.com\/landioustravel.com\/wp-content\/uploads\/2022\/05\/Temple-of-Seti-I-Abydos-e1651811713381.jpg?resize=450%2C600&ssl=1",450,600,true],"newspack-article-block-square-intermediate":["https:\/\/i0.wp.com\/landioustravel.com\/wp-content\/uploads\/2022\/05\/Temple-of-Seti-I-Abydos-e1651811713381.jpg?resize=600%2C600&ssl=1",600,600,true],"newspack-article-block-landscape-small":["https:\/\/i0.wp.com\/landioustravel.com\/wp-content\/uploads\/2022\/05\/Temple-of-Seti-I-Abydos-e1651811713381.jpg?resize=400%2C300&ssl=1",400,300,true],"newspack-article-block-portrait-small":["https:\/\/i0.wp.com\/landioustravel.com\/wp-content\/uploads\/2022\/05\/Temple-of-Seti-I-Abydos-e1651811713381.jpg?resize=300%2C400&ssl=1",300,400,true],"newspack-article-block-square-small":["https:\/\/i0.wp.com\/landioustravel.com\/wp-content\/uploads\/2022\/05\/Temple-of-Seti-I-Abydos-e1651811713381.jpg?resize=400%2C400&ssl=1",400,400,true],"newspack-article-block-landscape-tiny":["https:\/\/i0.wp.com\/landioustravel.com\/wp-content\/uploads\/2022\/05\/Temple-of-Seti-I-Abydos-e1651811713381.jpg?resize=200%2C150&ssl=1",200,150,true],"newspack-article-block-portrait-tiny":["https:\/\/i0.wp.com\/landioustravel.com\/wp-content\/uploads\/2022\/05\/Temple-of-Seti-I-Abydos-e1651811713381.jpg?resize=150%2C200&ssl=1",150,200,true],"newspack-article-block-square-tiny":["https:\/\/i0.wp.com\/landioustravel.com\/wp-content\/uploads\/2022\/05\/Temple-of-Seti-I-Abydos-e1651811713381.jpg?resize=200%2C200&ssl=1",200,200,true],"newspack-article-block-uncropped":["https:\/\/i0.wp.com\/landioustravel.com\/wp-content\/uploads\/2022\/05\/Temple-of-Seti-I-Abydos-e1651811713381.jpg?fit=1200%2C675&ssl=1",1200,675,true],"woocommerce_thumbnail":["https:\/\/i0.wp.com\/landioustravel.com\/wp-content\/uploads\/2022\/05\/Temple-of-Seti-I-Abydos-e1651811713381.jpg?resize=324%2C324&ssl=1",324,324,true],"woocommerce_single":["https:\/\/i0.wp.com\/landioustravel.com\/wp-content\/uploads\/2022\/05\/Temple-of-Seti-I-Abydos-e1651811713381.jpg?fit=416%2C234&ssl=1",416,234,true],"woocommerce_gallery_thumbnail":["https:\/\/i0.wp.com\/landioustravel.com\/wp-content\/uploads\/2022\/05\/Temple-of-Seti-I-Abydos-e1651811713381.jpg?resize=100%2C100&ssl=1",100,100,true]},"uagb_author_info":{"display_name":"Mofreh Landious","author_link":"https:\/\/landioustravel.com\/fr\/author\/"},"uagb_comment_info":4,"uagb_excerpt":"D\u00e9couvrez les merveilles d'Abydos et de Sohag lors d'un voyage inoubliable au d\u00e9part d'Hurghada. Au cours de cette aventure, vous visiterez les fascinants temples d'Abydos et profiterez d'un d\u00e9licieux d\u00e9jeuner. Ensuite, vous vous rendrez \u00e0 Sohag pour explorer le monast\u00e8re rouge et le monast\u00e8re blanc. Tous ces sites incroyables sont inclus dans le prix, ainsi&hellip;","jetpack_sharing_enabled":true,"jetpack_likes_enabled":true,"amp_enabled":true,"_links":{"self":[{"href":"https:\/\/landioustravel.com\/fr\/wp-json\/wp\/v2\/product\/4508","targetHints":{"allow":["GET"]}}],"collection":[{"href":"https:\/\/landioustravel.com\/fr\/wp-json\/wp\/v2\/product"}],"about":[{"href":"https:\/\/landioustravel.com\/fr\/wp-json\/wp\/v2\/types\/product"}],"replies":[{"embeddable":true,"href":"https:\/\/landioustravel.com\/fr\/wp-json\/wp\/v2\/comments?post=4508"}],"wp:featuredmedia":[{"embeddable":true,"href":"https:\/\/landioustravel.com\/fr\/wp-json\/wp\/v2\/media\/99413"}],"wp:attachment":[{"href":"https:\/\/landioustravel.com\/fr\/wp-json\/wp\/v2\/media?parent=4508"}],"wp:term":[{"taxonomy":"product_brand","embeddable":true,"href":"https:\/\/landioustravel.com\/fr\/wp-json\/wp\/v2\/product_brand?post=4508"},{"taxonomy":"product_cat","embeddable":true,"href":"https:\/\/landioustravel.com\/fr\/wp-json\/wp\/v2\/product_cat?post=4508"},{"taxonomy":"product_tag","embeddable":true,"href":"https:\/\/landioustravel.com\/fr\/wp-json\/wp\/v2\/product_tag?post=4508"}],"curies":[{"name":"wp","href":"https:\/\/api.w.org\/{rel}","templated":true}]}}