{"id":4511,"date":"2019-04-07T14:24:50","date_gmt":"2019-05-13T03:28:48","guid":{"rendered":"https:\/\/landioustravel.com\/?post_type=product&#038;p=4511"},"modified":"2025-10-21T20:14:05","modified_gmt":"2025-10-21T17:14:05","slug":"voyage-peche-individuel-hurghada","status":"publish","type":"product","link":"https:\/\/landioustravel.com\/fr\/shop\/voyage-peche-individuel-hurghada\/","title":{"rendered":"Voyage de p\u00eache individuel \u00e0 Hurghada"},"content":{"rendered":"<p>Une excursion en bateau de p\u00eache int\u00e9ressante dans la mer Rouge \u00e0 <a href=\"https:\/\/landioustravel.com\/fr\/ville-hurghada\/\">Hurghada<\/a> o\u00f9 vous pourrez profiter de la mer et de la p\u00eache professionnelle! Nous recommandons le voyage car il permet aux touristes de p\u00eacher en mer. En outre, il donne la possibilit\u00e9 de voir les beaux coraux et les poissons de la mer Rouge. De plus, il vous permet de profiter d&#8217;un pique-nique en mer priv\u00e9 \u00e0 travers la mer Rouge.<\/p>\n<h2>Les points principaux du programme d&#8217;excursion pour la p\u00eache<\/h2>\n<ul>\n<li>P\u00eache en pleine mer<\/li>\n<li>Plong\u00e9e en apn\u00e9e<\/li>\n<li>Le d\u00e9jeuner<\/li>\n<\/ul>\n<h3>Le programme du voyage de p\u00eache \u00e0 Hurghada<\/h3>\n<ul>\n<li>Nous venons vous chercher \u00e0 l&#8217;h\u00f4tel vers 08h00.<\/li>\n<li>Apr\u00e8s vous avoir r\u00e9cup\u00e9r\u00e9, le bus se rend au port. Le trajet jusqu&#8217;au port prend environ 20 minutes<\/li>\n<li>Vous trouverez votre yacht dans le port. C\u2019est grand et chic! Le yacht se compose de deux \u00e9tages. D\u00e8s que vous irez dans le yacht, vous devrez enlever vos chaussures et vous pr\u00e9parer \u00e0 la p\u00eache \u00e0 la tra\u00eene. La p\u00eache \u00e0 la tra\u00eene a lieu pendant que le yacht navigue sur la mer. Pour cette raison, nous fournissons deux cannes \u00e0 la tra\u00eene \u00e0 l&#8217;arri\u00e8re du yacht.<\/li>\n<li>Le yacht traverse la mer Rouge d\u00e8s que vous y entrez. Quelque part, en pleine mer, il s\u2019arr\u00eate pour vous permettre de p\u00eacher directement depuis son bord. D&#8217;ici l\u00e0, tout le monde peut aller p\u00eacher<\/li>\n<li>Ensuite, vous vous arr\u00eatez \u00e0 un autre endroit en nageant avec des masques et des palmes.<\/li>\n<li>Apr\u00e8s cet arr\u00eat, vous descendez au premier \u00e9tage pour le d\u00e9jeuner. Pendant le d\u00e9jeuner, le buffet sera ouvert<\/li>\n<li>Apr\u00e8s le d\u00e9jeuner, vous allez essayer de p\u00eacher du poisson ailleurs.<\/li>\n<li>Ce programme d&#8217;excursion de p\u00eache se termine vers 16h30.<\/li>\n<\/ul>\n<h4>Ce qui est inclus dans le prix du voyage<\/h4>\n<ul>\n<li>Bateau priv\u00e9 individuel<\/li>\n<li>\u00c9quipement de p\u00eache<\/li>\n<li>\u00c9quipement de plong\u00e9e<\/li>\n<li>Nourriture et boissons<\/li>\n<li>Transfert individuel au port et retour \u00e0 l&#8217;h\u00f4tel<\/li>\n<\/ul>\n<h5>Ce qui n&#8217;est pas inclus dans le prix du voyage<\/h5>\n<ul>\n<li>DVD vid\u00e9o<\/li>\n<li>CD photo<\/li>\n<\/ul>\n<h6>Que prendre avec vous pour le voyage<\/h6>\n<ul>\n<li>Serviette<\/li>\n<li>Cr\u00e8me solaire<\/li>\n<\/ul>\n<h6>ORGANISATION DES JOURS D&#8217;EXCURSION<\/h6>\n<ul>\n<li>Tous les jours de 08h00 \u00e0 17h00<\/li>\n<\/ul>\n","protected":false},"excerpt":{"rendered":"<p>Vivez l&#8217;aventure de p\u00eache ultime \u00e0 Hurghada, en partant t\u00f4t le matin de votre h\u00f4tel. Pr\u00e9parez-vous pour une journ\u00e9e de p\u00eache dans la mer Rouge abondamment approvisionn\u00e9e ! Votre guide et votre capitaine vous attendront \u00e0 la marina \u00e0 8h30 et vous emm\u00e8neront dans deux lieux de p\u00eache diff\u00e9rents o\u00f9 vous pourrez profiter du magnifique paysage \u00e9gyptien et tenter votre chance en attrapant l&#8217;un des gros poissons qui vivent dans la mer. Si vous avez envie de nager avec les poissons, sautez dans les eaux rafra\u00eechissantes pour une excursion de plong\u00e9e avec tuba afin d&#8217;observer les poissons de pr\u00e8s et personnellement. D\u00e9tendez-vous sur le bateau et tentez votre chance pour la p\u00eache de votre vie !<\/p>\n<p>Il y a beaucoup de place sur le bateau et sur le rivage pour profiter d&#8217;une pause ensoleill\u00e9e ou ombrag\u00e9e. Si vous attrapez du poisson avant notre arr\u00eat au deuxi\u00e8me point d&#8217;ancrage, vous pouvez le cuisiner pour l&#8217;inclure dans notre d\u00e9jeuner buffet ! Profitez du poisson d\u00e9licieux et fra\u00eechement cuit que vous avez p\u00each\u00e9 pour le d\u00e9jeuner sur le bateau. Apr\u00e8s le d\u00e9jeuner, vous aurez plus de temps libre pour p\u00eacher sur le bateau. Avant la fin de l&#8217;excursion, vous pourrez nager en pleine mer avec masques et palmes.<\/p>\n<p>Nous fournissons des v\u00e9hicules haut de gamme avec climatisation pour les transferts depuis et vers votre h\u00f4tel, l&#8217;assistance d&#8217;un guide, l&#8217;\u00e9quipement de p\u00eache et de plong\u00e9e avec tuba, le d\u00e9jeuner, l&#8217;eau min\u00e9rale et les boissons non alcoolis\u00e9es. Ne manquez pas cette incroyable opportunit\u00e9 d&#8217;explorer la mer Rouge et de vous essayer \u00e0 la p\u00eache. Retournez \u00e0 la marina \u00e0 16h00, puis transf\u00e9rez-vous \u00e0 votre h\u00f4tel \u00e0 Hurghada. R\u00e9servez maintenant pour une exp\u00e9rience inoubliable!<\/p>\n","protected":false},"featured_media":28930,"comment_status":"open","ping_status":"closed","template":"","meta":{"_coblocks_attr":"","_coblocks_dimensions":"","_coblocks_responsive_height":"","_coblocks_accordion_ie_support":"","_uag_custom_page_level_css":"","jetpack_post_was_ever_published":false,"jetpack_publicize_message":"","jetpack_publicize_feature_enabled":true,"jetpack_social_post_already_shared":true,"jetpack_social_options":{"image_generator_settings":{"template":"highway","default_image_id":0,"font":"","enabled":false},"version":2},"_wpas_customize_per_network":false},"product_brand":[],"product_cat":[1565,8562],"product_tag":[1578,1580,1779,1579,1780,1571],"class_list":{"0":"post-4511","1":"product","2":"type-product","3":"status-publish","4":"has-post-thumbnail","6":"product_cat-excursions-mer-hurghada","7":"product_cat-excursions-individuelles-hurghada","8":"product_tag-excursion-fr","9":"product_tag-hurghada-fr","10":"product_tag-mer","11":"product_tag-peche","12":"product_tag-plongee-en-apnee","13":"product_tag-voyages-en-mer","15":"first","16":"instock","17":"sale","18":"taxable","19":"shipping-taxable","20":"purchasable","21":"product-type-variable"},"yoast_head":"<!-- This site is optimized with the Yoast SEO Premium plugin v26.9 (Yoast SEO v27.3) - https:\/\/yoast.com\/product\/yoast-seo-premium-wordpress\/ -->\n<title>Voyage de p\u00eache individuel \u00e0 Hurghada<\/title>\n<meta name=\"description\" content=\"Voyage de p\u00eache individuel \u00e0 Hurghada: Une excursion en bateau de p\u00eache int\u00e9ressante dans la mer Rouge \u00e0 Hurghada o\u00f9 vous pourrez profiter de la mer et de\" \/>\n<meta name=\"robots\" content=\"index, follow, max-snippet:-1, max-image-preview:large, max-video-preview:-1\" \/>\n<link rel=\"canonical\" href=\"https:\/\/landioustravel.com\/fr\/shop\/voyage-peche-individuel-hurghada\/\" \/>\n<meta property=\"og:locale\" content=\"fr_FR\" \/>\n<meta property=\"og:type\" content=\"article\" \/>\n<meta property=\"og:title\" content=\"Voyage de p\u00eache individuel \u00e0 Hurghada\" \/>\n<meta property=\"og:description\" content=\"Landious Travel\" \/>\n<meta property=\"og:url\" content=\"https:\/\/landioustravel.com\/fr\/shop\/voyage-peche-individuel-hurghada\/\" \/>\n<meta property=\"og:site_name\" content=\"Landious Travel\" \/>\n<meta property=\"article:publisher\" content=\"https:\/\/web.facebook.com\/landiousEgypt\" \/>\n<meta property=\"article:modified_time\" content=\"2025-10-21T17:14:05+00:00\" \/>\n<meta property=\"og:image\" content=\"https:\/\/i0.wp.com\/landioustravel.com\/wp-content\/uploads\/2021\/03\/fishing_trips-e1615142026328.jpg?fit=1080%2C607&ssl=1\" \/>\n\t<meta property=\"og:image:width\" content=\"1080\" \/>\n\t<meta property=\"og:image:height\" content=\"607\" \/>\n\t<meta property=\"og:image:type\" content=\"image\/jpeg\" \/>\n<meta name=\"twitter:card\" content=\"summary_large_image\" \/>\n<meta name=\"twitter:site\" content=\"@LandiousTours\" \/>\n<meta name=\"twitter:label1\" content=\"Dur\u00e9e de lecture estim\u00e9e\" \/>\n\t<meta name=\"twitter:data1\" content=\"2 minutes\" \/>\n<script type=\"application\/ld+json\" class=\"yoast-schema-graph\">{\"@context\":\"https:\\\/\\\/schema.org\",\"@graph\":[{\"@type\":\"WebPage\",\"@id\":\"https:\\\/\\\/landioustravel.com\\\/fr\\\/shop\\\/voyage-peche-individuel-hurghada\\\/\",\"url\":\"https:\\\/\\\/landioustravel.com\\\/fr\\\/shop\\\/voyage-peche-individuel-hurghada\\\/\",\"name\":\"Voyage de p\u00eache individuel \u00e0 Hurghada\",\"isPartOf\":{\"@id\":\"https:\\\/\\\/landioustravel.com\\\/fr\\\/#website\"},\"primaryImageOfPage\":{\"@id\":\"https:\\\/\\\/landioustravel.com\\\/fr\\\/shop\\\/voyage-peche-individuel-hurghada\\\/#primaryimage\"},\"image\":{\"@id\":\"https:\\\/\\\/landioustravel.com\\\/fr\\\/shop\\\/voyage-peche-individuel-hurghada\\\/#primaryimage\"},\"thumbnailUrl\":\"https:\\\/\\\/i0.wp.com\\\/landioustravel.com\\\/wp-content\\\/uploads\\\/2021\\\/03\\\/fishing_trips-e1615142026328.jpg?fit=1080%2C607&ssl=1\",\"datePublished\":\"2019-05-13T03:28:48+00:00\",\"dateModified\":\"2025-10-21T17:14:05+00:00\",\"description\":\"Voyage de p\u00eache individuel \u00e0 Hurghada: Une excursion en bateau de p\u00eache int\u00e9ressante dans la mer Rouge \u00e0 Hurghada o\u00f9 vous pourrez profiter de la mer et de\",\"breadcrumb\":{\"@id\":\"https:\\\/\\\/landioustravel.com\\\/fr\\\/shop\\\/voyage-peche-individuel-hurghada\\\/#breadcrumb\"},\"inLanguage\":\"fr-FR\",\"potentialAction\":[{\"@type\":\"ReadAction\",\"target\":[\"https:\\\/\\\/landioustravel.com\\\/fr\\\/shop\\\/voyage-peche-individuel-hurghada\\\/\"]}]},{\"@type\":\"ImageObject\",\"inLanguage\":\"fr-FR\",\"@id\":\"https:\\\/\\\/landioustravel.com\\\/fr\\\/shop\\\/voyage-peche-individuel-hurghada\\\/#primaryimage\",\"url\":\"https:\\\/\\\/i0.wp.com\\\/landioustravel.com\\\/wp-content\\\/uploads\\\/2021\\\/03\\\/fishing_trips-e1615142026328.jpg?fit=1080%2C607&ssl=1\",\"contentUrl\":\"https:\\\/\\\/i0.wp.com\\\/landioustravel.com\\\/wp-content\\\/uploads\\\/2021\\\/03\\\/fishing_trips-e1615142026328.jpg?fit=1080%2C607&ssl=1\",\"width\":1080,\"height\":607,\"caption\":\"Individual Fishing Trip Hurghada\"},{\"@type\":\"BreadcrumbList\",\"@id\":\"https:\\\/\\\/landioustravel.com\\\/fr\\\/shop\\\/voyage-peche-individuel-hurghada\\\/#breadcrumb\",\"itemListElement\":[{\"@type\":\"ListItem\",\"position\":1,\"name\":\"Home\",\"item\":\"https:\\\/\\\/landioustravel.com\\\/fr\\\/\"},{\"@type\":\"ListItem\",\"position\":2,\"name\":\"Prestations &amp; Visites\",\"item\":\"https:\\\/\\\/landioustravel.com\\\/fr\\\/\"},{\"@type\":\"ListItem\",\"position\":3,\"name\":\"Voyage de p\u00eache individuel \u00e0 Hurghada\"}]},{\"@type\":\"WebSite\",\"@id\":\"https:\\\/\\\/landioustravel.com\\\/fr\\\/#website\",\"url\":\"https:\\\/\\\/landioustravel.com\\\/fr\\\/\",\"name\":\"Landious Travel\",\"description\":\"Excursions, trips and cruises in Egypt\",\"publisher\":{\"@id\":\"https:\\\/\\\/landioustravel.com\\\/fr\\\/#organization\"},\"potentialAction\":[{\"@type\":\"SearchAction\",\"target\":{\"@type\":\"EntryPoint\",\"urlTemplate\":\"https:\\\/\\\/landioustravel.com\\\/fr\\\/?s={search_term_string}\"},\"query-input\":{\"@type\":\"PropertyValueSpecification\",\"valueRequired\":true,\"valueName\":\"search_term_string\"}}],\"inLanguage\":\"fr-FR\"},{\"@type\":[\"Organization\",\"Place\"],\"@id\":\"https:\\\/\\\/landioustravel.com\\\/fr\\\/#organization\",\"name\":\"Landious Travel\",\"alternateName\":\"Landious Travel\",\"url\":\"https:\\\/\\\/landioustravel.com\\\/fr\\\/\",\"logo\":{\"@id\":\"https:\\\/\\\/landioustravel.com\\\/fr\\\/shop\\\/voyage-peche-individuel-hurghada\\\/#local-main-organization-logo\"},\"image\":{\"@id\":\"https:\\\/\\\/landioustravel.com\\\/fr\\\/shop\\\/voyage-peche-individuel-hurghada\\\/#local-main-organization-logo\"},\"sameAs\":[\"https:\\\/\\\/web.facebook.com\\\/landiousEgypt\",\"https:\\\/\\\/x.com\\\/LandiousTours\",\"https:\\\/\\\/mastodon.social\\\/@landious\"],\"legalName\":\"Landious Travel\",\"telephone\":[],\"openingHoursSpecification\":[{\"@type\":\"OpeningHoursSpecification\",\"dayOfWeek\":[\"Monday\",\"Tuesday\",\"Wednesday\",\"Thursday\",\"Friday\",\"Saturday\",\"Sunday\"],\"opens\":\"09:00\",\"closes\":\"17:00\"}]},{\"@type\":\"ImageObject\",\"inLanguage\":\"fr-FR\",\"@id\":\"https:\\\/\\\/landioustravel.com\\\/fr\\\/shop\\\/voyage-peche-individuel-hurghada\\\/#local-main-organization-logo\",\"url\":\"https:\\\/\\\/i0.wp.com\\\/landioustravel.com\\\/wp-content\\\/uploads\\\/2021\\\/06\\\/Landious-T.png?fit=500%2C500&ssl=1\",\"contentUrl\":\"https:\\\/\\\/i0.wp.com\\\/landioustravel.com\\\/wp-content\\\/uploads\\\/2021\\\/06\\\/Landious-T.png?fit=500%2C500&ssl=1\",\"width\":500,\"height\":500,\"caption\":\"Landious Travel\"}]}<\/script>\n<!-- \/ Yoast SEO Premium plugin. -->","yoast_head_json":{"title":"Voyage de p\u00eache individuel \u00e0 Hurghada","description":"Voyage de p\u00eache individuel \u00e0 Hurghada: Une excursion en bateau de p\u00eache int\u00e9ressante dans la mer Rouge \u00e0 Hurghada o\u00f9 vous pourrez profiter de la mer et de","robots":{"index":"index","follow":"follow","max-snippet":"max-snippet:-1","max-image-preview":"max-image-preview:large","max-video-preview":"max-video-preview:-1"},"canonical":"https:\/\/landioustravel.com\/fr\/shop\/voyage-peche-individuel-hurghada\/","og_locale":"fr_FR","og_type":"article","og_title":"Voyage de p\u00eache individuel \u00e0 Hurghada","og_description":"Landious Travel","og_url":"https:\/\/landioustravel.com\/fr\/shop\/voyage-peche-individuel-hurghada\/","og_site_name":"Landious Travel","article_publisher":"https:\/\/web.facebook.com\/landiousEgypt","article_modified_time":"2025-10-21T17:14:05+00:00","og_image":[{"width":1080,"height":607,"url":"https:\/\/i0.wp.com\/landioustravel.com\/wp-content\/uploads\/2021\/03\/fishing_trips-e1615142026328.jpg?fit=1080%2C607&ssl=1","type":"image\/jpeg"}],"twitter_card":"summary_large_image","twitter_site":"@LandiousTours","twitter_misc":{"Dur\u00e9e de lecture estim\u00e9e":"2 minutes"},"schema":{"@context":"https:\/\/schema.org","@graph":[{"@type":"WebPage","@id":"https:\/\/landioustravel.com\/fr\/shop\/voyage-peche-individuel-hurghada\/","url":"https:\/\/landioustravel.com\/fr\/shop\/voyage-peche-individuel-hurghada\/","name":"Voyage de p\u00eache individuel \u00e0 Hurghada","isPartOf":{"@id":"https:\/\/landioustravel.com\/fr\/#website"},"primaryImageOfPage":{"@id":"https:\/\/landioustravel.com\/fr\/shop\/voyage-peche-individuel-hurghada\/#primaryimage"},"image":{"@id":"https:\/\/landioustravel.com\/fr\/shop\/voyage-peche-individuel-hurghada\/#primaryimage"},"thumbnailUrl":"https:\/\/i0.wp.com\/landioustravel.com\/wp-content\/uploads\/2021\/03\/fishing_trips-e1615142026328.jpg?fit=1080%2C607&ssl=1","datePublished":"2019-05-13T03:28:48+00:00","dateModified":"2025-10-21T17:14:05+00:00","description":"Voyage de p\u00eache individuel \u00e0 Hurghada: Une excursion en bateau de p\u00eache int\u00e9ressante dans la mer Rouge \u00e0 Hurghada o\u00f9 vous pourrez profiter de la mer et de","breadcrumb":{"@id":"https:\/\/landioustravel.com\/fr\/shop\/voyage-peche-individuel-hurghada\/#breadcrumb"},"inLanguage":"fr-FR","potentialAction":[{"@type":"ReadAction","target":["https:\/\/landioustravel.com\/fr\/shop\/voyage-peche-individuel-hurghada\/"]}]},{"@type":"ImageObject","inLanguage":"fr-FR","@id":"https:\/\/landioustravel.com\/fr\/shop\/voyage-peche-individuel-hurghada\/#primaryimage","url":"https:\/\/i0.wp.com\/landioustravel.com\/wp-content\/uploads\/2021\/03\/fishing_trips-e1615142026328.jpg?fit=1080%2C607&ssl=1","contentUrl":"https:\/\/i0.wp.com\/landioustravel.com\/wp-content\/uploads\/2021\/03\/fishing_trips-e1615142026328.jpg?fit=1080%2C607&ssl=1","width":1080,"height":607,"caption":"Individual Fishing Trip Hurghada"},{"@type":"BreadcrumbList","@id":"https:\/\/landioustravel.com\/fr\/shop\/voyage-peche-individuel-hurghada\/#breadcrumb","itemListElement":[{"@type":"ListItem","position":1,"name":"Home","item":"https:\/\/landioustravel.com\/fr\/"},{"@type":"ListItem","position":2,"name":"Prestations &amp; Visites","item":"https:\/\/landioustravel.com\/fr\/"},{"@type":"ListItem","position":3,"name":"Voyage de p\u00eache individuel \u00e0 Hurghada"}]},{"@type":"WebSite","@id":"https:\/\/landioustravel.com\/fr\/#website","url":"https:\/\/landioustravel.com\/fr\/","name":"Landious Travel","description":"Excursions, trips and cruises in Egypt","publisher":{"@id":"https:\/\/landioustravel.com\/fr\/#organization"},"potentialAction":[{"@type":"SearchAction","target":{"@type":"EntryPoint","urlTemplate":"https:\/\/landioustravel.com\/fr\/?s={search_term_string}"},"query-input":{"@type":"PropertyValueSpecification","valueRequired":true,"valueName":"search_term_string"}}],"inLanguage":"fr-FR"},{"@type":["Organization","Place"],"@id":"https:\/\/landioustravel.com\/fr\/#organization","name":"Landious Travel","alternateName":"Landious Travel","url":"https:\/\/landioustravel.com\/fr\/","logo":{"@id":"https:\/\/landioustravel.com\/fr\/shop\/voyage-peche-individuel-hurghada\/#local-main-organization-logo"},"image":{"@id":"https:\/\/landioustravel.com\/fr\/shop\/voyage-peche-individuel-hurghada\/#local-main-organization-logo"},"sameAs":["https:\/\/web.facebook.com\/landiousEgypt","https:\/\/x.com\/LandiousTours","https:\/\/mastodon.social\/@landious"],"legalName":"Landious Travel","telephone":[],"openingHoursSpecification":[{"@type":"OpeningHoursSpecification","dayOfWeek":["Monday","Tuesday","Wednesday","Thursday","Friday","Saturday","Sunday"],"opens":"09:00","closes":"17:00"}]},{"@type":"ImageObject","inLanguage":"fr-FR","@id":"https:\/\/landioustravel.com\/fr\/shop\/voyage-peche-individuel-hurghada\/#local-main-organization-logo","url":"https:\/\/i0.wp.com\/landioustravel.com\/wp-content\/uploads\/2021\/06\/Landious-T.png?fit=500%2C500&ssl=1","contentUrl":"https:\/\/i0.wp.com\/landioustravel.com\/wp-content\/uploads\/2021\/06\/Landious-T.png?fit=500%2C500&ssl=1","width":500,"height":500,"caption":"Landious Travel"}]}},"jetpack_publicize_connections":[],"uagb_featured_image_src":{"full":["https:\/\/i0.wp.com\/landioustravel.com\/wp-content\/uploads\/2021\/03\/fishing_trips-e1615142026328.jpg?fit=1080%2C607&ssl=1",1080,607,false],"thumbnail":["https:\/\/i0.wp.com\/landioustravel.com\/wp-content\/uploads\/2021\/03\/fishing_trips-e1615142026328.jpg?resize=150%2C150&ssl=1",150,150,true],"medium":["https:\/\/i0.wp.com\/landioustravel.com\/wp-content\/uploads\/2021\/03\/fishing_trips-e1615142026328.jpg?fit=300%2C169&ssl=1",300,169,true],"medium_large":["https:\/\/i0.wp.com\/landioustravel.com\/wp-content\/uploads\/2021\/03\/fishing_trips-e1615142026328.jpg?fit=768%2C432&ssl=1",768,432,true],"large":["https:\/\/i0.wp.com\/landioustravel.com\/wp-content\/uploads\/2021\/03\/fishing_trips-e1615142026328.jpg?fit=980%2C551&ssl=1",980,551,true],"1536x1536":["https:\/\/i0.wp.com\/landioustravel.com\/wp-content\/uploads\/2021\/03\/fishing_trips-e1615142026328.jpg?fit=1080%2C607&ssl=1",1080,607,true],"2048x2048":["https:\/\/i0.wp.com\/landioustravel.com\/wp-content\/uploads\/2021\/03\/fishing_trips-e1615142026328.jpg?fit=1080%2C607&ssl=1",1080,607,true],"newspack-article-block-landscape-large":["https:\/\/i0.wp.com\/landioustravel.com\/wp-content\/uploads\/2021\/03\/fishing_trips-e1615142026328.jpg?resize=1080%2C607&ssl=1",1080,900,true],"newspack-article-block-portrait-large":["https:\/\/i0.wp.com\/landioustravel.com\/wp-content\/uploads\/2021\/03\/fishing_trips-e1615142026328.jpg?resize=900%2C607&ssl=1",900,607,true],"newspack-article-block-square-large":["https:\/\/i0.wp.com\/landioustravel.com\/wp-content\/uploads\/2021\/03\/fishing_trips-e1615142026328.jpg?resize=1080%2C607&ssl=1",1080,607,true],"newspack-article-block-landscape-medium":["https:\/\/i0.wp.com\/landioustravel.com\/wp-content\/uploads\/2021\/03\/fishing_trips-e1615142026328.jpg?resize=800%2C600&ssl=1",800,600,true],"newspack-article-block-portrait-medium":["https:\/\/i0.wp.com\/landioustravel.com\/wp-content\/uploads\/2021\/03\/fishing_trips-e1615142026328.jpg?resize=600%2C607&ssl=1",600,607,true],"newspack-article-block-square-medium":["https:\/\/i0.wp.com\/landioustravel.com\/wp-content\/uploads\/2021\/03\/fishing_trips-e1615142026328.jpg?resize=800%2C607&ssl=1",800,607,true],"newspack-article-block-landscape-intermediate":["https:\/\/i0.wp.com\/landioustravel.com\/wp-content\/uploads\/2021\/03\/fishing_trips-e1615142026328.jpg?resize=600%2C450&ssl=1",600,450,true],"newspack-article-block-portrait-intermediate":["https:\/\/i0.wp.com\/landioustravel.com\/wp-content\/uploads\/2021\/03\/fishing_trips-e1615142026328.jpg?resize=450%2C600&ssl=1",450,600,true],"newspack-article-block-square-intermediate":["https:\/\/i0.wp.com\/landioustravel.com\/wp-content\/uploads\/2021\/03\/fishing_trips-e1615142026328.jpg?resize=600%2C600&ssl=1",600,600,true],"newspack-article-block-landscape-small":["https:\/\/i0.wp.com\/landioustravel.com\/wp-content\/uploads\/2021\/03\/fishing_trips-e1615142026328.jpg?resize=400%2C300&ssl=1",400,300,true],"newspack-article-block-portrait-small":["https:\/\/i0.wp.com\/landioustravel.com\/wp-content\/uploads\/2021\/03\/fishing_trips-e1615142026328.jpg?resize=300%2C400&ssl=1",300,400,true],"newspack-article-block-square-small":["https:\/\/i0.wp.com\/landioustravel.com\/wp-content\/uploads\/2021\/03\/fishing_trips-e1615142026328.jpg?resize=400%2C400&ssl=1",400,400,true],"newspack-article-block-landscape-tiny":["https:\/\/i0.wp.com\/landioustravel.com\/wp-content\/uploads\/2021\/03\/fishing_trips-e1615142026328.jpg?resize=200%2C150&ssl=1",200,150,true],"newspack-article-block-portrait-tiny":["https:\/\/i0.wp.com\/landioustravel.com\/wp-content\/uploads\/2021\/03\/fishing_trips-e1615142026328.jpg?resize=150%2C200&ssl=1",150,200,true],"newspack-article-block-square-tiny":["https:\/\/i0.wp.com\/landioustravel.com\/wp-content\/uploads\/2021\/03\/fishing_trips-e1615142026328.jpg?resize=200%2C200&ssl=1",200,200,true],"newspack-article-block-uncropped":["https:\/\/i0.wp.com\/landioustravel.com\/wp-content\/uploads\/2021\/03\/fishing_trips-e1615142026328.jpg?fit=1080%2C607&ssl=1",1080,607,true],"woocommerce_thumbnail":["https:\/\/i0.wp.com\/landioustravel.com\/wp-content\/uploads\/2021\/03\/fishing_trips-e1615142026328.jpg?resize=324%2C324&ssl=1",324,324,true],"woocommerce_single":["https:\/\/i0.wp.com\/landioustravel.com\/wp-content\/uploads\/2021\/03\/fishing_trips-e1615142026328.jpg?fit=416%2C234&ssl=1",416,234,true],"woocommerce_gallery_thumbnail":["https:\/\/i0.wp.com\/landioustravel.com\/wp-content\/uploads\/2021\/03\/fishing_trips-e1615142026328.jpg?resize=100%2C100&ssl=1",100,100,true]},"uagb_author_info":{"display_name":"Mofreh Landious","author_link":"https:\/\/landioustravel.com\/fr\/author\/"},"uagb_comment_info":2,"uagb_excerpt":"Vivez l'aventure de p\u00eache ultime \u00e0 Hurghada, en partant t\u00f4t le matin de votre h\u00f4tel. Pr\u00e9parez-vous pour une journ\u00e9e de p\u00eache dans la mer Rouge abondamment approvisionn\u00e9e ! Votre guide et votre capitaine vous attendront \u00e0 la marina \u00e0 8h30 et vous emm\u00e8neront dans deux lieux de p\u00eache diff\u00e9rents o\u00f9 vous pourrez profiter du magnifique&hellip;","jetpack_sharing_enabled":true,"jetpack_likes_enabled":true,"amp_enabled":true,"_links":{"self":[{"href":"https:\/\/landioustravel.com\/fr\/wp-json\/wp\/v2\/product\/4511","targetHints":{"allow":["GET"]}}],"collection":[{"href":"https:\/\/landioustravel.com\/fr\/wp-json\/wp\/v2\/product"}],"about":[{"href":"https:\/\/landioustravel.com\/fr\/wp-json\/wp\/v2\/types\/product"}],"replies":[{"embeddable":true,"href":"https:\/\/landioustravel.com\/fr\/wp-json\/wp\/v2\/comments?post=4511"}],"wp:featuredmedia":[{"embeddable":true,"href":"https:\/\/landioustravel.com\/fr\/wp-json\/wp\/v2\/media\/28930"}],"wp:attachment":[{"href":"https:\/\/landioustravel.com\/fr\/wp-json\/wp\/v2\/media?parent=4511"}],"wp:term":[{"taxonomy":"product_brand","embeddable":true,"href":"https:\/\/landioustravel.com\/fr\/wp-json\/wp\/v2\/product_brand?post=4511"},{"taxonomy":"product_cat","embeddable":true,"href":"https:\/\/landioustravel.com\/fr\/wp-json\/wp\/v2\/product_cat?post=4511"},{"taxonomy":"product_tag","embeddable":true,"href":"https:\/\/landioustravel.com\/fr\/wp-json\/wp\/v2\/product_tag?post=4511"}],"curies":[{"name":"wp","href":"https:\/\/api.w.org\/{rel}","templated":true}]}}