{"id":8384,"date":"2019-06-08T18:33:04","date_gmt":"2019-06-09T02:02:13","guid":{"rendered":"https:\/\/landioustravel.com\/?post_type=product&#038;p=8384"},"modified":"2025-12-09T19:17:58","modified_gmt":"2025-12-09T17:17:58","slug":"voyage-individuel-sharm-naga-hurghada","status":"publish","type":"product","link":"https:\/\/landioustravel.com\/fr\/shop\/voyage-individuel-sharm-naga-hurghada\/","title":{"rendered":"Voyage individuel \u00e0 Sharm El-Naga depuis Hurghada"},"content":{"rendered":"<p>Un voyage individuel incroyable \u00e0 Charm el-Naga depuis <a href=\"https:\/\/landioustravel.com\/fr\/ville-hurghada\/\">Hurghada<\/a>! Nous recommandons le voyage car il permet aux touristes de passer un bon moment \u00e0 la mer! Le voyage vous donne l&#8217;occasion de voir de beaux coraux et une vari\u00e9t\u00e9 de poissons dans l&#8217;un des plus beaux endroits de Safaga. De plus, vous pourrez faire de la plong\u00e9e en apn\u00e9e sur la mer Rouge et vous installer sur la plage de sable dor\u00e9 de la baie de Sharm El-Naga. La plage a toutes les commodit\u00e9s.<\/p>\n<h2>Points principaux du programme d&#8217;excursion \u00e0 Charm el-Naga<\/h2>\n<ul>\n<li>Baignade en mer depuis la plage<\/li>\n<li>Plong\u00e9e en apn\u00e9e avec des masques et des palmes<\/li>\n<li>Le d\u00e9jeuner<\/li>\n<li>Se situer sur la plage la mieux \u00e9quip\u00e9e de la baie de Sharm El-Naga<\/li>\n<\/ul>\n<h3>Programme de la plong\u00e9e en apn\u00e9e dans la baie de Sharm El-Naga<\/h3>\n<ul>\n<li>Nous venons vous chercher \u00e0 l&#8217;h\u00f4tel vers 08h00.<\/li>\n<li>Apr\u00e8s avoir pris tous les passagers, le bus se rend \u00e0 la baie de Sharm El-Naga. Le trajet jusqu\u2019\u00e0 ce parc national prend environ 40 minutes.<\/li>\n<li>Votre prochain arr\u00eat sera sur la plage onirique de Sharm El-Naga. Il y a des parasols, des chaises longues, un restaurant, un snack-bar et des toilettes.<\/li>\n<li>Sur la plage, vous passerez cinq heures. Pendant ce temps, vous aurez l\u2019occasion de faire toutes les activit\u00e9s que vous aimez. C&#8217;est un endroit \u00e9tonnant sur la mer o\u00f9 vous pouvez nager, nager avec un tuba et exposer votre corps aux rayons du soleil.<\/li>\n<li>Ce \u00abVoyage individuel \u00e0 Sharm El-Naga depuis Hurghada\u00bb prend fin vers 16 heures.<\/li>\n<\/ul>\n<h4>Ce qui est inclus dans le prix du voyage<\/h4>\n<ul>\n<li>Frais d&#8217;entr\u00e9e au parc national de Sharm El-Naga<\/li>\n<li>Mat\u00e9riel de plong\u00e9e en apn\u00e9e (masques et palmes)<\/li>\n<li>Nourriture et boissons<\/li>\n<li>Transfert individuel vers la baie de Sharm El-Naga et retour \u00e0 l&#8217;h\u00f4tel<\/li>\n<\/ul>\n<h4>Ce qui n&#8217;est pas inclus dans le prix du tour<\/h4>\n<ul>\n<li>Boissons au bar de la plage<\/li>\n<li>DVD vid\u00e9o<\/li>\n<li>CD photo<\/li>\n<\/ul>\n<h5>QUE FAIRE AVEC VOUS POUR LE VOYAGE<\/h5>\n<ul>\n<li>Serviette<\/li>\n<li>Cr\u00e8me solaire<\/li>\n<\/ul>\n<h6>ORGANISATION DES JOURS D&#8217;EXCURSION<\/h6>\n<ul>\n<li>Tous les jours de 08h00 \u00e0 16h00<\/li>\n<\/ul>\n","protected":false},"excerpt":{"rendered":"<p>Vous cherchez une escapade paisible et relaxante? Ne cherchez pas plus loin que la magnifique baie de Sharm El Naga, \u00e0 quelques minutes en voiture d&#8217;Hurghada. Notre excursion d&#8217;une journ\u00e9e compl\u00e8te de plong\u00e9e avec tuba offre l&#8217;\u00e9quilibre parfait entre aventure et d\u00e9tente. Passez cinq heures sur la magnifique plage de sable, profitez du soleil et explorez les magnifiques r\u00e9cifs coralliens et la vie marine.<\/p>\n<p>Nous comprenons que les vacances sont un moment pour se d\u00e9tendre et \u00e9chapper au stress de la vie quotidienne. C&#8217;est pourquoi notre visite comprend le d\u00e9jeuner et les boissons, afin que vous puissiez profiter pleinement de votre journ\u00e9e sans vous soucier de rien. Notre guide exp\u00e9riment\u00e9 s&#8217;occupera de tout, du transport jusqu&#8217;\u00e0 la baie \u00e0 la visite de la r\u00e9serve naturelle unique.<\/p>\n<p>Respirez profond\u00e9ment et plongez dans l&#8217;atmosph\u00e8re paisible de Sharm El Naga. Cette baie tranquille est l&#8217;endroit id\u00e9al pour oublier vos soucis et vous connecter avec la nature. Nagez, faites de la plong\u00e9e avec tuba et pr\u00e9lassez-vous sous les rayons du soleil tout en d\u00e9couvrant un petit coin de paradis.<\/p>\n<p>\u00c0 l&#8217;heure du d\u00e9jeuner, nous vous emm\u00e8nerons dans un restaurant local o\u00f9 vous pourrez d\u00e9guster un d\u00e9licieux repas et vous d\u00e9tendre avant de retourner \u00e0 votre h\u00f4tel. Nous voulons que votre exp\u00e9rience avec nous soit inoubliable et nous ferons tout notre possible pour en faire une journ\u00e9e inoubliable. Rejoignez-nous pour un voyage de pure d\u00e9tente et de rajeunissement.<\/p>\n","protected":false},"featured_media":99062,"comment_status":"open","ping_status":"closed","template":"","meta":{"_coblocks_attr":"","_coblocks_dimensions":"","_coblocks_responsive_height":"","_coblocks_accordion_ie_support":"","_uag_custom_page_level_css":"","jetpack_post_was_ever_published":false,"jetpack_publicize_message":"","jetpack_publicize_feature_enabled":true,"jetpack_social_post_already_shared":true,"jetpack_social_options":{"image_generator_settings":{"template":"highway","default_image_id":0,"font":"","enabled":false},"version":2},"_wpas_customize_per_network":false},"product_brand":[],"product_cat":[24923,24946,1565,8562],"product_tag":[1578,2142,1580,1779,1780,1571],"class_list":{"0":"post-8384","1":"product","2":"type-product","3":"status-publish","4":"has-post-thumbnail","6":"product_cat-excursions-la-plage-hurghada","7":"product_cat-excursions-en-famille-hurghada","8":"product_cat-excursions-mer-hurghada","9":"product_cat-excursions-individuelles-hurghada","10":"product_tag-excursion-fr","11":"product_tag-excursions-depuis-hurghada","12":"product_tag-hurghada-fr","13":"product_tag-mer","14":"product_tag-plongee-en-apnee","15":"product_tag-voyages-en-mer","17":"first","18":"instock","19":"sale","20":"taxable","21":"shipping-taxable","22":"purchasable","23":"product-type-variable"},"yoast_head":"<!-- This site is optimized with the Yoast SEO Premium plugin v26.9 (Yoast SEO v27.3) - https:\/\/yoast.com\/product\/yoast-seo-premium-wordpress\/ -->\n<title>Voyage individuel \u00e0 Sharm El-Naga depuis Hurghada<\/title>\n<meta name=\"description\" content=\"Voyage individuel \u00e0 Sharm El-Naga depuis Hurghada Nous recommandons le voyage car il permet aux touristes de passer un bon moment \u00e0 la mer! Le voyage vous\" \/>\n<meta name=\"robots\" content=\"index, follow, max-snippet:-1, max-image-preview:large, max-video-preview:-1\" \/>\n<link rel=\"canonical\" href=\"https:\/\/landioustravel.com\/fr\/shop\/voyage-individuel-sharm-naga-hurghada\/\" \/>\n<meta property=\"og:locale\" content=\"fr_FR\" \/>\n<meta property=\"og:type\" content=\"article\" \/>\n<meta property=\"og:title\" content=\"Voyage individuel \u00e0 Sharm El-Naga depuis Hurghada\" \/>\n<meta property=\"og:description\" content=\"Landious Travel\" \/>\n<meta property=\"og:url\" content=\"https:\/\/landioustravel.com\/fr\/shop\/voyage-individuel-sharm-naga-hurghada\/\" \/>\n<meta property=\"og:site_name\" content=\"Landious Travel\" \/>\n<meta property=\"article:publisher\" content=\"https:\/\/web.facebook.com\/landiousEgypt\" \/>\n<meta property=\"article:modified_time\" content=\"2025-12-09T17:17:58+00:00\" \/>\n<meta property=\"og:image\" content=\"https:\/\/i0.wp.com\/landioustravel.com\/wp-content\/uploads\/2019\/06\/Sharm-El-Naga-Trip-Hurghada-e1669125539693.jpg?fit=1200%2C675&ssl=1\" \/>\n\t<meta property=\"og:image:width\" content=\"1200\" \/>\n\t<meta property=\"og:image:height\" content=\"675\" \/>\n\t<meta property=\"og:image:type\" content=\"image\/jpeg\" \/>\n<meta name=\"twitter:card\" content=\"summary_large_image\" \/>\n<meta name=\"twitter:site\" content=\"@LandiousTours\" \/>\n<meta name=\"twitter:label1\" content=\"Dur\u00e9e de lecture estim\u00e9e\" \/>\n\t<meta name=\"twitter:data1\" content=\"2 minutes\" \/>\n<script type=\"application\/ld+json\" class=\"yoast-schema-graph\">{\"@context\":\"https:\\\/\\\/schema.org\",\"@graph\":[{\"@type\":\"WebPage\",\"@id\":\"https:\\\/\\\/landioustravel.com\\\/fr\\\/shop\\\/voyage-individuel-sharm-naga-hurghada\\\/\",\"url\":\"https:\\\/\\\/landioustravel.com\\\/fr\\\/shop\\\/voyage-individuel-sharm-naga-hurghada\\\/\",\"name\":\"Voyage individuel \u00e0 Sharm El-Naga depuis Hurghada\",\"isPartOf\":{\"@id\":\"https:\\\/\\\/landioustravel.com\\\/fr\\\/#website\"},\"primaryImageOfPage\":{\"@id\":\"https:\\\/\\\/landioustravel.com\\\/fr\\\/shop\\\/voyage-individuel-sharm-naga-hurghada\\\/#primaryimage\"},\"image\":{\"@id\":\"https:\\\/\\\/landioustravel.com\\\/fr\\\/shop\\\/voyage-individuel-sharm-naga-hurghada\\\/#primaryimage\"},\"thumbnailUrl\":\"https:\\\/\\\/i0.wp.com\\\/landioustravel.com\\\/wp-content\\\/uploads\\\/2019\\\/06\\\/Sharm-El-Naga-Trip-Hurghada-e1669125539693.jpg?fit=1200%2C675&ssl=1\",\"datePublished\":\"2019-06-09T02:02:13+00:00\",\"dateModified\":\"2025-12-09T17:17:58+00:00\",\"description\":\"Voyage individuel \u00e0 Sharm El-Naga depuis Hurghada Nous recommandons le voyage car il permet aux touristes de passer un bon moment \u00e0 la mer! Le voyage vous\",\"breadcrumb\":{\"@id\":\"https:\\\/\\\/landioustravel.com\\\/fr\\\/shop\\\/voyage-individuel-sharm-naga-hurghada\\\/#breadcrumb\"},\"inLanguage\":\"fr-FR\",\"potentialAction\":[{\"@type\":\"ReadAction\",\"target\":[\"https:\\\/\\\/landioustravel.com\\\/fr\\\/shop\\\/voyage-individuel-sharm-naga-hurghada\\\/\"]}]},{\"@type\":\"ImageObject\",\"inLanguage\":\"fr-FR\",\"@id\":\"https:\\\/\\\/landioustravel.com\\\/fr\\\/shop\\\/voyage-individuel-sharm-naga-hurghada\\\/#primaryimage\",\"url\":\"https:\\\/\\\/i0.wp.com\\\/landioustravel.com\\\/wp-content\\\/uploads\\\/2019\\\/06\\\/Sharm-El-Naga-Trip-Hurghada-e1669125539693.jpg?fit=1200%2C675&ssl=1\",\"contentUrl\":\"https:\\\/\\\/i0.wp.com\\\/landioustravel.com\\\/wp-content\\\/uploads\\\/2019\\\/06\\\/Sharm-El-Naga-Trip-Hurghada-e1669125539693.jpg?fit=1200%2C675&ssl=1\",\"width\":1200,\"height\":675,\"caption\":\"Sharm El Naga Trip Hurghada\"},{\"@type\":\"BreadcrumbList\",\"@id\":\"https:\\\/\\\/landioustravel.com\\\/fr\\\/shop\\\/voyage-individuel-sharm-naga-hurghada\\\/#breadcrumb\",\"itemListElement\":[{\"@type\":\"ListItem\",\"position\":1,\"name\":\"Home\",\"item\":\"https:\\\/\\\/landioustravel.com\\\/fr\\\/\"},{\"@type\":\"ListItem\",\"position\":2,\"name\":\"Prestations &amp; Visites\",\"item\":\"https:\\\/\\\/landioustravel.com\\\/fr\\\/\"},{\"@type\":\"ListItem\",\"position\":3,\"name\":\"Voyage individuel \u00e0 Sharm El-Naga depuis Hurghada\"}]},{\"@type\":\"WebSite\",\"@id\":\"https:\\\/\\\/landioustravel.com\\\/fr\\\/#website\",\"url\":\"https:\\\/\\\/landioustravel.com\\\/fr\\\/\",\"name\":\"Landious Travel\",\"description\":\"Excursions, trips and cruises in Egypt\",\"publisher\":{\"@id\":\"https:\\\/\\\/landioustravel.com\\\/fr\\\/#organization\"},\"potentialAction\":[{\"@type\":\"SearchAction\",\"target\":{\"@type\":\"EntryPoint\",\"urlTemplate\":\"https:\\\/\\\/landioustravel.com\\\/fr\\\/?s={search_term_string}\"},\"query-input\":{\"@type\":\"PropertyValueSpecification\",\"valueRequired\":true,\"valueName\":\"search_term_string\"}}],\"inLanguage\":\"fr-FR\"},{\"@type\":[\"Organization\",\"Place\"],\"@id\":\"https:\\\/\\\/landioustravel.com\\\/fr\\\/#organization\",\"name\":\"Landious Travel\",\"alternateName\":\"Landious Travel\",\"url\":\"https:\\\/\\\/landioustravel.com\\\/fr\\\/\",\"logo\":{\"@id\":\"https:\\\/\\\/landioustravel.com\\\/fr\\\/shop\\\/voyage-individuel-sharm-naga-hurghada\\\/#local-main-organization-logo\"},\"image\":{\"@id\":\"https:\\\/\\\/landioustravel.com\\\/fr\\\/shop\\\/voyage-individuel-sharm-naga-hurghada\\\/#local-main-organization-logo\"},\"sameAs\":[\"https:\\\/\\\/web.facebook.com\\\/landiousEgypt\",\"https:\\\/\\\/x.com\\\/LandiousTours\",\"https:\\\/\\\/mastodon.social\\\/@landious\"],\"legalName\":\"Landious Travel\",\"telephone\":[],\"openingHoursSpecification\":[{\"@type\":\"OpeningHoursSpecification\",\"dayOfWeek\":[\"Monday\",\"Tuesday\",\"Wednesday\",\"Thursday\",\"Friday\",\"Saturday\",\"Sunday\"],\"opens\":\"09:00\",\"closes\":\"17:00\"}]},{\"@type\":\"ImageObject\",\"inLanguage\":\"fr-FR\",\"@id\":\"https:\\\/\\\/landioustravel.com\\\/fr\\\/shop\\\/voyage-individuel-sharm-naga-hurghada\\\/#local-main-organization-logo\",\"url\":\"https:\\\/\\\/i0.wp.com\\\/landioustravel.com\\\/wp-content\\\/uploads\\\/2021\\\/06\\\/Landious-T.png?fit=500%2C500&ssl=1\",\"contentUrl\":\"https:\\\/\\\/i0.wp.com\\\/landioustravel.com\\\/wp-content\\\/uploads\\\/2021\\\/06\\\/Landious-T.png?fit=500%2C500&ssl=1\",\"width\":500,\"height\":500,\"caption\":\"Landious Travel\"}]}<\/script>\n<!-- \/ Yoast SEO Premium plugin. -->","yoast_head_json":{"title":"Voyage individuel \u00e0 Sharm El-Naga depuis Hurghada","description":"Voyage individuel \u00e0 Sharm El-Naga depuis Hurghada Nous recommandons le voyage car il permet aux touristes de passer un bon moment \u00e0 la mer! Le voyage vous","robots":{"index":"index","follow":"follow","max-snippet":"max-snippet:-1","max-image-preview":"max-image-preview:large","max-video-preview":"max-video-preview:-1"},"canonical":"https:\/\/landioustravel.com\/fr\/shop\/voyage-individuel-sharm-naga-hurghada\/","og_locale":"fr_FR","og_type":"article","og_title":"Voyage individuel \u00e0 Sharm El-Naga depuis Hurghada","og_description":"Landious Travel","og_url":"https:\/\/landioustravel.com\/fr\/shop\/voyage-individuel-sharm-naga-hurghada\/","og_site_name":"Landious Travel","article_publisher":"https:\/\/web.facebook.com\/landiousEgypt","article_modified_time":"2025-12-09T17:17:58+00:00","og_image":[{"width":1200,"height":675,"url":"https:\/\/i0.wp.com\/landioustravel.com\/wp-content\/uploads\/2019\/06\/Sharm-El-Naga-Trip-Hurghada-e1669125539693.jpg?fit=1200%2C675&ssl=1","type":"image\/jpeg"}],"twitter_card":"summary_large_image","twitter_site":"@LandiousTours","twitter_misc":{"Dur\u00e9e de lecture estim\u00e9e":"2 minutes"},"schema":{"@context":"https:\/\/schema.org","@graph":[{"@type":"WebPage","@id":"https:\/\/landioustravel.com\/fr\/shop\/voyage-individuel-sharm-naga-hurghada\/","url":"https:\/\/landioustravel.com\/fr\/shop\/voyage-individuel-sharm-naga-hurghada\/","name":"Voyage individuel \u00e0 Sharm El-Naga depuis Hurghada","isPartOf":{"@id":"https:\/\/landioustravel.com\/fr\/#website"},"primaryImageOfPage":{"@id":"https:\/\/landioustravel.com\/fr\/shop\/voyage-individuel-sharm-naga-hurghada\/#primaryimage"},"image":{"@id":"https:\/\/landioustravel.com\/fr\/shop\/voyage-individuel-sharm-naga-hurghada\/#primaryimage"},"thumbnailUrl":"https:\/\/i0.wp.com\/landioustravel.com\/wp-content\/uploads\/2019\/06\/Sharm-El-Naga-Trip-Hurghada-e1669125539693.jpg?fit=1200%2C675&ssl=1","datePublished":"2019-06-09T02:02:13+00:00","dateModified":"2025-12-09T17:17:58+00:00","description":"Voyage individuel \u00e0 Sharm El-Naga depuis Hurghada Nous recommandons le voyage car il permet aux touristes de passer un bon moment \u00e0 la mer! Le voyage vous","breadcrumb":{"@id":"https:\/\/landioustravel.com\/fr\/shop\/voyage-individuel-sharm-naga-hurghada\/#breadcrumb"},"inLanguage":"fr-FR","potentialAction":[{"@type":"ReadAction","target":["https:\/\/landioustravel.com\/fr\/shop\/voyage-individuel-sharm-naga-hurghada\/"]}]},{"@type":"ImageObject","inLanguage":"fr-FR","@id":"https:\/\/landioustravel.com\/fr\/shop\/voyage-individuel-sharm-naga-hurghada\/#primaryimage","url":"https:\/\/i0.wp.com\/landioustravel.com\/wp-content\/uploads\/2019\/06\/Sharm-El-Naga-Trip-Hurghada-e1669125539693.jpg?fit=1200%2C675&ssl=1","contentUrl":"https:\/\/i0.wp.com\/landioustravel.com\/wp-content\/uploads\/2019\/06\/Sharm-El-Naga-Trip-Hurghada-e1669125539693.jpg?fit=1200%2C675&ssl=1","width":1200,"height":675,"caption":"Sharm El Naga Trip Hurghada"},{"@type":"BreadcrumbList","@id":"https:\/\/landioustravel.com\/fr\/shop\/voyage-individuel-sharm-naga-hurghada\/#breadcrumb","itemListElement":[{"@type":"ListItem","position":1,"name":"Home","item":"https:\/\/landioustravel.com\/fr\/"},{"@type":"ListItem","position":2,"name":"Prestations &amp; Visites","item":"https:\/\/landioustravel.com\/fr\/"},{"@type":"ListItem","position":3,"name":"Voyage individuel \u00e0 Sharm El-Naga depuis Hurghada"}]},{"@type":"WebSite","@id":"https:\/\/landioustravel.com\/fr\/#website","url":"https:\/\/landioustravel.com\/fr\/","name":"Landious Travel","description":"Excursions, trips and cruises in Egypt","publisher":{"@id":"https:\/\/landioustravel.com\/fr\/#organization"},"potentialAction":[{"@type":"SearchAction","target":{"@type":"EntryPoint","urlTemplate":"https:\/\/landioustravel.com\/fr\/?s={search_term_string}"},"query-input":{"@type":"PropertyValueSpecification","valueRequired":true,"valueName":"search_term_string"}}],"inLanguage":"fr-FR"},{"@type":["Organization","Place"],"@id":"https:\/\/landioustravel.com\/fr\/#organization","name":"Landious Travel","alternateName":"Landious Travel","url":"https:\/\/landioustravel.com\/fr\/","logo":{"@id":"https:\/\/landioustravel.com\/fr\/shop\/voyage-individuel-sharm-naga-hurghada\/#local-main-organization-logo"},"image":{"@id":"https:\/\/landioustravel.com\/fr\/shop\/voyage-individuel-sharm-naga-hurghada\/#local-main-organization-logo"},"sameAs":["https:\/\/web.facebook.com\/landiousEgypt","https:\/\/x.com\/LandiousTours","https:\/\/mastodon.social\/@landious"],"legalName":"Landious Travel","telephone":[],"openingHoursSpecification":[{"@type":"OpeningHoursSpecification","dayOfWeek":["Monday","Tuesday","Wednesday","Thursday","Friday","Saturday","Sunday"],"opens":"09:00","closes":"17:00"}]},{"@type":"ImageObject","inLanguage":"fr-FR","@id":"https:\/\/landioustravel.com\/fr\/shop\/voyage-individuel-sharm-naga-hurghada\/#local-main-organization-logo","url":"https:\/\/i0.wp.com\/landioustravel.com\/wp-content\/uploads\/2021\/06\/Landious-T.png?fit=500%2C500&ssl=1","contentUrl":"https:\/\/i0.wp.com\/landioustravel.com\/wp-content\/uploads\/2021\/06\/Landious-T.png?fit=500%2C500&ssl=1","width":500,"height":500,"caption":"Landious Travel"}]}},"jetpack_publicize_connections":[],"uagb_featured_image_src":{"full":["https:\/\/i0.wp.com\/landioustravel.com\/wp-content\/uploads\/2019\/06\/Sharm-El-Naga-Trip-Hurghada-e1669125539693.jpg?fit=1200%2C675&ssl=1",1200,675,false],"thumbnail":["https:\/\/i0.wp.com\/landioustravel.com\/wp-content\/uploads\/2019\/06\/Sharm-El-Naga-Trip-Hurghada-e1669125539693.jpg?resize=150%2C150&ssl=1",150,150,true],"medium":["https:\/\/i0.wp.com\/landioustravel.com\/wp-content\/uploads\/2019\/06\/Sharm-El-Naga-Trip-Hurghada-e1669125539693.jpg?fit=300%2C169&ssl=1",300,169,true],"medium_large":["https:\/\/i0.wp.com\/landioustravel.com\/wp-content\/uploads\/2019\/06\/Sharm-El-Naga-Trip-Hurghada-e1669125539693.jpg?fit=768%2C432&ssl=1",768,432,true],"large":["https:\/\/i0.wp.com\/landioustravel.com\/wp-content\/uploads\/2019\/06\/Sharm-El-Naga-Trip-Hurghada-e1669125539693.jpg?fit=980%2C551&ssl=1",980,551,true],"1536x1536":["https:\/\/i0.wp.com\/landioustravel.com\/wp-content\/uploads\/2019\/06\/Sharm-El-Naga-Trip-Hurghada-e1669125539693.jpg?fit=1200%2C675&ssl=1",1200,675,true],"2048x2048":["https:\/\/i0.wp.com\/landioustravel.com\/wp-content\/uploads\/2019\/06\/Sharm-El-Naga-Trip-Hurghada-e1669125539693.jpg?fit=1200%2C675&ssl=1",1200,675,true],"newspack-article-block-landscape-large":["https:\/\/i0.wp.com\/landioustravel.com\/wp-content\/uploads\/2019\/06\/Sharm-El-Naga-Trip-Hurghada-e1669125539693.jpg?resize=1200%2C675&ssl=1",1200,675,true],"newspack-article-block-portrait-large":["https:\/\/i0.wp.com\/landioustravel.com\/wp-content\/uploads\/2019\/06\/Sharm-El-Naga-Trip-Hurghada-e1669125539693.jpg?resize=900%2C675&ssl=1",900,675,true],"newspack-article-block-square-large":["https:\/\/i0.wp.com\/landioustravel.com\/wp-content\/uploads\/2019\/06\/Sharm-El-Naga-Trip-Hurghada-e1669125539693.jpg?resize=1200%2C675&ssl=1",1200,675,true],"newspack-article-block-landscape-medium":["https:\/\/i0.wp.com\/landioustravel.com\/wp-content\/uploads\/2019\/06\/Sharm-El-Naga-Trip-Hurghada-e1669125539693.jpg?resize=800%2C600&ssl=1",800,600,true],"newspack-article-block-portrait-medium":["https:\/\/i0.wp.com\/landioustravel.com\/wp-content\/uploads\/2019\/06\/Sharm-El-Naga-Trip-Hurghada-e1669125539693.jpg?resize=600%2C675&ssl=1",600,675,true],"newspack-article-block-square-medium":["https:\/\/i0.wp.com\/landioustravel.com\/wp-content\/uploads\/2019\/06\/Sharm-El-Naga-Trip-Hurghada-e1669125539693.jpg?resize=800%2C675&ssl=1",800,675,true],"newspack-article-block-landscape-intermediate":["https:\/\/i0.wp.com\/landioustravel.com\/wp-content\/uploads\/2019\/06\/Sharm-El-Naga-Trip-Hurghada-e1669125539693.jpg?resize=600%2C450&ssl=1",600,450,true],"newspack-article-block-portrait-intermediate":["https:\/\/i0.wp.com\/landioustravel.com\/wp-content\/uploads\/2019\/06\/Sharm-El-Naga-Trip-Hurghada-e1669125539693.jpg?resize=450%2C600&ssl=1",450,600,true],"newspack-article-block-square-intermediate":["https:\/\/i0.wp.com\/landioustravel.com\/wp-content\/uploads\/2019\/06\/Sharm-El-Naga-Trip-Hurghada-e1669125539693.jpg?resize=600%2C600&ssl=1",600,600,true],"newspack-article-block-landscape-small":["https:\/\/i0.wp.com\/landioustravel.com\/wp-content\/uploads\/2019\/06\/Sharm-El-Naga-Trip-Hurghada-e1669125539693.jpg?resize=400%2C300&ssl=1",400,300,true],"newspack-article-block-portrait-small":["https:\/\/i0.wp.com\/landioustravel.com\/wp-content\/uploads\/2019\/06\/Sharm-El-Naga-Trip-Hurghada-e1669125539693.jpg?resize=300%2C400&ssl=1",300,400,true],"newspack-article-block-square-small":["https:\/\/i0.wp.com\/landioustravel.com\/wp-content\/uploads\/2019\/06\/Sharm-El-Naga-Trip-Hurghada-e1669125539693.jpg?resize=400%2C400&ssl=1",400,400,true],"newspack-article-block-landscape-tiny":["https:\/\/i0.wp.com\/landioustravel.com\/wp-content\/uploads\/2019\/06\/Sharm-El-Naga-Trip-Hurghada-e1669125539693.jpg?resize=200%2C150&ssl=1",200,150,true],"newspack-article-block-portrait-tiny":["https:\/\/i0.wp.com\/landioustravel.com\/wp-content\/uploads\/2019\/06\/Sharm-El-Naga-Trip-Hurghada-e1669125539693.jpg?resize=150%2C200&ssl=1",150,200,true],"newspack-article-block-square-tiny":["https:\/\/i0.wp.com\/landioustravel.com\/wp-content\/uploads\/2019\/06\/Sharm-El-Naga-Trip-Hurghada-e1669125539693.jpg?resize=200%2C200&ssl=1",200,200,true],"newspack-article-block-uncropped":["https:\/\/i0.wp.com\/landioustravel.com\/wp-content\/uploads\/2019\/06\/Sharm-El-Naga-Trip-Hurghada-e1669125539693.jpg?fit=1200%2C675&ssl=1",1200,675,true],"woocommerce_thumbnail":["https:\/\/i0.wp.com\/landioustravel.com\/wp-content\/uploads\/2019\/06\/Sharm-El-Naga-Trip-Hurghada-e1669125539693.jpg?resize=324%2C324&ssl=1",324,324,true],"woocommerce_single":["https:\/\/i0.wp.com\/landioustravel.com\/wp-content\/uploads\/2019\/06\/Sharm-El-Naga-Trip-Hurghada-e1669125539693.jpg?fit=416%2C234&ssl=1",416,234,true],"woocommerce_gallery_thumbnail":["https:\/\/i0.wp.com\/landioustravel.com\/wp-content\/uploads\/2019\/06\/Sharm-El-Naga-Trip-Hurghada-e1669125539693.jpg?resize=100%2C100&ssl=1",100,100,true]},"uagb_author_info":{"display_name":"Mofreh Landious","author_link":"https:\/\/landioustravel.com\/fr\/author\/"},"uagb_comment_info":2,"uagb_excerpt":"Vous cherchez une escapade paisible et relaxante? Ne cherchez pas plus loin que la magnifique baie de Sharm El Naga, \u00e0 quelques minutes en voiture d'Hurghada. Notre excursion d'une journ\u00e9e compl\u00e8te de plong\u00e9e avec tuba offre l'\u00e9quilibre parfait entre aventure et d\u00e9tente. Passez cinq heures sur la magnifique plage de sable, profitez du soleil et&hellip;","jetpack_sharing_enabled":true,"jetpack_likes_enabled":true,"amp_enabled":true,"_links":{"self":[{"href":"https:\/\/landioustravel.com\/fr\/wp-json\/wp\/v2\/product\/8384","targetHints":{"allow":["GET"]}}],"collection":[{"href":"https:\/\/landioustravel.com\/fr\/wp-json\/wp\/v2\/product"}],"about":[{"href":"https:\/\/landioustravel.com\/fr\/wp-json\/wp\/v2\/types\/product"}],"replies":[{"embeddable":true,"href":"https:\/\/landioustravel.com\/fr\/wp-json\/wp\/v2\/comments?post=8384"}],"wp:featuredmedia":[{"embeddable":true,"href":"https:\/\/landioustravel.com\/fr\/wp-json\/wp\/v2\/media\/99062"}],"wp:attachment":[{"href":"https:\/\/landioustravel.com\/fr\/wp-json\/wp\/v2\/media?parent=8384"}],"wp:term":[{"taxonomy":"product_brand","embeddable":true,"href":"https:\/\/landioustravel.com\/fr\/wp-json\/wp\/v2\/product_brand?post=8384"},{"taxonomy":"product_cat","embeddable":true,"href":"https:\/\/landioustravel.com\/fr\/wp-json\/wp\/v2\/product_cat?post=8384"},{"taxonomy":"product_tag","embeddable":true,"href":"https:\/\/landioustravel.com\/fr\/wp-json\/wp\/v2\/product_tag?post=8384"}],"curies":[{"name":"wp","href":"https:\/\/api.w.org\/{rel}","templated":true}]}}