{"id":8738,"date":"2019-06-11T19:54:44","date_gmt":"2019-06-12T08:55:35","guid":{"rendered":"https:\/\/landioustravel.com\/?post_type=product&#038;p=8738"},"modified":"2024-05-10T18:34:56","modified_gmt":"2024-05-10T15:34:56","slug":"voyage-parachute-ascensionnel-hurghada","status":"publish","type":"product","link":"https:\/\/landioustravel.com\/fr\/shop\/voyage-parachute-ascensionnel-hurghada\/","title":{"rendered":"Voyage en parachute ascensionnel \u00e0 Hurghada"},"content":{"rendered":"<p>Un excitant voyage priv\u00e9 en parachute ascensionnel \u00e0 <a href=\"https:\/\/landioustravel.com\/fr\/ville-hurghada\/\">Hurghada<\/a>! Nous recommandons le voyage car il permet aux touristes de passer un bon moment \u00e0 la mer! Vous ferez l&#8217;exp\u00e9rience de l&#8217;un des sports nautiques les plus \u00e9tonnants: le parachute ascensionnel. Au cours de cette exp\u00e9rience, vous visiterez la ville de Hurghada en parachute. Vous allez tellement aimer la vue sur la mer Rouge et ses \u00eeles voisines. Ce parachute ascensionnel offre une vue unique \u00e0 360 degr\u00e9s sur la mer Rouge.<\/p>\n<h2>Les points forts du programme d&#8217;excursion sur le parachute ascensionnel<\/h2>\n<ul>\n<li>Briefing complet et formation sur le parachute ascensionnel<\/li>\n<li>Parachute ascensionnel \u00e0 une hauteur de 30 \u00e0 40 m\u00e8tres au dessus de la mer<\/li>\n<li>Une vue imprenable sur la pittoresque c\u00f4te de la mer Rouge<\/li>\n<\/ul>\n<h3>Le programme du voyage priv\u00e9 en parachute ascensionnel \u00e0 Hurghada<\/h3>\n<ul>\n<li>Nous venons vous chercher \u00e0 l&#8217;h\u00f4tel vers 11h00.<\/li>\n<li>Apr\u00e8s avoir ramass\u00e9 tous les arrivants, le bus se rend au port. Le trajet jusqu&#8217;au port prend environ 20 minutes<\/li>\n<li>Vous trouverez votre vedette rapide dans le port. Ce bateau rapide vous m\u00e8nera \u00e0 la base de sports nautiques.<\/li>\n<li>Apr\u00e8s avoir obtenu la base, vous commencez \u00e0 vous pr\u00e9parer pour un vol en parachute ascensionnel.<\/li>\n<li>Ce \u00abvoyage en parachute ascensionnel \u00e0 Hurghada\u00bb prend fin vers 13 heures.<\/li>\n<\/ul>\n<h4>Ce qui est inclus dans le prix du voyage<\/h4>\n<ul>\n<li>Transfert priv\u00e9 au port<br \/>\nAventure individuelle de parachute ascensionnel<br \/>\nBriefing complet sur la s\u00e9curit\u00e9 pour le parachute ascensionnel<br \/>\nCasiers gratuits<br \/>\nTransfert au port et retour \u00e0 l&#8217;h\u00f4tel<\/li>\n<\/ul>\n<h5>Ce qui n&#8217;est pas inclus dans le prix du tour<\/h5>\n<ul>\n<li>DVD vid\u00e9o<\/li>\n<li>CD photo<\/li>\n<\/ul>\n<h6>QUE FAIRE AVEC VOUS POUR LE VOYAGE<\/h6>\n<ul>\n<li>Serviette<\/li>\n<li>Cr\u00e8me solaire<\/li>\n<\/ul>\n<h6>ORGANISATION DES JOURS D&#8217;EXCURSION<\/h6>\n<ul>\n<li>Tous les jours de 11h00 \u00e0 13h00<\/li>\n<\/ul>\n","protected":false},"excerpt":{"rendered":"<p>\u00cates-vous pr\u00eat pour une exp\u00e9rience exaltante lors de votre voyage \u00e0 Hurghada ? Imaginez-vous planer dans les airs en parachute, en admirant la vue imprenable sur la mer et ses \u00eeles environnantes. Cette aventure de parachute ascensionnel est parfaite pour ceux qui recherchent une mont\u00e9e d&#8217;adr\u00e9naline tout en garantissant le respect des normes de s\u00e9curit\u00e9.<\/p>\n<p>Que vous soyez professionnel ou d\u00e9butant, seul ou en couple, cette sortie en parachute ascensionnel est adapt\u00e9e \u00e0 tous. C&#8217;est une excellente activit\u00e9 de divertissement pour les familles avec des enfants d\u00e8s l&#8217;\u00e2ge de trois ans, ainsi que pour les personnes \u00e2g\u00e9es \u00e0 la recherche d&#8217;un moyen de stimuler la circulation sanguine et de rel\u00e2cher les tensions du corps.<\/p>\n<p>Au cours de cette visite priv\u00e9e, nous assurerons le transport depuis et vers votre h\u00f4tel ou votre emplacement \u00e0 Hurghada. Une fois arriv\u00e9s \u00e0 la marina, nous prendrons un hors-bord jusqu&#8217;au milieu de la mer, o\u00f9 nous commencerons l&#8217;aventure du parachute ascensionnel. Vous volerez \u00e0 une hauteur de 50 m\u00e8tres pendant huit minutes, ce qui vous laissera amplement le temps d&#8217;admirer la vue imprenable sur les \u00eeles Giftoun et la marina d&#8217;Hurghada.<\/p>\n<p>Notre guide vous expliquera comment voler avec le parachute et vous aidera \u00e0 mettre votre \u00e9quipement de s\u00e9curit\u00e9, y compris un gilet de sauvetage. Vous \u00eates invit\u00e9s \u00e0 prendre des photos avec votre t\u00e9l\u00e9phone portable, ou notre photographe peut vous aider pendant que vous \u00eates sur le bateau.<\/p>\n<p>Nous comprenons que tout le monde a des horaires diff\u00e9rents, c&#8217;est pourquoi nous proposons une disponibilit\u00e9 flexible des visites. Vous pouvez choisir l&#8217;heure qui vous convient le mieux, que ce soit le matin ou l&#8217;apr\u00e8s-midi. Nous viendrons vous chercher \u00e0 votre h\u00f4tel \u00e0 Hurghada et vous d\u00e9poserons une fois la visite termin\u00e9e.<\/p>\n<p>Nous voulons que vous ayez la meilleure exp\u00e9rience possible pendant votre s\u00e9jour \u00e0 Hurghada. C&#8217;est pourquoi nous proposons cette aventure passionnante et romantique en parachute ascensionnel comme l&#8217;une des meilleures choses \u00e0 faire dans la r\u00e9gion. R\u00e9servez votre visite maintenant et pr\u00e9parez-vous pour une exp\u00e9rience inoubliable!<\/p>\n","protected":false},"featured_media":98972,"comment_status":"open","ping_status":"closed","template":"","meta":{"_coblocks_attr":"","_coblocks_dimensions":"","_coblocks_responsive_height":"","_coblocks_accordion_ie_support":"","_uag_custom_page_level_css":"","jetpack_post_was_ever_published":false,"jetpack_publicize_message":"","jetpack_publicize_feature_enabled":true,"jetpack_social_post_already_shared":true,"jetpack_social_options":{"image_generator_settings":{"template":"highway","default_image_id":0,"font":"","enabled":false},"version":2},"_wpas_customize_per_network":false},"product_brand":[],"product_cat":[1561],"product_tag":[1578,1580,9896,1779],"class_list":{"0":"post-8738","1":"product","2":"type-product","3":"status-publish","4":"has-post-thumbnail","6":"product_cat-excursions-divertissement-hurghada","7":"product_tag-excursion-fr","8":"product_tag-hurghada-fr","9":"product_tag-parachute-ascensionnel","10":"product_tag-mer","12":"first","13":"instock","14":"sale","15":"taxable","16":"shipping-taxable","17":"purchasable","18":"product-type-variable"},"yoast_head":"<!-- This site is optimized with the Yoast SEO Premium plugin v26.9 (Yoast SEO v27.3) - https:\/\/yoast.com\/product\/yoast-seo-premium-wordpress\/ -->\n<title>Voyage en parachute ascensionnel \u00e0 Hurghada<\/title>\n<meta name=\"description\" content=\"Voyage en parachute ascensionnel \u00e0 Hurghada Nous recommandons le voyage car il permet aux touristes de passer un bon moment \u00e0 la mer! Vous ferez\" \/>\n<meta name=\"robots\" content=\"index, follow, max-snippet:-1, max-image-preview:large, max-video-preview:-1\" \/>\n<link rel=\"canonical\" href=\"https:\/\/landioustravel.com\/fr\/shop\/voyage-parachute-ascensionnel-hurghada\/\" \/>\n<meta property=\"og:locale\" content=\"fr_FR\" \/>\n<meta property=\"og:type\" content=\"article\" \/>\n<meta property=\"og:title\" content=\"Voyage en parachute ascensionnel \u00e0 Hurghada\" \/>\n<meta property=\"og:description\" content=\"Landious Travel\" \/>\n<meta property=\"og:url\" content=\"https:\/\/landioustravel.com\/fr\/shop\/voyage-parachute-ascensionnel-hurghada\/\" \/>\n<meta property=\"og:site_name\" content=\"Landious Travel\" \/>\n<meta property=\"article:publisher\" content=\"https:\/\/web.facebook.com\/landiousEgypt\" \/>\n<meta property=\"article:modified_time\" content=\"2024-05-10T15:34:56+00:00\" \/>\n<meta property=\"og:image\" content=\"https:\/\/landioustravel.com\/wp-content\/uploads\/2019\/06\/Parasailing-in-Hurghada-e1669070143748.jpg\" \/>\n\t<meta property=\"og:image:width\" content=\"1201\" \/>\n\t<meta property=\"og:image:height\" content=\"675\" \/>\n\t<meta property=\"og:image:type\" content=\"image\/jpeg\" \/>\n<meta name=\"twitter:card\" content=\"summary_large_image\" \/>\n<meta name=\"twitter:site\" content=\"@LandiousTours\" \/>\n<meta name=\"twitter:label1\" content=\"Dur\u00e9e de lecture estim\u00e9e\" \/>\n\t<meta name=\"twitter:data1\" content=\"2 minutes\" \/>\n<script type=\"application\/ld+json\" class=\"yoast-schema-graph\">{\"@context\":\"https:\\\/\\\/schema.org\",\"@graph\":[{\"@type\":\"WebPage\",\"@id\":\"https:\\\/\\\/landioustravel.com\\\/fr\\\/shop\\\/voyage-parachute-ascensionnel-hurghada\\\/\",\"url\":\"https:\\\/\\\/landioustravel.com\\\/fr\\\/shop\\\/voyage-parachute-ascensionnel-hurghada\\\/\",\"name\":\"Voyage en parachute ascensionnel \u00e0 Hurghada\",\"isPartOf\":{\"@id\":\"https:\\\/\\\/landioustravel.com\\\/fr\\\/#website\"},\"primaryImageOfPage\":{\"@id\":\"https:\\\/\\\/landioustravel.com\\\/fr\\\/shop\\\/voyage-parachute-ascensionnel-hurghada\\\/#primaryimage\"},\"image\":{\"@id\":\"https:\\\/\\\/landioustravel.com\\\/fr\\\/shop\\\/voyage-parachute-ascensionnel-hurghada\\\/#primaryimage\"},\"thumbnailUrl\":\"https:\\\/\\\/i0.wp.com\\\/landioustravel.com\\\/wp-content\\\/uploads\\\/2019\\\/06\\\/Parasailing-in-Hurghada-e1669070143748.jpg?fit=1201%2C675&ssl=1\",\"datePublished\":\"2019-06-12T08:55:35+00:00\",\"dateModified\":\"2024-05-10T15:34:56+00:00\",\"description\":\"Voyage en parachute ascensionnel \u00e0 Hurghada Nous recommandons le voyage car il permet aux touristes de passer un bon moment \u00e0 la mer! Vous ferez\",\"breadcrumb\":{\"@id\":\"https:\\\/\\\/landioustravel.com\\\/fr\\\/shop\\\/voyage-parachute-ascensionnel-hurghada\\\/#breadcrumb\"},\"inLanguage\":\"fr-FR\",\"potentialAction\":[{\"@type\":\"ReadAction\",\"target\":[\"https:\\\/\\\/landioustravel.com\\\/fr\\\/shop\\\/voyage-parachute-ascensionnel-hurghada\\\/\"]}]},{\"@type\":\"ImageObject\",\"inLanguage\":\"fr-FR\",\"@id\":\"https:\\\/\\\/landioustravel.com\\\/fr\\\/shop\\\/voyage-parachute-ascensionnel-hurghada\\\/#primaryimage\",\"url\":\"https:\\\/\\\/i0.wp.com\\\/landioustravel.com\\\/wp-content\\\/uploads\\\/2019\\\/06\\\/Parasailing-in-Hurghada-e1669070143748.jpg?fit=1201%2C675&ssl=1\",\"contentUrl\":\"https:\\\/\\\/i0.wp.com\\\/landioustravel.com\\\/wp-content\\\/uploads\\\/2019\\\/06\\\/Parasailing-in-Hurghada-e1669070143748.jpg?fit=1201%2C675&ssl=1\",\"width\":1201,\"height\":675,\"caption\":\"Parasailing in Hurghada\"},{\"@type\":\"BreadcrumbList\",\"@id\":\"https:\\\/\\\/landioustravel.com\\\/fr\\\/shop\\\/voyage-parachute-ascensionnel-hurghada\\\/#breadcrumb\",\"itemListElement\":[{\"@type\":\"ListItem\",\"position\":1,\"name\":\"Home\",\"item\":\"https:\\\/\\\/landioustravel.com\\\/fr\\\/\"},{\"@type\":\"ListItem\",\"position\":2,\"name\":\"Prestations &amp; Visites\",\"item\":\"https:\\\/\\\/landioustravel.com\\\/fr\\\/\"},{\"@type\":\"ListItem\",\"position\":3,\"name\":\"Voyage en parachute ascensionnel \u00e0 Hurghada\"}]},{\"@type\":\"WebSite\",\"@id\":\"https:\\\/\\\/landioustravel.com\\\/fr\\\/#website\",\"url\":\"https:\\\/\\\/landioustravel.com\\\/fr\\\/\",\"name\":\"Landious Travel\",\"description\":\"Excursions, trips and cruises in Egypt\",\"publisher\":{\"@id\":\"https:\\\/\\\/landioustravel.com\\\/fr\\\/#organization\"},\"potentialAction\":[{\"@type\":\"SearchAction\",\"target\":{\"@type\":\"EntryPoint\",\"urlTemplate\":\"https:\\\/\\\/landioustravel.com\\\/fr\\\/?s={search_term_string}\"},\"query-input\":{\"@type\":\"PropertyValueSpecification\",\"valueRequired\":true,\"valueName\":\"search_term_string\"}}],\"inLanguage\":\"fr-FR\"},{\"@type\":[\"Organization\",\"Place\"],\"@id\":\"https:\\\/\\\/landioustravel.com\\\/fr\\\/#organization\",\"name\":\"Landious Travel\",\"alternateName\":\"Landious Travel\",\"url\":\"https:\\\/\\\/landioustravel.com\\\/fr\\\/\",\"logo\":{\"@id\":\"https:\\\/\\\/landioustravel.com\\\/fr\\\/shop\\\/voyage-parachute-ascensionnel-hurghada\\\/#local-main-organization-logo\"},\"image\":{\"@id\":\"https:\\\/\\\/landioustravel.com\\\/fr\\\/shop\\\/voyage-parachute-ascensionnel-hurghada\\\/#local-main-organization-logo\"},\"sameAs\":[\"https:\\\/\\\/web.facebook.com\\\/landiousEgypt\",\"https:\\\/\\\/x.com\\\/LandiousTours\",\"https:\\\/\\\/mastodon.social\\\/@landious\"],\"legalName\":\"Landious Travel\",\"telephone\":[],\"openingHoursSpecification\":[{\"@type\":\"OpeningHoursSpecification\",\"dayOfWeek\":[\"Monday\",\"Tuesday\",\"Wednesday\",\"Thursday\",\"Friday\",\"Saturday\",\"Sunday\"],\"opens\":\"09:00\",\"closes\":\"17:00\"}]},{\"@type\":\"ImageObject\",\"inLanguage\":\"fr-FR\",\"@id\":\"https:\\\/\\\/landioustravel.com\\\/fr\\\/shop\\\/voyage-parachute-ascensionnel-hurghada\\\/#local-main-organization-logo\",\"url\":\"https:\\\/\\\/i0.wp.com\\\/landioustravel.com\\\/wp-content\\\/uploads\\\/2021\\\/06\\\/Landious-T.png?fit=500%2C500&ssl=1\",\"contentUrl\":\"https:\\\/\\\/i0.wp.com\\\/landioustravel.com\\\/wp-content\\\/uploads\\\/2021\\\/06\\\/Landious-T.png?fit=500%2C500&ssl=1\",\"width\":500,\"height\":500,\"caption\":\"Landious Travel\"}]}<\/script>\n<!-- \/ Yoast SEO Premium plugin. -->","yoast_head_json":{"title":"Voyage en parachute ascensionnel \u00e0 Hurghada","description":"Voyage en parachute ascensionnel \u00e0 Hurghada Nous recommandons le voyage car il permet aux touristes de passer un bon moment \u00e0 la mer! Vous ferez","robots":{"index":"index","follow":"follow","max-snippet":"max-snippet:-1","max-image-preview":"max-image-preview:large","max-video-preview":"max-video-preview:-1"},"canonical":"https:\/\/landioustravel.com\/fr\/shop\/voyage-parachute-ascensionnel-hurghada\/","og_locale":"fr_FR","og_type":"article","og_title":"Voyage en parachute ascensionnel \u00e0 Hurghada","og_description":"Landious Travel","og_url":"https:\/\/landioustravel.com\/fr\/shop\/voyage-parachute-ascensionnel-hurghada\/","og_site_name":"Landious Travel","article_publisher":"https:\/\/web.facebook.com\/landiousEgypt","article_modified_time":"2024-05-10T15:34:56+00:00","og_image":[{"width":1201,"height":675,"url":"https:\/\/landioustravel.com\/wp-content\/uploads\/2019\/06\/Parasailing-in-Hurghada-e1669070143748.jpg","type":"image\/jpeg"}],"twitter_card":"summary_large_image","twitter_site":"@LandiousTours","twitter_misc":{"Dur\u00e9e de lecture estim\u00e9e":"2 minutes"},"schema":{"@context":"https:\/\/schema.org","@graph":[{"@type":"WebPage","@id":"https:\/\/landioustravel.com\/fr\/shop\/voyage-parachute-ascensionnel-hurghada\/","url":"https:\/\/landioustravel.com\/fr\/shop\/voyage-parachute-ascensionnel-hurghada\/","name":"Voyage en parachute ascensionnel \u00e0 Hurghada","isPartOf":{"@id":"https:\/\/landioustravel.com\/fr\/#website"},"primaryImageOfPage":{"@id":"https:\/\/landioustravel.com\/fr\/shop\/voyage-parachute-ascensionnel-hurghada\/#primaryimage"},"image":{"@id":"https:\/\/landioustravel.com\/fr\/shop\/voyage-parachute-ascensionnel-hurghada\/#primaryimage"},"thumbnailUrl":"https:\/\/i0.wp.com\/landioustravel.com\/wp-content\/uploads\/2019\/06\/Parasailing-in-Hurghada-e1669070143748.jpg?fit=1201%2C675&ssl=1","datePublished":"2019-06-12T08:55:35+00:00","dateModified":"2024-05-10T15:34:56+00:00","description":"Voyage en parachute ascensionnel \u00e0 Hurghada Nous recommandons le voyage car il permet aux touristes de passer un bon moment \u00e0 la mer! Vous ferez","breadcrumb":{"@id":"https:\/\/landioustravel.com\/fr\/shop\/voyage-parachute-ascensionnel-hurghada\/#breadcrumb"},"inLanguage":"fr-FR","potentialAction":[{"@type":"ReadAction","target":["https:\/\/landioustravel.com\/fr\/shop\/voyage-parachute-ascensionnel-hurghada\/"]}]},{"@type":"ImageObject","inLanguage":"fr-FR","@id":"https:\/\/landioustravel.com\/fr\/shop\/voyage-parachute-ascensionnel-hurghada\/#primaryimage","url":"https:\/\/i0.wp.com\/landioustravel.com\/wp-content\/uploads\/2019\/06\/Parasailing-in-Hurghada-e1669070143748.jpg?fit=1201%2C675&ssl=1","contentUrl":"https:\/\/i0.wp.com\/landioustravel.com\/wp-content\/uploads\/2019\/06\/Parasailing-in-Hurghada-e1669070143748.jpg?fit=1201%2C675&ssl=1","width":1201,"height":675,"caption":"Parasailing in Hurghada"},{"@type":"BreadcrumbList","@id":"https:\/\/landioustravel.com\/fr\/shop\/voyage-parachute-ascensionnel-hurghada\/#breadcrumb","itemListElement":[{"@type":"ListItem","position":1,"name":"Home","item":"https:\/\/landioustravel.com\/fr\/"},{"@type":"ListItem","position":2,"name":"Prestations &amp; Visites","item":"https:\/\/landioustravel.com\/fr\/"},{"@type":"ListItem","position":3,"name":"Voyage en parachute ascensionnel \u00e0 Hurghada"}]},{"@type":"WebSite","@id":"https:\/\/landioustravel.com\/fr\/#website","url":"https:\/\/landioustravel.com\/fr\/","name":"Landious Travel","description":"Excursions, trips and cruises in Egypt","publisher":{"@id":"https:\/\/landioustravel.com\/fr\/#organization"},"potentialAction":[{"@type":"SearchAction","target":{"@type":"EntryPoint","urlTemplate":"https:\/\/landioustravel.com\/fr\/?s={search_term_string}"},"query-input":{"@type":"PropertyValueSpecification","valueRequired":true,"valueName":"search_term_string"}}],"inLanguage":"fr-FR"},{"@type":["Organization","Place"],"@id":"https:\/\/landioustravel.com\/fr\/#organization","name":"Landious Travel","alternateName":"Landious Travel","url":"https:\/\/landioustravel.com\/fr\/","logo":{"@id":"https:\/\/landioustravel.com\/fr\/shop\/voyage-parachute-ascensionnel-hurghada\/#local-main-organization-logo"},"image":{"@id":"https:\/\/landioustravel.com\/fr\/shop\/voyage-parachute-ascensionnel-hurghada\/#local-main-organization-logo"},"sameAs":["https:\/\/web.facebook.com\/landiousEgypt","https:\/\/x.com\/LandiousTours","https:\/\/mastodon.social\/@landious"],"legalName":"Landious Travel","telephone":[],"openingHoursSpecification":[{"@type":"OpeningHoursSpecification","dayOfWeek":["Monday","Tuesday","Wednesday","Thursday","Friday","Saturday","Sunday"],"opens":"09:00","closes":"17:00"}]},{"@type":"ImageObject","inLanguage":"fr-FR","@id":"https:\/\/landioustravel.com\/fr\/shop\/voyage-parachute-ascensionnel-hurghada\/#local-main-organization-logo","url":"https:\/\/i0.wp.com\/landioustravel.com\/wp-content\/uploads\/2021\/06\/Landious-T.png?fit=500%2C500&ssl=1","contentUrl":"https:\/\/i0.wp.com\/landioustravel.com\/wp-content\/uploads\/2021\/06\/Landious-T.png?fit=500%2C500&ssl=1","width":500,"height":500,"caption":"Landious Travel"}]}},"jetpack_publicize_connections":[],"uagb_featured_image_src":{"full":["https:\/\/i0.wp.com\/landioustravel.com\/wp-content\/uploads\/2019\/06\/Parasailing-in-Hurghada-e1669070143748.jpg?fit=1201%2C675&ssl=1",1201,675,false],"thumbnail":["https:\/\/i0.wp.com\/landioustravel.com\/wp-content\/uploads\/2019\/06\/Parasailing-in-Hurghada-e1669070143748.jpg?resize=150%2C150&ssl=1",150,150,true],"medium":["https:\/\/i0.wp.com\/landioustravel.com\/wp-content\/uploads\/2019\/06\/Parasailing-in-Hurghada-e1669070143748.jpg?fit=300%2C169&ssl=1",300,169,true],"medium_large":["https:\/\/i0.wp.com\/landioustravel.com\/wp-content\/uploads\/2019\/06\/Parasailing-in-Hurghada-e1669070143748.jpg?fit=768%2C432&ssl=1",768,432,true],"large":["https:\/\/i0.wp.com\/landioustravel.com\/wp-content\/uploads\/2019\/06\/Parasailing-in-Hurghada-e1669070143748.jpg?fit=980%2C551&ssl=1",980,551,true],"1536x1536":["https:\/\/i0.wp.com\/landioustravel.com\/wp-content\/uploads\/2019\/06\/Parasailing-in-Hurghada-e1669070143748.jpg?fit=1201%2C675&ssl=1",1201,675,true],"2048x2048":["https:\/\/i0.wp.com\/landioustravel.com\/wp-content\/uploads\/2019\/06\/Parasailing-in-Hurghada-e1669070143748.jpg?fit=1201%2C675&ssl=1",1201,675,true],"newspack-article-block-landscape-large":["https:\/\/i0.wp.com\/landioustravel.com\/wp-content\/uploads\/2019\/06\/Parasailing-in-Hurghada-e1669070143748.jpg?resize=1200%2C674&ssl=1",1200,674,true],"newspack-article-block-portrait-large":["https:\/\/i0.wp.com\/landioustravel.com\/wp-content\/uploads\/2019\/06\/Parasailing-in-Hurghada-e1669070143748.jpg?resize=900%2C675&ssl=1",900,675,true],"newspack-article-block-square-large":["https:\/\/i0.wp.com\/landioustravel.com\/wp-content\/uploads\/2019\/06\/Parasailing-in-Hurghada-e1669070143748.jpg?resize=1200%2C674&ssl=1",1200,674,true],"newspack-article-block-landscape-medium":["https:\/\/i0.wp.com\/landioustravel.com\/wp-content\/uploads\/2019\/06\/Parasailing-in-Hurghada-e1669070143748.jpg?resize=800%2C600&ssl=1",800,600,true],"newspack-article-block-portrait-medium":["https:\/\/i0.wp.com\/landioustravel.com\/wp-content\/uploads\/2019\/06\/Parasailing-in-Hurghada-e1669070143748.jpg?resize=600%2C675&ssl=1",600,675,true],"newspack-article-block-square-medium":["https:\/\/i0.wp.com\/landioustravel.com\/wp-content\/uploads\/2019\/06\/Parasailing-in-Hurghada-e1669070143748.jpg?resize=800%2C675&ssl=1",800,675,true],"newspack-article-block-landscape-intermediate":["https:\/\/i0.wp.com\/landioustravel.com\/wp-content\/uploads\/2019\/06\/Parasailing-in-Hurghada-e1669070143748.jpg?resize=600%2C450&ssl=1",600,450,true],"newspack-article-block-portrait-intermediate":["https:\/\/i0.wp.com\/landioustravel.com\/wp-content\/uploads\/2019\/06\/Parasailing-in-Hurghada-e1669070143748.jpg?resize=450%2C600&ssl=1",450,600,true],"newspack-article-block-square-intermediate":["https:\/\/i0.wp.com\/landioustravel.com\/wp-content\/uploads\/2019\/06\/Parasailing-in-Hurghada-e1669070143748.jpg?resize=600%2C600&ssl=1",600,600,true],"newspack-article-block-landscape-small":["https:\/\/i0.wp.com\/landioustravel.com\/wp-content\/uploads\/2019\/06\/Parasailing-in-Hurghada-e1669070143748.jpg?resize=400%2C300&ssl=1",400,300,true],"newspack-article-block-portrait-small":["https:\/\/i0.wp.com\/landioustravel.com\/wp-content\/uploads\/2019\/06\/Parasailing-in-Hurghada-e1669070143748.jpg?resize=300%2C400&ssl=1",300,400,true],"newspack-article-block-square-small":["https:\/\/i0.wp.com\/landioustravel.com\/wp-content\/uploads\/2019\/06\/Parasailing-in-Hurghada-e1669070143748.jpg?resize=400%2C400&ssl=1",400,400,true],"newspack-article-block-landscape-tiny":["https:\/\/i0.wp.com\/landioustravel.com\/wp-content\/uploads\/2019\/06\/Parasailing-in-Hurghada-e1669070143748.jpg?resize=200%2C150&ssl=1",200,150,true],"newspack-article-block-portrait-tiny":["https:\/\/i0.wp.com\/landioustravel.com\/wp-content\/uploads\/2019\/06\/Parasailing-in-Hurghada-e1669070143748.jpg?resize=150%2C200&ssl=1",150,200,true],"newspack-article-block-square-tiny":["https:\/\/i0.wp.com\/landioustravel.com\/wp-content\/uploads\/2019\/06\/Parasailing-in-Hurghada-e1669070143748.jpg?resize=200%2C200&ssl=1",200,200,true],"newspack-article-block-uncropped":["https:\/\/i0.wp.com\/landioustravel.com\/wp-content\/uploads\/2019\/06\/Parasailing-in-Hurghada-e1669070143748.jpg?fit=1200%2C674&ssl=1",1200,674,true],"woocommerce_thumbnail":["https:\/\/i0.wp.com\/landioustravel.com\/wp-content\/uploads\/2019\/06\/Parasailing-in-Hurghada-e1669070143748.jpg?resize=324%2C324&ssl=1",324,324,true],"woocommerce_single":["https:\/\/i0.wp.com\/landioustravel.com\/wp-content\/uploads\/2019\/06\/Parasailing-in-Hurghada-e1669070143748.jpg?fit=416%2C234&ssl=1",416,234,true],"woocommerce_gallery_thumbnail":["https:\/\/i0.wp.com\/landioustravel.com\/wp-content\/uploads\/2019\/06\/Parasailing-in-Hurghada-e1669070143748.jpg?resize=100%2C100&ssl=1",100,100,true]},"uagb_author_info":{"display_name":"Mofreh Landious","author_link":"https:\/\/landioustravel.com\/fr\/author\/"},"uagb_comment_info":4,"uagb_excerpt":"\u00cates-vous pr\u00eat pour une exp\u00e9rience exaltante lors de votre voyage \u00e0 Hurghada ? Imaginez-vous planer dans les airs en parachute, en admirant la vue imprenable sur la mer et ses \u00eeles environnantes. Cette aventure de parachute ascensionnel est parfaite pour ceux qui recherchent une mont\u00e9e d'adr\u00e9naline tout en garantissant le respect des normes de s\u00e9curit\u00e9.&hellip;","jetpack_sharing_enabled":true,"jetpack_likes_enabled":true,"amp_enabled":true,"_links":{"self":[{"href":"https:\/\/landioustravel.com\/fr\/wp-json\/wp\/v2\/product\/8738","targetHints":{"allow":["GET"]}}],"collection":[{"href":"https:\/\/landioustravel.com\/fr\/wp-json\/wp\/v2\/product"}],"about":[{"href":"https:\/\/landioustravel.com\/fr\/wp-json\/wp\/v2\/types\/product"}],"replies":[{"embeddable":true,"href":"https:\/\/landioustravel.com\/fr\/wp-json\/wp\/v2\/comments?post=8738"}],"wp:featuredmedia":[{"embeddable":true,"href":"https:\/\/landioustravel.com\/fr\/wp-json\/wp\/v2\/media\/98972"}],"wp:attachment":[{"href":"https:\/\/landioustravel.com\/fr\/wp-json\/wp\/v2\/media?parent=8738"}],"wp:term":[{"taxonomy":"product_brand","embeddable":true,"href":"https:\/\/landioustravel.com\/fr\/wp-json\/wp\/v2\/product_brand?post=8738"},{"taxonomy":"product_cat","embeddable":true,"href":"https:\/\/landioustravel.com\/fr\/wp-json\/wp\/v2\/product_cat?post=8738"},{"taxonomy":"product_tag","embeddable":true,"href":"https:\/\/landioustravel.com\/fr\/wp-json\/wp\/v2\/product_tag?post=8738"}],"curies":[{"name":"wp","href":"https:\/\/api.w.org\/{rel}","templated":true}]}}