{"id":8760,"date":"2019-06-11T03:10:44","date_gmt":"2019-06-12T11:43:47","guid":{"rendered":"https:\/\/landioustravel.com\/?post_type=product&#038;p=8760"},"modified":"2024-09-26T01:39:23","modified_gmt":"2024-09-25T22:39:23","slug":"voyage-monastere-antoine-hurghada","status":"publish","type":"product","link":"https:\/\/landioustravel.com\/fr\/shop\/voyage-monastere-antoine-hurghada\/","title":{"rendered":"Voyage au monast\u00e8re de Saint-Antoine depuis Hurghada"},"content":{"rendered":"<p>Un voyage spirituel individuel au monast\u00e8re de Saint-Antoine depuis <a href=\"https:\/\/landioustravel.com\/fr\/ville-hurghada\/\">Hurghada<\/a>! Nous recommandons ce voyage car il permet aux touristes de voir les sites chr\u00e9tiens les plus anciens construits pendant l\u2019\u00c9gypte chr\u00e9tienne et d\u2019en apprendre davantage sur <a href=\"https:\/\/landioustravel.com\/fr\/egypte\/histoire-egypte\/\">l\u2019histoire du pays<\/a>.<\/p>\n<h2>Points principaux du programme individuel au monast\u00e8re de Saint-Antoine<\/h2>\n<ul>\n<li>Visite au monast\u00e8re de Saint Antoine<\/li>\n<li>Le d\u00e9jeuner<\/li>\n<li>Visite au monast\u00e8re Saint-Paul<\/li>\n<\/ul>\n<h3>Programme du voyage aux monast\u00e8res de Saint Antoine et Saint Paul d&#8217;Hurghada<\/h3>\n<ul>\n<li>Nous venons vous chercher \u00e0 l&#8217;h\u00f4tel vers 03h00 du matin.<\/li>\n<li>Apr\u00e8s vous \u00eatre pris en charge, votre v\u00e9hicule priv\u00e9 (limousine ou minibus) partira pour le monast\u00e8re de Saint-Antoine. Sur votre chemin, vous passez la ville de Ras Ghareb, Zafarana, Ain Sokhna et; enfin, vous arrivez \u00e0 Zafaarana. Toutes ces villes sont au nord de Hurghada, sur la c\u00f4te de la mer Rouge. La route, du centre d\u2019Hurghada au monast\u00e8re de Saint-Antoine, dure environ 4 heures.<\/li>\n<\/ul>\n<h4>Programme au monast\u00e8re de Saint-Antoine<\/h4>\n<ul>\n<li>D\u00e8s votre arriv\u00e9e au monast\u00e8re de Saint-Antoine, votre guide vous accompagnera dans une visite de ce lieu sacr\u00e9. L&#8217;immense monast\u00e8re de Saint-Antoine est entour\u00e9 d&#8217;un immense mur dans lequel vivent des moines et un abb\u00e9. Il y a plus de 1 600 ans, Anthony ermite vivait ici dans une grotte sur une montagne de 680 m\u00e8tres d&#8217;altitude. Un escalier d&#8217;environ 1000 marches m\u00e8ne \u00e0 la grotte. \u00c0 voir absolument dans le complexe: les ruelles, les chapelles et les jardins.<\/li>\n<li>Apr\u00e8s avoir visit\u00e9 le monast\u00e8re de Saint-Antoine \u00e0 Zafaarana, vous pourrez prendre votre d\u00e9jeuner.<br \/>\nEnsuite, vous revenez vers le monast\u00e8re de Saint-Paul. Il vous faudra environ 40 minutes pour y arriver.<\/li>\n<\/ul>\n<h4>Programme au monast\u00e8re Saint-Paul<\/h4>\n<ul>\n<li>Le voyage continue au monast\u00e8re de Saint-Paul. Bien que ce monast\u00e8re soit plus petit que celui de Saint-Antoine, on y trouve quelques tr\u00e9sors: des autels, des ic\u00f4nes, un ancien pressoir \u00e0 olives, une vieille poulie et un cercueil &#8211; ce qui serait le reste de saint Paul .<\/li>\n<li>Enfin, vous partez pour Hurghada apr\u00e8s un tel programme dans les monast\u00e8res sacr\u00e9s coptes de Saint Antoine et Saint Paul.<\/li>\n<li>Ce \u00abvoyage au monast\u00e8re de Saint-Antoine d\u2019Hurghada\u00bb prend fin vers 17 heures.<\/li>\n<\/ul>\n<h4>Ce qui est inclus dans le prix du voyage<\/h4>\n<ul>\n<li>V\u00e9hicule priv\u00e9 climatis\u00e9<\/li>\n<li>Le d\u00e9jeuner<\/li>\n<li>Boissons<\/li>\n<li>Guide priv\u00e9<\/li>\n<\/ul>\n<h5>Ce qui n&#8217;est pas inclus dans le prix du tour<\/h5>\n<ul>\n<li>Programmes suppl\u00e9mentaires si non inclus dans le programme ci-dessus<br \/>\nBoissons au restaurant<\/li>\n<\/ul>\n<h6>QUE FAIRE AVEC VOUS POUR LE VOYAGE<\/h6>\n<ul>\n<li>Petit d\u00e9jeuner<\/li>\n<li>V\u00eatements pour la saison<\/li>\n<\/ul>\n<h6>ORGANISATION DES JOURS D&#8217;EXCURSION<\/h6>\n<ul>\n<li>Tous les jours de 03h00 \u00e0 17h00<\/li>\n<\/ul>\n","protected":false},"excerpt":{"rendered":"<p>D\u00e9couvrez la riche histoire de l&#8217;\u00c9gypte en visitant le monast\u00e8re de Saint-Antoine, le plus ancien monast\u00e8re copte du pays. Notre \u00e9quipe s&#8217;occupera de tout, y compris les transferts et le d\u00e9jeuner, afin que vous puissiez vous concentrer sur votre immersion dans la culture et la spiritualit\u00e9 de ce lieu sacr\u00e9. Apr\u00e8s avoir explor\u00e9 Saint-Antoine, nous nous dirigerons vers le tout aussi fascinant monast\u00e8re de Saint-Paul, connu sous le nom de &#8220;monast\u00e8re du tigre&#8221; pour son emplacement isol\u00e9 dans la nature. Les deux monast\u00e8res datent du 4\u00e8me si\u00e8cle apr\u00e8s JC et sont consid\u00e9r\u00e9s comme des lieux saints au sein de l&#8217;\u00c9glise copte. Notre guide anglophone vous accompagnera tout au long de la visite, vous donnant un aper\u00e7u et r\u00e9pondant \u00e0 toutes vos questions. Nous comprenons l&#8217;importance des exp\u00e9riences religieuses et culturelles, et nous sommes honor\u00e9s de vous aider \u00e0 faire de cette visite un moment inoubliable. Laissez-nous prendre soin de vous du d\u00e9but \u00e0 la fin et nous veillerons \u00e0 ce que vous reveniez \u00e0 votre h\u00f4tel avec une nouvelle appr\u00e9ciation de l&#8217;histoire et de la beaut\u00e9 de l&#8217;\u00c9gypte.<\/p>\n","protected":false},"featured_media":45972,"comment_status":"open","ping_status":"closed","template":"","meta":{"_coblocks_attr":"","_coblocks_dimensions":"","_coblocks_responsive_height":"","_coblocks_accordion_ie_support":"","_uag_custom_page_level_css":"","jetpack_publicize_message":"","jetpack_publicize_feature_enabled":true,"jetpack_social_post_already_shared":true,"jetpack_social_options":{"image_generator_settings":{"template":"highway","default_image_id":0,"font":"","enabled":false},"version":2},"_wpas_customize_per_network":false},"product_brand":[],"product_cat":[1563,8562],"product_tag":[1578,2142,1580,9905],"class_list":{"0":"post-8760","1":"product","2":"type-product","3":"status-publish","4":"has-post-thumbnail","6":"product_cat-excursions-historiques-hurghada","7":"product_cat-excursions-individuelles-hurghada","8":"product_tag-excursion-fr","9":"product_tag-excursions-depuis-hurghada","10":"product_tag-hurghada-fr","11":"product_tag-tourisme","13":"first","14":"instock","15":"sale","16":"taxable","17":"shipping-taxable","18":"purchasable","19":"product-type-variable"},"yoast_head":"<!-- This site is optimized with the Yoast SEO Premium plugin v26.9 (Yoast SEO v27.5) - https:\/\/yoast.com\/product\/yoast-seo-premium-wordpress\/ -->\n<title>Voyage au monast\u00e8re de Saint-Antoine depuis Hurghada<\/title>\n<meta name=\"description\" content=\"Voyage au monast\u00e8re de Saint-Antoine depuis Hurghada Nous recommandons ce voyage car il permet aux touristes de voir les sites chr\u00e9tiens les plus anciens\" \/>\n<meta name=\"robots\" content=\"index, follow, max-snippet:-1, max-image-preview:large, max-video-preview:-1\" \/>\n<link rel=\"canonical\" href=\"https:\/\/landioustravel.com\/fr\/shop\/voyage-monastere-antoine-hurghada\/\" \/>\n<meta property=\"og:locale\" content=\"fr_FR\" \/>\n<meta property=\"og:type\" content=\"article\" \/>\n<meta property=\"og:title\" content=\"Voyage au monast\u00e8re de Saint-Antoine depuis Hurghada\" \/>\n<meta property=\"og:description\" content=\"Landious Travel\" \/>\n<meta property=\"og:url\" content=\"https:\/\/landioustravel.com\/fr\/shop\/voyage-monastere-antoine-hurghada\/\" \/>\n<meta property=\"og:site_name\" content=\"Landious Travel\" \/>\n<meta property=\"article:publisher\" content=\"https:\/\/web.facebook.com\/landiousEgypt\" \/>\n<meta property=\"article:modified_time\" content=\"2024-09-25T22:39:23+00:00\" \/>\n<meta property=\"og:image\" content=\"https:\/\/i0.wp.com\/landioustravel.com\/wp-content\/uploads\/2019\/06\/monastery_st_antony-1-e1617630564956.jpg?fit=1200%2C675&ssl=1\" \/>\n\t<meta property=\"og:image:width\" content=\"1200\" \/>\n\t<meta property=\"og:image:height\" content=\"675\" \/>\n\t<meta property=\"og:image:type\" content=\"image\/jpeg\" \/>\n<meta name=\"twitter:card\" content=\"summary_large_image\" \/>\n<meta name=\"twitter:site\" content=\"@LandiousTours\" \/>\n<meta name=\"twitter:label1\" content=\"Dur\u00e9e de lecture estim\u00e9e\" \/>\n\t<meta name=\"twitter:data1\" content=\"2 minutes\" \/>\n<script type=\"application\/ld+json\" class=\"yoast-schema-graph\">{\"@context\":\"https:\\\/\\\/schema.org\",\"@graph\":[{\"@type\":\"WebPage\",\"@id\":\"https:\\\/\\\/landioustravel.com\\\/fr\\\/shop\\\/voyage-monastere-antoine-hurghada\\\/\",\"url\":\"https:\\\/\\\/landioustravel.com\\\/fr\\\/shop\\\/voyage-monastere-antoine-hurghada\\\/\",\"name\":\"Voyage au monast\u00e8re de Saint-Antoine depuis Hurghada\",\"isPartOf\":{\"@id\":\"https:\\\/\\\/landioustravel.com\\\/fr\\\/#website\"},\"primaryImageOfPage\":{\"@id\":\"https:\\\/\\\/landioustravel.com\\\/fr\\\/shop\\\/voyage-monastere-antoine-hurghada\\\/#primaryimage\"},\"image\":{\"@id\":\"https:\\\/\\\/landioustravel.com\\\/fr\\\/shop\\\/voyage-monastere-antoine-hurghada\\\/#primaryimage\"},\"thumbnailUrl\":\"https:\\\/\\\/i0.wp.com\\\/landioustravel.com\\\/wp-content\\\/uploads\\\/2019\\\/06\\\/monastery_st_antony-1-e1617630564956.jpg?fit=1200%2C675&ssl=1\",\"datePublished\":\"2019-06-12T11:43:47+00:00\",\"dateModified\":\"2024-09-25T22:39:23+00:00\",\"description\":\"Voyage au monast\u00e8re de Saint-Antoine depuis Hurghada Nous recommandons ce voyage car il permet aux touristes de voir les sites chr\u00e9tiens les plus anciens\",\"breadcrumb\":{\"@id\":\"https:\\\/\\\/landioustravel.com\\\/fr\\\/shop\\\/voyage-monastere-antoine-hurghada\\\/#breadcrumb\"},\"inLanguage\":\"fr-FR\",\"potentialAction\":[{\"@type\":\"ReadAction\",\"target\":[\"https:\\\/\\\/landioustravel.com\\\/fr\\\/shop\\\/voyage-monastere-antoine-hurghada\\\/\"]}]},{\"@type\":\"ImageObject\",\"inLanguage\":\"fr-FR\",\"@id\":\"https:\\\/\\\/landioustravel.com\\\/fr\\\/shop\\\/voyage-monastere-antoine-hurghada\\\/#primaryimage\",\"url\":\"https:\\\/\\\/i0.wp.com\\\/landioustravel.com\\\/wp-content\\\/uploads\\\/2019\\\/06\\\/monastery_st_antony-1-e1617630564956.jpg?fit=1200%2C675&ssl=1\",\"contentUrl\":\"https:\\\/\\\/i0.wp.com\\\/landioustravel.com\\\/wp-content\\\/uploads\\\/2019\\\/06\\\/monastery_st_antony-1-e1617630564956.jpg?fit=1200%2C675&ssl=1\",\"width\":1200,\"height\":675,\"caption\":\"Monastery of Saint Anthony Trip Hurghada\"},{\"@type\":\"BreadcrumbList\",\"@id\":\"https:\\\/\\\/landioustravel.com\\\/fr\\\/shop\\\/voyage-monastere-antoine-hurghada\\\/#breadcrumb\",\"itemListElement\":[{\"@type\":\"ListItem\",\"position\":1,\"name\":\"Home\",\"item\":\"https:\\\/\\\/landioustravel.com\\\/fr\\\/\"},{\"@type\":\"ListItem\",\"position\":2,\"name\":\"Prestations &amp; Visites\",\"item\":\"https:\\\/\\\/landioustravel.com\\\/fr\\\/\"},{\"@type\":\"ListItem\",\"position\":3,\"name\":\"Voyage au monast\u00e8re de Saint-Antoine depuis Hurghada\"}]},{\"@type\":\"WebSite\",\"@id\":\"https:\\\/\\\/landioustravel.com\\\/fr\\\/#website\",\"url\":\"https:\\\/\\\/landioustravel.com\\\/fr\\\/\",\"name\":\"Landious Travel\",\"description\":\"Excursions, trips and cruises in Egypt\",\"publisher\":{\"@id\":\"https:\\\/\\\/landioustravel.com\\\/fr\\\/#organization\"},\"potentialAction\":[{\"@type\":\"SearchAction\",\"target\":{\"@type\":\"EntryPoint\",\"urlTemplate\":\"https:\\\/\\\/landioustravel.com\\\/fr\\\/?s={search_term_string}\"},\"query-input\":{\"@type\":\"PropertyValueSpecification\",\"valueRequired\":true,\"valueName\":\"search_term_string\"}}],\"inLanguage\":\"fr-FR\"},{\"@type\":[\"Organization\",\"Place\"],\"@id\":\"https:\\\/\\\/landioustravel.com\\\/fr\\\/#organization\",\"name\":\"Landious Travel\",\"alternateName\":\"Landious Travel\",\"url\":\"https:\\\/\\\/landioustravel.com\\\/fr\\\/\",\"logo\":{\"@id\":\"https:\\\/\\\/landioustravel.com\\\/fr\\\/shop\\\/voyage-monastere-antoine-hurghada\\\/#local-main-organization-logo\"},\"image\":{\"@id\":\"https:\\\/\\\/landioustravel.com\\\/fr\\\/shop\\\/voyage-monastere-antoine-hurghada\\\/#local-main-organization-logo\"},\"sameAs\":[\"https:\\\/\\\/web.facebook.com\\\/landiousEgypt\",\"https:\\\/\\\/x.com\\\/LandiousTours\",\"https:\\\/\\\/mastodon.social\\\/@landious\"],\"legalName\":\"Landious Travel\",\"telephone\":[],\"openingHoursSpecification\":[{\"@type\":\"OpeningHoursSpecification\",\"dayOfWeek\":[\"Monday\",\"Tuesday\",\"Wednesday\",\"Thursday\",\"Friday\",\"Saturday\",\"Sunday\"],\"opens\":\"09:00\",\"closes\":\"17:00\"}]},{\"@type\":\"ImageObject\",\"inLanguage\":\"fr-FR\",\"@id\":\"https:\\\/\\\/landioustravel.com\\\/fr\\\/shop\\\/voyage-monastere-antoine-hurghada\\\/#local-main-organization-logo\",\"url\":\"https:\\\/\\\/i0.wp.com\\\/landioustravel.com\\\/wp-content\\\/uploads\\\/2021\\\/06\\\/Landious-T.png?fit=500%2C500&ssl=1\",\"contentUrl\":\"https:\\\/\\\/i0.wp.com\\\/landioustravel.com\\\/wp-content\\\/uploads\\\/2021\\\/06\\\/Landious-T.png?fit=500%2C500&ssl=1\",\"width\":500,\"height\":500,\"caption\":\"Landious Travel\"}]}<\/script>\n<!-- \/ Yoast SEO Premium plugin. -->","yoast_head_json":{"title":"Voyage au monast\u00e8re de Saint-Antoine depuis Hurghada","description":"Voyage au monast\u00e8re de Saint-Antoine depuis Hurghada Nous recommandons ce voyage car il permet aux touristes de voir les sites chr\u00e9tiens les plus anciens","robots":{"index":"index","follow":"follow","max-snippet":"max-snippet:-1","max-image-preview":"max-image-preview:large","max-video-preview":"max-video-preview:-1"},"canonical":"https:\/\/landioustravel.com\/fr\/shop\/voyage-monastere-antoine-hurghada\/","og_locale":"fr_FR","og_type":"article","og_title":"Voyage au monast\u00e8re de Saint-Antoine depuis Hurghada","og_description":"Landious Travel","og_url":"https:\/\/landioustravel.com\/fr\/shop\/voyage-monastere-antoine-hurghada\/","og_site_name":"Landious Travel","article_publisher":"https:\/\/web.facebook.com\/landiousEgypt","article_modified_time":"2024-09-25T22:39:23+00:00","og_image":[{"width":1200,"height":675,"url":"https:\/\/i0.wp.com\/landioustravel.com\/wp-content\/uploads\/2019\/06\/monastery_st_antony-1-e1617630564956.jpg?fit=1200%2C675&ssl=1","type":"image\/jpeg"}],"twitter_card":"summary_large_image","twitter_site":"@LandiousTours","twitter_misc":{"Dur\u00e9e de lecture estim\u00e9e":"2 minutes"},"schema":{"@context":"https:\/\/schema.org","@graph":[{"@type":"WebPage","@id":"https:\/\/landioustravel.com\/fr\/shop\/voyage-monastere-antoine-hurghada\/","url":"https:\/\/landioustravel.com\/fr\/shop\/voyage-monastere-antoine-hurghada\/","name":"Voyage au monast\u00e8re de Saint-Antoine depuis Hurghada","isPartOf":{"@id":"https:\/\/landioustravel.com\/fr\/#website"},"primaryImageOfPage":{"@id":"https:\/\/landioustravel.com\/fr\/shop\/voyage-monastere-antoine-hurghada\/#primaryimage"},"image":{"@id":"https:\/\/landioustravel.com\/fr\/shop\/voyage-monastere-antoine-hurghada\/#primaryimage"},"thumbnailUrl":"https:\/\/i0.wp.com\/landioustravel.com\/wp-content\/uploads\/2019\/06\/monastery_st_antony-1-e1617630564956.jpg?fit=1200%2C675&ssl=1","datePublished":"2019-06-12T11:43:47+00:00","dateModified":"2024-09-25T22:39:23+00:00","description":"Voyage au monast\u00e8re de Saint-Antoine depuis Hurghada Nous recommandons ce voyage car il permet aux touristes de voir les sites chr\u00e9tiens les plus anciens","breadcrumb":{"@id":"https:\/\/landioustravel.com\/fr\/shop\/voyage-monastere-antoine-hurghada\/#breadcrumb"},"inLanguage":"fr-FR","potentialAction":[{"@type":"ReadAction","target":["https:\/\/landioustravel.com\/fr\/shop\/voyage-monastere-antoine-hurghada\/"]}]},{"@type":"ImageObject","inLanguage":"fr-FR","@id":"https:\/\/landioustravel.com\/fr\/shop\/voyage-monastere-antoine-hurghada\/#primaryimage","url":"https:\/\/i0.wp.com\/landioustravel.com\/wp-content\/uploads\/2019\/06\/monastery_st_antony-1-e1617630564956.jpg?fit=1200%2C675&ssl=1","contentUrl":"https:\/\/i0.wp.com\/landioustravel.com\/wp-content\/uploads\/2019\/06\/monastery_st_antony-1-e1617630564956.jpg?fit=1200%2C675&ssl=1","width":1200,"height":675,"caption":"Monastery of Saint Anthony Trip Hurghada"},{"@type":"BreadcrumbList","@id":"https:\/\/landioustravel.com\/fr\/shop\/voyage-monastere-antoine-hurghada\/#breadcrumb","itemListElement":[{"@type":"ListItem","position":1,"name":"Home","item":"https:\/\/landioustravel.com\/fr\/"},{"@type":"ListItem","position":2,"name":"Prestations &amp; Visites","item":"https:\/\/landioustravel.com\/fr\/"},{"@type":"ListItem","position":3,"name":"Voyage au monast\u00e8re de Saint-Antoine depuis Hurghada"}]},{"@type":"WebSite","@id":"https:\/\/landioustravel.com\/fr\/#website","url":"https:\/\/landioustravel.com\/fr\/","name":"Landious Travel","description":"Excursions, trips and cruises in Egypt","publisher":{"@id":"https:\/\/landioustravel.com\/fr\/#organization"},"potentialAction":[{"@type":"SearchAction","target":{"@type":"EntryPoint","urlTemplate":"https:\/\/landioustravel.com\/fr\/?s={search_term_string}"},"query-input":{"@type":"PropertyValueSpecification","valueRequired":true,"valueName":"search_term_string"}}],"inLanguage":"fr-FR"},{"@type":["Organization","Place"],"@id":"https:\/\/landioustravel.com\/fr\/#organization","name":"Landious Travel","alternateName":"Landious Travel","url":"https:\/\/landioustravel.com\/fr\/","logo":{"@id":"https:\/\/landioustravel.com\/fr\/shop\/voyage-monastere-antoine-hurghada\/#local-main-organization-logo"},"image":{"@id":"https:\/\/landioustravel.com\/fr\/shop\/voyage-monastere-antoine-hurghada\/#local-main-organization-logo"},"sameAs":["https:\/\/web.facebook.com\/landiousEgypt","https:\/\/x.com\/LandiousTours","https:\/\/mastodon.social\/@landious"],"legalName":"Landious Travel","telephone":[],"openingHoursSpecification":[{"@type":"OpeningHoursSpecification","dayOfWeek":["Monday","Tuesday","Wednesday","Thursday","Friday","Saturday","Sunday"],"opens":"09:00","closes":"17:00"}]},{"@type":"ImageObject","inLanguage":"fr-FR","@id":"https:\/\/landioustravel.com\/fr\/shop\/voyage-monastere-antoine-hurghada\/#local-main-organization-logo","url":"https:\/\/i0.wp.com\/landioustravel.com\/wp-content\/uploads\/2021\/06\/Landious-T.png?fit=500%2C500&ssl=1","contentUrl":"https:\/\/i0.wp.com\/landioustravel.com\/wp-content\/uploads\/2021\/06\/Landious-T.png?fit=500%2C500&ssl=1","width":500,"height":500,"caption":"Landious Travel"}]}},"jetpack_publicize_connections":[],"uagb_featured_image_src":{"full":["https:\/\/i0.wp.com\/landioustravel.com\/wp-content\/uploads\/2019\/06\/monastery_st_antony-1-e1617630564956.jpg?fit=1200%2C675&ssl=1",1200,675,false],"thumbnail":["https:\/\/i0.wp.com\/landioustravel.com\/wp-content\/uploads\/2019\/06\/monastery_st_antony-1-e1617630564956.jpg?resize=150%2C150&ssl=1",150,150,true],"medium":["https:\/\/i0.wp.com\/landioustravel.com\/wp-content\/uploads\/2019\/06\/monastery_st_antony-1-e1617630564956.jpg?fit=300%2C169&ssl=1",300,169,true],"medium_large":["https:\/\/i0.wp.com\/landioustravel.com\/wp-content\/uploads\/2019\/06\/monastery_st_antony-1-e1617630564956.jpg?fit=768%2C432&ssl=1",768,432,true],"large":["https:\/\/i0.wp.com\/landioustravel.com\/wp-content\/uploads\/2019\/06\/monastery_st_antony-1-e1617630564956.jpg?fit=980%2C551&ssl=1",980,551,true],"1536x1536":["https:\/\/i0.wp.com\/landioustravel.com\/wp-content\/uploads\/2019\/06\/monastery_st_antony-1-e1617630564956.jpg?fit=1536%2C864&ssl=1",1536,864,true],"2048x2048":["https:\/\/i0.wp.com\/landioustravel.com\/wp-content\/uploads\/2019\/06\/monastery_st_antony-1-e1617630564956.jpg?fit=1200%2C675&ssl=1",1200,675,true],"newspack-article-block-landscape-large":["https:\/\/i0.wp.com\/landioustravel.com\/wp-content\/uploads\/2019\/06\/monastery_st_antony-1-e1617630564956.jpg?resize=1200%2C675&ssl=1",1200,900,true],"newspack-article-block-portrait-large":["https:\/\/i0.wp.com\/landioustravel.com\/wp-content\/uploads\/2019\/06\/monastery_st_antony-1-e1617630564956.jpg?resize=900%2C675&ssl=1",900,1152,true],"newspack-article-block-square-large":["https:\/\/i0.wp.com\/landioustravel.com\/wp-content\/uploads\/2019\/06\/monastery_st_antony-1-e1617630564956.jpg?resize=1200%2C675&ssl=1",1200,1152,true],"newspack-article-block-landscape-medium":["https:\/\/i0.wp.com\/landioustravel.com\/wp-content\/uploads\/2019\/06\/monastery_st_antony-1-e1617630564956.jpg?resize=800%2C600&ssl=1",800,600,true],"newspack-article-block-portrait-medium":["https:\/\/i0.wp.com\/landioustravel.com\/wp-content\/uploads\/2019\/06\/monastery_st_antony-1-e1617630564956.jpg?resize=600%2C675&ssl=1",600,800,true],"newspack-article-block-square-medium":["https:\/\/i0.wp.com\/landioustravel.com\/wp-content\/uploads\/2019\/06\/monastery_st_antony-1-e1617630564956.jpg?resize=800%2C675&ssl=1",800,800,true],"newspack-article-block-landscape-intermediate":["https:\/\/i0.wp.com\/landioustravel.com\/wp-content\/uploads\/2019\/06\/monastery_st_antony-1-e1617630564956.jpg?resize=600%2C450&ssl=1",600,450,true],"newspack-article-block-portrait-intermediate":["https:\/\/i0.wp.com\/landioustravel.com\/wp-content\/uploads\/2019\/06\/monastery_st_antony-1-e1617630564956.jpg?resize=450%2C600&ssl=1",450,600,true],"newspack-article-block-square-intermediate":["https:\/\/i0.wp.com\/landioustravel.com\/wp-content\/uploads\/2019\/06\/monastery_st_antony-1-e1617630564956.jpg?resize=600%2C600&ssl=1",600,600,true],"newspack-article-block-landscape-small":["https:\/\/i0.wp.com\/landioustravel.com\/wp-content\/uploads\/2019\/06\/monastery_st_antony-1-e1617630564956.jpg?resize=400%2C300&ssl=1",400,300,true],"newspack-article-block-portrait-small":["https:\/\/i0.wp.com\/landioustravel.com\/wp-content\/uploads\/2019\/06\/monastery_st_antony-1-e1617630564956.jpg?resize=300%2C400&ssl=1",300,400,true],"newspack-article-block-square-small":["https:\/\/i0.wp.com\/landioustravel.com\/wp-content\/uploads\/2019\/06\/monastery_st_antony-1-e1617630564956.jpg?resize=400%2C400&ssl=1",400,400,true],"newspack-article-block-landscape-tiny":["https:\/\/i0.wp.com\/landioustravel.com\/wp-content\/uploads\/2019\/06\/monastery_st_antony-1-e1617630564956.jpg?resize=200%2C150&ssl=1",200,150,true],"newspack-article-block-portrait-tiny":["https:\/\/i0.wp.com\/landioustravel.com\/wp-content\/uploads\/2019\/06\/monastery_st_antony-1-e1617630564956.jpg?resize=150%2C200&ssl=1",150,200,true],"newspack-article-block-square-tiny":["https:\/\/i0.wp.com\/landioustravel.com\/wp-content\/uploads\/2019\/06\/monastery_st_antony-1-e1617630564956.jpg?resize=200%2C200&ssl=1",200,200,true],"newspack-article-block-uncropped":["https:\/\/i0.wp.com\/landioustravel.com\/wp-content\/uploads\/2019\/06\/monastery_st_antony-1-e1617630564956.jpg?fit=1200%2C675&ssl=1",1200,675,true],"woocommerce_thumbnail":["https:\/\/i0.wp.com\/landioustravel.com\/wp-content\/uploads\/2019\/06\/monastery_st_antony-1-e1617630564956.jpg?resize=324%2C324&ssl=1",324,324,true],"woocommerce_single":["https:\/\/i0.wp.com\/landioustravel.com\/wp-content\/uploads\/2019\/06\/monastery_st_antony-1-e1617630564956.jpg?fit=416%2C234&ssl=1",416,234,true],"woocommerce_gallery_thumbnail":["https:\/\/i0.wp.com\/landioustravel.com\/wp-content\/uploads\/2019\/06\/monastery_st_antony-1-e1617630564956.jpg?resize=100%2C100&ssl=1",100,100,true]},"uagb_author_info":{"display_name":"Mofreh Landious","author_link":"https:\/\/landioustravel.com\/fr\/author\/"},"uagb_comment_info":4,"uagb_excerpt":"D\u00e9couvrez la riche histoire de l'\u00c9gypte en visitant le monast\u00e8re de Saint-Antoine, le plus ancien monast\u00e8re copte du pays. Notre \u00e9quipe s'occupera de tout, y compris les transferts et le d\u00e9jeuner, afin que vous puissiez vous concentrer sur votre immersion dans la culture et la spiritualit\u00e9 de ce lieu sacr\u00e9. Apr\u00e8s avoir explor\u00e9 Saint-Antoine, nous&hellip;","jetpack_sharing_enabled":true,"jetpack_likes_enabled":true,"amp_enabled":true,"_links":{"self":[{"href":"https:\/\/landioustravel.com\/fr\/wp-json\/wp\/v2\/product\/8760","targetHints":{"allow":["GET"]}}],"collection":[{"href":"https:\/\/landioustravel.com\/fr\/wp-json\/wp\/v2\/product"}],"about":[{"href":"https:\/\/landioustravel.com\/fr\/wp-json\/wp\/v2\/types\/product"}],"replies":[{"embeddable":true,"href":"https:\/\/landioustravel.com\/fr\/wp-json\/wp\/v2\/comments?post=8760"}],"wp:featuredmedia":[{"embeddable":true,"href":"https:\/\/landioustravel.com\/fr\/wp-json\/wp\/v2\/media\/45972"}],"wp:attachment":[{"href":"https:\/\/landioustravel.com\/fr\/wp-json\/wp\/v2\/media?parent=8760"}],"wp:term":[{"taxonomy":"product_brand","embeddable":true,"href":"https:\/\/landioustravel.com\/fr\/wp-json\/wp\/v2\/product_brand?post=8760"},{"taxonomy":"product_cat","embeddable":true,"href":"https:\/\/landioustravel.com\/fr\/wp-json\/wp\/v2\/product_cat?post=8760"},{"taxonomy":"product_tag","embeddable":true,"href":"https:\/\/landioustravel.com\/fr\/wp-json\/wp\/v2\/product_tag?post=8760"}],"curies":[{"name":"wp","href":"https:\/\/api.w.org\/{rel}","templated":true}]}}