{"id":9383,"date":"2019-06-22T05:49:01","date_gmt":"2019-06-22T22:03:51","guid":{"rendered":"https:\/\/landioustravel.com\/?post_type=product&#038;p=9383"},"modified":"2026-04-27T20:13:31","modified_gmt":"2026-04-27T17:13:31","slug":"excursion-demi-journee-complexe-pyramidal-gizeh","status":"publish","type":"product","link":"https:\/\/landioustravel.com\/fr\/shop\/excursion-demi-journee-complexe-pyramidal-gizeh\/","title":{"rendered":"Demi-journ\u00e9e au complexe pyramidal de Gizeh"},"content":{"rendered":"<p>Une merveilleuse excursion d&#8217;une demi-journ\u00e9e au complexe pyramidal de Gizeh! Nous recommandons cette excursion d\u2019une demi-journ\u00e9e car elle permet aux touristes de voir les sites les plus impressionnants construits au cours de <a href=\"https:\/\/landioustravel.com\/fr\/egypte\/histoire-egypte\/histoire-ancienne\/\">l\u2019\u00c9gypte ancienne<\/a> et des pyramides \u00e9gyptiennes. En outre, cela permet d\u2019en apprendre davantage sur <a href=\"https:\/\/landioustravel.com\/fr\/egypte\/histoire-egypte\/\">l\u2019histoire du pays<\/a>.<\/p>\n<h2>Points principaux du programme individuel \u00e0 Gizeh<\/h2>\n<ul>\n<li>Visitez les trois pyramides de Gizeh<\/li>\n<li>Et le grand sphinx dans le complexe pyramidal<\/li>\n<\/ul>\n<h3>Programme de l&#8217;excursion au complexe pyramidal de Gizeh<\/h3>\n<ul>\n<li>Nous venons vous chercher \u00e0 votre h\u00f4tel (au <a href=\"https:\/\/landioustravel.com\/fr\/egypte\/villes-egyptiennes\/gouvernorat-caire\/\">Caire<\/a> et \u00e0 Giza) vers 8h00 du matin.<\/li>\n<li>Apr\u00e8s vous \u00eatre pris en charge, votre v\u00e9hicule priv\u00e9 (limousine ou minibus) part pour Gizeh. Le trajet du centre du Caire \u00e0 Gizeh dure environ une heure.<\/li>\n<\/ul>\n<h4>Programme \u00e0 Gizeh<\/h4>\n<ul>\n<li>D\u00e8s que vous arrivez \u00e0 Gizeh, vous vous dirigez vers le complexe pyramidal, o\u00f9 se trouvent trois grandes pyramides et le Sphinx. Votre guide les montre et donne du temps libre pour prendre une photo<br \/>\nVous rentrez dans vos h\u00f4tels apr\u00e8s un tel programme dans la merveilleuse ville de Gizeh.<br \/>\nCette \u00abExcursion d&#8217;une demi-journ\u00e9e au complexe pyramidal de Gizeh\u00bb se termine vers 12h00.<\/li>\n<\/ul>\n<h4>Ce qui est inclus dans le prix du voyage<\/h4>\n<ul>\n<li>Billets pour visiter les temples<br \/>\nBoissons<br \/>\nGuide priv\u00e9<br \/>\nV\u00e9hicule priv\u00e9 climatis\u00e9<\/li>\n<\/ul>\n<h5>Ce qui n&#8217;est pas inclus dans le prix du tour<\/h5>\n<p>Programmes suppl\u00e9mentaires si non inclus dans le programme ci-dessus<\/p>\n<h6>QUE FAIRE AVEC VOUS POUR LE VOYAGE<\/h6>\n<p>Des lunettes de soleil<br \/>\nV\u00eatements pour la saison<\/p>\n<h6>ORGANISATION DES JOURS D&#8217;EXCURSION<\/h6>\n<p>Tous les jours de 08h00 \u00e0 midi<\/p>\n","protected":false},"excerpt":{"rendered":"<p>Nous comprenons que visiter le complexe des pyramides de Gizeh est une exp\u00e9rience unique pour de nombreuses personnes. C&#8217;est pourquoi nous proposons une excursion d&#8217;une demi-journ\u00e9e qui vous emm\u00e8nera voir les trois incroyables pyramides, le temple de la vall\u00e9e (\u00e9galement connu sous le nom de temple de la momification) et le grand sphinx dans le complexe pyramidal. Le prix du voyage comprend le transport, les billets d&#8217;entr\u00e9e et les conseils de nos guides touristiques comp\u00e9tents.<\/p>\n<p>Au cours de la visite, vous aurez l&#8217;occasion d&#8217;explorer les principales attractions du complexe de la pyramide de Gizeh. Vous serez conduit sur le site historique via un v\u00e9hicule confortable et notre guide \u00e9gyptologue vous accompagnera \u00e0 chaque \u00e9tape. En admirant les pyramides de Cheops, Chephren et Mykerinus, notre guide partagera des informations fascinantes sur la riche histoire et la culture de ces anciennes structures.<\/p>\n<p>Nous vous emm\u00e8nerons \u00e9galement visiter le temple de la vall\u00e9e de la pyramide de Chephren, o\u00f9 vous d\u00e9couvrirez le r\u00f4le important qu&#8217;il a jou\u00e9 dans le processus de purification de la momie. Et, bien s\u00fbr, aucun voyage au complexe de la pyramide de Gizeh ne serait complet sans une visite \u00e0 l&#8217;impressionnant Grand Sphinx de Gizeh, sculpt\u00e9 dans le calcaire et impr\u00e9gn\u00e9 de mythologie.<\/p>\n<p>Apr\u00e8s la visite, nous vous ram\u00e8nerons en toute s\u00e9curit\u00e9 \u00e0 votre h\u00f4tel. Nous esp\u00e9rons que cette visite sera une exp\u00e9rience vraiment inoubliable pour vous, et nous sommes impatients de vous aider \u00e0 tirer le meilleur parti de votre visite sur ce site incroyable.<\/p>\n","protected":false},"featured_media":128619,"comment_status":"open","ping_status":"closed","template":"","meta":{"_coblocks_attr":"","_coblocks_dimensions":"","_coblocks_responsive_height":"","_coblocks_accordion_ie_support":"","_uag_custom_page_level_css":"","jetpack_publicize_message":"","jetpack_publicize_feature_enabled":true,"jetpack_social_post_already_shared":true,"jetpack_social_options":{"image_generator_settings":{"template":"highway","default_image_id":0,"font":"","enabled":false},"version":2},"_wpas_customize_per_network":false},"product_brand":[],"product_cat":[9849],"product_tag":[1578,1572,1649,1650,9905],"class_list":{"0":"post-9383","1":"product","2":"type-product","3":"status-publish","4":"has-post-thumbnail","6":"product_cat-excursions-caire","7":"product_tag-excursion-fr","8":"product_tag-caire","9":"product_tag-pyramides","10":"product_tag-sphinx-fr","11":"product_tag-tourisme","13":"first","14":"instock","15":"sale","16":"taxable","17":"shipping-taxable","18":"purchasable","19":"product-type-variable"},"yoast_head":"<!-- This site is optimized with the Yoast SEO Premium plugin v26.9 (Yoast SEO v27.5) - https:\/\/yoast.com\/product\/yoast-seo-premium-wordpress\/ -->\n<title>Demi-journ\u00e9e au complexe pyramidal de Gizeh<\/title>\n<meta name=\"description\" content=\"Une merveilleuse excursion d&#039;une demi-journ\u00e9e au complexe pyramidal de Gizeh! Le voyage se dirige vers les pyramides, le sphinx et le temple de la vall\u00e9e.\" \/>\n<meta name=\"robots\" content=\"index, follow, max-snippet:-1, max-image-preview:large, max-video-preview:-1\" \/>\n<link rel=\"canonical\" href=\"https:\/\/landioustravel.com\/fr\/shop\/excursion-demi-journee-complexe-pyramidal-gizeh\/\" \/>\n<meta property=\"og:locale\" content=\"fr_FR\" \/>\n<meta property=\"og:type\" content=\"article\" \/>\n<meta property=\"og:title\" content=\"Demi-journ\u00e9e au complexe pyramidal de Gizeh\" \/>\n<meta property=\"og:description\" content=\"Landious Travel\" \/>\n<meta property=\"og:url\" content=\"https:\/\/landioustravel.com\/fr\/shop\/excursion-demi-journee-complexe-pyramidal-gizeh\/\" \/>\n<meta property=\"og:site_name\" content=\"Landious Travel\" \/>\n<meta property=\"article:publisher\" content=\"https:\/\/web.facebook.com\/landiousEgypt\" \/>\n<meta property=\"article:modified_time\" content=\"2026-04-27T17:13:31+00:00\" \/>\n<meta property=\"og:image\" content=\"https:\/\/i0.wp.com\/landioustravel.com\/wp-content\/uploads\/2019\/06\/Giza-Pyramid-Complex-Trip-1-e1668979516849.jpg?fit=1199%2C676&ssl=1\" \/>\n\t<meta property=\"og:image:width\" content=\"1199\" \/>\n\t<meta property=\"og:image:height\" content=\"676\" \/>\n\t<meta property=\"og:image:type\" content=\"image\/jpeg\" \/>\n<meta name=\"twitter:card\" content=\"summary_large_image\" \/>\n<meta name=\"twitter:site\" content=\"@LandiousTours\" \/>\n<meta name=\"twitter:label1\" content=\"Dur\u00e9e de lecture estim\u00e9e\" \/>\n\t<meta name=\"twitter:data1\" content=\"2 minutes\" \/>\n<script type=\"application\/ld+json\" class=\"yoast-schema-graph\">{\"@context\":\"https:\\\/\\\/schema.org\",\"@graph\":[{\"@type\":\"WebPage\",\"@id\":\"https:\\\/\\\/landioustravel.com\\\/fr\\\/shop\\\/excursion-demi-journee-complexe-pyramidal-gizeh\\\/\",\"url\":\"https:\\\/\\\/landioustravel.com\\\/fr\\\/shop\\\/excursion-demi-journee-complexe-pyramidal-gizeh\\\/\",\"name\":\"Demi-journ\u00e9e au complexe pyramidal de Gizeh\",\"isPartOf\":{\"@id\":\"https:\\\/\\\/landioustravel.com\\\/fr\\\/#website\"},\"primaryImageOfPage\":{\"@id\":\"https:\\\/\\\/landioustravel.com\\\/fr\\\/shop\\\/excursion-demi-journee-complexe-pyramidal-gizeh\\\/#primaryimage\"},\"image\":{\"@id\":\"https:\\\/\\\/landioustravel.com\\\/fr\\\/shop\\\/excursion-demi-journee-complexe-pyramidal-gizeh\\\/#primaryimage\"},\"thumbnailUrl\":\"https:\\\/\\\/i0.wp.com\\\/landioustravel.com\\\/wp-content\\\/uploads\\\/2019\\\/06\\\/Giza-Pyramid-Complex-Trip-1-e1668979516849.jpg?fit=1199%2C676&ssl=1\",\"datePublished\":\"2019-06-22T22:03:51+00:00\",\"dateModified\":\"2026-04-27T17:13:31+00:00\",\"description\":\"Une merveilleuse excursion d'une demi-journ\u00e9e au complexe pyramidal de Gizeh! Le voyage se dirige vers les pyramides, le sphinx et le temple de la vall\u00e9e.\",\"breadcrumb\":{\"@id\":\"https:\\\/\\\/landioustravel.com\\\/fr\\\/shop\\\/excursion-demi-journee-complexe-pyramidal-gizeh\\\/#breadcrumb\"},\"inLanguage\":\"fr-FR\",\"potentialAction\":[{\"@type\":\"ReadAction\",\"target\":[\"https:\\\/\\\/landioustravel.com\\\/fr\\\/shop\\\/excursion-demi-journee-complexe-pyramidal-gizeh\\\/\"]}]},{\"@type\":\"ImageObject\",\"inLanguage\":\"fr-FR\",\"@id\":\"https:\\\/\\\/landioustravel.com\\\/fr\\\/shop\\\/excursion-demi-journee-complexe-pyramidal-gizeh\\\/#primaryimage\",\"url\":\"https:\\\/\\\/i0.wp.com\\\/landioustravel.com\\\/wp-content\\\/uploads\\\/2019\\\/06\\\/Giza-Pyramid-Complex-Trip-1-e1668979516849.jpg?fit=1199%2C676&ssl=1\",\"contentUrl\":\"https:\\\/\\\/i0.wp.com\\\/landioustravel.com\\\/wp-content\\\/uploads\\\/2019\\\/06\\\/Giza-Pyramid-Complex-Trip-1-e1668979516849.jpg?fit=1199%2C676&ssl=1\",\"width\":1199,\"height\":676,\"caption\":\"Giza Pyramid Complex Trip\"},{\"@type\":\"BreadcrumbList\",\"@id\":\"https:\\\/\\\/landioustravel.com\\\/fr\\\/shop\\\/excursion-demi-journee-complexe-pyramidal-gizeh\\\/#breadcrumb\",\"itemListElement\":[{\"@type\":\"ListItem\",\"position\":1,\"name\":\"Home\",\"item\":\"https:\\\/\\\/landioustravel.com\\\/fr\\\/\"},{\"@type\":\"ListItem\",\"position\":2,\"name\":\"Prestations &amp; Visites\",\"item\":\"https:\\\/\\\/landioustravel.com\\\/fr\\\/\"},{\"@type\":\"ListItem\",\"position\":3,\"name\":\"Demi-journ\u00e9e au complexe pyramidal de Gizeh\"}]},{\"@type\":\"WebSite\",\"@id\":\"https:\\\/\\\/landioustravel.com\\\/fr\\\/#website\",\"url\":\"https:\\\/\\\/landioustravel.com\\\/fr\\\/\",\"name\":\"Landious Travel\",\"description\":\"Excursions, trips and cruises in Egypt\",\"publisher\":{\"@id\":\"https:\\\/\\\/landioustravel.com\\\/fr\\\/#organization\"},\"potentialAction\":[{\"@type\":\"SearchAction\",\"target\":{\"@type\":\"EntryPoint\",\"urlTemplate\":\"https:\\\/\\\/landioustravel.com\\\/fr\\\/?s={search_term_string}\"},\"query-input\":{\"@type\":\"PropertyValueSpecification\",\"valueRequired\":true,\"valueName\":\"search_term_string\"}}],\"inLanguage\":\"fr-FR\"},{\"@type\":[\"Organization\",\"Place\"],\"@id\":\"https:\\\/\\\/landioustravel.com\\\/fr\\\/#organization\",\"name\":\"Landious Travel\",\"alternateName\":\"Landious Travel\",\"url\":\"https:\\\/\\\/landioustravel.com\\\/fr\\\/\",\"logo\":{\"@id\":\"https:\\\/\\\/landioustravel.com\\\/fr\\\/shop\\\/excursion-demi-journee-complexe-pyramidal-gizeh\\\/#local-main-organization-logo\"},\"image\":{\"@id\":\"https:\\\/\\\/landioustravel.com\\\/fr\\\/shop\\\/excursion-demi-journee-complexe-pyramidal-gizeh\\\/#local-main-organization-logo\"},\"sameAs\":[\"https:\\\/\\\/web.facebook.com\\\/landiousEgypt\",\"https:\\\/\\\/x.com\\\/LandiousTours\",\"https:\\\/\\\/mastodon.social\\\/@landious\"],\"legalName\":\"Landious Travel\",\"telephone\":[],\"openingHoursSpecification\":[{\"@type\":\"OpeningHoursSpecification\",\"dayOfWeek\":[\"Monday\",\"Tuesday\",\"Wednesday\",\"Thursday\",\"Friday\",\"Saturday\",\"Sunday\"],\"opens\":\"09:00\",\"closes\":\"17:00\"}]},{\"@type\":\"ImageObject\",\"inLanguage\":\"fr-FR\",\"@id\":\"https:\\\/\\\/landioustravel.com\\\/fr\\\/shop\\\/excursion-demi-journee-complexe-pyramidal-gizeh\\\/#local-main-organization-logo\",\"url\":\"https:\\\/\\\/i0.wp.com\\\/landioustravel.com\\\/wp-content\\\/uploads\\\/2021\\\/06\\\/Landious-T.png?fit=500%2C500&ssl=1\",\"contentUrl\":\"https:\\\/\\\/i0.wp.com\\\/landioustravel.com\\\/wp-content\\\/uploads\\\/2021\\\/06\\\/Landious-T.png?fit=500%2C500&ssl=1\",\"width\":500,\"height\":500,\"caption\":\"Landious Travel\"}]}<\/script>\n<!-- \/ Yoast SEO Premium plugin. -->","yoast_head_json":{"title":"Demi-journ\u00e9e au complexe pyramidal de Gizeh","description":"Une merveilleuse excursion d'une demi-journ\u00e9e au complexe pyramidal de Gizeh! Le voyage se dirige vers les pyramides, le sphinx et le temple de la vall\u00e9e.","robots":{"index":"index","follow":"follow","max-snippet":"max-snippet:-1","max-image-preview":"max-image-preview:large","max-video-preview":"max-video-preview:-1"},"canonical":"https:\/\/landioustravel.com\/fr\/shop\/excursion-demi-journee-complexe-pyramidal-gizeh\/","og_locale":"fr_FR","og_type":"article","og_title":"Demi-journ\u00e9e au complexe pyramidal de Gizeh","og_description":"Landious Travel","og_url":"https:\/\/landioustravel.com\/fr\/shop\/excursion-demi-journee-complexe-pyramidal-gizeh\/","og_site_name":"Landious Travel","article_publisher":"https:\/\/web.facebook.com\/landiousEgypt","article_modified_time":"2026-04-27T17:13:31+00:00","og_image":[{"width":1199,"height":676,"url":"https:\/\/i0.wp.com\/landioustravel.com\/wp-content\/uploads\/2019\/06\/Giza-Pyramid-Complex-Trip-1-e1668979516849.jpg?fit=1199%2C676&ssl=1","type":"image\/jpeg"}],"twitter_card":"summary_large_image","twitter_site":"@LandiousTours","twitter_misc":{"Dur\u00e9e de lecture estim\u00e9e":"2 minutes"},"schema":{"@context":"https:\/\/schema.org","@graph":[{"@type":"WebPage","@id":"https:\/\/landioustravel.com\/fr\/shop\/excursion-demi-journee-complexe-pyramidal-gizeh\/","url":"https:\/\/landioustravel.com\/fr\/shop\/excursion-demi-journee-complexe-pyramidal-gizeh\/","name":"Demi-journ\u00e9e au complexe pyramidal de Gizeh","isPartOf":{"@id":"https:\/\/landioustravel.com\/fr\/#website"},"primaryImageOfPage":{"@id":"https:\/\/landioustravel.com\/fr\/shop\/excursion-demi-journee-complexe-pyramidal-gizeh\/#primaryimage"},"image":{"@id":"https:\/\/landioustravel.com\/fr\/shop\/excursion-demi-journee-complexe-pyramidal-gizeh\/#primaryimage"},"thumbnailUrl":"https:\/\/i0.wp.com\/landioustravel.com\/wp-content\/uploads\/2019\/06\/Giza-Pyramid-Complex-Trip-1-e1668979516849.jpg?fit=1199%2C676&ssl=1","datePublished":"2019-06-22T22:03:51+00:00","dateModified":"2026-04-27T17:13:31+00:00","description":"Une merveilleuse excursion d'une demi-journ\u00e9e au complexe pyramidal de Gizeh! Le voyage se dirige vers les pyramides, le sphinx et le temple de la vall\u00e9e.","breadcrumb":{"@id":"https:\/\/landioustravel.com\/fr\/shop\/excursion-demi-journee-complexe-pyramidal-gizeh\/#breadcrumb"},"inLanguage":"fr-FR","potentialAction":[{"@type":"ReadAction","target":["https:\/\/landioustravel.com\/fr\/shop\/excursion-demi-journee-complexe-pyramidal-gizeh\/"]}]},{"@type":"ImageObject","inLanguage":"fr-FR","@id":"https:\/\/landioustravel.com\/fr\/shop\/excursion-demi-journee-complexe-pyramidal-gizeh\/#primaryimage","url":"https:\/\/i0.wp.com\/landioustravel.com\/wp-content\/uploads\/2019\/06\/Giza-Pyramid-Complex-Trip-1-e1668979516849.jpg?fit=1199%2C676&ssl=1","contentUrl":"https:\/\/i0.wp.com\/landioustravel.com\/wp-content\/uploads\/2019\/06\/Giza-Pyramid-Complex-Trip-1-e1668979516849.jpg?fit=1199%2C676&ssl=1","width":1199,"height":676,"caption":"Giza Pyramid Complex Trip"},{"@type":"BreadcrumbList","@id":"https:\/\/landioustravel.com\/fr\/shop\/excursion-demi-journee-complexe-pyramidal-gizeh\/#breadcrumb","itemListElement":[{"@type":"ListItem","position":1,"name":"Home","item":"https:\/\/landioustravel.com\/fr\/"},{"@type":"ListItem","position":2,"name":"Prestations &amp; Visites","item":"https:\/\/landioustravel.com\/fr\/"},{"@type":"ListItem","position":3,"name":"Demi-journ\u00e9e au complexe pyramidal de Gizeh"}]},{"@type":"WebSite","@id":"https:\/\/landioustravel.com\/fr\/#website","url":"https:\/\/landioustravel.com\/fr\/","name":"Landious Travel","description":"Excursions, trips and cruises in Egypt","publisher":{"@id":"https:\/\/landioustravel.com\/fr\/#organization"},"potentialAction":[{"@type":"SearchAction","target":{"@type":"EntryPoint","urlTemplate":"https:\/\/landioustravel.com\/fr\/?s={search_term_string}"},"query-input":{"@type":"PropertyValueSpecification","valueRequired":true,"valueName":"search_term_string"}}],"inLanguage":"fr-FR"},{"@type":["Organization","Place"],"@id":"https:\/\/landioustravel.com\/fr\/#organization","name":"Landious Travel","alternateName":"Landious Travel","url":"https:\/\/landioustravel.com\/fr\/","logo":{"@id":"https:\/\/landioustravel.com\/fr\/shop\/excursion-demi-journee-complexe-pyramidal-gizeh\/#local-main-organization-logo"},"image":{"@id":"https:\/\/landioustravel.com\/fr\/shop\/excursion-demi-journee-complexe-pyramidal-gizeh\/#local-main-organization-logo"},"sameAs":["https:\/\/web.facebook.com\/landiousEgypt","https:\/\/x.com\/LandiousTours","https:\/\/mastodon.social\/@landious"],"legalName":"Landious Travel","telephone":[],"openingHoursSpecification":[{"@type":"OpeningHoursSpecification","dayOfWeek":["Monday","Tuesday","Wednesday","Thursday","Friday","Saturday","Sunday"],"opens":"09:00","closes":"17:00"}]},{"@type":"ImageObject","inLanguage":"fr-FR","@id":"https:\/\/landioustravel.com\/fr\/shop\/excursion-demi-journee-complexe-pyramidal-gizeh\/#local-main-organization-logo","url":"https:\/\/i0.wp.com\/landioustravel.com\/wp-content\/uploads\/2021\/06\/Landious-T.png?fit=500%2C500&ssl=1","contentUrl":"https:\/\/i0.wp.com\/landioustravel.com\/wp-content\/uploads\/2021\/06\/Landious-T.png?fit=500%2C500&ssl=1","width":500,"height":500,"caption":"Landious Travel"}]}},"jetpack_publicize_connections":[],"uagb_featured_image_src":{"full":["https:\/\/i0.wp.com\/landioustravel.com\/wp-content\/uploads\/2019\/06\/Giza-Pyramid-Complex-Trip-1-e1668979516849.jpg?fit=1199%2C676&ssl=1",1199,676,false],"thumbnail":["https:\/\/i0.wp.com\/landioustravel.com\/wp-content\/uploads\/2019\/06\/Giza-Pyramid-Complex-Trip-1-e1668979516849.jpg?resize=150%2C150&ssl=1",150,150,true],"medium":["https:\/\/i0.wp.com\/landioustravel.com\/wp-content\/uploads\/2019\/06\/Giza-Pyramid-Complex-Trip-1-e1668979516849.jpg?fit=300%2C169&ssl=1",300,169,true],"medium_large":["https:\/\/i0.wp.com\/landioustravel.com\/wp-content\/uploads\/2019\/06\/Giza-Pyramid-Complex-Trip-1-e1668979516849.jpg?fit=768%2C433&ssl=1",768,433,true],"large":["https:\/\/i0.wp.com\/landioustravel.com\/wp-content\/uploads\/2019\/06\/Giza-Pyramid-Complex-Trip-1-e1668979516849.jpg?fit=980%2C552&ssl=1",980,552,true],"1536x1536":["https:\/\/i0.wp.com\/landioustravel.com\/wp-content\/uploads\/2019\/06\/Giza-Pyramid-Complex-Trip-1-e1668979516849.jpg?fit=1199%2C676&ssl=1",1199,676,true],"2048x2048":["https:\/\/i0.wp.com\/landioustravel.com\/wp-content\/uploads\/2019\/06\/Giza-Pyramid-Complex-Trip-1-e1668979516849.jpg?fit=1199%2C676&ssl=1",1199,676,true],"newspack-article-block-landscape-large":["https:\/\/i0.wp.com\/landioustravel.com\/wp-content\/uploads\/2019\/06\/Giza-Pyramid-Complex-Trip-1-e1668979516849.jpg?resize=1199%2C676&ssl=1",1199,676,true],"newspack-article-block-portrait-large":["https:\/\/i0.wp.com\/landioustravel.com\/wp-content\/uploads\/2019\/06\/Giza-Pyramid-Complex-Trip-1-e1668979516849.jpg?resize=900%2C676&ssl=1",900,676,true],"newspack-article-block-square-large":["https:\/\/i0.wp.com\/landioustravel.com\/wp-content\/uploads\/2019\/06\/Giza-Pyramid-Complex-Trip-1-e1668979516849.jpg?resize=1199%2C676&ssl=1",1199,676,true],"newspack-article-block-landscape-medium":["https:\/\/i0.wp.com\/landioustravel.com\/wp-content\/uploads\/2019\/06\/Giza-Pyramid-Complex-Trip-1-e1668979516849.jpg?resize=800%2C600&ssl=1",800,600,true],"newspack-article-block-portrait-medium":["https:\/\/i0.wp.com\/landioustravel.com\/wp-content\/uploads\/2019\/06\/Giza-Pyramid-Complex-Trip-1-e1668979516849.jpg?resize=600%2C676&ssl=1",600,676,true],"newspack-article-block-square-medium":["https:\/\/i0.wp.com\/landioustravel.com\/wp-content\/uploads\/2019\/06\/Giza-Pyramid-Complex-Trip-1-e1668979516849.jpg?resize=800%2C676&ssl=1",800,676,true],"newspack-article-block-landscape-intermediate":["https:\/\/i0.wp.com\/landioustravel.com\/wp-content\/uploads\/2019\/06\/Giza-Pyramid-Complex-Trip-1-e1668979516849.jpg?resize=600%2C450&ssl=1",600,450,true],"newspack-article-block-portrait-intermediate":["https:\/\/i0.wp.com\/landioustravel.com\/wp-content\/uploads\/2019\/06\/Giza-Pyramid-Complex-Trip-1-e1668979516849.jpg?resize=450%2C600&ssl=1",450,600,true],"newspack-article-block-square-intermediate":["https:\/\/i0.wp.com\/landioustravel.com\/wp-content\/uploads\/2019\/06\/Giza-Pyramid-Complex-Trip-1-e1668979516849.jpg?resize=600%2C600&ssl=1",600,600,true],"newspack-article-block-landscape-small":["https:\/\/i0.wp.com\/landioustravel.com\/wp-content\/uploads\/2019\/06\/Giza-Pyramid-Complex-Trip-1-e1668979516849.jpg?resize=400%2C300&ssl=1",400,300,true],"newspack-article-block-portrait-small":["https:\/\/i0.wp.com\/landioustravel.com\/wp-content\/uploads\/2019\/06\/Giza-Pyramid-Complex-Trip-1-e1668979516849.jpg?resize=300%2C400&ssl=1",300,400,true],"newspack-article-block-square-small":["https:\/\/i0.wp.com\/landioustravel.com\/wp-content\/uploads\/2019\/06\/Giza-Pyramid-Complex-Trip-1-e1668979516849.jpg?resize=400%2C400&ssl=1",400,400,true],"newspack-article-block-landscape-tiny":["https:\/\/i0.wp.com\/landioustravel.com\/wp-content\/uploads\/2019\/06\/Giza-Pyramid-Complex-Trip-1-e1668979516849.jpg?resize=200%2C150&ssl=1",200,150,true],"newspack-article-block-portrait-tiny":["https:\/\/i0.wp.com\/landioustravel.com\/wp-content\/uploads\/2019\/06\/Giza-Pyramid-Complex-Trip-1-e1668979516849.jpg?resize=150%2C200&ssl=1",150,200,true],"newspack-article-block-square-tiny":["https:\/\/i0.wp.com\/landioustravel.com\/wp-content\/uploads\/2019\/06\/Giza-Pyramid-Complex-Trip-1-e1668979516849.jpg?resize=200%2C200&ssl=1",200,200,true],"newspack-article-block-uncropped":["https:\/\/i0.wp.com\/landioustravel.com\/wp-content\/uploads\/2019\/06\/Giza-Pyramid-Complex-Trip-1-e1668979516849.jpg?fit=1199%2C676&ssl=1",1199,676,true],"woocommerce_thumbnail":["https:\/\/i0.wp.com\/landioustravel.com\/wp-content\/uploads\/2019\/06\/Giza-Pyramid-Complex-Trip-1-e1668979516849.jpg?resize=324%2C324&ssl=1",324,324,true],"woocommerce_single":["https:\/\/i0.wp.com\/landioustravel.com\/wp-content\/uploads\/2019\/06\/Giza-Pyramid-Complex-Trip-1-e1668979516849.jpg?fit=416%2C235&ssl=1",416,235,true],"woocommerce_gallery_thumbnail":["https:\/\/i0.wp.com\/landioustravel.com\/wp-content\/uploads\/2019\/06\/Giza-Pyramid-Complex-Trip-1-e1668979516849.jpg?resize=100%2C100&ssl=1",100,100,true]},"uagb_author_info":{"display_name":"Mofreh Landious","author_link":"https:\/\/landioustravel.com\/fr\/author\/"},"uagb_comment_info":5,"uagb_excerpt":"Nous comprenons que visiter le complexe des pyramides de Gizeh est une exp\u00e9rience unique pour de nombreuses personnes. C'est pourquoi nous proposons une excursion d'une demi-journ\u00e9e qui vous emm\u00e8nera voir les trois incroyables pyramides, le temple de la vall\u00e9e (\u00e9galement connu sous le nom de temple de la momification) et le grand sphinx dans le&hellip;","jetpack_sharing_enabled":true,"jetpack_likes_enabled":true,"amp_enabled":true,"_links":{"self":[{"href":"https:\/\/landioustravel.com\/fr\/wp-json\/wp\/v2\/product\/9383","targetHints":{"allow":["GET"]}}],"collection":[{"href":"https:\/\/landioustravel.com\/fr\/wp-json\/wp\/v2\/product"}],"about":[{"href":"https:\/\/landioustravel.com\/fr\/wp-json\/wp\/v2\/types\/product"}],"replies":[{"embeddable":true,"href":"https:\/\/landioustravel.com\/fr\/wp-json\/wp\/v2\/comments?post=9383"}],"wp:featuredmedia":[{"embeddable":true,"href":"https:\/\/landioustravel.com\/fr\/wp-json\/wp\/v2\/media\/128619"}],"wp:attachment":[{"href":"https:\/\/landioustravel.com\/fr\/wp-json\/wp\/v2\/media?parent=9383"}],"wp:term":[{"taxonomy":"product_brand","embeddable":true,"href":"https:\/\/landioustravel.com\/fr\/wp-json\/wp\/v2\/product_brand?post=9383"},{"taxonomy":"product_cat","embeddable":true,"href":"https:\/\/landioustravel.com\/fr\/wp-json\/wp\/v2\/product_cat?post=9383"},{"taxonomy":"product_tag","embeddable":true,"href":"https:\/\/landioustravel.com\/fr\/wp-json\/wp\/v2\/product_tag?post=9383"}],"curies":[{"name":"wp","href":"https:\/\/api.w.org\/{rel}","templated":true}]}}