{"id":19680,"date":"2019-09-21T01:48:33","date_gmt":"2019-09-20T23:48:33","guid":{"rendered":"https:\/\/landioustravel.com\/?page_id=19680"},"modified":"2019-09-21T01:48:34","modified_gmt":"2019-09-20T23:48:34","slug":"isten-horusz","status":"publish","type":"page","link":"https:\/\/landioustravel.com\/hu\/egyiptom\/egyiptomi-istensegek\/isten-horusz\/","title":{"rendered":"Isten H\u00f3rusz"},"content":{"rendered":"\n<p><amp-fit-text layout=\"fixed-height\" min-font-size=\"6\" max-font-size=\"72\" height=\"80\">H\u00f3rusz az egyik legjelent\u0151sebb \u00f3kori egyiptomi istens\u00e9g. \u0150 volt a Kir\u00e1lys\u00e1g, az \u00e9g \u00e9s az \u00e9l\u0151 Isten. Horus Isis \u00e9s Osiris fia.<\/amp-fit-text><\/p>\n\n\n\n<amp-fit-text layout=\"fixed-height\" min-font-size=\"6\" max-font-size=\"72\" height=\"80\"><h2 class=\"wp-block-heading\">H\u00f3rus isteni helyzete az \u00f3kori egyiptomi vall\u00e1sban<\/h2><\/amp-fit-text>\n\n\n\n<p><amp-fit-text layout=\"fixed-height\" min-font-size=\"6\" max-font-size=\"72\" height=\"80\">A H\u00f3rusz legkor\u00e1bbi r\u00f6gz\u00edtett form\u00e1ja a fels\u0151-egyiptomi Nekhen igazs\u00e1gos istens\u00e9g. Miut\u00e1n Nekhen uralkod\u00f3i Egyiptomot egyes\u00edtett\u00e9k, felmer\u00fclt az a felfog\u00e1s, hogy az uralkod\u00f3 kir\u00e1ly a Horus \u00e9let\u00e9ben \u00e9s az Ozirisz megnyilv\u00e1nul\u00e1sa a hal\u00e1lban.<\/amp-fit-text><\/p>\n\n\n\n<p><amp-fit-text layout=\"fixed-height\" min-font-size=\"6\" max-font-size=\"72\" height=\"80\">Az \u00f3kori egyiptomiak \u00edgy im\u00e1dt\u00e1k H\u00f3rusz isten\u00e9t, a k\u00e9s\u0151 \u0151skori Egyiptomt\u00f3l kezdve a Ptolemaic Kir\u00e1lys\u00e1gig \u00e9s a R\u00f3mai Egyiptomig.<\/amp-fit-text><\/p>\n\n\n\n<amp-fit-text layout=\"fixed-height\" min-font-size=\"6\" max-font-size=\"72\" height=\"80\"><h2 class=\"wp-block-heading\">Horus dedik\u00e1lt templomai<\/h2><\/amp-fit-text>\n\n\n\n<p><amp-fit-text layout=\"fixed-height\" min-font-size=\"6\" max-font-size=\"72\" height=\"80\">A H\u00f3rusz istenet az egyiptomi templomokban k\u00fcl\u00f6nf\u00e9le istenek k\u00f6z\u00f6tt im\u00e1dt\u00e1k. Ugyanakkor a Horus isten templom\u00e1t Edfuban szentelt\u00e9k kultusz\u00e1nak.<\/amp-fit-text><\/p>\n","protected":false},"excerpt":{"rendered":"<p>H\u00f3rusz az egyik legjelent\u0151sebb \u00f3kori egyiptomi istens\u00e9g. \u0150 volt a Kir\u00e1lys\u00e1g, az \u00e9g \u00e9s az \u00e9l\u0151 Isten. Horus Isis \u00e9s Osiris fia. H\u00f3rus isteni helyzete az \u00f3kori egyiptomi vall\u00e1sban A H\u00f3rusz legkor\u00e1bbi r\u00f6gz\u00edtett form\u00e1ja a fels\u0151-egyiptomi Nekhen igazs\u00e1gos istens\u00e9g. Miut\u00e1n Nekhen uralkod\u00f3i Egyiptomot egyes\u00edtett\u00e9k, felmer\u00fclt az a felfog\u00e1s, hogy az uralkod\u00f3 kir\u00e1ly a Horus \u00e9let\u00e9ben [&hellip;]<\/p>\n","protected":false},"author":1,"featured_media":19683,"parent":19642,"menu_order":0,"comment_status":"open","ping_status":"closed","template":"","meta":{"_coblocks_attr":"","_coblocks_dimensions":"","_coblocks_responsive_height":"","_coblocks_accordion_ie_support":"","_uag_custom_page_level_css":"","jetpack_post_was_ever_published":false,"footnotes":""},"class_list":["post-19680","page","type-page","status-publish","has-post-thumbnail","hentry"],"yoast_head":"<!-- This site is optimized with the Yoast SEO Premium plugin v26.9 (Yoast SEO v27.3) - https:\/\/yoast.com\/product\/yoast-seo-premium-wordpress\/ -->\n<title>Isten H\u00f3rusz<\/title>\n<meta name=\"description\" content=\"Isten H\u00f3rusz az egyik legjelent\u0151sebb \u00f3kori egyiptomi istens\u00e9g. \u0150 volt a Kir\u00e1lys\u00e1g, az \u00e9g \u00e9s az \u00e9l\u0151 Isten. Horus Isis \u00e9s Osiris fia\" \/>\n<meta name=\"robots\" content=\"index, follow, max-snippet:-1, max-image-preview:large, max-video-preview:-1\" \/>\n<link rel=\"canonical\" href=\"https:\/\/landioustravel.com\/hu\/egyiptom\/egyiptomi-istensegek\/isten-horusz\/\" \/>\n<meta property=\"og:locale\" content=\"hu_HU\" \/>\n<meta property=\"og:type\" content=\"article\" \/>\n<meta property=\"og:title\" content=\"Isten H\u00f3rusz\" \/>\n<meta property=\"og:description\" content=\"Isten H\u00f3rusz az egyik legjelent\u0151sebb \u00f3kori egyiptomi istens\u00e9g. \u0150 volt a Kir\u00e1lys\u00e1g, az \u00e9g \u00e9s az \u00e9l\u0151 Isten. Horus Isis \u00e9s Osiris fia\" \/>\n<meta property=\"og:url\" content=\"https:\/\/landioustravel.com\/hu\/egyiptom\/egyiptomi-istensegek\/isten-horusz\/\" \/>\n<meta property=\"og:site_name\" content=\"Landious Travel\" \/>\n<meta property=\"article:publisher\" content=\"https:\/\/web.facebook.com\/landiousEgypt\" \/>\n<meta property=\"article:modified_time\" content=\"2019-09-20T23:48:34+00:00\" \/>\n<meta property=\"og:image\" content=\"https:\/\/i0.wp.com\/landioustravel.com\/wp-content\/uploads\/2019\/04\/god_horus-e1600892417554.jpg?fit=1200%2C675&ssl=1\" \/>\n\t<meta property=\"og:image:width\" content=\"1200\" \/>\n\t<meta property=\"og:image:height\" content=\"675\" \/>\n\t<meta property=\"og:image:type\" content=\"image\/jpeg\" \/>\n<meta name=\"twitter:card\" content=\"summary_large_image\" \/>\n<meta name=\"twitter:site\" content=\"@LandiousTours\" \/>\n<meta name=\"twitter:label1\" content=\"Becs\u00fclt olvas\u00e1si id\u0151\" \/>\n\t<meta name=\"twitter:data1\" content=\"1 perc\" \/>\n<script type=\"application\/ld+json\" class=\"yoast-schema-graph\">{\"@context\":\"https:\\\/\\\/schema.org\",\"@graph\":[{\"@type\":\"WebPage\",\"@id\":\"https:\\\/\\\/landioustravel.com\\\/hu\\\/egyiptom\\\/egyiptomi-istensegek\\\/isten-horusz\\\/\",\"url\":\"https:\\\/\\\/landioustravel.com\\\/hu\\\/egyiptom\\\/egyiptomi-istensegek\\\/isten-horusz\\\/\",\"name\":\"Isten H\u00f3rusz\",\"isPartOf\":{\"@id\":\"https:\\\/\\\/landioustravel.com\\\/hu\\\/#website\"},\"primaryImageOfPage\":{\"@id\":\"https:\\\/\\\/landioustravel.com\\\/hu\\\/egyiptom\\\/egyiptomi-istensegek\\\/isten-horusz\\\/#primaryimage\"},\"image\":{\"@id\":\"https:\\\/\\\/landioustravel.com\\\/hu\\\/egyiptom\\\/egyiptomi-istensegek\\\/isten-horusz\\\/#primaryimage\"},\"thumbnailUrl\":\"https:\\\/\\\/i0.wp.com\\\/landioustravel.com\\\/wp-content\\\/uploads\\\/2019\\\/04\\\/god_horus-e1600892417554.jpg?fit=1200%2C675&ssl=1\",\"datePublished\":\"2019-09-20T23:48:33+00:00\",\"dateModified\":\"2019-09-20T23:48:34+00:00\",\"description\":\"Isten H\u00f3rusz az egyik legjelent\u0151sebb \u00f3kori egyiptomi istens\u00e9g. \u0150 volt a Kir\u00e1lys\u00e1g, az \u00e9g \u00e9s az \u00e9l\u0151 Isten. Horus Isis \u00e9s Osiris fia\",\"breadcrumb\":{\"@id\":\"https:\\\/\\\/landioustravel.com\\\/hu\\\/egyiptom\\\/egyiptomi-istensegek\\\/isten-horusz\\\/#breadcrumb\"},\"inLanguage\":\"hu\",\"potentialAction\":[{\"@type\":\"ReadAction\",\"target\":[\"https:\\\/\\\/landioustravel.com\\\/hu\\\/egyiptom\\\/egyiptomi-istensegek\\\/isten-horusz\\\/\"]}]},{\"@type\":\"ImageObject\",\"inLanguage\":\"hu\",\"@id\":\"https:\\\/\\\/landioustravel.com\\\/hu\\\/egyiptom\\\/egyiptomi-istensegek\\\/isten-horusz\\\/#primaryimage\",\"url\":\"https:\\\/\\\/i0.wp.com\\\/landioustravel.com\\\/wp-content\\\/uploads\\\/2019\\\/04\\\/god_horus-e1600892417554.jpg?fit=1200%2C675&ssl=1\",\"contentUrl\":\"https:\\\/\\\/i0.wp.com\\\/landioustravel.com\\\/wp-content\\\/uploads\\\/2019\\\/04\\\/god_horus-e1600892417554.jpg?fit=1200%2C675&ssl=1\",\"width\":1200,\"height\":675,\"caption\":\"God Horus in Egyptian museum\"},{\"@type\":\"BreadcrumbList\",\"@id\":\"https:\\\/\\\/landioustravel.com\\\/hu\\\/egyiptom\\\/egyiptomi-istensegek\\\/isten-horusz\\\/#breadcrumb\",\"itemListElement\":[{\"@type\":\"ListItem\",\"position\":1,\"name\":\"Home\",\"item\":\"https:\\\/\\\/landioustravel.com\\\/hu\\\/\"},{\"@type\":\"ListItem\",\"position\":2,\"name\":\"Egyiptom\",\"item\":\"https:\\\/\\\/landioustravel.com\\\/hu\\\/egyiptom\\\/\"},{\"@type\":\"ListItem\",\"position\":3,\"name\":\"Egyiptomi istens\u00e9gek\",\"item\":\"https:\\\/\\\/landioustravel.com\\\/hu\\\/egyiptom\\\/egyiptomi-istensegek\\\/\"},{\"@type\":\"ListItem\",\"position\":4,\"name\":\"Isten H\u00f3rusz\"}]},{\"@type\":\"WebSite\",\"@id\":\"https:\\\/\\\/landioustravel.com\\\/hu\\\/#website\",\"url\":\"https:\\\/\\\/landioustravel.com\\\/hu\\\/\",\"name\":\"Landious Travel\",\"description\":\"Excursions, trips and cruises in Egypt\",\"publisher\":{\"@id\":\"https:\\\/\\\/landioustravel.com\\\/hu\\\/#organization\"},\"potentialAction\":[{\"@type\":\"SearchAction\",\"target\":{\"@type\":\"EntryPoint\",\"urlTemplate\":\"https:\\\/\\\/landioustravel.com\\\/hu\\\/?s={search_term_string}\"},\"query-input\":{\"@type\":\"PropertyValueSpecification\",\"valueRequired\":true,\"valueName\":\"search_term_string\"}}],\"inLanguage\":\"hu\"},{\"@type\":[\"Organization\",\"Place\"],\"@id\":\"https:\\\/\\\/landioustravel.com\\\/hu\\\/#organization\",\"name\":\"Landious Travel\",\"alternateName\":\"Landious Travel\",\"url\":\"https:\\\/\\\/landioustravel.com\\\/hu\\\/\",\"logo\":{\"@id\":\"https:\\\/\\\/landioustravel.com\\\/hu\\\/egyiptom\\\/egyiptomi-istensegek\\\/isten-horusz\\\/#local-main-organization-logo\"},\"image\":{\"@id\":\"https:\\\/\\\/landioustravel.com\\\/hu\\\/egyiptom\\\/egyiptomi-istensegek\\\/isten-horusz\\\/#local-main-organization-logo\"},\"sameAs\":[\"https:\\\/\\\/web.facebook.com\\\/landiousEgypt\",\"https:\\\/\\\/x.com\\\/LandiousTours\",\"https:\\\/\\\/mastodon.social\\\/@landious\"],\"legalName\":\"Landious Travel\",\"telephone\":[],\"openingHoursSpecification\":[{\"@type\":\"OpeningHoursSpecification\",\"dayOfWeek\":[\"Monday\",\"Tuesday\",\"Wednesday\",\"Thursday\",\"Friday\",\"Saturday\",\"Sunday\"],\"opens\":\"09:00\",\"closes\":\"17:00\"}]},{\"@type\":\"ImageObject\",\"inLanguage\":\"hu\",\"@id\":\"https:\\\/\\\/landioustravel.com\\\/hu\\\/egyiptom\\\/egyiptomi-istensegek\\\/isten-horusz\\\/#local-main-organization-logo\",\"url\":\"https:\\\/\\\/i0.wp.com\\\/landioustravel.com\\\/wp-content\\\/uploads\\\/2021\\\/06\\\/Landious-T.png?fit=500%2C500&ssl=1\",\"contentUrl\":\"https:\\\/\\\/i0.wp.com\\\/landioustravel.com\\\/wp-content\\\/uploads\\\/2021\\\/06\\\/Landious-T.png?fit=500%2C500&ssl=1\",\"width\":500,\"height\":500,\"caption\":\"Landious Travel\"}]}<\/script>\n<!-- \/ Yoast SEO Premium plugin. -->","yoast_head_json":{"title":"Isten H\u00f3rusz","description":"Isten H\u00f3rusz az egyik legjelent\u0151sebb \u00f3kori egyiptomi istens\u00e9g. \u0150 volt a Kir\u00e1lys\u00e1g, az \u00e9g \u00e9s az \u00e9l\u0151 Isten. Horus Isis \u00e9s Osiris fia","robots":{"index":"index","follow":"follow","max-snippet":"max-snippet:-1","max-image-preview":"max-image-preview:large","max-video-preview":"max-video-preview:-1"},"canonical":"https:\/\/landioustravel.com\/hu\/egyiptom\/egyiptomi-istensegek\/isten-horusz\/","og_locale":"hu_HU","og_type":"article","og_title":"Isten H\u00f3rusz","og_description":"Isten H\u00f3rusz az egyik legjelent\u0151sebb \u00f3kori egyiptomi istens\u00e9g. \u0150 volt a Kir\u00e1lys\u00e1g, az \u00e9g \u00e9s az \u00e9l\u0151 Isten. Horus Isis \u00e9s Osiris fia","og_url":"https:\/\/landioustravel.com\/hu\/egyiptom\/egyiptomi-istensegek\/isten-horusz\/","og_site_name":"Landious Travel","article_publisher":"https:\/\/web.facebook.com\/landiousEgypt","article_modified_time":"2019-09-20T23:48:34+00:00","og_image":[{"width":1200,"height":675,"url":"https:\/\/i0.wp.com\/landioustravel.com\/wp-content\/uploads\/2019\/04\/god_horus-e1600892417554.jpg?fit=1200%2C675&ssl=1","type":"image\/jpeg"}],"twitter_card":"summary_large_image","twitter_site":"@LandiousTours","twitter_misc":{"Becs\u00fclt olvas\u00e1si id\u0151":"1 perc"},"schema":{"@context":"https:\/\/schema.org","@graph":[{"@type":"WebPage","@id":"https:\/\/landioustravel.com\/hu\/egyiptom\/egyiptomi-istensegek\/isten-horusz\/","url":"https:\/\/landioustravel.com\/hu\/egyiptom\/egyiptomi-istensegek\/isten-horusz\/","name":"Isten H\u00f3rusz","isPartOf":{"@id":"https:\/\/landioustravel.com\/hu\/#website"},"primaryImageOfPage":{"@id":"https:\/\/landioustravel.com\/hu\/egyiptom\/egyiptomi-istensegek\/isten-horusz\/#primaryimage"},"image":{"@id":"https:\/\/landioustravel.com\/hu\/egyiptom\/egyiptomi-istensegek\/isten-horusz\/#primaryimage"},"thumbnailUrl":"https:\/\/i0.wp.com\/landioustravel.com\/wp-content\/uploads\/2019\/04\/god_horus-e1600892417554.jpg?fit=1200%2C675&ssl=1","datePublished":"2019-09-20T23:48:33+00:00","dateModified":"2019-09-20T23:48:34+00:00","description":"Isten H\u00f3rusz az egyik legjelent\u0151sebb \u00f3kori egyiptomi istens\u00e9g. \u0150 volt a Kir\u00e1lys\u00e1g, az \u00e9g \u00e9s az \u00e9l\u0151 Isten. Horus Isis \u00e9s Osiris fia","breadcrumb":{"@id":"https:\/\/landioustravel.com\/hu\/egyiptom\/egyiptomi-istensegek\/isten-horusz\/#breadcrumb"},"inLanguage":"hu","potentialAction":[{"@type":"ReadAction","target":["https:\/\/landioustravel.com\/hu\/egyiptom\/egyiptomi-istensegek\/isten-horusz\/"]}]},{"@type":"ImageObject","inLanguage":"hu","@id":"https:\/\/landioustravel.com\/hu\/egyiptom\/egyiptomi-istensegek\/isten-horusz\/#primaryimage","url":"https:\/\/i0.wp.com\/landioustravel.com\/wp-content\/uploads\/2019\/04\/god_horus-e1600892417554.jpg?fit=1200%2C675&ssl=1","contentUrl":"https:\/\/i0.wp.com\/landioustravel.com\/wp-content\/uploads\/2019\/04\/god_horus-e1600892417554.jpg?fit=1200%2C675&ssl=1","width":1200,"height":675,"caption":"God Horus in Egyptian museum"},{"@type":"BreadcrumbList","@id":"https:\/\/landioustravel.com\/hu\/egyiptom\/egyiptomi-istensegek\/isten-horusz\/#breadcrumb","itemListElement":[{"@type":"ListItem","position":1,"name":"Home","item":"https:\/\/landioustravel.com\/hu\/"},{"@type":"ListItem","position":2,"name":"Egyiptom","item":"https:\/\/landioustravel.com\/hu\/egyiptom\/"},{"@type":"ListItem","position":3,"name":"Egyiptomi istens\u00e9gek","item":"https:\/\/landioustravel.com\/hu\/egyiptom\/egyiptomi-istensegek\/"},{"@type":"ListItem","position":4,"name":"Isten H\u00f3rusz"}]},{"@type":"WebSite","@id":"https:\/\/landioustravel.com\/hu\/#website","url":"https:\/\/landioustravel.com\/hu\/","name":"Landious Travel","description":"Excursions, trips and cruises in Egypt","publisher":{"@id":"https:\/\/landioustravel.com\/hu\/#organization"},"potentialAction":[{"@type":"SearchAction","target":{"@type":"EntryPoint","urlTemplate":"https:\/\/landioustravel.com\/hu\/?s={search_term_string}"},"query-input":{"@type":"PropertyValueSpecification","valueRequired":true,"valueName":"search_term_string"}}],"inLanguage":"hu"},{"@type":["Organization","Place"],"@id":"https:\/\/landioustravel.com\/hu\/#organization","name":"Landious Travel","alternateName":"Landious Travel","url":"https:\/\/landioustravel.com\/hu\/","logo":{"@id":"https:\/\/landioustravel.com\/hu\/egyiptom\/egyiptomi-istensegek\/isten-horusz\/#local-main-organization-logo"},"image":{"@id":"https:\/\/landioustravel.com\/hu\/egyiptom\/egyiptomi-istensegek\/isten-horusz\/#local-main-organization-logo"},"sameAs":["https:\/\/web.facebook.com\/landiousEgypt","https:\/\/x.com\/LandiousTours","https:\/\/mastodon.social\/@landious"],"legalName":"Landious Travel","telephone":[],"openingHoursSpecification":[{"@type":"OpeningHoursSpecification","dayOfWeek":["Monday","Tuesday","Wednesday","Thursday","Friday","Saturday","Sunday"],"opens":"09:00","closes":"17:00"}]},{"@type":"ImageObject","inLanguage":"hu","@id":"https:\/\/landioustravel.com\/hu\/egyiptom\/egyiptomi-istensegek\/isten-horusz\/#local-main-organization-logo","url":"https:\/\/i0.wp.com\/landioustravel.com\/wp-content\/uploads\/2021\/06\/Landious-T.png?fit=500%2C500&ssl=1","contentUrl":"https:\/\/i0.wp.com\/landioustravel.com\/wp-content\/uploads\/2021\/06\/Landious-T.png?fit=500%2C500&ssl=1","width":500,"height":500,"caption":"Landious Travel"}]}},"uagb_featured_image_src":{"full":["https:\/\/i0.wp.com\/landioustravel.com\/wp-content\/uploads\/2019\/04\/god_horus-e1600892417554.jpg?fit=1200%2C675&ssl=1",1200,675,false],"thumbnail":["https:\/\/i0.wp.com\/landioustravel.com\/wp-content\/uploads\/2019\/04\/god_horus-e1600892417554.jpg?resize=150%2C150&ssl=1",150,150,true],"medium":["https:\/\/i0.wp.com\/landioustravel.com\/wp-content\/uploads\/2019\/04\/god_horus-e1600892417554.jpg?fit=300%2C169&ssl=1",300,169,true],"medium_large":["https:\/\/i0.wp.com\/landioustravel.com\/wp-content\/uploads\/2019\/04\/god_horus-e1600892417554.jpg?fit=768%2C432&ssl=1",768,432,true],"large":["https:\/\/i0.wp.com\/landioustravel.com\/wp-content\/uploads\/2019\/04\/god_horus-e1600892417554.jpg?fit=980%2C551&ssl=1",980,551,true],"1536x1536":["https:\/\/i0.wp.com\/landioustravel.com\/wp-content\/uploads\/2019\/04\/god_horus-e1600892417554.jpg?fit=1200%2C675&ssl=1",1200,675,true],"2048x2048":["https:\/\/i0.wp.com\/landioustravel.com\/wp-content\/uploads\/2019\/04\/god_horus-e1600892417554.jpg?fit=1200%2C675&ssl=1",1200,675,true],"newspack-article-block-landscape-large":["https:\/\/i0.wp.com\/landioustravel.com\/wp-content\/uploads\/2019\/04\/god_horus-e1600892417554.jpg?resize=1200%2C675&ssl=1",1200,807,true],"newspack-article-block-portrait-large":["https:\/\/i0.wp.com\/landioustravel.com\/wp-content\/uploads\/2019\/04\/god_horus-e1600892417554.jpg?resize=900%2C675&ssl=1",900,675,true],"newspack-article-block-square-large":["https:\/\/i0.wp.com\/landioustravel.com\/wp-content\/uploads\/2019\/04\/god_horus-e1600892417554.jpg?resize=1200%2C675&ssl=1",1200,807,true],"newspack-article-block-landscape-medium":["https:\/\/i0.wp.com\/landioustravel.com\/wp-content\/uploads\/2019\/04\/god_horus-e1600892417554.jpg?resize=800%2C600&ssl=1",800,600,true],"newspack-article-block-portrait-medium":["https:\/\/i0.wp.com\/landioustravel.com\/wp-content\/uploads\/2019\/04\/god_horus-e1600892417554.jpg?resize=600%2C675&ssl=1",600,675,true],"newspack-article-block-square-medium":["https:\/\/i0.wp.com\/landioustravel.com\/wp-content\/uploads\/2019\/04\/god_horus-e1600892417554.jpg?resize=800%2C675&ssl=1",800,675,true],"newspack-article-block-landscape-intermediate":["https:\/\/i0.wp.com\/landioustravel.com\/wp-content\/uploads\/2019\/04\/god_horus-e1600892417554.jpg?resize=600%2C450&ssl=1",600,450,true],"newspack-article-block-portrait-intermediate":["https:\/\/i0.wp.com\/landioustravel.com\/wp-content\/uploads\/2019\/04\/god_horus-e1600892417554.jpg?resize=450%2C600&ssl=1",450,600,true],"newspack-article-block-square-intermediate":["https:\/\/i0.wp.com\/landioustravel.com\/wp-content\/uploads\/2019\/04\/god_horus-e1600892417554.jpg?resize=600%2C600&ssl=1",600,600,true],"newspack-article-block-landscape-small":["https:\/\/i0.wp.com\/landioustravel.com\/wp-content\/uploads\/2019\/04\/god_horus-e1600892417554.jpg?resize=400%2C300&ssl=1",400,300,true],"newspack-article-block-portrait-small":["https:\/\/i0.wp.com\/landioustravel.com\/wp-content\/uploads\/2019\/04\/god_horus-e1600892417554.jpg?resize=300%2C400&ssl=1",300,400,true],"newspack-article-block-square-small":["https:\/\/i0.wp.com\/landioustravel.com\/wp-content\/uploads\/2019\/04\/god_horus-e1600892417554.jpg?resize=400%2C400&ssl=1",400,400,true],"newspack-article-block-landscape-tiny":["https:\/\/i0.wp.com\/landioustravel.com\/wp-content\/uploads\/2019\/04\/god_horus-e1600892417554.jpg?resize=200%2C150&ssl=1",200,150,true],"newspack-article-block-portrait-tiny":["https:\/\/i0.wp.com\/landioustravel.com\/wp-content\/uploads\/2019\/04\/god_horus-e1600892417554.jpg?resize=150%2C200&ssl=1",150,200,true],"newspack-article-block-square-tiny":["https:\/\/i0.wp.com\/landioustravel.com\/wp-content\/uploads\/2019\/04\/god_horus-e1600892417554.jpg?resize=200%2C200&ssl=1",200,200,true],"newspack-article-block-uncropped":["https:\/\/i0.wp.com\/landioustravel.com\/wp-content\/uploads\/2019\/04\/god_horus-e1600892417554.jpg?fit=1200%2C675&ssl=1",1200,675,true],"woocommerce_thumbnail":["https:\/\/i0.wp.com\/landioustravel.com\/wp-content\/uploads\/2019\/04\/god_horus-e1600892417554.jpg?resize=324%2C324&ssl=1",324,324,true],"woocommerce_single":["https:\/\/i0.wp.com\/landioustravel.com\/wp-content\/uploads\/2019\/04\/god_horus-e1600892417554.jpg?fit=416%2C234&ssl=1",416,234,true],"woocommerce_gallery_thumbnail":["https:\/\/i0.wp.com\/landioustravel.com\/wp-content\/uploads\/2019\/04\/god_horus-e1600892417554.jpg?resize=100%2C100&ssl=1",100,100,true]},"uagb_author_info":{"display_name":"Mofreh Landious","author_link":"https:\/\/landioustravel.com\/hu\/author\/landious\/"},"uagb_comment_info":0,"uagb_excerpt":"H\u00f3rusz az egyik legjelent\u0151sebb \u00f3kori egyiptomi istens\u00e9g. \u0150 volt a Kir\u00e1lys\u00e1g, az \u00e9g \u00e9s az \u00e9l\u0151 Isten. Horus Isis \u00e9s Osiris fia. H\u00f3rus isteni helyzete az \u00f3kori egyiptomi vall\u00e1sban A H\u00f3rusz legkor\u00e1bbi r\u00f6gz\u00edtett form\u00e1ja a fels\u0151-egyiptomi Nekhen igazs\u00e1gos istens\u00e9g. Miut\u00e1n Nekhen uralkod\u00f3i Egyiptomot egyes\u00edtett\u00e9k, felmer\u00fclt az a felfog\u00e1s, hogy az uralkod\u00f3 kir\u00e1ly a Horus \u00e9let\u00e9ben&hellip;","jetpack_sharing_enabled":true,"jetpack_shortlink":"https:\/\/wp.me\/Par4r5-57q","jetpack_likes_enabled":true,"amp_enabled":true,"_links":{"self":[{"href":"https:\/\/landioustravel.com\/hu\/wp-json\/wp\/v2\/pages\/19680","targetHints":{"allow":["GET"]}}],"collection":[{"href":"https:\/\/landioustravel.com\/hu\/wp-json\/wp\/v2\/pages"}],"about":[{"href":"https:\/\/landioustravel.com\/hu\/wp-json\/wp\/v2\/types\/page"}],"author":[{"embeddable":true,"href":"https:\/\/landioustravel.com\/hu\/wp-json\/wp\/v2\/users\/1"}],"replies":[{"embeddable":true,"href":"https:\/\/landioustravel.com\/hu\/wp-json\/wp\/v2\/comments?post=19680"}],"version-history":[{"count":0,"href":"https:\/\/landioustravel.com\/hu\/wp-json\/wp\/v2\/pages\/19680\/revisions"}],"up":[{"embeddable":true,"href":"https:\/\/landioustravel.com\/hu\/wp-json\/wp\/v2\/pages\/19642"}],"wp:featuredmedia":[{"embeddable":true,"href":"https:\/\/landioustravel.com\/hu\/wp-json\/wp\/v2\/media\/19683"}],"wp:attachment":[{"href":"https:\/\/landioustravel.com\/hu\/wp-json\/wp\/v2\/media?parent=19680"}],"curies":[{"name":"wp","href":"https:\/\/api.w.org\/{rel}","templated":true}]}}