{"id":19720,"date":"2019-09-21T07:58:48","date_gmt":"2019-09-21T05:58:48","guid":{"rendered":"https:\/\/landioustravel.com\/?page_id=19720"},"modified":"2019-09-21T07:58:50","modified_gmt":"2019-09-21T05:58:50","slug":"isis-istenno","status":"publish","type":"page","link":"https:\/\/landioustravel.com\/hu\/egyiptom\/egyiptomi-istensegek\/isis-istenno\/","title":{"rendered":"Isis istenn\u0151"},"content":{"rendered":"\n<p><amp-fit-text layout=\"fixed-height\" min-font-size=\"6\" max-font-size=\"72\" height=\"80\">Isis az \u00f3kori Egyiptom h\u00edres istenn\u0151i. A term\u00e9kenys\u00e9g, anyas\u00e1g, var\u00e1zslat, hal\u00e1l, gy\u00f3gyul\u00e1s \u00e9s \u00fajj\u00e1sz\u00fclet\u00e9s istenn\u0151je volt. Isis isteni csal\u00e1db\u00f3l sz\u00e1rmazott. Geb, a f\u00f6ld isten\u00e9nek \u00e9s Nut, az \u00e9g istenn\u0151j\u00e9nek els\u0151 l\u00e1nya volt. Isis testv\u00e9r\u00e9vel, Osirissel feles\u00e9g\u00fcl ment, \u00e9s Horus istennek sz\u00fcletett.<\/amp-fit-text><\/p>\n\n\n\n<amp-fit-text layout=\"fixed-height\" min-font-size=\"6\" max-font-size=\"72\" height=\"80\"><h2 class=\"wp-block-heading\">Isis isteni helyzete az \u00f3kori Egyiptomban<\/h2><\/amp-fit-text>\n\n\n\n<p><amp-fit-text layout=\"fixed-height\" min-font-size=\"6\" max-font-size=\"72\" height=\"80\">Isis istenn\u0151t el\u0151sz\u00f6r az \u00d3 Kir\u00e1lys\u00e1gban eml\u00edtik, mint az Osiris-m\u00edtosz egyik f\u0151szerepl\u0151j\u00e9t. Itt Isisnek hi\u00e1nyzott saj\u00e1t szentelt templomai, \u00e9s az \u0151si egyiptomiak im\u00e1dt\u00e1k \u0151t m\u00e1s istenek k\u00f6z\u00f6tt. Korl\u00e1tozott szerepet j\u00e1tszott a kir\u00e1lyi ritu\u00e1l\u00e9kban \u00e9s a templomi szertart\u00e1sokban, b\u00e1r a temetkez\u00e9si gyakorlatokban \u00e9s a var\u00e1zslatos sz\u00f6vegekben jobban szerepelt. Fokozatosan n\u0151tt fontoss\u00e1ga, am\u00edg az \u00f3kori Egyiptom egyik legfontosabb istens\u00e9g\u00e9v\u00e9 nem v\u00e1lt.<\/amp-fit-text><\/p>\n\n\n\n<p><amp-fit-text layout=\"fixed-height\" min-font-size=\"6\" max-font-size=\"72\" height=\"80\">Az \u00daj Kir\u00e1lys\u00e1gb\u00f3l kiindulva, Ozirisz \u00e9s Isis lett az egyik legsz\u00e9lesebb k\u00f6rben im\u00e1dott egyiptomi istens\u00e9g, \u00e9s Isis sok m\u00e1s istenn\u0151 tulajdons\u00e1gait elnyeli. Ebben az id\u0151szakban jelent\u0151s esem\u00e9ny t\u00f6rt\u00e9nt, amikor tan\u00fai templomok \u00e9p\u00edt\u00e9se Osiris \u00e9s Isis sz\u00e1m\u00e1ra \u00e9p\u00fclt Egyiptomban \u00e9s N\u00fabi\u00e1ban.<\/amp-fit-text><\/p>\n\n\n\n<p><amp-fit-text layout=\"fixed-height\" min-font-size=\"6\" max-font-size=\"72\" height=\"80\">Az Isis istenn\u0151 legsz\u00e9lesebb k\u00f6r\u0171 h\u00edrneve a hellenista id\u00f5szakban j\u00f6tt l\u00e9tre (Kr. E. 323\u2013303). Itt g\u00f6r\u00f6g\u00f6k \u00e9s egyiptomiak im\u00e1dt\u00e1k \u0151t, valamint egy \u00faj istemet, Serapist. Kultusza elterjedt az eg\u00e9sz R\u00f3mai Birodalomban, \u00e9s Isit im\u00e1dt\u00e1k Anglia \u00e9s Afganiszt\u00e1n k\u00f6z\u00f6tt.<\/amp-fit-text><\/p>\n\n\n\n<amp-fit-text layout=\"fixed-height\" min-font-size=\"6\" max-font-size=\"72\" height=\"80\"><h2 class=\"wp-block-heading\">Isis dedik\u00e1lt templomai<\/h2><\/amp-fit-text>\n\n\n\n<p><amp-fit-text layout=\"fixed-height\" min-font-size=\"6\" max-font-size=\"72\" height=\"80\">Isis h\u00edrnev\u00e9nek terjed\u00e9s\u00e9vel n\u00e9h\u00e1ny templomot szentelt\u00e9k az \u0151 kultusz\u00e1nak. Az els\u0151 nagyobb templomot a k\u00e9s\u0151 korszak II. Nectanebo kir\u00e1ly (Kr. E. 360\u2013343) \u00e9p\u00edtette Behbeit el-Hagarban, a N\u00edlus k\u00f6z\u00e9ps\u0151 r\u00e9sz\u00e9n. M\u00e1s, a kultusz\u00e1nak szentelt templomok a g\u00f6r\u00f6g-r\u00f3mai korszak alatt \u00e9p\u00fcltek, ide\u00e9rtve a Philae-i szigeti templomot is.<\/amp-fit-text><\/p>\n","protected":false},"excerpt":{"rendered":"<p>Isis az \u00f3kori Egyiptom h\u00edres istenn\u0151i. A term\u00e9kenys\u00e9g, anyas\u00e1g, var\u00e1zslat, hal\u00e1l, gy\u00f3gyul\u00e1s \u00e9s \u00fajj\u00e1sz\u00fclet\u00e9s istenn\u0151je volt. Isis isteni csal\u00e1db\u00f3l sz\u00e1rmazott. Geb, a f\u00f6ld isten\u00e9nek \u00e9s Nut, az \u00e9g istenn\u0151j\u00e9nek els\u0151 l\u00e1nya volt. Isis testv\u00e9r\u00e9vel, Osirissel feles\u00e9g\u00fcl ment, \u00e9s Horus istennek sz\u00fcletett. Isis isteni helyzete az \u00f3kori Egyiptomban Isis istenn\u0151t el\u0151sz\u00f6r az \u00d3 Kir\u00e1lys\u00e1gban eml\u00edtik, mint [&hellip;]<\/p>\n","protected":false},"author":1,"featured_media":19723,"parent":19642,"menu_order":0,"comment_status":"open","ping_status":"closed","template":"","meta":{"_coblocks_attr":"","_coblocks_dimensions":"","_coblocks_responsive_height":"","_coblocks_accordion_ie_support":"","_uag_custom_page_level_css":"","jetpack_post_was_ever_published":false,"footnotes":""},"class_list":["post-19720","page","type-page","status-publish","has-post-thumbnail","hentry"],"yoast_head":"<!-- This site is optimized with the Yoast SEO Premium plugin v26.9 (Yoast SEO v27.3) - https:\/\/yoast.com\/product\/yoast-seo-premium-wordpress\/ -->\n<title>Isis istenn\u0151<\/title>\n<meta name=\"description\" content=\"Isis az \u00f3kori Egyiptom h\u00edres istenn\u0151i. A term\u00e9kenys\u00e9g, anyas\u00e1g, var\u00e1zslat, hal\u00e1l, gy\u00f3gyul\u00e1s \u00e9s \u00fajj\u00e1sz\u00fclet\u00e9s istenn\u0151je volt. Isis isteni csal\u00e1db\u00f3l sz\u00e1rmazott\" \/>\n<meta name=\"robots\" content=\"index, follow, max-snippet:-1, max-image-preview:large, max-video-preview:-1\" \/>\n<link rel=\"canonical\" href=\"https:\/\/landioustravel.com\/hu\/egyiptom\/egyiptomi-istensegek\/isis-istenno\/\" \/>\n<meta property=\"og:locale\" content=\"hu_HU\" \/>\n<meta property=\"og:type\" content=\"article\" \/>\n<meta property=\"og:title\" content=\"Isis istenn\u0151\" \/>\n<meta property=\"og:description\" content=\"Isis az \u00f3kori Egyiptom h\u00edres istenn\u0151i. A term\u00e9kenys\u00e9g, anyas\u00e1g, var\u00e1zslat, hal\u00e1l, gy\u00f3gyul\u00e1s \u00e9s \u00fajj\u00e1sz\u00fclet\u00e9s istenn\u0151je volt. Isis isteni csal\u00e1db\u00f3l sz\u00e1rmazott\" \/>\n<meta property=\"og:url\" content=\"https:\/\/landioustravel.com\/hu\/egyiptom\/egyiptomi-istensegek\/isis-istenno\/\" \/>\n<meta property=\"og:site_name\" content=\"Landious Travel\" \/>\n<meta property=\"article:publisher\" content=\"https:\/\/web.facebook.com\/landiousEgypt\" \/>\n<meta property=\"article:modified_time\" content=\"2019-09-21T05:58:50+00:00\" \/>\n<meta property=\"og:image\" content=\"https:\/\/i0.wp.com\/landioustravel.com\/wp-content\/uploads\/2019\/04\/isis_dakka-e1600892518337.jpg?fit=1200%2C677&ssl=1\" \/>\n\t<meta property=\"og:image:width\" content=\"1200\" \/>\n\t<meta property=\"og:image:height\" content=\"677\" \/>\n\t<meta property=\"og:image:type\" content=\"image\/jpeg\" \/>\n<meta name=\"twitter:card\" content=\"summary_large_image\" \/>\n<meta name=\"twitter:site\" content=\"@LandiousTours\" \/>\n<meta name=\"twitter:label1\" content=\"Becs\u00fclt olvas\u00e1si id\u0151\" \/>\n\t<meta name=\"twitter:data1\" content=\"2 perc\" \/>\n<script type=\"application\/ld+json\" class=\"yoast-schema-graph\">{\"@context\":\"https:\\\/\\\/schema.org\",\"@graph\":[{\"@type\":\"WebPage\",\"@id\":\"https:\\\/\\\/landioustravel.com\\\/hu\\\/egyiptom\\\/egyiptomi-istensegek\\\/isis-istenno\\\/\",\"url\":\"https:\\\/\\\/landioustravel.com\\\/hu\\\/egyiptom\\\/egyiptomi-istensegek\\\/isis-istenno\\\/\",\"name\":\"Isis istenn\u0151\",\"isPartOf\":{\"@id\":\"https:\\\/\\\/landioustravel.com\\\/hu\\\/#website\"},\"primaryImageOfPage\":{\"@id\":\"https:\\\/\\\/landioustravel.com\\\/hu\\\/egyiptom\\\/egyiptomi-istensegek\\\/isis-istenno\\\/#primaryimage\"},\"image\":{\"@id\":\"https:\\\/\\\/landioustravel.com\\\/hu\\\/egyiptom\\\/egyiptomi-istensegek\\\/isis-istenno\\\/#primaryimage\"},\"thumbnailUrl\":\"https:\\\/\\\/i0.wp.com\\\/landioustravel.com\\\/wp-content\\\/uploads\\\/2019\\\/04\\\/isis_dakka-e1600892518337.jpg?fit=1200%2C677&ssl=1\",\"datePublished\":\"2019-09-21T05:58:48+00:00\",\"dateModified\":\"2019-09-21T05:58:50+00:00\",\"description\":\"Isis az \u00f3kori Egyiptom h\u00edres istenn\u0151i. A term\u00e9kenys\u00e9g, anyas\u00e1g, var\u00e1zslat, hal\u00e1l, gy\u00f3gyul\u00e1s \u00e9s \u00fajj\u00e1sz\u00fclet\u00e9s istenn\u0151je volt. Isis isteni csal\u00e1db\u00f3l sz\u00e1rmazott\",\"breadcrumb\":{\"@id\":\"https:\\\/\\\/landioustravel.com\\\/hu\\\/egyiptom\\\/egyiptomi-istensegek\\\/isis-istenno\\\/#breadcrumb\"},\"inLanguage\":\"hu\",\"potentialAction\":[{\"@type\":\"ReadAction\",\"target\":[\"https:\\\/\\\/landioustravel.com\\\/hu\\\/egyiptom\\\/egyiptomi-istensegek\\\/isis-istenno\\\/\"]}]},{\"@type\":\"ImageObject\",\"inLanguage\":\"hu\",\"@id\":\"https:\\\/\\\/landioustravel.com\\\/hu\\\/egyiptom\\\/egyiptomi-istensegek\\\/isis-istenno\\\/#primaryimage\",\"url\":\"https:\\\/\\\/i0.wp.com\\\/landioustravel.com\\\/wp-content\\\/uploads\\\/2019\\\/04\\\/isis_dakka-e1600892518337.jpg?fit=1200%2C677&ssl=1\",\"contentUrl\":\"https:\\\/\\\/i0.wp.com\\\/landioustravel.com\\\/wp-content\\\/uploads\\\/2019\\\/04\\\/isis_dakka-e1600892518337.jpg?fit=1200%2C677&ssl=1\",\"width\":1200,\"height\":677,\"caption\":\"Goddess Isis in temple of Dakka\"},{\"@type\":\"BreadcrumbList\",\"@id\":\"https:\\\/\\\/landioustravel.com\\\/hu\\\/egyiptom\\\/egyiptomi-istensegek\\\/isis-istenno\\\/#breadcrumb\",\"itemListElement\":[{\"@type\":\"ListItem\",\"position\":1,\"name\":\"Home\",\"item\":\"https:\\\/\\\/landioustravel.com\\\/hu\\\/\"},{\"@type\":\"ListItem\",\"position\":2,\"name\":\"Egyiptom\",\"item\":\"https:\\\/\\\/landioustravel.com\\\/hu\\\/egyiptom\\\/\"},{\"@type\":\"ListItem\",\"position\":3,\"name\":\"Egyiptomi istens\u00e9gek\",\"item\":\"https:\\\/\\\/landioustravel.com\\\/hu\\\/egyiptom\\\/egyiptomi-istensegek\\\/\"},{\"@type\":\"ListItem\",\"position\":4,\"name\":\"Isis istenn\u0151\"}]},{\"@type\":\"WebSite\",\"@id\":\"https:\\\/\\\/landioustravel.com\\\/hu\\\/#website\",\"url\":\"https:\\\/\\\/landioustravel.com\\\/hu\\\/\",\"name\":\"Landious Travel\",\"description\":\"Excursions, trips and cruises in Egypt\",\"publisher\":{\"@id\":\"https:\\\/\\\/landioustravel.com\\\/hu\\\/#organization\"},\"potentialAction\":[{\"@type\":\"SearchAction\",\"target\":{\"@type\":\"EntryPoint\",\"urlTemplate\":\"https:\\\/\\\/landioustravel.com\\\/hu\\\/?s={search_term_string}\"},\"query-input\":{\"@type\":\"PropertyValueSpecification\",\"valueRequired\":true,\"valueName\":\"search_term_string\"}}],\"inLanguage\":\"hu\"},{\"@type\":[\"Organization\",\"Place\"],\"@id\":\"https:\\\/\\\/landioustravel.com\\\/hu\\\/#organization\",\"name\":\"Landious Travel\",\"alternateName\":\"Landious Travel\",\"url\":\"https:\\\/\\\/landioustravel.com\\\/hu\\\/\",\"logo\":{\"@id\":\"https:\\\/\\\/landioustravel.com\\\/hu\\\/egyiptom\\\/egyiptomi-istensegek\\\/isis-istenno\\\/#local-main-organization-logo\"},\"image\":{\"@id\":\"https:\\\/\\\/landioustravel.com\\\/hu\\\/egyiptom\\\/egyiptomi-istensegek\\\/isis-istenno\\\/#local-main-organization-logo\"},\"sameAs\":[\"https:\\\/\\\/web.facebook.com\\\/landiousEgypt\",\"https:\\\/\\\/x.com\\\/LandiousTours\",\"https:\\\/\\\/mastodon.social\\\/@landious\"],\"legalName\":\"Landious Travel\",\"telephone\":[],\"openingHoursSpecification\":[{\"@type\":\"OpeningHoursSpecification\",\"dayOfWeek\":[\"Monday\",\"Tuesday\",\"Wednesday\",\"Thursday\",\"Friday\",\"Saturday\",\"Sunday\"],\"opens\":\"09:00\",\"closes\":\"17:00\"}]},{\"@type\":\"ImageObject\",\"inLanguage\":\"hu\",\"@id\":\"https:\\\/\\\/landioustravel.com\\\/hu\\\/egyiptom\\\/egyiptomi-istensegek\\\/isis-istenno\\\/#local-main-organization-logo\",\"url\":\"https:\\\/\\\/i0.wp.com\\\/landioustravel.com\\\/wp-content\\\/uploads\\\/2021\\\/06\\\/Landious-T.png?fit=500%2C500&ssl=1\",\"contentUrl\":\"https:\\\/\\\/i0.wp.com\\\/landioustravel.com\\\/wp-content\\\/uploads\\\/2021\\\/06\\\/Landious-T.png?fit=500%2C500&ssl=1\",\"width\":500,\"height\":500,\"caption\":\"Landious Travel\"}]}<\/script>\n<!-- \/ Yoast SEO Premium plugin. -->","yoast_head_json":{"title":"Isis istenn\u0151","description":"Isis az \u00f3kori Egyiptom h\u00edres istenn\u0151i. A term\u00e9kenys\u00e9g, anyas\u00e1g, var\u00e1zslat, hal\u00e1l, gy\u00f3gyul\u00e1s \u00e9s \u00fajj\u00e1sz\u00fclet\u00e9s istenn\u0151je volt. Isis isteni csal\u00e1db\u00f3l sz\u00e1rmazott","robots":{"index":"index","follow":"follow","max-snippet":"max-snippet:-1","max-image-preview":"max-image-preview:large","max-video-preview":"max-video-preview:-1"},"canonical":"https:\/\/landioustravel.com\/hu\/egyiptom\/egyiptomi-istensegek\/isis-istenno\/","og_locale":"hu_HU","og_type":"article","og_title":"Isis istenn\u0151","og_description":"Isis az \u00f3kori Egyiptom h\u00edres istenn\u0151i. A term\u00e9kenys\u00e9g, anyas\u00e1g, var\u00e1zslat, hal\u00e1l, gy\u00f3gyul\u00e1s \u00e9s \u00fajj\u00e1sz\u00fclet\u00e9s istenn\u0151je volt. Isis isteni csal\u00e1db\u00f3l sz\u00e1rmazott","og_url":"https:\/\/landioustravel.com\/hu\/egyiptom\/egyiptomi-istensegek\/isis-istenno\/","og_site_name":"Landious Travel","article_publisher":"https:\/\/web.facebook.com\/landiousEgypt","article_modified_time":"2019-09-21T05:58:50+00:00","og_image":[{"width":1200,"height":677,"url":"https:\/\/i0.wp.com\/landioustravel.com\/wp-content\/uploads\/2019\/04\/isis_dakka-e1600892518337.jpg?fit=1200%2C677&ssl=1","type":"image\/jpeg"}],"twitter_card":"summary_large_image","twitter_site":"@LandiousTours","twitter_misc":{"Becs\u00fclt olvas\u00e1si id\u0151":"2 perc"},"schema":{"@context":"https:\/\/schema.org","@graph":[{"@type":"WebPage","@id":"https:\/\/landioustravel.com\/hu\/egyiptom\/egyiptomi-istensegek\/isis-istenno\/","url":"https:\/\/landioustravel.com\/hu\/egyiptom\/egyiptomi-istensegek\/isis-istenno\/","name":"Isis istenn\u0151","isPartOf":{"@id":"https:\/\/landioustravel.com\/hu\/#website"},"primaryImageOfPage":{"@id":"https:\/\/landioustravel.com\/hu\/egyiptom\/egyiptomi-istensegek\/isis-istenno\/#primaryimage"},"image":{"@id":"https:\/\/landioustravel.com\/hu\/egyiptom\/egyiptomi-istensegek\/isis-istenno\/#primaryimage"},"thumbnailUrl":"https:\/\/i0.wp.com\/landioustravel.com\/wp-content\/uploads\/2019\/04\/isis_dakka-e1600892518337.jpg?fit=1200%2C677&ssl=1","datePublished":"2019-09-21T05:58:48+00:00","dateModified":"2019-09-21T05:58:50+00:00","description":"Isis az \u00f3kori Egyiptom h\u00edres istenn\u0151i. A term\u00e9kenys\u00e9g, anyas\u00e1g, var\u00e1zslat, hal\u00e1l, gy\u00f3gyul\u00e1s \u00e9s \u00fajj\u00e1sz\u00fclet\u00e9s istenn\u0151je volt. Isis isteni csal\u00e1db\u00f3l sz\u00e1rmazott","breadcrumb":{"@id":"https:\/\/landioustravel.com\/hu\/egyiptom\/egyiptomi-istensegek\/isis-istenno\/#breadcrumb"},"inLanguage":"hu","potentialAction":[{"@type":"ReadAction","target":["https:\/\/landioustravel.com\/hu\/egyiptom\/egyiptomi-istensegek\/isis-istenno\/"]}]},{"@type":"ImageObject","inLanguage":"hu","@id":"https:\/\/landioustravel.com\/hu\/egyiptom\/egyiptomi-istensegek\/isis-istenno\/#primaryimage","url":"https:\/\/i0.wp.com\/landioustravel.com\/wp-content\/uploads\/2019\/04\/isis_dakka-e1600892518337.jpg?fit=1200%2C677&ssl=1","contentUrl":"https:\/\/i0.wp.com\/landioustravel.com\/wp-content\/uploads\/2019\/04\/isis_dakka-e1600892518337.jpg?fit=1200%2C677&ssl=1","width":1200,"height":677,"caption":"Goddess Isis in temple of Dakka"},{"@type":"BreadcrumbList","@id":"https:\/\/landioustravel.com\/hu\/egyiptom\/egyiptomi-istensegek\/isis-istenno\/#breadcrumb","itemListElement":[{"@type":"ListItem","position":1,"name":"Home","item":"https:\/\/landioustravel.com\/hu\/"},{"@type":"ListItem","position":2,"name":"Egyiptom","item":"https:\/\/landioustravel.com\/hu\/egyiptom\/"},{"@type":"ListItem","position":3,"name":"Egyiptomi istens\u00e9gek","item":"https:\/\/landioustravel.com\/hu\/egyiptom\/egyiptomi-istensegek\/"},{"@type":"ListItem","position":4,"name":"Isis istenn\u0151"}]},{"@type":"WebSite","@id":"https:\/\/landioustravel.com\/hu\/#website","url":"https:\/\/landioustravel.com\/hu\/","name":"Landious Travel","description":"Excursions, trips and cruises in Egypt","publisher":{"@id":"https:\/\/landioustravel.com\/hu\/#organization"},"potentialAction":[{"@type":"SearchAction","target":{"@type":"EntryPoint","urlTemplate":"https:\/\/landioustravel.com\/hu\/?s={search_term_string}"},"query-input":{"@type":"PropertyValueSpecification","valueRequired":true,"valueName":"search_term_string"}}],"inLanguage":"hu"},{"@type":["Organization","Place"],"@id":"https:\/\/landioustravel.com\/hu\/#organization","name":"Landious Travel","alternateName":"Landious Travel","url":"https:\/\/landioustravel.com\/hu\/","logo":{"@id":"https:\/\/landioustravel.com\/hu\/egyiptom\/egyiptomi-istensegek\/isis-istenno\/#local-main-organization-logo"},"image":{"@id":"https:\/\/landioustravel.com\/hu\/egyiptom\/egyiptomi-istensegek\/isis-istenno\/#local-main-organization-logo"},"sameAs":["https:\/\/web.facebook.com\/landiousEgypt","https:\/\/x.com\/LandiousTours","https:\/\/mastodon.social\/@landious"],"legalName":"Landious Travel","telephone":[],"openingHoursSpecification":[{"@type":"OpeningHoursSpecification","dayOfWeek":["Monday","Tuesday","Wednesday","Thursday","Friday","Saturday","Sunday"],"opens":"09:00","closes":"17:00"}]},{"@type":"ImageObject","inLanguage":"hu","@id":"https:\/\/landioustravel.com\/hu\/egyiptom\/egyiptomi-istensegek\/isis-istenno\/#local-main-organization-logo","url":"https:\/\/i0.wp.com\/landioustravel.com\/wp-content\/uploads\/2021\/06\/Landious-T.png?fit=500%2C500&ssl=1","contentUrl":"https:\/\/i0.wp.com\/landioustravel.com\/wp-content\/uploads\/2021\/06\/Landious-T.png?fit=500%2C500&ssl=1","width":500,"height":500,"caption":"Landious Travel"}]}},"uagb_featured_image_src":{"full":["https:\/\/i0.wp.com\/landioustravel.com\/wp-content\/uploads\/2019\/04\/isis_dakka-e1600892518337.jpg?fit=1200%2C677&ssl=1",1200,677,false],"thumbnail":["https:\/\/i0.wp.com\/landioustravel.com\/wp-content\/uploads\/2019\/04\/isis_dakka-e1600892518337.jpg?resize=150%2C150&ssl=1",150,150,true],"medium":["https:\/\/i0.wp.com\/landioustravel.com\/wp-content\/uploads\/2019\/04\/isis_dakka-e1600892518337.jpg?fit=300%2C169&ssl=1",300,169,true],"medium_large":["https:\/\/i0.wp.com\/landioustravel.com\/wp-content\/uploads\/2019\/04\/isis_dakka-e1600892518337.jpg?fit=768%2C433&ssl=1",768,433,true],"large":["https:\/\/i0.wp.com\/landioustravel.com\/wp-content\/uploads\/2019\/04\/isis_dakka-e1600892518337.jpg?fit=980%2C553&ssl=1",980,553,true],"1536x1536":["https:\/\/i0.wp.com\/landioustravel.com\/wp-content\/uploads\/2019\/04\/isis_dakka-e1600892518337.jpg?fit=1536%2C867&ssl=1",1536,867,true],"2048x2048":["https:\/\/i0.wp.com\/landioustravel.com\/wp-content\/uploads\/2019\/04\/isis_dakka-e1600892518337.jpg?fit=2048%2C1155&ssl=1",2048,1155,true],"newspack-article-block-landscape-large":["https:\/\/i0.wp.com\/landioustravel.com\/wp-content\/uploads\/2019\/04\/isis_dakka-e1600892518337.jpg?resize=1200%2C677&ssl=1",1200,900,true],"newspack-article-block-portrait-large":["https:\/\/i0.wp.com\/landioustravel.com\/wp-content\/uploads\/2019\/04\/isis_dakka-e1600892518337.jpg?resize=900%2C677&ssl=1",900,677,true],"newspack-article-block-square-large":["https:\/\/i0.wp.com\/landioustravel.com\/wp-content\/uploads\/2019\/04\/isis_dakka-e1600892518337.jpg?resize=1200%2C677&ssl=1",1200,1200,true],"newspack-article-block-landscape-medium":["https:\/\/i0.wp.com\/landioustravel.com\/wp-content\/uploads\/2019\/04\/isis_dakka-e1600892518337.jpg?resize=800%2C600&ssl=1",800,600,true],"newspack-article-block-portrait-medium":["https:\/\/i0.wp.com\/landioustravel.com\/wp-content\/uploads\/2019\/04\/isis_dakka-e1600892518337.jpg?resize=600%2C677&ssl=1",600,677,true],"newspack-article-block-square-medium":["https:\/\/i0.wp.com\/landioustravel.com\/wp-content\/uploads\/2019\/04\/isis_dakka-e1600892518337.jpg?resize=800%2C677&ssl=1",800,677,true],"newspack-article-block-landscape-intermediate":["https:\/\/i0.wp.com\/landioustravel.com\/wp-content\/uploads\/2019\/04\/isis_dakka-e1600892518337.jpg?resize=600%2C450&ssl=1",600,450,true],"newspack-article-block-portrait-intermediate":["https:\/\/i0.wp.com\/landioustravel.com\/wp-content\/uploads\/2019\/04\/isis_dakka-e1600892518337.jpg?resize=450%2C600&ssl=1",450,600,true],"newspack-article-block-square-intermediate":["https:\/\/i0.wp.com\/landioustravel.com\/wp-content\/uploads\/2019\/04\/isis_dakka-e1600892518337.jpg?resize=600%2C600&ssl=1",600,600,true],"newspack-article-block-landscape-small":["https:\/\/i0.wp.com\/landioustravel.com\/wp-content\/uploads\/2019\/04\/isis_dakka-e1600892518337.jpg?resize=400%2C300&ssl=1",400,300,true],"newspack-article-block-portrait-small":["https:\/\/i0.wp.com\/landioustravel.com\/wp-content\/uploads\/2019\/04\/isis_dakka-e1600892518337.jpg?resize=300%2C400&ssl=1",300,400,true],"newspack-article-block-square-small":["https:\/\/i0.wp.com\/landioustravel.com\/wp-content\/uploads\/2019\/04\/isis_dakka-e1600892518337.jpg?resize=400%2C400&ssl=1",400,400,true],"newspack-article-block-landscape-tiny":["https:\/\/i0.wp.com\/landioustravel.com\/wp-content\/uploads\/2019\/04\/isis_dakka-e1600892518337.jpg?resize=200%2C150&ssl=1",200,150,true],"newspack-article-block-portrait-tiny":["https:\/\/i0.wp.com\/landioustravel.com\/wp-content\/uploads\/2019\/04\/isis_dakka-e1600892518337.jpg?resize=150%2C200&ssl=1",150,200,true],"newspack-article-block-square-tiny":["https:\/\/i0.wp.com\/landioustravel.com\/wp-content\/uploads\/2019\/04\/isis_dakka-e1600892518337.jpg?resize=200%2C200&ssl=1",200,200,true],"newspack-article-block-uncropped":["https:\/\/i0.wp.com\/landioustravel.com\/wp-content\/uploads\/2019\/04\/isis_dakka-e1600892518337.jpg?fit=1200%2C677&ssl=1",1200,677,true],"woocommerce_thumbnail":["https:\/\/i0.wp.com\/landioustravel.com\/wp-content\/uploads\/2019\/04\/isis_dakka-e1600892518337.jpg?resize=324%2C324&ssl=1",324,324,true],"woocommerce_single":["https:\/\/i0.wp.com\/landioustravel.com\/wp-content\/uploads\/2019\/04\/isis_dakka-e1600892518337.jpg?fit=416%2C235&ssl=1",416,235,true],"woocommerce_gallery_thumbnail":["https:\/\/i0.wp.com\/landioustravel.com\/wp-content\/uploads\/2019\/04\/isis_dakka-e1600892518337.jpg?resize=100%2C100&ssl=1",100,100,true]},"uagb_author_info":{"display_name":"Mofreh Landious","author_link":"https:\/\/landioustravel.com\/hu\/author\/landious\/"},"uagb_comment_info":0,"uagb_excerpt":"Isis az \u00f3kori Egyiptom h\u00edres istenn\u0151i. A term\u00e9kenys\u00e9g, anyas\u00e1g, var\u00e1zslat, hal\u00e1l, gy\u00f3gyul\u00e1s \u00e9s \u00fajj\u00e1sz\u00fclet\u00e9s istenn\u0151je volt. Isis isteni csal\u00e1db\u00f3l sz\u00e1rmazott. Geb, a f\u00f6ld isten\u00e9nek \u00e9s Nut, az \u00e9g istenn\u0151j\u00e9nek els\u0151 l\u00e1nya volt. Isis testv\u00e9r\u00e9vel, Osirissel feles\u00e9g\u00fcl ment, \u00e9s Horus istennek sz\u00fcletett. Isis isteni helyzete az \u00f3kori Egyiptomban Isis istenn\u0151t el\u0151sz\u00f6r az \u00d3 Kir\u00e1lys\u00e1gban eml\u00edtik, mint&hellip;","jetpack_sharing_enabled":true,"jetpack_shortlink":"https:\/\/wp.me\/Par4r5-584","jetpack_likes_enabled":true,"amp_enabled":true,"_links":{"self":[{"href":"https:\/\/landioustravel.com\/hu\/wp-json\/wp\/v2\/pages\/19720","targetHints":{"allow":["GET"]}}],"collection":[{"href":"https:\/\/landioustravel.com\/hu\/wp-json\/wp\/v2\/pages"}],"about":[{"href":"https:\/\/landioustravel.com\/hu\/wp-json\/wp\/v2\/types\/page"}],"author":[{"embeddable":true,"href":"https:\/\/landioustravel.com\/hu\/wp-json\/wp\/v2\/users\/1"}],"replies":[{"embeddable":true,"href":"https:\/\/landioustravel.com\/hu\/wp-json\/wp\/v2\/comments?post=19720"}],"version-history":[{"count":0,"href":"https:\/\/landioustravel.com\/hu\/wp-json\/wp\/v2\/pages\/19720\/revisions"}],"up":[{"embeddable":true,"href":"https:\/\/landioustravel.com\/hu\/wp-json\/wp\/v2\/pages\/19642"}],"wp:featuredmedia":[{"embeddable":true,"href":"https:\/\/landioustravel.com\/hu\/wp-json\/wp\/v2\/media\/19723"}],"wp:attachment":[{"href":"https:\/\/landioustravel.com\/hu\/wp-json\/wp\/v2\/media?parent=19720"}],"curies":[{"name":"wp","href":"https:\/\/api.w.org\/{rel}","templated":true}]}}