{"id":20098,"date":"2019-10-05T08:32:24","date_gmt":"2019-10-05T06:32:24","guid":{"rendered":"https:\/\/landioustravel.com\/?page_id=20098"},"modified":"2019-10-05T08:32:26","modified_gmt":"2019-10-05T06:32:26","slug":"egyiptomi-varosok","status":"publish","type":"page","link":"https:\/\/landioustravel.com\/hu\/egyiptom\/egyiptomi-varosok\/","title":{"rendered":"Egyiptomi v\u00e1rosok"},"content":{"rendered":"\n<p><amp-fit-text layout=\"fixed-height\" min-font-size=\"6\" max-font-size=\"72\" height=\"80\">Ha \u00e1tn\u00e9zz\u00fck Egyiptom t\u00e9rk\u00e9p\u00e9t, meg\u00e1llap\u00edthatjuk, hogy az egyiptomi korm\u00e1nyz\u00f3k, v\u00e1rosok t\u00f6bbs\u00e9ge a N\u00edlus foly\u00f3 ment\u00e9n fekszik. Egyiptomban t\u00f6bb mint 200 v\u00e1ros \u00e9l, 15000 f\u0151n\u00e9l t\u00f6bb n\u00e9pess\u00e9ggel.<\/amp-fit-text><\/p>\n\n\n\n<amp-fit-text layout=\"fixed-height\" min-font-size=\"6\" max-font-size=\"72\" height=\"80\"><h2 class=\"wp-block-heading\">K\u00f6zigazgat\u00e1si r\u00e9szlegek Egyiptomban<\/h2><\/amp-fit-text>\n\n\n\n<p><amp-fit-text layout=\"fixed-height\" min-font-size=\"6\" max-font-size=\"72\" height=\"80\">K\u00f6zigazgat\u00e1si szempontb\u00f3l Egyiptom 27 korm\u00e1nyzatra oszlik. Ennek megfelel\u0151en mindegyik tartom\u00e1nyt egy korm\u00e1nyz\u00f3 ir\u00e1ny\u00edtja, akit Egyiptom eln\u00f6ke nevez ki.<\/amp-fit-text><\/p>\n\n\n\n<ul class=\"wp-block-list\"><li>Aswan<\/li><li> Asyut<\/li><li> Al-Bahr Al-Ahmar (V\u00f6r\u00f6s-tenger)<\/li><li> Al-Buhayrah<\/li><li> Port Said<\/li><li> Kair\u00f3<\/li><li> Dakahlia<\/li><li> Damietta<\/li><li> Fayyum<\/li><li> Al-Gharbiyyah<\/li><li> Alexandria<\/li><li> Ismailia<\/li><li> D\u00e9l-S\u00ednai-f\u00e9lsziget<\/li><li> \u00c9szak-S\u00ednai-f\u00e9lsziget<\/li><li> Giza<\/li><li> Kafr El-Shaykh<\/li><li> Matruh<\/li><li> Al-Minufiyyah<\/li><li> Al-Minya<\/li><li> Al-Qalyubiyyah<\/li><li> Qena<\/li><li> Al-Sharqiyyah<\/li><li> Sohag<\/li><li> Suez<\/li><li> Luxor<\/li><li> Al-Wadi Al-Jadid<\/li><\/ul>\n","protected":false},"excerpt":{"rendered":"<p>Ha \u00e1tn\u00e9zz\u00fck Egyiptom t\u00e9rk\u00e9p\u00e9t, meg\u00e1llap\u00edthatjuk, hogy az egyiptomi korm\u00e1nyz\u00f3k, v\u00e1rosok t\u00f6bbs\u00e9ge a N\u00edlus foly\u00f3 ment\u00e9n fekszik. Egyiptomban t\u00f6bb mint 200 v\u00e1ros \u00e9l, 15000 f\u0151n\u00e9l t\u00f6bb n\u00e9pess\u00e9ggel. K\u00f6zigazgat\u00e1si r\u00e9szlegek Egyiptomban K\u00f6zigazgat\u00e1si szempontb\u00f3l Egyiptom 27 korm\u00e1nyzatra oszlik. Ennek megfelel\u0151en mindegyik tartom\u00e1nyt egy korm\u00e1nyz\u00f3 ir\u00e1ny\u00edtja, akit Egyiptom eln\u00f6ke nevez ki. Aswan Asyut Al-Bahr Al-Ahmar (V\u00f6r\u00f6s-tenger) Al-Buhayrah Port Said [&hellip;]<\/p>\n","protected":false},"author":1,"featured_media":0,"parent":16807,"menu_order":2,"comment_status":"open","ping_status":"closed","template":"","meta":{"_coblocks_attr":"","_coblocks_dimensions":"","_coblocks_responsive_height":"","_coblocks_accordion_ie_support":"","_uag_custom_page_level_css":"","footnotes":""},"class_list":["post-20098","page","type-page","status-publish","hentry"],"yoast_head":"<!-- This site is optimized with the Yoast SEO Premium plugin v27.5 (Yoast SEO v27.5) - https:\/\/yoast.com\/product\/yoast-seo-premium-wordpress\/ -->\n<title>Egyiptomi v\u00e1rosok<\/title>\n<meta name=\"description\" content=\"Ha \u00e1tn\u00e9zz\u00fck Egyiptom t\u00e9rk\u00e9p\u00e9t, meg\u00e1llap\u00edthatjuk, hogy az egyiptomi korm\u00e1nyz\u00f3k, v\u00e1rosok t\u00f6bbs\u00e9ge a N\u00edlus foly\u00f3 ment\u00e9n fekszik. Egyiptomban t\u00f6bb mint 200 v\u00e1ros \u00e9l, 15000 f\u0151n\u00e9l t\u00f6bb n\u00e9pess\u00e9ggel\" \/>\n<meta name=\"robots\" content=\"index, follow, max-snippet:-1, max-image-preview:large, max-video-preview:-1\" \/>\n<link rel=\"canonical\" href=\"https:\/\/landioustravel.com\/hu\/egyiptom\/egyiptomi-varosok\/\" \/>\n<meta property=\"og:locale\" content=\"hu_HU\" \/>\n<meta property=\"og:type\" content=\"article\" \/>\n<meta property=\"og:title\" content=\"Egyiptomi v\u00e1rosok\" \/>\n<meta property=\"og:description\" content=\"Ha \u00e1tn\u00e9zz\u00fck Egyiptom t\u00e9rk\u00e9p\u00e9t, meg\u00e1llap\u00edthatjuk, hogy az egyiptomi korm\u00e1nyz\u00f3k, v\u00e1rosok t\u00f6bbs\u00e9ge a N\u00edlus foly\u00f3 ment\u00e9n fekszik. Egyiptomban t\u00f6bb mint 200 v\u00e1ros \u00e9l, 15000 f\u0151n\u00e9l t\u00f6bb n\u00e9pess\u00e9ggel\" \/>\n<meta property=\"og:url\" content=\"https:\/\/landioustravel.com\/hu\/egyiptom\/egyiptomi-varosok\/\" \/>\n<meta property=\"og:site_name\" content=\"Landious Travel\" \/>\n<meta property=\"article:publisher\" content=\"https:\/\/web.facebook.com\/landiousEgypt\" \/>\n<meta property=\"article:modified_time\" content=\"2019-10-05T06:32:26+00:00\" \/>\n<meta name=\"twitter:card\" content=\"summary_large_image\" \/>\n<meta name=\"twitter:site\" content=\"@LandiousTours\" \/>\n<meta name=\"twitter:label1\" content=\"Becs\u00fclt olvas\u00e1si id\u0151\" \/>\n\t<meta name=\"twitter:data1\" content=\"1 perc\" \/>\n<script type=\"application\/ld+json\" class=\"yoast-schema-graph\">{\"@context\":\"https:\\\/\\\/schema.org\",\"@graph\":[{\"@type\":\"WebPage\",\"@id\":\"https:\\\/\\\/landioustravel.com\\\/hu\\\/egyiptom\\\/egyiptomi-varosok\\\/\",\"url\":\"https:\\\/\\\/landioustravel.com\\\/hu\\\/egyiptom\\\/egyiptomi-varosok\\\/\",\"name\":\"Egyiptomi v\u00e1rosok\",\"isPartOf\":{\"@id\":\"https:\\\/\\\/landioustravel.com\\\/hu\\\/#website\"},\"datePublished\":\"2019-10-05T06:32:24+00:00\",\"dateModified\":\"2019-10-05T06:32:26+00:00\",\"description\":\"Ha \u00e1tn\u00e9zz\u00fck Egyiptom t\u00e9rk\u00e9p\u00e9t, meg\u00e1llap\u00edthatjuk, hogy az egyiptomi korm\u00e1nyz\u00f3k, v\u00e1rosok t\u00f6bbs\u00e9ge a N\u00edlus foly\u00f3 ment\u00e9n fekszik. Egyiptomban t\u00f6bb mint 200 v\u00e1ros \u00e9l, 15000 f\u0151n\u00e9l t\u00f6bb n\u00e9pess\u00e9ggel\",\"breadcrumb\":{\"@id\":\"https:\\\/\\\/landioustravel.com\\\/hu\\\/egyiptom\\\/egyiptomi-varosok\\\/#breadcrumb\"},\"inLanguage\":\"hu\",\"potentialAction\":[{\"@type\":\"ReadAction\",\"target\":[\"https:\\\/\\\/landioustravel.com\\\/hu\\\/egyiptom\\\/egyiptomi-varosok\\\/\"]}]},{\"@type\":\"BreadcrumbList\",\"@id\":\"https:\\\/\\\/landioustravel.com\\\/hu\\\/egyiptom\\\/egyiptomi-varosok\\\/#breadcrumb\",\"itemListElement\":[{\"@type\":\"ListItem\",\"position\":1,\"name\":\"Home\",\"item\":\"https:\\\/\\\/landioustravel.com\\\/hu\\\/\"},{\"@type\":\"ListItem\",\"position\":2,\"name\":\"Egyiptom\",\"item\":\"https:\\\/\\\/landioustravel.com\\\/hu\\\/egyiptom\\\/\"},{\"@type\":\"ListItem\",\"position\":3,\"name\":\"Egyiptomi v\u00e1rosok\"}]},{\"@type\":\"WebSite\",\"@id\":\"https:\\\/\\\/landioustravel.com\\\/hu\\\/#website\",\"url\":\"https:\\\/\\\/landioustravel.com\\\/hu\\\/\",\"name\":\"Landious Travel\",\"description\":\"Excursions, trips and cruises in Egypt\",\"publisher\":{\"@id\":\"https:\\\/\\\/landioustravel.com\\\/hu\\\/#organization\"},\"potentialAction\":[{\"@type\":\"SearchAction\",\"target\":{\"@type\":\"EntryPoint\",\"urlTemplate\":\"https:\\\/\\\/landioustravel.com\\\/hu\\\/?s={search_term_string}\"},\"query-input\":{\"@type\":\"PropertyValueSpecification\",\"valueRequired\":true,\"valueName\":\"search_term_string\"}}],\"inLanguage\":\"hu\"},{\"@type\":[\"Organization\",\"Place\"],\"@id\":\"https:\\\/\\\/landioustravel.com\\\/hu\\\/#organization\",\"name\":\"Landious Travel\",\"alternateName\":\"Landious Travel\",\"url\":\"https:\\\/\\\/landioustravel.com\\\/hu\\\/\",\"logo\":{\"@id\":\"https:\\\/\\\/landioustravel.com\\\/hu\\\/egyiptom\\\/egyiptomi-varosok\\\/#local-main-organization-logo\"},\"image\":{\"@id\":\"https:\\\/\\\/landioustravel.com\\\/hu\\\/egyiptom\\\/egyiptomi-varosok\\\/#local-main-organization-logo\"},\"sameAs\":[\"https:\\\/\\\/web.facebook.com\\\/landiousEgypt\",\"https:\\\/\\\/x.com\\\/LandiousTours\",\"https:\\\/\\\/mastodon.social\\\/@landious\"],\"legalName\":\"Landious Travel\",\"telephone\":[],\"openingHoursSpecification\":[{\"@type\":\"OpeningHoursSpecification\",\"dayOfWeek\":[\"Monday\",\"Tuesday\",\"Wednesday\",\"Thursday\",\"Friday\",\"Saturday\",\"Sunday\"],\"opens\":\"09:00\",\"closes\":\"17:00\"}]},{\"@type\":\"ImageObject\",\"inLanguage\":\"hu\",\"@id\":\"https:\\\/\\\/landioustravel.com\\\/hu\\\/egyiptom\\\/egyiptomi-varosok\\\/#local-main-organization-logo\",\"url\":\"https:\\\/\\\/i0.wp.com\\\/landioustravel.com\\\/wp-content\\\/uploads\\\/2021\\\/06\\\/Landious-T.png?fit=500%2C500&ssl=1\",\"contentUrl\":\"https:\\\/\\\/i0.wp.com\\\/landioustravel.com\\\/wp-content\\\/uploads\\\/2021\\\/06\\\/Landious-T.png?fit=500%2C500&ssl=1\",\"width\":500,\"height\":500,\"caption\":\"Landious Travel\"}]}<\/script>\n<!-- \/ Yoast SEO Premium plugin. -->","yoast_head_json":{"title":"Egyiptomi v\u00e1rosok","description":"Ha \u00e1tn\u00e9zz\u00fck Egyiptom t\u00e9rk\u00e9p\u00e9t, meg\u00e1llap\u00edthatjuk, hogy az egyiptomi korm\u00e1nyz\u00f3k, v\u00e1rosok t\u00f6bbs\u00e9ge a N\u00edlus foly\u00f3 ment\u00e9n fekszik. Egyiptomban t\u00f6bb mint 200 v\u00e1ros \u00e9l, 15000 f\u0151n\u00e9l t\u00f6bb n\u00e9pess\u00e9ggel","robots":{"index":"index","follow":"follow","max-snippet":"max-snippet:-1","max-image-preview":"max-image-preview:large","max-video-preview":"max-video-preview:-1"},"canonical":"https:\/\/landioustravel.com\/hu\/egyiptom\/egyiptomi-varosok\/","og_locale":"hu_HU","og_type":"article","og_title":"Egyiptomi v\u00e1rosok","og_description":"Ha \u00e1tn\u00e9zz\u00fck Egyiptom t\u00e9rk\u00e9p\u00e9t, meg\u00e1llap\u00edthatjuk, hogy az egyiptomi korm\u00e1nyz\u00f3k, v\u00e1rosok t\u00f6bbs\u00e9ge a N\u00edlus foly\u00f3 ment\u00e9n fekszik. Egyiptomban t\u00f6bb mint 200 v\u00e1ros \u00e9l, 15000 f\u0151n\u00e9l t\u00f6bb n\u00e9pess\u00e9ggel","og_url":"https:\/\/landioustravel.com\/hu\/egyiptom\/egyiptomi-varosok\/","og_site_name":"Landious Travel","article_publisher":"https:\/\/web.facebook.com\/landiousEgypt","article_modified_time":"2019-10-05T06:32:26+00:00","twitter_card":"summary_large_image","twitter_site":"@LandiousTours","twitter_misc":{"Becs\u00fclt olvas\u00e1si id\u0151":"1 perc"},"schema":{"@context":"https:\/\/schema.org","@graph":[{"@type":"WebPage","@id":"https:\/\/landioustravel.com\/hu\/egyiptom\/egyiptomi-varosok\/","url":"https:\/\/landioustravel.com\/hu\/egyiptom\/egyiptomi-varosok\/","name":"Egyiptomi v\u00e1rosok","isPartOf":{"@id":"https:\/\/landioustravel.com\/hu\/#website"},"datePublished":"2019-10-05T06:32:24+00:00","dateModified":"2019-10-05T06:32:26+00:00","description":"Ha \u00e1tn\u00e9zz\u00fck Egyiptom t\u00e9rk\u00e9p\u00e9t, meg\u00e1llap\u00edthatjuk, hogy az egyiptomi korm\u00e1nyz\u00f3k, v\u00e1rosok t\u00f6bbs\u00e9ge a N\u00edlus foly\u00f3 ment\u00e9n fekszik. Egyiptomban t\u00f6bb mint 200 v\u00e1ros \u00e9l, 15000 f\u0151n\u00e9l t\u00f6bb n\u00e9pess\u00e9ggel","breadcrumb":{"@id":"https:\/\/landioustravel.com\/hu\/egyiptom\/egyiptomi-varosok\/#breadcrumb"},"inLanguage":"hu","potentialAction":[{"@type":"ReadAction","target":["https:\/\/landioustravel.com\/hu\/egyiptom\/egyiptomi-varosok\/"]}]},{"@type":"BreadcrumbList","@id":"https:\/\/landioustravel.com\/hu\/egyiptom\/egyiptomi-varosok\/#breadcrumb","itemListElement":[{"@type":"ListItem","position":1,"name":"Home","item":"https:\/\/landioustravel.com\/hu\/"},{"@type":"ListItem","position":2,"name":"Egyiptom","item":"https:\/\/landioustravel.com\/hu\/egyiptom\/"},{"@type":"ListItem","position":3,"name":"Egyiptomi v\u00e1rosok"}]},{"@type":"WebSite","@id":"https:\/\/landioustravel.com\/hu\/#website","url":"https:\/\/landioustravel.com\/hu\/","name":"Landious Travel","description":"Excursions, trips and cruises in Egypt","publisher":{"@id":"https:\/\/landioustravel.com\/hu\/#organization"},"potentialAction":[{"@type":"SearchAction","target":{"@type":"EntryPoint","urlTemplate":"https:\/\/landioustravel.com\/hu\/?s={search_term_string}"},"query-input":{"@type":"PropertyValueSpecification","valueRequired":true,"valueName":"search_term_string"}}],"inLanguage":"hu"},{"@type":["Organization","Place"],"@id":"https:\/\/landioustravel.com\/hu\/#organization","name":"Landious Travel","alternateName":"Landious Travel","url":"https:\/\/landioustravel.com\/hu\/","logo":{"@id":"https:\/\/landioustravel.com\/hu\/egyiptom\/egyiptomi-varosok\/#local-main-organization-logo"},"image":{"@id":"https:\/\/landioustravel.com\/hu\/egyiptom\/egyiptomi-varosok\/#local-main-organization-logo"},"sameAs":["https:\/\/web.facebook.com\/landiousEgypt","https:\/\/x.com\/LandiousTours","https:\/\/mastodon.social\/@landious"],"legalName":"Landious Travel","telephone":[],"openingHoursSpecification":[{"@type":"OpeningHoursSpecification","dayOfWeek":["Monday","Tuesday","Wednesday","Thursday","Friday","Saturday","Sunday"],"opens":"09:00","closes":"17:00"}]},{"@type":"ImageObject","inLanguage":"hu","@id":"https:\/\/landioustravel.com\/hu\/egyiptom\/egyiptomi-varosok\/#local-main-organization-logo","url":"https:\/\/i0.wp.com\/landioustravel.com\/wp-content\/uploads\/2021\/06\/Landious-T.png?fit=500%2C500&ssl=1","contentUrl":"https:\/\/i0.wp.com\/landioustravel.com\/wp-content\/uploads\/2021\/06\/Landious-T.png?fit=500%2C500&ssl=1","width":500,"height":500,"caption":"Landious Travel"}]}},"uagb_featured_image_src":{"full":false,"thumbnail":false,"medium":false,"medium_large":false,"large":false,"1536x1536":false,"2048x2048":false,"newspack-article-block-landscape-large":false,"newspack-article-block-portrait-large":false,"newspack-article-block-square-large":false,"newspack-article-block-landscape-medium":false,"newspack-article-block-portrait-medium":false,"newspack-article-block-square-medium":false,"newspack-article-block-landscape-intermediate":false,"newspack-article-block-portrait-intermediate":false,"newspack-article-block-square-intermediate":false,"newspack-article-block-landscape-small":false,"newspack-article-block-portrait-small":false,"newspack-article-block-square-small":false,"newspack-article-block-landscape-tiny":false,"newspack-article-block-portrait-tiny":false,"newspack-article-block-square-tiny":false,"newspack-article-block-uncropped":false,"woocommerce_thumbnail":false,"woocommerce_single":false,"woocommerce_gallery_thumbnail":false},"uagb_author_info":{"display_name":"Mofreh Landious","author_link":"https:\/\/landioustravel.com\/hu\/author\/landious\/"},"uagb_comment_info":0,"uagb_excerpt":"Ha \u00e1tn\u00e9zz\u00fck Egyiptom t\u00e9rk\u00e9p\u00e9t, meg\u00e1llap\u00edthatjuk, hogy az egyiptomi korm\u00e1nyz\u00f3k, v\u00e1rosok t\u00f6bbs\u00e9ge a N\u00edlus foly\u00f3 ment\u00e9n fekszik. Egyiptomban t\u00f6bb mint 200 v\u00e1ros \u00e9l, 15000 f\u0151n\u00e9l t\u00f6bb n\u00e9pess\u00e9ggel. K\u00f6zigazgat\u00e1si r\u00e9szlegek Egyiptomban K\u00f6zigazgat\u00e1si szempontb\u00f3l Egyiptom 27 korm\u00e1nyzatra oszlik. Ennek megfelel\u0151en mindegyik tartom\u00e1nyt egy korm\u00e1nyz\u00f3 ir\u00e1ny\u00edtja, akit Egyiptom eln\u00f6ke nevez ki. Aswan Asyut Al-Bahr Al-Ahmar (V\u00f6r\u00f6s-tenger) Al-Buhayrah Port Said&hellip;","jetpack_sharing_enabled":true,"jetpack_shortlink":"https:\/\/wp.me\/Par4r5-5ea","jetpack_likes_enabled":true,"amp_enabled":true,"_links":{"self":[{"href":"https:\/\/landioustravel.com\/hu\/wp-json\/wp\/v2\/pages\/20098","targetHints":{"allow":["GET"]}}],"collection":[{"href":"https:\/\/landioustravel.com\/hu\/wp-json\/wp\/v2\/pages"}],"about":[{"href":"https:\/\/landioustravel.com\/hu\/wp-json\/wp\/v2\/types\/page"}],"author":[{"embeddable":true,"href":"https:\/\/landioustravel.com\/hu\/wp-json\/wp\/v2\/users\/1"}],"replies":[{"embeddable":true,"href":"https:\/\/landioustravel.com\/hu\/wp-json\/wp\/v2\/comments?post=20098"}],"version-history":[{"count":0,"href":"https:\/\/landioustravel.com\/hu\/wp-json\/wp\/v2\/pages\/20098\/revisions"}],"up":[{"embeddable":true,"href":"https:\/\/landioustravel.com\/hu\/wp-json\/wp\/v2\/pages\/16807"}],"wp:attachment":[{"href":"https:\/\/landioustravel.com\/hu\/wp-json\/wp\/v2\/media?parent=20098"}],"curies":[{"name":"wp","href":"https:\/\/api.w.org\/{rel}","templated":true}]}}