{"id":20115,"date":"2019-10-05T11:25:06","date_gmt":"2019-10-05T09:25:06","guid":{"rendered":"https:\/\/landioustravel.com\/?page_id=20115"},"modified":"2019-10-05T11:25:07","modified_gmt":"2019-10-05T09:25:07","slug":"luxori-kormanyzosag","status":"publish","type":"page","link":"https:\/\/landioustravel.com\/hu\/egyiptom\/egyiptomi-varosok\/luxori-kormanyzosag\/","title":{"rendered":"Luxori korm\u00e1nyz\u00f3s\u00e1g"},"content":{"rendered":"\n<p><amp-fit-text layout=\"fixed-height\" min-font-size=\"6\" max-font-size=\"72\" height=\"80\">A Luxori korm\u00e1nyz\u00f3s\u00e1g 110 km-re ny\u00falik a N\u00edlus foly\u00f3 ment\u00e9n, \u00e9s 635 km-re fekszik Kair\u00f3t\u00f3l. \u00c9szaki r\u00e9sz\u00e9n a Qena korm\u00e1nyzat, d\u00e9len az Aswan korm\u00e1nyz\u00f3, a keletre Al-Bahr Al-Ahmar (V\u00f6r\u00f6s-tenger) \u00e9s nyugaton az \u00daj-v\u00f6lgy korm\u00e1nyzata hat\u00e1ros.<\/amp-fit-text><\/p>\n\n\n\n<amp-fit-text layout=\"fixed-height\" min-font-size=\"6\" max-font-size=\"72\" height=\"80\"><h2 class=\"wp-block-heading\">A korm\u00e1nyzat t\u00f6rt\u00e9nete<\/h2><\/amp-fit-text>\n\n\n\n<p><amp-fit-text layout=\"fixed-height\" min-font-size=\"6\" max-font-size=\"72\" height=\"80\">A v\u00e1ros jelent\u0151s\u00e9ge m\u00e1r a 11. dinasztia kezdet\u00e9n kezd\u0151d\u00f6tt, amikor Luxor Egyiptom f\u0151v\u00e1rosa lett, \u00e9s Amun isten dics\u0151s\u00e9ges v\u00e1rosa. A II. Montuhotept\u0151l kezdve, aki az els\u0151 k\u00f6zbens\u0151 id\u0151szak bajai ut\u00e1n egyes\u00edtette Egyiptomot, a v\u00e1ros jelent\u0151s politikai \u00e9s vall\u00e1si szerepet j\u00e1tszott az orsz\u00e1gban. Luxor dics\u0151s\u00e9ge sok\u00e1ig tartott az \u00daj Kir\u00e1lys\u00e1g f\u00e1ra\u00f3i alatt.<\/amp-fit-text><\/p>\n\n\n\n<p><amp-fit-text layout=\"fixed-height\" min-font-size=\"6\" max-font-size=\"72\" height=\"80\">K\u00e9s\u0151bb Muhammad Ali, aki 1805-ben kezdett uralkodni Egyiptomban, igazgat\u00f3s\u00e1gokra osztotta az orsz\u00e1got. Ezen igazgat\u00f3s\u00e1gok egyik\u00e9t Girga vagy Fels\u0151-Egyiptomnak h\u00edvt\u00e1k. Ennek megfelel\u0151en ennek az igazgat\u00f3s\u00e1gnak sz\u00e1mos v\u00e1ros volt \u00e9szakon Mishta \u00e9s Qena; \u00e9s Esna, d\u00e9len. Addigra Luxor csak egy v\u00e1ros volt ebben az igazgat\u00f3s\u00e1gban.<\/amp-fit-text><\/p>\n\n\n\n<p><amp-fit-text layout=\"fixed-height\" min-font-size=\"6\" max-font-size=\"72\" height=\"80\">Az 1960-as \u00faj demonstr\u00e1ci\u00f3s r\u00e9szlegekkel a korm\u00e1nyzatok sz\u00e1m\u00e1ra Girga d\u00e9li r\u00e9sz\u00e9nek nagy r\u00e9sz\u00e9t elvesztette, \u00e9s egy m\u00e1sik korm\u00e1nyz\u00f3 (Qena) sz\u00e9tv\u00e1lott bel\u0151le. Ism\u00e9t Luxor csak egy v\u00e1ros ebben a korm\u00e1nyz\u00f3s\u00e1gban.<\/amp-fit-text><\/p>\n\n\n\n<p><amp-fit-text layout=\"fixed-height\" min-font-size=\"6\" max-font-size=\"72\" height=\"80\">2009-ben a Luxor a Qena korm\u00e1nyz\u00f3s\u00e1gt\u00f3l sz\u00e9tv\u00e1lva egy \u00faj, azonos nev\u0171 korm\u00e1nyzatot alak\u00edtott ki.<\/amp-fit-text><\/p>\n\n\n\n<amp-fit-text layout=\"fixed-height\" min-font-size=\"6\" max-font-size=\"72\" height=\"80\"><h2 class=\"wp-block-heading\">Luxori korm\u00e1nyz\u00f3s\u00e1g adminisztrat\u00edv r\u00e9szlegei<\/h2><\/amp-fit-text>\n\n\n\n<ul class=\"wp-block-list\"><li>Qurna<\/li><li> Luxor (a f\u0151v\u00e1ros)<\/li><li> Armant<\/li><li> Esna<\/li><li> Tiba<\/li><\/ul>\n\n\n\n<p><amp-fit-text layout=\"fixed-height\" min-font-size=\"6\" max-font-size=\"72\" height=\"80\">Ezen k\u00f6zponti v\u00e1rosok mellett Luxor m\u00e9g ink\u00e1bb osztja a vid\u00e9ki ter\u00fcleteket \u00e9s a falvakat.<\/amp-fit-text><\/p>\n","protected":false},"excerpt":{"rendered":"<p>A Luxori korm\u00e1nyz\u00f3s\u00e1g 110 km-re ny\u00falik a N\u00edlus foly\u00f3 ment\u00e9n, \u00e9s 635 km-re fekszik Kair\u00f3t\u00f3l. \u00c9szaki r\u00e9sz\u00e9n a Qena korm\u00e1nyzat, d\u00e9len az Aswan korm\u00e1nyz\u00f3, a keletre Al-Bahr Al-Ahmar (V\u00f6r\u00f6s-tenger) \u00e9s nyugaton az \u00daj-v\u00f6lgy korm\u00e1nyzata hat\u00e1ros. A korm\u00e1nyzat t\u00f6rt\u00e9nete A v\u00e1ros jelent\u0151s\u00e9ge m\u00e1r a 11. dinasztia kezdet\u00e9n kezd\u0151d\u00f6tt, amikor Luxor Egyiptom f\u0151v\u00e1rosa lett, \u00e9s Amun isten [&hellip;]<\/p>\n","protected":false},"author":1,"featured_media":20118,"parent":20098,"menu_order":0,"comment_status":"open","ping_status":"open","template":"","meta":{"_coblocks_attr":"","_coblocks_dimensions":"","_coblocks_responsive_height":"","_coblocks_accordion_ie_support":"","_uag_custom_page_level_css":"","footnotes":""},"class_list":["post-20115","page","type-page","status-publish","has-post-thumbnail","hentry"],"yoast_head":"<!-- This site is optimized with the Yoast SEO Premium plugin v26.9 (Yoast SEO v27.3) - https:\/\/yoast.com\/product\/yoast-seo-premium-wordpress\/ -->\n<title>Luxori korm\u00e1nyz\u00f3s\u00e1g<\/title>\n<meta name=\"description\" content=\"A Luxori korm\u00e1nyz\u00f3s\u00e1g 110 km-re ny\u00falik a N\u00edlus foly\u00f3 ment\u00e9n, \u00e9s 635 km-re fekszik Kair\u00f3t\u00f3l. \u00c9szaki r\u00e9sz\u00e9n a Qena korm\u00e1nyzat, d\u00e9len az Aswan korm\u00e1nyz\u00f3, a keletre Al-Bahr Al-Ahmar (V\u00f6r\u00f6s-tenger) \u00e9s nyugaton az \u00daj-v\u00f6lgy korm\u00e1nyzata hat\u00e1ros\" \/>\n<meta name=\"robots\" content=\"index, follow, max-snippet:-1, max-image-preview:large, max-video-preview:-1\" \/>\n<link rel=\"canonical\" href=\"https:\/\/landioustravel.com\/hu\/egyiptom\/egyiptomi-varosok\/luxori-kormanyzosag\/\" \/>\n<meta property=\"og:locale\" content=\"hu_HU\" \/>\n<meta property=\"og:type\" content=\"article\" \/>\n<meta property=\"og:title\" content=\"Luxori korm\u00e1nyz\u00f3s\u00e1g\" \/>\n<meta property=\"og:description\" content=\"A Luxori korm\u00e1nyz\u00f3s\u00e1g 110 km-re ny\u00falik a N\u00edlus foly\u00f3 ment\u00e9n, \u00e9s 635 km-re fekszik Kair\u00f3t\u00f3l. \u00c9szaki r\u00e9sz\u00e9n a Qena korm\u00e1nyzat, d\u00e9len az Aswan korm\u00e1nyz\u00f3, a keletre Al-Bahr Al-Ahmar (V\u00f6r\u00f6s-tenger) \u00e9s nyugaton az \u00daj-v\u00f6lgy korm\u00e1nyzata hat\u00e1ros\" \/>\n<meta property=\"og:url\" content=\"https:\/\/landioustravel.com\/hu\/egyiptom\/egyiptomi-varosok\/luxori-kormanyzosag\/\" \/>\n<meta property=\"og:site_name\" content=\"Landious Travel\" \/>\n<meta property=\"article:publisher\" content=\"https:\/\/web.facebook.com\/landiousEgypt\" \/>\n<meta property=\"article:modified_time\" content=\"2019-10-05T09:25:07+00:00\" \/>\n<meta property=\"og:image\" content=\"https:\/\/i0.wp.com\/landioustravel.com\/wp-content\/uploads\/2019\/04\/luxor_governorate-e1617024822229.jpg?fit=1200%2C675&ssl=1\" \/>\n\t<meta property=\"og:image:width\" content=\"1200\" \/>\n\t<meta property=\"og:image:height\" content=\"675\" \/>\n\t<meta property=\"og:image:type\" content=\"image\/jpeg\" \/>\n<meta name=\"twitter:card\" content=\"summary_large_image\" \/>\n<meta name=\"twitter:site\" content=\"@LandiousTours\" \/>\n<meta name=\"twitter:label1\" content=\"Becs\u00fclt olvas\u00e1si id\u0151\" \/>\n\t<meta name=\"twitter:data1\" content=\"2 perc\" \/>\n<script type=\"application\/ld+json\" class=\"yoast-schema-graph\">{\"@context\":\"https:\\\/\\\/schema.org\",\"@graph\":[{\"@type\":\"WebPage\",\"@id\":\"https:\\\/\\\/landioustravel.com\\\/hu\\\/egyiptom\\\/egyiptomi-varosok\\\/luxori-kormanyzosag\\\/\",\"url\":\"https:\\\/\\\/landioustravel.com\\\/hu\\\/egyiptom\\\/egyiptomi-varosok\\\/luxori-kormanyzosag\\\/\",\"name\":\"Luxori korm\u00e1nyz\u00f3s\u00e1g\",\"isPartOf\":{\"@id\":\"https:\\\/\\\/landioustravel.com\\\/hu\\\/#website\"},\"primaryImageOfPage\":{\"@id\":\"https:\\\/\\\/landioustravel.com\\\/hu\\\/egyiptom\\\/egyiptomi-varosok\\\/luxori-kormanyzosag\\\/#primaryimage\"},\"image\":{\"@id\":\"https:\\\/\\\/landioustravel.com\\\/hu\\\/egyiptom\\\/egyiptomi-varosok\\\/luxori-kormanyzosag\\\/#primaryimage\"},\"thumbnailUrl\":\"https:\\\/\\\/i0.wp.com\\\/landioustravel.com\\\/wp-content\\\/uploads\\\/2019\\\/04\\\/luxor_governorate-e1617024822229.jpg?fit=1200%2C675&ssl=1\",\"datePublished\":\"2019-10-05T09:25:06+00:00\",\"dateModified\":\"2019-10-05T09:25:07+00:00\",\"description\":\"A Luxori korm\u00e1nyz\u00f3s\u00e1g 110 km-re ny\u00falik a N\u00edlus foly\u00f3 ment\u00e9n, \u00e9s 635 km-re fekszik Kair\u00f3t\u00f3l. \u00c9szaki r\u00e9sz\u00e9n a Qena korm\u00e1nyzat, d\u00e9len az Aswan korm\u00e1nyz\u00f3, a keletre Al-Bahr Al-Ahmar (V\u00f6r\u00f6s-tenger) \u00e9s nyugaton az \u00daj-v\u00f6lgy korm\u00e1nyzata hat\u00e1ros\",\"breadcrumb\":{\"@id\":\"https:\\\/\\\/landioustravel.com\\\/hu\\\/egyiptom\\\/egyiptomi-varosok\\\/luxori-kormanyzosag\\\/#breadcrumb\"},\"inLanguage\":\"hu\",\"potentialAction\":[{\"@type\":\"ReadAction\",\"target\":[\"https:\\\/\\\/landioustravel.com\\\/hu\\\/egyiptom\\\/egyiptomi-varosok\\\/luxori-kormanyzosag\\\/\"]}]},{\"@type\":\"ImageObject\",\"inLanguage\":\"hu\",\"@id\":\"https:\\\/\\\/landioustravel.com\\\/hu\\\/egyiptom\\\/egyiptomi-varosok\\\/luxori-kormanyzosag\\\/#primaryimage\",\"url\":\"https:\\\/\\\/i0.wp.com\\\/landioustravel.com\\\/wp-content\\\/uploads\\\/2019\\\/04\\\/luxor_governorate-e1617024822229.jpg?fit=1200%2C675&ssl=1\",\"contentUrl\":\"https:\\\/\\\/i0.wp.com\\\/landioustravel.com\\\/wp-content\\\/uploads\\\/2019\\\/04\\\/luxor_governorate-e1617024822229.jpg?fit=1200%2C675&ssl=1\",\"width\":1200,\"height\":675,\"caption\":\"Luxor governorate in Egypt\"},{\"@type\":\"BreadcrumbList\",\"@id\":\"https:\\\/\\\/landioustravel.com\\\/hu\\\/egyiptom\\\/egyiptomi-varosok\\\/luxori-kormanyzosag\\\/#breadcrumb\",\"itemListElement\":[{\"@type\":\"ListItem\",\"position\":1,\"name\":\"Home\",\"item\":\"https:\\\/\\\/landioustravel.com\\\/hu\\\/\"},{\"@type\":\"ListItem\",\"position\":2,\"name\":\"Egyiptom\",\"item\":\"https:\\\/\\\/landioustravel.com\\\/hu\\\/egyiptom\\\/\"},{\"@type\":\"ListItem\",\"position\":3,\"name\":\"Egyiptomi v\u00e1rosok\",\"item\":\"https:\\\/\\\/landioustravel.com\\\/hu\\\/egyiptom\\\/egyiptomi-varosok\\\/\"},{\"@type\":\"ListItem\",\"position\":4,\"name\":\"Luxori korm\u00e1nyz\u00f3s\u00e1g\"}]},{\"@type\":\"WebSite\",\"@id\":\"https:\\\/\\\/landioustravel.com\\\/hu\\\/#website\",\"url\":\"https:\\\/\\\/landioustravel.com\\\/hu\\\/\",\"name\":\"Landious Travel\",\"description\":\"Excursions, trips and cruises in Egypt\",\"publisher\":{\"@id\":\"https:\\\/\\\/landioustravel.com\\\/hu\\\/#organization\"},\"potentialAction\":[{\"@type\":\"SearchAction\",\"target\":{\"@type\":\"EntryPoint\",\"urlTemplate\":\"https:\\\/\\\/landioustravel.com\\\/hu\\\/?s={search_term_string}\"},\"query-input\":{\"@type\":\"PropertyValueSpecification\",\"valueRequired\":true,\"valueName\":\"search_term_string\"}}],\"inLanguage\":\"hu\"},{\"@type\":[\"Organization\",\"Place\"],\"@id\":\"https:\\\/\\\/landioustravel.com\\\/hu\\\/#organization\",\"name\":\"Landious Travel\",\"alternateName\":\"Landious Travel\",\"url\":\"https:\\\/\\\/landioustravel.com\\\/hu\\\/\",\"logo\":{\"@id\":\"https:\\\/\\\/landioustravel.com\\\/hu\\\/egyiptom\\\/egyiptomi-varosok\\\/luxori-kormanyzosag\\\/#local-main-organization-logo\"},\"image\":{\"@id\":\"https:\\\/\\\/landioustravel.com\\\/hu\\\/egyiptom\\\/egyiptomi-varosok\\\/luxori-kormanyzosag\\\/#local-main-organization-logo\"},\"sameAs\":[\"https:\\\/\\\/web.facebook.com\\\/landiousEgypt\",\"https:\\\/\\\/x.com\\\/LandiousTours\",\"https:\\\/\\\/mastodon.social\\\/@landious\"],\"legalName\":\"Landious Travel\",\"telephone\":[],\"openingHoursSpecification\":[{\"@type\":\"OpeningHoursSpecification\",\"dayOfWeek\":[\"Monday\",\"Tuesday\",\"Wednesday\",\"Thursday\",\"Friday\",\"Saturday\",\"Sunday\"],\"opens\":\"09:00\",\"closes\":\"17:00\"}]},{\"@type\":\"ImageObject\",\"inLanguage\":\"hu\",\"@id\":\"https:\\\/\\\/landioustravel.com\\\/hu\\\/egyiptom\\\/egyiptomi-varosok\\\/luxori-kormanyzosag\\\/#local-main-organization-logo\",\"url\":\"https:\\\/\\\/i0.wp.com\\\/landioustravel.com\\\/wp-content\\\/uploads\\\/2021\\\/06\\\/Landious-T.png?fit=500%2C500&ssl=1\",\"contentUrl\":\"https:\\\/\\\/i0.wp.com\\\/landioustravel.com\\\/wp-content\\\/uploads\\\/2021\\\/06\\\/Landious-T.png?fit=500%2C500&ssl=1\",\"width\":500,\"height\":500,\"caption\":\"Landious Travel\"}]}<\/script>\n<!-- \/ Yoast SEO Premium plugin. -->","yoast_head_json":{"title":"Luxori korm\u00e1nyz\u00f3s\u00e1g","description":"A Luxori korm\u00e1nyz\u00f3s\u00e1g 110 km-re ny\u00falik a N\u00edlus foly\u00f3 ment\u00e9n, \u00e9s 635 km-re fekszik Kair\u00f3t\u00f3l. \u00c9szaki r\u00e9sz\u00e9n a Qena korm\u00e1nyzat, d\u00e9len az Aswan korm\u00e1nyz\u00f3, a keletre Al-Bahr Al-Ahmar (V\u00f6r\u00f6s-tenger) \u00e9s nyugaton az \u00daj-v\u00f6lgy korm\u00e1nyzata hat\u00e1ros","robots":{"index":"index","follow":"follow","max-snippet":"max-snippet:-1","max-image-preview":"max-image-preview:large","max-video-preview":"max-video-preview:-1"},"canonical":"https:\/\/landioustravel.com\/hu\/egyiptom\/egyiptomi-varosok\/luxori-kormanyzosag\/","og_locale":"hu_HU","og_type":"article","og_title":"Luxori korm\u00e1nyz\u00f3s\u00e1g","og_description":"A Luxori korm\u00e1nyz\u00f3s\u00e1g 110 km-re ny\u00falik a N\u00edlus foly\u00f3 ment\u00e9n, \u00e9s 635 km-re fekszik Kair\u00f3t\u00f3l. \u00c9szaki r\u00e9sz\u00e9n a Qena korm\u00e1nyzat, d\u00e9len az Aswan korm\u00e1nyz\u00f3, a keletre Al-Bahr Al-Ahmar (V\u00f6r\u00f6s-tenger) \u00e9s nyugaton az \u00daj-v\u00f6lgy korm\u00e1nyzata hat\u00e1ros","og_url":"https:\/\/landioustravel.com\/hu\/egyiptom\/egyiptomi-varosok\/luxori-kormanyzosag\/","og_site_name":"Landious Travel","article_publisher":"https:\/\/web.facebook.com\/landiousEgypt","article_modified_time":"2019-10-05T09:25:07+00:00","og_image":[{"width":1200,"height":675,"url":"https:\/\/i0.wp.com\/landioustravel.com\/wp-content\/uploads\/2019\/04\/luxor_governorate-e1617024822229.jpg?fit=1200%2C675&ssl=1","type":"image\/jpeg"}],"twitter_card":"summary_large_image","twitter_site":"@LandiousTours","twitter_misc":{"Becs\u00fclt olvas\u00e1si id\u0151":"2 perc"},"schema":{"@context":"https:\/\/schema.org","@graph":[{"@type":"WebPage","@id":"https:\/\/landioustravel.com\/hu\/egyiptom\/egyiptomi-varosok\/luxori-kormanyzosag\/","url":"https:\/\/landioustravel.com\/hu\/egyiptom\/egyiptomi-varosok\/luxori-kormanyzosag\/","name":"Luxori korm\u00e1nyz\u00f3s\u00e1g","isPartOf":{"@id":"https:\/\/landioustravel.com\/hu\/#website"},"primaryImageOfPage":{"@id":"https:\/\/landioustravel.com\/hu\/egyiptom\/egyiptomi-varosok\/luxori-kormanyzosag\/#primaryimage"},"image":{"@id":"https:\/\/landioustravel.com\/hu\/egyiptom\/egyiptomi-varosok\/luxori-kormanyzosag\/#primaryimage"},"thumbnailUrl":"https:\/\/i0.wp.com\/landioustravel.com\/wp-content\/uploads\/2019\/04\/luxor_governorate-e1617024822229.jpg?fit=1200%2C675&ssl=1","datePublished":"2019-10-05T09:25:06+00:00","dateModified":"2019-10-05T09:25:07+00:00","description":"A Luxori korm\u00e1nyz\u00f3s\u00e1g 110 km-re ny\u00falik a N\u00edlus foly\u00f3 ment\u00e9n, \u00e9s 635 km-re fekszik Kair\u00f3t\u00f3l. \u00c9szaki r\u00e9sz\u00e9n a Qena korm\u00e1nyzat, d\u00e9len az Aswan korm\u00e1nyz\u00f3, a keletre Al-Bahr Al-Ahmar (V\u00f6r\u00f6s-tenger) \u00e9s nyugaton az \u00daj-v\u00f6lgy korm\u00e1nyzata hat\u00e1ros","breadcrumb":{"@id":"https:\/\/landioustravel.com\/hu\/egyiptom\/egyiptomi-varosok\/luxori-kormanyzosag\/#breadcrumb"},"inLanguage":"hu","potentialAction":[{"@type":"ReadAction","target":["https:\/\/landioustravel.com\/hu\/egyiptom\/egyiptomi-varosok\/luxori-kormanyzosag\/"]}]},{"@type":"ImageObject","inLanguage":"hu","@id":"https:\/\/landioustravel.com\/hu\/egyiptom\/egyiptomi-varosok\/luxori-kormanyzosag\/#primaryimage","url":"https:\/\/i0.wp.com\/landioustravel.com\/wp-content\/uploads\/2019\/04\/luxor_governorate-e1617024822229.jpg?fit=1200%2C675&ssl=1","contentUrl":"https:\/\/i0.wp.com\/landioustravel.com\/wp-content\/uploads\/2019\/04\/luxor_governorate-e1617024822229.jpg?fit=1200%2C675&ssl=1","width":1200,"height":675,"caption":"Luxor governorate in Egypt"},{"@type":"BreadcrumbList","@id":"https:\/\/landioustravel.com\/hu\/egyiptom\/egyiptomi-varosok\/luxori-kormanyzosag\/#breadcrumb","itemListElement":[{"@type":"ListItem","position":1,"name":"Home","item":"https:\/\/landioustravel.com\/hu\/"},{"@type":"ListItem","position":2,"name":"Egyiptom","item":"https:\/\/landioustravel.com\/hu\/egyiptom\/"},{"@type":"ListItem","position":3,"name":"Egyiptomi v\u00e1rosok","item":"https:\/\/landioustravel.com\/hu\/egyiptom\/egyiptomi-varosok\/"},{"@type":"ListItem","position":4,"name":"Luxori korm\u00e1nyz\u00f3s\u00e1g"}]},{"@type":"WebSite","@id":"https:\/\/landioustravel.com\/hu\/#website","url":"https:\/\/landioustravel.com\/hu\/","name":"Landious Travel","description":"Excursions, trips and cruises in Egypt","publisher":{"@id":"https:\/\/landioustravel.com\/hu\/#organization"},"potentialAction":[{"@type":"SearchAction","target":{"@type":"EntryPoint","urlTemplate":"https:\/\/landioustravel.com\/hu\/?s={search_term_string}"},"query-input":{"@type":"PropertyValueSpecification","valueRequired":true,"valueName":"search_term_string"}}],"inLanguage":"hu"},{"@type":["Organization","Place"],"@id":"https:\/\/landioustravel.com\/hu\/#organization","name":"Landious Travel","alternateName":"Landious Travel","url":"https:\/\/landioustravel.com\/hu\/","logo":{"@id":"https:\/\/landioustravel.com\/hu\/egyiptom\/egyiptomi-varosok\/luxori-kormanyzosag\/#local-main-organization-logo"},"image":{"@id":"https:\/\/landioustravel.com\/hu\/egyiptom\/egyiptomi-varosok\/luxori-kormanyzosag\/#local-main-organization-logo"},"sameAs":["https:\/\/web.facebook.com\/landiousEgypt","https:\/\/x.com\/LandiousTours","https:\/\/mastodon.social\/@landious"],"legalName":"Landious Travel","telephone":[],"openingHoursSpecification":[{"@type":"OpeningHoursSpecification","dayOfWeek":["Monday","Tuesday","Wednesday","Thursday","Friday","Saturday","Sunday"],"opens":"09:00","closes":"17:00"}]},{"@type":"ImageObject","inLanguage":"hu","@id":"https:\/\/landioustravel.com\/hu\/egyiptom\/egyiptomi-varosok\/luxori-kormanyzosag\/#local-main-organization-logo","url":"https:\/\/i0.wp.com\/landioustravel.com\/wp-content\/uploads\/2021\/06\/Landious-T.png?fit=500%2C500&ssl=1","contentUrl":"https:\/\/i0.wp.com\/landioustravel.com\/wp-content\/uploads\/2021\/06\/Landious-T.png?fit=500%2C500&ssl=1","width":500,"height":500,"caption":"Landious Travel"}]}},"uagb_featured_image_src":{"full":["https:\/\/i0.wp.com\/landioustravel.com\/wp-content\/uploads\/2019\/04\/luxor_governorate-e1617024822229.jpg?fit=1200%2C675&ssl=1",1200,675,false],"thumbnail":["https:\/\/i0.wp.com\/landioustravel.com\/wp-content\/uploads\/2019\/04\/luxor_governorate-e1617024822229.jpg?resize=150%2C150&ssl=1",150,150,true],"medium":["https:\/\/i0.wp.com\/landioustravel.com\/wp-content\/uploads\/2019\/04\/luxor_governorate-e1617024822229.jpg?fit=300%2C169&ssl=1",300,169,true],"medium_large":["https:\/\/i0.wp.com\/landioustravel.com\/wp-content\/uploads\/2019\/04\/luxor_governorate-e1617024822229.jpg?fit=768%2C433&ssl=1",768,433,true],"large":["https:\/\/i0.wp.com\/landioustravel.com\/wp-content\/uploads\/2019\/04\/luxor_governorate-e1617024822229.jpg?fit=980%2C552&ssl=1",980,552,true],"1536x1536":["https:\/\/i0.wp.com\/landioustravel.com\/wp-content\/uploads\/2019\/04\/luxor_governorate-e1617024822229.jpg?fit=1536%2C865&ssl=1",1536,865,true],"2048x2048":["https:\/\/i0.wp.com\/landioustravel.com\/wp-content\/uploads\/2019\/04\/luxor_governorate-e1617024822229.jpg?fit=1200%2C675&ssl=1",1200,675,true],"newspack-article-block-landscape-large":["https:\/\/i0.wp.com\/landioustravel.com\/wp-content\/uploads\/2019\/04\/luxor_governorate-e1617024822229.jpg?resize=1200%2C675&ssl=1",1200,900,true],"newspack-article-block-portrait-large":["https:\/\/i0.wp.com\/landioustravel.com\/wp-content\/uploads\/2019\/04\/luxor_governorate-e1617024822229.jpg?resize=900%2C675&ssl=1",900,676,true],"newspack-article-block-square-large":["https:\/\/i0.wp.com\/landioustravel.com\/wp-content\/uploads\/2019\/04\/luxor_governorate-e1617024822229.jpg?resize=1200%2C675&ssl=1",1200,1144,true],"newspack-article-block-landscape-medium":["https:\/\/i0.wp.com\/landioustravel.com\/wp-content\/uploads\/2019\/04\/luxor_governorate-e1617024822229.jpg?resize=800%2C600&ssl=1",800,600,true],"newspack-article-block-portrait-medium":["https:\/\/i0.wp.com\/landioustravel.com\/wp-content\/uploads\/2019\/04\/luxor_governorate-e1617024822229.jpg?resize=600%2C675&ssl=1",600,676,true],"newspack-article-block-square-medium":["https:\/\/i0.wp.com\/landioustravel.com\/wp-content\/uploads\/2019\/04\/luxor_governorate-e1617024822229.jpg?resize=800%2C675&ssl=1",800,676,true],"newspack-article-block-landscape-intermediate":["https:\/\/i0.wp.com\/landioustravel.com\/wp-content\/uploads\/2019\/04\/luxor_governorate-e1617024822229.jpg?resize=600%2C450&ssl=1",600,450,true],"newspack-article-block-portrait-intermediate":["https:\/\/i0.wp.com\/landioustravel.com\/wp-content\/uploads\/2019\/04\/luxor_governorate-e1617024822229.jpg?resize=450%2C600&ssl=1",450,600,true],"newspack-article-block-square-intermediate":["https:\/\/i0.wp.com\/landioustravel.com\/wp-content\/uploads\/2019\/04\/luxor_governorate-e1617024822229.jpg?resize=600%2C600&ssl=1",600,600,true],"newspack-article-block-landscape-small":["https:\/\/i0.wp.com\/landioustravel.com\/wp-content\/uploads\/2019\/04\/luxor_governorate-e1617024822229.jpg?resize=400%2C300&ssl=1",400,300,true],"newspack-article-block-portrait-small":["https:\/\/i0.wp.com\/landioustravel.com\/wp-content\/uploads\/2019\/04\/luxor_governorate-e1617024822229.jpg?resize=300%2C400&ssl=1",300,400,true],"newspack-article-block-square-small":["https:\/\/i0.wp.com\/landioustravel.com\/wp-content\/uploads\/2019\/04\/luxor_governorate-e1617024822229.jpg?resize=400%2C400&ssl=1",400,400,true],"newspack-article-block-landscape-tiny":["https:\/\/i0.wp.com\/landioustravel.com\/wp-content\/uploads\/2019\/04\/luxor_governorate-e1617024822229.jpg?resize=200%2C150&ssl=1",200,150,true],"newspack-article-block-portrait-tiny":["https:\/\/i0.wp.com\/landioustravel.com\/wp-content\/uploads\/2019\/04\/luxor_governorate-e1617024822229.jpg?resize=150%2C200&ssl=1",150,200,true],"newspack-article-block-square-tiny":["https:\/\/i0.wp.com\/landioustravel.com\/wp-content\/uploads\/2019\/04\/luxor_governorate-e1617024822229.jpg?resize=200%2C200&ssl=1",200,200,true],"newspack-article-block-uncropped":["https:\/\/i0.wp.com\/landioustravel.com\/wp-content\/uploads\/2019\/04\/luxor_governorate-e1617024822229.jpg?fit=1200%2C676&ssl=1",1200,676,true],"woocommerce_thumbnail":["https:\/\/i0.wp.com\/landioustravel.com\/wp-content\/uploads\/2019\/04\/luxor_governorate-e1617024822229.jpg?resize=324%2C324&ssl=1",324,324,true],"woocommerce_single":["https:\/\/i0.wp.com\/landioustravel.com\/wp-content\/uploads\/2019\/04\/luxor_governorate-e1617024822229.jpg?fit=416%2C234&ssl=1",416,234,true],"woocommerce_gallery_thumbnail":["https:\/\/i0.wp.com\/landioustravel.com\/wp-content\/uploads\/2019\/04\/luxor_governorate-e1617024822229.jpg?resize=100%2C100&ssl=1",100,100,true]},"uagb_author_info":{"display_name":"Mofreh Landious","author_link":"https:\/\/landioustravel.com\/hu\/author\/landious\/"},"uagb_comment_info":0,"uagb_excerpt":"A Luxori korm\u00e1nyz\u00f3s\u00e1g 110 km-re ny\u00falik a N\u00edlus foly\u00f3 ment\u00e9n, \u00e9s 635 km-re fekszik Kair\u00f3t\u00f3l. \u00c9szaki r\u00e9sz\u00e9n a Qena korm\u00e1nyzat, d\u00e9len az Aswan korm\u00e1nyz\u00f3, a keletre Al-Bahr Al-Ahmar (V\u00f6r\u00f6s-tenger) \u00e9s nyugaton az \u00daj-v\u00f6lgy korm\u00e1nyzata hat\u00e1ros. A korm\u00e1nyzat t\u00f6rt\u00e9nete A v\u00e1ros jelent\u0151s\u00e9ge m\u00e1r a 11. dinasztia kezdet\u00e9n kezd\u0151d\u00f6tt, amikor Luxor Egyiptom f\u0151v\u00e1rosa lett, \u00e9s Amun isten&hellip;","jetpack_sharing_enabled":true,"jetpack_shortlink":"https:\/\/wp.me\/Par4r5-5er","jetpack_likes_enabled":true,"amp_enabled":true,"_links":{"self":[{"href":"https:\/\/landioustravel.com\/hu\/wp-json\/wp\/v2\/pages\/20115","targetHints":{"allow":["GET"]}}],"collection":[{"href":"https:\/\/landioustravel.com\/hu\/wp-json\/wp\/v2\/pages"}],"about":[{"href":"https:\/\/landioustravel.com\/hu\/wp-json\/wp\/v2\/types\/page"}],"author":[{"embeddable":true,"href":"https:\/\/landioustravel.com\/hu\/wp-json\/wp\/v2\/users\/1"}],"replies":[{"embeddable":true,"href":"https:\/\/landioustravel.com\/hu\/wp-json\/wp\/v2\/comments?post=20115"}],"version-history":[{"count":0,"href":"https:\/\/landioustravel.com\/hu\/wp-json\/wp\/v2\/pages\/20115\/revisions"}],"up":[{"embeddable":true,"href":"https:\/\/landioustravel.com\/hu\/wp-json\/wp\/v2\/pages\/20098"}],"wp:featuredmedia":[{"embeddable":true,"href":"https:\/\/landioustravel.com\/hu\/wp-json\/wp\/v2\/media\/20118"}],"wp:attachment":[{"href":"https:\/\/landioustravel.com\/hu\/wp-json\/wp\/v2\/media?parent=20115"}],"curies":[{"name":"wp","href":"https:\/\/api.w.org\/{rel}","templated":true}]}}