{"id":37976,"date":"2021-09-24T15:28:36","date_gmt":"2021-09-24T13:28:36","guid":{"rendered":"https:\/\/landioustravel.com\/?page_id=37976"},"modified":"2021-09-25T09:09:25","modified_gmt":"2021-09-25T07:09:25","slug":"basztet-istenno","status":"publish","type":"page","link":"https:\/\/landioustravel.com\/hu\/egyiptom\/egyiptomi-istensegek\/basztet-istenno\/","title":{"rendered":"B\u00e1sztet istenn\u0151"},"content":{"rendered":"\n<p>Az \u00f3kori egyiptomiak B\u00e1sztet istenn\u0151t a n\u0151k, az otthon, a h\u00e1ztart\u00e1s, a macsk\u00e1k, az \u00f6r\u00f6m \u00e9s az eg\u00e9szs\u00e9g v\u00e9delmez\u0151j\u00e9nek tartott\u00e1k. Meg\u00f3vta a h\u00e1ztart\u00e1sokat a gonosz szellemekt\u0151l \u00e9s a n\u0151ket vagy gyermekeket \u00e9rint\u0151 betegs\u00e9gekt\u0151l. M\u00e1s <a href=\"https:\/\/landioustravel.com\/hu\/egyiptom\/egyiptomi-istensegek\/\">\u00f3kori istens\u00e9gek<\/a>hez hasonl\u00f3an az istenn\u0151nek is alapvet\u0151 szerepe volt a t\u00falvil\u00e1gban.<\/p>\n\n\n\n<p>Az istenek \u00e9s istenn\u0151k szerepe \u00e9s \u00e1br\u00e1zol\u00e1sa az <a href=\"https:\/\/landioustravel.com\/hu\/egyiptom\/egyiptom-tortenete\/az-okori-egyiptomi-tortenelem\/\">\u00f3kori egyiptomi t\u00f6rt\u00e9nelem<\/a> sor\u00e1n megv\u00e1ltozott. Ennek a jelens\u00e9gnek a legjobb p\u00e9ld\u00e1ja B\u00e1sztet istenn\u0151. Kezdetben a mitol\u00f3gia az istenn\u0151t <a href=\"https:\/\/landioustravel.com\/hu\/egyiptom\/egyiptomi-istensegek\/isten-ra\/\">Ra<\/a> -val \u00e9s a Ra -szem fogalm\u00e1val k\u00f6ti \u00f6ssze. Id\u0151vel azonban megv\u00e1ltoztak a szerepei, \u00e9s egyre ink\u00e1bb h\u00e1ziasodott lett a k\u00e9pe. K\u00e9s\u0151bb az \u00f3kori egyiptomiak mindenki csal\u00e1dj\u00e1nak \u00e9s otthon\u00e1nak v\u00e9delmez\u0151j\u00e9nek tartott\u00e1k.<\/p>\n\n\n\n<h2 class=\"wp-block-heading\" id=\"h-a-jelent-s-b-sztet-neve-m-g-tt\">A jelent\u00e9s B\u00e1sztet neve m\u00f6g\u00f6tt<\/h2>\n\n\n\n<p>Az \u00f3kori sz\u00f6vegek szerint az istenn\u0151 eredeti neve B\u2019stt volt. K\u00e9s\u0151bb Ubaste, majd Bast lett. Az istenn\u0151 neve m\u00f6g\u00f6tt rejl\u0151 val\u00f3di jelent\u00e9s a mai napig rejt\u00e9ly. Stephen Quirke, az \u00f3kori egyiptomi vall\u00e1s professzora \u00fagy defini\u00e1lja Bastet nev\u00e9t, hogy \u201e\u0150 a ken\u0151cs\u00f6s \u00fcvegb\u0151l\u201d.<\/p>\n\n\n\n<p>Az egyiptol\u00f3gus ezt azzal magyar\u00e1zhatta, hogy megfigyelte, hogy az \u00edr\u00e1stud\u00f3k az istenn\u0151 nev\u00e9t a ken\u0151cs\u00f6s \u00fcveghez haszn\u00e1lt hieroglif\u00e1val \u00edrt\u00e1k. Ezenk\u00edv\u00fcl az egyiptomiak a Bastetet t\u00f6bbek k\u00f6z\u00f6tt v\u00e9d\u0151 ken\u0151cs\u00f6kkel is t\u00e1rs\u00edtott\u00e1k.<\/p>\n\n\n\n<p>A g\u00f6r\u00f6g\u00f6k szorosan \u00f6sszekapcsolt\u00e1k az istenn\u0151t Artemis istenn\u0151j\u00fckkel. Apoll\u00f3t is <a href=\"https:\/\/landioustravel.com\/hu\/egyiptom\/egyiptomi-istensegek\/isten-horusz\/\">H\u00f3russzal<\/a>, <a href=\"https:\/\/landioustravel.com\/hu\/egyiptom\/egyiptomi-istensegek\/isis-istenno\/\">\u00cdzisz<\/a> fi\u00e1val k\u00f6t\u00f6tt\u00e9k \u00f6ssze. Ez\u00e9rt h\u00edvt\u00e1k Bast istenn\u0151t \u201eBa\u2019Aset\u201d -nek vagy Isis lelk\u00e9nek. Nev\u00e9nek sz\u00f3 szerinti ford\u00edt\u00e1sa lenne, mivel \u201eAset\u201d az Isis egyiptomi neve. Itt egy extra \u201eT\u201d hozz\u00e1ad\u00e1sa a n\u0151iess\u00e9get jel\u00f6li.<\/p>\n\n\n\n<p>Ezenk\u00edv\u00fcl a sz\u00f6vegek Bastetet Nefertummal, az \u00e9des parf\u00fcm \u00e9s illat isten\u00e9vel is \u00f6sszekapcsolj\u00e1k. Sokan \u00fagy tartott\u00e1k Nefertumot, mint Bastet fi\u00e1t, aki tov\u00e1bb t\u00e1rs\u00edtja a nev\u00e9t a ken\u0151cs\u00f6s \u00fcveghez. A t\u00f6rt\u00e9n\u00e9szek tal\u00e1n azt mondhatj\u00e1k, hogy kezdetben a neve hasonl\u00edtott valami hasonl\u00f3ra, mint a ken\u0151cstart\u00f3. K\u00e9s\u0151bb azonban a g\u00f6r\u00f6g\u00f6k nev\u00e9t Isis lelk\u00e9v\u00e9 v\u00e1ltoztatt\u00e1k. Az\u00e9rt tett\u00e9k ezt, hogy szorosabb kapcsolatba hozz\u00e1k \u00cdzissel, <a href=\"https:\/\/landioustravel.com\/hu\/egyiptom\/\">Egyiptom<\/a> legn\u00e9pszer\u0171bb istenn\u0151j\u00e9vel.<\/p>\n\n\n\n<h2 class=\"wp-block-heading\">Reprezent\u00e1ci\u00f3<\/h2>\n\n\n\n<p>Kezdetben a k\u00e9pek B\u00e1sztetet oroszl\u00e1nfej\u0171 n\u0151k\u00e9nt \u00e1br\u00e1zolj\u00e1k. Nagyon hasonl\u00edtott <a href=\"https:\/\/landioustravel.com\/hu\/egyiptom\/egyiptomi-istensegek\/szahmet-istenno\/\">Szahmet<\/a> istenn\u0151 k\u00e9peire. Id\u0151vel azonban Szahmet ikonogr\u00e1fi\u00e1ja egyre agressz\u00edvabb\u00e1 tette. Ezzel szemben Bastet k\u00e9pei id\u0151vel ell\u00e1gyultak, hogy szel\u00eddebb t\u00e1rsat \u00e9s napi seg\u00edt\u0151t k\u00e9pviseljenek, mint kor\u00e1bbi bossz\u00fa\u00e1ll\u00f3 form\u00e1i.<\/p>\n\n\n\n<p>Egyiptom harmadik k\u00f6zbens\u0151 id\u0151szak\u00e1ban az emberek elkezdt\u00e9k az istenn\u0151t h\u00e1zias\u00edtott macsk\u00e1nak vagy macskafej\u0171 n\u0151nek \u00e1br\u00e1zolni. Az \u00daj Kir\u00e1lys\u00e1g \u00edr\u00e1stud\u00f3i egy n\u0151i ut\u00f3tagot t\u00e1rs\u00edtottak a nev\u00e9hez, hogy hangs\u00falyozz\u00e1k az extra T kiejt\u00e9s\u00e9t.<\/p>\n\n\n\n<p>Az \u00f3kori egyiptomiak tisztelt\u00e9k \u00e9s szerett\u00e9k a macsk\u00e1kat. Ez r\u00e9szben annak tudhat\u00f3 be, hogy k\u00e9pesek voltak megszabadulni a patk\u00e1nyokt\u00f3l, egerekt\u0151l \u00e9s k\u00edgy\u00f3kt\u00f3l, amelyek vesz\u00e9lyeztetik a term\u00e9st \u00e9s a h\u00e1ztart\u00e1sokat. A macsk\u00e1kat birtokl\u00f3 kir\u00e1lyi tulajdonosok aranyba \u00f6lt\u00f6ztett\u00e9k \u0151ket, \u00e9s megengedt\u00e9k nekik, hogy megegy\u00e9k a t\u00e1ny\u00e9rjukat.<\/p>\n\n\n\n<p>A t\u00f6rt\u00e9n\u00e9szek azt j\u00f3solj\u00e1k, hogy a huszonkettedik dinasztia \u00f3ta Bastet im\u00e1data megv\u00e1ltozott. Oroszl\u00e1n istens\u00e9gb\u0151l macskaisten lett. Mivel az emberek gyeng\u00e9dnek \u00e9s szeret\u0151nek l\u00e1tt\u00e1k a macsk\u00e1kat gyermekeik ir\u00e1nt, B\u00e1sztet is j\u00f3 any\u00e1nak tartott\u00e1k. A k\u00e9pek gyakran \u0151t \u00e1br\u00e1zolj\u00e1k sz\u00e1mos cic\u00e1val.<\/p>\n\n\n\n<p>A piramissz\u00f6vegekt\u0151l kezdve megfigyelhet\u0151, hogy az emberek Bastetnek egy m\u00e1sik aspektust \u00e9s ijeszt\u0151 bossz\u00fa\u00e1ll\u00f3 form\u00e1j\u00e1t adt\u00e1k. Ez a szempont egy nevel\u0151 anya \u00e9s gyeng\u00e9d v\u00e9delmez\u0151 volt. Ezzel szemben a kopors\u00f3sz\u00f6vegek \u00e9s a Halottak k\u00f6nyve B\u00e1sztet d\u00e9moni r\u00e9sz\u00e9r\u0151l besz\u00e9lnek. A \u201eB\u00e1sztet m\u00e9sz\u00e1rl\u00f3i\u201d katasztr\u00f3f\u00e1kat okoztak az emberis\u00e9gnek, mint a pestis. Ez\u00e9rt elmondhat\u00f3, hogy az emberek egyszerre szerett\u00e9k, de ugyan\u00fagy f\u00e9lt\u00e9k B\u00e1sztetet. C\u00edmei, mint A retteg\u00e9s asszonya \u00e9s A v\u00e1g\u00f3h\u00f6lgy, kor\u00e1bbi agressz\u00edv term\u00e9szet\u00e9t mutatj\u00e1k be.<\/p>\n\n\n\n<h2 class=\"wp-block-heading\">Bastet szerepe a vall\u00e1sban<\/h2>\n\n\n\n<p>Az i. E. 3. \u00e9vezred sz\u00f6vegei Bastetet bossz\u00fa\u00e1ll\u00f3 oroszl\u00e1nyk\u00e9nt \u00e1br\u00e1zolj\u00e1k Als\u00f3 -Egyiptomb\u00f3l. A piramissz\u00f6vegek az egyiptomi kir\u00e1lyhoz k\u00f6tik, mint \u00e1pol\u00f3n\u0151je \u00e9s v\u00e9delmez\u0151je. K\u00e9s\u0151bb, a kopors\u00f3 sz\u00f6vegeiben Bastet megtartotta ezt a szerepet, \u00e9s a halottak v\u00e9delm\u00e9nek tov\u00e1bbi funkci\u00f3j\u00e1val rendelkezett.<\/p>\n\n\n\n<p>A 2. dinasztia k\u0151ed\u00e9nyei Bastetet s\u00f6r\u00e9nyekkel teli oroszl\u00e1nfej\u0171 n\u0151k\u00e9nt \u00e1br\u00e1zolj\u00e1k. Az istenn\u0151 ikonogr\u00e1fi\u00e1ja azonban megv\u00e1ltozott, amikor az emberek szel\u00eddebbnek tekintett\u00e9k term\u00e9szet\u00e9t, mint egy oroszl\u00e1n istens\u00e9get. Bastet n\u00e9pszer\u0171s\u00e9ge Egyiptomban n\u0151tt, \u00e9s kultikus k\u00f6zpontja, az Als\u00f3 -Egyiptomban tal\u00e1lhat\u00f3 <a href=\"https:\/\/www.google.com\/maps\/place\/Tell+Basta\/@30.5704018,31.5126866,17z\/data=!3m1!4b1!4m5!3m4!1s0x14f7f0e7c4e52bbb:0x4239dc7e03f514f6!8m2!3d30.5704018!4d31.5148753\" target=\"_blank\" rel=\"noreferrer noopener\">Bubastis<\/a> Egyiptom egyik leggazdagabb <a href=\"https:\/\/landioustravel.com\/hu\/egyiptom\/egyiptomi-varosok\/\">v\u00e1rosa<\/a> lett.<\/p>\n\n\n\n<p>Bubastis a gazdags\u00e1g \u00e9s a luxus k\u00f6zpontj\u00e1v\u00e1 v\u00e1lt, mivel az orsz\u00e1g minden t\u00e1j\u00e1r\u00f3l \u00e9rkeztek emberek a v\u00e1rosba, hogy ler\u00f3j\u00e1k tisztelet\u00fcket Bastetnek. Szeretett d\u00f6gl\u00f6tt macsk\u00e1ikat is eltemett\u00e9k a v\u00e1rosban. Az egyiptomi m\u0171v\u00e9szet Bastet ikonogr\u00e1fi\u00e1j\u00e1t k\u00f6lcs\u00f6nzi Mafder istenn\u0151t\u0151l \u00e9s <a href=\"https:\/\/landioustravel.com\/hu\/egyiptom\/egyiptomi-istensegek\/hathor-istenno\/\">Hathor<\/a>, a Sekhmethez k\u00f6t\u0151d\u0151 istenn\u0151t\u0151l.<\/p>\n\n\n\n<p>L\u00e1thatjuk Bastet szobrait, akik sistrumot, hangszert tartanak a kez\u00e9ben, hogy meg\u00e9rts\u00e9k az istenn\u0151 egy\u00e9rtelm\u0171 kapcsolat\u00e1t Hathorral, aki hagyom\u00e1nyosan hordozta a sistrumot. Hathor egy m\u00e1sik istenn\u0151 volt, aki rombol\u00f3k\u00e9nt val\u00f3 \u00e1br\u00e1zol\u00e1s\u00e1b\u00f3l szel\u00edd \u00e9s enyh\u00e9bb istenn\u00e9 v\u00e1ltozott.<\/p>\n\n\n\n<h2 class=\"wp-block-heading\">Bastet istenn\u0151 im\u00e1data<\/h2>\n\n\n\n<p>Bubastis volt a Bastet -kultusz k\u00f6zpontja. Az emberek els\u0151sorban itt im\u00e1dt\u00e1k Bastetet, de \u0151 tov\u00e1bbra is tiszts\u00e9get t\u00f6lt\u00f6tt be Saqqara -ban \u00e9s m\u00e1sutt. N\u00e9pszer\u0171s\u00e9ge n\u0151tt, \u00e9s a k\u00e9s\u0151 korszakban \u00e9s a g\u00f6r\u00f6g-r\u00f3mai id\u0151kben legfels\u0151bb st\u00e1tuszt \u00e9lvezett. Jelenleg csak a Bastet templom k\u00f6rvonalai maradnak a v\u00e1rosban. Herodotos azonban megl\u00e1togatta a helysz\u00ednt, \u00e9s csod\u00e1lkozott a palota pomp\u00e1j\u00e1n.<\/p>\n\n\n\n<p>Herodotosz tov\u00e1bbra is els\u0151dleges inform\u00e1ci\u00f3forr\u00e1s a Bastet -kultuszr\u00f3l. Azonban nem m\u00e9lyedik el im\u00e1dat\u00e1nak r\u00e9szleteiben. A t\u00f6rt\u00e9n\u00e9szek felfedezt\u00e9k, hogy f\u00e9rfiak \u00e9s n\u0151k egyar\u00e1nt szolg\u00e1ltak paps\u00e1gk\u00e9nt. Bubastis -i temploma k\u00fcl\u00f6nf\u00e9le szolg\u00e1ltat\u00e1sokat ny\u00fajtott, bele\u00e9rtve az orvosi ell\u00e1t\u00e1st, az \u00e9teloszt\u00e1st \u00e9s a tan\u00e1csad\u00e1st.<\/p>\n\n\n\n<p>A v\u00e1ros \u00fcnnepelte a nagy Bastet fesztiv\u00e1lt, ahol Egyiptom minden t\u00e1j\u00e1r\u00f3l gy\u0171ltek \u00f6ssze az emberek, hogy r\u00e9szt vegyenek az \u00e9v egyik legpazarabb rendezv\u00e9ny\u00e9n. Ezen az \u00f3kori egyiptomi fesztiv\u00e1lon a n\u0151k szabadnak \u00e9rezt\u00e9k magukat minden k\u00e9nyszert\u0151l. \u00dcnnepelhett\u00e9k az istenn\u0151t iv\u00e1ssal, t\u00e1nccal \u00e9s zen\u00e9l\u00e9ssel. A Bastet \u00fcnnepl\u00e9se olyan id\u0151szak volt, amikor az emberek f\u00e9lretett\u00e9k g\u00e1tl\u00e1saikat \u00e9s j\u00f3l \u00e9rezt\u00e9k magukat.<\/p>\n\n\n\n<h2 class=\"wp-block-heading\">K\u00f6vetkeztet\u00e9s<\/h2>\n\n\n\n<p>Bastet n\u00e9pszer\u0171s\u00e9ge id\u0151vel n\u0151tt a n\u0151k \u00e9s a h\u00e1ztart\u00e1sok v\u00e9delmez\u0151jek\u00e9nt. Ezenk\u00edv\u00fcl n\u00e9pszer\u0171 volt olyan f\u00e9rfiak k\u00f6r\u00e9ben is, akiknek feles\u00e9ge, bar\u00e1tn\u0151je, l\u00e1nya vagy b\u00e1rki volt, aki az istenn\u0151 oltalma al\u00e1 ker\u00fclt. A mai napig Bastet tov\u00e1bbra is n\u00e9pszer\u0171 figura, \u00e9s sz\u00e1mos hivatkoz\u00e1ssal rendelkezik a mai popkult\u00far\u00e1ban.<\/p>\n","protected":false},"excerpt":{"rendered":"<p>Az \u00f3kori egyiptomiak B\u00e1sztet istenn\u0151t a n\u0151k, az otthon, a h\u00e1ztart\u00e1s, a macsk\u00e1k, az \u00f6r\u00f6m \u00e9s az eg\u00e9szs\u00e9g v\u00e9delmez\u0151j\u00e9nek tartott\u00e1k. Meg\u00f3vta a h\u00e1ztart\u00e1sokat a gonosz szellemekt\u0151l \u00e9s a n\u0151ket vagy gyermekeket \u00e9rint\u0151 betegs\u00e9gekt\u0151l. M\u00e1s \u00f3kori istens\u00e9gekhez hasonl\u00f3an az istenn\u0151nek is alapvet\u0151 szerepe volt a t\u00falvil\u00e1gban. Az istenek \u00e9s istenn\u0151k szerepe \u00e9s \u00e1br\u00e1zol\u00e1sa az \u00f3kori egyiptomi [&hellip;]<\/p>\n","protected":false},"author":1,"featured_media":0,"parent":19642,"menu_order":0,"comment_status":"open","ping_status":"closed","template":"","meta":{"_coblocks_attr":"","_coblocks_dimensions":"","_coblocks_responsive_height":"","_coblocks_accordion_ie_support":"","_uag_custom_page_level_css":"","jetpack_post_was_ever_published":false,"footnotes":""},"class_list":["post-37976","page","type-page","status-publish","hentry"],"yoast_head":"<!-- This site is optimized with the Yoast SEO Premium plugin v26.9 (Yoast SEO v27.3) - https:\/\/yoast.com\/product\/yoast-seo-premium-wordpress\/ -->\n<title>B\u00e1sztet istenn\u0151 - Bastet szerepe a vall\u00e1sban - Landious Travel<\/title>\n<meta name=\"description\" content=\"B\u00e1sztet istenn\u0151 Az \u00f3kori egyiptomiak B\u00e1sztet istenn\u0151t a n\u0151k, az otthon, a h\u00e1ztart\u00e1s, a macsk\u00e1k, az \u00f6r\u00f6m \u00e9s az eg\u00e9szs\u00e9g v\u00e9delmez\u0151j\u00e9nek\" \/>\n<meta name=\"robots\" content=\"index, follow, max-snippet:-1, max-image-preview:large, max-video-preview:-1\" \/>\n<link rel=\"canonical\" href=\"https:\/\/landioustravel.com\/hu\/egyiptom\/egyiptomi-istensegek\/basztet-istenno\/\" \/>\n<meta property=\"og:locale\" content=\"hu_HU\" \/>\n<meta property=\"og:type\" content=\"article\" \/>\n<meta property=\"og:title\" content=\"B\u00e1sztet istenn\u0151\" \/>\n<meta property=\"og:description\" content=\"B\u00e1sztet istenn\u0151 Az \u00f3kori egyiptomiak B\u00e1sztet istenn\u0151t a n\u0151k, az otthon, a h\u00e1ztart\u00e1s, a macsk\u00e1k, az \u00f6r\u00f6m \u00e9s az eg\u00e9szs\u00e9g v\u00e9delmez\u0151j\u00e9nek\" \/>\n<meta property=\"og:url\" content=\"https:\/\/landioustravel.com\/hu\/egyiptom\/egyiptomi-istensegek\/basztet-istenno\/\" \/>\n<meta property=\"og:site_name\" content=\"Landious Travel\" \/>\n<meta property=\"article:publisher\" content=\"https:\/\/web.facebook.com\/landiousEgypt\" \/>\n<meta property=\"article:modified_time\" content=\"2021-09-25T07:09:25+00:00\" \/>\n<meta name=\"twitter:card\" content=\"summary_large_image\" \/>\n<meta name=\"twitter:site\" content=\"@LandiousTours\" \/>\n<meta name=\"twitter:label1\" content=\"Becs\u00fclt olvas\u00e1si id\u0151\" \/>\n\t<meta name=\"twitter:data1\" content=\"4 perc\" \/>\n<script type=\"application\/ld+json\" class=\"yoast-schema-graph\">{\"@context\":\"https:\\\/\\\/schema.org\",\"@graph\":[{\"@type\":\"WebPage\",\"@id\":\"https:\\\/\\\/landioustravel.com\\\/hu\\\/egyiptom\\\/egyiptomi-istensegek\\\/basztet-istenno\\\/\",\"url\":\"https:\\\/\\\/landioustravel.com\\\/hu\\\/egyiptom\\\/egyiptomi-istensegek\\\/basztet-istenno\\\/\",\"name\":\"B\u00e1sztet istenn\u0151 - Bastet szerepe a vall\u00e1sban - Landious Travel\",\"isPartOf\":{\"@id\":\"https:\\\/\\\/landioustravel.com\\\/hu\\\/#website\"},\"datePublished\":\"2021-09-24T13:28:36+00:00\",\"dateModified\":\"2021-09-25T07:09:25+00:00\",\"description\":\"B\u00e1sztet istenn\u0151 Az \u00f3kori egyiptomiak B\u00e1sztet istenn\u0151t a n\u0151k, az otthon, a h\u00e1ztart\u00e1s, a macsk\u00e1k, az \u00f6r\u00f6m \u00e9s az eg\u00e9szs\u00e9g v\u00e9delmez\u0151j\u00e9nek\",\"breadcrumb\":{\"@id\":\"https:\\\/\\\/landioustravel.com\\\/hu\\\/egyiptom\\\/egyiptomi-istensegek\\\/basztet-istenno\\\/#breadcrumb\"},\"inLanguage\":\"hu\",\"potentialAction\":[{\"@type\":\"ReadAction\",\"target\":[\"https:\\\/\\\/landioustravel.com\\\/hu\\\/egyiptom\\\/egyiptomi-istensegek\\\/basztet-istenno\\\/\"]}]},{\"@type\":\"BreadcrumbList\",\"@id\":\"https:\\\/\\\/landioustravel.com\\\/hu\\\/egyiptom\\\/egyiptomi-istensegek\\\/basztet-istenno\\\/#breadcrumb\",\"itemListElement\":[{\"@type\":\"ListItem\",\"position\":1,\"name\":\"Home\",\"item\":\"https:\\\/\\\/landioustravel.com\\\/hu\\\/\"},{\"@type\":\"ListItem\",\"position\":2,\"name\":\"Egyiptom\",\"item\":\"https:\\\/\\\/landioustravel.com\\\/hu\\\/egyiptom\\\/\"},{\"@type\":\"ListItem\",\"position\":3,\"name\":\"Egyiptomi istens\u00e9gek\",\"item\":\"https:\\\/\\\/landioustravel.com\\\/hu\\\/egyiptom\\\/egyiptomi-istensegek\\\/\"},{\"@type\":\"ListItem\",\"position\":4,\"name\":\"B\u00e1sztet istenn\u0151\"}]},{\"@type\":\"WebSite\",\"@id\":\"https:\\\/\\\/landioustravel.com\\\/hu\\\/#website\",\"url\":\"https:\\\/\\\/landioustravel.com\\\/hu\\\/\",\"name\":\"Landious Travel\",\"description\":\"Excursions, trips and cruises in Egypt\",\"publisher\":{\"@id\":\"https:\\\/\\\/landioustravel.com\\\/hu\\\/#organization\"},\"potentialAction\":[{\"@type\":\"SearchAction\",\"target\":{\"@type\":\"EntryPoint\",\"urlTemplate\":\"https:\\\/\\\/landioustravel.com\\\/hu\\\/?s={search_term_string}\"},\"query-input\":{\"@type\":\"PropertyValueSpecification\",\"valueRequired\":true,\"valueName\":\"search_term_string\"}}],\"inLanguage\":\"hu\"},{\"@type\":[\"Organization\",\"Place\"],\"@id\":\"https:\\\/\\\/landioustravel.com\\\/hu\\\/#organization\",\"name\":\"Landious Travel\",\"alternateName\":\"Landious Travel\",\"url\":\"https:\\\/\\\/landioustravel.com\\\/hu\\\/\",\"logo\":{\"@id\":\"https:\\\/\\\/landioustravel.com\\\/hu\\\/egyiptom\\\/egyiptomi-istensegek\\\/basztet-istenno\\\/#local-main-organization-logo\"},\"image\":{\"@id\":\"https:\\\/\\\/landioustravel.com\\\/hu\\\/egyiptom\\\/egyiptomi-istensegek\\\/basztet-istenno\\\/#local-main-organization-logo\"},\"sameAs\":[\"https:\\\/\\\/web.facebook.com\\\/landiousEgypt\",\"https:\\\/\\\/x.com\\\/LandiousTours\",\"https:\\\/\\\/mastodon.social\\\/@landious\"],\"legalName\":\"Landious Travel\",\"telephone\":[],\"openingHoursSpecification\":[{\"@type\":\"OpeningHoursSpecification\",\"dayOfWeek\":[\"Monday\",\"Tuesday\",\"Wednesday\",\"Thursday\",\"Friday\",\"Saturday\",\"Sunday\"],\"opens\":\"09:00\",\"closes\":\"17:00\"}]},{\"@type\":\"ImageObject\",\"inLanguage\":\"hu\",\"@id\":\"https:\\\/\\\/landioustravel.com\\\/hu\\\/egyiptom\\\/egyiptomi-istensegek\\\/basztet-istenno\\\/#local-main-organization-logo\",\"url\":\"https:\\\/\\\/i0.wp.com\\\/landioustravel.com\\\/wp-content\\\/uploads\\\/2021\\\/06\\\/Landious-T.png?fit=500%2C500&ssl=1\",\"contentUrl\":\"https:\\\/\\\/i0.wp.com\\\/landioustravel.com\\\/wp-content\\\/uploads\\\/2021\\\/06\\\/Landious-T.png?fit=500%2C500&ssl=1\",\"width\":500,\"height\":500,\"caption\":\"Landious Travel\"}]}<\/script>\n<!-- \/ Yoast SEO Premium plugin. -->","yoast_head_json":{"title":"B\u00e1sztet istenn\u0151 - Bastet szerepe a vall\u00e1sban - Landious Travel","description":"B\u00e1sztet istenn\u0151 Az \u00f3kori egyiptomiak B\u00e1sztet istenn\u0151t a n\u0151k, az otthon, a h\u00e1ztart\u00e1s, a macsk\u00e1k, az \u00f6r\u00f6m \u00e9s az eg\u00e9szs\u00e9g v\u00e9delmez\u0151j\u00e9nek","robots":{"index":"index","follow":"follow","max-snippet":"max-snippet:-1","max-image-preview":"max-image-preview:large","max-video-preview":"max-video-preview:-1"},"canonical":"https:\/\/landioustravel.com\/hu\/egyiptom\/egyiptomi-istensegek\/basztet-istenno\/","og_locale":"hu_HU","og_type":"article","og_title":"B\u00e1sztet istenn\u0151","og_description":"B\u00e1sztet istenn\u0151 Az \u00f3kori egyiptomiak B\u00e1sztet istenn\u0151t a n\u0151k, az otthon, a h\u00e1ztart\u00e1s, a macsk\u00e1k, az \u00f6r\u00f6m \u00e9s az eg\u00e9szs\u00e9g v\u00e9delmez\u0151j\u00e9nek","og_url":"https:\/\/landioustravel.com\/hu\/egyiptom\/egyiptomi-istensegek\/basztet-istenno\/","og_site_name":"Landious Travel","article_publisher":"https:\/\/web.facebook.com\/landiousEgypt","article_modified_time":"2021-09-25T07:09:25+00:00","twitter_card":"summary_large_image","twitter_site":"@LandiousTours","twitter_misc":{"Becs\u00fclt olvas\u00e1si id\u0151":"4 perc"},"schema":{"@context":"https:\/\/schema.org","@graph":[{"@type":"WebPage","@id":"https:\/\/landioustravel.com\/hu\/egyiptom\/egyiptomi-istensegek\/basztet-istenno\/","url":"https:\/\/landioustravel.com\/hu\/egyiptom\/egyiptomi-istensegek\/basztet-istenno\/","name":"B\u00e1sztet istenn\u0151 - Bastet szerepe a vall\u00e1sban - Landious Travel","isPartOf":{"@id":"https:\/\/landioustravel.com\/hu\/#website"},"datePublished":"2021-09-24T13:28:36+00:00","dateModified":"2021-09-25T07:09:25+00:00","description":"B\u00e1sztet istenn\u0151 Az \u00f3kori egyiptomiak B\u00e1sztet istenn\u0151t a n\u0151k, az otthon, a h\u00e1ztart\u00e1s, a macsk\u00e1k, az \u00f6r\u00f6m \u00e9s az eg\u00e9szs\u00e9g v\u00e9delmez\u0151j\u00e9nek","breadcrumb":{"@id":"https:\/\/landioustravel.com\/hu\/egyiptom\/egyiptomi-istensegek\/basztet-istenno\/#breadcrumb"},"inLanguage":"hu","potentialAction":[{"@type":"ReadAction","target":["https:\/\/landioustravel.com\/hu\/egyiptom\/egyiptomi-istensegek\/basztet-istenno\/"]}]},{"@type":"BreadcrumbList","@id":"https:\/\/landioustravel.com\/hu\/egyiptom\/egyiptomi-istensegek\/basztet-istenno\/#breadcrumb","itemListElement":[{"@type":"ListItem","position":1,"name":"Home","item":"https:\/\/landioustravel.com\/hu\/"},{"@type":"ListItem","position":2,"name":"Egyiptom","item":"https:\/\/landioustravel.com\/hu\/egyiptom\/"},{"@type":"ListItem","position":3,"name":"Egyiptomi istens\u00e9gek","item":"https:\/\/landioustravel.com\/hu\/egyiptom\/egyiptomi-istensegek\/"},{"@type":"ListItem","position":4,"name":"B\u00e1sztet istenn\u0151"}]},{"@type":"WebSite","@id":"https:\/\/landioustravel.com\/hu\/#website","url":"https:\/\/landioustravel.com\/hu\/","name":"Landious Travel","description":"Excursions, trips and cruises in Egypt","publisher":{"@id":"https:\/\/landioustravel.com\/hu\/#organization"},"potentialAction":[{"@type":"SearchAction","target":{"@type":"EntryPoint","urlTemplate":"https:\/\/landioustravel.com\/hu\/?s={search_term_string}"},"query-input":{"@type":"PropertyValueSpecification","valueRequired":true,"valueName":"search_term_string"}}],"inLanguage":"hu"},{"@type":["Organization","Place"],"@id":"https:\/\/landioustravel.com\/hu\/#organization","name":"Landious Travel","alternateName":"Landious Travel","url":"https:\/\/landioustravel.com\/hu\/","logo":{"@id":"https:\/\/landioustravel.com\/hu\/egyiptom\/egyiptomi-istensegek\/basztet-istenno\/#local-main-organization-logo"},"image":{"@id":"https:\/\/landioustravel.com\/hu\/egyiptom\/egyiptomi-istensegek\/basztet-istenno\/#local-main-organization-logo"},"sameAs":["https:\/\/web.facebook.com\/landiousEgypt","https:\/\/x.com\/LandiousTours","https:\/\/mastodon.social\/@landious"],"legalName":"Landious Travel","telephone":[],"openingHoursSpecification":[{"@type":"OpeningHoursSpecification","dayOfWeek":["Monday","Tuesday","Wednesday","Thursday","Friday","Saturday","Sunday"],"opens":"09:00","closes":"17:00"}]},{"@type":"ImageObject","inLanguage":"hu","@id":"https:\/\/landioustravel.com\/hu\/egyiptom\/egyiptomi-istensegek\/basztet-istenno\/#local-main-organization-logo","url":"https:\/\/i0.wp.com\/landioustravel.com\/wp-content\/uploads\/2021\/06\/Landious-T.png?fit=500%2C500&ssl=1","contentUrl":"https:\/\/i0.wp.com\/landioustravel.com\/wp-content\/uploads\/2021\/06\/Landious-T.png?fit=500%2C500&ssl=1","width":500,"height":500,"caption":"Landious Travel"}]}},"uagb_featured_image_src":{"full":false,"thumbnail":false,"medium":false,"medium_large":false,"large":false,"1536x1536":false,"2048x2048":false,"newspack-article-block-landscape-large":false,"newspack-article-block-portrait-large":false,"newspack-article-block-square-large":false,"newspack-article-block-landscape-medium":false,"newspack-article-block-portrait-medium":false,"newspack-article-block-square-medium":false,"newspack-article-block-landscape-intermediate":false,"newspack-article-block-portrait-intermediate":false,"newspack-article-block-square-intermediate":false,"newspack-article-block-landscape-small":false,"newspack-article-block-portrait-small":false,"newspack-article-block-square-small":false,"newspack-article-block-landscape-tiny":false,"newspack-article-block-portrait-tiny":false,"newspack-article-block-square-tiny":false,"newspack-article-block-uncropped":false,"woocommerce_thumbnail":false,"woocommerce_single":false,"woocommerce_gallery_thumbnail":false},"uagb_author_info":{"display_name":"Mofreh Landious","author_link":"https:\/\/landioustravel.com\/hu\/author\/landious\/"},"uagb_comment_info":0,"uagb_excerpt":"Az \u00f3kori egyiptomiak B\u00e1sztet istenn\u0151t a n\u0151k, az otthon, a h\u00e1ztart\u00e1s, a macsk\u00e1k, az \u00f6r\u00f6m \u00e9s az eg\u00e9szs\u00e9g v\u00e9delmez\u0151j\u00e9nek tartott\u00e1k. Meg\u00f3vta a h\u00e1ztart\u00e1sokat a gonosz szellemekt\u0151l \u00e9s a n\u0151ket vagy gyermekeket \u00e9rint\u0151 betegs\u00e9gekt\u0151l. M\u00e1s \u00f3kori istens\u00e9gekhez hasonl\u00f3an az istenn\u0151nek is alapvet\u0151 szerepe volt a t\u00falvil\u00e1gban. Az istenek \u00e9s istenn\u0151k szerepe \u00e9s \u00e1br\u00e1zol\u00e1sa az \u00f3kori egyiptomi&hellip;","jetpack_sharing_enabled":true,"jetpack_shortlink":"https:\/\/wp.me\/Par4r5-9Sw","jetpack_likes_enabled":true,"amp_enabled":true,"_links":{"self":[{"href":"https:\/\/landioustravel.com\/hu\/wp-json\/wp\/v2\/pages\/37976","targetHints":{"allow":["GET"]}}],"collection":[{"href":"https:\/\/landioustravel.com\/hu\/wp-json\/wp\/v2\/pages"}],"about":[{"href":"https:\/\/landioustravel.com\/hu\/wp-json\/wp\/v2\/types\/page"}],"author":[{"embeddable":true,"href":"https:\/\/landioustravel.com\/hu\/wp-json\/wp\/v2\/users\/1"}],"replies":[{"embeddable":true,"href":"https:\/\/landioustravel.com\/hu\/wp-json\/wp\/v2\/comments?post=37976"}],"version-history":[{"count":0,"href":"https:\/\/landioustravel.com\/hu\/wp-json\/wp\/v2\/pages\/37976\/revisions"}],"up":[{"embeddable":true,"href":"https:\/\/landioustravel.com\/hu\/wp-json\/wp\/v2\/pages\/19642"}],"wp:attachment":[{"href":"https:\/\/landioustravel.com\/hu\/wp-json\/wp\/v2\/media?parent=37976"}],"curies":[{"name":"wp","href":"https:\/\/api.w.org\/{rel}","templated":true}]}}