{"id":17490,"date":"2023-04-03T07:37:30","date_gmt":"2023-04-03T05:37:30","guid":{"rendered":"https:\/\/landioustravel.com\/?post_type=product&#038;p=17490"},"modified":"2025-10-21T20:13:30","modified_gmt":"2025-10-21T17:13:30","slug":"halaszati-kirandulas-hurghadaban","status":"publish","type":"product","link":"https:\/\/landioustravel.com\/hu\/shop\/halaszati-kirandulas-hurghadaban\/","title":{"rendered":"Hal\u00e1szati \u200b\u200bkir\u00e1ndul\u00e1s Hurghad\u00e1ban"},"content":{"rendered":"<p>\u00c9rdekes horg\u00e1szcs\u00f3nak kir\u00e1ndul\u00e1s a V\u00f6r\u00f6s-tengeren Hurghad\u00e1ban! Az utaz\u00e1st az\u00e9rt aj\u00e1nljuk, mert ez lehet\u0151v\u00e9 teszi a turist\u00e1k sz\u00e1m\u00e1ra a tengeren hal\u00e1szni. Ezenk\u00edv\u00fcl l\u00e1thatja a gy\u00f6ny\u00f6r\u0171 korallokat \u00e9s a k\u00fcl\u00f6nf\u00e9le halakat, \u00e9s \u00e9lvezheti a tenger piknikj\u00e9t a V\u00f6r\u00f6s-tengeren kereszt\u00fcl.<\/p>\n<h2>A hal\u00e1szati \u200b\u200bkir\u00e1ndul\u00e1si program f\u0151 pontjai<\/h2>\n<ul>\n<li>Hal\u00e1szat ny\u00edlt tengeren<\/li>\n<li>B\u00fav\u00e1rkod\u00e1s<\/li>\n<li>Emellett eb\u00e9d a haj\u00f3n<\/li>\n<\/ul>\n<h3>A program a hal\u00e1szati \u200b\u200bkir\u00e1ndul\u00e1s Hurghad\u00e1ban<\/h3>\n<ul>\n<li>K\u00f6r\u00fclbel\u00fcl 08:00 \u00f3rakor felveszik a sz\u00e1llod\u00e1b\u00f3l<\/li>\n<li>Az \u00f6sszes \u00e9rkez\u0151 felv\u00e9tele ut\u00e1n a busz megy a kik\u00f6t\u0151be. A kik\u00f6t\u0151be vezet\u0151 \u00fat kb. 20 percig tart<\/li>\n<li>A jachtj\u00e1t a kik\u00f6t\u0151ben tal\u00e1lja meg. Nagy \u00e9s eleg\u00e1ns! A jacht k\u00e9t emeletb\u0151l \u00e1ll. Amint bel\u00e9psz a jachtra, le kell venned a cip\u0151det, \u00e9s fel kell k\u00e9sz\u00fclni\u00fck a horg\u00e1sz\u00e1sra. Halak fog\u00e1sa trolpel\u00e9ssel t\u00f6rt\u00e9nik, am\u00edg a jacht vitorl\u00e1zik a tengeren. Ez\u00e9rt k\u00e9t von\u00f3rudat k\u00edn\u00e1lunk a jacht h\u00e1tulj\u00e1n.<\/li>\n<li>A jacht tov\u00e1bbhalad a V\u00f6r\u00f6s-tengeren, amint a csoport \u00f6ssze\u00e1ll. Valahol, a ny\u00edlt tengeren meg\u00e1ll, hogy haladjon a fed\u00e9lzet\u00e9r\u0151l. Addigra mindenki menhet horg\u00e1szni<\/li>\n<li>Ezut\u00e1n \u00e1lljon meg egy m\u00e1sik helyen, maszkokkal \u00e9s b\u00e9kal\u00e1bokkal \u00faszva.<\/li>\n<li>Ezen meg\u00e1ll\u00e1s ut\u00e1n a csoport \u00f6sszegy\u0171l az els\u0151 emeleten eb\u00e9dre. Eb\u00e9d k\u00f6zben a b\u00fcf\u00e9 nyitva tart<\/li>\n<li>Eb\u00e9d ut\u00e1n megpr\u00f3b\u00e1l m\u00e1shol fogni a halakat.<\/li>\n<li>Ez a \u201ehal\u00e1szati \u200b\u200bkir\u00e1ndul\u00e1s Hurghad\u00e1ban\u201d k\u00f6r\u00fclbel\u00fcl 16:30 -ig \u00e9r v\u00e9get<\/li>\n<\/ul>\n<h4>Mit tartalmaz az utaz\u00e1si \u00e1r<\/h4>\n<ul>\n<li>Hal\u00e1szati \u200b\u200bfelszerel\u00e9sek<\/li>\n<li>Snorkeling felszerel\u00e9s<\/li>\n<li>\u00c9lelmiszer<\/li>\n<li>Tov\u00e1bb\u00e1, transzfer a kik\u00f6t\u0151be \u00e9s vissza a sz\u00e1llod\u00e1ba<\/li>\n<\/ul>\n<h5>Amit nem tartalmaz az utaz\u00e1s \u00e1ra<\/h5>\n<ul>\n<li>Video DVD<\/li>\n<li>Tov\u00e1bb\u00e1, f\u00e9nyk\u00e9p CD<\/li>\n<\/ul>\n<h6>Mit vigyen mag\u00e1val az utaz\u00e1shoz<\/h6>\n<ul>\n<li>T\u00f6r\u00fclk\u00f6z\u0151<\/li>\n<li>f\u00e9nyv\u00e9d\u0151<\/li>\n<\/ul>\n<h6>KOCK\u00c1ZATI SZERVEZ\u00c9S NAPAI<\/h6>\n<ul>\n<li>Kedden, 08:00 &#8211; 17:00<\/li>\n<li>Ezen k\u00edv\u00fcl p\u00e9nteken 08:00 &#8211; 17:00 k\u00f6z\u00f6tt<\/li>\n<\/ul>\n","protected":false},"excerpt":{"rendered":"<p>Csatlakozzon hozz\u00e1nk egy felejthetetlen \u00e9lm\u00e9ny\u00e9rt a V\u00f6r\u00f6s-tengeren horg\u00e1szni \u00e9s a helysz\u00ednen elk\u00e9sz\u00edteni a fog\u00e1st. A fog\u00e1s izgalma csak a frissen f\u0151tt \u00e9tel finom \u00edz\u00e9vel p\u00e1rosul. Cs\u00f3nakunk a ny\u00edlt tengeren fog horgonyozni, ahol k\u00fcl\u00f6nf\u00e9le halakat lehet fogni. Ezut\u00e1n lehet\u0151s\u00e9ge lesz elk\u00e9sz\u00edteni \u00e9s elfogyasztani a fog\u00e1st eb\u00e9dre a haj\u00f3 konyh\u00e1j\u00e1ban. A kir\u00e1ndul\u00e1s z\u00e1r\u00e1sak\u00e9nt \u00faszhat egy friss\u00edt\u0151t a ny\u00edlt tengerben, maszkok \u00e9s b\u00e9kal\u00e1bok mellett. Az utaz\u00e1s \u00e1ra mindent tartalmaz, amire sz\u00fcks\u00e9ge van, bele\u00e9rtve a transzfereket, a horg\u00e1szfelszerel\u00e9st \u00e9s az eb\u00e9det.<\/p>\n","protected":false},"featured_media":100254,"comment_status":"open","ping_status":"closed","template":"","meta":{"_coblocks_attr":"","_coblocks_dimensions":"","_coblocks_responsive_height":"","_coblocks_accordion_ie_support":"","_uag_custom_page_level_css":"","jetpack_publicize_message":"","jetpack_publicize_feature_enabled":true,"jetpack_social_post_already_shared":true,"jetpack_social_options":{"image_generator_settings":{"template":"highway","default_image_id":0,"font":"","enabled":false},"version":2},"_wpas_customize_per_network":false},"product_brand":[],"product_cat":[15549,15551],"product_tag":[15602,15558,15576,15582,15572,15595],"class_list":{"0":"post-17490","1":"product","2":"type-product","3":"status-publish","4":"has-post-thumbnail","6":"product_cat-kirandulasok-hurghadaban","7":"product_cat-tengeri-kirandulasok-hurghadaban","8":"product_tag-buvarkodas-hu","9":"product_tag-hajokirandulasok-hurghadaban","10":"product_tag-halaszat","11":"product_tag-hurghada-hu","12":"product_tag-kirandulas","13":"product_tag-tenger","14":"pa_age-felnott","15":"pa_age-gyermek","17":"first","18":"instock","19":"sale","20":"purchasable","21":"product-type-variable"},"yoast_head":"<!-- This site is optimized with the Yoast SEO Premium plugin v26.9 (Yoast SEO v27.4) - https:\/\/yoast.com\/product\/yoast-seo-premium-wordpress\/ -->\n<title>Hal\u00e1szati \u200b\u200bkir\u00e1ndul\u00e1s Hurghad\u00e1ban<\/title>\n<meta name=\"description\" content=\"Hal\u00e1szati \u200b\u200bkir\u00e1ndul\u00e1s Hurghad\u00e1ban Az utaz\u00e1st az\u00e9rt aj\u00e1nljuk, mert ez lehet\u0151v\u00e9 teszi a turist\u00e1k sz\u00e1m\u00e1ra a tengeren hal\u00e1szni. Ezenk\u00edv\u00fcl l\u00e1thatja a gy\u00f6ny\u00f6r\u0171\" \/>\n<meta name=\"robots\" content=\"index, follow, max-snippet:-1, max-image-preview:large, max-video-preview:-1\" \/>\n<link rel=\"canonical\" href=\"https:\/\/landioustravel.com\/hu\/shop\/halaszati-kirandulas-hurghadaban\/\" \/>\n<meta property=\"og:locale\" content=\"hu_HU\" \/>\n<meta property=\"og:type\" content=\"article\" \/>\n<meta property=\"og:title\" content=\"Hal\u00e1szati \u200b\u200bkir\u00e1ndul\u00e1s Hurghad\u00e1ban\" \/>\n<meta property=\"og:description\" content=\"Landious Travel\" \/>\n<meta property=\"og:url\" content=\"https:\/\/landioustravel.com\/hu\/shop\/halaszati-kirandulas-hurghadaban\/\" \/>\n<meta property=\"og:site_name\" content=\"Landious Travel\" \/>\n<meta property=\"article:publisher\" content=\"https:\/\/web.facebook.com\/landiousEgypt\" \/>\n<meta property=\"article:modified_time\" content=\"2025-10-21T17:13:30+00:00\" \/>\n<meta property=\"og:image\" content=\"https:\/\/i0.wp.com\/landioustravel.com\/wp-content\/uploads\/2018\/12\/Fishing-Trip-Hurghada-e1669479757911.jpg?fit=1200%2C675&ssl=1\" \/>\n\t<meta property=\"og:image:width\" content=\"1200\" \/>\n\t<meta property=\"og:image:height\" content=\"675\" \/>\n\t<meta property=\"og:image:type\" content=\"image\/jpeg\" \/>\n<meta name=\"twitter:card\" content=\"summary_large_image\" \/>\n<meta name=\"twitter:site\" content=\"@LandiousTours\" \/>\n<meta name=\"twitter:label1\" content=\"Becs\u00fclt olvas\u00e1si id\u0151\" \/>\n\t<meta name=\"twitter:data1\" content=\"2 perc\" \/>\n<script type=\"application\/ld+json\" class=\"yoast-schema-graph\">{\"@context\":\"https:\\\/\\\/schema.org\",\"@graph\":[{\"@type\":\"WebPage\",\"@id\":\"https:\\\/\\\/landioustravel.com\\\/hu\\\/shop\\\/halaszati-kirandulas-hurghadaban\\\/\",\"url\":\"https:\\\/\\\/landioustravel.com\\\/hu\\\/shop\\\/halaszati-kirandulas-hurghadaban\\\/\",\"name\":\"Hal\u00e1szati \u200b\u200bkir\u00e1ndul\u00e1s Hurghad\u00e1ban\",\"isPartOf\":{\"@id\":\"https:\\\/\\\/landioustravel.com\\\/hu\\\/#website\"},\"primaryImageOfPage\":{\"@id\":\"https:\\\/\\\/landioustravel.com\\\/hu\\\/shop\\\/halaszati-kirandulas-hurghadaban\\\/#primaryimage\"},\"image\":{\"@id\":\"https:\\\/\\\/landioustravel.com\\\/hu\\\/shop\\\/halaszati-kirandulas-hurghadaban\\\/#primaryimage\"},\"thumbnailUrl\":\"https:\\\/\\\/i0.wp.com\\\/landioustravel.com\\\/wp-content\\\/uploads\\\/2018\\\/12\\\/Fishing-Trip-Hurghada-e1669479757911.jpg?fit=1200%2C675&ssl=1\",\"datePublished\":\"2023-04-03T05:37:30+00:00\",\"dateModified\":\"2025-10-21T17:13:30+00:00\",\"description\":\"Hal\u00e1szati \u200b\u200bkir\u00e1ndul\u00e1s Hurghad\u00e1ban Az utaz\u00e1st az\u00e9rt aj\u00e1nljuk, mert ez lehet\u0151v\u00e9 teszi a turist\u00e1k sz\u00e1m\u00e1ra a tengeren hal\u00e1szni. Ezenk\u00edv\u00fcl l\u00e1thatja a gy\u00f6ny\u00f6r\u0171\",\"breadcrumb\":{\"@id\":\"https:\\\/\\\/landioustravel.com\\\/hu\\\/shop\\\/halaszati-kirandulas-hurghadaban\\\/#breadcrumb\"},\"inLanguage\":\"hu\",\"potentialAction\":[{\"@type\":\"ReadAction\",\"target\":[\"https:\\\/\\\/landioustravel.com\\\/hu\\\/shop\\\/halaszati-kirandulas-hurghadaban\\\/\"]}]},{\"@type\":\"ImageObject\",\"inLanguage\":\"hu\",\"@id\":\"https:\\\/\\\/landioustravel.com\\\/hu\\\/shop\\\/halaszati-kirandulas-hurghadaban\\\/#primaryimage\",\"url\":\"https:\\\/\\\/i0.wp.com\\\/landioustravel.com\\\/wp-content\\\/uploads\\\/2018\\\/12\\\/Fishing-Trip-Hurghada-e1669479757911.jpg?fit=1200%2C675&ssl=1\",\"contentUrl\":\"https:\\\/\\\/i0.wp.com\\\/landioustravel.com\\\/wp-content\\\/uploads\\\/2018\\\/12\\\/Fishing-Trip-Hurghada-e1669479757911.jpg?fit=1200%2C675&ssl=1\",\"width\":1200,\"height\":675,\"caption\":\"Fishing Trip Hurghada\"},{\"@type\":\"BreadcrumbList\",\"@id\":\"https:\\\/\\\/landioustravel.com\\\/hu\\\/shop\\\/halaszati-kirandulas-hurghadaban\\\/#breadcrumb\",\"itemListElement\":[{\"@type\":\"ListItem\",\"position\":1,\"name\":\"Home\",\"item\":\"https:\\\/\\\/landioustravel.com\\\/hu\\\/\"},{\"@type\":\"ListItem\",\"position\":2,\"name\":\"Szolg\u00e1ltat\u00e1sok \u00e9s t\u00far\u00e1k\",\"item\":\"https:\\\/\\\/landioustravel.com\\\/hu\\\/\"},{\"@type\":\"ListItem\",\"position\":3,\"name\":\"Hal\u00e1szati \u200b\u200bkir\u00e1ndul\u00e1s Hurghad\u00e1ban\"}]},{\"@type\":\"WebSite\",\"@id\":\"https:\\\/\\\/landioustravel.com\\\/hu\\\/#website\",\"url\":\"https:\\\/\\\/landioustravel.com\\\/hu\\\/\",\"name\":\"Landious Travel\",\"description\":\"Excursions, trips and cruises in Egypt\",\"publisher\":{\"@id\":\"https:\\\/\\\/landioustravel.com\\\/hu\\\/#organization\"},\"potentialAction\":[{\"@type\":\"SearchAction\",\"target\":{\"@type\":\"EntryPoint\",\"urlTemplate\":\"https:\\\/\\\/landioustravel.com\\\/hu\\\/?s={search_term_string}\"},\"query-input\":{\"@type\":\"PropertyValueSpecification\",\"valueRequired\":true,\"valueName\":\"search_term_string\"}}],\"inLanguage\":\"hu\"},{\"@type\":[\"Organization\",\"Place\"],\"@id\":\"https:\\\/\\\/landioustravel.com\\\/hu\\\/#organization\",\"name\":\"Landious Travel\",\"alternateName\":\"Landious Travel\",\"url\":\"https:\\\/\\\/landioustravel.com\\\/hu\\\/\",\"logo\":{\"@id\":\"https:\\\/\\\/landioustravel.com\\\/hu\\\/shop\\\/halaszati-kirandulas-hurghadaban\\\/#local-main-organization-logo\"},\"image\":{\"@id\":\"https:\\\/\\\/landioustravel.com\\\/hu\\\/shop\\\/halaszati-kirandulas-hurghadaban\\\/#local-main-organization-logo\"},\"sameAs\":[\"https:\\\/\\\/web.facebook.com\\\/landiousEgypt\",\"https:\\\/\\\/x.com\\\/LandiousTours\",\"https:\\\/\\\/mastodon.social\\\/@landious\"],\"legalName\":\"Landious Travel\",\"telephone\":[],\"openingHoursSpecification\":[{\"@type\":\"OpeningHoursSpecification\",\"dayOfWeek\":[\"Monday\",\"Tuesday\",\"Wednesday\",\"Thursday\",\"Friday\",\"Saturday\",\"Sunday\"],\"opens\":\"09:00\",\"closes\":\"17:00\"}]},{\"@type\":\"ImageObject\",\"inLanguage\":\"hu\",\"@id\":\"https:\\\/\\\/landioustravel.com\\\/hu\\\/shop\\\/halaszati-kirandulas-hurghadaban\\\/#local-main-organization-logo\",\"url\":\"https:\\\/\\\/i0.wp.com\\\/landioustravel.com\\\/wp-content\\\/uploads\\\/2021\\\/06\\\/Landious-T.png?fit=500%2C500&ssl=1\",\"contentUrl\":\"https:\\\/\\\/i0.wp.com\\\/landioustravel.com\\\/wp-content\\\/uploads\\\/2021\\\/06\\\/Landious-T.png?fit=500%2C500&ssl=1\",\"width\":500,\"height\":500,\"caption\":\"Landious Travel\"}]}<\/script>\n<!-- \/ Yoast SEO Premium plugin. -->","yoast_head_json":{"title":"Hal\u00e1szati \u200b\u200bkir\u00e1ndul\u00e1s Hurghad\u00e1ban","description":"Hal\u00e1szati \u200b\u200bkir\u00e1ndul\u00e1s Hurghad\u00e1ban Az utaz\u00e1st az\u00e9rt aj\u00e1nljuk, mert ez lehet\u0151v\u00e9 teszi a turist\u00e1k sz\u00e1m\u00e1ra a tengeren hal\u00e1szni. Ezenk\u00edv\u00fcl l\u00e1thatja a gy\u00f6ny\u00f6r\u0171","robots":{"index":"index","follow":"follow","max-snippet":"max-snippet:-1","max-image-preview":"max-image-preview:large","max-video-preview":"max-video-preview:-1"},"canonical":"https:\/\/landioustravel.com\/hu\/shop\/halaszati-kirandulas-hurghadaban\/","og_locale":"hu_HU","og_type":"article","og_title":"Hal\u00e1szati \u200b\u200bkir\u00e1ndul\u00e1s Hurghad\u00e1ban","og_description":"Landious Travel","og_url":"https:\/\/landioustravel.com\/hu\/shop\/halaszati-kirandulas-hurghadaban\/","og_site_name":"Landious Travel","article_publisher":"https:\/\/web.facebook.com\/landiousEgypt","article_modified_time":"2025-10-21T17:13:30+00:00","og_image":[{"width":1200,"height":675,"url":"https:\/\/i0.wp.com\/landioustravel.com\/wp-content\/uploads\/2018\/12\/Fishing-Trip-Hurghada-e1669479757911.jpg?fit=1200%2C675&ssl=1","type":"image\/jpeg"}],"twitter_card":"summary_large_image","twitter_site":"@LandiousTours","twitter_misc":{"Becs\u00fclt olvas\u00e1si id\u0151":"2 perc"},"schema":{"@context":"https:\/\/schema.org","@graph":[{"@type":"WebPage","@id":"https:\/\/landioustravel.com\/hu\/shop\/halaszati-kirandulas-hurghadaban\/","url":"https:\/\/landioustravel.com\/hu\/shop\/halaszati-kirandulas-hurghadaban\/","name":"Hal\u00e1szati \u200b\u200bkir\u00e1ndul\u00e1s Hurghad\u00e1ban","isPartOf":{"@id":"https:\/\/landioustravel.com\/hu\/#website"},"primaryImageOfPage":{"@id":"https:\/\/landioustravel.com\/hu\/shop\/halaszati-kirandulas-hurghadaban\/#primaryimage"},"image":{"@id":"https:\/\/landioustravel.com\/hu\/shop\/halaszati-kirandulas-hurghadaban\/#primaryimage"},"thumbnailUrl":"https:\/\/i0.wp.com\/landioustravel.com\/wp-content\/uploads\/2018\/12\/Fishing-Trip-Hurghada-e1669479757911.jpg?fit=1200%2C675&ssl=1","datePublished":"2023-04-03T05:37:30+00:00","dateModified":"2025-10-21T17:13:30+00:00","description":"Hal\u00e1szati \u200b\u200bkir\u00e1ndul\u00e1s Hurghad\u00e1ban Az utaz\u00e1st az\u00e9rt aj\u00e1nljuk, mert ez lehet\u0151v\u00e9 teszi a turist\u00e1k sz\u00e1m\u00e1ra a tengeren hal\u00e1szni. Ezenk\u00edv\u00fcl l\u00e1thatja a gy\u00f6ny\u00f6r\u0171","breadcrumb":{"@id":"https:\/\/landioustravel.com\/hu\/shop\/halaszati-kirandulas-hurghadaban\/#breadcrumb"},"inLanguage":"hu","potentialAction":[{"@type":"ReadAction","target":["https:\/\/landioustravel.com\/hu\/shop\/halaszati-kirandulas-hurghadaban\/"]}]},{"@type":"ImageObject","inLanguage":"hu","@id":"https:\/\/landioustravel.com\/hu\/shop\/halaszati-kirandulas-hurghadaban\/#primaryimage","url":"https:\/\/i0.wp.com\/landioustravel.com\/wp-content\/uploads\/2018\/12\/Fishing-Trip-Hurghada-e1669479757911.jpg?fit=1200%2C675&ssl=1","contentUrl":"https:\/\/i0.wp.com\/landioustravel.com\/wp-content\/uploads\/2018\/12\/Fishing-Trip-Hurghada-e1669479757911.jpg?fit=1200%2C675&ssl=1","width":1200,"height":675,"caption":"Fishing Trip Hurghada"},{"@type":"BreadcrumbList","@id":"https:\/\/landioustravel.com\/hu\/shop\/halaszati-kirandulas-hurghadaban\/#breadcrumb","itemListElement":[{"@type":"ListItem","position":1,"name":"Home","item":"https:\/\/landioustravel.com\/hu\/"},{"@type":"ListItem","position":2,"name":"Szolg\u00e1ltat\u00e1sok \u00e9s t\u00far\u00e1k","item":"https:\/\/landioustravel.com\/hu\/"},{"@type":"ListItem","position":3,"name":"Hal\u00e1szati \u200b\u200bkir\u00e1ndul\u00e1s Hurghad\u00e1ban"}]},{"@type":"WebSite","@id":"https:\/\/landioustravel.com\/hu\/#website","url":"https:\/\/landioustravel.com\/hu\/","name":"Landious Travel","description":"Excursions, trips and cruises in Egypt","publisher":{"@id":"https:\/\/landioustravel.com\/hu\/#organization"},"potentialAction":[{"@type":"SearchAction","target":{"@type":"EntryPoint","urlTemplate":"https:\/\/landioustravel.com\/hu\/?s={search_term_string}"},"query-input":{"@type":"PropertyValueSpecification","valueRequired":true,"valueName":"search_term_string"}}],"inLanguage":"hu"},{"@type":["Organization","Place"],"@id":"https:\/\/landioustravel.com\/hu\/#organization","name":"Landious Travel","alternateName":"Landious Travel","url":"https:\/\/landioustravel.com\/hu\/","logo":{"@id":"https:\/\/landioustravel.com\/hu\/shop\/halaszati-kirandulas-hurghadaban\/#local-main-organization-logo"},"image":{"@id":"https:\/\/landioustravel.com\/hu\/shop\/halaszati-kirandulas-hurghadaban\/#local-main-organization-logo"},"sameAs":["https:\/\/web.facebook.com\/landiousEgypt","https:\/\/x.com\/LandiousTours","https:\/\/mastodon.social\/@landious"],"legalName":"Landious Travel","telephone":[],"openingHoursSpecification":[{"@type":"OpeningHoursSpecification","dayOfWeek":["Monday","Tuesday","Wednesday","Thursday","Friday","Saturday","Sunday"],"opens":"09:00","closes":"17:00"}]},{"@type":"ImageObject","inLanguage":"hu","@id":"https:\/\/landioustravel.com\/hu\/shop\/halaszati-kirandulas-hurghadaban\/#local-main-organization-logo","url":"https:\/\/i0.wp.com\/landioustravel.com\/wp-content\/uploads\/2021\/06\/Landious-T.png?fit=500%2C500&ssl=1","contentUrl":"https:\/\/i0.wp.com\/landioustravel.com\/wp-content\/uploads\/2021\/06\/Landious-T.png?fit=500%2C500&ssl=1","width":500,"height":500,"caption":"Landious Travel"}]}},"jetpack_publicize_connections":[],"uagb_featured_image_src":{"full":["https:\/\/i0.wp.com\/landioustravel.com\/wp-content\/uploads\/2018\/12\/Fishing-Trip-Hurghada-e1669479757911.jpg?fit=1200%2C675&ssl=1",1200,675,false],"thumbnail":["https:\/\/i0.wp.com\/landioustravel.com\/wp-content\/uploads\/2018\/12\/Fishing-Trip-Hurghada-e1669479757911.jpg?resize=150%2C150&ssl=1",150,150,true],"medium":["https:\/\/i0.wp.com\/landioustravel.com\/wp-content\/uploads\/2018\/12\/Fishing-Trip-Hurghada-e1669479757911.jpg?fit=300%2C169&ssl=1",300,169,true],"medium_large":["https:\/\/i0.wp.com\/landioustravel.com\/wp-content\/uploads\/2018\/12\/Fishing-Trip-Hurghada-e1669479757911.jpg?fit=768%2C432&ssl=1",768,432,true],"large":["https:\/\/i0.wp.com\/landioustravel.com\/wp-content\/uploads\/2018\/12\/Fishing-Trip-Hurghada-e1669479757911.jpg?fit=980%2C551&ssl=1",980,551,true],"1536x1536":["https:\/\/i0.wp.com\/landioustravel.com\/wp-content\/uploads\/2018\/12\/Fishing-Trip-Hurghada-e1669479757911.jpg?fit=1200%2C675&ssl=1",1200,675,true],"2048x2048":["https:\/\/i0.wp.com\/landioustravel.com\/wp-content\/uploads\/2018\/12\/Fishing-Trip-Hurghada-e1669479757911.jpg?fit=1200%2C675&ssl=1",1200,675,true],"newspack-article-block-landscape-large":["https:\/\/i0.wp.com\/landioustravel.com\/wp-content\/uploads\/2018\/12\/Fishing-Trip-Hurghada-e1669479757911.jpg?resize=1200%2C675&ssl=1",1200,675,true],"newspack-article-block-portrait-large":["https:\/\/i0.wp.com\/landioustravel.com\/wp-content\/uploads\/2018\/12\/Fishing-Trip-Hurghada-e1669479757911.jpg?resize=900%2C675&ssl=1",900,675,true],"newspack-article-block-square-large":["https:\/\/i0.wp.com\/landioustravel.com\/wp-content\/uploads\/2018\/12\/Fishing-Trip-Hurghada-e1669479757911.jpg?resize=1200%2C675&ssl=1",1200,675,true],"newspack-article-block-landscape-medium":["https:\/\/i0.wp.com\/landioustravel.com\/wp-content\/uploads\/2018\/12\/Fishing-Trip-Hurghada-e1669479757911.jpg?resize=800%2C600&ssl=1",800,600,true],"newspack-article-block-portrait-medium":["https:\/\/i0.wp.com\/landioustravel.com\/wp-content\/uploads\/2018\/12\/Fishing-Trip-Hurghada-e1669479757911.jpg?resize=600%2C675&ssl=1",600,675,true],"newspack-article-block-square-medium":["https:\/\/i0.wp.com\/landioustravel.com\/wp-content\/uploads\/2018\/12\/Fishing-Trip-Hurghada-e1669479757911.jpg?resize=800%2C675&ssl=1",800,675,true],"newspack-article-block-landscape-intermediate":["https:\/\/i0.wp.com\/landioustravel.com\/wp-content\/uploads\/2018\/12\/Fishing-Trip-Hurghada-e1669479757911.jpg?resize=600%2C450&ssl=1",600,450,true],"newspack-article-block-portrait-intermediate":["https:\/\/i0.wp.com\/landioustravel.com\/wp-content\/uploads\/2018\/12\/Fishing-Trip-Hurghada-e1669479757911.jpg?resize=450%2C600&ssl=1",450,600,true],"newspack-article-block-square-intermediate":["https:\/\/i0.wp.com\/landioustravel.com\/wp-content\/uploads\/2018\/12\/Fishing-Trip-Hurghada-e1669479757911.jpg?resize=600%2C600&ssl=1",600,600,true],"newspack-article-block-landscape-small":["https:\/\/i0.wp.com\/landioustravel.com\/wp-content\/uploads\/2018\/12\/Fishing-Trip-Hurghada-e1669479757911.jpg?resize=400%2C300&ssl=1",400,300,true],"newspack-article-block-portrait-small":["https:\/\/i0.wp.com\/landioustravel.com\/wp-content\/uploads\/2018\/12\/Fishing-Trip-Hurghada-e1669479757911.jpg?resize=300%2C400&ssl=1",300,400,true],"newspack-article-block-square-small":["https:\/\/i0.wp.com\/landioustravel.com\/wp-content\/uploads\/2018\/12\/Fishing-Trip-Hurghada-e1669479757911.jpg?resize=400%2C400&ssl=1",400,400,true],"newspack-article-block-landscape-tiny":["https:\/\/i0.wp.com\/landioustravel.com\/wp-content\/uploads\/2018\/12\/Fishing-Trip-Hurghada-e1669479757911.jpg?resize=200%2C150&ssl=1",200,150,true],"newspack-article-block-portrait-tiny":["https:\/\/i0.wp.com\/landioustravel.com\/wp-content\/uploads\/2018\/12\/Fishing-Trip-Hurghada-e1669479757911.jpg?resize=150%2C200&ssl=1",150,200,true],"newspack-article-block-square-tiny":["https:\/\/i0.wp.com\/landioustravel.com\/wp-content\/uploads\/2018\/12\/Fishing-Trip-Hurghada-e1669479757911.jpg?resize=200%2C200&ssl=1",200,200,true],"newspack-article-block-uncropped":["https:\/\/i0.wp.com\/landioustravel.com\/wp-content\/uploads\/2018\/12\/Fishing-Trip-Hurghada-e1669479757911.jpg?fit=1200%2C675&ssl=1",1200,675,true],"woocommerce_thumbnail":["https:\/\/i0.wp.com\/landioustravel.com\/wp-content\/uploads\/2018\/12\/Fishing-Trip-Hurghada-e1669479757911.jpg?resize=324%2C324&ssl=1",324,324,true],"woocommerce_single":["https:\/\/i0.wp.com\/landioustravel.com\/wp-content\/uploads\/2018\/12\/Fishing-Trip-Hurghada-e1669479757911.jpg?fit=416%2C234&ssl=1",416,234,true],"woocommerce_gallery_thumbnail":["https:\/\/i0.wp.com\/landioustravel.com\/wp-content\/uploads\/2018\/12\/Fishing-Trip-Hurghada-e1669479757911.jpg?resize=100%2C100&ssl=1",100,100,true]},"uagb_author_info":{"display_name":"Mofreh Landious","author_link":"https:\/\/landioustravel.com\/hu\/author\/"},"uagb_comment_info":3,"uagb_excerpt":"Csatlakozzon hozz\u00e1nk egy felejthetetlen \u00e9lm\u00e9ny\u00e9rt a V\u00f6r\u00f6s-tengeren horg\u00e1szni \u00e9s a helysz\u00ednen elk\u00e9sz\u00edteni a fog\u00e1st. A fog\u00e1s izgalma csak a frissen f\u0151tt \u00e9tel finom \u00edz\u00e9vel p\u00e1rosul. Cs\u00f3nakunk a ny\u00edlt tengeren fog horgonyozni, ahol k\u00fcl\u00f6nf\u00e9le halakat lehet fogni. Ezut\u00e1n lehet\u0151s\u00e9ge lesz elk\u00e9sz\u00edteni \u00e9s elfogyasztani a fog\u00e1st eb\u00e9dre a haj\u00f3 konyh\u00e1j\u00e1ban. A kir\u00e1ndul\u00e1s z\u00e1r\u00e1sak\u00e9nt \u00faszhat egy friss\u00edt\u0151t a&hellip;","jetpack_sharing_enabled":true,"jetpack_likes_enabled":true,"amp_enabled":true,"_links":{"self":[{"href":"https:\/\/landioustravel.com\/hu\/wp-json\/wp\/v2\/product\/17490","targetHints":{"allow":["GET"]}}],"collection":[{"href":"https:\/\/landioustravel.com\/hu\/wp-json\/wp\/v2\/product"}],"about":[{"href":"https:\/\/landioustravel.com\/hu\/wp-json\/wp\/v2\/types\/product"}],"replies":[{"embeddable":true,"href":"https:\/\/landioustravel.com\/hu\/wp-json\/wp\/v2\/comments?post=17490"}],"wp:featuredmedia":[{"embeddable":true,"href":"https:\/\/landioustravel.com\/hu\/wp-json\/wp\/v2\/media\/100254"}],"wp:attachment":[{"href":"https:\/\/landioustravel.com\/hu\/wp-json\/wp\/v2\/media?parent=17490"}],"wp:term":[{"taxonomy":"product_brand","embeddable":true,"href":"https:\/\/landioustravel.com\/hu\/wp-json\/wp\/v2\/product_brand?post=17490"},{"taxonomy":"product_cat","embeddable":true,"href":"https:\/\/landioustravel.com\/hu\/wp-json\/wp\/v2\/product_cat?post=17490"},{"taxonomy":"product_tag","embeddable":true,"href":"https:\/\/landioustravel.com\/hu\/wp-json\/wp\/v2\/product_tag?post=17490"}],"curies":[{"name":"wp","href":"https:\/\/api.w.org\/{rel}","templated":true}]}}