{"id":17514,"date":"2018-12-03T21:41:36","date_gmt":"2019-08-24T18:14:44","guid":{"rendered":"https:\/\/landioustravel.com\/?post_type=product&#038;p=17514"},"modified":"2025-10-01T20:22:12","modified_gmt":"2025-10-01T17:22:12","slug":"kirandulas-kairoba-sharm-sheikhbol","status":"publish","type":"product","link":"https:\/\/landioustravel.com\/hu\/shop\/kirandulas-kairoba-sharm-sheikhbol\/","title":{"rendered":"Kir\u00e1ndul\u00e1s Kair\u00f3ba Sharm El-Sheikhb\u0151l"},"content":{"rendered":"<p>Csod\u00e1latos kir\u00e1ndul\u00e1s Kair\u00f3ba \u00e9s Giz\u00e1ba Sharm El-Sheikh \u00fcd\u00fcl\u0151hely\u00e9b\u0151l! A kir\u00e1ndul\u00e1st az\u00e9rt javasoljuk, mert lehet\u0151v\u00e9 teszi a turist\u00e1k sz\u00e1m\u00e1ra az \u00f3kori Egyiptom alatt \u00e9p\u00fclt legszebb l\u00e1tnival\u00f3k megismer\u00e9s\u00e9t \u00e9s az orsz\u00e1g t\u00f6rt\u00e9nelm\u00e9nek megismer\u00e9s\u00e9t.<\/p>\n<h2>A kir\u00e1ndul\u00e1si program f\u0151 pontjai Kair\u00f3ban<\/h2>\n<ul>\n<li>L\u00e1togat\u00e1s a kair\u00f3i egyiptomi m\u00fazeumban<\/li>\n<li>Eb\u00e9d<\/li>\n<li>L\u00e1togat\u00e1s a h\u00e1rom g\u00edzai piramisba<\/li>\n<li>Ugyancsak a Nagy Szfinx a piramis komplexumban<\/li>\n<\/ul>\n<h3>A Sharm El Sheikh-i Kair\u00f3 &#8211; Giza kir\u00e1ndul\u00e1sok programja<\/h3>\n<ul>\n<li>K\u00f6r\u00fclbel\u00fcl 00:00 \u00f3rakor felvesz\u00fcnk a sz\u00e1llod\u00e1b\u00f3l<\/li>\n<li>Az \u00f6sszes \u00e9rkez\u0151 felv\u00e9tele ut\u00e1n a busz Kair\u00f3 fel\u00e9 indul, elhaladva El Tor, Abu Zinema, Ras Sidr \u00e9s Suez v\u00e1rosokon. Ezek a v\u00e1rosok Sharm El Sheikh-t\u0151l \u00e9szakra, a V\u00f6r\u00f6s-tenger partj\u00e1n tal\u00e1lhat\u00f3k. Az \u00fat Sharm El Sheikh k\u00f6zpontj\u00e1t\u00f3l Kair\u00f3ig kb. 6 \u00f3r\u00e1t vesz ig\u00e9nybe.<\/li>\n<\/ul>\n<h4>Program Kair\u00f3ban<\/h4>\n<ul>\n<li>Amint meg\u00e9rkezik Kair\u00f3ba, megmutatjuk az Egyiptomi M\u00fazeumot. Az \u00fatmutat\u00f3nknak feladata lesz bemutatni ezeket a templomokat, \u00e9s szabadidej\u00e9t ad a k\u00e9pek k\u00e9sz\u00edt\u00e9s\u00e9hez<\/li>\n<li>Miut\u00e1n megl\u00e1togatta a kair\u00f3i Egyiptomi M\u00fazeumot, elind\u00edthatja a haj\u00f3piknikot a N\u00edlus foly\u00f3n. Ez egy kieg\u00e9sz\u00edt\u0151 program, amelyet el\u0151re kell megrendelni rajtunk kereszt\u00fcl! Amint a N\u00edlus haj\u00f3piknikje v\u00e9get \u00e9r, egy m\u00e1sik v\u00e1rosba indulsz _ Giza<\/li>\n<\/ul>\n<h4>Program Giz\u00e1ban<\/h4>\n<ul>\n<li>Az utaz\u00e1s Giz\u00e1ban folytat\u00f3dik. Az els\u0151 meg\u00e1ll\u00f3 ott lesz az \u00e9tteremben. Nyitott b\u00fcf\u00e9t k\u00edn\u00e1l<br \/>\nEb\u00e9d ut\u00e1n egy kis id\u0151re v\u00e1s\u00e1rolhat<\/li>\n<li>Ezut\u00e1n a csoport elmegy a piramis komplexumba, ahol vannak olyan nagyszer\u0171 piramisok \u00e9s Szfinx. Az \u00fatmutat\u00f3 bemutatja \u0151ket, \u00e9s szabadidej\u00fcket ad a k\u00e9pek k\u00e9sz\u00edt\u00e9s\u00e9hez<\/li>\n<li>A gizai program v\u00e9ge el\u0151tt a turist\u00e1knak idej\u00fck van v\u00e1s\u00e1rolni a parf\u00fcmcsarnokban<\/li>\n<li>Buszunk visszaindul egy ilyen program ut\u00e1n Kair\u00f3 \u00e9s Giza csod\u00e1latos v\u00e1rosaiba.<\/li>\n<li>Ez a \u201eKair\u00f3i kir\u00e1ndul\u00e1s &#8211; Sharm El-Sheikhb\u0151l Giz\u00e1ba\u201d k\u00f6r\u00fclbel\u00fcl 23:30 \u00f3rakor \u00e9r v\u00e9get<\/li>\n<\/ul>\n<h4>Mit tartalmaz az utaz\u00e1si \u00e1r<\/h4>\n<ul>\n<li>Jegyek turisztikai l\u00e1tnival\u00f3k megl\u00e1togat\u00e1s\u00e1ra<\/li>\n<li>Eb\u00e9d<\/li>\n<li>\u00datmutat\u00f3<\/li>\n<li>Tov\u00e1bb\u00e1, transzfer Kair\u00f3ba \u00e9s vissza a sz\u00e1llod\u00e1ba<\/li>\n<\/ul>\n<h5>Amit nem tartalmaz az utaz\u00e1s \u00e1ra<\/h5>\n<ul>\n<li>Tov\u00e1bbi kir\u00e1ndul\u00e1si programok<\/li>\n<li>Szint\u00e9n italok<\/li>\n<\/ul>\n<h6>Mit vigyen mag\u00e1val az utaz\u00e1shoz<\/h6>\n<ul>\n<li>Reggeli doboz<\/li>\n<li>\u00datlev\u00e9l<\/li>\n<li>Ezen k\u00edv\u00fcl ruh\u00e1k az \u00e9vszakra<\/li>\n<\/ul>\n<h6>KOCK\u00c1ZATI SZERVEZ\u00c9S NAPAI<\/h6>\n<ul>\n<li>Naponta 00:00 &#8211; 23:30<\/li>\n<\/ul>\n","protected":false},"excerpt":{"rendered":"<p>Ha csak egy nap alatt szeretn\u00e9 felfedezni Kair\u00f3t \u00e9s G\u00edz\u00e1t Sharm El Sheikhb\u0151l, n\u00e1lunk megtal\u00e1lja a fedezetet. Lehet\u0151s\u00e9ged lesz megn\u00e9zni a h\u00e1rom csod\u00e1latos g\u00edzai piramist \u00e9s a Nagy Szfinxet, majd egy finom eb\u00e9d k\u00f6vetkezik. Eb\u00e9d ut\u00e1n ell\u00e1togat az Egyiptomi M\u00fazeumba, amely t\u00f6bb mint 150 000 egyedi darabb\u00f3l \u00e1ll\u00f3 hihetetlen gy\u0171jtem\u00e9nyt tudhat mag\u00e1\u00e9nak 100 ki\u00e1ll\u00edt\u00f3teremben. A kir\u00e1ndul\u00e1s tet\u00e9z\u00e9sek\u00e9nt ak\u00e1r egy haj\u00f3s pikniket is v\u00e1laszthat a N\u00edluson.<\/p>\n<p>Tiszt\u00e1ban vagyunk vele, hogy az utaz\u00e1si k\u00f6lts\u00e9gek gyorsan \u00f6sszead\u00f3dnak, ez\u00e9rt k\u00edn\u00e1lunk egy p\u00e9nzt\u00e1rcabar\u00e1tabb m\u00f3dot arra, hogy egy nap alatt megl\u00e1togassa Kair\u00f3t an\u00e9lk\u00fcl, hogy dr\u00e1ga rep\u00fcl\u0151j\u00e1ratra vagy vonatra kellene mennie Sharm El Sheikhb\u0151l. Egynapos aut\u00f3buszos kir\u00e1ndul\u00e1sunk kor\u00e1n indulhat, de ez biztos\u00edtja, hogy ne maradjon le a h\u00edres egyiptomi l\u00e1tnival\u00f3kr\u00f3l Kair\u00f3ban \u00e9s k\u00f6rny\u00e9k\u00e9n. Egy csoport tagja lesz, \u00e9s felfedezheti az Egyiptomi M\u00fazeumot, a Nagy Szfinxet \u00e9s a g\u00edzai piramisokat gyalog, l\u00f3h\u00e1ton vagy tev\u00e9vel. Kl\u00edmaszab\u00e1lyozott aut\u00f3buszunk Sharm El Sheikhb\u0151l Kair\u00f3ba viszi \u00d6nt, \u00e9s m\u00e9g olyan helysz\u00ednekre is el\u0151re lefoglaltuk a bel\u00e9p\u0151ket, mint az Egyiptomi M\u00fazeum, hogy id\u0151t takar\u00edtson meg. Lehet\u0151s\u00e9ge ny\u00edlik megtapasztalni a g\u00edzai piramisokat hagyom\u00e1nyos m\u00f3don, egy teve h\u00e1t\u00e1n, \u00e9s m\u00e9g a N\u00edluson is haj\u00f3k\u00e1zhat (fel\u00e1r ellen\u00e9ben).<\/p>\n<p>Az Egyiptomi M\u00fazeumban tett l\u00e1togat\u00e1sa sor\u00e1n lehet\u0151s\u00e9g ny\u00edlik sz\u00e1mtalan t\u00f6rt\u00e9nelmi ki\u00e1ll\u00edt\u00e1s megcsod\u00e1l\u00e1s\u00e1ra k\u00e9t \u00f3r\u00e1n kereszt\u00fcl, bel\u00e9p\u0151jegy \u00e1r\u00e1val. Ha laz\u00e1bb \u00e9lm\u00e9nyre v\u00e1gyik, v\u00e1laszthat, hogy fel\u00e1r ellen\u00e9ben haj\u00f3kir\u00e1ndul\u00e1st tesz a N\u00edluson, vagy 30 percet ingyen s\u00e9t\u00e1lhat a N\u00edlus partj\u00e1n. A g\u00edzai piramisokat k\u00f6telez\u0151 l\u00e1tni, \u00e9s mes\u00e9s \u00e9lm\u00e9ny. \u00d6sszesen h\u00e1rom piramist tal\u00e1l itt: a Chephren, Cheops \u00e9s Mykerinos piramist. A k\u00f6rny\u00e9ket gyalogosan, l\u00f3h\u00e1ton vagy tev\u00e9vel fedezheti fel, 2-3 \u00f3r\u00e1s id\u0151tartammal, bel\u00e9p\u0151vel. V\u00e9g\u00fcl, miut\u00e1n megl\u00e1togatta a g\u00edzai piramisokat, megl\u00e1togatja a Nagy Szfinxet, amely messze a legnagyobb \u00e9s legjobb \u00e1llapotban fennmaradt Szfinx. A Szfinx egy emberi fejet \u00e1br\u00e1zolt egy oroszl\u00e1n test\u00e9n, \u00e9s egy m\u00e9szk\u0151domb marad\u00e9k\u00e1b\u00f3l faragt\u00e1k, amely Kheopsz nagy piramis\u00e1nak k\u0151b\u00e1ny\u00e1jak\u00e9nt szolg\u00e1lt. A l\u00e1togat\u00e1s k\u00f6r\u00fclbel\u00fcl 20-30 percig tart.<\/p>\n<p>Rem\u00e9lj\u00fck, hogy ezek az inform\u00e1ci\u00f3k seg\u00edtenek megtervezni a kair\u00f3i \u00e9s g\u00edzai utaz\u00e1s\u00e1t, \u00e9s k\u00e9szs\u00e9ggel \u00e1llunk rendelkez\u00e9s\u00e9re, ha b\u00e1rmilyen k\u00e9rd\u00e9se vagy agg\u00e1lya mer\u00fclne fel.<\/p>\n","protected":false},"featured_media":99444,"comment_status":"open","ping_status":"closed","template":"","meta":{"_coblocks_attr":"","_coblocks_dimensions":"","_coblocks_responsive_height":"","_coblocks_accordion_ie_support":"","_uag_custom_page_level_css":"","jetpack_post_was_ever_published":false,"jetpack_publicize_message":"","jetpack_publicize_feature_enabled":true,"jetpack_social_post_already_shared":true,"jetpack_social_options":{"image_generator_settings":{"template":"highway","default_image_id":0,"font":"","enabled":false},"version":2},"_wpas_customize_per_network":false},"product_brand":[],"product_cat":[15543,15544],"product_tag":[15560,15572,15590,15599,15603,15600],"class_list":{"0":"post-17514","1":"product","2":"type-product","3":"status-publish","4":"has-post-thumbnail","6":"product_cat-kirandulasok-sharm-el-sheikhben","7":"product_cat-tortenelmi-kirandulasok-sharm-sheikhben","8":"product_tag-kairo-hu","9":"product_tag-kirandulas","10":"product_tag-piramisok","11":"product_tag-sharm-el-sheikh-hu","12":"product_tag-szfinx","13":"product_tag-varosnezes-hu","14":"pa_age-1-4-eves-gyermek","15":"pa_age-felnott","16":"pa_age-gyerek-5-11-eves","18":"first","19":"instock","20":"sale","21":"purchasable","22":"product-type-variable"},"yoast_head":"<!-- This site is optimized with the Yoast SEO Premium plugin v26.9 (Yoast SEO v27.3) - https:\/\/yoast.com\/product\/yoast-seo-premium-wordpress\/ -->\n<title>Kir\u00e1ndul\u00e1s Kair\u00f3ba Sharm El-Sheikhb\u0151l<\/title>\n<meta name=\"description\" content=\"Kir\u00e1ndul\u00e1s Kair\u00f3ba Sharm El-Sheikhb\u0151l \u00fcd\u00fcl\u0151hely\u00e9b\u0151l! A kir\u00e1ndul\u00e1st az\u00e9rt javasoljuk, mert lehet\u0151v\u00e9 teszi a turist\u00e1k sz\u00e1m\u00e1ra az \u00f3kori Egyiptom alatt \u00e9p\u00fclt\" \/>\n<meta name=\"robots\" content=\"index, follow, max-snippet:-1, max-image-preview:large, max-video-preview:-1\" \/>\n<link rel=\"canonical\" href=\"https:\/\/landioustravel.com\/hu\/shop\/kirandulas-kairoba-sharm-sheikhbol\/\" \/>\n<meta property=\"og:locale\" content=\"hu_HU\" \/>\n<meta property=\"og:type\" content=\"article\" \/>\n<meta property=\"og:title\" content=\"Kir\u00e1ndul\u00e1s Kair\u00f3ba Sharm El-Sheikhb\u0151l\" \/>\n<meta property=\"og:description\" content=\"Landious Travel\" \/>\n<meta property=\"og:url\" content=\"https:\/\/landioustravel.com\/hu\/shop\/kirandulas-kairoba-sharm-sheikhbol\/\" \/>\n<meta property=\"og:site_name\" content=\"Landious Travel\" \/>\n<meta property=\"article:publisher\" content=\"https:\/\/web.facebook.com\/landiousEgypt\" \/>\n<meta property=\"article:modified_time\" content=\"2025-10-01T17:22:12+00:00\" \/>\n<meta property=\"og:image\" content=\"https:\/\/i0.wp.com\/landioustravel.com\/wp-content\/uploads\/2022\/05\/Egyptian-Pyramids-e1652448963518.jpg?fit=1200%2C675&ssl=1\" \/>\n\t<meta property=\"og:image:width\" content=\"1200\" \/>\n\t<meta property=\"og:image:height\" content=\"675\" \/>\n\t<meta property=\"og:image:type\" content=\"image\/jpeg\" \/>\n<meta name=\"twitter:card\" content=\"summary_large_image\" \/>\n<meta name=\"twitter:site\" content=\"@LandiousTours\" \/>\n<meta name=\"twitter:label1\" content=\"Becs\u00fclt olvas\u00e1si id\u0151\" \/>\n\t<meta name=\"twitter:data1\" content=\"2 perc\" \/>\n<script type=\"application\/ld+json\" class=\"yoast-schema-graph\">{\"@context\":\"https:\\\/\\\/schema.org\",\"@graph\":[{\"@type\":\"WebPage\",\"@id\":\"https:\\\/\\\/landioustravel.com\\\/hu\\\/shop\\\/kirandulas-kairoba-sharm-sheikhbol\\\/\",\"url\":\"https:\\\/\\\/landioustravel.com\\\/hu\\\/shop\\\/kirandulas-kairoba-sharm-sheikhbol\\\/\",\"name\":\"Kir\u00e1ndul\u00e1s Kair\u00f3ba Sharm El-Sheikhb\u0151l\",\"isPartOf\":{\"@id\":\"https:\\\/\\\/landioustravel.com\\\/hu\\\/#website\"},\"primaryImageOfPage\":{\"@id\":\"https:\\\/\\\/landioustravel.com\\\/hu\\\/shop\\\/kirandulas-kairoba-sharm-sheikhbol\\\/#primaryimage\"},\"image\":{\"@id\":\"https:\\\/\\\/landioustravel.com\\\/hu\\\/shop\\\/kirandulas-kairoba-sharm-sheikhbol\\\/#primaryimage\"},\"thumbnailUrl\":\"https:\\\/\\\/i0.wp.com\\\/landioustravel.com\\\/wp-content\\\/uploads\\\/2022\\\/05\\\/Egyptian-Pyramids-e1652448963518.jpg?fit=1200%2C675&ssl=1\",\"datePublished\":\"2019-08-24T18:14:44+00:00\",\"dateModified\":\"2025-10-01T17:22:12+00:00\",\"description\":\"Kir\u00e1ndul\u00e1s Kair\u00f3ba Sharm El-Sheikhb\u0151l \u00fcd\u00fcl\u0151hely\u00e9b\u0151l! A kir\u00e1ndul\u00e1st az\u00e9rt javasoljuk, mert lehet\u0151v\u00e9 teszi a turist\u00e1k sz\u00e1m\u00e1ra az \u00f3kori Egyiptom alatt \u00e9p\u00fclt\",\"breadcrumb\":{\"@id\":\"https:\\\/\\\/landioustravel.com\\\/hu\\\/shop\\\/kirandulas-kairoba-sharm-sheikhbol\\\/#breadcrumb\"},\"inLanguage\":\"hu\",\"potentialAction\":[{\"@type\":\"ReadAction\",\"target\":[\"https:\\\/\\\/landioustravel.com\\\/hu\\\/shop\\\/kirandulas-kairoba-sharm-sheikhbol\\\/\"]}]},{\"@type\":\"ImageObject\",\"inLanguage\":\"hu\",\"@id\":\"https:\\\/\\\/landioustravel.com\\\/hu\\\/shop\\\/kirandulas-kairoba-sharm-sheikhbol\\\/#primaryimage\",\"url\":\"https:\\\/\\\/i0.wp.com\\\/landioustravel.com\\\/wp-content\\\/uploads\\\/2022\\\/05\\\/Egyptian-Pyramids-e1652448963518.jpg?fit=1200%2C675&ssl=1\",\"contentUrl\":\"https:\\\/\\\/i0.wp.com\\\/landioustravel.com\\\/wp-content\\\/uploads\\\/2022\\\/05\\\/Egyptian-Pyramids-e1652448963518.jpg?fit=1200%2C675&ssl=1\",\"width\":1200,\"height\":675,\"caption\":\"Egyptian pyramids\"},{\"@type\":\"BreadcrumbList\",\"@id\":\"https:\\\/\\\/landioustravel.com\\\/hu\\\/shop\\\/kirandulas-kairoba-sharm-sheikhbol\\\/#breadcrumb\",\"itemListElement\":[{\"@type\":\"ListItem\",\"position\":1,\"name\":\"Home\",\"item\":\"https:\\\/\\\/landioustravel.com\\\/hu\\\/\"},{\"@type\":\"ListItem\",\"position\":2,\"name\":\"Szolg\u00e1ltat\u00e1sok \u00e9s t\u00far\u00e1k\",\"item\":\"https:\\\/\\\/landioustravel.com\\\/hu\\\/\"},{\"@type\":\"ListItem\",\"position\":3,\"name\":\"Kir\u00e1ndul\u00e1s Kair\u00f3ba Sharm El-Sheikhb\u0151l\"}]},{\"@type\":\"WebSite\",\"@id\":\"https:\\\/\\\/landioustravel.com\\\/hu\\\/#website\",\"url\":\"https:\\\/\\\/landioustravel.com\\\/hu\\\/\",\"name\":\"Landious Travel\",\"description\":\"Excursions, trips and cruises in Egypt\",\"publisher\":{\"@id\":\"https:\\\/\\\/landioustravel.com\\\/hu\\\/#organization\"},\"potentialAction\":[{\"@type\":\"SearchAction\",\"target\":{\"@type\":\"EntryPoint\",\"urlTemplate\":\"https:\\\/\\\/landioustravel.com\\\/hu\\\/?s={search_term_string}\"},\"query-input\":{\"@type\":\"PropertyValueSpecification\",\"valueRequired\":true,\"valueName\":\"search_term_string\"}}],\"inLanguage\":\"hu\"},{\"@type\":[\"Organization\",\"Place\"],\"@id\":\"https:\\\/\\\/landioustravel.com\\\/hu\\\/#organization\",\"name\":\"Landious Travel\",\"alternateName\":\"Landious Travel\",\"url\":\"https:\\\/\\\/landioustravel.com\\\/hu\\\/\",\"logo\":{\"@id\":\"https:\\\/\\\/landioustravel.com\\\/hu\\\/shop\\\/kirandulas-kairoba-sharm-sheikhbol\\\/#local-main-organization-logo\"},\"image\":{\"@id\":\"https:\\\/\\\/landioustravel.com\\\/hu\\\/shop\\\/kirandulas-kairoba-sharm-sheikhbol\\\/#local-main-organization-logo\"},\"sameAs\":[\"https:\\\/\\\/web.facebook.com\\\/landiousEgypt\",\"https:\\\/\\\/x.com\\\/LandiousTours\",\"https:\\\/\\\/mastodon.social\\\/@landious\"],\"legalName\":\"Landious Travel\",\"telephone\":[],\"openingHoursSpecification\":[{\"@type\":\"OpeningHoursSpecification\",\"dayOfWeek\":[\"Monday\",\"Tuesday\",\"Wednesday\",\"Thursday\",\"Friday\",\"Saturday\",\"Sunday\"],\"opens\":\"09:00\",\"closes\":\"17:00\"}]},{\"@type\":\"ImageObject\",\"inLanguage\":\"hu\",\"@id\":\"https:\\\/\\\/landioustravel.com\\\/hu\\\/shop\\\/kirandulas-kairoba-sharm-sheikhbol\\\/#local-main-organization-logo\",\"url\":\"https:\\\/\\\/i0.wp.com\\\/landioustravel.com\\\/wp-content\\\/uploads\\\/2021\\\/06\\\/Landious-T.png?fit=500%2C500&ssl=1\",\"contentUrl\":\"https:\\\/\\\/i0.wp.com\\\/landioustravel.com\\\/wp-content\\\/uploads\\\/2021\\\/06\\\/Landious-T.png?fit=500%2C500&ssl=1\",\"width\":500,\"height\":500,\"caption\":\"Landious Travel\"}]}<\/script>\n<!-- \/ Yoast SEO Premium plugin. -->","yoast_head_json":{"title":"Kir\u00e1ndul\u00e1s Kair\u00f3ba Sharm El-Sheikhb\u0151l","description":"Kir\u00e1ndul\u00e1s Kair\u00f3ba Sharm El-Sheikhb\u0151l \u00fcd\u00fcl\u0151hely\u00e9b\u0151l! A kir\u00e1ndul\u00e1st az\u00e9rt javasoljuk, mert lehet\u0151v\u00e9 teszi a turist\u00e1k sz\u00e1m\u00e1ra az \u00f3kori Egyiptom alatt \u00e9p\u00fclt","robots":{"index":"index","follow":"follow","max-snippet":"max-snippet:-1","max-image-preview":"max-image-preview:large","max-video-preview":"max-video-preview:-1"},"canonical":"https:\/\/landioustravel.com\/hu\/shop\/kirandulas-kairoba-sharm-sheikhbol\/","og_locale":"hu_HU","og_type":"article","og_title":"Kir\u00e1ndul\u00e1s Kair\u00f3ba Sharm El-Sheikhb\u0151l","og_description":"Landious Travel","og_url":"https:\/\/landioustravel.com\/hu\/shop\/kirandulas-kairoba-sharm-sheikhbol\/","og_site_name":"Landious Travel","article_publisher":"https:\/\/web.facebook.com\/landiousEgypt","article_modified_time":"2025-10-01T17:22:12+00:00","og_image":[{"width":1200,"height":675,"url":"https:\/\/i0.wp.com\/landioustravel.com\/wp-content\/uploads\/2022\/05\/Egyptian-Pyramids-e1652448963518.jpg?fit=1200%2C675&ssl=1","type":"image\/jpeg"}],"twitter_card":"summary_large_image","twitter_site":"@LandiousTours","twitter_misc":{"Becs\u00fclt olvas\u00e1si id\u0151":"2 perc"},"schema":{"@context":"https:\/\/schema.org","@graph":[{"@type":"WebPage","@id":"https:\/\/landioustravel.com\/hu\/shop\/kirandulas-kairoba-sharm-sheikhbol\/","url":"https:\/\/landioustravel.com\/hu\/shop\/kirandulas-kairoba-sharm-sheikhbol\/","name":"Kir\u00e1ndul\u00e1s Kair\u00f3ba Sharm El-Sheikhb\u0151l","isPartOf":{"@id":"https:\/\/landioustravel.com\/hu\/#website"},"primaryImageOfPage":{"@id":"https:\/\/landioustravel.com\/hu\/shop\/kirandulas-kairoba-sharm-sheikhbol\/#primaryimage"},"image":{"@id":"https:\/\/landioustravel.com\/hu\/shop\/kirandulas-kairoba-sharm-sheikhbol\/#primaryimage"},"thumbnailUrl":"https:\/\/i0.wp.com\/landioustravel.com\/wp-content\/uploads\/2022\/05\/Egyptian-Pyramids-e1652448963518.jpg?fit=1200%2C675&ssl=1","datePublished":"2019-08-24T18:14:44+00:00","dateModified":"2025-10-01T17:22:12+00:00","description":"Kir\u00e1ndul\u00e1s Kair\u00f3ba Sharm El-Sheikhb\u0151l \u00fcd\u00fcl\u0151hely\u00e9b\u0151l! A kir\u00e1ndul\u00e1st az\u00e9rt javasoljuk, mert lehet\u0151v\u00e9 teszi a turist\u00e1k sz\u00e1m\u00e1ra az \u00f3kori Egyiptom alatt \u00e9p\u00fclt","breadcrumb":{"@id":"https:\/\/landioustravel.com\/hu\/shop\/kirandulas-kairoba-sharm-sheikhbol\/#breadcrumb"},"inLanguage":"hu","potentialAction":[{"@type":"ReadAction","target":["https:\/\/landioustravel.com\/hu\/shop\/kirandulas-kairoba-sharm-sheikhbol\/"]}]},{"@type":"ImageObject","inLanguage":"hu","@id":"https:\/\/landioustravel.com\/hu\/shop\/kirandulas-kairoba-sharm-sheikhbol\/#primaryimage","url":"https:\/\/i0.wp.com\/landioustravel.com\/wp-content\/uploads\/2022\/05\/Egyptian-Pyramids-e1652448963518.jpg?fit=1200%2C675&ssl=1","contentUrl":"https:\/\/i0.wp.com\/landioustravel.com\/wp-content\/uploads\/2022\/05\/Egyptian-Pyramids-e1652448963518.jpg?fit=1200%2C675&ssl=1","width":1200,"height":675,"caption":"Egyptian pyramids"},{"@type":"BreadcrumbList","@id":"https:\/\/landioustravel.com\/hu\/shop\/kirandulas-kairoba-sharm-sheikhbol\/#breadcrumb","itemListElement":[{"@type":"ListItem","position":1,"name":"Home","item":"https:\/\/landioustravel.com\/hu\/"},{"@type":"ListItem","position":2,"name":"Szolg\u00e1ltat\u00e1sok \u00e9s t\u00far\u00e1k","item":"https:\/\/landioustravel.com\/hu\/"},{"@type":"ListItem","position":3,"name":"Kir\u00e1ndul\u00e1s Kair\u00f3ba Sharm El-Sheikhb\u0151l"}]},{"@type":"WebSite","@id":"https:\/\/landioustravel.com\/hu\/#website","url":"https:\/\/landioustravel.com\/hu\/","name":"Landious Travel","description":"Excursions, trips and cruises in Egypt","publisher":{"@id":"https:\/\/landioustravel.com\/hu\/#organization"},"potentialAction":[{"@type":"SearchAction","target":{"@type":"EntryPoint","urlTemplate":"https:\/\/landioustravel.com\/hu\/?s={search_term_string}"},"query-input":{"@type":"PropertyValueSpecification","valueRequired":true,"valueName":"search_term_string"}}],"inLanguage":"hu"},{"@type":["Organization","Place"],"@id":"https:\/\/landioustravel.com\/hu\/#organization","name":"Landious Travel","alternateName":"Landious Travel","url":"https:\/\/landioustravel.com\/hu\/","logo":{"@id":"https:\/\/landioustravel.com\/hu\/shop\/kirandulas-kairoba-sharm-sheikhbol\/#local-main-organization-logo"},"image":{"@id":"https:\/\/landioustravel.com\/hu\/shop\/kirandulas-kairoba-sharm-sheikhbol\/#local-main-organization-logo"},"sameAs":["https:\/\/web.facebook.com\/landiousEgypt","https:\/\/x.com\/LandiousTours","https:\/\/mastodon.social\/@landious"],"legalName":"Landious Travel","telephone":[],"openingHoursSpecification":[{"@type":"OpeningHoursSpecification","dayOfWeek":["Monday","Tuesday","Wednesday","Thursday","Friday","Saturday","Sunday"],"opens":"09:00","closes":"17:00"}]},{"@type":"ImageObject","inLanguage":"hu","@id":"https:\/\/landioustravel.com\/hu\/shop\/kirandulas-kairoba-sharm-sheikhbol\/#local-main-organization-logo","url":"https:\/\/i0.wp.com\/landioustravel.com\/wp-content\/uploads\/2021\/06\/Landious-T.png?fit=500%2C500&ssl=1","contentUrl":"https:\/\/i0.wp.com\/landioustravel.com\/wp-content\/uploads\/2021\/06\/Landious-T.png?fit=500%2C500&ssl=1","width":500,"height":500,"caption":"Landious Travel"}]}},"jetpack_publicize_connections":[],"uagb_featured_image_src":{"full":["https:\/\/i0.wp.com\/landioustravel.com\/wp-content\/uploads\/2022\/05\/Egyptian-Pyramids-e1652448963518.jpg?fit=1200%2C675&ssl=1",1200,675,false],"thumbnail":["https:\/\/i0.wp.com\/landioustravel.com\/wp-content\/uploads\/2022\/05\/Egyptian-Pyramids-e1652448963518.jpg?resize=150%2C150&ssl=1",150,150,true],"medium":["https:\/\/i0.wp.com\/landioustravel.com\/wp-content\/uploads\/2022\/05\/Egyptian-Pyramids-e1652448963518.jpg?fit=300%2C169&ssl=1",300,169,true],"medium_large":["https:\/\/i0.wp.com\/landioustravel.com\/wp-content\/uploads\/2022\/05\/Egyptian-Pyramids-e1652448963518.jpg?fit=768%2C432&ssl=1",768,432,true],"large":["https:\/\/i0.wp.com\/landioustravel.com\/wp-content\/uploads\/2022\/05\/Egyptian-Pyramids-e1652448963518.jpg?fit=980%2C551&ssl=1",980,551,true],"1536x1536":["https:\/\/i0.wp.com\/landioustravel.com\/wp-content\/uploads\/2022\/05\/Egyptian-Pyramids-e1652448963518.jpg?fit=1536%2C864&ssl=1",1536,864,true],"2048x2048":["https:\/\/i0.wp.com\/landioustravel.com\/wp-content\/uploads\/2022\/05\/Egyptian-Pyramids-e1652448963518.jpg?fit=1200%2C675&ssl=1",1200,675,true],"newspack-article-block-landscape-large":["https:\/\/i0.wp.com\/landioustravel.com\/wp-content\/uploads\/2022\/05\/Egyptian-Pyramids-e1652448963518.jpg?resize=1200%2C675&ssl=1",1200,675,true],"newspack-article-block-portrait-large":["https:\/\/i0.wp.com\/landioustravel.com\/wp-content\/uploads\/2022\/05\/Egyptian-Pyramids-e1652448963518.jpg?resize=900%2C675&ssl=1",900,675,true],"newspack-article-block-square-large":["https:\/\/i0.wp.com\/landioustravel.com\/wp-content\/uploads\/2022\/05\/Egyptian-Pyramids-e1652448963518.jpg?resize=1200%2C675&ssl=1",1200,675,true],"newspack-article-block-landscape-medium":["https:\/\/i0.wp.com\/landioustravel.com\/wp-content\/uploads\/2022\/05\/Egyptian-Pyramids-e1652448963518.jpg?resize=800%2C600&ssl=1",800,600,true],"newspack-article-block-portrait-medium":["https:\/\/i0.wp.com\/landioustravel.com\/wp-content\/uploads\/2022\/05\/Egyptian-Pyramids-e1652448963518.jpg?resize=600%2C675&ssl=1",600,675,true],"newspack-article-block-square-medium":["https:\/\/i0.wp.com\/landioustravel.com\/wp-content\/uploads\/2022\/05\/Egyptian-Pyramids-e1652448963518.jpg?resize=800%2C675&ssl=1",800,675,true],"newspack-article-block-landscape-intermediate":["https:\/\/i0.wp.com\/landioustravel.com\/wp-content\/uploads\/2022\/05\/Egyptian-Pyramids-e1652448963518.jpg?resize=600%2C450&ssl=1",600,450,true],"newspack-article-block-portrait-intermediate":["https:\/\/i0.wp.com\/landioustravel.com\/wp-content\/uploads\/2022\/05\/Egyptian-Pyramids-e1652448963518.jpg?resize=450%2C600&ssl=1",450,600,true],"newspack-article-block-square-intermediate":["https:\/\/i0.wp.com\/landioustravel.com\/wp-content\/uploads\/2022\/05\/Egyptian-Pyramids-e1652448963518.jpg?resize=600%2C600&ssl=1",600,600,true],"newspack-article-block-landscape-small":["https:\/\/i0.wp.com\/landioustravel.com\/wp-content\/uploads\/2022\/05\/Egyptian-Pyramids-e1652448963518.jpg?resize=400%2C300&ssl=1",400,300,true],"newspack-article-block-portrait-small":["https:\/\/i0.wp.com\/landioustravel.com\/wp-content\/uploads\/2022\/05\/Egyptian-Pyramids-e1652448963518.jpg?resize=300%2C400&ssl=1",300,400,true],"newspack-article-block-square-small":["https:\/\/i0.wp.com\/landioustravel.com\/wp-content\/uploads\/2022\/05\/Egyptian-Pyramids-e1652448963518.jpg?resize=400%2C400&ssl=1",400,400,true],"newspack-article-block-landscape-tiny":["https:\/\/i0.wp.com\/landioustravel.com\/wp-content\/uploads\/2022\/05\/Egyptian-Pyramids-e1652448963518.jpg?resize=200%2C150&ssl=1",200,150,true],"newspack-article-block-portrait-tiny":["https:\/\/i0.wp.com\/landioustravel.com\/wp-content\/uploads\/2022\/05\/Egyptian-Pyramids-e1652448963518.jpg?resize=150%2C200&ssl=1",150,200,true],"newspack-article-block-square-tiny":["https:\/\/i0.wp.com\/landioustravel.com\/wp-content\/uploads\/2022\/05\/Egyptian-Pyramids-e1652448963518.jpg?resize=200%2C200&ssl=1",200,200,true],"newspack-article-block-uncropped":["https:\/\/i0.wp.com\/landioustravel.com\/wp-content\/uploads\/2022\/05\/Egyptian-Pyramids-e1652448963518.jpg?fit=1200%2C675&ssl=1",1200,675,true],"woocommerce_thumbnail":["https:\/\/i0.wp.com\/landioustravel.com\/wp-content\/uploads\/2022\/05\/Egyptian-Pyramids-e1652448963518.jpg?resize=324%2C324&ssl=1",324,324,true],"woocommerce_single":["https:\/\/i0.wp.com\/landioustravel.com\/wp-content\/uploads\/2022\/05\/Egyptian-Pyramids-e1652448963518.jpg?fit=416%2C234&ssl=1",416,234,true],"woocommerce_gallery_thumbnail":["https:\/\/i0.wp.com\/landioustravel.com\/wp-content\/uploads\/2022\/05\/Egyptian-Pyramids-e1652448963518.jpg?resize=100%2C100&ssl=1",100,100,true]},"uagb_author_info":{"display_name":"Mofreh Landious","author_link":"https:\/\/landioustravel.com\/hu\/author\/"},"uagb_comment_info":6,"uagb_excerpt":"Ha csak egy nap alatt szeretn\u00e9 felfedezni Kair\u00f3t \u00e9s G\u00edz\u00e1t Sharm El Sheikhb\u0151l, n\u00e1lunk megtal\u00e1lja a fedezetet. Lehet\u0151s\u00e9ged lesz megn\u00e9zni a h\u00e1rom csod\u00e1latos g\u00edzai piramist \u00e9s a Nagy Szfinxet, majd egy finom eb\u00e9d k\u00f6vetkezik. Eb\u00e9d ut\u00e1n ell\u00e1togat az Egyiptomi M\u00fazeumba, amely t\u00f6bb mint 150 000 egyedi darabb\u00f3l \u00e1ll\u00f3 hihetetlen gy\u0171jtem\u00e9nyt tudhat mag\u00e1\u00e9nak 100 ki\u00e1ll\u00edt\u00f3teremben. A&hellip;","jetpack_sharing_enabled":true,"jetpack_likes_enabled":true,"amp_enabled":true,"_links":{"self":[{"href":"https:\/\/landioustravel.com\/hu\/wp-json\/wp\/v2\/product\/17514","targetHints":{"allow":["GET"]}}],"collection":[{"href":"https:\/\/landioustravel.com\/hu\/wp-json\/wp\/v2\/product"}],"about":[{"href":"https:\/\/landioustravel.com\/hu\/wp-json\/wp\/v2\/types\/product"}],"replies":[{"embeddable":true,"href":"https:\/\/landioustravel.com\/hu\/wp-json\/wp\/v2\/comments?post=17514"}],"wp:featuredmedia":[{"embeddable":true,"href":"https:\/\/landioustravel.com\/hu\/wp-json\/wp\/v2\/media\/99444"}],"wp:attachment":[{"href":"https:\/\/landioustravel.com\/hu\/wp-json\/wp\/v2\/media?parent=17514"}],"wp:term":[{"taxonomy":"product_brand","embeddable":true,"href":"https:\/\/landioustravel.com\/hu\/wp-json\/wp\/v2\/product_brand?post=17514"},{"taxonomy":"product_cat","embeddable":true,"href":"https:\/\/landioustravel.com\/hu\/wp-json\/wp\/v2\/product_cat?post=17514"},{"taxonomy":"product_tag","embeddable":true,"href":"https:\/\/landioustravel.com\/hu\/wp-json\/wp\/v2\/product_tag?post=17514"}],"curies":[{"name":"wp","href":"https:\/\/api.w.org\/{rel}","templated":true}]}}