{"id":17524,"date":"2023-03-28T02:48:03","date_gmt":"2019-08-24T19:28:22","guid":{"rendered":"https:\/\/landioustravel.com\/?post_type=product&#038;p=17524"},"modified":"2025-10-19T20:14:54","modified_gmt":"2025-10-19T17:14:54","slug":"kirandulas-hurghadai-paradicsom-szigetre","status":"publish","type":"product","link":"https:\/\/landioustravel.com\/hu\/shop\/kirandulas-hurghadai-paradicsom-szigetre\/","title":{"rendered":"Kir\u00e1ndul\u00e1s a Hurghadai Paradicsom-szigetre"},"content":{"rendered":"<p>Csod\u00e1latos tengeri kir\u00e1ndul\u00e1s a Paradicsom-sziget tengerpartj\u00e1ra a Grand Giftun szigeten, Hurghad\u00e1ban! Javasoljuk az utaz\u00e1st, mert ez lehet\u0151v\u00e9 teszi a turist\u00e1k sz\u00e1m\u00e1ra, hogy j\u00f3l \u00e9rezz\u00e9k magukat a tengeren! Az utaz\u00e1s lehet\u0151s\u00e9get ad arra, hogy gy\u00f6ny\u00f6r\u0171 korallokat \u00e9s sokf\u00e9le halat megtekintsen. Ezen fel\u00fcl \u00e9lvezheti a V\u00f6r\u00f6s-tengeren \u00e1thalad\u00f3 haj\u00f3 pikniket, \u00e9s a Giftun-szigeten tal\u00e1lja mag\u00e1t, tov\u00e1bbi szolg\u00e1ltat\u00e1sokkal maga a tengerparton. A sziget Hurghada partja k\u00f6zel\u00e9ben tal\u00e1lhat\u00f3!<\/p>\n<h2>A Paradise Island-Beach kir\u00e1ndul\u00e1si program f\u0151 pontjai<\/h2>\n<ul>\n<li>\u00dasz\u00e1s ny\u00edlt tengeren a jacht<\/li>\n<li>Snorkeling maszkokkal \u00e9s b\u00e9kal\u00e1bokkal a ny\u00edlt tengeren<\/li>\n<li>\u00c9lelmiszer<\/li>\n<li>Ezenk\u00edv\u00fcl lesz\u00e1ll\u00e1s a Giftun-sziget Paradise Beach-j\u00e9n<\/li>\n<\/ul>\n<h3>A Hurghadai Paradicsom-tengerparti haj\u00f3kir\u00e1ndul\u00e1s programja<\/h3>\n<ul>\n<li>K\u00f6r\u00fclbel\u00fcl 08:00 \u00f3rakor felvesz\u00fcnk a sz\u00e1llod\u00e1b\u00f3l<\/li>\n<li>Az \u00f6sszes \u00e9rkez\u0151 felv\u00e9tele ut\u00e1n a busz megy a kik\u00f6t\u0151be. A kik\u00f6t\u0151be vezet\u0151 \u00fat kb. 20 percig tart<\/li>\n<li>A jachtj\u00e1t a kik\u00f6t\u0151ben tal\u00e1lja meg. Nagy \u00e9s eleg\u00e1ns! A jacht k\u00e9t emeletb\u0151l \u00e1ll. A haj\u00f3ba val\u00f3 bel\u00e9p\u00e9s ut\u00e1n le kell venni a cip\u0151j\u00e9t, \u00e9s fel kell emelkednie a m\u00e1sodik emeleten, hogy barnuljon a fels\u0151 napoz\u00f3teraszon.<\/li>\n<li>A jacht tov\u00e1bbhalad a V\u00f6r\u00f6s-tengeren, amint a csoport \u00f6ssze\u00e1ll. Tov\u00e1bb\u00e1, a gy\u00f6ny\u00f6r\u0171 korallokon meg\u00e1llsz. Itt \u00faszhat \u00e9s snorkelhet maszkokkal \u00e9s b\u00e9kal\u00e1bokkal<\/li>\n<li>Egy ilyen meg\u00e1ll\u00e1s ut\u00e1n ban\u00e1n- \u00e9s kanap\u00e9v\u00edz j\u00e1t\u00e9kokkal lovagolhat<\/li>\n<li>A k\u00f6vetkez\u0151 \u00e1llom\u00e1sa a Giftun-szigeten lesz. Motoros haj\u00f3val eljutunk a Paradicsom-szigetre. Az \u00fatikalauz \u00e1ttekint\u00e9st ny\u00fajt a strandon tal\u00e1lhat\u00f3 WC-k, \u00e9tterem \u00e9s gyermekek cs\u00faszd\u00e1inak lehet\u0151s\u00e9geir\u0151l.<\/li>\n<li>A szigeten h\u00e1rom \u00f3r\u00e1t fogsz t\u00f6lteni. Ez id\u0151 alatt elegend\u0151 id\u0151 lesz \u00fasz\u00e1sra \u00e9s cserz\u00e9sre<\/li>\n<li>Az \u00e9tterem a szigeten tal\u00e1lhat\u00f3. Ha eb\u00e9d van, a b\u00fcf\u00e9 gazdag men\u00fcvel ny\u00edlik meg.<\/li>\n<li>Eb\u00e9d ut\u00e1n n\u00e9zi a sz\u00f3rakoztat\u00f3 show-t _ hast\u00e1ncot \u00e9s fak\u00edrt<\/li>\n<li>Ez a \u201ekir\u00e1ndul\u00e1s a Hurghadai Paradicsom-szigetre\u201d kb. 17.30-kor \u00e9r v\u00e9get.<\/li>\n<\/ul>\n<h4>Mit tartalmaz a t\u00fara \u00e1ra<\/h4>\n<ul>\n<li>Maszkok \u00e9s b\u00e9kal\u00e1bok<\/li>\n<li>\u00c9lelmiszer<\/li>\n<li>Tov\u00e1bb\u00e1, transzfer a kik\u00f6t\u0151be \u00e9s vissza a sz\u00e1llod\u00e1ba<\/li>\n<\/ul>\n<h5>Amit nem tartalmazza a t\u00fara \u00e1ra<\/h5>\n<ul>\n<li>Video DVD<\/li>\n<li>Tov\u00e1bb\u00e1, f\u00e9nyk\u00e9p CD<\/li>\n<\/ul>\n<h6>Mit vigyen mag\u00e1val az utaz\u00e1shoz<\/h6>\n<ul>\n<li>T\u00f6r\u00fclk\u00f6z\u0151<\/li>\n<li>Is, f\u00e9nyv\u00e9d\u0151<\/li>\n<\/ul>\n<h6>KOCK\u00c1ZATI SZERVEZ\u00c9S NAPAI<\/h6>\n<ul>\n<li>Naponta 08: 00-17: 00 k\u00f6z\u00f6tt<\/li>\n<\/ul>\n","protected":false},"excerpt":{"rendered":"<p>K\u00e9szen \u00e1llsz egy felejthetetlen tengeri kir\u00e1ndul\u00e1sra Hurghad\u00e1ban? Biztos\u00edtottunk benneteket! Csatlakozzon hozz\u00e1nk a Paradise Beach-re, ahol elb\u0171v\u00f6l\u0151 piknikre ny\u00edlik lehet\u0151s\u00e9g, mik\u00f6zben mag\u00e1ba sz\u00edvja a V\u00f6r\u00f6s-tenger sz\u00e9ps\u00e9g\u00e9t. M\u00e1rt\u00f3zzon meg a ny\u00edlt tengerben, \u00e9s fedezze fel a csod\u00e1latos v\u00edz alatti vil\u00e1got b\u00fav\u00e1rfelszerel\u00e9ssel. \u00c9s ha ez nem el\u00e9g, pattanjon fel egy ban\u00e1nos vagy kanap\u00e9s v\u00edzi j\u00e1t\u00e9kra, \u00e9s lovagolja meg a hull\u00e1mokat, mint egy profi!<\/p>\n<p>De v\u00e1rj, van m\u00e9g! Elvissz\u00fck a leny\u0171g\u00f6z\u0151 Giftun-szigetre is, ahol s\u00fctk\u00e9rezhet az aranyhomokban, \u00faszhat krist\u00e1lytiszta v\u00edzben, \u00e9s l\u00e9legzetel\u00e1ll\u00edt\u00f3 k\u00e9peket k\u00e9sz\u00edthet. \u00c9s ne agg\u00f3dj az eb\u00e9d miatt; ezt is fedezt\u00fck. \u00c9lvezze a nyitott sv\u00e9dasztalos lakom\u00e1t, mik\u00f6zben megcsod\u00e1lja a leny\u0171g\u00f6z\u0151 kil\u00e1t\u00e1st.<\/p>\n<p>A gyerekek a strandon sz\u00f3rakozhatnak, a feln\u0151ttek pedig v\u00edzi j\u00e1t\u00e9kokkal \u00e9s r\u00f6plabd\u00e1val kapcsol\u00f3dhatnak be. \u00c9s ha kultur\u00e1lis \u00e9lm\u00e9nyre v\u00e1gyik, ott is megtal\u00e1lja a figyelmet. Egynapos kir\u00e1ndul\u00e1sunkban hast\u00e1nc el\u0151ad\u00e1sok \u00e9s folkl\u00f3rm\u0171sorok szerepelnek. Ez a t\u00f6k\u00e9letes m\u00f3dja annak, hogy egy teljes napot elt\u00f6lts\u00fcnk Hurghada partjain\u00e1l.<\/p>\n<p>Minden az \u00d6n sz\u00e1m\u00e1ra van megszervezve, \u00edgy nincs m\u00e1s dolgod, mint h\u00e1trad\u0151lni, pihenni \u00e9s \u00e9lvezni a kalandot. Ne hagyja ki ezt az egyszeri lehet\u0151s\u00e9get a Paradise Island felfedez\u00e9s\u00e9re, amely a Giftun-sziget Nemzeti Park r\u00e9sze. Foglalja le utaz\u00e1s\u00e1t m\u00e9g ma!<\/p>\n","protected":false},"featured_media":100483,"comment_status":"open","ping_status":"closed","template":"","meta":{"_coblocks_attr":"","_coblocks_dimensions":"","_coblocks_responsive_height":"","_coblocks_accordion_ie_support":"","_uag_custom_page_level_css":"","jetpack_publicize_message":"","jetpack_publicize_feature_enabled":true,"jetpack_social_post_already_shared":true,"jetpack_social_options":{"image_generator_settings":{"template":"highway","default_image_id":0,"font":"","enabled":false},"version":2},"_wpas_customize_per_network":false},"product_brand":[],"product_cat":[15549,15551],"product_tag":[15602,15558,15582,15572,15587,15583,15595,15596],"class_list":{"0":"post-17524","1":"product","2":"type-product","3":"status-publish","4":"has-post-thumbnail","6":"product_cat-kirandulasok-hurghadaban","7":"product_cat-tengeri-kirandulasok-hurghadaban","8":"product_tag-buvarkodas-hu","9":"product_tag-hajokirandulasok-hurghadaban","10":"product_tag-hurghada-hu","11":"product_tag-kirandulas","12":"product_tag-paradicsom-sziget","13":"product_tag-sziget","14":"product_tag-tenger","15":"product_tag-tengeri-kirandulasok","16":"pa_age-1-4-eves-gyermek","17":"pa_age-felnott","18":"pa_age-gyerek-5-11-eves","20":"first","21":"instock","22":"sale","23":"purchasable","24":"product-type-variable"},"yoast_head":"<!-- This site is optimized with the Yoast SEO Premium plugin v27.5 (Yoast SEO v27.5) - https:\/\/yoast.com\/product\/yoast-seo-premium-wordpress\/ -->\n<title>Kir\u00e1ndul\u00e1s a Hurghadai Paradicsom-szigetre<\/title>\n<meta name=\"description\" content=\"Kir\u00e1ndul\u00e1s a Hurghadai Paradicsom-szigetre Hurghad\u00e1ban! Javasoljuk az utaz\u00e1st, mert ez lehet\u0151v\u00e9 teszi a turist\u00e1k sz\u00e1m\u00e1ra, hogy j\u00f3l \u00e9rezz\u00e9k magukat a\" \/>\n<meta name=\"robots\" content=\"index, follow, max-snippet:-1, max-image-preview:large, max-video-preview:-1\" \/>\n<link rel=\"canonical\" href=\"https:\/\/landioustravel.com\/hu\/shop\/kirandulas-hurghadai-paradicsom-szigetre\/\" \/>\n<meta property=\"og:locale\" content=\"hu_HU\" \/>\n<meta property=\"og:type\" content=\"article\" \/>\n<meta property=\"og:title\" content=\"Kir\u00e1ndul\u00e1s a Hurghadai Paradicsom-szigetre\" \/>\n<meta property=\"og:description\" content=\"Landious Travel\" \/>\n<meta property=\"og:url\" content=\"https:\/\/landioustravel.com\/hu\/shop\/kirandulas-hurghadai-paradicsom-szigetre\/\" \/>\n<meta property=\"og:site_name\" content=\"Landious Travel\" \/>\n<meta property=\"article:publisher\" content=\"https:\/\/web.facebook.com\/landiousEgypt\" \/>\n<meta property=\"article:modified_time\" content=\"2025-10-19T17:14:54+00:00\" \/>\n<meta property=\"og:image\" content=\"https:\/\/i0.wp.com\/landioustravel.com\/wp-content\/uploads\/2018\/11\/Paradise-Island-Excursion-from-Hurghada-e1669581867502.jpg?fit=1200%2C675&ssl=1\" \/>\n\t<meta property=\"og:image:width\" content=\"1200\" \/>\n\t<meta property=\"og:image:height\" content=\"675\" \/>\n\t<meta property=\"og:image:type\" content=\"image\/jpeg\" \/>\n<meta name=\"twitter:card\" content=\"summary_large_image\" \/>\n<meta name=\"twitter:site\" content=\"@LandiousTours\" \/>\n<meta name=\"twitter:label1\" content=\"Becs\u00fclt olvas\u00e1si id\u0151\" \/>\n\t<meta name=\"twitter:data1\" content=\"2 perc\" \/>\n<script type=\"application\/ld+json\" class=\"yoast-schema-graph\">{\"@context\":\"https:\\\/\\\/schema.org\",\"@graph\":[{\"@type\":\"WebPage\",\"@id\":\"https:\\\/\\\/landioustravel.com\\\/hu\\\/shop\\\/kirandulas-hurghadai-paradicsom-szigetre\\\/\",\"url\":\"https:\\\/\\\/landioustravel.com\\\/hu\\\/shop\\\/kirandulas-hurghadai-paradicsom-szigetre\\\/\",\"name\":\"Kir\u00e1ndul\u00e1s a Hurghadai Paradicsom-szigetre\",\"isPartOf\":{\"@id\":\"https:\\\/\\\/landioustravel.com\\\/hu\\\/#website\"},\"primaryImageOfPage\":{\"@id\":\"https:\\\/\\\/landioustravel.com\\\/hu\\\/shop\\\/kirandulas-hurghadai-paradicsom-szigetre\\\/#primaryimage\"},\"image\":{\"@id\":\"https:\\\/\\\/landioustravel.com\\\/hu\\\/shop\\\/kirandulas-hurghadai-paradicsom-szigetre\\\/#primaryimage\"},\"thumbnailUrl\":\"https:\\\/\\\/i0.wp.com\\\/landioustravel.com\\\/wp-content\\\/uploads\\\/2018\\\/11\\\/Paradise-Island-Excursion-from-Hurghada-e1669581867502.jpg?fit=1200%2C675&ssl=1\",\"datePublished\":\"2019-08-24T19:28:22+00:00\",\"dateModified\":\"2025-10-19T17:14:54+00:00\",\"description\":\"Kir\u00e1ndul\u00e1s a Hurghadai Paradicsom-szigetre Hurghad\u00e1ban! Javasoljuk az utaz\u00e1st, mert ez lehet\u0151v\u00e9 teszi a turist\u00e1k sz\u00e1m\u00e1ra, hogy j\u00f3l \u00e9rezz\u00e9k magukat a\",\"breadcrumb\":{\"@id\":\"https:\\\/\\\/landioustravel.com\\\/hu\\\/shop\\\/kirandulas-hurghadai-paradicsom-szigetre\\\/#breadcrumb\"},\"inLanguage\":\"hu\",\"potentialAction\":[{\"@type\":\"ReadAction\",\"target\":[\"https:\\\/\\\/landioustravel.com\\\/hu\\\/shop\\\/kirandulas-hurghadai-paradicsom-szigetre\\\/\"]}]},{\"@type\":\"ImageObject\",\"inLanguage\":\"hu\",\"@id\":\"https:\\\/\\\/landioustravel.com\\\/hu\\\/shop\\\/kirandulas-hurghadai-paradicsom-szigetre\\\/#primaryimage\",\"url\":\"https:\\\/\\\/i0.wp.com\\\/landioustravel.com\\\/wp-content\\\/uploads\\\/2018\\\/11\\\/Paradise-Island-Excursion-from-Hurghada-e1669581867502.jpg?fit=1200%2C675&ssl=1\",\"contentUrl\":\"https:\\\/\\\/i0.wp.com\\\/landioustravel.com\\\/wp-content\\\/uploads\\\/2018\\\/11\\\/Paradise-Island-Excursion-from-Hurghada-e1669581867502.jpg?fit=1200%2C675&ssl=1\",\"width\":1200,\"height\":675,\"caption\":\"Paradise Island Excursion from Hurghada\"},{\"@type\":\"BreadcrumbList\",\"@id\":\"https:\\\/\\\/landioustravel.com\\\/hu\\\/shop\\\/kirandulas-hurghadai-paradicsom-szigetre\\\/#breadcrumb\",\"itemListElement\":[{\"@type\":\"ListItem\",\"position\":1,\"name\":\"Home\",\"item\":\"https:\\\/\\\/landioustravel.com\\\/hu\\\/\"},{\"@type\":\"ListItem\",\"position\":2,\"name\":\"Szolg\u00e1ltat\u00e1sok \u00e9s t\u00far\u00e1k\",\"item\":\"https:\\\/\\\/landioustravel.com\\\/hu\\\/\"},{\"@type\":\"ListItem\",\"position\":3,\"name\":\"Kir\u00e1ndul\u00e1s a Hurghadai Paradicsom-szigetre\"}]},{\"@type\":\"WebSite\",\"@id\":\"https:\\\/\\\/landioustravel.com\\\/hu\\\/#website\",\"url\":\"https:\\\/\\\/landioustravel.com\\\/hu\\\/\",\"name\":\"Landious Travel\",\"description\":\"Excursions, trips and cruises in Egypt\",\"publisher\":{\"@id\":\"https:\\\/\\\/landioustravel.com\\\/hu\\\/#organization\"},\"potentialAction\":[{\"@type\":\"SearchAction\",\"target\":{\"@type\":\"EntryPoint\",\"urlTemplate\":\"https:\\\/\\\/landioustravel.com\\\/hu\\\/?s={search_term_string}\"},\"query-input\":{\"@type\":\"PropertyValueSpecification\",\"valueRequired\":true,\"valueName\":\"search_term_string\"}}],\"inLanguage\":\"hu\"},{\"@type\":[\"Organization\",\"Place\"],\"@id\":\"https:\\\/\\\/landioustravel.com\\\/hu\\\/#organization\",\"name\":\"Landious Travel\",\"alternateName\":\"Landious Travel\",\"url\":\"https:\\\/\\\/landioustravel.com\\\/hu\\\/\",\"logo\":{\"@id\":\"https:\\\/\\\/landioustravel.com\\\/hu\\\/shop\\\/kirandulas-hurghadai-paradicsom-szigetre\\\/#local-main-organization-logo\"},\"image\":{\"@id\":\"https:\\\/\\\/landioustravel.com\\\/hu\\\/shop\\\/kirandulas-hurghadai-paradicsom-szigetre\\\/#local-main-organization-logo\"},\"sameAs\":[\"https:\\\/\\\/web.facebook.com\\\/landiousEgypt\",\"https:\\\/\\\/x.com\\\/LandiousTours\",\"https:\\\/\\\/mastodon.social\\\/@landious\"],\"legalName\":\"Landious Travel\",\"telephone\":[],\"openingHoursSpecification\":[{\"@type\":\"OpeningHoursSpecification\",\"dayOfWeek\":[\"Monday\",\"Tuesday\",\"Wednesday\",\"Thursday\",\"Friday\",\"Saturday\",\"Sunday\"],\"opens\":\"09:00\",\"closes\":\"17:00\"}]},{\"@type\":\"ImageObject\",\"inLanguage\":\"hu\",\"@id\":\"https:\\\/\\\/landioustravel.com\\\/hu\\\/shop\\\/kirandulas-hurghadai-paradicsom-szigetre\\\/#local-main-organization-logo\",\"url\":\"https:\\\/\\\/i0.wp.com\\\/landioustravel.com\\\/wp-content\\\/uploads\\\/2021\\\/06\\\/Landious-T.png?fit=500%2C500&ssl=1\",\"contentUrl\":\"https:\\\/\\\/i0.wp.com\\\/landioustravel.com\\\/wp-content\\\/uploads\\\/2021\\\/06\\\/Landious-T.png?fit=500%2C500&ssl=1\",\"width\":500,\"height\":500,\"caption\":\"Landious Travel\"}]}<\/script>\n<!-- \/ Yoast SEO Premium plugin. -->","yoast_head_json":{"title":"Kir\u00e1ndul\u00e1s a Hurghadai Paradicsom-szigetre","description":"Kir\u00e1ndul\u00e1s a Hurghadai Paradicsom-szigetre Hurghad\u00e1ban! Javasoljuk az utaz\u00e1st, mert ez lehet\u0151v\u00e9 teszi a turist\u00e1k sz\u00e1m\u00e1ra, hogy j\u00f3l \u00e9rezz\u00e9k magukat a","robots":{"index":"index","follow":"follow","max-snippet":"max-snippet:-1","max-image-preview":"max-image-preview:large","max-video-preview":"max-video-preview:-1"},"canonical":"https:\/\/landioustravel.com\/hu\/shop\/kirandulas-hurghadai-paradicsom-szigetre\/","og_locale":"hu_HU","og_type":"article","og_title":"Kir\u00e1ndul\u00e1s a Hurghadai Paradicsom-szigetre","og_description":"Landious Travel","og_url":"https:\/\/landioustravel.com\/hu\/shop\/kirandulas-hurghadai-paradicsom-szigetre\/","og_site_name":"Landious Travel","article_publisher":"https:\/\/web.facebook.com\/landiousEgypt","article_modified_time":"2025-10-19T17:14:54+00:00","og_image":[{"width":1200,"height":675,"url":"https:\/\/i0.wp.com\/landioustravel.com\/wp-content\/uploads\/2018\/11\/Paradise-Island-Excursion-from-Hurghada-e1669581867502.jpg?fit=1200%2C675&ssl=1","type":"image\/jpeg"}],"twitter_card":"summary_large_image","twitter_site":"@LandiousTours","twitter_misc":{"Becs\u00fclt olvas\u00e1si id\u0151":"2 perc"},"schema":{"@context":"https:\/\/schema.org","@graph":[{"@type":"WebPage","@id":"https:\/\/landioustravel.com\/hu\/shop\/kirandulas-hurghadai-paradicsom-szigetre\/","url":"https:\/\/landioustravel.com\/hu\/shop\/kirandulas-hurghadai-paradicsom-szigetre\/","name":"Kir\u00e1ndul\u00e1s a Hurghadai Paradicsom-szigetre","isPartOf":{"@id":"https:\/\/landioustravel.com\/hu\/#website"},"primaryImageOfPage":{"@id":"https:\/\/landioustravel.com\/hu\/shop\/kirandulas-hurghadai-paradicsom-szigetre\/#primaryimage"},"image":{"@id":"https:\/\/landioustravel.com\/hu\/shop\/kirandulas-hurghadai-paradicsom-szigetre\/#primaryimage"},"thumbnailUrl":"https:\/\/i0.wp.com\/landioustravel.com\/wp-content\/uploads\/2018\/11\/Paradise-Island-Excursion-from-Hurghada-e1669581867502.jpg?fit=1200%2C675&ssl=1","datePublished":"2019-08-24T19:28:22+00:00","dateModified":"2025-10-19T17:14:54+00:00","description":"Kir\u00e1ndul\u00e1s a Hurghadai Paradicsom-szigetre Hurghad\u00e1ban! Javasoljuk az utaz\u00e1st, mert ez lehet\u0151v\u00e9 teszi a turist\u00e1k sz\u00e1m\u00e1ra, hogy j\u00f3l \u00e9rezz\u00e9k magukat a","breadcrumb":{"@id":"https:\/\/landioustravel.com\/hu\/shop\/kirandulas-hurghadai-paradicsom-szigetre\/#breadcrumb"},"inLanguage":"hu","potentialAction":[{"@type":"ReadAction","target":["https:\/\/landioustravel.com\/hu\/shop\/kirandulas-hurghadai-paradicsom-szigetre\/"]}]},{"@type":"ImageObject","inLanguage":"hu","@id":"https:\/\/landioustravel.com\/hu\/shop\/kirandulas-hurghadai-paradicsom-szigetre\/#primaryimage","url":"https:\/\/i0.wp.com\/landioustravel.com\/wp-content\/uploads\/2018\/11\/Paradise-Island-Excursion-from-Hurghada-e1669581867502.jpg?fit=1200%2C675&ssl=1","contentUrl":"https:\/\/i0.wp.com\/landioustravel.com\/wp-content\/uploads\/2018\/11\/Paradise-Island-Excursion-from-Hurghada-e1669581867502.jpg?fit=1200%2C675&ssl=1","width":1200,"height":675,"caption":"Paradise Island Excursion from Hurghada"},{"@type":"BreadcrumbList","@id":"https:\/\/landioustravel.com\/hu\/shop\/kirandulas-hurghadai-paradicsom-szigetre\/#breadcrumb","itemListElement":[{"@type":"ListItem","position":1,"name":"Home","item":"https:\/\/landioustravel.com\/hu\/"},{"@type":"ListItem","position":2,"name":"Szolg\u00e1ltat\u00e1sok \u00e9s t\u00far\u00e1k","item":"https:\/\/landioustravel.com\/hu\/"},{"@type":"ListItem","position":3,"name":"Kir\u00e1ndul\u00e1s a Hurghadai Paradicsom-szigetre"}]},{"@type":"WebSite","@id":"https:\/\/landioustravel.com\/hu\/#website","url":"https:\/\/landioustravel.com\/hu\/","name":"Landious Travel","description":"Excursions, trips and cruises in Egypt","publisher":{"@id":"https:\/\/landioustravel.com\/hu\/#organization"},"potentialAction":[{"@type":"SearchAction","target":{"@type":"EntryPoint","urlTemplate":"https:\/\/landioustravel.com\/hu\/?s={search_term_string}"},"query-input":{"@type":"PropertyValueSpecification","valueRequired":true,"valueName":"search_term_string"}}],"inLanguage":"hu"},{"@type":["Organization","Place"],"@id":"https:\/\/landioustravel.com\/hu\/#organization","name":"Landious Travel","alternateName":"Landious Travel","url":"https:\/\/landioustravel.com\/hu\/","logo":{"@id":"https:\/\/landioustravel.com\/hu\/shop\/kirandulas-hurghadai-paradicsom-szigetre\/#local-main-organization-logo"},"image":{"@id":"https:\/\/landioustravel.com\/hu\/shop\/kirandulas-hurghadai-paradicsom-szigetre\/#local-main-organization-logo"},"sameAs":["https:\/\/web.facebook.com\/landiousEgypt","https:\/\/x.com\/LandiousTours","https:\/\/mastodon.social\/@landious"],"legalName":"Landious Travel","telephone":[],"openingHoursSpecification":[{"@type":"OpeningHoursSpecification","dayOfWeek":["Monday","Tuesday","Wednesday","Thursday","Friday","Saturday","Sunday"],"opens":"09:00","closes":"17:00"}]},{"@type":"ImageObject","inLanguage":"hu","@id":"https:\/\/landioustravel.com\/hu\/shop\/kirandulas-hurghadai-paradicsom-szigetre\/#local-main-organization-logo","url":"https:\/\/i0.wp.com\/landioustravel.com\/wp-content\/uploads\/2021\/06\/Landious-T.png?fit=500%2C500&ssl=1","contentUrl":"https:\/\/i0.wp.com\/landioustravel.com\/wp-content\/uploads\/2021\/06\/Landious-T.png?fit=500%2C500&ssl=1","width":500,"height":500,"caption":"Landious Travel"}]}},"jetpack_publicize_connections":[],"uagb_featured_image_src":{"full":["https:\/\/i0.wp.com\/landioustravel.com\/wp-content\/uploads\/2018\/11\/Paradise-Island-Excursion-from-Hurghada-e1669581867502.jpg?fit=1200%2C675&ssl=1",1200,675,false],"thumbnail":["https:\/\/i0.wp.com\/landioustravel.com\/wp-content\/uploads\/2018\/11\/Paradise-Island-Excursion-from-Hurghada-e1669581867502.jpg?resize=150%2C150&ssl=1",150,150,true],"medium":["https:\/\/i0.wp.com\/landioustravel.com\/wp-content\/uploads\/2018\/11\/Paradise-Island-Excursion-from-Hurghada-e1669581867502.jpg?fit=300%2C169&ssl=1",300,169,true],"medium_large":["https:\/\/i0.wp.com\/landioustravel.com\/wp-content\/uploads\/2018\/11\/Paradise-Island-Excursion-from-Hurghada-e1669581867502.jpg?fit=768%2C432&ssl=1",768,432,true],"large":["https:\/\/i0.wp.com\/landioustravel.com\/wp-content\/uploads\/2018\/11\/Paradise-Island-Excursion-from-Hurghada-e1669581867502.jpg?fit=980%2C551&ssl=1",980,551,true],"1536x1536":["https:\/\/i0.wp.com\/landioustravel.com\/wp-content\/uploads\/2018\/11\/Paradise-Island-Excursion-from-Hurghada-e1669581867502.jpg?fit=1200%2C675&ssl=1",1200,675,true],"2048x2048":["https:\/\/i0.wp.com\/landioustravel.com\/wp-content\/uploads\/2018\/11\/Paradise-Island-Excursion-from-Hurghada-e1669581867502.jpg?fit=1200%2C675&ssl=1",1200,675,true],"newspack-article-block-landscape-large":["https:\/\/i0.wp.com\/landioustravel.com\/wp-content\/uploads\/2018\/11\/Paradise-Island-Excursion-from-Hurghada-e1669581867502.jpg?resize=1200%2C675&ssl=1",1200,675,true],"newspack-article-block-portrait-large":["https:\/\/i0.wp.com\/landioustravel.com\/wp-content\/uploads\/2018\/11\/Paradise-Island-Excursion-from-Hurghada-e1669581867502.jpg?resize=900%2C675&ssl=1",900,675,true],"newspack-article-block-square-large":["https:\/\/i0.wp.com\/landioustravel.com\/wp-content\/uploads\/2018\/11\/Paradise-Island-Excursion-from-Hurghada-e1669581867502.jpg?resize=1200%2C675&ssl=1",1200,675,true],"newspack-article-block-landscape-medium":["https:\/\/i0.wp.com\/landioustravel.com\/wp-content\/uploads\/2018\/11\/Paradise-Island-Excursion-from-Hurghada-e1669581867502.jpg?resize=800%2C600&ssl=1",800,600,true],"newspack-article-block-portrait-medium":["https:\/\/i0.wp.com\/landioustravel.com\/wp-content\/uploads\/2018\/11\/Paradise-Island-Excursion-from-Hurghada-e1669581867502.jpg?resize=600%2C675&ssl=1",600,675,true],"newspack-article-block-square-medium":["https:\/\/i0.wp.com\/landioustravel.com\/wp-content\/uploads\/2018\/11\/Paradise-Island-Excursion-from-Hurghada-e1669581867502.jpg?resize=800%2C675&ssl=1",800,675,true],"newspack-article-block-landscape-intermediate":["https:\/\/i0.wp.com\/landioustravel.com\/wp-content\/uploads\/2018\/11\/Paradise-Island-Excursion-from-Hurghada-e1669581867502.jpg?resize=600%2C450&ssl=1",600,450,true],"newspack-article-block-portrait-intermediate":["https:\/\/i0.wp.com\/landioustravel.com\/wp-content\/uploads\/2018\/11\/Paradise-Island-Excursion-from-Hurghada-e1669581867502.jpg?resize=450%2C600&ssl=1",450,600,true],"newspack-article-block-square-intermediate":["https:\/\/i0.wp.com\/landioustravel.com\/wp-content\/uploads\/2018\/11\/Paradise-Island-Excursion-from-Hurghada-e1669581867502.jpg?resize=600%2C600&ssl=1",600,600,true],"newspack-article-block-landscape-small":["https:\/\/i0.wp.com\/landioustravel.com\/wp-content\/uploads\/2018\/11\/Paradise-Island-Excursion-from-Hurghada-e1669581867502.jpg?resize=400%2C300&ssl=1",400,300,true],"newspack-article-block-portrait-small":["https:\/\/i0.wp.com\/landioustravel.com\/wp-content\/uploads\/2018\/11\/Paradise-Island-Excursion-from-Hurghada-e1669581867502.jpg?resize=300%2C400&ssl=1",300,400,true],"newspack-article-block-square-small":["https:\/\/i0.wp.com\/landioustravel.com\/wp-content\/uploads\/2018\/11\/Paradise-Island-Excursion-from-Hurghada-e1669581867502.jpg?resize=400%2C400&ssl=1",400,400,true],"newspack-article-block-landscape-tiny":["https:\/\/i0.wp.com\/landioustravel.com\/wp-content\/uploads\/2018\/11\/Paradise-Island-Excursion-from-Hurghada-e1669581867502.jpg?resize=200%2C150&ssl=1",200,150,true],"newspack-article-block-portrait-tiny":["https:\/\/i0.wp.com\/landioustravel.com\/wp-content\/uploads\/2018\/11\/Paradise-Island-Excursion-from-Hurghada-e1669581867502.jpg?resize=150%2C200&ssl=1",150,200,true],"newspack-article-block-square-tiny":["https:\/\/i0.wp.com\/landioustravel.com\/wp-content\/uploads\/2018\/11\/Paradise-Island-Excursion-from-Hurghada-e1669581867502.jpg?resize=200%2C200&ssl=1",200,200,true],"newspack-article-block-uncropped":["https:\/\/i0.wp.com\/landioustravel.com\/wp-content\/uploads\/2018\/11\/Paradise-Island-Excursion-from-Hurghada-e1669581867502.jpg?fit=1200%2C675&ssl=1",1200,675,true],"woocommerce_thumbnail":["https:\/\/i0.wp.com\/landioustravel.com\/wp-content\/uploads\/2018\/11\/Paradise-Island-Excursion-from-Hurghada-e1669581867502.jpg?resize=324%2C324&ssl=1",324,324,true],"woocommerce_single":["https:\/\/i0.wp.com\/landioustravel.com\/wp-content\/uploads\/2018\/11\/Paradise-Island-Excursion-from-Hurghada-e1669581867502.jpg?fit=416%2C234&ssl=1",416,234,true],"woocommerce_gallery_thumbnail":["https:\/\/i0.wp.com\/landioustravel.com\/wp-content\/uploads\/2018\/11\/Paradise-Island-Excursion-from-Hurghada-e1669581867502.jpg?resize=100%2C100&ssl=1",100,100,true]},"uagb_author_info":{"display_name":"Mofreh Landious","author_link":"https:\/\/landioustravel.com\/hu\/author\/"},"uagb_comment_info":7,"uagb_excerpt":"K\u00e9szen \u00e1llsz egy felejthetetlen tengeri kir\u00e1ndul\u00e1sra Hurghad\u00e1ban? Biztos\u00edtottunk benneteket! Csatlakozzon hozz\u00e1nk a Paradise Beach-re, ahol elb\u0171v\u00f6l\u0151 piknikre ny\u00edlik lehet\u0151s\u00e9g, mik\u00f6zben mag\u00e1ba sz\u00edvja a V\u00f6r\u00f6s-tenger sz\u00e9ps\u00e9g\u00e9t. M\u00e1rt\u00f3zzon meg a ny\u00edlt tengerben, \u00e9s fedezze fel a csod\u00e1latos v\u00edz alatti vil\u00e1got b\u00fav\u00e1rfelszerel\u00e9ssel. \u00c9s ha ez nem el\u00e9g, pattanjon fel egy ban\u00e1nos vagy kanap\u00e9s v\u00edzi j\u00e1t\u00e9kra, \u00e9s lovagolja meg&hellip;","jetpack_sharing_enabled":true,"jetpack_likes_enabled":true,"amp_enabled":true,"_links":{"self":[{"href":"https:\/\/landioustravel.com\/hu\/wp-json\/wp\/v2\/product\/17524","targetHints":{"allow":["GET"]}}],"collection":[{"href":"https:\/\/landioustravel.com\/hu\/wp-json\/wp\/v2\/product"}],"about":[{"href":"https:\/\/landioustravel.com\/hu\/wp-json\/wp\/v2\/types\/product"}],"replies":[{"embeddable":true,"href":"https:\/\/landioustravel.com\/hu\/wp-json\/wp\/v2\/comments?post=17524"}],"wp:featuredmedia":[{"embeddable":true,"href":"https:\/\/landioustravel.com\/hu\/wp-json\/wp\/v2\/media\/100483"}],"wp:attachment":[{"href":"https:\/\/landioustravel.com\/hu\/wp-json\/wp\/v2\/media?parent=17524"}],"wp:term":[{"taxonomy":"product_brand","embeddable":true,"href":"https:\/\/landioustravel.com\/hu\/wp-json\/wp\/v2\/product_brand?post=17524"},{"taxonomy":"product_cat","embeddable":true,"href":"https:\/\/landioustravel.com\/hu\/wp-json\/wp\/v2\/product_cat?post=17524"},{"taxonomy":"product_tag","embeddable":true,"href":"https:\/\/landioustravel.com\/hu\/wp-json\/wp\/v2\/product_tag?post=17524"}],"curies":[{"name":"wp","href":"https:\/\/api.w.org\/{rel}","templated":true}]}}