{"id":17544,"date":"2018-11-23T18:34:37","date_gmt":"2019-08-24T20:37:28","guid":{"rendered":"https:\/\/landioustravel.com\/?post_type=product&#038;p=17544"},"modified":"2024-03-21T19:20:11","modified_gmt":"2024-03-21T17:20:11","slug":"kirandulas-hurghadabol-akvariumba","status":"publish","type":"product","link":"https:\/\/landioustravel.com\/hu\/shop\/kirandulas-hurghadabol-akvariumba\/","title":{"rendered":"Kir\u00e1ndul\u00e1s Hurghad\u00e1b\u00f3l a nagy akv\u00e1riumba"},"content":{"rendered":"<p>\u00c9rdekes sz\u00f3rakoztat\u00f3 kir\u00e1ndul\u00e1s Hurghada legnagyobb akv\u00e1rium\u00e1hoz _ Grand Aquarium! Az utaz\u00e1st az\u00e9rt javasoljuk, mert ez lehet\u0151v\u00e9 teszi a turist\u00e1k sz\u00e1m\u00e1ra, hogy megtekints\u00e9k Egyiptom legnagyobb akv\u00e1rium\u00e1t. Pontosan egy \u00e1llatkert tal\u00e1lhat\u00f3!<\/p>\n<h2>A Grand Aquarium utaz\u00e1si programj\u00e1nak f\u0151bb pontjai<\/h2>\n<ul>\n<li>Az akv\u00e1rium \u00e9s az \u00e1llatkert orient\u00e1ci\u00f3ja professzion\u00e1lis \u00fatmutat\u00f3val<\/li>\n<li>Ingyenes t\u00fara a Grand Aquarium-ban<\/li>\n<li>K\u00e9p k\u00e9sz\u00edt\u00e9se tengeri l\u00e9nyekkel \u00e9s \u00e1llatokkal<\/li>\n<\/ul>\n<h3>A kir\u00e1ndul\u00e1s programja Hurghad\u00e1b\u00f3l a Grand Aquariumba<\/h3>\n<ul>\n<li>K\u00f6r\u00fclbel\u00fcl 10:00 \u00f3rakor felvesz\u00fcnk a sz\u00e1llod\u00e1b\u00f3l<\/li>\n<li>Az \u00f6sszes \u00e9rkez\u0151 felv\u00e9tele ut\u00e1n a busz a Grand Aquariumba megy. K\u00f6r\u00fclbel\u00fcl 20 percig tart, hogy megkapja a helyet.<\/li>\n<li>A kir\u00e1ndul\u00e1si program elej\u00e9n az \u00fatmutat\u00f3 megmutatja, hogy mely r\u00e9szekben tal\u00e1lhat\u00f3 a Grand Aquarium. Ez Hurghad\u00e1ban a legnagyobb akv\u00e1rium. Ezen a helyen hat szakasz van.<\/li>\n<li>Ezut\u00e1n majdnem k\u00e9t \u00f3r\u00e1n kereszt\u00fcl szabadon megtekintheti a Grand Aquarium \u00f6sszes szakasz\u00e1t.<\/li>\n<li>\u00c9rdemes megeml\u00edteni, ezen a helyen 6 \u00e9s m\u00e9g t\u00f6bb szakasz tal\u00e1lhat\u00f3, egy \u00e9tterem \u00e9s egy k\u00e1v\u00e9z\u00f3.<\/li>\n<li>Els\u0151 szakasz _ Afrikai es\u0151erd\u0151k<\/li>\n<li>M\u00e1sodik szakasz _ s\u00f3sv\u00edzi akv\u00e1rium<\/li>\n<li>A harmadik r\u00e9sz _ \u00e9desv\u00edzi akv\u00e1rium.<\/li>\n<li>Negyedik szakasz _ \u00c1llatkert<\/li>\n<li>\u00d6t\u00f6dik r\u00e9sz _ Biol\u00f3giai M\u00fazeum<\/li>\n<li>\u00c9s a hatodik szakasz _ Arab s\u00e1tor<\/li>\n<li>V\u00e9g\u00fcl, a busz egy ilyen csod\u00e1latos utaz\u00e1s ut\u00e1n visszamegy a sz\u00e1llod\u00e1iba. \u00c1ltal\u00e1ban a Hurghad\u00e1b\u00f3l sz\u00e1rmaz\u00f3 Grand Aquariumba tett kir\u00e1ndul\u00e1s k\u00e9t \u00f3r\u00e1t vesz ig\u00e9nybe ebben a csod\u00e1latos helyen<\/li>\n<li>Ez a \u201ekir\u00e1ndul\u00e1s a Hurghadai Nagy Akv\u00e1riumba\u201d k\u00f6r\u00fclbel\u00fcl 12:00 \u00f3rakor \u00e9r v\u00e9get<\/li>\n<\/ul>\n<h4>Mit tartalmaz az utaz\u00e1si \u00e1r<\/h4>\n<ul>\n<li>Transzfer az akv\u00e1riumba \u00e9s vissza a sz\u00e1llod\u00e1ba<\/li>\n<li>Szint\u00e9n bel\u00e9p\u0151jegyek<\/li>\n<\/ul>\n<h5>Amit nem tartalmazza a t\u00fara \u00e1ra<\/h5>\n<ul>\n<li>Video DVD<\/li>\n<li>Tov\u00e1bb\u00e1, f\u00e9nyk\u00e9p CD<\/li>\n<\/ul>\n<h6>Amit az utaz\u00e1s sor\u00e1n veled kell venni<\/h6>\n<ul>\n<li>Napszem\u00fcveg<\/li>\n<\/ul>\n<h6>KOCK\u00c1ZATI SZERVEZ\u00c9S NAPAI<\/h6>\n<ul>\n<li>Naponta 10:00 \u00e9s 12:00 k\u00f6z\u00f6tt<\/li>\n<li>Naponta 14:00 &#8211; 16:00<\/li>\n<\/ul>\n","protected":false},"excerpt":{"rendered":"<p>Sz\u00edvesen venne r\u00e9szt gyermekeivel egy kultur\u00e1lis \u00e9s ismeretterjeszt\u0151 t\u00far\u00e1n, ahol megismerkedhetnek a V\u00f6r\u00f6s-tenger v\u00e1ltozatos tengeri \u00e9l\u0151vil\u00e1g\u00e1val? Ne keressen tov\u00e1bb, mint a hurghadai Grand Aquarium! Az \u00fcvegtart\u00e1lyokban t\u00f6bb mint 1000 sz\u00ednes halfajt\u00e1val csal\u00e1dja elb\u0171v\u00f6l.<\/p>\n<p>A Grand Aquarium Tour Hurghad\u00e1b\u00f3l tartalmaz transzfert a sz\u00e1llod\u00e1b\u00f3l, valamint egy 120 perces t\u00far\u00e1t, amely mag\u00e1ban foglalja a v\u00edz alatti alagutat, a tengeri akv\u00e1riumot, a Wadi AL Hitan-t, a mini \u00e1llatkertet, az es\u0151erd\u0151t \u00e9s a beduin s\u00e1tort. Ha csak r\u00f6vid id\u0151t t\u00f6lt Hurghad\u00e1ban, ne agg\u00f3djon \u2013 90 perces t\u00far\u00e1t k\u00edn\u00e1lunk az akv\u00e1riumban, ahol z\u00f6ld tengeri tekn\u0151s\u00f6ket, c\u00e1p\u00e1kat \u00e9s m\u00e9g sok m\u00e1st l\u00e1that. A t\u00fara ut\u00e1n VIP kisbusszal vagy saj\u00e1t aut\u00f3val vissz\u00fck vissza sz\u00e1llod\u00e1j\u00e1ba.<\/p>\n<p>A Hurghada Grand Aquarium kiv\u00e1l\u00f3 v\u00e1laszt\u00e1s azoknak a csal\u00e1doknak, akik a legjobb programokat keresik Hurghad\u00e1ban a gyerekekkel. A bemutat\u00f3termekben kicsi \u00e9s nagy sz\u00ednes v\u00f6r\u00f6s-tengeri halak \u00e9s t\u00f6bb mint 1200 tengeri \u00e9l\u0151l\u00e9nyfaj tal\u00e1lhat\u00f3, k\u00f6zt\u00fck c\u00e1p\u00e1k, r\u00e1j\u00e1k, z\u00f6ld tengeri tekn\u0151s\u00f6k \u00e9s m\u00e9g sok m\u00e1s. Ide\u00e1lis hely a tengeri \u00e9let megismer\u00e9s\u00e9re Hurghada V\u00f6r\u00f6s-tenger\u00e9n, Egyiptomban, \u00e9s b\u0151v\u00edtheti tud\u00e1s\u00e1t.<\/p>\n<p>Priv\u00e1t t\u00far\u00e1nk minden nap el\u00e9rhet\u0151 \u00e9s k\u00e9t \u00f3r\u00e1ig tart. A t\u00fara kerekessz\u00e9kkel is megk\u00f6zel\u00edthet\u0151, \u00e9s az \u00d6n id\u0151beoszt\u00e1s\u00e1hoz igaz\u00edthat\u00f3 \u2013 reggel 9:00-kor vagy 14:30-ig b\u00e1rmikor elvissz\u00fck sz\u00e1llod\u00e1j\u00e1b\u00f3l. \u00e9s amikor csak akarja, elk\u00fcld.<\/p>\n<p>T\u00far\u00e1nk mag\u00e1ntranszfert tartalmaz Hurghada sz\u00e1llod\u00e1ib\u00f3l, idegenvezet\u0151t, minden ad\u00f3t, bel\u00e9p\u0151t \u00e9s kezel\u00e9si k\u00f6lts\u00e9get, valamint \u00e1sv\u00e1nyvizet. Fizethet a helysz\u00ednen egyiptomi fontban, doll\u00e1rban, eur\u00f3ban vagy font sterlingben.<\/p>\n<p>A Grand Aquariumban hisz\u00fcnk abban, hogy az oktat\u00e1s \u00e9s a sz\u00f3rakoz\u00e1s k\u00e9z a k\u00e9zben j\u00e1rnak. Rem\u00e9lj\u00fck, csatlakozik hozz\u00e1nk egy sz\u00f3rakoztat\u00f3 \u00e9s informat\u00edv t\u00far\u00e1n, amelyre csal\u00e1dja m\u00e9g \u00e9vekig eml\u00e9kezni fog.<\/p>\n","protected":false},"featured_media":100557,"comment_status":"open","ping_status":"closed","template":"","meta":{"_coblocks_attr":"","_coblocks_dimensions":"","_coblocks_responsive_height":"","_coblocks_accordion_ie_support":"","_uag_custom_page_level_css":"","jetpack_post_was_ever_published":false,"jetpack_publicize_message":"","jetpack_publicize_feature_enabled":true,"jetpack_social_post_already_shared":true,"jetpack_social_options":{"image_generator_settings":{"template":"highway","default_image_id":0,"font":"","enabled":false},"version":2},"_wpas_customize_per_network":false},"product_brand":[],"product_cat":[15549,15553],"product_tag":[15557,15582,15572],"class_list":{"0":"post-17544","1":"product","2":"type-product","3":"status-publish","4":"has-post-thumbnail","6":"product_cat-kirandulasok-hurghadaban","7":"product_cat-szorakoztato-kirandulasok-hurghadaban","8":"product_tag-akvarium-hu","9":"product_tag-hurghada-hu","10":"product_tag-kirandulas","11":"pa_age-1-4-eves-gyermek","12":"pa_age-felnott","13":"pa_age-gyerek-5-11-eves","15":"first","16":"instock","17":"sale","18":"purchasable","19":"product-type-variable"},"yoast_head":"<!-- This site is optimized with the Yoast SEO Premium plugin v26.9 (Yoast SEO v27.3) - https:\/\/yoast.com\/product\/yoast-seo-premium-wordpress\/ -->\n<title>Kir\u00e1ndul\u00e1s Hurghad\u00e1b\u00f3l a nagy akv\u00e1riumba<\/title>\n<meta name=\"description\" content=\"Kir\u00e1ndul\u00e1s Hurghad\u00e1b\u00f3l a nagy akv\u00e1riumba Az utaz\u00e1st az\u00e9rt javasoljuk, mert ez lehet\u0151v\u00e9 teszi a turist\u00e1k sz\u00e1m\u00e1ra, hogy megtekints\u00e9k Egyiptom legnagyobb\" \/>\n<meta name=\"robots\" content=\"index, follow, max-snippet:-1, max-image-preview:large, max-video-preview:-1\" \/>\n<link rel=\"canonical\" href=\"https:\/\/landioustravel.com\/hu\/shop\/kirandulas-hurghadabol-akvariumba\/\" \/>\n<meta property=\"og:locale\" content=\"hu_HU\" \/>\n<meta property=\"og:type\" content=\"article\" \/>\n<meta property=\"og:title\" content=\"Kir\u00e1ndul\u00e1s Hurghad\u00e1b\u00f3l a nagy akv\u00e1riumba\" \/>\n<meta property=\"og:description\" content=\"Landious Travel\" \/>\n<meta property=\"og:url\" content=\"https:\/\/landioustravel.com\/hu\/shop\/kirandulas-hurghadabol-akvariumba\/\" \/>\n<meta property=\"og:site_name\" content=\"Landious Travel\" \/>\n<meta property=\"article:publisher\" content=\"https:\/\/web.facebook.com\/landiousEgypt\" \/>\n<meta property=\"article:modified_time\" content=\"2024-03-21T17:20:11+00:00\" \/>\n<meta property=\"og:image\" content=\"https:\/\/i0.wp.com\/landioustravel.com\/wp-content\/uploads\/2018\/11\/Grand-Aquarium-Excursion-Hurghada-e1669666185802.jpg?fit=1200%2C675&ssl=1\" \/>\n\t<meta property=\"og:image:width\" content=\"1200\" \/>\n\t<meta property=\"og:image:height\" content=\"675\" \/>\n\t<meta property=\"og:image:type\" content=\"image\/jpeg\" \/>\n<meta name=\"twitter:card\" content=\"summary_large_image\" \/>\n<meta name=\"twitter:site\" content=\"@LandiousTours\" \/>\n<meta name=\"twitter:label1\" content=\"Becs\u00fclt olvas\u00e1si id\u0151\" \/>\n\t<meta name=\"twitter:data1\" content=\"2 perc\" \/>\n<script type=\"application\/ld+json\" class=\"yoast-schema-graph\">{\"@context\":\"https:\\\/\\\/schema.org\",\"@graph\":[{\"@type\":\"WebPage\",\"@id\":\"https:\\\/\\\/landioustravel.com\\\/hu\\\/shop\\\/kirandulas-hurghadabol-akvariumba\\\/\",\"url\":\"https:\\\/\\\/landioustravel.com\\\/hu\\\/shop\\\/kirandulas-hurghadabol-akvariumba\\\/\",\"name\":\"Kir\u00e1ndul\u00e1s Hurghad\u00e1b\u00f3l a nagy akv\u00e1riumba\",\"isPartOf\":{\"@id\":\"https:\\\/\\\/landioustravel.com\\\/hu\\\/#website\"},\"primaryImageOfPage\":{\"@id\":\"https:\\\/\\\/landioustravel.com\\\/hu\\\/shop\\\/kirandulas-hurghadabol-akvariumba\\\/#primaryimage\"},\"image\":{\"@id\":\"https:\\\/\\\/landioustravel.com\\\/hu\\\/shop\\\/kirandulas-hurghadabol-akvariumba\\\/#primaryimage\"},\"thumbnailUrl\":\"https:\\\/\\\/i0.wp.com\\\/landioustravel.com\\\/wp-content\\\/uploads\\\/2018\\\/11\\\/Grand-Aquarium-Excursion-Hurghada-e1669666185802.jpg?fit=1200%2C675&ssl=1\",\"datePublished\":\"2019-08-24T20:37:28+00:00\",\"dateModified\":\"2024-03-21T17:20:11+00:00\",\"description\":\"Kir\u00e1ndul\u00e1s Hurghad\u00e1b\u00f3l a nagy akv\u00e1riumba Az utaz\u00e1st az\u00e9rt javasoljuk, mert ez lehet\u0151v\u00e9 teszi a turist\u00e1k sz\u00e1m\u00e1ra, hogy megtekints\u00e9k Egyiptom legnagyobb\",\"breadcrumb\":{\"@id\":\"https:\\\/\\\/landioustravel.com\\\/hu\\\/shop\\\/kirandulas-hurghadabol-akvariumba\\\/#breadcrumb\"},\"inLanguage\":\"hu\",\"potentialAction\":[{\"@type\":\"ReadAction\",\"target\":[\"https:\\\/\\\/landioustravel.com\\\/hu\\\/shop\\\/kirandulas-hurghadabol-akvariumba\\\/\"]}]},{\"@type\":\"ImageObject\",\"inLanguage\":\"hu\",\"@id\":\"https:\\\/\\\/landioustravel.com\\\/hu\\\/shop\\\/kirandulas-hurghadabol-akvariumba\\\/#primaryimage\",\"url\":\"https:\\\/\\\/i0.wp.com\\\/landioustravel.com\\\/wp-content\\\/uploads\\\/2018\\\/11\\\/Grand-Aquarium-Excursion-Hurghada-e1669666185802.jpg?fit=1200%2C675&ssl=1\",\"contentUrl\":\"https:\\\/\\\/i0.wp.com\\\/landioustravel.com\\\/wp-content\\\/uploads\\\/2018\\\/11\\\/Grand-Aquarium-Excursion-Hurghada-e1669666185802.jpg?fit=1200%2C675&ssl=1\",\"width\":1200,\"height\":675,\"caption\":\"Grand Aquarium Excursion Hurghada\"},{\"@type\":\"BreadcrumbList\",\"@id\":\"https:\\\/\\\/landioustravel.com\\\/hu\\\/shop\\\/kirandulas-hurghadabol-akvariumba\\\/#breadcrumb\",\"itemListElement\":[{\"@type\":\"ListItem\",\"position\":1,\"name\":\"Home\",\"item\":\"https:\\\/\\\/landioustravel.com\\\/hu\\\/\"},{\"@type\":\"ListItem\",\"position\":2,\"name\":\"Szolg\u00e1ltat\u00e1sok \u00e9s t\u00far\u00e1k\",\"item\":\"https:\\\/\\\/landioustravel.com\\\/hu\\\/\"},{\"@type\":\"ListItem\",\"position\":3,\"name\":\"Kir\u00e1ndul\u00e1s Hurghad\u00e1b\u00f3l a nagy akv\u00e1riumba\"}]},{\"@type\":\"WebSite\",\"@id\":\"https:\\\/\\\/landioustravel.com\\\/hu\\\/#website\",\"url\":\"https:\\\/\\\/landioustravel.com\\\/hu\\\/\",\"name\":\"Landious Travel\",\"description\":\"Excursions, trips and cruises in Egypt\",\"publisher\":{\"@id\":\"https:\\\/\\\/landioustravel.com\\\/hu\\\/#organization\"},\"potentialAction\":[{\"@type\":\"SearchAction\",\"target\":{\"@type\":\"EntryPoint\",\"urlTemplate\":\"https:\\\/\\\/landioustravel.com\\\/hu\\\/?s={search_term_string}\"},\"query-input\":{\"@type\":\"PropertyValueSpecification\",\"valueRequired\":true,\"valueName\":\"search_term_string\"}}],\"inLanguage\":\"hu\"},{\"@type\":[\"Organization\",\"Place\"],\"@id\":\"https:\\\/\\\/landioustravel.com\\\/hu\\\/#organization\",\"name\":\"Landious Travel\",\"alternateName\":\"Landious Travel\",\"url\":\"https:\\\/\\\/landioustravel.com\\\/hu\\\/\",\"logo\":{\"@id\":\"https:\\\/\\\/landioustravel.com\\\/hu\\\/shop\\\/kirandulas-hurghadabol-akvariumba\\\/#local-main-organization-logo\"},\"image\":{\"@id\":\"https:\\\/\\\/landioustravel.com\\\/hu\\\/shop\\\/kirandulas-hurghadabol-akvariumba\\\/#local-main-organization-logo\"},\"sameAs\":[\"https:\\\/\\\/web.facebook.com\\\/landiousEgypt\",\"https:\\\/\\\/x.com\\\/LandiousTours\",\"https:\\\/\\\/mastodon.social\\\/@landious\"],\"legalName\":\"Landious Travel\",\"telephone\":[],\"openingHoursSpecification\":[{\"@type\":\"OpeningHoursSpecification\",\"dayOfWeek\":[\"Monday\",\"Tuesday\",\"Wednesday\",\"Thursday\",\"Friday\",\"Saturday\",\"Sunday\"],\"opens\":\"09:00\",\"closes\":\"17:00\"}]},{\"@type\":\"ImageObject\",\"inLanguage\":\"hu\",\"@id\":\"https:\\\/\\\/landioustravel.com\\\/hu\\\/shop\\\/kirandulas-hurghadabol-akvariumba\\\/#local-main-organization-logo\",\"url\":\"https:\\\/\\\/i0.wp.com\\\/landioustravel.com\\\/wp-content\\\/uploads\\\/2021\\\/06\\\/Landious-T.png?fit=500%2C500&ssl=1\",\"contentUrl\":\"https:\\\/\\\/i0.wp.com\\\/landioustravel.com\\\/wp-content\\\/uploads\\\/2021\\\/06\\\/Landious-T.png?fit=500%2C500&ssl=1\",\"width\":500,\"height\":500,\"caption\":\"Landious Travel\"}]}<\/script>\n<!-- \/ Yoast SEO Premium plugin. -->","yoast_head_json":{"title":"Kir\u00e1ndul\u00e1s Hurghad\u00e1b\u00f3l a nagy akv\u00e1riumba","description":"Kir\u00e1ndul\u00e1s Hurghad\u00e1b\u00f3l a nagy akv\u00e1riumba Az utaz\u00e1st az\u00e9rt javasoljuk, mert ez lehet\u0151v\u00e9 teszi a turist\u00e1k sz\u00e1m\u00e1ra, hogy megtekints\u00e9k Egyiptom legnagyobb","robots":{"index":"index","follow":"follow","max-snippet":"max-snippet:-1","max-image-preview":"max-image-preview:large","max-video-preview":"max-video-preview:-1"},"canonical":"https:\/\/landioustravel.com\/hu\/shop\/kirandulas-hurghadabol-akvariumba\/","og_locale":"hu_HU","og_type":"article","og_title":"Kir\u00e1ndul\u00e1s Hurghad\u00e1b\u00f3l a nagy akv\u00e1riumba","og_description":"Landious Travel","og_url":"https:\/\/landioustravel.com\/hu\/shop\/kirandulas-hurghadabol-akvariumba\/","og_site_name":"Landious Travel","article_publisher":"https:\/\/web.facebook.com\/landiousEgypt","article_modified_time":"2024-03-21T17:20:11+00:00","og_image":[{"width":1200,"height":675,"url":"https:\/\/i0.wp.com\/landioustravel.com\/wp-content\/uploads\/2018\/11\/Grand-Aquarium-Excursion-Hurghada-e1669666185802.jpg?fit=1200%2C675&ssl=1","type":"image\/jpeg"}],"twitter_card":"summary_large_image","twitter_site":"@LandiousTours","twitter_misc":{"Becs\u00fclt olvas\u00e1si id\u0151":"2 perc"},"schema":{"@context":"https:\/\/schema.org","@graph":[{"@type":"WebPage","@id":"https:\/\/landioustravel.com\/hu\/shop\/kirandulas-hurghadabol-akvariumba\/","url":"https:\/\/landioustravel.com\/hu\/shop\/kirandulas-hurghadabol-akvariumba\/","name":"Kir\u00e1ndul\u00e1s Hurghad\u00e1b\u00f3l a nagy akv\u00e1riumba","isPartOf":{"@id":"https:\/\/landioustravel.com\/hu\/#website"},"primaryImageOfPage":{"@id":"https:\/\/landioustravel.com\/hu\/shop\/kirandulas-hurghadabol-akvariumba\/#primaryimage"},"image":{"@id":"https:\/\/landioustravel.com\/hu\/shop\/kirandulas-hurghadabol-akvariumba\/#primaryimage"},"thumbnailUrl":"https:\/\/i0.wp.com\/landioustravel.com\/wp-content\/uploads\/2018\/11\/Grand-Aquarium-Excursion-Hurghada-e1669666185802.jpg?fit=1200%2C675&ssl=1","datePublished":"2019-08-24T20:37:28+00:00","dateModified":"2024-03-21T17:20:11+00:00","description":"Kir\u00e1ndul\u00e1s Hurghad\u00e1b\u00f3l a nagy akv\u00e1riumba Az utaz\u00e1st az\u00e9rt javasoljuk, mert ez lehet\u0151v\u00e9 teszi a turist\u00e1k sz\u00e1m\u00e1ra, hogy megtekints\u00e9k Egyiptom legnagyobb","breadcrumb":{"@id":"https:\/\/landioustravel.com\/hu\/shop\/kirandulas-hurghadabol-akvariumba\/#breadcrumb"},"inLanguage":"hu","potentialAction":[{"@type":"ReadAction","target":["https:\/\/landioustravel.com\/hu\/shop\/kirandulas-hurghadabol-akvariumba\/"]}]},{"@type":"ImageObject","inLanguage":"hu","@id":"https:\/\/landioustravel.com\/hu\/shop\/kirandulas-hurghadabol-akvariumba\/#primaryimage","url":"https:\/\/i0.wp.com\/landioustravel.com\/wp-content\/uploads\/2018\/11\/Grand-Aquarium-Excursion-Hurghada-e1669666185802.jpg?fit=1200%2C675&ssl=1","contentUrl":"https:\/\/i0.wp.com\/landioustravel.com\/wp-content\/uploads\/2018\/11\/Grand-Aquarium-Excursion-Hurghada-e1669666185802.jpg?fit=1200%2C675&ssl=1","width":1200,"height":675,"caption":"Grand Aquarium Excursion Hurghada"},{"@type":"BreadcrumbList","@id":"https:\/\/landioustravel.com\/hu\/shop\/kirandulas-hurghadabol-akvariumba\/#breadcrumb","itemListElement":[{"@type":"ListItem","position":1,"name":"Home","item":"https:\/\/landioustravel.com\/hu\/"},{"@type":"ListItem","position":2,"name":"Szolg\u00e1ltat\u00e1sok \u00e9s t\u00far\u00e1k","item":"https:\/\/landioustravel.com\/hu\/"},{"@type":"ListItem","position":3,"name":"Kir\u00e1ndul\u00e1s Hurghad\u00e1b\u00f3l a nagy akv\u00e1riumba"}]},{"@type":"WebSite","@id":"https:\/\/landioustravel.com\/hu\/#website","url":"https:\/\/landioustravel.com\/hu\/","name":"Landious Travel","description":"Excursions, trips and cruises in Egypt","publisher":{"@id":"https:\/\/landioustravel.com\/hu\/#organization"},"potentialAction":[{"@type":"SearchAction","target":{"@type":"EntryPoint","urlTemplate":"https:\/\/landioustravel.com\/hu\/?s={search_term_string}"},"query-input":{"@type":"PropertyValueSpecification","valueRequired":true,"valueName":"search_term_string"}}],"inLanguage":"hu"},{"@type":["Organization","Place"],"@id":"https:\/\/landioustravel.com\/hu\/#organization","name":"Landious Travel","alternateName":"Landious Travel","url":"https:\/\/landioustravel.com\/hu\/","logo":{"@id":"https:\/\/landioustravel.com\/hu\/shop\/kirandulas-hurghadabol-akvariumba\/#local-main-organization-logo"},"image":{"@id":"https:\/\/landioustravel.com\/hu\/shop\/kirandulas-hurghadabol-akvariumba\/#local-main-organization-logo"},"sameAs":["https:\/\/web.facebook.com\/landiousEgypt","https:\/\/x.com\/LandiousTours","https:\/\/mastodon.social\/@landious"],"legalName":"Landious Travel","telephone":[],"openingHoursSpecification":[{"@type":"OpeningHoursSpecification","dayOfWeek":["Monday","Tuesday","Wednesday","Thursday","Friday","Saturday","Sunday"],"opens":"09:00","closes":"17:00"}]},{"@type":"ImageObject","inLanguage":"hu","@id":"https:\/\/landioustravel.com\/hu\/shop\/kirandulas-hurghadabol-akvariumba\/#local-main-organization-logo","url":"https:\/\/i0.wp.com\/landioustravel.com\/wp-content\/uploads\/2021\/06\/Landious-T.png?fit=500%2C500&ssl=1","contentUrl":"https:\/\/i0.wp.com\/landioustravel.com\/wp-content\/uploads\/2021\/06\/Landious-T.png?fit=500%2C500&ssl=1","width":500,"height":500,"caption":"Landious Travel"}]}},"jetpack_publicize_connections":[],"uagb_featured_image_src":{"full":["https:\/\/i0.wp.com\/landioustravel.com\/wp-content\/uploads\/2018\/11\/Grand-Aquarium-Excursion-Hurghada-e1669666185802.jpg?fit=1200%2C675&ssl=1",1200,675,false],"thumbnail":["https:\/\/i0.wp.com\/landioustravel.com\/wp-content\/uploads\/2018\/11\/Grand-Aquarium-Excursion-Hurghada-e1669666185802.jpg?resize=150%2C150&ssl=1",150,150,true],"medium":["https:\/\/i0.wp.com\/landioustravel.com\/wp-content\/uploads\/2018\/11\/Grand-Aquarium-Excursion-Hurghada-e1669666185802.jpg?fit=300%2C169&ssl=1",300,169,true],"medium_large":["https:\/\/i0.wp.com\/landioustravel.com\/wp-content\/uploads\/2018\/11\/Grand-Aquarium-Excursion-Hurghada-e1669666185802.jpg?fit=768%2C432&ssl=1",768,432,true],"large":["https:\/\/i0.wp.com\/landioustravel.com\/wp-content\/uploads\/2018\/11\/Grand-Aquarium-Excursion-Hurghada-e1669666185802.jpg?fit=980%2C551&ssl=1",980,551,true],"1536x1536":["https:\/\/i0.wp.com\/landioustravel.com\/wp-content\/uploads\/2018\/11\/Grand-Aquarium-Excursion-Hurghada-e1669666185802.jpg?fit=1536%2C864&ssl=1",1536,864,true],"2048x2048":["https:\/\/i0.wp.com\/landioustravel.com\/wp-content\/uploads\/2018\/11\/Grand-Aquarium-Excursion-Hurghada-e1669666185802.jpg?fit=1200%2C675&ssl=1",1200,675,true],"newspack-article-block-landscape-large":["https:\/\/i0.wp.com\/landioustravel.com\/wp-content\/uploads\/2018\/11\/Grand-Aquarium-Excursion-Hurghada-e1669666185802.jpg?resize=1200%2C675&ssl=1",1200,675,true],"newspack-article-block-portrait-large":["https:\/\/i0.wp.com\/landioustravel.com\/wp-content\/uploads\/2018\/11\/Grand-Aquarium-Excursion-Hurghada-e1669666185802.jpg?resize=900%2C675&ssl=1",900,675,true],"newspack-article-block-square-large":["https:\/\/i0.wp.com\/landioustravel.com\/wp-content\/uploads\/2018\/11\/Grand-Aquarium-Excursion-Hurghada-e1669666185802.jpg?resize=1200%2C675&ssl=1",1200,675,true],"newspack-article-block-landscape-medium":["https:\/\/i0.wp.com\/landioustravel.com\/wp-content\/uploads\/2018\/11\/Grand-Aquarium-Excursion-Hurghada-e1669666185802.jpg?resize=800%2C600&ssl=1",800,600,true],"newspack-article-block-portrait-medium":["https:\/\/i0.wp.com\/landioustravel.com\/wp-content\/uploads\/2018\/11\/Grand-Aquarium-Excursion-Hurghada-e1669666185802.jpg?resize=600%2C675&ssl=1",600,675,true],"newspack-article-block-square-medium":["https:\/\/i0.wp.com\/landioustravel.com\/wp-content\/uploads\/2018\/11\/Grand-Aquarium-Excursion-Hurghada-e1669666185802.jpg?resize=800%2C675&ssl=1",800,675,true],"newspack-article-block-landscape-intermediate":["https:\/\/i0.wp.com\/landioustravel.com\/wp-content\/uploads\/2018\/11\/Grand-Aquarium-Excursion-Hurghada-e1669666185802.jpg?resize=600%2C450&ssl=1",600,450,true],"newspack-article-block-portrait-intermediate":["https:\/\/i0.wp.com\/landioustravel.com\/wp-content\/uploads\/2018\/11\/Grand-Aquarium-Excursion-Hurghada-e1669666185802.jpg?resize=450%2C600&ssl=1",450,600,true],"newspack-article-block-square-intermediate":["https:\/\/i0.wp.com\/landioustravel.com\/wp-content\/uploads\/2018\/11\/Grand-Aquarium-Excursion-Hurghada-e1669666185802.jpg?resize=600%2C600&ssl=1",600,600,true],"newspack-article-block-landscape-small":["https:\/\/i0.wp.com\/landioustravel.com\/wp-content\/uploads\/2018\/11\/Grand-Aquarium-Excursion-Hurghada-e1669666185802.jpg?resize=400%2C300&ssl=1",400,300,true],"newspack-article-block-portrait-small":["https:\/\/i0.wp.com\/landioustravel.com\/wp-content\/uploads\/2018\/11\/Grand-Aquarium-Excursion-Hurghada-e1669666185802.jpg?resize=300%2C400&ssl=1",300,400,true],"newspack-article-block-square-small":["https:\/\/i0.wp.com\/landioustravel.com\/wp-content\/uploads\/2018\/11\/Grand-Aquarium-Excursion-Hurghada-e1669666185802.jpg?resize=400%2C400&ssl=1",400,400,true],"newspack-article-block-landscape-tiny":["https:\/\/i0.wp.com\/landioustravel.com\/wp-content\/uploads\/2018\/11\/Grand-Aquarium-Excursion-Hurghada-e1669666185802.jpg?resize=200%2C150&ssl=1",200,150,true],"newspack-article-block-portrait-tiny":["https:\/\/i0.wp.com\/landioustravel.com\/wp-content\/uploads\/2018\/11\/Grand-Aquarium-Excursion-Hurghada-e1669666185802.jpg?resize=150%2C200&ssl=1",150,200,true],"newspack-article-block-square-tiny":["https:\/\/i0.wp.com\/landioustravel.com\/wp-content\/uploads\/2018\/11\/Grand-Aquarium-Excursion-Hurghada-e1669666185802.jpg?resize=200%2C200&ssl=1",200,200,true],"newspack-article-block-uncropped":["https:\/\/i0.wp.com\/landioustravel.com\/wp-content\/uploads\/2018\/11\/Grand-Aquarium-Excursion-Hurghada-e1669666185802.jpg?fit=1200%2C675&ssl=1",1200,675,true],"woocommerce_thumbnail":["https:\/\/i0.wp.com\/landioustravel.com\/wp-content\/uploads\/2018\/11\/Grand-Aquarium-Excursion-Hurghada-e1669666185802.jpg?resize=324%2C324&ssl=1",324,324,true],"woocommerce_single":["https:\/\/i0.wp.com\/landioustravel.com\/wp-content\/uploads\/2018\/11\/Grand-Aquarium-Excursion-Hurghada-e1669666185802.jpg?fit=416%2C234&ssl=1",416,234,true],"woocommerce_gallery_thumbnail":["https:\/\/i0.wp.com\/landioustravel.com\/wp-content\/uploads\/2018\/11\/Grand-Aquarium-Excursion-Hurghada-e1669666185802.jpg?resize=100%2C100&ssl=1",100,100,true]},"uagb_author_info":{"display_name":"Mofreh Landious","author_link":"https:\/\/landioustravel.com\/hu\/author\/"},"uagb_comment_info":3,"uagb_excerpt":"Sz\u00edvesen venne r\u00e9szt gyermekeivel egy kultur\u00e1lis \u00e9s ismeretterjeszt\u0151 t\u00far\u00e1n, ahol megismerkedhetnek a V\u00f6r\u00f6s-tenger v\u00e1ltozatos tengeri \u00e9l\u0151vil\u00e1g\u00e1val? Ne keressen tov\u00e1bb, mint a hurghadai Grand Aquarium! Az \u00fcvegtart\u00e1lyokban t\u00f6bb mint 1000 sz\u00ednes halfajt\u00e1val csal\u00e1dja elb\u0171v\u00f6l. A Grand Aquarium Tour Hurghad\u00e1b\u00f3l tartalmaz transzfert a sz\u00e1llod\u00e1b\u00f3l, valamint egy 120 perces t\u00far\u00e1t, amely mag\u00e1ban foglalja a v\u00edz alatti alagutat, a&hellip;","jetpack_sharing_enabled":true,"jetpack_likes_enabled":true,"amp_enabled":true,"_links":{"self":[{"href":"https:\/\/landioustravel.com\/hu\/wp-json\/wp\/v2\/product\/17544","targetHints":{"allow":["GET"]}}],"collection":[{"href":"https:\/\/landioustravel.com\/hu\/wp-json\/wp\/v2\/product"}],"about":[{"href":"https:\/\/landioustravel.com\/hu\/wp-json\/wp\/v2\/types\/product"}],"replies":[{"embeddable":true,"href":"https:\/\/landioustravel.com\/hu\/wp-json\/wp\/v2\/comments?post=17544"}],"wp:featuredmedia":[{"embeddable":true,"href":"https:\/\/landioustravel.com\/hu\/wp-json\/wp\/v2\/media\/100557"}],"wp:attachment":[{"href":"https:\/\/landioustravel.com\/hu\/wp-json\/wp\/v2\/media?parent=17544"}],"wp:term":[{"taxonomy":"product_brand","embeddable":true,"href":"https:\/\/landioustravel.com\/hu\/wp-json\/wp\/v2\/product_brand?post=17544"},{"taxonomy":"product_cat","embeddable":true,"href":"https:\/\/landioustravel.com\/hu\/wp-json\/wp\/v2\/product_cat?post=17544"},{"taxonomy":"product_tag","embeddable":true,"href":"https:\/\/landioustravel.com\/hu\/wp-json\/wp\/v2\/product_tag?post=17544"}],"curies":[{"name":"wp","href":"https:\/\/api.w.org\/{rel}","templated":true}]}}