{"id":17565,"date":"2018-11-12T08:00:37","date_gmt":"2019-08-24T23:44:27","guid":{"rendered":"https:\/\/landioustravel.com\/?post_type=product&#038;p=17565"},"modified":"2026-01-03T19:24:52","modified_gmt":"2026-01-03T17:24:52","slug":"kirandulas-utopia-hurghadabol","status":"publish","type":"product","link":"https:\/\/landioustravel.com\/hu\/shop\/kirandulas-utopia-hurghadabol\/","title":{"rendered":"Kir\u00e1ndul\u00e1s szuper ut\u00f3pia Hurghad\u00e1b\u00f3l"},"content":{"rendered":"<p>Csod\u00e1latos tengeri kir\u00e1ndul\u00e1s az ut\u00f3pia sziget\u00e9re Hurghada \u00fcd\u00fcl\u0151hely\u00e9b\u0151l! Javasoljuk a kir\u00e1ndul\u00e1st, mivel ez lehet\u0151v\u00e9 teszi a turist\u00e1k sz\u00e1m\u00e1ra, hogy egyiptom egyik leghomokosabb eg\u00e9szs\u00e9ges sziget\u00e9re sz\u00e1lljanak. Ez az \u00fat lehet\u0151v\u00e9 teszi egy j\u00f3 id\u0151 elt\u00f6lt\u00e9s\u00e9t a tengeren, gy\u00f6ny\u00f6r\u0171 korallok \u00e9s k\u00fcl\u00f6nf\u00e9le halak megtekint\u00e9s\u00e9vel, egy tenger piknik \u00e9lvezet\u00e9vel a V\u00f6r\u00f6s-tengeren kereszt\u00fcl, \u00e9s mag\u00e1val az ut\u00f3pia sziget\u00e9re. Ezen fel\u00fcl a turist\u00e1k lovagolj\u00e1k a ban\u00e1nt \u00e9s a kanap\u00e9j\u00e1t\u00e9kokat. Ez\u00e9rt nevezz\u00fck ezt a programot Hurghad\u00e1b\u00f3l sz\u00e1rmaz\u00f3 Szuper ut\u00f3pia programnak. Nagyon csod\u00e1latos \u00e9lm\u00e9ny mind a test, mind a l\u00e9lek nyom\u00e1ban!<\/p>\n<h2>Az ut\u00f3pia-szigeti utaz\u00e1si program f\u0151 pontjai<\/h2>\n<ul>\n<li>\u00dasz\u00e1s ny\u00edlt tengeren a jacht<\/li>\n<li>Hal\u00e1szati \u200b\u200btev\u00e9kenys\u00e9g<\/li>\n<li>Eb\u00e9d a haj\u00f3n<\/li>\n<li>Ban\u00e1n \u00e9s kanap\u00e9 t\u00far\u00e1k<\/li>\n<li>Tov\u00e1bb\u00e1, lesz\u00e1ll\u00e1s az ut\u00f3pia sziget\u00e9n<\/li>\n<\/ul>\n<h3>Kir\u00e1ndul\u00e1si program Hurghad\u00e1b\u00f3l az Utopia szigetre (Super)<\/h3>\n<ul>\n<li>K\u00f6r\u00fclbel\u00fcl 08:00 \u00f3rakor felveszi \u00d6nt a sz\u00e1llod\u00e1b\u00f3l<\/li>\n<li>Az \u00f6sszes \u00e9rkez\u0151 felv\u00e9tele ut\u00e1n a busz megy a kik\u00f6t\u0151be. A kik\u00f6t\u0151be vezet\u0151 \u00fat kb. 45 percig tart<\/li>\n<li>A jachtj\u00e1t a kik\u00f6t\u0151ben tal\u00e1lja meg. Nagy \u00e9s eleg\u00e1ns! A jachtnak k\u00e9t emelete van. Amint bejutunk a jachtra, le kell venni a cip\u0151j\u00e9t, \u00e9s fel kell emelkedni a m\u00e1sodik emeleten a fels\u0151 napf\u00e9ny fed\u00e9lzet\u00e9nek szol\u00e1rium\u00e1hoz.<\/li>\n<li>A jacht \u00e1thalad a V\u00f6r\u00f6s-tengeren, amint a csoport \u00f6sszegy\u0171lik. A gy\u00f6ny\u00f6r\u0171 korallokon meg\u00e1llsz a ny\u00edlt tengeren. Itt \u00faszhat \u00e9s snorkelhet maszkokkal \u00e9s b\u00e9kal\u00e1bokkal<\/li>\n<li>Ezut\u00e1n meg\u00e1ll egy m\u00e1sik helyen horg\u00e1szni<\/li>\n<li>Hal\u00e1szat ut\u00e1n \u00e1tl\u00e1tsz\u00f3 fenek\u0171 haj\u00f3val lovagolhat az Ut\u00f3pia sziget\u00e9re<\/li>\n<li>A szigetr\u0151l a tengerbe mehet, vagy a tengerpart puha l\u00e1gy homokj\u00e1n s\u00e9t\u00e1lhat<\/li>\n<li>Azt\u00e1n visszavissz\u00fck a haj\u00f3ba eb\u00e9dre. Eb\u00e9d k\u00f6zben a b\u00fcf\u00e9 nyitva tart<\/li>\n<li>Eb\u00e9d ut\u00e1n ban\u00e1nnal \u00e9s kanap\u00e9v\u00edz j\u00e1t\u00e9kokkal lovagolhat<\/li>\n<li>Ez az \u201eut\u00f3pia szigeti kir\u00e1ndul\u00e1si programja\u201d k\u00f6r\u00fclbel\u00fcl 16:30 -ig \u00e9r v\u00e9get<\/li>\n<\/ul>\n<h4>Mit tartalmaz az utaz\u00e1si \u00e1r<\/h4>\n<ul>\n<li>Snorkeling felszerel\u00e9s<\/li>\n<li>\u00c9telek \u00e9s italok<\/li>\n<li>Tov\u00e1bb\u00e1, transzfer a kik\u00f6t\u0151be \u00e9s vissza a sz\u00e1llod\u00e1ba<\/li>\n<\/ul>\n<h5>Amit nem tartalmaz az utaz\u00e1s \u00e1ra<\/h5>\n<ul>\n<li>Video DVD<\/li>\n<li>Tov\u00e1bb\u00e1, f\u00e9nyk\u00e9p CD<\/li>\n<\/ul>\n<h6>Mit vigyen mag\u00e1val az utaz\u00e1shoz<\/h6>\n<ul>\n<li>T\u00f6r\u00fclk\u00f6z\u0151<\/li>\n<li>Is, f\u00e9nyv\u00e9d\u0151<\/li>\n<\/ul>\n<h6>KOCK\u00c1ZATI SZERVEZ\u00c9S NAPAI<\/h6>\n<ul>\n<li>Naponta 08: 00-17: 00 k\u00f6z\u00f6tt<\/li>\n<\/ul>\n","protected":false},"excerpt":{"rendered":"<p>\u00d6r\u00f6mmel k\u00edn\u00e1lunk \u00d6nnek egy felejthetetlen tengeri kir\u00e1ndul\u00e1st az Ut\u00f3pia-szigetre! Programunk c\u00e9lja, hogy egy sor izgalmas v\u00edzi sportol\u00e1si lehet\u0151s\u00e9get \u00e9s a sziget felfedez\u00e9s\u00e9nek lehet\u0151s\u00e9g\u00e9t biztos\u00edtsa. Az \u00fasz\u00e1st\u00f3l \u00e9s a sznorkelez\u00e9st\u0151l a horg\u00e1szatig \u00e9s a ban\u00e1nos v\u00edzij\u00e1t\u00e9kokon val\u00f3 lovagl\u00e1sig ez a program kalandokkal \u00e9s sz\u00f3rakoz\u00e1ssal teli napnak \u00edg\u00e9rkezik. Tiszt\u00e1ban vagyunk azzal, hogy vend\u00e9geink sz\u00e1m\u00e1ra mennyire fontos a biztons\u00e1g \u00e9s a k\u00e9nyelem, ez\u00e9rt ingyenes transzfert, eb\u00e9det \u00e9s italokat k\u00edn\u00e1lunk a gondtalan \u00e9lm\u00e9ny \u00e9rdek\u00e9ben. Ez az utaz\u00e1s t\u00f6k\u00e9letes mindazok sz\u00e1m\u00e1ra, akik lelkes \u00e9s fiatal\u00edt\u00f3 \u00e9lm\u00e9nyre v\u00e1gynak a V\u00f6r\u00f6s-tenger krist\u00e1lytiszta vizei k\u00f6z\u00f6tt.<\/p>\n<p>Az utaz\u00e1s sor\u00e1n minden sz\u00fcks\u00e9ges felszerel\u00e9st biztos\u00edtunk a feln\u0151ttek \u00e9s a gyerekek sz\u00e1m\u00e1ra, hogy a k\u00e9t snorkelez\u00e9si \u00e1llom\u00e1st egy-egy \u00f3r\u00e1n kereszt\u00fcl \u00e9lvezhesse. Lehet\u0151s\u00e9ge lesz k\u00fcl\u00f6nf\u00e9le korall- \u00e9s halfajt\u00e1k szemtan\u00fainak testk\u00f6zelb\u0151l val\u00f3 szemtan\u00fainak lenni, \u00edgy igaz\u00e1n var\u00e1zslatos \u00e9lm\u00e9nyben lesz r\u00e9sze. A sznorkelez\u00e9s ut\u00e1n finom keleti eb\u00e9ddel kedvesked\u00fcnk, melyben t\u00e9szt\u00e1k, rizs, burgonya, h\u00fas, hal, sal\u00e1t\u00e1k \u00e9s gy\u00fcm\u00f6lcs\u00f6k is szerepelnek. Szomjolt\u00e1s\u00e1ra \u00fcd\u00edt\u0151italok v\u00e1laszt\u00e9k\u00e1t k\u00edn\u00e1ljuk.<\/p>\n<p>Eb\u00e9d ut\u00e1n 1:30 \u00f3r\u00e1ja lesz a sziget felfedez\u00e9s\u00e9re \u00e9s annak sz\u00e9ps\u00e9g\u00e9re. Ha horg\u00e1szni v\u00e1gyik, gondoskodunk r\u00f3la. Minden sz\u00fcks\u00e9ges felszerel\u00e9st biztos\u00edtunk, hogy horg\u00e1sz\u00e9lm\u00e9nye eml\u00e9kezetes legyen. Az izgalom fokoz\u00e1sa \u00e9rdek\u00e9ben ingyenes ban\u00e1nhaj\u00f3z\u00e1st \u00e9s \u0151r\u00fclt kanap\u00e9t\u00far\u00e1t k\u00edn\u00e1lunk, valamint egy \u00fcveghaj\u00f3s kir\u00e1ndul\u00e1st.<\/p>\n<p>Tiszt\u00e1ban vagyunk azzal, hogy a biztons\u00e1g a legfontosabb, ez\u00e9rt gondoskodtunk arr\u00f3l, hogy a haj\u00f3 minden sz\u00fcks\u00e9ges biztons\u00e1gi int\u00e9zked\u00e9ssel fel legyen szerelve. Szeretn\u00e9nk, ha aggodalmak n\u00e9lk\u00fcl \u00e9lvezn\u00e9 az utaz\u00e1st. Ezt az utaz\u00e1st minden v\u00edzisport-rajong\u00f3nak aj\u00e1nljuk, aki az Ut\u00f3pia-sziget var\u00e1zslatos vizei k\u00f6z\u00f6tt szeretn\u00e9 felfriss\u00edteni elm\u00e9j\u00e9t, test\u00e9t \u00e9s lelk\u00e9t.<\/p>\n","protected":false},"featured_media":29157,"comment_status":"open","ping_status":"closed","template":"","meta":{"_coblocks_attr":"","_coblocks_dimensions":"","_coblocks_responsive_height":"","_coblocks_accordion_ie_support":"","_uag_custom_page_level_css":"","jetpack_post_was_ever_published":false,"jetpack_publicize_message":"","jetpack_publicize_feature_enabled":true,"jetpack_social_post_already_shared":true,"jetpack_social_options":{"image_generator_settings":{"template":"highway","default_image_id":0,"font":"","enabled":false},"version":2},"_wpas_customize_per_network":false},"product_brand":[],"product_cat":[15549,15551],"product_tag":[15602,15582,15572,15575,15583,15595,15596],"class_list":{"0":"post-17565","1":"product","2":"type-product","3":"status-publish","4":"has-post-thumbnail","6":"product_cat-kirandulasok-hurghadaban","7":"product_cat-tengeri-kirandulasok-hurghadaban","8":"product_tag-buvarkodas-hu","9":"product_tag-hurghada-hu","10":"product_tag-kirandulas","11":"product_tag-kirandulasok-hurghadabol","12":"product_tag-sziget","13":"product_tag-tenger","14":"product_tag-tengeri-kirandulasok","15":"pa_age-1-4-eves-gyermek","16":"pa_age-felnott","17":"pa_age-gyerek-5-11-eves","19":"first","20":"instock","21":"sale","22":"purchasable","23":"product-type-variable"},"yoast_head":"<!-- This site is optimized with the Yoast SEO Premium plugin v26.9 (Yoast SEO v27.3) - https:\/\/yoast.com\/product\/yoast-seo-premium-wordpress\/ -->\n<title>Kir\u00e1ndul\u00e1s szuper ut\u00f3pia Hurghad\u00e1b\u00f3l<\/title>\n<meta name=\"description\" content=\"Kir\u00e1ndul\u00e1s szuper ut\u00f3pia Hurghad\u00e1b\u00f3l \u00fcd\u00fcl\u0151hely\u00e9b\u0151l! Javasoljuk a kir\u00e1ndul\u00e1st, mivel ez lehet\u0151v\u00e9 teszi a turist\u00e1k sz\u00e1m\u00e1ra, hogy egyiptom egyik leghomokosabb\" \/>\n<meta name=\"robots\" content=\"index, follow, max-snippet:-1, max-image-preview:large, max-video-preview:-1\" \/>\n<link rel=\"canonical\" href=\"https:\/\/landioustravel.com\/hu\/shop\/kirandulas-utopia-hurghadabol\/\" \/>\n<meta property=\"og:locale\" content=\"hu_HU\" \/>\n<meta property=\"og:type\" content=\"article\" \/>\n<meta property=\"og:title\" content=\"Kir\u00e1ndul\u00e1s szuper ut\u00f3pia Hurghad\u00e1b\u00f3l\" \/>\n<meta property=\"og:description\" content=\"Landious Travel\" \/>\n<meta property=\"og:url\" content=\"https:\/\/landioustravel.com\/hu\/shop\/kirandulas-utopia-hurghadabol\/\" \/>\n<meta property=\"og:site_name\" content=\"Landious Travel\" \/>\n<meta property=\"article:publisher\" content=\"https:\/\/web.facebook.com\/landiousEgypt\" \/>\n<meta property=\"article:modified_time\" content=\"2026-01-03T17:24:52+00:00\" \/>\n<meta property=\"og:image\" content=\"https:\/\/i0.wp.com\/landioustravel.com\/wp-content\/uploads\/2021\/03\/Utopia_snprkelling_trip-e1615595681766.jpg?fit=1200%2C675&ssl=1\" \/>\n\t<meta property=\"og:image:width\" content=\"1200\" \/>\n\t<meta property=\"og:image:height\" content=\"675\" \/>\n\t<meta property=\"og:image:type\" content=\"image\/jpeg\" \/>\n<meta name=\"twitter:card\" content=\"summary_large_image\" \/>\n<meta name=\"twitter:site\" content=\"@LandiousTours\" \/>\n<meta name=\"twitter:label1\" content=\"Becs\u00fclt olvas\u00e1si id\u0151\" \/>\n\t<meta name=\"twitter:data1\" content=\"2 perc\" \/>\n<script type=\"application\/ld+json\" class=\"yoast-schema-graph\">{\"@context\":\"https:\\\/\\\/schema.org\",\"@graph\":[{\"@type\":\"WebPage\",\"@id\":\"https:\\\/\\\/landioustravel.com\\\/hu\\\/shop\\\/kirandulas-utopia-hurghadabol\\\/\",\"url\":\"https:\\\/\\\/landioustravel.com\\\/hu\\\/shop\\\/kirandulas-utopia-hurghadabol\\\/\",\"name\":\"Kir\u00e1ndul\u00e1s szuper ut\u00f3pia Hurghad\u00e1b\u00f3l\",\"isPartOf\":{\"@id\":\"https:\\\/\\\/landioustravel.com\\\/hu\\\/#website\"},\"primaryImageOfPage\":{\"@id\":\"https:\\\/\\\/landioustravel.com\\\/hu\\\/shop\\\/kirandulas-utopia-hurghadabol\\\/#primaryimage\"},\"image\":{\"@id\":\"https:\\\/\\\/landioustravel.com\\\/hu\\\/shop\\\/kirandulas-utopia-hurghadabol\\\/#primaryimage\"},\"thumbnailUrl\":\"https:\\\/\\\/i0.wp.com\\\/landioustravel.com\\\/wp-content\\\/uploads\\\/2021\\\/03\\\/Utopia_snprkelling_trip-e1615595681766.jpg?fit=1200%2C675&ssl=1\",\"datePublished\":\"2019-08-24T23:44:27+00:00\",\"dateModified\":\"2026-01-03T17:24:52+00:00\",\"description\":\"Kir\u00e1ndul\u00e1s szuper ut\u00f3pia Hurghad\u00e1b\u00f3l \u00fcd\u00fcl\u0151hely\u00e9b\u0151l! Javasoljuk a kir\u00e1ndul\u00e1st, mivel ez lehet\u0151v\u00e9 teszi a turist\u00e1k sz\u00e1m\u00e1ra, hogy egyiptom egyik leghomokosabb\",\"breadcrumb\":{\"@id\":\"https:\\\/\\\/landioustravel.com\\\/hu\\\/shop\\\/kirandulas-utopia-hurghadabol\\\/#breadcrumb\"},\"inLanguage\":\"hu\",\"potentialAction\":[{\"@type\":\"ReadAction\",\"target\":[\"https:\\\/\\\/landioustravel.com\\\/hu\\\/shop\\\/kirandulas-utopia-hurghadabol\\\/\"]}]},{\"@type\":\"ImageObject\",\"inLanguage\":\"hu\",\"@id\":\"https:\\\/\\\/landioustravel.com\\\/hu\\\/shop\\\/kirandulas-utopia-hurghadabol\\\/#primaryimage\",\"url\":\"https:\\\/\\\/i0.wp.com\\\/landioustravel.com\\\/wp-content\\\/uploads\\\/2021\\\/03\\\/Utopia_snprkelling_trip-e1615595681766.jpg?fit=1200%2C675&ssl=1\",\"contentUrl\":\"https:\\\/\\\/i0.wp.com\\\/landioustravel.com\\\/wp-content\\\/uploads\\\/2021\\\/03\\\/Utopia_snprkelling_trip-e1615595681766.jpg?fit=1200%2C675&ssl=1\",\"width\":1200,\"height\":675,\"caption\":\"\u042d\u043a\u0441\u043a\u0443\u0440\u0441\u0438\u044f \u0421\u0443\u043f\u0435\u0440 \u0423\u0442\u043e\u043f\u0438\u044f \u0438\u0437 \u0425\u0443\u0440\u0433\u0430\u0434\u044b\"},{\"@type\":\"BreadcrumbList\",\"@id\":\"https:\\\/\\\/landioustravel.com\\\/hu\\\/shop\\\/kirandulas-utopia-hurghadabol\\\/#breadcrumb\",\"itemListElement\":[{\"@type\":\"ListItem\",\"position\":1,\"name\":\"Home\",\"item\":\"https:\\\/\\\/landioustravel.com\\\/hu\\\/\"},{\"@type\":\"ListItem\",\"position\":2,\"name\":\"Szolg\u00e1ltat\u00e1sok \u00e9s t\u00far\u00e1k\",\"item\":\"https:\\\/\\\/landioustravel.com\\\/hu\\\/\"},{\"@type\":\"ListItem\",\"position\":3,\"name\":\"Kir\u00e1ndul\u00e1s szuper ut\u00f3pia Hurghad\u00e1b\u00f3l\"}]},{\"@type\":\"WebSite\",\"@id\":\"https:\\\/\\\/landioustravel.com\\\/hu\\\/#website\",\"url\":\"https:\\\/\\\/landioustravel.com\\\/hu\\\/\",\"name\":\"Landious Travel\",\"description\":\"Excursions, trips and cruises in Egypt\",\"publisher\":{\"@id\":\"https:\\\/\\\/landioustravel.com\\\/hu\\\/#organization\"},\"potentialAction\":[{\"@type\":\"SearchAction\",\"target\":{\"@type\":\"EntryPoint\",\"urlTemplate\":\"https:\\\/\\\/landioustravel.com\\\/hu\\\/?s={search_term_string}\"},\"query-input\":{\"@type\":\"PropertyValueSpecification\",\"valueRequired\":true,\"valueName\":\"search_term_string\"}}],\"inLanguage\":\"hu\"},{\"@type\":[\"Organization\",\"Place\"],\"@id\":\"https:\\\/\\\/landioustravel.com\\\/hu\\\/#organization\",\"name\":\"Landious Travel\",\"alternateName\":\"Landious Travel\",\"url\":\"https:\\\/\\\/landioustravel.com\\\/hu\\\/\",\"logo\":{\"@id\":\"https:\\\/\\\/landioustravel.com\\\/hu\\\/shop\\\/kirandulas-utopia-hurghadabol\\\/#local-main-organization-logo\"},\"image\":{\"@id\":\"https:\\\/\\\/landioustravel.com\\\/hu\\\/shop\\\/kirandulas-utopia-hurghadabol\\\/#local-main-organization-logo\"},\"sameAs\":[\"https:\\\/\\\/web.facebook.com\\\/landiousEgypt\",\"https:\\\/\\\/x.com\\\/LandiousTours\",\"https:\\\/\\\/mastodon.social\\\/@landious\"],\"legalName\":\"Landious Travel\",\"telephone\":[],\"openingHoursSpecification\":[{\"@type\":\"OpeningHoursSpecification\",\"dayOfWeek\":[\"Monday\",\"Tuesday\",\"Wednesday\",\"Thursday\",\"Friday\",\"Saturday\",\"Sunday\"],\"opens\":\"09:00\",\"closes\":\"17:00\"}]},{\"@type\":\"ImageObject\",\"inLanguage\":\"hu\",\"@id\":\"https:\\\/\\\/landioustravel.com\\\/hu\\\/shop\\\/kirandulas-utopia-hurghadabol\\\/#local-main-organization-logo\",\"url\":\"https:\\\/\\\/i0.wp.com\\\/landioustravel.com\\\/wp-content\\\/uploads\\\/2021\\\/06\\\/Landious-T.png?fit=500%2C500&ssl=1\",\"contentUrl\":\"https:\\\/\\\/i0.wp.com\\\/landioustravel.com\\\/wp-content\\\/uploads\\\/2021\\\/06\\\/Landious-T.png?fit=500%2C500&ssl=1\",\"width\":500,\"height\":500,\"caption\":\"Landious Travel\"}]}<\/script>\n<!-- \/ Yoast SEO Premium plugin. -->","yoast_head_json":{"title":"Kir\u00e1ndul\u00e1s szuper ut\u00f3pia Hurghad\u00e1b\u00f3l","description":"Kir\u00e1ndul\u00e1s szuper ut\u00f3pia Hurghad\u00e1b\u00f3l \u00fcd\u00fcl\u0151hely\u00e9b\u0151l! Javasoljuk a kir\u00e1ndul\u00e1st, mivel ez lehet\u0151v\u00e9 teszi a turist\u00e1k sz\u00e1m\u00e1ra, hogy egyiptom egyik leghomokosabb","robots":{"index":"index","follow":"follow","max-snippet":"max-snippet:-1","max-image-preview":"max-image-preview:large","max-video-preview":"max-video-preview:-1"},"canonical":"https:\/\/landioustravel.com\/hu\/shop\/kirandulas-utopia-hurghadabol\/","og_locale":"hu_HU","og_type":"article","og_title":"Kir\u00e1ndul\u00e1s szuper ut\u00f3pia Hurghad\u00e1b\u00f3l","og_description":"Landious Travel","og_url":"https:\/\/landioustravel.com\/hu\/shop\/kirandulas-utopia-hurghadabol\/","og_site_name":"Landious Travel","article_publisher":"https:\/\/web.facebook.com\/landiousEgypt","article_modified_time":"2026-01-03T17:24:52+00:00","og_image":[{"width":1200,"height":675,"url":"https:\/\/i0.wp.com\/landioustravel.com\/wp-content\/uploads\/2021\/03\/Utopia_snprkelling_trip-e1615595681766.jpg?fit=1200%2C675&ssl=1","type":"image\/jpeg"}],"twitter_card":"summary_large_image","twitter_site":"@LandiousTours","twitter_misc":{"Becs\u00fclt olvas\u00e1si id\u0151":"2 perc"},"schema":{"@context":"https:\/\/schema.org","@graph":[{"@type":"WebPage","@id":"https:\/\/landioustravel.com\/hu\/shop\/kirandulas-utopia-hurghadabol\/","url":"https:\/\/landioustravel.com\/hu\/shop\/kirandulas-utopia-hurghadabol\/","name":"Kir\u00e1ndul\u00e1s szuper ut\u00f3pia Hurghad\u00e1b\u00f3l","isPartOf":{"@id":"https:\/\/landioustravel.com\/hu\/#website"},"primaryImageOfPage":{"@id":"https:\/\/landioustravel.com\/hu\/shop\/kirandulas-utopia-hurghadabol\/#primaryimage"},"image":{"@id":"https:\/\/landioustravel.com\/hu\/shop\/kirandulas-utopia-hurghadabol\/#primaryimage"},"thumbnailUrl":"https:\/\/i0.wp.com\/landioustravel.com\/wp-content\/uploads\/2021\/03\/Utopia_snprkelling_trip-e1615595681766.jpg?fit=1200%2C675&ssl=1","datePublished":"2019-08-24T23:44:27+00:00","dateModified":"2026-01-03T17:24:52+00:00","description":"Kir\u00e1ndul\u00e1s szuper ut\u00f3pia Hurghad\u00e1b\u00f3l \u00fcd\u00fcl\u0151hely\u00e9b\u0151l! Javasoljuk a kir\u00e1ndul\u00e1st, mivel ez lehet\u0151v\u00e9 teszi a turist\u00e1k sz\u00e1m\u00e1ra, hogy egyiptom egyik leghomokosabb","breadcrumb":{"@id":"https:\/\/landioustravel.com\/hu\/shop\/kirandulas-utopia-hurghadabol\/#breadcrumb"},"inLanguage":"hu","potentialAction":[{"@type":"ReadAction","target":["https:\/\/landioustravel.com\/hu\/shop\/kirandulas-utopia-hurghadabol\/"]}]},{"@type":"ImageObject","inLanguage":"hu","@id":"https:\/\/landioustravel.com\/hu\/shop\/kirandulas-utopia-hurghadabol\/#primaryimage","url":"https:\/\/i0.wp.com\/landioustravel.com\/wp-content\/uploads\/2021\/03\/Utopia_snprkelling_trip-e1615595681766.jpg?fit=1200%2C675&ssl=1","contentUrl":"https:\/\/i0.wp.com\/landioustravel.com\/wp-content\/uploads\/2021\/03\/Utopia_snprkelling_trip-e1615595681766.jpg?fit=1200%2C675&ssl=1","width":1200,"height":675,"caption":"\u042d\u043a\u0441\u043a\u0443\u0440\u0441\u0438\u044f \u0421\u0443\u043f\u0435\u0440 \u0423\u0442\u043e\u043f\u0438\u044f \u0438\u0437 \u0425\u0443\u0440\u0433\u0430\u0434\u044b"},{"@type":"BreadcrumbList","@id":"https:\/\/landioustravel.com\/hu\/shop\/kirandulas-utopia-hurghadabol\/#breadcrumb","itemListElement":[{"@type":"ListItem","position":1,"name":"Home","item":"https:\/\/landioustravel.com\/hu\/"},{"@type":"ListItem","position":2,"name":"Szolg\u00e1ltat\u00e1sok \u00e9s t\u00far\u00e1k","item":"https:\/\/landioustravel.com\/hu\/"},{"@type":"ListItem","position":3,"name":"Kir\u00e1ndul\u00e1s szuper ut\u00f3pia Hurghad\u00e1b\u00f3l"}]},{"@type":"WebSite","@id":"https:\/\/landioustravel.com\/hu\/#website","url":"https:\/\/landioustravel.com\/hu\/","name":"Landious Travel","description":"Excursions, trips and cruises in Egypt","publisher":{"@id":"https:\/\/landioustravel.com\/hu\/#organization"},"potentialAction":[{"@type":"SearchAction","target":{"@type":"EntryPoint","urlTemplate":"https:\/\/landioustravel.com\/hu\/?s={search_term_string}"},"query-input":{"@type":"PropertyValueSpecification","valueRequired":true,"valueName":"search_term_string"}}],"inLanguage":"hu"},{"@type":["Organization","Place"],"@id":"https:\/\/landioustravel.com\/hu\/#organization","name":"Landious Travel","alternateName":"Landious Travel","url":"https:\/\/landioustravel.com\/hu\/","logo":{"@id":"https:\/\/landioustravel.com\/hu\/shop\/kirandulas-utopia-hurghadabol\/#local-main-organization-logo"},"image":{"@id":"https:\/\/landioustravel.com\/hu\/shop\/kirandulas-utopia-hurghadabol\/#local-main-organization-logo"},"sameAs":["https:\/\/web.facebook.com\/landiousEgypt","https:\/\/x.com\/LandiousTours","https:\/\/mastodon.social\/@landious"],"legalName":"Landious Travel","telephone":[],"openingHoursSpecification":[{"@type":"OpeningHoursSpecification","dayOfWeek":["Monday","Tuesday","Wednesday","Thursday","Friday","Saturday","Sunday"],"opens":"09:00","closes":"17:00"}]},{"@type":"ImageObject","inLanguage":"hu","@id":"https:\/\/landioustravel.com\/hu\/shop\/kirandulas-utopia-hurghadabol\/#local-main-organization-logo","url":"https:\/\/i0.wp.com\/landioustravel.com\/wp-content\/uploads\/2021\/06\/Landious-T.png?fit=500%2C500&ssl=1","contentUrl":"https:\/\/i0.wp.com\/landioustravel.com\/wp-content\/uploads\/2021\/06\/Landious-T.png?fit=500%2C500&ssl=1","width":500,"height":500,"caption":"Landious Travel"}]}},"jetpack_publicize_connections":[],"uagb_featured_image_src":{"full":["https:\/\/i0.wp.com\/landioustravel.com\/wp-content\/uploads\/2021\/03\/Utopia_snprkelling_trip-e1615595681766.jpg?fit=1200%2C675&ssl=1",1200,675,false],"thumbnail":["https:\/\/i0.wp.com\/landioustravel.com\/wp-content\/uploads\/2021\/03\/Utopia_snprkelling_trip-e1615595681766.jpg?resize=150%2C150&ssl=1",150,150,true],"medium":["https:\/\/i0.wp.com\/landioustravel.com\/wp-content\/uploads\/2021\/03\/Utopia_snprkelling_trip-e1615595681766.jpg?fit=300%2C169&ssl=1",300,169,true],"medium_large":["https:\/\/i0.wp.com\/landioustravel.com\/wp-content\/uploads\/2021\/03\/Utopia_snprkelling_trip-e1615595681766.jpg?fit=768%2C432&ssl=1",768,432,true],"large":["https:\/\/i0.wp.com\/landioustravel.com\/wp-content\/uploads\/2021\/03\/Utopia_snprkelling_trip-e1615595681766.jpg?fit=980%2C551&ssl=1",980,551,true],"1536x1536":["https:\/\/i0.wp.com\/landioustravel.com\/wp-content\/uploads\/2021\/03\/Utopia_snprkelling_trip-e1615595681766.jpg?fit=1536%2C864&ssl=1",1536,864,true],"2048x2048":["https:\/\/i0.wp.com\/landioustravel.com\/wp-content\/uploads\/2021\/03\/Utopia_snprkelling_trip-e1615595681766.jpg?fit=2048%2C1152&ssl=1",2048,1152,true],"newspack-article-block-landscape-large":["https:\/\/i0.wp.com\/landioustravel.com\/wp-content\/uploads\/2021\/03\/Utopia_snprkelling_trip-e1615595681766.jpg?resize=1200%2C675&ssl=1",1200,900,true],"newspack-article-block-portrait-large":["https:\/\/i0.wp.com\/landioustravel.com\/wp-content\/uploads\/2021\/03\/Utopia_snprkelling_trip-e1615595681766.jpg?resize=900%2C675&ssl=1",900,675,true],"newspack-article-block-square-large":["https:\/\/i0.wp.com\/landioustravel.com\/wp-content\/uploads\/2021\/03\/Utopia_snprkelling_trip-e1615595681766.jpg?resize=1200%2C675&ssl=1",1200,1200,true],"newspack-article-block-landscape-medium":["https:\/\/i0.wp.com\/landioustravel.com\/wp-content\/uploads\/2021\/03\/Utopia_snprkelling_trip-e1615595681766.jpg?resize=800%2C600&ssl=1",800,600,true],"newspack-article-block-portrait-medium":["https:\/\/i0.wp.com\/landioustravel.com\/wp-content\/uploads\/2021\/03\/Utopia_snprkelling_trip-e1615595681766.jpg?resize=600%2C675&ssl=1",600,675,true],"newspack-article-block-square-medium":["https:\/\/i0.wp.com\/landioustravel.com\/wp-content\/uploads\/2021\/03\/Utopia_snprkelling_trip-e1615595681766.jpg?resize=800%2C675&ssl=1",800,675,true],"newspack-article-block-landscape-intermediate":["https:\/\/i0.wp.com\/landioustravel.com\/wp-content\/uploads\/2021\/03\/Utopia_snprkelling_trip-e1615595681766.jpg?resize=600%2C450&ssl=1",600,450,true],"newspack-article-block-portrait-intermediate":["https:\/\/i0.wp.com\/landioustravel.com\/wp-content\/uploads\/2021\/03\/Utopia_snprkelling_trip-e1615595681766.jpg?resize=450%2C600&ssl=1",450,600,true],"newspack-article-block-square-intermediate":["https:\/\/i0.wp.com\/landioustravel.com\/wp-content\/uploads\/2021\/03\/Utopia_snprkelling_trip-e1615595681766.jpg?resize=600%2C600&ssl=1",600,600,true],"newspack-article-block-landscape-small":["https:\/\/i0.wp.com\/landioustravel.com\/wp-content\/uploads\/2021\/03\/Utopia_snprkelling_trip-e1615595681766.jpg?resize=400%2C300&ssl=1",400,300,true],"newspack-article-block-portrait-small":["https:\/\/i0.wp.com\/landioustravel.com\/wp-content\/uploads\/2021\/03\/Utopia_snprkelling_trip-e1615595681766.jpg?resize=300%2C400&ssl=1",300,400,true],"newspack-article-block-square-small":["https:\/\/i0.wp.com\/landioustravel.com\/wp-content\/uploads\/2021\/03\/Utopia_snprkelling_trip-e1615595681766.jpg?resize=400%2C400&ssl=1",400,400,true],"newspack-article-block-landscape-tiny":["https:\/\/i0.wp.com\/landioustravel.com\/wp-content\/uploads\/2021\/03\/Utopia_snprkelling_trip-e1615595681766.jpg?resize=200%2C150&ssl=1",200,150,true],"newspack-article-block-portrait-tiny":["https:\/\/i0.wp.com\/landioustravel.com\/wp-content\/uploads\/2021\/03\/Utopia_snprkelling_trip-e1615595681766.jpg?resize=150%2C200&ssl=1",150,200,true],"newspack-article-block-square-tiny":["https:\/\/i0.wp.com\/landioustravel.com\/wp-content\/uploads\/2021\/03\/Utopia_snprkelling_trip-e1615595681766.jpg?resize=200%2C200&ssl=1",200,200,true],"newspack-article-block-uncropped":["https:\/\/i0.wp.com\/landioustravel.com\/wp-content\/uploads\/2021\/03\/Utopia_snprkelling_trip-e1615595681766.jpg?fit=1200%2C675&ssl=1",1200,675,true],"woocommerce_thumbnail":["https:\/\/i0.wp.com\/landioustravel.com\/wp-content\/uploads\/2021\/03\/Utopia_snprkelling_trip-e1615595681766.jpg?resize=324%2C324&ssl=1",324,324,true],"woocommerce_single":["https:\/\/i0.wp.com\/landioustravel.com\/wp-content\/uploads\/2021\/03\/Utopia_snprkelling_trip-e1615595681766.jpg?fit=416%2C234&ssl=1",416,234,true],"woocommerce_gallery_thumbnail":["https:\/\/i0.wp.com\/landioustravel.com\/wp-content\/uploads\/2021\/03\/Utopia_snprkelling_trip-e1615595681766.jpg?resize=100%2C100&ssl=1",100,100,true]},"uagb_author_info":{"display_name":"Mofreh Landious","author_link":"https:\/\/landioustravel.com\/hu\/author\/"},"uagb_comment_info":8,"uagb_excerpt":"\u00d6r\u00f6mmel k\u00edn\u00e1lunk \u00d6nnek egy felejthetetlen tengeri kir\u00e1ndul\u00e1st az Ut\u00f3pia-szigetre! Programunk c\u00e9lja, hogy egy sor izgalmas v\u00edzi sportol\u00e1si lehet\u0151s\u00e9get \u00e9s a sziget felfedez\u00e9s\u00e9nek lehet\u0151s\u00e9g\u00e9t biztos\u00edtsa. Az \u00fasz\u00e1st\u00f3l \u00e9s a sznorkelez\u00e9st\u0151l a horg\u00e1szatig \u00e9s a ban\u00e1nos v\u00edzij\u00e1t\u00e9kokon val\u00f3 lovagl\u00e1sig ez a program kalandokkal \u00e9s sz\u00f3rakoz\u00e1ssal teli napnak \u00edg\u00e9rkezik. Tiszt\u00e1ban vagyunk azzal, hogy vend\u00e9geink sz\u00e1m\u00e1ra mennyire fontos a&hellip;","jetpack_sharing_enabled":true,"jetpack_likes_enabled":true,"amp_enabled":true,"_links":{"self":[{"href":"https:\/\/landioustravel.com\/hu\/wp-json\/wp\/v2\/product\/17565","targetHints":{"allow":["GET"]}}],"collection":[{"href":"https:\/\/landioustravel.com\/hu\/wp-json\/wp\/v2\/product"}],"about":[{"href":"https:\/\/landioustravel.com\/hu\/wp-json\/wp\/v2\/types\/product"}],"replies":[{"embeddable":true,"href":"https:\/\/landioustravel.com\/hu\/wp-json\/wp\/v2\/comments?post=17565"}],"wp:featuredmedia":[{"embeddable":true,"href":"https:\/\/landioustravel.com\/hu\/wp-json\/wp\/v2\/media\/29157"}],"wp:attachment":[{"href":"https:\/\/landioustravel.com\/hu\/wp-json\/wp\/v2\/media?parent=17565"}],"wp:term":[{"taxonomy":"product_brand","embeddable":true,"href":"https:\/\/landioustravel.com\/hu\/wp-json\/wp\/v2\/product_brand?post=17565"},{"taxonomy":"product_cat","embeddable":true,"href":"https:\/\/landioustravel.com\/hu\/wp-json\/wp\/v2\/product_cat?post=17565"},{"taxonomy":"product_tag","embeddable":true,"href":"https:\/\/landioustravel.com\/hu\/wp-json\/wp\/v2\/product_tag?post=17565"}],"curies":[{"name":"wp","href":"https:\/\/api.w.org\/{rel}","templated":true}]}}