{"id":17573,"date":"2018-11-13T08:22:45","date_gmt":"2019-08-25T00:20:54","guid":{"rendered":"https:\/\/landioustravel.com\/?post_type=product&#038;p=17573"},"modified":"2025-10-01T20:20:48","modified_gmt":"2025-10-01T17:20:48","slug":"kirandulas-hurghada-giftun-szigetere","status":"publish","type":"product","link":"https:\/\/landioustravel.com\/hu\/shop\/kirandulas-hurghada-giftun-szigetere\/","title":{"rendered":"Kir\u00e1ndul\u00e1s Hurghada Giftun sziget\u00e9re"},"content":{"rendered":"<p>Csod\u00e1latos haj\u00f3kir\u00e1ndul\u00e1s a Hurghada Grand Giftun sziget\u00e9re! Javasoljuk az utaz\u00e1st, mert ez lehet\u0151v\u00e9 teszi a turist\u00e1k sz\u00e1m\u00e1ra, hogy j\u00f3 id\u0151ben t\u00f6lts\u00e9k el magukat a tengeren! Az utaz\u00e1s lehet\u0151s\u00e9get ad arra, hogy gy\u00f6ny\u00f6r\u0171 korallokat \u00e9s sokf\u00e9le halat megtekintsen. M\u00e9gis \u00e9lvezheti a V\u00f6r\u00f6s-tenger partja ment\u00e9n fekv\u0151 tengeri piknikot \u00e9s a Giftun-szigetre sz\u00e1ll\u00e1st. A sziget Hurghad\u00e1ban, a Read sea part k\u00f6zel\u00e9ben tal\u00e1lhat\u00f3.<\/p>\n<h2>A Giftun-szigetre tett kir\u00e1ndul\u00e1si program f\u0151 pontjai<\/h2>\n<ul>\n<li>K\u00e9tszer \u00faszni a jachtt\u00f3l ny\u00edlt tengeren<\/li>\n<li>Snorkeling maszkokkal \u00e9s b\u00e9kal\u00e1bokkal a ny\u00edlt tengeren<\/li>\n<li>\u00c9lelmiszer<\/li>\n<li>Ezen fel\u00fcl, lesz\u00e1ll\u00e1s a Giftun-szigeten<\/li>\n<\/ul>\n<h3>Kir\u00e1ndul\u00e1sok programja a hurghadai Giftun-szigetre<\/h3>\n<ul>\n<li>K\u00f6r\u00fclbel\u00fcl 08:00 \u00f3rakor felvesz\u00fcnk a sz\u00e1llod\u00e1b\u00f3l<\/li>\n<li>Az \u00f6sszes \u00e9rkez\u0151 felv\u00e9tele ut\u00e1n a busz megy a kik\u00f6t\u0151be. A kik\u00f6t\u0151be vezet\u0151 \u00fat 30 perc alatt el\u00e9rhet\u0151<\/li>\n<li>A jachtj\u00e1t a kik\u00f6t\u0151ben tal\u00e1lja meg. Nagy \u00e9s eleg\u00e1ns! Ez a jacht k\u00e9t emeletb\u0151l \u00e1ll. Amint felsz\u00e1llnak a jachtra, le kell venni a cip\u0151det, \u00e9s fel kell emelkedni a m\u00e1sodik emeleti cserz\u00e9shez a fels\u0151 napoz\u00f3teraszon.<\/li>\n<li>A jacht tov\u00e1bbhalad a V\u00f6r\u00f6s-tengeren, amint a csoport \u00f6sszegy\u0171lik. \u00c9s egy gy\u00f6ny\u00f6r\u0171 korall-tengeri helysz\u00ednen meg\u00e1ll egy ny\u00edlt tengeren. Itt \u00faszhat \u00e9s snorkelhet maszkokkal \u00e9s b\u00e9kal\u00e1bokkal<\/li>\n<li>Ezut\u00e1n motorcs\u00f3nakkal sz\u00e1ll\u00edtunk a Giftun-szigetre<\/li>\n<li>Mag\u00e1b\u00f3l a szigetr\u0151l lehet beutazni a tengerbe, vagy egyszer\u0171en csak s\u00e9t\u00e1lni a tengerpart puha l\u00e1gy homokos partj\u00e1n<\/li>\n<li>E csod\u00e1latos meg\u00e1ll\u00e1s ut\u00e1n visszajutsz a jachtra eb\u00e9dre. Eb\u00e9d k\u00f6zben a b\u00fcf\u00e9 nyitva tart<\/li>\n<li>Ezen fel\u00fcl id\u0151t fogsz \u00faszni \u00e9s snorkelni maszkokkal \u00e9s b\u00e9kal\u00e1bokkal egy m\u00e1sik tengeri helysz\u00ednen<\/li>\n<li>Ez a \u201ekir\u00e1ndul\u00e1s Hurghada Giftun sziget\u00e9re\u201d k\u00f6r\u00fclbel\u00fcl 16.30-kor \u00e9r v\u00e9get<\/li>\n<\/ul>\n<h4>Mit tartalmaz az utaz\u00e1si \u00e1r<\/h4>\n<ul>\n<li>Maszkok \u00e9s b\u00e9kal\u00e1bok<\/li>\n<li>\u00c9telek \u00e9s italok<\/li>\n<li>Tov\u00e1bb\u00e1, transzfer a kik\u00f6t\u0151be \u00e9s vissza a sz\u00e1llod\u00e1ba<\/li>\n<\/ul>\n<h5>Amit nem tartalmaz az utaz\u00e1s \u00e1ra<\/h5>\n<ul>\n<li>Video DVD<\/li>\n<li>Tov\u00e1bb\u00e1, f\u00e9nyk\u00e9p CD<\/li>\n<\/ul>\n<h6>Mit vigyen mag\u00e1val az utaz\u00e1shoz<\/h6>\n<ul>\n<li>T\u00f6r\u00fclk\u00f6z\u0151<\/li>\n<li>Is, f\u00e9nyv\u00e9d\u0151<\/li>\n<\/ul>\n<h6>KOCK\u00c1ZATI SZERVEZ\u00c9S NAPAI<\/h6>\n<ul>\n<li>Naponta 08: 00-17: 00 k\u00f6z\u00f6tt<\/li>\n<\/ul>\n","protected":false},"excerpt":{"rendered":"<p>Meg\u00e9rdemel egy kis id\u0151t a laz\u00edt\u00e1sra \u00e9s a kikapcsol\u00f3d\u00e1sra, \u00e9s mi ennek jobb m\u00f3dja, mint egy kir\u00e1ndul\u00e1s a hurghadai Giftun-szigetre? Amikor meg\u00e9rkezik a szigetre, aranyl\u00f3 homok \u00e9s krist\u00e1lytiszta v\u00edz fogadja, t\u00f6k\u00e9letes \u00fasz\u00e1shoz \u00e9s l\u00e9legzetel\u00e1ll\u00edt\u00f3 f\u00e9nyk\u00e9pek k\u00e9sz\u00edt\u00e9s\u00e9hez. Eg\u00e9sz nap \u00e1ll rendelkez\u00e9s\u00e9re, hogy napozzon \u00e9s \u00e9lvezze a Paradicsom-sziget b\u00e9k\u00e9j\u00e9t. Hogy m\u00e9g kellemesebb legyen a napod, az eb\u00e9det \u00e9s az \u00fcd\u00edt\u0151ket az utaz\u00e1s \u00e1ra tartalmazza.<\/p>\n<p>Ez az eg\u00e9sz napos kir\u00e1ndul\u00e1s mindenr\u0151l gondoskodik, \u00edgy \u00d6n arra koncentr\u00e1lhat, hogy a legt\u00f6bbet hozza ki az idej\u00e9b\u0151l. Lehet\u0151s\u00e9ge ny\u00edlik megtapasztalni sz\u00e1mos kultur\u00e1lis el\u0151ad\u00e1st, bele\u00e9rtve a hast\u00e1ncot \u00e9s a folkl\u00f3rm\u0171sorokat, mik\u00f6zben gy\u00f6ny\u00f6r\u0171 sznorkelez\u00e9si helyeket fedezhet fel, \u00e9s olyan v\u00edzi tev\u00e9kenys\u00e9geket \u00e9lvezhet, mint a ban\u00e1n \u00e9s a kanap\u00e9. Nem kell agg\u00f3dnia semmi megtervez\u00e9se miatt \u2013 minden megszervez\u00e9st megtett\u00fcnk \u00d6n helyett, bele\u00e9rtve az oda-vissza transzfert a Hurghada sz\u00e1ll\u00e1shely\u00e9re \u00e9s vissza.<\/p>\n<p>Miut\u00e1n felveszik a sz\u00e1llod\u00e1b\u00f3l, \u00e1tsz\u00e1ll\u00edtj\u00e1k a V\u00f6r\u00f6s-tengeren kik\u00f6t\u00f6tt haj\u00f3ra. A Paradise Island fel\u00e9 haj\u00f3zva lehet\u0151s\u00e9ge ny\u00edlik megcsod\u00e1lni a leny\u0171g\u00f6z\u0151 v\u00edz alatti z\u00e1tonyokat \u00e9s strandokat. T\u00f6ltse a napot a szigeten felfedez\u00e9ssel, sznorkelez\u00e9ssel \u00e9s egy finom eb\u00e9ddel, amelyet k\u00f6zvetlen\u00fcl a haj\u00f3n k\u00e9sz\u00edtenek \u00e9s szolg\u00e1lnak fel. Ezut\u00e1n t\u00e9rjen vissza a V\u00f6r\u00f6s-tengerhez, ahol tov\u00e1bbi sznorkelez\u00e9st \u00e9s v\u00edzi tev\u00e9kenys\u00e9geket szeretne folytatni, miel\u0151tt visszasz\u00e1llna a sz\u00e1llod\u00e1j\u00e1ba.<\/p>\n<p>Tiszt\u00e1ban vagyunk vele, mennyire fontos egy kis sz\u00fcnetet tartani a h\u00e9tk\u00f6znapok ny\u00fczsg\u00e9s\u00e9t\u0151l, \u00e9s szeretn\u00e9nk gondoskodni arr\u00f3l, hogy a napod a lehet\u0151 legfesz\u00fclts\u00e9gmentesebben \u00e9s \u00e9lvezetesebb legyen. Ez\u00e9rt gondoskodtunk minden r\u00e9szletr\u0151l, hogy h\u00e1trad\u0151lhessen, laz\u00edtson \u00e9s gy\u00f6ny\u00f6rk\u00f6dhessen Giftun-sziget sz\u00e9ps\u00e9g\u00e9ben.<\/p>\n","protected":false},"featured_media":17574,"comment_status":"open","ping_status":"closed","template":"","meta":{"_coblocks_attr":"","_coblocks_dimensions":"","_coblocks_responsive_height":"","_coblocks_accordion_ie_support":"","_uag_custom_page_level_css":"","jetpack_post_was_ever_published":false,"jetpack_publicize_message":"","jetpack_publicize_feature_enabled":true,"jetpack_social_post_already_shared":true,"jetpack_social_options":{"image_generator_settings":{"template":"highway","default_image_id":0,"font":"","enabled":false},"version":2},"_wpas_customize_per_network":false},"product_brand":[],"product_cat":[15549,15551],"product_tag":[15602,15582,15572,15587,15583,15595,15596],"class_list":{"0":"post-17573","1":"product","2":"type-product","3":"status-publish","4":"has-post-thumbnail","6":"product_cat-kirandulasok-hurghadaban","7":"product_cat-tengeri-kirandulasok-hurghadaban","8":"product_tag-buvarkodas-hu","9":"product_tag-hurghada-hu","10":"product_tag-kirandulas","11":"product_tag-paradicsom-sziget","12":"product_tag-sziget","13":"product_tag-tenger","14":"product_tag-tengeri-kirandulasok","16":"first","17":"instock","18":"sale","19":"virtual","20":"purchasable","21":"product-type-simple"},"yoast_head":"<!-- This site is optimized with the Yoast SEO Premium plugin v26.9 (Yoast SEO v27.3) - https:\/\/yoast.com\/product\/yoast-seo-premium-wordpress\/ -->\n<title>Kir\u00e1ndul\u00e1s Hurghada Giftun sziget\u00e9re<\/title>\n<meta name=\"description\" content=\"Kir\u00e1ndul\u00e1s Hurghada Giftun sziget\u00e9re Javasoljuk az utaz\u00e1st, mert ez lehet\u0151v\u00e9 teszi a turist\u00e1k sz\u00e1m\u00e1ra, hogy j\u00f3 id\u0151ben t\u00f6lts\u00e9k el magukat a tengeren! Az\" \/>\n<meta name=\"robots\" content=\"index, follow, max-snippet:-1, max-image-preview:large, max-video-preview:-1\" \/>\n<link rel=\"canonical\" href=\"https:\/\/landioustravel.com\/hu\/shop\/kirandulas-hurghada-giftun-szigetere\/\" \/>\n<meta property=\"og:locale\" content=\"hu_HU\" \/>\n<meta property=\"og:type\" content=\"article\" \/>\n<meta property=\"og:title\" content=\"Kir\u00e1ndul\u00e1s Hurghada Giftun sziget\u00e9re\" \/>\n<meta property=\"og:description\" content=\"Landious Travel\" \/>\n<meta property=\"og:url\" content=\"https:\/\/landioustravel.com\/hu\/shop\/kirandulas-hurghada-giftun-szigetere\/\" \/>\n<meta property=\"og:site_name\" content=\"Landious Travel\" \/>\n<meta property=\"article:publisher\" content=\"https:\/\/web.facebook.com\/landiousEgypt\" \/>\n<meta property=\"article:modified_time\" content=\"2025-10-01T17:20:48+00:00\" \/>\n<meta property=\"og:image\" content=\"https:\/\/i0.wp.com\/landioustravel.com\/wp-content\/uploads\/2019\/01\/Boat_trip_Giftun_island_in_Hurghada-e1551839736620.jpg?fit=1200%2C676&ssl=1\" \/>\n\t<meta property=\"og:image:width\" content=\"1200\" \/>\n\t<meta property=\"og:image:height\" content=\"676\" \/>\n\t<meta property=\"og:image:type\" content=\"image\/jpeg\" \/>\n<meta name=\"twitter:card\" content=\"summary_large_image\" \/>\n<meta name=\"twitter:site\" content=\"@LandiousTours\" \/>\n<meta name=\"twitter:label1\" content=\"Becs\u00fclt olvas\u00e1si id\u0151\" \/>\n\t<meta name=\"twitter:data1\" content=\"2 perc\" \/>\n<script type=\"application\/ld+json\" class=\"yoast-schema-graph\">{\"@context\":\"https:\\\/\\\/schema.org\",\"@graph\":[{\"@type\":\"WebPage\",\"@id\":\"https:\\\/\\\/landioustravel.com\\\/hu\\\/shop\\\/kirandulas-hurghada-giftun-szigetere\\\/\",\"url\":\"https:\\\/\\\/landioustravel.com\\\/hu\\\/shop\\\/kirandulas-hurghada-giftun-szigetere\\\/\",\"name\":\"Kir\u00e1ndul\u00e1s Hurghada Giftun sziget\u00e9re\",\"isPartOf\":{\"@id\":\"https:\\\/\\\/landioustravel.com\\\/hu\\\/#website\"},\"primaryImageOfPage\":{\"@id\":\"https:\\\/\\\/landioustravel.com\\\/hu\\\/shop\\\/kirandulas-hurghada-giftun-szigetere\\\/#primaryimage\"},\"image\":{\"@id\":\"https:\\\/\\\/landioustravel.com\\\/hu\\\/shop\\\/kirandulas-hurghada-giftun-szigetere\\\/#primaryimage\"},\"thumbnailUrl\":\"https:\\\/\\\/i0.wp.com\\\/landioustravel.com\\\/wp-content\\\/uploads\\\/2019\\\/01\\\/Boat_trip_Giftun_island_in_Hurghada-e1551839736620.jpg?fit=1200%2C676&ssl=1\",\"datePublished\":\"2019-08-25T00:20:54+00:00\",\"dateModified\":\"2025-10-01T17:20:48+00:00\",\"description\":\"Kir\u00e1ndul\u00e1s Hurghada Giftun sziget\u00e9re Javasoljuk az utaz\u00e1st, mert ez lehet\u0151v\u00e9 teszi a turist\u00e1k sz\u00e1m\u00e1ra, hogy j\u00f3 id\u0151ben t\u00f6lts\u00e9k el magukat a tengeren! Az\",\"breadcrumb\":{\"@id\":\"https:\\\/\\\/landioustravel.com\\\/hu\\\/shop\\\/kirandulas-hurghada-giftun-szigetere\\\/#breadcrumb\"},\"inLanguage\":\"hu\",\"potentialAction\":[{\"@type\":\"ReadAction\",\"target\":[\"https:\\\/\\\/landioustravel.com\\\/hu\\\/shop\\\/kirandulas-hurghada-giftun-szigetere\\\/\"]}]},{\"@type\":\"ImageObject\",\"inLanguage\":\"hu\",\"@id\":\"https:\\\/\\\/landioustravel.com\\\/hu\\\/shop\\\/kirandulas-hurghada-giftun-szigetere\\\/#primaryimage\",\"url\":\"https:\\\/\\\/i0.wp.com\\\/landioustravel.com\\\/wp-content\\\/uploads\\\/2019\\\/01\\\/Boat_trip_Giftun_island_in_Hurghada-e1551839736620.jpg?fit=1200%2C676&ssl=1\",\"contentUrl\":\"https:\\\/\\\/i0.wp.com\\\/landioustravel.com\\\/wp-content\\\/uploads\\\/2019\\\/01\\\/Boat_trip_Giftun_island_in_Hurghada-e1551839736620.jpg?fit=1200%2C676&ssl=1\",\"width\":1200,\"height\":676,\"caption\":\"Boat trip Giftun island in Hurghada\"},{\"@type\":\"BreadcrumbList\",\"@id\":\"https:\\\/\\\/landioustravel.com\\\/hu\\\/shop\\\/kirandulas-hurghada-giftun-szigetere\\\/#breadcrumb\",\"itemListElement\":[{\"@type\":\"ListItem\",\"position\":1,\"name\":\"Home\",\"item\":\"https:\\\/\\\/landioustravel.com\\\/hu\\\/\"},{\"@type\":\"ListItem\",\"position\":2,\"name\":\"Szolg\u00e1ltat\u00e1sok \u00e9s t\u00far\u00e1k\",\"item\":\"https:\\\/\\\/landioustravel.com\\\/hu\\\/\"},{\"@type\":\"ListItem\",\"position\":3,\"name\":\"Kir\u00e1ndul\u00e1s Hurghada Giftun sziget\u00e9re\"}]},{\"@type\":\"WebSite\",\"@id\":\"https:\\\/\\\/landioustravel.com\\\/hu\\\/#website\",\"url\":\"https:\\\/\\\/landioustravel.com\\\/hu\\\/\",\"name\":\"Landious Travel\",\"description\":\"Excursions, trips and cruises in Egypt\",\"publisher\":{\"@id\":\"https:\\\/\\\/landioustravel.com\\\/hu\\\/#organization\"},\"potentialAction\":[{\"@type\":\"SearchAction\",\"target\":{\"@type\":\"EntryPoint\",\"urlTemplate\":\"https:\\\/\\\/landioustravel.com\\\/hu\\\/?s={search_term_string}\"},\"query-input\":{\"@type\":\"PropertyValueSpecification\",\"valueRequired\":true,\"valueName\":\"search_term_string\"}}],\"inLanguage\":\"hu\"},{\"@type\":[\"Organization\",\"Place\"],\"@id\":\"https:\\\/\\\/landioustravel.com\\\/hu\\\/#organization\",\"name\":\"Landious Travel\",\"alternateName\":\"Landious Travel\",\"url\":\"https:\\\/\\\/landioustravel.com\\\/hu\\\/\",\"logo\":{\"@id\":\"https:\\\/\\\/landioustravel.com\\\/hu\\\/shop\\\/kirandulas-hurghada-giftun-szigetere\\\/#local-main-organization-logo\"},\"image\":{\"@id\":\"https:\\\/\\\/landioustravel.com\\\/hu\\\/shop\\\/kirandulas-hurghada-giftun-szigetere\\\/#local-main-organization-logo\"},\"sameAs\":[\"https:\\\/\\\/web.facebook.com\\\/landiousEgypt\",\"https:\\\/\\\/x.com\\\/LandiousTours\",\"https:\\\/\\\/mastodon.social\\\/@landious\"],\"legalName\":\"Landious Travel\",\"telephone\":[],\"openingHoursSpecification\":[{\"@type\":\"OpeningHoursSpecification\",\"dayOfWeek\":[\"Monday\",\"Tuesday\",\"Wednesday\",\"Thursday\",\"Friday\",\"Saturday\",\"Sunday\"],\"opens\":\"09:00\",\"closes\":\"17:00\"}]},{\"@type\":\"ImageObject\",\"inLanguage\":\"hu\",\"@id\":\"https:\\\/\\\/landioustravel.com\\\/hu\\\/shop\\\/kirandulas-hurghada-giftun-szigetere\\\/#local-main-organization-logo\",\"url\":\"https:\\\/\\\/i0.wp.com\\\/landioustravel.com\\\/wp-content\\\/uploads\\\/2021\\\/06\\\/Landious-T.png?fit=500%2C500&ssl=1\",\"contentUrl\":\"https:\\\/\\\/i0.wp.com\\\/landioustravel.com\\\/wp-content\\\/uploads\\\/2021\\\/06\\\/Landious-T.png?fit=500%2C500&ssl=1\",\"width\":500,\"height\":500,\"caption\":\"Landious Travel\"}]}<\/script>\n<!-- \/ Yoast SEO Premium plugin. -->","yoast_head_json":{"title":"Kir\u00e1ndul\u00e1s Hurghada Giftun sziget\u00e9re","description":"Kir\u00e1ndul\u00e1s Hurghada Giftun sziget\u00e9re Javasoljuk az utaz\u00e1st, mert ez lehet\u0151v\u00e9 teszi a turist\u00e1k sz\u00e1m\u00e1ra, hogy j\u00f3 id\u0151ben t\u00f6lts\u00e9k el magukat a tengeren! Az","robots":{"index":"index","follow":"follow","max-snippet":"max-snippet:-1","max-image-preview":"max-image-preview:large","max-video-preview":"max-video-preview:-1"},"canonical":"https:\/\/landioustravel.com\/hu\/shop\/kirandulas-hurghada-giftun-szigetere\/","og_locale":"hu_HU","og_type":"article","og_title":"Kir\u00e1ndul\u00e1s Hurghada Giftun sziget\u00e9re","og_description":"Landious Travel","og_url":"https:\/\/landioustravel.com\/hu\/shop\/kirandulas-hurghada-giftun-szigetere\/","og_site_name":"Landious Travel","article_publisher":"https:\/\/web.facebook.com\/landiousEgypt","article_modified_time":"2025-10-01T17:20:48+00:00","og_image":[{"width":1200,"height":676,"url":"https:\/\/i0.wp.com\/landioustravel.com\/wp-content\/uploads\/2019\/01\/Boat_trip_Giftun_island_in_Hurghada-e1551839736620.jpg?fit=1200%2C676&ssl=1","type":"image\/jpeg"}],"twitter_card":"summary_large_image","twitter_site":"@LandiousTours","twitter_misc":{"Becs\u00fclt olvas\u00e1si id\u0151":"2 perc"},"schema":{"@context":"https:\/\/schema.org","@graph":[{"@type":"WebPage","@id":"https:\/\/landioustravel.com\/hu\/shop\/kirandulas-hurghada-giftun-szigetere\/","url":"https:\/\/landioustravel.com\/hu\/shop\/kirandulas-hurghada-giftun-szigetere\/","name":"Kir\u00e1ndul\u00e1s Hurghada Giftun sziget\u00e9re","isPartOf":{"@id":"https:\/\/landioustravel.com\/hu\/#website"},"primaryImageOfPage":{"@id":"https:\/\/landioustravel.com\/hu\/shop\/kirandulas-hurghada-giftun-szigetere\/#primaryimage"},"image":{"@id":"https:\/\/landioustravel.com\/hu\/shop\/kirandulas-hurghada-giftun-szigetere\/#primaryimage"},"thumbnailUrl":"https:\/\/i0.wp.com\/landioustravel.com\/wp-content\/uploads\/2019\/01\/Boat_trip_Giftun_island_in_Hurghada-e1551839736620.jpg?fit=1200%2C676&ssl=1","datePublished":"2019-08-25T00:20:54+00:00","dateModified":"2025-10-01T17:20:48+00:00","description":"Kir\u00e1ndul\u00e1s Hurghada Giftun sziget\u00e9re Javasoljuk az utaz\u00e1st, mert ez lehet\u0151v\u00e9 teszi a turist\u00e1k sz\u00e1m\u00e1ra, hogy j\u00f3 id\u0151ben t\u00f6lts\u00e9k el magukat a tengeren! Az","breadcrumb":{"@id":"https:\/\/landioustravel.com\/hu\/shop\/kirandulas-hurghada-giftun-szigetere\/#breadcrumb"},"inLanguage":"hu","potentialAction":[{"@type":"ReadAction","target":["https:\/\/landioustravel.com\/hu\/shop\/kirandulas-hurghada-giftun-szigetere\/"]}]},{"@type":"ImageObject","inLanguage":"hu","@id":"https:\/\/landioustravel.com\/hu\/shop\/kirandulas-hurghada-giftun-szigetere\/#primaryimage","url":"https:\/\/i0.wp.com\/landioustravel.com\/wp-content\/uploads\/2019\/01\/Boat_trip_Giftun_island_in_Hurghada-e1551839736620.jpg?fit=1200%2C676&ssl=1","contentUrl":"https:\/\/i0.wp.com\/landioustravel.com\/wp-content\/uploads\/2019\/01\/Boat_trip_Giftun_island_in_Hurghada-e1551839736620.jpg?fit=1200%2C676&ssl=1","width":1200,"height":676,"caption":"Boat trip Giftun island in Hurghada"},{"@type":"BreadcrumbList","@id":"https:\/\/landioustravel.com\/hu\/shop\/kirandulas-hurghada-giftun-szigetere\/#breadcrumb","itemListElement":[{"@type":"ListItem","position":1,"name":"Home","item":"https:\/\/landioustravel.com\/hu\/"},{"@type":"ListItem","position":2,"name":"Szolg\u00e1ltat\u00e1sok \u00e9s t\u00far\u00e1k","item":"https:\/\/landioustravel.com\/hu\/"},{"@type":"ListItem","position":3,"name":"Kir\u00e1ndul\u00e1s Hurghada Giftun sziget\u00e9re"}]},{"@type":"WebSite","@id":"https:\/\/landioustravel.com\/hu\/#website","url":"https:\/\/landioustravel.com\/hu\/","name":"Landious Travel","description":"Excursions, trips and cruises in Egypt","publisher":{"@id":"https:\/\/landioustravel.com\/hu\/#organization"},"potentialAction":[{"@type":"SearchAction","target":{"@type":"EntryPoint","urlTemplate":"https:\/\/landioustravel.com\/hu\/?s={search_term_string}"},"query-input":{"@type":"PropertyValueSpecification","valueRequired":true,"valueName":"search_term_string"}}],"inLanguage":"hu"},{"@type":["Organization","Place"],"@id":"https:\/\/landioustravel.com\/hu\/#organization","name":"Landious Travel","alternateName":"Landious Travel","url":"https:\/\/landioustravel.com\/hu\/","logo":{"@id":"https:\/\/landioustravel.com\/hu\/shop\/kirandulas-hurghada-giftun-szigetere\/#local-main-organization-logo"},"image":{"@id":"https:\/\/landioustravel.com\/hu\/shop\/kirandulas-hurghada-giftun-szigetere\/#local-main-organization-logo"},"sameAs":["https:\/\/web.facebook.com\/landiousEgypt","https:\/\/x.com\/LandiousTours","https:\/\/mastodon.social\/@landious"],"legalName":"Landious Travel","telephone":[],"openingHoursSpecification":[{"@type":"OpeningHoursSpecification","dayOfWeek":["Monday","Tuesday","Wednesday","Thursday","Friday","Saturday","Sunday"],"opens":"09:00","closes":"17:00"}]},{"@type":"ImageObject","inLanguage":"hu","@id":"https:\/\/landioustravel.com\/hu\/shop\/kirandulas-hurghada-giftun-szigetere\/#local-main-organization-logo","url":"https:\/\/i0.wp.com\/landioustravel.com\/wp-content\/uploads\/2021\/06\/Landious-T.png?fit=500%2C500&ssl=1","contentUrl":"https:\/\/i0.wp.com\/landioustravel.com\/wp-content\/uploads\/2021\/06\/Landious-T.png?fit=500%2C500&ssl=1","width":500,"height":500,"caption":"Landious Travel"}]}},"jetpack_publicize_connections":[],"uagb_featured_image_src":{"full":["https:\/\/i0.wp.com\/landioustravel.com\/wp-content\/uploads\/2019\/01\/Boat_trip_Giftun_island_in_Hurghada-e1551839736620.jpg?fit=1200%2C676&ssl=1",1200,676,false],"thumbnail":["https:\/\/i0.wp.com\/landioustravel.com\/wp-content\/uploads\/2019\/01\/Boat_trip_Giftun_island_in_Hurghada-e1551839736620.jpg?resize=150%2C150&ssl=1",150,150,true],"medium":["https:\/\/i0.wp.com\/landioustravel.com\/wp-content\/uploads\/2019\/01\/Boat_trip_Giftun_island_in_Hurghada-e1551839736620.jpg?fit=300%2C169&ssl=1",300,169,true],"medium_large":["https:\/\/i0.wp.com\/landioustravel.com\/wp-content\/uploads\/2019\/01\/Boat_trip_Giftun_island_in_Hurghada-e1551839736620.jpg?fit=768%2C433&ssl=1",768,433,true],"large":["https:\/\/i0.wp.com\/landioustravel.com\/wp-content\/uploads\/2019\/01\/Boat_trip_Giftun_island_in_Hurghada-e1551839736620.jpg?fit=980%2C552&ssl=1",980,552,true],"1536x1536":["https:\/\/i0.wp.com\/landioustravel.com\/wp-content\/uploads\/2019\/01\/Boat_trip_Giftun_island_in_Hurghada-e1551839736620.jpg?fit=1200%2C676&ssl=1",1200,676,true],"2048x2048":["https:\/\/i0.wp.com\/landioustravel.com\/wp-content\/uploads\/2019\/01\/Boat_trip_Giftun_island_in_Hurghada-e1551839736620.jpg?fit=1200%2C676&ssl=1",1200,676,true],"newspack-article-block-landscape-large":["https:\/\/i0.wp.com\/landioustravel.com\/wp-content\/uploads\/2019\/01\/Boat_trip_Giftun_island_in_Hurghada-e1551839736620.jpg?resize=1200%2C676&ssl=1",1200,676,true],"newspack-article-block-portrait-large":["https:\/\/i0.wp.com\/landioustravel.com\/wp-content\/uploads\/2019\/01\/Boat_trip_Giftun_island_in_Hurghada-e1551839736620.jpg?resize=900%2C676&ssl=1",900,676,true],"newspack-article-block-square-large":["https:\/\/i0.wp.com\/landioustravel.com\/wp-content\/uploads\/2019\/01\/Boat_trip_Giftun_island_in_Hurghada-e1551839736620.jpg?resize=1200%2C676&ssl=1",1200,676,true],"newspack-article-block-landscape-medium":["https:\/\/i0.wp.com\/landioustravel.com\/wp-content\/uploads\/2019\/01\/Boat_trip_Giftun_island_in_Hurghada-e1551839736620.jpg?resize=800%2C600&ssl=1",800,600,true],"newspack-article-block-portrait-medium":["https:\/\/i0.wp.com\/landioustravel.com\/wp-content\/uploads\/2019\/01\/Boat_trip_Giftun_island_in_Hurghada-e1551839736620.jpg?resize=600%2C676&ssl=1",600,676,true],"newspack-article-block-square-medium":["https:\/\/i0.wp.com\/landioustravel.com\/wp-content\/uploads\/2019\/01\/Boat_trip_Giftun_island_in_Hurghada-e1551839736620.jpg?resize=800%2C676&ssl=1",800,676,true],"newspack-article-block-landscape-intermediate":["https:\/\/i0.wp.com\/landioustravel.com\/wp-content\/uploads\/2019\/01\/Boat_trip_Giftun_island_in_Hurghada-e1551839736620.jpg?resize=600%2C450&ssl=1",600,450,true],"newspack-article-block-portrait-intermediate":["https:\/\/i0.wp.com\/landioustravel.com\/wp-content\/uploads\/2019\/01\/Boat_trip_Giftun_island_in_Hurghada-e1551839736620.jpg?resize=450%2C600&ssl=1",450,600,true],"newspack-article-block-square-intermediate":["https:\/\/i0.wp.com\/landioustravel.com\/wp-content\/uploads\/2019\/01\/Boat_trip_Giftun_island_in_Hurghada-e1551839736620.jpg?resize=600%2C600&ssl=1",600,600,true],"newspack-article-block-landscape-small":["https:\/\/i0.wp.com\/landioustravel.com\/wp-content\/uploads\/2019\/01\/Boat_trip_Giftun_island_in_Hurghada-e1551839736620.jpg?resize=400%2C300&ssl=1",400,300,true],"newspack-article-block-portrait-small":["https:\/\/i0.wp.com\/landioustravel.com\/wp-content\/uploads\/2019\/01\/Boat_trip_Giftun_island_in_Hurghada-e1551839736620.jpg?resize=300%2C400&ssl=1",300,400,true],"newspack-article-block-square-small":["https:\/\/i0.wp.com\/landioustravel.com\/wp-content\/uploads\/2019\/01\/Boat_trip_Giftun_island_in_Hurghada-e1551839736620.jpg?resize=400%2C400&ssl=1",400,400,true],"newspack-article-block-landscape-tiny":["https:\/\/i0.wp.com\/landioustravel.com\/wp-content\/uploads\/2019\/01\/Boat_trip_Giftun_island_in_Hurghada-e1551839736620.jpg?resize=200%2C150&ssl=1",200,150,true],"newspack-article-block-portrait-tiny":["https:\/\/i0.wp.com\/landioustravel.com\/wp-content\/uploads\/2019\/01\/Boat_trip_Giftun_island_in_Hurghada-e1551839736620.jpg?resize=150%2C200&ssl=1",150,200,true],"newspack-article-block-square-tiny":["https:\/\/i0.wp.com\/landioustravel.com\/wp-content\/uploads\/2019\/01\/Boat_trip_Giftun_island_in_Hurghada-e1551839736620.jpg?resize=200%2C200&ssl=1",200,200,true],"newspack-article-block-uncropped":["https:\/\/i0.wp.com\/landioustravel.com\/wp-content\/uploads\/2019\/01\/Boat_trip_Giftun_island_in_Hurghada-e1551839736620.jpg?fit=1200%2C676&ssl=1",1200,676,true],"woocommerce_thumbnail":["https:\/\/i0.wp.com\/landioustravel.com\/wp-content\/uploads\/2019\/01\/Boat_trip_Giftun_island_in_Hurghada-e1551839736620.jpg?resize=324%2C324&ssl=1",324,324,true],"woocommerce_single":["https:\/\/i0.wp.com\/landioustravel.com\/wp-content\/uploads\/2019\/01\/Boat_trip_Giftun_island_in_Hurghada-e1551839736620.jpg?fit=416%2C234&ssl=1",416,234,true],"woocommerce_gallery_thumbnail":["https:\/\/i0.wp.com\/landioustravel.com\/wp-content\/uploads\/2019\/01\/Boat_trip_Giftun_island_in_Hurghada-e1551839736620.jpg?resize=100%2C100&ssl=1",100,100,true]},"uagb_author_info":{"display_name":"Mofreh Landious","author_link":"https:\/\/landioustravel.com\/hu\/author\/"},"uagb_comment_info":7,"uagb_excerpt":"Meg\u00e9rdemel egy kis id\u0151t a laz\u00edt\u00e1sra \u00e9s a kikapcsol\u00f3d\u00e1sra, \u00e9s mi ennek jobb m\u00f3dja, mint egy kir\u00e1ndul\u00e1s a hurghadai Giftun-szigetre? Amikor meg\u00e9rkezik a szigetre, aranyl\u00f3 homok \u00e9s krist\u00e1lytiszta v\u00edz fogadja, t\u00f6k\u00e9letes \u00fasz\u00e1shoz \u00e9s l\u00e9legzetel\u00e1ll\u00edt\u00f3 f\u00e9nyk\u00e9pek k\u00e9sz\u00edt\u00e9s\u00e9hez. Eg\u00e9sz nap \u00e1ll rendelkez\u00e9s\u00e9re, hogy napozzon \u00e9s \u00e9lvezze a Paradicsom-sziget b\u00e9k\u00e9j\u00e9t. Hogy m\u00e9g kellemesebb legyen a napod, az eb\u00e9det&hellip;","jetpack_sharing_enabled":true,"jetpack_likes_enabled":true,"amp_enabled":true,"_links":{"self":[{"href":"https:\/\/landioustravel.com\/hu\/wp-json\/wp\/v2\/product\/17573","targetHints":{"allow":["GET"]}}],"collection":[{"href":"https:\/\/landioustravel.com\/hu\/wp-json\/wp\/v2\/product"}],"about":[{"href":"https:\/\/landioustravel.com\/hu\/wp-json\/wp\/v2\/types\/product"}],"replies":[{"embeddable":true,"href":"https:\/\/landioustravel.com\/hu\/wp-json\/wp\/v2\/comments?post=17573"}],"wp:featuredmedia":[{"embeddable":true,"href":"https:\/\/landioustravel.com\/hu\/wp-json\/wp\/v2\/media\/17574"}],"wp:attachment":[{"href":"https:\/\/landioustravel.com\/hu\/wp-json\/wp\/v2\/media?parent=17573"}],"wp:term":[{"taxonomy":"product_brand","embeddable":true,"href":"https:\/\/landioustravel.com\/hu\/wp-json\/wp\/v2\/product_brand?post=17573"},{"taxonomy":"product_cat","embeddable":true,"href":"https:\/\/landioustravel.com\/hu\/wp-json\/wp\/v2\/product_cat?post=17573"},{"taxonomy":"product_tag","embeddable":true,"href":"https:\/\/landioustravel.com\/hu\/wp-json\/wp\/v2\/product_tag?post=17573"}],"curies":[{"name":"wp","href":"https:\/\/api.w.org\/{rel}","templated":true}]}}