{"id":10164,"date":"2019-07-05T16:06:55","date_gmt":"2019-07-05T14:06:55","guid":{"rendered":"https:\/\/landioustravel.com\/?page_id=10164"},"modified":"2019-07-05T16:07:02","modified_gmt":"2019-07-05T14:07:02","slug":"citta-marsa-alam","status":"publish","type":"page","link":"https:\/\/landioustravel.com\/it\/egitto\/citta-egiziane\/governatorato-bahr-ahmar\/citta-marsa-alam\/","title":{"rendered":"Citt\u00e0 di Marsa Alam"},"content":{"rendered":"\n<p><amp-fit-text layout=\"fixed-height\" min-font-size=\"6\" max-font-size=\"72\" height=\"80\">La Citt\u00e0 di Marsa Alam si estende per circa 540 chilometri lungo il litorale del Mar Rosso, <a href=\"https:\/\/landioustravel.com\/it\/egitto\/citta-egiziane\/governatorato-bahr-ahmar\/\">governatorato di Al-Bahr Al-Ahmar<\/a>, in <a href=\"https:\/\/landioustravel.com\/it\/egitto\/\">Egitto<\/a>. Si trova a 325 km dal governatorato pi\u00f9 vicino (<a href=\"https:\/\/landioustravel.com\/it\/egitto\/citta-egiziane\/governatorato-assuan\/\">Assuan<\/a>) nella valle del Nilo e 365 km a <a href=\"https:\/\/landioustravel.com\/it\/egitto\/citta-egiziane\/governatorato-luxor\/\">Luxor<\/a>. Al-Quseir confina con il nord, con i confini sudanesi a sud, con la costa del Mar Rosso a est e con il governatorato di Aswan a ovest.<\/amp-fit-text><\/p>\n\n\n\n<amp-fit-text layout=\"fixed-height\" min-font-size=\"6\" max-font-size=\"72\" height=\"80\"><h2 class=\"wp-block-heading\">Attivit\u00e0 di Marsa Alam<\/h2><\/amp-fit-text>\n\n\n\n<p><amp-fit-text layout=\"fixed-height\" min-font-size=\"6\" max-font-size=\"72\" height=\"80\">Quindi, ecco un elenco completo delle attivit\u00e0 e delle cose da fare a Marsa Alam, in Egitto. Per tua comodit\u00e0, ho raggruppato queste voci nelle seguenti categorie di base:<\/amp-fit-text><\/p>\n\n\n\n<ul class=\"wp-block-list\"><li>Storia correlati \/ Sightseeing in Marsa Alam<\/li><li> Snorkeling a Marsa Alam<\/li><li> Inoltre, immersioni a Marsa Alam<\/li><\/ul>\n\n\n\n<amp-fit-text layout=\"fixed-height\" min-font-size=\"6\" max-font-size=\"72\" height=\"80\"><h3 class=\"wp-block-heading\">Attivit\u00e0 legate alla storia e alla citt\u00e0<\/h3><\/amp-fit-text>\n\n\n\n<p><amp-fit-text layout=\"fixed-height\" min-font-size=\"6\" max-font-size=\"72\" height=\"80\">La citt\u00e0 di Marsa Alam si trova a 325 km dal governatorato pi\u00f9 vicino (Aswan) nella valle del Nilo ea 365 km da Luxor. Indubbiamente, questa posizione unica aumenta la possibilit\u00e0 di fare una serie di attivit\u00e0 legate alla storia e visite guidate. Permette principalmente ai turisti di visitare i monumenti e le attrazioni nelle citt\u00e0 meridionali di Luxor, <a href=\"https:\/\/landioustravel.com\/it\/egitto\/citta-egiziane\/governatorato-sohag\/\">Sohag<\/a>, <a href=\"https:\/\/landioustravel.com\/it\/egitto\/citta-egiziane\/governatorato-qena\/\">Qena<\/a>, Assuan, \u2026 ecc.<\/amp-fit-text><\/p>\n\n\n\n<p><amp-fit-text layout=\"fixed-height\" min-font-size=\"6\" max-font-size=\"72\" height=\"80\">Di seguito \u00e8 riportato un elenco delle attivit\u00e0 che i turisti possono scegliere. Questo elenco fornisce sia la destinazione che i mezzi di trasporto per ottenere il posto:<\/amp-fit-text><\/p>\n\n\n\n<ul class=\"wp-block-list\"><li><a href=\"https:\/\/landioustravel.com\/it\/product\/viaggio-aereo-cairo-marsa-alam\/\">Viaggio al Cairo da Marsa Alam in aereo<\/a><\/li><li> Inoltre, <a href=\"https:\/\/landioustravel.com\/it\/product\/viaggio-individuale-luxor-marsa-alam\/\">viaggio individuale a Luxor da Marsa Alam<\/a><\/li><\/ul>\n\n\n\n<amp-fit-text layout=\"fixed-height\" min-font-size=\"6\" max-font-size=\"72\" height=\"80\"><h3 class=\"wp-block-heading\">Attivit\u00e0 di snorkeling a Marsa Alam<\/h3><\/amp-fit-text>\n\n\n\n<p><amp-fit-text layout=\"fixed-height\" min-font-size=\"6\" max-font-size=\"72\" height=\"80\">Lo snorkeling \u00e8 un&#8217;attivit\u00e0 ricreativa popolare in Egitto, in particolare nella localit\u00e0 tropicale di Marsa Alam. L&#8217;attrazione principale di questa attivit\u00e0 \u00e8 l&#8217;opportunit\u00e0 di osservare la vita sottomarina in un ambiente naturale senza le complicate attrezzature e l&#8217;addestramento richiesto per le immersioni subacquee. Fa appello a tutte le et\u00e0 a causa del piccolo sforzo necessario.<\/amp-fit-text><\/p>\n\n\n\n<p><amp-fit-text layout=\"fixed-height\" min-font-size=\"6\" max-font-size=\"72\" height=\"80\">Di seguito \u00e8 riportato un elenco delle attivit\u00e0 e dei viaggi in mare a Marsa Alam:<\/amp-fit-text><\/p>\n\n\n\n<ul class=\"wp-block-list\"><li><a href=\"https:\/\/landioustravel.com\/it\/product\/escursione-barca-mubarak-marsa-alam\/\">Snorkeling Trip to Marsa Mubarak di Marsa Alam<\/a><\/li><li> Inoltre, <a href=\"https:\/\/landioustravel.com\/it\/product\/viaggio-mare-delfini-sataya-marsa-alam\/\">gita in mare a Dolphin Reef Sataya da Marsa Alam<\/a><\/li><\/ul>\n","protected":false},"excerpt":{"rendered":"<p>La Citt\u00e0 di Marsa Alam si estende per circa 540 chilometri lungo il litorale del Mar Rosso, governatorato di Al-Bahr Al-Ahmar, in Egitto. Si trova a 325 km dal governatorato pi\u00f9 vicino (Assuan) nella valle del Nilo e 365 km a Luxor. Al-Quseir confina con il nord, con i confini sudanesi a sud, con la [&hellip;]<\/p>\n","protected":false},"author":1,"featured_media":4248,"parent":3556,"menu_order":0,"comment_status":"open","ping_status":"closed","template":"","meta":{"_coblocks_attr":"","_coblocks_dimensions":"","_coblocks_responsive_height":"","_coblocks_accordion_ie_support":"","_uag_custom_page_level_css":"","footnotes":""},"class_list":["post-10164","page","type-page","status-publish","has-post-thumbnail","hentry"],"yoast_head":"<!-- This site is optimized with the Yoast SEO Premium plugin v27.5 (Yoast SEO v27.5) - https:\/\/yoast.com\/product\/yoast-seo-premium-wordpress\/ -->\n<title>Citt\u00e0 di Marsa Alam<\/title>\n<meta name=\"description\" content=\"Citt\u00e0 di Marsa Alam\" \/>\n<meta name=\"robots\" content=\"index, follow, max-snippet:-1, max-image-preview:large, max-video-preview:-1\" \/>\n<link rel=\"canonical\" href=\"https:\/\/landioustravel.com\/it\/egitto\/citta-egiziane\/governatorato-bahr-ahmar\/citta-marsa-alam\/\" \/>\n<meta property=\"og:locale\" content=\"it_IT\" \/>\n<meta property=\"og:type\" content=\"article\" \/>\n<meta property=\"og:title\" content=\"Citt\u00e0 di Marsa Alam\" \/>\n<meta property=\"og:description\" content=\"Citt\u00e0 di Marsa Alam\" \/>\n<meta property=\"og:url\" content=\"https:\/\/landioustravel.com\/it\/egitto\/citta-egiziane\/governatorato-bahr-ahmar\/citta-marsa-alam\/\" \/>\n<meta property=\"og:site_name\" content=\"Landious Travel\" \/>\n<meta property=\"article:publisher\" content=\"https:\/\/web.facebook.com\/landiousEgypt\" \/>\n<meta property=\"article:modified_time\" content=\"2019-07-05T14:07:02+00:00\" \/>\n<meta property=\"og:image\" content=\"https:\/\/i0.wp.com\/landioustravel.com\/wp-content\/uploads\/2019\/04\/abu_dabab_beach.jpg?fit=945%2C533&ssl=1\" \/>\n\t<meta property=\"og:image:width\" content=\"945\" \/>\n\t<meta property=\"og:image:height\" content=\"533\" \/>\n\t<meta property=\"og:image:type\" content=\"image\/jpeg\" \/>\n<meta name=\"twitter:card\" content=\"summary_large_image\" \/>\n<meta name=\"twitter:site\" content=\"@LandiousTours\" \/>\n<meta name=\"twitter:label1\" content=\"Tempo di lettura stimato\" \/>\n\t<meta name=\"twitter:data1\" content=\"2 minuti\" \/>\n<script type=\"application\/ld+json\" class=\"yoast-schema-graph\">{\"@context\":\"https:\\\/\\\/schema.org\",\"@graph\":[{\"@type\":\"WebPage\",\"@id\":\"https:\\\/\\\/landioustravel.com\\\/it\\\/egitto\\\/citta-egiziane\\\/governatorato-bahr-ahmar\\\/citta-marsa-alam\\\/\",\"url\":\"https:\\\/\\\/landioustravel.com\\\/it\\\/egitto\\\/citta-egiziane\\\/governatorato-bahr-ahmar\\\/citta-marsa-alam\\\/\",\"name\":\"Citt\u00e0 di Marsa Alam\",\"isPartOf\":{\"@id\":\"https:\\\/\\\/landioustravel.com\\\/it\\\/#website\"},\"primaryImageOfPage\":{\"@id\":\"https:\\\/\\\/landioustravel.com\\\/it\\\/egitto\\\/citta-egiziane\\\/governatorato-bahr-ahmar\\\/citta-marsa-alam\\\/#primaryimage\"},\"image\":{\"@id\":\"https:\\\/\\\/landioustravel.com\\\/it\\\/egitto\\\/citta-egiziane\\\/governatorato-bahr-ahmar\\\/citta-marsa-alam\\\/#primaryimage\"},\"thumbnailUrl\":\"https:\\\/\\\/i0.wp.com\\\/landioustravel.com\\\/wp-content\\\/uploads\\\/2019\\\/04\\\/abu_dabab_beach.jpg?fit=945%2C533&ssl=1\",\"datePublished\":\"2019-07-05T14:06:55+00:00\",\"dateModified\":\"2019-07-05T14:07:02+00:00\",\"description\":\"Citt\u00e0 di Marsa Alam\",\"breadcrumb\":{\"@id\":\"https:\\\/\\\/landioustravel.com\\\/it\\\/egitto\\\/citta-egiziane\\\/governatorato-bahr-ahmar\\\/citta-marsa-alam\\\/#breadcrumb\"},\"inLanguage\":\"it-IT\",\"potentialAction\":[{\"@type\":\"ReadAction\",\"target\":[\"https:\\\/\\\/landioustravel.com\\\/it\\\/egitto\\\/citta-egiziane\\\/governatorato-bahr-ahmar\\\/citta-marsa-alam\\\/\"]}]},{\"@type\":\"ImageObject\",\"inLanguage\":\"it-IT\",\"@id\":\"https:\\\/\\\/landioustravel.com\\\/it\\\/egitto\\\/citta-egiziane\\\/governatorato-bahr-ahmar\\\/citta-marsa-alam\\\/#primaryimage\",\"url\":\"https:\\\/\\\/i0.wp.com\\\/landioustravel.com\\\/wp-content\\\/uploads\\\/2019\\\/04\\\/abu_dabab_beach.jpg?fit=945%2C533&ssl=1\",\"contentUrl\":\"https:\\\/\\\/i0.wp.com\\\/landioustravel.com\\\/wp-content\\\/uploads\\\/2019\\\/04\\\/abu_dabab_beach.jpg?fit=945%2C533&ssl=1\",\"width\":945,\"height\":533,\"caption\":\"Excursion to Abu Daba Beach from Hurghada\"},{\"@type\":\"BreadcrumbList\",\"@id\":\"https:\\\/\\\/landioustravel.com\\\/it\\\/egitto\\\/citta-egiziane\\\/governatorato-bahr-ahmar\\\/citta-marsa-alam\\\/#breadcrumb\",\"itemListElement\":[{\"@type\":\"ListItem\",\"position\":1,\"name\":\"Home\",\"item\":\"https:\\\/\\\/landioustravel.com\\\/it\\\/\"},{\"@type\":\"ListItem\",\"position\":2,\"name\":\"Egitto\",\"item\":\"https:\\\/\\\/landioustravel.com\\\/it\\\/egitto\\\/\"},{\"@type\":\"ListItem\",\"position\":3,\"name\":\"Citt\u00e0 egiziane\",\"item\":\"https:\\\/\\\/landioustravel.com\\\/it\\\/egitto\\\/citta-egiziane\\\/\"},{\"@type\":\"ListItem\",\"position\":4,\"name\":\"Governatorato di Al-Bahr Al-Ahmar\",\"item\":\"https:\\\/\\\/landioustravel.com\\\/it\\\/egitto\\\/citta-egiziane\\\/governatorato-bahr-ahmar\\\/\"},{\"@type\":\"ListItem\",\"position\":5,\"name\":\"Citt\u00e0 di Marsa Alam\"}]},{\"@type\":\"WebSite\",\"@id\":\"https:\\\/\\\/landioustravel.com\\\/it\\\/#website\",\"url\":\"https:\\\/\\\/landioustravel.com\\\/it\\\/\",\"name\":\"Landious Travel\",\"description\":\"Excursions, trips and cruises in Egypt\",\"publisher\":{\"@id\":\"https:\\\/\\\/landioustravel.com\\\/it\\\/#organization\"},\"potentialAction\":[{\"@type\":\"SearchAction\",\"target\":{\"@type\":\"EntryPoint\",\"urlTemplate\":\"https:\\\/\\\/landioustravel.com\\\/it\\\/?s={search_term_string}\"},\"query-input\":{\"@type\":\"PropertyValueSpecification\",\"valueRequired\":true,\"valueName\":\"search_term_string\"}}],\"inLanguage\":\"it-IT\"},{\"@type\":[\"Organization\",\"Place\"],\"@id\":\"https:\\\/\\\/landioustravel.com\\\/it\\\/#organization\",\"name\":\"Landious Travel\",\"alternateName\":\"Landious Travel\",\"url\":\"https:\\\/\\\/landioustravel.com\\\/it\\\/\",\"logo\":{\"@id\":\"https:\\\/\\\/landioustravel.com\\\/it\\\/egitto\\\/citta-egiziane\\\/governatorato-bahr-ahmar\\\/citta-marsa-alam\\\/#local-main-organization-logo\"},\"image\":{\"@id\":\"https:\\\/\\\/landioustravel.com\\\/it\\\/egitto\\\/citta-egiziane\\\/governatorato-bahr-ahmar\\\/citta-marsa-alam\\\/#local-main-organization-logo\"},\"sameAs\":[\"https:\\\/\\\/web.facebook.com\\\/landiousEgypt\",\"https:\\\/\\\/x.com\\\/LandiousTours\",\"https:\\\/\\\/mastodon.social\\\/@landious\"],\"legalName\":\"Landious Travel\",\"telephone\":[],\"openingHoursSpecification\":[{\"@type\":\"OpeningHoursSpecification\",\"dayOfWeek\":[\"Monday\",\"Tuesday\",\"Wednesday\",\"Thursday\",\"Friday\",\"Saturday\",\"Sunday\"],\"opens\":\"09:00\",\"closes\":\"17:00\"}]},{\"@type\":\"ImageObject\",\"inLanguage\":\"it-IT\",\"@id\":\"https:\\\/\\\/landioustravel.com\\\/it\\\/egitto\\\/citta-egiziane\\\/governatorato-bahr-ahmar\\\/citta-marsa-alam\\\/#local-main-organization-logo\",\"url\":\"https:\\\/\\\/i0.wp.com\\\/landioustravel.com\\\/wp-content\\\/uploads\\\/2021\\\/06\\\/Landious-T.png?fit=500%2C500&ssl=1\",\"contentUrl\":\"https:\\\/\\\/i0.wp.com\\\/landioustravel.com\\\/wp-content\\\/uploads\\\/2021\\\/06\\\/Landious-T.png?fit=500%2C500&ssl=1\",\"width\":500,\"height\":500,\"caption\":\"Landious Travel\"}]}<\/script>\n<!-- \/ Yoast SEO Premium plugin. -->","yoast_head_json":{"title":"Citt\u00e0 di Marsa Alam","description":"Citt\u00e0 di Marsa Alam","robots":{"index":"index","follow":"follow","max-snippet":"max-snippet:-1","max-image-preview":"max-image-preview:large","max-video-preview":"max-video-preview:-1"},"canonical":"https:\/\/landioustravel.com\/it\/egitto\/citta-egiziane\/governatorato-bahr-ahmar\/citta-marsa-alam\/","og_locale":"it_IT","og_type":"article","og_title":"Citt\u00e0 di Marsa Alam","og_description":"Citt\u00e0 di Marsa Alam","og_url":"https:\/\/landioustravel.com\/it\/egitto\/citta-egiziane\/governatorato-bahr-ahmar\/citta-marsa-alam\/","og_site_name":"Landious Travel","article_publisher":"https:\/\/web.facebook.com\/landiousEgypt","article_modified_time":"2019-07-05T14:07:02+00:00","og_image":[{"width":945,"height":533,"url":"https:\/\/i0.wp.com\/landioustravel.com\/wp-content\/uploads\/2019\/04\/abu_dabab_beach.jpg?fit=945%2C533&ssl=1","type":"image\/jpeg"}],"twitter_card":"summary_large_image","twitter_site":"@LandiousTours","twitter_misc":{"Tempo di lettura stimato":"2 minuti"},"schema":{"@context":"https:\/\/schema.org","@graph":[{"@type":"WebPage","@id":"https:\/\/landioustravel.com\/it\/egitto\/citta-egiziane\/governatorato-bahr-ahmar\/citta-marsa-alam\/","url":"https:\/\/landioustravel.com\/it\/egitto\/citta-egiziane\/governatorato-bahr-ahmar\/citta-marsa-alam\/","name":"Citt\u00e0 di Marsa Alam","isPartOf":{"@id":"https:\/\/landioustravel.com\/it\/#website"},"primaryImageOfPage":{"@id":"https:\/\/landioustravel.com\/it\/egitto\/citta-egiziane\/governatorato-bahr-ahmar\/citta-marsa-alam\/#primaryimage"},"image":{"@id":"https:\/\/landioustravel.com\/it\/egitto\/citta-egiziane\/governatorato-bahr-ahmar\/citta-marsa-alam\/#primaryimage"},"thumbnailUrl":"https:\/\/i0.wp.com\/landioustravel.com\/wp-content\/uploads\/2019\/04\/abu_dabab_beach.jpg?fit=945%2C533&ssl=1","datePublished":"2019-07-05T14:06:55+00:00","dateModified":"2019-07-05T14:07:02+00:00","description":"Citt\u00e0 di Marsa Alam","breadcrumb":{"@id":"https:\/\/landioustravel.com\/it\/egitto\/citta-egiziane\/governatorato-bahr-ahmar\/citta-marsa-alam\/#breadcrumb"},"inLanguage":"it-IT","potentialAction":[{"@type":"ReadAction","target":["https:\/\/landioustravel.com\/it\/egitto\/citta-egiziane\/governatorato-bahr-ahmar\/citta-marsa-alam\/"]}]},{"@type":"ImageObject","inLanguage":"it-IT","@id":"https:\/\/landioustravel.com\/it\/egitto\/citta-egiziane\/governatorato-bahr-ahmar\/citta-marsa-alam\/#primaryimage","url":"https:\/\/i0.wp.com\/landioustravel.com\/wp-content\/uploads\/2019\/04\/abu_dabab_beach.jpg?fit=945%2C533&ssl=1","contentUrl":"https:\/\/i0.wp.com\/landioustravel.com\/wp-content\/uploads\/2019\/04\/abu_dabab_beach.jpg?fit=945%2C533&ssl=1","width":945,"height":533,"caption":"Excursion to Abu Daba Beach from Hurghada"},{"@type":"BreadcrumbList","@id":"https:\/\/landioustravel.com\/it\/egitto\/citta-egiziane\/governatorato-bahr-ahmar\/citta-marsa-alam\/#breadcrumb","itemListElement":[{"@type":"ListItem","position":1,"name":"Home","item":"https:\/\/landioustravel.com\/it\/"},{"@type":"ListItem","position":2,"name":"Egitto","item":"https:\/\/landioustravel.com\/it\/egitto\/"},{"@type":"ListItem","position":3,"name":"Citt\u00e0 egiziane","item":"https:\/\/landioustravel.com\/it\/egitto\/citta-egiziane\/"},{"@type":"ListItem","position":4,"name":"Governatorato di Al-Bahr Al-Ahmar","item":"https:\/\/landioustravel.com\/it\/egitto\/citta-egiziane\/governatorato-bahr-ahmar\/"},{"@type":"ListItem","position":5,"name":"Citt\u00e0 di Marsa Alam"}]},{"@type":"WebSite","@id":"https:\/\/landioustravel.com\/it\/#website","url":"https:\/\/landioustravel.com\/it\/","name":"Landious Travel","description":"Excursions, trips and cruises in Egypt","publisher":{"@id":"https:\/\/landioustravel.com\/it\/#organization"},"potentialAction":[{"@type":"SearchAction","target":{"@type":"EntryPoint","urlTemplate":"https:\/\/landioustravel.com\/it\/?s={search_term_string}"},"query-input":{"@type":"PropertyValueSpecification","valueRequired":true,"valueName":"search_term_string"}}],"inLanguage":"it-IT"},{"@type":["Organization","Place"],"@id":"https:\/\/landioustravel.com\/it\/#organization","name":"Landious Travel","alternateName":"Landious Travel","url":"https:\/\/landioustravel.com\/it\/","logo":{"@id":"https:\/\/landioustravel.com\/it\/egitto\/citta-egiziane\/governatorato-bahr-ahmar\/citta-marsa-alam\/#local-main-organization-logo"},"image":{"@id":"https:\/\/landioustravel.com\/it\/egitto\/citta-egiziane\/governatorato-bahr-ahmar\/citta-marsa-alam\/#local-main-organization-logo"},"sameAs":["https:\/\/web.facebook.com\/landiousEgypt","https:\/\/x.com\/LandiousTours","https:\/\/mastodon.social\/@landious"],"legalName":"Landious Travel","telephone":[],"openingHoursSpecification":[{"@type":"OpeningHoursSpecification","dayOfWeek":["Monday","Tuesday","Wednesday","Thursday","Friday","Saturday","Sunday"],"opens":"09:00","closes":"17:00"}]},{"@type":"ImageObject","inLanguage":"it-IT","@id":"https:\/\/landioustravel.com\/it\/egitto\/citta-egiziane\/governatorato-bahr-ahmar\/citta-marsa-alam\/#local-main-organization-logo","url":"https:\/\/i0.wp.com\/landioustravel.com\/wp-content\/uploads\/2021\/06\/Landious-T.png?fit=500%2C500&ssl=1","contentUrl":"https:\/\/i0.wp.com\/landioustravel.com\/wp-content\/uploads\/2021\/06\/Landious-T.png?fit=500%2C500&ssl=1","width":500,"height":500,"caption":"Landious Travel"}]}},"uagb_featured_image_src":{"full":["https:\/\/i0.wp.com\/landioustravel.com\/wp-content\/uploads\/2019\/04\/abu_dabab_beach.jpg?fit=945%2C533&ssl=1",945,533,false],"thumbnail":["https:\/\/i0.wp.com\/landioustravel.com\/wp-content\/uploads\/2019\/04\/abu_dabab_beach.jpg?resize=150%2C150&ssl=1",150,150,true],"medium":["https:\/\/i0.wp.com\/landioustravel.com\/wp-content\/uploads\/2019\/04\/abu_dabab_beach.jpg?fit=300%2C169&ssl=1",300,169,true],"medium_large":["https:\/\/i0.wp.com\/landioustravel.com\/wp-content\/uploads\/2019\/04\/abu_dabab_beach.jpg?fit=768%2C433&ssl=1",768,433,true],"large":["https:\/\/i0.wp.com\/landioustravel.com\/wp-content\/uploads\/2019\/04\/abu_dabab_beach.jpg?fit=945%2C533&ssl=1",945,533,true],"1536x1536":["https:\/\/i0.wp.com\/landioustravel.com\/wp-content\/uploads\/2019\/04\/abu_dabab_beach.jpg?fit=945%2C533&ssl=1",945,533,true],"2048x2048":["https:\/\/i0.wp.com\/landioustravel.com\/wp-content\/uploads\/2019\/04\/abu_dabab_beach.jpg?fit=945%2C533&ssl=1",945,533,true],"newspack-article-block-landscape-large":["https:\/\/i0.wp.com\/landioustravel.com\/wp-content\/uploads\/2019\/04\/abu_dabab_beach.jpg?resize=945%2C533&ssl=1",945,533,true],"newspack-article-block-portrait-large":["https:\/\/i0.wp.com\/landioustravel.com\/wp-content\/uploads\/2019\/04\/abu_dabab_beach.jpg?resize=900%2C533&ssl=1",900,533,true],"newspack-article-block-square-large":["https:\/\/i0.wp.com\/landioustravel.com\/wp-content\/uploads\/2019\/04\/abu_dabab_beach.jpg?resize=945%2C533&ssl=1",945,533,true],"newspack-article-block-landscape-medium":["https:\/\/i0.wp.com\/landioustravel.com\/wp-content\/uploads\/2019\/04\/abu_dabab_beach.jpg?resize=800%2C533&ssl=1",800,533,true],"newspack-article-block-portrait-medium":["https:\/\/i0.wp.com\/landioustravel.com\/wp-content\/uploads\/2019\/04\/abu_dabab_beach.jpg?resize=600%2C533&ssl=1",600,533,true],"newspack-article-block-square-medium":["https:\/\/i0.wp.com\/landioustravel.com\/wp-content\/uploads\/2019\/04\/abu_dabab_beach.jpg?resize=800%2C533&ssl=1",800,533,true],"newspack-article-block-landscape-intermediate":["https:\/\/i0.wp.com\/landioustravel.com\/wp-content\/uploads\/2019\/04\/abu_dabab_beach.jpg?resize=600%2C450&ssl=1",600,450,true],"newspack-article-block-portrait-intermediate":["https:\/\/i0.wp.com\/landioustravel.com\/wp-content\/uploads\/2019\/04\/abu_dabab_beach.jpg?resize=450%2C533&ssl=1",450,533,true],"newspack-article-block-square-intermediate":["https:\/\/i0.wp.com\/landioustravel.com\/wp-content\/uploads\/2019\/04\/abu_dabab_beach.jpg?resize=600%2C533&ssl=1",600,533,true],"newspack-article-block-landscape-small":["https:\/\/i0.wp.com\/landioustravel.com\/wp-content\/uploads\/2019\/04\/abu_dabab_beach.jpg?resize=400%2C300&ssl=1",400,300,true],"newspack-article-block-portrait-small":["https:\/\/i0.wp.com\/landioustravel.com\/wp-content\/uploads\/2019\/04\/abu_dabab_beach.jpg?resize=300%2C400&ssl=1",300,400,true],"newspack-article-block-square-small":["https:\/\/i0.wp.com\/landioustravel.com\/wp-content\/uploads\/2019\/04\/abu_dabab_beach.jpg?resize=400%2C400&ssl=1",400,400,true],"newspack-article-block-landscape-tiny":["https:\/\/i0.wp.com\/landioustravel.com\/wp-content\/uploads\/2019\/04\/abu_dabab_beach.jpg?resize=200%2C150&ssl=1",200,150,true],"newspack-article-block-portrait-tiny":["https:\/\/i0.wp.com\/landioustravel.com\/wp-content\/uploads\/2019\/04\/abu_dabab_beach.jpg?resize=150%2C200&ssl=1",150,200,true],"newspack-article-block-square-tiny":["https:\/\/i0.wp.com\/landioustravel.com\/wp-content\/uploads\/2019\/04\/abu_dabab_beach.jpg?resize=200%2C200&ssl=1",200,200,true],"newspack-article-block-uncropped":["https:\/\/i0.wp.com\/landioustravel.com\/wp-content\/uploads\/2019\/04\/abu_dabab_beach.jpg?fit=945%2C533&ssl=1",945,533,true],"woocommerce_thumbnail":["https:\/\/i0.wp.com\/landioustravel.com\/wp-content\/uploads\/2019\/04\/abu_dabab_beach.jpg?resize=324%2C324&ssl=1",324,324,true],"woocommerce_single":["https:\/\/i0.wp.com\/landioustravel.com\/wp-content\/uploads\/2019\/04\/abu_dabab_beach.jpg?fit=416%2C235&ssl=1",416,235,true],"woocommerce_gallery_thumbnail":["https:\/\/i0.wp.com\/landioustravel.com\/wp-content\/uploads\/2019\/04\/abu_dabab_beach.jpg?resize=100%2C100&ssl=1",100,100,true]},"uagb_author_info":{"display_name":"Mofreh Landious","author_link":"https:\/\/landioustravel.com\/it\/author\/landious\/"},"uagb_comment_info":0,"uagb_excerpt":"La Citt\u00e0 di Marsa Alam si estende per circa 540 chilometri lungo il litorale del Mar Rosso, governatorato di Al-Bahr Al-Ahmar, in Egitto. Si trova a 325 km dal governatorato pi\u00f9 vicino (Assuan) nella valle del Nilo e 365 km a Luxor. Al-Quseir confina con il nord, con i confini sudanesi a sud, con la&hellip;","jetpack_sharing_enabled":true,"jetpack_shortlink":"https:\/\/wp.me\/Par4r5-2DW","jetpack_likes_enabled":true,"amp_enabled":true,"_links":{"self":[{"href":"https:\/\/landioustravel.com\/it\/wp-json\/wp\/v2\/pages\/10164","targetHints":{"allow":["GET"]}}],"collection":[{"href":"https:\/\/landioustravel.com\/it\/wp-json\/wp\/v2\/pages"}],"about":[{"href":"https:\/\/landioustravel.com\/it\/wp-json\/wp\/v2\/types\/page"}],"author":[{"embeddable":true,"href":"https:\/\/landioustravel.com\/it\/wp-json\/wp\/v2\/users\/1"}],"replies":[{"embeddable":true,"href":"https:\/\/landioustravel.com\/it\/wp-json\/wp\/v2\/comments?post=10164"}],"version-history":[{"count":0,"href":"https:\/\/landioustravel.com\/it\/wp-json\/wp\/v2\/pages\/10164\/revisions"}],"up":[{"embeddable":true,"href":"https:\/\/landioustravel.com\/it\/wp-json\/wp\/v2\/pages\/3556"}],"wp:featuredmedia":[{"embeddable":true,"href":"https:\/\/landioustravel.com\/it\/wp-json\/wp\/v2\/media\/4248"}],"wp:attachment":[{"href":"https:\/\/landioustravel.com\/it\/wp-json\/wp\/v2\/media?parent=10164"}],"curies":[{"name":"wp","href":"https:\/\/api.w.org\/{rel}","templated":true}]}}