{"id":1434,"date":"2019-01-24T02:02:09","date_gmt":"2019-01-24T00:02:09","guid":{"rendered":"https:\/\/landioustravel.com\/riguardo-a-noi\/"},"modified":"2019-07-12T19:44:05","modified_gmt":"2019-07-12T17:44:05","slug":"riguardo-a-noi","status":"publish","type":"page","link":"https:\/\/landioustravel.com\/it\/riguardo-a-noi\/","title":{"rendered":"Riguardo a noi"},"content":{"rendered":"\n<p><amp-fit-text layout=\"fixed-height\" min-font-size=\"14\" max-font-size=\"48\" height=\"50\">Landious Travel \u00e8 una compagnia turistica che opera in <a href=\"https:\/\/landioustravel.com\/it\/egitto\/\">Egitto<\/a>. L&#8217;azienda offre i suoi <a href=\"https:\/\/landioustravel.com\/it\/\">servizi<\/a> turistici in tutte le localit\u00e0 del paese, ad esempio <a href=\"https:\/\/landioustravel.com\/it\/citta-hurghada\/\">Hurghada<\/a>, <a href=\"https:\/\/landioustravel.com\/it\/citta-safaga\/\">Safaga<\/a>, El-Quseir, <a href=\"https:\/\/landioustravel.com\/it\/citta-marsa-alam\/\">Marsa Alam<\/a>, <a href=\"https:\/\/landioustravel.com\/it\/citta-sharm-sheikh\/\">Sharm El-Sheikh<\/a> e Taba. Inoltre, offriamo i nostri servizi nelle citt\u00e0 di <a href=\"https:\/\/landioustravel.com\/it\/egitto\/citta-egiziane\/governatorato-cairo\/\">Cairo<\/a>, <a href=\"https:\/\/landioustravel.com\/it\/egitto\/citta-egiziane\/governatorato-assuan\/\">Assuan<\/a> e <a href=\"https:\/\/landioustravel.com\/it\/egitto\/citta-egiziane\/governatorato-luxor\/\">Luxor<\/a>.<\/amp-fit-text><\/p>\n\n\n\n<p><amp-fit-text layout=\"fixed-height\" min-font-size=\"14\" max-font-size=\"48\" height=\"50\">Lavoriamo giorno e notte per soddisfare i nostri clienti e sviluppare i servizi ricevuti attraverso di noi. Di seguito sono riportati alcuni motivi per cui i turisti preferiscono utilizzare Landious Travel:<\/amp-fit-text><\/p>\n\n\n\n<ul class=\"wp-block-list\"><li>Esperienza: i turisti scelgono la nostra compagnia per il fatto che lavoriamo professionalmente da 15 anni<\/li><li>Fiducia: i turisti hanno scritto recensioni meravigliose su di noi perch\u00e9 tutto \u00e8 organizzato ad alto livello<\/li><li>Il livello dei servizi: i turisti ricevono le impressioni e le emozioni pi\u00f9 vere perch\u00e9 tutto \u00e8 pensato nei minimi dettagli<\/li><li>Prezzi convenienti: la nostra azienda aiuta i turisti a ottenere servizi ai prezzi pi\u00f9 bassi.<\/li><li>Puntualit\u00e0: organizziamo in modo molto chiaro i nostri servizi in modo che i turisti non passino il tempo ad aspettare<\/li><li>Servizio di assistenza: il nostro team lavora quotidianamente, giorno e notte, in modo che i nostri clienti possano <a href=\"https:\/\/landioustravel.com\/it\/contatti\/\">contattarci in qualsiasi momento<\/a>.<\/li><li>Elenco dei servizi: nella lista dei nostri servizi, i turisti troveranno trasferimenti verso varie <a href=\"https:\/\/landioustravel.com\/it\/egitto\/citta-egiziane\/\">citt\u00e0<\/a> e resort dell&#8217;Egitto, una vasta selezione di <a href=\"https:\/\/landioustravel.com\/it\/egitto\/escursioni\/\">escursioni individuali e di gruppo<\/a>, il noleggio di yacht e l&#8217;acquisto di souvenir<\/li><\/ul>\n","protected":false},"excerpt":{"rendered":"<p>Elenco dei servizi: nella lista dei nostri servizi, i turisti troveranno trasferimenti in diverse citt\u00e0 e resort dell&#8217;Egitto, un&#8217;ampia selezione di escursioni individuali e di gruppo, noleggio di yacht e acquisto di souvenir<\/p>\n","protected":false},"author":1,"featured_media":1435,"parent":0,"menu_order":0,"comment_status":"open","ping_status":"closed","template":"","meta":{"_coblocks_attr":"","_coblocks_dimensions":"","_coblocks_responsive_height":"","_coblocks_accordion_ie_support":"","_uag_custom_page_level_css":"","footnotes":""},"class_list":["post-1434","page","type-page","status-publish","has-post-thumbnail","hentry"],"yoast_head":"<!-- This site is optimized with the Yoast SEO Premium plugin v27.5 (Yoast SEO v27.5) - https:\/\/yoast.com\/product\/yoast-seo-premium-wordpress\/ -->\n<title>Informazioni sulla compagnia di viaggio Landious Travel<\/title>\n<meta name=\"description\" content=\"I turisti scelgono la compagnia Landious Travel perch\u00e9 lavoriamo professionalmente nel settore del turismo. Inoltre, sono state scritte ottime recensioni su di noi\" \/>\n<meta name=\"robots\" content=\"index, follow, max-snippet:-1, max-image-preview:large, max-video-preview:-1\" \/>\n<link rel=\"canonical\" href=\"https:\/\/landioustravel.com\/it\/riguardo-a-noi\/\" \/>\n<meta property=\"og:locale\" content=\"it_IT\" \/>\n<meta property=\"og:type\" content=\"article\" \/>\n<meta property=\"og:title\" content=\"Riguardo a noi\" \/>\n<meta property=\"og:description\" content=\"I turisti scelgono la compagnia Landious Travel perch\u00e9 lavoriamo professionalmente nel settore del turismo. Inoltre, sono state scritte ottime recensioni su di noi\" \/>\n<meta property=\"og:url\" content=\"https:\/\/landioustravel.com\/it\/riguardo-a-noi\/\" \/>\n<meta property=\"og:site_name\" content=\"Landious Travel\" \/>\n<meta property=\"article:publisher\" content=\"https:\/\/web.facebook.com\/landiousEgypt\" \/>\n<meta property=\"article:modified_time\" content=\"2019-07-12T17:44:05+00:00\" \/>\n<meta property=\"og:image\" content=\"https:\/\/i0.wp.com\/landioustravel.com\/wp-content\/uploads\/2018\/11\/\u043b\u0430\u043d\u0434\u0438\u0443\u0441_\u0442\u0440\u0435\u0432\u0435\u043b_\u043e_\u043a\u043e\u043c\u043f\u0430\u043d\u0438\u0438-2406916362-1542205494438-e1601068982321.jpg?fit=1200%2C642&ssl=1\" \/>\n\t<meta property=\"og:image:width\" content=\"1200\" \/>\n\t<meta property=\"og:image:height\" content=\"642\" \/>\n\t<meta property=\"og:image:type\" content=\"image\/jpeg\" \/>\n<meta name=\"twitter:card\" content=\"summary_large_image\" \/>\n<meta name=\"twitter:site\" content=\"@LandiousTours\" \/>\n<meta name=\"twitter:label1\" content=\"Tempo di lettura stimato\" \/>\n\t<meta name=\"twitter:data1\" content=\"1 minuto\" \/>\n<script type=\"application\/ld+json\" class=\"yoast-schema-graph\">{\"@context\":\"https:\\\/\\\/schema.org\",\"@graph\":[{\"@type\":\"WebPage\",\"@id\":\"https:\\\/\\\/landioustravel.com\\\/it\\\/riguardo-a-noi\\\/\",\"url\":\"https:\\\/\\\/landioustravel.com\\\/it\\\/riguardo-a-noi\\\/\",\"name\":\"Informazioni sulla compagnia di viaggio Landious Travel\",\"isPartOf\":{\"@id\":\"https:\\\/\\\/landioustravel.com\\\/it\\\/#website\"},\"primaryImageOfPage\":{\"@id\":\"https:\\\/\\\/landioustravel.com\\\/it\\\/riguardo-a-noi\\\/#primaryimage\"},\"image\":{\"@id\":\"https:\\\/\\\/landioustravel.com\\\/it\\\/riguardo-a-noi\\\/#primaryimage\"},\"thumbnailUrl\":\"https:\\\/\\\/i0.wp.com\\\/landioustravel.com\\\/wp-content\\\/uploads\\\/2018\\\/11\\\/%D0%BB%D0%B0%D0%BD%D0%B4%D0%B8%D1%83%D1%81_%D1%82%D1%80%D0%B5%D0%B2%D0%B5%D0%BB_%D0%BE_%D0%BA%D0%BE%D0%BC%D0%BF%D0%B0%D0%BD%D0%B8%D0%B8-2406916362-1542205494438-e1601068982321.jpg?fit=1200%2C642&ssl=1\",\"datePublished\":\"2019-01-24T00:02:09+00:00\",\"dateModified\":\"2019-07-12T17:44:05+00:00\",\"description\":\"I turisti scelgono la compagnia Landious Travel perch\u00e9 lavoriamo professionalmente nel settore del turismo. Inoltre, sono state scritte ottime recensioni su di noi\",\"breadcrumb\":{\"@id\":\"https:\\\/\\\/landioustravel.com\\\/it\\\/riguardo-a-noi\\\/#breadcrumb\"},\"inLanguage\":\"it-IT\",\"potentialAction\":[{\"@type\":\"ReadAction\",\"target\":[\"https:\\\/\\\/landioustravel.com\\\/it\\\/riguardo-a-noi\\\/\"]}]},{\"@type\":\"ImageObject\",\"inLanguage\":\"it-IT\",\"@id\":\"https:\\\/\\\/landioustravel.com\\\/it\\\/riguardo-a-noi\\\/#primaryimage\",\"url\":\"https:\\\/\\\/i0.wp.com\\\/landioustravel.com\\\/wp-content\\\/uploads\\\/2018\\\/11\\\/%D0%BB%D0%B0%D0%BD%D0%B4%D0%B8%D1%83%D1%81_%D1%82%D1%80%D0%B5%D0%B2%D0%B5%D0%BB_%D0%BE_%D0%BA%D0%BE%D0%BC%D0%BF%D0%B0%D0%BD%D0%B8%D0%B8-2406916362-1542205494438-e1601068982321.jpg?fit=1200%2C642&ssl=1\",\"contentUrl\":\"https:\\\/\\\/i0.wp.com\\\/landioustravel.com\\\/wp-content\\\/uploads\\\/2018\\\/11\\\/%D0%BB%D0%B0%D0%BD%D0%B4%D0%B8%D1%83%D1%81_%D1%82%D1%80%D0%B5%D0%B2%D0%B5%D0%BB_%D0%BE_%D0%BA%D0%BE%D0%BC%D0%BF%D0%B0%D0%BD%D0%B8%D0%B8-2406916362-1542205494438-e1601068982321.jpg?fit=1200%2C642&ssl=1\",\"width\":1200,\"height\":642,\"caption\":\"Informazioni sulla compagnia di viaggio Landious Travel\"},{\"@type\":\"BreadcrumbList\",\"@id\":\"https:\\\/\\\/landioustravel.com\\\/it\\\/riguardo-a-noi\\\/#breadcrumb\",\"itemListElement\":[{\"@type\":\"ListItem\",\"position\":1,\"name\":\"Home\",\"item\":\"https:\\\/\\\/landioustravel.com\\\/it\\\/\"},{\"@type\":\"ListItem\",\"position\":2,\"name\":\"Riguardo a noi\"}]},{\"@type\":\"WebSite\",\"@id\":\"https:\\\/\\\/landioustravel.com\\\/it\\\/#website\",\"url\":\"https:\\\/\\\/landioustravel.com\\\/it\\\/\",\"name\":\"Landious Travel\",\"description\":\"Excursions, trips and cruises in Egypt\",\"publisher\":{\"@id\":\"https:\\\/\\\/landioustravel.com\\\/it\\\/#organization\"},\"potentialAction\":[{\"@type\":\"SearchAction\",\"target\":{\"@type\":\"EntryPoint\",\"urlTemplate\":\"https:\\\/\\\/landioustravel.com\\\/it\\\/?s={search_term_string}\"},\"query-input\":{\"@type\":\"PropertyValueSpecification\",\"valueRequired\":true,\"valueName\":\"search_term_string\"}}],\"inLanguage\":\"it-IT\"},{\"@type\":[\"Organization\",\"Place\"],\"@id\":\"https:\\\/\\\/landioustravel.com\\\/it\\\/#organization\",\"name\":\"Landious Travel\",\"alternateName\":\"Landious Travel\",\"url\":\"https:\\\/\\\/landioustravel.com\\\/it\\\/\",\"logo\":{\"@id\":\"https:\\\/\\\/landioustravel.com\\\/it\\\/riguardo-a-noi\\\/#local-main-organization-logo\"},\"image\":{\"@id\":\"https:\\\/\\\/landioustravel.com\\\/it\\\/riguardo-a-noi\\\/#local-main-organization-logo\"},\"sameAs\":[\"https:\\\/\\\/web.facebook.com\\\/landiousEgypt\",\"https:\\\/\\\/x.com\\\/LandiousTours\",\"https:\\\/\\\/mastodon.social\\\/@landious\"],\"legalName\":\"Landious Travel\",\"telephone\":[],\"openingHoursSpecification\":[{\"@type\":\"OpeningHoursSpecification\",\"dayOfWeek\":[\"Monday\",\"Tuesday\",\"Wednesday\",\"Thursday\",\"Friday\",\"Saturday\",\"Sunday\"],\"opens\":\"09:00\",\"closes\":\"17:00\"}]},{\"@type\":\"ImageObject\",\"inLanguage\":\"it-IT\",\"@id\":\"https:\\\/\\\/landioustravel.com\\\/it\\\/riguardo-a-noi\\\/#local-main-organization-logo\",\"url\":\"https:\\\/\\\/i0.wp.com\\\/landioustravel.com\\\/wp-content\\\/uploads\\\/2021\\\/06\\\/Landious-T.png?fit=500%2C500&ssl=1\",\"contentUrl\":\"https:\\\/\\\/i0.wp.com\\\/landioustravel.com\\\/wp-content\\\/uploads\\\/2021\\\/06\\\/Landious-T.png?fit=500%2C500&ssl=1\",\"width\":500,\"height\":500,\"caption\":\"Landious Travel\"}]}<\/script>\n<!-- \/ Yoast SEO Premium plugin. -->","yoast_head_json":{"title":"Informazioni sulla compagnia di viaggio Landious Travel","description":"I turisti scelgono la compagnia Landious Travel perch\u00e9 lavoriamo professionalmente nel settore del turismo. Inoltre, sono state scritte ottime recensioni su di noi","robots":{"index":"index","follow":"follow","max-snippet":"max-snippet:-1","max-image-preview":"max-image-preview:large","max-video-preview":"max-video-preview:-1"},"canonical":"https:\/\/landioustravel.com\/it\/riguardo-a-noi\/","og_locale":"it_IT","og_type":"article","og_title":"Riguardo a noi","og_description":"I turisti scelgono la compagnia Landious Travel perch\u00e9 lavoriamo professionalmente nel settore del turismo. Inoltre, sono state scritte ottime recensioni su di noi","og_url":"https:\/\/landioustravel.com\/it\/riguardo-a-noi\/","og_site_name":"Landious Travel","article_publisher":"https:\/\/web.facebook.com\/landiousEgypt","article_modified_time":"2019-07-12T17:44:05+00:00","og_image":[{"width":1200,"height":642,"url":"https:\/\/i0.wp.com\/landioustravel.com\/wp-content\/uploads\/2018\/11\/\u043b\u0430\u043d\u0434\u0438\u0443\u0441_\u0442\u0440\u0435\u0432\u0435\u043b_\u043e_\u043a\u043e\u043c\u043f\u0430\u043d\u0438\u0438-2406916362-1542205494438-e1601068982321.jpg?fit=1200%2C642&ssl=1","type":"image\/jpeg"}],"twitter_card":"summary_large_image","twitter_site":"@LandiousTours","twitter_misc":{"Tempo di lettura stimato":"1 minuto"},"schema":{"@context":"https:\/\/schema.org","@graph":[{"@type":"WebPage","@id":"https:\/\/landioustravel.com\/it\/riguardo-a-noi\/","url":"https:\/\/landioustravel.com\/it\/riguardo-a-noi\/","name":"Informazioni sulla compagnia di viaggio Landious Travel","isPartOf":{"@id":"https:\/\/landioustravel.com\/it\/#website"},"primaryImageOfPage":{"@id":"https:\/\/landioustravel.com\/it\/riguardo-a-noi\/#primaryimage"},"image":{"@id":"https:\/\/landioustravel.com\/it\/riguardo-a-noi\/#primaryimage"},"thumbnailUrl":"https:\/\/i0.wp.com\/landioustravel.com\/wp-content\/uploads\/2018\/11\/%D0%BB%D0%B0%D0%BD%D0%B4%D0%B8%D1%83%D1%81_%D1%82%D1%80%D0%B5%D0%B2%D0%B5%D0%BB_%D0%BE_%D0%BA%D0%BE%D0%BC%D0%BF%D0%B0%D0%BD%D0%B8%D0%B8-2406916362-1542205494438-e1601068982321.jpg?fit=1200%2C642&ssl=1","datePublished":"2019-01-24T00:02:09+00:00","dateModified":"2019-07-12T17:44:05+00:00","description":"I turisti scelgono la compagnia Landious Travel perch\u00e9 lavoriamo professionalmente nel settore del turismo. Inoltre, sono state scritte ottime recensioni su di noi","breadcrumb":{"@id":"https:\/\/landioustravel.com\/it\/riguardo-a-noi\/#breadcrumb"},"inLanguage":"it-IT","potentialAction":[{"@type":"ReadAction","target":["https:\/\/landioustravel.com\/it\/riguardo-a-noi\/"]}]},{"@type":"ImageObject","inLanguage":"it-IT","@id":"https:\/\/landioustravel.com\/it\/riguardo-a-noi\/#primaryimage","url":"https:\/\/i0.wp.com\/landioustravel.com\/wp-content\/uploads\/2018\/11\/%D0%BB%D0%B0%D0%BD%D0%B4%D0%B8%D1%83%D1%81_%D1%82%D1%80%D0%B5%D0%B2%D0%B5%D0%BB_%D0%BE_%D0%BA%D0%BE%D0%BC%D0%BF%D0%B0%D0%BD%D0%B8%D0%B8-2406916362-1542205494438-e1601068982321.jpg?fit=1200%2C642&ssl=1","contentUrl":"https:\/\/i0.wp.com\/landioustravel.com\/wp-content\/uploads\/2018\/11\/%D0%BB%D0%B0%D0%BD%D0%B4%D0%B8%D1%83%D1%81_%D1%82%D1%80%D0%B5%D0%B2%D0%B5%D0%BB_%D0%BE_%D0%BA%D0%BE%D0%BC%D0%BF%D0%B0%D0%BD%D0%B8%D0%B8-2406916362-1542205494438-e1601068982321.jpg?fit=1200%2C642&ssl=1","width":1200,"height":642,"caption":"Informazioni sulla compagnia di viaggio Landious Travel"},{"@type":"BreadcrumbList","@id":"https:\/\/landioustravel.com\/it\/riguardo-a-noi\/#breadcrumb","itemListElement":[{"@type":"ListItem","position":1,"name":"Home","item":"https:\/\/landioustravel.com\/it\/"},{"@type":"ListItem","position":2,"name":"Riguardo a noi"}]},{"@type":"WebSite","@id":"https:\/\/landioustravel.com\/it\/#website","url":"https:\/\/landioustravel.com\/it\/","name":"Landious Travel","description":"Excursions, trips and cruises in Egypt","publisher":{"@id":"https:\/\/landioustravel.com\/it\/#organization"},"potentialAction":[{"@type":"SearchAction","target":{"@type":"EntryPoint","urlTemplate":"https:\/\/landioustravel.com\/it\/?s={search_term_string}"},"query-input":{"@type":"PropertyValueSpecification","valueRequired":true,"valueName":"search_term_string"}}],"inLanguage":"it-IT"},{"@type":["Organization","Place"],"@id":"https:\/\/landioustravel.com\/it\/#organization","name":"Landious Travel","alternateName":"Landious Travel","url":"https:\/\/landioustravel.com\/it\/","logo":{"@id":"https:\/\/landioustravel.com\/it\/riguardo-a-noi\/#local-main-organization-logo"},"image":{"@id":"https:\/\/landioustravel.com\/it\/riguardo-a-noi\/#local-main-organization-logo"},"sameAs":["https:\/\/web.facebook.com\/landiousEgypt","https:\/\/x.com\/LandiousTours","https:\/\/mastodon.social\/@landious"],"legalName":"Landious Travel","telephone":[],"openingHoursSpecification":[{"@type":"OpeningHoursSpecification","dayOfWeek":["Monday","Tuesday","Wednesday","Thursday","Friday","Saturday","Sunday"],"opens":"09:00","closes":"17:00"}]},{"@type":"ImageObject","inLanguage":"it-IT","@id":"https:\/\/landioustravel.com\/it\/riguardo-a-noi\/#local-main-organization-logo","url":"https:\/\/i0.wp.com\/landioustravel.com\/wp-content\/uploads\/2021\/06\/Landious-T.png?fit=500%2C500&ssl=1","contentUrl":"https:\/\/i0.wp.com\/landioustravel.com\/wp-content\/uploads\/2021\/06\/Landious-T.png?fit=500%2C500&ssl=1","width":500,"height":500,"caption":"Landious Travel"}]}},"uagb_featured_image_src":{"full":["https:\/\/i0.wp.com\/landioustravel.com\/wp-content\/uploads\/2018\/11\/%D0%BB%D0%B0%D0%BD%D0%B4%D0%B8%D1%83%D1%81_%D1%82%D1%80%D0%B5%D0%B2%D0%B5%D0%BB_%D0%BE_%D0%BA%D0%BE%D0%BC%D0%BF%D0%B0%D0%BD%D0%B8%D0%B8-2406916362-1542205494438-e1601068982321.jpg?fit=1200%2C642&ssl=1",1200,642,false],"thumbnail":["https:\/\/i0.wp.com\/landioustravel.com\/wp-content\/uploads\/2018\/11\/%D0%BB%D0%B0%D0%BD%D0%B4%D0%B8%D1%83%D1%81_%D1%82%D1%80%D0%B5%D0%B2%D0%B5%D0%BB_%D0%BE_%D0%BA%D0%BE%D0%BC%D0%BF%D0%B0%D0%BD%D0%B8%D0%B8-2406916362-1542205494438-e1601068982321.jpg?resize=150%2C150&ssl=1",150,150,true],"medium":["https:\/\/i0.wp.com\/landioustravel.com\/wp-content\/uploads\/2018\/11\/%D0%BB%D0%B0%D0%BD%D0%B4%D0%B8%D1%83%D1%81_%D1%82%D1%80%D0%B5%D0%B2%D0%B5%D0%BB_%D0%BE_%D0%BA%D0%BE%D0%BC%D0%BF%D0%B0%D0%BD%D0%B8%D0%B8-2406916362-1542205494438-e1601068982321.jpg?fit=300%2C161&ssl=1",300,161,true],"medium_large":["https:\/\/i0.wp.com\/landioustravel.com\/wp-content\/uploads\/2018\/11\/%D0%BB%D0%B0%D0%BD%D0%B4%D0%B8%D1%83%D1%81_%D1%82%D1%80%D0%B5%D0%B2%D0%B5%D0%BB_%D0%BE_%D0%BA%D0%BE%D0%BC%D0%BF%D0%B0%D0%BD%D0%B8%D0%B8-2406916362-1542205494438-e1601068982321.jpg?fit=768%2C411&ssl=1",768,411,true],"large":["https:\/\/i0.wp.com\/landioustravel.com\/wp-content\/uploads\/2018\/11\/%D0%BB%D0%B0%D0%BD%D0%B4%D0%B8%D1%83%D1%81_%D1%82%D1%80%D0%B5%D0%B2%D0%B5%D0%BB_%D0%BE_%D0%BA%D0%BE%D0%BC%D0%BF%D0%B0%D0%BD%D0%B8%D0%B8-2406916362-1542205494438-e1601068982321.jpg?fit=980%2C524&ssl=1",980,524,true],"1536x1536":["https:\/\/i0.wp.com\/landioustravel.com\/wp-content\/uploads\/2018\/11\/%D0%BB%D0%B0%D0%BD%D0%B4%D0%B8%D1%83%D1%81_%D1%82%D1%80%D0%B5%D0%B2%D0%B5%D0%BB_%D0%BE_%D0%BA%D0%BE%D0%BC%D0%BF%D0%B0%D0%BD%D0%B8%D0%B8-2406916362-1542205494438-e1601068982321.jpg?fit=1200%2C642&ssl=1",1200,642,true],"2048x2048":["https:\/\/i0.wp.com\/landioustravel.com\/wp-content\/uploads\/2018\/11\/%D0%BB%D0%B0%D0%BD%D0%B4%D0%B8%D1%83%D1%81_%D1%82%D1%80%D0%B5%D0%B2%D0%B5%D0%BB_%D0%BE_%D0%BA%D0%BE%D0%BC%D0%BF%D0%B0%D0%BD%D0%B8%D0%B8-2406916362-1542205494438-e1601068982321.jpg?fit=1200%2C642&ssl=1",1200,642,true],"newspack-article-block-landscape-large":["https:\/\/i0.wp.com\/landioustravel.com\/wp-content\/uploads\/2018\/11\/%D0%BB%D0%B0%D0%BD%D0%B4%D0%B8%D1%83%D1%81_%D1%82%D1%80%D0%B5%D0%B2%D0%B5%D0%BB_%D0%BE_%D0%BA%D0%BE%D0%BC%D0%BF%D0%B0%D0%BD%D0%B8%D0%B8-2406916362-1542205494438-e1601068982321.jpg?resize=1200%2C642&ssl=1",1200,802,true],"newspack-article-block-portrait-large":["https:\/\/i0.wp.com\/landioustravel.com\/wp-content\/uploads\/2018\/11\/%D0%BB%D0%B0%D0%BD%D0%B4%D0%B8%D1%83%D1%81_%D1%82%D1%80%D0%B5%D0%B2%D0%B5%D0%BB_%D0%BE_%D0%BA%D0%BE%D0%BC%D0%BF%D0%B0%D0%BD%D0%B8%D0%B8-2406916362-1542205494438-e1601068982321.jpg?resize=900%2C642&ssl=1",900,642,true],"newspack-article-block-square-large":["https:\/\/i0.wp.com\/landioustravel.com\/wp-content\/uploads\/2018\/11\/%D0%BB%D0%B0%D0%BD%D0%B4%D0%B8%D1%83%D1%81_%D1%82%D1%80%D0%B5%D0%B2%D0%B5%D0%BB_%D0%BE_%D0%BA%D0%BE%D0%BC%D0%BF%D0%B0%D0%BD%D0%B8%D0%B8-2406916362-1542205494438-e1601068982321.jpg?resize=1200%2C642&ssl=1",1200,802,true],"newspack-article-block-landscape-medium":["https:\/\/i0.wp.com\/landioustravel.com\/wp-content\/uploads\/2018\/11\/%D0%BB%D0%B0%D0%BD%D0%B4%D0%B8%D1%83%D1%81_%D1%82%D1%80%D0%B5%D0%B2%D0%B5%D0%BB_%D0%BE_%D0%BA%D0%BE%D0%BC%D0%BF%D0%B0%D0%BD%D0%B8%D0%B8-2406916362-1542205494438-e1601068982321.jpg?resize=800%2C600&ssl=1",800,600,true],"newspack-article-block-portrait-medium":["https:\/\/i0.wp.com\/landioustravel.com\/wp-content\/uploads\/2018\/11\/%D0%BB%D0%B0%D0%BD%D0%B4%D0%B8%D1%83%D1%81_%D1%82%D1%80%D0%B5%D0%B2%D0%B5%D0%BB_%D0%BE_%D0%BA%D0%BE%D0%BC%D0%BF%D0%B0%D0%BD%D0%B8%D0%B8-2406916362-1542205494438-e1601068982321.jpg?resize=600%2C642&ssl=1",600,642,true],"newspack-article-block-square-medium":["https:\/\/i0.wp.com\/landioustravel.com\/wp-content\/uploads\/2018\/11\/%D0%BB%D0%B0%D0%BD%D0%B4%D0%B8%D1%83%D1%81_%D1%82%D1%80%D0%B5%D0%B2%D0%B5%D0%BB_%D0%BE_%D0%BA%D0%BE%D0%BC%D0%BF%D0%B0%D0%BD%D0%B8%D0%B8-2406916362-1542205494438-e1601068982321.jpg?resize=800%2C642&ssl=1",800,642,true],"newspack-article-block-landscape-intermediate":["https:\/\/i0.wp.com\/landioustravel.com\/wp-content\/uploads\/2018\/11\/%D0%BB%D0%B0%D0%BD%D0%B4%D0%B8%D1%83%D1%81_%D1%82%D1%80%D0%B5%D0%B2%D0%B5%D0%BB_%D0%BE_%D0%BA%D0%BE%D0%BC%D0%BF%D0%B0%D0%BD%D0%B8%D0%B8-2406916362-1542205494438-e1601068982321.jpg?resize=600%2C450&ssl=1",600,450,true],"newspack-article-block-portrait-intermediate":["https:\/\/i0.wp.com\/landioustravel.com\/wp-content\/uploads\/2018\/11\/%D0%BB%D0%B0%D0%BD%D0%B4%D0%B8%D1%83%D1%81_%D1%82%D1%80%D0%B5%D0%B2%D0%B5%D0%BB_%D0%BE_%D0%BA%D0%BE%D0%BC%D0%BF%D0%B0%D0%BD%D0%B8%D0%B8-2406916362-1542205494438-e1601068982321.jpg?resize=450%2C600&ssl=1",450,600,true],"newspack-article-block-square-intermediate":["https:\/\/i0.wp.com\/landioustravel.com\/wp-content\/uploads\/2018\/11\/%D0%BB%D0%B0%D0%BD%D0%B4%D0%B8%D1%83%D1%81_%D1%82%D1%80%D0%B5%D0%B2%D0%B5%D0%BB_%D0%BE_%D0%BA%D0%BE%D0%BC%D0%BF%D0%B0%D0%BD%D0%B8%D0%B8-2406916362-1542205494438-e1601068982321.jpg?resize=600%2C600&ssl=1",600,600,true],"newspack-article-block-landscape-small":["https:\/\/i0.wp.com\/landioustravel.com\/wp-content\/uploads\/2018\/11\/%D0%BB%D0%B0%D0%BD%D0%B4%D0%B8%D1%83%D1%81_%D1%82%D1%80%D0%B5%D0%B2%D0%B5%D0%BB_%D0%BE_%D0%BA%D0%BE%D0%BC%D0%BF%D0%B0%D0%BD%D0%B8%D0%B8-2406916362-1542205494438-e1601068982321.jpg?resize=400%2C300&ssl=1",400,300,true],"newspack-article-block-portrait-small":["https:\/\/i0.wp.com\/landioustravel.com\/wp-content\/uploads\/2018\/11\/%D0%BB%D0%B0%D0%BD%D0%B4%D0%B8%D1%83%D1%81_%D1%82%D1%80%D0%B5%D0%B2%D0%B5%D0%BB_%D0%BE_%D0%BA%D0%BE%D0%BC%D0%BF%D0%B0%D0%BD%D0%B8%D0%B8-2406916362-1542205494438-e1601068982321.jpg?resize=300%2C400&ssl=1",300,400,true],"newspack-article-block-square-small":["https:\/\/i0.wp.com\/landioustravel.com\/wp-content\/uploads\/2018\/11\/%D0%BB%D0%B0%D0%BD%D0%B4%D0%B8%D1%83%D1%81_%D1%82%D1%80%D0%B5%D0%B2%D0%B5%D0%BB_%D0%BE_%D0%BA%D0%BE%D0%BC%D0%BF%D0%B0%D0%BD%D0%B8%D0%B8-2406916362-1542205494438-e1601068982321.jpg?resize=400%2C400&ssl=1",400,400,true],"newspack-article-block-landscape-tiny":["https:\/\/i0.wp.com\/landioustravel.com\/wp-content\/uploads\/2018\/11\/%D0%BB%D0%B0%D0%BD%D0%B4%D0%B8%D1%83%D1%81_%D1%82%D1%80%D0%B5%D0%B2%D0%B5%D0%BB_%D0%BE_%D0%BA%D0%BE%D0%BC%D0%BF%D0%B0%D0%BD%D0%B8%D0%B8-2406916362-1542205494438-e1601068982321.jpg?resize=200%2C150&ssl=1",200,150,true],"newspack-article-block-portrait-tiny":["https:\/\/i0.wp.com\/landioustravel.com\/wp-content\/uploads\/2018\/11\/%D0%BB%D0%B0%D0%BD%D0%B4%D0%B8%D1%83%D1%81_%D1%82%D1%80%D0%B5%D0%B2%D0%B5%D0%BB_%D0%BE_%D0%BA%D0%BE%D0%BC%D0%BF%D0%B0%D0%BD%D0%B8%D0%B8-2406916362-1542205494438-e1601068982321.jpg?resize=150%2C200&ssl=1",150,200,true],"newspack-article-block-square-tiny":["https:\/\/i0.wp.com\/landioustravel.com\/wp-content\/uploads\/2018\/11\/%D0%BB%D0%B0%D0%BD%D0%B4%D0%B8%D1%83%D1%81_%D1%82%D1%80%D0%B5%D0%B2%D0%B5%D0%BB_%D0%BE_%D0%BA%D0%BE%D0%BC%D0%BF%D0%B0%D0%BD%D0%B8%D0%B8-2406916362-1542205494438-e1601068982321.jpg?resize=200%2C200&ssl=1",200,200,true],"newspack-article-block-uncropped":["https:\/\/i0.wp.com\/landioustravel.com\/wp-content\/uploads\/2018\/11\/%D0%BB%D0%B0%D0%BD%D0%B4%D0%B8%D1%83%D1%81_%D1%82%D1%80%D0%B5%D0%B2%D0%B5%D0%BB_%D0%BE_%D0%BA%D0%BE%D0%BC%D0%BF%D0%B0%D0%BD%D0%B8%D0%B8-2406916362-1542205494438-e1601068982321.jpg?fit=1200%2C642&ssl=1",1200,642,true],"woocommerce_thumbnail":["https:\/\/i0.wp.com\/landioustravel.com\/wp-content\/uploads\/2018\/11\/%D0%BB%D0%B0%D0%BD%D0%B4%D0%B8%D1%83%D1%81_%D1%82%D1%80%D0%B5%D0%B2%D0%B5%D0%BB_%D0%BE_%D0%BA%D0%BE%D0%BC%D0%BF%D0%B0%D0%BD%D0%B8%D0%B8-2406916362-1542205494438-e1601068982321.jpg?resize=324%2C324&ssl=1",324,324,true],"woocommerce_single":["https:\/\/i0.wp.com\/landioustravel.com\/wp-content\/uploads\/2018\/11\/%D0%BB%D0%B0%D0%BD%D0%B4%D0%B8%D1%83%D1%81_%D1%82%D1%80%D0%B5%D0%B2%D0%B5%D0%BB_%D0%BE_%D0%BA%D0%BE%D0%BC%D0%BF%D0%B0%D0%BD%D0%B8%D0%B8-2406916362-1542205494438-e1601068982321.jpg?fit=416%2C223&ssl=1",416,223,true],"woocommerce_gallery_thumbnail":["https:\/\/i0.wp.com\/landioustravel.com\/wp-content\/uploads\/2018\/11\/%D0%BB%D0%B0%D0%BD%D0%B4%D0%B8%D1%83%D1%81_%D1%82%D1%80%D0%B5%D0%B2%D0%B5%D0%BB_%D0%BE_%D0%BA%D0%BE%D0%BC%D0%BF%D0%B0%D0%BD%D0%B8%D0%B8-2406916362-1542205494438-e1601068982321.jpg?resize=100%2C100&ssl=1",100,100,true]},"uagb_author_info":{"display_name":"Mofreh Landious","author_link":"https:\/\/landioustravel.com\/it\/author\/landious\/"},"uagb_comment_info":0,"uagb_excerpt":"Elenco dei servizi: nella lista dei nostri servizi, i turisti troveranno trasferimenti in diverse citt\u00e0 e resort dell'Egitto, un'ampia selezione di escursioni individuali e di gruppo, noleggio di yacht e acquisto di souvenir","jetpack_sharing_enabled":true,"jetpack_shortlink":"https:\/\/wp.me\/Par4r5-n8","jetpack_likes_enabled":true,"amp_enabled":true,"_links":{"self":[{"href":"https:\/\/landioustravel.com\/it\/wp-json\/wp\/v2\/pages\/1434","targetHints":{"allow":["GET"]}}],"collection":[{"href":"https:\/\/landioustravel.com\/it\/wp-json\/wp\/v2\/pages"}],"about":[{"href":"https:\/\/landioustravel.com\/it\/wp-json\/wp\/v2\/types\/page"}],"author":[{"embeddable":true,"href":"https:\/\/landioustravel.com\/it\/wp-json\/wp\/v2\/users\/1"}],"replies":[{"embeddable":true,"href":"https:\/\/landioustravel.com\/it\/wp-json\/wp\/v2\/comments?post=1434"}],"version-history":[{"count":0,"href":"https:\/\/landioustravel.com\/it\/wp-json\/wp\/v2\/pages\/1434\/revisions"}],"wp:featuredmedia":[{"embeddable":true,"href":"https:\/\/landioustravel.com\/it\/wp-json\/wp\/v2\/media\/1435"}],"wp:attachment":[{"href":"https:\/\/landioustravel.com\/it\/wp-json\/wp\/v2\/media?parent=1434"}],"curies":[{"name":"wp","href":"https:\/\/api.w.org\/{rel}","templated":true}]}}