{"id":34761,"date":"2021-08-02T04:38:32","date_gmt":"2021-08-02T02:38:32","guid":{"rendered":"https:\/\/landioustravel.com\/?page_id=34761"},"modified":"2021-08-02T04:38:35","modified_gmt":"2021-08-02T02:38:35","slug":"dea-nekhbet","status":"publish","type":"page","link":"https:\/\/landioustravel.com\/it\/egitto\/divinita-egiziane\/dea-nekhbet\/","title":{"rendered":"Dea Nekhbet"},"content":{"rendered":"\n<p>Nell&#8217;antica mitologia, Nekhbet \u00e8 una dea locale della prima era predinastica. La dea era chiamata patrona della citt\u00e0 di Nekheb (<a href=\"https:\/\/www.google.com\/maps\/place\/El+Kab\/@25.6872264,32.5695954,12z\/data=!3m1!4b1!4m5!3m4!1s0x14491431db11038f:0xa48b8d31ff475ca6!8m2!3d25.6872431!4d32.6396357\" target=\"_blank\" rel=\"noreferrer noopener\">El Kab<\/a>). Successivamente, divenne la patrona dell&#8217;Alto Egitto e nel complesso la seconda patrona di tutto l&#8217;<a href=\"https:\/\/landioustravel.com\/it\/egitto\/storia-egitto\/\">Antico Egitto<\/a> quando si un\u00ec. Nella religione egiziana, la gente vedeva Nekhbet come <a href=\"https:\/\/landioustravel.com\/it\/egitto\/faraoni-degitto\/\">il protettore di tutti i governanti dell&#8217;Alto Egitto<\/a>. L&#8217;avvoltoio uccello rappresentava la potente dea.<\/p>\n\n\n\n<h2 class=\"wp-block-heading\" id=\"h-le-radici-del-nome-della-dea-nekhbet\">Le radici del nome della dea Nekhbet<\/h2>\n\n\n\n<p>I testi si riferiscono anche a Nekhbet come Nekhebet o Nechbet. \u00c8 apparsa come una delle &#8220;Due signore&#8221; nel nome Nebty del faraone. Questa apparizione era con la sua controparte Wadjet (dea cobra del Basso Egitto). La gente spesso si riferiva alla dea come &#8220;Hedjet&#8221; (corona bianca).<\/p>\n\n\n\n<p>Questo si riferiva alla corona dell&#8217;Alto Egitto e la mostrava regolarmente come un dispositivo araldico che rappresenta l&#8217;Alto Egitto. Inoltre, Nekhbet protesse i bambini reali e in seguito tutti i bambini piccoli e le future mamme.<\/p>\n\n\n\n<p>Secondo le prove, la dea era gi\u00e0 popolare nell&#8217;Egitto predinastico. Tuttavia, la sua associazione con la citt\u00e0 di Nekheb (l&#8217;odierna El Kab) era unica. Questa citt\u00e0 ospita il santuario pi\u00f9 significativo della dea e ospitava uno degli oracoli pi\u00f9 antichi d&#8217;<a href=\"https:\/\/landioustravel.com\/it\/egitto\/\">Egitto<\/a>. Questo fatto si dimostra ulteriormente poich\u00e9 il suo nome significa in realt\u00e0 &#8220;lei di Nekheb&#8221;.<\/p>\n\n\n\n<p>Tuttavia, all&#8217;inizio del periodo dinastico, Nekheb e Nekhen si fusero. Nekhen era il centro di culto di Horus, il Vecchio. Quindi, le persone hanno unito Nekhbet e Wadjet per formare il nome Nebty del faraone. Successivamente, questo stabil\u00ec pienamente la posizione della dea come rappresentante dell&#8217;Alto Egitto.<\/p>\n\n\n\n<h2 class=\"wp-block-heading\">Raffigurazione di Nekhbet<\/h2>\n\n\n\n<p>La storia descrive Nekhbet come una dea alata con le sue ali spiegate come simbolo di protezione. Una divinit\u00e0 avvoltoio con le ali spiegate \u00e8 un simbolo della dea. La gente chiamata la dea dell&#8217;avvoltoio bianco egiziano si dimostra &#8220;Madre delle madri, che \u00e8 esistita dall&#8217;inizio&#8221;. Gli antichi testi collegano Nekhbet all&#8217;immaginario funerario e al culto di Osiride. Si credeva che la dea fosse presente alla nascita di <a href=\"https:\/\/landioustravel.com\/it\/egitto\/divinita-egiziane\/dio-osiride\/\">Osiride<\/a>.<\/p>\n\n\n\n<p>Il faraone e il defunto non reale erano custoditi e protetti da lei. Le immagini spesso la raffiguravano come un avvoltoio con l&#8217;estensione di un&#8217;ala in avanti che volava sopra la persona che osservava. L&#8217;altro indic\u00f2 verso terra. Questo rappresentava la protezione del defunto.<\/p>\n\n\n\n<h2 class=\"wp-block-heading\">Simboli di Nekhbet<\/h2>\n\n\n\n<p>La gente ha continuato l&#8217;associazione di Nekhbet con il parto poich\u00e9 era la divinit\u00e0 protettrice del parto. Simboli antichi raffiguravano Nekhbet appollaiato su un oggetto circolare. Alcuni segni la vedevano portare un oggetto circolare tra gli artigli. Questo oggetto era conosciuto come l&#8217;anello rotondo di Shen. Le leggende dicono che tutto ci\u00f2 che era all&#8217;interno del cerchio aveva una protezione duratura. Inoltre, simboleggiava il potere divino.<\/p>\n\n\n\n<p>Allo stesso modo, un altro simbolo che raffigurava la dea era il loto o ninfea. Questo simboleggiava il sole della creazione, della rinascita, della rigenerazione e rappresentava l&#8217;Alto Egitto. Il copricapo della dea mostrava la corona bianca di Atef nell&#8217;Alto Egitto. Inoltre, Nekhbet come dea del cielo era collegata sia alla luna che al sole. Ci\u00f2 \u00e8 accaduto quando \u00e8 stata chiamata &#8220;Occhio di Ra&#8221;.<\/p>\n\n\n\n<h2 class=\"wp-block-heading\">Nekhbet e l&#8217;avvoltoio<\/h2>\n\n\n\n<p>L&#8217;antico capovaccaio \u00e8 anche chiamato avvoltoio bianco. Il piumaggio degli avvoltoi dell&#8217;adulto \u00e8 di colore bianco e ha penne remiganti nere nelle ali. I re consideravano gli uccelli come regalit\u00e0, e quindi proteggevano gli avvoltoi bianchi secondo la legge. Ci\u00f2 ha portato alla coniazione del termine &#8220;pollo del faraone&#8221;. Gli antichi egizi consideravano gli avvoltoi come eccellenti modelli di maternit\u00e0, e quindi scelsero l&#8217;uccello per simboleggiare una dea cos\u00ec importante.<\/p>\n\n\n\n<p>Inoltre, gli antichi credevano che l&#8217;uccello fosse tutto femmine e in grado di riprodursi senza maschi. Quindi, gli avvoltoi bianchi simboleggiavano la purezza. I simboli antichi spesso raffigurano le regine d&#8217;Egitto che indossano copricapi da avvoltoio che rappresentavano Nekhbet.<\/p>\n\n\n\n<h2 class=\"wp-block-heading\">La favola delle due dame<\/h2>\n\n\n\n<p>In origine la dea era la dea avvoltoio bianco per la corona bianca dell&#8217;Alto Egitto nel sud del paese. Al contrario Wadjet era la dea della corona rossa del Basso Egitto nel nord. In seguito vi fu un&#8217;unificazione del Basso e dell&#8217;Alto Egitto.<\/p>\n\n\n\n<p>Quindi, le persone hanno abbinato Nekhbet a Wadjet. Insieme, il popolo egiziano si riferiva alle due dee come le &#8220;Due signore&#8221;. Gli antichi testi religiosi egiziani si riferiscono spesso a Wadjet e Nekhbet come alle &#8220;Due signore&#8221;. La gente vedeva Wadjet come un difensore energico. Allo stesso tempo, consideravano Nekhbet un difensore mite e materno dell&#8217;Egitto.<\/p>\n\n\n\n<p>Inoltre, i soffitti di un tempio a Kom Ombo (Ombus) mostrano un&#8217;immagine delle due dee alate protettive. Nekhbet indossa la corona Atef bianca e Wadjet indossa la corona rossa (Deshret) del Basso Egitto.<\/p>\n\n\n\n<h2 class=\"wp-block-heading\">I ruoli di Nekhbet<\/h2>\n\n\n\n<p>L&#8217;arte e i dipinti egiziani raffigurano la dea come la nutrice del futuro re. Spesso nutre e allatta il bambino reale. Inoltre, essendo la mitica madre di tutti i re egiziani, Nekhbet era chiamata la &#8220;Madre delle madri&#8221;.<\/p>\n\n\n\n<p>Inoltre, proteggeva i re defunti. Ha preso la forma di un avvoltoio per proteggere i morti con le sue ali spiegate. Molte immagini raffigurano lo stesso di Osiride, il dio degli inferi, nelle tombe e nelle camere funerarie. La sua affiliazione con la famiglia reale l&#8217;ha resa la dea pi\u00f9 famosa dell&#8217;Egitto.<\/p>\n\n\n\n<p>Inoltre, i re avevano lo Shem, un simbolo di Nekhbet, inciso sulle loro corone. Lo vedevano come un emblema di guida e protezione. Inoltre, nell&#8217;epica battaglia tra Horus e Set, antichi racconti dicono che Nekhbet protesse Horus e lo guid\u00f2 nel suo tentativo di reclamare il trono.<\/p>\n\n\n\n<h2 class=\"wp-block-heading\">L&#8217;ascesa di Mut<\/h2>\n\n\n\n<p>Nell&#8217;era del Nuovo Regno, la potente dea madre Mut assorb\u00ec Nekhbet. Mut indossa spesso una corona di avvoltoio reale che raffigura le &#8220;Due dame&#8221;.<\/p>\n\n\n\n<h2 class=\"wp-block-heading\">Conclusione<\/h2>\n\n\n\n<p>La potente dea proteggeva il dio del sole nei suoi viaggi attraverso il cielo. Un ruolo essenziale della dea era quello di difendere Ra da Apep, il mostro serpente. Tutto ci\u00f2 ha posizionato Nekhbet come una dea potente e importante. I reali e il popolo collegavano la dea alla protezione, al parto e alla fertilit\u00e0. I suoi simboli rappresentavano il potere e la protezione divini. Ad oggi, la cultura moderna raffigura la dea come un vigile avvoltoio bianco.<\/p>\n","protected":false},"excerpt":{"rendered":"<p>Nell&#8217;antica mitologia, Nekhbet \u00e8 una dea locale della prima era predinastica. La dea era chiamata patrona della citt\u00e0 di Nekheb (El Kab). Successivamente, divenne la patrona dell&#8217;Alto Egitto e nel complesso la seconda patrona di tutto l&#8217;Antico Egitto quando si un\u00ec. Nella religione egiziana, la gente vedeva Nekhbet come il protettore di tutti i governanti [&hellip;]<\/p>\n","protected":false},"author":1,"featured_media":34764,"parent":3622,"menu_order":0,"comment_status":"open","ping_status":"closed","template":"","meta":{"_coblocks_attr":"","_coblocks_dimensions":"","_coblocks_responsive_height":"","_coblocks_accordion_ie_support":"","_uag_custom_page_level_css":"","jetpack_post_was_ever_published":false,"footnotes":""},"class_list":["post-34761","page","type-page","status-publish","has-post-thumbnail","hentry"],"yoast_head":"<!-- This site is optimized with the Yoast SEO Premium plugin v26.9 (Yoast SEO v27.3) - https:\/\/yoast.com\/product\/yoast-seo-premium-wordpress\/ -->\n<title>Dea Nekhbet - Ruolo e posizione religiosa - Landious Travel<\/title>\n<meta name=\"description\" content=\"Dea Nekhbet Nell&#039;antica mitologia, Nekhbet \u00e8 una dea locale della prima era predinastica. La dea era chiamata patrona della citt\u00e0 di Nekheb\" \/>\n<meta name=\"robots\" content=\"index, follow, max-snippet:-1, max-image-preview:large, max-video-preview:-1\" \/>\n<link rel=\"canonical\" href=\"https:\/\/landioustravel.com\/it\/egitto\/divinita-egiziane\/dea-nekhbet\/\" \/>\n<meta property=\"og:locale\" content=\"it_IT\" \/>\n<meta property=\"og:type\" content=\"article\" \/>\n<meta property=\"og:title\" content=\"Dea Nekhbet\" \/>\n<meta property=\"og:description\" content=\"Dea Nekhbet Nell&#039;antica mitologia, Nekhbet \u00e8 una dea locale della prima era predinastica. La dea era chiamata patrona della citt\u00e0 di Nekheb\" \/>\n<meta property=\"og:url\" content=\"https:\/\/landioustravel.com\/it\/egitto\/divinita-egiziane\/dea-nekhbet\/\" \/>\n<meta property=\"og:site_name\" content=\"Landious Travel\" \/>\n<meta property=\"article:publisher\" content=\"https:\/\/web.facebook.com\/landiousEgypt\" \/>\n<meta property=\"article:modified_time\" content=\"2021-08-02T02:38:35+00:00\" \/>\n<meta property=\"og:image\" content=\"https:\/\/i0.wp.com\/landioustravel.com\/wp-content\/uploads\/2021\/08\/Dea-Nekhbet-e1627871377105.jpg?fit=1200%2C675&ssl=1\" \/>\n\t<meta property=\"og:image:width\" content=\"1200\" \/>\n\t<meta property=\"og:image:height\" content=\"675\" \/>\n\t<meta property=\"og:image:type\" content=\"image\/jpeg\" \/>\n<meta name=\"twitter:card\" content=\"summary_large_image\" \/>\n<meta name=\"twitter:site\" content=\"@LandiousTours\" \/>\n<meta name=\"twitter:label1\" content=\"Tempo di lettura stimato\" \/>\n\t<meta name=\"twitter:data1\" content=\"5 minuti\" \/>\n<script type=\"application\/ld+json\" class=\"yoast-schema-graph\">{\"@context\":\"https:\\\/\\\/schema.org\",\"@graph\":[{\"@type\":\"WebPage\",\"@id\":\"https:\\\/\\\/landioustravel.com\\\/it\\\/egitto\\\/divinita-egiziane\\\/dea-nekhbet\\\/\",\"url\":\"https:\\\/\\\/landioustravel.com\\\/it\\\/egitto\\\/divinita-egiziane\\\/dea-nekhbet\\\/\",\"name\":\"Dea Nekhbet - Ruolo e posizione religiosa - Landious Travel\",\"isPartOf\":{\"@id\":\"https:\\\/\\\/landioustravel.com\\\/it\\\/#website\"},\"primaryImageOfPage\":{\"@id\":\"https:\\\/\\\/landioustravel.com\\\/it\\\/egitto\\\/divinita-egiziane\\\/dea-nekhbet\\\/#primaryimage\"},\"image\":{\"@id\":\"https:\\\/\\\/landioustravel.com\\\/it\\\/egitto\\\/divinita-egiziane\\\/dea-nekhbet\\\/#primaryimage\"},\"thumbnailUrl\":\"https:\\\/\\\/i0.wp.com\\\/landioustravel.com\\\/wp-content\\\/uploads\\\/2021\\\/08\\\/Dea-Nekhbet-e1627871377105.jpg?fit=1200%2C675&ssl=1\",\"datePublished\":\"2021-08-02T02:38:32+00:00\",\"dateModified\":\"2021-08-02T02:38:35+00:00\",\"description\":\"Dea Nekhbet Nell'antica mitologia, Nekhbet \u00e8 una dea locale della prima era predinastica. La dea era chiamata patrona della citt\u00e0 di Nekheb\",\"breadcrumb\":{\"@id\":\"https:\\\/\\\/landioustravel.com\\\/it\\\/egitto\\\/divinita-egiziane\\\/dea-nekhbet\\\/#breadcrumb\"},\"inLanguage\":\"it-IT\",\"potentialAction\":[{\"@type\":\"ReadAction\",\"target\":[\"https:\\\/\\\/landioustravel.com\\\/it\\\/egitto\\\/divinita-egiziane\\\/dea-nekhbet\\\/\"]}]},{\"@type\":\"ImageObject\",\"inLanguage\":\"it-IT\",\"@id\":\"https:\\\/\\\/landioustravel.com\\\/it\\\/egitto\\\/divinita-egiziane\\\/dea-nekhbet\\\/#primaryimage\",\"url\":\"https:\\\/\\\/i0.wp.com\\\/landioustravel.com\\\/wp-content\\\/uploads\\\/2021\\\/08\\\/Dea-Nekhbet-e1627871377105.jpg?fit=1200%2C675&ssl=1\",\"contentUrl\":\"https:\\\/\\\/i0.wp.com\\\/landioustravel.com\\\/wp-content\\\/uploads\\\/2021\\\/08\\\/Dea-Nekhbet-e1627871377105.jpg?fit=1200%2C675&ssl=1\",\"width\":1200,\"height\":675,\"caption\":\"Dea Nekhbet\"},{\"@type\":\"BreadcrumbList\",\"@id\":\"https:\\\/\\\/landioustravel.com\\\/it\\\/egitto\\\/divinita-egiziane\\\/dea-nekhbet\\\/#breadcrumb\",\"itemListElement\":[{\"@type\":\"ListItem\",\"position\":1,\"name\":\"Home\",\"item\":\"https:\\\/\\\/landioustravel.com\\\/it\\\/\"},{\"@type\":\"ListItem\",\"position\":2,\"name\":\"Egitto\",\"item\":\"https:\\\/\\\/landioustravel.com\\\/it\\\/egitto\\\/\"},{\"@type\":\"ListItem\",\"position\":3,\"name\":\"Divinit\u00e0 egiziane\",\"item\":\"https:\\\/\\\/landioustravel.com\\\/it\\\/egitto\\\/divinita-egiziane\\\/\"},{\"@type\":\"ListItem\",\"position\":4,\"name\":\"Dea Nekhbet\"}]},{\"@type\":\"WebSite\",\"@id\":\"https:\\\/\\\/landioustravel.com\\\/it\\\/#website\",\"url\":\"https:\\\/\\\/landioustravel.com\\\/it\\\/\",\"name\":\"Landious Travel\",\"description\":\"Excursions, trips and cruises in Egypt\",\"publisher\":{\"@id\":\"https:\\\/\\\/landioustravel.com\\\/it\\\/#organization\"},\"potentialAction\":[{\"@type\":\"SearchAction\",\"target\":{\"@type\":\"EntryPoint\",\"urlTemplate\":\"https:\\\/\\\/landioustravel.com\\\/it\\\/?s={search_term_string}\"},\"query-input\":{\"@type\":\"PropertyValueSpecification\",\"valueRequired\":true,\"valueName\":\"search_term_string\"}}],\"inLanguage\":\"it-IT\"},{\"@type\":[\"Organization\",\"Place\"],\"@id\":\"https:\\\/\\\/landioustravel.com\\\/it\\\/#organization\",\"name\":\"Landious Travel\",\"alternateName\":\"Landious Travel\",\"url\":\"https:\\\/\\\/landioustravel.com\\\/it\\\/\",\"logo\":{\"@id\":\"https:\\\/\\\/landioustravel.com\\\/it\\\/egitto\\\/divinita-egiziane\\\/dea-nekhbet\\\/#local-main-organization-logo\"},\"image\":{\"@id\":\"https:\\\/\\\/landioustravel.com\\\/it\\\/egitto\\\/divinita-egiziane\\\/dea-nekhbet\\\/#local-main-organization-logo\"},\"sameAs\":[\"https:\\\/\\\/web.facebook.com\\\/landiousEgypt\",\"https:\\\/\\\/x.com\\\/LandiousTours\",\"https:\\\/\\\/mastodon.social\\\/@landious\"],\"legalName\":\"Landious Travel\",\"telephone\":[],\"openingHoursSpecification\":[{\"@type\":\"OpeningHoursSpecification\",\"dayOfWeek\":[\"Monday\",\"Tuesday\",\"Wednesday\",\"Thursday\",\"Friday\",\"Saturday\",\"Sunday\"],\"opens\":\"09:00\",\"closes\":\"17:00\"}]},{\"@type\":\"ImageObject\",\"inLanguage\":\"it-IT\",\"@id\":\"https:\\\/\\\/landioustravel.com\\\/it\\\/egitto\\\/divinita-egiziane\\\/dea-nekhbet\\\/#local-main-organization-logo\",\"url\":\"https:\\\/\\\/i0.wp.com\\\/landioustravel.com\\\/wp-content\\\/uploads\\\/2021\\\/06\\\/Landious-T.png?fit=500%2C500&ssl=1\",\"contentUrl\":\"https:\\\/\\\/i0.wp.com\\\/landioustravel.com\\\/wp-content\\\/uploads\\\/2021\\\/06\\\/Landious-T.png?fit=500%2C500&ssl=1\",\"width\":500,\"height\":500,\"caption\":\"Landious Travel\"}]}<\/script>\n<!-- \/ Yoast SEO Premium plugin. -->","yoast_head_json":{"title":"Dea Nekhbet - Ruolo e posizione religiosa - Landious Travel","description":"Dea Nekhbet Nell'antica mitologia, Nekhbet \u00e8 una dea locale della prima era predinastica. La dea era chiamata patrona della citt\u00e0 di Nekheb","robots":{"index":"index","follow":"follow","max-snippet":"max-snippet:-1","max-image-preview":"max-image-preview:large","max-video-preview":"max-video-preview:-1"},"canonical":"https:\/\/landioustravel.com\/it\/egitto\/divinita-egiziane\/dea-nekhbet\/","og_locale":"it_IT","og_type":"article","og_title":"Dea Nekhbet","og_description":"Dea Nekhbet Nell'antica mitologia, Nekhbet \u00e8 una dea locale della prima era predinastica. La dea era chiamata patrona della citt\u00e0 di Nekheb","og_url":"https:\/\/landioustravel.com\/it\/egitto\/divinita-egiziane\/dea-nekhbet\/","og_site_name":"Landious Travel","article_publisher":"https:\/\/web.facebook.com\/landiousEgypt","article_modified_time":"2021-08-02T02:38:35+00:00","og_image":[{"width":1200,"height":675,"url":"https:\/\/i0.wp.com\/landioustravel.com\/wp-content\/uploads\/2021\/08\/Dea-Nekhbet-e1627871377105.jpg?fit=1200%2C675&ssl=1","type":"image\/jpeg"}],"twitter_card":"summary_large_image","twitter_site":"@LandiousTours","twitter_misc":{"Tempo di lettura stimato":"5 minuti"},"schema":{"@context":"https:\/\/schema.org","@graph":[{"@type":"WebPage","@id":"https:\/\/landioustravel.com\/it\/egitto\/divinita-egiziane\/dea-nekhbet\/","url":"https:\/\/landioustravel.com\/it\/egitto\/divinita-egiziane\/dea-nekhbet\/","name":"Dea Nekhbet - Ruolo e posizione religiosa - Landious Travel","isPartOf":{"@id":"https:\/\/landioustravel.com\/it\/#website"},"primaryImageOfPage":{"@id":"https:\/\/landioustravel.com\/it\/egitto\/divinita-egiziane\/dea-nekhbet\/#primaryimage"},"image":{"@id":"https:\/\/landioustravel.com\/it\/egitto\/divinita-egiziane\/dea-nekhbet\/#primaryimage"},"thumbnailUrl":"https:\/\/i0.wp.com\/landioustravel.com\/wp-content\/uploads\/2021\/08\/Dea-Nekhbet-e1627871377105.jpg?fit=1200%2C675&ssl=1","datePublished":"2021-08-02T02:38:32+00:00","dateModified":"2021-08-02T02:38:35+00:00","description":"Dea Nekhbet Nell'antica mitologia, Nekhbet \u00e8 una dea locale della prima era predinastica. La dea era chiamata patrona della citt\u00e0 di Nekheb","breadcrumb":{"@id":"https:\/\/landioustravel.com\/it\/egitto\/divinita-egiziane\/dea-nekhbet\/#breadcrumb"},"inLanguage":"it-IT","potentialAction":[{"@type":"ReadAction","target":["https:\/\/landioustravel.com\/it\/egitto\/divinita-egiziane\/dea-nekhbet\/"]}]},{"@type":"ImageObject","inLanguage":"it-IT","@id":"https:\/\/landioustravel.com\/it\/egitto\/divinita-egiziane\/dea-nekhbet\/#primaryimage","url":"https:\/\/i0.wp.com\/landioustravel.com\/wp-content\/uploads\/2021\/08\/Dea-Nekhbet-e1627871377105.jpg?fit=1200%2C675&ssl=1","contentUrl":"https:\/\/i0.wp.com\/landioustravel.com\/wp-content\/uploads\/2021\/08\/Dea-Nekhbet-e1627871377105.jpg?fit=1200%2C675&ssl=1","width":1200,"height":675,"caption":"Dea Nekhbet"},{"@type":"BreadcrumbList","@id":"https:\/\/landioustravel.com\/it\/egitto\/divinita-egiziane\/dea-nekhbet\/#breadcrumb","itemListElement":[{"@type":"ListItem","position":1,"name":"Home","item":"https:\/\/landioustravel.com\/it\/"},{"@type":"ListItem","position":2,"name":"Egitto","item":"https:\/\/landioustravel.com\/it\/egitto\/"},{"@type":"ListItem","position":3,"name":"Divinit\u00e0 egiziane","item":"https:\/\/landioustravel.com\/it\/egitto\/divinita-egiziane\/"},{"@type":"ListItem","position":4,"name":"Dea Nekhbet"}]},{"@type":"WebSite","@id":"https:\/\/landioustravel.com\/it\/#website","url":"https:\/\/landioustravel.com\/it\/","name":"Landious Travel","description":"Excursions, trips and cruises in Egypt","publisher":{"@id":"https:\/\/landioustravel.com\/it\/#organization"},"potentialAction":[{"@type":"SearchAction","target":{"@type":"EntryPoint","urlTemplate":"https:\/\/landioustravel.com\/it\/?s={search_term_string}"},"query-input":{"@type":"PropertyValueSpecification","valueRequired":true,"valueName":"search_term_string"}}],"inLanguage":"it-IT"},{"@type":["Organization","Place"],"@id":"https:\/\/landioustravel.com\/it\/#organization","name":"Landious Travel","alternateName":"Landious Travel","url":"https:\/\/landioustravel.com\/it\/","logo":{"@id":"https:\/\/landioustravel.com\/it\/egitto\/divinita-egiziane\/dea-nekhbet\/#local-main-organization-logo"},"image":{"@id":"https:\/\/landioustravel.com\/it\/egitto\/divinita-egiziane\/dea-nekhbet\/#local-main-organization-logo"},"sameAs":["https:\/\/web.facebook.com\/landiousEgypt","https:\/\/x.com\/LandiousTours","https:\/\/mastodon.social\/@landious"],"legalName":"Landious Travel","telephone":[],"openingHoursSpecification":[{"@type":"OpeningHoursSpecification","dayOfWeek":["Monday","Tuesday","Wednesday","Thursday","Friday","Saturday","Sunday"],"opens":"09:00","closes":"17:00"}]},{"@type":"ImageObject","inLanguage":"it-IT","@id":"https:\/\/landioustravel.com\/it\/egitto\/divinita-egiziane\/dea-nekhbet\/#local-main-organization-logo","url":"https:\/\/i0.wp.com\/landioustravel.com\/wp-content\/uploads\/2021\/06\/Landious-T.png?fit=500%2C500&ssl=1","contentUrl":"https:\/\/i0.wp.com\/landioustravel.com\/wp-content\/uploads\/2021\/06\/Landious-T.png?fit=500%2C500&ssl=1","width":500,"height":500,"caption":"Landious Travel"}]}},"uagb_featured_image_src":{"full":["https:\/\/i0.wp.com\/landioustravel.com\/wp-content\/uploads\/2021\/08\/Dea-Nekhbet-e1627871377105.jpg?fit=1200%2C675&ssl=1",1200,675,false],"thumbnail":["https:\/\/i0.wp.com\/landioustravel.com\/wp-content\/uploads\/2021\/08\/Dea-Nekhbet-e1627871377105.jpg?resize=150%2C150&ssl=1",150,150,true],"medium":["https:\/\/i0.wp.com\/landioustravel.com\/wp-content\/uploads\/2021\/08\/Dea-Nekhbet-e1627871377105.jpg?fit=300%2C169&ssl=1",300,169,true],"medium_large":["https:\/\/i0.wp.com\/landioustravel.com\/wp-content\/uploads\/2021\/08\/Dea-Nekhbet-e1627871377105.jpg?fit=768%2C432&ssl=1",768,432,true],"large":["https:\/\/i0.wp.com\/landioustravel.com\/wp-content\/uploads\/2021\/08\/Dea-Nekhbet-e1627871377105.jpg?fit=980%2C551&ssl=1",980,551,true],"1536x1536":["https:\/\/i0.wp.com\/landioustravel.com\/wp-content\/uploads\/2021\/08\/Dea-Nekhbet-e1627871377105.jpg?fit=1200%2C675&ssl=1",1200,675,true],"2048x2048":["https:\/\/i0.wp.com\/landioustravel.com\/wp-content\/uploads\/2021\/08\/Dea-Nekhbet-e1627871377105.jpg?fit=1200%2C675&ssl=1",1200,675,true],"newspack-article-block-landscape-large":["https:\/\/i0.wp.com\/landioustravel.com\/wp-content\/uploads\/2021\/08\/Dea-Nekhbet-e1627871377105.jpg?resize=1200%2C675&ssl=1",1200,675,true],"newspack-article-block-portrait-large":["https:\/\/i0.wp.com\/landioustravel.com\/wp-content\/uploads\/2021\/08\/Dea-Nekhbet-e1627871377105.jpg?resize=900%2C675&ssl=1",900,675,true],"newspack-article-block-square-large":["https:\/\/i0.wp.com\/landioustravel.com\/wp-content\/uploads\/2021\/08\/Dea-Nekhbet-e1627871377105.jpg?resize=1200%2C675&ssl=1",1200,675,true],"newspack-article-block-landscape-medium":["https:\/\/i0.wp.com\/landioustravel.com\/wp-content\/uploads\/2021\/08\/Dea-Nekhbet-e1627871377105.jpg?resize=800%2C600&ssl=1",800,600,true],"newspack-article-block-portrait-medium":["https:\/\/i0.wp.com\/landioustravel.com\/wp-content\/uploads\/2021\/08\/Dea-Nekhbet-e1627871377105.jpg?resize=600%2C675&ssl=1",600,675,true],"newspack-article-block-square-medium":["https:\/\/i0.wp.com\/landioustravel.com\/wp-content\/uploads\/2021\/08\/Dea-Nekhbet-e1627871377105.jpg?resize=800%2C675&ssl=1",800,675,true],"newspack-article-block-landscape-intermediate":["https:\/\/i0.wp.com\/landioustravel.com\/wp-content\/uploads\/2021\/08\/Dea-Nekhbet-e1627871377105.jpg?resize=600%2C450&ssl=1",600,450,true],"newspack-article-block-portrait-intermediate":["https:\/\/i0.wp.com\/landioustravel.com\/wp-content\/uploads\/2021\/08\/Dea-Nekhbet-e1627871377105.jpg?resize=450%2C600&ssl=1",450,600,true],"newspack-article-block-square-intermediate":["https:\/\/i0.wp.com\/landioustravel.com\/wp-content\/uploads\/2021\/08\/Dea-Nekhbet-e1627871377105.jpg?resize=600%2C600&ssl=1",600,600,true],"newspack-article-block-landscape-small":["https:\/\/i0.wp.com\/landioustravel.com\/wp-content\/uploads\/2021\/08\/Dea-Nekhbet-e1627871377105.jpg?resize=400%2C300&ssl=1",400,300,true],"newspack-article-block-portrait-small":["https:\/\/i0.wp.com\/landioustravel.com\/wp-content\/uploads\/2021\/08\/Dea-Nekhbet-e1627871377105.jpg?resize=300%2C400&ssl=1",300,400,true],"newspack-article-block-square-small":["https:\/\/i0.wp.com\/landioustravel.com\/wp-content\/uploads\/2021\/08\/Dea-Nekhbet-e1627871377105.jpg?resize=400%2C400&ssl=1",400,400,true],"newspack-article-block-landscape-tiny":["https:\/\/i0.wp.com\/landioustravel.com\/wp-content\/uploads\/2021\/08\/Dea-Nekhbet-e1627871377105.jpg?resize=200%2C150&ssl=1",200,150,true],"newspack-article-block-portrait-tiny":["https:\/\/i0.wp.com\/landioustravel.com\/wp-content\/uploads\/2021\/08\/Dea-Nekhbet-e1627871377105.jpg?resize=150%2C200&ssl=1",150,200,true],"newspack-article-block-square-tiny":["https:\/\/i0.wp.com\/landioustravel.com\/wp-content\/uploads\/2021\/08\/Dea-Nekhbet-e1627871377105.jpg?resize=200%2C200&ssl=1",200,200,true],"newspack-article-block-uncropped":["https:\/\/i0.wp.com\/landioustravel.com\/wp-content\/uploads\/2021\/08\/Dea-Nekhbet-e1627871377105.jpg?fit=1200%2C675&ssl=1",1200,675,true],"woocommerce_thumbnail":["https:\/\/i0.wp.com\/landioustravel.com\/wp-content\/uploads\/2021\/08\/Dea-Nekhbet-e1627871377105.jpg?resize=324%2C324&ssl=1",324,324,true],"woocommerce_single":["https:\/\/i0.wp.com\/landioustravel.com\/wp-content\/uploads\/2021\/08\/Dea-Nekhbet-e1627871377105.jpg?fit=416%2C234&ssl=1",416,234,true],"woocommerce_gallery_thumbnail":["https:\/\/i0.wp.com\/landioustravel.com\/wp-content\/uploads\/2021\/08\/Dea-Nekhbet-e1627871377105.jpg?resize=100%2C100&ssl=1",100,100,true]},"uagb_author_info":{"display_name":"Mofreh Landious","author_link":"https:\/\/landioustravel.com\/it\/author\/landious\/"},"uagb_comment_info":0,"uagb_excerpt":"Nell&#8217;antica mitologia, Nekhbet \u00e8 una dea locale della prima era predinastica. La dea era chiamata patrona della citt\u00e0 di Nekheb (El Kab). Successivamente, divenne la patrona dell&#8217;Alto Egitto e nel complesso la seconda patrona di tutto l&#8217;Antico Egitto quando si un\u00ec. Nella religione egiziana, la gente vedeva Nekhbet come il protettore di tutti i governanti&hellip;","jetpack_sharing_enabled":true,"jetpack_shortlink":"https:\/\/wp.me\/Par4r5-92F","jetpack_likes_enabled":true,"amp_enabled":true,"_links":{"self":[{"href":"https:\/\/landioustravel.com\/it\/wp-json\/wp\/v2\/pages\/34761","targetHints":{"allow":["GET"]}}],"collection":[{"href":"https:\/\/landioustravel.com\/it\/wp-json\/wp\/v2\/pages"}],"about":[{"href":"https:\/\/landioustravel.com\/it\/wp-json\/wp\/v2\/types\/page"}],"author":[{"embeddable":true,"href":"https:\/\/landioustravel.com\/it\/wp-json\/wp\/v2\/users\/1"}],"replies":[{"embeddable":true,"href":"https:\/\/landioustravel.com\/it\/wp-json\/wp\/v2\/comments?post=34761"}],"version-history":[{"count":0,"href":"https:\/\/landioustravel.com\/it\/wp-json\/wp\/v2\/pages\/34761\/revisions"}],"up":[{"embeddable":true,"href":"https:\/\/landioustravel.com\/it\/wp-json\/wp\/v2\/pages\/3622"}],"wp:featuredmedia":[{"embeddable":true,"href":"https:\/\/landioustravel.com\/it\/wp-json\/wp\/v2\/media\/34764"}],"wp:attachment":[{"href":"https:\/\/landioustravel.com\/it\/wp-json\/wp\/v2\/media?parent=34761"}],"curies":[{"name":"wp","href":"https:\/\/api.w.org\/{rel}","templated":true}]}}