{"id":3556,"date":"2019-03-28T18:10:12","date_gmt":"2019-03-28T16:10:12","guid":{"rendered":"https:\/\/landioustravel.com\/?page_id=3556"},"modified":"2019-07-11T21:36:34","modified_gmt":"2019-07-11T19:36:34","slug":"governatorato-bahr-ahmar","status":"publish","type":"page","link":"https:\/\/landioustravel.com\/it\/egitto\/citta-egiziane\/governatorato-bahr-ahmar\/","title":{"rendered":"Governatorato di Al-Bahr Al-Ahmar"},"content":{"rendered":"\n<p><amp-fit-text layout=\"fixed-height\" min-font-size=\"14\" max-font-size=\"48\" height=\"50\">Il Governatorato di Al-Bahr al-Ahmar \u00e8 il pi\u00f9 grande <a href=\"https:\/\/landioustravel.com\/it\/egitto\/citta-egiziane\/\">governatorato<\/a> in <a href=\"https:\/\/landioustravel.com\/it\/egitto\/\">Egitto<\/a>. Si estende lungo la costa del Mar Rosso e comprende gran parte del deserto orientale. Il suo nome significa &#8220;Mar Rosso&#8221;. Si estende da circa 29 \u00b0 di latitudine sud fino alla frontiera del Sudan. A ovest \u00e8 delimitato da un deserto pianeggiante. In realt\u00e0, la natura della terra in questo governatorato sembra un semplice deserto. Comprende circa un quinto della superficie totale dell&#8217;Egitto.<\/amp-fit-text><\/p>\n\n\n\n<p><amp-fit-text layout=\"fixed-height\" min-font-size=\"14\" max-font-size=\"48\" height=\"50\">Il confine settentrionale di Al-Bahr al-Ahmar si trova vicino all&#8217;estremo sud delle Jalalah al-Bahriyyah Uplands, che raggiungono i 1.275 metri nel governatorato meridionale di Suez. Il prossimo gruppo a sud \u00e8 l&#8217;Al-Jalalah al-Qibliyyah, che si eleva fino a raggiungere un picco di 1.475 metri. Appena a ovest-nord-ovest della vetta si trova il monastero cristiano di Sant&#8217;Antonio; attraverso la cresta della catena a sud-est c&#8217;\u00e8 il monastero di San Paolo. Questi due famosi monasteri cristiani si trovano in una citt\u00e0 chiamata Zafaraana.<\/amp-fit-text><\/p>\n\n\n\n<amp-fit-text layout=\"fixed-height\" min-font-size=\"14\" max-font-size=\"48\" height=\"50\"><h2 class=\"wp-block-heading\">Storia di Al-Bahr Al-Ahmar<\/h2><\/amp-fit-text>\n\n\n\n<p><amp-fit-text layout=\"fixed-height\" min-font-size=\"14\" max-font-size=\"48\" height=\"50\">Negli anni &#8217;60 i giacimenti minerari iniziarono ad essere sfruttati ad Al-Bahr al-Ahmar. Campi petroliferi offshore e onshore, di cui il pi\u00f9 grande \u00e8 il giacimento Al-Morgan, situato a circa 200 km a sud di Suez. Questi giacimenti hanno prodotto la maggior parte del petrolio egiziano fin dagli anni &#8217;70. Recentemente, altri campi nel Golfo di Suez hanno iniziato la produzione.<\/amp-fit-text><\/p>\n\n\n\n<p><amp-fit-text layout=\"fixed-height\" min-font-size=\"14\" max-font-size=\"48\" height=\"50\">Il deserto orientale produce anche amianto, manganese, fosfati, uranio e oro. Al-Qu\u1e63eir, il principale porto egiziano nel Mar Rosso, ha grandi depositi di fosfato e una pianta che processa i fosfati estratti per la spedizione. Al-Quseir \u00e8 anche un servizio come localit\u00e0 turistica. Qui, i turisti possono trovare hotel e spiagge meravigliose.<\/amp-fit-text><\/p>\n\n\n\n<p><amp-fit-text layout=\"fixed-height\" min-font-size=\"14\" max-font-size=\"48\" height=\"50\">La capitale del governatorato \u00e8 Hurghada, in arabo, Al-Ghardaqah, un importante centro petrolifero e sede di un giacimento petrolifero. Oggi, Hurghada \u00e8 la localit\u00e0 turistica pi\u00f9 famosa di questo vasto governatorato. Altri siti industriali sono Bur Safajah, Hamrawayn e Ayn Sukhnah. Il pi\u00f9 tardi \u00e8 il terminale del Golfo di Suez di un oleodotto per il Mar Mediterraneo e il sito di un porto di carico acque profonde. Il governo egiziano estrae alabastro, porfido, granito e arenaria dalle montagne del deserto orientale.<\/amp-fit-text><\/p>\n\n\n\n<p><amp-fit-text layout=\"fixed-height\" min-font-size=\"14\" max-font-size=\"48\" height=\"50\">Un&#8217;autostrada lungo la costa del Mar Rosso collega Al-Bahr Al-Ahmar a Suez e pi\u00f9 avanti nella capitale dell&#8217;Egitto, nel nord. Questa autostrada si dirige a sud verso la frontiera sudanese collegando tutte le citt\u00e0 che si trovano nel governatorato. Altre autostrade furono aggiunte per collegare questo governatorato alla Valle del Nilo. Ad esempio, c&#8217;\u00e8 un&#8217;autostrada da Safaga a <a href=\"https:\/\/landioustravel.com\/it\/egitto\/citta-egiziane\/governatorato-qena\/\">Qena<\/a>, <a href=\"https:\/\/landioustravel.com\/it\/egitto\/citta-egiziane\/governatorato-luxor\/\">Luxor<\/a>, <a href=\"https:\/\/landioustravel.com\/it\/egitto\/citta-egiziane\/governatorato-sohag\/\">Sohag<\/a> e Asyut. Inoltre, un&#8217;altra autostrada collega <a href=\"https:\/\/landioustravel.com\/it\/citta-marsa-alam\/\">Marsa Alam<\/a> a Edu, Luxor e <a href=\"https:\/\/landioustravel.com\/it\/egitto\/citta-egiziane\/governatorato-assuan\/\">Assuan<\/a>. e le autostrade conducono attraverso il deserto fino alla valle del Nilo.<\/amp-fit-text><\/p>\n\n\n\n<amp-fit-text layout=\"fixed-height\" min-font-size=\"14\" max-font-size=\"48\" height=\"50\"><h2 class=\"wp-block-heading\">Divisioni amministrative<\/h2><\/amp-fit-text>\n\n\n\n<p><amp-fit-text layout=\"fixed-height\" min-font-size=\"14\" max-font-size=\"48\" height=\"50\">Il governatorato di Al-Bahr Al-Ahmar \u00e8 composto da 7 divisioni amministrative o 7 citt\u00e0 centrali:<\/amp-fit-text><\/p>\n\n\n\n<ul class=\"wp-block-list\"><li><a href=\"https:\/\/landioustravel.com\/it\/citta-hurghada\/\">Hurghada<\/a><\/li><li>El-Quseir<\/li><li>Shalateen<\/li><li>Hala&#8217;ib<\/li><li><a href=\"https:\/\/landioustravel.com\/it\/citta-marsa-alam\/\">Marsa Alam<\/a><\/li><li>Ras Gharib<\/li><li><a href=\"https:\/\/landioustravel.com\/it\/citta-safaga\/\">Safaga<\/a><\/li><\/ul>\n","protected":false},"excerpt":{"rendered":"<p>Il Governatorato di Al-Bahr al-Ahmar \u00e8 il pi\u00f9 grande governatorato in Egitto. Si estende lungo la costa del Mar Rosso e comprende gran parte del deserto orientale. Il suo nome significa &#8220;Mar Rosso&#8221;. Si estende da circa 29 \u00b0 di latitudine sud fino alla frontiera del Sudan. A ovest \u00e8 delimitato da un deserto pianeggiante. [&hellip;]<\/p>\n","protected":false},"author":1,"featured_media":2497,"parent":3531,"menu_order":2,"comment_status":"open","ping_status":"closed","template":"","meta":{"_coblocks_attr":"","_coblocks_dimensions":"","_coblocks_responsive_height":"","_coblocks_accordion_ie_support":"","_uag_custom_page_level_css":"","jetpack_post_was_ever_published":false,"footnotes":""},"class_list":["post-3556","page","type-page","status-publish","has-post-thumbnail","hentry"],"yoast_head":"<!-- This site is optimized with the Yoast SEO Premium plugin v26.9 (Yoast SEO v27.3) - https:\/\/yoast.com\/product\/yoast-seo-premium-wordpress\/ -->\n<title>Governatorato di Al-Bahr Al-Ahmar - Red Sea Governorate - Landious Travel<\/title>\n<meta name=\"description\" content=\"Governatorato di Al-Bahr Al-Ahmar \u00e8 il pi\u00f9 grande governatorato in Egitto. Si estende lungo la costa del Mar Rosso e comprende gran parte del deserto orientale. Il suo nome significa &quot;Mar Rosso&quot;. Si estende da circa 29 \u00b0 di latitudine sud fino alla frontiera del Sudan. A ovest \u00e8 delimitato da un deserto pianeggiante. In realt\u00e0, la natura della terra in questo governatorato sembra un semplice deserto. Comprende circa un quinto della superficie totale dell&#039;Egitto\" \/>\n<meta name=\"robots\" content=\"index, follow, max-snippet:-1, max-image-preview:large, max-video-preview:-1\" \/>\n<link rel=\"canonical\" href=\"https:\/\/landioustravel.com\/it\/egitto\/citta-egiziane\/governatorato-bahr-ahmar\/\" \/>\n<meta property=\"og:locale\" content=\"it_IT\" \/>\n<meta property=\"og:type\" content=\"article\" \/>\n<meta property=\"og:title\" content=\"Governatorato di Al-Bahr Al-Ahmar\" \/>\n<meta property=\"og:description\" content=\"Governatorato di Al-Bahr Al-Ahmar \u00e8 il pi\u00f9 grande governatorato in Egitto. Si estende lungo la costa del Mar Rosso e comprende gran parte del deserto orientale. Il suo nome significa &quot;Mar Rosso&quot;. Si estende da circa 29 \u00b0 di latitudine sud fino alla frontiera del Sudan. A ovest \u00e8 delimitato da un deserto pianeggiante. In realt\u00e0, la natura della terra in questo governatorato sembra un semplice deserto. Comprende circa un quinto della superficie totale dell&#039;Egitto\" \/>\n<meta property=\"og:url\" content=\"https:\/\/landioustravel.com\/it\/egitto\/citta-egiziane\/governatorato-bahr-ahmar\/\" \/>\n<meta property=\"og:site_name\" content=\"Landious Travel\" \/>\n<meta property=\"article:publisher\" content=\"https:\/\/web.facebook.com\/landiousEgypt\" \/>\n<meta property=\"article:modified_time\" content=\"2019-07-11T19:36:34+00:00\" \/>\n<meta property=\"og:image\" content=\"https:\/\/i0.wp.com\/landioustravel.com\/wp-content\/uploads\/2019\/03\/Viale_di_Hurghada_Marina.jpg?fit=3264%2C1836&ssl=1\" \/>\n\t<meta property=\"og:image:width\" content=\"3264\" \/>\n\t<meta property=\"og:image:height\" content=\"1836\" \/>\n\t<meta property=\"og:image:type\" content=\"image\/jpeg\" \/>\n<meta name=\"twitter:card\" content=\"summary_large_image\" \/>\n<meta name=\"twitter:site\" content=\"@LandiousTours\" \/>\n<meta name=\"twitter:label1\" content=\"Tempo di lettura stimato\" \/>\n\t<meta name=\"twitter:data1\" content=\"2 minuti\" \/>\n<script type=\"application\/ld+json\" class=\"yoast-schema-graph\">{\"@context\":\"https:\\\/\\\/schema.org\",\"@graph\":[{\"@type\":\"WebPage\",\"@id\":\"https:\\\/\\\/landioustravel.com\\\/it\\\/egitto\\\/citta-egiziane\\\/governatorato-bahr-ahmar\\\/\",\"url\":\"https:\\\/\\\/landioustravel.com\\\/it\\\/egitto\\\/citta-egiziane\\\/governatorato-bahr-ahmar\\\/\",\"name\":\"Governatorato di Al-Bahr Al-Ahmar - Red Sea Governorate - Landious Travel\",\"isPartOf\":{\"@id\":\"https:\\\/\\\/landioustravel.com\\\/it\\\/#website\"},\"primaryImageOfPage\":{\"@id\":\"https:\\\/\\\/landioustravel.com\\\/it\\\/egitto\\\/citta-egiziane\\\/governatorato-bahr-ahmar\\\/#primaryimage\"},\"image\":{\"@id\":\"https:\\\/\\\/landioustravel.com\\\/it\\\/egitto\\\/citta-egiziane\\\/governatorato-bahr-ahmar\\\/#primaryimage\"},\"thumbnailUrl\":\"https:\\\/\\\/i0.wp.com\\\/landioustravel.com\\\/wp-content\\\/uploads\\\/2019\\\/03\\\/Viale_di_Hurghada_Marina.jpg?fit=3264%2C1836&ssl=1\",\"datePublished\":\"2019-03-28T16:10:12+00:00\",\"dateModified\":\"2019-07-11T19:36:34+00:00\",\"description\":\"Governatorato di Al-Bahr Al-Ahmar \u00e8 il pi\u00f9 grande governatorato in Egitto. Si estende lungo la costa del Mar Rosso e comprende gran parte del deserto orientale. Il suo nome significa \\\"Mar Rosso\\\". Si estende da circa 29 \u00b0 di latitudine sud fino alla frontiera del Sudan. A ovest \u00e8 delimitato da un deserto pianeggiante. In realt\u00e0, la natura della terra in questo governatorato sembra un semplice deserto. Comprende circa un quinto della superficie totale dell'Egitto\",\"breadcrumb\":{\"@id\":\"https:\\\/\\\/landioustravel.com\\\/it\\\/egitto\\\/citta-egiziane\\\/governatorato-bahr-ahmar\\\/#breadcrumb\"},\"inLanguage\":\"it-IT\",\"potentialAction\":[{\"@type\":\"ReadAction\",\"target\":[\"https:\\\/\\\/landioustravel.com\\\/it\\\/egitto\\\/citta-egiziane\\\/governatorato-bahr-ahmar\\\/\"]}]},{\"@type\":\"ImageObject\",\"inLanguage\":\"it-IT\",\"@id\":\"https:\\\/\\\/landioustravel.com\\\/it\\\/egitto\\\/citta-egiziane\\\/governatorato-bahr-ahmar\\\/#primaryimage\",\"url\":\"https:\\\/\\\/i0.wp.com\\\/landioustravel.com\\\/wp-content\\\/uploads\\\/2019\\\/03\\\/Viale_di_Hurghada_Marina.jpg?fit=3264%2C1836&ssl=1\",\"contentUrl\":\"https:\\\/\\\/i0.wp.com\\\/landioustravel.com\\\/wp-content\\\/uploads\\\/2019\\\/03\\\/Viale_di_Hurghada_Marina.jpg?fit=3264%2C1836&ssl=1\",\"width\":3264,\"height\":1836,\"caption\":\"Viale di Hurghada Marina\"},{\"@type\":\"BreadcrumbList\",\"@id\":\"https:\\\/\\\/landioustravel.com\\\/it\\\/egitto\\\/citta-egiziane\\\/governatorato-bahr-ahmar\\\/#breadcrumb\",\"itemListElement\":[{\"@type\":\"ListItem\",\"position\":1,\"name\":\"Home\",\"item\":\"https:\\\/\\\/landioustravel.com\\\/it\\\/\"},{\"@type\":\"ListItem\",\"position\":2,\"name\":\"Egitto\",\"item\":\"https:\\\/\\\/landioustravel.com\\\/it\\\/egitto\\\/\"},{\"@type\":\"ListItem\",\"position\":3,\"name\":\"Citt\u00e0 egiziane\",\"item\":\"https:\\\/\\\/landioustravel.com\\\/it\\\/egitto\\\/citta-egiziane\\\/\"},{\"@type\":\"ListItem\",\"position\":4,\"name\":\"Governatorato di Al-Bahr Al-Ahmar\"}]},{\"@type\":\"WebSite\",\"@id\":\"https:\\\/\\\/landioustravel.com\\\/it\\\/#website\",\"url\":\"https:\\\/\\\/landioustravel.com\\\/it\\\/\",\"name\":\"Landious Travel\",\"description\":\"Excursions, trips and cruises in Egypt\",\"publisher\":{\"@id\":\"https:\\\/\\\/landioustravel.com\\\/it\\\/#organization\"},\"potentialAction\":[{\"@type\":\"SearchAction\",\"target\":{\"@type\":\"EntryPoint\",\"urlTemplate\":\"https:\\\/\\\/landioustravel.com\\\/it\\\/?s={search_term_string}\"},\"query-input\":{\"@type\":\"PropertyValueSpecification\",\"valueRequired\":true,\"valueName\":\"search_term_string\"}}],\"inLanguage\":\"it-IT\"},{\"@type\":[\"Organization\",\"Place\"],\"@id\":\"https:\\\/\\\/landioustravel.com\\\/it\\\/#organization\",\"name\":\"Landious Travel\",\"alternateName\":\"Landious Travel\",\"url\":\"https:\\\/\\\/landioustravel.com\\\/it\\\/\",\"logo\":{\"@id\":\"https:\\\/\\\/landioustravel.com\\\/it\\\/egitto\\\/citta-egiziane\\\/governatorato-bahr-ahmar\\\/#local-main-organization-logo\"},\"image\":{\"@id\":\"https:\\\/\\\/landioustravel.com\\\/it\\\/egitto\\\/citta-egiziane\\\/governatorato-bahr-ahmar\\\/#local-main-organization-logo\"},\"sameAs\":[\"https:\\\/\\\/web.facebook.com\\\/landiousEgypt\",\"https:\\\/\\\/x.com\\\/LandiousTours\",\"https:\\\/\\\/mastodon.social\\\/@landious\"],\"legalName\":\"Landious Travel\",\"telephone\":[],\"openingHoursSpecification\":[{\"@type\":\"OpeningHoursSpecification\",\"dayOfWeek\":[\"Monday\",\"Tuesday\",\"Wednesday\",\"Thursday\",\"Friday\",\"Saturday\",\"Sunday\"],\"opens\":\"09:00\",\"closes\":\"17:00\"}]},{\"@type\":\"ImageObject\",\"inLanguage\":\"it-IT\",\"@id\":\"https:\\\/\\\/landioustravel.com\\\/it\\\/egitto\\\/citta-egiziane\\\/governatorato-bahr-ahmar\\\/#local-main-organization-logo\",\"url\":\"https:\\\/\\\/i0.wp.com\\\/landioustravel.com\\\/wp-content\\\/uploads\\\/2021\\\/06\\\/Landious-T.png?fit=500%2C500&ssl=1\",\"contentUrl\":\"https:\\\/\\\/i0.wp.com\\\/landioustravel.com\\\/wp-content\\\/uploads\\\/2021\\\/06\\\/Landious-T.png?fit=500%2C500&ssl=1\",\"width\":500,\"height\":500,\"caption\":\"Landious Travel\"}]}<\/script>\n<!-- \/ Yoast SEO Premium plugin. -->","yoast_head_json":{"title":"Governatorato di Al-Bahr Al-Ahmar - Red Sea Governorate - Landious Travel","description":"Governatorato di Al-Bahr Al-Ahmar \u00e8 il pi\u00f9 grande governatorato in Egitto. Si estende lungo la costa del Mar Rosso e comprende gran parte del deserto orientale. Il suo nome significa \"Mar Rosso\". Si estende da circa 29 \u00b0 di latitudine sud fino alla frontiera del Sudan. A ovest \u00e8 delimitato da un deserto pianeggiante. In realt\u00e0, la natura della terra in questo governatorato sembra un semplice deserto. Comprende circa un quinto della superficie totale dell'Egitto","robots":{"index":"index","follow":"follow","max-snippet":"max-snippet:-1","max-image-preview":"max-image-preview:large","max-video-preview":"max-video-preview:-1"},"canonical":"https:\/\/landioustravel.com\/it\/egitto\/citta-egiziane\/governatorato-bahr-ahmar\/","og_locale":"it_IT","og_type":"article","og_title":"Governatorato di Al-Bahr Al-Ahmar","og_description":"Governatorato di Al-Bahr Al-Ahmar \u00e8 il pi\u00f9 grande governatorato in Egitto. Si estende lungo la costa del Mar Rosso e comprende gran parte del deserto orientale. Il suo nome significa \"Mar Rosso\". Si estende da circa 29 \u00b0 di latitudine sud fino alla frontiera del Sudan. A ovest \u00e8 delimitato da un deserto pianeggiante. In realt\u00e0, la natura della terra in questo governatorato sembra un semplice deserto. Comprende circa un quinto della superficie totale dell'Egitto","og_url":"https:\/\/landioustravel.com\/it\/egitto\/citta-egiziane\/governatorato-bahr-ahmar\/","og_site_name":"Landious Travel","article_publisher":"https:\/\/web.facebook.com\/landiousEgypt","article_modified_time":"2019-07-11T19:36:34+00:00","og_image":[{"width":3264,"height":1836,"url":"https:\/\/i0.wp.com\/landioustravel.com\/wp-content\/uploads\/2019\/03\/Viale_di_Hurghada_Marina.jpg?fit=3264%2C1836&ssl=1","type":"image\/jpeg"}],"twitter_card":"summary_large_image","twitter_site":"@LandiousTours","twitter_misc":{"Tempo di lettura stimato":"2 minuti"},"schema":{"@context":"https:\/\/schema.org","@graph":[{"@type":"WebPage","@id":"https:\/\/landioustravel.com\/it\/egitto\/citta-egiziane\/governatorato-bahr-ahmar\/","url":"https:\/\/landioustravel.com\/it\/egitto\/citta-egiziane\/governatorato-bahr-ahmar\/","name":"Governatorato di Al-Bahr Al-Ahmar - Red Sea Governorate - Landious Travel","isPartOf":{"@id":"https:\/\/landioustravel.com\/it\/#website"},"primaryImageOfPage":{"@id":"https:\/\/landioustravel.com\/it\/egitto\/citta-egiziane\/governatorato-bahr-ahmar\/#primaryimage"},"image":{"@id":"https:\/\/landioustravel.com\/it\/egitto\/citta-egiziane\/governatorato-bahr-ahmar\/#primaryimage"},"thumbnailUrl":"https:\/\/i0.wp.com\/landioustravel.com\/wp-content\/uploads\/2019\/03\/Viale_di_Hurghada_Marina.jpg?fit=3264%2C1836&ssl=1","datePublished":"2019-03-28T16:10:12+00:00","dateModified":"2019-07-11T19:36:34+00:00","description":"Governatorato di Al-Bahr Al-Ahmar \u00e8 il pi\u00f9 grande governatorato in Egitto. Si estende lungo la costa del Mar Rosso e comprende gran parte del deserto orientale. Il suo nome significa \"Mar Rosso\". Si estende da circa 29 \u00b0 di latitudine sud fino alla frontiera del Sudan. A ovest \u00e8 delimitato da un deserto pianeggiante. In realt\u00e0, la natura della terra in questo governatorato sembra un semplice deserto. Comprende circa un quinto della superficie totale dell'Egitto","breadcrumb":{"@id":"https:\/\/landioustravel.com\/it\/egitto\/citta-egiziane\/governatorato-bahr-ahmar\/#breadcrumb"},"inLanguage":"it-IT","potentialAction":[{"@type":"ReadAction","target":["https:\/\/landioustravel.com\/it\/egitto\/citta-egiziane\/governatorato-bahr-ahmar\/"]}]},{"@type":"ImageObject","inLanguage":"it-IT","@id":"https:\/\/landioustravel.com\/it\/egitto\/citta-egiziane\/governatorato-bahr-ahmar\/#primaryimage","url":"https:\/\/i0.wp.com\/landioustravel.com\/wp-content\/uploads\/2019\/03\/Viale_di_Hurghada_Marina.jpg?fit=3264%2C1836&ssl=1","contentUrl":"https:\/\/i0.wp.com\/landioustravel.com\/wp-content\/uploads\/2019\/03\/Viale_di_Hurghada_Marina.jpg?fit=3264%2C1836&ssl=1","width":3264,"height":1836,"caption":"Viale di Hurghada Marina"},{"@type":"BreadcrumbList","@id":"https:\/\/landioustravel.com\/it\/egitto\/citta-egiziane\/governatorato-bahr-ahmar\/#breadcrumb","itemListElement":[{"@type":"ListItem","position":1,"name":"Home","item":"https:\/\/landioustravel.com\/it\/"},{"@type":"ListItem","position":2,"name":"Egitto","item":"https:\/\/landioustravel.com\/it\/egitto\/"},{"@type":"ListItem","position":3,"name":"Citt\u00e0 egiziane","item":"https:\/\/landioustravel.com\/it\/egitto\/citta-egiziane\/"},{"@type":"ListItem","position":4,"name":"Governatorato di Al-Bahr Al-Ahmar"}]},{"@type":"WebSite","@id":"https:\/\/landioustravel.com\/it\/#website","url":"https:\/\/landioustravel.com\/it\/","name":"Landious Travel","description":"Excursions, trips and cruises in Egypt","publisher":{"@id":"https:\/\/landioustravel.com\/it\/#organization"},"potentialAction":[{"@type":"SearchAction","target":{"@type":"EntryPoint","urlTemplate":"https:\/\/landioustravel.com\/it\/?s={search_term_string}"},"query-input":{"@type":"PropertyValueSpecification","valueRequired":true,"valueName":"search_term_string"}}],"inLanguage":"it-IT"},{"@type":["Organization","Place"],"@id":"https:\/\/landioustravel.com\/it\/#organization","name":"Landious Travel","alternateName":"Landious Travel","url":"https:\/\/landioustravel.com\/it\/","logo":{"@id":"https:\/\/landioustravel.com\/it\/egitto\/citta-egiziane\/governatorato-bahr-ahmar\/#local-main-organization-logo"},"image":{"@id":"https:\/\/landioustravel.com\/it\/egitto\/citta-egiziane\/governatorato-bahr-ahmar\/#local-main-organization-logo"},"sameAs":["https:\/\/web.facebook.com\/landiousEgypt","https:\/\/x.com\/LandiousTours","https:\/\/mastodon.social\/@landious"],"legalName":"Landious Travel","telephone":[],"openingHoursSpecification":[{"@type":"OpeningHoursSpecification","dayOfWeek":["Monday","Tuesday","Wednesday","Thursday","Friday","Saturday","Sunday"],"opens":"09:00","closes":"17:00"}]},{"@type":"ImageObject","inLanguage":"it-IT","@id":"https:\/\/landioustravel.com\/it\/egitto\/citta-egiziane\/governatorato-bahr-ahmar\/#local-main-organization-logo","url":"https:\/\/i0.wp.com\/landioustravel.com\/wp-content\/uploads\/2021\/06\/Landious-T.png?fit=500%2C500&ssl=1","contentUrl":"https:\/\/i0.wp.com\/landioustravel.com\/wp-content\/uploads\/2021\/06\/Landious-T.png?fit=500%2C500&ssl=1","width":500,"height":500,"caption":"Landious Travel"}]}},"uagb_featured_image_src":{"full":["https:\/\/i0.wp.com\/landioustravel.com\/wp-content\/uploads\/2019\/03\/Viale_di_Hurghada_Marina.jpg?fit=3264%2C1836&ssl=1",3264,1836,false],"thumbnail":["https:\/\/i0.wp.com\/landioustravel.com\/wp-content\/uploads\/2019\/03\/Viale_di_Hurghada_Marina.jpg?resize=150%2C150&ssl=1",150,150,true],"medium":["https:\/\/i0.wp.com\/landioustravel.com\/wp-content\/uploads\/2019\/03\/Viale_di_Hurghada_Marina.jpg?fit=300%2C169&ssl=1",300,169,true],"medium_large":["https:\/\/i0.wp.com\/landioustravel.com\/wp-content\/uploads\/2019\/03\/Viale_di_Hurghada_Marina.jpg?fit=768%2C432&ssl=1",768,432,true],"large":["https:\/\/i0.wp.com\/landioustravel.com\/wp-content\/uploads\/2019\/03\/Viale_di_Hurghada_Marina.jpg?fit=980%2C551&ssl=1",980,551,true],"1536x1536":["https:\/\/i0.wp.com\/landioustravel.com\/wp-content\/uploads\/2019\/03\/Viale_di_Hurghada_Marina.jpg?fit=1536%2C864&ssl=1",1536,864,true],"2048x2048":["https:\/\/i0.wp.com\/landioustravel.com\/wp-content\/uploads\/2019\/03\/Viale_di_Hurghada_Marina.jpg?fit=2048%2C1152&ssl=1",2048,1152,true],"newspack-article-block-landscape-large":["https:\/\/i0.wp.com\/landioustravel.com\/wp-content\/uploads\/2019\/03\/Viale_di_Hurghada_Marina.jpg?resize=1200%2C900&ssl=1",1200,900,true],"newspack-article-block-portrait-large":["https:\/\/i0.wp.com\/landioustravel.com\/wp-content\/uploads\/2019\/03\/Viale_di_Hurghada_Marina.jpg?resize=900%2C1200&ssl=1",900,1200,true],"newspack-article-block-square-large":["https:\/\/i0.wp.com\/landioustravel.com\/wp-content\/uploads\/2019\/03\/Viale_di_Hurghada_Marina.jpg?resize=1200%2C1200&ssl=1",1200,1200,true],"newspack-article-block-landscape-medium":["https:\/\/i0.wp.com\/landioustravel.com\/wp-content\/uploads\/2019\/03\/Viale_di_Hurghada_Marina.jpg?resize=800%2C600&ssl=1",800,600,true],"newspack-article-block-portrait-medium":["https:\/\/i0.wp.com\/landioustravel.com\/wp-content\/uploads\/2019\/03\/Viale_di_Hurghada_Marina.jpg?resize=600%2C800&ssl=1",600,800,true],"newspack-article-block-square-medium":["https:\/\/i0.wp.com\/landioustravel.com\/wp-content\/uploads\/2019\/03\/Viale_di_Hurghada_Marina.jpg?resize=800%2C800&ssl=1",800,800,true],"newspack-article-block-landscape-intermediate":["https:\/\/i0.wp.com\/landioustravel.com\/wp-content\/uploads\/2019\/03\/Viale_di_Hurghada_Marina.jpg?resize=600%2C450&ssl=1",600,450,true],"newspack-article-block-portrait-intermediate":["https:\/\/i0.wp.com\/landioustravel.com\/wp-content\/uploads\/2019\/03\/Viale_di_Hurghada_Marina.jpg?resize=450%2C600&ssl=1",450,600,true],"newspack-article-block-square-intermediate":["https:\/\/i0.wp.com\/landioustravel.com\/wp-content\/uploads\/2019\/03\/Viale_di_Hurghada_Marina.jpg?resize=600%2C600&ssl=1",600,600,true],"newspack-article-block-landscape-small":["https:\/\/i0.wp.com\/landioustravel.com\/wp-content\/uploads\/2019\/03\/Viale_di_Hurghada_Marina.jpg?resize=400%2C300&ssl=1",400,300,true],"newspack-article-block-portrait-small":["https:\/\/i0.wp.com\/landioustravel.com\/wp-content\/uploads\/2019\/03\/Viale_di_Hurghada_Marina.jpg?resize=300%2C400&ssl=1",300,400,true],"newspack-article-block-square-small":["https:\/\/i0.wp.com\/landioustravel.com\/wp-content\/uploads\/2019\/03\/Viale_di_Hurghada_Marina.jpg?resize=400%2C400&ssl=1",400,400,true],"newspack-article-block-landscape-tiny":["https:\/\/i0.wp.com\/landioustravel.com\/wp-content\/uploads\/2019\/03\/Viale_di_Hurghada_Marina.jpg?resize=200%2C150&ssl=1",200,150,true],"newspack-article-block-portrait-tiny":["https:\/\/i0.wp.com\/landioustravel.com\/wp-content\/uploads\/2019\/03\/Viale_di_Hurghada_Marina.jpg?resize=150%2C200&ssl=1",150,200,true],"newspack-article-block-square-tiny":["https:\/\/i0.wp.com\/landioustravel.com\/wp-content\/uploads\/2019\/03\/Viale_di_Hurghada_Marina.jpg?resize=200%2C200&ssl=1",200,200,true],"newspack-article-block-uncropped":["https:\/\/i0.wp.com\/landioustravel.com\/wp-content\/uploads\/2019\/03\/Viale_di_Hurghada_Marina.jpg?fit=1200%2C675&ssl=1",1200,675,true],"woocommerce_thumbnail":["https:\/\/i0.wp.com\/landioustravel.com\/wp-content\/uploads\/2019\/03\/Viale_di_Hurghada_Marina.jpg?resize=324%2C324&ssl=1",324,324,true],"woocommerce_single":["https:\/\/i0.wp.com\/landioustravel.com\/wp-content\/uploads\/2019\/03\/Viale_di_Hurghada_Marina.jpg?fit=416%2C234&ssl=1",416,234,true],"woocommerce_gallery_thumbnail":["https:\/\/i0.wp.com\/landioustravel.com\/wp-content\/uploads\/2019\/03\/Viale_di_Hurghada_Marina.jpg?resize=100%2C100&ssl=1",100,100,true]},"uagb_author_info":{"display_name":"Mofreh Landious","author_link":"https:\/\/landioustravel.com\/it\/author\/landious\/"},"uagb_comment_info":0,"uagb_excerpt":"Il Governatorato di Al-Bahr al-Ahmar \u00e8 il pi\u00f9 grande governatorato in Egitto. Si estende lungo la costa del Mar Rosso e comprende gran parte del deserto orientale. Il suo nome significa &#8220;Mar Rosso&#8221;. Si estende da circa 29 \u00b0 di latitudine sud fino alla frontiera del Sudan. A ovest \u00e8 delimitato da un deserto pianeggiante.&hellip;","jetpack_sharing_enabled":true,"jetpack_shortlink":"https:\/\/wp.me\/Par4r5-Vm","jetpack_likes_enabled":true,"amp_enabled":true,"_links":{"self":[{"href":"https:\/\/landioustravel.com\/it\/wp-json\/wp\/v2\/pages\/3556","targetHints":{"allow":["GET"]}}],"collection":[{"href":"https:\/\/landioustravel.com\/it\/wp-json\/wp\/v2\/pages"}],"about":[{"href":"https:\/\/landioustravel.com\/it\/wp-json\/wp\/v2\/types\/page"}],"author":[{"embeddable":true,"href":"https:\/\/landioustravel.com\/it\/wp-json\/wp\/v2\/users\/1"}],"replies":[{"embeddable":true,"href":"https:\/\/landioustravel.com\/it\/wp-json\/wp\/v2\/comments?post=3556"}],"version-history":[{"count":0,"href":"https:\/\/landioustravel.com\/it\/wp-json\/wp\/v2\/pages\/3556\/revisions"}],"up":[{"embeddable":true,"href":"https:\/\/landioustravel.com\/it\/wp-json\/wp\/v2\/pages\/3531"}],"wp:featuredmedia":[{"embeddable":true,"href":"https:\/\/landioustravel.com\/it\/wp-json\/wp\/v2\/media\/2497"}],"wp:attachment":[{"href":"https:\/\/landioustravel.com\/it\/wp-json\/wp\/v2\/media?parent=3556"}],"curies":[{"name":"wp","href":"https:\/\/api.w.org\/{rel}","templated":true}]}}