{"id":37690,"date":"2021-09-20T13:06:03","date_gmt":"2021-09-20T11:06:03","guid":{"rendered":"https:\/\/landioustravel.com\/?page_id=37690"},"modified":"2021-09-21T05:18:35","modified_gmt":"2021-09-21T03:18:35","slug":"dea-anuqet","status":"publish","type":"page","link":"https:\/\/landioustravel.com\/it\/egitto\/divinita-egiziane\/dea-anuqet\/","title":{"rendered":"Dea Anuqet"},"content":{"rendered":"\n<p>Gli antichi egizi adoravano la dea egizia Anuqet come personificazione del fiume <a href=\"https:\/\/landioustravel.com\/it\/egitto\/il-fiume-nilo\/\">Nilo<\/a>. La gente la chiamava la &#8220;nutritrice dei campi&#8221;. Inoltre, la vedevano anche come la divinit\u00e0 che avrebbe protetto le donne durante il parto.<\/p>\n\n\n\n<p>Ancora pi\u00f9 importante, gli antichi la consideravano la protettrice delle basse cataratte del fiume Nilo. Le cataratte sono tratti poco profondi del fiume che si trovano tra <a href=\"https:\/\/www.google.com\/maps\/place\/Khartoum,+Sudan\/@15.501501,32.4325101,11z\/data=!3m1!4b1!4m5!3m4!1s0x168e8fde9837cabf:0x191f55de7e67db40!8m2!3d15.5006544!4d32.5598994\" target=\"_blank\" rel=\"noreferrer noopener\">Khartoum<\/a> e <a href=\"https:\/\/landioustravel.com\/it\/egitto\/citta-egiziane\/governatorato-assuan\/\">Assuan<\/a>.<\/p>\n\n\n\n<p>Qui diverse piccole pietre rompono la superficie dell&#8217;acqua. Whitewater punteggia spesso questi tratti d&#8217;acqua, mentre altre lunghezze hanno un flusso d&#8217;acqua dolce ma poco profondo.<\/p>\n\n\n\n<h2 class=\"wp-block-heading\" id=\"h-etimologia-e-iconografia\">Etimologia e iconografia<\/h2>\n\n\n\n<p>Durante l&#8217;antico periodo egizio, la gente chiamava la dea Anuqet, Anaka o Anqet. Il suo nome si traduce in &#8220;Clasper&#8221; o &#8220;Embracer&#8221;.<\/p>\n\n\n\n<p>Gli storici suggeriscono che questo avrebbe potuto riferirsi all&#8217;abbraccio delle acque dell&#8217;inondazione. Pi\u00f9 tardi, i greci convertirono il suo nome in Anukis e lo scrisse come Anukis.<\/p>\n\n\n\n<p>L&#8217;interpretazione Greaeca la considerava equivalente a Hestia o Vesta, la dea vergine del focolare, della casa e della famiglia. Inoltre, alcune immagini del passato la ritraggono mentre allatta il faraone durante il Nuovo Regno. Pi\u00f9 tardi, la gente la vedeva anche come la dea della lussuria.<\/p>\n\n\n\n<h2 class=\"wp-block-heading\">Triade Elefantina di Anuqet<\/h2>\n\n\n\n<p>Come sua madre, Satet, anche la gente considerava Anuqet come la dea della caccia agli animali. Secondo le leggende, Anuket faceva parte della Triade Elefantina.<\/p>\n\n\n\n<p>Questa triade consisteva in Khnum, il dio della fertilit\u00e0 dalla testa di ariete, Satet, la dea della guerra dell&#8217;inondazione del Nilo e la loro figlia Anuqet, la dea della cataratta.<\/p>\n\n\n\n<p>Elefantina esiste ad Assuan che si trova al confine tra <a href=\"https:\/\/landioustravel.com\/it\/egitto\/\">Egitto<\/a> e Nubia nell&#8217;Alto Egitto. Serviva come centro di culto per gli dei sopra menzionati. Gli altri contratti del Nilo sono presenti in Nubia (l&#8217;attuale Sudan).<\/p>\n\n\n\n<p>Quando il fiume Nilo si allagava, l&#8217;acqua entrava in Egitto dopo aver attraversato Elefantina. La storia dice che il padre di Anuqet, Khnum, custodiva e controllava l&#8217;acqua del fiume. Nel XVIII secolo questo luogo divenne il centro di culto delle tre divinit\u00e0.<\/p>\n\n\n\n<p>Questa triade ha protetto Elefantina, che \u00e8 stata la capitale dello stato per diversi anni. Fu anche la roccaforte militare dell&#8217;antico impero egiziano per molti anni.<\/p>\n\n\n\n<p>Elefantina adempiva anche allo scopo di essere il centro degli scambi e del commercio con i Nubiani. Le iscrizioni mostrano che un santuario o un altare le fu dedicato dal faraone Sobekhotep III della XIII dinastia. Molto pi\u00f9 tardi, durante la XVIII dinastia, Amenhotep II dedic\u00f2 una cappella alla dea. Un tempio dedicato ad Anuqet sorge sull&#8217;<a href=\"https:\/\/www.google.com\/maps\/place\/Seheil+Island\/@24.0606293,32.8365211,13z\/data=!4m5!3m4!1s0x1436636b4e420d19:0xe30e5705ec051ec1!8m2!3d24.061354!4d32.8719021\" target=\"_blank\" rel=\"noreferrer noopener\">isola di Seheil<\/a>.<\/p>\n\n\n\n<p>Il commercio con la Nubia probabilmente ha contribuito al nome della citt\u00e0, Elefantina, poich\u00e9 le persone dell&#8217;antica civilt\u00e0 hanno partecipato a un vivace commercio di avorio su quest&#8217;isola.<\/p>\n\n\n\n<h2 class=\"wp-block-heading\">Immagini di Anuqet<\/h2>\n\n\n\n<p>Le immagini simboleggiano Anuket come una gazzella con un copricapo fatto di alte piume di struzzo. I geroglifici usati per il suo nome si traducono con la lettera A, acqua, dea femminile e seduta. Quindi, ha guadagnato &#8220;Signora della Gazzella&#8221; e &#8220;Signora di Nubia&#8221;.<\/p>\n\n\n\n<p>Si poteva immediatamente riconoscere Anuqet per il sorprendente copricapo che indossava. Le iscrizioni la raffigurano anche con in mano uno spettro e il simbolo ankh.<\/p>\n\n\n\n<p>Il caratteristico e insolito copricapo conteneva alte piume di struzzo. La storia collega strettamente Anuqet con la Nubia con titoli come &#8220;Signora della Nubia&#8221;.<\/p>\n\n\n\n<p>Gli storici chiamavano modius la base della corona per il suo copricapo e la usavano per la corona di divinit\u00e0 maschili e femminili. Anche il simbolo di Anuket, la gazzella, era imparentato con sua madre, Satet.<\/p>\n\n\n\n<p>Le immagini raffiguravano Satet come l&#8217;antilope. Si potevano trovare sia l&#8217;antilope che la gazzella al pascolo sulle rive del fiume Nilo.<\/p>\n\n\n\n<h2 class=\"wp-block-heading\">La dea dell&#8217;acqua Anuqet<\/h2>\n\n\n\n<p>Le cataratte del Nilo possono essere piuttosto insidiose da conquistare. Quindi, non sorprende che commercianti e marinai adorassero la dea Anuket. Hanno lasciato iscrizioni sulle rocce come forma di ardente preghiera ad Anuket. Il marinaio fece questo per ottenere il favore della divinit\u00e0, che a sua volta avrebbe fornito loro un passaggio sicuro lungo le pericolose acque della Nubia. Hanno fatto lo stesso per garantire un ritorno sicuro in Egitto durante il viaggio attraverso la cataratta.<\/p>\n\n\n\n<h2 class=\"wp-block-heading\">Diverse associazioni di Anuqet<\/h2>\n\n\n\n<p>Miti e antiche tradizioni collegano specificamente Anuket con l&#8217;isola di Setet e Elefantina. La gente la considerava la dea di tutto ci\u00f2 che si trova a sud del confine egiziano.<\/p>\n\n\n\n<p>Inoltre, alcuni luoghi raffigurano sia Anuqet che Satet come mogli Khnum a causa della fusione di Khnum con <a href=\"https:\/\/landioustravel.com\/it\/egitto\/divinita-egiziane\/dio-amon\/\">Amon<\/a> nella Nubia meridionale,<\/p>\n\n\n\n<p>Inizialmente, Lores la mostra come la figlia di <a href=\"https:\/\/landioustravel.com\/it\/egitto\/divinita-egiziane\/dio-ra\/\">Ra<\/a>. Tuttavia, con il tempo le storie sono cambiate e l&#8217;associazione di Anuket con Satet \u00e8 diventata pi\u00f9 salda.<\/p>\n\n\n\n<p>Se guardiamo al passato, possiamo scoprire che la Storia ha chiamato Satet e Anuket l'&#8221;Occhio di Ra&#8221;. Inoltre, gli antichi egizi chiamavano <a href=\"https:\/\/landioustravel.com\/it\/egitto\/divinita-egiziane\/dea-sekhmet\/\">Sekhmet<\/a>, Bast e <a href=\"https:\/\/landioustravel.com\/it\/egitto\/divinita-egiziane\/dea-hathor\/\">Hathor<\/a> con lo stesso nome.<\/p>\n\n\n\n<p>Le leggende collegano anche la madre-figlia con il cobra reale sulla corona del dio (Ureas). Fu solo nell&#8217;era del Nuovo Regno che le iscrizioni collocarono Anuqet nella triade di Elefantina.<\/p>\n\n\n\n<p>Insieme al suo presunto padre e sua madre, protesse la fonte della vita per tutti gli egiziani.<\/p>\n\n\n\n<p>Pi\u00f9 tardi, le persone identificarono anche Anuqet con Nefti nel tempio &#8220;Per-Mer&#8221;. \u00c8 successo a causa del legame di Satet con la dea <a href=\"https:\/\/landioustravel.com\/it\/egitto\/divinita-egiziane\/dea-iside\/\">Iside<\/a> e del legame di Khnum con <a href=\"https:\/\/landioustravel.com\/it\/egitto\/divinita-egiziane\/dio-osiride\/\">Osiride<\/a>. Quindi, sia Satet che Anuket sono strettamente imparentati con Iside.<\/p>\n\n\n\n<h2 class=\"wp-block-heading\">Il Festival di Anuqet<\/h2>\n\n\n\n<p>Le persone dividevano l&#8217;antico calendario egizio in tre stagioni. Storicamente, gli antichi chiamavano Shemu (febbraio-maggio) l&#8217;inizio della stagione del raccolto.<\/p>\n\n\n\n<p>Durante questo periodo, la gente celebrava il Festival di Anuqet eseguendo magnifiche processioni fluviali attraverso il fiume Nilo.<\/p>\n\n\n\n<p>Inoltre, questo festival onorava anche Khnum e Satet come protettori del Nilo. La gente rimuoveva le statue degli dei e le metteva devotamente su bellissime barche cerimoniali. Portavano barche sulle spalle dei sacerdoti alle barche fluviali pi\u00f9 grandi.<\/p>\n\n\n\n<p>Le massicce processioni avevano persone di ogni tipo, compresi popolani, soldati, sacerdoti, musicisti e ballerini.<\/p>\n\n\n\n<p>La festa era una celebrazione rumorosa e gioiosa che le persone finivano con feste. La gente ha anche onorato Anuqet gettando oro e gioielli nel fiume Nilo.<\/p>\n\n\n\n<h2 class=\"wp-block-heading\">Parola finale<\/h2>\n\n\n\n<p>Gli antichi egizi dovevano la loro vita al raccolto portato con s\u00e9 dal lussureggiante fiume Nilo. Quindi, gli dei e le dee associati al Nilo occupavano una posizione unica nei cuori delle persone.<\/p>\n\n\n\n<p>Consideravano Anuket come una divinit\u00e0 protettrice che si sarebbe occupata dei loro viaggi attraverso l&#8217;acqua. Anuket non era solo un protettore, ma anche una dea della fertilit\u00e0 e del raccolto. Gli egizi la celebravano con gloriose processioni che avevano grande sfarzo e spettacolo.<\/p>\n","protected":false},"excerpt":{"rendered":"<p>Gli antichi egizi adoravano la dea egizia Anuqet come personificazione del fiume Nilo. La gente la chiamava la &#8220;nutritrice dei campi&#8221;. Inoltre, la vedevano anche come la divinit\u00e0 che avrebbe protetto le donne durante il parto. Ancora pi\u00f9 importante, gli antichi la consideravano la protettrice delle basse cataratte del fiume Nilo. Le cataratte sono tratti [&hellip;]<\/p>\n","protected":false},"author":1,"featured_media":0,"parent":3622,"menu_order":0,"comment_status":"open","ping_status":"closed","template":"","meta":{"_coblocks_attr":"","_coblocks_dimensions":"","_coblocks_responsive_height":"","_coblocks_accordion_ie_support":"","_uag_custom_page_level_css":"","jetpack_post_was_ever_published":false,"footnotes":""},"class_list":["post-37690","page","type-page","status-publish","hentry"],"yoast_head":"<!-- This site is optimized with the Yoast SEO Premium plugin v26.9 (Yoast SEO v27.3) - https:\/\/yoast.com\/product\/yoast-seo-premium-wordpress\/ -->\n<title>Dea Anuqet - Ruoli e posizione religiosa - Landious Travel<\/title>\n<meta name=\"description\" content=\"Dea Anuqet Gli antichi egizi adoravano la dea egizia Anuqet come personificazione del fiume Nilo. La gente la chiamava la &quot;nutritrice dei\" \/>\n<meta name=\"robots\" content=\"index, follow, max-snippet:-1, max-image-preview:large, max-video-preview:-1\" \/>\n<link rel=\"canonical\" href=\"https:\/\/landioustravel.com\/it\/egitto\/divinita-egiziane\/dea-anuqet\/\" \/>\n<meta property=\"og:locale\" content=\"it_IT\" \/>\n<meta property=\"og:type\" content=\"article\" \/>\n<meta property=\"og:title\" content=\"Dea Anuqet\" \/>\n<meta property=\"og:description\" content=\"Dea Anuqet Gli antichi egizi adoravano la dea egizia Anuqet come personificazione del fiume Nilo. La gente la chiamava la &quot;nutritrice dei\" \/>\n<meta property=\"og:url\" content=\"https:\/\/landioustravel.com\/it\/egitto\/divinita-egiziane\/dea-anuqet\/\" \/>\n<meta property=\"og:site_name\" content=\"Landious Travel\" \/>\n<meta property=\"article:publisher\" content=\"https:\/\/web.facebook.com\/landiousEgypt\" \/>\n<meta property=\"article:modified_time\" content=\"2021-09-21T03:18:35+00:00\" \/>\n<meta name=\"twitter:card\" content=\"summary_large_image\" \/>\n<meta name=\"twitter:site\" content=\"@LandiousTours\" \/>\n<meta name=\"twitter:label1\" content=\"Tempo di lettura stimato\" \/>\n\t<meta name=\"twitter:data1\" content=\"5 minuti\" \/>\n<script type=\"application\/ld+json\" class=\"yoast-schema-graph\">{\"@context\":\"https:\\\/\\\/schema.org\",\"@graph\":[{\"@type\":\"WebPage\",\"@id\":\"https:\\\/\\\/landioustravel.com\\\/it\\\/egitto\\\/divinita-egiziane\\\/dea-anuqet\\\/\",\"url\":\"https:\\\/\\\/landioustravel.com\\\/it\\\/egitto\\\/divinita-egiziane\\\/dea-anuqet\\\/\",\"name\":\"Dea Anuqet - Ruoli e posizione religiosa - Landious Travel\",\"isPartOf\":{\"@id\":\"https:\\\/\\\/landioustravel.com\\\/it\\\/#website\"},\"datePublished\":\"2021-09-20T11:06:03+00:00\",\"dateModified\":\"2021-09-21T03:18:35+00:00\",\"description\":\"Dea Anuqet Gli antichi egizi adoravano la dea egizia Anuqet come personificazione del fiume Nilo. La gente la chiamava la \\\"nutritrice dei\",\"breadcrumb\":{\"@id\":\"https:\\\/\\\/landioustravel.com\\\/it\\\/egitto\\\/divinita-egiziane\\\/dea-anuqet\\\/#breadcrumb\"},\"inLanguage\":\"it-IT\",\"potentialAction\":[{\"@type\":\"ReadAction\",\"target\":[\"https:\\\/\\\/landioustravel.com\\\/it\\\/egitto\\\/divinita-egiziane\\\/dea-anuqet\\\/\"]}]},{\"@type\":\"BreadcrumbList\",\"@id\":\"https:\\\/\\\/landioustravel.com\\\/it\\\/egitto\\\/divinita-egiziane\\\/dea-anuqet\\\/#breadcrumb\",\"itemListElement\":[{\"@type\":\"ListItem\",\"position\":1,\"name\":\"Home\",\"item\":\"https:\\\/\\\/landioustravel.com\\\/it\\\/\"},{\"@type\":\"ListItem\",\"position\":2,\"name\":\"Egitto\",\"item\":\"https:\\\/\\\/landioustravel.com\\\/it\\\/egitto\\\/\"},{\"@type\":\"ListItem\",\"position\":3,\"name\":\"Divinit\u00e0 egiziane\",\"item\":\"https:\\\/\\\/landioustravel.com\\\/it\\\/egitto\\\/divinita-egiziane\\\/\"},{\"@type\":\"ListItem\",\"position\":4,\"name\":\"Dea Anuqet\"}]},{\"@type\":\"WebSite\",\"@id\":\"https:\\\/\\\/landioustravel.com\\\/it\\\/#website\",\"url\":\"https:\\\/\\\/landioustravel.com\\\/it\\\/\",\"name\":\"Landious Travel\",\"description\":\"Excursions, trips and cruises in Egypt\",\"publisher\":{\"@id\":\"https:\\\/\\\/landioustravel.com\\\/it\\\/#organization\"},\"potentialAction\":[{\"@type\":\"SearchAction\",\"target\":{\"@type\":\"EntryPoint\",\"urlTemplate\":\"https:\\\/\\\/landioustravel.com\\\/it\\\/?s={search_term_string}\"},\"query-input\":{\"@type\":\"PropertyValueSpecification\",\"valueRequired\":true,\"valueName\":\"search_term_string\"}}],\"inLanguage\":\"it-IT\"},{\"@type\":[\"Organization\",\"Place\"],\"@id\":\"https:\\\/\\\/landioustravel.com\\\/it\\\/#organization\",\"name\":\"Landious Travel\",\"alternateName\":\"Landious Travel\",\"url\":\"https:\\\/\\\/landioustravel.com\\\/it\\\/\",\"logo\":{\"@id\":\"https:\\\/\\\/landioustravel.com\\\/it\\\/egitto\\\/divinita-egiziane\\\/dea-anuqet\\\/#local-main-organization-logo\"},\"image\":{\"@id\":\"https:\\\/\\\/landioustravel.com\\\/it\\\/egitto\\\/divinita-egiziane\\\/dea-anuqet\\\/#local-main-organization-logo\"},\"sameAs\":[\"https:\\\/\\\/web.facebook.com\\\/landiousEgypt\",\"https:\\\/\\\/x.com\\\/LandiousTours\",\"https:\\\/\\\/mastodon.social\\\/@landious\"],\"legalName\":\"Landious Travel\",\"telephone\":[],\"openingHoursSpecification\":[{\"@type\":\"OpeningHoursSpecification\",\"dayOfWeek\":[\"Monday\",\"Tuesday\",\"Wednesday\",\"Thursday\",\"Friday\",\"Saturday\",\"Sunday\"],\"opens\":\"09:00\",\"closes\":\"17:00\"}]},{\"@type\":\"ImageObject\",\"inLanguage\":\"it-IT\",\"@id\":\"https:\\\/\\\/landioustravel.com\\\/it\\\/egitto\\\/divinita-egiziane\\\/dea-anuqet\\\/#local-main-organization-logo\",\"url\":\"https:\\\/\\\/i0.wp.com\\\/landioustravel.com\\\/wp-content\\\/uploads\\\/2021\\\/06\\\/Landious-T.png?fit=500%2C500&ssl=1\",\"contentUrl\":\"https:\\\/\\\/i0.wp.com\\\/landioustravel.com\\\/wp-content\\\/uploads\\\/2021\\\/06\\\/Landious-T.png?fit=500%2C500&ssl=1\",\"width\":500,\"height\":500,\"caption\":\"Landious Travel\"}]}<\/script>\n<!-- \/ Yoast SEO Premium plugin. -->","yoast_head_json":{"title":"Dea Anuqet - Ruoli e posizione religiosa - Landious Travel","description":"Dea Anuqet Gli antichi egizi adoravano la dea egizia Anuqet come personificazione del fiume Nilo. La gente la chiamava la \"nutritrice dei","robots":{"index":"index","follow":"follow","max-snippet":"max-snippet:-1","max-image-preview":"max-image-preview:large","max-video-preview":"max-video-preview:-1"},"canonical":"https:\/\/landioustravel.com\/it\/egitto\/divinita-egiziane\/dea-anuqet\/","og_locale":"it_IT","og_type":"article","og_title":"Dea Anuqet","og_description":"Dea Anuqet Gli antichi egizi adoravano la dea egizia Anuqet come personificazione del fiume Nilo. La gente la chiamava la \"nutritrice dei","og_url":"https:\/\/landioustravel.com\/it\/egitto\/divinita-egiziane\/dea-anuqet\/","og_site_name":"Landious Travel","article_publisher":"https:\/\/web.facebook.com\/landiousEgypt","article_modified_time":"2021-09-21T03:18:35+00:00","twitter_card":"summary_large_image","twitter_site":"@LandiousTours","twitter_misc":{"Tempo di lettura stimato":"5 minuti"},"schema":{"@context":"https:\/\/schema.org","@graph":[{"@type":"WebPage","@id":"https:\/\/landioustravel.com\/it\/egitto\/divinita-egiziane\/dea-anuqet\/","url":"https:\/\/landioustravel.com\/it\/egitto\/divinita-egiziane\/dea-anuqet\/","name":"Dea Anuqet - Ruoli e posizione religiosa - Landious Travel","isPartOf":{"@id":"https:\/\/landioustravel.com\/it\/#website"},"datePublished":"2021-09-20T11:06:03+00:00","dateModified":"2021-09-21T03:18:35+00:00","description":"Dea Anuqet Gli antichi egizi adoravano la dea egizia Anuqet come personificazione del fiume Nilo. La gente la chiamava la \"nutritrice dei","breadcrumb":{"@id":"https:\/\/landioustravel.com\/it\/egitto\/divinita-egiziane\/dea-anuqet\/#breadcrumb"},"inLanguage":"it-IT","potentialAction":[{"@type":"ReadAction","target":["https:\/\/landioustravel.com\/it\/egitto\/divinita-egiziane\/dea-anuqet\/"]}]},{"@type":"BreadcrumbList","@id":"https:\/\/landioustravel.com\/it\/egitto\/divinita-egiziane\/dea-anuqet\/#breadcrumb","itemListElement":[{"@type":"ListItem","position":1,"name":"Home","item":"https:\/\/landioustravel.com\/it\/"},{"@type":"ListItem","position":2,"name":"Egitto","item":"https:\/\/landioustravel.com\/it\/egitto\/"},{"@type":"ListItem","position":3,"name":"Divinit\u00e0 egiziane","item":"https:\/\/landioustravel.com\/it\/egitto\/divinita-egiziane\/"},{"@type":"ListItem","position":4,"name":"Dea Anuqet"}]},{"@type":"WebSite","@id":"https:\/\/landioustravel.com\/it\/#website","url":"https:\/\/landioustravel.com\/it\/","name":"Landious Travel","description":"Excursions, trips and cruises in Egypt","publisher":{"@id":"https:\/\/landioustravel.com\/it\/#organization"},"potentialAction":[{"@type":"SearchAction","target":{"@type":"EntryPoint","urlTemplate":"https:\/\/landioustravel.com\/it\/?s={search_term_string}"},"query-input":{"@type":"PropertyValueSpecification","valueRequired":true,"valueName":"search_term_string"}}],"inLanguage":"it-IT"},{"@type":["Organization","Place"],"@id":"https:\/\/landioustravel.com\/it\/#organization","name":"Landious Travel","alternateName":"Landious Travel","url":"https:\/\/landioustravel.com\/it\/","logo":{"@id":"https:\/\/landioustravel.com\/it\/egitto\/divinita-egiziane\/dea-anuqet\/#local-main-organization-logo"},"image":{"@id":"https:\/\/landioustravel.com\/it\/egitto\/divinita-egiziane\/dea-anuqet\/#local-main-organization-logo"},"sameAs":["https:\/\/web.facebook.com\/landiousEgypt","https:\/\/x.com\/LandiousTours","https:\/\/mastodon.social\/@landious"],"legalName":"Landious Travel","telephone":[],"openingHoursSpecification":[{"@type":"OpeningHoursSpecification","dayOfWeek":["Monday","Tuesday","Wednesday","Thursday","Friday","Saturday","Sunday"],"opens":"09:00","closes":"17:00"}]},{"@type":"ImageObject","inLanguage":"it-IT","@id":"https:\/\/landioustravel.com\/it\/egitto\/divinita-egiziane\/dea-anuqet\/#local-main-organization-logo","url":"https:\/\/i0.wp.com\/landioustravel.com\/wp-content\/uploads\/2021\/06\/Landious-T.png?fit=500%2C500&ssl=1","contentUrl":"https:\/\/i0.wp.com\/landioustravel.com\/wp-content\/uploads\/2021\/06\/Landious-T.png?fit=500%2C500&ssl=1","width":500,"height":500,"caption":"Landious Travel"}]}},"uagb_featured_image_src":{"full":false,"thumbnail":false,"medium":false,"medium_large":false,"large":false,"1536x1536":false,"2048x2048":false,"newspack-article-block-landscape-large":false,"newspack-article-block-portrait-large":false,"newspack-article-block-square-large":false,"newspack-article-block-landscape-medium":false,"newspack-article-block-portrait-medium":false,"newspack-article-block-square-medium":false,"newspack-article-block-landscape-intermediate":false,"newspack-article-block-portrait-intermediate":false,"newspack-article-block-square-intermediate":false,"newspack-article-block-landscape-small":false,"newspack-article-block-portrait-small":false,"newspack-article-block-square-small":false,"newspack-article-block-landscape-tiny":false,"newspack-article-block-portrait-tiny":false,"newspack-article-block-square-tiny":false,"newspack-article-block-uncropped":false,"woocommerce_thumbnail":false,"woocommerce_single":false,"woocommerce_gallery_thumbnail":false},"uagb_author_info":{"display_name":"Mofreh Landious","author_link":"https:\/\/landioustravel.com\/it\/author\/landious\/"},"uagb_comment_info":0,"uagb_excerpt":"Gli antichi egizi adoravano la dea egizia Anuqet come personificazione del fiume Nilo. La gente la chiamava la &#8220;nutritrice dei campi&#8221;. Inoltre, la vedevano anche come la divinit\u00e0 che avrebbe protetto le donne durante il parto. Ancora pi\u00f9 importante, gli antichi la consideravano la protettrice delle basse cataratte del fiume Nilo. Le cataratte sono tratti&hellip;","jetpack_sharing_enabled":true,"jetpack_shortlink":"https:\/\/wp.me\/Par4r5-9NU","jetpack_likes_enabled":true,"amp_enabled":true,"_links":{"self":[{"href":"https:\/\/landioustravel.com\/it\/wp-json\/wp\/v2\/pages\/37690","targetHints":{"allow":["GET"]}}],"collection":[{"href":"https:\/\/landioustravel.com\/it\/wp-json\/wp\/v2\/pages"}],"about":[{"href":"https:\/\/landioustravel.com\/it\/wp-json\/wp\/v2\/types\/page"}],"author":[{"embeddable":true,"href":"https:\/\/landioustravel.com\/it\/wp-json\/wp\/v2\/users\/1"}],"replies":[{"embeddable":true,"href":"https:\/\/landioustravel.com\/it\/wp-json\/wp\/v2\/comments?post=37690"}],"version-history":[{"count":0,"href":"https:\/\/landioustravel.com\/it\/wp-json\/wp\/v2\/pages\/37690\/revisions"}],"up":[{"embeddable":true,"href":"https:\/\/landioustravel.com\/it\/wp-json\/wp\/v2\/pages\/3622"}],"wp:attachment":[{"href":"https:\/\/landioustravel.com\/it\/wp-json\/wp\/v2\/media?parent=37690"}],"curies":[{"name":"wp","href":"https:\/\/api.w.org\/{rel}","templated":true}]}}