{"id":38077,"date":"2021-09-25T21:56:03","date_gmt":"2021-09-25T19:56:03","guid":{"rendered":"https:\/\/landioustravel.com\/?page_id=38077"},"modified":"2021-09-26T11:54:18","modified_gmt":"2021-09-26T09:54:18","slug":"grande-sfinge","status":"publish","type":"page","link":"https:\/\/landioustravel.com\/it\/complesso-piramide-giza\/grande-sfinge\/","title":{"rendered":"Grande Sfinge"},"content":{"rendered":"\n<p>La Grande Sfinge \u00e8 una delle sculture pi\u00f9 significative al mondo. Mostrando il corpo di un leone sdraiato e una testa umana, si trova a quasi 66 piedi. La lunghezza di questa magnifica statua \u00e8 di circa 240 piedi. Un copricapo reale adorna la testa umana della Sfinge.<\/p>\n\n\n\n<p>Questa statua gigante si trova nel tempio della valle appartenente al faraone Khafre. Inoltre, il viso ricorda il faraone Chefren. Quindi, gli storici datano la Grande Sfinge alla IV dinastia. Pertanto, la propriet\u00e0 della Sfinge tende a Chefren.<\/p>\n\n\n\n<p>Tuttavia, alcuni studiosi ritengono che il fratello maggiore di Khafre, Redjedef, abbia costruito il monumento. Forse Redjedef costru\u00ec la Sfinge per onorare il loro padre, Khufu. Inoltre, le persone discutono sul fatto che la Grande Sfinge assomigli al re Khufu pi\u00f9 di Khafre.<\/p>\n\n\n\t\t\t\t<div class=\"wp-block-uagb-table-of-contents uagb-toc__align-left uagb-toc__columns-1  uagb-block-f4b8cc01      \"\n\t\t\t\t\tdata-scroll= \"1\"\n\t\t\t\t\tdata-offset= \"30\"\n\t\t\t\t\tstyle=\"\"\n\t\t\t\t>\n\t\t\t\t<div class=\"uagb-toc__wrap\">\n\t\t\t\t\t\t<div class=\"uagb-toc__title\">\n\t\t\t\t\t\t\tTable Of Contents\t\t\t\t\t\t<\/div>\n\t\t\t\t\t\t\t\t\t\t\t\t\t\t\t\t\t\t\t\t\t\t<div class=\"uagb-toc__list-wrap \">\n\t\t\t\t\t\t<ol class=\"uagb-toc__list\"><li class=\"uagb-toc__list\"><a href=\"#posizione-della-grande-sfinge\" class=\"uagb-toc-link__trigger\">Posizione della Grande Sfinge<\/a><li class=\"uagb-toc__list\"><a href=\"#cos\u00e8-una-sfinge\" class=\"uagb-toc-link__trigger\">Cos&#039;\u00e8 una Sfinge?<\/a><li class=\"uagb-toc__list\"><a href=\"#storia\" class=\"uagb-toc-link__trigger\">Storia<\/a><li class=\"uagb-toc__list\"><a href=\"#costruzione-della-sfinge\" class=\"uagb-toc-link__trigger\">Costruzione della Sfinge<\/a><li class=\"uagb-toc__list\"><a href=\"#costruzione-del-tempio-della-mummificazione\" class=\"uagb-toc-link__trigger\">Costruzione del tempio della mummificazione<\/a><li class=\"uagb-toc__list\"><a href=\"#mitologia-legata-alla-grande-sfinge\" class=\"uagb-toc-link__trigger\">Mitologia legata alla Grande Sfinge<\/a><li class=\"uagb-toc__list\"><a href=\"#scavi-moderni\" class=\"uagb-toc-link__trigger\">Scavi moderni<\/a><li class=\"uagb-toc__list\"><a href=\"#restauri-recenti\" class=\"uagb-toc-link__trigger\">Restauri recenti<\/a><li class=\"uagb-toc__list\"><a href=\"#il-mistero-del-naso\" class=\"uagb-toc-link__trigger\">Il mistero del naso<\/a><li class=\"uagb-toc__list\"><a href=\"#conclusione\" class=\"uagb-toc-link__trigger\">Conclusione<\/a><\/ol>\t\t\t\t\t<\/div>\n\t\t\t\t\t\t\t\t\t<\/div>\n\t\t\t\t<\/div>\n\t\t\t\n\n\n<h2 class=\"wp-block-heading\" id=\"h-posizione-della-grande-sfinge\">Posizione della Grande Sfinge<\/h2>\n\n\n\n<p>La Grande Sfinge si trova al <a href=\"https:\/\/landioustravel.com\/it\/complesso-piramide-giza\/\">Complesso della Piramide di Giza<\/a> sulla riva occidentale del <a href=\"https:\/\/landioustravel.com\/it\/egitto\/il-fiume-nilo\/\">Nilo<\/a> a Giza, in <a href=\"https:\/\/landioustravel.com\/it\/egitto\/\">Egitto<\/a>. La Sfinge si affaccia direttamente da ovest a est e si trova sull&#8217;<a href=\"https:\/\/www.google.com\/maps\/place\/Giza+Plateau\/@29.9769337,31.1151415,14z\/data=!3m1!4b1!4m5!3m4!1s0x14584f7d8bcaeed7:0x99080d8373c4b76d!8m2!3d29.9769353!4d31.1326511\" target=\"_blank\" rel=\"noreferrer noopener\">altopiano di Giza<\/a>. Questo grandioso monumento rimane una delle pi\u00f9 antiche strutture monumentali conosciute dell&#8217;Antico Egitto. Inoltre, \u00e8 una delle strutture pi\u00f9 riconoscibili che puoi vedere nella Necropoli di Giza.<\/p>\n\n\n\n<div style=\"min-height:400px\" data-map-attr=\"\/qaddress\/q:\/qsphinx\/q||\/qlat\/q:\/qundefined\/q||\/qlng\/q:\/qundefined\/q||\/qskin\/q:\/qstandard\/q||\/qzoom\/q:\/q12\/q||\/qiconSize\/q:\/q36\/q||\/qmapTypeControl\/q:\/qtrue\/q||\/qzoomControl\/q:\/qtrue\/q||\/qstreetViewControl\/q:\/qtrue\/q||\/qfullscreenControl\/q:\/qtrue\/q\" class=\"wp-block-coblocks-map\"><iframe title=\"Google Map\" frameborder=\"0\" style=\"width:100%;min-height:400px\" src=\"https:\/\/www.google.com\/maps?q=sphinx&amp;output=embed&amp;hl=en-US&amp;z=12\"><\/iframe><\/div>\n\n\n\n<h2 class=\"wp-block-heading\">Cos&#8217;\u00e8 una Sfinge?<\/h2>\n\n\n\n<p>Una sfinge \u00e8 un essere mitico con il volto di un umano e il corpo di un leone. Quindi, \u00e8 una caratteristica mitologica prominente nella mitologia egiziana, asiatica e greca.<\/p>\n\n\n\n<p>Gli antichi egizi credevano che la Sfinge fosse un guardiano spirituale. Spesso la creatura raffigura un maschio con un copricapo da faraone.<\/p>\n\n\n\n<h2 class=\"wp-block-heading\">Storia<\/h2>\n\n\n\n<p>La Sfinge \u00e8 una statua monolitica scavata nella roccia dell&#8217;altopiano. Intorno al 2500 aC, il re faraone costru\u00ec anche la seconda piramide di Giza. Inoltre, un tempio davanti alla statua costituisce le pietre tagliate intorno al suo corpo.<\/p>\n\n\n\n<p>Durante la XVIII dinastia, gli antichi egizi chiamavano la Sfinge \u201cHorus dell&#8217;orizzonte\u201d, anche \u201c<a href=\"https:\/\/landioustravel.com\/it\/egitto\/divinita-egiziane\/dio-horus\/\">Horus<\/a> della Necropoli\u201d. Questo nome si riferisce al potente dio del sole che si erge sopra l&#8217;orizzonte.<\/p>\n\n\n\n<p>Gli storici hanno associato una teoria data per l&#8217;organizzazione della Sfinge e delle piramidi. Pensavano che potesse esserci uno scopo divino per la Grande Sfinge. Queste strutture incanalano il potere del sole per resuscitare l&#8217;anima del faraone Khafre.<\/p>\n\n\n\n<h2 class=\"wp-block-heading\">Costruzione della Sfinge<\/h2>\n\n\n\n<p>Secondo stime precise, ci sarebbero voluti circa tre anni per costruire il monumento. Circa 100 lavoratori potrebbero aver lavorato ogni anno. Usavano martelli di pietra e scalpelli di rame per finire la statua.<\/p>\n\n\n\n<p>Questo monumento non \u00e8 stato assemblato pezzo per pezzo. Essenzialmente la Grande Sfinge di Giza ha origine da un ammasso di calcare. Questo calcare \u00e8 stato esposto quando i lavoratori hanno tagliato una cava intorno all&#8217;altopiano di Giza.<\/p>\n\n\n\n<p>Secondo le prove, forse inizialmente questa statua doveva essere pi\u00f9 grande. Tuttavia, i lavoratori hanno lasciato il cantiere in fretta. Gli archeologi hanno trovato grandi blocchi di pietra lasciati senza lavorazione. I toolkit abbandonati trovati vicino al sito suggeriscono lo stesso.<\/p>\n\n\n\n<p>Gli storici hanno fatto una deduzione in linea con i graffiti trovati sui muri della Sfinge. L&#8217;archeologo Lehner concluse che il sovrano egiziano non usava schiavi per la sua forza lavoro.<\/p>\n\n\n\n<h2 class=\"wp-block-heading\">Costruzione del tempio della mummificazione<\/h2>\n\n\n\n<p>Negli anni &#8217;80, gli storici hanno scoperto prove specifiche riguardanti il \u200b\u200bcalcare. I blocchi che costituiscono il tempio della sfinge hanno avuto origine dal fossato che circondava la statua stessa.<\/p>\n\n\n\n<p>Di conseguenza, hanno suggerito che i lavoratori portassero via i blocchi di cava dalla Sfinge. Successivamente, i costruttori costruirono il Tempio della Mummificazione utilizzando alcune leghe come quella usata per la statua.<\/p>\n\n\n\n<h2 class=\"wp-block-heading\">Mitologia legata alla Grande Sfinge<\/h2>\n\n\n\n<p>Intorno al primo periodo intermedio la Necropoli sub\u00ec un abbandono. Successivamente, la sabbia alla deriva seppell\u00ec questa figura colossale fino alle sue spalle.<\/p>\n\n\n\n<p>Il primo tentativo di scavo risale al 1400 a.C. Una stele onirica trovata tra le possenti zampe della Sfinge illustra questo tentativo. La stele racconta come il principe Thutmose, figlio di Amenhotep II, si sia addormentato vicino a questa grande guardia.<\/p>\n\n\n\n<p>Nel sogno, la statua si lamentava del suo disordine. Quindi, la Sfinge ha fatto un patto con il giovane prezzo. Nel caso in cui il principe restaurasse la Sfinge, lo aiuterebbe a diventare un faraone.<\/p>\n\n\n\n<p>Di conseguenza, il giovane principe radun\u00f2 una squadra e riusc\u00ec a scavare le zampe anteriori della Sfinge. Tra di loro viene eretto un santuario che ospita la stele dei sogni.<\/p>\n\n\n\n<p>Se il sogno si \u00e8 verificato o meno \u00e8 discutibile. Tuttavia, il principe divenne il faraone Thutmose IV. Di conseguenza, ha anche introdotto una cultura del culto della Sfinge al suo popolo.<\/p>\n\n\n\n<h2 class=\"wp-block-heading\">Scavi moderni<\/h2>\n\n\n\n<p>L&#8217;italiano Giovanni Battista ha supervisionato il primo scavo archeologico moderno. Alla fine ha portato alla scoperta del petto della Sfinge. All&#8217;inizio del 1887, scopr\u00ec completamente la statua. Hanno scoperto rampe di scale. Quindi, gli storici hanno finalmente calcolato le misurazioni accurate della statua.<\/p>\n\n\n\n<p>Dal gradino pi\u00f9 basso, l&#8217;altezza era di circa cento piedi. Inoltre, la distanza tra le zampe era di trentacinque piedi.<\/p>\n\n\n\n<p>Gli scavi nel XIX secolo hanno rivelato pezzi di barbe di pietra scolpite. Inoltre, sul viso sono ancora visibili residui di pigmento rosso. Quindi i ricercatori hanno concluso che in precedenza, l&#8217;intero volto della Sfinge aveva una vernice rossa.<\/p>\n\n\n\n<p>Mark Lehner ha anche trovato tracce di vernice blu e gialla sulla statua. Pertanto, ha suggerito che gli antichi egizi lo dipingessero interamente in passato.<\/p>\n\n\n\n<h2 class=\"wp-block-heading\">Restauri recenti<\/h2>\n\n\n\n<p>Nell&#8217;anno 1931, il governo egiziano ripar\u00f2 la testa della statua. Nel 1926, a causa dell&#8217;erosione, una parte del copricapo era caduta. Quindi, ha anche creato un profondo taglio nel collo della Sfinge. Hanno aggiunto un collare di cemento tra il cappuccio e il collo.<\/p>\n\n\n\n<p>Negli anni &#8217;80 e &#8217;90, gli archeologi hanno aggiunto alcuni lavori di ristrutturazione alla base in pietra e al corpo roccioso. Tuttavia, ci\u00f2 ha comportato un profilo alterato. Inoltre, le persone hanno tenuto diversi lavori di ristrutturazione in seguito.<\/p>\n\n\n\n<h2 class=\"wp-block-heading\">Il mistero del naso<\/h2>\n\n\n\n<p>Il naso della Sfinge mostra danni consistenti nell&#8217;area del ponte e della narice. Sembra che lunghe aste o scalpelli siano stati martellati dal ponte e sotto la narice. Inoltre, il naso strappato era rivolto a sud. Quindi, con conseguente perdita del naso largo un metro fino ad oggi.<\/p>\n\n\n\n<p>L&#8217;archeologo Mark Lehner ha eseguito uno studio e ha concluso che il naso si \u00e8 rotto intenzionalmente. Ha fatto questo studio intorno al periodo del 3\u00b0 e 10\u00b0 secolo d.C.<\/p>\n\n\n\n<p>Secondo molti racconti, l&#8217;esercito di Napoleone Bonaparte impieg\u00f2 palle di cannone per distruggere il naso. Tuttavia, le illustrazioni rivelano una sfinge senza naso prima di Napoleone. Un&#8217;altra teoria dice che Muhammad Sa&#8217;im al-Dahr ha mutilato la statua. Si \u00e8 verificato nel 14 \u00b0 secolo per protestare contro l&#8217;idolatria.<\/p>\n\n\n\n<h2 class=\"wp-block-heading\">Conclusione<\/h2>\n\n\n\n<p>Gli archeologi descrivono questo magnifico monumento come un motore cosmico. E questo, i <a href=\"https:\/\/landioustravel.com\/it\/egitto\/faraoni-degitto\/\">faraoni<\/a> l&#8217;hanno costruito per sfruttare il potere del sole e di altri <a href=\"https:\/\/landioustravel.com\/it\/egitto\/divinita-egiziane\/\">dei<\/a>. \u00c8 il tipo di potere che detiene la misteriosa e grandiosa Sfinge. Nel corso dei secoli, numerose tempeste si sono abbattute su questa grande guardia della necropoli di Giza. Tuttavia, la grandezza del monumento rimane intatta. La Grande Sfinge continua ad essere un enigma dai tesori dell&#8217;<a href=\"https:\/\/landioustravel.com\/it\/egitto\/storia-egitto\/storia-egiziana-antica\/\">antica storia egiziana<\/a>.<\/p>\n","protected":false},"excerpt":{"rendered":"<p>La Grande Sfinge \u00e8 una delle sculture pi\u00f9 significative al mondo. Mostrando il corpo di un leone sdraiato e una testa umana, si trova a quasi 66 piedi. La lunghezza di questa magnifica statua \u00e8 di circa 240 piedi. Un copricapo reale adorna la testa umana della Sfinge. Questa statua gigante si trova nel tempio [&hellip;]<\/p>\n","protected":false},"author":1,"featured_media":0,"parent":36645,"menu_order":0,"comment_status":"open","ping_status":"closed","template":"","meta":{"_coblocks_attr":"","_coblocks_dimensions":"","_coblocks_responsive_height":"","_coblocks_accordion_ie_support":"","_uag_custom_page_level_css":"","footnotes":""},"class_list":["post-38077","page","type-page","status-publish","hentry"],"yoast_head":"<!-- This site is optimized with the Yoast SEO Premium plugin v26.9 (Yoast SEO v27.4) - https:\/\/yoast.com\/product\/yoast-seo-premium-wordpress\/ -->\n<title>Grande Sfinge - Posizione e storia - Landious Travel<\/title>\n<meta name=\"description\" content=\"Grande Sfinge \u00e8 una delle sculture pi\u00f9 significative al mondo. Mostrando il corpo di un leone sdraiato e una testa umana, si trova a quasi 66\" \/>\n<meta name=\"robots\" content=\"index, follow, max-snippet:-1, max-image-preview:large, max-video-preview:-1\" \/>\n<link rel=\"canonical\" href=\"https:\/\/landioustravel.com\/it\/complesso-piramide-giza\/grande-sfinge\/\" \/>\n<meta property=\"og:locale\" content=\"it_IT\" \/>\n<meta property=\"og:type\" content=\"article\" \/>\n<meta property=\"og:title\" content=\"Grande Sfinge\" \/>\n<meta property=\"og:description\" content=\"Grande Sfinge \u00e8 una delle sculture pi\u00f9 significative al mondo. Mostrando il corpo di un leone sdraiato e una testa umana, si trova a quasi 66\" \/>\n<meta property=\"og:url\" content=\"https:\/\/landioustravel.com\/it\/complesso-piramide-giza\/grande-sfinge\/\" \/>\n<meta property=\"og:site_name\" content=\"Landious Travel\" \/>\n<meta property=\"article:publisher\" content=\"https:\/\/web.facebook.com\/landiousEgypt\" \/>\n<meta property=\"article:modified_time\" content=\"2021-09-26T09:54:18+00:00\" \/>\n<meta name=\"twitter:card\" content=\"summary_large_image\" \/>\n<meta name=\"twitter:site\" content=\"@LandiousTours\" \/>\n<meta name=\"twitter:label1\" content=\"Tempo di lettura stimato\" \/>\n\t<meta name=\"twitter:data1\" content=\"6 minuti\" \/>\n<script type=\"application\/ld+json\" class=\"yoast-schema-graph\">{\"@context\":\"https:\\\/\\\/schema.org\",\"@graph\":[{\"@type\":\"WebPage\",\"@id\":\"https:\\\/\\\/landioustravel.com\\\/it\\\/complesso-piramide-giza\\\/grande-sfinge\\\/\",\"url\":\"https:\\\/\\\/landioustravel.com\\\/it\\\/complesso-piramide-giza\\\/grande-sfinge\\\/\",\"name\":\"Grande Sfinge - Posizione e storia - Landious Travel\",\"isPartOf\":{\"@id\":\"https:\\\/\\\/landioustravel.com\\\/it\\\/#website\"},\"datePublished\":\"2021-09-25T19:56:03+00:00\",\"dateModified\":\"2021-09-26T09:54:18+00:00\",\"description\":\"Grande Sfinge \u00e8 una delle sculture pi\u00f9 significative al mondo. Mostrando il corpo di un leone sdraiato e una testa umana, si trova a quasi 66\",\"breadcrumb\":{\"@id\":\"https:\\\/\\\/landioustravel.com\\\/it\\\/complesso-piramide-giza\\\/grande-sfinge\\\/#breadcrumb\"},\"inLanguage\":\"it-IT\",\"potentialAction\":[{\"@type\":\"ReadAction\",\"target\":[\"https:\\\/\\\/landioustravel.com\\\/it\\\/complesso-piramide-giza\\\/grande-sfinge\\\/\"]}]},{\"@type\":\"BreadcrumbList\",\"@id\":\"https:\\\/\\\/landioustravel.com\\\/it\\\/complesso-piramide-giza\\\/grande-sfinge\\\/#breadcrumb\",\"itemListElement\":[{\"@type\":\"ListItem\",\"position\":1,\"name\":\"Home\",\"item\":\"https:\\\/\\\/landioustravel.com\\\/it\\\/\"},{\"@type\":\"ListItem\",\"position\":2,\"name\":\"Complesso della piramide di Giza\",\"item\":\"https:\\\/\\\/landioustravel.com\\\/it\\\/complesso-piramide-giza\\\/\"},{\"@type\":\"ListItem\",\"position\":3,\"name\":\"Grande Sfinge\"}]},{\"@type\":\"WebSite\",\"@id\":\"https:\\\/\\\/landioustravel.com\\\/it\\\/#website\",\"url\":\"https:\\\/\\\/landioustravel.com\\\/it\\\/\",\"name\":\"Landious Travel\",\"description\":\"Excursions, trips and cruises in Egypt\",\"publisher\":{\"@id\":\"https:\\\/\\\/landioustravel.com\\\/it\\\/#organization\"},\"potentialAction\":[{\"@type\":\"SearchAction\",\"target\":{\"@type\":\"EntryPoint\",\"urlTemplate\":\"https:\\\/\\\/landioustravel.com\\\/it\\\/?s={search_term_string}\"},\"query-input\":{\"@type\":\"PropertyValueSpecification\",\"valueRequired\":true,\"valueName\":\"search_term_string\"}}],\"inLanguage\":\"it-IT\"},{\"@type\":[\"Organization\",\"Place\"],\"@id\":\"https:\\\/\\\/landioustravel.com\\\/it\\\/#organization\",\"name\":\"Landious Travel\",\"alternateName\":\"Landious Travel\",\"url\":\"https:\\\/\\\/landioustravel.com\\\/it\\\/\",\"logo\":{\"@id\":\"https:\\\/\\\/landioustravel.com\\\/it\\\/complesso-piramide-giza\\\/grande-sfinge\\\/#local-main-organization-logo\"},\"image\":{\"@id\":\"https:\\\/\\\/landioustravel.com\\\/it\\\/complesso-piramide-giza\\\/grande-sfinge\\\/#local-main-organization-logo\"},\"sameAs\":[\"https:\\\/\\\/web.facebook.com\\\/landiousEgypt\",\"https:\\\/\\\/x.com\\\/LandiousTours\",\"https:\\\/\\\/mastodon.social\\\/@landious\"],\"legalName\":\"Landious Travel\",\"telephone\":[],\"openingHoursSpecification\":[{\"@type\":\"OpeningHoursSpecification\",\"dayOfWeek\":[\"Monday\",\"Tuesday\",\"Wednesday\",\"Thursday\",\"Friday\",\"Saturday\",\"Sunday\"],\"opens\":\"09:00\",\"closes\":\"17:00\"}]},{\"@type\":\"ImageObject\",\"inLanguage\":\"it-IT\",\"@id\":\"https:\\\/\\\/landioustravel.com\\\/it\\\/complesso-piramide-giza\\\/grande-sfinge\\\/#local-main-organization-logo\",\"url\":\"https:\\\/\\\/i0.wp.com\\\/landioustravel.com\\\/wp-content\\\/uploads\\\/2021\\\/06\\\/Landious-T.png?fit=500%2C500&ssl=1\",\"contentUrl\":\"https:\\\/\\\/i0.wp.com\\\/landioustravel.com\\\/wp-content\\\/uploads\\\/2021\\\/06\\\/Landious-T.png?fit=500%2C500&ssl=1\",\"width\":500,\"height\":500,\"caption\":\"Landious Travel\"}]}<\/script>\n<!-- \/ Yoast SEO Premium plugin. -->","yoast_head_json":{"title":"Grande Sfinge - Posizione e storia - Landious Travel","description":"Grande Sfinge \u00e8 una delle sculture pi\u00f9 significative al mondo. Mostrando il corpo di un leone sdraiato e una testa umana, si trova a quasi 66","robots":{"index":"index","follow":"follow","max-snippet":"max-snippet:-1","max-image-preview":"max-image-preview:large","max-video-preview":"max-video-preview:-1"},"canonical":"https:\/\/landioustravel.com\/it\/complesso-piramide-giza\/grande-sfinge\/","og_locale":"it_IT","og_type":"article","og_title":"Grande Sfinge","og_description":"Grande Sfinge \u00e8 una delle sculture pi\u00f9 significative al mondo. Mostrando il corpo di un leone sdraiato e una testa umana, si trova a quasi 66","og_url":"https:\/\/landioustravel.com\/it\/complesso-piramide-giza\/grande-sfinge\/","og_site_name":"Landious Travel","article_publisher":"https:\/\/web.facebook.com\/landiousEgypt","article_modified_time":"2021-09-26T09:54:18+00:00","twitter_card":"summary_large_image","twitter_site":"@LandiousTours","twitter_misc":{"Tempo di lettura stimato":"6 minuti"},"schema":{"@context":"https:\/\/schema.org","@graph":[{"@type":"WebPage","@id":"https:\/\/landioustravel.com\/it\/complesso-piramide-giza\/grande-sfinge\/","url":"https:\/\/landioustravel.com\/it\/complesso-piramide-giza\/grande-sfinge\/","name":"Grande Sfinge - Posizione e storia - Landious Travel","isPartOf":{"@id":"https:\/\/landioustravel.com\/it\/#website"},"datePublished":"2021-09-25T19:56:03+00:00","dateModified":"2021-09-26T09:54:18+00:00","description":"Grande Sfinge \u00e8 una delle sculture pi\u00f9 significative al mondo. Mostrando il corpo di un leone sdraiato e una testa umana, si trova a quasi 66","breadcrumb":{"@id":"https:\/\/landioustravel.com\/it\/complesso-piramide-giza\/grande-sfinge\/#breadcrumb"},"inLanguage":"it-IT","potentialAction":[{"@type":"ReadAction","target":["https:\/\/landioustravel.com\/it\/complesso-piramide-giza\/grande-sfinge\/"]}]},{"@type":"BreadcrumbList","@id":"https:\/\/landioustravel.com\/it\/complesso-piramide-giza\/grande-sfinge\/#breadcrumb","itemListElement":[{"@type":"ListItem","position":1,"name":"Home","item":"https:\/\/landioustravel.com\/it\/"},{"@type":"ListItem","position":2,"name":"Complesso della piramide di Giza","item":"https:\/\/landioustravel.com\/it\/complesso-piramide-giza\/"},{"@type":"ListItem","position":3,"name":"Grande Sfinge"}]},{"@type":"WebSite","@id":"https:\/\/landioustravel.com\/it\/#website","url":"https:\/\/landioustravel.com\/it\/","name":"Landious Travel","description":"Excursions, trips and cruises in Egypt","publisher":{"@id":"https:\/\/landioustravel.com\/it\/#organization"},"potentialAction":[{"@type":"SearchAction","target":{"@type":"EntryPoint","urlTemplate":"https:\/\/landioustravel.com\/it\/?s={search_term_string}"},"query-input":{"@type":"PropertyValueSpecification","valueRequired":true,"valueName":"search_term_string"}}],"inLanguage":"it-IT"},{"@type":["Organization","Place"],"@id":"https:\/\/landioustravel.com\/it\/#organization","name":"Landious Travel","alternateName":"Landious Travel","url":"https:\/\/landioustravel.com\/it\/","logo":{"@id":"https:\/\/landioustravel.com\/it\/complesso-piramide-giza\/grande-sfinge\/#local-main-organization-logo"},"image":{"@id":"https:\/\/landioustravel.com\/it\/complesso-piramide-giza\/grande-sfinge\/#local-main-organization-logo"},"sameAs":["https:\/\/web.facebook.com\/landiousEgypt","https:\/\/x.com\/LandiousTours","https:\/\/mastodon.social\/@landious"],"legalName":"Landious Travel","telephone":[],"openingHoursSpecification":[{"@type":"OpeningHoursSpecification","dayOfWeek":["Monday","Tuesday","Wednesday","Thursday","Friday","Saturday","Sunday"],"opens":"09:00","closes":"17:00"}]},{"@type":"ImageObject","inLanguage":"it-IT","@id":"https:\/\/landioustravel.com\/it\/complesso-piramide-giza\/grande-sfinge\/#local-main-organization-logo","url":"https:\/\/i0.wp.com\/landioustravel.com\/wp-content\/uploads\/2021\/06\/Landious-T.png?fit=500%2C500&ssl=1","contentUrl":"https:\/\/i0.wp.com\/landioustravel.com\/wp-content\/uploads\/2021\/06\/Landious-T.png?fit=500%2C500&ssl=1","width":500,"height":500,"caption":"Landious Travel"}]}},"uagb_featured_image_src":{"full":false,"thumbnail":false,"medium":false,"medium_large":false,"large":false,"1536x1536":false,"2048x2048":false,"newspack-article-block-landscape-large":false,"newspack-article-block-portrait-large":false,"newspack-article-block-square-large":false,"newspack-article-block-landscape-medium":false,"newspack-article-block-portrait-medium":false,"newspack-article-block-square-medium":false,"newspack-article-block-landscape-intermediate":false,"newspack-article-block-portrait-intermediate":false,"newspack-article-block-square-intermediate":false,"newspack-article-block-landscape-small":false,"newspack-article-block-portrait-small":false,"newspack-article-block-square-small":false,"newspack-article-block-landscape-tiny":false,"newspack-article-block-portrait-tiny":false,"newspack-article-block-square-tiny":false,"newspack-article-block-uncropped":false,"woocommerce_thumbnail":false,"woocommerce_single":false,"woocommerce_gallery_thumbnail":false},"uagb_author_info":{"display_name":"Mofreh Landious","author_link":"https:\/\/landioustravel.com\/it\/author\/landious\/"},"uagb_comment_info":0,"uagb_excerpt":"La Grande Sfinge \u00e8 una delle sculture pi\u00f9 significative al mondo. Mostrando il corpo di un leone sdraiato e una testa umana, si trova a quasi 66 piedi. La lunghezza di questa magnifica statua \u00e8 di circa 240 piedi. Un copricapo reale adorna la testa umana della Sfinge. Questa statua gigante si trova nel tempio&hellip;","jetpack_sharing_enabled":true,"jetpack_shortlink":"https:\/\/wp.me\/Par4r5-9U9","jetpack_likes_enabled":true,"amp_enabled":true,"_links":{"self":[{"href":"https:\/\/landioustravel.com\/it\/wp-json\/wp\/v2\/pages\/38077","targetHints":{"allow":["GET"]}}],"collection":[{"href":"https:\/\/landioustravel.com\/it\/wp-json\/wp\/v2\/pages"}],"about":[{"href":"https:\/\/landioustravel.com\/it\/wp-json\/wp\/v2\/types\/page"}],"author":[{"embeddable":true,"href":"https:\/\/landioustravel.com\/it\/wp-json\/wp\/v2\/users\/1"}],"replies":[{"embeddable":true,"href":"https:\/\/landioustravel.com\/it\/wp-json\/wp\/v2\/comments?post=38077"}],"version-history":[{"count":0,"href":"https:\/\/landioustravel.com\/it\/wp-json\/wp\/v2\/pages\/38077\/revisions"}],"up":[{"embeddable":true,"href":"https:\/\/landioustravel.com\/it\/wp-json\/wp\/v2\/pages\/36645"}],"wp:attachment":[{"href":"https:\/\/landioustravel.com\/it\/wp-json\/wp\/v2\/media?parent=38077"}],"curies":[{"name":"wp","href":"https:\/\/api.w.org\/{rel}","templated":true}]}}