{"id":38174,"date":"2021-09-27T11:32:33","date_gmt":"2021-09-27T09:32:33","guid":{"rendered":"https:\/\/landioustravel.com\/?page_id=38174"},"modified":"2021-09-27T17:35:10","modified_gmt":"2021-09-27T15:35:10","slug":"piramide-menkaure","status":"publish","type":"page","link":"https:\/\/landioustravel.com\/it\/complesso-piramide-giza\/piramide-menkaure\/","title":{"rendered":"Piramide di Menkaure"},"content":{"rendered":"\n<p class=\"wp-block-paragraph\">Menkaure \u00e8 la terza piramide del <a href=\"https:\/\/landioustravel.com\/it\/complesso-piramide-giza\/\">complesso della Piramide di Giza<\/a> situata nella Grande <a href=\"https:\/\/landioustravel.com\/it\/egitto\/citta-egiziane\/governatorato-cairo\/\">Cairo<\/a>, in <a href=\"https:\/\/landioustravel.com\/it\/egitto\/\">Egitto<\/a>. La pi\u00f9 piccola delle tre, questa bellissima struttura raggiunge i 66 metri (218 piedi). Nonostante sia breve, la piramide di Menkaure ospita alcune delle sculture pi\u00f9 belle della <a href=\"https:\/\/landioustravel.com\/it\/egitto\/storia-egitto\/storia-egiziana-antica\/\">storia dell&#8217;antico Egitto<\/a>.<\/p>\n\n\n\t\t\t\t<div class=\"wp-block-uagb-table-of-contents uagb-toc__align-left uagb-toc__columns-1  uagb-block-e570765d      \"\n\t\t\t\t\tdata-scroll= \"1\"\n\t\t\t\t\tdata-offset= \"30\"\n\t\t\t\t\tstyle=\"\"\n\t\t\t\t>\n\t\t\t\t<div class=\"uagb-toc__wrap\">\n\t\t\t\t\t\t<div class=\"uagb-toc__title\">\n\t\t\t\t\t\t\tTable Of Contents\t\t\t\t\t\t<\/div>\n\t\t\t\t\t\t\t\t\t\t\t\t\t\t\t\t\t\t\t\t\t\t<div class=\"uagb-toc__list-wrap \">\n\t\t\t\t\t\t<ol class=\"uagb-toc__list\"><li class=\"uagb-toc__list\"><a href=\"#posizione-della-piramide-di-menkaure\" class=\"uagb-toc-link__trigger\">Posizione della piramide di Menkaure<\/a><li class=\"uagb-toc__list\"><a href=\"#quando-gli-antichi-egizi-costruirono-la-piramide-di-menkaure\" class=\"uagb-toc-link__trigger\">Quando gli antichi egizi costruirono la piramide di Menkaure?<\/a><li class=\"uagb-toc__list\"><a href=\"#perch\u00e9-gli-antichi-egizi-costruirono-la-piramide-di-menkaure\" class=\"uagb-toc-link__trigger\">Perch\u00e9 gli antichi egizi costruirono la piramide di Menkaure?<\/a><li class=\"uagb-toc__list\"><a href=\"#chi-\u00e8-il-faraone-menkaure\" class=\"uagb-toc-link__trigger\">Chi \u00e8 il faraone Menkaure?<\/a><li class=\"uagb-toc__list\"><a href=\"#storia\" class=\"uagb-toc-link__trigger\">Storia<\/a><li class=\"uagb-toc__list\"><a href=\"#dimensioni-del-monumento\" class=\"uagb-toc-link__trigger\">Dimensioni del monumento<\/a><li class=\"uagb-toc__list\"><a href=\"#particolarit\u00e0-della-piramide\" class=\"uagb-toc-link__trigger\">Particolarit\u00e0 della Piramide<\/a><li class=\"uagb-toc__list\"><a href=\"#capire-la-costruzione-della-piramide\" class=\"uagb-toc-link__trigger\">Capire la costruzione della piramide<\/a><li class=\"uagb-toc__list\"><a href=\"#interno-della-piramide\" class=\"uagb-toc-link__trigger\">Interno della Piramide<\/a><li class=\"uagb-toc__list\"><a href=\"#tentativi-di-demolizione\" class=\"uagb-toc-link__trigger\">Tentativi di demolizione<\/a><li class=\"uagb-toc__list\"><a href=\"#conclusione\" class=\"uagb-toc-link__trigger\">Conclusione<\/a><\/ol>\t\t\t\t\t<\/div>\n\t\t\t\t\t\t\t\t\t<\/div>\n\t\t\t\t<\/div>\n\t\t\t\n\n\n<h2 class=\"wp-block-heading\" id=\"h-posizione-della-piramide-di-menkaure\">Posizione della piramide di Menkaure<\/h2>\n\n\n\n<p class=\"wp-block-paragraph\">La piramide funge da mausoleo di Menkaure, il quinto re della quarta dinastia. Menkaure \u00e8 la pi\u00f9 meridionale e l&#8217;ultima piramide costruita nella <a href=\"https:\/\/landioustravel.com\/it\/complesso-piramide-giza\/\">necropoli di Giza<\/a>.<\/p>\n\n\n\n<p class=\"wp-block-paragraph\">L&#8217;altopiano di Giza ospita la famosa struttura insieme ai suoi complessi adiacenti. Parte del trio di piramidi, Menkaure si trova nella periferia sud-ovest del Cairo, in Egitto.<\/p>\n\n\n\n<p class=\"wp-block-paragraph\">Quindi, pu\u00f2 essere avvistato poche centinaia di metri a sud-ovest delle sue strutture vicine relativamente pi\u00f9 grandi. Insieme, la Piramide di Chefren, la Grande Piramide di Cheope e Menkaure formano la famosa Necropoli di Giza.<\/p>\n\n\n\n<div style=\"min-height:400px\" data-map-attr=\"\/qaddress\/q:\/qpyramid of menkaure\/q||\/qlat\/q:\/qundefined\/q||\/qlng\/q:\/qundefined\/q||\/qskin\/q:\/qstandard\/q||\/qzoom\/q:\/q12\/q||\/qiconSize\/q:\/q36\/q||\/qmapTypeControl\/q:\/qtrue\/q||\/qzoomControl\/q:\/qtrue\/q||\/qstreetViewControl\/q:\/qtrue\/q||\/qfullscreenControl\/q:\/qtrue\/q\" class=\"wp-block-coblocks-map\"><iframe title=\"Google Map\" frameborder=\"0\" style=\"width:100%;min-height:400px\" src=\"https:\/\/www.google.com\/maps?q=pyramid%20of%20menkaure&amp;output=embed&amp;hl=en-US&amp;z=12\"><\/iframe><\/div>\n\n\n\n<h2 class=\"wp-block-heading\">Quando gli antichi egizi costruirono la piramide di Menkaure?<\/h2>\n\n\n\n<p class=\"wp-block-paragraph\">Storicamente possiamo presumere che gli antichi egizi costruirono Menkaure nel 26\u00b0 secolo aC. Tuttavia, non possiamo individuare la data di costruzione poich\u00e9 il regno del Faraone rimane storicamente indefinito. Il faraone della quarta dinastia, Menkaure, govern\u00f2 l&#8217;antico Egitto tra il 2532 e il 2515 a.C. Quindi, possiamo probabilmente presumere che abbia costruito questa piramide durante quel periodo.<\/p>\n\n\n\n<h2 class=\"wp-block-heading\">Perch\u00e9 gli antichi egizi costruirono la piramide di Menkaure?<\/h2>\n\n\n\n<p class=\"wp-block-paragraph\">Il nobile Faraone era figlio e successore di Chefren. Menkaure intendeva che il suo mausoleo fosse l&#8217;ultimo tra le grandi piramidi. Inoltre, Khufu era il nonno del faraone Menkaure. Pertanto, la posizione di questo monumento \u00e8 stata una scelta ben ponderata.<\/p>\n\n\n\n<p class=\"wp-block-paragraph\">A volte i faraoni sceglievano di costruire i loro mausolei vicino ai loro padri. Gli storici ritenevano che il re volesse essere nel lignaggio della famiglia. Inoltre, gli antichi egizi credevano che i faraoni avessero bisogno di oggetti particolari per avere successo nell&#8217;aldil\u00e0. Quindi, la Piramide fungeva da luogo di sepoltura e monumento al re.<\/p>\n\n\n\n<h2 class=\"wp-block-heading\">Chi \u00e8 il faraone Menkaure?<\/h2>\n\n\n\n<p class=\"wp-block-paragraph\">Secondo il Papiro di Torino, il re Menkaure govern\u00f2 l&#8217;antico Egitto per quasi 18-22 anni. Conosciuto anche con il suo nome ellenizzato Mykerinos, il Faraone \u00e8 famoso per la sua tomba.<\/p>\n\n\n\n<h2 class=\"wp-block-heading\">Storia<\/h2>\n\n\n\n<p class=\"wp-block-paragraph\">Gli ufficiali dell&#8217;esercito inglese Richard William Howard Vyse e John Shae, un ingegnere, iniziarono gli scavi nella Piramide nel 1837. Scoprirono un sarcofago e poi lo rimuoverono dall&#8217;intera struttura. Successivamente, lo spedirono al British Museum di Londra.<\/p>\n\n\n\n<p class=\"wp-block-paragraph\">Il sarcofago di basalto scoperto era meravigliosamente ricco di dettagli. Si dice anche che contenesse un audace cornicione decorativo. Apparentemente, al suo interno, hanno trovato le ossa di una giovane donna.<\/p>\n\n\n\n<p class=\"wp-block-paragraph\">Tuttavia, la nave mercantile che trasportava la bara soccombe nel Mar Mediterraneo dopo aver lasciato il porto di Malta. Di conseguenza, dopo lo sfortunato incidente del 1838, il vascello di Beatrice scomparve per sempre in mare.<\/p>\n\n\n\n<p class=\"wp-block-paragraph\">Di sicuro, \u00e8 stata una delle rare bare rimaste dall&#8217;antico Egitto a sopravvivere nei tempi moderni. Pertanto, hanno spedito separatamente i restanti materiali recuperati. Attualmente, il British Museum espone questi materiali con i resti della bara di legno tra le sue mostre.<\/p>\n\n\n\n<h2 class=\"wp-block-heading\">Dimensioni del monumento<\/h2>\n\n\n\n<p class=\"wp-block-paragraph\">Inizialmente, la piramide raggiunse l&#8217;altezza di 65,5 metri (215 piedi). Pertanto, facendo di Menkaure la pi\u00f9 piccola piramide delle tre strutture.<\/p>\n\n\n\n<p class=\"wp-block-paragraph\">Con una base di 108,5 m (356 ft), la Piramide ha un&#8217;inclinazione di circa 51\u00b0 20&#8217;25&#8221;. Attualmente, si trova all&#8217;altezza di 61 m (200 piedi). Le misure avvicinano la struttura a una piramide perfetta.<\/p>\n\n\n\n<h2 class=\"wp-block-heading\">Particolarit\u00e0 della Piramide<\/h2>\n\n\n\n<p class=\"wp-block-paragraph\">L&#8217;antica lingua egiziana si riferisce a questa bellissima piramide come &#8220;Netjer-er-Menkaure&#8221;, che si traduce in &#8220;Menkaure Is Divine&#8221;.<\/p>\n\n\n\n<p class=\"wp-block-paragraph\">Nonostante il nome glorioso, ci sono prove che gli antichi egizi lasciassero questo monumento incompleto. La differenza comparativa nelle dimensioni di Menkaure pu\u00f2 essere correlata a un nuovo processo in quel periodo. Nel tempo, gli antichi egizi abbandonarono la costruzione di piramidi; invece, scavarono tombe segrete nelle rocce con grandi templi funerari. Successivamente, Menkaure funge da strumento per gli archeologi per scoprire come gli antichi egizi eressero queste incredibili strutture.<\/p>\n\n\n\n<h2 class=\"wp-block-heading\">Capire la costruzione della piramide<\/h2>\n\n\n\n<p class=\"wp-block-paragraph\">La Piramide di Menkaure costituisce principalmente calcare e granito di <a href=\"https:\/\/landioustravel.com\/it\/egitto\/citta-egiziane\/governatorato-assuan\/\">Assuan<\/a>. I predecessori dei <a href=\"https:\/\/landioustravel.com\/it\/egitto\/faraoni-degitto\/\">faraoni<\/a> usavano il calcare per l&#8217;involucro esterno delle piramidi. Tuttavia, Menkaure ha scelto il granito per lo stesso scopo. Gli antichi estraevano questo granito ad Assuan, a pi\u00f9 di 800 km di distanza. La logistica nel trasporto dei blocchi di granito nella posizione effettiva era di per s\u00e9 sbalorditiva. A parte questo, il materiale scelto aveva una struttura molto pi\u00f9 ruvida del calcare.<\/p>\n\n\n\n<p class=\"wp-block-paragraph\">Tuttavia, il resto della struttura costituisce calcare e solo il quarto inferiore utilizza il granito. Prima che gli antichi costruttori costruissero completamente, il Faraone mor\u00ec tristemente. Successivamente, non sono stati in grado di levigare la maggior parte dei blocchi di rivestimento in granito della piramide. Inoltre, i suoi templi a valle adiacenti prevedevano l&#8217;uso di blocchi di calcare racchiusi in granito. Tuttavia, alla fine hanno completato queste strutture con mattoni di fango imbiancati.<\/p>\n\n\n\n<p class=\"wp-block-paragraph\">In sintesi, i primi sedici corsi dei compromessi esterni di granito rosso. La consueta pietra calcarea di <a href=\"https:\/\/www.google.com\/maps\/place\/Tura,+Cairo+Governorate\/@29.9325566,31.2490294,12z\/data=!3m1!4b1!4m5!3m4!1s0x14583793ae77a5f9:0xf5cd7d30e2aad640!8m2!3d29.9384103!4d31.3198491\" target=\"_blank\" rel=\"noreferrer noopener\">Tura<\/a> rivestiva la successiva porzione superiore.<\/p>\n\n\n\n<h2 class=\"wp-block-heading\">Interno della Piramide<\/h2>\n\n\n\n<p class=\"wp-block-paragraph\">L&#8217;ingresso alla piramide si trova sul lato nord della struttura ed \u00e8 alto quasi quattro metri. Successivamente tale ingresso si apre in un corridoio discendente parzialmente rivestito in granito rosa. Oltre la galleria si trova una camera rivestita di pannelli con nicchie scavate nelle pareti. Lo scopo originale di questa camera decorativa rimane sconosciuto.<\/p>\n\n\n\n<p class=\"wp-block-paragraph\">Inoltre, questa camera conduce a una piccola anticamera disadorna che si trova sotto l&#8217;asse della piramide. Da questa anticamera, un corridoio inferiore si collega alla camera funeraria.<\/p>\n\n\n\n<p class=\"wp-block-paragraph\">Questa stanza va da nord a sud. La camera in granito rosa sorregge un soffitto a capanna con volta a botte. Inoltre, Vyse ha scoperto il colossale sarcofago di basalto proprio in questa camera.<\/p>\n\n\n\n<h2 class=\"wp-block-heading\">Tentativi di demolizione<\/h2>\n\n\n\n<p class=\"wp-block-paragraph\">Nel XII secolo, il secondo sultano ayyubide d&#8217;Egitto tent\u00f2 di distruggere la piramide di Menkaure. Tuttavia, ci\u00f2 ha provocato uno squarcio sgradevole sulla parete nord della piramide. Dopo otto mesi di lotta, il sultano decise di rinunciare a questo ingombrante compito.<\/p>\n\n\n\n<h2 class=\"wp-block-heading\">Conclusione<\/h2>\n\n\n\n<p class=\"wp-block-paragraph\">La piramide di Menkaure continua ad essere una testimonianza della grandezza dei re dell&#8217;antico Egitto. Nonostante la differenza di dimensioni, questa piramide ospita alcune delle reliquie pi\u00f9 belle del mondo antico. Il pubblico pu\u00f2 anche vedere le varie statue del re e gli splendidi diadi nel Boston Museum of the Fine Arts. Senza dubbio, questa bellissima struttura continua ad essere uno dei monumenti pi\u00f9 imponenti dell&#8217;Antico Egitto.<\/p>\n","protected":false},"excerpt":{"rendered":"<p>Menkaure \u00e8 la terza piramide del complesso della Piramide di Giza situata nella Grande Cairo, in Egitto. La pi\u00f9 piccola delle tre, questa bellissima struttura raggiunge i 66 metri (218 piedi). Nonostante sia breve, la piramide di Menkaure ospita alcune delle sculture pi\u00f9 belle della storia dell&#8217;antico Egitto. Posizione della piramide di Menkaure La piramide [&hellip;]<\/p>\n","protected":false},"author":1,"featured_media":0,"parent":36645,"menu_order":0,"comment_status":"open","ping_status":"closed","template":"","meta":{"_coblocks_attr":"","_coblocks_dimensions":"","_coblocks_responsive_height":"","_coblocks_accordion_ie_support":"","_uag_custom_page_level_css":"","footnotes":"","big_sky_generated":false},"class_list":["post-38174","page","type-page","status-publish","hentry"],"yoast_head":"<!-- This site is optimized with the Yoast SEO Premium plugin v27.6 (Yoast SEO v27.6) - https:\/\/yoast.com\/product\/yoast-seo-premium-wordpress\/ -->\n<title>Piramide di Menkaure - Posizione e storia - Landious Travel<\/title>\n<meta name=\"description\" content=\"Piramide di Menkaure \u00e8 la terza piramide del complesso della Piramide di Giza situata nella Grande Cairo, in Egitto. La pi\u00f9 piccola delle\" \/>\n<meta name=\"robots\" content=\"index, follow, max-snippet:-1, max-image-preview:large, max-video-preview:-1\" \/>\n<link rel=\"canonical\" href=\"https:\/\/landioustravel.com\/it\/complesso-piramide-giza\/piramide-menkaure\/\" \/>\n<meta property=\"og:locale\" content=\"it_IT\" \/>\n<meta property=\"og:type\" content=\"article\" \/>\n<meta property=\"og:title\" content=\"Piramide di Menkaure\" \/>\n<meta property=\"og:description\" content=\"Piramide di Menkaure \u00e8 la terza piramide del complesso della Piramide di Giza situata nella Grande Cairo, in Egitto. La pi\u00f9 piccola delle\" \/>\n<meta property=\"og:url\" content=\"https:\/\/landioustravel.com\/it\/complesso-piramide-giza\/piramide-menkaure\/\" \/>\n<meta property=\"og:site_name\" content=\"Landious Travel\" \/>\n<meta property=\"article:publisher\" content=\"https:\/\/web.facebook.com\/landiousEgypt\" \/>\n<meta property=\"article:modified_time\" content=\"2021-09-27T15:35:10+00:00\" \/>\n<meta name=\"twitter:card\" content=\"summary_large_image\" \/>\n<meta name=\"twitter:site\" content=\"@LandiousTours\" \/>\n<meta name=\"twitter:label1\" content=\"Tempo di lettura stimato\" \/>\n\t<meta name=\"twitter:data1\" content=\"5 minuti\" \/>\n<script type=\"application\/ld+json\" class=\"yoast-schema-graph\">{\"@context\":\"https:\\\/\\\/schema.org\",\"@graph\":[{\"@type\":\"WebPage\",\"@id\":\"https:\\\/\\\/landioustravel.com\\\/it\\\/complesso-piramide-giza\\\/piramide-menkaure\\\/\",\"url\":\"https:\\\/\\\/landioustravel.com\\\/it\\\/complesso-piramide-giza\\\/piramide-menkaure\\\/\",\"name\":\"Piramide di Menkaure - Posizione e storia - Landious Travel\",\"isPartOf\":{\"@id\":\"https:\\\/\\\/landioustravel.com\\\/it\\\/#website\"},\"datePublished\":\"2021-09-27T09:32:33+00:00\",\"dateModified\":\"2021-09-27T15:35:10+00:00\",\"description\":\"Piramide di Menkaure \u00e8 la terza piramide del complesso della Piramide di Giza situata nella Grande Cairo, in Egitto. La pi\u00f9 piccola delle\",\"breadcrumb\":{\"@id\":\"https:\\\/\\\/landioustravel.com\\\/it\\\/complesso-piramide-giza\\\/piramide-menkaure\\\/#breadcrumb\"},\"inLanguage\":\"it-IT\",\"potentialAction\":[{\"@type\":\"ReadAction\",\"target\":[\"https:\\\/\\\/landioustravel.com\\\/it\\\/complesso-piramide-giza\\\/piramide-menkaure\\\/\"]}]},{\"@type\":\"BreadcrumbList\",\"@id\":\"https:\\\/\\\/landioustravel.com\\\/it\\\/complesso-piramide-giza\\\/piramide-menkaure\\\/#breadcrumb\",\"itemListElement\":[{\"@type\":\"ListItem\",\"position\":1,\"name\":\"Home\",\"item\":\"https:\\\/\\\/landioustravel.com\\\/it\\\/\"},{\"@type\":\"ListItem\",\"position\":2,\"name\":\"Complesso della piramide di Giza\",\"item\":\"https:\\\/\\\/landioustravel.com\\\/it\\\/complesso-piramide-giza\\\/\"},{\"@type\":\"ListItem\",\"position\":3,\"name\":\"Piramide di Menkaure\"}]},{\"@type\":\"WebSite\",\"@id\":\"https:\\\/\\\/landioustravel.com\\\/it\\\/#website\",\"url\":\"https:\\\/\\\/landioustravel.com\\\/it\\\/\",\"name\":\"Landious Travel\",\"description\":\"Excursions, trips and cruises in Egypt\",\"publisher\":{\"@id\":\"https:\\\/\\\/landioustravel.com\\\/it\\\/#organization\"},\"potentialAction\":[{\"@type\":\"SearchAction\",\"target\":{\"@type\":\"EntryPoint\",\"urlTemplate\":\"https:\\\/\\\/landioustravel.com\\\/it\\\/?s={search_term_string}\"},\"query-input\":{\"@type\":\"PropertyValueSpecification\",\"valueRequired\":true,\"valueName\":\"search_term_string\"}}],\"inLanguage\":\"it-IT\"},{\"@type\":[\"Organization\",\"Place\"],\"@id\":\"https:\\\/\\\/landioustravel.com\\\/it\\\/#organization\",\"name\":\"Landious Travel\",\"alternateName\":\"Landious Travel\",\"url\":\"https:\\\/\\\/landioustravel.com\\\/it\\\/\",\"logo\":{\"@id\":\"https:\\\/\\\/landioustravel.com\\\/it\\\/complesso-piramide-giza\\\/piramide-menkaure\\\/#local-main-organization-logo\"},\"image\":{\"@id\":\"https:\\\/\\\/landioustravel.com\\\/it\\\/complesso-piramide-giza\\\/piramide-menkaure\\\/#local-main-organization-logo\"},\"sameAs\":[\"https:\\\/\\\/web.facebook.com\\\/landiousEgypt\",\"https:\\\/\\\/x.com\\\/LandiousTours\",\"https:\\\/\\\/mastodon.social\\\/@landious\"],\"legalName\":\"Landious Travel\",\"telephone\":[],\"openingHoursSpecification\":[{\"@type\":\"OpeningHoursSpecification\",\"dayOfWeek\":[\"Monday\",\"Tuesday\",\"Wednesday\",\"Thursday\",\"Friday\",\"Saturday\",\"Sunday\"],\"opens\":\"09:00\",\"closes\":\"17:00\"}]},{\"@type\":\"ImageObject\",\"inLanguage\":\"it-IT\",\"@id\":\"https:\\\/\\\/landioustravel.com\\\/it\\\/complesso-piramide-giza\\\/piramide-menkaure\\\/#local-main-organization-logo\",\"url\":\"https:\\\/\\\/i0.wp.com\\\/landioustravel.com\\\/wp-content\\\/uploads\\\/2021\\\/06\\\/Landious-T.png?fit=500%2C500&ssl=1\",\"contentUrl\":\"https:\\\/\\\/i0.wp.com\\\/landioustravel.com\\\/wp-content\\\/uploads\\\/2021\\\/06\\\/Landious-T.png?fit=500%2C500&ssl=1\",\"width\":500,\"height\":500,\"caption\":\"Landious Travel\"}]}<\/script>\n<!-- \/ Yoast SEO Premium plugin. -->","yoast_head_json":{"title":"Piramide di Menkaure - Posizione e storia - Landious Travel","description":"Piramide di Menkaure \u00e8 la terza piramide del complesso della Piramide di Giza situata nella Grande Cairo, in Egitto. La pi\u00f9 piccola delle","robots":{"index":"index","follow":"follow","max-snippet":"max-snippet:-1","max-image-preview":"max-image-preview:large","max-video-preview":"max-video-preview:-1"},"canonical":"https:\/\/landioustravel.com\/it\/complesso-piramide-giza\/piramide-menkaure\/","og_locale":"it_IT","og_type":"article","og_title":"Piramide di Menkaure","og_description":"Piramide di Menkaure \u00e8 la terza piramide del complesso della Piramide di Giza situata nella Grande Cairo, in Egitto. La pi\u00f9 piccola delle","og_url":"https:\/\/landioustravel.com\/it\/complesso-piramide-giza\/piramide-menkaure\/","og_site_name":"Landious Travel","article_publisher":"https:\/\/web.facebook.com\/landiousEgypt","article_modified_time":"2021-09-27T15:35:10+00:00","twitter_card":"summary_large_image","twitter_site":"@LandiousTours","twitter_misc":{"Tempo di lettura stimato":"5 minuti"},"schema":{"@context":"https:\/\/schema.org","@graph":[{"@type":"WebPage","@id":"https:\/\/landioustravel.com\/it\/complesso-piramide-giza\/piramide-menkaure\/","url":"https:\/\/landioustravel.com\/it\/complesso-piramide-giza\/piramide-menkaure\/","name":"Piramide di Menkaure - Posizione e storia - Landious Travel","isPartOf":{"@id":"https:\/\/landioustravel.com\/it\/#website"},"datePublished":"2021-09-27T09:32:33+00:00","dateModified":"2021-09-27T15:35:10+00:00","description":"Piramide di Menkaure \u00e8 la terza piramide del complesso della Piramide di Giza situata nella Grande Cairo, in Egitto. La pi\u00f9 piccola delle","breadcrumb":{"@id":"https:\/\/landioustravel.com\/it\/complesso-piramide-giza\/piramide-menkaure\/#breadcrumb"},"inLanguage":"it-IT","potentialAction":[{"@type":"ReadAction","target":["https:\/\/landioustravel.com\/it\/complesso-piramide-giza\/piramide-menkaure\/"]}]},{"@type":"BreadcrumbList","@id":"https:\/\/landioustravel.com\/it\/complesso-piramide-giza\/piramide-menkaure\/#breadcrumb","itemListElement":[{"@type":"ListItem","position":1,"name":"Home","item":"https:\/\/landioustravel.com\/it\/"},{"@type":"ListItem","position":2,"name":"Complesso della piramide di Giza","item":"https:\/\/landioustravel.com\/it\/complesso-piramide-giza\/"},{"@type":"ListItem","position":3,"name":"Piramide di Menkaure"}]},{"@type":"WebSite","@id":"https:\/\/landioustravel.com\/it\/#website","url":"https:\/\/landioustravel.com\/it\/","name":"Landious Travel","description":"Excursions, trips and cruises in Egypt","publisher":{"@id":"https:\/\/landioustravel.com\/it\/#organization"},"potentialAction":[{"@type":"SearchAction","target":{"@type":"EntryPoint","urlTemplate":"https:\/\/landioustravel.com\/it\/?s={search_term_string}"},"query-input":{"@type":"PropertyValueSpecification","valueRequired":true,"valueName":"search_term_string"}}],"inLanguage":"it-IT"},{"@type":["Organization","Place"],"@id":"https:\/\/landioustravel.com\/it\/#organization","name":"Landious Travel","alternateName":"Landious Travel","url":"https:\/\/landioustravel.com\/it\/","logo":{"@id":"https:\/\/landioustravel.com\/it\/complesso-piramide-giza\/piramide-menkaure\/#local-main-organization-logo"},"image":{"@id":"https:\/\/landioustravel.com\/it\/complesso-piramide-giza\/piramide-menkaure\/#local-main-organization-logo"},"sameAs":["https:\/\/web.facebook.com\/landiousEgypt","https:\/\/x.com\/LandiousTours","https:\/\/mastodon.social\/@landious"],"legalName":"Landious Travel","telephone":[],"openingHoursSpecification":[{"@type":"OpeningHoursSpecification","dayOfWeek":["Monday","Tuesday","Wednesday","Thursday","Friday","Saturday","Sunday"],"opens":"09:00","closes":"17:00"}]},{"@type":"ImageObject","inLanguage":"it-IT","@id":"https:\/\/landioustravel.com\/it\/complesso-piramide-giza\/piramide-menkaure\/#local-main-organization-logo","url":"https:\/\/i0.wp.com\/landioustravel.com\/wp-content\/uploads\/2021\/06\/Landious-T.png?fit=500%2C500&ssl=1","contentUrl":"https:\/\/i0.wp.com\/landioustravel.com\/wp-content\/uploads\/2021\/06\/Landious-T.png?fit=500%2C500&ssl=1","width":500,"height":500,"caption":"Landious Travel"}]}},"uagb_featured_image_src":{"full":false,"thumbnail":false,"medium":false,"medium_large":false,"large":false,"1536x1536":false,"2048x2048":false,"newspack-article-block-landscape-large":false,"newspack-article-block-portrait-large":false,"newspack-article-block-square-large":false,"newspack-article-block-landscape-medium":false,"newspack-article-block-portrait-medium":false,"newspack-article-block-square-medium":false,"newspack-article-block-landscape-intermediate":false,"newspack-article-block-portrait-intermediate":false,"newspack-article-block-square-intermediate":false,"newspack-article-block-landscape-small":false,"newspack-article-block-portrait-small":false,"newspack-article-block-square-small":false,"newspack-article-block-landscape-tiny":false,"newspack-article-block-portrait-tiny":false,"newspack-article-block-square-tiny":false,"newspack-article-block-uncropped":false,"woocommerce_thumbnail":false,"woocommerce_single":false,"woocommerce_gallery_thumbnail":false},"uagb_author_info":{"display_name":"Mofreh Landious","author_link":"https:\/\/landioustravel.com\/it\/author\/landious\/"},"uagb_comment_info":0,"uagb_excerpt":"Menkaure \u00e8 la terza piramide del complesso della Piramide di Giza situata nella Grande Cairo, in Egitto. La pi\u00f9 piccola delle tre, questa bellissima struttura raggiunge i 66 metri (218 piedi). Nonostante sia breve, la piramide di Menkaure ospita alcune delle sculture pi\u00f9 belle della storia dell&#8217;antico Egitto. Posizione della piramide di Menkaure La piramide&hellip;","jetpack_sharing_enabled":true,"jetpack_shortlink":"https:\/\/wp.me\/Par4r5-9VI","jetpack_likes_enabled":true,"amp_enabled":true,"_links":{"self":[{"href":"https:\/\/landioustravel.com\/it\/wp-json\/wp\/v2\/pages\/38174","targetHints":{"allow":["GET"]}}],"collection":[{"href":"https:\/\/landioustravel.com\/it\/wp-json\/wp\/v2\/pages"}],"about":[{"href":"https:\/\/landioustravel.com\/it\/wp-json\/wp\/v2\/types\/page"}],"author":[{"embeddable":true,"href":"https:\/\/landioustravel.com\/it\/wp-json\/wp\/v2\/users\/1"}],"replies":[{"embeddable":true,"href":"https:\/\/landioustravel.com\/it\/wp-json\/wp\/v2\/comments?post=38174"}],"version-history":[{"count":0,"href":"https:\/\/landioustravel.com\/it\/wp-json\/wp\/v2\/pages\/38174\/revisions"}],"up":[{"embeddable":true,"href":"https:\/\/landioustravel.com\/it\/wp-json\/wp\/v2\/pages\/36645"}],"wp:attachment":[{"href":"https:\/\/landioustravel.com\/it\/wp-json\/wp\/v2\/media?parent=38174"}],"curies":[{"name":"wp","href":"https:\/\/api.w.org\/{rel}","templated":true}]}}