{"id":39181,"date":"2021-10-10T13:46:36","date_gmt":"2021-10-10T11:46:36","guid":{"rendered":"https:\/\/landioustravel.com\/?page_id=39181"},"modified":"2021-10-11T01:19:25","modified_gmt":"2021-10-10T23:19:25","slug":"dea-tefnut","status":"publish","type":"page","link":"https:\/\/landioustravel.com\/it\/egitto\/divinita-egiziane\/dea-tefnut\/","title":{"rendered":"Dea Tefnut"},"content":{"rendered":"\n<p>Tefnut \u00e8 una divinit\u00e0 egizia dell&#8217;antica religione egiziana dell&#8217;aria umida, dell&#8217;umidit\u00e0, delle gocce di rugiada e della pioggia. Era una delle dee pi\u00f9 importanti dell&#8217;antica fede e associata a molte altre <a href=\"https:\/\/landioustravel.com\/it\/egitto\/divinita-egiziane\/\">divinit\u00e0<\/a> importanti. Secondo antichi testi, la dea Tefnut era sorella e consorte del dio dell&#8217;aria Shu. Inoltre, \u00e8 la madre di <a href=\"https:\/\/landioustravel.com\/it\/egitto\/divinita-egiziane\/dio-geb\/\">Geb<\/a> (padre dei serpenti) e Nut (dea del cielo).<\/p>\n\n\n\n<p>Le persone moderne hanno un facile accesso all&#8217;acqua, ma non possiamo dire lo stesso per gli antichi egizi. Circondata da un aspro dessert nel caldo estenuante, l&#8217;acqua ha svolto un ruolo vitale nel mantenere l&#8217;armonia cosmica per garantire che il <a href=\"https:\/\/landioustravel.com\/it\/egitto\/il-fiume-nilo\/\">fiume Nilo<\/a> prosperi. Le antiche tradizioni affermano che la dea Tefnut abbia svolto un ruolo essenziale nel farlo.<\/p>\n\n\n\n<h2 class=\"wp-block-heading\" id=\"h-le-associazioni-della-dea-tefnut\">Le Associazioni della Dea Tefnut<\/h2>\n\n\n\n<p>Tefnut \u00e8 una delle dee pi\u00f9 antiche dell&#8217;antica religione egizia. Poich\u00e9 \u00e8 la dea dell&#8217;acqua, \u00e8 presente sin dalla creazione della Terra. La mitologia egizia afferma che il creatore cosmico di Ra-Atum sput\u00f2 e diede alla luce Tefnut e suo fratello gemello, il dio Shu dell&#8217;aria secca.<\/p>\n\n\n\n<p>Tefnut e suo fratello Shu si completano a vicenda mentre esercitano forze opposte. Pi\u00f9 tardi divenne anche la consorte di Shu e diede alla luce Geb e Nut. I loro nipoti includevano divinit\u00e0 potenti come <a href=\"https:\/\/landioustravel.com\/it\/egitto\/divinita-egiziane\/dio-osiride\/\">Osiride<\/a>, <a href=\"https:\/\/landioustravel.com\/it\/egitto\/divinita-egiziane\/dea-nefti\/\">Nefti<\/a>, <a href=\"https:\/\/landioustravel.com\/it\/egitto\/divinita-egiziane\/dea-iside\/\">Iside<\/a> e <a href=\"https:\/\/landioustravel.com\/it\/egitto\/divinita-egiziane\/dio-set\/\">Set<\/a>. In alcune versioni, \u00e8 anche la nonna di <a href=\"https:\/\/landioustravel.com\/it\/egitto\/divinita-egiziane\/dio-horus\/\">Horus<\/a> il Vecchio e Horus il Giovane.<\/p>\n\n\n\n<p>Insieme a suo fratello, padre, figli e nipoti, Tefnut forma l&#8217;Enneade di Heliopolis, un gruppo di nove divinit\u00e0 adorate a Heliopolis. Come nel caso di altri dei pantheon, la storia dell&#8217;origine di Tefnuts varia a seconda delle diverse regioni.<\/p>\n\n\n\n<p>Tuttavia, il mito della creazione di Tefnut la mostra sempre come il prodotto della partenogenesi (riproduzione asessuata). Tutti questi racconti seguono un tema comune per la creazione di Tefnut. Questi racconti dicono che proveniva da una qualche forma di fluidi corporei.<\/p>\n\n\n\n<p>Nel mito di Heliopolitian, Ra-Atum starnut\u00ec e cre\u00f2 Tefnut con Shu. Il famoso Testo della Piramide 527 afferma: \u201cAtum fu creativo in quanto inizi\u00f2 a starnutire mentre si trovava a Heliopolis. E sono nati fratello e sorella, cio\u00e8 Shu e Tefnut\u201d.<\/p>\n\n\n\n<p>Altre versioni affermano che la saliva di Atum ha creato Tefnut. Il suono tef della parola Tefnut costituisce anche la parola che significa &#8220;sputare&#8221;. I testi della bara contengono riferimenti ai miti e affermano che Atum starnut\u00ec e Tefnut nacque dalla sua saliva. Altri testi religiosi affermano che Atum starnut\u00ec fuori la sua saliva per formare i gemelli.<\/p>\n\n\n\n<h2 class=\"wp-block-heading\">Iconografia e simbolismo<\/h2>\n\n\n\n<p>Gli antichi testi e simboli indicano Tefnut come una divinit\u00e0 leonina che assume la forma di un essere umano con una testa di leonessa. Questa rappresentazione proviene dal tempo in cui faceva parte della Grande Enneade di Eliopoli. I simboli la raffigurano spesso come una leonessa o in una forma completamente umana.<\/p>\n\n\n\n<p>Tefnut non \u00e8 l&#8217;unica dea raffigurata sotto forma di leonessa. Tuttavia, i simboli la rappresentano come una leonessa con le orecchie a punta. Al contrario, la <a href=\"https:\/\/landioustravel.com\/it\/egitto\/divinita-egiziane\/dea-sekhmet\/\">dea Sekhmet<\/a> \u00e8 una leonessa con le orecchie arrotondate.<\/p>\n\n\n\n<p>Il simbolismo di Tefnut come leone indica il suo potere e il suo ruolo di protettore. Pi\u00f9 tardi, diversi miti la dipingevano come l&#8217;ultimo protettore e guardiano di <a href=\"https:\/\/landioustravel.com\/it\/egitto\/divinita-egiziane\/dio-ra\/\">Ra<\/a>.<\/p>\n\n\n\n<p>Molti simboli la raffigurano come una forma completamente o semi antropomorfa. Queste forme la mostrano con indosso una parrucca coronata da un serpente ureo o un ureo e un disco solare. Questo simbolismo rafforzava il ruolo di Tefnut come protettore poich\u00e9 il simbolo era il segno divino di protezione.<\/p>\n\n\n\n<p>La XVIII e XIX dinastia ritraevano Tefnut in forma umana con un basso copricapo piatto coronato da piante germogliate. Insieme a ci\u00f2, a volte appare come un serpente dalla testa di leone. Diversi pezzi di collare raffigurano il suo viso in una forma a due teste con suo fratello Shu.<\/p>\n\n\n\n<p>La gente usava questa rappresentazione, in particolare durante il periodo di Amarna. Spesso si potevano vedere le sue mani che reggevano un bastone come simbolo del potere. Aveva anche una forma che sembrava una croce con un cerchio in alto.<\/p>\n\n\n\n<p>Questo simbolo \u00e8 chiamato Ankh ed era uno dei simboli pi\u00f9 importanti e influenti dell&#8217;antica mitologia egizia. L&#8217;Ankh rappresentava la vita, e non sorprende che la dea dell&#8217;acqua tenesse tra le mani il simbolo della vita.<\/p>\n\n\n\n<p>Inoltre, alcuni simboli rappresentano la madre di Akhenaton, Tiye, che indossa lo stesso copricapo e si identifica con Hathor-Tefnut. L&#8217;archeologo Joyce Tyldesley pensava che l&#8217;iconica corona blu di Nefertiti derivasse dal copricapo di Tiye. Potrebbe indicare che si \u00e8 anche identificata con Tefnut.<\/p>\n\n\n\n<h2 class=\"wp-block-heading\">Religione e culto di Tefnut<\/h2>\n\n\n\n<p>Gli antichi egizi prendevano molto sul serio i rituali legati a Tefnut. In particolare, Eliopoli e <a href=\"https:\/\/www.google.com\/maps\/place\/Kafr+Al+Meqdam,+Mit+Ghamr,+Dakahlia+Governorate\/@30.6851478,31.3410665,14z\/data=!3m1!4b1!4m5!3m4!1s0x14f7ec0b4a5986df:0x732580efd0573986!8m2!3d30.6904441!4d31.3684577\" target=\"_blank\" rel=\"noreferrer noopener\">Leontopoli<\/a> si presentarono come i principali centri di culto di Tefnut. Degno di nota il fatto che Eliopoli adorasse Tefnut come uno dei membri della grande Enneade della citt\u00e0. Inoltre, veneravano questa dea in tutta la terra d&#8217;<a href=\"https:\/\/landioustravel.com\/it\/egitto\/\">Egitto<\/a>.<\/p>\n\n\n\n<p>I cittadini le assegnarono la purificazione dei sacerdoti come parte del rito del tempio. La citt\u00e0 aveva anche un santuario chiamato Lower Menset dedicato a questa dea.<\/p>\n\n\n\n<p>Il <a href=\"https:\/\/landioustravel.com\/it\/egitto\/templi-egiziani\/templi-karnak\/\">tempio di Karnak<\/a> vedeva Tefnut come parte dell&#8217;Enneade e la invocava nelle preghiere per la salute e il benessere del re. Inoltre, le persone di Shu adoravano Shu come una coppia di leoni a Leontopolis nel Delta del Nilo.<\/p>\n\n\n\n<h2 class=\"wp-block-heading\">Mitologia di Tefnut<\/h2>\n\n\n\n<p>Le leggende affermano che la dea mostrasse un aspetto adirato. Presa dalla rabbia e dalla gelosia dal culto superiore mostrato verso i suoi nipoti, fugg\u00ec in Nubia.<\/p>\n\n\n\n<p>\u00c8 tornata solo quando il <a href=\"https:\/\/landioustravel.com\/it\/egitto\/divinita-egiziane\/dio-thot\/\">dio Thot<\/a> le ha dato il titolo di &#8220;onorevole&#8221;. I primi testi piramidali affermano che la dea produceva acqua pura dalla sua vagina.<\/p>\n\n\n\n<p>Altre leggende affermano che Shu si separ\u00f2 dalla sorella-moglie e dal figlio. Pi\u00f9 tardi, Geb sfid\u00f2 suo padre, cosa che lo fece ritirare dal mondo. Quindi, Geb prese sua madre Tefnut come sua principale regina consorte poich\u00e9 era innamorato di lei.<\/p>\n\n\n\n<h2 class=\"wp-block-heading\">Conclusione<\/h2>\n\n\n\n<p>Tenfnut era un famoso antico dio egizio che la gente venerava per le sue capacit\u00e0 protettive e portatrici di vita. Le sue successive connessioni con altri potenti dei hanno cementato il suo posto nelle antiche mitologie e racconti. Ad oggi, \u00e8 comune imbattersi nel suo nome come la creatrice dell&#8217;acqua che ha dato la vita e ha portato abbondanza alla terra d&#8217;Egitto.<\/p>\n","protected":false},"excerpt":{"rendered":"<p>Tefnut \u00e8 una divinit\u00e0 egizia dell&#8217;antica religione egiziana dell&#8217;aria umida, dell&#8217;umidit\u00e0, delle gocce di rugiada e della pioggia. Era una delle dee pi\u00f9 importanti dell&#8217;antica fede e associata a molte altre divinit\u00e0 importanti. Secondo antichi testi, la dea Tefnut era sorella e consorte del dio dell&#8217;aria Shu. Inoltre, \u00e8 la madre di Geb (padre dei [&hellip;]<\/p>\n","protected":false},"author":1,"featured_media":0,"parent":3622,"menu_order":0,"comment_status":"open","ping_status":"closed","template":"","meta":{"_coblocks_attr":"","_coblocks_dimensions":"","_coblocks_responsive_height":"","_coblocks_accordion_ie_support":"","_uag_custom_page_level_css":"","jetpack_post_was_ever_published":false,"footnotes":""},"class_list":["post-39181","page","type-page","status-publish","hentry"],"yoast_head":"<!-- This site is optimized with the Yoast SEO Premium plugin v26.9 (Yoast SEO v27.3) - https:\/\/yoast.com\/product\/yoast-seo-premium-wordpress\/ -->\n<title>Dea Tefnut<\/title>\n<meta name=\"description\" content=\"Dea Tefnut \u00e8 una divinit\u00e0 egizia dell&#039;antica religione egiziana dell&#039;aria umida, dell&#039;umidit\u00e0, delle gocce di rugiada e della pioggia. Era\" \/>\n<meta name=\"robots\" content=\"index, follow, max-snippet:-1, max-image-preview:large, max-video-preview:-1\" \/>\n<link rel=\"canonical\" href=\"https:\/\/landioustravel.com\/it\/egitto\/divinita-egiziane\/dea-tefnut\/\" \/>\n<meta property=\"og:locale\" content=\"it_IT\" \/>\n<meta property=\"og:type\" content=\"article\" \/>\n<meta property=\"og:title\" content=\"Dea Tefnut\" \/>\n<meta property=\"og:description\" content=\"Dea Tefnut \u00e8 una divinit\u00e0 egizia dell&#039;antica religione egiziana dell&#039;aria umida, dell&#039;umidit\u00e0, delle gocce di rugiada e della pioggia. Era\" \/>\n<meta property=\"og:url\" content=\"https:\/\/landioustravel.com\/it\/egitto\/divinita-egiziane\/dea-tefnut\/\" \/>\n<meta property=\"og:site_name\" content=\"Landious Travel\" \/>\n<meta property=\"article:publisher\" content=\"https:\/\/web.facebook.com\/landiousEgypt\" \/>\n<meta property=\"article:modified_time\" content=\"2021-10-10T23:19:25+00:00\" \/>\n<meta name=\"twitter:card\" content=\"summary_large_image\" \/>\n<meta name=\"twitter:site\" content=\"@LandiousTours\" \/>\n<meta name=\"twitter:label1\" content=\"Tempo di lettura stimato\" \/>\n\t<meta name=\"twitter:data1\" content=\"5 minuti\" \/>\n<script type=\"application\/ld+json\" class=\"yoast-schema-graph\">{\"@context\":\"https:\\\/\\\/schema.org\",\"@graph\":[{\"@type\":\"WebPage\",\"@id\":\"https:\\\/\\\/landioustravel.com\\\/it\\\/egitto\\\/divinita-egiziane\\\/dea-tefnut\\\/\",\"url\":\"https:\\\/\\\/landioustravel.com\\\/it\\\/egitto\\\/divinita-egiziane\\\/dea-tefnut\\\/\",\"name\":\"Dea Tefnut\",\"isPartOf\":{\"@id\":\"https:\\\/\\\/landioustravel.com\\\/it\\\/#website\"},\"datePublished\":\"2021-10-10T11:46:36+00:00\",\"dateModified\":\"2021-10-10T23:19:25+00:00\",\"description\":\"Dea Tefnut \u00e8 una divinit\u00e0 egizia dell'antica religione egiziana dell'aria umida, dell'umidit\u00e0, delle gocce di rugiada e della pioggia. Era\",\"breadcrumb\":{\"@id\":\"https:\\\/\\\/landioustravel.com\\\/it\\\/egitto\\\/divinita-egiziane\\\/dea-tefnut\\\/#breadcrumb\"},\"inLanguage\":\"it-IT\",\"potentialAction\":[{\"@type\":\"ReadAction\",\"target\":[\"https:\\\/\\\/landioustravel.com\\\/it\\\/egitto\\\/divinita-egiziane\\\/dea-tefnut\\\/\"]}]},{\"@type\":\"BreadcrumbList\",\"@id\":\"https:\\\/\\\/landioustravel.com\\\/it\\\/egitto\\\/divinita-egiziane\\\/dea-tefnut\\\/#breadcrumb\",\"itemListElement\":[{\"@type\":\"ListItem\",\"position\":1,\"name\":\"Home\",\"item\":\"https:\\\/\\\/landioustravel.com\\\/it\\\/\"},{\"@type\":\"ListItem\",\"position\":2,\"name\":\"Egitto\",\"item\":\"https:\\\/\\\/landioustravel.com\\\/it\\\/egitto\\\/\"},{\"@type\":\"ListItem\",\"position\":3,\"name\":\"Divinit\u00e0 egiziane\",\"item\":\"https:\\\/\\\/landioustravel.com\\\/it\\\/egitto\\\/divinita-egiziane\\\/\"},{\"@type\":\"ListItem\",\"position\":4,\"name\":\"Dea Tefnut\"}]},{\"@type\":\"WebSite\",\"@id\":\"https:\\\/\\\/landioustravel.com\\\/it\\\/#website\",\"url\":\"https:\\\/\\\/landioustravel.com\\\/it\\\/\",\"name\":\"Landious Travel\",\"description\":\"Excursions, trips and cruises in Egypt\",\"publisher\":{\"@id\":\"https:\\\/\\\/landioustravel.com\\\/it\\\/#organization\"},\"potentialAction\":[{\"@type\":\"SearchAction\",\"target\":{\"@type\":\"EntryPoint\",\"urlTemplate\":\"https:\\\/\\\/landioustravel.com\\\/it\\\/?s={search_term_string}\"},\"query-input\":{\"@type\":\"PropertyValueSpecification\",\"valueRequired\":true,\"valueName\":\"search_term_string\"}}],\"inLanguage\":\"it-IT\"},{\"@type\":[\"Organization\",\"Place\"],\"@id\":\"https:\\\/\\\/landioustravel.com\\\/it\\\/#organization\",\"name\":\"Landious Travel\",\"alternateName\":\"Landious Travel\",\"url\":\"https:\\\/\\\/landioustravel.com\\\/it\\\/\",\"logo\":{\"@id\":\"https:\\\/\\\/landioustravel.com\\\/it\\\/egitto\\\/divinita-egiziane\\\/dea-tefnut\\\/#local-main-organization-logo\"},\"image\":{\"@id\":\"https:\\\/\\\/landioustravel.com\\\/it\\\/egitto\\\/divinita-egiziane\\\/dea-tefnut\\\/#local-main-organization-logo\"},\"sameAs\":[\"https:\\\/\\\/web.facebook.com\\\/landiousEgypt\",\"https:\\\/\\\/x.com\\\/LandiousTours\",\"https:\\\/\\\/mastodon.social\\\/@landious\"],\"legalName\":\"Landious Travel\",\"telephone\":[],\"openingHoursSpecification\":[{\"@type\":\"OpeningHoursSpecification\",\"dayOfWeek\":[\"Monday\",\"Tuesday\",\"Wednesday\",\"Thursday\",\"Friday\",\"Saturday\",\"Sunday\"],\"opens\":\"09:00\",\"closes\":\"17:00\"}]},{\"@type\":\"ImageObject\",\"inLanguage\":\"it-IT\",\"@id\":\"https:\\\/\\\/landioustravel.com\\\/it\\\/egitto\\\/divinita-egiziane\\\/dea-tefnut\\\/#local-main-organization-logo\",\"url\":\"https:\\\/\\\/i0.wp.com\\\/landioustravel.com\\\/wp-content\\\/uploads\\\/2021\\\/06\\\/Landious-T.png?fit=500%2C500&ssl=1\",\"contentUrl\":\"https:\\\/\\\/i0.wp.com\\\/landioustravel.com\\\/wp-content\\\/uploads\\\/2021\\\/06\\\/Landious-T.png?fit=500%2C500&ssl=1\",\"width\":500,\"height\":500,\"caption\":\"Landious Travel\"}]}<\/script>\n<!-- \/ Yoast SEO Premium plugin. -->","yoast_head_json":{"title":"Dea Tefnut","description":"Dea Tefnut \u00e8 una divinit\u00e0 egizia dell'antica religione egiziana dell'aria umida, dell'umidit\u00e0, delle gocce di rugiada e della pioggia. Era","robots":{"index":"index","follow":"follow","max-snippet":"max-snippet:-1","max-image-preview":"max-image-preview:large","max-video-preview":"max-video-preview:-1"},"canonical":"https:\/\/landioustravel.com\/it\/egitto\/divinita-egiziane\/dea-tefnut\/","og_locale":"it_IT","og_type":"article","og_title":"Dea Tefnut","og_description":"Dea Tefnut \u00e8 una divinit\u00e0 egizia dell'antica religione egiziana dell'aria umida, dell'umidit\u00e0, delle gocce di rugiada e della pioggia. Era","og_url":"https:\/\/landioustravel.com\/it\/egitto\/divinita-egiziane\/dea-tefnut\/","og_site_name":"Landious Travel","article_publisher":"https:\/\/web.facebook.com\/landiousEgypt","article_modified_time":"2021-10-10T23:19:25+00:00","twitter_card":"summary_large_image","twitter_site":"@LandiousTours","twitter_misc":{"Tempo di lettura stimato":"5 minuti"},"schema":{"@context":"https:\/\/schema.org","@graph":[{"@type":"WebPage","@id":"https:\/\/landioustravel.com\/it\/egitto\/divinita-egiziane\/dea-tefnut\/","url":"https:\/\/landioustravel.com\/it\/egitto\/divinita-egiziane\/dea-tefnut\/","name":"Dea Tefnut","isPartOf":{"@id":"https:\/\/landioustravel.com\/it\/#website"},"datePublished":"2021-10-10T11:46:36+00:00","dateModified":"2021-10-10T23:19:25+00:00","description":"Dea Tefnut \u00e8 una divinit\u00e0 egizia dell'antica religione egiziana dell'aria umida, dell'umidit\u00e0, delle gocce di rugiada e della pioggia. Era","breadcrumb":{"@id":"https:\/\/landioustravel.com\/it\/egitto\/divinita-egiziane\/dea-tefnut\/#breadcrumb"},"inLanguage":"it-IT","potentialAction":[{"@type":"ReadAction","target":["https:\/\/landioustravel.com\/it\/egitto\/divinita-egiziane\/dea-tefnut\/"]}]},{"@type":"BreadcrumbList","@id":"https:\/\/landioustravel.com\/it\/egitto\/divinita-egiziane\/dea-tefnut\/#breadcrumb","itemListElement":[{"@type":"ListItem","position":1,"name":"Home","item":"https:\/\/landioustravel.com\/it\/"},{"@type":"ListItem","position":2,"name":"Egitto","item":"https:\/\/landioustravel.com\/it\/egitto\/"},{"@type":"ListItem","position":3,"name":"Divinit\u00e0 egiziane","item":"https:\/\/landioustravel.com\/it\/egitto\/divinita-egiziane\/"},{"@type":"ListItem","position":4,"name":"Dea Tefnut"}]},{"@type":"WebSite","@id":"https:\/\/landioustravel.com\/it\/#website","url":"https:\/\/landioustravel.com\/it\/","name":"Landious Travel","description":"Excursions, trips and cruises in Egypt","publisher":{"@id":"https:\/\/landioustravel.com\/it\/#organization"},"potentialAction":[{"@type":"SearchAction","target":{"@type":"EntryPoint","urlTemplate":"https:\/\/landioustravel.com\/it\/?s={search_term_string}"},"query-input":{"@type":"PropertyValueSpecification","valueRequired":true,"valueName":"search_term_string"}}],"inLanguage":"it-IT"},{"@type":["Organization","Place"],"@id":"https:\/\/landioustravel.com\/it\/#organization","name":"Landious Travel","alternateName":"Landious Travel","url":"https:\/\/landioustravel.com\/it\/","logo":{"@id":"https:\/\/landioustravel.com\/it\/egitto\/divinita-egiziane\/dea-tefnut\/#local-main-organization-logo"},"image":{"@id":"https:\/\/landioustravel.com\/it\/egitto\/divinita-egiziane\/dea-tefnut\/#local-main-organization-logo"},"sameAs":["https:\/\/web.facebook.com\/landiousEgypt","https:\/\/x.com\/LandiousTours","https:\/\/mastodon.social\/@landious"],"legalName":"Landious Travel","telephone":[],"openingHoursSpecification":[{"@type":"OpeningHoursSpecification","dayOfWeek":["Monday","Tuesday","Wednesday","Thursday","Friday","Saturday","Sunday"],"opens":"09:00","closes":"17:00"}]},{"@type":"ImageObject","inLanguage":"it-IT","@id":"https:\/\/landioustravel.com\/it\/egitto\/divinita-egiziane\/dea-tefnut\/#local-main-organization-logo","url":"https:\/\/i0.wp.com\/landioustravel.com\/wp-content\/uploads\/2021\/06\/Landious-T.png?fit=500%2C500&ssl=1","contentUrl":"https:\/\/i0.wp.com\/landioustravel.com\/wp-content\/uploads\/2021\/06\/Landious-T.png?fit=500%2C500&ssl=1","width":500,"height":500,"caption":"Landious Travel"}]}},"uagb_featured_image_src":{"full":false,"thumbnail":false,"medium":false,"medium_large":false,"large":false,"1536x1536":false,"2048x2048":false,"newspack-article-block-landscape-large":false,"newspack-article-block-portrait-large":false,"newspack-article-block-square-large":false,"newspack-article-block-landscape-medium":false,"newspack-article-block-portrait-medium":false,"newspack-article-block-square-medium":false,"newspack-article-block-landscape-intermediate":false,"newspack-article-block-portrait-intermediate":false,"newspack-article-block-square-intermediate":false,"newspack-article-block-landscape-small":false,"newspack-article-block-portrait-small":false,"newspack-article-block-square-small":false,"newspack-article-block-landscape-tiny":false,"newspack-article-block-portrait-tiny":false,"newspack-article-block-square-tiny":false,"newspack-article-block-uncropped":false,"woocommerce_thumbnail":false,"woocommerce_single":false,"woocommerce_gallery_thumbnail":false},"uagb_author_info":{"display_name":"Mofreh Landious","author_link":"https:\/\/landioustravel.com\/it\/author\/landious\/"},"uagb_comment_info":0,"uagb_excerpt":"Tefnut \u00e8 una divinit\u00e0 egizia dell&#8217;antica religione egiziana dell&#8217;aria umida, dell&#8217;umidit\u00e0, delle gocce di rugiada e della pioggia. Era una delle dee pi\u00f9 importanti dell&#8217;antica fede e associata a molte altre divinit\u00e0 importanti. Secondo antichi testi, la dea Tefnut era sorella e consorte del dio dell&#8217;aria Shu. Inoltre, \u00e8 la madre di Geb (padre dei&hellip;","jetpack_sharing_enabled":true,"jetpack_shortlink":"https:\/\/wp.me\/Par4r5-abX","jetpack_likes_enabled":true,"amp_enabled":true,"_links":{"self":[{"href":"https:\/\/landioustravel.com\/it\/wp-json\/wp\/v2\/pages\/39181","targetHints":{"allow":["GET"]}}],"collection":[{"href":"https:\/\/landioustravel.com\/it\/wp-json\/wp\/v2\/pages"}],"about":[{"href":"https:\/\/landioustravel.com\/it\/wp-json\/wp\/v2\/types\/page"}],"author":[{"embeddable":true,"href":"https:\/\/landioustravel.com\/it\/wp-json\/wp\/v2\/users\/1"}],"replies":[{"embeddable":true,"href":"https:\/\/landioustravel.com\/it\/wp-json\/wp\/v2\/comments?post=39181"}],"version-history":[{"count":0,"href":"https:\/\/landioustravel.com\/it\/wp-json\/wp\/v2\/pages\/39181\/revisions"}],"up":[{"embeddable":true,"href":"https:\/\/landioustravel.com\/it\/wp-json\/wp\/v2\/pages\/3622"}],"wp:attachment":[{"href":"https:\/\/landioustravel.com\/it\/wp-json\/wp\/v2\/media?parent=39181"}],"curies":[{"name":"wp","href":"https:\/\/api.w.org\/{rel}","templated":true}]}}