{"id":4604,"date":"2019-05-16T13:57:27","date_gmt":"2019-05-16T11:57:27","guid":{"rendered":"https:\/\/landioustravel.com\/?page_id=4604"},"modified":"2019-07-10T01:55:45","modified_gmt":"2019-07-09T23:55:45","slug":"isole-giftun","status":"publish","type":"page","link":"https:\/\/landioustravel.com\/it\/egitto\/isole-mare\/isole-giftun\/","title":{"rendered":"Isole Giftun"},"content":{"rendered":"\n<p><amp-fit-text layout=\"fixed-height\" min-font-size=\"14\" max-font-size=\"48\" height=\"50\">Le isole Giftun si trovano nel Mar Rosso lungo la costa della <a href=\"https:\/\/landioustravel.com\/it\/citta-hurghada\/\">citt\u00e0 di Hurghada<\/a>, nel <a href=\"https:\/\/landioustravel.com\/it\/egitto\/citta-egiziane\/governatorato-bahr-ahmar\/\">governatorato di Al-Barhr Al-Ahmar<\/a>, in <a href=\"https:\/\/landioustravel.com\/it\/egitto\/\">Egitto<\/a>.<\/amp-fit-text><\/p>\n\n\n\n<amp-fit-text layout=\"fixed-height\" min-font-size=\"14\" max-font-size=\"48\" height=\"50\"><h2 class=\"wp-block-heading\">Geografia<\/h2><\/amp-fit-text>\n\n\n\n<p><amp-fit-text layout=\"fixed-height\" min-font-size=\"14\" max-font-size=\"48\" height=\"50\">Le isole Giftun sono tra l&#8217;isola del mare egiziano situata lungo la riva del Mar Rosso. Queste <a href=\"https:\/\/landioustravel.com\/it\/egitto\/isole-mare\/\">isole<\/a> sono divise in due isole separate _ Grand Giftun e Small Giftun. L&#8217;isola Grand Giftun ha la seconda area pi\u00f9 grande dopo l&#8217;isola Shedwan. Le isole Giftun fanno parte di un arcipelago pi\u00f9 grande, incluse tre isole. Queste isole sono l&#8217;isola di Abu Monqar, El Giftun El Kbeer (Grand Giftun) e El Giftun El Sagheer (Small Giftun). Le isole Giftun sono caratterizzate da rare composizioni geologiche e intensit\u00e0 di roccia.<\/amp-fit-text><\/p>\n\n\n\n<p><amp-fit-text layout=\"fixed-height\" min-font-size=\"14\" max-font-size=\"48\" height=\"50\">&nbsp;Queste isole sono conosciute per le loro rare barriere coralline, pesci colorati e uccelli straordinari. Hamda, Banana Reef, Sha&#8217;ab Sabrina, Erg Somaya e Sha&#8217;ab Torfa sono tra i famosi spot di barriera situati vicino a queste due isole. La vita marina attorno alle isole \u00e8 una delle pi\u00f9 ricche del Mar Rosso. Ha pi\u00f9 di 196 tipi di barriere coralline solide che rappresentano circa l&#8217;80% della biodiversit\u00e0 delle barriere coralline del Mar Rosso. Inoltre, in queste barriere coralline vivono pi\u00f9 di 794 specie di pesci.<\/amp-fit-text><\/p>\n\n\n\n<p><amp-fit-text layout=\"fixed-height\" min-font-size=\"14\" max-font-size=\"48\" height=\"50\">Questo numero di pesci rappresenta circa il 65% della biodiversit\u00e0 dei pesci. Nell&#8217;Isola Giftun si trovano due tipi di uccelli che si trovano in pericolo di estinzione. Questi uccelli sono il gabbiano tridattilo e un tipo specifico di aquile. Una delle rare tartarughe vive sulle spiagge dell&#8217;isola Giftun.<\/amp-fit-text><\/p>\n\n\n\n<amp-fit-text layout=\"fixed-height\" min-font-size=\"14\" max-font-size=\"48\" height=\"50\"><h2 class=\"wp-block-heading\">L&#8217;importanza delle isole Giftun<\/h2><\/amp-fit-text>\n\n\n\n<p><amp-fit-text layout=\"fixed-height\" min-font-size=\"14\" max-font-size=\"48\" height=\"50\">Le isole Giftun occupano una posizione turistica ed economica molto distinta. L&#8217;isola Grand Giftun \u00e8 uno dei pi\u00f9 importanti punti di immersione vicino al litorale di Hurghada. L&#8217;isola \u00e8 circondata da 14 dei migliori punti di immersione, da 44 punti in tutta Hurghada. L&#8217;isola Grand Giftun attira un gran numero di turisti ogni anno.<\/amp-fit-text><\/p>\n\n\n\n<p><amp-fit-text layout=\"fixed-height\" min-font-size=\"14\" max-font-size=\"48\" height=\"50\">Per la sua importanza come destinazione turistica, l&#8217;isola \u00e8 dotata di alcune strutture su tre aree di spiaggia. Queste spiagge sono chiamate &#8220;Paradise Island&#8221;, &#8220;Mahmya Island&#8221; e &#8220;Orange Island&#8221;. I nomi delle spiagge agevolate sono in qualche modo fuorvianti che si potrebbe pensare che siano nomi di isole.<\/amp-fit-text><\/p>\n","protected":false},"excerpt":{"rendered":"<p>Le isole Giftun si trovano nel Mar Rosso lungo la costa della citt\u00e0 di Hurghada, nel governatorato di Al-Barhr Al-Ahmar, in Egitto. Geografia Le isole Giftun sono tra l&#8217;isola del mare egiziano situata lungo la riva del Mar Rosso. Queste isole sono divise in due isole separate _ Grand Giftun e Small Giftun. L&#8217;isola Grand [&hellip;]<\/p>\n","protected":false},"author":1,"featured_media":4029,"parent":4587,"menu_order":0,"comment_status":"open","ping_status":"closed","template":"","meta":{"_coblocks_attr":"","_coblocks_dimensions":"","_coblocks_responsive_height":"","_coblocks_accordion_ie_support":"","_uag_custom_page_level_css":"","footnotes":""},"class_list":["post-4604","page","type-page","status-publish","has-post-thumbnail","hentry"],"yoast_head":"<!-- This site is optimized with the Yoast SEO Premium plugin v26.9 (Yoast SEO v27.4) - https:\/\/yoast.com\/product\/yoast-seo-premium-wordpress\/ -->\n<title>Isole Giftun - Useful Information about Giftun Islands - Landious Travel<\/title>\n<meta name=\"description\" content=\"Le isole Giftun sono tra l&#039;isola del mare egiziano situata lungo la riva del Mar Rosso. Queste isole sono divise in due isole separate _ Grand Giftun e Small Giftun. L&#039;isola Grand Giftun ha la seconda area pi\u00f9 grande dopo l&#039;isola Shedwan. Le isole Giftun fanno parte di un arcipelago pi\u00f9 grande, incluse tre isole. Queste isole sono l&#039;isola di Abu Monqar, El Giftun El Kbeer (Grand Giftun) e El Giftun El Sagheer (Small Giftun). Le isole Giftun sono caratterizzate da rare composizioni geologiche e intensit\u00e0 di roccia.\" \/>\n<meta name=\"robots\" content=\"index, follow, max-snippet:-1, max-image-preview:large, max-video-preview:-1\" \/>\n<link rel=\"canonical\" href=\"https:\/\/landioustravel.com\/it\/egitto\/isole-mare\/isole-giftun\/\" \/>\n<meta property=\"og:locale\" content=\"it_IT\" \/>\n<meta property=\"og:type\" content=\"article\" \/>\n<meta property=\"og:title\" content=\"Isole Giftun\" \/>\n<meta property=\"og:description\" content=\"Le isole Giftun sono tra l&#039;isola del mare egiziano situata lungo la riva del Mar Rosso. Queste isole sono divise in due isole separate _ Grand Giftun e Small Giftun. L&#039;isola Grand Giftun ha la seconda area pi\u00f9 grande dopo l&#039;isola Shedwan. Le isole Giftun fanno parte di un arcipelago pi\u00f9 grande, incluse tre isole. Queste isole sono l&#039;isola di Abu Monqar, El Giftun El Kbeer (Grand Giftun) e El Giftun El Sagheer (Small Giftun). Le isole Giftun sono caratterizzate da rare composizioni geologiche e intensit\u00e0 di roccia.\" \/>\n<meta property=\"og:url\" content=\"https:\/\/landioustravel.com\/it\/egitto\/isole-mare\/isole-giftun\/\" \/>\n<meta property=\"og:site_name\" content=\"Landious Travel\" \/>\n<meta property=\"article:publisher\" content=\"https:\/\/web.facebook.com\/landiousEgypt\" \/>\n<meta property=\"article:modified_time\" content=\"2019-07-09T23:55:45+00:00\" \/>\n<meta property=\"og:image\" content=\"https:\/\/i0.wp.com\/landioustravel.com\/wp-content\/uploads\/2019\/04\/mahmya_beach_island.jpg?fit=1200%2C675&ssl=1\" \/>\n\t<meta property=\"og:image:width\" content=\"1200\" \/>\n\t<meta property=\"og:image:height\" content=\"675\" \/>\n\t<meta property=\"og:image:type\" content=\"image\/jpeg\" \/>\n<meta name=\"twitter:card\" content=\"summary_large_image\" \/>\n<meta name=\"twitter:site\" content=\"@LandiousTours\" \/>\n<meta name=\"twitter:label1\" content=\"Tempo di lettura stimato\" \/>\n\t<meta name=\"twitter:data1\" content=\"2 minuti\" \/>\n<script type=\"application\/ld+json\" class=\"yoast-schema-graph\">{\"@context\":\"https:\\\/\\\/schema.org\",\"@graph\":[{\"@type\":\"WebPage\",\"@id\":\"https:\\\/\\\/landioustravel.com\\\/it\\\/egitto\\\/isole-mare\\\/isole-giftun\\\/\",\"url\":\"https:\\\/\\\/landioustravel.com\\\/it\\\/egitto\\\/isole-mare\\\/isole-giftun\\\/\",\"name\":\"Isole Giftun - Useful Information about Giftun Islands - Landious Travel\",\"isPartOf\":{\"@id\":\"https:\\\/\\\/landioustravel.com\\\/it\\\/#website\"},\"primaryImageOfPage\":{\"@id\":\"https:\\\/\\\/landioustravel.com\\\/it\\\/egitto\\\/isole-mare\\\/isole-giftun\\\/#primaryimage\"},\"image\":{\"@id\":\"https:\\\/\\\/landioustravel.com\\\/it\\\/egitto\\\/isole-mare\\\/isole-giftun\\\/#primaryimage\"},\"thumbnailUrl\":\"https:\\\/\\\/i0.wp.com\\\/landioustravel.com\\\/wp-content\\\/uploads\\\/2019\\\/04\\\/mahmya_beach_island.jpg?fit=1200%2C675&ssl=1\",\"datePublished\":\"2019-05-16T11:57:27+00:00\",\"dateModified\":\"2019-07-09T23:55:45+00:00\",\"description\":\"Le isole Giftun sono tra l'isola del mare egiziano situata lungo la riva del Mar Rosso. Queste isole sono divise in due isole separate _ Grand Giftun e Small Giftun. L'isola Grand Giftun ha la seconda area pi\u00f9 grande dopo l'isola Shedwan. Le isole Giftun fanno parte di un arcipelago pi\u00f9 grande, incluse tre isole. Queste isole sono l'isola di Abu Monqar, El Giftun El Kbeer (Grand Giftun) e El Giftun El Sagheer (Small Giftun). Le isole Giftun sono caratterizzate da rare composizioni geologiche e intensit\u00e0 di roccia.\",\"breadcrumb\":{\"@id\":\"https:\\\/\\\/landioustravel.com\\\/it\\\/egitto\\\/isole-mare\\\/isole-giftun\\\/#breadcrumb\"},\"inLanguage\":\"it-IT\",\"potentialAction\":[{\"@type\":\"ReadAction\",\"target\":[\"https:\\\/\\\/landioustravel.com\\\/it\\\/egitto\\\/isole-mare\\\/isole-giftun\\\/\"]}]},{\"@type\":\"ImageObject\",\"inLanguage\":\"it-IT\",\"@id\":\"https:\\\/\\\/landioustravel.com\\\/it\\\/egitto\\\/isole-mare\\\/isole-giftun\\\/#primaryimage\",\"url\":\"https:\\\/\\\/i0.wp.com\\\/landioustravel.com\\\/wp-content\\\/uploads\\\/2019\\\/04\\\/mahmya_beach_island.jpg?fit=1200%2C675&ssl=1\",\"contentUrl\":\"https:\\\/\\\/i0.wp.com\\\/landioustravel.com\\\/wp-content\\\/uploads\\\/2019\\\/04\\\/mahmya_beach_island.jpg?fit=1200%2C675&ssl=1\",\"width\":1200,\"height\":675,\"caption\":\"Mahmya beach on Giftun island\"},{\"@type\":\"BreadcrumbList\",\"@id\":\"https:\\\/\\\/landioustravel.com\\\/it\\\/egitto\\\/isole-mare\\\/isole-giftun\\\/#breadcrumb\",\"itemListElement\":[{\"@type\":\"ListItem\",\"position\":1,\"name\":\"Home\",\"item\":\"https:\\\/\\\/landioustravel.com\\\/it\\\/\"},{\"@type\":\"ListItem\",\"position\":2,\"name\":\"Egitto\",\"item\":\"https:\\\/\\\/landioustravel.com\\\/it\\\/egitto\\\/\"},{\"@type\":\"ListItem\",\"position\":3,\"name\":\"Isole del mare\",\"item\":\"https:\\\/\\\/landioustravel.com\\\/it\\\/egitto\\\/isole-mare\\\/\"},{\"@type\":\"ListItem\",\"position\":4,\"name\":\"Isole Giftun\"}]},{\"@type\":\"WebSite\",\"@id\":\"https:\\\/\\\/landioustravel.com\\\/it\\\/#website\",\"url\":\"https:\\\/\\\/landioustravel.com\\\/it\\\/\",\"name\":\"Landious Travel\",\"description\":\"Excursions, trips and cruises in Egypt\",\"publisher\":{\"@id\":\"https:\\\/\\\/landioustravel.com\\\/it\\\/#organization\"},\"potentialAction\":[{\"@type\":\"SearchAction\",\"target\":{\"@type\":\"EntryPoint\",\"urlTemplate\":\"https:\\\/\\\/landioustravel.com\\\/it\\\/?s={search_term_string}\"},\"query-input\":{\"@type\":\"PropertyValueSpecification\",\"valueRequired\":true,\"valueName\":\"search_term_string\"}}],\"inLanguage\":\"it-IT\"},{\"@type\":[\"Organization\",\"Place\"],\"@id\":\"https:\\\/\\\/landioustravel.com\\\/it\\\/#organization\",\"name\":\"Landious Travel\",\"alternateName\":\"Landious Travel\",\"url\":\"https:\\\/\\\/landioustravel.com\\\/it\\\/\",\"logo\":{\"@id\":\"https:\\\/\\\/landioustravel.com\\\/it\\\/egitto\\\/isole-mare\\\/isole-giftun\\\/#local-main-organization-logo\"},\"image\":{\"@id\":\"https:\\\/\\\/landioustravel.com\\\/it\\\/egitto\\\/isole-mare\\\/isole-giftun\\\/#local-main-organization-logo\"},\"sameAs\":[\"https:\\\/\\\/web.facebook.com\\\/landiousEgypt\",\"https:\\\/\\\/x.com\\\/LandiousTours\",\"https:\\\/\\\/mastodon.social\\\/@landious\"],\"legalName\":\"Landious Travel\",\"telephone\":[],\"openingHoursSpecification\":[{\"@type\":\"OpeningHoursSpecification\",\"dayOfWeek\":[\"Monday\",\"Tuesday\",\"Wednesday\",\"Thursday\",\"Friday\",\"Saturday\",\"Sunday\"],\"opens\":\"09:00\",\"closes\":\"17:00\"}]},{\"@type\":\"ImageObject\",\"inLanguage\":\"it-IT\",\"@id\":\"https:\\\/\\\/landioustravel.com\\\/it\\\/egitto\\\/isole-mare\\\/isole-giftun\\\/#local-main-organization-logo\",\"url\":\"https:\\\/\\\/i0.wp.com\\\/landioustravel.com\\\/wp-content\\\/uploads\\\/2021\\\/06\\\/Landious-T.png?fit=500%2C500&ssl=1\",\"contentUrl\":\"https:\\\/\\\/i0.wp.com\\\/landioustravel.com\\\/wp-content\\\/uploads\\\/2021\\\/06\\\/Landious-T.png?fit=500%2C500&ssl=1\",\"width\":500,\"height\":500,\"caption\":\"Landious Travel\"}]}<\/script>\n<!-- \/ Yoast SEO Premium plugin. -->","yoast_head_json":{"title":"Isole Giftun - Useful Information about Giftun Islands - Landious Travel","description":"Le isole Giftun sono tra l'isola del mare egiziano situata lungo la riva del Mar Rosso. Queste isole sono divise in due isole separate _ Grand Giftun e Small Giftun. L'isola Grand Giftun ha la seconda area pi\u00f9 grande dopo l'isola Shedwan. Le isole Giftun fanno parte di un arcipelago pi\u00f9 grande, incluse tre isole. Queste isole sono l'isola di Abu Monqar, El Giftun El Kbeer (Grand Giftun) e El Giftun El Sagheer (Small Giftun). Le isole Giftun sono caratterizzate da rare composizioni geologiche e intensit\u00e0 di roccia.","robots":{"index":"index","follow":"follow","max-snippet":"max-snippet:-1","max-image-preview":"max-image-preview:large","max-video-preview":"max-video-preview:-1"},"canonical":"https:\/\/landioustravel.com\/it\/egitto\/isole-mare\/isole-giftun\/","og_locale":"it_IT","og_type":"article","og_title":"Isole Giftun","og_description":"Le isole Giftun sono tra l'isola del mare egiziano situata lungo la riva del Mar Rosso. Queste isole sono divise in due isole separate _ Grand Giftun e Small Giftun. L'isola Grand Giftun ha la seconda area pi\u00f9 grande dopo l'isola Shedwan. Le isole Giftun fanno parte di un arcipelago pi\u00f9 grande, incluse tre isole. Queste isole sono l'isola di Abu Monqar, El Giftun El Kbeer (Grand Giftun) e El Giftun El Sagheer (Small Giftun). Le isole Giftun sono caratterizzate da rare composizioni geologiche e intensit\u00e0 di roccia.","og_url":"https:\/\/landioustravel.com\/it\/egitto\/isole-mare\/isole-giftun\/","og_site_name":"Landious Travel","article_publisher":"https:\/\/web.facebook.com\/landiousEgypt","article_modified_time":"2019-07-09T23:55:45+00:00","og_image":[{"width":1200,"height":675,"url":"https:\/\/i0.wp.com\/landioustravel.com\/wp-content\/uploads\/2019\/04\/mahmya_beach_island.jpg?fit=1200%2C675&ssl=1","type":"image\/jpeg"}],"twitter_card":"summary_large_image","twitter_site":"@LandiousTours","twitter_misc":{"Tempo di lettura stimato":"2 minuti"},"schema":{"@context":"https:\/\/schema.org","@graph":[{"@type":"WebPage","@id":"https:\/\/landioustravel.com\/it\/egitto\/isole-mare\/isole-giftun\/","url":"https:\/\/landioustravel.com\/it\/egitto\/isole-mare\/isole-giftun\/","name":"Isole Giftun - Useful Information about Giftun Islands - Landious Travel","isPartOf":{"@id":"https:\/\/landioustravel.com\/it\/#website"},"primaryImageOfPage":{"@id":"https:\/\/landioustravel.com\/it\/egitto\/isole-mare\/isole-giftun\/#primaryimage"},"image":{"@id":"https:\/\/landioustravel.com\/it\/egitto\/isole-mare\/isole-giftun\/#primaryimage"},"thumbnailUrl":"https:\/\/i0.wp.com\/landioustravel.com\/wp-content\/uploads\/2019\/04\/mahmya_beach_island.jpg?fit=1200%2C675&ssl=1","datePublished":"2019-05-16T11:57:27+00:00","dateModified":"2019-07-09T23:55:45+00:00","description":"Le isole Giftun sono tra l'isola del mare egiziano situata lungo la riva del Mar Rosso. Queste isole sono divise in due isole separate _ Grand Giftun e Small Giftun. L'isola Grand Giftun ha la seconda area pi\u00f9 grande dopo l'isola Shedwan. Le isole Giftun fanno parte di un arcipelago pi\u00f9 grande, incluse tre isole. Queste isole sono l'isola di Abu Monqar, El Giftun El Kbeer (Grand Giftun) e El Giftun El Sagheer (Small Giftun). Le isole Giftun sono caratterizzate da rare composizioni geologiche e intensit\u00e0 di roccia.","breadcrumb":{"@id":"https:\/\/landioustravel.com\/it\/egitto\/isole-mare\/isole-giftun\/#breadcrumb"},"inLanguage":"it-IT","potentialAction":[{"@type":"ReadAction","target":["https:\/\/landioustravel.com\/it\/egitto\/isole-mare\/isole-giftun\/"]}]},{"@type":"ImageObject","inLanguage":"it-IT","@id":"https:\/\/landioustravel.com\/it\/egitto\/isole-mare\/isole-giftun\/#primaryimage","url":"https:\/\/i0.wp.com\/landioustravel.com\/wp-content\/uploads\/2019\/04\/mahmya_beach_island.jpg?fit=1200%2C675&ssl=1","contentUrl":"https:\/\/i0.wp.com\/landioustravel.com\/wp-content\/uploads\/2019\/04\/mahmya_beach_island.jpg?fit=1200%2C675&ssl=1","width":1200,"height":675,"caption":"Mahmya beach on Giftun island"},{"@type":"BreadcrumbList","@id":"https:\/\/landioustravel.com\/it\/egitto\/isole-mare\/isole-giftun\/#breadcrumb","itemListElement":[{"@type":"ListItem","position":1,"name":"Home","item":"https:\/\/landioustravel.com\/it\/"},{"@type":"ListItem","position":2,"name":"Egitto","item":"https:\/\/landioustravel.com\/it\/egitto\/"},{"@type":"ListItem","position":3,"name":"Isole del mare","item":"https:\/\/landioustravel.com\/it\/egitto\/isole-mare\/"},{"@type":"ListItem","position":4,"name":"Isole Giftun"}]},{"@type":"WebSite","@id":"https:\/\/landioustravel.com\/it\/#website","url":"https:\/\/landioustravel.com\/it\/","name":"Landious Travel","description":"Excursions, trips and cruises in Egypt","publisher":{"@id":"https:\/\/landioustravel.com\/it\/#organization"},"potentialAction":[{"@type":"SearchAction","target":{"@type":"EntryPoint","urlTemplate":"https:\/\/landioustravel.com\/it\/?s={search_term_string}"},"query-input":{"@type":"PropertyValueSpecification","valueRequired":true,"valueName":"search_term_string"}}],"inLanguage":"it-IT"},{"@type":["Organization","Place"],"@id":"https:\/\/landioustravel.com\/it\/#organization","name":"Landious Travel","alternateName":"Landious Travel","url":"https:\/\/landioustravel.com\/it\/","logo":{"@id":"https:\/\/landioustravel.com\/it\/egitto\/isole-mare\/isole-giftun\/#local-main-organization-logo"},"image":{"@id":"https:\/\/landioustravel.com\/it\/egitto\/isole-mare\/isole-giftun\/#local-main-organization-logo"},"sameAs":["https:\/\/web.facebook.com\/landiousEgypt","https:\/\/x.com\/LandiousTours","https:\/\/mastodon.social\/@landious"],"legalName":"Landious Travel","telephone":[],"openingHoursSpecification":[{"@type":"OpeningHoursSpecification","dayOfWeek":["Monday","Tuesday","Wednesday","Thursday","Friday","Saturday","Sunday"],"opens":"09:00","closes":"17:00"}]},{"@type":"ImageObject","inLanguage":"it-IT","@id":"https:\/\/landioustravel.com\/it\/egitto\/isole-mare\/isole-giftun\/#local-main-organization-logo","url":"https:\/\/i0.wp.com\/landioustravel.com\/wp-content\/uploads\/2021\/06\/Landious-T.png?fit=500%2C500&ssl=1","contentUrl":"https:\/\/i0.wp.com\/landioustravel.com\/wp-content\/uploads\/2021\/06\/Landious-T.png?fit=500%2C500&ssl=1","width":500,"height":500,"caption":"Landious Travel"}]}},"uagb_featured_image_src":{"full":["https:\/\/i0.wp.com\/landioustravel.com\/wp-content\/uploads\/2019\/04\/mahmya_beach_island.jpg?fit=1200%2C675&ssl=1",1200,675,false],"thumbnail":["https:\/\/i0.wp.com\/landioustravel.com\/wp-content\/uploads\/2019\/04\/mahmya_beach_island.jpg?resize=150%2C150&ssl=1",150,150,true],"medium":["https:\/\/i0.wp.com\/landioustravel.com\/wp-content\/uploads\/2019\/04\/mahmya_beach_island.jpg?fit=300%2C169&ssl=1",300,169,true],"medium_large":["https:\/\/i0.wp.com\/landioustravel.com\/wp-content\/uploads\/2019\/04\/mahmya_beach_island.jpg?fit=768%2C432&ssl=1",768,432,true],"large":["https:\/\/i0.wp.com\/landioustravel.com\/wp-content\/uploads\/2019\/04\/mahmya_beach_island.jpg?fit=980%2C551&ssl=1",980,551,true],"1536x1536":["https:\/\/i0.wp.com\/landioustravel.com\/wp-content\/uploads\/2019\/04\/mahmya_beach_island.jpg?fit=1200%2C675&ssl=1",1200,675,true],"2048x2048":["https:\/\/i0.wp.com\/landioustravel.com\/wp-content\/uploads\/2019\/04\/mahmya_beach_island.jpg?fit=1200%2C675&ssl=1",1200,675,true],"newspack-article-block-landscape-large":["https:\/\/i0.wp.com\/landioustravel.com\/wp-content\/uploads\/2019\/04\/mahmya_beach_island.jpg?resize=1200%2C675&ssl=1",1200,675,true],"newspack-article-block-portrait-large":["https:\/\/i0.wp.com\/landioustravel.com\/wp-content\/uploads\/2019\/04\/mahmya_beach_island.jpg?resize=900%2C675&ssl=1",900,675,true],"newspack-article-block-square-large":["https:\/\/i0.wp.com\/landioustravel.com\/wp-content\/uploads\/2019\/04\/mahmya_beach_island.jpg?resize=1200%2C675&ssl=1",1200,675,true],"newspack-article-block-landscape-medium":["https:\/\/i0.wp.com\/landioustravel.com\/wp-content\/uploads\/2019\/04\/mahmya_beach_island.jpg?resize=800%2C600&ssl=1",800,600,true],"newspack-article-block-portrait-medium":["https:\/\/i0.wp.com\/landioustravel.com\/wp-content\/uploads\/2019\/04\/mahmya_beach_island.jpg?resize=600%2C675&ssl=1",600,675,true],"newspack-article-block-square-medium":["https:\/\/i0.wp.com\/landioustravel.com\/wp-content\/uploads\/2019\/04\/mahmya_beach_island.jpg?resize=800%2C675&ssl=1",800,675,true],"newspack-article-block-landscape-intermediate":["https:\/\/i0.wp.com\/landioustravel.com\/wp-content\/uploads\/2019\/04\/mahmya_beach_island.jpg?resize=600%2C450&ssl=1",600,450,true],"newspack-article-block-portrait-intermediate":["https:\/\/i0.wp.com\/landioustravel.com\/wp-content\/uploads\/2019\/04\/mahmya_beach_island.jpg?resize=450%2C600&ssl=1",450,600,true],"newspack-article-block-square-intermediate":["https:\/\/i0.wp.com\/landioustravel.com\/wp-content\/uploads\/2019\/04\/mahmya_beach_island.jpg?resize=600%2C600&ssl=1",600,600,true],"newspack-article-block-landscape-small":["https:\/\/i0.wp.com\/landioustravel.com\/wp-content\/uploads\/2019\/04\/mahmya_beach_island.jpg?resize=400%2C300&ssl=1",400,300,true],"newspack-article-block-portrait-small":["https:\/\/i0.wp.com\/landioustravel.com\/wp-content\/uploads\/2019\/04\/mahmya_beach_island.jpg?resize=300%2C400&ssl=1",300,400,true],"newspack-article-block-square-small":["https:\/\/i0.wp.com\/landioustravel.com\/wp-content\/uploads\/2019\/04\/mahmya_beach_island.jpg?resize=400%2C400&ssl=1",400,400,true],"newspack-article-block-landscape-tiny":["https:\/\/i0.wp.com\/landioustravel.com\/wp-content\/uploads\/2019\/04\/mahmya_beach_island.jpg?resize=200%2C150&ssl=1",200,150,true],"newspack-article-block-portrait-tiny":["https:\/\/i0.wp.com\/landioustravel.com\/wp-content\/uploads\/2019\/04\/mahmya_beach_island.jpg?resize=150%2C200&ssl=1",150,200,true],"newspack-article-block-square-tiny":["https:\/\/i0.wp.com\/landioustravel.com\/wp-content\/uploads\/2019\/04\/mahmya_beach_island.jpg?resize=200%2C200&ssl=1",200,200,true],"newspack-article-block-uncropped":["https:\/\/i0.wp.com\/landioustravel.com\/wp-content\/uploads\/2019\/04\/mahmya_beach_island.jpg?fit=1200%2C675&ssl=1",1200,675,true],"woocommerce_thumbnail":["https:\/\/i0.wp.com\/landioustravel.com\/wp-content\/uploads\/2019\/04\/mahmya_beach_island.jpg?resize=324%2C324&ssl=1",324,324,true],"woocommerce_single":["https:\/\/i0.wp.com\/landioustravel.com\/wp-content\/uploads\/2019\/04\/mahmya_beach_island.jpg?fit=416%2C234&ssl=1",416,234,true],"woocommerce_gallery_thumbnail":["https:\/\/i0.wp.com\/landioustravel.com\/wp-content\/uploads\/2019\/04\/mahmya_beach_island.jpg?resize=100%2C100&ssl=1",100,100,true]},"uagb_author_info":{"display_name":"Mofreh Landious","author_link":"https:\/\/landioustravel.com\/it\/author\/landious\/"},"uagb_comment_info":0,"uagb_excerpt":"Le isole Giftun si trovano nel Mar Rosso lungo la costa della citt\u00e0 di Hurghada, nel governatorato di Al-Barhr Al-Ahmar, in Egitto. Geografia Le isole Giftun sono tra l&#8217;isola del mare egiziano situata lungo la riva del Mar Rosso. Queste isole sono divise in due isole separate _ Grand Giftun e Small Giftun. L&#8217;isola Grand&hellip;","jetpack_sharing_enabled":true,"jetpack_shortlink":"https:\/\/wp.me\/Par4r5-1cg","jetpack_likes_enabled":true,"amp_enabled":true,"_links":{"self":[{"href":"https:\/\/landioustravel.com\/it\/wp-json\/wp\/v2\/pages\/4604","targetHints":{"allow":["GET"]}}],"collection":[{"href":"https:\/\/landioustravel.com\/it\/wp-json\/wp\/v2\/pages"}],"about":[{"href":"https:\/\/landioustravel.com\/it\/wp-json\/wp\/v2\/types\/page"}],"author":[{"embeddable":true,"href":"https:\/\/landioustravel.com\/it\/wp-json\/wp\/v2\/users\/1"}],"replies":[{"embeddable":true,"href":"https:\/\/landioustravel.com\/it\/wp-json\/wp\/v2\/comments?post=4604"}],"version-history":[{"count":0,"href":"https:\/\/landioustravel.com\/it\/wp-json\/wp\/v2\/pages\/4604\/revisions"}],"up":[{"embeddable":true,"href":"https:\/\/landioustravel.com\/it\/wp-json\/wp\/v2\/pages\/4587"}],"wp:featuredmedia":[{"embeddable":true,"href":"https:\/\/landioustravel.com\/it\/wp-json\/wp\/v2\/media\/4029"}],"wp:attachment":[{"href":"https:\/\/landioustravel.com\/it\/wp-json\/wp\/v2\/media?parent=4604"}],"curies":[{"name":"wp","href":"https:\/\/api.w.org\/{rel}","templated":true}]}}