{"id":4624,"date":"2019-05-16T16:41:04","date_gmt":"2019-05-16T14:41:04","guid":{"rendered":"https:\/\/landioustravel.com\/?page_id=4624"},"modified":"2019-07-10T03:07:10","modified_gmt":"2019-07-10T01:07:10","slug":"governatorato-assuan","status":"publish","type":"page","link":"https:\/\/landioustravel.com\/it\/egitto\/citta-egiziane\/governatorato-assuan\/","title":{"rendered":"Governatorato di Assuan"},"content":{"rendered":"\n<p><amp-fit-text layout=\"fixed-height\" min-font-size=\"14\" max-font-size=\"48\" height=\"50\">Il governatorato di Aswan \u00e8 uno dei <a href=\"https:\/\/landioustravel.com\/it\/egitto\/citta-egiziane\/\">governatorati dell&#8217;Egitto<\/a>. Questo governatorato si trova nell&#8217;estremo sud del paese nell&#8217;Alto Egitto, la sua capitale \u00e8 Assuan. Questo Governatorato confina con <a href=\"https:\/\/landioustravel.com\/it\/egitto\/citta-egiziane\/governatorato-qena\/\">Qena<\/a> a nord, il <a href=\"https:\/\/landioustravel.com\/it\/egitto\/citta-egiziane\/governatorato-bahr-ahmar\/\">Governatorato di Al-Bahr Al-Ahmar<\/a> (Mar Rosso) a est, il Governatorato della Nuova Valle a ovest e lo stato settentrionale del Sudan a sud.<\/amp-fit-text><\/p>\n\n\n\n<amp-fit-text layout=\"fixed-height\" min-font-size=\"14\" max-font-size=\"48\" height=\"50\"><h2 class=\"wp-block-heading\">Storia del governatorato di Aswan<\/h2><\/amp-fit-text>\n\n\n\n<p><amp-fit-text layout=\"fixed-height\" min-font-size=\"14\" max-font-size=\"48\" height=\"50\">Assuan \u00e8 uno dei 27 governatorati dell&#8217;<a href=\"https:\/\/landioustravel.com\/it\/egitto\/\">Egitto<\/a>. Questo governatorato ha una <a href=\"https:\/\/landioustravel.com\/it\/egitto\/storia-egitto\/\">storia<\/a> e un patrimonio profondamente radicati come tutti i governatorati situati nella Valle del Nilo. La storia di questo governatorato si estende fino a quando la storia della civilt\u00e0 in Egitto. Possiamo ottenere molto sulla storia di questo governatorato dagli altri monumenti dell&#8217;<a href=\"https:\/\/landioustravel.com\/it\/egitto\/storia-egitto\/storia-egiziana-antica\/\">antico Egitto<\/a> nella citt\u00e0 di Assuan e Abu Simbel. La storia del governatorato appare nei numerosi monumenti greco-romani che ha in Edfu, Kom Ombo, Philae e la zona centrale in questo governatorato.<\/amp-fit-text><\/p>\n\n\n\n<p><amp-fit-text layout=\"fixed-height\" min-font-size=\"14\" max-font-size=\"48\" height=\"50\">La capitale di questo governatorato \u00e8 la citt\u00e0 di Assuan. \u00c8 l&#8217;antica citt\u00e0 di Swenett, che era la citt\u00e0 di frontiera dell&#8217;antico Egitto rivolta a sud.<\/amp-fit-text><\/p>\n\n\n\n<p><amp-fit-text layout=\"fixed-height\" min-font-size=\"14\" max-font-size=\"48\" height=\"50\">L&#8217;antico egiziano usava il luogo per servire per scopi diversi. Tra questi scopi \u00e8 l&#8217;uso delle sue cave. Queste cave furono celebrate per la loro pietra, e specialmente per la roccia granitica chiamata Syenite. Arredarono le statue colossali, gli obelischi e i santuari monolitici che si trovano in tutto l&#8217;Egitto, incluse le piramidi; e le tracce dei cavatori che hanno lavorato in questi 3000 anni fa sono ancora visibili nella roccia nativa. Si trovano su entrambe le sponde del Nilo e una strada lunga 6,5 \u200b\u200bkm \u00e8 stata tagliata accanto a loro da Syene a Philae.<\/amp-fit-text><\/p>\n\n\n\n<p><amp-fit-text layout=\"fixed-height\" min-font-size=\"14\" max-font-size=\"48\" height=\"50\">Anche l&#8217;antico egiziano usava il posto come presidio. Questa stazione militare \u00e8 stata utilizzata fino a poco tempo fa.<\/amp-fit-text><\/p>\n\n\n\n<amp-fit-text layout=\"fixed-height\" min-font-size=\"14\" max-font-size=\"48\" height=\"50\"><h2 class=\"wp-block-heading\">Le divisioni amministrative del governatorato<\/h2><\/amp-fit-text>\n\n\n\n<p><amp-fit-text layout=\"fixed-height\" min-font-size=\"14\" max-font-size=\"48\" height=\"50\">Il governatorato \u00e8 suddiviso nelle seguenti amministrative:<\/amp-fit-text><\/p>\n\n\n\n<ul class=\"wp-block-list\"><li>Abu Simbel<\/li><li>Assuan<\/li><li>Daraw<\/li><li>Edfu<\/li><li>Kom Ombo<\/li><li>New Aswan<\/li><li>Nuovo Tushka<\/li><li>Nasser City<\/li><\/ul>\n","protected":false},"excerpt":{"rendered":"<p>Il governatorato di Aswan \u00e8 uno dei governatorati dell&#8217;Egitto. Questo governatorato si trova nell&#8217;estremo sud del paese nell&#8217;Alto Egitto, la sua capitale \u00e8 Assuan. Questo Governatorato confina con Qena a nord, il Governatorato di Al-Bahr Al-Ahmar (Mar Rosso) a est, il Governatorato della Nuova Valle a ovest e lo stato settentrionale del Sudan a sud. [&hellip;]<\/p>\n","protected":false},"author":1,"featured_media":4212,"parent":3531,"menu_order":0,"comment_status":"open","ping_status":"closed","template":"","meta":{"_coblocks_attr":"","_coblocks_dimensions":"","_coblocks_responsive_height":"","_coblocks_accordion_ie_support":"","_uag_custom_page_level_css":"","jetpack_post_was_ever_published":false,"footnotes":""},"class_list":["post-4624","page","type-page","status-publish","has-post-thumbnail","hentry"],"yoast_head":"<!-- This site is optimized with the Yoast SEO Premium plugin v26.9 (Yoast SEO v27.3) - https:\/\/yoast.com\/product\/yoast-seo-premium-wordpress\/ -->\n<title>Governatorato di Assuan - Discover Charm of Nubian Cities- Landious Travel<\/title>\n<meta name=\"description\" content=\"Il governatorato di Aswan \u00e8 uno dei governatorati dell&#039;Egitto. Questo governatorato si trova nell&#039;estremo sud del paese nell&#039;Alto Egitto, la sua capitale \u00e8 Assuan. Questo Governatorato confina con Qena a nord, il Governatorato di Al-Bahr Al-Ahmar (Mar Rosso) a est, il Governatorato della Nuova Valle a ovest e lo stato settentrionale del Sudan a sud\" \/>\n<meta name=\"robots\" content=\"index, follow, max-snippet:-1, max-image-preview:large, max-video-preview:-1\" \/>\n<link rel=\"canonical\" href=\"https:\/\/landioustravel.com\/it\/egitto\/citta-egiziane\/governatorato-assuan\/\" \/>\n<meta property=\"og:locale\" content=\"it_IT\" \/>\n<meta property=\"og:type\" content=\"article\" \/>\n<meta property=\"og:title\" content=\"Governatorato di Assuan\" \/>\n<meta property=\"og:description\" content=\"Il governatorato di Aswan \u00e8 uno dei governatorati dell&#039;Egitto. Questo governatorato si trova nell&#039;estremo sud del paese nell&#039;Alto Egitto, la sua capitale \u00e8 Assuan. Questo Governatorato confina con Qena a nord, il Governatorato di Al-Bahr Al-Ahmar (Mar Rosso) a est, il Governatorato della Nuova Valle a ovest e lo stato settentrionale del Sudan a sud\" \/>\n<meta property=\"og:url\" content=\"https:\/\/landioustravel.com\/it\/egitto\/citta-egiziane\/governatorato-assuan\/\" \/>\n<meta property=\"og:site_name\" content=\"Landious Travel\" \/>\n<meta property=\"article:publisher\" content=\"https:\/\/web.facebook.com\/landiousEgypt\" \/>\n<meta property=\"article:modified_time\" content=\"2019-07-10T01:07:10+00:00\" \/>\n<meta property=\"og:image\" content=\"https:\/\/i0.wp.com\/landioustravel.com\/wp-content\/uploads\/2019\/04\/aswan_govenorate.jpg?fit=2402%2C1351&ssl=1\" \/>\n\t<meta property=\"og:image:width\" content=\"2402\" \/>\n\t<meta property=\"og:image:height\" content=\"1351\" \/>\n\t<meta property=\"og:image:type\" content=\"image\/jpeg\" \/>\n<meta name=\"twitter:card\" content=\"summary_large_image\" \/>\n<meta name=\"twitter:site\" content=\"@LandiousTours\" \/>\n<meta name=\"twitter:label1\" content=\"Tempo di lettura stimato\" \/>\n\t<meta name=\"twitter:data1\" content=\"1 minuto\" \/>\n<script type=\"application\/ld+json\" class=\"yoast-schema-graph\">{\"@context\":\"https:\\\/\\\/schema.org\",\"@graph\":[{\"@type\":\"WebPage\",\"@id\":\"https:\\\/\\\/landioustravel.com\\\/it\\\/egitto\\\/citta-egiziane\\\/governatorato-assuan\\\/\",\"url\":\"https:\\\/\\\/landioustravel.com\\\/it\\\/egitto\\\/citta-egiziane\\\/governatorato-assuan\\\/\",\"name\":\"Governatorato di Assuan - Discover Charm of Nubian Cities- Landious Travel\",\"isPartOf\":{\"@id\":\"https:\\\/\\\/landioustravel.com\\\/it\\\/#website\"},\"primaryImageOfPage\":{\"@id\":\"https:\\\/\\\/landioustravel.com\\\/it\\\/egitto\\\/citta-egiziane\\\/governatorato-assuan\\\/#primaryimage\"},\"image\":{\"@id\":\"https:\\\/\\\/landioustravel.com\\\/it\\\/egitto\\\/citta-egiziane\\\/governatorato-assuan\\\/#primaryimage\"},\"thumbnailUrl\":\"https:\\\/\\\/i0.wp.com\\\/landioustravel.com\\\/wp-content\\\/uploads\\\/2019\\\/04\\\/aswan_govenorate.jpg?fit=2402%2C1351&ssl=1\",\"datePublished\":\"2019-05-16T14:41:04+00:00\",\"dateModified\":\"2019-07-10T01:07:10+00:00\",\"description\":\"Il governatorato di Aswan \u00e8 uno dei governatorati dell'Egitto. Questo governatorato si trova nell'estremo sud del paese nell'Alto Egitto, la sua capitale \u00e8 Assuan. Questo Governatorato confina con Qena a nord, il Governatorato di Al-Bahr Al-Ahmar (Mar Rosso) a est, il Governatorato della Nuova Valle a ovest e lo stato settentrionale del Sudan a sud\",\"breadcrumb\":{\"@id\":\"https:\\\/\\\/landioustravel.com\\\/it\\\/egitto\\\/citta-egiziane\\\/governatorato-assuan\\\/#breadcrumb\"},\"inLanguage\":\"it-IT\",\"potentialAction\":[{\"@type\":\"ReadAction\",\"target\":[\"https:\\\/\\\/landioustravel.com\\\/it\\\/egitto\\\/citta-egiziane\\\/governatorato-assuan\\\/\"]}]},{\"@type\":\"ImageObject\",\"inLanguage\":\"it-IT\",\"@id\":\"https:\\\/\\\/landioustravel.com\\\/it\\\/egitto\\\/citta-egiziane\\\/governatorato-assuan\\\/#primaryimage\",\"url\":\"https:\\\/\\\/i0.wp.com\\\/landioustravel.com\\\/wp-content\\\/uploads\\\/2019\\\/04\\\/aswan_govenorate.jpg?fit=2402%2C1351&ssl=1\",\"contentUrl\":\"https:\\\/\\\/i0.wp.com\\\/landioustravel.com\\\/wp-content\\\/uploads\\\/2019\\\/04\\\/aswan_govenorate.jpg?fit=2402%2C1351&ssl=1\",\"width\":2402,\"height\":1351,\"caption\":\"http:\\\/\\\/www.accorhotels.com\\\/1666\"},{\"@type\":\"BreadcrumbList\",\"@id\":\"https:\\\/\\\/landioustravel.com\\\/it\\\/egitto\\\/citta-egiziane\\\/governatorato-assuan\\\/#breadcrumb\",\"itemListElement\":[{\"@type\":\"ListItem\",\"position\":1,\"name\":\"Home\",\"item\":\"https:\\\/\\\/landioustravel.com\\\/it\\\/\"},{\"@type\":\"ListItem\",\"position\":2,\"name\":\"Egitto\",\"item\":\"https:\\\/\\\/landioustravel.com\\\/it\\\/egitto\\\/\"},{\"@type\":\"ListItem\",\"position\":3,\"name\":\"Citt\u00e0 egiziane\",\"item\":\"https:\\\/\\\/landioustravel.com\\\/it\\\/egitto\\\/citta-egiziane\\\/\"},{\"@type\":\"ListItem\",\"position\":4,\"name\":\"Governatorato di Assuan\"}]},{\"@type\":\"WebSite\",\"@id\":\"https:\\\/\\\/landioustravel.com\\\/it\\\/#website\",\"url\":\"https:\\\/\\\/landioustravel.com\\\/it\\\/\",\"name\":\"Landious Travel\",\"description\":\"Excursions, trips and cruises in Egypt\",\"publisher\":{\"@id\":\"https:\\\/\\\/landioustravel.com\\\/it\\\/#organization\"},\"potentialAction\":[{\"@type\":\"SearchAction\",\"target\":{\"@type\":\"EntryPoint\",\"urlTemplate\":\"https:\\\/\\\/landioustravel.com\\\/it\\\/?s={search_term_string}\"},\"query-input\":{\"@type\":\"PropertyValueSpecification\",\"valueRequired\":true,\"valueName\":\"search_term_string\"}}],\"inLanguage\":\"it-IT\"},{\"@type\":[\"Organization\",\"Place\"],\"@id\":\"https:\\\/\\\/landioustravel.com\\\/it\\\/#organization\",\"name\":\"Landious Travel\",\"alternateName\":\"Landious Travel\",\"url\":\"https:\\\/\\\/landioustravel.com\\\/it\\\/\",\"logo\":{\"@id\":\"https:\\\/\\\/landioustravel.com\\\/it\\\/egitto\\\/citta-egiziane\\\/governatorato-assuan\\\/#local-main-organization-logo\"},\"image\":{\"@id\":\"https:\\\/\\\/landioustravel.com\\\/it\\\/egitto\\\/citta-egiziane\\\/governatorato-assuan\\\/#local-main-organization-logo\"},\"sameAs\":[\"https:\\\/\\\/web.facebook.com\\\/landiousEgypt\",\"https:\\\/\\\/x.com\\\/LandiousTours\",\"https:\\\/\\\/mastodon.social\\\/@landious\"],\"legalName\":\"Landious Travel\",\"telephone\":[],\"openingHoursSpecification\":[{\"@type\":\"OpeningHoursSpecification\",\"dayOfWeek\":[\"Monday\",\"Tuesday\",\"Wednesday\",\"Thursday\",\"Friday\",\"Saturday\",\"Sunday\"],\"opens\":\"09:00\",\"closes\":\"17:00\"}]},{\"@type\":\"ImageObject\",\"inLanguage\":\"it-IT\",\"@id\":\"https:\\\/\\\/landioustravel.com\\\/it\\\/egitto\\\/citta-egiziane\\\/governatorato-assuan\\\/#local-main-organization-logo\",\"url\":\"https:\\\/\\\/i0.wp.com\\\/landioustravel.com\\\/wp-content\\\/uploads\\\/2021\\\/06\\\/Landious-T.png?fit=500%2C500&ssl=1\",\"contentUrl\":\"https:\\\/\\\/i0.wp.com\\\/landioustravel.com\\\/wp-content\\\/uploads\\\/2021\\\/06\\\/Landious-T.png?fit=500%2C500&ssl=1\",\"width\":500,\"height\":500,\"caption\":\"Landious Travel\"}]}<\/script>\n<!-- \/ Yoast SEO Premium plugin. -->","yoast_head_json":{"title":"Governatorato di Assuan - Discover Charm of Nubian Cities- Landious Travel","description":"Il governatorato di Aswan \u00e8 uno dei governatorati dell'Egitto. Questo governatorato si trova nell'estremo sud del paese nell'Alto Egitto, la sua capitale \u00e8 Assuan. Questo Governatorato confina con Qena a nord, il Governatorato di Al-Bahr Al-Ahmar (Mar Rosso) a est, il Governatorato della Nuova Valle a ovest e lo stato settentrionale del Sudan a sud","robots":{"index":"index","follow":"follow","max-snippet":"max-snippet:-1","max-image-preview":"max-image-preview:large","max-video-preview":"max-video-preview:-1"},"canonical":"https:\/\/landioustravel.com\/it\/egitto\/citta-egiziane\/governatorato-assuan\/","og_locale":"it_IT","og_type":"article","og_title":"Governatorato di Assuan","og_description":"Il governatorato di Aswan \u00e8 uno dei governatorati dell'Egitto. Questo governatorato si trova nell'estremo sud del paese nell'Alto Egitto, la sua capitale \u00e8 Assuan. Questo Governatorato confina con Qena a nord, il Governatorato di Al-Bahr Al-Ahmar (Mar Rosso) a est, il Governatorato della Nuova Valle a ovest e lo stato settentrionale del Sudan a sud","og_url":"https:\/\/landioustravel.com\/it\/egitto\/citta-egiziane\/governatorato-assuan\/","og_site_name":"Landious Travel","article_publisher":"https:\/\/web.facebook.com\/landiousEgypt","article_modified_time":"2019-07-10T01:07:10+00:00","og_image":[{"width":2402,"height":1351,"url":"https:\/\/i0.wp.com\/landioustravel.com\/wp-content\/uploads\/2019\/04\/aswan_govenorate.jpg?fit=2402%2C1351&ssl=1","type":"image\/jpeg"}],"twitter_card":"summary_large_image","twitter_site":"@LandiousTours","twitter_misc":{"Tempo di lettura stimato":"1 minuto"},"schema":{"@context":"https:\/\/schema.org","@graph":[{"@type":"WebPage","@id":"https:\/\/landioustravel.com\/it\/egitto\/citta-egiziane\/governatorato-assuan\/","url":"https:\/\/landioustravel.com\/it\/egitto\/citta-egiziane\/governatorato-assuan\/","name":"Governatorato di Assuan - Discover Charm of Nubian Cities- Landious Travel","isPartOf":{"@id":"https:\/\/landioustravel.com\/it\/#website"},"primaryImageOfPage":{"@id":"https:\/\/landioustravel.com\/it\/egitto\/citta-egiziane\/governatorato-assuan\/#primaryimage"},"image":{"@id":"https:\/\/landioustravel.com\/it\/egitto\/citta-egiziane\/governatorato-assuan\/#primaryimage"},"thumbnailUrl":"https:\/\/i0.wp.com\/landioustravel.com\/wp-content\/uploads\/2019\/04\/aswan_govenorate.jpg?fit=2402%2C1351&ssl=1","datePublished":"2019-05-16T14:41:04+00:00","dateModified":"2019-07-10T01:07:10+00:00","description":"Il governatorato di Aswan \u00e8 uno dei governatorati dell'Egitto. Questo governatorato si trova nell'estremo sud del paese nell'Alto Egitto, la sua capitale \u00e8 Assuan. Questo Governatorato confina con Qena a nord, il Governatorato di Al-Bahr Al-Ahmar (Mar Rosso) a est, il Governatorato della Nuova Valle a ovest e lo stato settentrionale del Sudan a sud","breadcrumb":{"@id":"https:\/\/landioustravel.com\/it\/egitto\/citta-egiziane\/governatorato-assuan\/#breadcrumb"},"inLanguage":"it-IT","potentialAction":[{"@type":"ReadAction","target":["https:\/\/landioustravel.com\/it\/egitto\/citta-egiziane\/governatorato-assuan\/"]}]},{"@type":"ImageObject","inLanguage":"it-IT","@id":"https:\/\/landioustravel.com\/it\/egitto\/citta-egiziane\/governatorato-assuan\/#primaryimage","url":"https:\/\/i0.wp.com\/landioustravel.com\/wp-content\/uploads\/2019\/04\/aswan_govenorate.jpg?fit=2402%2C1351&ssl=1","contentUrl":"https:\/\/i0.wp.com\/landioustravel.com\/wp-content\/uploads\/2019\/04\/aswan_govenorate.jpg?fit=2402%2C1351&ssl=1","width":2402,"height":1351,"caption":"http:\/\/www.accorhotels.com\/1666"},{"@type":"BreadcrumbList","@id":"https:\/\/landioustravel.com\/it\/egitto\/citta-egiziane\/governatorato-assuan\/#breadcrumb","itemListElement":[{"@type":"ListItem","position":1,"name":"Home","item":"https:\/\/landioustravel.com\/it\/"},{"@type":"ListItem","position":2,"name":"Egitto","item":"https:\/\/landioustravel.com\/it\/egitto\/"},{"@type":"ListItem","position":3,"name":"Citt\u00e0 egiziane","item":"https:\/\/landioustravel.com\/it\/egitto\/citta-egiziane\/"},{"@type":"ListItem","position":4,"name":"Governatorato di Assuan"}]},{"@type":"WebSite","@id":"https:\/\/landioustravel.com\/it\/#website","url":"https:\/\/landioustravel.com\/it\/","name":"Landious Travel","description":"Excursions, trips and cruises in Egypt","publisher":{"@id":"https:\/\/landioustravel.com\/it\/#organization"},"potentialAction":[{"@type":"SearchAction","target":{"@type":"EntryPoint","urlTemplate":"https:\/\/landioustravel.com\/it\/?s={search_term_string}"},"query-input":{"@type":"PropertyValueSpecification","valueRequired":true,"valueName":"search_term_string"}}],"inLanguage":"it-IT"},{"@type":["Organization","Place"],"@id":"https:\/\/landioustravel.com\/it\/#organization","name":"Landious Travel","alternateName":"Landious Travel","url":"https:\/\/landioustravel.com\/it\/","logo":{"@id":"https:\/\/landioustravel.com\/it\/egitto\/citta-egiziane\/governatorato-assuan\/#local-main-organization-logo"},"image":{"@id":"https:\/\/landioustravel.com\/it\/egitto\/citta-egiziane\/governatorato-assuan\/#local-main-organization-logo"},"sameAs":["https:\/\/web.facebook.com\/landiousEgypt","https:\/\/x.com\/LandiousTours","https:\/\/mastodon.social\/@landious"],"legalName":"Landious Travel","telephone":[],"openingHoursSpecification":[{"@type":"OpeningHoursSpecification","dayOfWeek":["Monday","Tuesday","Wednesday","Thursday","Friday","Saturday","Sunday"],"opens":"09:00","closes":"17:00"}]},{"@type":"ImageObject","inLanguage":"it-IT","@id":"https:\/\/landioustravel.com\/it\/egitto\/citta-egiziane\/governatorato-assuan\/#local-main-organization-logo","url":"https:\/\/i0.wp.com\/landioustravel.com\/wp-content\/uploads\/2021\/06\/Landious-T.png?fit=500%2C500&ssl=1","contentUrl":"https:\/\/i0.wp.com\/landioustravel.com\/wp-content\/uploads\/2021\/06\/Landious-T.png?fit=500%2C500&ssl=1","width":500,"height":500,"caption":"Landious Travel"}]}},"uagb_featured_image_src":{"full":["https:\/\/i0.wp.com\/landioustravel.com\/wp-content\/uploads\/2019\/04\/aswan_govenorate.jpg?fit=2402%2C1351&ssl=1",2402,1351,false],"thumbnail":["https:\/\/i0.wp.com\/landioustravel.com\/wp-content\/uploads\/2019\/04\/aswan_govenorate.jpg?resize=150%2C150&ssl=1",150,150,true],"medium":["https:\/\/i0.wp.com\/landioustravel.com\/wp-content\/uploads\/2019\/04\/aswan_govenorate.jpg?fit=300%2C169&ssl=1",300,169,true],"medium_large":["https:\/\/i0.wp.com\/landioustravel.com\/wp-content\/uploads\/2019\/04\/aswan_govenorate.jpg?fit=768%2C432&ssl=1",768,432,true],"large":["https:\/\/i0.wp.com\/landioustravel.com\/wp-content\/uploads\/2019\/04\/aswan_govenorate.jpg?fit=980%2C551&ssl=1",980,551,true],"1536x1536":["https:\/\/i0.wp.com\/landioustravel.com\/wp-content\/uploads\/2019\/04\/aswan_govenorate.jpg?fit=1536%2C864&ssl=1",1536,864,true],"2048x2048":["https:\/\/i0.wp.com\/landioustravel.com\/wp-content\/uploads\/2019\/04\/aswan_govenorate.jpg?fit=2048%2C1152&ssl=1",2048,1152,true],"newspack-article-block-landscape-large":["https:\/\/i0.wp.com\/landioustravel.com\/wp-content\/uploads\/2019\/04\/aswan_govenorate.jpg?resize=1200%2C900&ssl=1",1200,900,true],"newspack-article-block-portrait-large":["https:\/\/i0.wp.com\/landioustravel.com\/wp-content\/uploads\/2019\/04\/aswan_govenorate.jpg?resize=900%2C1200&ssl=1",900,1200,true],"newspack-article-block-square-large":["https:\/\/i0.wp.com\/landioustravel.com\/wp-content\/uploads\/2019\/04\/aswan_govenorate.jpg?resize=1200%2C1200&ssl=1",1200,1200,true],"newspack-article-block-landscape-medium":["https:\/\/i0.wp.com\/landioustravel.com\/wp-content\/uploads\/2019\/04\/aswan_govenorate.jpg?resize=800%2C600&ssl=1",800,600,true],"newspack-article-block-portrait-medium":["https:\/\/i0.wp.com\/landioustravel.com\/wp-content\/uploads\/2019\/04\/aswan_govenorate.jpg?resize=600%2C800&ssl=1",600,800,true],"newspack-article-block-square-medium":["https:\/\/i0.wp.com\/landioustravel.com\/wp-content\/uploads\/2019\/04\/aswan_govenorate.jpg?resize=800%2C800&ssl=1",800,800,true],"newspack-article-block-landscape-intermediate":["https:\/\/i0.wp.com\/landioustravel.com\/wp-content\/uploads\/2019\/04\/aswan_govenorate.jpg?resize=600%2C450&ssl=1",600,450,true],"newspack-article-block-portrait-intermediate":["https:\/\/i0.wp.com\/landioustravel.com\/wp-content\/uploads\/2019\/04\/aswan_govenorate.jpg?resize=450%2C600&ssl=1",450,600,true],"newspack-article-block-square-intermediate":["https:\/\/i0.wp.com\/landioustravel.com\/wp-content\/uploads\/2019\/04\/aswan_govenorate.jpg?resize=600%2C600&ssl=1",600,600,true],"newspack-article-block-landscape-small":["https:\/\/i0.wp.com\/landioustravel.com\/wp-content\/uploads\/2019\/04\/aswan_govenorate.jpg?resize=400%2C300&ssl=1",400,300,true],"newspack-article-block-portrait-small":["https:\/\/i0.wp.com\/landioustravel.com\/wp-content\/uploads\/2019\/04\/aswan_govenorate.jpg?resize=300%2C400&ssl=1",300,400,true],"newspack-article-block-square-small":["https:\/\/i0.wp.com\/landioustravel.com\/wp-content\/uploads\/2019\/04\/aswan_govenorate.jpg?resize=400%2C400&ssl=1",400,400,true],"newspack-article-block-landscape-tiny":["https:\/\/i0.wp.com\/landioustravel.com\/wp-content\/uploads\/2019\/04\/aswan_govenorate.jpg?resize=200%2C150&ssl=1",200,150,true],"newspack-article-block-portrait-tiny":["https:\/\/i0.wp.com\/landioustravel.com\/wp-content\/uploads\/2019\/04\/aswan_govenorate.jpg?resize=150%2C200&ssl=1",150,200,true],"newspack-article-block-square-tiny":["https:\/\/i0.wp.com\/landioustravel.com\/wp-content\/uploads\/2019\/04\/aswan_govenorate.jpg?resize=200%2C200&ssl=1",200,200,true],"newspack-article-block-uncropped":["https:\/\/i0.wp.com\/landioustravel.com\/wp-content\/uploads\/2019\/04\/aswan_govenorate.jpg?fit=1200%2C675&ssl=1",1200,675,true],"woocommerce_thumbnail":["https:\/\/i0.wp.com\/landioustravel.com\/wp-content\/uploads\/2019\/04\/aswan_govenorate.jpg?resize=324%2C324&ssl=1",324,324,true],"woocommerce_single":["https:\/\/i0.wp.com\/landioustravel.com\/wp-content\/uploads\/2019\/04\/aswan_govenorate.jpg?fit=416%2C234&ssl=1",416,234,true],"woocommerce_gallery_thumbnail":["https:\/\/i0.wp.com\/landioustravel.com\/wp-content\/uploads\/2019\/04\/aswan_govenorate.jpg?resize=100%2C100&ssl=1",100,100,true]},"uagb_author_info":{"display_name":"Mofreh Landious","author_link":"https:\/\/landioustravel.com\/it\/author\/landious\/"},"uagb_comment_info":0,"uagb_excerpt":"Il governatorato di Aswan \u00e8 uno dei governatorati dell&#8217;Egitto. Questo governatorato si trova nell&#8217;estremo sud del paese nell&#8217;Alto Egitto, la sua capitale \u00e8 Assuan. Questo Governatorato confina con Qena a nord, il Governatorato di Al-Bahr Al-Ahmar (Mar Rosso) a est, il Governatorato della Nuova Valle a ovest e lo stato settentrionale del Sudan a sud.&hellip;","jetpack_sharing_enabled":true,"jetpack_shortlink":"https:\/\/wp.me\/Par4r5-1cA","jetpack_likes_enabled":true,"amp_enabled":true,"_links":{"self":[{"href":"https:\/\/landioustravel.com\/it\/wp-json\/wp\/v2\/pages\/4624","targetHints":{"allow":["GET"]}}],"collection":[{"href":"https:\/\/landioustravel.com\/it\/wp-json\/wp\/v2\/pages"}],"about":[{"href":"https:\/\/landioustravel.com\/it\/wp-json\/wp\/v2\/types\/page"}],"author":[{"embeddable":true,"href":"https:\/\/landioustravel.com\/it\/wp-json\/wp\/v2\/users\/1"}],"replies":[{"embeddable":true,"href":"https:\/\/landioustravel.com\/it\/wp-json\/wp\/v2\/comments?post=4624"}],"version-history":[{"count":0,"href":"https:\/\/landioustravel.com\/it\/wp-json\/wp\/v2\/pages\/4624\/revisions"}],"up":[{"embeddable":true,"href":"https:\/\/landioustravel.com\/it\/wp-json\/wp\/v2\/pages\/3531"}],"wp:featuredmedia":[{"embeddable":true,"href":"https:\/\/landioustravel.com\/it\/wp-json\/wp\/v2\/media\/4212"}],"wp:attachment":[{"href":"https:\/\/landioustravel.com\/it\/wp-json\/wp\/v2\/media?parent=4624"}],"curies":[{"name":"wp","href":"https:\/\/api.w.org\/{rel}","templated":true}]}}