{"id":5527,"date":"2019-05-31T04:06:40","date_gmt":"2019-05-31T02:06:40","guid":{"rendered":"https:\/\/landioustravel.com\/?page_id=5527"},"modified":"2019-05-31T04:06:42","modified_gmt":"2019-05-31T02:06:42","slug":"dea-iside","status":"publish","type":"page","link":"https:\/\/landioustravel.com\/it\/egitto\/divinita-egiziane\/dea-iside\/","title":{"rendered":"Dea Iside"},"content":{"rendered":"\n<amp-fit-text layout=\"fixed-height\" min-font-size=\"14\" max-font-size=\"48\" height=\"50\"><h2 class=\"wp-block-heading\">Informazioni sulla dea Iside<\/h2><\/amp-fit-text>\n\n\n\n<amp-fit-text layout=\"fixed-height\" min-font-size=\"14\" max-font-size=\"48\" height=\"50\"><p>Iside \u00e8 una delle famose divinit\u00e0 dell&#8217;antico Egitto. Era la dea della fertilit\u00e0, della maternit\u00e0, della magia, della morte, della guarigione e della rinascita. Iside proveniva da una famiglia divina. Era la prima figlia di Geb, il dio della terra, e Nut, la dea del cielo. Iside era sposata con suo fratello Osiride e diede alla luce il dio Horus.<\/p><\/amp-fit-text>\n\n\n\n<amp-fit-text layout=\"fixed-height\" min-font-size=\"14\" max-font-size=\"48\" height=\"50\"><h2 class=\"wp-block-heading\">La posizione divina di Iside nell&#8217;antico Egitto<\/h2><\/amp-fit-text>\n\n\n\n<amp-fit-text layout=\"fixed-height\" min-font-size=\"14\" max-font-size=\"48\" height=\"50\"><p>La dea Iside fu menzionata per la prima volta nell&#8217;Antico Regno come uno dei personaggi principali del mito di Osiride. L\u00ec, a Iside mancavano i suoi templi dedicati e gli antichi egizi la adoravano tra le altre divinit\u00e0. Aveva un ruolo limitato nei rituali reali e nei riti del tempio, sebbene fosse pi\u00f9 prominente nelle pratiche funerarie e nei testi magici. Gradualmente, divenne importante, finch\u00e9 divenne una delle divinit\u00e0 pi\u00f9 importanti dell&#8217;antico Egitto.<\/p><\/amp-fit-text>\n\n\n\n<amp-fit-text layout=\"fixed-height\" min-font-size=\"14\" max-font-size=\"48\" height=\"50\"><p>A partire dal Nuovo Regno, Osiride e Iside divennero le divinit\u00e0 egizie pi\u00f9 largamente adorato e Iside assorb\u00ec le caratteristiche di molte altre dee. Un grande evento \u00e8 accaduto durante questo periodo che ha visto la costruzione di templi dedicati per Osiride e Iside in Egitto e in Nubia.<\/p><\/amp-fit-text>\n\n\n\n<amp-fit-text layout=\"fixed-height\" min-font-size=\"14\" max-font-size=\"48\" height=\"50\"><p>La dea Iside raggiunse la sua pi\u00f9 ampia reputazione durante il periodo ellenistico (323-30 aC). L\u00ec, i Greci e gli Egiziani la adoravano, insieme a un nuovo dio, Serapis. Il suo culto si diffuse in tutto l&#8217;Impero Romano e Iside fu adorato nell&#8217;area dall&#8217;Inghilterra all&#8217;Afghanistan.<\/p><\/amp-fit-text>\n\n\n\n<amp-fit-text layout=\"fixed-height\" min-font-size=\"14\" max-font-size=\"48\" height=\"50\"><h2 class=\"wp-block-heading\">I templi dedicati di Isis<\/h2><\/amp-fit-text>\n\n\n\n<amp-fit-text layout=\"fixed-height\" min-font-size=\"14\" max-font-size=\"48\" height=\"50\"><p>Con la diffusione della reputazione di Iside, alcuni templi furono dedicati al suo culto. Il primo grande tempio fu costruito dal re del periodo tardo Nectanebo II (360-343 aC) a Behbeit el-Hagar, nel delta del Nilo centrale. Altri templi dedicati al suo culto furono costruiti durante il periodo greco-romano, compreso il tempio dell&#8217;isola di Philae.<\/p><\/amp-fit-text>\n","protected":false},"excerpt":{"rendered":"<p>Informazioni sulla dea Iside Iside \u00e8 una delle famose divinit\u00e0 dell&#8217;antico Egitto. Era la dea della fertilit\u00e0, della maternit\u00e0, della magia, della morte, della guarigione e della rinascita. Iside proveniva da una famiglia divina. Era la prima figlia di Geb, il dio della terra, e Nut, la dea del cielo. Iside era sposata con suo [&hellip;]<\/p>\n","protected":false},"author":1,"featured_media":4043,"parent":3622,"menu_order":0,"comment_status":"open","ping_status":"closed","template":"","meta":{"_coblocks_attr":"","_coblocks_dimensions":"","_coblocks_responsive_height":"","_coblocks_accordion_ie_support":"","_uag_custom_page_level_css":"","footnotes":""},"class_list":["post-5527","page","type-page","status-publish","has-post-thumbnail","hentry"],"yoast_head":"<!-- This site is optimized with the Yoast SEO Premium plugin v27.5 (Yoast SEO v27.5) - https:\/\/yoast.com\/product\/yoast-seo-premium-wordpress\/ -->\n<title>Dea Iside<\/title>\n<meta name=\"description\" content=\"Iside \u00e8 una delle famose divinit\u00e0 dell&#039;antico Egitto. Era la dea della fertilit\u00e0, della maternit\u00e0, della magia, della morte, della guarigione e della rinascita. Iside proveniva da una famiglia divina. Era la prima figlia di Geb, il dio della terra, e Nut, la dea del cielo. Iside era sposata con suo fratello Osiride e diede alla luce il dio Horus.\" \/>\n<meta name=\"robots\" content=\"index, follow, max-snippet:-1, max-image-preview:large, max-video-preview:-1\" \/>\n<link rel=\"canonical\" href=\"https:\/\/landioustravel.com\/it\/egitto\/divinita-egiziane\/dea-iside\/\" \/>\n<meta property=\"og:locale\" content=\"it_IT\" \/>\n<meta property=\"og:type\" content=\"article\" \/>\n<meta property=\"og:title\" content=\"Dea Iside\" \/>\n<meta property=\"og:description\" content=\"Iside \u00e8 una delle famose divinit\u00e0 dell&#039;antico Egitto. Era la dea della fertilit\u00e0, della maternit\u00e0, della magia, della morte, della guarigione e della rinascita. Iside proveniva da una famiglia divina. Era la prima figlia di Geb, il dio della terra, e Nut, la dea del cielo. Iside era sposata con suo fratello Osiride e diede alla luce il dio Horus.\" \/>\n<meta property=\"og:url\" content=\"https:\/\/landioustravel.com\/it\/egitto\/divinita-egiziane\/dea-iside\/\" \/>\n<meta property=\"og:site_name\" content=\"Landious Travel\" \/>\n<meta property=\"article:publisher\" content=\"https:\/\/web.facebook.com\/landiousEgypt\" \/>\n<meta property=\"article:modified_time\" content=\"2019-05-31T02:06:42+00:00\" \/>\n<meta property=\"og:image\" content=\"https:\/\/i0.wp.com\/landioustravel.com\/wp-content\/uploads\/2019\/04\/isis_dakka-e1600892518337.jpg?fit=1200%2C677&ssl=1\" \/>\n\t<meta property=\"og:image:width\" content=\"1200\" \/>\n\t<meta property=\"og:image:height\" content=\"677\" \/>\n\t<meta property=\"og:image:type\" content=\"image\/jpeg\" \/>\n<meta name=\"twitter:card\" content=\"summary_large_image\" \/>\n<meta name=\"twitter:site\" content=\"@LandiousTours\" \/>\n<meta name=\"twitter:label1\" content=\"Tempo di lettura stimato\" \/>\n\t<meta name=\"twitter:data1\" content=\"1 minuto\" \/>\n<script type=\"application\/ld+json\" class=\"yoast-schema-graph\">{\"@context\":\"https:\\\/\\\/schema.org\",\"@graph\":[{\"@type\":\"WebPage\",\"@id\":\"https:\\\/\\\/landioustravel.com\\\/it\\\/egitto\\\/divinita-egiziane\\\/dea-iside\\\/\",\"url\":\"https:\\\/\\\/landioustravel.com\\\/it\\\/egitto\\\/divinita-egiziane\\\/dea-iside\\\/\",\"name\":\"Dea Iside\",\"isPartOf\":{\"@id\":\"https:\\\/\\\/landioustravel.com\\\/it\\\/#website\"},\"primaryImageOfPage\":{\"@id\":\"https:\\\/\\\/landioustravel.com\\\/it\\\/egitto\\\/divinita-egiziane\\\/dea-iside\\\/#primaryimage\"},\"image\":{\"@id\":\"https:\\\/\\\/landioustravel.com\\\/it\\\/egitto\\\/divinita-egiziane\\\/dea-iside\\\/#primaryimage\"},\"thumbnailUrl\":\"https:\\\/\\\/i0.wp.com\\\/landioustravel.com\\\/wp-content\\\/uploads\\\/2019\\\/04\\\/isis_dakka-e1600892518337.jpg?fit=1200%2C677&ssl=1\",\"datePublished\":\"2019-05-31T02:06:40+00:00\",\"dateModified\":\"2019-05-31T02:06:42+00:00\",\"description\":\"Iside \u00e8 una delle famose divinit\u00e0 dell'antico Egitto. Era la dea della fertilit\u00e0, della maternit\u00e0, della magia, della morte, della guarigione e della rinascita. Iside proveniva da una famiglia divina. Era la prima figlia di Geb, il dio della terra, e Nut, la dea del cielo. Iside era sposata con suo fratello Osiride e diede alla luce il dio Horus.\",\"breadcrumb\":{\"@id\":\"https:\\\/\\\/landioustravel.com\\\/it\\\/egitto\\\/divinita-egiziane\\\/dea-iside\\\/#breadcrumb\"},\"inLanguage\":\"it-IT\",\"potentialAction\":[{\"@type\":\"ReadAction\",\"target\":[\"https:\\\/\\\/landioustravel.com\\\/it\\\/egitto\\\/divinita-egiziane\\\/dea-iside\\\/\"]}]},{\"@type\":\"ImageObject\",\"inLanguage\":\"it-IT\",\"@id\":\"https:\\\/\\\/landioustravel.com\\\/it\\\/egitto\\\/divinita-egiziane\\\/dea-iside\\\/#primaryimage\",\"url\":\"https:\\\/\\\/i0.wp.com\\\/landioustravel.com\\\/wp-content\\\/uploads\\\/2019\\\/04\\\/isis_dakka-e1600892518337.jpg?fit=1200%2C677&ssl=1\",\"contentUrl\":\"https:\\\/\\\/i0.wp.com\\\/landioustravel.com\\\/wp-content\\\/uploads\\\/2019\\\/04\\\/isis_dakka-e1600892518337.jpg?fit=1200%2C677&ssl=1\",\"width\":1200,\"height\":677,\"caption\":\"Goddess Isis in temple of Dakka\"},{\"@type\":\"BreadcrumbList\",\"@id\":\"https:\\\/\\\/landioustravel.com\\\/it\\\/egitto\\\/divinita-egiziane\\\/dea-iside\\\/#breadcrumb\",\"itemListElement\":[{\"@type\":\"ListItem\",\"position\":1,\"name\":\"Home\",\"item\":\"https:\\\/\\\/landioustravel.com\\\/it\\\/\"},{\"@type\":\"ListItem\",\"position\":2,\"name\":\"Egitto\",\"item\":\"https:\\\/\\\/landioustravel.com\\\/it\\\/egitto\\\/\"},{\"@type\":\"ListItem\",\"position\":3,\"name\":\"Divinit\u00e0 egiziane\",\"item\":\"https:\\\/\\\/landioustravel.com\\\/it\\\/egitto\\\/divinita-egiziane\\\/\"},{\"@type\":\"ListItem\",\"position\":4,\"name\":\"Dea Iside\"}]},{\"@type\":\"WebSite\",\"@id\":\"https:\\\/\\\/landioustravel.com\\\/it\\\/#website\",\"url\":\"https:\\\/\\\/landioustravel.com\\\/it\\\/\",\"name\":\"Landious Travel\",\"description\":\"Excursions, trips and cruises in Egypt\",\"publisher\":{\"@id\":\"https:\\\/\\\/landioustravel.com\\\/it\\\/#organization\"},\"potentialAction\":[{\"@type\":\"SearchAction\",\"target\":{\"@type\":\"EntryPoint\",\"urlTemplate\":\"https:\\\/\\\/landioustravel.com\\\/it\\\/?s={search_term_string}\"},\"query-input\":{\"@type\":\"PropertyValueSpecification\",\"valueRequired\":true,\"valueName\":\"search_term_string\"}}],\"inLanguage\":\"it-IT\"},{\"@type\":[\"Organization\",\"Place\"],\"@id\":\"https:\\\/\\\/landioustravel.com\\\/it\\\/#organization\",\"name\":\"Landious Travel\",\"alternateName\":\"Landious Travel\",\"url\":\"https:\\\/\\\/landioustravel.com\\\/it\\\/\",\"logo\":{\"@id\":\"https:\\\/\\\/landioustravel.com\\\/it\\\/egitto\\\/divinita-egiziane\\\/dea-iside\\\/#local-main-organization-logo\"},\"image\":{\"@id\":\"https:\\\/\\\/landioustravel.com\\\/it\\\/egitto\\\/divinita-egiziane\\\/dea-iside\\\/#local-main-organization-logo\"},\"sameAs\":[\"https:\\\/\\\/web.facebook.com\\\/landiousEgypt\",\"https:\\\/\\\/x.com\\\/LandiousTours\",\"https:\\\/\\\/mastodon.social\\\/@landious\"],\"legalName\":\"Landious Travel\",\"telephone\":[],\"openingHoursSpecification\":[{\"@type\":\"OpeningHoursSpecification\",\"dayOfWeek\":[\"Monday\",\"Tuesday\",\"Wednesday\",\"Thursday\",\"Friday\",\"Saturday\",\"Sunday\"],\"opens\":\"09:00\",\"closes\":\"17:00\"}]},{\"@type\":\"ImageObject\",\"inLanguage\":\"it-IT\",\"@id\":\"https:\\\/\\\/landioustravel.com\\\/it\\\/egitto\\\/divinita-egiziane\\\/dea-iside\\\/#local-main-organization-logo\",\"url\":\"https:\\\/\\\/i0.wp.com\\\/landioustravel.com\\\/wp-content\\\/uploads\\\/2021\\\/06\\\/Landious-T.png?fit=500%2C500&ssl=1\",\"contentUrl\":\"https:\\\/\\\/i0.wp.com\\\/landioustravel.com\\\/wp-content\\\/uploads\\\/2021\\\/06\\\/Landious-T.png?fit=500%2C500&ssl=1\",\"width\":500,\"height\":500,\"caption\":\"Landious Travel\"}]}<\/script>\n<!-- \/ Yoast SEO Premium plugin. -->","yoast_head_json":{"title":"Dea Iside","description":"Iside \u00e8 una delle famose divinit\u00e0 dell'antico Egitto. Era la dea della fertilit\u00e0, della maternit\u00e0, della magia, della morte, della guarigione e della rinascita. Iside proveniva da una famiglia divina. Era la prima figlia di Geb, il dio della terra, e Nut, la dea del cielo. Iside era sposata con suo fratello Osiride e diede alla luce il dio Horus.","robots":{"index":"index","follow":"follow","max-snippet":"max-snippet:-1","max-image-preview":"max-image-preview:large","max-video-preview":"max-video-preview:-1"},"canonical":"https:\/\/landioustravel.com\/it\/egitto\/divinita-egiziane\/dea-iside\/","og_locale":"it_IT","og_type":"article","og_title":"Dea Iside","og_description":"Iside \u00e8 una delle famose divinit\u00e0 dell'antico Egitto. Era la dea della fertilit\u00e0, della maternit\u00e0, della magia, della morte, della guarigione e della rinascita. Iside proveniva da una famiglia divina. Era la prima figlia di Geb, il dio della terra, e Nut, la dea del cielo. Iside era sposata con suo fratello Osiride e diede alla luce il dio Horus.","og_url":"https:\/\/landioustravel.com\/it\/egitto\/divinita-egiziane\/dea-iside\/","og_site_name":"Landious Travel","article_publisher":"https:\/\/web.facebook.com\/landiousEgypt","article_modified_time":"2019-05-31T02:06:42+00:00","og_image":[{"width":1200,"height":677,"url":"https:\/\/i0.wp.com\/landioustravel.com\/wp-content\/uploads\/2019\/04\/isis_dakka-e1600892518337.jpg?fit=1200%2C677&ssl=1","type":"image\/jpeg"}],"twitter_card":"summary_large_image","twitter_site":"@LandiousTours","twitter_misc":{"Tempo di lettura stimato":"1 minuto"},"schema":{"@context":"https:\/\/schema.org","@graph":[{"@type":"WebPage","@id":"https:\/\/landioustravel.com\/it\/egitto\/divinita-egiziane\/dea-iside\/","url":"https:\/\/landioustravel.com\/it\/egitto\/divinita-egiziane\/dea-iside\/","name":"Dea Iside","isPartOf":{"@id":"https:\/\/landioustravel.com\/it\/#website"},"primaryImageOfPage":{"@id":"https:\/\/landioustravel.com\/it\/egitto\/divinita-egiziane\/dea-iside\/#primaryimage"},"image":{"@id":"https:\/\/landioustravel.com\/it\/egitto\/divinita-egiziane\/dea-iside\/#primaryimage"},"thumbnailUrl":"https:\/\/i0.wp.com\/landioustravel.com\/wp-content\/uploads\/2019\/04\/isis_dakka-e1600892518337.jpg?fit=1200%2C677&ssl=1","datePublished":"2019-05-31T02:06:40+00:00","dateModified":"2019-05-31T02:06:42+00:00","description":"Iside \u00e8 una delle famose divinit\u00e0 dell'antico Egitto. Era la dea della fertilit\u00e0, della maternit\u00e0, della magia, della morte, della guarigione e della rinascita. Iside proveniva da una famiglia divina. Era la prima figlia di Geb, il dio della terra, e Nut, la dea del cielo. Iside era sposata con suo fratello Osiride e diede alla luce il dio Horus.","breadcrumb":{"@id":"https:\/\/landioustravel.com\/it\/egitto\/divinita-egiziane\/dea-iside\/#breadcrumb"},"inLanguage":"it-IT","potentialAction":[{"@type":"ReadAction","target":["https:\/\/landioustravel.com\/it\/egitto\/divinita-egiziane\/dea-iside\/"]}]},{"@type":"ImageObject","inLanguage":"it-IT","@id":"https:\/\/landioustravel.com\/it\/egitto\/divinita-egiziane\/dea-iside\/#primaryimage","url":"https:\/\/i0.wp.com\/landioustravel.com\/wp-content\/uploads\/2019\/04\/isis_dakka-e1600892518337.jpg?fit=1200%2C677&ssl=1","contentUrl":"https:\/\/i0.wp.com\/landioustravel.com\/wp-content\/uploads\/2019\/04\/isis_dakka-e1600892518337.jpg?fit=1200%2C677&ssl=1","width":1200,"height":677,"caption":"Goddess Isis in temple of Dakka"},{"@type":"BreadcrumbList","@id":"https:\/\/landioustravel.com\/it\/egitto\/divinita-egiziane\/dea-iside\/#breadcrumb","itemListElement":[{"@type":"ListItem","position":1,"name":"Home","item":"https:\/\/landioustravel.com\/it\/"},{"@type":"ListItem","position":2,"name":"Egitto","item":"https:\/\/landioustravel.com\/it\/egitto\/"},{"@type":"ListItem","position":3,"name":"Divinit\u00e0 egiziane","item":"https:\/\/landioustravel.com\/it\/egitto\/divinita-egiziane\/"},{"@type":"ListItem","position":4,"name":"Dea Iside"}]},{"@type":"WebSite","@id":"https:\/\/landioustravel.com\/it\/#website","url":"https:\/\/landioustravel.com\/it\/","name":"Landious Travel","description":"Excursions, trips and cruises in Egypt","publisher":{"@id":"https:\/\/landioustravel.com\/it\/#organization"},"potentialAction":[{"@type":"SearchAction","target":{"@type":"EntryPoint","urlTemplate":"https:\/\/landioustravel.com\/it\/?s={search_term_string}"},"query-input":{"@type":"PropertyValueSpecification","valueRequired":true,"valueName":"search_term_string"}}],"inLanguage":"it-IT"},{"@type":["Organization","Place"],"@id":"https:\/\/landioustravel.com\/it\/#organization","name":"Landious Travel","alternateName":"Landious Travel","url":"https:\/\/landioustravel.com\/it\/","logo":{"@id":"https:\/\/landioustravel.com\/it\/egitto\/divinita-egiziane\/dea-iside\/#local-main-organization-logo"},"image":{"@id":"https:\/\/landioustravel.com\/it\/egitto\/divinita-egiziane\/dea-iside\/#local-main-organization-logo"},"sameAs":["https:\/\/web.facebook.com\/landiousEgypt","https:\/\/x.com\/LandiousTours","https:\/\/mastodon.social\/@landious"],"legalName":"Landious Travel","telephone":[],"openingHoursSpecification":[{"@type":"OpeningHoursSpecification","dayOfWeek":["Monday","Tuesday","Wednesday","Thursday","Friday","Saturday","Sunday"],"opens":"09:00","closes":"17:00"}]},{"@type":"ImageObject","inLanguage":"it-IT","@id":"https:\/\/landioustravel.com\/it\/egitto\/divinita-egiziane\/dea-iside\/#local-main-organization-logo","url":"https:\/\/i0.wp.com\/landioustravel.com\/wp-content\/uploads\/2021\/06\/Landious-T.png?fit=500%2C500&ssl=1","contentUrl":"https:\/\/i0.wp.com\/landioustravel.com\/wp-content\/uploads\/2021\/06\/Landious-T.png?fit=500%2C500&ssl=1","width":500,"height":500,"caption":"Landious Travel"}]}},"uagb_featured_image_src":{"full":["https:\/\/i0.wp.com\/landioustravel.com\/wp-content\/uploads\/2019\/04\/isis_dakka-e1600892518337.jpg?fit=1200%2C677&ssl=1",1200,677,false],"thumbnail":["https:\/\/i0.wp.com\/landioustravel.com\/wp-content\/uploads\/2019\/04\/isis_dakka-e1600892518337.jpg?resize=150%2C150&ssl=1",150,150,true],"medium":["https:\/\/i0.wp.com\/landioustravel.com\/wp-content\/uploads\/2019\/04\/isis_dakka-e1600892518337.jpg?fit=300%2C169&ssl=1",300,169,true],"medium_large":["https:\/\/i0.wp.com\/landioustravel.com\/wp-content\/uploads\/2019\/04\/isis_dakka-e1600892518337.jpg?fit=768%2C433&ssl=1",768,433,true],"large":["https:\/\/i0.wp.com\/landioustravel.com\/wp-content\/uploads\/2019\/04\/isis_dakka-e1600892518337.jpg?fit=980%2C553&ssl=1",980,553,true],"1536x1536":["https:\/\/i0.wp.com\/landioustravel.com\/wp-content\/uploads\/2019\/04\/isis_dakka-e1600892518337.jpg?fit=1536%2C867&ssl=1",1536,867,true],"2048x2048":["https:\/\/i0.wp.com\/landioustravel.com\/wp-content\/uploads\/2019\/04\/isis_dakka-e1600892518337.jpg?fit=2048%2C1155&ssl=1",2048,1155,true],"newspack-article-block-landscape-large":["https:\/\/i0.wp.com\/landioustravel.com\/wp-content\/uploads\/2019\/04\/isis_dakka-e1600892518337.jpg?resize=1200%2C677&ssl=1",1200,900,true],"newspack-article-block-portrait-large":["https:\/\/i0.wp.com\/landioustravel.com\/wp-content\/uploads\/2019\/04\/isis_dakka-e1600892518337.jpg?resize=900%2C677&ssl=1",900,677,true],"newspack-article-block-square-large":["https:\/\/i0.wp.com\/landioustravel.com\/wp-content\/uploads\/2019\/04\/isis_dakka-e1600892518337.jpg?resize=1200%2C677&ssl=1",1200,1200,true],"newspack-article-block-landscape-medium":["https:\/\/i0.wp.com\/landioustravel.com\/wp-content\/uploads\/2019\/04\/isis_dakka-e1600892518337.jpg?resize=800%2C600&ssl=1",800,600,true],"newspack-article-block-portrait-medium":["https:\/\/i0.wp.com\/landioustravel.com\/wp-content\/uploads\/2019\/04\/isis_dakka-e1600892518337.jpg?resize=600%2C677&ssl=1",600,677,true],"newspack-article-block-square-medium":["https:\/\/i0.wp.com\/landioustravel.com\/wp-content\/uploads\/2019\/04\/isis_dakka-e1600892518337.jpg?resize=800%2C677&ssl=1",800,677,true],"newspack-article-block-landscape-intermediate":["https:\/\/i0.wp.com\/landioustravel.com\/wp-content\/uploads\/2019\/04\/isis_dakka-e1600892518337.jpg?resize=600%2C450&ssl=1",600,450,true],"newspack-article-block-portrait-intermediate":["https:\/\/i0.wp.com\/landioustravel.com\/wp-content\/uploads\/2019\/04\/isis_dakka-e1600892518337.jpg?resize=450%2C600&ssl=1",450,600,true],"newspack-article-block-square-intermediate":["https:\/\/i0.wp.com\/landioustravel.com\/wp-content\/uploads\/2019\/04\/isis_dakka-e1600892518337.jpg?resize=600%2C600&ssl=1",600,600,true],"newspack-article-block-landscape-small":["https:\/\/i0.wp.com\/landioustravel.com\/wp-content\/uploads\/2019\/04\/isis_dakka-e1600892518337.jpg?resize=400%2C300&ssl=1",400,300,true],"newspack-article-block-portrait-small":["https:\/\/i0.wp.com\/landioustravel.com\/wp-content\/uploads\/2019\/04\/isis_dakka-e1600892518337.jpg?resize=300%2C400&ssl=1",300,400,true],"newspack-article-block-square-small":["https:\/\/i0.wp.com\/landioustravel.com\/wp-content\/uploads\/2019\/04\/isis_dakka-e1600892518337.jpg?resize=400%2C400&ssl=1",400,400,true],"newspack-article-block-landscape-tiny":["https:\/\/i0.wp.com\/landioustravel.com\/wp-content\/uploads\/2019\/04\/isis_dakka-e1600892518337.jpg?resize=200%2C150&ssl=1",200,150,true],"newspack-article-block-portrait-tiny":["https:\/\/i0.wp.com\/landioustravel.com\/wp-content\/uploads\/2019\/04\/isis_dakka-e1600892518337.jpg?resize=150%2C200&ssl=1",150,200,true],"newspack-article-block-square-tiny":["https:\/\/i0.wp.com\/landioustravel.com\/wp-content\/uploads\/2019\/04\/isis_dakka-e1600892518337.jpg?resize=200%2C200&ssl=1",200,200,true],"newspack-article-block-uncropped":["https:\/\/i0.wp.com\/landioustravel.com\/wp-content\/uploads\/2019\/04\/isis_dakka-e1600892518337.jpg?fit=1200%2C677&ssl=1",1200,677,true],"woocommerce_thumbnail":["https:\/\/i0.wp.com\/landioustravel.com\/wp-content\/uploads\/2019\/04\/isis_dakka-e1600892518337.jpg?resize=324%2C324&ssl=1",324,324,true],"woocommerce_single":["https:\/\/i0.wp.com\/landioustravel.com\/wp-content\/uploads\/2019\/04\/isis_dakka-e1600892518337.jpg?fit=416%2C235&ssl=1",416,235,true],"woocommerce_gallery_thumbnail":["https:\/\/i0.wp.com\/landioustravel.com\/wp-content\/uploads\/2019\/04\/isis_dakka-e1600892518337.jpg?resize=100%2C100&ssl=1",100,100,true]},"uagb_author_info":{"display_name":"Mofreh Landious","author_link":"https:\/\/landioustravel.com\/it\/author\/landious\/"},"uagb_comment_info":0,"uagb_excerpt":"Informazioni sulla dea Iside Iside \u00e8 una delle famose divinit\u00e0 dell&#8217;antico Egitto. Era la dea della fertilit\u00e0, della maternit\u00e0, della magia, della morte, della guarigione e della rinascita. Iside proveniva da una famiglia divina. Era la prima figlia di Geb, il dio della terra, e Nut, la dea del cielo. Iside era sposata con suo&hellip;","jetpack_sharing_enabled":true,"jetpack_shortlink":"https:\/\/wp.me\/Par4r5-1r9","jetpack_likes_enabled":true,"amp_enabled":true,"_links":{"self":[{"href":"https:\/\/landioustravel.com\/it\/wp-json\/wp\/v2\/pages\/5527","targetHints":{"allow":["GET"]}}],"collection":[{"href":"https:\/\/landioustravel.com\/it\/wp-json\/wp\/v2\/pages"}],"about":[{"href":"https:\/\/landioustravel.com\/it\/wp-json\/wp\/v2\/types\/page"}],"author":[{"embeddable":true,"href":"https:\/\/landioustravel.com\/it\/wp-json\/wp\/v2\/users\/1"}],"replies":[{"embeddable":true,"href":"https:\/\/landioustravel.com\/it\/wp-json\/wp\/v2\/comments?post=5527"}],"version-history":[{"count":0,"href":"https:\/\/landioustravel.com\/it\/wp-json\/wp\/v2\/pages\/5527\/revisions"}],"up":[{"embeddable":true,"href":"https:\/\/landioustravel.com\/it\/wp-json\/wp\/v2\/pages\/3622"}],"wp:featuredmedia":[{"embeddable":true,"href":"https:\/\/landioustravel.com\/it\/wp-json\/wp\/v2\/media\/4043"}],"wp:attachment":[{"href":"https:\/\/landioustravel.com\/it\/wp-json\/wp\/v2\/media?parent=5527"}],"curies":[{"name":"wp","href":"https:\/\/api.w.org\/{rel}","templated":true}]}}