{"id":141250,"date":"2023-03-28T23:34:14","date_gmt":"2023-04-23T19:47:20","guid":{"rendered":"https:\/\/landioustravel.com\/?post_type=product&#038;p=141250"},"modified":"2023-06-08T16:34:50","modified_gmt":"2023-06-08T14:34:50","slug":"minya-gita-due-giorni-hurghada","status":"publish","type":"product","link":"https:\/\/landioustravel.com\/it\/shop\/minya-gita-due-giorni-hurghada\/","title":{"rendered":"El Minya Gita di due giorni a Hurghada"},"content":{"rendered":"<p>El Minya Gita di due giorni a Hurghada \u00e8 un tour turistico individuale di due giorni a El Minya da Hurghada! Consigliamo il viaggio perch\u00e9 consente ai turisti di vedere molte antiche attrazioni egiziane. Inoltre, ti fa sapere molto sulla storia dell&#8217;antico Egitto!<\/p>\n<h2>Punti salienti del viaggio individuale di due giorni a El Minya da Hurghada<\/h2>\n<ul>\n<li>Tonno El Gebel.<\/li>\n<li>Dillo ad Al Amarna.<\/li>\n<li>Pranzo in ristorante.<\/li>\n<li>E tombe di Beni Hassan.<\/li>\n<\/ul>\n<h2>Programma di viaggio a El-Minya da Hurghada<\/h2>\n<ul>\n<li>Il rappresentante di Landious Travel verr\u00e0 a prendervi dall&#8217;hotel di Hurghada intorno alle 02:00.<\/li>\n<li>Dopo essere venuti a prendervi, l&#8217;autobus (limousine o minibus) parte per El-Minya. Dal centro di Hurghada a El-Minya, il percorso dura circa 4 ore.<\/li>\n<li>Successivamente, guidi fino a Tell El Amarna. In questo luogo, il re Ikhnaton e sua moglie, la regina Nefertiti, fondarono questa citt\u00e0 per venerare il nuovo dio Aton.<\/li>\n<li>Dopodich\u00e9, arriva la prossima tappa di questo tour. La prossima visita sar\u00e0 al ristorante. L\u00ec, puoi goderti un delizioso pranzo.<\/li>\n<li>Quindi, continui il viaggio individuale nella zona di Tuna El Gabel. Puoi vedere la tomba di Petosiris, le catacombe di Ibis e la sepoltura di Isadora; questa tomba risale al II secolo dC e appartiene a Isadora, rinomata per la sua bellezza nella citt\u00e0 di Hermopolis. Era il centro culturale dove i pellegrini rendevano omaggio al dio Thoth.<\/li>\n<li>Pernottamento a El Minya<\/li>\n<li>Mostreremo le tombe di Beni Hassan il giorno seguente. \u00c8 il sito di quasi 40 sepolture dell&#8217;11a e 12a dinastia. Queste tombe sono la Tomba di Baqet III, governatore e soldato dell&#8217;Oryx Nome; il secondo per suo figlio \u2013 Khety; il terzo di Amenemhat; e il quarto per Khunumhotep, il successore del re Amenemhat.<\/li>\n<li>Pranzo in un ristorante locale.<\/li>\n<li>Quindi procede a Tel El Amarna, dove \u00e8 possibile vedere le tombe settentrionali, tra cui le tombe Ahmose e Huya.<\/li>\n<li>Infine, il nostro autobus riparte per Il Cairo dopo un tale programma nella bellissima citt\u00e0 di El Minya.<\/li>\n<li>Questo viaggio privato a El Minya da Hurghada termina alle 20:00 circa.<\/li>\n<\/ul>\n<h2>Cosa include il prezzo di un viaggio individuale El Minya a Hurghada?<\/h2>\n<ol>\n<li>Alloggio<\/li>\n<li>Il prezzo include i biglietti per visitare i templi di El-Minya.<\/li>\n<li>Pranzo.<\/li>\n<li>Bevande.<\/li>\n<li>Guida privata.<\/li>\n<li>Inoltre, il prezzo include un veicolo privato per El-Minya e ritorno in hotel a Hurghada.<\/li>\n<\/ol>\n<h2>Cosa non include il Programma del Viaggio individuale El Minya a Hurghada?<\/h2>\n<ol>\n<li>I programmi aggiuntivi di escursioni se non inclusi nel programma sopra menzionato.<\/li>\n<\/ol>\n<h2>Cosa portare con te per il tour?<\/h2>\n<ul>\n<li>Scatola per la colazione.<\/li>\n<li>Inoltre, porta vestiti adatti alla stagione.<\/li>\n<\/ul>\n<h2>Giorni di prenotazione del viaggio privato di due giorni a El Minya Hurghada<\/h2>\n<ul>\n<li>Tutti i giorni dalle 04:00 alle 20:00 del giorno successivo.<\/li>\n<\/ul>\n","protected":false},"excerpt":{"rendered":"<p>Sei pronto per intraprendere un emozionante viaggio alla scoperta dei segreti di un regno perduto nel tempo? Non guardare oltre Al Minya! Questa antica citt\u00e0, situata nel cuore dell&#8217;Egitto e lungo il Nilo, fu la capitale di questa grande terra fino al 1470 a.C. Fu qui che Akhenaton e la sua splendida regina, Nefertiti, costruirono la loro nuova capitale a Tel Amarna, completa di un grande tempio dedicato ad Atun. E la parte migliore? Le rovine del loro regno sono ancora alte oggi, aspettando solo che tu le scopra.<\/p>\n<p>Durante un viaggio guidato di due giorni a El-Minya da Hurghada, avrai l&#8217;opportunit\u00e0 di esplorare non uno, non due, ma tre grandi siti storici! Tuna El-Gabel, Tell Al Amarna e Beni Hassan Tombs attendono tutti il tuo arrivo. E non preoccuparti di nulla: il prezzo del viaggio include un alloggio confortevole, un delizioso pranzo, i trasferimenti e una guida esperta per mostrarti la strada.<\/p>\n<p>Ma non \u00e8 tutto. El Minya ospita quasi sei milioni di egiziani e vanta un significato sia religioso che storico. Oltre alle rovine del regno di Akhenaton e Nefertiti, puoi visitare anche le tombe dei nobili a Tuna El Gebal e Beni Hassan. E lo sapevi? La sacra famiglia si ferm\u00f2 persino a El Minya durante il viaggio in Egitto.<\/p>\n<p>Allora, cosa stai aspettando? Prenota oggi il tuo viaggio e vivi tutta la meraviglia e l&#8217;eccitazione che El Minya ha da offrire. Il tuo pacchetto include il trasporto in un&#8217;auto privata con aria condizionata, una guida turistica autorizzata di lingua inglese, l&#8217;ingresso a tutte le attrazioni menzionate, due deliziosi pranzi nei ristoranti locali e persino acqua in bottiglia per il tuo viaggio. E con la sistemazione in un hotel con vista sul Nilo, incluso un bed and breakfast, avrai tutto ci\u00f2 di cui hai bisogno per un&#8217;avventura indimenticabile. Non perdere questa incredibile opportunit\u00e0!<\/p>\n","protected":false},"featured_media":8872,"comment_status":"open","ping_status":"closed","template":"","meta":{"_coblocks_attr":"","_coblocks_dimensions":"","_coblocks_responsive_height":"","_coblocks_accordion_ie_support":"","_uag_custom_page_level_css":"","jetpack_post_was_ever_published":false,"jetpack_publicize_message":"","jetpack_publicize_feature_enabled":true,"jetpack_social_post_already_shared":true,"jetpack_social_options":{"image_generator_settings":{"template":"highway","default_image_id":0,"font":"","enabled":false},"version":2},"_wpas_customize_per_network":false},"product_brand":[],"product_cat":[8565,22521,1636,22516,22526,23515],"product_tag":[1644,2145,1661,9910],"class_list":{"0":"post-141250","1":"product","2":"type-product","3":"status-publish","4":"has-post-thumbnail","6":"product_cat-escursioni-individuali-hurghada","7":"product_cat-escursioni-famiglie-hurghada","8":"product_cat-escursioni-storiche-hurghada","9":"product_cat-hurghada-escursioni-minya","10":"product_cat-tour-due-giorni-hurghada","11":"product_cat-visite-turistiche-private-hurghada","12":"product_tag-escursione","13":"product_tag-escursioni-da-hurghada","14":"product_tag-hurghada-it","15":"product_tag-visita-turistica","17":"first","18":"instock","19":"sale","20":"virtual","21":"taxable","22":"purchasable","23":"product-type-simple"},"yoast_head":"<!-- This site is optimized with the Yoast SEO Premium plugin v26.9 (Yoast SEO v27.3) - https:\/\/yoast.com\/product\/yoast-seo-premium-wordpress\/ -->\n<title>El Minya Gita di due giorni a Hurghada<\/title>\n<meta name=\"description\" content=\"El Minya Gita di due giorni a Hurghada visitatori esplorano attentamente tre grandi siti storici: Tuna El-Gabel, Tell Al Amarna e Beni Hassan Tombs. Il\" \/>\n<meta name=\"robots\" content=\"index, follow, max-snippet:-1, max-image-preview:large, max-video-preview:-1\" \/>\n<link rel=\"canonical\" href=\"https:\/\/landioustravel.com\/it\/shop\/minya-gita-due-giorni-hurghada\/\" \/>\n<meta property=\"og:locale\" content=\"it_IT\" \/>\n<meta property=\"og:type\" content=\"article\" \/>\n<meta property=\"og:title\" content=\"El Minya Gita di due giorni a Hurghada\" \/>\n<meta property=\"og:description\" content=\"Landious Travel\" \/>\n<meta property=\"og:url\" content=\"https:\/\/landioustravel.com\/it\/shop\/minya-gita-due-giorni-hurghada\/\" \/>\n<meta property=\"og:site_name\" content=\"Landious Travel\" \/>\n<meta property=\"article:publisher\" content=\"https:\/\/web.facebook.com\/landiousEgypt\" \/>\n<meta property=\"article:modified_time\" content=\"2023-06-08T14:34:50+00:00\" \/>\n<meta property=\"og:image\" content=\"https:\/\/i0.wp.com\/landioustravel.com\/wp-content\/uploads\/2019\/06\/trip_el_minya_from_hurghada.jpg?fit=1155%2C650&ssl=1\" \/>\n\t<meta property=\"og:image:width\" content=\"1155\" \/>\n\t<meta property=\"og:image:height\" content=\"650\" \/>\n\t<meta property=\"og:image:type\" content=\"image\/jpeg\" \/>\n<meta name=\"twitter:card\" content=\"summary_large_image\" \/>\n<meta name=\"twitter:site\" content=\"@LandiousTours\" \/>\n<meta name=\"twitter:label1\" content=\"Tempo di lettura stimato\" \/>\n\t<meta name=\"twitter:data1\" content=\"2 minuti\" \/>\n<script type=\"application\/ld+json\" class=\"yoast-schema-graph\">{\"@context\":\"https:\\\/\\\/schema.org\",\"@graph\":[{\"@type\":\"WebPage\",\"@id\":\"https:\\\/\\\/landioustravel.com\\\/it\\\/shop\\\/minya-gita-due-giorni-hurghada\\\/\",\"url\":\"https:\\\/\\\/landioustravel.com\\\/it\\\/shop\\\/minya-gita-due-giorni-hurghada\\\/\",\"name\":\"El Minya Gita di due giorni a Hurghada\",\"isPartOf\":{\"@id\":\"https:\\\/\\\/landioustravel.com\\\/it\\\/#website\"},\"primaryImageOfPage\":{\"@id\":\"https:\\\/\\\/landioustravel.com\\\/it\\\/shop\\\/minya-gita-due-giorni-hurghada\\\/#primaryimage\"},\"image\":{\"@id\":\"https:\\\/\\\/landioustravel.com\\\/it\\\/shop\\\/minya-gita-due-giorni-hurghada\\\/#primaryimage\"},\"thumbnailUrl\":\"https:\\\/\\\/i0.wp.com\\\/landioustravel.com\\\/wp-content\\\/uploads\\\/2019\\\/06\\\/trip_el_minya_from_hurghada.jpg?fit=1155%2C650&ssl=1\",\"datePublished\":\"2023-04-23T19:47:20+00:00\",\"dateModified\":\"2023-06-08T14:34:50+00:00\",\"description\":\"El Minya Gita di due giorni a Hurghada visitatori esplorano attentamente tre grandi siti storici: Tuna El-Gabel, Tell Al Amarna e Beni Hassan Tombs. Il\",\"breadcrumb\":{\"@id\":\"https:\\\/\\\/landioustravel.com\\\/it\\\/shop\\\/minya-gita-due-giorni-hurghada\\\/#breadcrumb\"},\"inLanguage\":\"it-IT\",\"potentialAction\":[{\"@type\":\"ReadAction\",\"target\":[\"https:\\\/\\\/landioustravel.com\\\/it\\\/shop\\\/minya-gita-due-giorni-hurghada\\\/\"]}]},{\"@type\":\"ImageObject\",\"inLanguage\":\"it-IT\",\"@id\":\"https:\\\/\\\/landioustravel.com\\\/it\\\/shop\\\/minya-gita-due-giorni-hurghada\\\/#primaryimage\",\"url\":\"https:\\\/\\\/i0.wp.com\\\/landioustravel.com\\\/wp-content\\\/uploads\\\/2019\\\/06\\\/trip_el_minya_from_hurghada.jpg?fit=1155%2C650&ssl=1\",\"contentUrl\":\"https:\\\/\\\/i0.wp.com\\\/landioustravel.com\\\/wp-content\\\/uploads\\\/2019\\\/06\\\/trip_el_minya_from_hurghada.jpg?fit=1155%2C650&ssl=1\",\"width\":1155,\"height\":650,\"caption\":\"Individual Trip to El Minya from Hurghada\"},{\"@type\":\"BreadcrumbList\",\"@id\":\"https:\\\/\\\/landioustravel.com\\\/it\\\/shop\\\/minya-gita-due-giorni-hurghada\\\/#breadcrumb\",\"itemListElement\":[{\"@type\":\"ListItem\",\"position\":1,\"name\":\"Home\",\"item\":\"https:\\\/\\\/landioustravel.com\\\/it\\\/\"},{\"@type\":\"ListItem\",\"position\":2,\"name\":\"Tour in Egitto\",\"item\":\"https:\\\/\\\/landioustravel.com\\\/it\\\/\"},{\"@type\":\"ListItem\",\"position\":3,\"name\":\"El Minya Gita di due giorni a Hurghada\"}]},{\"@type\":\"WebSite\",\"@id\":\"https:\\\/\\\/landioustravel.com\\\/it\\\/#website\",\"url\":\"https:\\\/\\\/landioustravel.com\\\/it\\\/\",\"name\":\"Landious Travel\",\"description\":\"Excursions, trips and cruises in Egypt\",\"publisher\":{\"@id\":\"https:\\\/\\\/landioustravel.com\\\/it\\\/#organization\"},\"potentialAction\":[{\"@type\":\"SearchAction\",\"target\":{\"@type\":\"EntryPoint\",\"urlTemplate\":\"https:\\\/\\\/landioustravel.com\\\/it\\\/?s={search_term_string}\"},\"query-input\":{\"@type\":\"PropertyValueSpecification\",\"valueRequired\":true,\"valueName\":\"search_term_string\"}}],\"inLanguage\":\"it-IT\"},{\"@type\":[\"Organization\",\"Place\"],\"@id\":\"https:\\\/\\\/landioustravel.com\\\/it\\\/#organization\",\"name\":\"Landious Travel\",\"alternateName\":\"Landious Travel\",\"url\":\"https:\\\/\\\/landioustravel.com\\\/it\\\/\",\"logo\":{\"@id\":\"https:\\\/\\\/landioustravel.com\\\/it\\\/shop\\\/minya-gita-due-giorni-hurghada\\\/#local-main-organization-logo\"},\"image\":{\"@id\":\"https:\\\/\\\/landioustravel.com\\\/it\\\/shop\\\/minya-gita-due-giorni-hurghada\\\/#local-main-organization-logo\"},\"sameAs\":[\"https:\\\/\\\/web.facebook.com\\\/landiousEgypt\",\"https:\\\/\\\/x.com\\\/LandiousTours\",\"https:\\\/\\\/mastodon.social\\\/@landious\"],\"legalName\":\"Landious Travel\",\"telephone\":[],\"openingHoursSpecification\":[{\"@type\":\"OpeningHoursSpecification\",\"dayOfWeek\":[\"Monday\",\"Tuesday\",\"Wednesday\",\"Thursday\",\"Friday\",\"Saturday\",\"Sunday\"],\"opens\":\"09:00\",\"closes\":\"17:00\"}]},{\"@type\":\"ImageObject\",\"inLanguage\":\"it-IT\",\"@id\":\"https:\\\/\\\/landioustravel.com\\\/it\\\/shop\\\/minya-gita-due-giorni-hurghada\\\/#local-main-organization-logo\",\"url\":\"https:\\\/\\\/i0.wp.com\\\/landioustravel.com\\\/wp-content\\\/uploads\\\/2021\\\/06\\\/Landious-T.png?fit=500%2C500&ssl=1\",\"contentUrl\":\"https:\\\/\\\/i0.wp.com\\\/landioustravel.com\\\/wp-content\\\/uploads\\\/2021\\\/06\\\/Landious-T.png?fit=500%2C500&ssl=1\",\"width\":500,\"height\":500,\"caption\":\"Landious Travel\"}]}<\/script>\n<!-- \/ Yoast SEO Premium plugin. -->","yoast_head_json":{"title":"El Minya Gita di due giorni a Hurghada","description":"El Minya Gita di due giorni a Hurghada visitatori esplorano attentamente tre grandi siti storici: Tuna El-Gabel, Tell Al Amarna e Beni Hassan Tombs. Il","robots":{"index":"index","follow":"follow","max-snippet":"max-snippet:-1","max-image-preview":"max-image-preview:large","max-video-preview":"max-video-preview:-1"},"canonical":"https:\/\/landioustravel.com\/it\/shop\/minya-gita-due-giorni-hurghada\/","og_locale":"it_IT","og_type":"article","og_title":"El Minya Gita di due giorni a Hurghada","og_description":"Landious Travel","og_url":"https:\/\/landioustravel.com\/it\/shop\/minya-gita-due-giorni-hurghada\/","og_site_name":"Landious Travel","article_publisher":"https:\/\/web.facebook.com\/landiousEgypt","article_modified_time":"2023-06-08T14:34:50+00:00","og_image":[{"width":1155,"height":650,"url":"https:\/\/i0.wp.com\/landioustravel.com\/wp-content\/uploads\/2019\/06\/trip_el_minya_from_hurghada.jpg?fit=1155%2C650&ssl=1","type":"image\/jpeg"}],"twitter_card":"summary_large_image","twitter_site":"@LandiousTours","twitter_misc":{"Tempo di lettura stimato":"2 minuti"},"schema":{"@context":"https:\/\/schema.org","@graph":[{"@type":"WebPage","@id":"https:\/\/landioustravel.com\/it\/shop\/minya-gita-due-giorni-hurghada\/","url":"https:\/\/landioustravel.com\/it\/shop\/minya-gita-due-giorni-hurghada\/","name":"El Minya Gita di due giorni a Hurghada","isPartOf":{"@id":"https:\/\/landioustravel.com\/it\/#website"},"primaryImageOfPage":{"@id":"https:\/\/landioustravel.com\/it\/shop\/minya-gita-due-giorni-hurghada\/#primaryimage"},"image":{"@id":"https:\/\/landioustravel.com\/it\/shop\/minya-gita-due-giorni-hurghada\/#primaryimage"},"thumbnailUrl":"https:\/\/i0.wp.com\/landioustravel.com\/wp-content\/uploads\/2019\/06\/trip_el_minya_from_hurghada.jpg?fit=1155%2C650&ssl=1","datePublished":"2023-04-23T19:47:20+00:00","dateModified":"2023-06-08T14:34:50+00:00","description":"El Minya Gita di due giorni a Hurghada visitatori esplorano attentamente tre grandi siti storici: Tuna El-Gabel, Tell Al Amarna e Beni Hassan Tombs. Il","breadcrumb":{"@id":"https:\/\/landioustravel.com\/it\/shop\/minya-gita-due-giorni-hurghada\/#breadcrumb"},"inLanguage":"it-IT","potentialAction":[{"@type":"ReadAction","target":["https:\/\/landioustravel.com\/it\/shop\/minya-gita-due-giorni-hurghada\/"]}]},{"@type":"ImageObject","inLanguage":"it-IT","@id":"https:\/\/landioustravel.com\/it\/shop\/minya-gita-due-giorni-hurghada\/#primaryimage","url":"https:\/\/i0.wp.com\/landioustravel.com\/wp-content\/uploads\/2019\/06\/trip_el_minya_from_hurghada.jpg?fit=1155%2C650&ssl=1","contentUrl":"https:\/\/i0.wp.com\/landioustravel.com\/wp-content\/uploads\/2019\/06\/trip_el_minya_from_hurghada.jpg?fit=1155%2C650&ssl=1","width":1155,"height":650,"caption":"Individual Trip to El Minya from Hurghada"},{"@type":"BreadcrumbList","@id":"https:\/\/landioustravel.com\/it\/shop\/minya-gita-due-giorni-hurghada\/#breadcrumb","itemListElement":[{"@type":"ListItem","position":1,"name":"Home","item":"https:\/\/landioustravel.com\/it\/"},{"@type":"ListItem","position":2,"name":"Tour in Egitto","item":"https:\/\/landioustravel.com\/it\/"},{"@type":"ListItem","position":3,"name":"El Minya Gita di due giorni a Hurghada"}]},{"@type":"WebSite","@id":"https:\/\/landioustravel.com\/it\/#website","url":"https:\/\/landioustravel.com\/it\/","name":"Landious Travel","description":"Excursions, trips and cruises in Egypt","publisher":{"@id":"https:\/\/landioustravel.com\/it\/#organization"},"potentialAction":[{"@type":"SearchAction","target":{"@type":"EntryPoint","urlTemplate":"https:\/\/landioustravel.com\/it\/?s={search_term_string}"},"query-input":{"@type":"PropertyValueSpecification","valueRequired":true,"valueName":"search_term_string"}}],"inLanguage":"it-IT"},{"@type":["Organization","Place"],"@id":"https:\/\/landioustravel.com\/it\/#organization","name":"Landious Travel","alternateName":"Landious Travel","url":"https:\/\/landioustravel.com\/it\/","logo":{"@id":"https:\/\/landioustravel.com\/it\/shop\/minya-gita-due-giorni-hurghada\/#local-main-organization-logo"},"image":{"@id":"https:\/\/landioustravel.com\/it\/shop\/minya-gita-due-giorni-hurghada\/#local-main-organization-logo"},"sameAs":["https:\/\/web.facebook.com\/landiousEgypt","https:\/\/x.com\/LandiousTours","https:\/\/mastodon.social\/@landious"],"legalName":"Landious Travel","telephone":[],"openingHoursSpecification":[{"@type":"OpeningHoursSpecification","dayOfWeek":["Monday","Tuesday","Wednesday","Thursday","Friday","Saturday","Sunday"],"opens":"09:00","closes":"17:00"}]},{"@type":"ImageObject","inLanguage":"it-IT","@id":"https:\/\/landioustravel.com\/it\/shop\/minya-gita-due-giorni-hurghada\/#local-main-organization-logo","url":"https:\/\/i0.wp.com\/landioustravel.com\/wp-content\/uploads\/2021\/06\/Landious-T.png?fit=500%2C500&ssl=1","contentUrl":"https:\/\/i0.wp.com\/landioustravel.com\/wp-content\/uploads\/2021\/06\/Landious-T.png?fit=500%2C500&ssl=1","width":500,"height":500,"caption":"Landious Travel"}]}},"jetpack_publicize_connections":[],"uagb_featured_image_src":{"full":["https:\/\/i0.wp.com\/landioustravel.com\/wp-content\/uploads\/2019\/06\/trip_el_minya_from_hurghada.jpg?fit=1155%2C650&ssl=1",1155,650,false],"thumbnail":["https:\/\/i0.wp.com\/landioustravel.com\/wp-content\/uploads\/2019\/06\/trip_el_minya_from_hurghada.jpg?resize=150%2C150&ssl=1",150,150,true],"medium":["https:\/\/i0.wp.com\/landioustravel.com\/wp-content\/uploads\/2019\/06\/trip_el_minya_from_hurghada.jpg?fit=300%2C169&ssl=1",300,169,true],"medium_large":["https:\/\/i0.wp.com\/landioustravel.com\/wp-content\/uploads\/2019\/06\/trip_el_minya_from_hurghada.jpg?fit=768%2C432&ssl=1",768,432,true],"large":["https:\/\/i0.wp.com\/landioustravel.com\/wp-content\/uploads\/2019\/06\/trip_el_minya_from_hurghada.jpg?fit=980%2C551&ssl=1",980,551,true],"1536x1536":["https:\/\/i0.wp.com\/landioustravel.com\/wp-content\/uploads\/2019\/06\/trip_el_minya_from_hurghada.jpg?fit=1155%2C650&ssl=1",1155,650,true],"2048x2048":["https:\/\/i0.wp.com\/landioustravel.com\/wp-content\/uploads\/2019\/06\/trip_el_minya_from_hurghada.jpg?fit=1155%2C650&ssl=1",1155,650,true],"newspack-article-block-landscape-large":["https:\/\/i0.wp.com\/landioustravel.com\/wp-content\/uploads\/2019\/06\/trip_el_minya_from_hurghada.jpg?resize=1155%2C650&ssl=1",1155,650,true],"newspack-article-block-portrait-large":["https:\/\/i0.wp.com\/landioustravel.com\/wp-content\/uploads\/2019\/06\/trip_el_minya_from_hurghada.jpg?resize=900%2C650&ssl=1",900,650,true],"newspack-article-block-square-large":["https:\/\/i0.wp.com\/landioustravel.com\/wp-content\/uploads\/2019\/06\/trip_el_minya_from_hurghada.jpg?resize=1155%2C650&ssl=1",1155,650,true],"newspack-article-block-landscape-medium":["https:\/\/i0.wp.com\/landioustravel.com\/wp-content\/uploads\/2019\/06\/trip_el_minya_from_hurghada.jpg?resize=800%2C600&ssl=1",800,600,true],"newspack-article-block-portrait-medium":["https:\/\/i0.wp.com\/landioustravel.com\/wp-content\/uploads\/2019\/06\/trip_el_minya_from_hurghada.jpg?resize=600%2C650&ssl=1",600,650,true],"newspack-article-block-square-medium":["https:\/\/i0.wp.com\/landioustravel.com\/wp-content\/uploads\/2019\/06\/trip_el_minya_from_hurghada.jpg?resize=800%2C650&ssl=1",800,650,true],"newspack-article-block-landscape-intermediate":["https:\/\/i0.wp.com\/landioustravel.com\/wp-content\/uploads\/2019\/06\/trip_el_minya_from_hurghada.jpg?resize=600%2C450&ssl=1",600,450,true],"newspack-article-block-portrait-intermediate":["https:\/\/i0.wp.com\/landioustravel.com\/wp-content\/uploads\/2019\/06\/trip_el_minya_from_hurghada.jpg?resize=450%2C600&ssl=1",450,600,true],"newspack-article-block-square-intermediate":["https:\/\/i0.wp.com\/landioustravel.com\/wp-content\/uploads\/2019\/06\/trip_el_minya_from_hurghada.jpg?resize=600%2C600&ssl=1",600,600,true],"newspack-article-block-landscape-small":["https:\/\/i0.wp.com\/landioustravel.com\/wp-content\/uploads\/2019\/06\/trip_el_minya_from_hurghada.jpg?resize=400%2C300&ssl=1",400,300,true],"newspack-article-block-portrait-small":["https:\/\/i0.wp.com\/landioustravel.com\/wp-content\/uploads\/2019\/06\/trip_el_minya_from_hurghada.jpg?resize=300%2C400&ssl=1",300,400,true],"newspack-article-block-square-small":["https:\/\/i0.wp.com\/landioustravel.com\/wp-content\/uploads\/2019\/06\/trip_el_minya_from_hurghada.jpg?resize=400%2C400&ssl=1",400,400,true],"newspack-article-block-landscape-tiny":["https:\/\/i0.wp.com\/landioustravel.com\/wp-content\/uploads\/2019\/06\/trip_el_minya_from_hurghada.jpg?resize=200%2C150&ssl=1",200,150,true],"newspack-article-block-portrait-tiny":["https:\/\/i0.wp.com\/landioustravel.com\/wp-content\/uploads\/2019\/06\/trip_el_minya_from_hurghada.jpg?resize=150%2C200&ssl=1",150,200,true],"newspack-article-block-square-tiny":["https:\/\/i0.wp.com\/landioustravel.com\/wp-content\/uploads\/2019\/06\/trip_el_minya_from_hurghada.jpg?resize=200%2C200&ssl=1",200,200,true],"newspack-article-block-uncropped":["https:\/\/i0.wp.com\/landioustravel.com\/wp-content\/uploads\/2019\/06\/trip_el_minya_from_hurghada.jpg?fit=1155%2C650&ssl=1",1155,650,true],"woocommerce_thumbnail":["https:\/\/i0.wp.com\/landioustravel.com\/wp-content\/uploads\/2019\/06\/trip_el_minya_from_hurghada.jpg?resize=324%2C324&ssl=1",324,324,true],"woocommerce_single":["https:\/\/i0.wp.com\/landioustravel.com\/wp-content\/uploads\/2019\/06\/trip_el_minya_from_hurghada.jpg?fit=416%2C234&ssl=1",416,234,true],"woocommerce_gallery_thumbnail":["https:\/\/i0.wp.com\/landioustravel.com\/wp-content\/uploads\/2019\/06\/trip_el_minya_from_hurghada.jpg?resize=100%2C100&ssl=1",100,100,true]},"uagb_author_info":{"display_name":"Mofreh Landious","author_link":"https:\/\/landioustravel.com\/it\/author\/"},"uagb_comment_info":0,"uagb_excerpt":"Sei pronto per intraprendere un emozionante viaggio alla scoperta dei segreti di un regno perduto nel tempo? Non guardare oltre Al Minya! Questa antica citt\u00e0, situata nel cuore dell'Egitto e lungo il Nilo, fu la capitale di questa grande terra fino al 1470 a.C. Fu qui che Akhenaton e la sua splendida regina, Nefertiti, costruirono&hellip;","jetpack_sharing_enabled":true,"jetpack_likes_enabled":true,"amp_enabled":true,"_links":{"self":[{"href":"https:\/\/landioustravel.com\/it\/wp-json\/wp\/v2\/product\/141250","targetHints":{"allow":["GET"]}}],"collection":[{"href":"https:\/\/landioustravel.com\/it\/wp-json\/wp\/v2\/product"}],"about":[{"href":"https:\/\/landioustravel.com\/it\/wp-json\/wp\/v2\/types\/product"}],"replies":[{"embeddable":true,"href":"https:\/\/landioustravel.com\/it\/wp-json\/wp\/v2\/comments?post=141250"}],"wp:featuredmedia":[{"embeddable":true,"href":"https:\/\/landioustravel.com\/it\/wp-json\/wp\/v2\/media\/8872"}],"wp:attachment":[{"href":"https:\/\/landioustravel.com\/it\/wp-json\/wp\/v2\/media?parent=141250"}],"wp:term":[{"taxonomy":"product_brand","embeddable":true,"href":"https:\/\/landioustravel.com\/it\/wp-json\/wp\/v2\/product_brand?post=141250"},{"taxonomy":"product_cat","embeddable":true,"href":"https:\/\/landioustravel.com\/it\/wp-json\/wp\/v2\/product_cat?post=141250"},{"taxonomy":"product_tag","embeddable":true,"href":"https:\/\/landioustravel.com\/it\/wp-json\/wp\/v2\/product_tag?post=141250"}],"curies":[{"name":"wp","href":"https:\/\/api.w.org\/{rel}","templated":true}]}}