{"id":141259,"date":"2023-03-11T15:59:55","date_gmt":"2023-04-23T20:37:26","guid":{"rendered":"https:\/\/landioustravel.com\/?post_type=product&#038;p=141259"},"modified":"2023-06-10T16:00:29","modified_gmt":"2023-06-10T14:00:29","slug":"viaggio-tre-cairo-simbel-aereo-hurghada","status":"publish","type":"product","link":"https:\/\/landioustravel.com\/it\/shop\/viaggio-tre-cairo-simbel-aereo-hurghada\/","title":{"rendered":"Viaggio di tre giorni al Cairo Abu Simbel in aereo Hurghada"},"content":{"rendered":"<p>Viaggio di tre giorni al Cairo Abu Simbel in aereo Hurghada \u00e8 un tour di tre giorni al Cairo, Faiyum e Luxor in aereo dalla localit\u00e0 di Hurghada, in Egitto! Consigliamo l&#8217;escursione perch\u00e9 consente ai turisti di vedere i luoghi pi\u00f9 impressionanti costruiti nell&#8217;antico Egitto e la parte vecchia del Cairo e Luxor. Ti permette di imparare molto sulla storia del paese!<\/p>\n<h2>Momenti salienti del viaggio di tre giorni al Cairo Abu Simbel in aereo Hurghada<\/h2>\n<ul>\n<li>Visita il Museo Egizio del Cairo.<\/li>\n<li>Pranzo in ristorante.<\/li>\n<li>Visita le tre piramidi di Giza.<\/li>\n<li>E la Grande Sfinge nel complesso piramidale.<\/li>\n<li>Soggiorno di una notte in albergo.<\/li>\n<li>Visita il quartiere del Cairo Vecchio con una sosta a Khan El-Khalili.<\/li>\n<li>Inoltre, ammira la cittadella di Saladino.<\/li>\n<\/ul>\n<h2>Itinerario del viaggio di tre giorni al Cairo Abu Simbel in aereo Hurghada<\/h2>\n<ul>\n<li>Il rappresentante di Landious Travel verr\u00e0 a prenderti dall&#8217;hotel di Hurghada intorno al tuo hotel alle 03:00 all&#8217;aeroporto internazionale di Hurghada per un volo per il Cairo. Il volo parte alle 05:00 e arriva al Cairo alle 06:00.<\/li>\n<\/ul>\n<h3>Programma a Giza<\/h3>\n<ul>\n<li>All&#8217;arrivo all&#8217;aeroporto del Cairo, verrai accolto dalla tua guida privata per visitare il complesso delle Piramidi di Giza; Cheope, Chefren e Micerino. La tua guida li mostra e ti d\u00e0 il tempo libero per scattare una foto. Quindi procedi a visitare la Grande Sfinge, che risale al tempo di e visita il Tempio della Valle.<\/li>\n<li>Il viaggio continua a Giza. La prossima tappa sar\u00e0 al ristorante. Offre un buffet. Il pranzo sar\u00e0 servito presso il ristorante locale a Giza.<\/li>\n<\/ul>\n<h3>Programma al Cairo<\/h3>\n<ul>\n<li>Ti mostreremo il Museo Egizio quando arriverai al Cairo. La tua guida avr\u00e0 il compito di mostrare le bellissime mostre di questo museo e darti del tempo libero per scattare foto. Il museo ha circa 100 sale espositive, con una collezione unica di circa 150 mila pezzi.<\/li>\n<li>Il New Grand Museum non \u00e8 ancora aperto. Nel caso in cui desideri visitare la sala delle mummie reali. Sarebbe meglio chiedere alla guida turistica di prendere il Museo Nazionale della Civilt\u00e0 Egiziana, e tu paghi per questo. Coster\u00e0 30 $.<\/li>\n<li>Dopo aver visitato il Museo Egizio del Cairo, puoi viaggiare sul Nilo. \u00c8 un programma aggiuntivo a un costo aggiuntivo!<\/li>\n<\/ul>\n","protected":false},"excerpt":{"rendered":"<p>Parti per un emozionante tour di tre giorni da Hurghada al Cairo, Assuan, Abu Simbel e Luxor ed esplora le magnifiche attrazioni che l&#8217;Egitto ha da offrire. Inizia il tuo viaggio visitando le famose Piramidi di Giza e il Museo Egizio del Cairo, accompagnato da una guida turistica privata che ti fornir\u00e0 affascinanti spunti sulla storia e la cultura dell&#8217;antico Egitto.<\/p>\n<p>Successivamente, prendi un volo per Assuan e trascorri una notte al Basma Hotel prima di visitare l&#8217;iconico Abu Simbel, una delle pi\u00f9 grandi opere di Ramses II. Avrai anche l&#8217;opportunit\u00e0 di esplorare le principali attrazioni di Assuan, tra cui l&#8217;Alta Diga e il Tempio della dea Iside sull&#8217;isola di Phiala.<\/p>\n<p>Continua il tuo viaggio verso Luxor e trascorri una notte in questa antica citt\u00e0, dove potrai scoprire la Valle dei Re, Karnak, il tempio della regina Hatshepsut e i Colossi di Memnon. Infine, torna a Hurghada assaporando i ricordi della tua indimenticabile avventura.<\/p>\n<p>Durante il tour, godrai di sistemazioni confortevoli, trasferimenti senza problemi e biglietti completi per tutte le attrazioni. Quindi, unisciti a noi in questo viaggio di volo di tre giorni e vivi i templi e i siti pi\u00f9 attraenti che l&#8217;Egitto ha da offrire.<\/p>\n","protected":false},"featured_media":98444,"comment_status":"open","ping_status":"closed","template":"","meta":{"_coblocks_attr":"","_coblocks_dimensions":"","_coblocks_responsive_height":"","_coblocks_accordion_ie_support":"","_uag_custom_page_level_css":"","jetpack_publicize_message":"","jetpack_publicize_feature_enabled":true,"jetpack_social_post_already_shared":true,"jetpack_social_options":{"image_generator_settings":{"template":"highway","default_image_id":0,"font":"","enabled":false},"version":2},"_wpas_customize_per_network":false},"product_brand":[],"product_cat":[8565,1636,22510,22513,22529,22506,22527,22540,22541,23515],"product_tag":[1644,2145,1661,1668],"class_list":{"0":"post-141259","1":"product","2":"type-product","3":"status-publish","4":"has-post-thumbnail","6":"product_cat-escursioni-individuali-hurghada","7":"product_cat-escursioni-storiche-hurghada","8":"product_cat-hurghada-escursioni-assuan","9":"product_cat-hurghada-escursioni-cairo","10":"product_cat-hurghada-tour-piramidi","11":"product_cat-tour-aerei-hurghada","12":"product_cat-tour-giorno-hurghada-cairo","13":"product_cat-tour-privati-hurghada-luxor","14":"product_cat-tour-privati-hurghada-piramidi","15":"product_cat-visite-turistiche-private-hurghada","16":"product_tag-escursione","17":"product_tag-escursioni-da-hurghada","18":"product_tag-hurghada-it","19":"product_tag-luxor-it","21":"first","22":"instock","23":"sale","24":"virtual","25":"taxable","26":"purchasable","27":"product-type-simple"},"yoast_head":"<!-- This site is optimized with the Yoast SEO Premium plugin v26.9 (Yoast SEO v27.4) - https:\/\/yoast.com\/product\/yoast-seo-premium-wordpress\/ -->\n<title>Viaggio di tre giorni al Cairo Abu Simbel in aereo Hurghada<\/title>\n<meta name=\"description\" content=\"Viaggio di tre giorni al Cairo Abu Simbel in aereo Hurghada Visita le Piramidi di Giza, la Sfinge, Luxor, la Valle dei Re, Assuan e Abu Simbel. Visita le\" \/>\n<meta name=\"robots\" content=\"index, follow, max-snippet:-1, max-image-preview:large, max-video-preview:-1\" \/>\n<link rel=\"canonical\" href=\"https:\/\/landioustravel.com\/it\/shop\/viaggio-tre-cairo-simbel-aereo-hurghada\/\" \/>\n<meta property=\"og:locale\" content=\"it_IT\" \/>\n<meta property=\"og:type\" content=\"article\" \/>\n<meta property=\"og:title\" content=\"Viaggio di tre giorni al Cairo Abu Simbel in aereo Hurghada\" \/>\n<meta property=\"og:description\" content=\"Landious Travel\" \/>\n<meta property=\"og:url\" content=\"https:\/\/landioustravel.com\/it\/shop\/viaggio-tre-cairo-simbel-aereo-hurghada\/\" \/>\n<meta property=\"og:site_name\" content=\"Landious Travel\" \/>\n<meta property=\"article:publisher\" content=\"https:\/\/web.facebook.com\/landiousEgypt\" \/>\n<meta property=\"article:modified_time\" content=\"2023-06-10T14:00:29+00:00\" \/>\n<meta property=\"og:image\" content=\"https:\/\/i0.wp.com\/landioustravel.com\/wp-content\/uploads\/2020\/11\/Aswan-Abu-Simbel-Trip-Hurghada-e1668718082924.jpeg?fit=1200%2C675&ssl=1\" \/>\n\t<meta property=\"og:image:width\" content=\"1200\" \/>\n\t<meta property=\"og:image:height\" content=\"675\" \/>\n\t<meta property=\"og:image:type\" content=\"image\/jpeg\" \/>\n<meta name=\"twitter:card\" content=\"summary_large_image\" \/>\n<meta name=\"twitter:site\" content=\"@LandiousTours\" \/>\n<meta name=\"twitter:label1\" content=\"Tempo di lettura stimato\" \/>\n\t<meta name=\"twitter:data1\" content=\"2 minuti\" \/>\n<script type=\"application\/ld+json\" class=\"yoast-schema-graph\">{\"@context\":\"https:\\\/\\\/schema.org\",\"@graph\":[{\"@type\":\"WebPage\",\"@id\":\"https:\\\/\\\/landioustravel.com\\\/it\\\/shop\\\/viaggio-tre-cairo-simbel-aereo-hurghada\\\/\",\"url\":\"https:\\\/\\\/landioustravel.com\\\/it\\\/shop\\\/viaggio-tre-cairo-simbel-aereo-hurghada\\\/\",\"name\":\"Viaggio di tre giorni al Cairo Abu Simbel in aereo Hurghada\",\"isPartOf\":{\"@id\":\"https:\\\/\\\/landioustravel.com\\\/it\\\/#website\"},\"primaryImageOfPage\":{\"@id\":\"https:\\\/\\\/landioustravel.com\\\/it\\\/shop\\\/viaggio-tre-cairo-simbel-aereo-hurghada\\\/#primaryimage\"},\"image\":{\"@id\":\"https:\\\/\\\/landioustravel.com\\\/it\\\/shop\\\/viaggio-tre-cairo-simbel-aereo-hurghada\\\/#primaryimage\"},\"thumbnailUrl\":\"https:\\\/\\\/i0.wp.com\\\/landioustravel.com\\\/wp-content\\\/uploads\\\/2020\\\/11\\\/Aswan-Abu-Simbel-Trip-Hurghada-e1668718082924.jpeg?fit=1200%2C675&ssl=1\",\"datePublished\":\"2023-04-23T20:37:26+00:00\",\"dateModified\":\"2023-06-10T14:00:29+00:00\",\"description\":\"Viaggio di tre giorni al Cairo Abu Simbel in aereo Hurghada Visita le Piramidi di Giza, la Sfinge, Luxor, la Valle dei Re, Assuan e Abu Simbel. Visita le\",\"breadcrumb\":{\"@id\":\"https:\\\/\\\/landioustravel.com\\\/it\\\/shop\\\/viaggio-tre-cairo-simbel-aereo-hurghada\\\/#breadcrumb\"},\"inLanguage\":\"it-IT\",\"potentialAction\":[{\"@type\":\"ReadAction\",\"target\":[\"https:\\\/\\\/landioustravel.com\\\/it\\\/shop\\\/viaggio-tre-cairo-simbel-aereo-hurghada\\\/\"]}]},{\"@type\":\"ImageObject\",\"inLanguage\":\"it-IT\",\"@id\":\"https:\\\/\\\/landioustravel.com\\\/it\\\/shop\\\/viaggio-tre-cairo-simbel-aereo-hurghada\\\/#primaryimage\",\"url\":\"https:\\\/\\\/i0.wp.com\\\/landioustravel.com\\\/wp-content\\\/uploads\\\/2020\\\/11\\\/Aswan-Abu-Simbel-Trip-Hurghada-e1668718082924.jpeg?fit=1200%2C675&ssl=1\",\"contentUrl\":\"https:\\\/\\\/i0.wp.com\\\/landioustravel.com\\\/wp-content\\\/uploads\\\/2020\\\/11\\\/Aswan-Abu-Simbel-Trip-Hurghada-e1668718082924.jpeg?fit=1200%2C675&ssl=1\",\"width\":1200,\"height\":675,\"caption\":\"Aswan Abu Simbel Trip Hurghada\"},{\"@type\":\"BreadcrumbList\",\"@id\":\"https:\\\/\\\/landioustravel.com\\\/it\\\/shop\\\/viaggio-tre-cairo-simbel-aereo-hurghada\\\/#breadcrumb\",\"itemListElement\":[{\"@type\":\"ListItem\",\"position\":1,\"name\":\"Home\",\"item\":\"https:\\\/\\\/landioustravel.com\\\/it\\\/\"},{\"@type\":\"ListItem\",\"position\":2,\"name\":\"Tour in Egitto\",\"item\":\"https:\\\/\\\/landioustravel.com\\\/it\\\/\"},{\"@type\":\"ListItem\",\"position\":3,\"name\":\"Viaggio di tre giorni al Cairo Abu Simbel in aereo Hurghada\"}]},{\"@type\":\"WebSite\",\"@id\":\"https:\\\/\\\/landioustravel.com\\\/it\\\/#website\",\"url\":\"https:\\\/\\\/landioustravel.com\\\/it\\\/\",\"name\":\"Landious Travel\",\"description\":\"Excursions, trips and cruises in Egypt\",\"publisher\":{\"@id\":\"https:\\\/\\\/landioustravel.com\\\/it\\\/#organization\"},\"potentialAction\":[{\"@type\":\"SearchAction\",\"target\":{\"@type\":\"EntryPoint\",\"urlTemplate\":\"https:\\\/\\\/landioustravel.com\\\/it\\\/?s={search_term_string}\"},\"query-input\":{\"@type\":\"PropertyValueSpecification\",\"valueRequired\":true,\"valueName\":\"search_term_string\"}}],\"inLanguage\":\"it-IT\"},{\"@type\":[\"Organization\",\"Place\"],\"@id\":\"https:\\\/\\\/landioustravel.com\\\/it\\\/#organization\",\"name\":\"Landious Travel\",\"alternateName\":\"Landious Travel\",\"url\":\"https:\\\/\\\/landioustravel.com\\\/it\\\/\",\"logo\":{\"@id\":\"https:\\\/\\\/landioustravel.com\\\/it\\\/shop\\\/viaggio-tre-cairo-simbel-aereo-hurghada\\\/#local-main-organization-logo\"},\"image\":{\"@id\":\"https:\\\/\\\/landioustravel.com\\\/it\\\/shop\\\/viaggio-tre-cairo-simbel-aereo-hurghada\\\/#local-main-organization-logo\"},\"sameAs\":[\"https:\\\/\\\/web.facebook.com\\\/landiousEgypt\",\"https:\\\/\\\/x.com\\\/LandiousTours\",\"https:\\\/\\\/mastodon.social\\\/@landious\"],\"legalName\":\"Landious Travel\",\"telephone\":[],\"openingHoursSpecification\":[{\"@type\":\"OpeningHoursSpecification\",\"dayOfWeek\":[\"Monday\",\"Tuesday\",\"Wednesday\",\"Thursday\",\"Friday\",\"Saturday\",\"Sunday\"],\"opens\":\"09:00\",\"closes\":\"17:00\"}]},{\"@type\":\"ImageObject\",\"inLanguage\":\"it-IT\",\"@id\":\"https:\\\/\\\/landioustravel.com\\\/it\\\/shop\\\/viaggio-tre-cairo-simbel-aereo-hurghada\\\/#local-main-organization-logo\",\"url\":\"https:\\\/\\\/i0.wp.com\\\/landioustravel.com\\\/wp-content\\\/uploads\\\/2021\\\/06\\\/Landious-T.png?fit=500%2C500&ssl=1\",\"contentUrl\":\"https:\\\/\\\/i0.wp.com\\\/landioustravel.com\\\/wp-content\\\/uploads\\\/2021\\\/06\\\/Landious-T.png?fit=500%2C500&ssl=1\",\"width\":500,\"height\":500,\"caption\":\"Landious Travel\"}]}<\/script>\n<!-- \/ Yoast SEO Premium plugin. -->","yoast_head_json":{"title":"Viaggio di tre giorni al Cairo Abu Simbel in aereo Hurghada","description":"Viaggio di tre giorni al Cairo Abu Simbel in aereo Hurghada Visita le Piramidi di Giza, la Sfinge, Luxor, la Valle dei Re, Assuan e Abu Simbel. Visita le","robots":{"index":"index","follow":"follow","max-snippet":"max-snippet:-1","max-image-preview":"max-image-preview:large","max-video-preview":"max-video-preview:-1"},"canonical":"https:\/\/landioustravel.com\/it\/shop\/viaggio-tre-cairo-simbel-aereo-hurghada\/","og_locale":"it_IT","og_type":"article","og_title":"Viaggio di tre giorni al Cairo Abu Simbel in aereo Hurghada","og_description":"Landious Travel","og_url":"https:\/\/landioustravel.com\/it\/shop\/viaggio-tre-cairo-simbel-aereo-hurghada\/","og_site_name":"Landious Travel","article_publisher":"https:\/\/web.facebook.com\/landiousEgypt","article_modified_time":"2023-06-10T14:00:29+00:00","og_image":[{"width":1200,"height":675,"url":"https:\/\/i0.wp.com\/landioustravel.com\/wp-content\/uploads\/2020\/11\/Aswan-Abu-Simbel-Trip-Hurghada-e1668718082924.jpeg?fit=1200%2C675&ssl=1","type":"image\/jpeg"}],"twitter_card":"summary_large_image","twitter_site":"@LandiousTours","twitter_misc":{"Tempo di lettura stimato":"2 minuti"},"schema":{"@context":"https:\/\/schema.org","@graph":[{"@type":"WebPage","@id":"https:\/\/landioustravel.com\/it\/shop\/viaggio-tre-cairo-simbel-aereo-hurghada\/","url":"https:\/\/landioustravel.com\/it\/shop\/viaggio-tre-cairo-simbel-aereo-hurghada\/","name":"Viaggio di tre giorni al Cairo Abu Simbel in aereo Hurghada","isPartOf":{"@id":"https:\/\/landioustravel.com\/it\/#website"},"primaryImageOfPage":{"@id":"https:\/\/landioustravel.com\/it\/shop\/viaggio-tre-cairo-simbel-aereo-hurghada\/#primaryimage"},"image":{"@id":"https:\/\/landioustravel.com\/it\/shop\/viaggio-tre-cairo-simbel-aereo-hurghada\/#primaryimage"},"thumbnailUrl":"https:\/\/i0.wp.com\/landioustravel.com\/wp-content\/uploads\/2020\/11\/Aswan-Abu-Simbel-Trip-Hurghada-e1668718082924.jpeg?fit=1200%2C675&ssl=1","datePublished":"2023-04-23T20:37:26+00:00","dateModified":"2023-06-10T14:00:29+00:00","description":"Viaggio di tre giorni al Cairo Abu Simbel in aereo Hurghada Visita le Piramidi di Giza, la Sfinge, Luxor, la Valle dei Re, Assuan e Abu Simbel. Visita le","breadcrumb":{"@id":"https:\/\/landioustravel.com\/it\/shop\/viaggio-tre-cairo-simbel-aereo-hurghada\/#breadcrumb"},"inLanguage":"it-IT","potentialAction":[{"@type":"ReadAction","target":["https:\/\/landioustravel.com\/it\/shop\/viaggio-tre-cairo-simbel-aereo-hurghada\/"]}]},{"@type":"ImageObject","inLanguage":"it-IT","@id":"https:\/\/landioustravel.com\/it\/shop\/viaggio-tre-cairo-simbel-aereo-hurghada\/#primaryimage","url":"https:\/\/i0.wp.com\/landioustravel.com\/wp-content\/uploads\/2020\/11\/Aswan-Abu-Simbel-Trip-Hurghada-e1668718082924.jpeg?fit=1200%2C675&ssl=1","contentUrl":"https:\/\/i0.wp.com\/landioustravel.com\/wp-content\/uploads\/2020\/11\/Aswan-Abu-Simbel-Trip-Hurghada-e1668718082924.jpeg?fit=1200%2C675&ssl=1","width":1200,"height":675,"caption":"Aswan Abu Simbel Trip Hurghada"},{"@type":"BreadcrumbList","@id":"https:\/\/landioustravel.com\/it\/shop\/viaggio-tre-cairo-simbel-aereo-hurghada\/#breadcrumb","itemListElement":[{"@type":"ListItem","position":1,"name":"Home","item":"https:\/\/landioustravel.com\/it\/"},{"@type":"ListItem","position":2,"name":"Tour in Egitto","item":"https:\/\/landioustravel.com\/it\/"},{"@type":"ListItem","position":3,"name":"Viaggio di tre giorni al Cairo Abu Simbel in aereo Hurghada"}]},{"@type":"WebSite","@id":"https:\/\/landioustravel.com\/it\/#website","url":"https:\/\/landioustravel.com\/it\/","name":"Landious Travel","description":"Excursions, trips and cruises in Egypt","publisher":{"@id":"https:\/\/landioustravel.com\/it\/#organization"},"potentialAction":[{"@type":"SearchAction","target":{"@type":"EntryPoint","urlTemplate":"https:\/\/landioustravel.com\/it\/?s={search_term_string}"},"query-input":{"@type":"PropertyValueSpecification","valueRequired":true,"valueName":"search_term_string"}}],"inLanguage":"it-IT"},{"@type":["Organization","Place"],"@id":"https:\/\/landioustravel.com\/it\/#organization","name":"Landious Travel","alternateName":"Landious Travel","url":"https:\/\/landioustravel.com\/it\/","logo":{"@id":"https:\/\/landioustravel.com\/it\/shop\/viaggio-tre-cairo-simbel-aereo-hurghada\/#local-main-organization-logo"},"image":{"@id":"https:\/\/landioustravel.com\/it\/shop\/viaggio-tre-cairo-simbel-aereo-hurghada\/#local-main-organization-logo"},"sameAs":["https:\/\/web.facebook.com\/landiousEgypt","https:\/\/x.com\/LandiousTours","https:\/\/mastodon.social\/@landious"],"legalName":"Landious Travel","telephone":[],"openingHoursSpecification":[{"@type":"OpeningHoursSpecification","dayOfWeek":["Monday","Tuesday","Wednesday","Thursday","Friday","Saturday","Sunday"],"opens":"09:00","closes":"17:00"}]},{"@type":"ImageObject","inLanguage":"it-IT","@id":"https:\/\/landioustravel.com\/it\/shop\/viaggio-tre-cairo-simbel-aereo-hurghada\/#local-main-organization-logo","url":"https:\/\/i0.wp.com\/landioustravel.com\/wp-content\/uploads\/2021\/06\/Landious-T.png?fit=500%2C500&ssl=1","contentUrl":"https:\/\/i0.wp.com\/landioustravel.com\/wp-content\/uploads\/2021\/06\/Landious-T.png?fit=500%2C500&ssl=1","width":500,"height":500,"caption":"Landious Travel"}]}},"jetpack_publicize_connections":[],"uagb_featured_image_src":{"full":["https:\/\/i0.wp.com\/landioustravel.com\/wp-content\/uploads\/2020\/11\/Aswan-Abu-Simbel-Trip-Hurghada-e1668718082924.jpeg?fit=1200%2C675&ssl=1",1200,675,false],"thumbnail":["https:\/\/i0.wp.com\/landioustravel.com\/wp-content\/uploads\/2020\/11\/Aswan-Abu-Simbel-Trip-Hurghada-e1668718082924.jpeg?resize=150%2C150&ssl=1",150,150,true],"medium":["https:\/\/i0.wp.com\/landioustravel.com\/wp-content\/uploads\/2020\/11\/Aswan-Abu-Simbel-Trip-Hurghada-e1668718082924.jpeg?fit=300%2C169&ssl=1",300,169,true],"medium_large":["https:\/\/i0.wp.com\/landioustravel.com\/wp-content\/uploads\/2020\/11\/Aswan-Abu-Simbel-Trip-Hurghada-e1668718082924.jpeg?fit=768%2C432&ssl=1",768,432,true],"large":["https:\/\/i0.wp.com\/landioustravel.com\/wp-content\/uploads\/2020\/11\/Aswan-Abu-Simbel-Trip-Hurghada-e1668718082924.jpeg?fit=980%2C551&ssl=1",980,551,true],"1536x1536":["https:\/\/i0.wp.com\/landioustravel.com\/wp-content\/uploads\/2020\/11\/Aswan-Abu-Simbel-Trip-Hurghada-e1668718082924.jpeg?fit=1536%2C864&ssl=1",1536,864,true],"2048x2048":["https:\/\/i0.wp.com\/landioustravel.com\/wp-content\/uploads\/2020\/11\/Aswan-Abu-Simbel-Trip-Hurghada-e1668718082924.jpeg?fit=1200%2C675&ssl=1",1200,675,true],"newspack-article-block-landscape-large":["https:\/\/i0.wp.com\/landioustravel.com\/wp-content\/uploads\/2020\/11\/Aswan-Abu-Simbel-Trip-Hurghada-e1668718082924.jpeg?resize=1200%2C675&ssl=1",1200,675,true],"newspack-article-block-portrait-large":["https:\/\/i0.wp.com\/landioustravel.com\/wp-content\/uploads\/2020\/11\/Aswan-Abu-Simbel-Trip-Hurghada-e1668718082924.jpeg?resize=900%2C675&ssl=1",900,675,true],"newspack-article-block-square-large":["https:\/\/i0.wp.com\/landioustravel.com\/wp-content\/uploads\/2020\/11\/Aswan-Abu-Simbel-Trip-Hurghada-e1668718082924.jpeg?resize=1200%2C675&ssl=1",1200,675,true],"newspack-article-block-landscape-medium":["https:\/\/i0.wp.com\/landioustravel.com\/wp-content\/uploads\/2020\/11\/Aswan-Abu-Simbel-Trip-Hurghada-e1668718082924.jpeg?resize=800%2C600&ssl=1",800,600,true],"newspack-article-block-portrait-medium":["https:\/\/i0.wp.com\/landioustravel.com\/wp-content\/uploads\/2020\/11\/Aswan-Abu-Simbel-Trip-Hurghada-e1668718082924.jpeg?resize=600%2C675&ssl=1",600,675,true],"newspack-article-block-square-medium":["https:\/\/i0.wp.com\/landioustravel.com\/wp-content\/uploads\/2020\/11\/Aswan-Abu-Simbel-Trip-Hurghada-e1668718082924.jpeg?resize=800%2C675&ssl=1",800,675,true],"newspack-article-block-landscape-intermediate":["https:\/\/i0.wp.com\/landioustravel.com\/wp-content\/uploads\/2020\/11\/Aswan-Abu-Simbel-Trip-Hurghada-e1668718082924.jpeg?resize=600%2C450&ssl=1",600,450,true],"newspack-article-block-portrait-intermediate":["https:\/\/i0.wp.com\/landioustravel.com\/wp-content\/uploads\/2020\/11\/Aswan-Abu-Simbel-Trip-Hurghada-e1668718082924.jpeg?resize=450%2C600&ssl=1",450,600,true],"newspack-article-block-square-intermediate":["https:\/\/i0.wp.com\/landioustravel.com\/wp-content\/uploads\/2020\/11\/Aswan-Abu-Simbel-Trip-Hurghada-e1668718082924.jpeg?resize=600%2C600&ssl=1",600,600,true],"newspack-article-block-landscape-small":["https:\/\/i0.wp.com\/landioustravel.com\/wp-content\/uploads\/2020\/11\/Aswan-Abu-Simbel-Trip-Hurghada-e1668718082924.jpeg?resize=400%2C300&ssl=1",400,300,true],"newspack-article-block-portrait-small":["https:\/\/i0.wp.com\/landioustravel.com\/wp-content\/uploads\/2020\/11\/Aswan-Abu-Simbel-Trip-Hurghada-e1668718082924.jpeg?resize=300%2C400&ssl=1",300,400,true],"newspack-article-block-square-small":["https:\/\/i0.wp.com\/landioustravel.com\/wp-content\/uploads\/2020\/11\/Aswan-Abu-Simbel-Trip-Hurghada-e1668718082924.jpeg?resize=400%2C400&ssl=1",400,400,true],"newspack-article-block-landscape-tiny":["https:\/\/i0.wp.com\/landioustravel.com\/wp-content\/uploads\/2020\/11\/Aswan-Abu-Simbel-Trip-Hurghada-e1668718082924.jpeg?resize=200%2C150&ssl=1",200,150,true],"newspack-article-block-portrait-tiny":["https:\/\/i0.wp.com\/landioustravel.com\/wp-content\/uploads\/2020\/11\/Aswan-Abu-Simbel-Trip-Hurghada-e1668718082924.jpeg?resize=150%2C200&ssl=1",150,200,true],"newspack-article-block-square-tiny":["https:\/\/i0.wp.com\/landioustravel.com\/wp-content\/uploads\/2020\/11\/Aswan-Abu-Simbel-Trip-Hurghada-e1668718082924.jpeg?resize=200%2C200&ssl=1",200,200,true],"newspack-article-block-uncropped":["https:\/\/i0.wp.com\/landioustravel.com\/wp-content\/uploads\/2020\/11\/Aswan-Abu-Simbel-Trip-Hurghada-e1668718082924.jpeg?fit=1200%2C675&ssl=1",1200,675,true],"woocommerce_thumbnail":["https:\/\/i0.wp.com\/landioustravel.com\/wp-content\/uploads\/2020\/11\/Aswan-Abu-Simbel-Trip-Hurghada-e1668718082924.jpeg?resize=324%2C324&ssl=1",324,324,true],"woocommerce_single":["https:\/\/i0.wp.com\/landioustravel.com\/wp-content\/uploads\/2020\/11\/Aswan-Abu-Simbel-Trip-Hurghada-e1668718082924.jpeg?fit=416%2C234&ssl=1",416,234,true],"woocommerce_gallery_thumbnail":["https:\/\/i0.wp.com\/landioustravel.com\/wp-content\/uploads\/2020\/11\/Aswan-Abu-Simbel-Trip-Hurghada-e1668718082924.jpeg?resize=100%2C100&ssl=1",100,100,true]},"uagb_author_info":{"display_name":"Mofreh Landious","author_link":"https:\/\/landioustravel.com\/it\/author\/"},"uagb_comment_info":0,"uagb_excerpt":"Parti per un emozionante tour di tre giorni da Hurghada al Cairo, Assuan, Abu Simbel e Luxor ed esplora le magnifiche attrazioni che l'Egitto ha da offrire. Inizia il tuo viaggio visitando le famose Piramidi di Giza e il Museo Egizio del Cairo, accompagnato da una guida turistica privata che ti fornir\u00e0 affascinanti spunti sulla&hellip;","jetpack_sharing_enabled":true,"jetpack_likes_enabled":true,"amp_enabled":true,"_links":{"self":[{"href":"https:\/\/landioustravel.com\/it\/wp-json\/wp\/v2\/product\/141259","targetHints":{"allow":["GET"]}}],"collection":[{"href":"https:\/\/landioustravel.com\/it\/wp-json\/wp\/v2\/product"}],"about":[{"href":"https:\/\/landioustravel.com\/it\/wp-json\/wp\/v2\/types\/product"}],"replies":[{"embeddable":true,"href":"https:\/\/landioustravel.com\/it\/wp-json\/wp\/v2\/comments?post=141259"}],"wp:featuredmedia":[{"embeddable":true,"href":"https:\/\/landioustravel.com\/it\/wp-json\/wp\/v2\/media\/98444"}],"wp:attachment":[{"href":"https:\/\/landioustravel.com\/it\/wp-json\/wp\/v2\/media?parent=141259"}],"wp:term":[{"taxonomy":"product_brand","embeddable":true,"href":"https:\/\/landioustravel.com\/it\/wp-json\/wp\/v2\/product_brand?post=141259"},{"taxonomy":"product_cat","embeddable":true,"href":"https:\/\/landioustravel.com\/it\/wp-json\/wp\/v2\/product_cat?post=141259"},{"taxonomy":"product_tag","embeddable":true,"href":"https:\/\/landioustravel.com\/it\/wp-json\/wp\/v2\/product_tag?post=141259"}],"curies":[{"name":"wp","href":"https:\/\/api.w.org\/{rel}","templated":true}]}}