{"id":141285,"date":"2023-03-08T00:20:37","date_gmt":"2023-04-23T22:06:54","guid":{"rendered":"https:\/\/landioustravel.com\/?post_type=product&#038;p=141285"},"modified":"2023-06-13T12:59:45","modified_gmt":"2023-06-13T10:59:45","slug":"gita-pesca-delite-hurghada","status":"publish","type":"product","link":"https:\/\/landioustravel.com\/it\/shop\/gita-pesca-delite-hurghada\/","title":{"rendered":"Gita di pesca d&#8217;\u00e9lite Hurghada"},"content":{"rendered":"<p>Sentiti speciale e unisciti a noi in una favolosa battuta di pesca! Gita di pesca d&#8217;\u00e9lite Hurghada \u00e8 una gita in barca da pesca per piccoli gruppi nel Mar Rosso a Hurghada, in Egitto! Consigliamo la gita perch\u00e9 permette ai turisti di pescare in mare evitando la massa. Vedono anche le bellissime barriere coralline e vari pesci e si godono un picnic attraverso il Mar Rosso. In effetti, \u00e8 una delle escursioni di Hurghada pi\u00f9 esistenti!<\/p>\n<p>Vivi un&#8217;emozionante gita in barca da Hurghada. Puoi pescare in mare aperto in tre diverse localit\u00e0 del Mar Rosso. Hai tre fermate per pescare in mare aperto. Se catturi un pesce commestibile, il nostro cuoco lo preparer\u00e0 direttamente sulla barca! Se non sei pronto per la pesca, prendi il sole sul ponte.<\/p>\n<p>Tonno, pesce vela e cernia sono solo alcuni dei pesci che un pescatore pu\u00f2 chiamare suo con un po&#8217; di fortuna.<\/p>\n<h2>Punti salienti del viaggio di pesca d&#8217;\u00e9lite Hurghada<\/h2>\n<ul>\n<li>Pesca in mare aperto.<\/li>\n<li>Inoltre, pranzo a bordo della barca.<\/li>\n<\/ul>\n<h2>Programma di Avventura alla cattura di pesci<\/h2>\n<ul>\n<li>Landious Travel verr\u00e0 a prenderti dal tuo hotel, a Hurghada, verso le 08:00.<\/li>\n<li>Dopo aver raccolto tutti i visitatori, l&#8217;autobus si diriger\u00e0 verso il porto. La strada per il molo dura circa 20 minuti.<\/li>\n<li>Troverai la tua barca nel porto. \u00c8 una barca grande e chic; ed \u00e8 composto da due piani. Quando sali sulla nave, sar\u00e0 preferibile toglierti le scarpe e prepararti per la pesca alla traina. La pesca a traina avviene mentre la barca naviga sul mare. Per questo motivo dotiamo la nostra barca di due canne da traina nella parte posteriore.<\/li>\n<li>La barca naviga sul Mar Rosso non appena il gruppo si riunisce. Poi, da qualche parte in mare aperto, dar\u00e0 l&#8217;ancora per farti pescare direttamente dalla sua tavola. A quel punto, tutti potranno andare a pescare.<\/li>\n<li>Dopo questa sosta, il gruppo si riunir\u00e0 al primo piano per il pranzo. Durante l&#8217;ora di pranzo sar\u00e0 aperto il buffet.<\/li>\n<li>Successivamente, riproverai a pescare da qualche altra parte.<\/li>\n<li>Infine, ti riaccompagniamo ai tuoi hotel dopo un&#8217;emozionante esperienza di pesca nel Mar Rosso.<\/li>\n<li>Questo viaggio di pesca d&#8217;\u00e9lite a Hurghada termina alle 16:30 circa.<\/li>\n<\/ul>\n<h2>Cosa include il prezzo del viaggio di pesca a Hurghada?<\/h2>\n<ul>\n<li>Attrezzatura da pesca.<\/li>\n<li>Attrezzatura per lo snorkeling.<\/li>\n<li>Cibo.<\/li>\n<li>Inoltre, trasferimento al porto e ritorno in hotel.<\/li>\n<\/ul>\n<h2>Cosa non include il programma del viaggio di pesca a Hurghada?<\/h2>\n<ul>\n<li>Biglietto d&#8217;ingresso (5 dollari USD a persona)<\/li>\n<li>Dvd video.<\/li>\n<li>Inoltre, il Photo CD.<\/li>\n<\/ul>\n<h2>Cosa portare con te per il viaggio<\/h2>\n<ul>\n<li>Asciugamano.<\/li>\n<li>Inoltre, crema solare.<\/li>\n<\/ul>\n<h2>Prenotazione giorni di Elite Fishing Trip Hurghada<\/h2>\n<ul>\n<li>Tutti i giorni dalle 08:00 alle 17:00.<\/li>\n<\/ul>\n<h2>Servizi presentati durante la Gita di pesca d&#8217;\u00e9lite Hurghada<\/h2>\n<ul>\n<li><strong>Trasporti<\/strong>: Landious Travel utilizza limousine\/minibus con aria condizionata come mezzo di trasporto. Inoltre, un autista professionista ti accompagner\u00e0 al porto e al tuo hotel.<\/li>\n<li><strong>Guida<\/strong>: un tour leader inglese professionista ti verr\u00e0 a prendere dai tuoi hotel e ti accompagner\u00e0 al porto.<\/li>\n<li><strong>Strutture barca<\/strong>: le nostre barche sono nuove a tre piani. Queste barche hanno un salone da pranzo, acqua fredda, una cucina e due bagni. Inoltre, li dotiamo di giubbotti di salvataggio, attrezzatura per lo snorkeling e due mulinelli da traina al primo piano. Nel frattempo, il pavimento del ponte sole ha comodi lettini e una tenda.<\/li>\n<li><strong>Team e staff<\/strong>: avrai un equipaggio amichevole e professionale sulla barca. I nostri istruttori e formatori ti guideranno durante il viaggio.<\/li>\n<li><strong>Cibo<\/strong>: offriamo un delizioso pranzo a bordo della barca con diversi piatti.<\/li>\n<\/ul>\n<h2>Gita di pesca a Hurghada:<\/h2>\n<ul>\n<li>Il Mar Rosso, tuttavia, ha molto di pi\u00f9 in serbo. Per i pescatori professionisti, Hurghada \u00e8 una delle destinazioni di pesca da sogno.<\/li>\n<li>Le numerose e massicce barriere coralline vicino alla costa ospitano molte grandi specie di pesci. Oltre al gi\u00e0 citato tonno, questi includono persici, palamite e persino squali nel sud del Mar Rosso. Un pescatore ottiene i suoi soldi qui.<\/li>\n<li>Non hai ancora molta esperienza di pesca? Nessun problema. Naturalmente, i nostri esperti pescatori egiziani saranno felici di aiutarvi e consigliarvi a bordo. Se sei interessato alla pesca ma ti piace la variet\u00e0 di pesci e ami il mare, questo \u00e8 il posto che fa per te.<\/li>\n<li>Gli accompagnatori che non vogliono pescare possono prendere il sole sul ponte della nave o fare snorkeling, naturalmente; le barriere coralline vicine sono l&#8217;ideale per questo. Se riesci a catturare un pesce commestibile, i cuochi esperti a bordo saranno felici di preparare direttamente il pesce.<\/li>\n<li>Quindi puoi aspettarti un&#8217;entusiasmante escursione con tre diverse soste di pesca e un eccellente pasto appena preparato che non troverai in nessun ristorante di Hurghada.<\/li>\n<\/ul>\n","protected":false},"excerpt":{"rendered":"<p>Immagina la meravigliosa sensazione di poter pescare nel bellissimo Mar Rosso e poi cucinare il pescato proprio l\u00ec sulla barca. Sar\u00e0 sicuramente un&#8217;avventura deliziosa e deliziosa! Mentre navighi, la barca si ancorer\u00e0 in mare aperto, dove avrai la possibilit\u00e0 di catturare molti pesci. Una volta pescato, puoi prepararlo nella cucina della barca per un delizioso pranzo. E prima della fine dell&#8217;escursione avrai anche la possibilit\u00e0 di nuotare in mare aperto con maschera e pinne. Il prezzo del viaggio include trasferimenti, attrezzatura da pesca e pranzo, cos\u00ec puoi rilassarti e goderti l&#8217;esperienza. Ci\u00f2 che rende il Mar Rosso ancora pi\u00f9 incantevole di altre destinazioni stagionali sono le rare e diverse specie di pesci, come Giant Trevally, Jack Trevally, Amberjack, Cernie, Page Groupers, King, Unicorn LeatherJacket, Needle Fish, Tuna, Bonito, Snappers, Orate, barracuda, pesce vela e mahi mahi. Ma ci\u00f2 che distingue veramente il Mar Rosso \u00e8 la competizione di pesca di Hurghada, dove i pescatori di tutto il mondo vengono a competere e mostrare le loro abilit\u00e0. Che tu sia un pescatore professionista o dilettante, scoprirai che la pesca attiva tutto l&#8217;anno del Mar Rosso, le strutture del fondale ideali e il clima caldo ne fanno una destinazione irresistibile.<\/p>\n","protected":false},"featured_media":100257,"comment_status":"open","ping_status":"closed","template":"","meta":{"_coblocks_attr":"","_coblocks_dimensions":"","_coblocks_responsive_height":"","_coblocks_accordion_ie_support":"","_uag_custom_page_level_css":"","jetpack_post_was_ever_published":false,"jetpack_publicize_message":"","jetpack_publicize_feature_enabled":true,"jetpack_social_post_already_shared":true,"jetpack_social_options":{"image_generator_settings":{"template":"highway","default_image_id":0,"font":"","enabled":false},"version":2},"_wpas_customize_per_network":false},"product_brand":[],"product_cat":[22522,1632,22509,1638,22521],"product_tag":[1644,2099,1661,22564,1664,1682],"class_list":{"0":"post-141285","1":"product","2":"type-product","3":"status-publish","4":"has-post-thumbnail","6":"product_cat-battute-pesca-hurghada","7":"product_cat-escursioni-hurghada","8":"product_cat-escursioni-elite-hurghada","9":"product_cat-escursioni-mare-hurghada","10":"product_cat-escursioni-famiglie-hurghada","11":"product_tag-escursione","12":"product_tag-escursioni-in-mare-a-hurghada","13":"product_tag-hurghada-it","14":"product_tag-mare","15":"product_tag-pesca","16":"product_tag-viaggi-marittimi","18":"first","19":"instock","20":"sale","21":"virtual","22":"taxable","23":"purchasable","24":"product-type-simple"},"yoast_head":"<!-- This site is optimized with the Yoast SEO Premium plugin v26.9 (Yoast SEO v27.3) - https:\/\/yoast.com\/product\/yoast-seo-premium-wordpress\/ -->\n<title>Gita di pesca d&#039;\u00e9lite Hurghada<\/title>\n<meta name=\"description\" content=\"Gita di pesca d&#039;\u00e9lite Hurghada realizza il desiderio di pescare nel Mar Rosso e cucinare in loco. Sar\u00e0 cos\u00ec eccitante e gustoso! Durante la navigazione\" \/>\n<meta name=\"robots\" content=\"index, follow, max-snippet:-1, max-image-preview:large, max-video-preview:-1\" \/>\n<link rel=\"canonical\" href=\"https:\/\/landioustravel.com\/it\/shop\/gita-pesca-delite-hurghada\/\" \/>\n<meta property=\"og:locale\" content=\"it_IT\" \/>\n<meta property=\"og:type\" content=\"article\" \/>\n<meta property=\"og:title\" content=\"Gita di pesca d&#039;\u00e9lite Hurghada\" \/>\n<meta property=\"og:description\" content=\"Landious Travel\" \/>\n<meta property=\"og:url\" content=\"https:\/\/landioustravel.com\/it\/shop\/gita-pesca-delite-hurghada\/\" \/>\n<meta property=\"og:site_name\" content=\"Landious Travel\" \/>\n<meta property=\"article:publisher\" content=\"https:\/\/web.facebook.com\/landiousEgypt\" \/>\n<meta property=\"article:modified_time\" content=\"2023-06-13T10:59:45+00:00\" \/>\n<meta property=\"og:image\" content=\"https:\/\/i0.wp.com\/landioustravel.com\/wp-content\/uploads\/2018\/12\/Fishing-Trip-from-Hurghada-e1669480285236.jpg?fit=1200%2C675&ssl=1\" \/>\n\t<meta property=\"og:image:width\" content=\"1200\" \/>\n\t<meta property=\"og:image:height\" content=\"675\" \/>\n\t<meta property=\"og:image:type\" content=\"image\/jpeg\" \/>\n<meta name=\"twitter:card\" content=\"summary_large_image\" \/>\n<meta name=\"twitter:site\" content=\"@LandiousTours\" \/>\n<meta name=\"twitter:label1\" content=\"Tempo di lettura stimato\" \/>\n\t<meta name=\"twitter:data1\" content=\"4 minuti\" \/>\n<script type=\"application\/ld+json\" class=\"yoast-schema-graph\">{\"@context\":\"https:\\\/\\\/schema.org\",\"@graph\":[{\"@type\":\"WebPage\",\"@id\":\"https:\\\/\\\/landioustravel.com\\\/it\\\/shop\\\/gita-pesca-delite-hurghada\\\/\",\"url\":\"https:\\\/\\\/landioustravel.com\\\/it\\\/shop\\\/gita-pesca-delite-hurghada\\\/\",\"name\":\"Gita di pesca d'\u00e9lite Hurghada\",\"isPartOf\":{\"@id\":\"https:\\\/\\\/landioustravel.com\\\/it\\\/#website\"},\"primaryImageOfPage\":{\"@id\":\"https:\\\/\\\/landioustravel.com\\\/it\\\/shop\\\/gita-pesca-delite-hurghada\\\/#primaryimage\"},\"image\":{\"@id\":\"https:\\\/\\\/landioustravel.com\\\/it\\\/shop\\\/gita-pesca-delite-hurghada\\\/#primaryimage\"},\"thumbnailUrl\":\"https:\\\/\\\/i0.wp.com\\\/landioustravel.com\\\/wp-content\\\/uploads\\\/2018\\\/12\\\/Fishing-Trip-from-Hurghada-e1669480285236.jpg?fit=1200%2C675&ssl=1\",\"datePublished\":\"2023-04-23T22:06:54+00:00\",\"dateModified\":\"2023-06-13T10:59:45+00:00\",\"description\":\"Gita di pesca d'\u00e9lite Hurghada realizza il desiderio di pescare nel Mar Rosso e cucinare in loco. Sar\u00e0 cos\u00ec eccitante e gustoso! Durante la navigazione\",\"breadcrumb\":{\"@id\":\"https:\\\/\\\/landioustravel.com\\\/it\\\/shop\\\/gita-pesca-delite-hurghada\\\/#breadcrumb\"},\"inLanguage\":\"it-IT\",\"potentialAction\":[{\"@type\":\"ReadAction\",\"target\":[\"https:\\\/\\\/landioustravel.com\\\/it\\\/shop\\\/gita-pesca-delite-hurghada\\\/\"]}]},{\"@type\":\"ImageObject\",\"inLanguage\":\"it-IT\",\"@id\":\"https:\\\/\\\/landioustravel.com\\\/it\\\/shop\\\/gita-pesca-delite-hurghada\\\/#primaryimage\",\"url\":\"https:\\\/\\\/i0.wp.com\\\/landioustravel.com\\\/wp-content\\\/uploads\\\/2018\\\/12\\\/Fishing-Trip-from-Hurghada-e1669480285236.jpg?fit=1200%2C675&ssl=1\",\"contentUrl\":\"https:\\\/\\\/i0.wp.com\\\/landioustravel.com\\\/wp-content\\\/uploads\\\/2018\\\/12\\\/Fishing-Trip-from-Hurghada-e1669480285236.jpg?fit=1200%2C675&ssl=1\",\"width\":1200,\"height\":675,\"caption\":\"Fishing Trip from Hurghada\"},{\"@type\":\"BreadcrumbList\",\"@id\":\"https:\\\/\\\/landioustravel.com\\\/it\\\/shop\\\/gita-pesca-delite-hurghada\\\/#breadcrumb\",\"itemListElement\":[{\"@type\":\"ListItem\",\"position\":1,\"name\":\"Home\",\"item\":\"https:\\\/\\\/landioustravel.com\\\/it\\\/\"},{\"@type\":\"ListItem\",\"position\":2,\"name\":\"Tour in Egitto\",\"item\":\"https:\\\/\\\/landioustravel.com\\\/it\\\/\"},{\"@type\":\"ListItem\",\"position\":3,\"name\":\"Gita di pesca d&#8217;\u00e9lite Hurghada\"}]},{\"@type\":\"WebSite\",\"@id\":\"https:\\\/\\\/landioustravel.com\\\/it\\\/#website\",\"url\":\"https:\\\/\\\/landioustravel.com\\\/it\\\/\",\"name\":\"Landious Travel\",\"description\":\"Excursions, trips and cruises in Egypt\",\"publisher\":{\"@id\":\"https:\\\/\\\/landioustravel.com\\\/it\\\/#organization\"},\"potentialAction\":[{\"@type\":\"SearchAction\",\"target\":{\"@type\":\"EntryPoint\",\"urlTemplate\":\"https:\\\/\\\/landioustravel.com\\\/it\\\/?s={search_term_string}\"},\"query-input\":{\"@type\":\"PropertyValueSpecification\",\"valueRequired\":true,\"valueName\":\"search_term_string\"}}],\"inLanguage\":\"it-IT\"},{\"@type\":[\"Organization\",\"Place\"],\"@id\":\"https:\\\/\\\/landioustravel.com\\\/it\\\/#organization\",\"name\":\"Landious Travel\",\"alternateName\":\"Landious Travel\",\"url\":\"https:\\\/\\\/landioustravel.com\\\/it\\\/\",\"logo\":{\"@id\":\"https:\\\/\\\/landioustravel.com\\\/it\\\/shop\\\/gita-pesca-delite-hurghada\\\/#local-main-organization-logo\"},\"image\":{\"@id\":\"https:\\\/\\\/landioustravel.com\\\/it\\\/shop\\\/gita-pesca-delite-hurghada\\\/#local-main-organization-logo\"},\"sameAs\":[\"https:\\\/\\\/web.facebook.com\\\/landiousEgypt\",\"https:\\\/\\\/x.com\\\/LandiousTours\",\"https:\\\/\\\/mastodon.social\\\/@landious\"],\"legalName\":\"Landious Travel\",\"telephone\":[],\"openingHoursSpecification\":[{\"@type\":\"OpeningHoursSpecification\",\"dayOfWeek\":[\"Monday\",\"Tuesday\",\"Wednesday\",\"Thursday\",\"Friday\",\"Saturday\",\"Sunday\"],\"opens\":\"09:00\",\"closes\":\"17:00\"}]},{\"@type\":\"ImageObject\",\"inLanguage\":\"it-IT\",\"@id\":\"https:\\\/\\\/landioustravel.com\\\/it\\\/shop\\\/gita-pesca-delite-hurghada\\\/#local-main-organization-logo\",\"url\":\"https:\\\/\\\/i0.wp.com\\\/landioustravel.com\\\/wp-content\\\/uploads\\\/2021\\\/06\\\/Landious-T.png?fit=500%2C500&ssl=1\",\"contentUrl\":\"https:\\\/\\\/i0.wp.com\\\/landioustravel.com\\\/wp-content\\\/uploads\\\/2021\\\/06\\\/Landious-T.png?fit=500%2C500&ssl=1\",\"width\":500,\"height\":500,\"caption\":\"Landious Travel\"}]}<\/script>\n<!-- \/ Yoast SEO Premium plugin. -->","yoast_head_json":{"title":"Gita di pesca d'\u00e9lite Hurghada","description":"Gita di pesca d'\u00e9lite Hurghada realizza il desiderio di pescare nel Mar Rosso e cucinare in loco. Sar\u00e0 cos\u00ec eccitante e gustoso! Durante la navigazione","robots":{"index":"index","follow":"follow","max-snippet":"max-snippet:-1","max-image-preview":"max-image-preview:large","max-video-preview":"max-video-preview:-1"},"canonical":"https:\/\/landioustravel.com\/it\/shop\/gita-pesca-delite-hurghada\/","og_locale":"it_IT","og_type":"article","og_title":"Gita di pesca d'\u00e9lite Hurghada","og_description":"Landious Travel","og_url":"https:\/\/landioustravel.com\/it\/shop\/gita-pesca-delite-hurghada\/","og_site_name":"Landious Travel","article_publisher":"https:\/\/web.facebook.com\/landiousEgypt","article_modified_time":"2023-06-13T10:59:45+00:00","og_image":[{"width":1200,"height":675,"url":"https:\/\/i0.wp.com\/landioustravel.com\/wp-content\/uploads\/2018\/12\/Fishing-Trip-from-Hurghada-e1669480285236.jpg?fit=1200%2C675&ssl=1","type":"image\/jpeg"}],"twitter_card":"summary_large_image","twitter_site":"@LandiousTours","twitter_misc":{"Tempo di lettura stimato":"4 minuti"},"schema":{"@context":"https:\/\/schema.org","@graph":[{"@type":"WebPage","@id":"https:\/\/landioustravel.com\/it\/shop\/gita-pesca-delite-hurghada\/","url":"https:\/\/landioustravel.com\/it\/shop\/gita-pesca-delite-hurghada\/","name":"Gita di pesca d'\u00e9lite Hurghada","isPartOf":{"@id":"https:\/\/landioustravel.com\/it\/#website"},"primaryImageOfPage":{"@id":"https:\/\/landioustravel.com\/it\/shop\/gita-pesca-delite-hurghada\/#primaryimage"},"image":{"@id":"https:\/\/landioustravel.com\/it\/shop\/gita-pesca-delite-hurghada\/#primaryimage"},"thumbnailUrl":"https:\/\/i0.wp.com\/landioustravel.com\/wp-content\/uploads\/2018\/12\/Fishing-Trip-from-Hurghada-e1669480285236.jpg?fit=1200%2C675&ssl=1","datePublished":"2023-04-23T22:06:54+00:00","dateModified":"2023-06-13T10:59:45+00:00","description":"Gita di pesca d'\u00e9lite Hurghada realizza il desiderio di pescare nel Mar Rosso e cucinare in loco. Sar\u00e0 cos\u00ec eccitante e gustoso! Durante la navigazione","breadcrumb":{"@id":"https:\/\/landioustravel.com\/it\/shop\/gita-pesca-delite-hurghada\/#breadcrumb"},"inLanguage":"it-IT","potentialAction":[{"@type":"ReadAction","target":["https:\/\/landioustravel.com\/it\/shop\/gita-pesca-delite-hurghada\/"]}]},{"@type":"ImageObject","inLanguage":"it-IT","@id":"https:\/\/landioustravel.com\/it\/shop\/gita-pesca-delite-hurghada\/#primaryimage","url":"https:\/\/i0.wp.com\/landioustravel.com\/wp-content\/uploads\/2018\/12\/Fishing-Trip-from-Hurghada-e1669480285236.jpg?fit=1200%2C675&ssl=1","contentUrl":"https:\/\/i0.wp.com\/landioustravel.com\/wp-content\/uploads\/2018\/12\/Fishing-Trip-from-Hurghada-e1669480285236.jpg?fit=1200%2C675&ssl=1","width":1200,"height":675,"caption":"Fishing Trip from Hurghada"},{"@type":"BreadcrumbList","@id":"https:\/\/landioustravel.com\/it\/shop\/gita-pesca-delite-hurghada\/#breadcrumb","itemListElement":[{"@type":"ListItem","position":1,"name":"Home","item":"https:\/\/landioustravel.com\/it\/"},{"@type":"ListItem","position":2,"name":"Tour in Egitto","item":"https:\/\/landioustravel.com\/it\/"},{"@type":"ListItem","position":3,"name":"Gita di pesca d&#8217;\u00e9lite Hurghada"}]},{"@type":"WebSite","@id":"https:\/\/landioustravel.com\/it\/#website","url":"https:\/\/landioustravel.com\/it\/","name":"Landious Travel","description":"Excursions, trips and cruises in Egypt","publisher":{"@id":"https:\/\/landioustravel.com\/it\/#organization"},"potentialAction":[{"@type":"SearchAction","target":{"@type":"EntryPoint","urlTemplate":"https:\/\/landioustravel.com\/it\/?s={search_term_string}"},"query-input":{"@type":"PropertyValueSpecification","valueRequired":true,"valueName":"search_term_string"}}],"inLanguage":"it-IT"},{"@type":["Organization","Place"],"@id":"https:\/\/landioustravel.com\/it\/#organization","name":"Landious Travel","alternateName":"Landious Travel","url":"https:\/\/landioustravel.com\/it\/","logo":{"@id":"https:\/\/landioustravel.com\/it\/shop\/gita-pesca-delite-hurghada\/#local-main-organization-logo"},"image":{"@id":"https:\/\/landioustravel.com\/it\/shop\/gita-pesca-delite-hurghada\/#local-main-organization-logo"},"sameAs":["https:\/\/web.facebook.com\/landiousEgypt","https:\/\/x.com\/LandiousTours","https:\/\/mastodon.social\/@landious"],"legalName":"Landious Travel","telephone":[],"openingHoursSpecification":[{"@type":"OpeningHoursSpecification","dayOfWeek":["Monday","Tuesday","Wednesday","Thursday","Friday","Saturday","Sunday"],"opens":"09:00","closes":"17:00"}]},{"@type":"ImageObject","inLanguage":"it-IT","@id":"https:\/\/landioustravel.com\/it\/shop\/gita-pesca-delite-hurghada\/#local-main-organization-logo","url":"https:\/\/i0.wp.com\/landioustravel.com\/wp-content\/uploads\/2021\/06\/Landious-T.png?fit=500%2C500&ssl=1","contentUrl":"https:\/\/i0.wp.com\/landioustravel.com\/wp-content\/uploads\/2021\/06\/Landious-T.png?fit=500%2C500&ssl=1","width":500,"height":500,"caption":"Landious Travel"}]}},"jetpack_publicize_connections":[],"uagb_featured_image_src":{"full":["https:\/\/i0.wp.com\/landioustravel.com\/wp-content\/uploads\/2018\/12\/Fishing-Trip-from-Hurghada-e1669480285236.jpg?fit=1200%2C675&ssl=1",1200,675,false],"thumbnail":["https:\/\/i0.wp.com\/landioustravel.com\/wp-content\/uploads\/2018\/12\/Fishing-Trip-from-Hurghada-e1669480285236.jpg?resize=150%2C150&ssl=1",150,150,true],"medium":["https:\/\/i0.wp.com\/landioustravel.com\/wp-content\/uploads\/2018\/12\/Fishing-Trip-from-Hurghada-e1669480285236.jpg?fit=300%2C169&ssl=1",300,169,true],"medium_large":["https:\/\/i0.wp.com\/landioustravel.com\/wp-content\/uploads\/2018\/12\/Fishing-Trip-from-Hurghada-e1669480285236.jpg?fit=768%2C432&ssl=1",768,432,true],"large":["https:\/\/i0.wp.com\/landioustravel.com\/wp-content\/uploads\/2018\/12\/Fishing-Trip-from-Hurghada-e1669480285236.jpg?fit=980%2C551&ssl=1",980,551,true],"1536x1536":["https:\/\/i0.wp.com\/landioustravel.com\/wp-content\/uploads\/2018\/12\/Fishing-Trip-from-Hurghada-e1669480285236.jpg?fit=1536%2C1152&ssl=1",1536,1152,true],"2048x2048":["https:\/\/i0.wp.com\/landioustravel.com\/wp-content\/uploads\/2018\/12\/Fishing-Trip-from-Hurghada-e1669480285236.jpg?fit=2048%2C1536&ssl=1",2048,1536,true],"newspack-article-block-landscape-large":["https:\/\/i0.wp.com\/landioustravel.com\/wp-content\/uploads\/2018\/12\/Fishing-Trip-from-Hurghada-e1669480285236.jpg?resize=1200%2C675&ssl=1",1200,675,true],"newspack-article-block-portrait-large":["https:\/\/i0.wp.com\/landioustravel.com\/wp-content\/uploads\/2018\/12\/Fishing-Trip-from-Hurghada-e1669480285236.jpg?resize=900%2C675&ssl=1",900,675,true],"newspack-article-block-square-large":["https:\/\/i0.wp.com\/landioustravel.com\/wp-content\/uploads\/2018\/12\/Fishing-Trip-from-Hurghada-e1669480285236.jpg?resize=1200%2C675&ssl=1",1200,675,true],"newspack-article-block-landscape-medium":["https:\/\/i0.wp.com\/landioustravel.com\/wp-content\/uploads\/2018\/12\/Fishing-Trip-from-Hurghada-e1669480285236.jpg?resize=800%2C600&ssl=1",800,600,true],"newspack-article-block-portrait-medium":["https:\/\/i0.wp.com\/landioustravel.com\/wp-content\/uploads\/2018\/12\/Fishing-Trip-from-Hurghada-e1669480285236.jpg?resize=600%2C675&ssl=1",600,675,true],"newspack-article-block-square-medium":["https:\/\/i0.wp.com\/landioustravel.com\/wp-content\/uploads\/2018\/12\/Fishing-Trip-from-Hurghada-e1669480285236.jpg?resize=800%2C675&ssl=1",800,675,true],"newspack-article-block-landscape-intermediate":["https:\/\/i0.wp.com\/landioustravel.com\/wp-content\/uploads\/2018\/12\/Fishing-Trip-from-Hurghada-e1669480285236.jpg?resize=600%2C450&ssl=1",600,450,true],"newspack-article-block-portrait-intermediate":["https:\/\/i0.wp.com\/landioustravel.com\/wp-content\/uploads\/2018\/12\/Fishing-Trip-from-Hurghada-e1669480285236.jpg?resize=450%2C600&ssl=1",450,600,true],"newspack-article-block-square-intermediate":["https:\/\/i0.wp.com\/landioustravel.com\/wp-content\/uploads\/2018\/12\/Fishing-Trip-from-Hurghada-e1669480285236.jpg?resize=600%2C600&ssl=1",600,600,true],"newspack-article-block-landscape-small":["https:\/\/i0.wp.com\/landioustravel.com\/wp-content\/uploads\/2018\/12\/Fishing-Trip-from-Hurghada-e1669480285236.jpg?resize=400%2C300&ssl=1",400,300,true],"newspack-article-block-portrait-small":["https:\/\/i0.wp.com\/landioustravel.com\/wp-content\/uploads\/2018\/12\/Fishing-Trip-from-Hurghada-e1669480285236.jpg?resize=300%2C400&ssl=1",300,400,true],"newspack-article-block-square-small":["https:\/\/i0.wp.com\/landioustravel.com\/wp-content\/uploads\/2018\/12\/Fishing-Trip-from-Hurghada-e1669480285236.jpg?resize=400%2C400&ssl=1",400,400,true],"newspack-article-block-landscape-tiny":["https:\/\/i0.wp.com\/landioustravel.com\/wp-content\/uploads\/2018\/12\/Fishing-Trip-from-Hurghada-e1669480285236.jpg?resize=200%2C150&ssl=1",200,150,true],"newspack-article-block-portrait-tiny":["https:\/\/i0.wp.com\/landioustravel.com\/wp-content\/uploads\/2018\/12\/Fishing-Trip-from-Hurghada-e1669480285236.jpg?resize=150%2C200&ssl=1",150,200,true],"newspack-article-block-square-tiny":["https:\/\/i0.wp.com\/landioustravel.com\/wp-content\/uploads\/2018\/12\/Fishing-Trip-from-Hurghada-e1669480285236.jpg?resize=200%2C200&ssl=1",200,200,true],"newspack-article-block-uncropped":["https:\/\/i0.wp.com\/landioustravel.com\/wp-content\/uploads\/2018\/12\/Fishing-Trip-from-Hurghada-e1669480285236.jpg?fit=1200%2C675&ssl=1",1200,675,true],"woocommerce_thumbnail":["https:\/\/i0.wp.com\/landioustravel.com\/wp-content\/uploads\/2018\/12\/Fishing-Trip-from-Hurghada-e1669480285236.jpg?resize=324%2C324&ssl=1",324,324,true],"woocommerce_single":["https:\/\/i0.wp.com\/landioustravel.com\/wp-content\/uploads\/2018\/12\/Fishing-Trip-from-Hurghada-e1669480285236.jpg?fit=416%2C234&ssl=1",416,234,true],"woocommerce_gallery_thumbnail":["https:\/\/i0.wp.com\/landioustravel.com\/wp-content\/uploads\/2018\/12\/Fishing-Trip-from-Hurghada-e1669480285236.jpg?resize=100%2C100&ssl=1",100,100,true]},"uagb_author_info":{"display_name":"Mofreh Landious","author_link":"https:\/\/landioustravel.com\/it\/author\/"},"uagb_comment_info":0,"uagb_excerpt":"Immagina la meravigliosa sensazione di poter pescare nel bellissimo Mar Rosso e poi cucinare il pescato proprio l\u00ec sulla barca. Sar\u00e0 sicuramente un'avventura deliziosa e deliziosa! Mentre navighi, la barca si ancorer\u00e0 in mare aperto, dove avrai la possibilit\u00e0 di catturare molti pesci. Una volta pescato, puoi prepararlo nella cucina della barca per un delizioso&hellip;","jetpack_sharing_enabled":true,"jetpack_likes_enabled":true,"amp_enabled":true,"_links":{"self":[{"href":"https:\/\/landioustravel.com\/it\/wp-json\/wp\/v2\/product\/141285","targetHints":{"allow":["GET"]}}],"collection":[{"href":"https:\/\/landioustravel.com\/it\/wp-json\/wp\/v2\/product"}],"about":[{"href":"https:\/\/landioustravel.com\/it\/wp-json\/wp\/v2\/types\/product"}],"replies":[{"embeddable":true,"href":"https:\/\/landioustravel.com\/it\/wp-json\/wp\/v2\/comments?post=141285"}],"wp:featuredmedia":[{"embeddable":true,"href":"https:\/\/landioustravel.com\/it\/wp-json\/wp\/v2\/media\/100257"}],"wp:attachment":[{"href":"https:\/\/landioustravel.com\/it\/wp-json\/wp\/v2\/media?parent=141285"}],"wp:term":[{"taxonomy":"product_brand","embeddable":true,"href":"https:\/\/landioustravel.com\/it\/wp-json\/wp\/v2\/product_brand?post=141285"},{"taxonomy":"product_cat","embeddable":true,"href":"https:\/\/landioustravel.com\/it\/wp-json\/wp\/v2\/product_cat?post=141285"},{"taxonomy":"product_tag","embeddable":true,"href":"https:\/\/landioustravel.com\/it\/wp-json\/wp\/v2\/product_tag?post=141285"}],"curies":[{"name":"wp","href":"https:\/\/api.w.org\/{rel}","templated":true}]}}