{"id":141347,"date":"2023-01-29T00:44:47","date_gmt":"2023-04-23T22:41:00","guid":{"rendered":"https:\/\/landioustravel.com\/?post_type=product&#038;p=141347"},"modified":"2023-06-14T00:12:42","modified_gmt":"2023-06-13T22:12:42","slug":"viaggio-osservazione-stelle-hurghada","status":"publish","type":"product","link":"https:\/\/landioustravel.com\/it\/shop\/viaggio-osservazione-stelle-hurghada\/","title":{"rendered":"Viaggio di osservazione delle stelle Hurghada"},"content":{"rendered":"<p>Viaggio di osservazione delle stelle Hurghada \u00e8 un&#8217;emozionante attivit\u00e0 Safari in jeep 4 \u00d7 4 a <a href=\"https:\/\/landioustravel.com\/it\/egitto\/citta-egiziane\/governatorato-bahr-ahmar\/citta-hurghada\/\">Hurghada<\/a>, in Egitto! Consigliamo Viaggio di osservazione delle stelle Hurghada perch\u00e9 offre ai turisti un&#8217;opportunit\u00e0 unica di vedere le stelle in una tranquilla atmosfera desertica. Inoltre, il programma Stargazing permette di vedere il deserto e incontrare la cultura beduina. In effetti, include una visita al villaggio beduino, dove avrai pi\u00f9 divertimento, come cavalcare cammelli. \u00c8 un&#8217;esperienza divertente con un&#8217;impressione eterna!<\/p>\n<h2>Momenti salienti del viaggio per osservare le stelle a Hurghada<\/h2>\n<ul>\n<li>A cavallo di cammelli nel deserto.<\/li>\n<li>Successivamente, cena beduina con bevande analcoliche.<\/li>\n<li>Quindi, osservare le stelle tramite i telescopi.<\/li>\n<li>Infine, gustando la cena orientale.<\/li>\n<\/ul>\n<h2>Programma dell&#8217;avventura per osservare le stelle di Hurghada<\/h2>\n<ul>\n<li>Il rappresentante di Landious Travel verr\u00e0 a prendervi all&#8217;hotel di Hurghada alle 15:00 circa.<\/li>\n<li>Dopo aver raccolto tutti i visitatori, il nostro minibus\/bus si dirige verso il deserto, una comunit\u00e0 beduina. La strada per la base dura circa 40 minuti.<\/li>\n<\/ul>\n<h2>Cammello e tenda beduina<\/h2>\n<ul>\n<li>Il viaggio per osservare le stelle inizia con una tappa entusiasmante: Camel Riding. In primo luogo, sar\u00e0 preferibile prepararsi indossando occhiali da sole, arrotolando una sciarpa sulla testa e indossandola. In secondo luogo, ricevi alcune istruzioni e addestramento su come cavalcare i cammelli per un po &#8216;. Successivamente, farai un giro sui cammelli per circa 20 minuti nel mezzo del deserto.<\/li>\n<li>Dopo questo bel giro, puoi guardare il favoloso tramonto in cima a una collina vicina e avere una vista panoramica del deserto.<\/li>\n<li>La nostra prossima tappa sar\u00e0 una tenda beduina. Non appena arrivi nel villaggio beduino, puoi scattare foto con i beduini e divertirti a bere il t\u00e8 beduino.<\/li>\n<li>Il nostro team ti servir\u00e0 una deliziosa cena nella tenda beduina alla luce delle candele. \u00c8 una sensazione cos\u00ec romantica!<\/li>\n<li>Certo, scoprirai come i beduini cuociono il pane nel deserto. Sar\u00e0 cos\u00ec interessante guardarvi.<\/li>\n<\/ul>\n<h2>Osservare le stelle tramite i telescopi<\/h2>\n<ul>\n<li>Inoltre, apprezzerai il punto principale del programma: osservare le stelle attraverso telescopi giganti, il telescopio &#8220;Meade&#8221; diretto dal GPS. Sono i pi\u00f9 professionali in Egitto con la guida del computer. La tua guida ti accompagner\u00e0 nell&#8217;area di questi telescopi. Quindi, amerai cos\u00ec tanto la spiegazione dell&#8217;astronomo e avrai l&#8217;opportunit\u00e0 di osservare le stelle con questi telescopi esperti. Sar\u00e0 cos\u00ec bello finire la serata con questa fantastica attivit\u00e0.<\/li>\n<\/ul>\n<h2>Torna a casa<\/h2>\n<ul>\n<li>Infine, ti prepari per tornare al tuo hotel.<\/li>\n<li>Questo viaggio di osservazione delle stelle a Hurghada termina alle 20:00 circa.<\/li>\n<\/ul>\n<h2>Cosa include il prezzo di un&#8217;escursione per osservare le stelle a Hurghada?<\/h2>\n<ul>\n<li>Pranzo.<\/li>\n<li>Inoltre, trasferimento nel deserto e ritorno in hotel.<\/li>\n<\/ul>\n<h2>Cosa non include il programma di osservazione delle stelle Hurghada?<\/h2>\n<ul>\n<li>Dvd video.<\/li>\n<li>Inoltre, il CD fotografico.<\/li>\n<\/ul>\n<h2>Cosa portare con te per il viaggio?<\/h2>\n<ul>\n<li>Sciarpa.<\/li>\n<li>Inoltre, gli occhiali da sole.<\/li>\n<\/ul>\n<h2>Giorni di prenotazione<\/h2>\n<ul>\n<li>Tutti i giorni dalle 15:00 alle 20:00.<\/li>\n<\/ul>\n","protected":false},"excerpt":{"rendered":"<p>Hai mai fatto un viaggio per osservare le stelle prima? Quella di Hurghada sembra un&#8217;avventura assoluta! Immagina di guardare le stelle attraverso giganteschi telescopi forniti nel deserto. E non \u00e8 tutto! Potrai anche cavalcare un cammello e incontrare i beduini per conoscere la loro cultura. Inoltre, \u00e8 inclusa una cena beduina! Successivamente, vivrai un safari in Jeep mozzafiato attraverso il deserto egiziano e assisterai all&#8217;affascinante tramonto. E la parte migliore? Visiterai un osservatorio e imparerai tutto sulle stelle e sui pianeti. Quanto \u00e8 eccitante? Sarai totalmente immerso nella bellezza del deserto egiziano in questo tour di osservazione delle stelle da Hurghada, con trasferimenti in hotel inclusi. Tutto inizia con un prelievo in Jeep per portarti al punto di partenza del tour e da l\u00ec ti avventurerai nel pittoresco deserto di Hurghada. Vedrai la lontana Via Lattea rappresentata attraverso le stelle e persino alcuni pianeti attraverso un telescopio mentre apprendi interessanti informazioni sullo spazio e sulla scienza delle stelle da un astronomo. Una volta che avrai finito di ammirare le stelle, tornerai al tuo hotel in Jeep.<\/p>\n","protected":false},"featured_media":141357,"comment_status":"open","ping_status":"closed","template":"","meta":{"_coblocks_attr":"","_coblocks_dimensions":"","_coblocks_responsive_height":"","_coblocks_accordion_ie_support":"","_uag_custom_page_level_css":"","jetpack_publicize_message":"","jetpack_publicize_feature_enabled":true,"jetpack_social_post_already_shared":true,"jetpack_social_options":{"image_generator_settings":{"template":"highway","default_image_id":0,"font":"","enabled":false},"version":2},"_wpas_customize_per_network":false},"product_brand":[],"product_cat":[1632,22508,1637,22524],"product_tag":[1644,1661,2178,1681,1680],"class_list":{"0":"post-141347","1":"product","2":"type-product","3":"status-publish","4":"has-post-thumbnail","6":"product_cat-escursioni-hurghada","7":"product_cat-escursioni-economiche-hurghada","8":"product_cat-escursioni-safari-deserto-hurghada","9":"product_cat-tour-jeep-di-hurghada","10":"product_tag-escursione","11":"product_tag-hurghada-it","12":"product_tag-safari-it","13":"product_tag-safari-in-jeep","14":"product_tag-safari-nel-deserto","15":"pa_age-adulto","16":"pa_age-bambino-5-11-anni","18":"first","19":"instock","20":"sale","21":"taxable","22":"shipping-taxable","23":"purchasable","24":"product-type-variable"},"yoast_head":"<!-- This site is optimized with the Yoast SEO Premium plugin v26.9 (Yoast SEO v27.4) - https:\/\/yoast.com\/product\/yoast-seo-premium-wordpress\/ -->\n<title>Viaggio di osservazione delle stelle Hurghada<\/title>\n<meta name=\"description\" content=\"Viaggio di osservazione delle stelle Hurghada includer\u00e0 principalmente una sosta per osservare le stelle dove potrai osservare le stelle attraverso i\" \/>\n<meta name=\"robots\" content=\"index, follow, max-snippet:-1, max-image-preview:large, max-video-preview:-1\" \/>\n<link rel=\"canonical\" href=\"https:\/\/landioustravel.com\/it\/shop\/viaggio-osservazione-stelle-hurghada\/\" \/>\n<meta property=\"og:locale\" content=\"it_IT\" \/>\n<meta property=\"og:type\" content=\"article\" \/>\n<meta property=\"og:title\" content=\"Viaggio di osservazione delle stelle Hurghada\" \/>\n<meta property=\"og:description\" content=\"Landious Travel\" \/>\n<meta property=\"og:url\" content=\"https:\/\/landioustravel.com\/it\/shop\/viaggio-osservazione-stelle-hurghada\/\" \/>\n<meta property=\"og:site_name\" content=\"Landious Travel\" \/>\n<meta property=\"article:publisher\" content=\"https:\/\/web.facebook.com\/landiousEgypt\" \/>\n<meta property=\"article:modified_time\" content=\"2023-06-13T22:12:42+00:00\" \/>\n<meta property=\"og:image\" content=\"https:\/\/i0.wp.com\/landioustravel.com\/wp-content\/uploads\/2023\/01\/Stargazing-Trip-Hurghada-e1674945357951.jpg?fit=1199%2C674&ssl=1\" \/>\n\t<meta property=\"og:image:width\" content=\"1199\" \/>\n\t<meta property=\"og:image:height\" content=\"674\" \/>\n\t<meta property=\"og:image:type\" content=\"image\/jpeg\" \/>\n<meta name=\"twitter:card\" content=\"summary_large_image\" \/>\n<meta name=\"twitter:site\" content=\"@LandiousTours\" \/>\n<meta name=\"twitter:label1\" content=\"Tempo di lettura stimato\" \/>\n\t<meta name=\"twitter:data1\" content=\"3 minuti\" \/>\n<script type=\"application\/ld+json\" class=\"yoast-schema-graph\">{\"@context\":\"https:\\\/\\\/schema.org\",\"@graph\":[{\"@type\":\"WebPage\",\"@id\":\"https:\\\/\\\/landioustravel.com\\\/it\\\/shop\\\/viaggio-osservazione-stelle-hurghada\\\/\",\"url\":\"https:\\\/\\\/landioustravel.com\\\/it\\\/shop\\\/viaggio-osservazione-stelle-hurghada\\\/\",\"name\":\"Viaggio di osservazione delle stelle Hurghada\",\"isPartOf\":{\"@id\":\"https:\\\/\\\/landioustravel.com\\\/it\\\/#website\"},\"primaryImageOfPage\":{\"@id\":\"https:\\\/\\\/landioustravel.com\\\/it\\\/shop\\\/viaggio-osservazione-stelle-hurghada\\\/#primaryimage\"},\"image\":{\"@id\":\"https:\\\/\\\/landioustravel.com\\\/it\\\/shop\\\/viaggio-osservazione-stelle-hurghada\\\/#primaryimage\"},\"thumbnailUrl\":\"https:\\\/\\\/i0.wp.com\\\/landioustravel.com\\\/wp-content\\\/uploads\\\/2023\\\/01\\\/Stargazing-Trip-Hurghada-e1674945357951.jpg?fit=1199%2C674&ssl=1\",\"datePublished\":\"2023-04-23T22:41:00+00:00\",\"dateModified\":\"2023-06-13T22:12:42+00:00\",\"description\":\"Viaggio di osservazione delle stelle Hurghada includer\u00e0 principalmente una sosta per osservare le stelle dove potrai osservare le stelle attraverso i\",\"breadcrumb\":{\"@id\":\"https:\\\/\\\/landioustravel.com\\\/it\\\/shop\\\/viaggio-osservazione-stelle-hurghada\\\/#breadcrumb\"},\"inLanguage\":\"it-IT\",\"potentialAction\":[{\"@type\":\"ReadAction\",\"target\":[\"https:\\\/\\\/landioustravel.com\\\/it\\\/shop\\\/viaggio-osservazione-stelle-hurghada\\\/\"]}]},{\"@type\":\"ImageObject\",\"inLanguage\":\"it-IT\",\"@id\":\"https:\\\/\\\/landioustravel.com\\\/it\\\/shop\\\/viaggio-osservazione-stelle-hurghada\\\/#primaryimage\",\"url\":\"https:\\\/\\\/i0.wp.com\\\/landioustravel.com\\\/wp-content\\\/uploads\\\/2023\\\/01\\\/Stargazing-Trip-Hurghada-e1674945357951.jpg?fit=1199%2C674&ssl=1\",\"contentUrl\":\"https:\\\/\\\/i0.wp.com\\\/landioustravel.com\\\/wp-content\\\/uploads\\\/2023\\\/01\\\/Stargazing-Trip-Hurghada-e1674945357951.jpg?fit=1199%2C674&ssl=1\",\"width\":1199,\"height\":674,\"caption\":\"Stargazing Trip Hurghada\"},{\"@type\":\"BreadcrumbList\",\"@id\":\"https:\\\/\\\/landioustravel.com\\\/it\\\/shop\\\/viaggio-osservazione-stelle-hurghada\\\/#breadcrumb\",\"itemListElement\":[{\"@type\":\"ListItem\",\"position\":1,\"name\":\"Home\",\"item\":\"https:\\\/\\\/landioustravel.com\\\/it\\\/\"},{\"@type\":\"ListItem\",\"position\":2,\"name\":\"Tour in Egitto\",\"item\":\"https:\\\/\\\/landioustravel.com\\\/it\\\/\"},{\"@type\":\"ListItem\",\"position\":3,\"name\":\"Viaggio di osservazione delle stelle Hurghada\"}]},{\"@type\":\"WebSite\",\"@id\":\"https:\\\/\\\/landioustravel.com\\\/it\\\/#website\",\"url\":\"https:\\\/\\\/landioustravel.com\\\/it\\\/\",\"name\":\"Landious Travel\",\"description\":\"Excursions, trips and cruises in Egypt\",\"publisher\":{\"@id\":\"https:\\\/\\\/landioustravel.com\\\/it\\\/#organization\"},\"potentialAction\":[{\"@type\":\"SearchAction\",\"target\":{\"@type\":\"EntryPoint\",\"urlTemplate\":\"https:\\\/\\\/landioustravel.com\\\/it\\\/?s={search_term_string}\"},\"query-input\":{\"@type\":\"PropertyValueSpecification\",\"valueRequired\":true,\"valueName\":\"search_term_string\"}}],\"inLanguage\":\"it-IT\"},{\"@type\":[\"Organization\",\"Place\"],\"@id\":\"https:\\\/\\\/landioustravel.com\\\/it\\\/#organization\",\"name\":\"Landious Travel\",\"alternateName\":\"Landious Travel\",\"url\":\"https:\\\/\\\/landioustravel.com\\\/it\\\/\",\"logo\":{\"@id\":\"https:\\\/\\\/landioustravel.com\\\/it\\\/shop\\\/viaggio-osservazione-stelle-hurghada\\\/#local-main-organization-logo\"},\"image\":{\"@id\":\"https:\\\/\\\/landioustravel.com\\\/it\\\/shop\\\/viaggio-osservazione-stelle-hurghada\\\/#local-main-organization-logo\"},\"sameAs\":[\"https:\\\/\\\/web.facebook.com\\\/landiousEgypt\",\"https:\\\/\\\/x.com\\\/LandiousTours\",\"https:\\\/\\\/mastodon.social\\\/@landious\"],\"legalName\":\"Landious Travel\",\"telephone\":[],\"openingHoursSpecification\":[{\"@type\":\"OpeningHoursSpecification\",\"dayOfWeek\":[\"Monday\",\"Tuesday\",\"Wednesday\",\"Thursday\",\"Friday\",\"Saturday\",\"Sunday\"],\"opens\":\"09:00\",\"closes\":\"17:00\"}]},{\"@type\":\"ImageObject\",\"inLanguage\":\"it-IT\",\"@id\":\"https:\\\/\\\/landioustravel.com\\\/it\\\/shop\\\/viaggio-osservazione-stelle-hurghada\\\/#local-main-organization-logo\",\"url\":\"https:\\\/\\\/i0.wp.com\\\/landioustravel.com\\\/wp-content\\\/uploads\\\/2021\\\/06\\\/Landious-T.png?fit=500%2C500&ssl=1\",\"contentUrl\":\"https:\\\/\\\/i0.wp.com\\\/landioustravel.com\\\/wp-content\\\/uploads\\\/2021\\\/06\\\/Landious-T.png?fit=500%2C500&ssl=1\",\"width\":500,\"height\":500,\"caption\":\"Landious Travel\"}]}<\/script>\n<!-- \/ Yoast SEO Premium plugin. -->","yoast_head_json":{"title":"Viaggio di osservazione delle stelle Hurghada","description":"Viaggio di osservazione delle stelle Hurghada includer\u00e0 principalmente una sosta per osservare le stelle dove potrai osservare le stelle attraverso i","robots":{"index":"index","follow":"follow","max-snippet":"max-snippet:-1","max-image-preview":"max-image-preview:large","max-video-preview":"max-video-preview:-1"},"canonical":"https:\/\/landioustravel.com\/it\/shop\/viaggio-osservazione-stelle-hurghada\/","og_locale":"it_IT","og_type":"article","og_title":"Viaggio di osservazione delle stelle Hurghada","og_description":"Landious Travel","og_url":"https:\/\/landioustravel.com\/it\/shop\/viaggio-osservazione-stelle-hurghada\/","og_site_name":"Landious Travel","article_publisher":"https:\/\/web.facebook.com\/landiousEgypt","article_modified_time":"2023-06-13T22:12:42+00:00","og_image":[{"width":1199,"height":674,"url":"https:\/\/i0.wp.com\/landioustravel.com\/wp-content\/uploads\/2023\/01\/Stargazing-Trip-Hurghada-e1674945357951.jpg?fit=1199%2C674&ssl=1","type":"image\/jpeg"}],"twitter_card":"summary_large_image","twitter_site":"@LandiousTours","twitter_misc":{"Tempo di lettura stimato":"3 minuti"},"schema":{"@context":"https:\/\/schema.org","@graph":[{"@type":"WebPage","@id":"https:\/\/landioustravel.com\/it\/shop\/viaggio-osservazione-stelle-hurghada\/","url":"https:\/\/landioustravel.com\/it\/shop\/viaggio-osservazione-stelle-hurghada\/","name":"Viaggio di osservazione delle stelle Hurghada","isPartOf":{"@id":"https:\/\/landioustravel.com\/it\/#website"},"primaryImageOfPage":{"@id":"https:\/\/landioustravel.com\/it\/shop\/viaggio-osservazione-stelle-hurghada\/#primaryimage"},"image":{"@id":"https:\/\/landioustravel.com\/it\/shop\/viaggio-osservazione-stelle-hurghada\/#primaryimage"},"thumbnailUrl":"https:\/\/i0.wp.com\/landioustravel.com\/wp-content\/uploads\/2023\/01\/Stargazing-Trip-Hurghada-e1674945357951.jpg?fit=1199%2C674&ssl=1","datePublished":"2023-04-23T22:41:00+00:00","dateModified":"2023-06-13T22:12:42+00:00","description":"Viaggio di osservazione delle stelle Hurghada includer\u00e0 principalmente una sosta per osservare le stelle dove potrai osservare le stelle attraverso i","breadcrumb":{"@id":"https:\/\/landioustravel.com\/it\/shop\/viaggio-osservazione-stelle-hurghada\/#breadcrumb"},"inLanguage":"it-IT","potentialAction":[{"@type":"ReadAction","target":["https:\/\/landioustravel.com\/it\/shop\/viaggio-osservazione-stelle-hurghada\/"]}]},{"@type":"ImageObject","inLanguage":"it-IT","@id":"https:\/\/landioustravel.com\/it\/shop\/viaggio-osservazione-stelle-hurghada\/#primaryimage","url":"https:\/\/i0.wp.com\/landioustravel.com\/wp-content\/uploads\/2023\/01\/Stargazing-Trip-Hurghada-e1674945357951.jpg?fit=1199%2C674&ssl=1","contentUrl":"https:\/\/i0.wp.com\/landioustravel.com\/wp-content\/uploads\/2023\/01\/Stargazing-Trip-Hurghada-e1674945357951.jpg?fit=1199%2C674&ssl=1","width":1199,"height":674,"caption":"Stargazing Trip Hurghada"},{"@type":"BreadcrumbList","@id":"https:\/\/landioustravel.com\/it\/shop\/viaggio-osservazione-stelle-hurghada\/#breadcrumb","itemListElement":[{"@type":"ListItem","position":1,"name":"Home","item":"https:\/\/landioustravel.com\/it\/"},{"@type":"ListItem","position":2,"name":"Tour in Egitto","item":"https:\/\/landioustravel.com\/it\/"},{"@type":"ListItem","position":3,"name":"Viaggio di osservazione delle stelle Hurghada"}]},{"@type":"WebSite","@id":"https:\/\/landioustravel.com\/it\/#website","url":"https:\/\/landioustravel.com\/it\/","name":"Landious Travel","description":"Excursions, trips and cruises in Egypt","publisher":{"@id":"https:\/\/landioustravel.com\/it\/#organization"},"potentialAction":[{"@type":"SearchAction","target":{"@type":"EntryPoint","urlTemplate":"https:\/\/landioustravel.com\/it\/?s={search_term_string}"},"query-input":{"@type":"PropertyValueSpecification","valueRequired":true,"valueName":"search_term_string"}}],"inLanguage":"it-IT"},{"@type":["Organization","Place"],"@id":"https:\/\/landioustravel.com\/it\/#organization","name":"Landious Travel","alternateName":"Landious Travel","url":"https:\/\/landioustravel.com\/it\/","logo":{"@id":"https:\/\/landioustravel.com\/it\/shop\/viaggio-osservazione-stelle-hurghada\/#local-main-organization-logo"},"image":{"@id":"https:\/\/landioustravel.com\/it\/shop\/viaggio-osservazione-stelle-hurghada\/#local-main-organization-logo"},"sameAs":["https:\/\/web.facebook.com\/landiousEgypt","https:\/\/x.com\/LandiousTours","https:\/\/mastodon.social\/@landious"],"legalName":"Landious Travel","telephone":[],"openingHoursSpecification":[{"@type":"OpeningHoursSpecification","dayOfWeek":["Monday","Tuesday","Wednesday","Thursday","Friday","Saturday","Sunday"],"opens":"09:00","closes":"17:00"}]},{"@type":"ImageObject","inLanguage":"it-IT","@id":"https:\/\/landioustravel.com\/it\/shop\/viaggio-osservazione-stelle-hurghada\/#local-main-organization-logo","url":"https:\/\/i0.wp.com\/landioustravel.com\/wp-content\/uploads\/2021\/06\/Landious-T.png?fit=500%2C500&ssl=1","contentUrl":"https:\/\/i0.wp.com\/landioustravel.com\/wp-content\/uploads\/2021\/06\/Landious-T.png?fit=500%2C500&ssl=1","width":500,"height":500,"caption":"Landious Travel"}]}},"jetpack_publicize_connections":[],"uagb_featured_image_src":{"full":["https:\/\/i0.wp.com\/landioustravel.com\/wp-content\/uploads\/2023\/01\/Stargazing-Trip-Hurghada-e1674945357951.jpg?fit=1199%2C674&ssl=1",1199,674,false],"thumbnail":["https:\/\/i0.wp.com\/landioustravel.com\/wp-content\/uploads\/2023\/01\/Stargazing-Trip-Hurghada-e1674945357951.jpg?resize=150%2C150&ssl=1",150,150,true],"medium":["https:\/\/i0.wp.com\/landioustravel.com\/wp-content\/uploads\/2023\/01\/Stargazing-Trip-Hurghada-e1674945357951.jpg?fit=300%2C169&ssl=1",300,169,true],"medium_large":["https:\/\/i0.wp.com\/landioustravel.com\/wp-content\/uploads\/2023\/01\/Stargazing-Trip-Hurghada-e1674945357951.jpg?fit=768%2C432&ssl=1",768,432,true],"large":["https:\/\/i0.wp.com\/landioustravel.com\/wp-content\/uploads\/2023\/01\/Stargazing-Trip-Hurghada-e1674945357951.jpg?fit=980%2C551&ssl=1",980,551,true],"1536x1536":["https:\/\/i0.wp.com\/landioustravel.com\/wp-content\/uploads\/2023\/01\/Stargazing-Trip-Hurghada-e1674945357951.jpg?fit=1536%2C853&ssl=1",1536,853,true],"2048x2048":["https:\/\/i0.wp.com\/landioustravel.com\/wp-content\/uploads\/2023\/01\/Stargazing-Trip-Hurghada-e1674945357951.jpg?fit=1199%2C674&ssl=1",1199,674,true],"newspack-article-block-landscape-large":["https:\/\/i0.wp.com\/landioustravel.com\/wp-content\/uploads\/2023\/01\/Stargazing-Trip-Hurghada-e1674945357951.jpg?resize=1199%2C674&ssl=1",1199,674,true],"newspack-article-block-portrait-large":["https:\/\/i0.wp.com\/landioustravel.com\/wp-content\/uploads\/2023\/01\/Stargazing-Trip-Hurghada-e1674945357951.jpg?resize=900%2C674&ssl=1",900,674,true],"newspack-article-block-square-large":["https:\/\/i0.wp.com\/landioustravel.com\/wp-content\/uploads\/2023\/01\/Stargazing-Trip-Hurghada-e1674945357951.jpg?resize=1199%2C674&ssl=1",1199,674,true],"newspack-article-block-landscape-medium":["https:\/\/i0.wp.com\/landioustravel.com\/wp-content\/uploads\/2023\/01\/Stargazing-Trip-Hurghada-e1674945357951.jpg?resize=800%2C600&ssl=1",800,600,true],"newspack-article-block-portrait-medium":["https:\/\/i0.wp.com\/landioustravel.com\/wp-content\/uploads\/2023\/01\/Stargazing-Trip-Hurghada-e1674945357951.jpg?resize=600%2C674&ssl=1",600,674,true],"newspack-article-block-square-medium":["https:\/\/i0.wp.com\/landioustravel.com\/wp-content\/uploads\/2023\/01\/Stargazing-Trip-Hurghada-e1674945357951.jpg?resize=800%2C674&ssl=1",800,674,true],"newspack-article-block-landscape-intermediate":["https:\/\/i0.wp.com\/landioustravel.com\/wp-content\/uploads\/2023\/01\/Stargazing-Trip-Hurghada-e1674945357951.jpg?resize=600%2C450&ssl=1",600,450,true],"newspack-article-block-portrait-intermediate":["https:\/\/i0.wp.com\/landioustravel.com\/wp-content\/uploads\/2023\/01\/Stargazing-Trip-Hurghada-e1674945357951.jpg?resize=450%2C600&ssl=1",450,600,true],"newspack-article-block-square-intermediate":["https:\/\/i0.wp.com\/landioustravel.com\/wp-content\/uploads\/2023\/01\/Stargazing-Trip-Hurghada-e1674945357951.jpg?resize=600%2C600&ssl=1",600,600,true],"newspack-article-block-landscape-small":["https:\/\/i0.wp.com\/landioustravel.com\/wp-content\/uploads\/2023\/01\/Stargazing-Trip-Hurghada-e1674945357951.jpg?resize=400%2C300&ssl=1",400,300,true],"newspack-article-block-portrait-small":["https:\/\/i0.wp.com\/landioustravel.com\/wp-content\/uploads\/2023\/01\/Stargazing-Trip-Hurghada-e1674945357951.jpg?resize=300%2C400&ssl=1",300,400,true],"newspack-article-block-square-small":["https:\/\/i0.wp.com\/landioustravel.com\/wp-content\/uploads\/2023\/01\/Stargazing-Trip-Hurghada-e1674945357951.jpg?resize=400%2C400&ssl=1",400,400,true],"newspack-article-block-landscape-tiny":["https:\/\/i0.wp.com\/landioustravel.com\/wp-content\/uploads\/2023\/01\/Stargazing-Trip-Hurghada-e1674945357951.jpg?resize=200%2C150&ssl=1",200,150,true],"newspack-article-block-portrait-tiny":["https:\/\/i0.wp.com\/landioustravel.com\/wp-content\/uploads\/2023\/01\/Stargazing-Trip-Hurghada-e1674945357951.jpg?resize=150%2C200&ssl=1",150,200,true],"newspack-article-block-square-tiny":["https:\/\/i0.wp.com\/landioustravel.com\/wp-content\/uploads\/2023\/01\/Stargazing-Trip-Hurghada-e1674945357951.jpg?resize=200%2C200&ssl=1",200,200,true],"newspack-article-block-uncropped":["https:\/\/i0.wp.com\/landioustravel.com\/wp-content\/uploads\/2023\/01\/Stargazing-Trip-Hurghada-e1674945357951.jpg?fit=1199%2C674&ssl=1",1199,674,true],"woocommerce_thumbnail":["https:\/\/i0.wp.com\/landioustravel.com\/wp-content\/uploads\/2023\/01\/Stargazing-Trip-Hurghada-e1674945357951.jpg?resize=324%2C324&ssl=1",324,324,true],"woocommerce_single":["https:\/\/i0.wp.com\/landioustravel.com\/wp-content\/uploads\/2023\/01\/Stargazing-Trip-Hurghada-e1674945357951.jpg?fit=416%2C234&ssl=1",416,234,true],"woocommerce_gallery_thumbnail":["https:\/\/i0.wp.com\/landioustravel.com\/wp-content\/uploads\/2023\/01\/Stargazing-Trip-Hurghada-e1674945357951.jpg?resize=100%2C100&ssl=1",100,100,true]},"uagb_author_info":{"display_name":"Mofreh Landious","author_link":"https:\/\/landioustravel.com\/it\/author\/"},"uagb_comment_info":0,"uagb_excerpt":"Hai mai fatto un viaggio per osservare le stelle prima? Quella di Hurghada sembra un'avventura assoluta! Immagina di guardare le stelle attraverso giganteschi telescopi forniti nel deserto. E non \u00e8 tutto! Potrai anche cavalcare un cammello e incontrare i beduini per conoscere la loro cultura. Inoltre, \u00e8 inclusa una cena beduina! Successivamente, vivrai un safari&hellip;","jetpack_sharing_enabled":true,"jetpack_likes_enabled":true,"amp_enabled":true,"_links":{"self":[{"href":"https:\/\/landioustravel.com\/it\/wp-json\/wp\/v2\/product\/141347","targetHints":{"allow":["GET"]}}],"collection":[{"href":"https:\/\/landioustravel.com\/it\/wp-json\/wp\/v2\/product"}],"about":[{"href":"https:\/\/landioustravel.com\/it\/wp-json\/wp\/v2\/types\/product"}],"replies":[{"embeddable":true,"href":"https:\/\/landioustravel.com\/it\/wp-json\/wp\/v2\/comments?post=141347"}],"wp:featuredmedia":[{"embeddable":true,"href":"https:\/\/landioustravel.com\/it\/wp-json\/wp\/v2\/media\/141357"}],"wp:attachment":[{"href":"https:\/\/landioustravel.com\/it\/wp-json\/wp\/v2\/media?parent=141347"}],"wp:term":[{"taxonomy":"product_brand","embeddable":true,"href":"https:\/\/landioustravel.com\/it\/wp-json\/wp\/v2\/product_brand?post=141347"},{"taxonomy":"product_cat","embeddable":true,"href":"https:\/\/landioustravel.com\/it\/wp-json\/wp\/v2\/product_cat?post=141347"},{"taxonomy":"product_tag","embeddable":true,"href":"https:\/\/landioustravel.com\/it\/wp-json\/wp\/v2\/product_tag?post=141347"}],"curies":[{"name":"wp","href":"https:\/\/api.w.org\/{rel}","templated":true}]}}