{"id":141496,"date":"2023-01-06T00:13:17","date_gmt":"2023-04-24T00:49:19","guid":{"rendered":"https:\/\/landioustravel.com\/?post_type=product&#038;p=141496"},"modified":"2023-06-15T01:43:29","modified_gmt":"2023-06-14T23:43:29","slug":"hurghada-quad-privato-bicicletta-gouna","status":"publish","type":"product","link":"https:\/\/landioustravel.com\/it\/shop\/hurghada-quad-privato-bicicletta-gouna\/","title":{"rendered":"Hurghada Quad privato in bicicletta El Gouna"},"content":{"rendered":"<p>Indubbiamente, il quad \u00e8 l&#8217;attivit\u00e0 safari pi\u00f9 popolare a Hurghada! Hurghada Quad privato in bicicletta El Gouna \u00e8 un viaggio privato molto attivo per il quad da El Gouna, in Egitto! Consigliamo l&#8217;escursione perch\u00e9 permetter\u00e0 ai turisti di divertirsi. Consentir\u00e0 di percorrere lunghe distanze in quad nel deserto &#8211; 50 km. Inoltre, permetter\u00e0 di scoprire il deserto di Hurghada e di familiarizzare con la cultura dei beduini. \u00c8 una bella esperienza per un moto-safari di tre ore a Hurghada!<\/p>\n<h2>Punti salienti del quad individuale a Hurghada<\/h2>\n<ul>\n<li>Quad Biking per una distanza di 50 km nel deserto.<\/li>\n<li>A dorso di cammello nel deserto.<\/li>\n<li>Inoltre, bevi il t\u00e8 nella tenda beduina.<\/li>\n<\/ul>\n<h2>Programma di Hurghada Quad privato in bicicletta El Gouna<\/h2>\n<ul>\n<li>Il rappresentante di Landious Travel verr\u00e0 a prenderti dagli hotel di El Gouna alle 08:00 circa.<\/li>\n<li>Dopo aver raccolto tutti i visitatori, il nostro minibus\/Jeep si dirige verso una base di quad verso il deserto. La strada per la stazione quad dura circa 30 minuti.<\/li>\n<li>All&#8217;inizio del quad individuale, sar\u00e0 preferibile prepararsi mettendo una sciarpa in testa, casco e occhiali da sole.<\/li>\n<li>Quindi, c&#8217;\u00e8 l&#8217;istruzione e la formazione per un po&#8217; di tempo.<\/li>\n<li>Successivamente, guidi per 25 km attraverso il deserto fino al villaggio beduino.<\/li>\n<li>Quando arriverai nel villaggio beduino, cavalcherai un cammello e farai foto con i beduini.<\/li>\n<li>Dopo il giro in cammello, la guida ti accompagner\u00e0 alla tenda beduina. L\u00ec, bevi il t\u00e8 e poni alla guida le domande a cui devi rispondere.<\/li>\n<li>Ancora una volta, ti prepari a guidare per 25 km fino alla base. Questo viaggio in un safari in quad dura in genere tre ore.<\/li>\n<li>Al termine dell&#8217;avventura e dell&#8217;attivit\u00e0 piacevole, inizia un briefing con immagini e DVD. Alla fine del viaggio, il tuo istruttore ti offrir\u00e0 alcune foto per memorizzare questi bei momenti &#8211; in seguito, queste immagini ti saranno consegnate a un costo aggiuntivo. Il briefing su DVD durer\u00e0 30 minuti. Il prezzo varia a seconda delle sue dimensioni. Sar\u00e0 qualcosa di opzionale da avere.<\/li>\n<li>Infine, ti riaccompagneremo al tuo hotel.<\/li>\n<li>Questo &#8220;Hurghada Quad privato in bicicletta El Gouna&#8221; termina a mezzogiorno.<\/li>\n<\/ul>\n<h2>Cosa include il prezzo di Hurghada Quad privato in bicicletta El Gouna?<\/h2>\n<ul>\n<li>Trasferimento nel deserto e rientro in hotel.<\/li>\n<li>Cosa non include il programma del Quad privato El Gouna?<\/li>\n<li>Dvd video.<\/li>\n<li>Inoltre, il Photo CD.<\/li>\n<\/ul>\n<h2>Cosa portare per il viaggio in moto-safari di tre ore?<\/h2>\n<ul>\n<li>Sciarpa.<\/li>\n<li>Inoltre, occhiali da sole.<\/li>\n<\/ul>\n<h2>Giorni di prenotazione di Hurghada Quad privato in bicicletta El Gouna<\/h2>\n<ul>\n<li>Tutti i giorni dalle 08:00 alle 12:00.<\/li>\n<\/ul>\n","protected":false},"excerpt":{"rendered":"<p>Il viaggio safari nel deserto &#8220;Individual Quad Biking for three hours from El Gouna&#8221; \u00e8 un must assoluto per chi cerca un&#8217;avventura nel deserto egiziano. Con una distanza di 50 km da percorrere in quad e la possibilit\u00e0 di cavalcare cammelli, questo viaggio \u00e8 una grande opportunit\u00e0 per conoscere le bellezze naturali del deserto e persino incontrare i beduini che lo chiamano casa. La parte migliore? Il prezzo del viaggio include i trasferimenti, rendendola un&#8217;esperienza senza problemi.<\/p>\n<p>I punti salienti di questo tour sono sorprendenti. Preparati per un esilarante giro in quad, esplorando il magnifico deserto e visitando un tradizionale villaggio beduino. Durante il tour di 3 ore, potrai assistere ai panorami mozzafiato del deserto egiziano e persino fermarti per una pausa rilassante per scattare foto memorabili del tour in quad.<\/p>\n<p>La prima tappa di questa avventura \u00e8 alla stazione dei quad, dove avrai la possibilit\u00e0 di provare la guida e apprendere tutti i dettagli importanti del quad prima di intraprendere il tour. Una volta che sei pronto, preparati a conquistare le dune di sabbia e senti l&#8217;adrenalina scorrere nel tuo corpo. La bellezza del deserto ti passer\u00e0 davanti, lasciandoti stupito e meravigliato dalla sua magnificenza.<\/p>\n<p>Dopo circa un&#8217;ora di guida, avrai l&#8217;opportunit\u00e0 di vivere l&#8217;affascinante villaggio beduino. Qui puoi rilassarti, bere il t\u00e8 beduino e conoscere il loro modo di vivere e le tradizioni nel deserto di Hurghada. Non dimenticare di fare un giro sul cammello e assistere al loro incredibile adattamento al duro ambiente del deserto.<\/p>\n<p>Infine, torna indietro attraverso le dune di sabbia e il deserto fino al punto di partenza del Desert Safari El Gouna, dove verrai riaccompagnato al tuo hotel a El Gouna. Questa fantastica avventura nel deserto in quad \u00e8 da non perdere. Prova il brivido del quad nel deserto egiziano e immergiti nella cultura beduina.<\/p>\n","protected":false},"featured_media":134250,"comment_status":"open","ping_status":"closed","template":"","meta":{"_coblocks_attr":"","_coblocks_dimensions":"","_coblocks_responsive_height":"","_coblocks_accordion_ie_support":"","_uag_custom_page_level_css":"","jetpack_publicize_message":"","jetpack_publicize_feature_enabled":true,"jetpack_social_post_already_shared":true,"jetpack_social_options":{"image_generator_settings":{"template":"highway","default_image_id":0,"font":"","enabled":false},"version":2},"_wpas_customize_per_network":false},"product_brand":[],"product_cat":[21073,22525,22501],"product_tag":[1684,1644,2181,2178,1680],"class_list":{"0":"post-141496","1":"product","2":"type-product","3":"status-publish","4":"has-post-thumbnail","6":"product_cat-gouna-escursioni-private","7":"product_cat-tour-quad-di-hurghada","8":"product_cat-tour-safari-privati-gouna","9":"product_tag-el-gouna-it","10":"product_tag-escursione","11":"product_tag-quad-in-sella","12":"product_tag-safari-it","13":"product_tag-safari-nel-deserto","15":"first","16":"instock","17":"sale","18":"taxable","19":"shipping-taxable","20":"purchasable","21":"product-type-variable"},"yoast_head":"<!-- This site is optimized with the Yoast SEO Premium plugin v26.9 (Yoast SEO v27.4) - https:\/\/yoast.com\/product\/yoast-seo-premium-wordpress\/ -->\n<title>Hurghada Quad privato in bicicletta El Gouna<\/title>\n<meta name=\"description\" content=\"Hurghada Quad privato in bicicletta El Gouna godrai un giro in quad per una distanza di 50 km e un giro in cammello! Il viaggio ti consente di\" \/>\n<meta name=\"robots\" content=\"index, follow, max-snippet:-1, max-image-preview:large, max-video-preview:-1\" \/>\n<link rel=\"canonical\" href=\"https:\/\/landioustravel.com\/it\/shop\/hurghada-quad-privato-bicicletta-gouna\/\" \/>\n<meta property=\"og:locale\" content=\"it_IT\" \/>\n<meta property=\"og:type\" content=\"article\" \/>\n<meta property=\"og:title\" content=\"Hurghada Quad privato in bicicletta El Gouna\" \/>\n<meta property=\"og:description\" content=\"Landious Travel\" \/>\n<meta property=\"og:url\" content=\"https:\/\/landioustravel.com\/it\/shop\/hurghada-quad-privato-bicicletta-gouna\/\" \/>\n<meta property=\"og:site_name\" content=\"Landious Travel\" \/>\n<meta property=\"article:publisher\" content=\"https:\/\/web.facebook.com\/landiousEgypt\" \/>\n<meta property=\"article:modified_time\" content=\"2023-06-14T23:43:29+00:00\" \/>\n<meta property=\"og:image\" content=\"https:\/\/i0.wp.com\/landioustravel.com\/wp-content\/uploads\/2023\/01\/Hurghada-Private-Quad-Biking-El-Gouna-e1672956681800.jpg?fit=1200%2C675&ssl=1\" \/>\n\t<meta property=\"og:image:width\" content=\"1200\" \/>\n\t<meta property=\"og:image:height\" content=\"675\" \/>\n\t<meta property=\"og:image:type\" content=\"image\/jpeg\" \/>\n<meta name=\"twitter:card\" content=\"summary_large_image\" \/>\n<meta name=\"twitter:site\" content=\"@LandiousTours\" \/>\n<meta name=\"twitter:label1\" content=\"Tempo di lettura stimato\" \/>\n\t<meta name=\"twitter:data1\" content=\"2 minuti\" \/>\n<script type=\"application\/ld+json\" class=\"yoast-schema-graph\">{\"@context\":\"https:\\\/\\\/schema.org\",\"@graph\":[{\"@type\":\"WebPage\",\"@id\":\"https:\\\/\\\/landioustravel.com\\\/it\\\/shop\\\/hurghada-quad-privato-bicicletta-gouna\\\/\",\"url\":\"https:\\\/\\\/landioustravel.com\\\/it\\\/shop\\\/hurghada-quad-privato-bicicletta-gouna\\\/\",\"name\":\"Hurghada Quad privato in bicicletta El Gouna\",\"isPartOf\":{\"@id\":\"https:\\\/\\\/landioustravel.com\\\/it\\\/#website\"},\"primaryImageOfPage\":{\"@id\":\"https:\\\/\\\/landioustravel.com\\\/it\\\/shop\\\/hurghada-quad-privato-bicicletta-gouna\\\/#primaryimage\"},\"image\":{\"@id\":\"https:\\\/\\\/landioustravel.com\\\/it\\\/shop\\\/hurghada-quad-privato-bicicletta-gouna\\\/#primaryimage\"},\"thumbnailUrl\":\"https:\\\/\\\/i0.wp.com\\\/landioustravel.com\\\/wp-content\\\/uploads\\\/2023\\\/01\\\/Hurghada-Private-Quad-Biking-El-Gouna-e1672956681800.jpg?fit=1200%2C675&ssl=1\",\"datePublished\":\"2023-04-24T00:49:19+00:00\",\"dateModified\":\"2023-06-14T23:43:29+00:00\",\"description\":\"Hurghada Quad privato in bicicletta El Gouna godrai un giro in quad per una distanza di 50 km e un giro in cammello! Il viaggio ti consente di\",\"breadcrumb\":{\"@id\":\"https:\\\/\\\/landioustravel.com\\\/it\\\/shop\\\/hurghada-quad-privato-bicicletta-gouna\\\/#breadcrumb\"},\"inLanguage\":\"it-IT\",\"potentialAction\":[{\"@type\":\"ReadAction\",\"target\":[\"https:\\\/\\\/landioustravel.com\\\/it\\\/shop\\\/hurghada-quad-privato-bicicletta-gouna\\\/\"]}]},{\"@type\":\"ImageObject\",\"inLanguage\":\"it-IT\",\"@id\":\"https:\\\/\\\/landioustravel.com\\\/it\\\/shop\\\/hurghada-quad-privato-bicicletta-gouna\\\/#primaryimage\",\"url\":\"https:\\\/\\\/i0.wp.com\\\/landioustravel.com\\\/wp-content\\\/uploads\\\/2023\\\/01\\\/Hurghada-Private-Quad-Biking-El-Gouna-e1672956681800.jpg?fit=1200%2C675&ssl=1\",\"contentUrl\":\"https:\\\/\\\/i0.wp.com\\\/landioustravel.com\\\/wp-content\\\/uploads\\\/2023\\\/01\\\/Hurghada-Private-Quad-Biking-El-Gouna-e1672956681800.jpg?fit=1200%2C675&ssl=1\",\"width\":1200,\"height\":675,\"caption\":\"Hurghada Private Quad Biking El Gouna\"},{\"@type\":\"BreadcrumbList\",\"@id\":\"https:\\\/\\\/landioustravel.com\\\/it\\\/shop\\\/hurghada-quad-privato-bicicletta-gouna\\\/#breadcrumb\",\"itemListElement\":[{\"@type\":\"ListItem\",\"position\":1,\"name\":\"Home\",\"item\":\"https:\\\/\\\/landioustravel.com\\\/it\\\/\"},{\"@type\":\"ListItem\",\"position\":2,\"name\":\"Tour in Egitto\",\"item\":\"https:\\\/\\\/landioustravel.com\\\/it\\\/\"},{\"@type\":\"ListItem\",\"position\":3,\"name\":\"Hurghada Quad privato in bicicletta El Gouna\"}]},{\"@type\":\"WebSite\",\"@id\":\"https:\\\/\\\/landioustravel.com\\\/it\\\/#website\",\"url\":\"https:\\\/\\\/landioustravel.com\\\/it\\\/\",\"name\":\"Landious Travel\",\"description\":\"Excursions, trips and cruises in Egypt\",\"publisher\":{\"@id\":\"https:\\\/\\\/landioustravel.com\\\/it\\\/#organization\"},\"potentialAction\":[{\"@type\":\"SearchAction\",\"target\":{\"@type\":\"EntryPoint\",\"urlTemplate\":\"https:\\\/\\\/landioustravel.com\\\/it\\\/?s={search_term_string}\"},\"query-input\":{\"@type\":\"PropertyValueSpecification\",\"valueRequired\":true,\"valueName\":\"search_term_string\"}}],\"inLanguage\":\"it-IT\"},{\"@type\":[\"Organization\",\"Place\"],\"@id\":\"https:\\\/\\\/landioustravel.com\\\/it\\\/#organization\",\"name\":\"Landious Travel\",\"alternateName\":\"Landious Travel\",\"url\":\"https:\\\/\\\/landioustravel.com\\\/it\\\/\",\"logo\":{\"@id\":\"https:\\\/\\\/landioustravel.com\\\/it\\\/shop\\\/hurghada-quad-privato-bicicletta-gouna\\\/#local-main-organization-logo\"},\"image\":{\"@id\":\"https:\\\/\\\/landioustravel.com\\\/it\\\/shop\\\/hurghada-quad-privato-bicicletta-gouna\\\/#local-main-organization-logo\"},\"sameAs\":[\"https:\\\/\\\/web.facebook.com\\\/landiousEgypt\",\"https:\\\/\\\/x.com\\\/LandiousTours\",\"https:\\\/\\\/mastodon.social\\\/@landious\"],\"legalName\":\"Landious Travel\",\"telephone\":[],\"openingHoursSpecification\":[{\"@type\":\"OpeningHoursSpecification\",\"dayOfWeek\":[\"Monday\",\"Tuesday\",\"Wednesday\",\"Thursday\",\"Friday\",\"Saturday\",\"Sunday\"],\"opens\":\"09:00\",\"closes\":\"17:00\"}]},{\"@type\":\"ImageObject\",\"inLanguage\":\"it-IT\",\"@id\":\"https:\\\/\\\/landioustravel.com\\\/it\\\/shop\\\/hurghada-quad-privato-bicicletta-gouna\\\/#local-main-organization-logo\",\"url\":\"https:\\\/\\\/i0.wp.com\\\/landioustravel.com\\\/wp-content\\\/uploads\\\/2021\\\/06\\\/Landious-T.png?fit=500%2C500&ssl=1\",\"contentUrl\":\"https:\\\/\\\/i0.wp.com\\\/landioustravel.com\\\/wp-content\\\/uploads\\\/2021\\\/06\\\/Landious-T.png?fit=500%2C500&ssl=1\",\"width\":500,\"height\":500,\"caption\":\"Landious Travel\"}]}<\/script>\n<!-- \/ Yoast SEO Premium plugin. -->","yoast_head_json":{"title":"Hurghada Quad privato in bicicletta El Gouna","description":"Hurghada Quad privato in bicicletta El Gouna godrai un giro in quad per una distanza di 50 km e un giro in cammello! Il viaggio ti consente di","robots":{"index":"index","follow":"follow","max-snippet":"max-snippet:-1","max-image-preview":"max-image-preview:large","max-video-preview":"max-video-preview:-1"},"canonical":"https:\/\/landioustravel.com\/it\/shop\/hurghada-quad-privato-bicicletta-gouna\/","og_locale":"it_IT","og_type":"article","og_title":"Hurghada Quad privato in bicicletta El Gouna","og_description":"Landious Travel","og_url":"https:\/\/landioustravel.com\/it\/shop\/hurghada-quad-privato-bicicletta-gouna\/","og_site_name":"Landious Travel","article_publisher":"https:\/\/web.facebook.com\/landiousEgypt","article_modified_time":"2023-06-14T23:43:29+00:00","og_image":[{"width":1200,"height":675,"url":"https:\/\/i0.wp.com\/landioustravel.com\/wp-content\/uploads\/2023\/01\/Hurghada-Private-Quad-Biking-El-Gouna-e1672956681800.jpg?fit=1200%2C675&ssl=1","type":"image\/jpeg"}],"twitter_card":"summary_large_image","twitter_site":"@LandiousTours","twitter_misc":{"Tempo di lettura stimato":"2 minuti"},"schema":{"@context":"https:\/\/schema.org","@graph":[{"@type":"WebPage","@id":"https:\/\/landioustravel.com\/it\/shop\/hurghada-quad-privato-bicicletta-gouna\/","url":"https:\/\/landioustravel.com\/it\/shop\/hurghada-quad-privato-bicicletta-gouna\/","name":"Hurghada Quad privato in bicicletta El Gouna","isPartOf":{"@id":"https:\/\/landioustravel.com\/it\/#website"},"primaryImageOfPage":{"@id":"https:\/\/landioustravel.com\/it\/shop\/hurghada-quad-privato-bicicletta-gouna\/#primaryimage"},"image":{"@id":"https:\/\/landioustravel.com\/it\/shop\/hurghada-quad-privato-bicicletta-gouna\/#primaryimage"},"thumbnailUrl":"https:\/\/i0.wp.com\/landioustravel.com\/wp-content\/uploads\/2023\/01\/Hurghada-Private-Quad-Biking-El-Gouna-e1672956681800.jpg?fit=1200%2C675&ssl=1","datePublished":"2023-04-24T00:49:19+00:00","dateModified":"2023-06-14T23:43:29+00:00","description":"Hurghada Quad privato in bicicletta El Gouna godrai un giro in quad per una distanza di 50 km e un giro in cammello! Il viaggio ti consente di","breadcrumb":{"@id":"https:\/\/landioustravel.com\/it\/shop\/hurghada-quad-privato-bicicletta-gouna\/#breadcrumb"},"inLanguage":"it-IT","potentialAction":[{"@type":"ReadAction","target":["https:\/\/landioustravel.com\/it\/shop\/hurghada-quad-privato-bicicletta-gouna\/"]}]},{"@type":"ImageObject","inLanguage":"it-IT","@id":"https:\/\/landioustravel.com\/it\/shop\/hurghada-quad-privato-bicicletta-gouna\/#primaryimage","url":"https:\/\/i0.wp.com\/landioustravel.com\/wp-content\/uploads\/2023\/01\/Hurghada-Private-Quad-Biking-El-Gouna-e1672956681800.jpg?fit=1200%2C675&ssl=1","contentUrl":"https:\/\/i0.wp.com\/landioustravel.com\/wp-content\/uploads\/2023\/01\/Hurghada-Private-Quad-Biking-El-Gouna-e1672956681800.jpg?fit=1200%2C675&ssl=1","width":1200,"height":675,"caption":"Hurghada Private Quad Biking El Gouna"},{"@type":"BreadcrumbList","@id":"https:\/\/landioustravel.com\/it\/shop\/hurghada-quad-privato-bicicletta-gouna\/#breadcrumb","itemListElement":[{"@type":"ListItem","position":1,"name":"Home","item":"https:\/\/landioustravel.com\/it\/"},{"@type":"ListItem","position":2,"name":"Tour in Egitto","item":"https:\/\/landioustravel.com\/it\/"},{"@type":"ListItem","position":3,"name":"Hurghada Quad privato in bicicletta El Gouna"}]},{"@type":"WebSite","@id":"https:\/\/landioustravel.com\/it\/#website","url":"https:\/\/landioustravel.com\/it\/","name":"Landious Travel","description":"Excursions, trips and cruises in Egypt","publisher":{"@id":"https:\/\/landioustravel.com\/it\/#organization"},"potentialAction":[{"@type":"SearchAction","target":{"@type":"EntryPoint","urlTemplate":"https:\/\/landioustravel.com\/it\/?s={search_term_string}"},"query-input":{"@type":"PropertyValueSpecification","valueRequired":true,"valueName":"search_term_string"}}],"inLanguage":"it-IT"},{"@type":["Organization","Place"],"@id":"https:\/\/landioustravel.com\/it\/#organization","name":"Landious Travel","alternateName":"Landious Travel","url":"https:\/\/landioustravel.com\/it\/","logo":{"@id":"https:\/\/landioustravel.com\/it\/shop\/hurghada-quad-privato-bicicletta-gouna\/#local-main-organization-logo"},"image":{"@id":"https:\/\/landioustravel.com\/it\/shop\/hurghada-quad-privato-bicicletta-gouna\/#local-main-organization-logo"},"sameAs":["https:\/\/web.facebook.com\/landiousEgypt","https:\/\/x.com\/LandiousTours","https:\/\/mastodon.social\/@landious"],"legalName":"Landious Travel","telephone":[],"openingHoursSpecification":[{"@type":"OpeningHoursSpecification","dayOfWeek":["Monday","Tuesday","Wednesday","Thursday","Friday","Saturday","Sunday"],"opens":"09:00","closes":"17:00"}]},{"@type":"ImageObject","inLanguage":"it-IT","@id":"https:\/\/landioustravel.com\/it\/shop\/hurghada-quad-privato-bicicletta-gouna\/#local-main-organization-logo","url":"https:\/\/i0.wp.com\/landioustravel.com\/wp-content\/uploads\/2021\/06\/Landious-T.png?fit=500%2C500&ssl=1","contentUrl":"https:\/\/i0.wp.com\/landioustravel.com\/wp-content\/uploads\/2021\/06\/Landious-T.png?fit=500%2C500&ssl=1","width":500,"height":500,"caption":"Landious Travel"}]}},"jetpack_publicize_connections":[],"uagb_featured_image_src":{"full":["https:\/\/i0.wp.com\/landioustravel.com\/wp-content\/uploads\/2023\/01\/Hurghada-Private-Quad-Biking-El-Gouna-e1672956681800.jpg?fit=1200%2C675&ssl=1",1200,675,false],"thumbnail":["https:\/\/i0.wp.com\/landioustravel.com\/wp-content\/uploads\/2023\/01\/Hurghada-Private-Quad-Biking-El-Gouna-e1672956681800.jpg?resize=150%2C150&ssl=1",150,150,true],"medium":["https:\/\/i0.wp.com\/landioustravel.com\/wp-content\/uploads\/2023\/01\/Hurghada-Private-Quad-Biking-El-Gouna-e1672956681800.jpg?fit=300%2C169&ssl=1",300,169,true],"medium_large":["https:\/\/i0.wp.com\/landioustravel.com\/wp-content\/uploads\/2023\/01\/Hurghada-Private-Quad-Biking-El-Gouna-e1672956681800.jpg?fit=768%2C432&ssl=1",768,432,true],"large":["https:\/\/i0.wp.com\/landioustravel.com\/wp-content\/uploads\/2023\/01\/Hurghada-Private-Quad-Biking-El-Gouna-e1672956681800.jpg?fit=980%2C551&ssl=1",980,551,true],"1536x1536":["https:\/\/i0.wp.com\/landioustravel.com\/wp-content\/uploads\/2023\/01\/Hurghada-Private-Quad-Biking-El-Gouna-e1672956681800.jpg?fit=1200%2C675&ssl=1",1200,675,true],"2048x2048":["https:\/\/i0.wp.com\/landioustravel.com\/wp-content\/uploads\/2023\/01\/Hurghada-Private-Quad-Biking-El-Gouna-e1672956681800.jpg?fit=1200%2C675&ssl=1",1200,675,true],"newspack-article-block-landscape-large":["https:\/\/i0.wp.com\/landioustravel.com\/wp-content\/uploads\/2023\/01\/Hurghada-Private-Quad-Biking-El-Gouna-e1672956681800.jpg?resize=1200%2C675&ssl=1",1200,675,true],"newspack-article-block-portrait-large":["https:\/\/i0.wp.com\/landioustravel.com\/wp-content\/uploads\/2023\/01\/Hurghada-Private-Quad-Biking-El-Gouna-e1672956681800.jpg?resize=900%2C675&ssl=1",900,675,true],"newspack-article-block-square-large":["https:\/\/i0.wp.com\/landioustravel.com\/wp-content\/uploads\/2023\/01\/Hurghada-Private-Quad-Biking-El-Gouna-e1672956681800.jpg?resize=1200%2C675&ssl=1",1200,675,true],"newspack-article-block-landscape-medium":["https:\/\/i0.wp.com\/landioustravel.com\/wp-content\/uploads\/2023\/01\/Hurghada-Private-Quad-Biking-El-Gouna-e1672956681800.jpg?resize=800%2C600&ssl=1",800,600,true],"newspack-article-block-portrait-medium":["https:\/\/i0.wp.com\/landioustravel.com\/wp-content\/uploads\/2023\/01\/Hurghada-Private-Quad-Biking-El-Gouna-e1672956681800.jpg?resize=600%2C675&ssl=1",600,675,true],"newspack-article-block-square-medium":["https:\/\/i0.wp.com\/landioustravel.com\/wp-content\/uploads\/2023\/01\/Hurghada-Private-Quad-Biking-El-Gouna-e1672956681800.jpg?resize=800%2C675&ssl=1",800,675,true],"newspack-article-block-landscape-intermediate":["https:\/\/i0.wp.com\/landioustravel.com\/wp-content\/uploads\/2023\/01\/Hurghada-Private-Quad-Biking-El-Gouna-e1672956681800.jpg?resize=600%2C450&ssl=1",600,450,true],"newspack-article-block-portrait-intermediate":["https:\/\/i0.wp.com\/landioustravel.com\/wp-content\/uploads\/2023\/01\/Hurghada-Private-Quad-Biking-El-Gouna-e1672956681800.jpg?resize=450%2C600&ssl=1",450,600,true],"newspack-article-block-square-intermediate":["https:\/\/i0.wp.com\/landioustravel.com\/wp-content\/uploads\/2023\/01\/Hurghada-Private-Quad-Biking-El-Gouna-e1672956681800.jpg?resize=600%2C600&ssl=1",600,600,true],"newspack-article-block-landscape-small":["https:\/\/i0.wp.com\/landioustravel.com\/wp-content\/uploads\/2023\/01\/Hurghada-Private-Quad-Biking-El-Gouna-e1672956681800.jpg?resize=400%2C300&ssl=1",400,300,true],"newspack-article-block-portrait-small":["https:\/\/i0.wp.com\/landioustravel.com\/wp-content\/uploads\/2023\/01\/Hurghada-Private-Quad-Biking-El-Gouna-e1672956681800.jpg?resize=300%2C400&ssl=1",300,400,true],"newspack-article-block-square-small":["https:\/\/i0.wp.com\/landioustravel.com\/wp-content\/uploads\/2023\/01\/Hurghada-Private-Quad-Biking-El-Gouna-e1672956681800.jpg?resize=400%2C400&ssl=1",400,400,true],"newspack-article-block-landscape-tiny":["https:\/\/i0.wp.com\/landioustravel.com\/wp-content\/uploads\/2023\/01\/Hurghada-Private-Quad-Biking-El-Gouna-e1672956681800.jpg?resize=200%2C150&ssl=1",200,150,true],"newspack-article-block-portrait-tiny":["https:\/\/i0.wp.com\/landioustravel.com\/wp-content\/uploads\/2023\/01\/Hurghada-Private-Quad-Biking-El-Gouna-e1672956681800.jpg?resize=150%2C200&ssl=1",150,200,true],"newspack-article-block-square-tiny":["https:\/\/i0.wp.com\/landioustravel.com\/wp-content\/uploads\/2023\/01\/Hurghada-Private-Quad-Biking-El-Gouna-e1672956681800.jpg?resize=200%2C200&ssl=1",200,200,true],"newspack-article-block-uncropped":["https:\/\/i0.wp.com\/landioustravel.com\/wp-content\/uploads\/2023\/01\/Hurghada-Private-Quad-Biking-El-Gouna-e1672956681800.jpg?fit=1200%2C675&ssl=1",1200,675,true],"woocommerce_thumbnail":["https:\/\/i0.wp.com\/landioustravel.com\/wp-content\/uploads\/2023\/01\/Hurghada-Private-Quad-Biking-El-Gouna-e1672956681800.jpg?resize=324%2C324&ssl=1",324,324,true],"woocommerce_single":["https:\/\/i0.wp.com\/landioustravel.com\/wp-content\/uploads\/2023\/01\/Hurghada-Private-Quad-Biking-El-Gouna-e1672956681800.jpg?fit=416%2C234&ssl=1",416,234,true],"woocommerce_gallery_thumbnail":["https:\/\/i0.wp.com\/landioustravel.com\/wp-content\/uploads\/2023\/01\/Hurghada-Private-Quad-Biking-El-Gouna-e1672956681800.jpg?resize=100%2C100&ssl=1",100,100,true]},"uagb_author_info":{"display_name":"Mofreh Landious","author_link":"https:\/\/landioustravel.com\/it\/author\/"},"uagb_comment_info":0,"uagb_excerpt":"Il viaggio safari nel deserto \"Individual Quad Biking for three hours from El Gouna\" \u00e8 un must assoluto per chi cerca un'avventura nel deserto egiziano. Con una distanza di 50 km da percorrere in quad e la possibilit\u00e0 di cavalcare cammelli, questo viaggio \u00e8 una grande opportunit\u00e0 per conoscere le bellezze naturali del deserto e&hellip;","jetpack_sharing_enabled":true,"jetpack_likes_enabled":true,"amp_enabled":true,"_links":{"self":[{"href":"https:\/\/landioustravel.com\/it\/wp-json\/wp\/v2\/product\/141496","targetHints":{"allow":["GET"]}}],"collection":[{"href":"https:\/\/landioustravel.com\/it\/wp-json\/wp\/v2\/product"}],"about":[{"href":"https:\/\/landioustravel.com\/it\/wp-json\/wp\/v2\/types\/product"}],"replies":[{"embeddable":true,"href":"https:\/\/landioustravel.com\/it\/wp-json\/wp\/v2\/comments?post=141496"}],"wp:featuredmedia":[{"embeddable":true,"href":"https:\/\/landioustravel.com\/it\/wp-json\/wp\/v2\/media\/134250"}],"wp:attachment":[{"href":"https:\/\/landioustravel.com\/it\/wp-json\/wp\/v2\/media?parent=141496"}],"wp:term":[{"taxonomy":"product_brand","embeddable":true,"href":"https:\/\/landioustravel.com\/it\/wp-json\/wp\/v2\/product_brand?post=141496"},{"taxonomy":"product_cat","embeddable":true,"href":"https:\/\/landioustravel.com\/it\/wp-json\/wp\/v2\/product_cat?post=141496"},{"taxonomy":"product_tag","embeddable":true,"href":"https:\/\/landioustravel.com\/it\/wp-json\/wp\/v2\/product_tag?post=141496"}],"curies":[{"name":"wp","href":"https:\/\/api.w.org\/{rel}","templated":true}]}}