{"id":141508,"date":"2023-01-05T19:46:01","date_gmt":"2023-04-24T00:59:19","guid":{"rendered":"https:\/\/landioustravel.com\/?post_type=product&#038;p=141508"},"modified":"2023-06-15T02:17:47","modified_gmt":"2023-06-15T00:17:47","slug":"motoscafo-casa-delfini-gouna","status":"publish","type":"product","link":"https:\/\/landioustravel.com\/it\/shop\/motoscafo-casa-delfini-gouna\/","title":{"rendered":"Casa dei delfini in motoscafo da el gouna"},"content":{"rendered":"<p>Casa dei delfini in motoscafo da el gouna \u00e8 un fantastico viaggio in motoscafo alla Dolphin Bay da El Gouna, in <a href=\"https:\/\/landioustravel.com\/it\/egitto\/\">Egitto<\/a>! Raccomandiamo il viaggio perch\u00e9 permette ai turisti di divertirsi al mare nuotando con i delfini. Inoltre, consentir\u00e0 di vedere le bellissime barriere coralline e una variet\u00e0 di pesci e godersi un picnic in mare attraverso il Mar Rosso. Ti consigliamo di effettuare i tuoi viaggi individualmente per ottenere tutto ci\u00f2 che \u00e8 doganale per te! Questo viaggio \u00e8 perfetto per le persone a cui non piace stare in barca tutto il giorno o condividerlo con gli altri.<\/p>\n<h2>Punti salienti del motoscafo privato alla casa dei delfini da El Gouna<\/h2>\n<ul>\n<li>Nuota con i delfini in mare aperto.<\/li>\n<li>Inoltre, fai snorkeling in mare aperto.<\/li>\n<\/ul>\n<h2>Programma del viaggio in motoscafo privato<\/h2>\n<ul>\n<li>Il rappresentante di Landious Travel verr\u00e0 a prenderti all&#8217;hotel El Gouna alle 08:00 circa.<\/li>\n<li>Dopo aver raccolto tutti i visitatori, l&#8217;autobus va al porto. La strada per il porto dura circa 10 minuti.<\/li>\n<li>Nel porto troverai il tuo motoscafo. \u00c8 incredibilmente chic! Questo motoscafo ha comodi sedili e ghiacciaie. Non appena sali sul motoscafo, ti prepari per un favoloso picnic attraverso il Mar Rosso.<\/li>\n<li>A tal fine, il motoscafo naviga sul Mar Rosso verso un bellissimo punto della barriera corallina. Successivamente, in questo bellissimo punto di mare, farai una sosta. Certo, puoi nuotare e fare snorkeling con maschere e pinne.<\/li>\n<li>Successivamente, ti fermerai in un altro posto con adorabili creature marine: i delfini. Questa tappa \u00e8 speciale: nuotare con i delfini in mare aperto. Certo, sar\u00e0 a Dolphin Bay, dove i delfini vivono in numero significativo.<\/li>\n<li>Infine, ti riaccompagneremo al tuo hotel.<\/li>\n<li>Questo motoscafo privato per Dolphin Bay da El Gouna termina alle 12:30 circa.<\/li>\n<\/ul>\n<h2>Cosa include il prezzo del motoscafo Dolphin Bay El Gouna?<\/h2>\n<ol>\n<li>Motoscafo privato.<\/li>\n<li>Inoltre, trasferimento al porto e rientro in hotel.<\/li>\n<li>Biglietto d&#8217;ingresso (5 USD a persona)<\/li>\n<\/ol>\n<h2>Cosa non include il programma del motoscafo Dolphin Bay El Gouna?<\/h2>\n<ul>\n<li>Attrezzatura per lo snorkeling<\/li>\n<li>Bevande e snack sul motoscafo<\/li>\n<li>Dvd video.<\/li>\n<li>Inoltre, il Photo CD.<\/li>\n<\/ul>\n<h2>Cosa portare con te per il viaggio?<\/h2>\n<ul>\n<li>Asciugamano.<\/li>\n<li>Inoltre, crema solare.<\/li>\n<\/ul>\n<h2>Giorni di prenotazione di Dolphin House in motoscafo El Gouna<\/h2>\n<ul>\n<li>Tutti i giorni dalle 08:00 alle 12:30.<\/li>\n<\/ul>\n<h2>Gesti utili sulle strutture del motoscafo<\/h2>\n<p>Tutti i nostri motoscafi sono dotati di impianto audio JBL, doccia d&#8217;acqua dolce, tendalino, prendisole, ghiacciaia, prese elettriche e scaletta. I motoscafi, invece, variano in base alla potenza del motore e alla capienza dei posti. Il seguente elenco indica queste variazioni:<\/p>\n<ul>\n<li>140 CV con quattro posti.<\/li>\n<li>140 CV con sei posti.<\/li>\n<li>200 CV con sei posti.<\/li>\n<li>250 CV con otto posti. Questo \u00e8 dotato di servizi igienici.<\/li>\n<li>E ancora, il 500 CV con otto posti.<\/li>\n<\/ul>\n","protected":false},"excerpt":{"rendered":"<p>Sei pronto per un&#8217;avventura indimenticabile a Hurghada? Unisciti a noi per un viaggio privato in motoscafo alla Dolphin House e preparati a rimanere stupito! Verremo a prendervi in hotel alle 8:00 e vi accompagneremo al molo, dove vi attende la nostra barca attrezzata.<\/p>\n<p>Preparati a fare snorkeling in alcuni dei luoghi pi\u00f9 belli del Mar Rosso e nuotare con i delfini nel loro ambiente naturale. La Dolphin House ospita un gran numero di giocosi animali acquatici e, se Madre Natura \u00e8 accomodante, potrai vedere dozzine di delfini che giocano nell&#8217;acqua e nuotano accanto alla tua barca.<\/p>\n<p>Scopri i delfini nel loro habitat naturale, lontano dai vincoli di una piscina artificiale e di un ambiente controllato. Osserva il loro comportamento normale e se scelgono di venire a giocare con te, \u00e8 secondo la loro volont\u00e0. \u00c8 un&#8217;opportunit\u00e0 unica per entrare in contatto con queste incredibili creature allo stato brado.<\/p>\n<p>Il nostro tour in barca ad alta velocit\u00e0 di 4 ore alla Dolphin House on the High Seas di Hurghada \u00e8 una delle attivit\u00e0 pi\u00f9 belle che puoi fare nella zona. Farai un totale di 3 soste in luoghi diversi, dove potrai ammirare i bellissimi coralli e una moltitudine di pesci esotici lontano dalle folle di turisti. A bordo viene servito anche un piccolo pranzo a buffet.<\/p>\n<p>Non perdere l&#8217;occasione di vivere questa fantastica escursione con i delfini con noi su un motoscafo privato a Hurghada. Prenota ora il tuo viaggio e preparati per un&#8217;avventura indimenticabile!<\/p>\n","protected":false},"featured_media":141511,"comment_status":"open","ping_status":"closed","template":"","meta":{"_coblocks_attr":"","_coblocks_dimensions":"","_coblocks_responsive_height":"","_coblocks_accordion_ie_support":"","_uag_custom_page_level_css":"","jetpack_publicize_message":"","jetpack_publicize_feature_enabled":true,"jetpack_social_post_already_shared":true,"jetpack_social_options":{"image_generator_settings":{"template":"highway","default_image_id":0,"font":"","enabled":false},"version":2},"_wpas_customize_per_network":false},"product_brand":[],"product_cat":[21073,22502,23513],"product_tag":[1684,1644,22564,1663,1682],"class_list":{"0":"post-141508","1":"product","2":"type-product","3":"status-publish","4":"has-post-thumbnail","6":"product_cat-gouna-escursioni-private","7":"product_cat-gouna-viaggi-privati-mare","8":"product_cat-viaggi-snorkeling-privati-gouna","9":"product_tag-el-gouna-it","10":"product_tag-escursione","11":"product_tag-mare","12":"product_tag-snorkeling-it","13":"product_tag-viaggi-marittimi","15":"first","16":"instock","17":"sale","18":"taxable","19":"shipping-taxable","20":"purchasable","21":"product-type-variable"},"yoast_head":"<!-- This site is optimized with the Yoast SEO Premium plugin v26.9 (Yoast SEO v27.4) - https:\/\/yoast.com\/product\/yoast-seo-premium-wordpress\/ -->\n<title>Casa dei delfini in motoscafo da el gouna<\/title>\n<meta name=\"description\" content=\"Casa dei delfini in motoscafo da el gouna ti godrai un picnic in mare attraverso il Mar Rosso e una sosta in mare aperto per nuotare e fare snorkeling con\" \/>\n<meta name=\"robots\" content=\"index, follow, max-snippet:-1, max-image-preview:large, max-video-preview:-1\" \/>\n<link rel=\"canonical\" href=\"https:\/\/landioustravel.com\/it\/shop\/motoscafo-casa-delfini-gouna\/\" \/>\n<meta property=\"og:locale\" content=\"it_IT\" \/>\n<meta property=\"og:type\" content=\"article\" \/>\n<meta property=\"og:title\" content=\"Casa dei delfini in motoscafo da el gouna\" \/>\n<meta property=\"og:description\" content=\"Landious Travel\" \/>\n<meta property=\"og:url\" content=\"https:\/\/landioustravel.com\/it\/shop\/motoscafo-casa-delfini-gouna\/\" \/>\n<meta property=\"og:site_name\" content=\"Landious Travel\" \/>\n<meta property=\"article:publisher\" content=\"https:\/\/web.facebook.com\/landiousEgypt\" \/>\n<meta property=\"article:modified_time\" content=\"2023-06-15T00:17:47+00:00\" \/>\n<meta property=\"og:image\" content=\"https:\/\/i0.wp.com\/landioustravel.com\/wp-content\/uploads\/2023\/01\/Dolphin-House-Speedboat-El-Gouna-e1672940609967.jpg?fit=1200%2C675&ssl=1\" \/>\n\t<meta property=\"og:image:width\" content=\"1200\" \/>\n\t<meta property=\"og:image:height\" content=\"675\" \/>\n\t<meta property=\"og:image:type\" content=\"image\/jpeg\" \/>\n<meta name=\"twitter:card\" content=\"summary_large_image\" \/>\n<meta name=\"twitter:site\" content=\"@LandiousTours\" \/>\n<meta name=\"twitter:label1\" content=\"Tempo di lettura stimato\" \/>\n\t<meta name=\"twitter:data1\" content=\"2 minuti\" \/>\n<script type=\"application\/ld+json\" class=\"yoast-schema-graph\">{\"@context\":\"https:\\\/\\\/schema.org\",\"@graph\":[{\"@type\":\"WebPage\",\"@id\":\"https:\\\/\\\/landioustravel.com\\\/it\\\/shop\\\/motoscafo-casa-delfini-gouna\\\/\",\"url\":\"https:\\\/\\\/landioustravel.com\\\/it\\\/shop\\\/motoscafo-casa-delfini-gouna\\\/\",\"name\":\"Casa dei delfini in motoscafo da el gouna\",\"isPartOf\":{\"@id\":\"https:\\\/\\\/landioustravel.com\\\/it\\\/#website\"},\"primaryImageOfPage\":{\"@id\":\"https:\\\/\\\/landioustravel.com\\\/it\\\/shop\\\/motoscafo-casa-delfini-gouna\\\/#primaryimage\"},\"image\":{\"@id\":\"https:\\\/\\\/landioustravel.com\\\/it\\\/shop\\\/motoscafo-casa-delfini-gouna\\\/#primaryimage\"},\"thumbnailUrl\":\"https:\\\/\\\/i0.wp.com\\\/landioustravel.com\\\/wp-content\\\/uploads\\\/2023\\\/01\\\/Dolphin-House-Speedboat-El-Gouna-e1672940609967.jpg?fit=1200%2C675&ssl=1\",\"datePublished\":\"2023-04-24T00:59:19+00:00\",\"dateModified\":\"2023-06-15T00:17:47+00:00\",\"description\":\"Casa dei delfini in motoscafo da el gouna ti godrai un picnic in mare attraverso il Mar Rosso e una sosta in mare aperto per nuotare e fare snorkeling con\",\"breadcrumb\":{\"@id\":\"https:\\\/\\\/landioustravel.com\\\/it\\\/shop\\\/motoscafo-casa-delfini-gouna\\\/#breadcrumb\"},\"inLanguage\":\"it-IT\",\"potentialAction\":[{\"@type\":\"ReadAction\",\"target\":[\"https:\\\/\\\/landioustravel.com\\\/it\\\/shop\\\/motoscafo-casa-delfini-gouna\\\/\"]}]},{\"@type\":\"ImageObject\",\"inLanguage\":\"it-IT\",\"@id\":\"https:\\\/\\\/landioustravel.com\\\/it\\\/shop\\\/motoscafo-casa-delfini-gouna\\\/#primaryimage\",\"url\":\"https:\\\/\\\/i0.wp.com\\\/landioustravel.com\\\/wp-content\\\/uploads\\\/2023\\\/01\\\/Dolphin-House-Speedboat-El-Gouna-e1672940609967.jpg?fit=1200%2C675&ssl=1\",\"contentUrl\":\"https:\\\/\\\/i0.wp.com\\\/landioustravel.com\\\/wp-content\\\/uploads\\\/2023\\\/01\\\/Dolphin-House-Speedboat-El-Gouna-e1672940609967.jpg?fit=1200%2C675&ssl=1\",\"width\":1200,\"height\":675,\"caption\":\"Dolphin House Speedboat El Gouna\"},{\"@type\":\"BreadcrumbList\",\"@id\":\"https:\\\/\\\/landioustravel.com\\\/it\\\/shop\\\/motoscafo-casa-delfini-gouna\\\/#breadcrumb\",\"itemListElement\":[{\"@type\":\"ListItem\",\"position\":1,\"name\":\"Home\",\"item\":\"https:\\\/\\\/landioustravel.com\\\/it\\\/\"},{\"@type\":\"ListItem\",\"position\":2,\"name\":\"Tour in Egitto\",\"item\":\"https:\\\/\\\/landioustravel.com\\\/it\\\/\"},{\"@type\":\"ListItem\",\"position\":3,\"name\":\"Casa dei delfini in motoscafo da el gouna\"}]},{\"@type\":\"WebSite\",\"@id\":\"https:\\\/\\\/landioustravel.com\\\/it\\\/#website\",\"url\":\"https:\\\/\\\/landioustravel.com\\\/it\\\/\",\"name\":\"Landious Travel\",\"description\":\"Excursions, trips and cruises in Egypt\",\"publisher\":{\"@id\":\"https:\\\/\\\/landioustravel.com\\\/it\\\/#organization\"},\"potentialAction\":[{\"@type\":\"SearchAction\",\"target\":{\"@type\":\"EntryPoint\",\"urlTemplate\":\"https:\\\/\\\/landioustravel.com\\\/it\\\/?s={search_term_string}\"},\"query-input\":{\"@type\":\"PropertyValueSpecification\",\"valueRequired\":true,\"valueName\":\"search_term_string\"}}],\"inLanguage\":\"it-IT\"},{\"@type\":[\"Organization\",\"Place\"],\"@id\":\"https:\\\/\\\/landioustravel.com\\\/it\\\/#organization\",\"name\":\"Landious Travel\",\"alternateName\":\"Landious Travel\",\"url\":\"https:\\\/\\\/landioustravel.com\\\/it\\\/\",\"logo\":{\"@id\":\"https:\\\/\\\/landioustravel.com\\\/it\\\/shop\\\/motoscafo-casa-delfini-gouna\\\/#local-main-organization-logo\"},\"image\":{\"@id\":\"https:\\\/\\\/landioustravel.com\\\/it\\\/shop\\\/motoscafo-casa-delfini-gouna\\\/#local-main-organization-logo\"},\"sameAs\":[\"https:\\\/\\\/web.facebook.com\\\/landiousEgypt\",\"https:\\\/\\\/x.com\\\/LandiousTours\",\"https:\\\/\\\/mastodon.social\\\/@landious\"],\"legalName\":\"Landious Travel\",\"telephone\":[],\"openingHoursSpecification\":[{\"@type\":\"OpeningHoursSpecification\",\"dayOfWeek\":[\"Monday\",\"Tuesday\",\"Wednesday\",\"Thursday\",\"Friday\",\"Saturday\",\"Sunday\"],\"opens\":\"09:00\",\"closes\":\"17:00\"}]},{\"@type\":\"ImageObject\",\"inLanguage\":\"it-IT\",\"@id\":\"https:\\\/\\\/landioustravel.com\\\/it\\\/shop\\\/motoscafo-casa-delfini-gouna\\\/#local-main-organization-logo\",\"url\":\"https:\\\/\\\/i0.wp.com\\\/landioustravel.com\\\/wp-content\\\/uploads\\\/2021\\\/06\\\/Landious-T.png?fit=500%2C500&ssl=1\",\"contentUrl\":\"https:\\\/\\\/i0.wp.com\\\/landioustravel.com\\\/wp-content\\\/uploads\\\/2021\\\/06\\\/Landious-T.png?fit=500%2C500&ssl=1\",\"width\":500,\"height\":500,\"caption\":\"Landious Travel\"}]}<\/script>\n<!-- \/ Yoast SEO Premium plugin. -->","yoast_head_json":{"title":"Casa dei delfini in motoscafo da el gouna","description":"Casa dei delfini in motoscafo da el gouna ti godrai un picnic in mare attraverso il Mar Rosso e una sosta in mare aperto per nuotare e fare snorkeling con","robots":{"index":"index","follow":"follow","max-snippet":"max-snippet:-1","max-image-preview":"max-image-preview:large","max-video-preview":"max-video-preview:-1"},"canonical":"https:\/\/landioustravel.com\/it\/shop\/motoscafo-casa-delfini-gouna\/","og_locale":"it_IT","og_type":"article","og_title":"Casa dei delfini in motoscafo da el gouna","og_description":"Landious Travel","og_url":"https:\/\/landioustravel.com\/it\/shop\/motoscafo-casa-delfini-gouna\/","og_site_name":"Landious Travel","article_publisher":"https:\/\/web.facebook.com\/landiousEgypt","article_modified_time":"2023-06-15T00:17:47+00:00","og_image":[{"width":1200,"height":675,"url":"https:\/\/i0.wp.com\/landioustravel.com\/wp-content\/uploads\/2023\/01\/Dolphin-House-Speedboat-El-Gouna-e1672940609967.jpg?fit=1200%2C675&ssl=1","type":"image\/jpeg"}],"twitter_card":"summary_large_image","twitter_site":"@LandiousTours","twitter_misc":{"Tempo di lettura stimato":"2 minuti"},"schema":{"@context":"https:\/\/schema.org","@graph":[{"@type":"WebPage","@id":"https:\/\/landioustravel.com\/it\/shop\/motoscafo-casa-delfini-gouna\/","url":"https:\/\/landioustravel.com\/it\/shop\/motoscafo-casa-delfini-gouna\/","name":"Casa dei delfini in motoscafo da el gouna","isPartOf":{"@id":"https:\/\/landioustravel.com\/it\/#website"},"primaryImageOfPage":{"@id":"https:\/\/landioustravel.com\/it\/shop\/motoscafo-casa-delfini-gouna\/#primaryimage"},"image":{"@id":"https:\/\/landioustravel.com\/it\/shop\/motoscafo-casa-delfini-gouna\/#primaryimage"},"thumbnailUrl":"https:\/\/i0.wp.com\/landioustravel.com\/wp-content\/uploads\/2023\/01\/Dolphin-House-Speedboat-El-Gouna-e1672940609967.jpg?fit=1200%2C675&ssl=1","datePublished":"2023-04-24T00:59:19+00:00","dateModified":"2023-06-15T00:17:47+00:00","description":"Casa dei delfini in motoscafo da el gouna ti godrai un picnic in mare attraverso il Mar Rosso e una sosta in mare aperto per nuotare e fare snorkeling con","breadcrumb":{"@id":"https:\/\/landioustravel.com\/it\/shop\/motoscafo-casa-delfini-gouna\/#breadcrumb"},"inLanguage":"it-IT","potentialAction":[{"@type":"ReadAction","target":["https:\/\/landioustravel.com\/it\/shop\/motoscafo-casa-delfini-gouna\/"]}]},{"@type":"ImageObject","inLanguage":"it-IT","@id":"https:\/\/landioustravel.com\/it\/shop\/motoscafo-casa-delfini-gouna\/#primaryimage","url":"https:\/\/i0.wp.com\/landioustravel.com\/wp-content\/uploads\/2023\/01\/Dolphin-House-Speedboat-El-Gouna-e1672940609967.jpg?fit=1200%2C675&ssl=1","contentUrl":"https:\/\/i0.wp.com\/landioustravel.com\/wp-content\/uploads\/2023\/01\/Dolphin-House-Speedboat-El-Gouna-e1672940609967.jpg?fit=1200%2C675&ssl=1","width":1200,"height":675,"caption":"Dolphin House Speedboat El Gouna"},{"@type":"BreadcrumbList","@id":"https:\/\/landioustravel.com\/it\/shop\/motoscafo-casa-delfini-gouna\/#breadcrumb","itemListElement":[{"@type":"ListItem","position":1,"name":"Home","item":"https:\/\/landioustravel.com\/it\/"},{"@type":"ListItem","position":2,"name":"Tour in Egitto","item":"https:\/\/landioustravel.com\/it\/"},{"@type":"ListItem","position":3,"name":"Casa dei delfini in motoscafo da el gouna"}]},{"@type":"WebSite","@id":"https:\/\/landioustravel.com\/it\/#website","url":"https:\/\/landioustravel.com\/it\/","name":"Landious Travel","description":"Excursions, trips and cruises in Egypt","publisher":{"@id":"https:\/\/landioustravel.com\/it\/#organization"},"potentialAction":[{"@type":"SearchAction","target":{"@type":"EntryPoint","urlTemplate":"https:\/\/landioustravel.com\/it\/?s={search_term_string}"},"query-input":{"@type":"PropertyValueSpecification","valueRequired":true,"valueName":"search_term_string"}}],"inLanguage":"it-IT"},{"@type":["Organization","Place"],"@id":"https:\/\/landioustravel.com\/it\/#organization","name":"Landious Travel","alternateName":"Landious Travel","url":"https:\/\/landioustravel.com\/it\/","logo":{"@id":"https:\/\/landioustravel.com\/it\/shop\/motoscafo-casa-delfini-gouna\/#local-main-organization-logo"},"image":{"@id":"https:\/\/landioustravel.com\/it\/shop\/motoscafo-casa-delfini-gouna\/#local-main-organization-logo"},"sameAs":["https:\/\/web.facebook.com\/landiousEgypt","https:\/\/x.com\/LandiousTours","https:\/\/mastodon.social\/@landious"],"legalName":"Landious Travel","telephone":[],"openingHoursSpecification":[{"@type":"OpeningHoursSpecification","dayOfWeek":["Monday","Tuesday","Wednesday","Thursday","Friday","Saturday","Sunday"],"opens":"09:00","closes":"17:00"}]},{"@type":"ImageObject","inLanguage":"it-IT","@id":"https:\/\/landioustravel.com\/it\/shop\/motoscafo-casa-delfini-gouna\/#local-main-organization-logo","url":"https:\/\/i0.wp.com\/landioustravel.com\/wp-content\/uploads\/2021\/06\/Landious-T.png?fit=500%2C500&ssl=1","contentUrl":"https:\/\/i0.wp.com\/landioustravel.com\/wp-content\/uploads\/2021\/06\/Landious-T.png?fit=500%2C500&ssl=1","width":500,"height":500,"caption":"Landious Travel"}]}},"jetpack_publicize_connections":[],"uagb_featured_image_src":{"full":["https:\/\/i0.wp.com\/landioustravel.com\/wp-content\/uploads\/2023\/01\/Dolphin-House-Speedboat-El-Gouna-e1672940609967.jpg?fit=1200%2C675&ssl=1",1200,675,false],"thumbnail":["https:\/\/i0.wp.com\/landioustravel.com\/wp-content\/uploads\/2023\/01\/Dolphin-House-Speedboat-El-Gouna-e1672940609967.jpg?resize=150%2C150&ssl=1",150,150,true],"medium":["https:\/\/i0.wp.com\/landioustravel.com\/wp-content\/uploads\/2023\/01\/Dolphin-House-Speedboat-El-Gouna-e1672940609967.jpg?fit=300%2C169&ssl=1",300,169,true],"medium_large":["https:\/\/i0.wp.com\/landioustravel.com\/wp-content\/uploads\/2023\/01\/Dolphin-House-Speedboat-El-Gouna-e1672940609967.jpg?fit=768%2C432&ssl=1",768,432,true],"large":["https:\/\/i0.wp.com\/landioustravel.com\/wp-content\/uploads\/2023\/01\/Dolphin-House-Speedboat-El-Gouna-e1672940609967.jpg?fit=980%2C551&ssl=1",980,551,true],"1536x1536":["https:\/\/i0.wp.com\/landioustravel.com\/wp-content\/uploads\/2023\/01\/Dolphin-House-Speedboat-El-Gouna-e1672940609967.jpg?fit=1536%2C745&ssl=1",1536,745,true],"2048x2048":["https:\/\/i0.wp.com\/landioustravel.com\/wp-content\/uploads\/2023\/01\/Dolphin-House-Speedboat-El-Gouna-e1672940609967.jpg?fit=1200%2C675&ssl=1",1200,675,true],"newspack-article-block-landscape-large":["https:\/\/i0.wp.com\/landioustravel.com\/wp-content\/uploads\/2023\/01\/Dolphin-House-Speedboat-El-Gouna-e1672940609967.jpg?resize=1200%2C675&ssl=1",1200,675,true],"newspack-article-block-portrait-large":["https:\/\/i0.wp.com\/landioustravel.com\/wp-content\/uploads\/2023\/01\/Dolphin-House-Speedboat-El-Gouna-e1672940609967.jpg?resize=900%2C675&ssl=1",900,675,true],"newspack-article-block-square-large":["https:\/\/i0.wp.com\/landioustravel.com\/wp-content\/uploads\/2023\/01\/Dolphin-House-Speedboat-El-Gouna-e1672940609967.jpg?resize=1200%2C675&ssl=1",1200,675,true],"newspack-article-block-landscape-medium":["https:\/\/i0.wp.com\/landioustravel.com\/wp-content\/uploads\/2023\/01\/Dolphin-House-Speedboat-El-Gouna-e1672940609967.jpg?resize=800%2C600&ssl=1",800,600,true],"newspack-article-block-portrait-medium":["https:\/\/i0.wp.com\/landioustravel.com\/wp-content\/uploads\/2023\/01\/Dolphin-House-Speedboat-El-Gouna-e1672940609967.jpg?resize=600%2C675&ssl=1",600,675,true],"newspack-article-block-square-medium":["https:\/\/i0.wp.com\/landioustravel.com\/wp-content\/uploads\/2023\/01\/Dolphin-House-Speedboat-El-Gouna-e1672940609967.jpg?resize=800%2C675&ssl=1",800,675,true],"newspack-article-block-landscape-intermediate":["https:\/\/i0.wp.com\/landioustravel.com\/wp-content\/uploads\/2023\/01\/Dolphin-House-Speedboat-El-Gouna-e1672940609967.jpg?resize=600%2C450&ssl=1",600,450,true],"newspack-article-block-portrait-intermediate":["https:\/\/i0.wp.com\/landioustravel.com\/wp-content\/uploads\/2023\/01\/Dolphin-House-Speedboat-El-Gouna-e1672940609967.jpg?resize=450%2C600&ssl=1",450,600,true],"newspack-article-block-square-intermediate":["https:\/\/i0.wp.com\/landioustravel.com\/wp-content\/uploads\/2023\/01\/Dolphin-House-Speedboat-El-Gouna-e1672940609967.jpg?resize=600%2C600&ssl=1",600,600,true],"newspack-article-block-landscape-small":["https:\/\/i0.wp.com\/landioustravel.com\/wp-content\/uploads\/2023\/01\/Dolphin-House-Speedboat-El-Gouna-e1672940609967.jpg?resize=400%2C300&ssl=1",400,300,true],"newspack-article-block-portrait-small":["https:\/\/i0.wp.com\/landioustravel.com\/wp-content\/uploads\/2023\/01\/Dolphin-House-Speedboat-El-Gouna-e1672940609967.jpg?resize=300%2C400&ssl=1",300,400,true],"newspack-article-block-square-small":["https:\/\/i0.wp.com\/landioustravel.com\/wp-content\/uploads\/2023\/01\/Dolphin-House-Speedboat-El-Gouna-e1672940609967.jpg?resize=400%2C400&ssl=1",400,400,true],"newspack-article-block-landscape-tiny":["https:\/\/i0.wp.com\/landioustravel.com\/wp-content\/uploads\/2023\/01\/Dolphin-House-Speedboat-El-Gouna-e1672940609967.jpg?resize=200%2C150&ssl=1",200,150,true],"newspack-article-block-portrait-tiny":["https:\/\/i0.wp.com\/landioustravel.com\/wp-content\/uploads\/2023\/01\/Dolphin-House-Speedboat-El-Gouna-e1672940609967.jpg?resize=150%2C200&ssl=1",150,200,true],"newspack-article-block-square-tiny":["https:\/\/i0.wp.com\/landioustravel.com\/wp-content\/uploads\/2023\/01\/Dolphin-House-Speedboat-El-Gouna-e1672940609967.jpg?resize=200%2C200&ssl=1",200,200,true],"newspack-article-block-uncropped":["https:\/\/i0.wp.com\/landioustravel.com\/wp-content\/uploads\/2023\/01\/Dolphin-House-Speedboat-El-Gouna-e1672940609967.jpg?fit=1200%2C675&ssl=1",1200,675,true],"woocommerce_thumbnail":["https:\/\/i0.wp.com\/landioustravel.com\/wp-content\/uploads\/2023\/01\/Dolphin-House-Speedboat-El-Gouna-e1672940609967.jpg?resize=324%2C324&ssl=1",324,324,true],"woocommerce_single":["https:\/\/i0.wp.com\/landioustravel.com\/wp-content\/uploads\/2023\/01\/Dolphin-House-Speedboat-El-Gouna-e1672940609967.jpg?fit=416%2C234&ssl=1",416,234,true],"woocommerce_gallery_thumbnail":["https:\/\/i0.wp.com\/landioustravel.com\/wp-content\/uploads\/2023\/01\/Dolphin-House-Speedboat-El-Gouna-e1672940609967.jpg?resize=100%2C100&ssl=1",100,100,true]},"uagb_author_info":{"display_name":"Mofreh Landious","author_link":"https:\/\/landioustravel.com\/it\/author\/"},"uagb_comment_info":0,"uagb_excerpt":"Sei pronto per un'avventura indimenticabile a Hurghada? Unisciti a noi per un viaggio privato in motoscafo alla Dolphin House e preparati a rimanere stupito! Verremo a prendervi in hotel alle 8:00 e vi accompagneremo al molo, dove vi attende la nostra barca attrezzata. Preparati a fare snorkeling in alcuni dei luoghi pi\u00f9 belli del Mar&hellip;","jetpack_sharing_enabled":true,"jetpack_likes_enabled":true,"amp_enabled":true,"_links":{"self":[{"href":"https:\/\/landioustravel.com\/it\/wp-json\/wp\/v2\/product\/141508","targetHints":{"allow":["GET"]}}],"collection":[{"href":"https:\/\/landioustravel.com\/it\/wp-json\/wp\/v2\/product"}],"about":[{"href":"https:\/\/landioustravel.com\/it\/wp-json\/wp\/v2\/types\/product"}],"replies":[{"embeddable":true,"href":"https:\/\/landioustravel.com\/it\/wp-json\/wp\/v2\/comments?post=141508"}],"wp:featuredmedia":[{"embeddable":true,"href":"https:\/\/landioustravel.com\/it\/wp-json\/wp\/v2\/media\/141511"}],"wp:attachment":[{"href":"https:\/\/landioustravel.com\/it\/wp-json\/wp\/v2\/media?parent=141508"}],"wp:term":[{"taxonomy":"product_brand","embeddable":true,"href":"https:\/\/landioustravel.com\/it\/wp-json\/wp\/v2\/product_brand?post=141508"},{"taxonomy":"product_cat","embeddable":true,"href":"https:\/\/landioustravel.com\/it\/wp-json\/wp\/v2\/product_cat?post=141508"},{"taxonomy":"product_tag","embeddable":true,"href":"https:\/\/landioustravel.com\/it\/wp-json\/wp\/v2\/product_tag?post=141508"}],"curies":[{"name":"wp","href":"https:\/\/api.w.org\/{rel}","templated":true}]}}