{"id":141547,"date":"2023-01-04T03:42:13","date_gmt":"2023-04-24T01:30:53","guid":{"rendered":"https:\/\/landioustravel.com\/?post_type=product&#038;p=141547"},"modified":"2023-06-15T14:26:35","modified_gmt":"2023-06-15T12:26:35","slug":"tour-oasi-bahariya-gouna","status":"publish","type":"product","link":"https:\/\/landioustravel.com\/it\/shop\/tour-oasi-bahariya-gouna\/","title":{"rendered":"Tour dell&#8217;oasi di Bahariya El Gouna"},"content":{"rendered":"<p>Tour dell&#8217;oasi di Bahariya El Gouna \u00e8 un bellissimo tour di due giorni all&#8217;oasi di Bahariya da El Gouna, in Egitto! Siamo lieti di consigliare questa gita di un giorno, poich\u00e9 consente ai turisti di vedere i luoghi e i monumenti pi\u00f9 fantastici di questa oasi. Infatti, permetter\u00e0 di godere della natura del deserto con i suoi panorami impervi; e gli antichi monumenti egizi. Questo viaggio include molte attivit\u00e0 come safari nel deserto, visite turistiche e campeggio. Sar\u00e0 un&#8217;esperienza indimenticabile e un&#8217;emozionante avventura in Egitto!<\/p>\n<h2>Momenti salienti del tour dell&#8217;oasi di Bahariya da El Gouna<\/h2>\n<ul>\n<li>Visita l&#8217;oasi di Bahariya.<\/li>\n<li>Visita il Deserto Nero e la sorgente termale naturale di El Haize.<\/li>\n<li>Pranzo.<\/li>\n<li>Montagna di Cristallo.<\/li>\n<li>Valle dell&#8217;Agabat.<\/li>\n<li>Parco Nazionale del Deserto Bianco.<\/li>\n<li>Campeggio nel deserto bianco.<\/li>\n<li>Inoltre, lo showroom della mummia d&#8217;oro e le tombe dei nobili.<\/li>\n<\/ul>\n<h2>Programma di Escursione Privata all&#8217;Oasi di Baharyia<\/h2>\n<ul>\n<li>Il rappresentante di Landious Travel verr\u00e0 a prenderti dall&#8217;hotel (a El Gouna) intorno alle 02:00.<\/li>\n<li>Una volta scelto ogni angolo, un veicolo privato (limousine o minibus) parte per l&#8217;oasi di Bahariya. Il tragitto dal centro di El Gouna a Baharyia dura circa 7 ore.<\/li>\n<\/ul>\n<h2>Programma del primo giorno nell&#8217;Oasi di Baharyia<\/h2>\n<ul>\n<li>Non appena arriverai all&#8217;Oasi di Bahariya, pranzerai. Quindi, visiti il Deserto Nero e la sorgente termale naturale di El Haize, che chiamiamo anche Oasi di San Giorgio. Successivamente, guidi verso Crystal Mountain e le formazioni rocciose nella Valle di Agabat.<\/li>\n<li>Il viaggio verso l&#8217;Oasi di Bahariya continua. Inoltre, ti dirigerai verso il White Desert National Park, la destinazione desertica pi\u00f9 famosa dell&#8217;Egitto. Sorprendentemente, il numero di bellissime formazioni rocciose scolpite dal vento a forma di funghi giganti o ciottoli \u00e8 qualcosa di importante rispetto a qualsiasi deserto del mondo.<\/li>\n<li>Quando sar\u00e0 sera, vi accamperete nel deserto bianco, oppure passeremo la notte all&#8217;hotel oasi di Farafra. Sicuramente dipender\u00e0 dalla disponibilit\u00e0.<\/li>\n<\/ul>\n<h3>Programma della seconda giornata nell&#8217;oasi di Baharyia<\/h3>\n<ul>\n<li>Il secondo giorno del tour all&#8217;Oasi di Bahariya inizia con la colazione. Quindi, andrai allo showroom della mummia d&#8217;oro. Successivamente, ti godrai una visita alle Tombe nobili, un&#8217;enorme sepoltura nell&#8217;oasi di Bahariya, che risale alla 26a dinastia.<\/li>\n<li>La prossima tappa sar\u00e0 in cima alla Black Mountain. In effetti, ti divertirai cos\u00ec tanto a scalare questa montagna!<\/li>\n<li>Dopo tutte queste avventure e divertimento, ti godrai il pranzo prima di salutare questo posto speciale.<\/li>\n<\/ul>\n<h3>Partenza<\/h3>\n<ul>\n<li>Infine, dopo il programma White and Black Deserts, tornerai negli hotel.<\/li>\n<li>Questo tour dell&#8217;oasi di Bahariya da El Gouna termina alle 23:00 del secondo giorno.<\/li>\n<\/ul>\n<h2>Cosa include il prezzo del tour dell&#8217;oasi di Bahariya da El Gouna?<\/h2>\n<ol>\n<li>Biglietti per visitare i templi.<\/li>\n<li>Bevande.<\/li>\n<li>Guida privata.<\/li>\n<li>Inoltre, il prezzo include veicoli privati con aria condizionata.<\/li>\n<li>Trasferimento in veicolo 4\u00d74 privato ai Deserti Bianco e Nero.<\/li>\n<li>Inoltre, include l&#8217;alloggio per una notte nel deserto (campeggio).<\/li>\n<li>Inoltre, gli escursionisti riceveranno una colazione, due pranzi e una cena.<\/li>\n<\/ol>\n<h2>Cosa non include il programma deltour dell&#8217;oasi di Bahariya da El Gouna?<\/h2>\n<ul>\n<li>Mance<\/li>\n<li>Programmi aggiuntivi se non inclusi nel programma di cui sopra.<\/li>\n<\/ul>\n<h2>COSA PORTARE CON TE PER IL VIAGGIO?<\/h2>\n<ol>\n<li>Passaporto.<\/li>\n<li>Occhiali da sole.<\/li>\n<li>Inoltre, porta con te vestiti per la stagione.<\/li>\n<\/ol>\n<h2>Giorni di prenotazione del tour dell&#8217;oasi di Bahariya da El Gouna<\/h2>\n<ul>\n<li>Tutti i giorni dalle 08:00 alle 16:00 secondo giorno.<\/li>\n<\/ul>\n","protected":false},"excerpt":{"rendered":"<p>Parti per un&#8217;emozionante escursione di 2 giorni nell&#8217;incantevole deserto bianco e nell&#8217;oasi di Bahariya da El Gouna! Immergiti nell&#8217;affascinante bellezza del deserto egiziano, dove la natura incontaminata e la ricca storia si uniscono per creare un&#8217;avventura indimenticabile. Preparati ad esplorare il deserto bianco e nero, la sorgente termale naturale di El Haize, la montagna di cristallo, la valle di Agabat, il parco nazionale del deserto bianco, lo showroom della mummia d&#8217;oro e le tombe dei nobili. Questo emozionante tour \u00e8 la tua occasione per assistere alle maestose meraviglie del deserto e concederti cibi e bevande appetitosi. Quindi, fai le valigie e preparati a vivere l&#8217;emozione di una vita!<\/p>\n","protected":false},"featured_media":133924,"comment_status":"open","ping_status":"closed","template":"","meta":{"_coblocks_attr":"","_coblocks_dimensions":"","_coblocks_responsive_height":"","_coblocks_accordion_ie_support":"","_uag_custom_page_level_css":"","jetpack_post_was_ever_published":false,"jetpack_publicize_message":"","jetpack_publicize_feature_enabled":true,"jetpack_social_post_already_shared":true,"jetpack_social_options":{"image_generator_settings":{"template":"highway","default_image_id":0,"font":"","enabled":false},"version":2},"_wpas_customize_per_network":false},"product_brand":[],"product_cat":[21073,22501],"product_tag":[1684,1644,2178,1681,1680,9910],"class_list":{"0":"post-141547","1":"product","2":"type-product","3":"status-publish","4":"has-post-thumbnail","6":"product_cat-gouna-escursioni-private","7":"product_cat-tour-safari-privati-gouna","8":"product_tag-el-gouna-it","9":"product_tag-escursione","10":"product_tag-safari-it","11":"product_tag-safari-in-jeep","12":"product_tag-safari-nel-deserto","13":"product_tag-visita-turistica","15":"first","16":"instock","17":"sale","18":"taxable","19":"shipping-taxable","20":"purchasable","21":"product-type-variable"},"yoast_head":"<!-- This site is optimized with the Yoast SEO Premium plugin v26.9 (Yoast SEO v27.3) - https:\/\/yoast.com\/product\/yoast-seo-premium-wordpress\/ -->\n<title>Tour dell&#039;oasi di Bahariya El Gouna<\/title>\n<meta name=\"description\" content=\"Tour dell&#039;oasi di Bahariya El Gouna \u00e8 un&#039;esperienza unica! Permetter\u00e0 ai partecipanti di sperimentare e godere della natura del deserto e ammirare i siti\" \/>\n<meta name=\"robots\" content=\"index, follow, max-snippet:-1, max-image-preview:large, max-video-preview:-1\" \/>\n<link rel=\"canonical\" href=\"https:\/\/landioustravel.com\/it\/shop\/tour-oasi-bahariya-gouna\/\" \/>\n<meta property=\"og:locale\" content=\"it_IT\" \/>\n<meta property=\"og:type\" content=\"article\" \/>\n<meta property=\"og:title\" content=\"Tour dell&#039;oasi di Bahariya El Gouna\" \/>\n<meta property=\"og:description\" content=\"Landious Travel\" \/>\n<meta property=\"og:url\" content=\"https:\/\/landioustravel.com\/it\/shop\/tour-oasi-bahariya-gouna\/\" \/>\n<meta property=\"og:site_name\" content=\"Landious Travel\" \/>\n<meta property=\"article:publisher\" content=\"https:\/\/web.facebook.com\/landiousEgypt\" \/>\n<meta property=\"article:modified_time\" content=\"2023-06-15T12:26:35+00:00\" \/>\n<meta property=\"og:image\" content=\"https:\/\/i0.wp.com\/landioustravel.com\/wp-content\/uploads\/2023\/01\/Bahariya-Oasis-Tour-El-Gouna-e1672795975320.jpg?fit=1200%2C675&ssl=1\" \/>\n\t<meta property=\"og:image:width\" content=\"1200\" \/>\n\t<meta property=\"og:image:height\" content=\"675\" \/>\n\t<meta property=\"og:image:type\" content=\"image\/jpeg\" \/>\n<meta name=\"twitter:card\" content=\"summary_large_image\" \/>\n<meta name=\"twitter:site\" content=\"@LandiousTours\" \/>\n<meta name=\"twitter:label1\" content=\"Tempo di lettura stimato\" \/>\n\t<meta name=\"twitter:data1\" content=\"3 minuti\" \/>\n<script type=\"application\/ld+json\" class=\"yoast-schema-graph\">{\"@context\":\"https:\\\/\\\/schema.org\",\"@graph\":[{\"@type\":\"WebPage\",\"@id\":\"https:\\\/\\\/landioustravel.com\\\/it\\\/shop\\\/tour-oasi-bahariya-gouna\\\/\",\"url\":\"https:\\\/\\\/landioustravel.com\\\/it\\\/shop\\\/tour-oasi-bahariya-gouna\\\/\",\"name\":\"Tour dell'oasi di Bahariya El Gouna\",\"isPartOf\":{\"@id\":\"https:\\\/\\\/landioustravel.com\\\/it\\\/#website\"},\"primaryImageOfPage\":{\"@id\":\"https:\\\/\\\/landioustravel.com\\\/it\\\/shop\\\/tour-oasi-bahariya-gouna\\\/#primaryimage\"},\"image\":{\"@id\":\"https:\\\/\\\/landioustravel.com\\\/it\\\/shop\\\/tour-oasi-bahariya-gouna\\\/#primaryimage\"},\"thumbnailUrl\":\"https:\\\/\\\/i0.wp.com\\\/landioustravel.com\\\/wp-content\\\/uploads\\\/2023\\\/01\\\/Bahariya-Oasis-Tour-El-Gouna-e1672795975320.jpg?fit=1200%2C675&ssl=1\",\"datePublished\":\"2023-04-24T01:30:53+00:00\",\"dateModified\":\"2023-06-15T12:26:35+00:00\",\"description\":\"Tour dell'oasi di Bahariya El Gouna \u00e8 un'esperienza unica! Permetter\u00e0 ai partecipanti di sperimentare e godere della natura del deserto e ammirare i siti\",\"breadcrumb\":{\"@id\":\"https:\\\/\\\/landioustravel.com\\\/it\\\/shop\\\/tour-oasi-bahariya-gouna\\\/#breadcrumb\"},\"inLanguage\":\"it-IT\",\"potentialAction\":[{\"@type\":\"ReadAction\",\"target\":[\"https:\\\/\\\/landioustravel.com\\\/it\\\/shop\\\/tour-oasi-bahariya-gouna\\\/\"]}]},{\"@type\":\"ImageObject\",\"inLanguage\":\"it-IT\",\"@id\":\"https:\\\/\\\/landioustravel.com\\\/it\\\/shop\\\/tour-oasi-bahariya-gouna\\\/#primaryimage\",\"url\":\"https:\\\/\\\/i0.wp.com\\\/landioustravel.com\\\/wp-content\\\/uploads\\\/2023\\\/01\\\/Bahariya-Oasis-Tour-El-Gouna-e1672795975320.jpg?fit=1200%2C675&ssl=1\",\"contentUrl\":\"https:\\\/\\\/i0.wp.com\\\/landioustravel.com\\\/wp-content\\\/uploads\\\/2023\\\/01\\\/Bahariya-Oasis-Tour-El-Gouna-e1672795975320.jpg?fit=1200%2C675&ssl=1\",\"width\":1200,\"height\":675,\"caption\":\"Bahariya Oasis Tour El Gouna\"},{\"@type\":\"BreadcrumbList\",\"@id\":\"https:\\\/\\\/landioustravel.com\\\/it\\\/shop\\\/tour-oasi-bahariya-gouna\\\/#breadcrumb\",\"itemListElement\":[{\"@type\":\"ListItem\",\"position\":1,\"name\":\"Home\",\"item\":\"https:\\\/\\\/landioustravel.com\\\/it\\\/\"},{\"@type\":\"ListItem\",\"position\":2,\"name\":\"Tour in Egitto\",\"item\":\"https:\\\/\\\/landioustravel.com\\\/it\\\/\"},{\"@type\":\"ListItem\",\"position\":3,\"name\":\"Tour dell&#8217;oasi di Bahariya El Gouna\"}]},{\"@type\":\"WebSite\",\"@id\":\"https:\\\/\\\/landioustravel.com\\\/it\\\/#website\",\"url\":\"https:\\\/\\\/landioustravel.com\\\/it\\\/\",\"name\":\"Landious Travel\",\"description\":\"Excursions, trips and cruises in Egypt\",\"publisher\":{\"@id\":\"https:\\\/\\\/landioustravel.com\\\/it\\\/#organization\"},\"potentialAction\":[{\"@type\":\"SearchAction\",\"target\":{\"@type\":\"EntryPoint\",\"urlTemplate\":\"https:\\\/\\\/landioustravel.com\\\/it\\\/?s={search_term_string}\"},\"query-input\":{\"@type\":\"PropertyValueSpecification\",\"valueRequired\":true,\"valueName\":\"search_term_string\"}}],\"inLanguage\":\"it-IT\"},{\"@type\":[\"Organization\",\"Place\"],\"@id\":\"https:\\\/\\\/landioustravel.com\\\/it\\\/#organization\",\"name\":\"Landious Travel\",\"alternateName\":\"Landious Travel\",\"url\":\"https:\\\/\\\/landioustravel.com\\\/it\\\/\",\"logo\":{\"@id\":\"https:\\\/\\\/landioustravel.com\\\/it\\\/shop\\\/tour-oasi-bahariya-gouna\\\/#local-main-organization-logo\"},\"image\":{\"@id\":\"https:\\\/\\\/landioustravel.com\\\/it\\\/shop\\\/tour-oasi-bahariya-gouna\\\/#local-main-organization-logo\"},\"sameAs\":[\"https:\\\/\\\/web.facebook.com\\\/landiousEgypt\",\"https:\\\/\\\/x.com\\\/LandiousTours\",\"https:\\\/\\\/mastodon.social\\\/@landious\"],\"legalName\":\"Landious Travel\",\"telephone\":[],\"openingHoursSpecification\":[{\"@type\":\"OpeningHoursSpecification\",\"dayOfWeek\":[\"Monday\",\"Tuesday\",\"Wednesday\",\"Thursday\",\"Friday\",\"Saturday\",\"Sunday\"],\"opens\":\"09:00\",\"closes\":\"17:00\"}]},{\"@type\":\"ImageObject\",\"inLanguage\":\"it-IT\",\"@id\":\"https:\\\/\\\/landioustravel.com\\\/it\\\/shop\\\/tour-oasi-bahariya-gouna\\\/#local-main-organization-logo\",\"url\":\"https:\\\/\\\/i0.wp.com\\\/landioustravel.com\\\/wp-content\\\/uploads\\\/2021\\\/06\\\/Landious-T.png?fit=500%2C500&ssl=1\",\"contentUrl\":\"https:\\\/\\\/i0.wp.com\\\/landioustravel.com\\\/wp-content\\\/uploads\\\/2021\\\/06\\\/Landious-T.png?fit=500%2C500&ssl=1\",\"width\":500,\"height\":500,\"caption\":\"Landious Travel\"}]}<\/script>\n<!-- \/ Yoast SEO Premium plugin. -->","yoast_head_json":{"title":"Tour dell'oasi di Bahariya El Gouna","description":"Tour dell'oasi di Bahariya El Gouna \u00e8 un'esperienza unica! Permetter\u00e0 ai partecipanti di sperimentare e godere della natura del deserto e ammirare i siti","robots":{"index":"index","follow":"follow","max-snippet":"max-snippet:-1","max-image-preview":"max-image-preview:large","max-video-preview":"max-video-preview:-1"},"canonical":"https:\/\/landioustravel.com\/it\/shop\/tour-oasi-bahariya-gouna\/","og_locale":"it_IT","og_type":"article","og_title":"Tour dell'oasi di Bahariya El Gouna","og_description":"Landious Travel","og_url":"https:\/\/landioustravel.com\/it\/shop\/tour-oasi-bahariya-gouna\/","og_site_name":"Landious Travel","article_publisher":"https:\/\/web.facebook.com\/landiousEgypt","article_modified_time":"2023-06-15T12:26:35+00:00","og_image":[{"width":1200,"height":675,"url":"https:\/\/i0.wp.com\/landioustravel.com\/wp-content\/uploads\/2023\/01\/Bahariya-Oasis-Tour-El-Gouna-e1672795975320.jpg?fit=1200%2C675&ssl=1","type":"image\/jpeg"}],"twitter_card":"summary_large_image","twitter_site":"@LandiousTours","twitter_misc":{"Tempo di lettura stimato":"3 minuti"},"schema":{"@context":"https:\/\/schema.org","@graph":[{"@type":"WebPage","@id":"https:\/\/landioustravel.com\/it\/shop\/tour-oasi-bahariya-gouna\/","url":"https:\/\/landioustravel.com\/it\/shop\/tour-oasi-bahariya-gouna\/","name":"Tour dell'oasi di Bahariya El Gouna","isPartOf":{"@id":"https:\/\/landioustravel.com\/it\/#website"},"primaryImageOfPage":{"@id":"https:\/\/landioustravel.com\/it\/shop\/tour-oasi-bahariya-gouna\/#primaryimage"},"image":{"@id":"https:\/\/landioustravel.com\/it\/shop\/tour-oasi-bahariya-gouna\/#primaryimage"},"thumbnailUrl":"https:\/\/i0.wp.com\/landioustravel.com\/wp-content\/uploads\/2023\/01\/Bahariya-Oasis-Tour-El-Gouna-e1672795975320.jpg?fit=1200%2C675&ssl=1","datePublished":"2023-04-24T01:30:53+00:00","dateModified":"2023-06-15T12:26:35+00:00","description":"Tour dell'oasi di Bahariya El Gouna \u00e8 un'esperienza unica! Permetter\u00e0 ai partecipanti di sperimentare e godere della natura del deserto e ammirare i siti","breadcrumb":{"@id":"https:\/\/landioustravel.com\/it\/shop\/tour-oasi-bahariya-gouna\/#breadcrumb"},"inLanguage":"it-IT","potentialAction":[{"@type":"ReadAction","target":["https:\/\/landioustravel.com\/it\/shop\/tour-oasi-bahariya-gouna\/"]}]},{"@type":"ImageObject","inLanguage":"it-IT","@id":"https:\/\/landioustravel.com\/it\/shop\/tour-oasi-bahariya-gouna\/#primaryimage","url":"https:\/\/i0.wp.com\/landioustravel.com\/wp-content\/uploads\/2023\/01\/Bahariya-Oasis-Tour-El-Gouna-e1672795975320.jpg?fit=1200%2C675&ssl=1","contentUrl":"https:\/\/i0.wp.com\/landioustravel.com\/wp-content\/uploads\/2023\/01\/Bahariya-Oasis-Tour-El-Gouna-e1672795975320.jpg?fit=1200%2C675&ssl=1","width":1200,"height":675,"caption":"Bahariya Oasis Tour El Gouna"},{"@type":"BreadcrumbList","@id":"https:\/\/landioustravel.com\/it\/shop\/tour-oasi-bahariya-gouna\/#breadcrumb","itemListElement":[{"@type":"ListItem","position":1,"name":"Home","item":"https:\/\/landioustravel.com\/it\/"},{"@type":"ListItem","position":2,"name":"Tour in Egitto","item":"https:\/\/landioustravel.com\/it\/"},{"@type":"ListItem","position":3,"name":"Tour dell&#8217;oasi di Bahariya El Gouna"}]},{"@type":"WebSite","@id":"https:\/\/landioustravel.com\/it\/#website","url":"https:\/\/landioustravel.com\/it\/","name":"Landious Travel","description":"Excursions, trips and cruises in Egypt","publisher":{"@id":"https:\/\/landioustravel.com\/it\/#organization"},"potentialAction":[{"@type":"SearchAction","target":{"@type":"EntryPoint","urlTemplate":"https:\/\/landioustravel.com\/it\/?s={search_term_string}"},"query-input":{"@type":"PropertyValueSpecification","valueRequired":true,"valueName":"search_term_string"}}],"inLanguage":"it-IT"},{"@type":["Organization","Place"],"@id":"https:\/\/landioustravel.com\/it\/#organization","name":"Landious Travel","alternateName":"Landious Travel","url":"https:\/\/landioustravel.com\/it\/","logo":{"@id":"https:\/\/landioustravel.com\/it\/shop\/tour-oasi-bahariya-gouna\/#local-main-organization-logo"},"image":{"@id":"https:\/\/landioustravel.com\/it\/shop\/tour-oasi-bahariya-gouna\/#local-main-organization-logo"},"sameAs":["https:\/\/web.facebook.com\/landiousEgypt","https:\/\/x.com\/LandiousTours","https:\/\/mastodon.social\/@landious"],"legalName":"Landious Travel","telephone":[],"openingHoursSpecification":[{"@type":"OpeningHoursSpecification","dayOfWeek":["Monday","Tuesday","Wednesday","Thursday","Friday","Saturday","Sunday"],"opens":"09:00","closes":"17:00"}]},{"@type":"ImageObject","inLanguage":"it-IT","@id":"https:\/\/landioustravel.com\/it\/shop\/tour-oasi-bahariya-gouna\/#local-main-organization-logo","url":"https:\/\/i0.wp.com\/landioustravel.com\/wp-content\/uploads\/2021\/06\/Landious-T.png?fit=500%2C500&ssl=1","contentUrl":"https:\/\/i0.wp.com\/landioustravel.com\/wp-content\/uploads\/2021\/06\/Landious-T.png?fit=500%2C500&ssl=1","width":500,"height":500,"caption":"Landious Travel"}]}},"jetpack_publicize_connections":[],"uagb_featured_image_src":{"full":["https:\/\/i0.wp.com\/landioustravel.com\/wp-content\/uploads\/2023\/01\/Bahariya-Oasis-Tour-El-Gouna-e1672795975320.jpg?fit=1200%2C675&ssl=1",1200,675,false],"thumbnail":["https:\/\/i0.wp.com\/landioustravel.com\/wp-content\/uploads\/2023\/01\/Bahariya-Oasis-Tour-El-Gouna-e1672795975320.jpg?resize=150%2C150&ssl=1",150,150,true],"medium":["https:\/\/i0.wp.com\/landioustravel.com\/wp-content\/uploads\/2023\/01\/Bahariya-Oasis-Tour-El-Gouna-e1672795975320.jpg?fit=300%2C169&ssl=1",300,169,true],"medium_large":["https:\/\/i0.wp.com\/landioustravel.com\/wp-content\/uploads\/2023\/01\/Bahariya-Oasis-Tour-El-Gouna-e1672795975320.jpg?fit=768%2C432&ssl=1",768,432,true],"large":["https:\/\/i0.wp.com\/landioustravel.com\/wp-content\/uploads\/2023\/01\/Bahariya-Oasis-Tour-El-Gouna-e1672795975320.jpg?fit=980%2C551&ssl=1",980,551,true],"1536x1536":["https:\/\/i0.wp.com\/landioustravel.com\/wp-content\/uploads\/2023\/01\/Bahariya-Oasis-Tour-El-Gouna-e1672795975320.jpg?fit=1200%2C675&ssl=1",1200,675,true],"2048x2048":["https:\/\/i0.wp.com\/landioustravel.com\/wp-content\/uploads\/2023\/01\/Bahariya-Oasis-Tour-El-Gouna-e1672795975320.jpg?fit=1200%2C675&ssl=1",1200,675,true],"newspack-article-block-landscape-large":["https:\/\/i0.wp.com\/landioustravel.com\/wp-content\/uploads\/2023\/01\/Bahariya-Oasis-Tour-El-Gouna-e1672795975320.jpg?resize=1200%2C675&ssl=1",1200,675,true],"newspack-article-block-portrait-large":["https:\/\/i0.wp.com\/landioustravel.com\/wp-content\/uploads\/2023\/01\/Bahariya-Oasis-Tour-El-Gouna-e1672795975320.jpg?resize=900%2C675&ssl=1",900,675,true],"newspack-article-block-square-large":["https:\/\/i0.wp.com\/landioustravel.com\/wp-content\/uploads\/2023\/01\/Bahariya-Oasis-Tour-El-Gouna-e1672795975320.jpg?resize=1200%2C675&ssl=1",1200,675,true],"newspack-article-block-landscape-medium":["https:\/\/i0.wp.com\/landioustravel.com\/wp-content\/uploads\/2023\/01\/Bahariya-Oasis-Tour-El-Gouna-e1672795975320.jpg?resize=800%2C600&ssl=1",800,600,true],"newspack-article-block-portrait-medium":["https:\/\/i0.wp.com\/landioustravel.com\/wp-content\/uploads\/2023\/01\/Bahariya-Oasis-Tour-El-Gouna-e1672795975320.jpg?resize=600%2C675&ssl=1",600,675,true],"newspack-article-block-square-medium":["https:\/\/i0.wp.com\/landioustravel.com\/wp-content\/uploads\/2023\/01\/Bahariya-Oasis-Tour-El-Gouna-e1672795975320.jpg?resize=800%2C675&ssl=1",800,675,true],"newspack-article-block-landscape-intermediate":["https:\/\/i0.wp.com\/landioustravel.com\/wp-content\/uploads\/2023\/01\/Bahariya-Oasis-Tour-El-Gouna-e1672795975320.jpg?resize=600%2C450&ssl=1",600,450,true],"newspack-article-block-portrait-intermediate":["https:\/\/i0.wp.com\/landioustravel.com\/wp-content\/uploads\/2023\/01\/Bahariya-Oasis-Tour-El-Gouna-e1672795975320.jpg?resize=450%2C600&ssl=1",450,600,true],"newspack-article-block-square-intermediate":["https:\/\/i0.wp.com\/landioustravel.com\/wp-content\/uploads\/2023\/01\/Bahariya-Oasis-Tour-El-Gouna-e1672795975320.jpg?resize=600%2C600&ssl=1",600,600,true],"newspack-article-block-landscape-small":["https:\/\/i0.wp.com\/landioustravel.com\/wp-content\/uploads\/2023\/01\/Bahariya-Oasis-Tour-El-Gouna-e1672795975320.jpg?resize=400%2C300&ssl=1",400,300,true],"newspack-article-block-portrait-small":["https:\/\/i0.wp.com\/landioustravel.com\/wp-content\/uploads\/2023\/01\/Bahariya-Oasis-Tour-El-Gouna-e1672795975320.jpg?resize=300%2C400&ssl=1",300,400,true],"newspack-article-block-square-small":["https:\/\/i0.wp.com\/landioustravel.com\/wp-content\/uploads\/2023\/01\/Bahariya-Oasis-Tour-El-Gouna-e1672795975320.jpg?resize=400%2C400&ssl=1",400,400,true],"newspack-article-block-landscape-tiny":["https:\/\/i0.wp.com\/landioustravel.com\/wp-content\/uploads\/2023\/01\/Bahariya-Oasis-Tour-El-Gouna-e1672795975320.jpg?resize=200%2C150&ssl=1",200,150,true],"newspack-article-block-portrait-tiny":["https:\/\/i0.wp.com\/landioustravel.com\/wp-content\/uploads\/2023\/01\/Bahariya-Oasis-Tour-El-Gouna-e1672795975320.jpg?resize=150%2C200&ssl=1",150,200,true],"newspack-article-block-square-tiny":["https:\/\/i0.wp.com\/landioustravel.com\/wp-content\/uploads\/2023\/01\/Bahariya-Oasis-Tour-El-Gouna-e1672795975320.jpg?resize=200%2C200&ssl=1",200,200,true],"newspack-article-block-uncropped":["https:\/\/i0.wp.com\/landioustravel.com\/wp-content\/uploads\/2023\/01\/Bahariya-Oasis-Tour-El-Gouna-e1672795975320.jpg?fit=1200%2C675&ssl=1",1200,675,true],"woocommerce_thumbnail":["https:\/\/i0.wp.com\/landioustravel.com\/wp-content\/uploads\/2023\/01\/Bahariya-Oasis-Tour-El-Gouna-e1672795975320.jpg?resize=324%2C324&ssl=1",324,324,true],"woocommerce_single":["https:\/\/i0.wp.com\/landioustravel.com\/wp-content\/uploads\/2023\/01\/Bahariya-Oasis-Tour-El-Gouna-e1672795975320.jpg?fit=416%2C234&ssl=1",416,234,true],"woocommerce_gallery_thumbnail":["https:\/\/i0.wp.com\/landioustravel.com\/wp-content\/uploads\/2023\/01\/Bahariya-Oasis-Tour-El-Gouna-e1672795975320.jpg?resize=100%2C100&ssl=1",100,100,true]},"uagb_author_info":{"display_name":"Mofreh Landious","author_link":"https:\/\/landioustravel.com\/it\/author\/"},"uagb_comment_info":0,"uagb_excerpt":"Parti per un'emozionante escursione di 2 giorni nell'incantevole deserto bianco e nell'oasi di Bahariya da El Gouna! Immergiti nell'affascinante bellezza del deserto egiziano, dove la natura incontaminata e la ricca storia si uniscono per creare un'avventura indimenticabile. Preparati ad esplorare il deserto bianco e nero, la sorgente termale naturale di El Haize, la montagna di&hellip;","jetpack_sharing_enabled":true,"jetpack_likes_enabled":true,"amp_enabled":true,"_links":{"self":[{"href":"https:\/\/landioustravel.com\/it\/wp-json\/wp\/v2\/product\/141547","targetHints":{"allow":["GET"]}}],"collection":[{"href":"https:\/\/landioustravel.com\/it\/wp-json\/wp\/v2\/product"}],"about":[{"href":"https:\/\/landioustravel.com\/it\/wp-json\/wp\/v2\/types\/product"}],"replies":[{"embeddable":true,"href":"https:\/\/landioustravel.com\/it\/wp-json\/wp\/v2\/comments?post=141547"}],"wp:featuredmedia":[{"embeddable":true,"href":"https:\/\/landioustravel.com\/it\/wp-json\/wp\/v2\/media\/133924"}],"wp:attachment":[{"href":"https:\/\/landioustravel.com\/it\/wp-json\/wp\/v2\/media?parent=141547"}],"wp:term":[{"taxonomy":"product_brand","embeddable":true,"href":"https:\/\/landioustravel.com\/it\/wp-json\/wp\/v2\/product_brand?post=141547"},{"taxonomy":"product_cat","embeddable":true,"href":"https:\/\/landioustravel.com\/it\/wp-json\/wp\/v2\/product_cat?post=141547"},{"taxonomy":"product_tag","embeddable":true,"href":"https:\/\/landioustravel.com\/it\/wp-json\/wp\/v2\/product_tag?post=141547"}],"curies":[{"name":"wp","href":"https:\/\/api.w.org\/{rel}","templated":true}]}}