{"id":141575,"date":"2023-01-02T21:10:27","date_gmt":"2023-04-24T02:14:00","guid":{"rendered":"https:\/\/landioustravel.com\/?post_type=product&#038;p=141575"},"modified":"2023-06-16T14:28:43","modified_gmt":"2023-06-16T12:28:43","slug":"viaggio-grand-aquarium-gouna","status":"publish","type":"product","link":"https:\/\/landioustravel.com\/it\/shop\/viaggio-grand-aquarium-gouna\/","title":{"rendered":"Viaggio al Grand Aquarium El Gouna"},"content":{"rendered":"<p>Viaggio al Grand Aquarium El Gouna \u00e8 un&#8217;escursione attraente e divertente al gigantesco acquario di <a href=\"https:\/\/landioustravel.com\/it\/egitto\/citta-egiziane\/governatorato-bahr-ahmar\/citta-hurghada\/\">Hurghada<\/a> &#8211; Grand Aquarium! Fondamentalmente, consigliamo il viaggio perch\u00e9 permette ai turisti di vedere il pi\u00f9 grande acquario in Egitto. Inoltre, questo posto ha un piccolo zoo situato all&#8217;interno! In effetti, questo tour offrir\u00e0 divertimento e intrattenimento a te e a tutta la famiglia.<\/p>\n<h2>Punti salienti del Viaggio al Grand Aquarium El Gouna<\/h2>\n<ul>\n<li>L&#8217;orientamento dell&#8217;acquario e dello zoo con una guida professionale.<\/li>\n<li>Visita gratuita del Grand Aquarium.<\/li>\n<li>Inoltre, scatta una foto di creature e animali marini.<\/li>\n<\/ul>\n<h2>Programma del viaggio al Grand Aquarium<\/h2>\n<ul>\n<li>All&#8217;inizio, il rappresentante di Landious Travel verr\u00e0 a prenderti dagli hotel di El Gouna alle 10:00 circa.<\/li>\n<li>In secondo luogo, l&#8217;autobus si diriger\u00e0 al Grand Aquarium dopo aver raccolto tutti i visitatori. Ci vorranno circa 20 minuti per arrivare a questo posto.<\/li>\n<li>Una volta arrivato all&#8217;acquario, la tua guida ti mostrer\u00e0 le diverse sezioni del Grand Aquarium.<\/li>\n<li>Quindi, ti verr\u00e0 offerto un tour gratuito per vedere tutte le sezioni del Grand Aquarium per quasi due ore.<\/li>\n<\/ul>\n<p>Vale la pena ricordare che questo posto ha sei sezioni: un ristorante e un caff\u00e8. Quanto segue \u00e8 un&#8217;indicazione di queste sezioni:<\/p>\n<p>&nbsp;<\/p>\n<ol>\n<li>La prima sezione riguarda la foresta pluviale africana.<\/li>\n<li>La seconda sezione \u00e8 l&#8217;acquario marino.<\/li>\n<li>La terza sezione \u00e8 un acquario d&#8217;acqua dolce.<\/li>\n<li>E la quarta sezione \u00e8 Zoo.<\/li>\n<li>La quinta Sezione \u00e8 il Museo Biologico.<\/li>\n<li>Inoltre, la sesta sezione \u00e8 la tenda araba.<\/li>\n<\/ol>\n<ul>\n<li>Infine, l&#8217;autobus partir\u00e0 per il tuo hotel dopo un bel viaggio.<\/li>\n<li>Questo viaggio al Grand Aquarium da El Gouna termina verso mezzogiorno. Di solito dura due ore in questo bellissimo acquario.<\/li>\n<\/ul>\n<h2>Cosa include il prezzo dell&#8217;escursione al Grand Aquarium El Gouna?<\/h2>\n<ul>\n<li>Trasferimento all&#8217;acquario e rientro in hotel.<\/li>\n<li>Inoltre, biglietti d&#8217;ingresso.<\/li>\n<\/ul>\n<h2>Cosa non include il programma dell&#8217;escursione al Grand Aquarium El Gouna?<\/h2>\n<ul>\n<li>Dvd video.<\/li>\n<li>Inoltre, il Photo CD.<\/li>\n<\/ul>\n<h2>Cosa portare con te per il viaggio?<\/h2>\n<ul>\n<li>Occhiali da sole<\/li>\n<\/ul>\n<h2>Giorni di prenotazione del Viaggio al Grand Aquarium El Gouna<\/h2>\n<ul>\n<li>Tutti i giorni dalle 10:00 alle 12:00.<\/li>\n<li>Inoltre, tutti i giorni dalle 14:00 alle 16:00.<\/li>\n<\/ul>\n","protected":false},"excerpt":{"rendered":"<p>Preparati per un&#8217;avventura di una vita! Unisciti a noi in un&#8217;emozionante gita di un giorno da El Gouna per esplorare l&#8217;incredibile Hurghada Grand Aquarium. Scopri le meraviglie del Mar Rosso come mai prima d&#8217;ora mentre ti avvicini e ti avvicini alla sua vita marina attraverso un recinto di vetro.<\/p>\n<p>Ma aspetta, c&#8217;\u00e8 di pi\u00f9! Questo non \u00e8 il tuo normale acquario, \u00e8 un centro di intrattenimento con pi\u00f9 sezioni da godere. Scopri la vasta gamma di acquari, piscine all&#8217;aperto e persino uno zoo all&#8217;aperto. Lasciati stupire dagli effetti 3D, assapora il cibo delizioso nei caff\u00e8 e nei ristoranti e impara qualcosa di nuovo nel centro educativo.<\/p>\n<p>Con il tuo biglietto d&#8217;ingresso e il trasferimento inclusi nel prezzo, nulla ti impedisce di immergerti nell&#8217;esperienza &#8220;Red Sea in Glass&#8221;. Esplora 24 gallerie che mostrano gli ecosistemi naturali del mondo e incontra oltre 1.200 specie di vita marina, tra cui magnifiche razze e squali.<\/p>\n<p>Non perdere questo viaggio indimenticabile al Grand Aquarium di Hurghada. Prenota ora i tuoi biglietti e preparati a intraprendere un&#8217;avventura che ti lascer\u00e0 senza fiato!<\/p>\n","protected":false},"featured_media":141578,"comment_status":"open","ping_status":"closed","template":"","meta":{"_coblocks_attr":"","_coblocks_dimensions":"","_coblocks_responsive_height":"","_coblocks_accordion_ie_support":"","_uag_custom_page_level_css":"","jetpack_publicize_message":"","jetpack_publicize_feature_enabled":true,"jetpack_social_post_already_shared":true,"jetpack_social_options":{"image_generator_settings":{"template":"highway","default_image_id":0,"font":"","enabled":false},"version":2},"_wpas_customize_per_network":false},"product_brand":[],"product_cat":[21074,21079],"product_tag":[1676,1684,1644,1661],"class_list":{"0":"post-141575","1":"product","2":"type-product","3":"status-publish","4":"has-post-thumbnail","6":"product_cat-gouna-escursioni","7":"product_cat-viaggi-divertimento-gouna","8":"product_tag-acquario","9":"product_tag-el-gouna-it","10":"product_tag-escursione","11":"product_tag-hurghada-it","12":"pa_age-adulto","13":"pa_age-bambino-1-4-anni","14":"pa_age-bambino-5-11-anni","16":"first","17":"instock","18":"sale","19":"taxable","20":"shipping-taxable","21":"purchasable","22":"product-type-variable"},"yoast_head":"<!-- This site is optimized with the Yoast SEO Premium plugin v26.9 (Yoast SEO v27.4) - https:\/\/yoast.com\/product\/yoast-seo-premium-wordpress\/ -->\n<title>Viaggio al Grand Aquarium El Gouna<\/title>\n<meta name=\"description\" content=\"Viaggio al Grand Aquarium El Gouna visiterai il pi\u00f9 grande acquario della citt\u00e0: il Grand Aquarium. Prendendo in considerazione, questo non \u00e8 solo un\" \/>\n<meta name=\"robots\" content=\"index, follow, max-snippet:-1, max-image-preview:large, max-video-preview:-1\" \/>\n<link rel=\"canonical\" href=\"https:\/\/landioustravel.com\/it\/shop\/viaggio-grand-aquarium-gouna\/\" \/>\n<meta property=\"og:locale\" content=\"it_IT\" \/>\n<meta property=\"og:type\" content=\"article\" \/>\n<meta property=\"og:title\" content=\"Viaggio al Grand Aquarium El Gouna\" \/>\n<meta property=\"og:description\" content=\"Landious Travel\" \/>\n<meta property=\"og:url\" content=\"https:\/\/landioustravel.com\/it\/shop\/viaggio-grand-aquarium-gouna\/\" \/>\n<meta property=\"og:site_name\" content=\"Landious Travel\" \/>\n<meta property=\"article:publisher\" content=\"https:\/\/web.facebook.com\/landiousEgypt\" \/>\n<meta property=\"article:modified_time\" content=\"2023-06-16T12:28:43+00:00\" \/>\n<meta property=\"og:image\" content=\"https:\/\/i0.wp.com\/landioustravel.com\/wp-content\/uploads\/2023\/01\/Grand-Aquarium-Trip-El-Gouna-e1672686583246.jpg?fit=1200%2C675&ssl=1\" \/>\n\t<meta property=\"og:image:width\" content=\"1200\" \/>\n\t<meta property=\"og:image:height\" content=\"675\" \/>\n\t<meta property=\"og:image:type\" content=\"image\/jpeg\" \/>\n<meta name=\"twitter:card\" content=\"summary_large_image\" \/>\n<meta name=\"twitter:site\" content=\"@LandiousTours\" \/>\n<meta name=\"twitter:label1\" content=\"Tempo di lettura stimato\" \/>\n\t<meta name=\"twitter:data1\" content=\"2 minuti\" \/>\n<script type=\"application\/ld+json\" class=\"yoast-schema-graph\">{\"@context\":\"https:\\\/\\\/schema.org\",\"@graph\":[{\"@type\":\"WebPage\",\"@id\":\"https:\\\/\\\/landioustravel.com\\\/it\\\/shop\\\/viaggio-grand-aquarium-gouna\\\/\",\"url\":\"https:\\\/\\\/landioustravel.com\\\/it\\\/shop\\\/viaggio-grand-aquarium-gouna\\\/\",\"name\":\"Viaggio al Grand Aquarium El Gouna\",\"isPartOf\":{\"@id\":\"https:\\\/\\\/landioustravel.com\\\/it\\\/#website\"},\"primaryImageOfPage\":{\"@id\":\"https:\\\/\\\/landioustravel.com\\\/it\\\/shop\\\/viaggio-grand-aquarium-gouna\\\/#primaryimage\"},\"image\":{\"@id\":\"https:\\\/\\\/landioustravel.com\\\/it\\\/shop\\\/viaggio-grand-aquarium-gouna\\\/#primaryimage\"},\"thumbnailUrl\":\"https:\\\/\\\/i0.wp.com\\\/landioustravel.com\\\/wp-content\\\/uploads\\\/2023\\\/01\\\/Grand-Aquarium-Trip-El-Gouna-e1672686583246.jpg?fit=1200%2C675&ssl=1\",\"datePublished\":\"2023-04-24T02:14:00+00:00\",\"dateModified\":\"2023-06-16T12:28:43+00:00\",\"description\":\"Viaggio al Grand Aquarium El Gouna visiterai il pi\u00f9 grande acquario della citt\u00e0: il Grand Aquarium. Prendendo in considerazione, questo non \u00e8 solo un\",\"breadcrumb\":{\"@id\":\"https:\\\/\\\/landioustravel.com\\\/it\\\/shop\\\/viaggio-grand-aquarium-gouna\\\/#breadcrumb\"},\"inLanguage\":\"it-IT\",\"potentialAction\":[{\"@type\":\"ReadAction\",\"target\":[\"https:\\\/\\\/landioustravel.com\\\/it\\\/shop\\\/viaggio-grand-aquarium-gouna\\\/\"]}]},{\"@type\":\"ImageObject\",\"inLanguage\":\"it-IT\",\"@id\":\"https:\\\/\\\/landioustravel.com\\\/it\\\/shop\\\/viaggio-grand-aquarium-gouna\\\/#primaryimage\",\"url\":\"https:\\\/\\\/i0.wp.com\\\/landioustravel.com\\\/wp-content\\\/uploads\\\/2023\\\/01\\\/Grand-Aquarium-Trip-El-Gouna-e1672686583246.jpg?fit=1200%2C675&ssl=1\",\"contentUrl\":\"https:\\\/\\\/i0.wp.com\\\/landioustravel.com\\\/wp-content\\\/uploads\\\/2023\\\/01\\\/Grand-Aquarium-Trip-El-Gouna-e1672686583246.jpg?fit=1200%2C675&ssl=1\",\"width\":1200,\"height\":675,\"caption\":\"Grand Aquarium Trip El Gouna\"},{\"@type\":\"BreadcrumbList\",\"@id\":\"https:\\\/\\\/landioustravel.com\\\/it\\\/shop\\\/viaggio-grand-aquarium-gouna\\\/#breadcrumb\",\"itemListElement\":[{\"@type\":\"ListItem\",\"position\":1,\"name\":\"Home\",\"item\":\"https:\\\/\\\/landioustravel.com\\\/it\\\/\"},{\"@type\":\"ListItem\",\"position\":2,\"name\":\"Tour in Egitto\",\"item\":\"https:\\\/\\\/landioustravel.com\\\/it\\\/\"},{\"@type\":\"ListItem\",\"position\":3,\"name\":\"Viaggio al Grand Aquarium El Gouna\"}]},{\"@type\":\"WebSite\",\"@id\":\"https:\\\/\\\/landioustravel.com\\\/it\\\/#website\",\"url\":\"https:\\\/\\\/landioustravel.com\\\/it\\\/\",\"name\":\"Landious Travel\",\"description\":\"Excursions, trips and cruises in Egypt\",\"publisher\":{\"@id\":\"https:\\\/\\\/landioustravel.com\\\/it\\\/#organization\"},\"potentialAction\":[{\"@type\":\"SearchAction\",\"target\":{\"@type\":\"EntryPoint\",\"urlTemplate\":\"https:\\\/\\\/landioustravel.com\\\/it\\\/?s={search_term_string}\"},\"query-input\":{\"@type\":\"PropertyValueSpecification\",\"valueRequired\":true,\"valueName\":\"search_term_string\"}}],\"inLanguage\":\"it-IT\"},{\"@type\":[\"Organization\",\"Place\"],\"@id\":\"https:\\\/\\\/landioustravel.com\\\/it\\\/#organization\",\"name\":\"Landious Travel\",\"alternateName\":\"Landious Travel\",\"url\":\"https:\\\/\\\/landioustravel.com\\\/it\\\/\",\"logo\":{\"@id\":\"https:\\\/\\\/landioustravel.com\\\/it\\\/shop\\\/viaggio-grand-aquarium-gouna\\\/#local-main-organization-logo\"},\"image\":{\"@id\":\"https:\\\/\\\/landioustravel.com\\\/it\\\/shop\\\/viaggio-grand-aquarium-gouna\\\/#local-main-organization-logo\"},\"sameAs\":[\"https:\\\/\\\/web.facebook.com\\\/landiousEgypt\",\"https:\\\/\\\/x.com\\\/LandiousTours\",\"https:\\\/\\\/mastodon.social\\\/@landious\"],\"legalName\":\"Landious Travel\",\"telephone\":[],\"openingHoursSpecification\":[{\"@type\":\"OpeningHoursSpecification\",\"dayOfWeek\":[\"Monday\",\"Tuesday\",\"Wednesday\",\"Thursday\",\"Friday\",\"Saturday\",\"Sunday\"],\"opens\":\"09:00\",\"closes\":\"17:00\"}]},{\"@type\":\"ImageObject\",\"inLanguage\":\"it-IT\",\"@id\":\"https:\\\/\\\/landioustravel.com\\\/it\\\/shop\\\/viaggio-grand-aquarium-gouna\\\/#local-main-organization-logo\",\"url\":\"https:\\\/\\\/i0.wp.com\\\/landioustravel.com\\\/wp-content\\\/uploads\\\/2021\\\/06\\\/Landious-T.png?fit=500%2C500&ssl=1\",\"contentUrl\":\"https:\\\/\\\/i0.wp.com\\\/landioustravel.com\\\/wp-content\\\/uploads\\\/2021\\\/06\\\/Landious-T.png?fit=500%2C500&ssl=1\",\"width\":500,\"height\":500,\"caption\":\"Landious Travel\"}]}<\/script>\n<!-- \/ Yoast SEO Premium plugin. -->","yoast_head_json":{"title":"Viaggio al Grand Aquarium El Gouna","description":"Viaggio al Grand Aquarium El Gouna visiterai il pi\u00f9 grande acquario della citt\u00e0: il Grand Aquarium. Prendendo in considerazione, questo non \u00e8 solo un","robots":{"index":"index","follow":"follow","max-snippet":"max-snippet:-1","max-image-preview":"max-image-preview:large","max-video-preview":"max-video-preview:-1"},"canonical":"https:\/\/landioustravel.com\/it\/shop\/viaggio-grand-aquarium-gouna\/","og_locale":"it_IT","og_type":"article","og_title":"Viaggio al Grand Aquarium El Gouna","og_description":"Landious Travel","og_url":"https:\/\/landioustravel.com\/it\/shop\/viaggio-grand-aquarium-gouna\/","og_site_name":"Landious Travel","article_publisher":"https:\/\/web.facebook.com\/landiousEgypt","article_modified_time":"2023-06-16T12:28:43+00:00","og_image":[{"width":1200,"height":675,"url":"https:\/\/i0.wp.com\/landioustravel.com\/wp-content\/uploads\/2023\/01\/Grand-Aquarium-Trip-El-Gouna-e1672686583246.jpg?fit=1200%2C675&ssl=1","type":"image\/jpeg"}],"twitter_card":"summary_large_image","twitter_site":"@LandiousTours","twitter_misc":{"Tempo di lettura stimato":"2 minuti"},"schema":{"@context":"https:\/\/schema.org","@graph":[{"@type":"WebPage","@id":"https:\/\/landioustravel.com\/it\/shop\/viaggio-grand-aquarium-gouna\/","url":"https:\/\/landioustravel.com\/it\/shop\/viaggio-grand-aquarium-gouna\/","name":"Viaggio al Grand Aquarium El Gouna","isPartOf":{"@id":"https:\/\/landioustravel.com\/it\/#website"},"primaryImageOfPage":{"@id":"https:\/\/landioustravel.com\/it\/shop\/viaggio-grand-aquarium-gouna\/#primaryimage"},"image":{"@id":"https:\/\/landioustravel.com\/it\/shop\/viaggio-grand-aquarium-gouna\/#primaryimage"},"thumbnailUrl":"https:\/\/i0.wp.com\/landioustravel.com\/wp-content\/uploads\/2023\/01\/Grand-Aquarium-Trip-El-Gouna-e1672686583246.jpg?fit=1200%2C675&ssl=1","datePublished":"2023-04-24T02:14:00+00:00","dateModified":"2023-06-16T12:28:43+00:00","description":"Viaggio al Grand Aquarium El Gouna visiterai il pi\u00f9 grande acquario della citt\u00e0: il Grand Aquarium. Prendendo in considerazione, questo non \u00e8 solo un","breadcrumb":{"@id":"https:\/\/landioustravel.com\/it\/shop\/viaggio-grand-aquarium-gouna\/#breadcrumb"},"inLanguage":"it-IT","potentialAction":[{"@type":"ReadAction","target":["https:\/\/landioustravel.com\/it\/shop\/viaggio-grand-aquarium-gouna\/"]}]},{"@type":"ImageObject","inLanguage":"it-IT","@id":"https:\/\/landioustravel.com\/it\/shop\/viaggio-grand-aquarium-gouna\/#primaryimage","url":"https:\/\/i0.wp.com\/landioustravel.com\/wp-content\/uploads\/2023\/01\/Grand-Aquarium-Trip-El-Gouna-e1672686583246.jpg?fit=1200%2C675&ssl=1","contentUrl":"https:\/\/i0.wp.com\/landioustravel.com\/wp-content\/uploads\/2023\/01\/Grand-Aquarium-Trip-El-Gouna-e1672686583246.jpg?fit=1200%2C675&ssl=1","width":1200,"height":675,"caption":"Grand Aquarium Trip El Gouna"},{"@type":"BreadcrumbList","@id":"https:\/\/landioustravel.com\/it\/shop\/viaggio-grand-aquarium-gouna\/#breadcrumb","itemListElement":[{"@type":"ListItem","position":1,"name":"Home","item":"https:\/\/landioustravel.com\/it\/"},{"@type":"ListItem","position":2,"name":"Tour in Egitto","item":"https:\/\/landioustravel.com\/it\/"},{"@type":"ListItem","position":3,"name":"Viaggio al Grand Aquarium El Gouna"}]},{"@type":"WebSite","@id":"https:\/\/landioustravel.com\/it\/#website","url":"https:\/\/landioustravel.com\/it\/","name":"Landious Travel","description":"Excursions, trips and cruises in Egypt","publisher":{"@id":"https:\/\/landioustravel.com\/it\/#organization"},"potentialAction":[{"@type":"SearchAction","target":{"@type":"EntryPoint","urlTemplate":"https:\/\/landioustravel.com\/it\/?s={search_term_string}"},"query-input":{"@type":"PropertyValueSpecification","valueRequired":true,"valueName":"search_term_string"}}],"inLanguage":"it-IT"},{"@type":["Organization","Place"],"@id":"https:\/\/landioustravel.com\/it\/#organization","name":"Landious Travel","alternateName":"Landious Travel","url":"https:\/\/landioustravel.com\/it\/","logo":{"@id":"https:\/\/landioustravel.com\/it\/shop\/viaggio-grand-aquarium-gouna\/#local-main-organization-logo"},"image":{"@id":"https:\/\/landioustravel.com\/it\/shop\/viaggio-grand-aquarium-gouna\/#local-main-organization-logo"},"sameAs":["https:\/\/web.facebook.com\/landiousEgypt","https:\/\/x.com\/LandiousTours","https:\/\/mastodon.social\/@landious"],"legalName":"Landious Travel","telephone":[],"openingHoursSpecification":[{"@type":"OpeningHoursSpecification","dayOfWeek":["Monday","Tuesday","Wednesday","Thursday","Friday","Saturday","Sunday"],"opens":"09:00","closes":"17:00"}]},{"@type":"ImageObject","inLanguage":"it-IT","@id":"https:\/\/landioustravel.com\/it\/shop\/viaggio-grand-aquarium-gouna\/#local-main-organization-logo","url":"https:\/\/i0.wp.com\/landioustravel.com\/wp-content\/uploads\/2021\/06\/Landious-T.png?fit=500%2C500&ssl=1","contentUrl":"https:\/\/i0.wp.com\/landioustravel.com\/wp-content\/uploads\/2021\/06\/Landious-T.png?fit=500%2C500&ssl=1","width":500,"height":500,"caption":"Landious Travel"}]}},"jetpack_publicize_connections":[],"uagb_featured_image_src":{"full":["https:\/\/i0.wp.com\/landioustravel.com\/wp-content\/uploads\/2023\/01\/Grand-Aquarium-Trip-El-Gouna-e1672686583246.jpg?fit=1200%2C675&ssl=1",1200,675,false],"thumbnail":["https:\/\/i0.wp.com\/landioustravel.com\/wp-content\/uploads\/2023\/01\/Grand-Aquarium-Trip-El-Gouna-e1672686583246.jpg?resize=150%2C150&ssl=1",150,150,true],"medium":["https:\/\/i0.wp.com\/landioustravel.com\/wp-content\/uploads\/2023\/01\/Grand-Aquarium-Trip-El-Gouna-e1672686583246.jpg?fit=300%2C169&ssl=1",300,169,true],"medium_large":["https:\/\/i0.wp.com\/landioustravel.com\/wp-content\/uploads\/2023\/01\/Grand-Aquarium-Trip-El-Gouna-e1672686583246.jpg?fit=768%2C432&ssl=1",768,432,true],"large":["https:\/\/i0.wp.com\/landioustravel.com\/wp-content\/uploads\/2023\/01\/Grand-Aquarium-Trip-El-Gouna-e1672686583246.jpg?fit=980%2C551&ssl=1",980,551,true],"1536x1536":["https:\/\/i0.wp.com\/landioustravel.com\/wp-content\/uploads\/2023\/01\/Grand-Aquarium-Trip-El-Gouna-e1672686583246.jpg?fit=1536%2C864&ssl=1",1536,864,true],"2048x2048":["https:\/\/i0.wp.com\/landioustravel.com\/wp-content\/uploads\/2023\/01\/Grand-Aquarium-Trip-El-Gouna-e1672686583246.jpg?fit=1200%2C675&ssl=1",1200,675,true],"newspack-article-block-landscape-large":["https:\/\/i0.wp.com\/landioustravel.com\/wp-content\/uploads\/2023\/01\/Grand-Aquarium-Trip-El-Gouna-e1672686583246.jpg?resize=1200%2C675&ssl=1",1200,675,true],"newspack-article-block-portrait-large":["https:\/\/i0.wp.com\/landioustravel.com\/wp-content\/uploads\/2023\/01\/Grand-Aquarium-Trip-El-Gouna-e1672686583246.jpg?resize=900%2C675&ssl=1",900,675,true],"newspack-article-block-square-large":["https:\/\/i0.wp.com\/landioustravel.com\/wp-content\/uploads\/2023\/01\/Grand-Aquarium-Trip-El-Gouna-e1672686583246.jpg?resize=1200%2C675&ssl=1",1200,675,true],"newspack-article-block-landscape-medium":["https:\/\/i0.wp.com\/landioustravel.com\/wp-content\/uploads\/2023\/01\/Grand-Aquarium-Trip-El-Gouna-e1672686583246.jpg?resize=800%2C600&ssl=1",800,600,true],"newspack-article-block-portrait-medium":["https:\/\/i0.wp.com\/landioustravel.com\/wp-content\/uploads\/2023\/01\/Grand-Aquarium-Trip-El-Gouna-e1672686583246.jpg?resize=600%2C675&ssl=1",600,675,true],"newspack-article-block-square-medium":["https:\/\/i0.wp.com\/landioustravel.com\/wp-content\/uploads\/2023\/01\/Grand-Aquarium-Trip-El-Gouna-e1672686583246.jpg?resize=800%2C675&ssl=1",800,675,true],"newspack-article-block-landscape-intermediate":["https:\/\/i0.wp.com\/landioustravel.com\/wp-content\/uploads\/2023\/01\/Grand-Aquarium-Trip-El-Gouna-e1672686583246.jpg?resize=600%2C450&ssl=1",600,450,true],"newspack-article-block-portrait-intermediate":["https:\/\/i0.wp.com\/landioustravel.com\/wp-content\/uploads\/2023\/01\/Grand-Aquarium-Trip-El-Gouna-e1672686583246.jpg?resize=450%2C600&ssl=1",450,600,true],"newspack-article-block-square-intermediate":["https:\/\/i0.wp.com\/landioustravel.com\/wp-content\/uploads\/2023\/01\/Grand-Aquarium-Trip-El-Gouna-e1672686583246.jpg?resize=600%2C600&ssl=1",600,600,true],"newspack-article-block-landscape-small":["https:\/\/i0.wp.com\/landioustravel.com\/wp-content\/uploads\/2023\/01\/Grand-Aquarium-Trip-El-Gouna-e1672686583246.jpg?resize=400%2C300&ssl=1",400,300,true],"newspack-article-block-portrait-small":["https:\/\/i0.wp.com\/landioustravel.com\/wp-content\/uploads\/2023\/01\/Grand-Aquarium-Trip-El-Gouna-e1672686583246.jpg?resize=300%2C400&ssl=1",300,400,true],"newspack-article-block-square-small":["https:\/\/i0.wp.com\/landioustravel.com\/wp-content\/uploads\/2023\/01\/Grand-Aquarium-Trip-El-Gouna-e1672686583246.jpg?resize=400%2C400&ssl=1",400,400,true],"newspack-article-block-landscape-tiny":["https:\/\/i0.wp.com\/landioustravel.com\/wp-content\/uploads\/2023\/01\/Grand-Aquarium-Trip-El-Gouna-e1672686583246.jpg?resize=200%2C150&ssl=1",200,150,true],"newspack-article-block-portrait-tiny":["https:\/\/i0.wp.com\/landioustravel.com\/wp-content\/uploads\/2023\/01\/Grand-Aquarium-Trip-El-Gouna-e1672686583246.jpg?resize=150%2C200&ssl=1",150,200,true],"newspack-article-block-square-tiny":["https:\/\/i0.wp.com\/landioustravel.com\/wp-content\/uploads\/2023\/01\/Grand-Aquarium-Trip-El-Gouna-e1672686583246.jpg?resize=200%2C200&ssl=1",200,200,true],"newspack-article-block-uncropped":["https:\/\/i0.wp.com\/landioustravel.com\/wp-content\/uploads\/2023\/01\/Grand-Aquarium-Trip-El-Gouna-e1672686583246.jpg?fit=1200%2C675&ssl=1",1200,675,true],"woocommerce_thumbnail":["https:\/\/i0.wp.com\/landioustravel.com\/wp-content\/uploads\/2023\/01\/Grand-Aquarium-Trip-El-Gouna-e1672686583246.jpg?resize=324%2C324&ssl=1",324,324,true],"woocommerce_single":["https:\/\/i0.wp.com\/landioustravel.com\/wp-content\/uploads\/2023\/01\/Grand-Aquarium-Trip-El-Gouna-e1672686583246.jpg?fit=416%2C234&ssl=1",416,234,true],"woocommerce_gallery_thumbnail":["https:\/\/i0.wp.com\/landioustravel.com\/wp-content\/uploads\/2023\/01\/Grand-Aquarium-Trip-El-Gouna-e1672686583246.jpg?resize=100%2C100&ssl=1",100,100,true]},"uagb_author_info":{"display_name":"Mofreh Landious","author_link":"https:\/\/landioustravel.com\/it\/author\/"},"uagb_comment_info":0,"uagb_excerpt":"Preparati per un'avventura di una vita! Unisciti a noi in un'emozionante gita di un giorno da El Gouna per esplorare l'incredibile Hurghada Grand Aquarium. Scopri le meraviglie del Mar Rosso come mai prima d'ora mentre ti avvicini e ti avvicini alla sua vita marina attraverso un recinto di vetro. Ma aspetta, c'\u00e8 di pi\u00f9! Questo&hellip;","jetpack_sharing_enabled":true,"jetpack_likes_enabled":true,"amp_enabled":true,"_links":{"self":[{"href":"https:\/\/landioustravel.com\/it\/wp-json\/wp\/v2\/product\/141575","targetHints":{"allow":["GET"]}}],"collection":[{"href":"https:\/\/landioustravel.com\/it\/wp-json\/wp\/v2\/product"}],"about":[{"href":"https:\/\/landioustravel.com\/it\/wp-json\/wp\/v2\/types\/product"}],"replies":[{"embeddable":true,"href":"https:\/\/landioustravel.com\/it\/wp-json\/wp\/v2\/comments?post=141575"}],"wp:featuredmedia":[{"embeddable":true,"href":"https:\/\/landioustravel.com\/it\/wp-json\/wp\/v2\/media\/141578"}],"wp:attachment":[{"href":"https:\/\/landioustravel.com\/it\/wp-json\/wp\/v2\/media?parent=141575"}],"wp:term":[{"taxonomy":"product_brand","embeddable":true,"href":"https:\/\/landioustravel.com\/it\/wp-json\/wp\/v2\/product_brand?post=141575"},{"taxonomy":"product_cat","embeddable":true,"href":"https:\/\/landioustravel.com\/it\/wp-json\/wp\/v2\/product_cat?post=141575"},{"taxonomy":"product_tag","embeddable":true,"href":"https:\/\/landioustravel.com\/it\/wp-json\/wp\/v2\/product_tag?post=141575"}],"curies":[{"name":"wp","href":"https:\/\/api.w.org\/{rel}","templated":true}]}}