{"id":141624,"date":"2023-01-02T01:42:05","date_gmt":"2023-04-24T23:02:04","guid":{"rendered":"https:\/\/landioustravel.com\/?post_type=product&#038;p=141624"},"modified":"2023-06-16T16:28:48","modified_gmt":"2023-06-16T14:28:48","slug":"viaggio-sottomarino-gouna","status":"publish","type":"product","link":"https:\/\/landioustravel.com\/it\/shop\/viaggio-sottomarino-gouna\/","title":{"rendered":"Viaggio sottomarino da El Gouna"},"content":{"rendered":"<p>Viaggio sottomarino da El Gouna \u00e8 un emozionante viaggio in mare sul sottomarino &#8220;Sindbad&#8221; a <a href=\"https:\/\/landioustravel.com\/it\/egitto\/citta-egiziane\/governatorato-bahr-ahmar\/citta-hurghada\/\">Hurghada<\/a>, in Egitto! Consigliamo il viaggio in quanto \u00e8 l&#8217;unica opzione a bordo di un sottomarino nel Mar Rosso. \u00c8 incredibile provare questa sensazione ed entrare in un simile sottomarino! Infatti, sar\u00e0 un&#8217;occasione unica per vedere bellissime barriere coralline e vari pesci a bordo di un sottomarino! Inoltre, quel viaggio consentir\u00e0 un breve picnic in barca sul Mar Rosso. Questo picnic si svolger\u00e0 vicino alla splendida area vicino all&#8217;isola di Giftun.<\/p>\n<h2>Punti salienti dell&#8217;escursione sottomarina El Gouna<\/h2>\n<ul>\n<li>Picnic in riva al Mar Rosso.<\/li>\n<li>Inoltre, guarda il mondo sottomarino a bordo del sottomarino Sindbad.<\/li>\n<\/ul>\n<h2>Programma del viaggio sottomarino Sindbad<\/h2>\n<ul>\n<li>Il rappresentante di Landious Travel verr\u00e0 a prenderti dal tuo hotel di El Gouna alle 10:00 circa.<\/li>\n<li>Dopo aver raccolto tutti i visitatori, l&#8217;autobus si diriger\u00e0 al porto. La strada per questo porto impiegher\u00e0 circa 40 minuti.<\/li>\n<li>All&#8217;inizio del programma, ti godrai un picnic sul mare attraverso il Mar Rosso. Questo picnic in mare sar\u00e0 a bordo di una barca.<\/li>\n<li>La stessa barca salper\u00e0 verso un palcoscenico galleggiante. Di conseguenza, ti porter\u00e0 al sottomarino. Quindi, cambierai posto e poi occuperai un posto a bordo del sottomarino.<\/li>\n<li>Successivamente, il sottomarino inizier\u00e0 ad affondare fino a 25 metri. Di conseguenza, ti permetter\u00e0 di vedere pesci e barriere coralline a questa profondit\u00e0. Guardare il mondo sottomarino a bordo di quel sottomarino ti prende un&#8217;ora intera.<\/li>\n<li>Infine, cambierai nuovamente posto e ti siederai sulla barca diretta al porto.<\/li>\n<li>Infine, dopo una cos\u00ec bella avventura, ti riaccompagneremo ai tuoi hotel.<\/li>\n<li>Questa escursione in mare su un sottomarino a Hurghada termina alle 14:00 circa.<\/li>\n<\/ul>\n<h2>Cosa include il prezzo dell&#8217;escursione sottomarina El Gouna?<\/h2>\n<ul>\n<li>Biglietto d&#8217;ingresso (5 USD a persona)<\/li>\n<li>Trasferimento al porto e rientro in hotel.<\/li>\n<\/ul>\n<h2>Cosa non include il programma di escursione sottomarina El Gouna?<\/h2>\n<ul>\n<li>Dvd video.<\/li>\n<li>Inoltre, il Photo CD.<\/li>\n<\/ul>\n<h2>Cosa portare con te per il tour?<\/h2>\n<ul>\n<li>Occhiali da sole.<\/li>\n<\/ul>\n<h2>Escursione sottomarina El Gouna Giorni di prenotazione<\/h2>\n<ul>\n<li>Tutti i giorni dalle 10:00 alle 12:00.<\/li>\n<li>Inoltre, tutti i giorni dalle 14:00 alle 16:00.<\/li>\n<\/ul>\n<h2>Servizi presentati durante l&#8217;escursione sottomarina El Gouna<\/h2>\n<ul>\n<li><strong>Trasporti<\/strong>: Landious Travel utilizza limousine\/minibus con aria condizionata. Un autista professionista ti accompagner\u00e0 al porto e al tuo hotel.<\/li>\n<li><strong>Guida<\/strong>: un tour leader inglese professionista ti verr\u00e0 a prendere dai tuoi hotel e ti accompagner\u00e0 al porto.<\/li>\n<li><strong>Team e roba<\/strong>: avrai un equipaggio amichevole e professionale sulla barca. I nostri istruttori e formatori ti guideranno durante il viaggio.<\/li>\n<\/ul>\n","protected":false},"excerpt":{"rendered":"<p>Parti per un&#8217;emozionante avventura con i tuoi cari e immergiti nell&#8217;affascinante mondo della vita marina nel Mar Rosso! Scopri la bellezza dei pesci del Mar Rosso e della barriera corallina mentre ti immergi per 25 metri sott&#8217;acqua con il sottomarino Sindbad a Hurghada. Rimarrai stupito dai colori vivaci e dalla variet\u00e0 delle creature marine che ti circondano. Questa \u00e8 sicuramente una delle cose migliori da fare a EL Gouna e offriamo i migliori prezzi per le escursioni a Hurghada.<\/p>\n<p>Con il nostro servizio di trasferimento privato, verremo a prendervi al vostro hotel a El Gouna e vi accompagneremo in un viaggio in mare di due ore fino al sottomarino Sindbad. Attraverserai il Mar Rosso su una barca a 2 ponti e ammirerai le magnifiche barriere coralline e i pesci colorati a una profondit\u00e0 di 25 metri. Il sottomarino pu\u00f2 contenere fino a 44 passeggeri e ha un equipaggio di due capitani che ti condurranno in un incredibile viaggio sottomarino.<\/p>\n<p>Il prezzo del viaggio include i trasferimenti e un biglietto d&#8217;ingresso, quindi non dovrai preoccuparti di nulla. Il sottomarino scende fino a una profondit\u00e0 di 22 metri, dove vedrai diversi tipi di barriere coralline e pesci colorati. Unisciti a noi per un&#8217;esperienza indimenticabile e crea ricordi che dureranno tutta la vita!<\/p>\n","protected":false},"featured_media":141626,"comment_status":"open","ping_status":"closed","template":"","meta":{"_coblocks_attr":"","_coblocks_dimensions":"","_coblocks_responsive_height":"","_coblocks_accordion_ie_support":"","_uag_custom_page_level_css":"","jetpack_publicize_message":"","jetpack_publicize_feature_enabled":true,"jetpack_social_post_already_shared":true,"jetpack_social_options":{"image_generator_settings":{"template":"highway","default_image_id":0,"font":"","enabled":false},"version":2},"_wpas_customize_per_network":false},"product_brand":[],"product_cat":[21074,21077],"product_tag":[1684,1644,1661,22564,1683,1682],"class_list":{"0":"post-141624","1":"product","2":"type-product","3":"status-publish","4":"has-post-thumbnail","6":"product_cat-gouna-escursioni","7":"product_cat-gouna-viaggi-mare","8":"product_tag-el-gouna-it","9":"product_tag-escursione","10":"product_tag-hurghada-it","11":"product_tag-mare","12":"product_tag-sottomarino","13":"product_tag-viaggi-marittimi","14":"pa_age-adulto","15":"pa_age-bambino-1-4-anni","16":"pa_age-bambino-5-11-anni","18":"first","19":"instock","20":"sale","21":"taxable","22":"shipping-taxable","23":"purchasable","24":"product-type-variable"},"yoast_head":"<!-- This site is optimized with the Yoast SEO Premium plugin v26.9 (Yoast SEO v27.5) - https:\/\/yoast.com\/product\/yoast-seo-premium-wordpress\/ -->\n<title>Viaggio sottomarino da El Gouna<\/title>\n<meta name=\"description\" content=\"Viaggio sottomarino da El Gouna una fantastica panoramica dalla barca a 2 ponti per osservare le magnifiche barriere coralline e i pesci colorati a una\" \/>\n<meta name=\"robots\" content=\"index, follow, max-snippet:-1, max-image-preview:large, max-video-preview:-1\" \/>\n<link rel=\"canonical\" href=\"https:\/\/landioustravel.com\/it\/shop\/viaggio-sottomarino-gouna\/\" \/>\n<meta property=\"og:locale\" content=\"it_IT\" \/>\n<meta property=\"og:type\" content=\"article\" \/>\n<meta property=\"og:title\" content=\"Viaggio sottomarino da El Gouna\" \/>\n<meta property=\"og:description\" content=\"Landious Travel\" \/>\n<meta property=\"og:url\" content=\"https:\/\/landioustravel.com\/it\/shop\/viaggio-sottomarino-gouna\/\" \/>\n<meta property=\"og:site_name\" content=\"Landious Travel\" \/>\n<meta property=\"article:publisher\" content=\"https:\/\/web.facebook.com\/landiousEgypt\" \/>\n<meta property=\"article:modified_time\" content=\"2023-06-16T14:28:48+00:00\" \/>\n<meta property=\"og:image\" content=\"https:\/\/i0.wp.com\/landioustravel.com\/wp-content\/uploads\/2023\/01\/Submarine-Trip-from-El-Gouna-e1672616413408.jpg?fit=1200%2C675&ssl=1\" \/>\n\t<meta property=\"og:image:width\" content=\"1200\" \/>\n\t<meta property=\"og:image:height\" content=\"675\" \/>\n\t<meta property=\"og:image:type\" content=\"image\/jpeg\" \/>\n<meta name=\"twitter:card\" content=\"summary_large_image\" \/>\n<meta name=\"twitter:site\" content=\"@LandiousTours\" \/>\n<meta name=\"twitter:label1\" content=\"Tempo di lettura stimato\" \/>\n\t<meta name=\"twitter:data1\" content=\"2 minuti\" \/>\n<script type=\"application\/ld+json\" class=\"yoast-schema-graph\">{\"@context\":\"https:\\\/\\\/schema.org\",\"@graph\":[{\"@type\":\"WebPage\",\"@id\":\"https:\\\/\\\/landioustravel.com\\\/it\\\/shop\\\/viaggio-sottomarino-gouna\\\/\",\"url\":\"https:\\\/\\\/landioustravel.com\\\/it\\\/shop\\\/viaggio-sottomarino-gouna\\\/\",\"name\":\"Viaggio sottomarino da El Gouna\",\"isPartOf\":{\"@id\":\"https:\\\/\\\/landioustravel.com\\\/it\\\/#website\"},\"primaryImageOfPage\":{\"@id\":\"https:\\\/\\\/landioustravel.com\\\/it\\\/shop\\\/viaggio-sottomarino-gouna\\\/#primaryimage\"},\"image\":{\"@id\":\"https:\\\/\\\/landioustravel.com\\\/it\\\/shop\\\/viaggio-sottomarino-gouna\\\/#primaryimage\"},\"thumbnailUrl\":\"https:\\\/\\\/i0.wp.com\\\/landioustravel.com\\\/wp-content\\\/uploads\\\/2023\\\/01\\\/Submarine-Trip-from-El-Gouna-e1672616413408.jpg?fit=1200%2C675&ssl=1\",\"datePublished\":\"2023-04-24T23:02:04+00:00\",\"dateModified\":\"2023-06-16T14:28:48+00:00\",\"description\":\"Viaggio sottomarino da El Gouna una fantastica panoramica dalla barca a 2 ponti per osservare le magnifiche barriere coralline e i pesci colorati a una\",\"breadcrumb\":{\"@id\":\"https:\\\/\\\/landioustravel.com\\\/it\\\/shop\\\/viaggio-sottomarino-gouna\\\/#breadcrumb\"},\"inLanguage\":\"it-IT\",\"potentialAction\":[{\"@type\":\"ReadAction\",\"target\":[\"https:\\\/\\\/landioustravel.com\\\/it\\\/shop\\\/viaggio-sottomarino-gouna\\\/\"]}]},{\"@type\":\"ImageObject\",\"inLanguage\":\"it-IT\",\"@id\":\"https:\\\/\\\/landioustravel.com\\\/it\\\/shop\\\/viaggio-sottomarino-gouna\\\/#primaryimage\",\"url\":\"https:\\\/\\\/i0.wp.com\\\/landioustravel.com\\\/wp-content\\\/uploads\\\/2023\\\/01\\\/Submarine-Trip-from-El-Gouna-e1672616413408.jpg?fit=1200%2C675&ssl=1\",\"contentUrl\":\"https:\\\/\\\/i0.wp.com\\\/landioustravel.com\\\/wp-content\\\/uploads\\\/2023\\\/01\\\/Submarine-Trip-from-El-Gouna-e1672616413408.jpg?fit=1200%2C675&ssl=1\",\"width\":1200,\"height\":675,\"caption\":\"Submarine Trip from El Gouna\"},{\"@type\":\"BreadcrumbList\",\"@id\":\"https:\\\/\\\/landioustravel.com\\\/it\\\/shop\\\/viaggio-sottomarino-gouna\\\/#breadcrumb\",\"itemListElement\":[{\"@type\":\"ListItem\",\"position\":1,\"name\":\"Home\",\"item\":\"https:\\\/\\\/landioustravel.com\\\/it\\\/\"},{\"@type\":\"ListItem\",\"position\":2,\"name\":\"Tour in Egitto\",\"item\":\"https:\\\/\\\/landioustravel.com\\\/it\\\/\"},{\"@type\":\"ListItem\",\"position\":3,\"name\":\"Viaggio sottomarino da El Gouna\"}]},{\"@type\":\"WebSite\",\"@id\":\"https:\\\/\\\/landioustravel.com\\\/it\\\/#website\",\"url\":\"https:\\\/\\\/landioustravel.com\\\/it\\\/\",\"name\":\"Landious Travel\",\"description\":\"Excursions, trips and cruises in Egypt\",\"publisher\":{\"@id\":\"https:\\\/\\\/landioustravel.com\\\/it\\\/#organization\"},\"potentialAction\":[{\"@type\":\"SearchAction\",\"target\":{\"@type\":\"EntryPoint\",\"urlTemplate\":\"https:\\\/\\\/landioustravel.com\\\/it\\\/?s={search_term_string}\"},\"query-input\":{\"@type\":\"PropertyValueSpecification\",\"valueRequired\":true,\"valueName\":\"search_term_string\"}}],\"inLanguage\":\"it-IT\"},{\"@type\":[\"Organization\",\"Place\"],\"@id\":\"https:\\\/\\\/landioustravel.com\\\/it\\\/#organization\",\"name\":\"Landious Travel\",\"alternateName\":\"Landious Travel\",\"url\":\"https:\\\/\\\/landioustravel.com\\\/it\\\/\",\"logo\":{\"@id\":\"https:\\\/\\\/landioustravel.com\\\/it\\\/shop\\\/viaggio-sottomarino-gouna\\\/#local-main-organization-logo\"},\"image\":{\"@id\":\"https:\\\/\\\/landioustravel.com\\\/it\\\/shop\\\/viaggio-sottomarino-gouna\\\/#local-main-organization-logo\"},\"sameAs\":[\"https:\\\/\\\/web.facebook.com\\\/landiousEgypt\",\"https:\\\/\\\/x.com\\\/LandiousTours\",\"https:\\\/\\\/mastodon.social\\\/@landious\"],\"legalName\":\"Landious Travel\",\"telephone\":[],\"openingHoursSpecification\":[{\"@type\":\"OpeningHoursSpecification\",\"dayOfWeek\":[\"Monday\",\"Tuesday\",\"Wednesday\",\"Thursday\",\"Friday\",\"Saturday\",\"Sunday\"],\"opens\":\"09:00\",\"closes\":\"17:00\"}]},{\"@type\":\"ImageObject\",\"inLanguage\":\"it-IT\",\"@id\":\"https:\\\/\\\/landioustravel.com\\\/it\\\/shop\\\/viaggio-sottomarino-gouna\\\/#local-main-organization-logo\",\"url\":\"https:\\\/\\\/i0.wp.com\\\/landioustravel.com\\\/wp-content\\\/uploads\\\/2021\\\/06\\\/Landious-T.png?fit=500%2C500&ssl=1\",\"contentUrl\":\"https:\\\/\\\/i0.wp.com\\\/landioustravel.com\\\/wp-content\\\/uploads\\\/2021\\\/06\\\/Landious-T.png?fit=500%2C500&ssl=1\",\"width\":500,\"height\":500,\"caption\":\"Landious Travel\"}]}<\/script>\n<!-- \/ Yoast SEO Premium plugin. -->","yoast_head_json":{"title":"Viaggio sottomarino da El Gouna","description":"Viaggio sottomarino da El Gouna una fantastica panoramica dalla barca a 2 ponti per osservare le magnifiche barriere coralline e i pesci colorati a una","robots":{"index":"index","follow":"follow","max-snippet":"max-snippet:-1","max-image-preview":"max-image-preview:large","max-video-preview":"max-video-preview:-1"},"canonical":"https:\/\/landioustravel.com\/it\/shop\/viaggio-sottomarino-gouna\/","og_locale":"it_IT","og_type":"article","og_title":"Viaggio sottomarino da El Gouna","og_description":"Landious Travel","og_url":"https:\/\/landioustravel.com\/it\/shop\/viaggio-sottomarino-gouna\/","og_site_name":"Landious Travel","article_publisher":"https:\/\/web.facebook.com\/landiousEgypt","article_modified_time":"2023-06-16T14:28:48+00:00","og_image":[{"width":1200,"height":675,"url":"https:\/\/i0.wp.com\/landioustravel.com\/wp-content\/uploads\/2023\/01\/Submarine-Trip-from-El-Gouna-e1672616413408.jpg?fit=1200%2C675&ssl=1","type":"image\/jpeg"}],"twitter_card":"summary_large_image","twitter_site":"@LandiousTours","twitter_misc":{"Tempo di lettura stimato":"2 minuti"},"schema":{"@context":"https:\/\/schema.org","@graph":[{"@type":"WebPage","@id":"https:\/\/landioustravel.com\/it\/shop\/viaggio-sottomarino-gouna\/","url":"https:\/\/landioustravel.com\/it\/shop\/viaggio-sottomarino-gouna\/","name":"Viaggio sottomarino da El Gouna","isPartOf":{"@id":"https:\/\/landioustravel.com\/it\/#website"},"primaryImageOfPage":{"@id":"https:\/\/landioustravel.com\/it\/shop\/viaggio-sottomarino-gouna\/#primaryimage"},"image":{"@id":"https:\/\/landioustravel.com\/it\/shop\/viaggio-sottomarino-gouna\/#primaryimage"},"thumbnailUrl":"https:\/\/i0.wp.com\/landioustravel.com\/wp-content\/uploads\/2023\/01\/Submarine-Trip-from-El-Gouna-e1672616413408.jpg?fit=1200%2C675&ssl=1","datePublished":"2023-04-24T23:02:04+00:00","dateModified":"2023-06-16T14:28:48+00:00","description":"Viaggio sottomarino da El Gouna una fantastica panoramica dalla barca a 2 ponti per osservare le magnifiche barriere coralline e i pesci colorati a una","breadcrumb":{"@id":"https:\/\/landioustravel.com\/it\/shop\/viaggio-sottomarino-gouna\/#breadcrumb"},"inLanguage":"it-IT","potentialAction":[{"@type":"ReadAction","target":["https:\/\/landioustravel.com\/it\/shop\/viaggio-sottomarino-gouna\/"]}]},{"@type":"ImageObject","inLanguage":"it-IT","@id":"https:\/\/landioustravel.com\/it\/shop\/viaggio-sottomarino-gouna\/#primaryimage","url":"https:\/\/i0.wp.com\/landioustravel.com\/wp-content\/uploads\/2023\/01\/Submarine-Trip-from-El-Gouna-e1672616413408.jpg?fit=1200%2C675&ssl=1","contentUrl":"https:\/\/i0.wp.com\/landioustravel.com\/wp-content\/uploads\/2023\/01\/Submarine-Trip-from-El-Gouna-e1672616413408.jpg?fit=1200%2C675&ssl=1","width":1200,"height":675,"caption":"Submarine Trip from El Gouna"},{"@type":"BreadcrumbList","@id":"https:\/\/landioustravel.com\/it\/shop\/viaggio-sottomarino-gouna\/#breadcrumb","itemListElement":[{"@type":"ListItem","position":1,"name":"Home","item":"https:\/\/landioustravel.com\/it\/"},{"@type":"ListItem","position":2,"name":"Tour in Egitto","item":"https:\/\/landioustravel.com\/it\/"},{"@type":"ListItem","position":3,"name":"Viaggio sottomarino da El Gouna"}]},{"@type":"WebSite","@id":"https:\/\/landioustravel.com\/it\/#website","url":"https:\/\/landioustravel.com\/it\/","name":"Landious Travel","description":"Excursions, trips and cruises in Egypt","publisher":{"@id":"https:\/\/landioustravel.com\/it\/#organization"},"potentialAction":[{"@type":"SearchAction","target":{"@type":"EntryPoint","urlTemplate":"https:\/\/landioustravel.com\/it\/?s={search_term_string}"},"query-input":{"@type":"PropertyValueSpecification","valueRequired":true,"valueName":"search_term_string"}}],"inLanguage":"it-IT"},{"@type":["Organization","Place"],"@id":"https:\/\/landioustravel.com\/it\/#organization","name":"Landious Travel","alternateName":"Landious Travel","url":"https:\/\/landioustravel.com\/it\/","logo":{"@id":"https:\/\/landioustravel.com\/it\/shop\/viaggio-sottomarino-gouna\/#local-main-organization-logo"},"image":{"@id":"https:\/\/landioustravel.com\/it\/shop\/viaggio-sottomarino-gouna\/#local-main-organization-logo"},"sameAs":["https:\/\/web.facebook.com\/landiousEgypt","https:\/\/x.com\/LandiousTours","https:\/\/mastodon.social\/@landious"],"legalName":"Landious Travel","telephone":[],"openingHoursSpecification":[{"@type":"OpeningHoursSpecification","dayOfWeek":["Monday","Tuesday","Wednesday","Thursday","Friday","Saturday","Sunday"],"opens":"09:00","closes":"17:00"}]},{"@type":"ImageObject","inLanguage":"it-IT","@id":"https:\/\/landioustravel.com\/it\/shop\/viaggio-sottomarino-gouna\/#local-main-organization-logo","url":"https:\/\/i0.wp.com\/landioustravel.com\/wp-content\/uploads\/2021\/06\/Landious-T.png?fit=500%2C500&ssl=1","contentUrl":"https:\/\/i0.wp.com\/landioustravel.com\/wp-content\/uploads\/2021\/06\/Landious-T.png?fit=500%2C500&ssl=1","width":500,"height":500,"caption":"Landious Travel"}]}},"jetpack_publicize_connections":[],"uagb_featured_image_src":{"full":["https:\/\/i0.wp.com\/landioustravel.com\/wp-content\/uploads\/2023\/01\/Submarine-Trip-from-El-Gouna-e1672616413408.jpg?fit=1200%2C675&ssl=1",1200,675,false],"thumbnail":["https:\/\/i0.wp.com\/landioustravel.com\/wp-content\/uploads\/2023\/01\/Submarine-Trip-from-El-Gouna-e1672616413408.jpg?resize=150%2C150&ssl=1",150,150,true],"medium":["https:\/\/i0.wp.com\/landioustravel.com\/wp-content\/uploads\/2023\/01\/Submarine-Trip-from-El-Gouna-e1672616413408.jpg?fit=300%2C169&ssl=1",300,169,true],"medium_large":["https:\/\/i0.wp.com\/landioustravel.com\/wp-content\/uploads\/2023\/01\/Submarine-Trip-from-El-Gouna-e1672616413408.jpg?fit=768%2C432&ssl=1",768,432,true],"large":["https:\/\/i0.wp.com\/landioustravel.com\/wp-content\/uploads\/2023\/01\/Submarine-Trip-from-El-Gouna-e1672616413408.jpg?fit=980%2C551&ssl=1",980,551,true],"1536x1536":["https:\/\/i0.wp.com\/landioustravel.com\/wp-content\/uploads\/2023\/01\/Submarine-Trip-from-El-Gouna-e1672616413408.jpg?fit=1200%2C675&ssl=1",1200,675,true],"2048x2048":["https:\/\/i0.wp.com\/landioustravel.com\/wp-content\/uploads\/2023\/01\/Submarine-Trip-from-El-Gouna-e1672616413408.jpg?fit=1200%2C675&ssl=1",1200,675,true],"newspack-article-block-landscape-large":["https:\/\/i0.wp.com\/landioustravel.com\/wp-content\/uploads\/2023\/01\/Submarine-Trip-from-El-Gouna-e1672616413408.jpg?resize=1200%2C675&ssl=1",1200,675,true],"newspack-article-block-portrait-large":["https:\/\/i0.wp.com\/landioustravel.com\/wp-content\/uploads\/2023\/01\/Submarine-Trip-from-El-Gouna-e1672616413408.jpg?resize=900%2C675&ssl=1",900,675,true],"newspack-article-block-square-large":["https:\/\/i0.wp.com\/landioustravel.com\/wp-content\/uploads\/2023\/01\/Submarine-Trip-from-El-Gouna-e1672616413408.jpg?resize=1200%2C675&ssl=1",1200,675,true],"newspack-article-block-landscape-medium":["https:\/\/i0.wp.com\/landioustravel.com\/wp-content\/uploads\/2023\/01\/Submarine-Trip-from-El-Gouna-e1672616413408.jpg?resize=800%2C600&ssl=1",800,600,true],"newspack-article-block-portrait-medium":["https:\/\/i0.wp.com\/landioustravel.com\/wp-content\/uploads\/2023\/01\/Submarine-Trip-from-El-Gouna-e1672616413408.jpg?resize=600%2C675&ssl=1",600,675,true],"newspack-article-block-square-medium":["https:\/\/i0.wp.com\/landioustravel.com\/wp-content\/uploads\/2023\/01\/Submarine-Trip-from-El-Gouna-e1672616413408.jpg?resize=800%2C675&ssl=1",800,675,true],"newspack-article-block-landscape-intermediate":["https:\/\/i0.wp.com\/landioustravel.com\/wp-content\/uploads\/2023\/01\/Submarine-Trip-from-El-Gouna-e1672616413408.jpg?resize=600%2C450&ssl=1",600,450,true],"newspack-article-block-portrait-intermediate":["https:\/\/i0.wp.com\/landioustravel.com\/wp-content\/uploads\/2023\/01\/Submarine-Trip-from-El-Gouna-e1672616413408.jpg?resize=450%2C600&ssl=1",450,600,true],"newspack-article-block-square-intermediate":["https:\/\/i0.wp.com\/landioustravel.com\/wp-content\/uploads\/2023\/01\/Submarine-Trip-from-El-Gouna-e1672616413408.jpg?resize=600%2C600&ssl=1",600,600,true],"newspack-article-block-landscape-small":["https:\/\/i0.wp.com\/landioustravel.com\/wp-content\/uploads\/2023\/01\/Submarine-Trip-from-El-Gouna-e1672616413408.jpg?resize=400%2C300&ssl=1",400,300,true],"newspack-article-block-portrait-small":["https:\/\/i0.wp.com\/landioustravel.com\/wp-content\/uploads\/2023\/01\/Submarine-Trip-from-El-Gouna-e1672616413408.jpg?resize=300%2C400&ssl=1",300,400,true],"newspack-article-block-square-small":["https:\/\/i0.wp.com\/landioustravel.com\/wp-content\/uploads\/2023\/01\/Submarine-Trip-from-El-Gouna-e1672616413408.jpg?resize=400%2C400&ssl=1",400,400,true],"newspack-article-block-landscape-tiny":["https:\/\/i0.wp.com\/landioustravel.com\/wp-content\/uploads\/2023\/01\/Submarine-Trip-from-El-Gouna-e1672616413408.jpg?resize=200%2C150&ssl=1",200,150,true],"newspack-article-block-portrait-tiny":["https:\/\/i0.wp.com\/landioustravel.com\/wp-content\/uploads\/2023\/01\/Submarine-Trip-from-El-Gouna-e1672616413408.jpg?resize=150%2C200&ssl=1",150,200,true],"newspack-article-block-square-tiny":["https:\/\/i0.wp.com\/landioustravel.com\/wp-content\/uploads\/2023\/01\/Submarine-Trip-from-El-Gouna-e1672616413408.jpg?resize=200%2C200&ssl=1",200,200,true],"newspack-article-block-uncropped":["https:\/\/i0.wp.com\/landioustravel.com\/wp-content\/uploads\/2023\/01\/Submarine-Trip-from-El-Gouna-e1672616413408.jpg?fit=1200%2C675&ssl=1",1200,675,true],"woocommerce_thumbnail":["https:\/\/i0.wp.com\/landioustravel.com\/wp-content\/uploads\/2023\/01\/Submarine-Trip-from-El-Gouna-e1672616413408.jpg?resize=324%2C324&ssl=1",324,324,true],"woocommerce_single":["https:\/\/i0.wp.com\/landioustravel.com\/wp-content\/uploads\/2023\/01\/Submarine-Trip-from-El-Gouna-e1672616413408.jpg?fit=416%2C234&ssl=1",416,234,true],"woocommerce_gallery_thumbnail":["https:\/\/i0.wp.com\/landioustravel.com\/wp-content\/uploads\/2023\/01\/Submarine-Trip-from-El-Gouna-e1672616413408.jpg?resize=100%2C100&ssl=1",100,100,true]},"uagb_author_info":{"display_name":"Mofreh Landious","author_link":"https:\/\/landioustravel.com\/it\/author\/"},"uagb_comment_info":0,"uagb_excerpt":"Parti per un'emozionante avventura con i tuoi cari e immergiti nell'affascinante mondo della vita marina nel Mar Rosso! Scopri la bellezza dei pesci del Mar Rosso e della barriera corallina mentre ti immergi per 25 metri sott'acqua con il sottomarino Sindbad a Hurghada. Rimarrai stupito dai colori vivaci e dalla variet\u00e0 delle creature marine che&hellip;","jetpack_sharing_enabled":true,"jetpack_likes_enabled":true,"amp_enabled":true,"_links":{"self":[{"href":"https:\/\/landioustravel.com\/it\/wp-json\/wp\/v2\/product\/141624","targetHints":{"allow":["GET"]}}],"collection":[{"href":"https:\/\/landioustravel.com\/it\/wp-json\/wp\/v2\/product"}],"about":[{"href":"https:\/\/landioustravel.com\/it\/wp-json\/wp\/v2\/types\/product"}],"replies":[{"embeddable":true,"href":"https:\/\/landioustravel.com\/it\/wp-json\/wp\/v2\/comments?post=141624"}],"wp:featuredmedia":[{"embeddable":true,"href":"https:\/\/landioustravel.com\/it\/wp-json\/wp\/v2\/media\/141626"}],"wp:attachment":[{"href":"https:\/\/landioustravel.com\/it\/wp-json\/wp\/v2\/media?parent=141624"}],"wp:term":[{"taxonomy":"product_brand","embeddable":true,"href":"https:\/\/landioustravel.com\/it\/wp-json\/wp\/v2\/product_brand?post=141624"},{"taxonomy":"product_cat","embeddable":true,"href":"https:\/\/landioustravel.com\/it\/wp-json\/wp\/v2\/product_cat?post=141624"},{"taxonomy":"product_tag","embeddable":true,"href":"https:\/\/landioustravel.com\/it\/wp-json\/wp\/v2\/product_tag?post=141624"}],"curies":[{"name":"wp","href":"https:\/\/api.w.org\/{rel}","templated":true}]}}