{"id":141657,"date":"2023-01-01T21:14:04","date_gmt":"2023-04-24T23:46:16","guid":{"rendered":"https:\/\/landioustravel.com\/?post_type=product&#038;p=141657"},"modified":"2023-06-16T19:07:54","modified_gmt":"2023-06-16T17:07:54","slug":"escursione-isola-mahmya-gouna","status":"publish","type":"product","link":"https:\/\/landioustravel.com\/it\/shop\/escursione-isola-mahmya-gouna\/","title":{"rendered":"Escursione all&#8217;isola di Mahmya El Gouna"},"content":{"rendered":"<p>Mahmya Island Trip El Gouna \u00e8 una bellissima gita in barca alla spiaggia dell&#8217;isola di Mahmya sull&#8217;isola di <a href=\"https:\/\/landioustravel.com\/it\/egitto\/isole-mare\/isole-giftun\/\">Grand Giftun<\/a> a Hurghada, in Egitto! Consigliamo questa escursione perch\u00e9 permette ai turisti di trascorrere una giornata di mare perfetta! Certo, ti permette di vedere bellissime barriere coralline e una variet\u00e0 di pesci nelle acque turchesi del mare. Senza dubbio, questo viaggio ti permetter\u00e0 di goderti un&#8217;intera giornata sulla spiaggia di sabbia bianca di Mahmya.<\/p>\n<p>Ti godrai un picnic in barca sul Mar Rosso e ti ritroverai sulla spiaggia da sogno di Mahmya! Inoltre, questa spiaggia presenta ottimi servizi e un ristorante all&#8217;aperto.<\/p>\n<h2>Punti salienti del viaggio sull&#8217;isola di Mahmya El Gouna<\/h2>\n<ul>\n<li>Nuota in mare aperto dalla barca.<\/li>\n<li>Fai snorkeling con maschere e pinne in mare aperto.<\/li>\n<li>Goditi cibo e bevande (acqua e bevande analcoliche).<\/li>\n<li>Inoltre, atterra a Mahmya Beach sulle isole Giftun.<\/li>\n<\/ul>\n<h2>Programma della gita in barca a Mahmya<\/h2>\n<ul>\n<li>Il rappresentante di Landious Travel verr\u00e0 a prenderti all&#8217;hotel di El Gouna alle 08:00 circa.<\/li>\n<li>Dopo aver raccolto tutti i visitatori, l&#8217;autobus si diriger\u00e0 al porto. La strada per questo porto impiegher\u00e0 circa 20 minuti.<\/li>\n<li>Una volta arrivato in quel porto, troverai la tua barca. \u00c8 grande e chic! Questa barca \u00e8 composta da due piani. \u00c8 preferibile togliersi le scarpe non appena si entra. Successivamente, puoi salire sull&#8217;abbronzatura del secondo piano sul ponte sole superiore.<\/li>\n<li>Quella barca navigher\u00e0 attraverso il Mar Rosso non appena il gruppo si sar\u00e0 riunito.<\/li>\n<li>Inoltre, farai la tua prima sosta sulle bellissime barriere coralline. L\u00ec puoi nuotare e fare snorkeling con maschere e pinne.<\/li>\n<li>La tua prossima tappa sar\u00e0 sull&#8217;isola di Giftun, precisamente; Mahmya Beach. Per questo motivo, ti porteremo su un motoscafo a Mahmya Beach su quest&#8217;isola. A quel punto, la tua guida ti dar\u00e0 un&#8217;idea delle possibilit\u00e0 sulla spiaggia. Le nostre guide forniranno indicazioni su dove trovare tende, lettini, servizi igienici e ristoranti.<\/li>\n<li>Sull&#8217;isola trascorrerai tre ore. Avrai abbastanza tempo per nuotare, fare snorkeling e prendere il sole.<\/li>\n<li>Il ristorante esiste sull&#8217;isola stessa. A pranzo avrai un ricco buffet per scegliere i cibi che pi\u00f9 ti piacciono.<\/li>\n<li>Questa gita in barca all&#8217;isola di Mahmya da El Gouna termina alle 17:30 circa.<\/li>\n<\/ul>\n<h2>Cosa include il prezzo dell&#8217;escursione all&#8217;isola di Mahmya Hurghada?<\/h2>\n<ol>\n<li>Attrezzatura per lo snorkeling (maschere e pinne).<\/li>\n<li>Cibo e bevande.<\/li>\n<li>Biglietti d&#8217;ingresso all&#8217;isola di Mahmya.<\/li>\n<li>Lettini in spiaggia.<\/li>\n<li>Inoltre, trasferimento al porto e ritorno in hotel.<\/li>\n<\/ol>\n<h2>Cosa non include il Programma di Mahmya Island El Gouna?<\/h2>\n<ul>\n<li>Biglietto d&#8217;ingresso (5 USD a persona)<\/li>\n<li>Dvd video.<\/li>\n<li>Inoltre, il Photo CD.<\/li>\n<\/ul>\n<h2>Cosa portare con te per il viaggio?<\/h2>\n<ul>\n<li>Asciugamano.<\/li>\n<li>Inoltre, crema solare.<\/li>\n<\/ul>\n<h2>Giorni di prenotazione dell&#8217;escursione sull&#8217;isola di Mahmya El Gouna<\/h2>\n<ul>\n<li>Tutti i giorni dalle 08:00 alle 17:00.<\/li>\n<\/ul>\n<h2>Isola Mahmya<\/h2>\n<p>Ispirato dal suo ambiente naturale, Mahmya \u00e8 un paradiso ecoturistico delimitato da acque blu incontaminate in attesa di esplorazione e una spiaggia di sabbia bianca che invita al relax.<\/p>\n<p>Accompagnato da buon cibo, ottima musica e una folla divertente, Mahmya \u00e8 una fuga esotica che cambier\u00e0 la tua idea del giorno perfetto nel Mar Rosso e ti regaler\u00e0 ricordi che dureranno per sempre!<\/p>\n<h2>Isole Giftun<\/h2>\n<p>L&#8217;isola di Giftun si trova all&#8217;interno della Riserva delle Isole del Nord nelle Riserve del Mar Rosso. Questo parco nazionale \u00e8 famoso per le sue caratteristiche barriere coralline che sono invecchiate molto tempo fa. Inoltre, queste isole ospitano rari banchi di pesci che i turisti amano vedere quando si tuffano nel mare che li circonda. Inoltre, il luogo \u00e8 ricco di stormi di delfini che i turisti visitano soprattutto in tutto il mondo.<\/p>\n<h2>Servizi presentati durante l&#8217;escursione all&#8217;isola di Mahmya da El Gouna<\/h2>\n<ul>\n<li><strong>Trasporto<\/strong>: Landious Travel utilizza una limousine\/minibus con aria condizionata per fornirti assistenza. Un autista professionista ti accompagner\u00e0 al porto e al tuo hotel.<\/li>\n<li><strong>Guida<\/strong>: un tour leader inglese professionista verr\u00e0 a prenderti dai tuoi hotel. Quindi, le nostre guide ti accompagneranno al porto.<\/li>\n<li><strong>Strutture barca:<\/strong> le nostre barche sono nuove a tre piani. Dotiamo queste barche di un salone da pranzo, acqua fredda, cucina e servizi igienici. Inoltre, forniamo loro giubbotti di salvataggio e attrezzatura per lo snorkeling al primo piano. Allo stesso tempo, il loro piano prendisole ha comodi lettini e una tenda.<\/li>\n<li><strong>Team e staff:<\/strong> avrai un equipaggio amichevole e professionale sulla barca. I nostri istruttori e formatori ti guideranno durante il viaggio.<\/li>\n<li><strong>Cibo<\/strong>: presentiamo un pranzo di qualit\u00e0 in barca, con diversi piatti<\/li>\n<\/ul>\n","protected":false},"excerpt":{"rendered":"<p>Scopri la bellezza mozzafiato dell&#8217;isola di Mahmya nel Mar Rosso e le sue acque protette all&#8217;interno del Parco nazionale dell&#8217;isola di Giftun. Fai snorkeling tra splendide barriere coralline e giardini e assisti alla meraviglia dei delfini e ai vivaci banchi di pesci. Rilassati sulle incontaminate spiagge di sabbia bianca e nuota nelle acque cristalline. Durante il tuo viaggio da El Gouna, fai un memorabile picnic sul mare attraverso il Mar Rosso, con una sosta alle barriere coralline di Sapina per nuotare e fare snorkeling. All&#8217;arrivo all&#8217;isola di Giftun, avrai l&#8217;opportunit\u00e0 di dedicarti alle sabbie dorate, nuotare o scattare bellissime foto. Sarai anche trattato con un pranzo decadente presso il ristorante all&#8217;aperto dell&#8217;isola, assicurando un&#8217;esperienza davvero indimenticabile a tutti i nostri amati visitatori.<\/p>\n","protected":false},"featured_media":141660,"comment_status":"open","ping_status":"closed","template":"","meta":{"_coblocks_attr":"","_coblocks_dimensions":"","_coblocks_responsive_height":"","_coblocks_accordion_ie_support":"","_uag_custom_page_level_css":"","jetpack_publicize_message":"","jetpack_publicize_feature_enabled":true,"jetpack_social_post_already_shared":true,"jetpack_social_options":{"image_generator_settings":{"template":"highway","default_image_id":0,"font":"","enabled":false},"version":2},"_wpas_customize_per_network":false},"product_brand":[],"product_cat":[21074,21077],"product_tag":[1684,1644,1661,1670,22564,1663,1682],"class_list":{"0":"post-141657","1":"product","2":"type-product","3":"status-publish","4":"has-post-thumbnail","6":"product_cat-gouna-escursioni","7":"product_cat-gouna-viaggi-mare","8":"product_tag-el-gouna-it","9":"product_tag-escursione","10":"product_tag-hurghada-it","11":"product_tag-isola","12":"product_tag-mare","13":"product_tag-snorkeling-it","14":"product_tag-viaggi-marittimi","15":"pa_age-adulto","16":"pa_age-bambino-1-4-anni","17":"pa_age-bambino-5-11-anni","19":"first","20":"instock","21":"sale","22":"taxable","23":"shipping-taxable","24":"purchasable","25":"product-type-variable"},"yoast_head":"<!-- This site is optimized with the Yoast SEO Premium plugin v26.9 (Yoast SEO v27.4) - https:\/\/yoast.com\/product\/yoast-seo-premium-wordpress\/ -->\n<title>Escursione all&#039;isola di Mahmya El Gouna<\/title>\n<meta name=\"description\" content=\"Escursione all&#039;isola di Mahmya El Gouna ti godrai un picnic in mare attraverso il Mar Rosso. Da qualche parte, ti fermerai sulle barriere coralline di\" \/>\n<meta name=\"robots\" content=\"index, follow, max-snippet:-1, max-image-preview:large, max-video-preview:-1\" \/>\n<link rel=\"canonical\" href=\"https:\/\/landioustravel.com\/it\/shop\/escursione-isola-mahmya-gouna\/\" \/>\n<meta property=\"og:locale\" content=\"it_IT\" \/>\n<meta property=\"og:type\" content=\"article\" \/>\n<meta property=\"og:title\" content=\"Escursione all&#039;isola di Mahmya El Gouna\" \/>\n<meta property=\"og:description\" content=\"Landious Travel\" \/>\n<meta property=\"og:url\" content=\"https:\/\/landioustravel.com\/it\/shop\/escursione-isola-mahmya-gouna\/\" \/>\n<meta property=\"og:site_name\" content=\"Landious Travel\" \/>\n<meta property=\"article:publisher\" content=\"https:\/\/web.facebook.com\/landiousEgypt\" \/>\n<meta property=\"article:modified_time\" content=\"2023-06-16T17:07:54+00:00\" \/>\n<meta property=\"og:image\" content=\"https:\/\/i0.wp.com\/landioustravel.com\/wp-content\/uploads\/2023\/01\/Mahmya-Island-Trip-El-Gouna-e1672600345452.jpg?fit=2000%2C1125&ssl=1\" \/>\n\t<meta property=\"og:image:width\" content=\"2000\" \/>\n\t<meta property=\"og:image:height\" content=\"1125\" \/>\n\t<meta property=\"og:image:type\" content=\"image\/jpeg\" \/>\n<meta name=\"twitter:card\" content=\"summary_large_image\" \/>\n<meta name=\"twitter:site\" content=\"@LandiousTours\" \/>\n<meta name=\"twitter:label1\" content=\"Tempo di lettura stimato\" \/>\n\t<meta name=\"twitter:data1\" content=\"4 minuti\" \/>\n<script type=\"application\/ld+json\" class=\"yoast-schema-graph\">{\"@context\":\"https:\\\/\\\/schema.org\",\"@graph\":[{\"@type\":\"WebPage\",\"@id\":\"https:\\\/\\\/landioustravel.com\\\/it\\\/shop\\\/escursione-isola-mahmya-gouna\\\/\",\"url\":\"https:\\\/\\\/landioustravel.com\\\/it\\\/shop\\\/escursione-isola-mahmya-gouna\\\/\",\"name\":\"Escursione all'isola di Mahmya El Gouna\",\"isPartOf\":{\"@id\":\"https:\\\/\\\/landioustravel.com\\\/it\\\/#website\"},\"primaryImageOfPage\":{\"@id\":\"https:\\\/\\\/landioustravel.com\\\/it\\\/shop\\\/escursione-isola-mahmya-gouna\\\/#primaryimage\"},\"image\":{\"@id\":\"https:\\\/\\\/landioustravel.com\\\/it\\\/shop\\\/escursione-isola-mahmya-gouna\\\/#primaryimage\"},\"thumbnailUrl\":\"https:\\\/\\\/i0.wp.com\\\/landioustravel.com\\\/wp-content\\\/uploads\\\/2023\\\/01\\\/Mahmya-Island-Trip-El-Gouna-e1672600345452.jpg?fit=2000%2C1125&ssl=1\",\"datePublished\":\"2023-04-24T23:46:16+00:00\",\"dateModified\":\"2023-06-16T17:07:54+00:00\",\"description\":\"Escursione all'isola di Mahmya El Gouna ti godrai un picnic in mare attraverso il Mar Rosso. Da qualche parte, ti fermerai sulle barriere coralline di\",\"breadcrumb\":{\"@id\":\"https:\\\/\\\/landioustravel.com\\\/it\\\/shop\\\/escursione-isola-mahmya-gouna\\\/#breadcrumb\"},\"inLanguage\":\"it-IT\",\"potentialAction\":[{\"@type\":\"ReadAction\",\"target\":[\"https:\\\/\\\/landioustravel.com\\\/it\\\/shop\\\/escursione-isola-mahmya-gouna\\\/\"]}]},{\"@type\":\"ImageObject\",\"inLanguage\":\"it-IT\",\"@id\":\"https:\\\/\\\/landioustravel.com\\\/it\\\/shop\\\/escursione-isola-mahmya-gouna\\\/#primaryimage\",\"url\":\"https:\\\/\\\/i0.wp.com\\\/landioustravel.com\\\/wp-content\\\/uploads\\\/2023\\\/01\\\/Mahmya-Island-Trip-El-Gouna-e1672600345452.jpg?fit=2000%2C1125&ssl=1\",\"contentUrl\":\"https:\\\/\\\/i0.wp.com\\\/landioustravel.com\\\/wp-content\\\/uploads\\\/2023\\\/01\\\/Mahmya-Island-Trip-El-Gouna-e1672600345452.jpg?fit=2000%2C1125&ssl=1\",\"width\":2000,\"height\":1125,\"caption\":\"Mahmya Island Trip El Gouna\"},{\"@type\":\"BreadcrumbList\",\"@id\":\"https:\\\/\\\/landioustravel.com\\\/it\\\/shop\\\/escursione-isola-mahmya-gouna\\\/#breadcrumb\",\"itemListElement\":[{\"@type\":\"ListItem\",\"position\":1,\"name\":\"Home\",\"item\":\"https:\\\/\\\/landioustravel.com\\\/it\\\/\"},{\"@type\":\"ListItem\",\"position\":2,\"name\":\"Tour in Egitto\",\"item\":\"https:\\\/\\\/landioustravel.com\\\/it\\\/\"},{\"@type\":\"ListItem\",\"position\":3,\"name\":\"Escursione all&#8217;isola di Mahmya El Gouna\"}]},{\"@type\":\"WebSite\",\"@id\":\"https:\\\/\\\/landioustravel.com\\\/it\\\/#website\",\"url\":\"https:\\\/\\\/landioustravel.com\\\/it\\\/\",\"name\":\"Landious Travel\",\"description\":\"Excursions, trips and cruises in Egypt\",\"publisher\":{\"@id\":\"https:\\\/\\\/landioustravel.com\\\/it\\\/#organization\"},\"potentialAction\":[{\"@type\":\"SearchAction\",\"target\":{\"@type\":\"EntryPoint\",\"urlTemplate\":\"https:\\\/\\\/landioustravel.com\\\/it\\\/?s={search_term_string}\"},\"query-input\":{\"@type\":\"PropertyValueSpecification\",\"valueRequired\":true,\"valueName\":\"search_term_string\"}}],\"inLanguage\":\"it-IT\"},{\"@type\":[\"Organization\",\"Place\"],\"@id\":\"https:\\\/\\\/landioustravel.com\\\/it\\\/#organization\",\"name\":\"Landious Travel\",\"alternateName\":\"Landious Travel\",\"url\":\"https:\\\/\\\/landioustravel.com\\\/it\\\/\",\"logo\":{\"@id\":\"https:\\\/\\\/landioustravel.com\\\/it\\\/shop\\\/escursione-isola-mahmya-gouna\\\/#local-main-organization-logo\"},\"image\":{\"@id\":\"https:\\\/\\\/landioustravel.com\\\/it\\\/shop\\\/escursione-isola-mahmya-gouna\\\/#local-main-organization-logo\"},\"sameAs\":[\"https:\\\/\\\/web.facebook.com\\\/landiousEgypt\",\"https:\\\/\\\/x.com\\\/LandiousTours\",\"https:\\\/\\\/mastodon.social\\\/@landious\"],\"legalName\":\"Landious Travel\",\"telephone\":[],\"openingHoursSpecification\":[{\"@type\":\"OpeningHoursSpecification\",\"dayOfWeek\":[\"Monday\",\"Tuesday\",\"Wednesday\",\"Thursday\",\"Friday\",\"Saturday\",\"Sunday\"],\"opens\":\"09:00\",\"closes\":\"17:00\"}]},{\"@type\":\"ImageObject\",\"inLanguage\":\"it-IT\",\"@id\":\"https:\\\/\\\/landioustravel.com\\\/it\\\/shop\\\/escursione-isola-mahmya-gouna\\\/#local-main-organization-logo\",\"url\":\"https:\\\/\\\/i0.wp.com\\\/landioustravel.com\\\/wp-content\\\/uploads\\\/2021\\\/06\\\/Landious-T.png?fit=500%2C500&ssl=1\",\"contentUrl\":\"https:\\\/\\\/i0.wp.com\\\/landioustravel.com\\\/wp-content\\\/uploads\\\/2021\\\/06\\\/Landious-T.png?fit=500%2C500&ssl=1\",\"width\":500,\"height\":500,\"caption\":\"Landious Travel\"}]}<\/script>\n<!-- \/ Yoast SEO Premium plugin. -->","yoast_head_json":{"title":"Escursione all'isola di Mahmya El Gouna","description":"Escursione all'isola di Mahmya El Gouna ti godrai un picnic in mare attraverso il Mar Rosso. Da qualche parte, ti fermerai sulle barriere coralline di","robots":{"index":"index","follow":"follow","max-snippet":"max-snippet:-1","max-image-preview":"max-image-preview:large","max-video-preview":"max-video-preview:-1"},"canonical":"https:\/\/landioustravel.com\/it\/shop\/escursione-isola-mahmya-gouna\/","og_locale":"it_IT","og_type":"article","og_title":"Escursione all'isola di Mahmya El Gouna","og_description":"Landious Travel","og_url":"https:\/\/landioustravel.com\/it\/shop\/escursione-isola-mahmya-gouna\/","og_site_name":"Landious Travel","article_publisher":"https:\/\/web.facebook.com\/landiousEgypt","article_modified_time":"2023-06-16T17:07:54+00:00","og_image":[{"width":2000,"height":1125,"url":"https:\/\/i0.wp.com\/landioustravel.com\/wp-content\/uploads\/2023\/01\/Mahmya-Island-Trip-El-Gouna-e1672600345452.jpg?fit=2000%2C1125&ssl=1","type":"image\/jpeg"}],"twitter_card":"summary_large_image","twitter_site":"@LandiousTours","twitter_misc":{"Tempo di lettura stimato":"4 minuti"},"schema":{"@context":"https:\/\/schema.org","@graph":[{"@type":"WebPage","@id":"https:\/\/landioustravel.com\/it\/shop\/escursione-isola-mahmya-gouna\/","url":"https:\/\/landioustravel.com\/it\/shop\/escursione-isola-mahmya-gouna\/","name":"Escursione all'isola di Mahmya El Gouna","isPartOf":{"@id":"https:\/\/landioustravel.com\/it\/#website"},"primaryImageOfPage":{"@id":"https:\/\/landioustravel.com\/it\/shop\/escursione-isola-mahmya-gouna\/#primaryimage"},"image":{"@id":"https:\/\/landioustravel.com\/it\/shop\/escursione-isola-mahmya-gouna\/#primaryimage"},"thumbnailUrl":"https:\/\/i0.wp.com\/landioustravel.com\/wp-content\/uploads\/2023\/01\/Mahmya-Island-Trip-El-Gouna-e1672600345452.jpg?fit=2000%2C1125&ssl=1","datePublished":"2023-04-24T23:46:16+00:00","dateModified":"2023-06-16T17:07:54+00:00","description":"Escursione all'isola di Mahmya El Gouna ti godrai un picnic in mare attraverso il Mar Rosso. Da qualche parte, ti fermerai sulle barriere coralline di","breadcrumb":{"@id":"https:\/\/landioustravel.com\/it\/shop\/escursione-isola-mahmya-gouna\/#breadcrumb"},"inLanguage":"it-IT","potentialAction":[{"@type":"ReadAction","target":["https:\/\/landioustravel.com\/it\/shop\/escursione-isola-mahmya-gouna\/"]}]},{"@type":"ImageObject","inLanguage":"it-IT","@id":"https:\/\/landioustravel.com\/it\/shop\/escursione-isola-mahmya-gouna\/#primaryimage","url":"https:\/\/i0.wp.com\/landioustravel.com\/wp-content\/uploads\/2023\/01\/Mahmya-Island-Trip-El-Gouna-e1672600345452.jpg?fit=2000%2C1125&ssl=1","contentUrl":"https:\/\/i0.wp.com\/landioustravel.com\/wp-content\/uploads\/2023\/01\/Mahmya-Island-Trip-El-Gouna-e1672600345452.jpg?fit=2000%2C1125&ssl=1","width":2000,"height":1125,"caption":"Mahmya Island Trip El Gouna"},{"@type":"BreadcrumbList","@id":"https:\/\/landioustravel.com\/it\/shop\/escursione-isola-mahmya-gouna\/#breadcrumb","itemListElement":[{"@type":"ListItem","position":1,"name":"Home","item":"https:\/\/landioustravel.com\/it\/"},{"@type":"ListItem","position":2,"name":"Tour in Egitto","item":"https:\/\/landioustravel.com\/it\/"},{"@type":"ListItem","position":3,"name":"Escursione all&#8217;isola di Mahmya El Gouna"}]},{"@type":"WebSite","@id":"https:\/\/landioustravel.com\/it\/#website","url":"https:\/\/landioustravel.com\/it\/","name":"Landious Travel","description":"Excursions, trips and cruises in Egypt","publisher":{"@id":"https:\/\/landioustravel.com\/it\/#organization"},"potentialAction":[{"@type":"SearchAction","target":{"@type":"EntryPoint","urlTemplate":"https:\/\/landioustravel.com\/it\/?s={search_term_string}"},"query-input":{"@type":"PropertyValueSpecification","valueRequired":true,"valueName":"search_term_string"}}],"inLanguage":"it-IT"},{"@type":["Organization","Place"],"@id":"https:\/\/landioustravel.com\/it\/#organization","name":"Landious Travel","alternateName":"Landious Travel","url":"https:\/\/landioustravel.com\/it\/","logo":{"@id":"https:\/\/landioustravel.com\/it\/shop\/escursione-isola-mahmya-gouna\/#local-main-organization-logo"},"image":{"@id":"https:\/\/landioustravel.com\/it\/shop\/escursione-isola-mahmya-gouna\/#local-main-organization-logo"},"sameAs":["https:\/\/web.facebook.com\/landiousEgypt","https:\/\/x.com\/LandiousTours","https:\/\/mastodon.social\/@landious"],"legalName":"Landious Travel","telephone":[],"openingHoursSpecification":[{"@type":"OpeningHoursSpecification","dayOfWeek":["Monday","Tuesday","Wednesday","Thursday","Friday","Saturday","Sunday"],"opens":"09:00","closes":"17:00"}]},{"@type":"ImageObject","inLanguage":"it-IT","@id":"https:\/\/landioustravel.com\/it\/shop\/escursione-isola-mahmya-gouna\/#local-main-organization-logo","url":"https:\/\/i0.wp.com\/landioustravel.com\/wp-content\/uploads\/2021\/06\/Landious-T.png?fit=500%2C500&ssl=1","contentUrl":"https:\/\/i0.wp.com\/landioustravel.com\/wp-content\/uploads\/2021\/06\/Landious-T.png?fit=500%2C500&ssl=1","width":500,"height":500,"caption":"Landious Travel"}]}},"jetpack_publicize_connections":[],"uagb_featured_image_src":{"full":["https:\/\/i0.wp.com\/landioustravel.com\/wp-content\/uploads\/2023\/01\/Mahmya-Island-Trip-El-Gouna-e1672600345452.jpg?fit=2000%2C1125&ssl=1",2000,1125,false],"thumbnail":["https:\/\/i0.wp.com\/landioustravel.com\/wp-content\/uploads\/2023\/01\/Mahmya-Island-Trip-El-Gouna-e1672600345452.jpg?resize=150%2C150&ssl=1",150,150,true],"medium":["https:\/\/i0.wp.com\/landioustravel.com\/wp-content\/uploads\/2023\/01\/Mahmya-Island-Trip-El-Gouna-e1672600345452.jpg?fit=300%2C169&ssl=1",300,169,true],"medium_large":["https:\/\/i0.wp.com\/landioustravel.com\/wp-content\/uploads\/2023\/01\/Mahmya-Island-Trip-El-Gouna-e1672600345452.jpg?fit=768%2C432&ssl=1",768,432,true],"large":["https:\/\/i0.wp.com\/landioustravel.com\/wp-content\/uploads\/2023\/01\/Mahmya-Island-Trip-El-Gouna-e1672600345452.jpg?fit=980%2C551&ssl=1",980,551,true],"1536x1536":["https:\/\/i0.wp.com\/landioustravel.com\/wp-content\/uploads\/2023\/01\/Mahmya-Island-Trip-El-Gouna-e1672600345452.jpg?fit=1536%2C864&ssl=1",1536,864,true],"2048x2048":["https:\/\/i0.wp.com\/landioustravel.com\/wp-content\/uploads\/2023\/01\/Mahmya-Island-Trip-El-Gouna-e1672600345452.jpg?fit=2000%2C1125&ssl=1",2000,1125,true],"newspack-article-block-landscape-large":["https:\/\/i0.wp.com\/landioustravel.com\/wp-content\/uploads\/2023\/01\/Mahmya-Island-Trip-El-Gouna-e1672600345452.jpg?resize=1200%2C900&ssl=1",1200,900,true],"newspack-article-block-portrait-large":["https:\/\/i0.wp.com\/landioustravel.com\/wp-content\/uploads\/2023\/01\/Mahmya-Island-Trip-El-Gouna-e1672600345452.jpg?resize=900%2C1125&ssl=1",900,1125,true],"newspack-article-block-square-large":["https:\/\/i0.wp.com\/landioustravel.com\/wp-content\/uploads\/2023\/01\/Mahmya-Island-Trip-El-Gouna-e1672600345452.jpg?resize=1200%2C1125&ssl=1",1200,1125,true],"newspack-article-block-landscape-medium":["https:\/\/i0.wp.com\/landioustravel.com\/wp-content\/uploads\/2023\/01\/Mahmya-Island-Trip-El-Gouna-e1672600345452.jpg?resize=800%2C600&ssl=1",800,600,true],"newspack-article-block-portrait-medium":["https:\/\/i0.wp.com\/landioustravel.com\/wp-content\/uploads\/2023\/01\/Mahmya-Island-Trip-El-Gouna-e1672600345452.jpg?resize=600%2C800&ssl=1",600,800,true],"newspack-article-block-square-medium":["https:\/\/i0.wp.com\/landioustravel.com\/wp-content\/uploads\/2023\/01\/Mahmya-Island-Trip-El-Gouna-e1672600345452.jpg?resize=800%2C800&ssl=1",800,800,true],"newspack-article-block-landscape-intermediate":["https:\/\/i0.wp.com\/landioustravel.com\/wp-content\/uploads\/2023\/01\/Mahmya-Island-Trip-El-Gouna-e1672600345452.jpg?resize=600%2C450&ssl=1",600,450,true],"newspack-article-block-portrait-intermediate":["https:\/\/i0.wp.com\/landioustravel.com\/wp-content\/uploads\/2023\/01\/Mahmya-Island-Trip-El-Gouna-e1672600345452.jpg?resize=450%2C600&ssl=1",450,600,true],"newspack-article-block-square-intermediate":["https:\/\/i0.wp.com\/landioustravel.com\/wp-content\/uploads\/2023\/01\/Mahmya-Island-Trip-El-Gouna-e1672600345452.jpg?resize=600%2C600&ssl=1",600,600,true],"newspack-article-block-landscape-small":["https:\/\/i0.wp.com\/landioustravel.com\/wp-content\/uploads\/2023\/01\/Mahmya-Island-Trip-El-Gouna-e1672600345452.jpg?resize=400%2C300&ssl=1",400,300,true],"newspack-article-block-portrait-small":["https:\/\/i0.wp.com\/landioustravel.com\/wp-content\/uploads\/2023\/01\/Mahmya-Island-Trip-El-Gouna-e1672600345452.jpg?resize=300%2C400&ssl=1",300,400,true],"newspack-article-block-square-small":["https:\/\/i0.wp.com\/landioustravel.com\/wp-content\/uploads\/2023\/01\/Mahmya-Island-Trip-El-Gouna-e1672600345452.jpg?resize=400%2C400&ssl=1",400,400,true],"newspack-article-block-landscape-tiny":["https:\/\/i0.wp.com\/landioustravel.com\/wp-content\/uploads\/2023\/01\/Mahmya-Island-Trip-El-Gouna-e1672600345452.jpg?resize=200%2C150&ssl=1",200,150,true],"newspack-article-block-portrait-tiny":["https:\/\/i0.wp.com\/landioustravel.com\/wp-content\/uploads\/2023\/01\/Mahmya-Island-Trip-El-Gouna-e1672600345452.jpg?resize=150%2C200&ssl=1",150,200,true],"newspack-article-block-square-tiny":["https:\/\/i0.wp.com\/landioustravel.com\/wp-content\/uploads\/2023\/01\/Mahmya-Island-Trip-El-Gouna-e1672600345452.jpg?resize=200%2C200&ssl=1",200,200,true],"newspack-article-block-uncropped":["https:\/\/i0.wp.com\/landioustravel.com\/wp-content\/uploads\/2023\/01\/Mahmya-Island-Trip-El-Gouna-e1672600345452.jpg?fit=1200%2C675&ssl=1",1200,675,true],"woocommerce_thumbnail":["https:\/\/i0.wp.com\/landioustravel.com\/wp-content\/uploads\/2023\/01\/Mahmya-Island-Trip-El-Gouna-e1672600345452.jpg?resize=324%2C324&ssl=1",324,324,true],"woocommerce_single":["https:\/\/i0.wp.com\/landioustravel.com\/wp-content\/uploads\/2023\/01\/Mahmya-Island-Trip-El-Gouna-e1672600345452.jpg?fit=416%2C234&ssl=1",416,234,true],"woocommerce_gallery_thumbnail":["https:\/\/i0.wp.com\/landioustravel.com\/wp-content\/uploads\/2023\/01\/Mahmya-Island-Trip-El-Gouna-e1672600345452.jpg?resize=100%2C100&ssl=1",100,100,true]},"uagb_author_info":{"display_name":"Mofreh Landious","author_link":"https:\/\/landioustravel.com\/it\/author\/"},"uagb_comment_info":0,"uagb_excerpt":"Scopri la bellezza mozzafiato dell'isola di Mahmya nel Mar Rosso e le sue acque protette all'interno del Parco nazionale dell'isola di Giftun. Fai snorkeling tra splendide barriere coralline e giardini e assisti alla meraviglia dei delfini e ai vivaci banchi di pesci. Rilassati sulle incontaminate spiagge di sabbia bianca e nuota nelle acque cristalline. Durante&hellip;","jetpack_sharing_enabled":true,"jetpack_likes_enabled":true,"amp_enabled":true,"_links":{"self":[{"href":"https:\/\/landioustravel.com\/it\/wp-json\/wp\/v2\/product\/141657","targetHints":{"allow":["GET"]}}],"collection":[{"href":"https:\/\/landioustravel.com\/it\/wp-json\/wp\/v2\/product"}],"about":[{"href":"https:\/\/landioustravel.com\/it\/wp-json\/wp\/v2\/types\/product"}],"replies":[{"embeddable":true,"href":"https:\/\/landioustravel.com\/it\/wp-json\/wp\/v2\/comments?post=141657"}],"wp:featuredmedia":[{"embeddable":true,"href":"https:\/\/landioustravel.com\/it\/wp-json\/wp\/v2\/media\/141660"}],"wp:attachment":[{"href":"https:\/\/landioustravel.com\/it\/wp-json\/wp\/v2\/media?parent=141657"}],"wp:term":[{"taxonomy":"product_brand","embeddable":true,"href":"https:\/\/landioustravel.com\/it\/wp-json\/wp\/v2\/product_brand?post=141657"},{"taxonomy":"product_cat","embeddable":true,"href":"https:\/\/landioustravel.com\/it\/wp-json\/wp\/v2\/product_cat?post=141657"},{"taxonomy":"product_tag","embeddable":true,"href":"https:\/\/landioustravel.com\/it\/wp-json\/wp\/v2\/product_tag?post=141657"}],"curies":[{"name":"wp","href":"https:\/\/api.w.org\/{rel}","templated":true}]}}