{"id":141665,"date":"2023-01-01T02:29:18","date_gmt":"2023-04-24T23:53:51","guid":{"rendered":"https:\/\/landioustravel.com\/?post_type=product&#038;p=141665"},"modified":"2023-06-17T03:15:38","modified_gmt":"2023-06-17T01:15:38","slug":"viaggio-pesca-gouna","status":"publish","type":"product","link":"https:\/\/landioustravel.com\/it\/shop\/viaggio-pesca-gouna\/","title":{"rendered":"Viaggio di pesca El Gouna"},"content":{"rendered":"<p>Viaggio di pesca El Gouna \u00e8 un&#8217;emozionante gita in barca da pesca nel Mar Rosso a El Gouna, in Egitto! Raccomandiamo il viaggio perch\u00e9 permette ai turisti di pescare nel mare. Vedono anche le bellissime barriere coralline e vari pesci e si godono un picnic attraverso il Mar Rosso. In effetti, \u00e8 una delle escursioni di El Gouna pi\u00f9 esistenti! PRENOTAZIONE ONLINE VIAGGIO DI PESCA EL GOUNA E MIGLIOR PREZZO!<\/p>\n<h2>Punti salienti del viaggio di pesca a El Gouna<\/h2>\n<ul>\n<li>Pesca in mare aperto.<\/li>\n<li>Snorkeling con maschere e pinne.<\/li>\n<li>Inoltre, pranzo a bordo della barca.<\/li>\n<\/ul>\n<h2>Programma di Avventura alla cattura di pesci<\/h2>\n<ul>\n<li>Landious Travel verr\u00e0 a prenderti dai tuoi hotel di El Gouna alle 08:00 circa.<\/li>\n<li>Dopo aver raccolto tutti i visitatori, l&#8217;autobus si diriger\u00e0 verso il porto. La strada per il molo dura circa 20 minuti.<\/li>\n<li>Troverai la tua barca nel porto. \u00c8 una barca grande e chic; ed \u00e8 composto da due piani. Quando sali sulla nave, sar\u00e0 preferibile toglierti le scarpe e prepararti per la pesca alla traina. La pesca a traina avviene mentre la barca naviga sul mare. Per questo motivo dotiamo la nostra barca di due canne da traina nella parte posteriore.<\/li>\n<li>La barca naviga sul Mar Rosso non appena il gruppo si riunisce. Poi, da qualche parte in mare aperto, dar\u00e0 l&#8217;ancora per farti pescare direttamente dalla sua tavola. A quel punto, tutti potranno andare a pescare.<\/li>\n<li>Successivamente, ti fermerai in un altro posto nuotando con maschere e pinne.<\/li>\n<li>Dopo questa sosta, il gruppo si riunir\u00e0 al primo piano per il pranzo. Durante l&#8217;ora di pranzo sar\u00e0 aperto il buffet.<\/li>\n<li>Successivamente, riproverai a pescare da qualche altra parte.<\/li>\n<li>Infine, ti riaccompagniamo ai tuoi hotel dopo un&#8217;emozionante esperienza di pesca nel Mar Rosso.<\/li>\n<li>Questa battuta di pesca a El Gouna termina alle 16:30 circa.<\/li>\n<\/ul>\n<h2>Cosa include il prezzo della battuta di pesca di El Gouna?<\/h2>\n<ul>\n<li>Attrezzatura da pesca.<\/li>\n<li>Attrezzatura per lo snorkeling.<\/li>\n<li>Cibo.<\/li>\n<li>Inoltre, trasferimento al porto e ritorno in hotel.<\/li>\n<\/ul>\n<h2>Cosa non include il programma del viaggio di pesca a El Gouna?<\/h2>\n<ul>\n<li>Biglietto d&#8217;ingresso (5 dollari USD a persona)<\/li>\n<li>Dvd video.<\/li>\n<li>Inoltre, il Photo CD.<\/li>\n<\/ul>\n<h2>Cosa portare con te per il viaggio<\/h2>\n<ul>\n<li>Asciugamano.<\/li>\n<li>Inoltre, crema solare.<\/li>\n<\/ul>\n<h2>Giorni di prenotazione<\/h2>\n<ul>\n<li>Marted\u00ec dalle 08:00 alle 17:00.<\/li>\n<li>Inoltre, il venerd\u00ec \u00e8 dalle 08:00 alle 17:00.<\/li>\n<\/ul>\n<h2>Servizi presentati durante la battuta di pesca a El Gouna<\/h2>\n<ul>\n<li><strong>Trasporti<\/strong>: Landious Travel utilizza limousine\/minibus con aria condizionata come mezzo di trasporto. Inoltre, un autista professionista ti accompagner\u00e0 al porto e al tuo hotel.<\/li>\n<li><strong>Guida<\/strong>: un tour leader inglese professionista ti verr\u00e0 a prendere dai tuoi hotel e ti accompagner\u00e0 al porto.<\/li>\n<li><strong>Strutture barca:<\/strong> le nostre barche sono nuove a tre piani. Queste barche hanno un salone da pranzo, acqua fredda, una cucina e due bagni. Inoltre, li dotiamo di giubbotti di salvataggio, attrezzatura per lo snorkeling e due mulinelli da traina al primo piano. Nel frattempo, il pavimento del ponte sole ha comodi lettini e una tenda.<\/li>\n<li><strong>Team e staff:<\/strong> avrai un equipaggio amichevole e professionale sulla barca. I nostri istruttori e formatori ti guideranno durante il viaggio.<\/li>\n<li><strong>Cibo<\/strong>: offriamo un delizioso pranzo a bordo della barca con diversi piatti.<\/li>\n<\/ul>\n","protected":false},"excerpt":{"rendered":"<p>Hai mai considerato la pesca d&#8217;altura nel Mar Rosso? Si dice che sia l&#8217;ultima esperienza di pesca sportiva in Egitto. Con la guida e il supporto di esperti, puoi pescare tutto l&#8217;anno e trascorrere una giornata indimenticabile sull&#8217;acqua. Immagina di catturare il tuo pesce e poi di cucinarlo sul posto per un pasto delizioso ed eccitante. Durante l&#8217;escursione, la barca si ancora in mare aperto, dove avrai accesso a molti pesci. E prima della fine dell&#8217;escursione, avrai anche la possibilit\u00e0 di nuotare in mare aperto con maschera e pinne. Con attrezzatura da pesca e pranzo inclusi nel prezzo del viaggio, questa \u00e8 un&#8217;occasione da non perdere.<\/p>\n","protected":false},"featured_media":134098,"comment_status":"open","ping_status":"closed","template":"","meta":{"_coblocks_attr":"","_coblocks_dimensions":"","_coblocks_responsive_height":"","_coblocks_accordion_ie_support":"","_uag_custom_page_level_css":"","jetpack_publicize_message":"","jetpack_publicize_feature_enabled":true,"jetpack_social_post_already_shared":true,"jetpack_social_options":{"image_generator_settings":{"template":"highway","default_image_id":0,"font":"","enabled":false},"version":2},"_wpas_customize_per_network":false},"product_brand":[],"product_cat":[21074,21077],"product_tag":[1684,1644,22564,1664,1663,1682],"class_list":{"0":"post-141665","1":"product","2":"type-product","3":"status-publish","4":"has-post-thumbnail","6":"product_cat-gouna-escursioni","7":"product_cat-gouna-viaggi-mare","8":"product_tag-el-gouna-it","9":"product_tag-escursione","10":"product_tag-mare","11":"product_tag-pesca","12":"product_tag-snorkeling-it","13":"product_tag-viaggi-marittimi","14":"pa_age-adulto","15":"pa_age-bambino-5-11-anni","17":"first","18":"instock","19":"sale","20":"taxable","21":"shipping-taxable","22":"purchasable","23":"product-type-variable"},"yoast_head":"<!-- This site is optimized with the Yoast SEO Premium plugin v26.9 (Yoast SEO v27.4) - https:\/\/yoast.com\/product\/yoast-seo-premium-wordpress\/ -->\n<title>Viaggio di pesca El Gouna<\/title>\n<meta name=\"description\" content=\"Viaggio di pesca El Gouna e cucinare in loco. Sar\u00e0 cos\u00ec eccitante e gustoso! Durante la navigazione, la barca si ancora in mare aperto, con abbondanza di\" \/>\n<meta name=\"robots\" content=\"index, follow, max-snippet:-1, max-image-preview:large, max-video-preview:-1\" \/>\n<link rel=\"canonical\" href=\"https:\/\/landioustravel.com\/it\/shop\/viaggio-pesca-gouna\/\" \/>\n<meta property=\"og:locale\" content=\"it_IT\" \/>\n<meta property=\"og:type\" content=\"article\" \/>\n<meta property=\"og:title\" content=\"Viaggio di pesca El Gouna\" \/>\n<meta property=\"og:description\" content=\"Landious Travel\" \/>\n<meta property=\"og:url\" content=\"https:\/\/landioustravel.com\/it\/shop\/viaggio-pesca-gouna\/\" \/>\n<meta property=\"og:site_name\" content=\"Landious Travel\" \/>\n<meta property=\"article:publisher\" content=\"https:\/\/web.facebook.com\/landiousEgypt\" \/>\n<meta property=\"article:modified_time\" content=\"2023-06-17T01:15:38+00:00\" \/>\n<meta property=\"og:image\" content=\"https:\/\/i0.wp.com\/landioustravel.com\/wp-content\/uploads\/2023\/01\/Fishing-Trip-El-Gouna-e1672532709968.jpg?fit=1200%2C675&ssl=1\" \/>\n\t<meta property=\"og:image:width\" content=\"1200\" \/>\n\t<meta property=\"og:image:height\" content=\"675\" \/>\n\t<meta property=\"og:image:type\" content=\"image\/jpeg\" \/>\n<meta name=\"twitter:card\" content=\"summary_large_image\" \/>\n<meta name=\"twitter:site\" content=\"@LandiousTours\" \/>\n<meta name=\"twitter:label1\" content=\"Tempo di lettura stimato\" \/>\n\t<meta name=\"twitter:data1\" content=\"3 minuti\" \/>\n<script type=\"application\/ld+json\" class=\"yoast-schema-graph\">{\"@context\":\"https:\\\/\\\/schema.org\",\"@graph\":[{\"@type\":\"WebPage\",\"@id\":\"https:\\\/\\\/landioustravel.com\\\/it\\\/shop\\\/viaggio-pesca-gouna\\\/\",\"url\":\"https:\\\/\\\/landioustravel.com\\\/it\\\/shop\\\/viaggio-pesca-gouna\\\/\",\"name\":\"Viaggio di pesca El Gouna\",\"isPartOf\":{\"@id\":\"https:\\\/\\\/landioustravel.com\\\/it\\\/#website\"},\"primaryImageOfPage\":{\"@id\":\"https:\\\/\\\/landioustravel.com\\\/it\\\/shop\\\/viaggio-pesca-gouna\\\/#primaryimage\"},\"image\":{\"@id\":\"https:\\\/\\\/landioustravel.com\\\/it\\\/shop\\\/viaggio-pesca-gouna\\\/#primaryimage\"},\"thumbnailUrl\":\"https:\\\/\\\/i0.wp.com\\\/landioustravel.com\\\/wp-content\\\/uploads\\\/2023\\\/01\\\/Fishing-Trip-El-Gouna-e1672532709968.jpg?fit=1200%2C675&ssl=1\",\"datePublished\":\"2023-04-24T23:53:51+00:00\",\"dateModified\":\"2023-06-17T01:15:38+00:00\",\"description\":\"Viaggio di pesca El Gouna e cucinare in loco. Sar\u00e0 cos\u00ec eccitante e gustoso! Durante la navigazione, la barca si ancora in mare aperto, con abbondanza di\",\"breadcrumb\":{\"@id\":\"https:\\\/\\\/landioustravel.com\\\/it\\\/shop\\\/viaggio-pesca-gouna\\\/#breadcrumb\"},\"inLanguage\":\"it-IT\",\"potentialAction\":[{\"@type\":\"ReadAction\",\"target\":[\"https:\\\/\\\/landioustravel.com\\\/it\\\/shop\\\/viaggio-pesca-gouna\\\/\"]}]},{\"@type\":\"ImageObject\",\"inLanguage\":\"it-IT\",\"@id\":\"https:\\\/\\\/landioustravel.com\\\/it\\\/shop\\\/viaggio-pesca-gouna\\\/#primaryimage\",\"url\":\"https:\\\/\\\/i0.wp.com\\\/landioustravel.com\\\/wp-content\\\/uploads\\\/2023\\\/01\\\/Fishing-Trip-El-Gouna-e1672532709968.jpg?fit=1200%2C675&ssl=1\",\"contentUrl\":\"https:\\\/\\\/i0.wp.com\\\/landioustravel.com\\\/wp-content\\\/uploads\\\/2023\\\/01\\\/Fishing-Trip-El-Gouna-e1672532709968.jpg?fit=1200%2C675&ssl=1\",\"width\":1200,\"height\":675,\"caption\":\"Fishing Trip El Gouna\"},{\"@type\":\"BreadcrumbList\",\"@id\":\"https:\\\/\\\/landioustravel.com\\\/it\\\/shop\\\/viaggio-pesca-gouna\\\/#breadcrumb\",\"itemListElement\":[{\"@type\":\"ListItem\",\"position\":1,\"name\":\"Home\",\"item\":\"https:\\\/\\\/landioustravel.com\\\/it\\\/\"},{\"@type\":\"ListItem\",\"position\":2,\"name\":\"Tour in Egitto\",\"item\":\"https:\\\/\\\/landioustravel.com\\\/it\\\/\"},{\"@type\":\"ListItem\",\"position\":3,\"name\":\"Viaggio di pesca El Gouna\"}]},{\"@type\":\"WebSite\",\"@id\":\"https:\\\/\\\/landioustravel.com\\\/it\\\/#website\",\"url\":\"https:\\\/\\\/landioustravel.com\\\/it\\\/\",\"name\":\"Landious Travel\",\"description\":\"Excursions, trips and cruises in Egypt\",\"publisher\":{\"@id\":\"https:\\\/\\\/landioustravel.com\\\/it\\\/#organization\"},\"potentialAction\":[{\"@type\":\"SearchAction\",\"target\":{\"@type\":\"EntryPoint\",\"urlTemplate\":\"https:\\\/\\\/landioustravel.com\\\/it\\\/?s={search_term_string}\"},\"query-input\":{\"@type\":\"PropertyValueSpecification\",\"valueRequired\":true,\"valueName\":\"search_term_string\"}}],\"inLanguage\":\"it-IT\"},{\"@type\":[\"Organization\",\"Place\"],\"@id\":\"https:\\\/\\\/landioustravel.com\\\/it\\\/#organization\",\"name\":\"Landious Travel\",\"alternateName\":\"Landious Travel\",\"url\":\"https:\\\/\\\/landioustravel.com\\\/it\\\/\",\"logo\":{\"@id\":\"https:\\\/\\\/landioustravel.com\\\/it\\\/shop\\\/viaggio-pesca-gouna\\\/#local-main-organization-logo\"},\"image\":{\"@id\":\"https:\\\/\\\/landioustravel.com\\\/it\\\/shop\\\/viaggio-pesca-gouna\\\/#local-main-organization-logo\"},\"sameAs\":[\"https:\\\/\\\/web.facebook.com\\\/landiousEgypt\",\"https:\\\/\\\/x.com\\\/LandiousTours\",\"https:\\\/\\\/mastodon.social\\\/@landious\"],\"legalName\":\"Landious Travel\",\"telephone\":[],\"openingHoursSpecification\":[{\"@type\":\"OpeningHoursSpecification\",\"dayOfWeek\":[\"Monday\",\"Tuesday\",\"Wednesday\",\"Thursday\",\"Friday\",\"Saturday\",\"Sunday\"],\"opens\":\"09:00\",\"closes\":\"17:00\"}]},{\"@type\":\"ImageObject\",\"inLanguage\":\"it-IT\",\"@id\":\"https:\\\/\\\/landioustravel.com\\\/it\\\/shop\\\/viaggio-pesca-gouna\\\/#local-main-organization-logo\",\"url\":\"https:\\\/\\\/i0.wp.com\\\/landioustravel.com\\\/wp-content\\\/uploads\\\/2021\\\/06\\\/Landious-T.png?fit=500%2C500&ssl=1\",\"contentUrl\":\"https:\\\/\\\/i0.wp.com\\\/landioustravel.com\\\/wp-content\\\/uploads\\\/2021\\\/06\\\/Landious-T.png?fit=500%2C500&ssl=1\",\"width\":500,\"height\":500,\"caption\":\"Landious Travel\"}]}<\/script>\n<!-- \/ Yoast SEO Premium plugin. -->","yoast_head_json":{"title":"Viaggio di pesca El Gouna","description":"Viaggio di pesca El Gouna e cucinare in loco. Sar\u00e0 cos\u00ec eccitante e gustoso! Durante la navigazione, la barca si ancora in mare aperto, con abbondanza di","robots":{"index":"index","follow":"follow","max-snippet":"max-snippet:-1","max-image-preview":"max-image-preview:large","max-video-preview":"max-video-preview:-1"},"canonical":"https:\/\/landioustravel.com\/it\/shop\/viaggio-pesca-gouna\/","og_locale":"it_IT","og_type":"article","og_title":"Viaggio di pesca El Gouna","og_description":"Landious Travel","og_url":"https:\/\/landioustravel.com\/it\/shop\/viaggio-pesca-gouna\/","og_site_name":"Landious Travel","article_publisher":"https:\/\/web.facebook.com\/landiousEgypt","article_modified_time":"2023-06-17T01:15:38+00:00","og_image":[{"width":1200,"height":675,"url":"https:\/\/i0.wp.com\/landioustravel.com\/wp-content\/uploads\/2023\/01\/Fishing-Trip-El-Gouna-e1672532709968.jpg?fit=1200%2C675&ssl=1","type":"image\/jpeg"}],"twitter_card":"summary_large_image","twitter_site":"@LandiousTours","twitter_misc":{"Tempo di lettura stimato":"3 minuti"},"schema":{"@context":"https:\/\/schema.org","@graph":[{"@type":"WebPage","@id":"https:\/\/landioustravel.com\/it\/shop\/viaggio-pesca-gouna\/","url":"https:\/\/landioustravel.com\/it\/shop\/viaggio-pesca-gouna\/","name":"Viaggio di pesca El Gouna","isPartOf":{"@id":"https:\/\/landioustravel.com\/it\/#website"},"primaryImageOfPage":{"@id":"https:\/\/landioustravel.com\/it\/shop\/viaggio-pesca-gouna\/#primaryimage"},"image":{"@id":"https:\/\/landioustravel.com\/it\/shop\/viaggio-pesca-gouna\/#primaryimage"},"thumbnailUrl":"https:\/\/i0.wp.com\/landioustravel.com\/wp-content\/uploads\/2023\/01\/Fishing-Trip-El-Gouna-e1672532709968.jpg?fit=1200%2C675&ssl=1","datePublished":"2023-04-24T23:53:51+00:00","dateModified":"2023-06-17T01:15:38+00:00","description":"Viaggio di pesca El Gouna e cucinare in loco. Sar\u00e0 cos\u00ec eccitante e gustoso! Durante la navigazione, la barca si ancora in mare aperto, con abbondanza di","breadcrumb":{"@id":"https:\/\/landioustravel.com\/it\/shop\/viaggio-pesca-gouna\/#breadcrumb"},"inLanguage":"it-IT","potentialAction":[{"@type":"ReadAction","target":["https:\/\/landioustravel.com\/it\/shop\/viaggio-pesca-gouna\/"]}]},{"@type":"ImageObject","inLanguage":"it-IT","@id":"https:\/\/landioustravel.com\/it\/shop\/viaggio-pesca-gouna\/#primaryimage","url":"https:\/\/i0.wp.com\/landioustravel.com\/wp-content\/uploads\/2023\/01\/Fishing-Trip-El-Gouna-e1672532709968.jpg?fit=1200%2C675&ssl=1","contentUrl":"https:\/\/i0.wp.com\/landioustravel.com\/wp-content\/uploads\/2023\/01\/Fishing-Trip-El-Gouna-e1672532709968.jpg?fit=1200%2C675&ssl=1","width":1200,"height":675,"caption":"Fishing Trip El Gouna"},{"@type":"BreadcrumbList","@id":"https:\/\/landioustravel.com\/it\/shop\/viaggio-pesca-gouna\/#breadcrumb","itemListElement":[{"@type":"ListItem","position":1,"name":"Home","item":"https:\/\/landioustravel.com\/it\/"},{"@type":"ListItem","position":2,"name":"Tour in Egitto","item":"https:\/\/landioustravel.com\/it\/"},{"@type":"ListItem","position":3,"name":"Viaggio di pesca El Gouna"}]},{"@type":"WebSite","@id":"https:\/\/landioustravel.com\/it\/#website","url":"https:\/\/landioustravel.com\/it\/","name":"Landious Travel","description":"Excursions, trips and cruises in Egypt","publisher":{"@id":"https:\/\/landioustravel.com\/it\/#organization"},"potentialAction":[{"@type":"SearchAction","target":{"@type":"EntryPoint","urlTemplate":"https:\/\/landioustravel.com\/it\/?s={search_term_string}"},"query-input":{"@type":"PropertyValueSpecification","valueRequired":true,"valueName":"search_term_string"}}],"inLanguage":"it-IT"},{"@type":["Organization","Place"],"@id":"https:\/\/landioustravel.com\/it\/#organization","name":"Landious Travel","alternateName":"Landious Travel","url":"https:\/\/landioustravel.com\/it\/","logo":{"@id":"https:\/\/landioustravel.com\/it\/shop\/viaggio-pesca-gouna\/#local-main-organization-logo"},"image":{"@id":"https:\/\/landioustravel.com\/it\/shop\/viaggio-pesca-gouna\/#local-main-organization-logo"},"sameAs":["https:\/\/web.facebook.com\/landiousEgypt","https:\/\/x.com\/LandiousTours","https:\/\/mastodon.social\/@landious"],"legalName":"Landious Travel","telephone":[],"openingHoursSpecification":[{"@type":"OpeningHoursSpecification","dayOfWeek":["Monday","Tuesday","Wednesday","Thursday","Friday","Saturday","Sunday"],"opens":"09:00","closes":"17:00"}]},{"@type":"ImageObject","inLanguage":"it-IT","@id":"https:\/\/landioustravel.com\/it\/shop\/viaggio-pesca-gouna\/#local-main-organization-logo","url":"https:\/\/i0.wp.com\/landioustravel.com\/wp-content\/uploads\/2021\/06\/Landious-T.png?fit=500%2C500&ssl=1","contentUrl":"https:\/\/i0.wp.com\/landioustravel.com\/wp-content\/uploads\/2021\/06\/Landious-T.png?fit=500%2C500&ssl=1","width":500,"height":500,"caption":"Landious Travel"}]}},"jetpack_publicize_connections":[],"uagb_featured_image_src":{"full":["https:\/\/i0.wp.com\/landioustravel.com\/wp-content\/uploads\/2023\/01\/Fishing-Trip-El-Gouna-e1672532709968.jpg?fit=1200%2C675&ssl=1",1200,675,false],"thumbnail":["https:\/\/i0.wp.com\/landioustravel.com\/wp-content\/uploads\/2023\/01\/Fishing-Trip-El-Gouna-e1672532709968.jpg?resize=150%2C150&ssl=1",150,150,true],"medium":["https:\/\/i0.wp.com\/landioustravel.com\/wp-content\/uploads\/2023\/01\/Fishing-Trip-El-Gouna-e1672532709968.jpg?fit=300%2C169&ssl=1",300,169,true],"medium_large":["https:\/\/i0.wp.com\/landioustravel.com\/wp-content\/uploads\/2023\/01\/Fishing-Trip-El-Gouna-e1672532709968.jpg?fit=768%2C432&ssl=1",768,432,true],"large":["https:\/\/i0.wp.com\/landioustravel.com\/wp-content\/uploads\/2023\/01\/Fishing-Trip-El-Gouna-e1672532709968.jpg?fit=980%2C551&ssl=1",980,551,true],"1536x1536":["https:\/\/i0.wp.com\/landioustravel.com\/wp-content\/uploads\/2023\/01\/Fishing-Trip-El-Gouna-e1672532709968.jpg?fit=1200%2C675&ssl=1",1200,675,true],"2048x2048":["https:\/\/i0.wp.com\/landioustravel.com\/wp-content\/uploads\/2023\/01\/Fishing-Trip-El-Gouna-e1672532709968.jpg?fit=1200%2C675&ssl=1",1200,675,true],"newspack-article-block-landscape-large":["https:\/\/i0.wp.com\/landioustravel.com\/wp-content\/uploads\/2023\/01\/Fishing-Trip-El-Gouna-e1672532709968.jpg?resize=1200%2C675&ssl=1",1200,675,true],"newspack-article-block-portrait-large":["https:\/\/i0.wp.com\/landioustravel.com\/wp-content\/uploads\/2023\/01\/Fishing-Trip-El-Gouna-e1672532709968.jpg?resize=900%2C675&ssl=1",900,675,true],"newspack-article-block-square-large":["https:\/\/i0.wp.com\/landioustravel.com\/wp-content\/uploads\/2023\/01\/Fishing-Trip-El-Gouna-e1672532709968.jpg?resize=1200%2C675&ssl=1",1200,675,true],"newspack-article-block-landscape-medium":["https:\/\/i0.wp.com\/landioustravel.com\/wp-content\/uploads\/2023\/01\/Fishing-Trip-El-Gouna-e1672532709968.jpg?resize=800%2C600&ssl=1",800,600,true],"newspack-article-block-portrait-medium":["https:\/\/i0.wp.com\/landioustravel.com\/wp-content\/uploads\/2023\/01\/Fishing-Trip-El-Gouna-e1672532709968.jpg?resize=600%2C675&ssl=1",600,675,true],"newspack-article-block-square-medium":["https:\/\/i0.wp.com\/landioustravel.com\/wp-content\/uploads\/2023\/01\/Fishing-Trip-El-Gouna-e1672532709968.jpg?resize=800%2C675&ssl=1",800,675,true],"newspack-article-block-landscape-intermediate":["https:\/\/i0.wp.com\/landioustravel.com\/wp-content\/uploads\/2023\/01\/Fishing-Trip-El-Gouna-e1672532709968.jpg?resize=600%2C450&ssl=1",600,450,true],"newspack-article-block-portrait-intermediate":["https:\/\/i0.wp.com\/landioustravel.com\/wp-content\/uploads\/2023\/01\/Fishing-Trip-El-Gouna-e1672532709968.jpg?resize=450%2C600&ssl=1",450,600,true],"newspack-article-block-square-intermediate":["https:\/\/i0.wp.com\/landioustravel.com\/wp-content\/uploads\/2023\/01\/Fishing-Trip-El-Gouna-e1672532709968.jpg?resize=600%2C600&ssl=1",600,600,true],"newspack-article-block-landscape-small":["https:\/\/i0.wp.com\/landioustravel.com\/wp-content\/uploads\/2023\/01\/Fishing-Trip-El-Gouna-e1672532709968.jpg?resize=400%2C300&ssl=1",400,300,true],"newspack-article-block-portrait-small":["https:\/\/i0.wp.com\/landioustravel.com\/wp-content\/uploads\/2023\/01\/Fishing-Trip-El-Gouna-e1672532709968.jpg?resize=300%2C400&ssl=1",300,400,true],"newspack-article-block-square-small":["https:\/\/i0.wp.com\/landioustravel.com\/wp-content\/uploads\/2023\/01\/Fishing-Trip-El-Gouna-e1672532709968.jpg?resize=400%2C400&ssl=1",400,400,true],"newspack-article-block-landscape-tiny":["https:\/\/i0.wp.com\/landioustravel.com\/wp-content\/uploads\/2023\/01\/Fishing-Trip-El-Gouna-e1672532709968.jpg?resize=200%2C150&ssl=1",200,150,true],"newspack-article-block-portrait-tiny":["https:\/\/i0.wp.com\/landioustravel.com\/wp-content\/uploads\/2023\/01\/Fishing-Trip-El-Gouna-e1672532709968.jpg?resize=150%2C200&ssl=1",150,200,true],"newspack-article-block-square-tiny":["https:\/\/i0.wp.com\/landioustravel.com\/wp-content\/uploads\/2023\/01\/Fishing-Trip-El-Gouna-e1672532709968.jpg?resize=200%2C200&ssl=1",200,200,true],"newspack-article-block-uncropped":["https:\/\/i0.wp.com\/landioustravel.com\/wp-content\/uploads\/2023\/01\/Fishing-Trip-El-Gouna-e1672532709968.jpg?fit=1200%2C675&ssl=1",1200,675,true],"woocommerce_thumbnail":["https:\/\/i0.wp.com\/landioustravel.com\/wp-content\/uploads\/2023\/01\/Fishing-Trip-El-Gouna-e1672532709968.jpg?resize=324%2C324&ssl=1",324,324,true],"woocommerce_single":["https:\/\/i0.wp.com\/landioustravel.com\/wp-content\/uploads\/2023\/01\/Fishing-Trip-El-Gouna-e1672532709968.jpg?fit=416%2C234&ssl=1",416,234,true],"woocommerce_gallery_thumbnail":["https:\/\/i0.wp.com\/landioustravel.com\/wp-content\/uploads\/2023\/01\/Fishing-Trip-El-Gouna-e1672532709968.jpg?resize=100%2C100&ssl=1",100,100,true]},"uagb_author_info":{"display_name":"Mofreh Landious","author_link":"https:\/\/landioustravel.com\/it\/author\/"},"uagb_comment_info":0,"uagb_excerpt":"Hai mai considerato la pesca d'altura nel Mar Rosso? Si dice che sia l'ultima esperienza di pesca sportiva in Egitto. Con la guida e il supporto di esperti, puoi pescare tutto l'anno e trascorrere una giornata indimenticabile sull'acqua. Immagina di catturare il tuo pesce e poi di cucinarlo sul posto per un pasto delizioso ed&hellip;","jetpack_sharing_enabled":true,"jetpack_likes_enabled":true,"amp_enabled":true,"_links":{"self":[{"href":"https:\/\/landioustravel.com\/it\/wp-json\/wp\/v2\/product\/141665","targetHints":{"allow":["GET"]}}],"collection":[{"href":"https:\/\/landioustravel.com\/it\/wp-json\/wp\/v2\/product"}],"about":[{"href":"https:\/\/landioustravel.com\/it\/wp-json\/wp\/v2\/types\/product"}],"replies":[{"embeddable":true,"href":"https:\/\/landioustravel.com\/it\/wp-json\/wp\/v2\/comments?post=141665"}],"wp:featuredmedia":[{"embeddable":true,"href":"https:\/\/landioustravel.com\/it\/wp-json\/wp\/v2\/media\/134098"}],"wp:attachment":[{"href":"https:\/\/landioustravel.com\/it\/wp-json\/wp\/v2\/media?parent=141665"}],"wp:term":[{"taxonomy":"product_brand","embeddable":true,"href":"https:\/\/landioustravel.com\/it\/wp-json\/wp\/v2\/product_brand?post=141665"},{"taxonomy":"product_cat","embeddable":true,"href":"https:\/\/landioustravel.com\/it\/wp-json\/wp\/v2\/product_cat?post=141665"},{"taxonomy":"product_tag","embeddable":true,"href":"https:\/\/landioustravel.com\/it\/wp-json\/wp\/v2\/product_tag?post=141665"}],"curies":[{"name":"wp","href":"https:\/\/api.w.org\/{rel}","templated":true}]}}