{"id":141673,"date":"2022-12-31T23:32:07","date_gmt":"2023-04-25T00:05:51","guid":{"rendered":"https:\/\/landioustravel.com\/?post_type=product&#038;p=141673"},"modified":"2023-06-17T03:38:22","modified_gmt":"2023-06-17T01:38:22","slug":"escursione-orange-bay-gouna","status":"publish","type":"product","link":"https:\/\/landioustravel.com\/it\/shop\/escursione-orange-bay-gouna\/","title":{"rendered":"Escursione a Orange Bay El Gouna"},"content":{"rendered":"<p>Escursione a Orange Bay El Gouna \u00e8 una bellissima escursione in mare a Orange Bay sull&#8217;isola di Grand Giftun a Hurghada, in Egitto! Raccomandiamo il viaggio perch\u00e9 consente principalmente ai turisti di divertirsi in mare! Naturalmente, questo viaggio di snorkeling ti permetter\u00e0 di vedere bellissime barriere coralline e un&#8217;incredibile variet\u00e0 di pesci. Inoltre, ti godrai un picnic in barca attraverso il Mar Rosso e metti i piedi sull&#8217;isola di Giftun.<\/p>\n<p>L&#8217;Orange Beach di Giftun ti fa sentire come se fossi alle Maldive. Incoraggiamo tutti a vivere i Caraibi egiziani, Orange Bay! Lo snorkeling nelle acque cristalline del Mar Rosso su questa spiaggia dell&#8217;isola \u00e8 travolgente! Trascorri una giornata piena di relax e divertimento! Fai snorkeling nelle acque turchesi del Mar Rosso e goditi la soffice sabbia bianca nell&#8217;acqua bassa! Forniamo ottimi servizi sia in spiaggia che in barca!<\/p>\n<p>La recinzione della spiaggia occupa pi\u00f9 di 3000 metri quadrati. \u00c8 stato facilitato utilizzando materiali ecologici in collaborazione con l&#8217;Organizzazione per la protezione e la conservazione dell&#8217;ambiente di Hurghada.<\/p>\n<h2>Momenti salienti dell&#8217;Escursione a Orange Bay El Gouna<\/h2>\n<ul>\n<li>Nuota in mare aperto dalla barca.<\/li>\n<li>Fai snorkeling con maschere e pinne in mare aperto.<\/li>\n<li>Pranzo in barca.<\/li>\n<li>Inoltre, sbarco a Orange Bay sull&#8217;isola di Giftun.<\/li>\n<\/ul>\n<h2>Programma di Snorkeling Experience a Orange Island Beach<\/h2>\n<ul>\n<li>Ora di inizio: il rappresentante di Landious Travel verr\u00e0 a prenderti dall&#8217;hotel a El Gouna alle 07:00 circa.<\/li>\n<li>Destinazione: dopo aver raccolto tutti i visitatori, l&#8217;autobus va al porto. La strada per il porto dura circa 40 minuti.<\/li>\n<\/ul>\n<h3>Inizio del viaggio<\/h3>\n<ul>\n<li>Prepararsi: Troverai la tua barca nel porto. \u00c8 grande e chic! La barca \u00e8 composta da due piani. Appena saliti sulla nave, sar\u00e0 preferibile togliersi le scarpe. Quindi, puoi salire al secondo piano. Allegramente, puoi goderti l&#8217;abbronzatura nel ponte sole superiore.<\/li>\n<\/ul>\n<h3>Esperienza in mare aperto<\/h3>\n<ul>\n<li><strong>Sea Picnic<\/strong>: la barca si muove attraverso il Mar Rosso non appena il gruppo si riunisce.<\/li>\n<li><strong>Snorkeling Stop<\/strong>: Inoltre, ti fermerai sulle splendide barriere coralline. Puoi nuotare e fare snorkeling con maschere e pinne durante questa sosta.<\/li>\n<li><strong>Giochi d&#8217;acqua<\/strong>: dopo esserti fermato, cavalcherai la banana e i giochi d&#8217;acqua del divano. Certo, puoi provare questa avventura in mare aperto.<\/li>\n<li><strong>Pranzo<\/strong>: ti godrai un buffet libero con molti piatti a bordo della barca.<\/li>\n<\/ul>\n<h3>Atterraggio e relax<\/h3>\n<ul>\n<li><strong>Atterraggio sull&#8217;isola<\/strong>: la tua prossima tappa sar\u00e0 sulla spiaggia da sogno di Orange Bay a Giftun Island. Per prima cosa, ti porteremo su un motoscafo fino a questa spiaggia. Quindi, la guida ti dar\u00e0 un&#8217;idea delle possibilit\u00e0 sulla spiaggia: servizi igienici, tende e lettini.<\/li>\n<li><strong>Relax<\/strong>: dopodich\u00e9, trascorrerai circa due ore sull&#8217;isola. Avrai abbastanza tempo per nuotare e abbronzarti durante questo periodo. In effetti, \u00e8 un&#8217;isola caraibica!<\/li>\n<li><strong>Briefing su DVD<\/strong>: una volta terminata l&#8217;interazione, inizia un briefing su foto\/DVD. Durante il viaggio di snorkeling alla spiaggia di Orange Bay Island, il tuo fotografo si offrir\u00e0 di scattarti alcune foto. Certo, questo \u00e8 per memorizzare questi bei momenti. Successivamente, ti presenter\u00e0 queste immagini a un costo aggiuntivo. Ovviamente il prezzo varia a seconda delle sue dimensioni. Sar\u00e0 qualcosa di opzionale da avere. Il briefing su DVD durer\u00e0 30 minuti.<\/li>\n<\/ul>\n<h3>Torna a casa<\/h3>\n<ul>\n<li>Rientro: Dopo una bellissima gita in mare, arrivati al porto, vi riaccompagneremo ai vostri hotel.<\/li>\n<li>Ora di fine: questo viaggio a Orange Bay a El Gouna termina alle 17:00 circa.<\/li>\n<\/ul>\n<h2>Cosa include il prezzo del viaggio a Orange Bay da El Gouna?<\/h2>\n<ul>\n<li>Il prezzo include l&#8217;attrezzatura per lo snorkeling (maschere e pinne).<\/li>\n<li>Cibo e bevande.<\/li>\n<li>Inoltre, trasferimento al porto e ritorno in hotel.<\/li>\n<\/ul>\n<h2>Cosa non include il programma dell&#8217;Escursione a Orange Bay El Gouna?<\/h2>\n<ul>\n<li>Biglietto d&#8217;ingresso (5 dollari USD a persona)<\/li>\n<li>Dvd video.<\/li>\n<li>Inoltre, il Photo CD.<\/li>\n<\/ul>\n<h2>Cosa portare con te per il viaggio?<\/h2>\n<ul>\n<li>Asciugamano.<\/li>\n<li>Inoltre, crema solare.<\/li>\n<\/ul>\n<h2>Orange Bay El Gouna Prenotazioni Baie<\/h2>\n<ul>\n<li>Tutti i giorni dalle 08:00 alle 17:00.<\/li>\n<\/ul>\n<h2>Cosa ci si aspetta di vedere durante l&#8217;escursione a Orange Bay ad El Gouna?<\/h2>\n<p>Orange Bay: questa spiaggia dell&#8217;isola si trova sulla bellissima isola di Giftun, sulla costa di Hurghada. \u00c8 famoso per le sue sabbie bianche in acque poco profonde; e spiagge color arancia.<\/p>\n<h2>Servizi presentati durante il viaggio a Orange Bay in barca<\/h2>\n<ul>\n<li><strong>Trasporti<\/strong>: Landious Travel utilizza limousine\/minibus con aria condizionata. Un autista professionista ti accompagner\u00e0 al porto e al tuo hotel.<\/li>\n<li><strong>Guida<\/strong>: un tour leader inglese professionista ti verr\u00e0 a prendere dai tuoi hotel e ti accompagner\u00e0 al porto<\/li>\n<li><strong>Strutture barca:<\/strong> le nostre barche sono nuove a tre piani. Queste barche hanno molti servizi: un salone da pranzo, acqua fredda, una cucina e servizi igienici. Inoltre, forniamo attrezzatura per lo snorkeling e giubbotti di salvataggio al primo piano. Nel frattempo, il pavimento del ponte sole ha comodi lettini e una tenda.<\/li>\n<li><strong>Servizi in spiaggia:<\/strong> Orange Bay ha molti servizi sulla sua spiaggia. L&#8217;attrezzatura comprende un ristorante all&#8217;aperto, tende, sedili e lettini.<\/li>\n<li><strong>Team e staff<\/strong>: avrai un equipaggio amichevole e professionale sulla barca. I nostri istruttori e formatori ti guideranno durante il viaggio.<\/li>\n<li><strong>Cibo e bevande<\/strong>: presentiamo un pranzo di qualit\u00e0 in barca, con diversi piatti. Inoltre, il ristorante sulla spiaggia offre cibo delizioso a un costo aggiuntivo. Inoltre, acqua e bevande analcoliche sono gratuite a bordo della barca.<\/li>\n<li><strong>Attrezzatura per lo snorkeling:<\/strong> \u00e8 possibile utilizzare giubbotti di salvataggio e attrezzatura per lo snorkeling senza alcun costo aggiuntivo.<\/li>\n<\/ul>\n","protected":false},"excerpt":{"rendered":"<p>Unisciti a noi in una deliziosa avventura a Orange Bay Giftun Island da El Gouna! Immergiti nelle acque cristalline del Mar Rosso, circondato da lagune e vibranti barriere coralline. Verremo a prendervi al vostro hotel intorno alle 8:00 (i dettagli esatti saranno confermati in loco) e vi porteremo al molo marino dove salirete a bordo della nostra barca. Naviga per 45 minuti verso est di El Gouna, dove sarai accolto dal luogo perfetto per fare snorkeling o nuotare. Le barriere coralline e i pesci ti lasceranno a bocca aperta!<\/p>\n<p>Dopo aver preso il sole, navigheremo verso il nostro secondo posto per fare snorkeling o nuotare. Successivamente, ci dirigeremo verso Orange Bay, che \u00e8 una delle spiagge pi\u00f9 belle situate vicino a El Gouna. Trascorrerai circa 2 ore su questa splendida spiaggia di sabbia bianca, che offre tutti i tipi di servizi affidabili per farti sentire come a casa. Hanno anche un&#8217;area giochi speciale per i bambini! Il pranzo sar\u00e0 pronto sulla barca prima di fare la nostra ultima fermata (ogni fermata dura circa 45 minuti).<\/p>\n<p>Il nostro pacchetto include pick-up e trasferimento in veicoli con aria condizionata, acqua minerale e bevande analcoliche durante le gite in barca, assistenza della guida, pranzo sull&#8217;isola, tutte le tasse e i costi di servizio e attrezzatura per lo snorkeling. Alla fine della giornata, faremo ritorno al molo di El Gouna (intorno alle 16:00), dove troverai il furgone in attesa di darti un passaggio per il tuo hotel.<\/p>\n<p>Lascia che ti accompagniamo in un viaggio magico e creiamo ricordi indimenticabili insieme!<\/p>\n","protected":false},"featured_media":141433,"comment_status":"open","ping_status":"closed","template":"","meta":{"_coblocks_attr":"","_coblocks_dimensions":"","_coblocks_responsive_height":"","_coblocks_accordion_ie_support":"","_uag_custom_page_level_css":"","jetpack_publicize_message":"","jetpack_publicize_feature_enabled":true,"jetpack_social_post_already_shared":true,"jetpack_social_options":{"image_generator_settings":{"template":"highway","default_image_id":0,"font":"","enabled":false},"version":2},"_wpas_customize_per_network":false},"product_brand":[],"product_cat":[21074,21077],"product_tag":[1644,1661,1670,22564,1663,1682],"class_list":{"0":"post-141673","1":"product","2":"type-product","3":"status-publish","4":"has-post-thumbnail","6":"product_cat-gouna-escursioni","7":"product_cat-gouna-viaggi-mare","8":"product_tag-escursione","9":"product_tag-hurghada-it","10":"product_tag-isola","11":"product_tag-mare","12":"product_tag-snorkeling-it","13":"product_tag-viaggi-marittimi","14":"pa_age-adulto","15":"pa_age-bambino-1-4-anni","16":"pa_age-bambino-5-11-anni","18":"first","19":"instock","20":"sale","21":"taxable","22":"shipping-taxable","23":"purchasable","24":"product-type-variable"},"yoast_head":"<!-- This site is optimized with the Yoast SEO Premium plugin v26.9 (Yoast SEO v27.4) - https:\/\/yoast.com\/product\/yoast-seo-premium-wordpress\/ -->\n<title>Escursione a Orange Bay El Gouna<\/title>\n<meta name=\"description\" content=\"Escursione a Orange Bay El Gouna include un picnic attraverso il Mar Rosso e una sosta in mare aperto per nuotare e fare snorkeling con maschere e pinne\" \/>\n<meta name=\"robots\" content=\"index, follow, max-snippet:-1, max-image-preview:large, max-video-preview:-1\" \/>\n<link rel=\"canonical\" href=\"https:\/\/landioustravel.com\/it\/shop\/escursione-orange-bay-gouna\/\" \/>\n<meta property=\"og:locale\" content=\"it_IT\" \/>\n<meta property=\"og:type\" content=\"article\" \/>\n<meta property=\"og:title\" content=\"Escursione a Orange Bay El Gouna\" \/>\n<meta property=\"og:description\" content=\"Landious Travel\" \/>\n<meta property=\"og:url\" content=\"https:\/\/landioustravel.com\/it\/shop\/escursione-orange-bay-gouna\/\" \/>\n<meta property=\"og:site_name\" content=\"Landious Travel\" \/>\n<meta property=\"article:publisher\" content=\"https:\/\/web.facebook.com\/landiousEgypt\" \/>\n<meta property=\"article:modified_time\" content=\"2023-06-17T01:38:22+00:00\" \/>\n<meta property=\"og:image\" content=\"https:\/\/i0.wp.com\/landioustravel.com\/wp-content\/uploads\/2022\/12\/Orange-Bay-Trip-e1672522236232.jpg?fit=1200%2C675&ssl=1\" \/>\n\t<meta property=\"og:image:width\" content=\"1200\" \/>\n\t<meta property=\"og:image:height\" content=\"675\" \/>\n\t<meta property=\"og:image:type\" content=\"image\/jpeg\" \/>\n<meta name=\"twitter:card\" content=\"summary_large_image\" \/>\n<meta name=\"twitter:site\" content=\"@LandiousTours\" \/>\n<meta name=\"twitter:label1\" content=\"Tempo di lettura stimato\" \/>\n\t<meta name=\"twitter:data1\" content=\"4 minuti\" \/>\n<script type=\"application\/ld+json\" class=\"yoast-schema-graph\">{\"@context\":\"https:\\\/\\\/schema.org\",\"@graph\":[{\"@type\":\"WebPage\",\"@id\":\"https:\\\/\\\/landioustravel.com\\\/it\\\/shop\\\/escursione-orange-bay-gouna\\\/\",\"url\":\"https:\\\/\\\/landioustravel.com\\\/it\\\/shop\\\/escursione-orange-bay-gouna\\\/\",\"name\":\"Escursione a Orange Bay El Gouna\",\"isPartOf\":{\"@id\":\"https:\\\/\\\/landioustravel.com\\\/it\\\/#website\"},\"primaryImageOfPage\":{\"@id\":\"https:\\\/\\\/landioustravel.com\\\/it\\\/shop\\\/escursione-orange-bay-gouna\\\/#primaryimage\"},\"image\":{\"@id\":\"https:\\\/\\\/landioustravel.com\\\/it\\\/shop\\\/escursione-orange-bay-gouna\\\/#primaryimage\"},\"thumbnailUrl\":\"https:\\\/\\\/i0.wp.com\\\/landioustravel.com\\\/wp-content\\\/uploads\\\/2022\\\/12\\\/Orange-Bay-Trip-e1672522236232.jpg?fit=1200%2C675&ssl=1\",\"datePublished\":\"2023-04-25T00:05:51+00:00\",\"dateModified\":\"2023-06-17T01:38:22+00:00\",\"description\":\"Escursione a Orange Bay El Gouna include un picnic attraverso il Mar Rosso e una sosta in mare aperto per nuotare e fare snorkeling con maschere e pinne\",\"breadcrumb\":{\"@id\":\"https:\\\/\\\/landioustravel.com\\\/it\\\/shop\\\/escursione-orange-bay-gouna\\\/#breadcrumb\"},\"inLanguage\":\"it-IT\",\"potentialAction\":[{\"@type\":\"ReadAction\",\"target\":[\"https:\\\/\\\/landioustravel.com\\\/it\\\/shop\\\/escursione-orange-bay-gouna\\\/\"]}]},{\"@type\":\"ImageObject\",\"inLanguage\":\"it-IT\",\"@id\":\"https:\\\/\\\/landioustravel.com\\\/it\\\/shop\\\/escursione-orange-bay-gouna\\\/#primaryimage\",\"url\":\"https:\\\/\\\/i0.wp.com\\\/landioustravel.com\\\/wp-content\\\/uploads\\\/2022\\\/12\\\/Orange-Bay-Trip-e1672522236232.jpg?fit=1200%2C675&ssl=1\",\"contentUrl\":\"https:\\\/\\\/i0.wp.com\\\/landioustravel.com\\\/wp-content\\\/uploads\\\/2022\\\/12\\\/Orange-Bay-Trip-e1672522236232.jpg?fit=1200%2C675&ssl=1\",\"width\":1200,\"height\":675,\"caption\":\"Orange Bay Trip\"},{\"@type\":\"BreadcrumbList\",\"@id\":\"https:\\\/\\\/landioustravel.com\\\/it\\\/shop\\\/escursione-orange-bay-gouna\\\/#breadcrumb\",\"itemListElement\":[{\"@type\":\"ListItem\",\"position\":1,\"name\":\"Home\",\"item\":\"https:\\\/\\\/landioustravel.com\\\/it\\\/\"},{\"@type\":\"ListItem\",\"position\":2,\"name\":\"Tour in Egitto\",\"item\":\"https:\\\/\\\/landioustravel.com\\\/it\\\/\"},{\"@type\":\"ListItem\",\"position\":3,\"name\":\"Escursione a Orange Bay El Gouna\"}]},{\"@type\":\"WebSite\",\"@id\":\"https:\\\/\\\/landioustravel.com\\\/it\\\/#website\",\"url\":\"https:\\\/\\\/landioustravel.com\\\/it\\\/\",\"name\":\"Landious Travel\",\"description\":\"Excursions, trips and cruises in Egypt\",\"publisher\":{\"@id\":\"https:\\\/\\\/landioustravel.com\\\/it\\\/#organization\"},\"potentialAction\":[{\"@type\":\"SearchAction\",\"target\":{\"@type\":\"EntryPoint\",\"urlTemplate\":\"https:\\\/\\\/landioustravel.com\\\/it\\\/?s={search_term_string}\"},\"query-input\":{\"@type\":\"PropertyValueSpecification\",\"valueRequired\":true,\"valueName\":\"search_term_string\"}}],\"inLanguage\":\"it-IT\"},{\"@type\":[\"Organization\",\"Place\"],\"@id\":\"https:\\\/\\\/landioustravel.com\\\/it\\\/#organization\",\"name\":\"Landious Travel\",\"alternateName\":\"Landious Travel\",\"url\":\"https:\\\/\\\/landioustravel.com\\\/it\\\/\",\"logo\":{\"@id\":\"https:\\\/\\\/landioustravel.com\\\/it\\\/shop\\\/escursione-orange-bay-gouna\\\/#local-main-organization-logo\"},\"image\":{\"@id\":\"https:\\\/\\\/landioustravel.com\\\/it\\\/shop\\\/escursione-orange-bay-gouna\\\/#local-main-organization-logo\"},\"sameAs\":[\"https:\\\/\\\/web.facebook.com\\\/landiousEgypt\",\"https:\\\/\\\/x.com\\\/LandiousTours\",\"https:\\\/\\\/mastodon.social\\\/@landious\"],\"legalName\":\"Landious Travel\",\"telephone\":[],\"openingHoursSpecification\":[{\"@type\":\"OpeningHoursSpecification\",\"dayOfWeek\":[\"Monday\",\"Tuesday\",\"Wednesday\",\"Thursday\",\"Friday\",\"Saturday\",\"Sunday\"],\"opens\":\"09:00\",\"closes\":\"17:00\"}]},{\"@type\":\"ImageObject\",\"inLanguage\":\"it-IT\",\"@id\":\"https:\\\/\\\/landioustravel.com\\\/it\\\/shop\\\/escursione-orange-bay-gouna\\\/#local-main-organization-logo\",\"url\":\"https:\\\/\\\/i0.wp.com\\\/landioustravel.com\\\/wp-content\\\/uploads\\\/2021\\\/06\\\/Landious-T.png?fit=500%2C500&ssl=1\",\"contentUrl\":\"https:\\\/\\\/i0.wp.com\\\/landioustravel.com\\\/wp-content\\\/uploads\\\/2021\\\/06\\\/Landious-T.png?fit=500%2C500&ssl=1\",\"width\":500,\"height\":500,\"caption\":\"Landious Travel\"}]}<\/script>\n<!-- \/ Yoast SEO Premium plugin. -->","yoast_head_json":{"title":"Escursione a Orange Bay El Gouna","description":"Escursione a Orange Bay El Gouna include un picnic attraverso il Mar Rosso e una sosta in mare aperto per nuotare e fare snorkeling con maschere e pinne","robots":{"index":"index","follow":"follow","max-snippet":"max-snippet:-1","max-image-preview":"max-image-preview:large","max-video-preview":"max-video-preview:-1"},"canonical":"https:\/\/landioustravel.com\/it\/shop\/escursione-orange-bay-gouna\/","og_locale":"it_IT","og_type":"article","og_title":"Escursione a Orange Bay El Gouna","og_description":"Landious Travel","og_url":"https:\/\/landioustravel.com\/it\/shop\/escursione-orange-bay-gouna\/","og_site_name":"Landious Travel","article_publisher":"https:\/\/web.facebook.com\/landiousEgypt","article_modified_time":"2023-06-17T01:38:22+00:00","og_image":[{"width":1200,"height":675,"url":"https:\/\/i0.wp.com\/landioustravel.com\/wp-content\/uploads\/2022\/12\/Orange-Bay-Trip-e1672522236232.jpg?fit=1200%2C675&ssl=1","type":"image\/jpeg"}],"twitter_card":"summary_large_image","twitter_site":"@LandiousTours","twitter_misc":{"Tempo di lettura stimato":"4 minuti"},"schema":{"@context":"https:\/\/schema.org","@graph":[{"@type":"WebPage","@id":"https:\/\/landioustravel.com\/it\/shop\/escursione-orange-bay-gouna\/","url":"https:\/\/landioustravel.com\/it\/shop\/escursione-orange-bay-gouna\/","name":"Escursione a Orange Bay El Gouna","isPartOf":{"@id":"https:\/\/landioustravel.com\/it\/#website"},"primaryImageOfPage":{"@id":"https:\/\/landioustravel.com\/it\/shop\/escursione-orange-bay-gouna\/#primaryimage"},"image":{"@id":"https:\/\/landioustravel.com\/it\/shop\/escursione-orange-bay-gouna\/#primaryimage"},"thumbnailUrl":"https:\/\/i0.wp.com\/landioustravel.com\/wp-content\/uploads\/2022\/12\/Orange-Bay-Trip-e1672522236232.jpg?fit=1200%2C675&ssl=1","datePublished":"2023-04-25T00:05:51+00:00","dateModified":"2023-06-17T01:38:22+00:00","description":"Escursione a Orange Bay El Gouna include un picnic attraverso il Mar Rosso e una sosta in mare aperto per nuotare e fare snorkeling con maschere e pinne","breadcrumb":{"@id":"https:\/\/landioustravel.com\/it\/shop\/escursione-orange-bay-gouna\/#breadcrumb"},"inLanguage":"it-IT","potentialAction":[{"@type":"ReadAction","target":["https:\/\/landioustravel.com\/it\/shop\/escursione-orange-bay-gouna\/"]}]},{"@type":"ImageObject","inLanguage":"it-IT","@id":"https:\/\/landioustravel.com\/it\/shop\/escursione-orange-bay-gouna\/#primaryimage","url":"https:\/\/i0.wp.com\/landioustravel.com\/wp-content\/uploads\/2022\/12\/Orange-Bay-Trip-e1672522236232.jpg?fit=1200%2C675&ssl=1","contentUrl":"https:\/\/i0.wp.com\/landioustravel.com\/wp-content\/uploads\/2022\/12\/Orange-Bay-Trip-e1672522236232.jpg?fit=1200%2C675&ssl=1","width":1200,"height":675,"caption":"Orange Bay Trip"},{"@type":"BreadcrumbList","@id":"https:\/\/landioustravel.com\/it\/shop\/escursione-orange-bay-gouna\/#breadcrumb","itemListElement":[{"@type":"ListItem","position":1,"name":"Home","item":"https:\/\/landioustravel.com\/it\/"},{"@type":"ListItem","position":2,"name":"Tour in Egitto","item":"https:\/\/landioustravel.com\/it\/"},{"@type":"ListItem","position":3,"name":"Escursione a Orange Bay El Gouna"}]},{"@type":"WebSite","@id":"https:\/\/landioustravel.com\/it\/#website","url":"https:\/\/landioustravel.com\/it\/","name":"Landious Travel","description":"Excursions, trips and cruises in Egypt","publisher":{"@id":"https:\/\/landioustravel.com\/it\/#organization"},"potentialAction":[{"@type":"SearchAction","target":{"@type":"EntryPoint","urlTemplate":"https:\/\/landioustravel.com\/it\/?s={search_term_string}"},"query-input":{"@type":"PropertyValueSpecification","valueRequired":true,"valueName":"search_term_string"}}],"inLanguage":"it-IT"},{"@type":["Organization","Place"],"@id":"https:\/\/landioustravel.com\/it\/#organization","name":"Landious Travel","alternateName":"Landious Travel","url":"https:\/\/landioustravel.com\/it\/","logo":{"@id":"https:\/\/landioustravel.com\/it\/shop\/escursione-orange-bay-gouna\/#local-main-organization-logo"},"image":{"@id":"https:\/\/landioustravel.com\/it\/shop\/escursione-orange-bay-gouna\/#local-main-organization-logo"},"sameAs":["https:\/\/web.facebook.com\/landiousEgypt","https:\/\/x.com\/LandiousTours","https:\/\/mastodon.social\/@landious"],"legalName":"Landious Travel","telephone":[],"openingHoursSpecification":[{"@type":"OpeningHoursSpecification","dayOfWeek":["Monday","Tuesday","Wednesday","Thursday","Friday","Saturday","Sunday"],"opens":"09:00","closes":"17:00"}]},{"@type":"ImageObject","inLanguage":"it-IT","@id":"https:\/\/landioustravel.com\/it\/shop\/escursione-orange-bay-gouna\/#local-main-organization-logo","url":"https:\/\/i0.wp.com\/landioustravel.com\/wp-content\/uploads\/2021\/06\/Landious-T.png?fit=500%2C500&ssl=1","contentUrl":"https:\/\/i0.wp.com\/landioustravel.com\/wp-content\/uploads\/2021\/06\/Landious-T.png?fit=500%2C500&ssl=1","width":500,"height":500,"caption":"Landious Travel"}]}},"jetpack_publicize_connections":[],"uagb_featured_image_src":{"full":["https:\/\/i0.wp.com\/landioustravel.com\/wp-content\/uploads\/2022\/12\/Orange-Bay-Trip-e1672522236232.jpg?fit=1200%2C675&ssl=1",1200,675,false],"thumbnail":["https:\/\/i0.wp.com\/landioustravel.com\/wp-content\/uploads\/2022\/12\/Orange-Bay-Trip-e1672522236232.jpg?resize=150%2C150&ssl=1",150,150,true],"medium":["https:\/\/i0.wp.com\/landioustravel.com\/wp-content\/uploads\/2022\/12\/Orange-Bay-Trip-e1672522236232.jpg?fit=300%2C169&ssl=1",300,169,true],"medium_large":["https:\/\/i0.wp.com\/landioustravel.com\/wp-content\/uploads\/2022\/12\/Orange-Bay-Trip-e1672522236232.jpg?fit=768%2C432&ssl=1",768,432,true],"large":["https:\/\/i0.wp.com\/landioustravel.com\/wp-content\/uploads\/2022\/12\/Orange-Bay-Trip-e1672522236232.jpg?fit=980%2C551&ssl=1",980,551,true],"1536x1536":["https:\/\/i0.wp.com\/landioustravel.com\/wp-content\/uploads\/2022\/12\/Orange-Bay-Trip-e1672522236232.jpg?fit=1200%2C675&ssl=1",1200,675,true],"2048x2048":["https:\/\/i0.wp.com\/landioustravel.com\/wp-content\/uploads\/2022\/12\/Orange-Bay-Trip-e1672522236232.jpg?fit=1200%2C675&ssl=1",1200,675,true],"newspack-article-block-landscape-large":["https:\/\/i0.wp.com\/landioustravel.com\/wp-content\/uploads\/2022\/12\/Orange-Bay-Trip-e1672522236232.jpg?resize=1200%2C675&ssl=1",1200,675,true],"newspack-article-block-portrait-large":["https:\/\/i0.wp.com\/landioustravel.com\/wp-content\/uploads\/2022\/12\/Orange-Bay-Trip-e1672522236232.jpg?resize=900%2C675&ssl=1",900,675,true],"newspack-article-block-square-large":["https:\/\/i0.wp.com\/landioustravel.com\/wp-content\/uploads\/2022\/12\/Orange-Bay-Trip-e1672522236232.jpg?resize=1200%2C675&ssl=1",1200,675,true],"newspack-article-block-landscape-medium":["https:\/\/i0.wp.com\/landioustravel.com\/wp-content\/uploads\/2022\/12\/Orange-Bay-Trip-e1672522236232.jpg?resize=800%2C600&ssl=1",800,600,true],"newspack-article-block-portrait-medium":["https:\/\/i0.wp.com\/landioustravel.com\/wp-content\/uploads\/2022\/12\/Orange-Bay-Trip-e1672522236232.jpg?resize=600%2C675&ssl=1",600,675,true],"newspack-article-block-square-medium":["https:\/\/i0.wp.com\/landioustravel.com\/wp-content\/uploads\/2022\/12\/Orange-Bay-Trip-e1672522236232.jpg?resize=800%2C675&ssl=1",800,675,true],"newspack-article-block-landscape-intermediate":["https:\/\/i0.wp.com\/landioustravel.com\/wp-content\/uploads\/2022\/12\/Orange-Bay-Trip-e1672522236232.jpg?resize=600%2C450&ssl=1",600,450,true],"newspack-article-block-portrait-intermediate":["https:\/\/i0.wp.com\/landioustravel.com\/wp-content\/uploads\/2022\/12\/Orange-Bay-Trip-e1672522236232.jpg?resize=450%2C600&ssl=1",450,600,true],"newspack-article-block-square-intermediate":["https:\/\/i0.wp.com\/landioustravel.com\/wp-content\/uploads\/2022\/12\/Orange-Bay-Trip-e1672522236232.jpg?resize=600%2C600&ssl=1",600,600,true],"newspack-article-block-landscape-small":["https:\/\/i0.wp.com\/landioustravel.com\/wp-content\/uploads\/2022\/12\/Orange-Bay-Trip-e1672522236232.jpg?resize=400%2C300&ssl=1",400,300,true],"newspack-article-block-portrait-small":["https:\/\/i0.wp.com\/landioustravel.com\/wp-content\/uploads\/2022\/12\/Orange-Bay-Trip-e1672522236232.jpg?resize=300%2C400&ssl=1",300,400,true],"newspack-article-block-square-small":["https:\/\/i0.wp.com\/landioustravel.com\/wp-content\/uploads\/2022\/12\/Orange-Bay-Trip-e1672522236232.jpg?resize=400%2C400&ssl=1",400,400,true],"newspack-article-block-landscape-tiny":["https:\/\/i0.wp.com\/landioustravel.com\/wp-content\/uploads\/2022\/12\/Orange-Bay-Trip-e1672522236232.jpg?resize=200%2C150&ssl=1",200,150,true],"newspack-article-block-portrait-tiny":["https:\/\/i0.wp.com\/landioustravel.com\/wp-content\/uploads\/2022\/12\/Orange-Bay-Trip-e1672522236232.jpg?resize=150%2C200&ssl=1",150,200,true],"newspack-article-block-square-tiny":["https:\/\/i0.wp.com\/landioustravel.com\/wp-content\/uploads\/2022\/12\/Orange-Bay-Trip-e1672522236232.jpg?resize=200%2C200&ssl=1",200,200,true],"newspack-article-block-uncropped":["https:\/\/i0.wp.com\/landioustravel.com\/wp-content\/uploads\/2022\/12\/Orange-Bay-Trip-e1672522236232.jpg?fit=1200%2C675&ssl=1",1200,675,true],"woocommerce_thumbnail":["https:\/\/i0.wp.com\/landioustravel.com\/wp-content\/uploads\/2022\/12\/Orange-Bay-Trip-e1672522236232.jpg?resize=324%2C324&ssl=1",324,324,true],"woocommerce_single":["https:\/\/i0.wp.com\/landioustravel.com\/wp-content\/uploads\/2022\/12\/Orange-Bay-Trip-e1672522236232.jpg?fit=416%2C234&ssl=1",416,234,true],"woocommerce_gallery_thumbnail":["https:\/\/i0.wp.com\/landioustravel.com\/wp-content\/uploads\/2022\/12\/Orange-Bay-Trip-e1672522236232.jpg?resize=100%2C100&ssl=1",100,100,true]},"uagb_author_info":{"display_name":"Mofreh Landious","author_link":"https:\/\/landioustravel.com\/it\/author\/"},"uagb_comment_info":0,"uagb_excerpt":"Unisciti a noi in una deliziosa avventura a Orange Bay Giftun Island da El Gouna! Immergiti nelle acque cristalline del Mar Rosso, circondato da lagune e vibranti barriere coralline. Verremo a prendervi al vostro hotel intorno alle 8:00 (i dettagli esatti saranno confermati in loco) e vi porteremo al molo marino dove salirete a bordo&hellip;","jetpack_sharing_enabled":true,"jetpack_likes_enabled":true,"amp_enabled":true,"_links":{"self":[{"href":"https:\/\/landioustravel.com\/it\/wp-json\/wp\/v2\/product\/141673","targetHints":{"allow":["GET"]}}],"collection":[{"href":"https:\/\/landioustravel.com\/it\/wp-json\/wp\/v2\/product"}],"about":[{"href":"https:\/\/landioustravel.com\/it\/wp-json\/wp\/v2\/types\/product"}],"replies":[{"embeddable":true,"href":"https:\/\/landioustravel.com\/it\/wp-json\/wp\/v2\/comments?post=141673"}],"wp:featuredmedia":[{"embeddable":true,"href":"https:\/\/landioustravel.com\/it\/wp-json\/wp\/v2\/media\/141433"}],"wp:attachment":[{"href":"https:\/\/landioustravel.com\/it\/wp-json\/wp\/v2\/media?parent=141673"}],"wp:term":[{"taxonomy":"product_brand","embeddable":true,"href":"https:\/\/landioustravel.com\/it\/wp-json\/wp\/v2\/product_brand?post=141673"},{"taxonomy":"product_cat","embeddable":true,"href":"https:\/\/landioustravel.com\/it\/wp-json\/wp\/v2\/product_cat?post=141673"},{"taxonomy":"product_tag","embeddable":true,"href":"https:\/\/landioustravel.com\/it\/wp-json\/wp\/v2\/product_tag?post=141673"}],"curies":[{"name":"wp","href":"https:\/\/api.w.org\/{rel}","templated":true}]}}