{"id":141698,"date":"2022-12-31T01:39:56","date_gmt":"2023-04-25T00:51:37","guid":{"rendered":"https:\/\/landioustravel.com\/?post_type=product&#038;p=141698"},"modified":"2023-06-17T16:33:28","modified_gmt":"2023-06-17T14:33:28","slug":"tour-notturno-cairo-gouna","status":"publish","type":"product","link":"https:\/\/landioustravel.com\/it\/shop\/tour-notturno-cairo-gouna\/","title":{"rendered":"Tour notturno del Cairo El Gouna"},"content":{"rendered":"<p>Tour notturno del Cairo El Gouna \u00e8 un delizioso viaggio di due giorni al <a href=\"https:\/\/landioustravel.com\/it\/egitto\/citta-egiziane\/governatorato-cairo\/\">Cairo<\/a> da El Gouna, in Egitto! Consigliamo l&#8217;escursione perch\u00e9 consente ai turisti di vedere i luoghi pi\u00f9 impressionanti costruiti nell&#8217;antico Egitto e la parte vecchia del Cairo. Ti permette di imparare molto sulla storia del paese!<\/p>\n<h2>Momenti salienti del viaggio notturno al Cairo da El Gouna &#8211; Vecchio Cairo<\/h2>\n<ul>\n<li>Visita il Museo Egizio del Cairo.<\/li>\n<li>Pranzo in ristorante.<\/li>\n<li>Visita le tre piramidi di Giza.<\/li>\n<li>E la Grande Sfinge nel complesso piramidale.<\/li>\n<li>Soggiorno di una notte in albergo.<\/li>\n<li>Visita il quartiere del Cairo Vecchio con una sosta a Khan El-Khalili.<\/li>\n<li>Inoltre, ammira la cittadella di Saladino.<\/li>\n<\/ul>\n<h2>Programma dell&#8217;escursione di due giorni al Cairo<\/h2>\n<ul>\n<li>Il rappresentante di Landious Travel verr\u00e0 a prendervi all&#8217;hotel di El Gouna intorno alle 03:00.<\/li>\n<li>Dopo essere venuti a prendervi, il vostro veicolo privato (Limousine o minibus) parte per il Cairo passando per le citt\u00e0 di Ras Ghareb, Zafarana, Ain Sokhna e Suez. Tutte queste citt\u00e0 si trovano a nord di Hurghada, sulla costa del Mar Rosso. Dal centro di Hurghada al Cairo, il viaggio dura circa 5 ore.<\/li>\n<\/ul>\n<h3>Programma al Cairo<\/h3>\n<ul>\n<li>Ti mostreremo il Museo Egizio quando arriverai al Cairo. La tua guida avr\u00e0 il compito di mostrare le bellissime mostre di questo museo e darti del tempo libero per scattare foto. Il museo ha circa 100 sale espositive, con una collezione unica di circa 150 mila pezzi.<\/li>\n<li>Dopo aver visitato il Museo Egizio del Cairo, puoi fare una gita in barca sul Nilo. \u00c8 un programma aggiuntivo a un costo aggiuntivo! Non appena termina il giro in barca sul Nilo, ti dirigi verso un&#8217;altra citt\u00e0: Giza.<\/li>\n<\/ul>\n<h3>Programma a Giza<\/h3>\n<ul>\n<li>Il viaggio continua a Giza. La prima tappa sar\u00e0 al ristorante. Offre un buffet.<\/li>\n<li>Dopo pranzo, ti dirigerai verso il complesso delle Piramidi di Giza, le fantastiche tre piramidi e la Sfinge. La tua guida li mostra e ti d\u00e0 il tempo libero per scattare una foto.<\/li>\n<li>La prossima tappa sar\u00e0 al tuo hotel al Cairo. L\u00ec, puoi fare il check-in e passare la notte.<\/li>\n<\/ul>\n<h3>Programma nel vecchio Cairo<\/h3>\n<ul>\n<li>La prima tappa della seconda giornata sar\u00e0 alla Cittadella di Saladino. In questa immensa cittadella, puoi visitare la sua famosa moschea, &#8220;Mouhammad Ali Mosque&#8221;, e vedere le fortificazioni di questo luogo. Allo stesso tempo, localizzare in questa cittadella ti dar\u00e0 uno sguardo drammatico su tutte le parti antiche della citt\u00e0.<\/li>\n<li>La seconda tappa sar\u00e0 nel distretto di Khan El-Khalili.<\/li>\n<\/ul>\n<h3>Partenza<\/h3>\n<ul>\n<li>Infine, partirai per Hurghada dopo un tale programma nelle bellissime citt\u00e0 del Cairo e di Giza.<\/li>\n<li>Questo viaggio notturno al Cairo da El Gouna &#8211; Il vecchio Cairo arriva a El Gouna alle 22:00 circa del giorno successivo.<\/li>\n<\/ul>\n<h2>Cosa include il tour notturno del Cairo El Gouna &#8211; Il prezzo del vecchio Cairo?<\/h2>\n<ol>\n<li>Biglietti per visitare i templi.<\/li>\n<li>Pranzo.<\/li>\n<li>Bevande.<\/li>\n<li>Guida.<\/li>\n<li>Sistemazione in albergo al Cairo.<\/li>\n<li>Inoltre, trasferimento al Cairo e ritorno a El Gouna.<\/li>\n<\/ol>\n<h2>Cosa non include il programma Tour notturno del Cairo El Gouna?<\/h2>\n<ul>\n<li>Programmi aggiuntivi se non inclusi nel programma di cui sopra.<\/li>\n<li>Inoltre, Bevande.<\/li>\n<\/ul>\n<h2>Cosa portare con te per il viaggio?<\/h2>\n<ul>\n<li>Passaporto.<\/li>\n<li>Scatola per la colazione.<\/li>\n<li>Inoltre, porta con te vestiti per la stagione.<\/li>\n<\/ul>\n<h2>Tour notturno del Cairo El Gouna &#8211; Giorni di prenotazione del vecchio Cairo<\/h2>\n<ul>\n<li>Luned\u00ec dalle 02:00 alle 22:00 del giorno successivo.<\/li>\n<li>Marted\u00ec dalle 02:00 alle 22:00 del giorno successivo.<\/li>\n<li>Mercoled\u00ec dalle 02:00 alle 22:00 del giorno successivo.<\/li>\n<li>Sabato dalle 02:00 alle 22:00 del giorno successivo.<\/li>\n<li>Inoltre, la domenica dalle 02:00 alle 22:00 del giorno successivo.<\/li>\n<\/ul>\n<h2>Cosa ci si aspetta di vedere durante il viaggio notturno al Cairo da El Gouna?<\/h2>\n<h3>Museo Egizio<\/h3>\n<p>Il Museo Egizio \u00e8 il pi\u00f9 antico museo archeologico dell&#8217;Egitto e del Medio Oriente. Espone una vasta collezione dal periodo predinastico al periodo greco-romano. Inoltre, questo deposito ospita la pi\u00f9 completa collezione di antichit\u00e0 faraoniche al mondo. Questa fantastica collezione ripercorre 5.000 anni di storia egiziana.<\/p>\n<h3>Complesso della piramide di Giza<\/h3>\n<p>Il complesso della piramide di Giza \u00e8 l&#8217;attrazione turistica pi\u00f9 popolare in Egitto. Inoltre, la chiamiamo Necropoli di Giza. Questo complesso \u00e8 un antico sito egizio situato sull&#8217;altopiano di Giza. Ampiamente noto, include la Grande Piramide di Giza, le sue reti associate e la Sfinge di Giza.<\/p>\n<p>Gli antichi egizi costruirono queste massicce costruzioni durante la quarta dinastia dell&#8217;Antico Regno dell&#8217;Antico Egitto. Inoltre, il Complesso di Giza comprende diversi cimiteri e i resti di un insediamento operaio sul suo territorio.<\/p>\n<h3>Piramide di Cheope<\/h3>\n<p>La Piramide di Cheope si trova ad un&#8217;altezza imponente di 138,5 metri. Situata nel complesso piramidale di Giza, questa piramide pi\u00f9 antica e pi\u00f9 grande ha stupito le persone nel corso dei secoli. Questa meraviglia costituisce una parte delle Sette Meraviglie del mondo antico.<\/p>\n<h3>Piramide di Chefren<\/h3>\n<p>La piramide di Khafre si trova a 448 piedi con una lunghezza di base di 706 piedi. Queste misurazioni rendono la Piramide il secondo complesso pi\u00f9 alto e il secondo pi\u00f9 grande della Piramide di Giza. Ospita la tomba del faraone Khafre della IV dinastia, che regn\u00f2 tra il 2558 e il 2532 a.C. Questo monumento storico \u00e8 anche conosciuto come la Piramide di Chephren.<\/p>\n<h3>Piramide di Micerino<\/h3>\n<p>Menkaure \u00e8 la terza piramide nel complesso della Piramide di Giza nel Grande Cairo, in Egitto. Il pi\u00f9 piccolo dei tre; questa bellissima struttura sale a 66 metri (218 piedi). Menkaure Pyramid ospita alcune delle sculture pi\u00f9 straordinarie della storia dell&#8217;antico Egitto nonostante sia breve.<\/p>\n<h3>Grande Sfinge<\/h3>\n<p>La Grande Sfinge \u00e8 una delle sculture pi\u00f9 significative al mondo. Mostra il corpo di un leone reclinato e una testa umana a quasi 66 piedi. Un copricapo reale adorna la testa umana della Sfinge. La lunghezza di questa magnifica statua \u00e8 di circa 240 piedi.<\/p>\n","protected":false},"excerpt":{"rendered":"<p>Parti per un&#8217;emozionante avventura di due giorni da El Gouna al Vecchio Cairo tramite un autobus moderno e ammira le maestose tre Piramidi di Giza e la maestosa Grande Sfinge. Soddisfa le tue papille gustative con un delizioso pranzo prima di immergerti nella ricca storia dell&#8217;Egitto al Museo Egizio. Il giorno successivo promette una miriade di emozionanti visite al Vecchio Cairo, tra cui la rinomata Cittadella di Saladino e il vivace Khan El-Khalili Bazaar. Con trasferimenti, alloggio e biglietti d&#8217;ingresso inclusi nel prezzo del viaggio, questo \u00e8 un viaggio indimenticabile da non perdere!<\/p>\n","protected":false},"featured_media":141696,"comment_status":"open","ping_status":"closed","template":"","meta":{"_coblocks_attr":"","_coblocks_dimensions":"","_coblocks_responsive_height":"","_coblocks_accordion_ie_support":"","_uag_custom_page_level_css":"","jetpack_publicize_message":"","jetpack_publicize_feature_enabled":true,"jetpack_social_post_already_shared":true,"jetpack_social_options":{"image_generator_settings":{"template":"highway","default_image_id":0,"font":"","enabled":false},"version":2},"_wpas_customize_per_network":false},"product_brand":[],"product_cat":[21074,21081],"product_tag":[1644,1643,1645,1646,9910],"class_list":{"0":"post-141698","1":"product","2":"type-product","3":"status-publish","4":"has-post-thumbnail","6":"product_cat-gouna-escursioni","7":"product_cat-visite-guidate-gouna","8":"product_tag-escursione","9":"product_tag-il-cairo","10":"product_tag-piramidi","11":"product_tag-sfinge","12":"product_tag-visita-turistica","13":"pa_age-adulto","14":"pa_age-bambino-1-4-anni","15":"pa_age-bambino-5-11-anni","17":"first","18":"instock","19":"sale","20":"taxable","21":"shipping-taxable","22":"purchasable","23":"product-type-variable"},"yoast_head":"<!-- This site is optimized with the Yoast SEO Premium plugin v26.9 (Yoast SEO v27.4) - https:\/\/yoast.com\/product\/yoast-seo-premium-wordpress\/ -->\n<title>Tour notturno del Cairo El Gouna<\/title>\n<meta name=\"description\" content=\"Tour notturno del Cairo El Gouna \u00e8 un delizioso viaggio di due giorni al Cairo da El Gouna, in Egitto! Consigliamo l&#039;escursione perch\u00e9 consente ai turisti\" \/>\n<meta name=\"robots\" content=\"index, follow, max-snippet:-1, max-image-preview:large, max-video-preview:-1\" \/>\n<link rel=\"canonical\" href=\"https:\/\/landioustravel.com\/it\/shop\/tour-notturno-cairo-gouna\/\" \/>\n<meta property=\"og:locale\" content=\"it_IT\" \/>\n<meta property=\"og:type\" content=\"article\" \/>\n<meta property=\"og:title\" content=\"Tour notturno del Cairo El Gouna\" \/>\n<meta property=\"og:description\" content=\"Landious Travel\" \/>\n<meta property=\"og:url\" content=\"https:\/\/landioustravel.com\/it\/shop\/tour-notturno-cairo-gouna\/\" \/>\n<meta property=\"og:site_name\" content=\"Landious Travel\" \/>\n<meta property=\"article:publisher\" content=\"https:\/\/web.facebook.com\/landiousEgypt\" \/>\n<meta property=\"article:modified_time\" content=\"2023-06-17T14:33:28+00:00\" \/>\n<meta property=\"og:image\" content=\"https:\/\/landioustravel.com\/wp-content\/uploads\/2022\/12\/Cairo-Overnight-Tour-El-Gouna-e1672443354722-1024x576.jpg\" \/>\n\t<meta property=\"og:image:width\" content=\"1024\" \/>\n\t<meta property=\"og:image:height\" content=\"576\" \/>\n\t<meta property=\"og:image:type\" content=\"image\/jpeg\" \/>\n<meta name=\"twitter:card\" content=\"summary_large_image\" \/>\n<meta name=\"twitter:site\" content=\"@LandiousTours\" \/>\n<meta name=\"twitter:label1\" content=\"Tempo di lettura stimato\" \/>\n\t<meta name=\"twitter:data1\" content=\"5 minuti\" \/>\n<script type=\"application\/ld+json\" class=\"yoast-schema-graph\">{\"@context\":\"https:\\\/\\\/schema.org\",\"@graph\":[{\"@type\":\"WebPage\",\"@id\":\"https:\\\/\\\/landioustravel.com\\\/it\\\/shop\\\/tour-notturno-cairo-gouna\\\/\",\"url\":\"https:\\\/\\\/landioustravel.com\\\/it\\\/shop\\\/tour-notturno-cairo-gouna\\\/\",\"name\":\"Tour notturno del Cairo El Gouna\",\"isPartOf\":{\"@id\":\"https:\\\/\\\/landioustravel.com\\\/it\\\/#website\"},\"primaryImageOfPage\":{\"@id\":\"https:\\\/\\\/landioustravel.com\\\/it\\\/shop\\\/tour-notturno-cairo-gouna\\\/#primaryimage\"},\"image\":{\"@id\":\"https:\\\/\\\/landioustravel.com\\\/it\\\/shop\\\/tour-notturno-cairo-gouna\\\/#primaryimage\"},\"thumbnailUrl\":\"https:\\\/\\\/i0.wp.com\\\/landioustravel.com\\\/wp-content\\\/uploads\\\/2022\\\/12\\\/Cairo-Overnight-Tour-El-Gouna-e1672443354722.jpg?fit=1200%2C675&ssl=1\",\"datePublished\":\"2023-04-25T00:51:37+00:00\",\"dateModified\":\"2023-06-17T14:33:28+00:00\",\"description\":\"Tour notturno del Cairo El Gouna \u00e8 un delizioso viaggio di due giorni al Cairo da El Gouna, in Egitto! Consigliamo l'escursione perch\u00e9 consente ai turisti\",\"breadcrumb\":{\"@id\":\"https:\\\/\\\/landioustravel.com\\\/it\\\/shop\\\/tour-notturno-cairo-gouna\\\/#breadcrumb\"},\"inLanguage\":\"it-IT\",\"potentialAction\":[{\"@type\":\"ReadAction\",\"target\":[\"https:\\\/\\\/landioustravel.com\\\/it\\\/shop\\\/tour-notturno-cairo-gouna\\\/\"]}]},{\"@type\":\"ImageObject\",\"inLanguage\":\"it-IT\",\"@id\":\"https:\\\/\\\/landioustravel.com\\\/it\\\/shop\\\/tour-notturno-cairo-gouna\\\/#primaryimage\",\"url\":\"https:\\\/\\\/i0.wp.com\\\/landioustravel.com\\\/wp-content\\\/uploads\\\/2022\\\/12\\\/Cairo-Overnight-Tour-El-Gouna-e1672443354722.jpg?fit=1200%2C675&ssl=1\",\"contentUrl\":\"https:\\\/\\\/i0.wp.com\\\/landioustravel.com\\\/wp-content\\\/uploads\\\/2022\\\/12\\\/Cairo-Overnight-Tour-El-Gouna-e1672443354722.jpg?fit=1200%2C675&ssl=1\",\"width\":1200,\"height\":675,\"caption\":\"Cairo Overnight Tour El Gouna\"},{\"@type\":\"BreadcrumbList\",\"@id\":\"https:\\\/\\\/landioustravel.com\\\/it\\\/shop\\\/tour-notturno-cairo-gouna\\\/#breadcrumb\",\"itemListElement\":[{\"@type\":\"ListItem\",\"position\":1,\"name\":\"Home\",\"item\":\"https:\\\/\\\/landioustravel.com\\\/it\\\/\"},{\"@type\":\"ListItem\",\"position\":2,\"name\":\"Tour in Egitto\",\"item\":\"https:\\\/\\\/landioustravel.com\\\/it\\\/\"},{\"@type\":\"ListItem\",\"position\":3,\"name\":\"Tour notturno del Cairo El Gouna\"}]},{\"@type\":\"WebSite\",\"@id\":\"https:\\\/\\\/landioustravel.com\\\/it\\\/#website\",\"url\":\"https:\\\/\\\/landioustravel.com\\\/it\\\/\",\"name\":\"Landious Travel\",\"description\":\"Excursions, trips and cruises in Egypt\",\"publisher\":{\"@id\":\"https:\\\/\\\/landioustravel.com\\\/it\\\/#organization\"},\"potentialAction\":[{\"@type\":\"SearchAction\",\"target\":{\"@type\":\"EntryPoint\",\"urlTemplate\":\"https:\\\/\\\/landioustravel.com\\\/it\\\/?s={search_term_string}\"},\"query-input\":{\"@type\":\"PropertyValueSpecification\",\"valueRequired\":true,\"valueName\":\"search_term_string\"}}],\"inLanguage\":\"it-IT\"},{\"@type\":[\"Organization\",\"Place\"],\"@id\":\"https:\\\/\\\/landioustravel.com\\\/it\\\/#organization\",\"name\":\"Landious Travel\",\"alternateName\":\"Landious Travel\",\"url\":\"https:\\\/\\\/landioustravel.com\\\/it\\\/\",\"logo\":{\"@id\":\"https:\\\/\\\/landioustravel.com\\\/it\\\/shop\\\/tour-notturno-cairo-gouna\\\/#local-main-organization-logo\"},\"image\":{\"@id\":\"https:\\\/\\\/landioustravel.com\\\/it\\\/shop\\\/tour-notturno-cairo-gouna\\\/#local-main-organization-logo\"},\"sameAs\":[\"https:\\\/\\\/web.facebook.com\\\/landiousEgypt\",\"https:\\\/\\\/x.com\\\/LandiousTours\",\"https:\\\/\\\/mastodon.social\\\/@landious\"],\"legalName\":\"Landious Travel\",\"telephone\":[],\"openingHoursSpecification\":[{\"@type\":\"OpeningHoursSpecification\",\"dayOfWeek\":[\"Monday\",\"Tuesday\",\"Wednesday\",\"Thursday\",\"Friday\",\"Saturday\",\"Sunday\"],\"opens\":\"09:00\",\"closes\":\"17:00\"}]},{\"@type\":\"ImageObject\",\"inLanguage\":\"it-IT\",\"@id\":\"https:\\\/\\\/landioustravel.com\\\/it\\\/shop\\\/tour-notturno-cairo-gouna\\\/#local-main-organization-logo\",\"url\":\"https:\\\/\\\/i0.wp.com\\\/landioustravel.com\\\/wp-content\\\/uploads\\\/2021\\\/06\\\/Landious-T.png?fit=500%2C500&ssl=1\",\"contentUrl\":\"https:\\\/\\\/i0.wp.com\\\/landioustravel.com\\\/wp-content\\\/uploads\\\/2021\\\/06\\\/Landious-T.png?fit=500%2C500&ssl=1\",\"width\":500,\"height\":500,\"caption\":\"Landious Travel\"}]}<\/script>\n<!-- \/ Yoast SEO Premium plugin. -->","yoast_head_json":{"title":"Tour notturno del Cairo El Gouna","description":"Tour notturno del Cairo El Gouna \u00e8 un delizioso viaggio di due giorni al Cairo da El Gouna, in Egitto! Consigliamo l'escursione perch\u00e9 consente ai turisti","robots":{"index":"index","follow":"follow","max-snippet":"max-snippet:-1","max-image-preview":"max-image-preview:large","max-video-preview":"max-video-preview:-1"},"canonical":"https:\/\/landioustravel.com\/it\/shop\/tour-notturno-cairo-gouna\/","og_locale":"it_IT","og_type":"article","og_title":"Tour notturno del Cairo El Gouna","og_description":"Landious Travel","og_url":"https:\/\/landioustravel.com\/it\/shop\/tour-notturno-cairo-gouna\/","og_site_name":"Landious Travel","article_publisher":"https:\/\/web.facebook.com\/landiousEgypt","article_modified_time":"2023-06-17T14:33:28+00:00","og_image":[{"width":1024,"height":576,"url":"https:\/\/landioustravel.com\/wp-content\/uploads\/2022\/12\/Cairo-Overnight-Tour-El-Gouna-e1672443354722-1024x576.jpg","type":"image\/jpeg"}],"twitter_card":"summary_large_image","twitter_site":"@LandiousTours","twitter_misc":{"Tempo di lettura stimato":"5 minuti"},"schema":{"@context":"https:\/\/schema.org","@graph":[{"@type":"WebPage","@id":"https:\/\/landioustravel.com\/it\/shop\/tour-notturno-cairo-gouna\/","url":"https:\/\/landioustravel.com\/it\/shop\/tour-notturno-cairo-gouna\/","name":"Tour notturno del Cairo El Gouna","isPartOf":{"@id":"https:\/\/landioustravel.com\/it\/#website"},"primaryImageOfPage":{"@id":"https:\/\/landioustravel.com\/it\/shop\/tour-notturno-cairo-gouna\/#primaryimage"},"image":{"@id":"https:\/\/landioustravel.com\/it\/shop\/tour-notturno-cairo-gouna\/#primaryimage"},"thumbnailUrl":"https:\/\/i0.wp.com\/landioustravel.com\/wp-content\/uploads\/2022\/12\/Cairo-Overnight-Tour-El-Gouna-e1672443354722.jpg?fit=1200%2C675&ssl=1","datePublished":"2023-04-25T00:51:37+00:00","dateModified":"2023-06-17T14:33:28+00:00","description":"Tour notturno del Cairo El Gouna \u00e8 un delizioso viaggio di due giorni al Cairo da El Gouna, in Egitto! Consigliamo l'escursione perch\u00e9 consente ai turisti","breadcrumb":{"@id":"https:\/\/landioustravel.com\/it\/shop\/tour-notturno-cairo-gouna\/#breadcrumb"},"inLanguage":"it-IT","potentialAction":[{"@type":"ReadAction","target":["https:\/\/landioustravel.com\/it\/shop\/tour-notturno-cairo-gouna\/"]}]},{"@type":"ImageObject","inLanguage":"it-IT","@id":"https:\/\/landioustravel.com\/it\/shop\/tour-notturno-cairo-gouna\/#primaryimage","url":"https:\/\/i0.wp.com\/landioustravel.com\/wp-content\/uploads\/2022\/12\/Cairo-Overnight-Tour-El-Gouna-e1672443354722.jpg?fit=1200%2C675&ssl=1","contentUrl":"https:\/\/i0.wp.com\/landioustravel.com\/wp-content\/uploads\/2022\/12\/Cairo-Overnight-Tour-El-Gouna-e1672443354722.jpg?fit=1200%2C675&ssl=1","width":1200,"height":675,"caption":"Cairo Overnight Tour El Gouna"},{"@type":"BreadcrumbList","@id":"https:\/\/landioustravel.com\/it\/shop\/tour-notturno-cairo-gouna\/#breadcrumb","itemListElement":[{"@type":"ListItem","position":1,"name":"Home","item":"https:\/\/landioustravel.com\/it\/"},{"@type":"ListItem","position":2,"name":"Tour in Egitto","item":"https:\/\/landioustravel.com\/it\/"},{"@type":"ListItem","position":3,"name":"Tour notturno del Cairo El Gouna"}]},{"@type":"WebSite","@id":"https:\/\/landioustravel.com\/it\/#website","url":"https:\/\/landioustravel.com\/it\/","name":"Landious Travel","description":"Excursions, trips and cruises in Egypt","publisher":{"@id":"https:\/\/landioustravel.com\/it\/#organization"},"potentialAction":[{"@type":"SearchAction","target":{"@type":"EntryPoint","urlTemplate":"https:\/\/landioustravel.com\/it\/?s={search_term_string}"},"query-input":{"@type":"PropertyValueSpecification","valueRequired":true,"valueName":"search_term_string"}}],"inLanguage":"it-IT"},{"@type":["Organization","Place"],"@id":"https:\/\/landioustravel.com\/it\/#organization","name":"Landious Travel","alternateName":"Landious Travel","url":"https:\/\/landioustravel.com\/it\/","logo":{"@id":"https:\/\/landioustravel.com\/it\/shop\/tour-notturno-cairo-gouna\/#local-main-organization-logo"},"image":{"@id":"https:\/\/landioustravel.com\/it\/shop\/tour-notturno-cairo-gouna\/#local-main-organization-logo"},"sameAs":["https:\/\/web.facebook.com\/landiousEgypt","https:\/\/x.com\/LandiousTours","https:\/\/mastodon.social\/@landious"],"legalName":"Landious Travel","telephone":[],"openingHoursSpecification":[{"@type":"OpeningHoursSpecification","dayOfWeek":["Monday","Tuesday","Wednesday","Thursday","Friday","Saturday","Sunday"],"opens":"09:00","closes":"17:00"}]},{"@type":"ImageObject","inLanguage":"it-IT","@id":"https:\/\/landioustravel.com\/it\/shop\/tour-notturno-cairo-gouna\/#local-main-organization-logo","url":"https:\/\/i0.wp.com\/landioustravel.com\/wp-content\/uploads\/2021\/06\/Landious-T.png?fit=500%2C500&ssl=1","contentUrl":"https:\/\/i0.wp.com\/landioustravel.com\/wp-content\/uploads\/2021\/06\/Landious-T.png?fit=500%2C500&ssl=1","width":500,"height":500,"caption":"Landious Travel"}]}},"jetpack_publicize_connections":[],"uagb_featured_image_src":{"full":["https:\/\/i0.wp.com\/landioustravel.com\/wp-content\/uploads\/2022\/12\/Cairo-Overnight-Tour-El-Gouna-e1672443354722.jpg?fit=1200%2C675&ssl=1",1200,675,false],"thumbnail":["https:\/\/i0.wp.com\/landioustravel.com\/wp-content\/uploads\/2022\/12\/Cairo-Overnight-Tour-El-Gouna-e1672443354722.jpg?resize=150%2C150&ssl=1",150,150,true],"medium":["https:\/\/i0.wp.com\/landioustravel.com\/wp-content\/uploads\/2022\/12\/Cairo-Overnight-Tour-El-Gouna-e1672443354722.jpg?fit=300%2C169&ssl=1",300,169,true],"medium_large":["https:\/\/i0.wp.com\/landioustravel.com\/wp-content\/uploads\/2022\/12\/Cairo-Overnight-Tour-El-Gouna-e1672443354722.jpg?fit=768%2C432&ssl=1",768,432,true],"large":["https:\/\/i0.wp.com\/landioustravel.com\/wp-content\/uploads\/2022\/12\/Cairo-Overnight-Tour-El-Gouna-e1672443354722.jpg?fit=980%2C551&ssl=1",980,551,true],"1536x1536":["https:\/\/i0.wp.com\/landioustravel.com\/wp-content\/uploads\/2022\/12\/Cairo-Overnight-Tour-El-Gouna-e1672443354722.jpg?fit=1536%2C1152&ssl=1",1536,1152,true],"2048x2048":["https:\/\/i0.wp.com\/landioustravel.com\/wp-content\/uploads\/2022\/12\/Cairo-Overnight-Tour-El-Gouna-e1672443354722.jpg?fit=2048%2C1536&ssl=1",2048,1536,true],"newspack-article-block-landscape-large":["https:\/\/i0.wp.com\/landioustravel.com\/wp-content\/uploads\/2022\/12\/Cairo-Overnight-Tour-El-Gouna-e1672443354722.jpg?resize=1200%2C675&ssl=1",1200,675,true],"newspack-article-block-portrait-large":["https:\/\/i0.wp.com\/landioustravel.com\/wp-content\/uploads\/2022\/12\/Cairo-Overnight-Tour-El-Gouna-e1672443354722.jpg?resize=900%2C675&ssl=1",900,675,true],"newspack-article-block-square-large":["https:\/\/i0.wp.com\/landioustravel.com\/wp-content\/uploads\/2022\/12\/Cairo-Overnight-Tour-El-Gouna-e1672443354722.jpg?resize=1200%2C675&ssl=1",1200,675,true],"newspack-article-block-landscape-medium":["https:\/\/i0.wp.com\/landioustravel.com\/wp-content\/uploads\/2022\/12\/Cairo-Overnight-Tour-El-Gouna-e1672443354722.jpg?resize=800%2C600&ssl=1",800,600,true],"newspack-article-block-portrait-medium":["https:\/\/i0.wp.com\/landioustravel.com\/wp-content\/uploads\/2022\/12\/Cairo-Overnight-Tour-El-Gouna-e1672443354722.jpg?resize=600%2C675&ssl=1",600,675,true],"newspack-article-block-square-medium":["https:\/\/i0.wp.com\/landioustravel.com\/wp-content\/uploads\/2022\/12\/Cairo-Overnight-Tour-El-Gouna-e1672443354722.jpg?resize=800%2C675&ssl=1",800,675,true],"newspack-article-block-landscape-intermediate":["https:\/\/i0.wp.com\/landioustravel.com\/wp-content\/uploads\/2022\/12\/Cairo-Overnight-Tour-El-Gouna-e1672443354722.jpg?resize=600%2C450&ssl=1",600,450,true],"newspack-article-block-portrait-intermediate":["https:\/\/i0.wp.com\/landioustravel.com\/wp-content\/uploads\/2022\/12\/Cairo-Overnight-Tour-El-Gouna-e1672443354722.jpg?resize=450%2C600&ssl=1",450,600,true],"newspack-article-block-square-intermediate":["https:\/\/i0.wp.com\/landioustravel.com\/wp-content\/uploads\/2022\/12\/Cairo-Overnight-Tour-El-Gouna-e1672443354722.jpg?resize=600%2C600&ssl=1",600,600,true],"newspack-article-block-landscape-small":["https:\/\/i0.wp.com\/landioustravel.com\/wp-content\/uploads\/2022\/12\/Cairo-Overnight-Tour-El-Gouna-e1672443354722.jpg?resize=400%2C300&ssl=1",400,300,true],"newspack-article-block-portrait-small":["https:\/\/i0.wp.com\/landioustravel.com\/wp-content\/uploads\/2022\/12\/Cairo-Overnight-Tour-El-Gouna-e1672443354722.jpg?resize=300%2C400&ssl=1",300,400,true],"newspack-article-block-square-small":["https:\/\/i0.wp.com\/landioustravel.com\/wp-content\/uploads\/2022\/12\/Cairo-Overnight-Tour-El-Gouna-e1672443354722.jpg?resize=400%2C400&ssl=1",400,400,true],"newspack-article-block-landscape-tiny":["https:\/\/i0.wp.com\/landioustravel.com\/wp-content\/uploads\/2022\/12\/Cairo-Overnight-Tour-El-Gouna-e1672443354722.jpg?resize=200%2C150&ssl=1",200,150,true],"newspack-article-block-portrait-tiny":["https:\/\/i0.wp.com\/landioustravel.com\/wp-content\/uploads\/2022\/12\/Cairo-Overnight-Tour-El-Gouna-e1672443354722.jpg?resize=150%2C200&ssl=1",150,200,true],"newspack-article-block-square-tiny":["https:\/\/i0.wp.com\/landioustravel.com\/wp-content\/uploads\/2022\/12\/Cairo-Overnight-Tour-El-Gouna-e1672443354722.jpg?resize=200%2C200&ssl=1",200,200,true],"newspack-article-block-uncropped":["https:\/\/i0.wp.com\/landioustravel.com\/wp-content\/uploads\/2022\/12\/Cairo-Overnight-Tour-El-Gouna-e1672443354722.jpg?fit=1200%2C675&ssl=1",1200,675,true],"woocommerce_thumbnail":["https:\/\/i0.wp.com\/landioustravel.com\/wp-content\/uploads\/2022\/12\/Cairo-Overnight-Tour-El-Gouna-e1672443354722.jpg?resize=324%2C324&ssl=1",324,324,true],"woocommerce_single":["https:\/\/i0.wp.com\/landioustravel.com\/wp-content\/uploads\/2022\/12\/Cairo-Overnight-Tour-El-Gouna-e1672443354722.jpg?fit=416%2C234&ssl=1",416,234,true],"woocommerce_gallery_thumbnail":["https:\/\/i0.wp.com\/landioustravel.com\/wp-content\/uploads\/2022\/12\/Cairo-Overnight-Tour-El-Gouna-e1672443354722.jpg?resize=100%2C100&ssl=1",100,100,true]},"uagb_author_info":{"display_name":"Mofreh Landious","author_link":"https:\/\/landioustravel.com\/it\/author\/"},"uagb_comment_info":0,"uagb_excerpt":"Parti per un'emozionante avventura di due giorni da El Gouna al Vecchio Cairo tramite un autobus moderno e ammira le maestose tre Piramidi di Giza e la maestosa Grande Sfinge. Soddisfa le tue papille gustative con un delizioso pranzo prima di immergerti nella ricca storia dell'Egitto al Museo Egizio. Il giorno successivo promette una miriade&hellip;","jetpack_sharing_enabled":true,"jetpack_likes_enabled":true,"amp_enabled":true,"_links":{"self":[{"href":"https:\/\/landioustravel.com\/it\/wp-json\/wp\/v2\/product\/141698","targetHints":{"allow":["GET"]}}],"collection":[{"href":"https:\/\/landioustravel.com\/it\/wp-json\/wp\/v2\/product"}],"about":[{"href":"https:\/\/landioustravel.com\/it\/wp-json\/wp\/v2\/types\/product"}],"replies":[{"embeddable":true,"href":"https:\/\/landioustravel.com\/it\/wp-json\/wp\/v2\/comments?post=141698"}],"wp:featuredmedia":[{"embeddable":true,"href":"https:\/\/landioustravel.com\/it\/wp-json\/wp\/v2\/media\/141696"}],"wp:attachment":[{"href":"https:\/\/landioustravel.com\/it\/wp-json\/wp\/v2\/media?parent=141698"}],"wp:term":[{"taxonomy":"product_brand","embeddable":true,"href":"https:\/\/landioustravel.com\/it\/wp-json\/wp\/v2\/product_brand?post=141698"},{"taxonomy":"product_cat","embeddable":true,"href":"https:\/\/landioustravel.com\/it\/wp-json\/wp\/v2\/product_cat?post=141698"},{"taxonomy":"product_tag","embeddable":true,"href":"https:\/\/landioustravel.com\/it\/wp-json\/wp\/v2\/product_tag?post=141698"}],"curies":[{"name":"wp","href":"https:\/\/api.w.org\/{rel}","templated":true}]}}