{"id":141868,"date":"2022-12-23T20:15:40","date_gmt":"2023-04-25T14:45:15","guid":{"rendered":"https:\/\/landioustravel.com\/?post_type=product&#038;p=141868"},"modified":"2023-06-18T23:50:06","modified_gmt":"2023-06-18T21:50:06","slug":"escursione-spettacolo-delfini-safaga","status":"publish","type":"product","link":"https:\/\/landioustravel.com\/it\/shop\/escursione-spettacolo-delfini-safaga\/","title":{"rendered":"Escursione allo spettacolo di delfini Safaga"},"content":{"rendered":"<p>Escursione allo spettacolo di delfini Safaga \u00e8 un&#8217;escursione di intrattenimento preferita al Dolphinarium di <a href=\"https:\/\/landioustravel.com\/it\/egitto\/citta-egiziane\/governatorato-bahr-ahmar\/citta-safaga\/\">Safaga<\/a>, in Egitto! Raccomandiamo il viaggio perch\u00e9 consente ai turisti di qualsiasi et\u00e0 di vedere la pi\u00f9 vasta collezione di animali marini. Inoltre, d\u00e0 la possibilit\u00e0 di scattare una foto con loro. In effetti, \u00e8 uno dei programmi di intrattenimento pi\u00f9 belli di Safaga!<\/p>\n<h2>Punti salienti dell&#8217;escursione al delfinario da Safaga<\/h2>\n<ul>\n<li>Spettacolo di animali marini.<\/li>\n<li>Inoltre, scattare una foto con questi animali per ricordo \u00e8 un&#8217;opzione a pagamento.<\/li>\n<\/ul>\n<h2>Programma del viaggio nel mondo dei delfini<\/h2>\n<ul>\n<li>Il rappresentante di Landious Travel verr\u00e0 a prenderti dai tuoi hotel di Safaga alle 13:00 circa.<\/li>\n<li>Dopo aver raccolto tutti i visitatori, l&#8217;autobus va al Dolphin World Dolphinarium. Ci vogliono circa 30 minuti per arrivare a questo posto.<\/li>\n<li>All&#8217;inizio del programma dell&#8217;escursione, la guida ti mostrer\u00e0 dove sederti nell&#8217;auditorium.<\/li>\n<li>Non appena tutti si riuniscono, lo spettacolo inizia per circa un&#8217;ora. Durante lo spettacolo, sei artisti interpretano i loro ruoli:<\/li>\n<\/ul>\n<ol>\n<li>Smelaya e Agat &#8211; Foche di pelliccia.<\/li>\n<li>Sabrina e Gerasim \u2013 tursiopi di mare.<\/li>\n<li>Leela \u2013 tricheco.<\/li>\n<li>Inoltre, Dimas \u00e8 un leone marino.<\/li>\n<\/ol>\n<ul>\n<li>Poi, dopo la fine di questo fantastico spettacolo, potresti avvicinarti a queste creature marine per una foto. \u00c8 facoltativo a un costo aggiuntivo.<\/li>\n<li>Infine, il nostro autobus \u00e8 tornato a Safaga dopo un fantastico viaggio al Delfinario.<\/li>\n<li>Questo spettacolo di delfini da Safaga termina alle 15:00 circa.<\/li>\n<\/ul>\n<h2>Cosa include il prezzo di un viaggio con spettacolo di delfini a Safaga?<\/h2>\n<ul>\n<li>Trasferimento al Dolphin World e rientro in hotel.<\/li>\n<li>Inoltre, biglietti d&#8217;ingresso.<\/li>\n<\/ul>\n<h2>Cosa non include il programma del Dolphinarium Safaga?<\/h2>\n<ul>\n<li>Dvd video.<\/li>\n<li>Inoltre, il Photo CD.<\/li>\n<\/ul>\n<h2>Cosa portare con te per il viaggio?<\/h2>\n<ul>\n<li>Occhiali da sole.<\/li>\n<\/ul>\n<h2>Prenotazione giorni di viaggio spettacolo di delfini Safaga<\/h2>\n<ul>\n<li>Tutti i giorni dalle 13:00 alle 15:00.<\/li>\n<\/ul>\n<h2>Servizi presentati durante il viaggio spettacolo dei delfini a Safaga<\/h2>\n<ul>\n<li><strong>Trasporti<\/strong>: Landious Travel utilizza limousine\/minibus con aria condizionata. Un autista professionista ti accompagner\u00e0 al Delfinario e al tuo hotel.<\/li>\n<li><strong>Guida<\/strong>: un tour leader inglese professionista ti verr\u00e0 a prendere dal tuo hotel e ti accompagner\u00e0 al Delfinario.<\/li>\n<li><strong>Team e staff:<\/strong> avrai un equipaggio amichevole e professionale nel Delfinario. I nostri istruttori e formatori ti guideranno durante il viaggio.<\/li>\n<\/ul>\n","protected":false},"excerpt":{"rendered":"<p>Sei pronto a vivere un&#8217;esperienza davvero impressionante? Unisciti all&#8217;escursione Dolphin Show da Safaga e lasciati stupire dalla straordinaria collezione di creature marine in mostra. Lasciati stupire dall&#8217;incredibile talento dei delfini del Mar Nero, delle otarie del nord, dei leoni marini sudamericani e dei trichechi del Pacifico. Questo \u00e8 uno spettacolo da non perdere!<\/p>\n","protected":false},"featured_media":141590,"comment_status":"open","ping_status":"closed","template":"","meta":{"_coblocks_attr":"","_coblocks_dimensions":"","_coblocks_responsive_height":"","_coblocks_accordion_ie_support":"","_uag_custom_page_level_css":"","jetpack_publicize_message":"","jetpack_publicize_feature_enabled":true,"jetpack_social_post_already_shared":true,"jetpack_social_options":{"image_generator_settings":{"template":"highway","default_image_id":0,"font":"","enabled":false},"version":2},"_wpas_customize_per_network":false},"product_brand":[],"product_cat":[23523,16905,23525],"product_tag":[1678,1644],"class_list":{"0":"post-141868","1":"product","2":"type-product","3":"status-publish","4":"has-post-thumbnail","6":"product_cat-escursioni-basso-costo-safaga","7":"product_cat-escursioni-safaga","8":"product_cat-viaggi-intrattenimento-safaga","9":"product_tag-delfinario","10":"product_tag-escursione","11":"pa_age-adulto","12":"pa_age-bambino-1-4-anni","13":"pa_age-bambino-5-11-anni","15":"first","16":"instock","17":"sale","18":"taxable","19":"shipping-taxable","20":"purchasable","21":"product-type-variable"},"yoast_head":"<!-- This site is optimized with the Yoast SEO Premium plugin v26.9 (Yoast SEO v27.4) - https:\/\/yoast.com\/product\/yoast-seo-premium-wordpress\/ -->\n<title>Escursione allo spettacolo di delfini Safaga<\/title>\n<meta name=\"description\" content=\"Escursione allo spettacolo di delfini Safaga ti permette di vedere lo spettacolo dei mammiferi marini. Questo spettacolo presenta la pi\u00f9 vasta collezione\" \/>\n<meta name=\"robots\" content=\"index, follow, max-snippet:-1, max-image-preview:large, max-video-preview:-1\" \/>\n<link rel=\"canonical\" href=\"https:\/\/landioustravel.com\/it\/shop\/escursione-spettacolo-delfini-safaga\/\" \/>\n<meta property=\"og:locale\" content=\"it_IT\" \/>\n<meta property=\"og:type\" content=\"article\" \/>\n<meta property=\"og:title\" content=\"Escursione allo spettacolo di delfini Safaga\" \/>\n<meta property=\"og:description\" content=\"Landious Travel\" \/>\n<meta property=\"og:url\" content=\"https:\/\/landioustravel.com\/it\/shop\/escursione-spettacolo-delfini-safaga\/\" \/>\n<meta property=\"og:site_name\" content=\"Landious Travel\" \/>\n<meta property=\"article:publisher\" content=\"https:\/\/web.facebook.com\/landiousEgypt\" \/>\n<meta property=\"article:modified_time\" content=\"2023-06-18T21:50:06+00:00\" \/>\n<meta property=\"og:image\" content=\"https:\/\/i0.wp.com\/landioustravel.com\/wp-content\/uploads\/2022\/12\/Dolphin-Show-Trip-Safaga-e1671818952746.jpg?fit=1200%2C675&ssl=1\" \/>\n\t<meta property=\"og:image:width\" content=\"1200\" \/>\n\t<meta property=\"og:image:height\" content=\"675\" \/>\n\t<meta property=\"og:image:type\" content=\"image\/jpeg\" \/>\n<meta name=\"twitter:card\" content=\"summary_large_image\" \/>\n<meta name=\"twitter:site\" content=\"@LandiousTours\" \/>\n<meta name=\"twitter:label1\" content=\"Tempo di lettura stimato\" \/>\n\t<meta name=\"twitter:data1\" content=\"2 minuti\" \/>\n<script type=\"application\/ld+json\" class=\"yoast-schema-graph\">{\"@context\":\"https:\\\/\\\/schema.org\",\"@graph\":[{\"@type\":\"WebPage\",\"@id\":\"https:\\\/\\\/landioustravel.com\\\/it\\\/shop\\\/escursione-spettacolo-delfini-safaga\\\/\",\"url\":\"https:\\\/\\\/landioustravel.com\\\/it\\\/shop\\\/escursione-spettacolo-delfini-safaga\\\/\",\"name\":\"Escursione allo spettacolo di delfini Safaga\",\"isPartOf\":{\"@id\":\"https:\\\/\\\/landioustravel.com\\\/it\\\/#website\"},\"primaryImageOfPage\":{\"@id\":\"https:\\\/\\\/landioustravel.com\\\/it\\\/shop\\\/escursione-spettacolo-delfini-safaga\\\/#primaryimage\"},\"image\":{\"@id\":\"https:\\\/\\\/landioustravel.com\\\/it\\\/shop\\\/escursione-spettacolo-delfini-safaga\\\/#primaryimage\"},\"thumbnailUrl\":\"https:\\\/\\\/i0.wp.com\\\/landioustravel.com\\\/wp-content\\\/uploads\\\/2022\\\/12\\\/Dolphin-Show-Trip-Safaga-e1671818952746.jpg?fit=1200%2C675&ssl=1\",\"datePublished\":\"2023-04-25T14:45:15+00:00\",\"dateModified\":\"2023-06-18T21:50:06+00:00\",\"description\":\"Escursione allo spettacolo di delfini Safaga ti permette di vedere lo spettacolo dei mammiferi marini. Questo spettacolo presenta la pi\u00f9 vasta collezione\",\"breadcrumb\":{\"@id\":\"https:\\\/\\\/landioustravel.com\\\/it\\\/shop\\\/escursione-spettacolo-delfini-safaga\\\/#breadcrumb\"},\"inLanguage\":\"it-IT\",\"potentialAction\":[{\"@type\":\"ReadAction\",\"target\":[\"https:\\\/\\\/landioustravel.com\\\/it\\\/shop\\\/escursione-spettacolo-delfini-safaga\\\/\"]}]},{\"@type\":\"ImageObject\",\"inLanguage\":\"it-IT\",\"@id\":\"https:\\\/\\\/landioustravel.com\\\/it\\\/shop\\\/escursione-spettacolo-delfini-safaga\\\/#primaryimage\",\"url\":\"https:\\\/\\\/i0.wp.com\\\/landioustravel.com\\\/wp-content\\\/uploads\\\/2022\\\/12\\\/Dolphin-Show-Trip-Safaga-e1671818952746.jpg?fit=1200%2C675&ssl=1\",\"contentUrl\":\"https:\\\/\\\/i0.wp.com\\\/landioustravel.com\\\/wp-content\\\/uploads\\\/2022\\\/12\\\/Dolphin-Show-Trip-Safaga-e1671818952746.jpg?fit=1200%2C675&ssl=1\",\"width\":1200,\"height\":675,\"caption\":\"Dolphin Show Trip Safaga\"},{\"@type\":\"BreadcrumbList\",\"@id\":\"https:\\\/\\\/landioustravel.com\\\/it\\\/shop\\\/escursione-spettacolo-delfini-safaga\\\/#breadcrumb\",\"itemListElement\":[{\"@type\":\"ListItem\",\"position\":1,\"name\":\"Home\",\"item\":\"https:\\\/\\\/landioustravel.com\\\/it\\\/\"},{\"@type\":\"ListItem\",\"position\":2,\"name\":\"Tour in Egitto\",\"item\":\"https:\\\/\\\/landioustravel.com\\\/it\\\/\"},{\"@type\":\"ListItem\",\"position\":3,\"name\":\"Escursione allo spettacolo di delfini Safaga\"}]},{\"@type\":\"WebSite\",\"@id\":\"https:\\\/\\\/landioustravel.com\\\/it\\\/#website\",\"url\":\"https:\\\/\\\/landioustravel.com\\\/it\\\/\",\"name\":\"Landious Travel\",\"description\":\"Excursions, trips and cruises in Egypt\",\"publisher\":{\"@id\":\"https:\\\/\\\/landioustravel.com\\\/it\\\/#organization\"},\"potentialAction\":[{\"@type\":\"SearchAction\",\"target\":{\"@type\":\"EntryPoint\",\"urlTemplate\":\"https:\\\/\\\/landioustravel.com\\\/it\\\/?s={search_term_string}\"},\"query-input\":{\"@type\":\"PropertyValueSpecification\",\"valueRequired\":true,\"valueName\":\"search_term_string\"}}],\"inLanguage\":\"it-IT\"},{\"@type\":[\"Organization\",\"Place\"],\"@id\":\"https:\\\/\\\/landioustravel.com\\\/it\\\/#organization\",\"name\":\"Landious Travel\",\"alternateName\":\"Landious Travel\",\"url\":\"https:\\\/\\\/landioustravel.com\\\/it\\\/\",\"logo\":{\"@id\":\"https:\\\/\\\/landioustravel.com\\\/it\\\/shop\\\/escursione-spettacolo-delfini-safaga\\\/#local-main-organization-logo\"},\"image\":{\"@id\":\"https:\\\/\\\/landioustravel.com\\\/it\\\/shop\\\/escursione-spettacolo-delfini-safaga\\\/#local-main-organization-logo\"},\"sameAs\":[\"https:\\\/\\\/web.facebook.com\\\/landiousEgypt\",\"https:\\\/\\\/x.com\\\/LandiousTours\",\"https:\\\/\\\/mastodon.social\\\/@landious\"],\"legalName\":\"Landious Travel\",\"telephone\":[],\"openingHoursSpecification\":[{\"@type\":\"OpeningHoursSpecification\",\"dayOfWeek\":[\"Monday\",\"Tuesday\",\"Wednesday\",\"Thursday\",\"Friday\",\"Saturday\",\"Sunday\"],\"opens\":\"09:00\",\"closes\":\"17:00\"}]},{\"@type\":\"ImageObject\",\"inLanguage\":\"it-IT\",\"@id\":\"https:\\\/\\\/landioustravel.com\\\/it\\\/shop\\\/escursione-spettacolo-delfini-safaga\\\/#local-main-organization-logo\",\"url\":\"https:\\\/\\\/i0.wp.com\\\/landioustravel.com\\\/wp-content\\\/uploads\\\/2021\\\/06\\\/Landious-T.png?fit=500%2C500&ssl=1\",\"contentUrl\":\"https:\\\/\\\/i0.wp.com\\\/landioustravel.com\\\/wp-content\\\/uploads\\\/2021\\\/06\\\/Landious-T.png?fit=500%2C500&ssl=1\",\"width\":500,\"height\":500,\"caption\":\"Landious Travel\"}]}<\/script>\n<!-- \/ Yoast SEO Premium plugin. -->","yoast_head_json":{"title":"Escursione allo spettacolo di delfini Safaga","description":"Escursione allo spettacolo di delfini Safaga ti permette di vedere lo spettacolo dei mammiferi marini. Questo spettacolo presenta la pi\u00f9 vasta collezione","robots":{"index":"index","follow":"follow","max-snippet":"max-snippet:-1","max-image-preview":"max-image-preview:large","max-video-preview":"max-video-preview:-1"},"canonical":"https:\/\/landioustravel.com\/it\/shop\/escursione-spettacolo-delfini-safaga\/","og_locale":"it_IT","og_type":"article","og_title":"Escursione allo spettacolo di delfini Safaga","og_description":"Landious Travel","og_url":"https:\/\/landioustravel.com\/it\/shop\/escursione-spettacolo-delfini-safaga\/","og_site_name":"Landious Travel","article_publisher":"https:\/\/web.facebook.com\/landiousEgypt","article_modified_time":"2023-06-18T21:50:06+00:00","og_image":[{"width":1200,"height":675,"url":"https:\/\/i0.wp.com\/landioustravel.com\/wp-content\/uploads\/2022\/12\/Dolphin-Show-Trip-Safaga-e1671818952746.jpg?fit=1200%2C675&ssl=1","type":"image\/jpeg"}],"twitter_card":"summary_large_image","twitter_site":"@LandiousTours","twitter_misc":{"Tempo di lettura stimato":"2 minuti"},"schema":{"@context":"https:\/\/schema.org","@graph":[{"@type":"WebPage","@id":"https:\/\/landioustravel.com\/it\/shop\/escursione-spettacolo-delfini-safaga\/","url":"https:\/\/landioustravel.com\/it\/shop\/escursione-spettacolo-delfini-safaga\/","name":"Escursione allo spettacolo di delfini Safaga","isPartOf":{"@id":"https:\/\/landioustravel.com\/it\/#website"},"primaryImageOfPage":{"@id":"https:\/\/landioustravel.com\/it\/shop\/escursione-spettacolo-delfini-safaga\/#primaryimage"},"image":{"@id":"https:\/\/landioustravel.com\/it\/shop\/escursione-spettacolo-delfini-safaga\/#primaryimage"},"thumbnailUrl":"https:\/\/i0.wp.com\/landioustravel.com\/wp-content\/uploads\/2022\/12\/Dolphin-Show-Trip-Safaga-e1671818952746.jpg?fit=1200%2C675&ssl=1","datePublished":"2023-04-25T14:45:15+00:00","dateModified":"2023-06-18T21:50:06+00:00","description":"Escursione allo spettacolo di delfini Safaga ti permette di vedere lo spettacolo dei mammiferi marini. Questo spettacolo presenta la pi\u00f9 vasta collezione","breadcrumb":{"@id":"https:\/\/landioustravel.com\/it\/shop\/escursione-spettacolo-delfini-safaga\/#breadcrumb"},"inLanguage":"it-IT","potentialAction":[{"@type":"ReadAction","target":["https:\/\/landioustravel.com\/it\/shop\/escursione-spettacolo-delfini-safaga\/"]}]},{"@type":"ImageObject","inLanguage":"it-IT","@id":"https:\/\/landioustravel.com\/it\/shop\/escursione-spettacolo-delfini-safaga\/#primaryimage","url":"https:\/\/i0.wp.com\/landioustravel.com\/wp-content\/uploads\/2022\/12\/Dolphin-Show-Trip-Safaga-e1671818952746.jpg?fit=1200%2C675&ssl=1","contentUrl":"https:\/\/i0.wp.com\/landioustravel.com\/wp-content\/uploads\/2022\/12\/Dolphin-Show-Trip-Safaga-e1671818952746.jpg?fit=1200%2C675&ssl=1","width":1200,"height":675,"caption":"Dolphin Show Trip Safaga"},{"@type":"BreadcrumbList","@id":"https:\/\/landioustravel.com\/it\/shop\/escursione-spettacolo-delfini-safaga\/#breadcrumb","itemListElement":[{"@type":"ListItem","position":1,"name":"Home","item":"https:\/\/landioustravel.com\/it\/"},{"@type":"ListItem","position":2,"name":"Tour in Egitto","item":"https:\/\/landioustravel.com\/it\/"},{"@type":"ListItem","position":3,"name":"Escursione allo spettacolo di delfini Safaga"}]},{"@type":"WebSite","@id":"https:\/\/landioustravel.com\/it\/#website","url":"https:\/\/landioustravel.com\/it\/","name":"Landious Travel","description":"Excursions, trips and cruises in Egypt","publisher":{"@id":"https:\/\/landioustravel.com\/it\/#organization"},"potentialAction":[{"@type":"SearchAction","target":{"@type":"EntryPoint","urlTemplate":"https:\/\/landioustravel.com\/it\/?s={search_term_string}"},"query-input":{"@type":"PropertyValueSpecification","valueRequired":true,"valueName":"search_term_string"}}],"inLanguage":"it-IT"},{"@type":["Organization","Place"],"@id":"https:\/\/landioustravel.com\/it\/#organization","name":"Landious Travel","alternateName":"Landious Travel","url":"https:\/\/landioustravel.com\/it\/","logo":{"@id":"https:\/\/landioustravel.com\/it\/shop\/escursione-spettacolo-delfini-safaga\/#local-main-organization-logo"},"image":{"@id":"https:\/\/landioustravel.com\/it\/shop\/escursione-spettacolo-delfini-safaga\/#local-main-organization-logo"},"sameAs":["https:\/\/web.facebook.com\/landiousEgypt","https:\/\/x.com\/LandiousTours","https:\/\/mastodon.social\/@landious"],"legalName":"Landious Travel","telephone":[],"openingHoursSpecification":[{"@type":"OpeningHoursSpecification","dayOfWeek":["Monday","Tuesday","Wednesday","Thursday","Friday","Saturday","Sunday"],"opens":"09:00","closes":"17:00"}]},{"@type":"ImageObject","inLanguage":"it-IT","@id":"https:\/\/landioustravel.com\/it\/shop\/escursione-spettacolo-delfini-safaga\/#local-main-organization-logo","url":"https:\/\/i0.wp.com\/landioustravel.com\/wp-content\/uploads\/2021\/06\/Landious-T.png?fit=500%2C500&ssl=1","contentUrl":"https:\/\/i0.wp.com\/landioustravel.com\/wp-content\/uploads\/2021\/06\/Landious-T.png?fit=500%2C500&ssl=1","width":500,"height":500,"caption":"Landious Travel"}]}},"jetpack_publicize_connections":[],"uagb_featured_image_src":{"full":["https:\/\/i0.wp.com\/landioustravel.com\/wp-content\/uploads\/2022\/12\/Dolphin-Show-Trip-Safaga-e1671818952746.jpg?fit=1200%2C675&ssl=1",1200,675,false],"thumbnail":["https:\/\/i0.wp.com\/landioustravel.com\/wp-content\/uploads\/2022\/12\/Dolphin-Show-Trip-Safaga-e1671818952746.jpg?resize=150%2C150&ssl=1",150,150,true],"medium":["https:\/\/i0.wp.com\/landioustravel.com\/wp-content\/uploads\/2022\/12\/Dolphin-Show-Trip-Safaga-e1671818952746.jpg?fit=300%2C169&ssl=1",300,169,true],"medium_large":["https:\/\/i0.wp.com\/landioustravel.com\/wp-content\/uploads\/2022\/12\/Dolphin-Show-Trip-Safaga-e1671818952746.jpg?fit=768%2C432&ssl=1",768,432,true],"large":["https:\/\/i0.wp.com\/landioustravel.com\/wp-content\/uploads\/2022\/12\/Dolphin-Show-Trip-Safaga-e1671818952746.jpg?fit=980%2C551&ssl=1",980,551,true],"1536x1536":["https:\/\/i0.wp.com\/landioustravel.com\/wp-content\/uploads\/2022\/12\/Dolphin-Show-Trip-Safaga-e1671818952746.jpg?fit=1536%2C864&ssl=1",1536,864,true],"2048x2048":["https:\/\/i0.wp.com\/landioustravel.com\/wp-content\/uploads\/2022\/12\/Dolphin-Show-Trip-Safaga-e1671818952746.jpg?fit=1200%2C675&ssl=1",1200,675,true],"newspack-article-block-landscape-large":["https:\/\/i0.wp.com\/landioustravel.com\/wp-content\/uploads\/2022\/12\/Dolphin-Show-Trip-Safaga-e1671818952746.jpg?resize=1200%2C675&ssl=1",1200,675,true],"newspack-article-block-portrait-large":["https:\/\/i0.wp.com\/landioustravel.com\/wp-content\/uploads\/2022\/12\/Dolphin-Show-Trip-Safaga-e1671818952746.jpg?resize=900%2C675&ssl=1",900,675,true],"newspack-article-block-square-large":["https:\/\/i0.wp.com\/landioustravel.com\/wp-content\/uploads\/2022\/12\/Dolphin-Show-Trip-Safaga-e1671818952746.jpg?resize=1200%2C675&ssl=1",1200,675,true],"newspack-article-block-landscape-medium":["https:\/\/i0.wp.com\/landioustravel.com\/wp-content\/uploads\/2022\/12\/Dolphin-Show-Trip-Safaga-e1671818952746.jpg?resize=800%2C600&ssl=1",800,600,true],"newspack-article-block-portrait-medium":["https:\/\/i0.wp.com\/landioustravel.com\/wp-content\/uploads\/2022\/12\/Dolphin-Show-Trip-Safaga-e1671818952746.jpg?resize=600%2C675&ssl=1",600,675,true],"newspack-article-block-square-medium":["https:\/\/i0.wp.com\/landioustravel.com\/wp-content\/uploads\/2022\/12\/Dolphin-Show-Trip-Safaga-e1671818952746.jpg?resize=800%2C675&ssl=1",800,675,true],"newspack-article-block-landscape-intermediate":["https:\/\/i0.wp.com\/landioustravel.com\/wp-content\/uploads\/2022\/12\/Dolphin-Show-Trip-Safaga-e1671818952746.jpg?resize=600%2C450&ssl=1",600,450,true],"newspack-article-block-portrait-intermediate":["https:\/\/i0.wp.com\/landioustravel.com\/wp-content\/uploads\/2022\/12\/Dolphin-Show-Trip-Safaga-e1671818952746.jpg?resize=450%2C600&ssl=1",450,600,true],"newspack-article-block-square-intermediate":["https:\/\/i0.wp.com\/landioustravel.com\/wp-content\/uploads\/2022\/12\/Dolphin-Show-Trip-Safaga-e1671818952746.jpg?resize=600%2C600&ssl=1",600,600,true],"newspack-article-block-landscape-small":["https:\/\/i0.wp.com\/landioustravel.com\/wp-content\/uploads\/2022\/12\/Dolphin-Show-Trip-Safaga-e1671818952746.jpg?resize=400%2C300&ssl=1",400,300,true],"newspack-article-block-portrait-small":["https:\/\/i0.wp.com\/landioustravel.com\/wp-content\/uploads\/2022\/12\/Dolphin-Show-Trip-Safaga-e1671818952746.jpg?resize=300%2C400&ssl=1",300,400,true],"newspack-article-block-square-small":["https:\/\/i0.wp.com\/landioustravel.com\/wp-content\/uploads\/2022\/12\/Dolphin-Show-Trip-Safaga-e1671818952746.jpg?resize=400%2C400&ssl=1",400,400,true],"newspack-article-block-landscape-tiny":["https:\/\/i0.wp.com\/landioustravel.com\/wp-content\/uploads\/2022\/12\/Dolphin-Show-Trip-Safaga-e1671818952746.jpg?resize=200%2C150&ssl=1",200,150,true],"newspack-article-block-portrait-tiny":["https:\/\/i0.wp.com\/landioustravel.com\/wp-content\/uploads\/2022\/12\/Dolphin-Show-Trip-Safaga-e1671818952746.jpg?resize=150%2C200&ssl=1",150,200,true],"newspack-article-block-square-tiny":["https:\/\/i0.wp.com\/landioustravel.com\/wp-content\/uploads\/2022\/12\/Dolphin-Show-Trip-Safaga-e1671818952746.jpg?resize=200%2C200&ssl=1",200,200,true],"newspack-article-block-uncropped":["https:\/\/i0.wp.com\/landioustravel.com\/wp-content\/uploads\/2022\/12\/Dolphin-Show-Trip-Safaga-e1671818952746.jpg?fit=1200%2C675&ssl=1",1200,675,true],"woocommerce_thumbnail":["https:\/\/i0.wp.com\/landioustravel.com\/wp-content\/uploads\/2022\/12\/Dolphin-Show-Trip-Safaga-e1671818952746.jpg?resize=324%2C324&ssl=1",324,324,true],"woocommerce_single":["https:\/\/i0.wp.com\/landioustravel.com\/wp-content\/uploads\/2022\/12\/Dolphin-Show-Trip-Safaga-e1671818952746.jpg?fit=416%2C234&ssl=1",416,234,true],"woocommerce_gallery_thumbnail":["https:\/\/i0.wp.com\/landioustravel.com\/wp-content\/uploads\/2022\/12\/Dolphin-Show-Trip-Safaga-e1671818952746.jpg?resize=100%2C100&ssl=1",100,100,true]},"uagb_author_info":{"display_name":"Mofreh Landious","author_link":"https:\/\/landioustravel.com\/it\/author\/"},"uagb_comment_info":0,"uagb_excerpt":"Sei pronto a vivere un'esperienza davvero impressionante? Unisciti all'escursione Dolphin Show da Safaga e lasciati stupire dalla straordinaria collezione di creature marine in mostra. Lasciati stupire dall'incredibile talento dei delfini del Mar Nero, delle otarie del nord, dei leoni marini sudamericani e dei trichechi del Pacifico. Questo \u00e8 uno spettacolo da non perdere!","jetpack_sharing_enabled":true,"jetpack_likes_enabled":true,"amp_enabled":true,"_links":{"self":[{"href":"https:\/\/landioustravel.com\/it\/wp-json\/wp\/v2\/product\/141868","targetHints":{"allow":["GET"]}}],"collection":[{"href":"https:\/\/landioustravel.com\/it\/wp-json\/wp\/v2\/product"}],"about":[{"href":"https:\/\/landioustravel.com\/it\/wp-json\/wp\/v2\/types\/product"}],"replies":[{"embeddable":true,"href":"https:\/\/landioustravel.com\/it\/wp-json\/wp\/v2\/comments?post=141868"}],"wp:featuredmedia":[{"embeddable":true,"href":"https:\/\/landioustravel.com\/it\/wp-json\/wp\/v2\/media\/141590"}],"wp:attachment":[{"href":"https:\/\/landioustravel.com\/it\/wp-json\/wp\/v2\/media?parent=141868"}],"wp:term":[{"taxonomy":"product_brand","embeddable":true,"href":"https:\/\/landioustravel.com\/it\/wp-json\/wp\/v2\/product_brand?post=141868"},{"taxonomy":"product_cat","embeddable":true,"href":"https:\/\/landioustravel.com\/it\/wp-json\/wp\/v2\/product_cat?post=141868"},{"taxonomy":"product_tag","embeddable":true,"href":"https:\/\/landioustravel.com\/it\/wp-json\/wp\/v2\/product_tag?post=141868"}],"curies":[{"name":"wp","href":"https:\/\/api.w.org\/{rel}","templated":true}]}}